{"id":1657,"date":"2024-12-23T07:00:44","date_gmt":"2024-12-23T07:00:44","guid":{"rendered":"https:\/\/fmp-components.com\/product\/premium-quality-customized-hydraulic-cylinder-for-dump-truck\/"},"modified":"2025-03-11T06:07:02","modified_gmt":"2025-03-11T06:07:02","slug":"premium-quality-customized-hydraulic-cylinder-for-dump-truck","status":"publish","type":"product","link":"https:\/\/fmp-components.com\/vi\/product\/premium-quality-customized-hydraulic-cylinder-for-dump-truck\/","title":{"rendered":"Xi lanh th\u1ee7y l\u1ef1c t\u00f9y ch\u1ec9nh ch\u1ea5t l\u01b0\u1ee3ng cao cho xe ben"},"content":{"rendered":"<h2>Gi\u1edbi thi\u1ec7u Xi lanh th\u1ee7y l\u1ef1c ch\u1ea5t l\u01b0\u1ee3ng cao \u0111\u01b0\u1ee3c thi\u1ebft k\u1ebf ri\u00eang cho xe t\u1ea3i ben.<\/h2>\n<p>N\u1ebfu b\u1ea1n \u0111ang t\u00ecm ki\u1ebfm m\u1ed9t xi lanh th\u1ee7y l\u1ef1c ch\u1ea5t l\u01b0\u1ee3ng cao v\u00e0 \u0111\u00e1ng tin c\u1eady cho xe t\u1ea3i ben c\u1ee7a m\u00ecnh, h\u00e3y l\u1ef1a ch\u1ecdn Xi lanh th\u1ee7y l\u1ef1c t\u00f9y ch\u1ec9nh ch\u1ea5t l\u01b0\u1ee3ng cao c\u1ea5p c\u1ee7a ch\u00fang t\u00f4i.<\/p>\n<p>Xi lanh th\u1ee7y l\u1ef1c c\u1ee7a ch\u00fang t\u00f4i \u0111\u01b0\u1ee3c thi\u1ebft k\u1ebf \u0111\u1eb7c bi\u1ec7t \u0111\u1ec3 ch\u1ecbu \u0111\u01b0\u1ee3c c\u00e1c \u0111i\u1ec1u ki\u1ec7n kh\u1eafc nghi\u1ec7t trong ho\u1ea1t \u0111\u1ed9ng c\u1ee7a xe ben. N\u00f3 \u0111\u01b0\u1ee3c l\u00e0m t\u1eeb v\u1eadt li\u1ec7u c\u00f3 \u0111\u1ed9 b\u1ec1n cao v\u00e0 \u0111\u01b0\u1ee3c ch\u1ebf t\u1ea1o \u0111\u1ec3 s\u1eed d\u1ee5ng l\u00e2u d\u00e0i, \u0111\u1ea3m b\u1ea3o \u0111\u1ed9 b\u1ec1n v\u00e0 tu\u1ed5i th\u1ecd t\u1ed1i \u0111a.<\/p>\n<p>Xi lanh c\u00f3 th\u1ec3 \u0111\u01b0\u1ee3c t\u00f9y ch\u1ec9nh ho\u00e0n to\u00e0n \u0111\u1ec3 \u0111\u00e1p \u1ee9ng nhu c\u1ea7u v\u00e0 y\u00eau c\u1ea7u c\u1ee5 th\u1ec3 c\u1ee7a b\u1ea1n. V\u1edbi nhi\u1ec1u k\u00edch th\u01b0\u1edbc \u0111\u01b0\u1eddng k\u00ednh trong v\u00e0 chi\u1ec1u d\u00e0i h\u00e0nh tr\u00ecnh kh\u00e1c nhau, b\u1ea1n c\u00f3 th\u1ec3 d\u1ec5 d\u00e0ng t\u00ecm \u0111\u01b0\u1ee3c xi lanh ph\u00f9 h\u1ee3p cho xe t\u1ea3i t\u1ef1 \u0111\u1ed5 c\u1ee7a m\u00ecnh.<\/p>\n<p>Ngo\u00e0i ra, xi lanh th\u1ee7y l\u1ef1c c\u1ee7a ch\u00fang t\u00f4i d\u1ec5 l\u1eafp \u0111\u1eb7t v\u00e0 b\u1ea3o tr\u00ec. N\u00f3 \u0111i k\u00e8m v\u1edbi nhi\u1ec1u t\u00f9y ch\u1ecdn l\u1eafp \u0111\u1eb7t v\u00e0 \u0111\u01b0\u1ee3c thi\u1ebft k\u1ebf \u0111\u1ec3 gi\u1ea3m thi\u1ec3u th\u1eddi gian ng\u1eebng ho\u1ea1t \u0111\u1ed9ng \u0111\u1ec3 b\u1ea3o tr\u00ec, gi\u00fap b\u1ea1n ti\u1ebft ki\u1ec7m th\u1eddi gian v\u00e0 ti\u1ec1n b\u1ea1c.<\/p>\n<p>T\u1ea1i c\u00f4ng ty ch\u00fang t\u00f4i, ch\u00fang t\u00f4i t\u1ef1 h\u00e0o cung c\u1ea5p c\u00e1c s\u1ea3n ph\u1ea9m ch\u1ea5t l\u01b0\u1ee3ng h\u00e0ng \u0111\u1ea7u v\u00e0 d\u1ecbch v\u1ee5 kh\u00e1ch h\u00e0ng xu\u1ea5t s\u1eafc. N\u1ebfu b\u1ea1n c\u00f3 b\u1ea5t k\u1ef3 c\u00e2u h\u1ecfi ho\u1eb7c th\u1eafc m\u1eafc n\u00e0o, \u0111\u1ed9i ng\u0169 chuy\u00ean gia c\u1ee7a ch\u00fang t\u00f4i lu\u00f4n s\u1eb5n s\u00e0ng h\u1ed7 tr\u1ee3 b\u1ea1n.<\/p>\n<p>H\u00e3y \u0111\u1ea7u t\u01b0 v\u00e0o Xi lanh th\u1ee7y l\u1ef1c t\u00f9y ch\u1ec9nh ch\u1ea5t l\u01b0\u1ee3ng cao c\u1ea5p cho xe t\u1ea3i ben c\u1ee7a b\u1ea1n ngay h\u00f4m nay v\u00e0 tr\u1ea3i nghi\u1ec7m s\u1ef1 kh\u00e1c bi\u1ec7t m\u00e0 thi\u1ebft b\u1ecb ch\u1ea5t l\u01b0\u1ee3ng cao, \u0111\u00e1ng tin c\u1eady mang l\u1ea1i. Gi\u1edbi thi\u1ec7u Xi lanh th\u1ee7y l\u1ef1c t\u00f9y ch\u1ec9nh ch\u1ea5t l\u01b0\u1ee3ng cao c\u1ea5p h\u00e0ng \u0111\u1ea7u c\u1ee7a ch\u00fang t\u00f4i d\u00e0nh cho xe t\u1ea3i ben.<\/p>\n<p>S\u1ea3n ph\u1ea9m ho\u00e0n to\u00e0n m\u1edbi n\u00e0y \u0111\u01b0\u1ee3c b\u1ea3o h\u00e0nh m\u1ed9t n\u0103m v\u00e0 c\u00f3 th\u1ec3 s\u1eed d\u1ee5ng trong nhi\u1ec1u ng\u00e0nh c\u00f4ng nghi\u1ec7p kh\u00e1c nhau, bao g\u1ed3m nh\u00e0 m\u00e1y s\u1ea3n xu\u1ea5t, x\u01b0\u1edfng s\u1eeda ch\u1eefa m\u00e1y m\u00f3c, n\u00f4ng tr\u1ea1i, n\u0103ng l\u01b0\u1ee3ng &amp; khai th\u00e1c m\u1ecf, v\u00e0 nhi\u1ec1u ng\u00e0nh kh\u00e1c n\u1eefa.<\/p>\n<p>V\u1edbi tr\u1ecdng l\u01b0\u1ee3ng 78 kg, xi lanh th\u1ee7y l\u1ef1c n\u00e0y l\u00e0 lo\u1ea1i xi lanh piston ti\u00eau chu\u1ea9n v\u1edbi th\u00e2n l\u00e0m t\u1eeb th\u00e9p ch\u1eafc ch\u1eafn. N\u00f3 c\u00f3 l\u1ef1c \u0111\u1ea9y t\u1ed1i \u0111a \u1ea5n t\u01b0\u1ee3ng l\u00ean \u0111\u1ebfn 3000 v\u00e0 l\u00e0 lo\u1ea1i xi lanh d\u1ea1ng \u1ed1ng l\u1ed3ng ng\u01b0\u1ee3c.<\/p>\n<p>V\u1edbi l\u1ef1c k\u00e9o t\u1ed1i \u0111a 20 t\u1ea5n, xi lanh th\u1ee7y l\u1ef1c n\u00e0y \u0111\u01b0\u1ee3c thi\u1ebft k\u1ebf \u0111\u1ec3 mang l\u1ea1i hi\u1ec7u su\u1ea5t cao trong c\u00e1c m\u00f4i tr\u01b0\u1eddng kh\u1eafc nghi\u1ec7t.<\/p>\n<h2>C\u00e1c t\u00ednh n\u0103ng ch\u00ednh c\u1ee7a xi lanh th\u1ee7y l\u1ef1c<\/h2>\n<ol>\n<li>\n<ol>\n<li><strong>X\u00e2y d\u1ef1ng ch\u1ea5t l\u01b0\u1ee3ng:<\/strong> C\u00e1c b\u1ed9 ph\u1eadn c\u1ed1t l\u00f5i c\u1ee7a xi lanh l\u00e0 \u1ed5 bi v\u00e0 xi lanh piston, \u0111\u01b0\u1ee3c thi\u1ebft k\u1ebf \u0111\u1ec3 ho\u1ea1t \u0111\u1ed9ng b\u1ec1n b\u1ec9.<\/li>\n<li><strong>Hi\u1ec7u su\u1ea5t cao:<\/strong> V\u1edbi l\u1ef1c \u0111\u1ea9y t\u1ed1i \u0111a 3000 v\u00e0 l\u1ef1c k\u00e9o t\u1ed1i \u0111a 20 t\u1ea5n, n\u00f3 \u0111\u1ea3m b\u1ea3o hi\u1ec7u su\u1ea5t v\u01b0\u1ee3t tr\u1ed9i.<\/li>\n<li><strong>Tu\u00e2n th\u1ee7 c\u00e1c ti\u00eau chu\u1ea9n:<\/strong> S\u1ea3n ph\u1ea9m \u0111\u1ea1t ch\u1ee9ng nh\u1eadn ISO9001:2000, \u0111\u1ea3m b\u1ea3o ch\u1ea5t l\u01b0\u1ee3ng v\u00e0 \u0111\u1ed9 tin c\u1eady.<\/li>\n<\/ol>\n<\/li>\n<\/ol>\n<p><img decoding=\"async\" src=\"https:\/\/hzpt.com\/wp-content\/uploads\/2023\/11\/Inverted-Telescopic-Cylinder-20.webp\" alt=\"H\u00ecnh \u1ea3nh xi lanh th\u1ee7y l\u1ef1c\" title=\"\"><\/p>\n<ol>\n<li><strong>C\u00f3 th\u1ec3 t\u00f9y ch\u1ec9nh:<\/strong> K\u00edch th\u01b0\u1edbc l\u1ed7 khoan, thanh truy\u1ec1n, h\u00e0nh tr\u00ecnh piston v\u00e0 ch\u1ed1t piston \u0111\u1ec1u c\u00f3 th\u1ec3 \u0111\u01b0\u1ee3c t\u00f9y ch\u1ec9nh \u0111\u1ec3 ph\u00f9 h\u1ee3p v\u1edbi c\u00e1c y\u00eau c\u1ea7u c\u1ee5 th\u1ec3.<\/li>\n<li><strong>Ph\u1ea1m vi \u1ee9ng d\u1ee5ng r\u1ed9ng r\u00e3i:<\/strong> N\u00f3 c\u00f3 th\u1ec3 \u0111\u01b0\u1ee3c s\u1eed d\u1ee5ng trong nhi\u1ec1u ng\u00e0nh c\u00f4ng nghi\u1ec7p kh\u00e1c nhau, bao g\u1ed3m s\u1ea3n xu\u1ea5t, s\u1eeda ch\u1eefa m\u00e1y m\u00f3c, n\u00f4ng nghi\u1ec7p, n\u0103ng l\u01b0\u1ee3ng v\u00e0 khai th\u00e1c m\u1ecf.<\/li>\n<\/ol>\n<h2>\u1ee8ng d\u1ee5ng c\u1ee7a xi lanh th\u1ee7y l\u1ef1c<\/h2>\n<ol>\n<li><strong>Nh\u00e0 m\u00e1y s\u1ea3n xu\u1ea5t:<\/strong> \u0110\u01b0\u1ee3c s\u1eed d\u1ee5ng trong nhi\u1ec1u lo\u1ea1i m\u00e1y m\u00f3c s\u1ea3n xu\u1ea5t h\u00e0ng h\u00f3a.<\/li>\n<li><strong>C\u1eeda h\u00e0ng s\u1eeda ch\u1eefa m\u00e1y m\u00f3c:<\/strong> C\u1ea7n thi\u1ebft cho vi\u1ec7c b\u1ea3o tr\u00ec v\u00e0 s\u1eeda ch\u1eefa m\u00e1y m\u00f3c h\u1ea1ng n\u1eb7ng.<\/li>\n<li><strong>Trang tr\u1ea1i:<\/strong> C\u1ea7n thi\u1ebft cho vi\u1ec7c v\u1eadn h\u00e0nh m\u00e1y m\u00f3c v\u00e0 thi\u1ebft b\u1ecb n\u00f4ng nghi\u1ec7p.<\/li>\n<li><strong>N\u0103ng l\u01b0\u1ee3ng v\u00e0 Khai kho\u00e1ng:<\/strong> C\u1ea7n thi\u1ebft cho c\u00e1c lo\u1ea1i m\u00e1y m\u00f3c h\u1ea1ng n\u1eb7ng \u0111\u01b0\u1ee3c s\u1eed d\u1ee5ng trong c\u00e1c ng\u00e0nh c\u00f4ng nghi\u1ec7p n\u00e0y.<\/li>\n<li><strong>S\u1ea3n xu\u1ea5t m\u00e1y m\u00f3c:<\/strong> L\u00e0 th\u00e0nh ph\u1ea7n kh\u00f4ng th\u1ec3 thi\u1ebfu trong qu\u00e1 tr\u00ecnh s\u1ea3n xu\u1ea5t nhi\u1ec1u lo\u1ea1i m\u00e1y m\u00f3c.<\/li>\n<\/ol>\n<p><img decoding=\"async\" src=\"https:\/\/hzpt.com\/wp-content\/uploads\/2023\/11\/Inverted-Telescopic-Cylinder-Applications.webp\" alt=\"\u1ee8ng d\u1ee5ng c\u1ee7a xi lanh th\u1ee7y l\u1ef1c\" title=\"\"><\/p>\n<h2>Nguy\u00ean l\u00fd ho\u1ea1t \u0111\u1ed9ng v\u00e0 b\u1ea3o d\u01b0\u1ee1ng xi lanh th\u1ee7y l\u1ef1c<\/h2>\n<ol>\n<li><strong>C\u1ea5u h\u00ecnh:<\/strong> Xi lanh th\u1ee7y l\u1ef1c l\u00e0 m\u1ed9t lo\u1ea1i xi lanh piston, c\u00f3 ngh\u0129a l\u00e0 n\u00f3 s\u1eed d\u1ee5ng l\u1ef1c c\u1ee7a ch\u1ea5t l\u1ecfng th\u1ee7y l\u1ef1c \u0111\u01b0\u1ee3c n\u00e9n \u0111\u1ec3 t\u1ea1o ra l\u1ef1c.<\/li>\n<li><strong>\u0110\u1ea7u v\u00e0o ch\u1ea5t l\u1ecfng th\u1ee7y l\u1ef1c:<\/strong> Ch\u1ea5t l\u1ecfng th\u1ee7y l\u1ef1c \u0111\u01b0\u1ee3c b\u01a1m v\u00e0o xi lanh, \u0111\u1ea9y p\u00edt t\u00f4ng chuy\u1ec3n \u0111\u1ed9ng v\u00e0 t\u1ea1o ra l\u1ef1c.<\/li>\n<li><strong>L\u1ef1c \u0111\u1ea7u ra:<\/strong> L\u1ef1c t\u1ea1o ra t\u1ef7 l\u1ec7 thu\u1eadn v\u1edbi \u00e1p su\u1ea5t c\u1ee7a ch\u1ea5t l\u1ecfng th\u1ee7y l\u1ef1c v\u00e0 di\u1ec7n t\u00edch c\u1ee7a piston.<\/li>\n<li><strong>Ki\u1ec3m tra th\u01b0\u1eddng xuy\u00ean:<\/strong> Vi\u1ec7c ki\u1ec3m tra \u0111\u1ecbnh k\u1ef3 xi lanh th\u1ee7y l\u1ef1c c\u00f3 th\u1ec3 ng\u0103n ng\u1eeba b\u1ea5t k\u1ef3 v\u1ea5n \u0111\u1ec1 ti\u1ec1m \u1ea9n n\u00e0o tr\u1edf n\u00ean nghi\u00eam tr\u1ecdng h\u01a1n.<\/li>\n<li><strong>Thay th\u1ebf ph\u1edbt:<\/strong> Theo th\u1eddi gian, c\u00e1c v\u00f2ng \u0111\u1ec7m trong xi lanh c\u00f3 th\u1ec3 b\u1ecb m\u00f2n v\u00e0 c\u1ea7n \u0111\u01b0\u1ee3c thay th\u1ebf \u0111\u1ec3 duy tr\u00ec hi\u1ec7u su\u1ea5t t\u1ed1i \u01b0u.<img decoding=\"async\" src=\"https:\/\/hzpt.com\/wp-content\/uploads\/2023\/11\/Inverted-Telescopic-Cylinder-9.webp\" alt=\"M\u00e1y m\u00f3c th\u1ee7y l\u1ef1c HZPT\" title=\"\"><\/li>\n<\/ol>\n<h2>H\u00ecnh tr\u1ee5 \u1ed1ng l\u1ed3ng ng\u01b0\u1ee3c<\/h2>\n<p>Xi lanh th\u1ee7y l\u1ef1c d\u1ea1ng \u1ed1ng l\u1ed3ng ng\u01b0\u1ee3c l\u00e0 lo\u1ea1i xi lanh th\u1ee7y l\u1ef1c cao c\u1ea5p \u0111\u01b0\u1ee3c thi\u1ebft k\u1ebf ri\u00eang cho xe t\u1ea3i t\u1ef1 \u0111\u1ed5. N\u00f3 \u0111\u01b0\u1ee3c s\u1eed d\u1ee5ng r\u1ed9ng r\u00e3i trong ng\u00e0nh x\u00e2y d\u1ef1ng v\u00e0 khai th\u00e1c m\u1ecf nh\u1edd hi\u1ec7u su\u1ea5t v\u00e0 \u0111\u1ed9 tin c\u1eady v\u01b0\u1ee3t tr\u1ed9i. Trong b\u00e0i vi\u1ebft n\u00e0y, ch\u00fang ta s\u1ebd t\u00ecm hi\u1ec3u c\u00e1c kh\u00eda c\u1ea1nh kh\u00e1c nhau c\u1ee7a xi lanh th\u1ee7y l\u1ef1c d\u1ea1ng \u1ed1ng l\u1ed3ng ng\u01b0\u1ee3c v\u00e0 \u0111i s\u00e2u v\u00e0o c\u00e1c t\u00ednh n\u0103ng v\u00e0 l\u1ee3i \u00edch \u0111\u1ed9c \u0111\u00e1o c\u1ee7a n\u00f3.<\/p>\n<h3>Thi\u1ebft k\u1ebf v\u00e0 X\u00e2y d\u1ef1ng<\/h3>\n<p>Xi lanh l\u1ed3ng ng\u01b0\u1ee3c \u0111\u01b0\u1ee3c ch\u1ebf t\u1ea1o v\u1edbi s\u1ef1 ch\u00fa tr\u1ecdng t\u1ec9 m\u1ec9 \u0111\u1ebfn t\u1eebng chi ti\u1ebft, k\u1ebft h\u1ee3p c\u00e1c c\u00f4ng ngh\u1ec7 v\u00e0 v\u1eadt li\u1ec7u ti\u00ean ti\u1ebfn \u0111\u1ec3 \u0111\u1ea3m b\u1ea3o hi\u1ec7u su\u1ea5t v\u01b0\u1ee3t tr\u1ed9i. Thi\u1ebft k\u1ebf c\u1ee7a n\u00f3 bao g\u1ed3m nhi\u1ec1u giai \u0111o\u1ea1n l\u1ed3ng v\u00e0o nhau, m\u1ed7i giai \u0111o\u1ea1n n\u1eb1m g\u1ecdn b\u00ean trong giai \u0111o\u1ea1n tr\u01b0\u1edbc \u0111\u00f3. C\u1ea5u tr\u00fac l\u1ed3ng n\u00e0y cho ph\u00e9p chi\u1ec1u d\u00e0i khi thu g\u1ecdn nh\u1ecf g\u1ecdn trong khi v\u1eabn cung c\u1ea5p chi\u1ec1u d\u00e0i h\u00e0nh tr\u00ecnh \u0111\u01b0\u1ee3c k\u00e9o d\u00e0i khi m\u1edf r\u1ed9ng ho\u00e0n to\u00e0n.<\/p>\n<p>Xi lanh \u0111\u01b0\u1ee3c ch\u1ebf t\u1ea1o b\u1eb1ng th\u00e9p c\u01b0\u1eddng \u0111\u1ed9 cao, mang l\u1ea1i \u0111\u1ed9 b\u1ec1n v\u00e0 tu\u1ed5i th\u1ecd v\u01b0\u1ee3t tr\u1ed9i ngay c\u1ea3 trong \u0111i\u1ec1u ki\u1ec7n ho\u1ea1t \u0111\u1ed9ng kh\u1eafc nghi\u1ec7t. Vi\u1ec7c gia c\u00f4ng ch\u00ednh x\u00e1c c\u00e1c b\u1ed9 ph\u1eadn c\u1ee7a xi lanh \u0111\u1ea3m b\u1ea3o dung sai ch\u1eb7t ch\u1ebd v\u00e0 ho\u1ea1t \u0111\u1ed9ng tr\u01a1n tru. Xi lanh c\u0169ng \u0111\u01b0\u1ee3c trang b\u1ecb c\u00e1c gio\u0103ng v\u00e0 v\u00f2ng \u0111\u1ec7m ch\u1ea5t l\u01b0\u1ee3ng cao \u0111\u1ec3 ng\u0103n ng\u1eeba r\u00f2 r\u1ec9 v\u00e0 nhi\u1ec5m b\u1ea9n, t\u1eeb \u0111\u00f3 n\u00e2ng cao \u0111\u1ed9 tin c\u1eady.<\/p>\n<h3>Nguy\u00ean l\u00fd ho\u1ea1t \u0111\u1ed9ng<\/h3>\n<p>Xi lanh l\u1ed3ng ng\u01b0\u1ee3c ho\u1ea1t \u0111\u1ed9ng d\u1ef1a tr\u00ean nguy\u00ean l\u00fd \u00e1p su\u1ea5t th\u1ee7y l\u1ef1c. Khi ch\u1ea5t l\u1ecfng c\u00f3 \u00e1p su\u1ea5t \u0111\u01b0\u1ee3c cung c\u1ea5p v\u00e0o xi lanh, n\u00f3 s\u1ebd t\u00e1c d\u1ee5ng l\u1ef1c l\u00ean p\u00edt t\u00f4ng, l\u00e0m cho p\u00edt t\u00f4ng gi\u00e3n ra. Khi p\u00edt t\u00f4ng gi\u00e3n ra, c\u00e1c t\u1ea7ng l\u1ed3ng nhau c\u1ee7a xi lanh c\u0169ng gi\u00e3n ra, d\u1eabn \u0111\u1ebfn s\u1ef1 t\u0103ng d\u1ea7n chi\u1ec1u d\u00e0i t\u1ed5ng th\u1ec3 c\u1ee7a xi lanh. S\u1ef1 gi\u00e3n n\u1edf n\u00e0y cho ph\u00e9p n\u00e2ng v\u00e0 nghi\u00eang th\u00f9ng xe t\u1ea3i t\u1ef1 \u0111\u1ed5, gi\u00fap vi\u1ec7c d\u1ee1 h\u00e0ng hi\u1ec7u qu\u1ea3 h\u01a1n.<\/p>\n<p>\u0110\u1ec3 thu h\u1ed3i xi lanh, d\u1ea7u th\u1ee7y l\u1ef1c \u0111\u01b0\u1ee3c x\u1ea3 ra, cho ph\u00e9p tr\u1ecdng l\u01b0\u1ee3ng c\u1ee7a th\u00f9ng xe t\u1ea3i \u0111\u1ea9y p\u00edt-t\u00f4ng tr\u1edf l\u1ea1i v\u00e0o xi lanh. Khi p\u00edt-t\u00f4ng thu h\u1ed3i, c\u00e1c t\u1ea7ng l\u1ed3ng nhau s\u1ebd s\u1ee5p xu\u1ed1ng b\u00ean trong nhau, l\u00e0m gi\u1ea3m chi\u1ec1u d\u00e0i t\u1ed5ng th\u1ec3 c\u1ee7a xi lanh. Qu\u00e1 tr\u00ecnh thu h\u1ed3i n\u00e0y cho ph\u00e9p h\u1ea1 th\u1ea5p v\u00e0 c\u00e2n b\u1eb1ng th\u00f9ng xe, chu\u1ea9n b\u1ecb cho chu k\u1ef3 ch\u1ea5t t\u1ea3i ti\u1ebfp theo.<\/p>\n<h3>\u01afu \u0111i\u1ec3m v\u00e0 \u1ee9ng d\u1ee5ng<\/h3>\n<p>Xi lanh th\u1ee7y l\u1ef1c d\u1ea1ng \u1ed1ng l\u1ed3ng ng\u01b0\u1ee3c mang l\u1ea1i nhi\u1ec1u \u01b0u \u0111i\u1ec3m so v\u1edbi xi lanh th\u1ee7y l\u1ef1c th\u00f4ng th\u01b0\u1eddng. Thi\u1ebft k\u1ebf nh\u1ecf g\u1ecdn v\u00e0 chi\u1ec1u d\u00e0i h\u00e0nh tr\u00ecnh k\u00e9o d\u00e0i khi\u1ebfn n\u00f3 tr\u1edf n\u00ean l\u00fd t\u01b0\u1edfng cho xe t\u1ea3i t\u1ef1 \u0111\u1ed5 c\u00f3 kh\u00f4ng gian l\u1eafp \u0111\u1eb7t h\u1ea1n ch\u1ebf. C\u00e1c t\u1ea7ng l\u1ed3ng nhau cung c\u1ea5p \u0111\u1ed9 \u1ed5n \u0111\u1ecbnh v\u00e0 kh\u1ea3 n\u0103ng ch\u1ed1ng ch\u1ecbu t\u1ea3i tr\u1ecdng ngang tuy\u1ec7t v\u1eddi, \u0111\u1ea3m b\u1ea3o ho\u1ea1t \u0111\u1ed9ng tr\u01a1n tru v\u00e0 ch\u00ednh x\u00e1c. Ngo\u00e0i ra, c\u00e1ch b\u1ed1 tr\u00ed ng\u01b0\u1ee3c c\u1ee7a xi lanh b\u1ea3o v\u1ec7 c\u00e1c b\u1ed9 ph\u1eadn b\u00ean trong kh\u1ecfi m\u1ea3nh v\u1ee5n v\u00e0 ch\u1ea5t g\u00e2y \u00f4 nhi\u1ec5m b\u00ean ngo\u00e0i, gi\u1ea3m thi\u1ec3u nguy c\u01a1 h\u01b0 h\u1ecfng v\u00e0 s\u1ef1 c\u1ed1 h\u1ec7 th\u1ed1ng.<\/p>\n<p>\u1ee8ng d\u1ee5ng ch\u00ednh c\u1ee7a xi lanh k\u00ednh thi\u00ean v\u0103n ng\u01b0\u1ee3c l\u00e0 trong xe t\u1ea3i t\u1ef1 \u0111\u1ed5 d\u00f9ng \u0111\u1ec3 v\u1eadn chuy\u1ec3n c\u00e1c v\u1eadt li\u1ec7u r\u1eddi nh\u01b0 s\u1ecfi, c\u00e1t v\u00e0 ph\u1ebf th\u1ea3i x\u00e2y d\u1ef1ng. Kh\u1ea3 n\u0103ng n\u00e2ng v\u00e0 nghi\u00eang th\u00f9ng xe gi\u00fap vi\u1ec7c d\u1ee1 h\u00e0ng hi\u1ec7u qu\u1ea3, n\u00e2ng cao n\u0103ng su\u1ea5t t\u1ea1i c\u00e1c c\u00f4ng tr\u01b0\u1eddng x\u00e2y d\u1ef1ng v\u00e0 ho\u1ea1t \u0111\u1ed9ng khai th\u00e1c m\u1ecf. H\u01a1n n\u1eefa, c\u1ea5u tr\u00fac ch\u1eafc ch\u1eafn c\u1ee7a xi lanh l\u00e0m cho n\u00f3 ph\u00f9 h\u1ee3p v\u1edbi c\u00e1c \u1ee9ng d\u1ee5ng t\u1ea3i n\u1eb7ng \u0111\u00f2i h\u1ecfi hi\u1ec7u su\u1ea5t \u0111\u00e1ng tin c\u1eady v\u00e0 l\u00e2u d\u00e0i.<\/p>\n<p>T\u00f3m l\u1ea1i, xi lanh th\u1ee7y l\u1ef1c d\u1ea1ng \u1ed1ng l\u1ed3ng ng\u01b0\u1ee3c l\u00e0 m\u1ed9t lo\u1ea1i xi lanh th\u1ee7y l\u1ef1c ch\u1ea5t l\u01b0\u1ee3ng cao \u0111\u01b0\u1ee3c thi\u1ebft k\u1ebf \u0111\u1eb7c bi\u1ec7t cho xe t\u1ea3i t\u1ef1 \u0111\u1ed5. Thi\u1ebft k\u1ebf v\u00e0 c\u1ea5u t\u1ea1o \u0111\u1ed9c \u0111\u00e1o, c\u00f9ng v\u1edbi hi\u1ec7u su\u1ea5t v\u00e0 \u0111\u1ed9 tin c\u1eady v\u01b0\u1ee3t tr\u1ed9i, khi\u1ebfn n\u00f3 tr\u1edf th\u00e0nh l\u1ef1a ch\u1ecdn l\u00fd t\u01b0\u1edfng cho nhi\u1ec1u \u1ee9ng d\u1ee5ng trong ng\u00e0nh x\u00e2y d\u1ef1ng v\u00e0 khai th\u00e1c m\u1ecf. \u0110\u1ea7u t\u01b0 v\u00e0o m\u1ed9t xi lanh th\u1ee7y l\u1ef1c t\u00f9y ch\u1ec9nh ch\u1ea5t l\u01b0\u1ee3ng cao nh\u01b0 xi lanh d\u1ea1ng \u1ed1ng l\u1ed3ng ng\u01b0\u1ee3c \u0111\u1ea3m b\u1ea3o hi\u1ec7u qu\u1ea3 t\u1ed1i \u01b0u, n\u0103ng su\u1ea5t v\u00e0 tu\u1ed5i th\u1ecd cao trong ho\u1ea1t \u0111\u1ed9ng c\u1ee7a xe t\u1ea3i t\u1ef1 \u0111\u1ed5.<\/p>\n<h3>Gi\u1edbi thi\u1ec7u v\u1ec1 xi lanh th\u1ee7y l\u1ef1c FMP<\/h3>\n<p>FMP l\u00e0 c\u00f4ng ty chuy\u00ean cung c\u1ea5p ph\u1ee5 t\u00f9ng m\u00e1y m\u00f3c x\u00e2y d\u1ef1ng ch\u1ea5t l\u01b0\u1ee3ng cao v\u00e0 m\u00e1y m\u00f3c ho\u00e0n ch\u1ec9nh. Ch\u00fang t\u00f4i t\u1ef1 h\u00e0o cung c\u1ea5p nhi\u1ec1u lo\u1ea1i s\u1ea3n ph\u1ea9m, bao g\u1ed3m c\u1ea3 xi lanh th\u1ee7y l\u1ef1c \u0111\u01b0\u1ee3c thi\u1ebft k\u1ebf \u0111\u1ec3 \u0111\u00e1p \u1ee9ng nhu c\u1ea7u c\u1ee7a kh\u00e1ch h\u00e0ng. V\u1edbi nhi\u1ec1u n\u0103m kinh nghi\u1ec7m trong ng\u00e0nh v\u00e0 \u0111\u1ed9i ng\u0169 chuy\u00ean nghi\u1ec7p, ch\u00fang t\u00f4i t\u1ef1 tin c\u00f3 th\u1ec3 cung c\u1ea5p cho b\u1ea1n nh\u1eefng s\u1ea3n ph\u1ea9m v\u00e0 d\u1ecbch v\u1ee5 t\u1ed1t nh\u1ea5t.<\/p>\n<p>Sau \u0111\u00e2y l\u00e0 m\u1ed9t s\u1ed1 l\u00fd do t\u1ea1i sao b\u1ea1n n\u00ean ch\u1ecdn Xi lanh th\u1ee7y l\u1ef1c FMP:<\/p>\n<ol>\n<li><strong>V\u1eadt li\u1ec7u ch\u1ea5t l\u01b0\u1ee3ng cao:<\/strong> Ch\u00fang t\u00f4i s\u1eed d\u1ee5ng v\u1eadt li\u1ec7u ch\u1ea5t l\u01b0\u1ee3ng cao \u0111\u1ec3 s\u1ea3n xu\u1ea5t c\u00e1c xi lanh th\u1ee7y l\u1ef1c, \u0111\u1ea3m b\u1ea3o ch\u00fang b\u1ec1n b\u1ec9 v\u00e0 c\u00f3 tu\u1ed5i th\u1ecd cao.<\/li>\n<li><strong>Gi\u1ea3i ph\u00e1p t\u00f9y ch\u1ec9nh:<\/strong> Ch\u00fang t\u00f4i cung c\u1ea5p c\u00e1c gi\u1ea3i ph\u00e1p t\u00f9y ch\u1ec9nh \u0111\u1ec3 \u0111\u00e1p \u1ee9ng nhu c\u1ea7u ri\u00eang bi\u1ec7t c\u1ee7a kh\u00e1ch h\u00e0ng. Xi lanh th\u1ee7y l\u1ef1c c\u1ee7a ch\u00fang t\u00f4i c\u00f3 nhi\u1ec1u k\u00edch c\u1ee1 v\u00e0 c\u1ea5u h\u00ecnh kh\u00e1c nhau.<\/li>\n<li><strong>T\u01b0 v\u1ea5n chuy\u00ean gia:<\/strong> \u0110\u1ed9i ng\u0169 b\u00e1n h\u00e0ng gi\u00e0u kinh nghi\u1ec7m c\u1ee7a ch\u00fang t\u00f4i lu\u00f4n s\u1eb5n s\u00e0ng cung c\u1ea5p cho b\u1ea1n nh\u1eefng t\u01b0 v\u1ea5n chuy\u00ean nghi\u1ec7p v\u00e0 nh\u1eefng g\u1ee3i \u00fd mua h\u00e0ng th\u00f4ng minh. Ch\u00fang t\u00f4i hi\u1ec3u r\u00f5 xu h\u01b0\u1edbng ph\u00e1t tri\u1ec3n v\u00e0 nhu c\u1ea7u c\u1ee7a kh\u00e1ch h\u00e0ng trong ng\u00e0nh m\u00e1y m\u00f3c x\u00e2y d\u1ef1ng, v\u00e0 c\u00f3 th\u1ec3 gi\u00fap b\u1ea1n \u0111\u01b0a ra nh\u1eefng quy\u1ebft \u0111\u1ecbnh s\u00e1ng su\u1ed1t.<\/li>\n<li><strong>H\u1eadu c\u1ea7n hi\u1ec7u qu\u1ea3:<\/strong> Ch\u00fang t\u00f4i c\u00f3 h\u1ec7 th\u1ed1ng ph\u00e2n ph\u1ed1i h\u1eadu c\u1ea7n hi\u1ec7u qu\u1ea3, \u0111\u1ea3m b\u1ea3o b\u1ea1n nh\u1eadn \u0111\u01b0\u1ee3c c\u00e1c b\u1ed9 ph\u1eadn c\u1ea7n thi\u1ebft m\u1ed9t c\u00e1ch k\u1ecbp th\u1eddi v\u00e0 ch\u00ednh x\u00e1c.<\/li>\n<li><strong>Nhi\u1ec1u lo\u1ea1i s\u1ea3n ph\u1ea9m:<\/strong> Ngo\u00e0i xi lanh th\u1ee7y l\u1ef1c, ch\u00fang t\u00f4i c\u00f2n cung c\u1ea5p nhi\u1ec1u lo\u1ea1i ph\u1ee5 t\u00f9ng m\u00e1y m\u00f3c x\u00e2y d\u1ef1ng nh\u01b0 h\u1ed9p s\u1ed1 m\u00e1y n\u00f4ng nghi\u1ec7p, h\u1ed9p s\u1ed1 h\u00e0nh tinh v\u00e0 h\u1ed9p s\u1ed1 c\u00f4ng nghi\u1ec7p, c\u0169ng nh\u01b0 c\u00e1c ph\u1ee5 ki\u1ec7n ch\u1ea5t l\u01b0\u1ee3ng cao \u0111i k\u00e8m.<\/li>\n<\/ol>\n<p>T\u1ea1i FMP, ch\u00fang t\u00f4i cam k\u1ebft cung c\u1ea5p cho kh\u00e1ch h\u00e0ng nh\u1eefng s\u1ea3n ph\u1ea9m v\u00e0 d\u1ecbch v\u1ee5 t\u1ed1t nh\u1ea5t. Xi lanh th\u1ee7y l\u1ef1c c\u1ee7a ch\u00fang t\u00f4i \u0111\u01b0\u1ee3c thi\u1ebft k\u1ebf \u0111\u1ec3 \u0111\u00e1p \u1ee9ng c\u00e1c ti\u00eau chu\u1ea9n ch\u1ea5t l\u01b0\u1ee3ng cao nh\u1ea5t, v\u00e0 ch\u00fang t\u00f4i t\u1ef1 h\u00e0o \u0111\u1ea3m b\u1ea3o r\u1eb1ng t\u1ea5t c\u1ea3 c\u00e1c b\u1ed9 ph\u1eadn do ch\u00fang t\u00f4i cung c\u1ea5p \u0111\u1ec1u \u0111\u00e1p \u1ee9ng c\u00e1c ti\u00eau chu\u1ea9n ch\u1ea5t l\u01b0\u1ee3ng nghi\u00eam ng\u1eb7t. Ch\u00fang t\u00f4i tin r\u1eb1ng chuy\u00ean m\u00f4n v\u00e0 s\u1ef1 t\u1eadn t\u00e2m v\u1edbi ch\u1ea5t l\u01b0\u1ee3ng c\u1ee7a ch\u00fang t\u00f4i bi\u1ebfn ch\u00fang t\u00f4i tr\u1edf th\u00e0nh \u0111\u1ed1i t\u00e1c l\u00fd t\u01b0\u1edfng cho nhu c\u1ea7u m\u00e1y m\u00f3c x\u00e2y d\u1ef1ng c\u1ee7a b\u1ea1n.<\/p>\n<p><img decoding=\"async\" src=\"https:\/\/fmp-components.com\/wp-content\/uploads\/2024\/12\/Adjustable-Clevis-Type-Cylinders-6.webp\" alt=\"Xi lanh lo\u1ea1i Clevis c\u00f3 th\u1ec3 \u0111i\u1ec1u ch\u1ec9nh\" width=\"830\" title=\"\"><br \/>\nT\u00e1c gi\u1ea3: CX<\/p>","protected":false},"excerpt":{"rendered":"<p>Introducing the Premium Quality Customized Hydraulic Cylinder for Dump Trucks If you&#8217;re looking for a reliable and high-quality hydraulic cylinder for your dump truck, look no further than our Premium Quality Customized Hydraulic Cylinder. Our hydraulic cylinder is specially designed to withstand the tough conditions of dump truck operations. It is made of high-strength materials [&hellip;]<\/p>","protected":false},"featured_media":1658,"comment_status":"closed","ping_status":"closed","template":"","meta":{"_et_pb_use_builder":"","_et_pb_old_content":"","_et_gb_content_width":""},"product_brand":[],"product_cat":[45],"product_tag":[34,48],"class_list":{"0":"post-1657","1":"product","2":"type-product","3":"status-publish","4":"has-post-thumbnail","6":"product_cat-inverted-telescopic-cylinder","7":"product_tag-hydraulic-cylinder","8":"product_tag-inverted-telescopic-cylinder","10":"first","11":"instock","12":"product-type-simple"},"_links":{"self":[{"href":"https:\/\/fmp-components.com\/vi\/wp-json\/wp\/v2\/product\/1657","targetHints":{"allow":["GET"]}}],"collection":[{"href":"https:\/\/fmp-components.com\/vi\/wp-json\/wp\/v2\/product"}],"about":[{"href":"https:\/\/fmp-components.com\/vi\/wp-json\/wp\/v2\/types\/product"}],"replies":[{"embeddable":true,"href":"https:\/\/fmp-components.com\/vi\/wp-json\/wp\/v2\/comments?post=1657"}],"wp:featuredmedia":[{"embeddable":true,"href":"https:\/\/fmp-components.com\/vi\/wp-json\/wp\/v2\/media\/1658"}],"wp:attachment":[{"href":"https:\/\/fmp-components.com\/vi\/wp-json\/wp\/v2\/media?parent=1657"}],"wp:term":[{"taxonomy":"product_brand","embeddable":true,"href":"https:\/\/fmp-components.com\/vi\/wp-json\/wp\/v2\/product_brand?post=1657"},{"taxonomy":"product_cat","embeddable":true,"href":"https:\/\/fmp-components.com\/vi\/wp-json\/wp\/v2\/product_cat?post=1657"},{"taxonomy":"product_tag","embeddable":true,"href":"https:\/\/fmp-components.com\/vi\/wp-json\/wp\/v2\/product_tag?post=1657"}],"curies":[{"name":"wp","href":"https:\/\/api.w.org\/{rel}","templated":true}]}}