{"id":1655,"date":"2024-12-23T07:00:44","date_gmt":"2024-12-23T07:00:44","guid":{"rendered":"https:\/\/fmp-components.com\/product\/hot-sale-telescopic-double-acting-truck-hydraulic-cylinder\/"},"modified":"2025-03-11T06:11:18","modified_gmt":"2025-03-11T06:11:18","slug":"hot-sale-telescopic-double-acting-truck-hydraulic-cylinder","status":"publish","type":"product","link":"https:\/\/fmp-components.com\/vi\/product\/hot-sale-telescopic-double-acting-truck-hydraulic-cylinder\/","title":{"rendered":"Xi lanh th\u1ee7y l\u1ef1c xe t\u1ea3i t\u00e1c \u0111\u1ed9ng k\u00e9p d\u1ea1ng \u1ed1ng l\u1ed3ng b\u00e1n ch\u1ea1y"},"content":{"rendered":"<h2>Gi\u1edbi thi\u1ec7u v\u1ec1 Xi lanh th\u1ee7y l\u1ef1c xe t\u1ea3i t\u00e1c \u0111\u1ed9ng k\u00e9p d\u1ea1ng \u1ed1ng l\u1ed3ng b\u00e1n ch\u1ea1y:<\/h2>\n<p>Xi lanh th\u1ee7y l\u1ef1c xe t\u1ea3i t\u00e1c \u0111\u1ed9ng k\u00e9p d\u1ea1ng \u1ed1ng l\u1ed3ng b\u00e1n ch\u1ea1y l\u00e0 s\u1ea3n ph\u1ea9m ch\u1ea5t l\u01b0\u1ee3ng cao v\u00e0 \u0111a n\u0103ng \u0111\u01b0\u1ee3c thi\u1ebft k\u1ebf d\u00e0nh ri\u00eang cho xe t\u1ea3i. V\u1edbi thi\u1ebft k\u1ebf d\u1ea1ng \u1ed1ng l\u1ed3ng v\u00e0 ch\u1ee9c n\u0103ng t\u00e1c \u0111\u1ed9ng k\u00e9p, xi lanh th\u1ee7y l\u1ef1c n\u00e0y mang l\u1ea1i hi\u1ec7u su\u1ea5t v\u00e0 \u0111\u1ed9 tin c\u1eady v\u01b0\u1ee3t tr\u1ed9i.<\/p>\n<p>M\u1ed9t trong nh\u1eefng \u0111\u1eb7c \u0111i\u1ec3m n\u1ed5i b\u1eadt c\u1ee7a xi lanh th\u1ee7y l\u1ef1c n\u00e0y l\u00e0 thi\u1ebft k\u1ebf d\u1ea1ng \u1ed1ng l\u1ed3ng, cho ph\u00e9p d\u1ec5 d\u00e0ng k\u00e9o d\u00e0i v\u00e0 thu g\u1ecdn. \u0110i\u1ec1u n\u00e0y l\u00fd t\u01b0\u1edfng cho nhi\u1ec1u \u1ee9ng d\u1ee5ng kh\u00e1c nhau trong ng\u00e0nh v\u1eadn t\u1ea3i \u0111\u01b0\u1eddng b\u1ed9, bao g\u1ed3m xe ben, xe k\u00e9o v\u00e0 c\u00e1c lo\u1ea1i xe h\u1ea1ng n\u1eb7ng kh\u00e1c. Cho d\u00f9 b\u1ea1n c\u1ea7n n\u00e2ng, \u0111\u1ea9y hay k\u00e9o v\u1eadt n\u1eb7ng, xi lanh th\u1ee7y l\u1ef1c n\u00e0y \u0111\u1ec1u \u0111\u00e1p \u1ee9ng \u0111\u01b0\u1ee3c.<\/p>\n<p>Ch\u1ee9c n\u0103ng t\u00e1c \u0111\u1ed9ng k\u00e9p c\u1ee7a xi lanh th\u1ee7y l\u1ef1c n\u00e0y \u0111\u1ea3m b\u1ea3o ho\u1ea1t \u0111\u1ed9ng hi\u1ec7u qu\u1ea3 v\u00e0 t\u0103ng n\u0103ng su\u1ea5t. N\u00f3 cho ph\u00e9p xi lanh t\u00e1c \u0111\u1ed9ng l\u1ef1c theo c\u1ea3 hai h\u01b0\u1edbng, mang l\u1ea1i kh\u1ea3 n\u0103ng \u0111i\u1ec1u khi\u1ec3n ch\u00ednh x\u00e1c v\u00e0 chuy\u1ec3n \u0111\u1ed9ng m\u01b0\u1ee3t m\u00e0. \u0110i\u1ec1u n\u00e0y l\u00e0m cho n\u00f3 ho\u00e0n h\u1ea3o cho c\u00e1c \u1ee9ng d\u1ee5ng \u0111\u00f2i h\u1ecfi \u0111\u1ecbnh v\u1ecb ch\u00ednh x\u00e1c v\u00e0 x\u1eed l\u00fd t\u1ea3i tr\u1ecdng n\u1eb7ng.<\/p>\n<p>B\u00ean c\u1ea1nh hi\u1ec7u su\u1ea5t v\u01b0\u1ee3t tr\u1ed9i, Xi lanh th\u1ee7y l\u1ef1c xe t\u1ea3i t\u00e1c \u0111\u1ed9ng k\u00e9p d\u1ea1ng \u1ed1ng l\u1ed3ng Hot Sale c\u00f2n \u0111\u01b0\u1ee3c ch\u1ebf t\u1ea1o \u0111\u1ec3 b\u1ec1n b\u1ec9. S\u1ea3n ph\u1ea9m \u0111\u01b0\u1ee3c ch\u1ebf t\u1ea1o t\u1eeb v\u1eadt li\u1ec7u b\u1ec1n b\u1ec9 v\u00e0 tr\u1ea3i qua qu\u00e1 tr\u00ecnh ki\u1ec3m tra nghi\u00eam ng\u1eb7t \u0111\u1ec3 \u0111\u1ea3m b\u1ea3o \u0111\u1ed9 b\u1ec1n v\u00e0 \u0111\u1ed9 tin c\u1eady l\u00e2u d\u00e0i. \u0110i\u1ec1u n\u00e0y c\u00f3 ngh\u0129a l\u00e0 b\u1ea1n c\u00f3 th\u1ec3 tin t\u01b0\u1edfng v\u00e0o kh\u1ea3 n\u0103ng ho\u1ea1t \u0111\u1ed9ng \u1ed5n \u0111\u1ecbnh c\u1ee7a xi lanh th\u1ee7y l\u1ef1c n\u00e0y ngay c\u1ea3 trong nh\u1eefng \u0111i\u1ec1u ki\u1ec7n kh\u1eafc nghi\u1ec7t nh\u1ea5t.<\/p>\n<p>H\u01a1n n\u1eefa, xi lanh th\u1ee7y l\u1ef1c n\u00e0y \u0111\u01b0\u1ee3c thi\u1ebft k\u1ebf \u0111\u1ec3 d\u1ec5 d\u00e0ng l\u1eafp \u0111\u1eb7t v\u00e0 b\u1ea3o tr\u00ec. S\u1ea3n ph\u1ea9m c\u00f3 thi\u1ebft k\u1ebf th\u00e2n thi\u1ec7n v\u1edbi ng\u01b0\u1eddi d\u00f9ng v\u00e0 h\u01b0\u1edbng d\u1eabn s\u1eed d\u1ee5ng chi ti\u1ebft, gi\u00fap qu\u00e1 tr\u00ecnh l\u1eafp \u0111\u1eb7t di\u1ec5n ra nhanh ch\u00f3ng v\u00e0 d\u1ec5 d\u00e0ng. H\u01a1n n\u1eefa, vi\u1ec7c b\u1ea3o tr\u00ec \u0111\u1ecbnh k\u1ef3 c\u0169ng r\u1ea5t \u0111\u01a1n gi\u1ea3n, cho ph\u00e9p b\u1ea1n duy tr\u00ec xi lanh \u1edf tr\u1ea1ng th\u00e1i ho\u1ea1t \u0111\u1ed9ng t\u1ed1i \u01b0u v\u1edbi \u00edt c\u00f4ng s\u1ee9c nh\u1ea5t.<\/p>\n<table style=\"width: 100%;\" border=\"1\" width=\"100%\" cellspacing=\"0\" cellpadding=\"0\">\n<tbody>\n<tr>\n<th>T\u00ean s\u1ea3n ph\u1ea9m<\/th>\n<td>Xi lanh th\u1ee7y l\u1ef1c xe t\u1ea3i t\u00e1c \u0111\u1ed9ng k\u00e9p d\u1ea1ng \u1ed1ng l\u1ed3ng b\u00e1n ch\u1ea1y<\/td>\n<\/tr>\n<tr>\n<th>T\u00ecnh tr\u1ea1ng<\/th>\n<td>M\u1edbi<\/td>\n<\/tr>\n<tr>\n<th>C\u00e2n n\u1eb7ng (KG)<\/th>\n<td>45<\/td>\n<\/tr>\n<tr>\n<th>Thi\u1ebft k\u1ebf<\/th>\n<td>T\u00e1c \u0111\u1ed9ng k\u00e9p d\u1ea1ng \u1ed1ng l\u1ed3ng<\/td>\n<\/tr>\n<tr>\n<th>Ch\u1ee9c n\u0103ng<\/th>\n<td>Hi\u1ec7u su\u1ea5t v\u00e0 \u0111\u1ed9 tin c\u1eady v\u01b0\u1ee3t tr\u1ed9i<\/td>\n<\/tr>\n<tr>\n<th>V\u1eadt li\u1ec7u<\/th>\n<td>Th\u00e9p<\/td>\n<\/tr>\n<tr>\n<th>C\u00e0i \u0111\u1eb7t<\/th>\n<td>C\u00e0i \u0111\u1eb7t d\u1ec5 d\u00e0ng<\/td>\n<\/tr>\n<tr>\n<th>C\u00e1c ng\u00e0nh c\u00f4ng nghi\u1ec7p \u00e1p d\u1ee5ng<\/th>\n<td>Nh\u00e0 m\u00e1y s\u1ea3n xu\u1ea5t, X\u01b0\u1edfng s\u1eeda ch\u1eefa m\u00e1y m\u00f3c, Trang tr\u1ea1i, N\u0103ng l\u01b0\u1ee3ng &amp; Khai th\u00e1c, Nh\u00e0 m\u00e1y m\u00e1y m\u00f3c<\/td>\n<\/tr>\n<\/tbody>\n<\/table>\n<h2>\u0110\u1eb7c \u0111i\u1ec3m c\u1ee7a xi lanh th\u1ee7y l\u1ef1c xe t\u1ea3i t\u00e1c \u0111\u1ed9ng k\u00e9p d\u1ea1ng \u1ed1ng l\u1ed3ng<\/h2>\n<p>Xi lanh th\u1ee7y l\u1ef1c t\u00e1c \u0111\u1ed9ng k\u00e9p c\u1ee7a ch\u00fang t\u00f4i t\u1ef1 h\u00e0o c\u00f3 nhi\u1ec1u t\u00ednh n\u0103ng \u1ea5n t\u01b0\u1ee3ng:<\/p>\n<ul>\n<li style=\"list-style-type: none;\">\n<ul>\n<li>T\u00ecnh tr\u1ea1ng: H\u00e0ng m\u1edbi, b\u1ea3o h\u00e0nh 1 n\u0103m.<\/li>\n<li>C\u00e1c th\u00e0nh ph\u1ea7n c\u1ed1t l\u00f5i: V\u00f2ng bi, Xi lanh p\u00edt t\u00f4ng.<\/li>\n<li>C\u1ea5u tr\u00fac ti\u00eau chu\u1ea9n: Xi lanh piston \u0111\u01b0\u1ee3c d\u1eabn \u0111\u1ed9ng b\u1eb1ng l\u1ef1c th\u1ee7y l\u1ef1c.<\/li>\n<\/ul>\n<\/li>\n<\/ul>\n<p><img decoding=\"async\" src=\"https:\/\/hzpt.com\/wp-content\/uploads\/2023\/11\/Inverted-Telescopic-Cylinder-5.webp\" alt=\"\" title=\"\"><\/p>\n<ul>\n<li>L\u1ef1c \u0111\u1ea9y t\u1ed1i \u0111a: 3000.<\/li>\n<li>Lo\u1ea1i: H\u00ecnh tr\u1ee5 \u1ed1ng l\u1ed3ng ng\u01b0\u1ee3c.<\/li>\n<\/ul>\n<h2>\u1ee8ng d\u1ee5ng c\u1ee7a xi lanh th\u1ee7y l\u1ef1c xe t\u1ea3i t\u00e1c \u0111\u1ed9ng k\u00e9p d\u1ea1ng \u1ed1ng l\u1ed3ng<\/h2>\n<p>T\u00ednh linh ho\u1ea1t c\u1ee7a xi lanh th\u1ee7y l\u1ef1c xe t\u1ea3i t\u00e1c \u0111\u1ed9ng k\u00e9p d\u1ea1ng \u1ed1ng l\u1ed3ng c\u1ee7a ch\u00fang t\u00f4i cho ph\u00e9p \u1ee9ng d\u1ee5ng trong nhi\u1ec1u l\u0129nh v\u1ef1c:<\/p>\n<ul>\n<li>Nh\u00e0 m\u00e1y s\u1ea3n xu\u1ea5t: L\u00fd t\u01b0\u1edfng cho ho\u1ea1t \u0111\u1ed9ng c\u1ee7a m\u00e1y m\u00f3c h\u1ea1ng n\u1eb7ng.<\/li>\n<li>X\u01b0\u1edfng s\u1eeda ch\u1eefa m\u00e1y m\u00f3c: Cung c\u1ea5p hi\u1ec7u su\u1ea5t \u0111\u00e1ng tin c\u1eady cho c\u00e1c nhi\u1ec7m v\u1ee5 s\u1eeda ch\u1eefa v\u00e0 b\u1ea3o tr\u00ec.<\/li>\n<li>Trang tr\u1ea1i: Ph\u00f9 h\u1ee3p v\u1edbi nhi\u1ec1u lo\u1ea1i m\u00e1y m\u00f3c v\u00e0 thi\u1ebft b\u1ecb n\u00f4ng nghi\u1ec7p.<\/li>\n<li>N\u0103ng l\u01b0\u1ee3ng &amp; Khai th\u00e1c: Ho\u00e0n h\u1ea3o cho c\u00e1c ho\u1ea1t \u0111\u1ed9ng khai th\u00e1c \u0111\u00f2i h\u1ecfi kh\u1eaft khe.<\/li>\n<li>Nh\u00e0 m\u00e1y c\u01a1 kh\u00ed: \u0110\u01b0\u1ee3c thi\u1ebft k\u1ebf \u0111\u1ec3 v\u1eadn h\u00e0nh hi\u1ec7u qu\u1ea3 trong s\u1ea3n xu\u1ea5t m\u00e1y m\u00f3c.<\/li>\n<\/ul>\n<p><img decoding=\"async\" src=\"https:\/\/hzpt.com\/wp-content\/uploads\/2023\/11\/Inverted-Telescopic-Cylinder-Applications.webp\" alt=\"\u1ee8ng d\u1ee5ng c\u1ee7a xi lanh \u1ed1ng l\u1ed3ng ng\u01b0\u1ee3c\" title=\"\"><\/p>\n<h2>Nguy\u00ean l\u00fd ho\u1ea1t \u0111\u1ed9ng v\u00e0 b\u1ea3o d\u01b0\u1ee1ng c\u1ee7a xi lanh th\u1ee7y l\u1ef1c xe t\u1ea3i t\u00e1c \u0111\u1ed9ng k\u00e9p d\u1ea1ng \u1ed1ng l\u1ed3ng<\/h2>\n<p>Xi lanh th\u1ee7y l\u1ef1c ho\u1ea1t \u0111\u1ed9ng b\u1eb1ng c\u00e1ch chuy\u1ec3n \u0111\u1ed5i n\u0103ng l\u01b0\u1ee3ng th\u1ee7y l\u1ef1c th\u00e0nh l\u1ef1c c\u01a1 h\u1ecdc tuy\u1ebfn t\u00ednh. C\u1ea5u h\u00ecnh xi lanh, l\u01b0\u1ee3ng th\u1ee7y l\u1ef1c \u0111\u1ea7u v\u00e0o v\u00e0 l\u1ef1c \u0111\u1ea7u ra \u0111\u1ec1u g\u00f3p ph\u1ea7n v\u00e0o hi\u1ec7u qu\u1ea3 ho\u1ea1t \u0111\u1ed9ng c\u1ee7a n\u00f3. V\u1ec1 m\u1eb7t b\u1ea3o tr\u00ec, vi\u1ec7c ki\u1ec3m tra, v\u1ec7 sinh v\u00e0 b\u00f4i tr\u01a1n th\u01b0\u1eddng xuy\u00ean l\u00e0 r\u1ea5t c\u1ea7n thi\u1ebft. Vi\u1ec7c ki\u1ec3m tra v\u00e0 s\u1eeda ch\u1eefa th\u01b0\u1eddng xuy\u00ean, thay th\u1ebf ph\u1edbt khi c\u1ea7n thi\u1ebft v\u00e0 lu\u00f4n tu\u00e2n th\u1ee7 h\u01b0\u1edbng d\u1eabn s\u1eed d\u1ee5ng \u0111\u1ec3 \u0111\u1ea1t \u0111\u01b0\u1ee3c k\u1ebft qu\u1ea3 t\u1ed1t nh\u1ea5t c\u0169ng r\u1ea5t quan tr\u1ecdng.<\/p>\n<p><img decoding=\"async\" src=\"https:\/\/hzpt.com\/wp-content\/uploads\/2023\/11\/Inverted-Telescopic-Cylinder-22.webp\" alt=\"\" title=\"\"><\/p>\n<h2>H\u00ecnh tr\u1ee5 \u1ed1ng l\u1ed3ng ng\u01b0\u1ee3c<\/h2>\n<p>Xi lanh \u1ed1ng l\u1ed3ng ng\u01b0\u1ee3c, c\u00f2n \u0111\u01b0\u1ee3c g\u1ecdi l\u00e0 xi lanh \u1ed1ng l\u1ed3ng t\u00e1c \u0111\u1ed9ng \u0111\u01a1n, l\u00e0 m\u1ed9t lo\u1ea1i xi lanh th\u1ee7y l\u1ef1c th\u01b0\u1eddng \u0111\u01b0\u1ee3c s\u1eed d\u1ee5ng trong nhi\u1ec1u \u1ee9ng d\u1ee5ng c\u00f4ng nghi\u1ec7p. N\u00f3 \u0111\u01b0\u1ee3c thi\u1ebft k\u1ebf \u0111\u1ec3 cung c\u1ea5p m\u1ed9t ph\u01b0\u01a1ng ph\u00e1p m\u1ea1nh m\u1ebd v\u00e0 \u0111\u00e1ng tin c\u1eady \u0111\u1ec3 k\u00e9o d\u00e0i v\u00e0 thu l\u1ea1i thanh piston.<\/p>\n<h3>Nguy\u00ean l\u00fd ho\u1ea1t \u0111\u1ed9ng c\u1ee7a xi lanh \u1ed1ng l\u1ed3ng ng\u01b0\u1ee3c<\/h3>\n<p>Xy lanh \u1ed1ng l\u1ed3ng ng\u01b0\u1ee3c ho\u1ea1t \u0111\u1ed9ng b\u1eb1ng c\u00e1ch s\u1eed d\u1ee5ng ch\u1ea5t l\u1ecfng th\u1ee7y l\u1ef1c \u0111\u1ec3 t\u1ea1o \u00e1p su\u1ea5t bu\u1ed9c piston di chuy\u1ec3n. \u00c1p su\u1ea5t n\u00e0y \u0111\u01b0\u1ee3c t\u1ea1o ra b\u1edfi m\u1ed9t b\u01a1m b\u00ean trong ho\u1eb7c b\u00ean ngo\u00e0i, t\u00f9y thu\u1ed9c v\u00e0o \u1ee9ng d\u1ee5ng c\u1ee5 th\u1ec3. Khi piston di chuy\u1ec3n, n\u00f3 \u0111\u1ea9y ch\u1ea5t l\u1ecfng th\u1ee7y l\u1ef1c qua xi lanh v\u00e0 v\u00e0o h\u1ec7 th\u1ed1ng th\u1ee7y l\u1ef1c, sau \u0111\u00f3 t\u1ea1o ra l\u1ef1c c\u1ea7n thi\u1ebft \u0111\u1ec3 di chuy\u1ec3n t\u1ea3i.<\/p>\n<h3>C\u1ea5u tr\u00fac c\u1ee7a xi lanh \u1ed1ng l\u1ed3ng ng\u01b0\u1ee3c<\/h3>\n<p>Xy lanh \u1ed1ng l\u1ed3ng ng\u01b0\u1ee3c bao g\u1ed3m piston, c\u1ea7n piston, th\u00e2n xy lanh v\u00e0 n\u1eafp ch\u1ee5p. Piston n\u1eb1m b\u00ean trong th\u00e2n xy lanh v\u00e0 \u0111\u01b0\u1ee3c g\u1eafn v\u00e0o c\u1ea7n piston. N\u1eafp ch\u1ee5p n\u1eb1m \u1edf m\u1ed9t \u0111\u1ea7u c\u1ee7a th\u00e2n xy lanh v\u00e0 \u0111\u00f3ng vai tr\u00f2 l\u00e0 \u0111i\u1ec3m l\u1eafp xy lanh. Ch\u1ea5t l\u1ecfng th\u1ee7y l\u1ef1c \u0111\u01b0\u1ee3c l\u01b0u tr\u1eef b\u00ean trong th\u00e2n xy lanh, v\u00e0 chuy\u1ec3n \u0111\u1ed9ng c\u1ee7a n\u00f3 \u0111\u01b0\u1ee3c \u0111i\u1ec1u khi\u1ec3n b\u1edfi piston v\u00e0 c\u1ea7n piston.<\/p>\n<h3>\u0110\u1eb7c \u0111i\u1ec3m c\u1ee7a xi lanh \u1ed1ng l\u1ed3ng ng\u01b0\u1ee3c<\/h3>\n<ul>\n<li>Thi\u1ebft k\u1ebf nh\u1ecf g\u1ecdn<\/li>\n<li>Hi\u1ec7u qu\u1ea3 cao<\/li>\n<li>D\u1ec5 d\u00e0ng b\u1ea3o tr\u00ec<\/li>\n<li>Tu\u1ed5i th\u1ecd d\u00e0i<\/li>\n<\/ul>\n<h3>\u1ee8ng d\u1ee5ng c\u1ee7a xi lanh \u1ed1ng l\u1ed3ng ng\u01b0\u1ee3c<\/h3>\n<p>Xi lanh th\u1ee7y l\u1ef1c \u1ed1ng l\u1ed3ng ng\u01b0\u1ee3c th\u01b0\u1eddng \u0111\u01b0\u1ee3c s\u1eed d\u1ee5ng trong nhi\u1ec1u \u1ee9ng d\u1ee5ng c\u00f4ng nghi\u1ec7p nh\u01b0 m\u00e1y m\u00f3c x\u00e2y d\u1ef1ng, m\u00e1y m\u00f3c n\u00f4ng nghi\u1ec7p v\u00e0 thi\u1ebft b\u1ecb khai th\u00e1c m\u1ecf. N\u00f3 c\u0169ng \u0111\u01b0\u1ee3c s\u1eed d\u1ee5ng trong ng\u00e0nh c\u00f4ng nghi\u1ec7p \u00f4 t\u00f4 \u0111\u1ec3 s\u1ea3n xu\u1ea5t xe t\u1ea3i, xe k\u00e9o v\u00e0 c\u00e1c lo\u1ea1i xe kh\u00e1c. Xi lanh th\u1ee7y l\u1ef1c \u1ed1ng l\u1ed3ng t\u00e1c \u0111\u1ed9ng k\u00e9p b\u00e1n ch\u1ea1y nh\u1ea5t l\u00e0 m\u1ed9t v\u00ed d\u1ee5 v\u1ec1 xi lanh \u1ed1ng l\u1ed3ng ng\u01b0\u1ee3c th\u01b0\u1eddng \u0111\u01b0\u1ee3c s\u1eed d\u1ee5ng trong s\u1ea3n xu\u1ea5t xe t\u1ea3i h\u1ea1ng n\u1eb7ng.<\/p>\n<h3>B\u1ea3o tr\u00ec xi lanh \u1ed1ng l\u1ed3ng ng\u01b0\u1ee3c<\/h3>\n<p>Vi\u1ec7c b\u1ea3o d\u01b0\u1ee1ng xi lanh th\u1ee7y l\u1ef1c d\u1ea1ng \u1ed1ng l\u1ed3ng ng\u01b0\u1ee3c l\u00e0 r\u1ea5t quan tr\u1ecdng \u0111\u1ec3 \u0111\u1ea3m b\u1ea3o tu\u1ed5i th\u1ecd l\u00e2u d\u00e0i c\u1ee7a n\u00f3. Vi\u1ec7c b\u1ea3o d\u01b0\u1ee1ng \u0111\u1ecbnh k\u1ef3 bao g\u1ed3m ki\u1ec3m tra m\u1ee9c d\u1ea7u th\u1ee7y l\u1ef1c, ki\u1ec3m tra r\u00f2 r\u1ec9 xi lanh v\u00e0 thay th\u1ebf c\u00e1c b\u1ed9 ph\u1eadn b\u1ecb m\u00f2n ho\u1eb7c h\u01b0 h\u1ecfng. \u0110i\u1ec1u quan tr\u1ecdng l\u00e0 ph\u1ea3i tu\u00e2n th\u1ee7 l\u1ecbch b\u1ea3o d\u01b0\u1ee1ng do nh\u00e0 s\u1ea3n xu\u1ea5t khuy\u1ebfn ngh\u1ecb \u0111\u1ec3 \u0111\u1ea3m b\u1ea3o xi lanh ho\u1ea1t \u0111\u1ed9ng \u1edf hi\u1ec7u su\u1ea5t cao nh\u1ea5t.<\/p>\n<p>Xi lanh th\u1ee7y l\u1ef1c \u1ed1ng l\u1ed3ng ng\u01b0\u1ee3c l\u00e0 m\u1ed9t lo\u1ea1i xi lanh th\u1ee7y l\u1ef1c \u0111a n\u0103ng v\u00e0 \u0111\u00e1ng tin c\u1eady, th\u01b0\u1eddng \u0111\u01b0\u1ee3c s\u1eed d\u1ee5ng trong nhi\u1ec1u \u1ee9ng d\u1ee5ng c\u00f4ng nghi\u1ec7p. Thi\u1ebft k\u1ebf nh\u1ecf g\u1ecdn, hi\u1ec7u su\u1ea5t cao v\u00e0 d\u1ec5 b\u1ea3o tr\u00ec khi\u1ebfn n\u00f3 tr\u1edf th\u00e0nh l\u1ef1a ch\u1ecdn l\u00fd t\u01b0\u1edfng cho nhi\u1ec1u ng\u00e0nh c\u00f4ng nghi\u1ec7p. Vi\u1ec7c s\u1eed d\u1ee5ng Xi lanh th\u1ee7y l\u1ef1c \u1ed1ng l\u1ed3ng k\u00e9p b\u00e1n ch\u1ea1y trong s\u1ea3n xu\u1ea5t xe t\u1ea3i h\u1ea1ng n\u1eb7ng l\u00e0 minh ch\u1ee9ng cho hi\u1ec7u qu\u1ea3 v\u00e0 \u0111\u1ed9 tin c\u1eady c\u1ee7a xi lanh \u1ed1ng l\u1ed3ng ng\u01b0\u1ee3c.<\/p>\n<h3>Gi\u1edbi thi\u1ec7u v\u1ec1 xi lanh th\u1ee7y l\u1ef1c FMP<\/h3>\n<p>FMP l\u00e0 c\u00f4ng ty cung c\u1ea5p cho kh\u00e1ch h\u00e0ng c\u00e1c lo\u1ea1i xi lanh th\u1ee7y l\u1ef1c ch\u1ea5t l\u01b0\u1ee3ng cao, \u0111\u00e1ng tin c\u1eady v\u00e0 c\u00e1c gi\u1ea3i ph\u00e1p m\u00e1y m\u00f3c to\u00e0n di\u1ec7n. Xi lanh th\u1ee7y l\u1ef1c c\u1ee7a ch\u00fang t\u00f4i \u0111\u01b0\u1ee3c s\u1eed d\u1ee5ng r\u1ed9ng r\u00e3i trong nhi\u1ec1u lo\u1ea1i m\u00e1y m\u00f3c x\u00e2y d\u1ef1ng, bao g\u1ed3m h\u1ed9p s\u1ed1 m\u00e1y n\u00f4ng nghi\u1ec7p, h\u1ed9p s\u1ed1 h\u00e0nh tinh, h\u1ed9p s\u1ed1 c\u00f4ng nghi\u1ec7p v\u00e0 ph\u1ee5 t\u00f9ng m\u00e1y n\u00f4ng nghi\u1ec7p. D\u01b0\u1edbi \u0111\u00e2y l\u00e0 5 l\u00fd do t\u1ea1i sao b\u1ea1n n\u00ean ch\u1ecdn FMP:<\/p>\n<p>1. Ti\u00eau chu\u1ea9n ch\u1ea5t l\u01b0\u1ee3ng cao: T\u1ea1i FMP, ch\u00fang t\u00f4i thi\u1ebft l\u1eadp m\u1ed1i quan h\u1ec7 h\u1ee3p t\u00e1c l\u00e2u d\u00e0i v\u00e0 \u1ed5n \u0111\u1ecbnh v\u1edbi nhi\u1ec1u nh\u00e0 cung c\u1ea5p ch\u1ea5t l\u01b0\u1ee3ng cao trong v\u00e0 ngo\u00e0i n\u01b0\u1edbc, \u0111\u1ea3m b\u1ea3o t\u1ea5t c\u1ea3 xi lanh th\u1ee7y l\u1ef1c cung c\u1ea5p \u0111\u1ec1u \u0111\u00e1p \u1ee9ng c\u00e1c ti\u00eau chu\u1ea9n ch\u1ea5t l\u01b0\u1ee3ng nghi\u00eam ng\u1eb7t. Xi lanh th\u1ee7y l\u1ef1c c\u1ee7a ch\u00fang t\u00f4i b\u1ec1n b\u1ec9, hi\u1ec7u qu\u1ea3 v\u00e0 c\u00f3 tu\u1ed5i th\u1ecd cao, gi\u00fap kh\u00e1ch h\u00e0ng ti\u1ebft ki\u1ec7m chi ph\u00ed b\u1ea3o tr\u00ec v\u00e0 s\u1eeda ch\u1eefa.<\/p>\n<p>2. \u0110\u1ed9i ng\u0169 chuy\u00ean nghi\u1ec7p: FMP s\u1edf h\u1eefu \u0111\u1ed9i ng\u0169 b\u00e1n h\u00e0ng gi\u00e0u kinh nghi\u1ec7m v\u00e0 k\u1ef9 n\u0103ng, am hi\u1ec3u xu h\u01b0\u1edbng ph\u00e1t tri\u1ec3n v\u00e0 nhu c\u1ea7u c\u1ee7a kh\u00e1ch h\u00e0ng trong ng\u00e0nh m\u00e1y m\u00f3c x\u00e2y d\u1ef1ng. H\u1ecd c\u00f3 th\u1ec3 t\u01b0 v\u1ea5n s\u1ea3n ph\u1ea9m chuy\u00ean nghi\u1ec7p v\u00e0 \u0111\u01b0a ra nh\u1eefng g\u1ee3i \u00fd mua h\u00e0ng th\u00f4ng minh, gi\u00fap kh\u00e1ch h\u00e0ng l\u1ef1a ch\u1ecdn xi lanh th\u1ee7y l\u1ef1c ph\u00f9 h\u1ee3p nh\u1ea5t v\u1edbi m\u00e1y m\u00f3c c\u1ee7a m\u00ecnh.<\/p>\n<p>3. Ph\u1ea1m vi s\u1ea3n ph\u1ea9m r\u1ed9ng: Ph\u1ea1m vi s\u1ea3n ph\u1ea9m c\u1ee7a FMP r\u1ea5t \u0111a d\u1ea1ng, bao g\u1ed3m nhi\u1ec1u lo\u1ea1i xi lanh th\u1ee7y l\u1ef1c kh\u00e1c nhau nh\u01b0 xi lanh ki\u1ec3u ch\u1ed1t \u0111i\u1ec1u ch\u1ec9nh, xi lanh \u1ed1ng l\u1ed3ng v\u00e0 xi lanh th\u1ee7y l\u1ef1c h\u00e0n. Ch\u00fang t\u00f4i c\u0169ng cung c\u1ea5p m\u1ed9t lo\u1ea1t c\u00e1c ph\u1ee5 ki\u1ec7n cao c\u1ea5p ph\u00f9 h\u1ee3p v\u1edbi ch\u00fang, ch\u1eb3ng h\u1ea1n nh\u01b0 b\u01a1m th\u1ee7y l\u1ef1c, van v\u00e0 b\u1ed9 l\u1ecdc, \u0111\u1ec3 \u0111\u00e1p \u1ee9ng c\u00e1c nhu c\u1ea7u kh\u00e1c nhau c\u1ee7a kh\u00e1ch h\u00e0ng.<\/p>\n<p>4. Ph\u00e2n ph\u1ed1i h\u1eadu c\u1ea7n hi\u1ec7u qu\u1ea3: FMP s\u1edf h\u1eefu h\u1ec7 th\u1ed1ng ph\u00e2n ph\u1ed1i h\u1eadu c\u1ea7n hi\u1ec7u qu\u1ea3, \u0111\u1ea3m b\u1ea3o kh\u00e1ch h\u00e0ng nh\u1eadn \u0111\u01b0\u1ee3c xi lanh th\u1ee7y l\u1ef1c c\u1ea7n thi\u1ebft m\u1ed9t c\u00e1ch k\u1ecbp th\u1eddi v\u00e0 ch\u00ednh x\u00e1c. Ch\u00fang t\u00f4i cung c\u1ea5p d\u1ecbch v\u1ee5 v\u1eadn chuy\u1ec3n nhanh ch\u00f3ng v\u00e0 \u0111\u00e1ng tin c\u1eady, gi\u00fap ti\u1ebft ki\u1ec7m th\u1eddi gian v\u00e0 tr\u00e1nh t\u1ed5n th\u1ea5t do ch\u1eadm tr\u1ec5.<\/p>\n<p>5. D\u1ecbch v\u1ee5 h\u1eadu m\u00e3i chuy\u00ean nghi\u1ec7p: FMP cam k\u1ebft cung c\u1ea5p cho kh\u00e1ch h\u00e0ng d\u1ecbch v\u1ee5 h\u1eadu m\u00e3i chuy\u00ean nghi\u1ec7p. N\u1ebfu kh\u00e1ch h\u00e0ng c\u00f3 b\u1ea5t k\u1ef3 th\u1eafc m\u1eafc ho\u1eb7c v\u1ea5n \u0111\u1ec1 n\u00e0o trong qu\u00e1 tr\u00ecnh s\u1eed d\u1ee5ng xi lanh th\u1ee7y l\u1ef1c c\u1ee7a ch\u00fang t\u00f4i, \u0111\u1ed9i ng\u0169 h\u1eadu m\u00e3i c\u1ee7a ch\u00fang t\u00f4i s\u1ebd cung c\u1ea5p gi\u1ea3i ph\u00e1p k\u1ecbp th\u1eddi v\u00e0 hi\u1ec7u qu\u1ea3 \u0111\u1ec3 \u0111\u1ea3m b\u1ea3o m\u00e1y m\u00f3c c\u1ee7a kh\u00e1ch h\u00e0ng ho\u1ea1t \u0111\u1ed9ng tr\u01a1n tru.<\/p>\n<p><img decoding=\"async\" src=\"https:\/\/fmp-components.com\/wp-content\/uploads\/2024\/12\/Adjustable-Clevis-Type-Cylinders-6.webp\" alt=\"Xi lanh lo\u1ea1i Clevis c\u00f3 th\u1ec3 \u0111i\u1ec1u ch\u1ec9nh\" width=\"829\" title=\"\"><\/p>\n<p>Ch\u1ecdn FMP, ch\u1ecdn xi lanh th\u1ee7y l\u1ef1c ch\u1ea5t l\u01b0\u1ee3ng cao v\u00e0 \u0111\u00e1ng tin c\u1eady cho m\u00e1y m\u00f3c x\u00e2y d\u1ef1ng c\u1ee7a b\u1ea1n.<br \/>\nT\u00e1c gi\u1ea3: CX<\/p>","protected":false},"excerpt":{"rendered":"<p>Introducing the Hot Sale Telescopic Double Acting Truck Hydraulic Cylinder: The Hot Sale Telescopic Double Acting Truck Hydraulic Cylinder is a high-quality and versatile product designed specifically for trucks. With its telescopic design and double-acting functionality, this hydraulic cylinder offers exceptional performance and reliability. One of the key features of this hydraulic cylinder is its [&hellip;]<\/p>","protected":false},"featured_media":1656,"comment_status":"closed","ping_status":"closed","template":"","meta":{"_et_pb_use_builder":"","_et_pb_old_content":"","_et_gb_content_width":""},"product_brand":[],"product_cat":[45],"product_tag":[34,48],"class_list":{"0":"post-1655","1":"product","2":"type-product","3":"status-publish","4":"has-post-thumbnail","6":"product_cat-inverted-telescopic-cylinder","7":"product_tag-hydraulic-cylinder","8":"product_tag-inverted-telescopic-cylinder","10":"first","11":"instock","12":"product-type-simple"},"_links":{"self":[{"href":"https:\/\/fmp-components.com\/vi\/wp-json\/wp\/v2\/product\/1655","targetHints":{"allow":["GET"]}}],"collection":[{"href":"https:\/\/fmp-components.com\/vi\/wp-json\/wp\/v2\/product"}],"about":[{"href":"https:\/\/fmp-components.com\/vi\/wp-json\/wp\/v2\/types\/product"}],"replies":[{"embeddable":true,"href":"https:\/\/fmp-components.com\/vi\/wp-json\/wp\/v2\/comments?post=1655"}],"wp:featuredmedia":[{"embeddable":true,"href":"https:\/\/fmp-components.com\/vi\/wp-json\/wp\/v2\/media\/1656"}],"wp:attachment":[{"href":"https:\/\/fmp-components.com\/vi\/wp-json\/wp\/v2\/media?parent=1655"}],"wp:term":[{"taxonomy":"product_brand","embeddable":true,"href":"https:\/\/fmp-components.com\/vi\/wp-json\/wp\/v2\/product_brand?post=1655"},{"taxonomy":"product_cat","embeddable":true,"href":"https:\/\/fmp-components.com\/vi\/wp-json\/wp\/v2\/product_cat?post=1655"},{"taxonomy":"product_tag","embeddable":true,"href":"https:\/\/fmp-components.com\/vi\/wp-json\/wp\/v2\/product_tag?post=1655"}],"curies":[{"name":"wp","href":"https:\/\/api.w.org\/{rel}","templated":true}]}}