{"id":1653,"date":"2024-12-23T07:00:44","date_gmt":"2024-12-23T07:00:44","guid":{"rendered":"https:\/\/fmp-components.com\/product\/factory-direct-supply-4-stage-hydraulic-telescopic-ram-cylinder-for-trailer\/"},"modified":"2025-03-11T06:11:06","modified_gmt":"2025-03-11T06:11:06","slug":"factory-direct-supply-4-stage-hydraulic-telescopic-ram-cylinder-for-trailer","status":"publish","type":"product","link":"https:\/\/fmp-components.com\/vi\/product\/factory-direct-supply-4-stage-hydraulic-telescopic-ram-cylinder-for-trailer\/","title":{"rendered":"Nh\u00e0 m\u00e1y cung c\u1ea5p tr\u1ef1c ti\u1ebfp xi lanh th\u1ee7y l\u1ef1c 4 t\u1ea7ng d\u1ea1ng \u1ed1ng l\u1ed3ng cho r\u01a1 mo\u00f3c"},"content":{"rendered":"<p>Factory Direct Supply cung c\u1ea5p Xi lanh th\u1ee7y l\u1ef1c 4 c\u1ea5p d\u1ea1ng \u1ed1ng l\u1ed3ng cho r\u01a1 mo\u00f3c h\u00e0ng \u0111\u1ea7u, l\u00e0 gi\u1ea3i ph\u00e1p \u0111\u00e1ng tin c\u1eady v\u00e0 b\u1ec1n b\u1ec9 cho c\u00e1c \u1ee9ng d\u1ee5ng h\u1ea1ng n\u1eb7ng. Xi lanh n\u00e0y \u0111\u01b0\u1ee3c thi\u1ebft k\u1ebf \u0111\u1ec3 v\u1eadn h\u00e0nh tr\u01a1n tru v\u00e0 hi\u1ec7u qu\u1ea3, mang l\u1ea1i hi\u1ec7u su\u1ea5t \u1ed5n \u0111\u1ecbnh ngay c\u1ea3 d\u01b0\u1edbi \u00e1p su\u1ea5t cao.<\/p>\n<p>\u0110\u01b0\u1ee3c ch\u1ebf t\u1ea1o t\u1eeb v\u1eadt li\u1ec7u ch\u1ea5t l\u01b0\u1ee3ng cao, Xi lanh th\u1ee7y l\u1ef1c 4 c\u1ea5p d\u1ea1ng \u1ed1ng l\u1ed3ng cho r\u01a1 mo\u00f3c \u0111\u01b0\u1ee3c thi\u1ebft k\u1ebf \u0111\u1ec3 ch\u1ecbu \u0111\u01b0\u1ee3c \u0111i\u1ec1u ki\u1ec7n kh\u1eafc nghi\u1ec7t v\u00e0 c\u01b0\u1eddng \u0111\u1ed9 s\u1eed d\u1ee5ng cao. Xi lanh c\u00f3 thi\u1ebft k\u1ebf ch\u00ednh x\u00e1c, \u0111\u1ea3m b\u1ea3o \u0111\u1ed9 b\u1ec1n v\u00e0 \u0111\u1ed9 \u1ed5n \u0111\u1ecbnh t\u1ed1i \u0111a, l\u00fd t\u01b0\u1edfng \u0111\u1ec3 s\u1eed d\u1ee5ng trong m\u00f4i tr\u01b0\u1eddng c\u00f4ng nghi\u1ec7p kh\u1eafc nghi\u1ec7t.<\/p>\n<table style=\"width: 100%;\" border=\"1\" width=\"100%\" cellspacing=\"0\" cellpadding=\"0\">\n<tbody>\n<tr>\n<th>T\u00ean s\u1ea3n ph\u1ea9m<\/th>\n<td>Xi lanh th\u1ee7y l\u1ef1c 4 t\u1ea7ng d\u1ea1ng \u1ed1ng l\u1ed3ng cho r\u01a1 mo\u00f3c<\/td>\n<\/tr>\n<tr>\n<th>T\u00ecnh tr\u1ea1ng<\/th>\n<td>M\u1edbi<\/td>\n<\/tr>\n<tr>\n<th>B\u1ea3o h\u00e0nh<\/th>\n<td>1 n\u0103m<\/td>\n<\/tr>\n<tr>\n<th>C\u00e2n n\u1eb7ng (KG)<\/th>\n<td>45<\/td>\n<\/tr>\n<tr>\n<th>L\u1ef1c \u0111\u1ea9y t\u1ed1i \u0111a<\/th>\n<td>3000<\/td>\n<\/tr>\n<tr>\n<th>L\u1ef1c k\u00e9o t\u1ed1i \u0111a<\/th>\n<td>20 t\u1ea5n<\/td>\n<\/tr>\n<tr>\n<th>V\u1eadt li\u1ec7u th\u00e2n m\u00e1y<\/th>\n<td>Th\u00e9p<\/td>\n<\/tr>\n<tr>\n<th>Ngu\u1ed3n \u0111i\u1ec7n<\/th>\n<td>Th\u1ee7y l\u1ef1c<\/td>\n<\/tr>\n<tr>\n<th>Thi\u1ebft k\u1ebf<\/th>\n<td>C\u1ea5u tr\u00fac xi lanh piston ti\u00eau chu\u1ea9n 4 giai \u0111o\u1ea1n<\/td>\n<\/tr>\n<tr>\n<th>C\u00e1c th\u00e0nh ph\u1ea7n c\u1ed1t l\u00f5i<\/th>\n<td>V\u00f2ng bi, xi lanh pitt\u00f4ng<\/td>\n<\/tr>\n<tr>\n<th>Ch\u1ee9ng nh\u1eadn<\/th>\n<td>ISO9001:2000<\/td>\n<\/tr>\n<tr>\n<th>M\u00e0u s\u1eafc<\/th>\n<td>\u0110en<\/td>\n<\/tr>\n<tr>\n<th>C\u00e1c ng\u00e0nh c\u00f4ng nghi\u1ec7p \u00e1p d\u1ee5ng<\/th>\n<td>X\u00e2y d\u1ef1ng, N\u00f4ng nghi\u1ec7p, Nh\u00e0 m\u00e1y s\u1ea3n xu\u1ea5t, X\u01b0\u1edfng s\u1eeda ch\u1eefa m\u00e1y m\u00f3c, Trang tr\u1ea1i, N\u0103ng l\u01b0\u1ee3ng &amp; Khai th\u00e1c, S\u1ea3n xu\u1ea5t m\u00e1y m\u00f3c, Nh\u00e0 m\u00e1y m\u00e1y m\u00f3c<\/td>\n<\/tr>\n<tr>\n<th>Hi\u1ec7u su\u1ea5t<\/th>\n<td>Hi\u1ec7u su\u1ea5t \u0111\u00e1ng tin c\u1eady v\u00e0 \u0111\u1ed9 b\u1ec1n l\u00e2u d\u00e0i<\/td>\n<\/tr>\n<\/tbody>\n<\/table>\n<h2>C\u00e1c t\u00ednh n\u0103ng c\u1ee7a Xi lanh th\u1ee7y l\u1ef1c d\u1ea1ng \u1ed1ng l\u1ed3ng<\/h2>\n<p><img decoding=\"async\" src=\"https:\/\/hzpt.com\/wp-content\/uploads\/2023\/11\/Inverted-Telescopic-Cylinder-1.webp\" alt=\"\" title=\"\"><\/p>\n<p>1. <b>T\u00ednh n\u0103ng ti\u00eau chu\u1ea9n:<\/b> Xi lanh th\u1ee7y l\u1ef1c c\u00f3 c\u00e1c t\u00ednh n\u0103ng ti\u00eau chu\u1ea9n nh\u01b0 c\u1ea5u tr\u00fac xi lanh piston, l\u1ef1c th\u1ee7y l\u1ef1c v\u00e0 v\u1eadt li\u1ec7u th\u00e2n l\u00e0m b\u1eb1ng th\u00e9p.<\/p>\n<p>2. <b>L\u1ef1c \u0111\u1ea9y t\u1ed1i \u0111a:<\/b> Xi lanh th\u1ee7y l\u1ef1c c\u00f3 l\u1ef1c \u0111\u1ea9y t\u1ed1i \u0111a l\u00e0 3000.<\/p>\n<p>3. <b>L\u1ef1c k\u00e9o t\u1ed1i \u0111a:<\/b> Xi lanh th\u1ee7y l\u1ef1c c\u00f3 kh\u1ea3 n\u0103ng k\u00e9o t\u1ed1i \u0111a 20 t\u1ea5n.<\/p>\n<p>4. <b>Ch\u1ee9ng nh\u1eadn:<\/b> S\u1ea3n ph\u1ea9m \u0111\u01b0\u1ee3c ch\u1ee9ng nh\u1eadn ISO9001:2000, \u0111\u1ea3m b\u1ea3o ch\u1ea5t l\u01b0\u1ee3ng v\u00e0 an to\u00e0n.<\/p>\n<p>5. <b>M\u00e0u s\u1eafc:<\/b> S\u1ea3n ph\u1ea9m c\u00f3 m\u00e0u \u0111en b\u00f3ng b\u1ea9y v\u00e0 chuy\u00ean nghi\u1ec7p.<\/p>\n<h2>\u1ee8ng d\u1ee5ng c\u1ee7a Xi lanh th\u1ee7y l\u1ef1c d\u1ea1ng \u1ed1ng l\u1ed3ng<\/h2>\n<p>1. <b>Nh\u00e0 m\u00e1y s\u1ea3n xu\u1ea5t:<\/b> Xi lanh th\u1ee7y l\u1ef1c th\u00edch h\u1ee3p s\u1eed d\u1ee5ng trong c\u00e1c nh\u00e0 m\u00e1y s\u1ea3n xu\u1ea5t.<\/p>\n<p>2. <b>C\u1eeda h\u00e0ng s\u1eeda ch\u1eefa m\u00e1y m\u00f3c:<\/b> N\u00f3 c\u0169ng c\u00f3 th\u1ec3 \u0111\u01b0\u1ee3c s\u1eed d\u1ee5ng trong c\u00e1c x\u01b0\u1edfng s\u1eeda ch\u1eefa m\u00e1y m\u00f3c.<\/p>\n<p>3. <b>Trang tr\u1ea1i:<\/b> Xi lanh th\u1ee7y l\u1ef1c \u0111\u01b0\u1ee3c \u1ee9ng d\u1ee5ng trong c\u00e1c trang tr\u1ea1i.<\/p>\n<p>4. <b>N\u0103ng l\u01b0\u1ee3ng v\u00e0 Khai th\u00e1c:<\/b> N\u00f3 c\u00f3 th\u1ec3 \u0111\u01b0\u1ee3c s\u1eed d\u1ee5ng trong ho\u1ea1t \u0111\u1ed9ng n\u0103ng l\u01b0\u1ee3ng v\u00e0 khai th\u00e1c m\u1ecf.<\/p>\n<p>5. <b>S\u1ea3n xu\u1ea5t m\u00e1y m\u00f3c:<\/b> Xi lanh th\u1ee7y l\u1ef1c c\u0169ng th\u00edch h\u1ee3p cho vi\u1ec7c s\u1ea3n xu\u1ea5t m\u00e1y m\u00f3c.<\/p>\n<p><img decoding=\"async\" src=\"https:\/\/hzpt.com\/wp-content\/uploads\/2023\/11\/Inverted-Telescopic-Cylinder-Applications.webp\" alt=\"\" title=\"\"><\/p>\n<h2>Nguy\u00ean l\u00fd ho\u1ea1t \u0111\u1ed9ng v\u00e0 b\u1ea3o d\u01b0\u1ee1ng xi lanh th\u1ee7y l\u1ef1c d\u1ea1ng \u1ed1ng l\u1ed3ng<\/h2>\n<h3>Nguy\u00ean l\u00fd ho\u1ea1t \u0111\u1ed9ng<\/h3>\n<p>1. <b>C\u1ea5u h\u00ecnh:<\/b> Xi lanh th\u1ee7y l\u1ef1c \u0111\u01b0\u1ee3c c\u1ea5u t\u1ea1o theo c\u1ea5u tr\u00fac xi lanh piston.<\/p>\n<p>2. <b>\u0110\u1ea7u v\u00e0o ch\u1ea5t l\u1ecfng th\u1ee7y l\u1ef1c:<\/b> Ngu\u1ed3n n\u0103ng l\u01b0\u1ee3ng th\u1ee7y l\u1ef1c \u0111i\u1ec1u khi\u1ec3n ho\u1ea1t \u0111\u1ed9ng c\u1ee7a xi lanh.<\/p>\n<p>3. <b>L\u1ef1c \u0111\u1ea7u ra:<\/b> Xi lanh th\u1ee7y l\u1ef1c c\u00f3 l\u1ef1c \u0111\u1ea9y v\u00e0 l\u1ef1c k\u00e9o t\u1ed1i \u0111a l\u1ea7n l\u01b0\u1ee3t l\u00e0 3000 v\u00e0 20 t\u1ea5n.<\/p>\n<h3>Ph\u01b0\u01a1ng ph\u00e1p b\u1ea3o tr\u00ec<\/h3>\n<p>1. <b>Ki\u1ec3m tra th\u01b0\u1eddng xuy\u00ean:<\/b> C\u1ea7n ki\u1ec3m tra th\u01b0\u1eddng xuy\u00ean \u0111\u1ec3 \u0111\u1ea3m b\u1ea3o xi lanh ho\u1ea1t \u0111\u1ed9ng hi\u1ec7u qu\u1ea3.<\/p>\n<p>2. <b>V\u1ec7 sinh:<\/b> Xi lanh th\u1ee7y l\u1ef1c c\u1ea7n \u0111\u01b0\u1ee3c v\u1ec7 sinh th\u01b0\u1eddng xuy\u00ean \u0111\u1ec3 tr\u00e1nh t\u00edch t\u1ee5 b\u1ee5i b\u1ea9n v\u00e0 c\u1eb7n b\u1ea9n.<\/p>\n<p>3. <b>B\u00f4i tr\u01a1n:<\/b> Vi\u1ec7c b\u00f4i tr\u01a1n th\u01b0\u1eddng xuy\u00ean \u0111\u1ea3m b\u1ea3o xi lanh ho\u1ea1t \u0111\u1ed9ng tr\u01a1n tru.<\/p>\n<p>4. <b>Ki\u1ec3m tra v\u00e0 s\u1eeda ch\u1eefa th\u01b0\u1eddng xuy\u00ean:<\/b> Ki\u1ec3m tra v\u00e0 s\u1eeda ch\u1eefa th\u01b0\u1eddng xuy\u00ean khi c\u1ea7n thi\u1ebft s\u1ebd \u0111\u1ea3m b\u1ea3o \u0111\u1ed9 b\u1ec1n c\u1ee7a s\u1ea3n ph\u1ea9m.<\/p>\n<p>5. <b>Thay th\u1ebf ph\u1edbt:<\/b> Ph\u1edbt c\u1ee7a xi lanh ph\u1ea3i \u0111\u01b0\u1ee3c thay th\u1ebf theo h\u01b0\u1edbng d\u1eabn trong s\u00e1ch h\u01b0\u1edbng d\u1eabn s\u1eed d\u1ee5ng \u0111\u1ec3 \u0111\u1ea3m b\u1ea3o hi\u1ec7u su\u1ea5t t\u1ed1i \u01b0u.<\/p>\n<p><img decoding=\"async\" src=\"https:\/\/hzpt.com\/wp-content\/uploads\/2023\/11\/Inverted-Telescopic-Cylinder-20.webp\" alt=\"\" title=\"\"><\/p>\n<h2>H\u00ecnh tr\u1ee5 \u1ed1ng l\u1ed3ng ng\u01b0\u1ee3c<\/h2>\n<p>Xi lanh th\u1ee7y l\u1ef1c l\u00e0 m\u1ed9t b\u1ed9 truy\u1ec1n \u0111\u1ed9ng c\u01a1 h\u1ecdc cung c\u1ea5p l\u1ef1c m\u1ed9t chi\u1ec1u th\u00f4ng qua m\u1ed9t h\u00e0nh tr\u00ecnh m\u1ed9t chi\u1ec1u. Xi lanh \u1ed1ng l\u1ed3ng ng\u01b0\u1ee3c, c\u00f2n \u0111\u01b0\u1ee3c g\u1ecdi l\u00e0 xi lanh th\u1ee7y l\u1ef1c \u0111\u1ea3o ng\u01b0\u1ee3c, l\u00e0 m\u1ed9t lo\u1ea1i xi lanh th\u1ee7y l\u1ef1c c\u00f3 c\u1ee5m piston v\u00e0 thanh truy\u1ec1n \u0111\u01b0\u1ee3c l\u1eafp ng\u01b0\u1ee3c. \u0110i\u1ec1u n\u00e0y c\u00f3 ngh\u0129a l\u00e0 thanh truy\u1ec1n \u0111\u01b0\u1ee3c g\u1eafn v\u00e0o piston v\u00e0 k\u00e9o d\u00e0i xu\u1ed1ng d\u01b0\u1edbi th\u00e2n xi lanh, thay v\u00ec h\u01b0\u1edbng l\u00ean tr\u00ean.<\/p>\n<h3>Nh\u00e0 m\u00e1y cung c\u1ea5p tr\u1ef1c ti\u1ebfp xi lanh th\u1ee7y l\u1ef1c 4 t\u1ea7ng d\u1ea1ng \u1ed1ng l\u1ed3ng cho r\u01a1 mo\u00f3c<\/h3>\n<p>Xi lanh \u1ed1ng l\u1ed3ng ng\u01b0\u1ee3c \u0111\u01b0\u1ee3c s\u1eed d\u1ee5ng r\u1ed9ng r\u00e3i trong nhi\u1ec1u ng\u00e0nh c\u00f4ng nghi\u1ec7p, bao g\u1ed3m x\u00e2y d\u1ef1ng, n\u00f4ng nghi\u1ec7p, khai th\u00e1c m\u1ecf v\u00e0 v\u1eadn t\u1ea3i. M\u1ed9t trong nh\u1eefng \u1ee9ng d\u1ee5ng ph\u1ed5 bi\u1ebfn nh\u1ea5t c\u1ee7a lo\u1ea1i xi lanh n\u00e0y l\u00e0 trong ng\u00e0nh c\u00f4ng nghi\u1ec7p xe k\u00e9o. Xi lanh th\u1ee7y l\u1ef1c \u1ed1ng l\u1ed3ng 4 c\u1ea5p Factory Direct Supply cho xe k\u00e9o l\u00e0 m\u1ed9t v\u00ed d\u1ee5 \u0111i\u1ec3n h\u00ecnh v\u1ec1 c\u00e1ch c\u00f4ng ngh\u1ec7 n\u00e0y \u0111\u01b0\u1ee3c \u1ee9ng d\u1ee5ng trong th\u1ef1c t\u1ebf. D\u01b0\u1edbi \u0111\u00e2y l\u00e0 m\u1ed9t s\u1ed1 t\u00ednh n\u0103ng v\u00e0 l\u1ee3i \u00edch ch\u00ednh c\u1ee7a xi lanh th\u1ee7y l\u1ef1c n\u00e0y:<\/p>\n<h4>1. Thi\u1ebft k\u1ebf b\u1ed1n giai \u0111o\u1ea1n cho kh\u1ea3 n\u0103ng m\u1edf r\u1ed9ng t\u1ed1i \u0111a<\/h4>\n<p>Thi\u1ebft k\u1ebf b\u1ed1n t\u1ea7ng c\u1ee7a xi lanh th\u1ee7y l\u1ef1c n\u00e0y cho ph\u00e9p m\u1edf r\u1ed9ng t\u1ed1i \u0111a, \u0111i\u1ec1u n\u00e0y r\u1ea5t c\u1ea7n thi\u1ebft trong nhi\u1ec1u \u1ee9ng d\u1ee5ng r\u01a1 mo\u00f3c. Thi\u1ebft k\u1ebf n\u00e0y c\u0169ng mang \u0111\u1ebfn m\u1ed9t gi\u1ea3i ph\u00e1p nh\u1ecf g\u1ecdn v\u00e0 hi\u1ec7u qu\u1ea3, l\u00fd t\u01b0\u1edfng cho c\u00e1c c\u00f4ng tr\u00ecnh l\u1eafp \u0111\u1eb7t c\u00f3 kh\u00f4ng gian h\u1ea1n ch\u1ebf. C\u00e1c t\u1ea7ng c\u1ee7a xi lanh \u0111\u01b0\u1ee3c thi\u1ebft k\u1ebf \u0111\u1ec3 ho\u1ea1t \u0111\u1ed9ng li\u1ec1n m\u1ea1ch, mang l\u1ea1i kh\u1ea3 n\u0103ng v\u1eadn h\u00e0nh tr\u01a1n tru v\u00e0 nh\u1ea5t qu\u00e1n.<\/p>\n<h4>2. V\u1eadt li\u1ec7u ch\u1ea5t l\u01b0\u1ee3ng cao cho \u0111\u1ed9 b\u1ec1n<\/h4>\n<p>Xi lanh th\u1ee7y l\u1ef1c 4 c\u1ea5p d\u1ea1ng \u1ed1ng l\u1ed3ng cho r\u01a1 mo\u00f3c do Nh\u00e0 m\u00e1y cung c\u1ea5p tr\u1ef1c ti\u1ebfp \u0111\u01b0\u1ee3c l\u00e0m t\u1eeb v\u1eadt li\u1ec7u ch\u1ea5t l\u01b0\u1ee3ng cao, bao g\u1ed3m th\u00e9p v\u00e0 thanh m\u1ea1 cr\u00f4m. \u0110i\u1ec1u n\u00e0y \u0111\u1ea3m b\u1ea3o xi lanh b\u1ec1n b\u1ec9 v\u00e0 l\u00e2u d\u00e0i, ngay c\u1ea3 trong \u0111i\u1ec1u ki\u1ec7n l\u00e0m vi\u1ec7c kh\u1eafc nghi\u1ec7t. Thanh m\u1ea1 cr\u00f4m c\u0169ng b\u1ea3o v\u1ec7 ch\u1ed1ng \u0103n m\u00f2n v\u00e0 m\u00e0i m\u00f2n, y\u1ebfu t\u1ed1 thi\u1ebft y\u1ebfu \u0111\u1ec3 duy tr\u00ec hi\u1ec7u su\u1ea5t c\u1ee7a xi lanh theo th\u1eddi gian.<\/p>\n<h4>3. K\u1ef9 thu\u1eadt ch\u00ednh x\u00e1c cho hi\u1ec7u su\u1ea5t \u0111\u00e1ng tin c\u1eady<\/h4>\n<p>Xi lanh th\u1ee7y l\u1ef1c n\u00e0y \u0111\u01b0\u1ee3c thi\u1ebft k\u1ebf ch\u00ednh x\u00e1c \u0111\u1ec3 mang l\u1ea1i hi\u1ec7u su\u1ea5t \u0111\u00e1ng tin c\u1eady v\u00e0 nh\u1ea5t qu\u00e1n. C\u1ee5m piston v\u00e0 thanh truy\u1ec1n \u0111\u01b0\u1ee3c gia c\u00f4ng v\u1edbi dung sai ch\u1eb7t ch\u1ebd, \u0111\u1ea3m b\u1ea3o ch\u00fang kh\u1edbp n\u1ed1i ho\u00e0n h\u1ea3o v\u00e0 v\u1eadn h\u00e0nh tr\u01a1n tru. Ph\u1edbt v\u00e0 \u1ed5 tr\u1ee5c c\u0169ng \u0111\u01b0\u1ee3c thi\u1ebft k\u1ebf \u0111\u1ec3 mang l\u1ea1i hi\u1ec7u su\u1ea5t l\u00e2u d\u00e0i, ngay c\u1ea3 khi ch\u1ecbu t\u1ea3i n\u1eb7ng v\u00e0 s\u1eed d\u1ee5ng th\u01b0\u1eddng xuy\u00ean.<\/p>\n<h4>4. D\u1ec5 d\u00e0ng c\u00e0i \u0111\u1eb7t v\u00e0 b\u1ea3o tr\u00ec<\/h4>\n<p>Xi lanh th\u1ee7y l\u1ef1c 4 c\u1ea5p d\u1ea1ng \u1ed1ng l\u1ed3ng cho r\u01a1 mo\u00f3c do Nh\u00e0 m\u00e1y cung c\u1ea5p tr\u1ef1c ti\u1ebfp \u0111\u01b0\u1ee3c thi\u1ebft k\u1ebf \u0111\u1ec3 d\u1ec5 d\u00e0ng l\u1eafp \u0111\u1eb7t v\u00e0 b\u1ea3o tr\u00ec. Xi lanh \u0111i k\u00e8m v\u1edbi t\u1ea5t c\u1ea3 c\u00e1c ph\u1ee5 ki\u1ec7n l\u1eafp \u0111\u1eb7t c\u1ea7n thi\u1ebft, v\u00e0 quy tr\u00ecnh l\u1eafp \u0111\u1eb7t r\u1ea5t \u0111\u01a1n gi\u1ea3n v\u00e0 d\u1ec5 d\u00e0ng. Xi lanh c\u0169ng d\u1ec5 b\u1ea3o tr\u00ec, v\u1edbi c\u00e1c y\u00eau c\u1ea7u ch\u00ednh l\u00e0 ki\u1ec3m tra v\u00e0 b\u00f4i tr\u01a1n th\u01b0\u1eddng xuy\u00ean.<\/p>\n<p>Nh\u00ecn chung, xi lanh \u1ed1ng l\u1ed3ng ng\u01b0\u1ee3c l\u00e0 m\u1ed9t c\u00f4ng ngh\u1ec7 hi\u1ec7u qu\u1ea3 cao v\u00e0 linh ho\u1ea1t, \u0111\u01b0\u1ee3c s\u1eed d\u1ee5ng trong nhi\u1ec1u \u1ee9ng d\u1ee5ng. Xi lanh th\u1ee7y l\u1ef1c \u1ed1ng l\u1ed3ng 4 c\u1ea5p do Nh\u00e0 m\u00e1y cung c\u1ea5p tr\u1ef1c ti\u1ebfp cho r\u01a1 mo\u00f3c l\u00e0 m\u1ed9t v\u00ed d\u1ee5 tuy\u1ec7t v\u1eddi v\u1ec1 c\u00e1ch c\u00f4ng ngh\u1ec7 n\u00e0y c\u00f3 th\u1ec3 \u0111\u01b0\u1ee3c tri\u1ec3n khai trong th\u1ef1c t\u1ebf \u0111\u1ec3 mang l\u1ea1i hi\u1ec7u su\u1ea5t hi\u1ec7u qu\u1ea3 v\u00e0 \u0111\u00e1ng tin c\u1eady.<\/p>\n<h3>Gi\u1edbi thi\u1ec7u v\u1ec1 FMP \u2013 B\u00e1n v\u00e0 b\u1ea3o d\u01b0\u1ee1ng xi lanh th\u1ee7y l\u1ef1c chuy\u00ean nghi\u1ec7p<\/h3>\n<p>FMP l\u00e0 m\u1ed9t c\u00f4ng ty l\u00e2u \u0111\u1eddi c\u00f3 tr\u1ee5 s\u1edf t\u1ea1i \u00dd, chuy\u00ean kinh doanh v\u00e0 b\u1ea3o d\u01b0\u1ee1ng ph\u1ee5 t\u00f9ng m\u00e1y m\u00f3c x\u00e2y d\u1ef1ng v\u00e0 m\u00e1y m\u00f3c ho\u00e0n ch\u1ec9nh. V\u1edbi nhi\u1ec1u n\u0103m kinh nghi\u1ec7m trong ng\u00e0nh v\u00e0 \u0111\u1ed9i ng\u0169 chuy\u00ean gia l\u00e0nh ngh\u1ec1, ch\u00fang t\u00f4i cung c\u1ea5p cho kh\u00e1ch h\u00e0ng c\u00e1c xi lanh th\u1ee7y l\u1ef1c ch\u1ea5t l\u01b0\u1ee3ng cao, \u0111\u00e1ng tin c\u1eady v\u00e0 c\u00e1c gi\u1ea3i ph\u00e1p m\u00e1y m\u00f3c ho\u00e0n ch\u1ec9nh.<\/p>\n<p>Sau \u0111\u00e2y l\u00e0 n\u0103m l\u00fd do t\u1ea1i sao b\u1ea1n n\u00ean ch\u1ecdn FMP cho nhu c\u1ea7u xi lanh th\u1ee7y l\u1ef1c c\u1ee7a m\u00ecnh:<\/p>\n<p>1. Nhi\u1ec1u lo\u1ea1i s\u1ea3n ph\u1ea9m: FMP cung c\u1ea5p nhi\u1ec1u lo\u1ea1i xi lanh th\u1ee7y l\u1ef1c, bao g\u1ed3m c\u1ea3 xi lanh lo\u1ea1i ch\u1ed1t c\u00f3 th\u1ec3 \u0111i\u1ec1u ch\u1ec9nh nh\u01b0 <img decoding=\"async\" src=\"https:\/\/fmp-components.com\/wp-content\/uploads\/2024\/12\/Adjustable-Clevis-Type-Cylinders-6.webp\" alt=\"Xi lanh lo\u1ea1i Clevis c\u00f3 th\u1ec3 \u0111i\u1ec1u ch\u1ec9nh\" width=\"828\" title=\"\">c\u0169ng nh\u01b0 thanh gi\u1eb1ng v\u00e0 xi lanh h\u00e0n. Ch\u00fang t\u00f4i c\u0169ng cung c\u1ea5p d\u1ecbch v\u1ee5 t\u00f9y ch\u1ec9nh \u0111\u1ec3 \u0111\u00e1p \u1ee9ng nhu c\u1ea7u c\u1ee5 th\u1ec3 c\u1ee7a kh\u00e1ch h\u00e0ng.<\/p>\n<p>2. Linh ki\u1ec7n ch\u1ea5t l\u01b0\u1ee3ng cao: Ch\u00fang t\u00f4i \u0111\u00e3 thi\u1ebft l\u1eadp m\u1ed1i quan h\u1ec7 h\u1ee3p t\u00e1c l\u00e2u d\u00e0i v\u00e0 \u1ed5n \u0111\u1ecbnh v\u1edbi nhi\u1ec1u nh\u00e0 cung c\u1ea5p ch\u1ea5t l\u01b0\u1ee3ng cao trong n\u01b0\u1edbc v\u00e0 qu\u1ed1c t\u1ebf, \u0111\u1ea3m b\u1ea3o r\u1eb1ng t\u1ea5t c\u1ea3 linh ki\u1ec7n \u0111\u01b0\u1ee3c cung c\u1ea5p \u0111\u1ec1u \u0111\u00e1p \u1ee9ng c\u00e1c ti\u00eau chu\u1ea9n ch\u1ea5t l\u01b0\u1ee3ng nghi\u00eam ng\u1eb7t.<\/p>\n<p>3. \u0110\u1ed9i ng\u0169 b\u00e1n h\u00e0ng gi\u00e0u kinh nghi\u1ec7m: \u0110\u1ed9i ng\u0169 b\u00e1n h\u00e0ng c\u1ee7a ch\u00fang t\u00f4i am hi\u1ec3u xu h\u01b0\u1edbng ph\u00e1t tri\u1ec3n v\u00e0 nhu c\u1ea7u c\u1ee7a kh\u00e1ch h\u00e0ng trong ng\u00e0nh m\u00e1y m\u00f3c x\u00e2y d\u1ef1ng. H\u1ecd c\u00f3 th\u1ec3 t\u01b0 v\u1ea5n s\u1ea3n ph\u1ea9m chuy\u00ean nghi\u1ec7p v\u00e0 \u0111\u01b0a ra nh\u1eefng g\u1ee3i \u00fd mua h\u00e0ng th\u00f4ng minh, gi\u00fap b\u1ea1n \u0111\u01b0a ra l\u1ef1a ch\u1ecdn t\u1ed1t nh\u1ea5t.<\/p>\n<p>4. Ph\u00e2n ph\u1ed1i h\u1eadu c\u1ea7n hi\u1ec7u qu\u1ea3: Ch\u00fang t\u00f4i c\u00f3 h\u1ec7 th\u1ed1ng ph\u00e2n ph\u1ed1i h\u1eadu c\u1ea7n hi\u1ec7u qu\u1ea3 \u0111\u1ea3m b\u1ea3o kh\u00e1ch h\u00e0ng nh\u1eadn \u0111\u01b0\u1ee3c c\u00e1c b\u1ed9 ph\u1eadn c\u1ea7n thi\u1ebft m\u1ed9t c\u00e1ch k\u1ecbp th\u1eddi v\u00e0 ch\u00ednh x\u00e1c.<\/p>\n<p>5. D\u1ecbch v\u1ee5 sau b\u00e1n h\u00e0ng chuy\u00ean nghi\u1ec7p: FMP cung c\u1ea5p d\u1ecbch v\u1ee5 sau b\u00e1n h\u00e0ng chuy\u00ean nghi\u1ec7p \u0111\u1ec3 \u0111\u1ea3m b\u1ea3o kh\u00e1ch h\u00e0ng c\u00f3 tr\u1ea3i nghi\u1ec7m kh\u00f4ng ph\u1ea3i lo l\u1eafng khi s\u1eed d\u1ee5ng s\u1ea3n ph\u1ea9m c\u1ee7a ch\u00fang t\u00f4i.<\/p>\n<p>Khi ch\u1ecdn FMP l\u00e0m nh\u00e0 cung c\u1ea5p xi lanh th\u1ee7y l\u1ef1c, b\u1ea1n c\u00f3 th\u1ec3 y\u00ean t\u00e2m v\u1ec1 ch\u1ea5t l\u01b0\u1ee3ng s\u1ea3n ph\u1ea9m, d\u1ecbch v\u1ee5 chuy\u00ean nghi\u1ec7p v\u00e0 l\u00e0 \u0111\u1ed1i t\u00e1c \u0111\u00e1ng tin c\u1eady cho s\u1ef1 th\u00e0nh c\u00f4ng c\u1ee7a b\u1ea1n. H\u00e3y li\u00ean h\u1ec7 v\u1edbi ch\u00fang t\u00f4i ngay h\u00f4m nay \u0111\u1ec3 t\u00ecm hi\u1ec3u th\u00eam v\u1ec1 c\u00e1ch ch\u00fang t\u00f4i c\u00f3 th\u1ec3 \u0111\u00e1p \u1ee9ng nhu c\u1ea7u xi lanh th\u1ee7y l\u1ef1c c\u1ee7a b\u1ea1n.<\/p>\n<p>T\u00e1c gi\u1ea3: CX<\/p>","protected":false},"excerpt":{"rendered":"<p>Factory Direct Supply offers a top-of-the-line 4 Stage Hydraulic Telescopic Ram Cylinder for Trailer that is a reliable and durable solution for heavy-duty applications. This cylinder is designed to operate smoothly and efficiently, providing consistent performance even under high pressure. Constructed from high-quality materials, the 4 Stage Hydraulic Telescopic Ram Cylinder for Trailer is built [&hellip;]<\/p>","protected":false},"featured_media":1654,"comment_status":"closed","ping_status":"closed","template":"","meta":{"_et_pb_use_builder":"","_et_pb_old_content":"","_et_gb_content_width":""},"product_brand":[],"product_cat":[45],"product_tag":[34,48],"class_list":{"0":"post-1653","1":"product","2":"type-product","3":"status-publish","4":"has-post-thumbnail","6":"product_cat-inverted-telescopic-cylinder","7":"product_tag-hydraulic-cylinder","8":"product_tag-inverted-telescopic-cylinder","10":"first","11":"instock","12":"product-type-simple"},"_links":{"self":[{"href":"https:\/\/fmp-components.com\/vi\/wp-json\/wp\/v2\/product\/1653","targetHints":{"allow":["GET"]}}],"collection":[{"href":"https:\/\/fmp-components.com\/vi\/wp-json\/wp\/v2\/product"}],"about":[{"href":"https:\/\/fmp-components.com\/vi\/wp-json\/wp\/v2\/types\/product"}],"replies":[{"embeddable":true,"href":"https:\/\/fmp-components.com\/vi\/wp-json\/wp\/v2\/comments?post=1653"}],"wp:featuredmedia":[{"embeddable":true,"href":"https:\/\/fmp-components.com\/vi\/wp-json\/wp\/v2\/media\/1654"}],"wp:attachment":[{"href":"https:\/\/fmp-components.com\/vi\/wp-json\/wp\/v2\/media?parent=1653"}],"wp:term":[{"taxonomy":"product_brand","embeddable":true,"href":"https:\/\/fmp-components.com\/vi\/wp-json\/wp\/v2\/product_brand?post=1653"},{"taxonomy":"product_cat","embeddable":true,"href":"https:\/\/fmp-components.com\/vi\/wp-json\/wp\/v2\/product_cat?post=1653"},{"taxonomy":"product_tag","embeddable":true,"href":"https:\/\/fmp-components.com\/vi\/wp-json\/wp\/v2\/product_tag?post=1653"}],"curies":[{"name":"wp","href":"https:\/\/api.w.org\/{rel}","templated":true}]}}