{"id":1651,"date":"2024-12-23T07:00:44","date_gmt":"2024-12-23T07:00:44","guid":{"rendered":"https:\/\/fmp-components.com\/product\/low-price-10-ton-4-stage-hydraulic-telescopic-ram-cylinder\/"},"modified":"2025-03-11T06:10:58","modified_gmt":"2025-03-11T06:10:58","slug":"low-price-10-ton-4-stage-hydraulic-telescopic-ram-cylinder","status":"publish","type":"product","link":"https:\/\/fmp-components.com\/vi\/product\/low-price-10-ton-4-stage-hydraulic-telescopic-ram-cylinder\/","title":{"rendered":"Xi lanh th\u1ee7y l\u1ef1c 4 t\u1ea7ng 10 t\u1ea5n gi\u00e1 r\u1ebb"},"content":{"rendered":"<h2>Gi\u1edbi thi\u1ec7u Xi lanh th\u1ee7y l\u1ef1c d\u1ea1ng \u1ed1ng l\u1ed3ng 4 t\u1ea7ng 10 t\u1ea5n gi\u00e1 r\u1ebb:<\/h2>\n<p>Xi lanh th\u1ee7y l\u1ef1c 4 c\u1ea5p 10 t\u1ea5n gi\u00e1 r\u1ebb l\u00e0 s\u1ea3n ph\u1ea9m \u0111a n\u0103ng v\u00e0 b\u1ec1n b\u1ec9, \u0111\u01b0\u1ee3c thi\u1ebft k\u1ebf \u0111\u1ec3 \u0111\u00e1p \u1ee9ng nhu c\u1ea7u kh\u1eaft khe c\u1ee7a nhi\u1ec1u ng\u00e0nh c\u00f4ng nghi\u1ec7p kh\u00e1c nhau. V\u1edbi c\u00f4ng ngh\u1ec7 th\u1ee7y l\u1ef1c ti\u00ean ti\u1ebfn, xi lanh n\u00e0y mang l\u1ea1i hi\u1ec7u su\u1ea5t v\u00e0 hi\u1ec7u qu\u1ea3 v\u01b0\u1ee3t tr\u1ed9i.<\/p>\n<p>V\u1edbi t\u1ea3i tr\u1ecdng 10 t\u1ea5n, xi lanh ram n\u00e0y c\u00f3 kh\u1ea3 n\u0103ng x\u1eed l\u00fd t\u1ea3i tr\u1ecdng n\u1eb7ng m\u1ed9t c\u00e1ch d\u1ec5 d\u00e0ng. Thi\u1ebft k\u1ebf d\u1ea1ng \u1ed1ng l\u1ed3ng 4 giai \u0111o\u1ea1n gi\u00fap t\u0103ng chi\u1ec1u d\u00e0i h\u00e0nh tr\u00ecnh t\u1ed5ng th\u1ec3, cho ph\u00e9p t\u0103ng c\u01b0\u1eddng \u0111\u1ed9 linh ho\u1ea1t v\u00e0 t\u1ea7m v\u1edbi. \u0110i\u1ec1u n\u00e0y c\u00f3 ngh\u0129a l\u00e0 b\u1ea1n c\u00f3 th\u1ec3 th\u1ef1c hi\u1ec7n c\u00e1c chuy\u1ec3n \u0111\u1ed9ng ch\u00ednh x\u00e1c v\u00e0 ki\u1ec3m so\u00e1t, ngay c\u1ea3 trong kh\u00f4ng gian ch\u1eadt h\u1eb9p.<\/p>\n<p>M\u1ed9t trong nh\u1eefng \u01b0u \u0111i\u1ec3m ch\u00ednh c\u1ee7a xi lanh th\u1ee7y l\u1ef1c n\u00e0y l\u00e0 gi\u00e1 th\u00e0nh th\u1ea5p. M\u1eb7c d\u00f9 c\u00f3 c\u1ea5u tr\u00fac ch\u1ea5t l\u01b0\u1ee3ng cao v\u00e0 hi\u1ec7u su\u1ea5t \u0111\u00e1ng tin c\u1eady, s\u1ea3n ph\u1ea9m v\u1eabn c\u00f3 m\u1ee9c gi\u00e1 c\u1ea1nh tranh, l\u00e0 l\u1ef1a ch\u1ecdn tuy\u1ec7t v\u1eddi cho nh\u1eefng kh\u00e1ch h\u00e0ng c\u00f3 ng\u00e2n s\u00e1ch eo h\u1eb9p.<\/p>\n<p>Xi lanh th\u1ee7y l\u1ef1c 4 c\u1ea5p 10 t\u1ea5n gi\u00e1 r\u1ebb \u0111\u01b0\u1ee3c ch\u1ebf t\u1ea1o \u0111\u1ec3 ch\u1ecbu \u0111\u01b0\u1ee3c \u0111i\u1ec1u ki\u1ec7n s\u1eed d\u1ee5ng kh\u1eafc nghi\u1ec7t v\u00e0 v\u1eadn h\u00e0nh trong m\u00f4i tr\u01b0\u1eddng kh\u1eafc nghi\u1ec7t. S\u1ea3n ph\u1ea9m \u0111\u01b0\u1ee3c l\u00e0m t\u1eeb v\u1eadt li\u1ec7u b\u1ec1n ch\u1eafc, \u0111\u1ea3m b\u1ea3o tu\u1ed5i th\u1ecd v\u00e0 \u0111\u1ed9 b\u1ec1n. \u0110i\u1ec1u n\u00e0y c\u00f3 ngh\u0129a l\u00e0 b\u1ea1n c\u00f3 th\u1ec3 y\u00ean t\u00e2m s\u1eed d\u1ee5ng xi lanh n\u00e0y trong nhi\u1ec1u n\u0103m t\u1edbi, gi\u1ea3m nhu c\u1ea7u thay th\u1ebf v\u00e0 b\u1ea3o tr\u00ec th\u01b0\u1eddng xuy\u00ean.<\/p>\n<p>Ngo\u00e0i ra, xi lanh th\u1ee7y l\u1ef1c n\u00e0y r\u1ea5t d\u1ec5 l\u1eafp \u0111\u1eb7t v\u00e0 v\u1eadn h\u00e0nh. S\u1ea3n ph\u1ea9m \u0111i k\u00e8m h\u01b0\u1edbng d\u1eabn s\u1eed d\u1ee5ng r\u00f5 r\u00e0ng v\u00e0 c\u00f3 th\u1ec3 t\u00edch h\u1ee3p li\u1ec1n m\u1ea1ch v\u00e0o c\u00e1c h\u1ec7 th\u1ed1ng hi\u1ec7n c\u00f3. Thi\u1ebft k\u1ebf th\u00e2n thi\u1ec7n v\u1edbi ng\u01b0\u1eddi d\u00f9ng cho ph\u00e9p b\u1ea3o tr\u00ec v\u00e0 kh\u1eafc ph\u1ee5c s\u1ef1 c\u1ed1 thu\u1eadn ti\u1ec7n, gi\u1ea3m thi\u1ec3u th\u1eddi gian ng\u1eebng ho\u1ea1t \u0111\u1ed9ng v\u00e0 t\u1ed1i \u0111a h\u00f3a n\u0103ng su\u1ea5t.<\/p>\n<table style=\"width: 100%;\" border=\"1\" width=\"100%\" cellspacing=\"0\" cellpadding=\"0\">\n<tbody>\n<tr>\n<th>T\u00ean s\u1ea3n ph\u1ea9m<\/th>\n<td>Xi lanh th\u1ee7y l\u1ef1c 4 t\u1ea7ng 10 t\u1ea5n gi\u00e1 r\u1ebb<\/td>\n<\/tr>\n<tr>\n<th>T\u00ecnh tr\u1ea1ng<\/th>\n<td>M\u1edbi<\/td>\n<\/tr>\n<tr>\n<th>C\u00e2n n\u1eb7ng (KG)<\/th>\n<td>50<\/td>\n<\/tr>\n<tr>\n<th>L\u1ef1c \u0111\u1ea9y t\u1ed1i \u0111a<\/th>\n<td>3000<\/td>\n<\/tr>\n<tr>\n<th>L\u1ef1c k\u00e9o t\u1ed1i \u0111a<\/th>\n<td>20 t\u1ea5n<\/td>\n<\/tr>\n<tr>\n<th>V\u1eadt li\u1ec7u th\u00e2n m\u00e1y<\/th>\n<td>Th\u00e9p ch\u1eafc ch\u1eafn<\/td>\n<\/tr>\n<tr>\n<th>Ngu\u1ed3n \u0111i\u1ec7n<\/th>\n<td>Th\u1ee7y l\u1ef1c<\/td>\n<\/tr>\n<tr>\n<th>Thi\u1ebft k\u1ebf<\/th>\n<td>\u1ed0ng l\u1ed3ng 4 t\u1ea7ng v\u1edbi xi lanh piston ti\u00eau chu\u1ea9n<\/td>\n<\/tr>\n<tr>\n<th>Ch\u1ee9ng nh\u1eadn<\/th>\n<td>ISO9001:2000<\/td>\n<\/tr>\n<tr>\n<th>C\u00e1c ng\u00e0nh c\u00f4ng nghi\u1ec7p \u00e1p d\u1ee5ng<\/th>\n<td>Nh\u00e0 m\u00e1y s\u1ea3n xu\u1ea5t, x\u01b0\u1edfng s\u1eeda ch\u1eefa m\u00e1y m\u00f3c, trang tr\u1ea1i, n\u0103ng l\u01b0\u1ee3ng v\u00e0 khai th\u00e1c m\u1ecf, v.v.<\/td>\n<\/tr>\n<tr>\n<th>Hi\u1ec7u su\u1ea5t<\/th>\n<td>Ti\u1ebft ki\u1ec7m chi ph\u00ed v\u00e0 \u0111\u00e1ng tin c\u1eady cho c\u00e1c h\u1ec7 th\u1ed1ng th\u1ee7y l\u1ef1c ch\u00ednh x\u00e1c<\/td>\n<\/tr>\n<\/tbody>\n<\/table>\n<h2>C\u00e1c t\u00ednh n\u0103ng c\u1ee7a Xi lanh th\u1ee7y l\u1ef1c d\u1ea1ng \u1ed1ng l\u1ed3ng<\/h2>\n<p>Xi lanh th\u1ee7y l\u1ef1c d\u1ea1ng \u1ed1ng l\u1ed3ng c\u00f3 nhi\u1ec1u t\u00ednh n\u0103ng \u0111\u00e1ng ch\u00fa \u00fd:<\/p>\n<p><img decoding=\"async\" src=\"https:\/\/hzpt.com\/wp-content\/uploads\/2023\/11\/Inverted-Telescopic-Cylinder-8.webp\" alt=\"\" title=\"\"><\/p>\n<ol>\n<li>Xi lanh c\u00f3 k\u00edch th\u01b0\u1edbc ti\u00eau chu\u1ea9n, \u0111\u1ea3m b\u1ea3o kh\u1ea3 n\u0103ng t\u01b0\u01a1ng th\u00edch v\u1edbi nhi\u1ec1u lo\u1ea1i m\u00e1y m\u00f3c.<\/li>\n<li>N\u00f3 k\u1ebft h\u1ee3p c\u1ea5u tr\u00fac xi lanh piston \u0111\u1ec3 c\u00f3 hi\u1ec7u su\u1ea5t \u0111\u00e1ng tin c\u1eady v\u00e0 hi\u1ec7u qu\u1ea3.<\/li>\n<li>Ngu\u1ed3n n\u0103ng l\u01b0\u1ee3ng th\u1ee7y l\u1ef1c cung c\u1ea5p kh\u1ea3 n\u0103ng ho\u1ea1t \u0111\u1ed9ng m\u1ea1nh m\u1ebd v\u00e0 \u1ed5n \u0111\u1ecbnh.<\/li>\n<li>V\u1eadt li\u1ec7u th\u00e2n th\u00e9p \u0111\u1ea3m b\u1ea3o \u0111\u1ed9 b\u1ec1n v\u00e0 ch\u1eafc ch\u1eafn.<\/li>\n<li>Xy lanh n\u00e0y c\u00f3 l\u1ef1c \u0111\u1ea9y t\u1ed1i \u0111a l\u00e0 3000 v\u00e0 l\u1ef1c k\u00e9o t\u1ed1i \u0111a l\u00e0 20 t\u1ea5n, ph\u00f9 h\u1ee3p cho c\u00e1c ho\u1ea1t \u0111\u1ed9ng n\u1eb7ng.<\/li>\n<\/ol>\n<h2>\u1ee8ng d\u1ee5ng c\u1ee7a Xi lanh th\u1ee7y l\u1ef1c d\u1ea1ng \u1ed1ng l\u1ed3ng<\/h2>\n<p>Xi lanh th\u1ee7y l\u1ef1c d\u1ea1ng \u1ed1ng l\u1ed3ng \u0111a n\u0103ng n\u00e0y c\u00f3 th\u1ec3 \u1ee9ng d\u1ee5ng trong nhi\u1ec1u ng\u00e0nh c\u00f4ng nghi\u1ec7p kh\u00e1c nhau:<\/p>\n<ol>\n<li>Nh\u00e0 m\u00e1y s\u1ea3n xu\u1ea5t: L\u1eafp r\u00e1p v\u00e0 v\u1eadn h\u00e0nh m\u00e1y m\u00f3c h\u1ea1ng n\u1eb7ng.<\/li>\n<li>X\u01b0\u1edfng s\u1eeda ch\u1eefa m\u00e1y m\u00f3c: D\u00e0nh cho c\u00e1c c\u00f4ng vi\u1ec7c b\u1ea3o tr\u00ec v\u00e0 s\u1eeda ch\u1eefa \u0111\u00f2i h\u1ecfi ph\u1ea3i n\u00e2ng v\u1eadt n\u1eb7ng.<\/li>\n<li>Trang tr\u1ea1i: \u0110\u1ec3 v\u1eadn h\u00e0nh m\u00e1y m\u00f3c v\u00e0 thi\u1ebft b\u1ecb n\u00f4ng nghi\u1ec7p.<\/li>\n<li>N\u0103ng l\u01b0\u1ee3ng &amp; Khai th\u00e1c: \u0110\u01b0\u1ee3c s\u1eed d\u1ee5ng trong thi\u1ebft b\u1ecb khai th\u00e1c h\u1ea1ng n\u1eb7ng v\u00e0 m\u00e1y m\u00f3c ph\u00e1t \u0111i\u1ec7n.<\/li>\n<li>Ch\u1ebf t\u1ea1o m\u00e1y m\u00f3c: Kh\u00f4ng th\u1ec3 thi\u1ebfu trong qu\u00e1 tr\u00ecnh s\u1ea3n xu\u1ea5t nhi\u1ec1u lo\u1ea1i m\u00e1y m\u00f3c kh\u00e1c nhau.<\/li>\n<\/ol>\n<p><img decoding=\"async\" src=\"https:\/\/hzpt.com\/wp-content\/uploads\/2023\/11\/Inverted-Telescopic-Cylinder-Applications.webp\" alt=\"\u1ee8ng d\u1ee5ng c\u1ee7a xi lanh th\u1ee7y l\u1ef1c d\u1ea1ng \u1ed1ng l\u1ed3ng\" title=\"\"><\/p>\n<h2>Nguy\u00ean l\u00fd ho\u1ea1t \u0111\u1ed9ng v\u00e0 b\u1ea3o d\u01b0\u1ee1ng xi lanh th\u1ee7y l\u1ef1c d\u1ea1ng \u1ed1ng l\u1ed3ng<\/h2>\n<p>Xi lanh th\u1ee7y l\u1ef1c d\u1ea1ng \u1ed1ng l\u1ed3ng ho\u1ea1t \u0111\u1ed9ng th\u00f4ng qua \u0111\u1ea7u v\u00e0o ch\u1ea5t l\u1ecfng th\u1ee7y l\u1ef1c, t\u1ea1o ra l\u1ef1c \u0111\u1ea7u ra. C\u1ea5u h\u00ecnh xi lanh c\u00f9ng v\u1edbi \u0111\u1ed9ng l\u1ef1c h\u1ecdc ch\u1ea5t l\u1ecfng t\u1ea1o ra chuy\u1ec3n \u0111\u1ed9ng c\u01a1 h\u1ecdc c\u1ea7n thi\u1ebft. B\u1ea3o d\u01b0\u1ee1ng th\u01b0\u1eddng xuy\u00ean bao g\u1ed3m ki\u1ec3m tra, v\u1ec7 sinh, b\u00f4i tr\u01a1n v\u00e0 thay th\u1ebf ph\u1edbt. Vi\u1ec7c tu\u00e2n th\u1ee7 h\u01b0\u1edbng d\u1eabn s\u1eed d\u1ee5ng l\u00e0 c\u1ea7n thi\u1ebft \u0111\u1ec3 k\u00e9o d\u00e0i tu\u1ed5i th\u1ecd c\u1ee7a b\u1ed9 ph\u1eadn.<\/p>\n<p><img decoding=\"async\" src=\"https:\/\/hzpt.com\/wp-content\/uploads\/2023\/11\/Inverted-Telescopic-Cylinder-21.webp\" alt=\"\" title=\"\"><\/p>\n<h2>H\u00ecnh tr\u1ee5 \u1ed1ng l\u1ed3ng ng\u01b0\u1ee3c<\/h2>\n<p>Xy lanh \u1ed1ng l\u1ed3ng ng\u01b0\u1ee3c, c\u00f2n \u0111\u01b0\u1ee3c g\u1ecdi l\u00e0 xi lanh \u1ed1ng l\u1ed3ng t\u00e1c \u0111\u1ed9ng \u0111\u01a1n, l\u00e0 m\u1ed9t xi lanh th\u1ee7y l\u1ef1c bao g\u1ed3m nhi\u1ec1u t\u1ea7ng l\u1ed3ng nhau v\u1edbi \u0111\u01b0\u1eddng k\u00ednh kh\u00e1c nhau. Xi lanh \u0111\u01b0\u1ee3c thi\u1ebft k\u1ebf \u0111\u1ec3 k\u00e9o d\u00e0i v\u00e0 thu l\u1ea1i d\u01b0\u1edbi t\u00e1c \u0111\u1ed9ng c\u1ee7a ch\u1ea5t l\u1ecfng th\u1ee7y l\u1ef1c \u0111\u01b0\u1ee3c n\u00e9n. Xy lanh \u1ed1ng l\u1ed3ng ng\u01b0\u1ee3c th\u01b0\u1eddng \u0111\u01b0\u1ee3c s\u1eed d\u1ee5ng trong c\u00e1c \u1ee9ng d\u1ee5ng h\u1ea1ng n\u1eb7ng, ch\u1eb3ng h\u1ea1n nh\u01b0 thi\u1ebft b\u1ecb x\u00e2y d\u1ef1ng, m\u00e1y m\u00f3c khai th\u00e1c m\u1ecf v\u00e0 m\u00e1y m\u00f3c c\u00f4ng nghi\u1ec7p.<\/p>\n<h3>\u0110\u1eb7c \u0111i\u1ec3m ch\u00ednh<\/h3>\n<ul>\n<li><b>T\u00e1c \u0111\u1ed9ng \u0111\u01a1n:<\/b> Xi lanh \u1ed1ng l\u1ed3ng ng\u01b0\u1ee3c l\u00e0 xi lanh t\u00e1c \u0111\u1ed9ng \u0111\u01a1n, ngh\u0129a l\u00e0 n\u00f3 ch\u1ec9 c\u00f3 th\u1ec3 t\u00e1c d\u1ee5ng l\u1ef1c theo m\u1ed9t h\u01b0\u1edbng (ho\u1eb7c k\u00e9o d\u00e0i ho\u1eb7c thu l\u1ea1i) v\u00e0 d\u1ef1a v\u00e0o l\u1ef1c b\u00ean ngo\u00e0i \u0111\u1ec3 tr\u1edf v\u1ec1 v\u1ecb tr\u00ed ban \u0111\u1ea7u.<\/li>\n<li><b>Nhi\u1ec1u giai \u0111o\u1ea1n:<\/b> Xi lanh bao g\u1ed3m nhi\u1ec1u t\u1ea7ng l\u1ed3ng v\u00e0o nhau c\u00f3 \u0111\u01b0\u1eddng k\u00ednh kh\u00e1c nhau, cho ph\u00e9p h\u00e0nh tr\u00ecnh d\u00e0i trong khi v\u1eabn duy tr\u00ec thi\u1ebft k\u1ebf nh\u1ecf g\u1ecdn.<\/li>\n<li><b>Thi\u1ebft k\u1ebf \u0111\u1ea3o ng\u01b0\u1ee3c:<\/b> Thanh piston \u0111\u01b0\u1ee3c g\u1eafn v\u00e0o t\u1ea7ng l\u1edbn nh\u1ea5t c\u1ee7a xi-lanh, v\u00e0 c\u00e1c t\u1ea7ng nh\u1ecf h\u01a1n \u0111\u01b0\u1ee3c l\u1ed3ng v\u00e0o b\u00ean trong. Thi\u1ebft k\u1ebf \u0111\u1ea3o ng\u01b0\u1ee3c n\u00e0y cho ph\u00e9p s\u1eed d\u1ee5ng kh\u00f4ng gian hi\u1ec7u qu\u1ea3 h\u01a1n v\u00e0 xi-lanh \u1ed5n \u0111\u1ecbnh h\u01a1n.<\/li>\n<li><b>Ki\u1ec3m so\u00e1t th\u1ee7y l\u1ef1c:<\/b> Xi lanh \u0111\u01b0\u1ee3c \u0111i\u1ec1u khi\u1ec3n b\u1eb1ng ch\u1ea5t l\u1ecfng th\u1ee7y l\u1ef1c ch\u1ecbu \u00e1p su\u1ea5t, \u0111i v\u00e0o qua c\u1ed5ng \u1edf \u0111\u00e1y xi lanh v\u00e0 t\u1ea1o ra \u00e1p su\u1ea5t \u0111\u1ec3 di chuy\u1ec3n xi lanh theo h\u01b0\u1edbng mong mu\u1ed1n.<\/li>\n<\/ul>\n<h3>\u1ee8ng d\u1ee5ng<\/h3>\n<p>Xi lanh \u1ed1ng l\u1ed3ng ng\u01b0\u1ee3c th\u01b0\u1eddng \u0111\u01b0\u1ee3c s\u1eed d\u1ee5ng trong c\u00e1c \u1ee9ng d\u1ee5ng n\u1eb7ng, \u0111\u00f2i h\u1ecfi h\u00e0nh tr\u00ecnh d\u00e0i trong thi\u1ebft k\u1ebf nh\u1ecf g\u1ecdn. M\u1ed9t s\u1ed1 \u1ee9ng d\u1ee5ng ph\u1ed5 bi\u1ebfn bao g\u1ed3m:<\/p>\n<ul>\n<li>Thi\u1ebft b\u1ecb x\u00e2y d\u1ef1ng, ch\u1eb3ng h\u1ea1n nh\u01b0 m\u00e1y \u0111\u00e0o v\u00e0 m\u00e1y x\u00fac<\/li>\n<li>M\u00e1y m\u00f3c khai th\u00e1c, ch\u1eb3ng h\u1ea1n nh\u01b0 m\u00e1y x\u00fac v\u00e0 xe t\u1ea3i ch\u1edf h\u00e0ng<\/li>\n<li>M\u00e1y m\u00f3c c\u00f4ng nghi\u1ec7p, ch\u1eb3ng h\u1ea1n nh\u01b0 m\u00e1y \u00e9p th\u1ee7y l\u1ef1c v\u00e0 m\u00e1y \u00e9p phun<\/li>\n<\/ul>\n<p>M\u1ed9t v\u00ed d\u1ee5 v\u1ec1 xi lanh \u1ed1ng l\u1ed3ng ng\u01b0\u1ee3c l\u00e0 xi lanh th\u1ee7y l\u1ef1c 4 t\u1ea7ng 10 t\u1ea5n gi\u00e1 r\u1ebb. Xi lanh n\u00e0y \u0111\u01b0\u1ee3c thi\u1ebft k\u1ebf \u0111\u1ec3 s\u1eed d\u1ee5ng trong nhi\u1ec1u \u1ee9ng d\u1ee5ng h\u1ea1ng n\u1eb7ng v\u00e0 c\u00f3 thi\u1ebft k\u1ebf nh\u1ecf g\u1ecdn v\u1edbi h\u00e0nh tr\u00ecnh d\u00e0i. N\u00f3 \u0111\u01b0\u1ee3c l\u00e0m t\u1eeb v\u1eadt li\u1ec7u ch\u1ea5t l\u01b0\u1ee3ng cao v\u00e0 \u0111\u01b0\u1ee3c ch\u1ebf t\u1ea1o \u0111\u1ec3 ch\u1ecbu \u0111\u01b0\u1ee3c s\u1ef1 kh\u1eafc nghi\u1ec7t c\u1ee7a vi\u1ec7c s\u1eed d\u1ee5ng th\u01b0\u1eddng xuy\u00ean.<\/p>\n<p>Xi lanh \u1ed1ng l\u1ed3ng ng\u01b0\u1ee3c l\u00e0 m\u1ed9t th\u00e0nh ph\u1ea7n quan tr\u1ecdng trong nhi\u1ec1u \u1ee9ng d\u1ee5ng ch\u1ecbu t\u1ea3i n\u1eb7ng. Thi\u1ebft k\u1ebf \u0111\u1ed9c \u0111\u00e1o c\u1ee7a n\u00f3 cho ph\u00e9p h\u00e0nh tr\u00ecnh d\u00e0i m\u00e0 v\u1eabn gi\u1eef \u0111\u01b0\u1ee3c k\u00edch th\u01b0\u1edbc nh\u1ecf g\u1ecdn, l\u00e0 l\u1ef1a ch\u1ecdn l\u00fd t\u01b0\u1edfng cho c\u00e1c \u1ee9ng d\u1ee5ng c\u00f3 kh\u00f4ng gian h\u1ea1n ch\u1ebf. Cho d\u00f9 b\u1ea1n \u0111ang l\u00e0m vi\u1ec7c trong ng\u00e0nh x\u00e2y d\u1ef1ng, khai th\u00e1c m\u1ecf hay m\u00e1y m\u00f3c c\u00f4ng nghi\u1ec7p, xi lanh \u1ed1ng l\u1ed3ng ng\u01b0\u1ee3c l\u00e0 m\u1ed9t l\u1ef1a ch\u1ecdn \u0111\u00e1ng tin c\u1eady v\u00e0 hi\u1ec7u qu\u1ea3 cho nhu c\u1ea7u xi lanh th\u1ee7y l\u1ef1c c\u1ee7a b\u1ea1n.<\/p>\n<h3>Gi\u1edbi thi\u1ec7u v\u1ec1 FMP<\/h3>\n<p>FMP l\u00e0 m\u1ed9t c\u00f4ng ty chuy\u00ean s\u1ea3n xu\u1ea5t v\u00e0 kinh doanh xi lanh th\u1ee7y l\u1ef1c. T\u1ecda l\u1ea1c t\u1ea1i \u00dd, ch\u00fang t\u00f4i c\u00f3 nhi\u1ec1u n\u0103m kinh nghi\u1ec7m trong ng\u00e0nh v\u00e0 \u0111\u1ed9i ng\u0169 chuy\u00ean nghi\u1ec7p t\u1eadn t\u00e2m cung c\u1ea5p cho kh\u00e1ch h\u00e0ng c\u00e1c gi\u1ea3i ph\u00e1p xi lanh th\u1ee7y l\u1ef1c ch\u1ea5t l\u01b0\u1ee3ng cao v\u00e0 \u0111\u00e1ng tin c\u1eady.<\/p>\n<p><img decoding=\"async\" src=\"https:\/\/fmp-components.com\/wp-content\/uploads\/2024\/12\/Adjustable-Clevis-Type-Cylinders-6.webp\" alt=\"Xi lanh lo\u1ea1i Clevis c\u00f3 th\u1ec3 \u0111i\u1ec1u ch\u1ec9nh\" width=\"827\" title=\"\"><\/p>\n<h4>S\u1ea3n ph\u1ea9m v\u00e0 l\u1ee3i th\u1ebf c\u1ee7a c\u00f4ng ty ch\u00fang t\u00f4i:<\/h4>\n<ol>\n<li>Xi lanh th\u1ee7y l\u1ef1c \u0111a d\u1ea1ng: Ch\u00fang t\u00f4i cung c\u1ea5p nhi\u1ec1u lo\u1ea1i xi lanh th\u1ee7y l\u1ef1c, bao g\u1ed3m xi lanh ki\u1ec3u ch\u1ed1t \u0111i\u1ec1u ch\u1ec9nh, xi lanh \u1ed1ng l\u1ed3ng, xi lanh thanh gi\u1eb1ng, v.v. Danh m\u1ee5c s\u1ea3n ph\u1ea9m phong ph\u00fa c\u1ee7a ch\u00fang t\u00f4i \u0111\u1ea3m b\u1ea3o ch\u00fang t\u00f4i c\u00f3 \u0111\u00fang lo\u1ea1i xi lanh cho nhi\u1ec1u \u1ee9ng d\u1ee5ng kh\u00e1c nhau.<\/li>\n<li>K\u1ebft c\u1ea5u ch\u1ea5t l\u01b0\u1ee3ng cao: Xi lanh th\u1ee7y l\u1ef1c c\u1ee7a ch\u00fang t\u00f4i \u0111\u01b0\u1ee3c s\u1ea3n xu\u1ea5t b\u1eb1ng v\u1eadt li\u1ec7u cao c\u1ea5p v\u00e0 k\u1ef9 thu\u1eadt s\u1ea3n xu\u1ea5t ti\u00ean ti\u1ebfn. \u0110i\u1ec1u n\u00e0y \u0111\u1ea3m b\u1ea3o \u0111\u1ed9 b\u1ec1n, \u0111\u1ed9 tin c\u1eady v\u00e0 tu\u1ed5i th\u1ecd cao, ngay c\u1ea3 trong \u0111i\u1ec1u ki\u1ec7n l\u00e0m vi\u1ec7c kh\u1eafc nghi\u1ec7t.<\/li>\n<li>Ki\u1ec3m so\u00e1t ch\u1ea5t l\u01b0\u1ee3ng nghi\u00eam ng\u1eb7t: T\u1ea1i FMP, ch\u00fang t\u00f4i \u0111\u00e3 thi\u1ebft l\u1eadp m\u1ed1i quan h\u1ec7 l\u00e2u d\u00e0i v\u00e0 \u1ed5n \u0111\u1ecbnh v\u1edbi c\u00e1c nh\u00e0 cung c\u1ea5p ch\u1ea5t l\u01b0\u1ee3ng cao. Ch\u00fang t\u00f4i ki\u1ec3m tra v\u00e0 th\u1eed nghi\u1ec7m nghi\u00eam ng\u1eb7t t\u1ea5t c\u1ea3 c\u00e1c b\u1ed9 ph\u1eadn \u0111\u01b0\u1ee3c cung c\u1ea5p \u0111\u1ec3 \u0111\u1ea3m b\u1ea3o ch\u00fang \u0111\u00e1p \u1ee9ng c\u00e1c ti\u00eau chu\u1ea9n ch\u1ea5t l\u01b0\u1ee3ng nghi\u00eam ng\u1eb7t c\u1ee7a ch\u00fang t\u00f4i. \u0110i\u1ec1u n\u00e0y \u0111\u1ea3m b\u1ea3o r\u1eb1ng xi lanh th\u1ee7y l\u1ef1c c\u1ee7a ch\u00fang t\u00f4i lu\u00f4n mang l\u1ea1i hi\u1ec7u su\u1ea5t v\u01b0\u1ee3t tr\u1ed9i.<\/li>\n<li>\u0110\u1ed9i ng\u0169 b\u00e1n h\u00e0ng chuy\u00ean nghi\u1ec7p: \u0110\u1ed9i ng\u0169 b\u00e1n h\u00e0ng gi\u00e0u kinh nghi\u1ec7m v\u00e0 k\u1ef9 n\u0103ng c\u1ee7a ch\u00fang t\u00f4i am hi\u1ec3u s\u00e2u s\u1eafc xu h\u01b0\u1edbng ph\u00e1t tri\u1ec3n v\u00e0 nhu c\u1ea7u c\u1ee7a kh\u00e1ch h\u00e0ng trong ng\u00e0nh m\u00e1y m\u00f3c x\u00e2y d\u1ef1ng. H\u1ecd cung c\u1ea5p d\u1ecbch v\u1ee5 t\u01b0 v\u1ea5n s\u1ea3n ph\u1ea9m chuy\u00ean nghi\u1ec7p v\u00e0 c\u00e1c \u0111\u1ec1 xu\u1ea5t mua h\u00e0ng th\u00f4ng minh, \u0111\u1ea3m b\u1ea3o kh\u00e1ch h\u00e0ng \u0111\u01b0a ra quy\u1ebft \u0111\u1ecbnh s\u00e1ng su\u1ed1t.<\/li>\n<li>H\u1ec7 th\u1ed1ng ph\u00e2n ph\u1ed1i h\u1eadu c\u1ea7n hi\u1ec7u qu\u1ea3: Ch\u00fang t\u00f4i c\u00f3 h\u1ec7 th\u1ed1ng ph\u00e2n ph\u1ed1i h\u1eadu c\u1ea7n hi\u1ec7u qu\u1ea3 \u0111\u1ec3 \u0111\u1ea3m b\u1ea3o giao h\u00e0ng xi lanh th\u1ee7y l\u1ef1c \u0111\u00fang h\u1ea1n v\u00e0 ch\u00ednh x\u00e1c. Kh\u00e1ch h\u00e0ng c\u00f3 th\u1ec3 tin t\u01b0\u1edfng ch\u00fang t\u00f4i s\u1ebd cung c\u1ea5p d\u1ecbch v\u1ee5 nhanh ch\u00f3ng v\u00e0 thu\u1eadn ti\u1ec7n, gi\u00fap gi\u1ea3m thi\u1ec3u th\u1eddi gian ng\u1eebng ho\u1ea1t \u0111\u1ed9ng v\u00e0 t\u1ed1i \u0111a h\u00f3a n\u0103ng su\u1ea5t.<\/li>\n<\/ol>\n<p>H\u00e3y ch\u1ecdn FMP l\u00e0m \u0111\u1ed1i t\u00e1c \u0111\u00e1ng tin c\u1eady cho m\u1ecdi nhu c\u1ea7u v\u1ec1 xi lanh th\u1ee7y l\u1ef1c c\u1ee7a b\u1ea1n. V\u1edbi danh m\u1ee5c s\u1ea3n ph\u1ea9m ch\u1ea5t l\u01b0\u1ee3ng cao, quy tr\u00ecnh ki\u1ec3m so\u00e1t ch\u1ea5t l\u01b0\u1ee3ng nghi\u00eam ng\u1eb7t, \u0111\u1ed9i ng\u0169 b\u00e1n h\u00e0ng am hi\u1ec3u v\u00e0 d\u1ecbch v\u1ee5 h\u1eadu c\u1ea7n hi\u1ec7u qu\u1ea3, ch\u00fang t\u00f4i cam k\u1ebft gi\u00fap b\u1ea1n \u0111\u1ea1t \u0111\u01b0\u1ee3c th\u00e0nh c\u00f4ng trong c\u00e1c d\u1ef1 \u00e1n m\u00e1y m\u00f3c x\u00e2y d\u1ef1ng.<\/p>\n<p>T\u00e1c gi\u1ea3: CX<\/p>","protected":false},"excerpt":{"rendered":"<p>Introducing the Low Price 10 Ton 4 Stage Hydraulic Telescopic Ram Cylinder: The Low Price 10 Ton 4 Stage Hydraulic Telescopic Ram Cylinder is a highly versatile and durable product designed to meet the demanding needs of various industries. With its advanced hydraulic technology, this cylinder offers exceptional performance and efficiency. Featuring a 10-ton capacity, [&hellip;]<\/p>","protected":false},"featured_media":1652,"comment_status":"closed","ping_status":"closed","template":"","meta":{"_et_pb_use_builder":"","_et_pb_old_content":"","_et_gb_content_width":""},"product_brand":[],"product_cat":[45],"product_tag":[34,48],"class_list":{"0":"post-1651","1":"product","2":"type-product","3":"status-publish","4":"has-post-thumbnail","6":"product_cat-inverted-telescopic-cylinder","7":"product_tag-hydraulic-cylinder","8":"product_tag-inverted-telescopic-cylinder","10":"first","11":"instock","12":"product-type-simple"},"_links":{"self":[{"href":"https:\/\/fmp-components.com\/vi\/wp-json\/wp\/v2\/product\/1651","targetHints":{"allow":["GET"]}}],"collection":[{"href":"https:\/\/fmp-components.com\/vi\/wp-json\/wp\/v2\/product"}],"about":[{"href":"https:\/\/fmp-components.com\/vi\/wp-json\/wp\/v2\/types\/product"}],"replies":[{"embeddable":true,"href":"https:\/\/fmp-components.com\/vi\/wp-json\/wp\/v2\/comments?post=1651"}],"wp:featuredmedia":[{"embeddable":true,"href":"https:\/\/fmp-components.com\/vi\/wp-json\/wp\/v2\/media\/1652"}],"wp:attachment":[{"href":"https:\/\/fmp-components.com\/vi\/wp-json\/wp\/v2\/media?parent=1651"}],"wp:term":[{"taxonomy":"product_brand","embeddable":true,"href":"https:\/\/fmp-components.com\/vi\/wp-json\/wp\/v2\/product_brand?post=1651"},{"taxonomy":"product_cat","embeddable":true,"href":"https:\/\/fmp-components.com\/vi\/wp-json\/wp\/v2\/product_cat?post=1651"},{"taxonomy":"product_tag","embeddable":true,"href":"https:\/\/fmp-components.com\/vi\/wp-json\/wp\/v2\/product_tag?post=1651"}],"curies":[{"name":"wp","href":"https:\/\/api.w.org\/{rel}","templated":true}]}}