{"id":1647,"date":"2024-12-23T07:00:44","date_gmt":"2024-12-23T07:00:44","guid":{"rendered":"https:\/\/fmp-components.com\/product\/china-factory-supply-telescopic-truck-hydraulic-ram-cylinder\/"},"modified":"2025-03-11T06:10:26","modified_gmt":"2025-03-11T06:10:26","slug":"italy-factory-supply-telescopic-truck-hydraulic-ram-cylinder","status":"publish","type":"product","link":"https:\/\/fmp-components.com\/vi\/product\/italy-factory-supply-telescopic-truck-hydraulic-ram-cylinder\/","title":{"rendered":"Nh\u00e0 m\u00e1y \u00dd cung c\u1ea5p xi lanh th\u1ee7y l\u1ef1c cho xe t\u1ea3i d\u1ea1ng \u1ed1ng l\u1ed3ng"},"content":{"rendered":"<p>Xi lanh th\u1ee7y l\u1ef1c d\u1ea1ng \u1ed1ng l\u1ed3ng Factory Supply l\u00e0 m\u1ed9t lo\u1ea1i xi lanh th\u1ee7y l\u1ef1c ch\u1ea5t l\u01b0\u1ee3ng cao, \u0111\u01b0\u1ee3c thi\u1ebft k\u1ebf \u0111\u1ec3 mang l\u1ea1i hi\u1ec7u su\u1ea5t \u0111\u00e1ng tin c\u1eady v\u00e0 hi\u1ec7u qu\u1ea3 cho nhi\u1ec1u \u1ee9ng d\u1ee5ng kh\u00e1c nhau. Xi lanh n\u00e0y \u0111\u01b0\u1ee3c thi\u1ebft k\u1ebf \u0111\u1ec3 ch\u1ecbu \u0111\u01b0\u1ee3c s\u1ef1 kh\u1eafc nghi\u1ec7t c\u1ee7a vi\u1ec7c s\u1eed d\u1ee5ng n\u1eb7ng v\u00e0 l\u00fd t\u01b0\u1edfng \u0111\u1ec3 s\u1eed d\u1ee5ng trong nhi\u1ec1u m\u00f4i tr\u01b0\u1eddng c\u00f4ng nghi\u1ec7p v\u00e0 th\u01b0\u01a1ng m\u1ea1i.<\/p>\n<p>M\u1ed9t trong nh\u1eefng \u0111\u1eb7c \u0111i\u1ec3m n\u1ed5i b\u1eadt c\u1ee7a xi lanh th\u1ee7y l\u1ef1c n\u00e0y l\u00e0 thi\u1ebft k\u1ebf d\u1ea1ng \u1ed1ng l\u1ed3ng. Thi\u1ebft k\u1ebf n\u00e0y cho ph\u00e9p ph\u1ea1m vi chuy\u1ec3n \u0111\u1ed9ng v\u00e0 t\u00ednh linh ho\u1ea1t l\u1edbn h\u01a1n, l\u00fd t\u01b0\u1edfng cho c\u00e1c \u1ee9ng d\u1ee5ng c\u00f3 kh\u00f4ng gian h\u1ea1n ch\u1ebf. Ngo\u00e0i ra, xi lanh \u0111\u01b0\u1ee3c ch\u1ebf t\u1ea1o t\u1eeb v\u1eadt li\u1ec7u ch\u1ea5t l\u01b0\u1ee3ng cao, \u0111\u1ea3m b\u1ea3o \u0111\u1ed9 b\u1ec1n v\u00e0 tu\u1ed5i th\u1ecd cao.<\/p>\n<p>M\u1ed9t l\u1ee3i \u00edch kh\u00e1c c\u1ee7a xi lanh th\u1ee7y l\u1ef1c n\u00e0y l\u00e0 t\u00ednh d\u1ec5 s\u1eed d\u1ee5ng. N\u00f3 \u0111\u01b0\u1ee3c thi\u1ebft k\u1ebf \u0111\u1ec3 d\u1ec5 d\u00e0ng l\u1eafp \u0111\u1eb7t v\u00e0 b\u1ea3o tr\u00ec, tr\u1edf th\u00e0nh l\u1ef1a ch\u1ecdn l\u00fd t\u01b0\u1edfng cho nh\u1eefng ai \u0111ang t\u00ecm ki\u1ebfm m\u1ed9t xi lanh th\u1ee7y l\u1ef1c \u0111\u00e1ng tin c\u1eady v\u00e0 \u00edt c\u1ea7n b\u1ea3o tr\u00ec. Th\u00eam v\u00e0o \u0111\u00f3, n\u00f3 \u0111\u01b0\u1ee3c thi\u1ebft k\u1ebf \u0111\u1ec3 t\u01b0\u01a1ng th\u00edch v\u1edbi nhi\u1ec1u h\u1ec7 th\u1ed1ng th\u1ee7y l\u1ef1c kh\u00e1c nhau, l\u00e0m cho n\u00f3 tr\u1edf th\u00e0nh l\u1ef1a ch\u1ecdn linh ho\u1ea1t cho nhi\u1ec1u \u1ee9ng d\u1ee5ng.<\/p>\n<table style=\"width: 100%;\" border=\"1\" width=\"100%\" cellspacing=\"0\" cellpadding=\"0\">\n<tbody>\n<tr>\n<th>T\u00ean s\u1ea3n ph\u1ea9m<\/th>\n<td>Xi lanh th\u1ee7y l\u1ef1c d\u1ea1ng \u1ed1ng l\u1ed3ng cung c\u1ea5p t\u1eeb nh\u00e0 m\u00e1y<\/td>\n<\/tr>\n<tr>\n<th>T\u00ecnh tr\u1ea1ng<\/th>\n<td>M\u1edbi<\/td>\n<\/tr>\n<tr>\n<th>B\u1ea3o h\u00e0nh<\/th>\n<td>1 n\u0103m<\/td>\n<\/tr>\n<tr>\n<th>C\u00e2n n\u1eb7ng (KG)<\/th>\n<td>56<\/td>\n<\/tr>\n<tr>\n<th>L\u1ef1c \u0111\u1ea9y t\u1ed1i \u0111a<\/th>\n<td>3000<\/td>\n<\/tr>\n<tr>\n<th>L\u1ef1c k\u00e9o t\u1ed1i \u0111a<\/th>\n<td>20 t\u1ea5n<\/td>\n<\/tr>\n<tr>\n<th>V\u1eadt li\u1ec7u th\u00e2n m\u00e1y<\/th>\n<td>Th\u00e9p<\/td>\n<\/tr>\n<tr>\n<th>K\u00edch th\u01b0\u1edbc l\u1ed7 khoan<\/th>\n<td>2-6 inch<\/td>\n<\/tr>\n<tr>\n<th>K\u00edch th\u01b0\u1edbc thanh<\/th>\n<td>1,125-4 inch<\/td>\n<\/tr>\n<tr>\n<th>K\u00edch th\u01b0\u1edbc n\u00e9t v\u1ebd<\/th>\n<td>6-48 inch<\/td>\n<\/tr>\n<tr>\n<th>K\u00edch th\u01b0\u1edbc ch\u00e2n c\u1eafm<\/th>\n<td>0,5-2 inch<\/td>\n<\/tr>\n<tr>\n<th>C\u00e1c ng\u00e0nh c\u00f4ng nghi\u1ec7p \u00e1p d\u1ee5ng<\/th>\n<td>Nh\u00e0 m\u00e1y s\u1ea3n xu\u1ea5t, x\u01b0\u1edfng s\u1eeda ch\u1eefa m\u00e1y m\u00f3c, trang tr\u1ea1i, ng\u00e0nh n\u0103ng l\u01b0\u1ee3ng, khai th\u00e1c m\u1ecf, nh\u00e0 m\u00e1y ch\u1ebf t\u1ea1o m\u00e1y m\u00f3c<\/td>\n<\/tr>\n<tr>\n<th>Thi\u1ebft k\u1ebf<\/th>\n<td>C\u00f3 th\u1ec3 thu g\u1ecdn \u0111\u1ec3 t\u0103ng hi\u1ec7u su\u1ea5t<\/td>\n<\/tr>\n<tr>\n<th>Hi\u1ec7u su\u1ea5t<\/th>\n<td>\u0110\u00e1ng tin c\u1eady v\u00e0 hi\u1ec7u qu\u1ea3<\/td>\n<\/tr>\n<\/tbody>\n<\/table>\n<h2>\u0110\u1eb7c \u0111i\u1ec3m c\u1ee7a xi lanh th\u1ee7y l\u1ef1c d\u1ea1ng \u1ed1ng l\u1ed3ng cho xe t\u1ea3i<\/h2>\n<p>Xi lanh th\u1ee7y l\u1ef1c n\u00e0y s\u1edf h\u1eefu m\u1ed9t lo\u1ea1t c\u00e1c t\u00ednh n\u0103ng v\u01b0\u1ee3t tr\u1ed9i so v\u1edbi c\u00e1c s\u1ea3n ph\u1ea9m c\u1ea1nh tranh:<\/p>\n<p><img decoding=\"async\" src=\"https:\/\/hzpt.com\/wp-content\/uploads\/2023\/11\/Inverted-Telescopic-Cylinder-21.webp\" alt=\"\" title=\"\"><\/p>\n<ul>\n<li><strong>T\u00ecnh tr\u1ea1ng m\u1edbi:<\/strong> S\u1ea3n ph\u1ea9m ho\u00e0n to\u00e0n m\u1edbi, \u0111\u1ea3m b\u1ea3o hi\u1ec7u su\u1ea5t t\u1ed1i \u01b0u.<\/li>\n<li><strong>B\u1ea3o h\u00e0nh 1 n\u0103m:<\/strong> Ch\u00fang t\u00f4i cam k\u1ebft v\u1ec1 ch\u1ea5t l\u01b0\u1ee3ng s\u1ea3n ph\u1ea9m c\u1ee7a m\u00ecnh v\u1edbi ch\u1ebf \u0111\u1ed9 b\u1ea3o h\u00e0nh 1 n\u0103m.<\/li>\n<li><strong>Ch\u1ee9ng nh\u1eadn ISO9001:2000:<\/strong> S\u1ea3n ph\u1ea9m \u0111\u00e1p \u1ee9ng c\u00e1c ti\u00eau chu\u1ea9n qu\u1ed1c t\u1ebf v\u1ec1 ch\u1ea5t l\u01b0\u1ee3ng v\u00e0 an to\u00e0n.<\/li>\n<li><strong>\u1ed0ng tr\u1ee5 l\u1ed3ng ng\u01b0\u1ee3c:<\/strong> S\u1ea3n ph\u1ea9m n\u00e0y c\u00f3 c\u00e1c xi lanh l\u1ed3ng ng\u01b0\u1ee3c gi\u00fap t\u0103ng c\u01b0\u1eddng ch\u1ee9c n\u0103ng v\u00e0 \u0111\u1ed9 tin c\u1eady.<\/li>\n<li><strong>Th\u00e2n m\u00e1y b\u1eb1ng th\u00e9p b\u1ec1n ch\u1eafc:<\/strong> \u0110\u01b0\u1ee3c ch\u1ebf t\u1ea1o v\u1edbi th\u00e2n m\u00e1y b\u1eb1ng th\u00e9p ch\u1eafc ch\u1eafn, s\u1ea3n ph\u1ea9m n\u00e0y h\u1ee9a h\u1eb9n hi\u1ec7u n\u0103ng b\u1ec1n b\u1ec9 l\u00e2u d\u00e0i.<\/li>\n<\/ul>\n<h2>\u1ee8ng d\u1ee5ng c\u1ee7a xi lanh th\u1ee7y l\u1ef1c d\u1ea1ng \u1ed1ng l\u1ed3ng cho xe t\u1ea3i<\/h2>\n<p>Xi lanh th\u1ee7y l\u1ef1c ki\u1ec3u piston c\u1ee7a ch\u00fang t\u00f4i r\u1ea5t \u0111a n\u0103ng v\u00e0 c\u00f3 th\u1ec3 \u0111\u01b0\u1ee3c s\u1eed d\u1ee5ng trong nhi\u1ec1u ng\u00e0nh c\u00f4ng nghi\u1ec7p v\u00e0 \u1ee9ng d\u1ee5ng kh\u00e1c nhau:<\/p>\n<ul>\n<li><strong>Nh\u00e0 m\u00e1y s\u1ea3n xu\u1ea5t:<\/strong> Th\u00edch h\u1ee3p s\u1eed d\u1ee5ng trong c\u00e1c nh\u00e0 m\u00e1y s\u1ea3n xu\u1ea5t m\u00e1y m\u00f3c.<\/li>\n<li><strong>C\u1eeda h\u00e0ng s\u1eeda ch\u1eefa m\u00e1y m\u00f3c:<\/strong> C\u1ea7n thi\u1ebft cho vi\u1ec7c s\u1eeda ch\u1eefa v\u00e0 b\u1ea3o tr\u00ec m\u00e1y m\u00f3c.<\/li>\n<li><strong>Trang tr\u1ea1i:<\/strong> Cung c\u1ea5p d\u1ecbch v\u1ee5 \u0111\u00e1ng tin c\u1eady trong m\u00f4i tr\u01b0\u1eddng n\u00f4ng nghi\u1ec7p.<\/li>\n<li><strong>N\u0103ng l\u01b0\u1ee3ng v\u00e0 Khai kho\u00e1ng:<\/strong> \u0110\u1ee7 m\u1ea1nh m\u1ebd \u0111\u1ec3 \u0111\u00e1p \u1ee9ng c\u00e1c ho\u1ea1t \u0111\u1ed9ng khai th\u00e1c v\u00e0 n\u0103ng l\u01b0\u1ee3ng \u0111\u1ea7y th\u00e1ch th\u1ee9c.<\/li>\n<li><strong>Nh\u00e0 m\u00e1y c\u01a1 kh\u00ed:<\/strong> M\u1ed9t b\u1ed9 ph\u1eadn quan tr\u1ecdng trong c\u00e1c nh\u00e0 m\u00e1y s\u1ea3n xu\u1ea5t m\u00e1y m\u00f3c.<\/li>\n<\/ul>\n<p><img decoding=\"async\" src=\"https:\/\/hzpt.com\/wp-content\/uploads\/2023\/11\/Inverted-Telescopic-Cylinder-Applications.webp\" alt=\"\u1ee8ng d\u1ee5ng xi lanh th\u1ee7y l\u1ef1c d\u1ea1ng \u1ed1ng l\u1ed3ng cho xe t\u1ea3i\" title=\"\"><\/p>\n<h2>Nguy\u00ean l\u00fd ho\u1ea1t \u0111\u1ed9ng v\u00e0 b\u1ea3o d\u01b0\u1ee1ng xi lanh th\u1ee7y l\u1ef1c c\u1ee7a xe n\u00e2ng c\u1ea7n tr\u1ee5c d\u1ea1ng \u1ed1ng l\u1ed3ng<\/h2>\n<p>Xi lanh th\u1ee7y l\u1ef1c n\u00e0y ho\u1ea1t \u0111\u1ed9ng b\u1eb1ng c\u00e1ch chuy\u1ec3n \u0111\u1ed5i \u00e1p su\u1ea5t ch\u1ea5t l\u1ecfng th\u1ee7y l\u1ef1c th\u00e0nh l\u1ef1c, cho ph\u00e9p n\u00e2ng c\u00e1c v\u1eadt n\u1eb7ng. B\u1ea3o tr\u00ec l\u00e0 ch\u00eca kh\u00f3a \u0111\u1ec3 k\u00e9o d\u00e0i tu\u1ed5i th\u1ecd v\u00e0 bao g\u1ed3m ki\u1ec3m tra \u0111\u1ecbnh k\u1ef3, l\u00e0m s\u1ea1ch, b\u00f4i tr\u01a1n, thay th\u1ebf gio\u0103ng v\u00e0 tu\u00e2n th\u1ee7 h\u01b0\u1edbng d\u1eabn s\u1eed d\u1ee5ng.<img decoding=\"async\" src=\"https:\/\/hzpt.com\/wp-content\/uploads\/2023\/11\/Inverted-Telescopic-Cylinder-3.webp\" alt=\"\" title=\"\"><\/p>\n<h2>H\u00ecnh tr\u1ee5 \u1ed1ng l\u1ed3ng ng\u01b0\u1ee3c<\/h2>\n<p>Xi lanh th\u1ee7y l\u1ef1c d\u1ea1ng \u1ed1ng l\u1ed3ng ng\u01b0\u1ee3c, c\u00f2n \u0111\u01b0\u1ee3c g\u1ecdi l\u00e0 xi lanh th\u1ee7y l\u1ef1c d\u1ea1ng \u1ed1ng l\u1ed3ng t\u00e1c \u0111\u1ed9ng ng\u01b0\u1ee3c, l\u00e0 m\u1ed9t lo\u1ea1i xi lanh th\u1ee7y l\u1ef1c c\u00f3 c\u1ea7n piston g\u1eafn v\u00e0o v\u00e0 k\u00e9o d\u00e0i t\u1eeb \u0111\u00e1y xi lanh. N\u00f3 th\u01b0\u1eddng \u0111\u01b0\u1ee3c s\u1eed d\u1ee5ng trong c\u00e1c \u1ee9ng d\u1ee5ng c\u1ea7n l\u1ef1c l\u1edbn trong kh\u00f4ng gian nh\u1ecf g\u1ecdn, ch\u1eb3ng h\u1ea1n nh\u01b0 trong m\u00e1y m\u00f3c x\u00e2y d\u1ef1ng v\u00e0 thi\u1ebft b\u1ecb n\u00e2ng h\u1ea1 tr\u00ean kh\u00f4ng. Trong b\u00e0i vi\u1ebft n\u00e0y, ch\u00fang ta s\u1ebd th\u1ea3o lu\u1eadn v\u1ec1 c\u00e1c \u0111\u1eb7c \u0111i\u1ec3m v\u00e0 nguy\u00ean l\u00fd ho\u1ea1t \u0111\u1ed9ng c\u1ee7a xi lanh th\u1ee7y l\u1ef1c d\u1ea1ng \u1ed1ng l\u1ed3ng ng\u01b0\u1ee3c.<\/p>\n<h3>Thi\u1ebft k\u1ebf v\u00e0 \u0111\u1eb7c \u0111i\u1ec3m c\u1ee7a \u1ed1ng l\u1ed3ng ng\u01b0\u1ee3c<\/h3>\n<p>Kh\u00e1c v\u1edbi c\u00e1c xi lanh l\u1ed3ng truy\u1ec1n th\u1ed1ng, xi lanh l\u1ed3ng ng\u01b0\u1ee3c c\u00f3 \u0111\u01b0\u1eddng k\u00ednh nh\u1ecf h\u01a1n \u1edf \u0111\u00e1y v\u00e0 \u0111\u01b0\u1eddng k\u00ednh l\u1edbn h\u01a1n \u1edf \u0111\u1ec9nh. Ph\u1ea7n \u0111\u00e1y c\u1ee7a xi lanh \u0111\u01b0\u1ee3c c\u1ed1 \u0111\u1ecbnh v\u00e0o m\u00e1y, trong khi c\u1ea7n piston k\u00e9o d\u00e0i xu\u1ed1ng d\u01b0\u1edbi t\u1eeb \u0111\u00e1y xi lanh.<\/p>\n<p>\u01afu \u0111i\u1ec3m ch\u00ednh c\u1ee7a xi lanh l\u1ed3ng ng\u01b0\u1ee3c l\u00e0 n\u00f3 c\u00f3 th\u1ec3 cung c\u1ea5p h\u00e0nh tr\u00ecnh l\u1edbn h\u01a1n trong kh\u00f4ng gian nh\u1ecf h\u01a1n, nh\u1edd thi\u1ebft k\u1ebf nh\u1ecf g\u1ecdn. N\u00f3 c\u0169ng b\u1ec1n h\u01a1n so v\u1edbi xi lanh l\u1ed3ng truy\u1ec1n th\u1ed1ng v\u00ec \u00edt b\u1ecb cong ho\u1eb7c xo\u1eafn d\u01b0\u1edbi \u00e1p l\u1ef1c.<\/p>\n<p>Xi lanh l\u1ed3ng ng\u01b0\u1ee3c \u0111\u01b0\u1ee3c c\u1ea5u t\u1ea1o t\u1eeb nhi\u1ec1u t\u1ea7ng, m\u1ed7i t\u1ea7ng g\u1ed3m m\u1ed9t piston v\u00e0 m\u1ed9t xi lanh. C\u00e1c t\u1ea7ng \u0111\u01b0\u1ee3c n\u1ed1i v\u1edbi nhau b\u1eb1ng c\u00e1c thanh ren, cho ph\u00e9p d\u1ec5 d\u00e0ng th\u00e1o l\u1eafp v\u00e0 b\u1ea3o tr\u00ec.<\/p>\n<h3>Nguy\u00ean l\u00fd ho\u1ea1t \u0111\u1ed9ng c\u1ee7a xi lanh l\u1ed3ng ng\u01b0\u1ee3c<\/h3>\n<p>Xi lanh th\u1ee7y l\u1ef1c d\u1ea1ng \u1ed1ng l\u1ed3ng ng\u01b0\u1ee3c ho\u1ea1t \u0111\u1ed9ng d\u1ef1a tr\u00ean \u0111\u1ecbnh lu\u1eadt Pascal, \u0111\u1ecbnh lu\u1eadt n\u00e0y ph\u00e1t bi\u1ec3u r\u1eb1ng s\u1ef1 thay \u0111\u1ed5i \u00e1p su\u1ea5t trong ch\u1ea5t l\u1ecfng k\u00edn \u0111\u01b0\u1ee3c truy\u1ec1n \u0111\u1ec1u kh\u1eafp ch\u1ea5t l\u1ecfng. Khi ch\u1ea5t l\u1ecfng th\u1ee7y l\u1ef1c \u0111\u01b0\u1ee3c b\u01a1m v\u00e0o xi lanh, n\u00f3 t\u1ea1o \u00e1p su\u1ea5t l\u00ean p\u00edt t\u00f4ng, khi\u1ebfn p\u00edt t\u00f4ng chuy\u1ec3n \u0111\u1ed9ng xu\u1ed1ng d\u01b0\u1edbi. Khi p\u00edt t\u00f4ng chuy\u1ec3n \u0111\u1ed9ng, thanh n\u1ed1i v\u1edbi n\u00f3 c\u0169ng chuy\u1ec3n \u0111\u1ed9ng xu\u1ed1ng d\u01b0\u1edbi.<\/p>\n<p>Khi p\u00edt-t\u00f4ng di chuy\u1ec3n xu\u1ed1ng, ch\u1ea5t l\u1ecfng th\u1ee7y l\u1ef1c \u0111\u01b0\u1ee3c \u0111\u1ea9y qua c\u00e1c l\u1ed7 v\u00e0 v\u00e0o giai \u0111o\u1ea1n ti\u1ebfp theo c\u1ee7a xi-lanh. Qu\u00e1 tr\u00ecnh n\u00e0y ti\u1ebfp t\u1ee5c cho \u0111\u1ebfn khi p\u00edt-t\u00f4ng ch\u1ea1m \u0111\u00e1y xi-lanh, l\u00fac \u0111\u00f3 to\u00e0n b\u1ed9 xi-lanh \u0111\u01b0\u1ee3c k\u00e9o d\u00e0i ho\u00e0n to\u00e0n.<\/p>\n<p>Khi xi lanh c\u1ea7n thu h\u1ed3i, ch\u1ea5t l\u1ecfng th\u1ee7y l\u1ef1c \u0111\u01b0\u1ee3c b\u01a1m v\u00e0o ph\u1ea7n tr\u00ean c\u1ee7a xi lanh, khi\u1ebfn p\u00edt-t\u00f4ng di chuy\u1ec3n l\u00ean tr\u00ean. Khi p\u00edt-t\u00f4ng di chuy\u1ec3n, ch\u1ea5t l\u1ecfng th\u1ee7y l\u1ef1c b\u1ecb \u0111\u1ea9y ng\u01b0\u1ee3c tr\u1edf l\u1ea1i v\u1ecb tr\u00ed tr\u01b0\u1edbc \u0111\u00f3 c\u1ee7a xi lanh cho \u0111\u1ebfn khi to\u00e0n b\u1ed9 xi lanh \u0111\u01b0\u1ee3c thu h\u1ed3i ho\u00e0n to\u00e0n.<\/p>\n<h3>\u1ee8ng d\u1ee5ng c\u1ee7a \u1ed1ng tr\u1ee5 l\u1ed3ng ng\u01b0\u1ee3c<\/h3>\n<p>Xi lanh th\u1ee7y l\u1ef1c d\u1ea1ng \u1ed1ng l\u1ed3ng ng\u01b0\u1ee3c th\u01b0\u1eddng \u0111\u01b0\u1ee3c s\u1eed d\u1ee5ng trong m\u00e1y m\u00f3c x\u00e2y d\u1ef1ng, ch\u1eb3ng h\u1ea1n nh\u01b0 m\u00e1y x\u00fac v\u00e0 m\u00e1y \u0111\u00e0o, nh\u1edd thi\u1ebft k\u1ebf nh\u1ecf g\u1ecdn v\u00e0 kh\u1ea3 n\u0103ng t\u1ea1o ra l\u1ef1c l\u1edbn trong kh\u00f4ng gian h\u1eb9p. N\u00f3 c\u0169ng \u0111\u01b0\u1ee3c s\u1eed d\u1ee5ng trong c\u00e1c thi\u1ebft b\u1ecb n\u00e2ng h\u1ea1 tr\u00ean kh\u00f4ng, ch\u1eb3ng h\u1ea1n nh\u01b0 xe n\u00e2ng ng\u01b0\u1eddi, thang n\u00e2ng c\u1eaft k\u00e9o v\u00e0 c\u1ea7n c\u1ea9u, v\u00ec nh\u1eefng l\u00fd do t\u01b0\u01a1ng t\u1ef1.<\/p>\n<p>Xi lanh th\u1ee7y l\u1ef1c d\u1ea1ng \u1ed1ng l\u1ed3ng ng\u01b0\u1ee3c l\u00e0 m\u1ed9t thi\u1ebft k\u1ebf xi lanh th\u1ee7y l\u1ef1c c\u1ea3i ti\u1ebfn, cung c\u1ea5p l\u1ef1c l\u1edbn trong kh\u00f4ng gian nh\u1ecf g\u1ecdn. Thi\u1ebft k\u1ebf \u0111\u1ed9c \u0111\u00e1o v\u00e0 nguy\u00ean l\u00fd ho\u1ea1t \u0111\u1ed9ng c\u1ee7a n\u00f3 l\u00e0m cho n\u00f3 tr\u1edf th\u00e0nh l\u1ef1a ch\u1ecdn l\u00fd t\u01b0\u1edfng \u0111\u1ec3 s\u1eed d\u1ee5ng trong m\u00e1y m\u00f3c x\u00e2y d\u1ef1ng v\u00e0 c\u00e1c thi\u1ebft b\u1ecb n\u00e2ng h\u1ea1 tr\u00ean kh\u00f4ng. L\u00e0 m\u1ed9t b\u1ed9 ph\u1eadn \u0111\u00e1ng tin c\u1eady v\u00e0 b\u1ec1n b\u1ec9, n\u00f3 l\u00e0 m\u1ed9t kho\u1ea3n \u0111\u1ea7u t\u01b0 c\u00f3 gi\u00e1 tr\u1ecb cho b\u1ea5t k\u1ef3 \u1ee9ng d\u1ee5ng c\u00f4ng nghi\u1ec7p n\u00e0o.<\/p>\n<h3>Gi\u1edbi thi\u1ec7u v\u1ec1 FMP<\/h3>\n<p>FMP l\u00e0 c\u00f4ng ty h\u00e0ng \u0111\u1ea7u chuy\u00ean s\u1ea3n xu\u1ea5t v\u00e0 kinh doanh xi lanh th\u1ee7y l\u1ef1c. V\u1edbi tr\u1ee5 s\u1edf ch\u00ednh \u0111\u1eb7t t\u1ea1i \u00dd, ch\u00fang t\u00f4i cam k\u1ebft cung c\u1ea5p cho kh\u00e1ch h\u00e0ng nh\u1eefng xi lanh th\u1ee7y l\u1ef1c ch\u1ea5t l\u01b0\u1ee3ng cao v\u00e0 \u0111\u00e1ng tin c\u1eady, d\u1ef1a tr\u00ean kinh nghi\u1ec7m l\u00e2u n\u0103m trong ng\u00e0nh v\u00e0 \u0111\u1ed9i ng\u0169 chuy\u00ean nghi\u1ec7p.<\/p>\n<p><img decoding=\"async\" src=\"https:\/\/fmp-components.com\/wp-content\/uploads\/2024\/12\/Adjustable-Clevis-Type-Cylinders-6.webp\" alt=\"Xi lanh lo\u1ea1i Clevis c\u00f3 th\u1ec3 \u0111i\u1ec1u ch\u1ec9nh\" width=\"825\" title=\"\"><\/p>\n<p>Ch\u00fang t\u00f4i t\u1ef1 h\u00e0o cung c\u1ea5p \u0111a d\u1ea1ng c\u00e1c lo\u1ea1i xi lanh th\u1ee7y l\u1ef1c cao c\u1ea5p v\u00e0 ph\u1ee5 ki\u1ec7n \u0111i k\u00e8m \u0111\u1ec3 \u0111\u00e1p \u1ee9ng c\u00e1c nhu c\u1ea7u kh\u00e1c nhau trong ng\u00e0nh m\u00e1y m\u00f3c x\u00e2y d\u1ef1ng. D\u01b0\u1edbi \u0111\u00e2y l\u00e0 n\u0103m \u01b0u \u0111i\u1ec3m v\u00e0 t\u00ednh n\u0103ng ch\u00ednh c\u1ee7a s\u1ea3n ph\u1ea9m v\u00e0 c\u00f4ng ty ch\u00fang t\u00f4i:<\/p>\n<ol>\n<li>Ch\u1ea5t l\u01b0\u1ee3ng v\u01b0\u1ee3t tr\u1ed9i: Xi lanh th\u1ee7y l\u1ef1c c\u1ee7a ch\u00fang t\u00f4i \u0111\u01b0\u1ee3c s\u1ea3n xu\u1ea5t v\u1edbi \u0111\u1ed9 ch\u00ednh x\u00e1c cao b\u1eb1ng v\u1eadt li\u1ec7u t\u1ed1t nh\u1ea5t \u0111\u1ec3 \u0111\u1ea3m b\u1ea3o \u0111\u1ed9 b\u1ec1n v\u00e0 hi\u1ec7u su\u1ea5t.<\/li>\n<li>D\u00f2ng s\u1ea3n ph\u1ea9m m\u1edf r\u1ed9ng: Ch\u00fang t\u00f4i cung c\u1ea5p nhi\u1ec1u lo\u1ea1i xi lanh th\u1ee7y l\u1ef1c, bao g\u1ed3m xi lanh lo\u1ea1i ch\u1ed1t c\u00f3 th\u1ec3 \u0111i\u1ec1u ch\u1ec9nh, xi lanh thanh gi\u1eb1ng, xi lanh \u1ed1ng l\u1ed3ng, v.v., mang \u0111\u1ebfn gi\u1ea3i ph\u00e1p cho nhi\u1ec1u \u1ee9ng d\u1ee5ng kh\u00e1c nhau.<\/li>\n<li>M\u1ea1ng l\u01b0\u1edbi nh\u00e0 cung c\u1ea5p \u0111\u00e1ng tin c\u1eady: Th\u00f4ng qua quan h\u1ec7 \u0111\u1ed1i t\u00e1c l\u00e2u d\u00e0i v\u1edbi c\u00e1c nh\u00e0 cung c\u1ea5p uy t\u00edn trong n\u01b0\u1edbc v\u00e0 qu\u1ed1c t\u1ebf, ch\u00fang t\u00f4i \u0111\u1ea3m b\u1ea3o cung c\u1ea5p ngu\u1ed3n linh ki\u1ec7n ch\u1ea5t l\u01b0\u1ee3ng cao \u0111\u00e1p \u1ee9ng c\u00e1c ti\u00eau chu\u1ea9n ch\u1ea5t l\u01b0\u1ee3ng nghi\u00eam ng\u1eb7t.<\/li>\n<li>\u0110\u1ed9i ng\u0169 b\u00e1n h\u00e0ng chuy\u00ean gia: \u0110\u1ed9i ng\u0169 b\u00e1n h\u00e0ng gi\u00e0u kinh nghi\u1ec7m c\u1ee7a ch\u00fang t\u00f4i s\u1edf h\u1eefu ki\u1ebfn \u200b\u200bth\u1ee9c s\u00e2u r\u1ed9ng v\u1ec1 ng\u00e0nh m\u00e1y m\u00f3c x\u00e2y d\u1ef1ng, cho ph\u00e9p h\u1ecd cung c\u1ea5p t\u01b0 v\u1ea5n s\u1ea3n ph\u1ea9m chuy\u00ean nghi\u1ec7p v\u00e0 c\u00e1c khuy\u1ebfn ngh\u1ecb mua h\u00e0ng c\u00f3 gi\u00e1 tr\u1ecb ph\u00f9 h\u1ee3p v\u1edbi y\u00eau c\u1ea7u c\u1ee5 th\u1ec3 c\u1ee7a kh\u00e1ch h\u00e0ng.<\/li>\n<li>H\u1eadu c\u1ea7n hi\u1ec7u qu\u1ea3: Ch\u00fang t\u00f4i \u0111\u00e3 thi\u1ebft l\u1eadp m\u1ed9t h\u1ec7 th\u1ed1ng ph\u00e2n ph\u1ed1i h\u1eadu c\u1ea7n hi\u1ec7u qu\u1ea3 \u0111\u1ec3 \u0111\u1ea3m b\u1ea3o giao h\u00e0ng nhanh ch\u00f3ng v\u00e0 ch\u00ednh x\u00e1c c\u00e1c xi lanh th\u1ee7y l\u1ef1c c\u1ea7n thi\u1ebft tr\u1ef1c ti\u1ebfp \u0111\u1ebfn kh\u00e1ch h\u00e0ng, gi\u1ea3m thi\u1ec3u th\u1eddi gian ch\u1ebft v\u00e0 t\u1ed1i \u0111a h\u00f3a n\u0103ng su\u1ea5t.<\/li>\n<\/ol>\n<p>H\u00e3y ch\u1ecdn FMP l\u00e0m \u0111\u1ed1i t\u00e1c \u0111\u00e1ng tin c\u1eady cho m\u1ecdi nhu c\u1ea7u v\u1ec1 xi lanh th\u1ee7y l\u1ef1c c\u1ee7a b\u1ea1n. Li\u00ean h\u1ec7 v\u1edbi ch\u00fang t\u00f4i ngay h\u00f4m nay \u0111\u1ec3 th\u1ea3o lu\u1eadn v\u1ec1 c\u00e1ch ch\u00fang t\u00f4i c\u00f3 th\u1ec3 h\u1ed7 tr\u1ee3 c\u00e1c d\u1ef1 \u00e1n m\u00e1y m\u00f3c x\u00e2y d\u1ef1ng c\u1ee7a b\u1ea1n.<\/p>\n<p>T\u00e1c gi\u1ea3: CX<\/p>","protected":false},"excerpt":{"rendered":"<p>Factory Supply Telescopic Truck Hydraulic Ram Cylinder is a high-quality hydraulic cylinder that is designed to provide reliable and efficient performance for a wide range of applications. This cylinder is designed to withstand the rigors of heavy use and is ideal for use in a variety of industrial and commercial settings. One of the key [&hellip;]<\/p>","protected":false},"featured_media":1648,"comment_status":"closed","ping_status":"closed","template":"","meta":{"_et_pb_use_builder":"","_et_pb_old_content":"","_et_gb_content_width":""},"product_brand":[],"product_cat":[45],"product_tag":[34,48],"class_list":{"0":"post-1647","1":"product","2":"type-product","3":"status-publish","4":"has-post-thumbnail","6":"product_cat-inverted-telescopic-cylinder","7":"product_tag-hydraulic-cylinder","8":"product_tag-inverted-telescopic-cylinder","10":"first","11":"instock","12":"product-type-simple"},"_links":{"self":[{"href":"https:\/\/fmp-components.com\/vi\/wp-json\/wp\/v2\/product\/1647","targetHints":{"allow":["GET"]}}],"collection":[{"href":"https:\/\/fmp-components.com\/vi\/wp-json\/wp\/v2\/product"}],"about":[{"href":"https:\/\/fmp-components.com\/vi\/wp-json\/wp\/v2\/types\/product"}],"replies":[{"embeddable":true,"href":"https:\/\/fmp-components.com\/vi\/wp-json\/wp\/v2\/comments?post=1647"}],"wp:featuredmedia":[{"embeddable":true,"href":"https:\/\/fmp-components.com\/vi\/wp-json\/wp\/v2\/media\/1648"}],"wp:attachment":[{"href":"https:\/\/fmp-components.com\/vi\/wp-json\/wp\/v2\/media?parent=1647"}],"wp:term":[{"taxonomy":"product_brand","embeddable":true,"href":"https:\/\/fmp-components.com\/vi\/wp-json\/wp\/v2\/product_brand?post=1647"},{"taxonomy":"product_cat","embeddable":true,"href":"https:\/\/fmp-components.com\/vi\/wp-json\/wp\/v2\/product_cat?post=1647"},{"taxonomy":"product_tag","embeddable":true,"href":"https:\/\/fmp-components.com\/vi\/wp-json\/wp\/v2\/product_tag?post=1647"}],"curies":[{"name":"wp","href":"https:\/\/api.w.org\/{rel}","templated":true}]}}