{"id":1645,"date":"2024-12-23T07:00:44","date_gmt":"2024-12-23T07:00:44","guid":{"rendered":"https:\/\/fmp-components.com\/product\/factory-price-long-stroke-hydraulic-cylinder-for-truck\/"},"modified":"2025-03-11T05:50:23","modified_gmt":"2025-03-11T05:50:23","slug":"factory-price-long-stroke-hydraulic-cylinder-for-truck","status":"publish","type":"product","link":"https:\/\/fmp-components.com\/vi\/product\/factory-price-long-stroke-hydraulic-cylinder-for-truck\/","title":{"rendered":"Gi\u00e1 xu\u1ea5t x\u01b0\u1edfng Xi lanh th\u1ee7y l\u1ef1c h\u00e0nh tr\u00ecnh d\u00e0i cho xe t\u1ea3i"},"content":{"rendered":"<p>Xi lanh th\u1ee7y l\u1ef1c h\u00e0nh tr\u00ecnh d\u00e0i gi\u00e1 xu\u1ea5t x\u01b0\u1edfng d\u00e0nh cho xe t\u1ea3i l\u00e0 lo\u1ea1i xi lanh th\u1ee7y l\u1ef1c c\u00f3 \u0111\u1ed9 tin c\u1eady v\u00e0 hi\u1ec7u qu\u1ea3 cao, \u0111\u01b0\u1ee3c thi\u1ebft k\u1ebf \u0111\u1eb7c bi\u1ec7t \u0111\u1ec3 s\u1eed d\u1ee5ng trong xe t\u1ea3i. \u0110\u01b0\u1ee3c s\u1ea3n xu\u1ea5t b\u1eb1ng v\u1eadt li\u1ec7u ch\u1ea5t l\u01b0\u1ee3ng cao, xi lanh th\u1ee7y l\u1ef1c n\u00e0y \u0111\u01b0\u1ee3c thi\u1ebft k\u1ebf \u0111\u1ec3 c\u00f3 tu\u1ed5i th\u1ecd cao v\u00e0 hi\u1ec7u su\u1ea5t ho\u1ea1t \u0111\u1ed9ng t\u1ed1t ngay c\u1ea3 trong nh\u1eefng \u0111i\u1ec1u ki\u1ec7n kh\u1eafc nghi\u1ec7t nh\u1ea5t.<\/p>\n<p>V\u1edbi thi\u1ebft k\u1ebf h\u00e0nh tr\u00ecnh d\u00e0i, xi lanh th\u1ee7y l\u1ef1c n\u00e0y c\u00f3 kh\u1ea3 n\u0103ng cung c\u1ea5p l\u1ef1c m\u1ea1nh m\u1ebd v\u00e0 \u1ed5n \u0111\u1ecbnh trong su\u1ed1t chi\u1ec1u d\u00e0i h\u00e0nh tr\u00ecnh, l\u00fd t\u01b0\u1edfng cho c\u00e1c \u1ee9ng d\u1ee5ng t\u1ea3i n\u1eb7ng nh\u01b0 b\u1ed1c d\u1ee1 h\u00e0ng h\u00f3a tr\u00ean xe t\u1ea3i.<\/p>\n<p>Ngo\u00e0i hi\u1ec7u su\u1ea5t v\u01b0\u1ee3t tr\u1ed9i, xi lanh th\u1ee7y l\u1ef1c n\u00e0y c\u00f2n r\u1ea5t ti\u1ebft ki\u1ec7m chi ph\u00ed, tr\u1edf th\u00e0nh l\u1ef1a ch\u1ecdn tuy\u1ec7t v\u1eddi cho c\u00e1c doanh nghi\u1ec7p v\u00e0 c\u00e1 nh\u00e2n \u0111ang t\u00ecm ki\u1ebfm m\u1ed9t xi lanh th\u1ee7y l\u1ef1c ch\u1ea5t l\u01b0\u1ee3ng cao m\u00e0 kh\u00f4ng c\u1ea7n ph\u1ea3i chi qu\u00e1 nhi\u1ec1u ti\u1ec1n.<\/p>\n<table style=\"width: 100%;\" border=\"1\" width=\"100%\" cellspacing=\"0\" cellpadding=\"0\">\n<tbody>\n<tr>\n<th>T\u00ean s\u1ea3n ph\u1ea9m<\/th>\n<td>Gi\u00e1 xu\u1ea5t x\u01b0\u1edfng Xi lanh th\u1ee7y l\u1ef1c h\u00e0nh tr\u00ecnh d\u00e0i cho xe t\u1ea3i<\/td>\n<\/tr>\n<tr>\n<th>T\u00ecnh tr\u1ea1ng<\/th>\n<td>M\u1edbi<\/td>\n<\/tr>\n<tr>\n<th>B\u1ea3o h\u00e0nh<\/th>\n<td>1 n\u0103m<\/td>\n<\/tr>\n<tr>\n<th>L\u1ef1c \u0111\u1ea9y t\u1ed1i \u0111a<\/th>\n<td>3000<\/td>\n<\/tr>\n<tr>\n<th>Kh\u1ea3 n\u0103ng k\u00e9o<\/th>\n<td>20 t\u1ea5n<\/td>\n<\/tr>\n<tr>\n<th>Thi\u1ebft k\u1ebf<\/th>\n<td>H\u00ecnh tr\u1ee5 \u1ed1ng l\u1ed3ng ng\u01b0\u1ee3c<\/td>\n<\/tr>\n<tr>\n<th>V\u1eadt li\u1ec7u<\/th>\n<td>Th\u00e9p b\u1ec1n<\/td>\n<\/tr>\n<tr>\n<th>Ngu\u1ed3n \u0111i\u1ec7n<\/th>\n<td>Th\u1ee7y l\u1ef1c<\/td>\n<\/tr>\n<tr>\n<th>Ch\u1ee9ng nh\u1eadn<\/th>\n<td>ISO9001:2000<\/td>\n<\/tr>\n<tr>\n<th>Hi\u1ec7u su\u1ea5t<\/th>\n<td>\u0110\u00e1ng tin c\u1eady v\u00e0 hi\u1ec7u qu\u1ea3 cho c\u00e1c \u1ee9ng d\u1ee5ng \u0111\u00f2i h\u1ecfi cao.<\/td>\n<\/tr>\n<tr>\n<th>C\u00e1c ng\u00e0nh c\u00f4ng nghi\u1ec7p \u00e1p d\u1ee5ng<\/th>\n<td>Nh\u00e0 m\u00e1y s\u1ea3n xu\u1ea5t, X\u01b0\u1edfng s\u1eeda ch\u1eefa m\u00e1y m\u00f3c, Trang tr\u1ea1i, N\u0103ng l\u01b0\u1ee3ng &amp; Khai th\u00e1c, S\u1ea3n xu\u1ea5t m\u00e1y m\u00f3c, Nh\u00e0 m\u00e1y m\u00e1y m\u00f3c<\/td>\n<\/tr>\n<\/tbody>\n<\/table>\n<h2>C\u00e1c t\u00ednh n\u0103ng ch\u00ednh c\u1ee7a xi lanh th\u1ee7y l\u1ef1c h\u00e0nh tr\u00ecnh d\u00e0i c\u1ee7a ch\u00fang t\u00f4i<\/h2>\n<p>Xi lanh th\u1ee7y l\u1ef1c d\u00e0nh cho xe t\u1ea3i c\u1ee7a ch\u00fang t\u00f4i s\u1edf h\u1eefu m\u1ed9t s\u1ed1 t\u00ednh n\u0103ng \u0111\u1ed9c \u0111\u00e1o:<\/p>\n<ol>\n<li style=\"list-style-type: none;\">\n<ol>\n<li>C\u1ea5u tr\u00fac xi lanh piston ti\u00eau chu\u1ea9n, \u0111\u1ea3m b\u1ea3o ho\u1ea1t \u0111\u1ed9ng hi\u1ec7u qu\u1ea3.<\/li>\n<\/ol>\n<\/li>\n<\/ol>\n<p><img decoding=\"async\" src=\"https:\/\/hzpt.com\/wp-content\/uploads\/2023\/11\/Inverted-Telescopic-Cylinder-16.webp\" alt=\"\" title=\"\"><\/p>\n<ol>\n<li>H\u1ec7 th\u1ed1ng c\u1ea5p ngu\u1ed3n th\u1ee7y l\u1ef1c, \u0111\u1ea3m b\u1ea3o ho\u1ea1t \u0111\u1ed9ng tr\u01a1n tru.<\/li>\n<li>\u0110\u1ed9 b\u1ec1n cao nh\u1edd th\u00e2n m\u00e1y l\u00e0m b\u1eb1ng th\u00e9p.<\/li>\n<li>Kh\u1ea3 n\u0103ng \u0111\u1ea9y cao l\u00ean \u0111\u1ebfn 3000.<\/li>\n<li>C\u00f3 kh\u1ea3 n\u0103ng ch\u1ecbu \u0111\u01b0\u1ee3c l\u1ef1c k\u00e9o l\u1edbn l\u00ean \u0111\u1ebfn 20 t\u1ea5n.<\/li>\n<\/ol>\n<h2>\u1ee8ng d\u1ee5ng c\u1ee7a xi lanh th\u1ee7y l\u1ef1c h\u00e0nh tr\u00ecnh d\u00e0i<\/h2>\n<p>Xi lanh th\u1ee7y l\u1ef1c \u0111a n\u0103ng \u0111\u01b0\u1ee3c \u1ee9ng d\u1ee5ng trong nhi\u1ec1u ng\u00e0nh c\u00f4ng nghi\u1ec7p kh\u00e1c nhau. D\u01b0\u1edbi \u0111\u00e2y l\u00e0 m\u1ed9t s\u1ed1 v\u00ed d\u1ee5:<\/p>\n<ol>\n<li>Nh\u00e0 m\u00e1y s\u1ea3n xu\u1ea5t<\/li>\n<li>C\u1eeda h\u00e0ng s\u1eeda ch\u1eefa m\u00e1y m\u00f3c<\/li>\n<li>Trang tr\u1ea1i<\/li>\n<li>Ng\u00e0nh n\u0103ng l\u01b0\u1ee3ng v\u00e0 khai th\u00e1c m\u1ecf<\/li>\n<li>Nh\u00e0 m\u00e1y s\u1ea3n xu\u1ea5t m\u00e1y m\u00f3c<\/li>\n<\/ol>\n<p><img decoding=\"async\" src=\"https:\/\/hzpt.com\/wp-content\/uploads\/2023\/11\/Inverted-Telescopic-Cylinder-Applications.webp\" alt=\"\u1ee8ng d\u1ee5ng c\u1ee7a xi lanh \u1ed1ng l\u1ed3ng ng\u01b0\u1ee3c\" title=\"\"><\/p>\n<h2>Nguy\u00ean l\u00fd ho\u1ea1t \u0111\u1ed9ng v\u00e0 b\u1ea3o d\u01b0\u1ee1ng xi lanh th\u1ee7y l\u1ef1c<\/h2>\n<p>Xi lanh th\u1ee7y l\u1ef1c ho\u1ea1t \u0111\u1ed9ng d\u1ef1a tr\u00ean nguy\u00ean l\u00fd ch\u00eanh l\u1ec7ch \u00e1p su\u1ea5t. Ch\u1ea5t l\u1ecfng th\u1ee7y l\u1ef1c \u0111\u01b0\u1ee3c \u0111\u1ea9y v\u00e0o xi lanh, t\u1ea1o ra s\u1ef1 ch\u00eanh l\u1ec7ch \u00e1p su\u1ea5t v\u00e0 d\u1eabn \u0111\u1ebfn chuy\u1ec3n \u0111\u1ed9ng tuy\u1ebfn t\u00ednh c\u1ee7a piston. L\u1ef1c \u0111\u1ea7u ra t\u1ef7 l\u1ec7 thu\u1eadn v\u1edbi s\u1ef1 ch\u00eanh l\u1ec7ch \u00e1p su\u1ea5t.<\/p>\n<p>\u0110\u1ec3 b\u1ea3o tr\u00ec xi lanh th\u1ee7y l\u1ef1c:<\/p>\n<ol>\n<li>Vi\u1ec7c ki\u1ec3m tra \u0111\u1ecbnh k\u1ef3 r\u1ea5t quan tr\u1ecdng. Ki\u1ec3m tra xem c\u00f3 r\u00f2 r\u1ec9 ho\u1eb7c h\u01b0 h\u1ecfng g\u00ec kh\u00f4ng.<\/li>\n<li>V\u1ec7 sinh xi lanh th\u01b0\u1eddng xuy\u00ean \u0111\u1ec3 tr\u00e1nh b\u1ee5i b\u1ea9n v\u00e0 m\u1ea3nh v\u1ee5n t\u00edch t\u1ee5.<\/li>\n<li>B\u00f4i tr\u01a1n c\u00e1c b\u1ed9 ph\u1eadn chuy\u1ec3n \u0111\u1ed9ng theo h\u01b0\u1edbng d\u1eabn s\u1eed d\u1ee5ng.<\/li>\n<li>Vi\u1ec7c ki\u1ec3m tra v\u00e0 s\u1eeda ch\u1eefa \u0111\u1ecbnh k\u1ef3 h\u1ec7 th\u1ed1ng th\u1ee7y l\u1ef1c c\u00f3 th\u1ec3 ng\u0103n ng\u1eeba nh\u1eefng s\u1ef1 c\u1ed1 l\u1edbn.<\/li>\n<li>Thay th\u1ebf c\u00e1c gio\u0103ng ph\u1edbt \u0111\u1ecbnh k\u1ef3 \u0111\u1ec3 \u0111\u1ea3m b\u1ea3o hi\u1ec7u su\u1ea5t t\u1ed1i \u01b0u.<\/li>\n<\/ol>\n<p><img decoding=\"async\" src=\"https:\/\/hzpt.com\/wp-content\/uploads\/2023\/11\/Inverted-Telescopic-Cylinder-7.webp\" alt=\"\" title=\"\"><\/p>\n<h2>H\u00ecnh tr\u1ee5 \u1ed1ng l\u1ed3ng ng\u01b0\u1ee3c<\/h2>\n<p>Gi\u00e1 xu\u1ea5t x\u01b0\u1edfng Xi lanh th\u1ee7y l\u1ef1c h\u00e0nh tr\u00ecnh d\u00e0i cho xe t\u1ea3i<\/p>\n<ol>\n<li style=\"list-style-type: none;\">\n<ol>\n<li><strong>\u1ed0ng tr\u1ee5 l\u1ed3ng ng\u01b0\u1ee3c l\u00e0 g\u00ec?<\/strong><\/li>\n<\/ol>\n<\/li>\n<\/ol>\n<p>Xi lanh th\u1ee7y l\u1ef1c d\u1ea1ng \u1ed1ng l\u1ed3ng ng\u01b0\u1ee3c l\u00e0 m\u1ed9t lo\u1ea1i xi lanh th\u1ee7y l\u1ef1c \u0111\u01b0\u1ee3c s\u1eed d\u1ee5ng trong nhi\u1ec1u \u1ee9ng d\u1ee5ng kh\u00e1c nhau, ch\u1eb3ng h\u1ea1n nh\u01b0 xe t\u1ea3i t\u1ef1 \u0111\u1ed5, c\u1ea7n c\u1ea9u v\u00e0 thi\u1ebft b\u1ecb khai th\u00e1c m\u1ecf. Nh\u01b0 t\u00ean g\u1ecdi cho th\u1ea5y, xi lanh n\u00e0y \u0111\u01b0\u1ee3c thi\u1ebft k\u1ebf ng\u01b0\u1ee3c, c\u00f3 ngh\u0129a l\u00e0 c\u1ea7n piston n\u1eb1m \u1edf ph\u00eda d\u01b0\u1edbi, trong khi th\u00e2n xi lanh n\u1eb1m \u1edf ph\u00eda tr\u00ean. Thi\u1ebft k\u1ebf n\u00e0y cho ph\u00e9p chi\u1ec1u d\u00e0i h\u00e0nh tr\u00ecnh d\u00e0i h\u01a1n, l\u00fd t\u01b0\u1edfng cho c\u00e1c \u1ee9ng d\u1ee5ng t\u1ea3i n\u1eb7ng \u0111\u00f2i h\u1ecfi l\u1ef1c l\u1edbn.<\/p>\n<ol>\n<li style=\"list-style-type: none;\">\n<ol>\n<li><strong>C\u01a1 c\u1ea5u ho\u1ea1t \u0111\u1ed9ng c\u1ee7a m\u1ed9t \u1ed1ng tr\u1ee5 l\u1ed3ng ng\u01b0\u1ee3c l\u00e0 g\u00ec?<\/strong><\/li>\n<\/ol>\n<\/li>\n<\/ol>\n<p>Xi lanh bao g\u1ed3m m\u1ed9t lo\u1ea1t c\u00e1c \u1ed1ng l\u1ed3ng v\u00e0o nhau, di chuy\u1ec3n ra v\u00e0o khi c\u1ea7n piston gi\u00e3n ra v\u00e0 thu v\u00e0o. \u1ed0ng ngo\u00e0i th\u01b0\u1eddng \u0111\u01b0\u1ee3c c\u1ed1 \u0111\u1ecbnh v\u00e0o b\u1ec1 m\u1eb7t l\u1eafp \u0111\u1eb7t, trong khi \u1ed1ng trong c\u00f9ng \u0111\u01b0\u1ee3c g\u1eafn v\u00e0o c\u1ea7n piston. Khi \u00e1p su\u1ea5t th\u1ee7y l\u1ef1c \u0111\u01b0\u1ee3c t\u00e1c d\u1ee5ng l\u00ean xi lanh, c\u1ea7n piston gi\u00e3n ra, l\u00e0m cho c\u00e1c \u1ed1ng l\u1ed3ng v\u00e0o nhau v\u00e0 h\u01b0\u1edbng ra ngo\u00e0i. Ng\u01b0\u1ee3c l\u1ea1i, khi \u00e1p su\u1ea5t \u0111\u01b0\u1ee3c gi\u1ea3i ph\u00f3ng, c\u1ea7n piston thu v\u00e0o, l\u00e0m cho c\u00e1c \u1ed1ng co l\u1ea1i v\u00e0o b\u00ean trong xi lanh.<\/p>\n<ol>\n<li style=\"list-style-type: none;\">\n<ol>\n<li><strong>Vi\u1ec7c s\u1eed d\u1ee5ng \u1ed1ng tr\u1ee5 l\u1ed3ng ng\u01b0\u1ee3c c\u00f3 nh\u1eefng \u01b0u \u0111i\u1ec3m g\u00ec?<\/strong><\/li>\n<\/ol>\n<\/li>\n<\/ol>\n<p>M\u1ed9t trong nh\u1eefng \u01b0u \u0111i\u1ec3m ch\u00ednh c\u1ee7a vi\u1ec7c s\u1eed d\u1ee5ng xi lanh l\u1ed3ng ng\u01b0\u1ee3c l\u00e0 kh\u1ea3 n\u0103ng cung c\u1ea5p chi\u1ec1u d\u00e0i h\u00e0nh tr\u00ecnh l\u1edbn trong khi v\u1eabn duy tr\u00ec chi\u1ec1u d\u00e0i thu g\u1ecdn t\u01b0\u01a1ng \u0111\u1ed1i ng\u1eafn. \u0110i\u1ec1u n\u00e0y l\u00e0m cho n\u00f3 l\u00fd t\u01b0\u1edfng cho c\u00e1c \u1ee9ng d\u1ee5ng c\u00f3 kh\u00f4ng gian h\u1ea1n ch\u1ebf. Ngo\u00e0i ra, c\u00e1c xi lanh n\u00e0y c\u00f3 kh\u1ea3 n\u0103ng ch\u1ecbu t\u1ea3i ngang t\u1ed1t h\u01a1n so v\u1edbi xi lanh l\u1ed3ng th\u00f4ng th\u01b0\u1eddng, gi\u00fap ng\u0103n ng\u1eeba h\u01b0 h\u1ecfng xi lanh v\u00e0 c\u00e1c b\u1ed9 ph\u1eadn c\u1ee7a n\u00f3. Xi lanh l\u1ed3ng ng\u01b0\u1ee3c c\u0169ng hi\u1ec7u qu\u1ea3 h\u01a1n c\u00e1c lo\u1ea1i xi lanh kh\u00e1c, c\u00f3 ngh\u0129a l\u00e0 ch\u00fang c\u1ea7n \u00edt n\u0103ng l\u01b0\u1ee3ng h\u01a1n \u0111\u1ec3 v\u1eadn h\u00e0nh v\u00e0 c\u00f3 th\u1ec3 gi\u1ea3m chi ph\u00ed v\u1eadn h\u00e0nh theo th\u1eddi gian.<\/p>\n<ol>\n<li style=\"list-style-type: none;\">\n<ol>\n<li><strong>\u1ed0ng tr\u1ee5 l\u1ed3ng ng\u01b0\u1ee3c c\u00f3 nh\u1eefng \u1ee9ng d\u1ee5ng g\u00ec?<\/strong><\/li>\n<\/ol>\n<\/li>\n<\/ol>\n<p>Xi lanh th\u1ee7y l\u1ef1c d\u1ea1ng \u1ed1ng l\u1ed3ng ng\u01b0\u1ee3c th\u01b0\u1eddng \u0111\u01b0\u1ee3c s\u1eed d\u1ee5ng trong c\u00e1c \u1ee9ng d\u1ee5ng t\u1ea3i n\u1eb7ng \u0111\u00f2i h\u1ecfi l\u1ef1c l\u1edbn, ch\u1eb3ng h\u1ea1n nh\u01b0 xe t\u1ea3i t\u1ef1 \u0111\u1ed5, c\u1ea7n c\u1ea9u v\u00e0 thi\u1ebft b\u1ecb khai th\u00e1c m\u1ecf. Ch\u00fang c\u0169ng c\u00f3 th\u1ec3 \u0111\u01b0\u1ee3c s\u1eed d\u1ee5ng trong c\u00e1c \u1ee9ng d\u1ee5ng kh\u00e1c, ch\u1eb3ng h\u1ea1n nh\u01b0 x\u00e2y d\u1ef1ng c\u1ea7u, v\u1eadn chuy\u1ec3n v\u1eadt li\u1ec7u v\u00e0 thi\u1ebft b\u1ecb n\u00f4ng nghi\u1ec7p. Xi lanh th\u1ee7y l\u1ef1c d\u1ea1ng \u1ed1ng l\u1ed3ng ng\u01b0\u1ee3c l\u00fd t\u01b0\u1edfng cho c\u00e1c \u1ee9ng d\u1ee5ng c\u1ea7n chi\u1ec1u d\u00e0i h\u00e0nh tr\u00ecnh l\u1edbn nh\u01b0ng kh\u00f4ng gian b\u1ecb h\u1ea1n ch\u1ebf.<\/p>\n<ol>\n<li style=\"list-style-type: none;\">\n<ol>\n<li><strong>L\u00e0m th\u1ebf n\u00e0o \u0111\u1ec3 ch\u1ecdn lo\u1ea1i xi lanh l\u1ed3ng ng\u01b0\u1ee3c ph\u00f9 h\u1ee3p cho \u1ee9ng d\u1ee5ng c\u1ee7a b\u1ea1n?<\/strong><\/li>\n<\/ol>\n<\/li>\n<\/ol>\n<p>Khi l\u1ef1a ch\u1ecdn xi lanh th\u1ee7y l\u1ef1c d\u1ea1ng \u1ed1ng l\u1ed3ng ng\u01b0\u1ee3c, c\u1ea7n xem x\u00e9t m\u1ed9t s\u1ed1 y\u1ebfu t\u1ed1 nh\u01b0 kh\u1ea3 n\u0103ng ch\u1ecbu t\u1ea3i t\u1ed1i \u0111a, chi\u1ec1u d\u00e0i h\u00e0nh tr\u00ecnh v\u00e0 c\u00e1c t\u00f9y ch\u1ecdn l\u1eafp \u0111\u1eb7t. M\u00f4i tr\u01b0\u1eddng s\u1eed d\u1ee5ng xi lanh c\u0169ng r\u1ea5t quan tr\u1ecdng, v\u00ec \u0111i\u1ec1u n\u00e0y c\u00f3 th\u1ec3 \u1ea3nh h\u01b0\u1edfng \u0111\u1ebfn vi\u1ec7c l\u1ef1a ch\u1ecdn v\u1eadt li\u1ec7u v\u00e0 c\u00e1c t\u00f9y ch\u1ecdn l\u00e0m k\u00edn. Tham kh\u1ea3o \u00fd ki\u1ebfn \u200b\u200bchuy\u00ean gia v\u1ec1 xi lanh th\u1ee7y l\u1ef1c c\u00f3 th\u1ec3 gi\u00fap b\u1ea1n \u0111\u1ea3m b\u1ea3o l\u1ef1a ch\u1ecdn \u0111\u00fang lo\u1ea1i xi lanh cho \u1ee9ng d\u1ee5ng c\u1ee5 th\u1ec3 c\u1ee7a m\u00ecnh.<\/p>\n<h3>Gi\u1edbi thi\u1ec7u v\u1ec1 FMP \u2013 Nh\u00e0 s\u1ea3n xu\u1ea5t v\u00e0 cung c\u1ea5p xi lanh th\u1ee7y l\u1ef1c chuy\u00ean nghi\u1ec7p<\/h3>\n<p>FMP l\u00e0 c\u00f4ng ty chuy\u00ean s\u1ea3n xu\u1ea5t v\u00e0 kinh doanh ph\u1ee5 t\u00f9ng m\u00e1y m\u00f3c x\u00e2y d\u1ef1ng v\u00e0 m\u00e1y m\u00f3c ho\u00e0n ch\u1ec9nh ch\u1ea5t l\u01b0\u1ee3ng cao, \u0111\u00e1ng tin c\u1eady. Ch\u00fang t\u00f4i c\u00f3 nhi\u1ec1u n\u0103m kinh nghi\u1ec7m trong ng\u00e0nh v\u00e0 \u0111\u1ed9i ng\u0169 chuy\u00ean nghi\u1ec7p, \u0111\u1ea3m b\u1ea3o kh\u00e1ch h\u00e0ng nh\u1eadn \u0111\u01b0\u1ee3c s\u1ea3n ph\u1ea9m v\u00e0 d\u1ecbch v\u1ee5 t\u1ed1t nh\u1ea5t.<\/p>\n<p>Xi lanh th\u1ee7y l\u1ef1c c\u1ee7a ch\u00fang t\u00f4i l\u00e0 m\u1ed9t trong nh\u1eefng s\u1ea3n ph\u1ea9m ph\u1ed5 bi\u1ebfn nh\u1ea5t c\u1ee7a ch\u00fang t\u00f4i, v\u00e0 c\u00f3 l\u00fd do ch\u00ednh \u0111\u00e1ng. D\u01b0\u1edbi \u0111\u00e2y l\u00e0 m\u1ed9t v\u00e0i l\u00fd do t\u1ea1i sao b\u1ea1n n\u00ean ch\u1ecdn FMP l\u00e0m nh\u00e0 cung c\u1ea5p xi lanh th\u1ee7y l\u1ef1c c\u1ee7a m\u00ecnh:<\/p>\n<p>1. V\u1eadt li\u1ec7u ch\u1ea5t l\u01b0\u1ee3ng cao \u2013 Ch\u00fang t\u00f4i ch\u1ec9 s\u1eed d\u1ee5ng v\u1eadt li\u1ec7u ch\u1ea5t l\u01b0\u1ee3ng cao nh\u1ea5t \u0111\u1ec3 s\u1ea3n xu\u1ea5t xi lanh th\u1ee7y l\u1ef1c. \u0110i\u1ec1u n\u00e0y \u0111\u1ea3m b\u1ea3o \u0111\u1ed9 b\u1ec1n, \u0111\u1ed9 tin c\u1eady v\u00e0 tu\u1ed5i th\u1ecd l\u00e2u d\u00e0i.<\/p>\n<p>2. \u0110a d\u1ea1ng l\u1ef1a ch\u1ecdn \u2013 Ch\u00fang t\u00f4i cung c\u1ea5p nhi\u1ec1u lo\u1ea1i xi lanh th\u1ee7y l\u1ef1c \u0111\u1ec3 kh\u00e1ch h\u00e0ng l\u1ef1a ch\u1ecdn, bao g\u1ed3m xi lanh lo\u1ea1i ch\u1ed1t \u0111i\u1ec1u ch\u1ec9nh, xi lanh th\u1ee7y l\u1ef1c t\u00e1c \u0111\u1ed9ng k\u00e9p v\u00e0 xi lanh th\u1ee7y l\u1ef1c h\u00e0n. \u0110i\u1ec1u n\u00e0y cho ph\u00e9p kh\u00e1ch h\u00e0ng l\u1ef1a ch\u1ecdn lo\u1ea1i xi lanh ph\u00f9 h\u1ee3p nh\u1ea5t v\u1edbi nhu c\u1ea7u c\u1ee7a m\u00ecnh.<\/p>\n<p>3. T\u00f9y ch\u1ec9nh \u2013 Ch\u00fang t\u00f4i hi\u1ec3u r\u1eb1ng m\u1ed7i kh\u00e1ch h\u00e0ng \u0111\u1ec1u c\u00f3 nh\u1eefng y\u00eau c\u1ea7u ri\u00eang, \u0111\u00f3 l\u00e0 l\u00fd do t\u1ea1i sao ch\u00fang t\u00f4i cung c\u1ea5p xi lanh th\u1ee7y l\u1ef1c t\u00f9y ch\u1ec9nh \u0111\u1ec3 \u0111\u00e1p \u1ee9ng c\u00e1c nhu c\u1ea7u c\u1ee5 th\u1ec3.<\/p>\n<p>4. \u0110\u1ed9i ng\u0169 b\u00e1n h\u00e0ng chuy\u00ean nghi\u1ec7p \u2013 \u0110\u1ed9i ng\u0169 b\u00e1n h\u00e0ng gi\u00e0u kinh nghi\u1ec7m v\u00e0 k\u1ef9 n\u0103ng c\u1ee7a ch\u00fang t\u00f4i lu\u00f4n s\u1eb5n s\u00e0ng t\u01b0 v\u1ea5n s\u1ea3n ph\u1ea9m chuy\u00ean nghi\u1ec7p v\u00e0 \u0111\u01b0a ra nh\u1eefng g\u1ee3i \u00fd mua h\u00e0ng th\u00f4ng minh cho kh\u00e1ch h\u00e0ng.<\/p>\n<p>5. H\u1ec7 th\u1ed1ng ph\u00e2n ph\u1ed1i h\u1eadu c\u1ea7n hi\u1ec7u qu\u1ea3 \u2013 Ch\u00fang t\u00f4i c\u00f3 h\u1ec7 th\u1ed1ng ph\u00e2n ph\u1ed1i h\u1eadu c\u1ea7n hi\u1ec7u qu\u1ea3 \u0111\u1ea3m b\u1ea3o kh\u00e1ch h\u00e0ng nh\u1eadn \u0111\u01b0\u1ee3c xi lanh th\u1ee7y l\u1ef1c theo y\u00eau c\u1ea7u m\u1ed9t c\u00e1ch k\u1ecbp th\u1eddi v\u00e0 ch\u00ednh x\u00e1c.<\/p>\n<p><img decoding=\"async\" src=\"https:\/\/fmp-components.com\/wp-content\/uploads\/2024\/12\/Adjustable-Clevis-Type-Cylinders-6.webp\" alt=\"Xi lanh lo\u1ea1i Clevis c\u00f3 th\u1ec3 \u0111i\u1ec1u ch\u1ec9nh\" width=\"824\" title=\"\"><\/p>\n<p>B\u00ean c\u1ea1nh nh\u1eefng l\u1ee3i th\u1ebf n\u00e0y, FMP cam k\u1ebft x\u00e2y d\u1ef1ng m\u1ed1i quan h\u1ec7 h\u1ee3p t\u00e1c l\u00e2u d\u00e0i v\u00e0 \u1ed5n \u0111\u1ecbnh v\u1edbi c\u00e1c nh\u00e0 cung c\u1ea5p ch\u1ea5t l\u01b0\u1ee3ng cao trong v\u00e0 ngo\u00e0i n\u01b0\u1edbc \u0111\u1ec3 \u0111\u1ea3m b\u1ea3o t\u1ea5t c\u1ea3 c\u00e1c linh ki\u1ec7n cung c\u1ea5p \u0111\u1ec1u \u0111\u00e1p \u1ee9ng c\u00e1c ti\u00eau chu\u1ea9n ch\u1ea5t l\u01b0\u1ee3ng nghi\u00eam ng\u1eb7t. Do \u0111\u00f3, ch\u00fang t\u00f4i cam k\u1ebft xi lanh th\u1ee7y l\u1ef1c c\u1ee7a ch\u00fang t\u00f4i c\u00f3 ch\u1ea5t l\u01b0\u1ee3ng cao nh\u1ea5t v\u00e0 s\u1ebd \u0111\u00e1p \u1ee9ng nhu c\u1ea7u c\u1ee7a b\u1ea1n.<\/p>\n<p>H\u00e3y ch\u1ecdn FMP l\u00e0m nh\u00e0 s\u1ea3n xu\u1ea5t v\u00e0 cung c\u1ea5p xi lanh th\u1ee7y l\u1ef1c c\u1ee7a b\u1ea1n. Li\u00ean h\u1ec7 v\u1edbi ch\u00fang t\u00f4i ngay h\u00f4m nay \u0111\u1ec3 t\u00ecm hi\u1ec3u th\u00eam v\u1ec1 s\u1ea3n ph\u1ea9m v\u00e0 d\u1ecbch v\u1ee5 c\u1ee7a ch\u00fang t\u00f4i.<br \/>\nT\u00e1c gi\u1ea3: CX<\/p>","protected":false},"excerpt":{"rendered":"<p>Xi lanh th\u1ee7y l\u1ef1c h\u00e0nh tr\u00ecnh d\u00e0i gi\u00e1 xu\u1ea5t x\u01b0\u1edfng d\u00e0nh cho xe t\u1ea3i l\u00e0 m\u1ed9t lo\u1ea1i xi lanh th\u1ee7y l\u1ef1c c\u00f3 \u0111\u1ed9 tin c\u1eady v\u00e0 hi\u1ec7u qu\u1ea3 cao, \u0111\u01b0\u1ee3c thi\u1ebft k\u1ebf \u0111\u1eb7c bi\u1ec7t \u0111\u1ec3 s\u1eed d\u1ee5ng trong xe t\u1ea3i. \u0110\u01b0\u1ee3c s\u1ea3n xu\u1ea5t b\u1eb1ng v\u1eadt li\u1ec7u ch\u1ea5t l\u01b0\u1ee3ng cao, xi lanh th\u1ee7y l\u1ef1c n\u00e0y \u0111\u01b0\u1ee3c thi\u1ebft k\u1ebf \u0111\u1ec3 c\u00f3 tu\u1ed5i th\u1ecd cao v\u00e0 hi\u1ec7u su\u1ea5t cao ngay c\u1ea3 trong nh\u1eefng \u0111i\u1ec1u ki\u1ec7n kh\u1eafc nghi\u1ec7t nh\u1ea5t. \u0110\u01b0\u1ee3c trang b\u1ecb thi\u1ebft k\u1ebf h\u00e0nh tr\u00ecnh d\u00e0i, xi lanh th\u1ee7y l\u1ef1c n\u00e0y [\u2026]<\/p>","protected":false},"featured_media":1646,"comment_status":"closed","ping_status":"closed","template":"","meta":{"_et_pb_use_builder":"","_et_pb_old_content":"","_et_gb_content_width":""},"product_brand":[],"product_cat":[45],"product_tag":[34,48],"class_list":{"0":"post-1645","1":"product","2":"type-product","3":"status-publish","4":"has-post-thumbnail","6":"product_cat-inverted-telescopic-cylinder","7":"product_tag-hydraulic-cylinder","8":"product_tag-inverted-telescopic-cylinder","10":"first","11":"instock","12":"product-type-simple"},"_links":{"self":[{"href":"https:\/\/fmp-components.com\/vi\/wp-json\/wp\/v2\/product\/1645","targetHints":{"allow":["GET"]}}],"collection":[{"href":"https:\/\/fmp-components.com\/vi\/wp-json\/wp\/v2\/product"}],"about":[{"href":"https:\/\/fmp-components.com\/vi\/wp-json\/wp\/v2\/types\/product"}],"replies":[{"embeddable":true,"href":"https:\/\/fmp-components.com\/vi\/wp-json\/wp\/v2\/comments?post=1645"}],"wp:featuredmedia":[{"embeddable":true,"href":"https:\/\/fmp-components.com\/vi\/wp-json\/wp\/v2\/media\/1646"}],"wp:attachment":[{"href":"https:\/\/fmp-components.com\/vi\/wp-json\/wp\/v2\/media?parent=1645"}],"wp:term":[{"taxonomy":"product_brand","embeddable":true,"href":"https:\/\/fmp-components.com\/vi\/wp-json\/wp\/v2\/product_brand?post=1645"},{"taxonomy":"product_cat","embeddable":true,"href":"https:\/\/fmp-components.com\/vi\/wp-json\/wp\/v2\/product_cat?post=1645"},{"taxonomy":"product_tag","embeddable":true,"href":"https:\/\/fmp-components.com\/vi\/wp-json\/wp\/v2\/product_tag?post=1645"}],"curies":[{"name":"wp","href":"https:\/\/api.w.org\/{rel}","templated":true}]}}