{"id":1643,"date":"2024-12-23T07:00:44","date_gmt":"2024-12-23T07:00:44","guid":{"rendered":"https:\/\/fmp-components.com\/product\/factory-direct-supply-long-stroke-trailer-hydraulic-ram-cylinder\/"},"modified":"2025-03-11T06:10:14","modified_gmt":"2025-03-11T06:10:14","slug":"factory-direct-supply-long-stroke-trailer-hydraulic-ram-cylinder","status":"publish","type":"product","link":"https:\/\/fmp-components.com\/vi\/product\/factory-direct-supply-long-stroke-trailer-hydraulic-ram-cylinder\/","title":{"rendered":"Nh\u00e0 m\u00e1y cung c\u1ea5p tr\u1ef1c ti\u1ebfp xi lanh th\u1ee7y l\u1ef1c cho r\u01a1 mo\u00f3c h\u00e0nh tr\u00ecnh d\u00e0i"},"content":{"rendered":"<p>Xi lanh th\u1ee7y l\u1ef1c r\u01a1 mo\u00f3c h\u00e0nh tr\u00ecnh d\u00e0i c\u1ee7a Factory Direct Supply l\u00e0 xi lanh th\u1ee7y l\u1ef1c ch\u1ea5t l\u01b0\u1ee3ng cao \u0111\u01b0\u1ee3c thi\u1ebft k\u1ebf \u0111\u1ec3 s\u1eed d\u1ee5ng cho r\u01a1 mo\u00f3c. S\u1ea3n ph\u1ea9m c\u00f3 h\u00e0nh tr\u00ecnh d\u00e0i, \u0111\u1ea3m b\u1ea3o kh\u1ea3 n\u0103ng ch\u1ecbu t\u1ea3i tr\u1ecdng n\u1eb7ng m\u1ed9t c\u00e1ch d\u1ec5 d\u00e0ng v\u00e0 hi\u1ec7u qu\u1ea3. Xi lanh \u0111\u01b0\u1ee3c l\u00e0m t\u1eeb v\u1eadt li\u1ec7u cao c\u1ea5p, b\u1ec1n b\u1ec9 v\u00e0 c\u00f3 kh\u1ea3 n\u0103ng ch\u1ecbu m\u00e0i m\u00f2n.<\/p>\n<p>M\u1ed9t trong nh\u1eefng \u0111\u1eb7c \u0111i\u1ec3m n\u1ed5i b\u1eadt c\u1ee7a xi lanh th\u1ee7y l\u1ef1c n\u00e0y l\u00e0 thi\u1ebft k\u1ebf ch\u00ednh x\u00e1c. N\u00f3 \u0111\u01b0\u1ee3c thi\u1ebft k\u1ebf \u0111\u1ec3 v\u1eadn h\u00e0nh tr\u01a1n tru v\u00e0 \u0111\u00e1ng tin c\u1eady, \u0111\u1ea3m b\u1ea3o hi\u1ec7u su\u1ea5t t\u1ed1i \u01b0u m\u1ecdi l\u00fac. C\u1ea5u tr\u00fac ch\u1eafc ch\u1eafn c\u0169ng \u0111\u1ea3m b\u1ea3o xi lanh c\u00f3 th\u1ec3 x\u1eed l\u00fd c\u00e1c \u1ee9ng d\u1ee5ng \u00e1p su\u1ea5t cao m\u00e0 kh\u00f4ng b\u1ecb cong v\u00eanh hay h\u1ecfng h\u00f3c.<\/p>\n<p>Xi lanh th\u1ee7y l\u1ef1c n\u00e0y d\u1ec5 l\u1eafp \u0111\u1eb7t v\u00e0 b\u1ea3o tr\u00ec, l\u00e0 l\u1ef1a ch\u1ecdn l\u00fd t\u01b0\u1edfng cho c\u00e1c chuy\u00ean gia b\u1eadn r\u1ed9n c\u1ea7n m\u1ed9t thi\u1ebft b\u1ecb \u0111\u00e1ng tin c\u1eady v\u00e0 hi\u1ec7u qu\u1ea3. S\u1ea3n ph\u1ea9m c\u0169ng c\u00f3 kh\u1ea3 n\u0103ng th\u00edch \u1ee9ng cao, ph\u00f9 h\u1ee3p \u0111\u1ec3 s\u1eed d\u1ee5ng trong nhi\u1ec1u ng\u00e0nh c\u00f4ng nghi\u1ec7p v\u00e0 m\u00f4i tr\u01b0\u1eddng kh\u00e1c nhau.<\/p>\n<table style=\"width: 100%;\" border=\"1\" width=\"100%\" cellspacing=\"0\" cellpadding=\"0\">\n<tbody>\n<tr>\n<th>T\u00ean s\u1ea3n ph\u1ea9m<\/th>\n<td>Nh\u00e0 m\u00e1y cung c\u1ea5p tr\u1ef1c ti\u1ebfp xi lanh th\u1ee7y l\u1ef1c cho r\u01a1 mo\u00f3c h\u00e0nh tr\u00ecnh d\u00e0i<\/td>\n<\/tr>\n<tr>\n<th>T\u00ecnh tr\u1ea1ng<\/th>\n<td>M\u1edbi<\/td>\n<\/tr>\n<tr>\n<th>B\u1ea3o h\u00e0nh<\/th>\n<td>1 n\u0103m<\/td>\n<\/tr>\n<tr>\n<th>C\u00e2n n\u1eb7ng (KG)<\/th>\n<td>63<\/td>\n<\/tr>\n<tr>\n<th>L\u1ef1c \u0111\u1ea9y t\u1ed1i \u0111a<\/th>\n<td>3000<\/td>\n<\/tr>\n<tr>\n<th>L\u1ef1c k\u00e9o t\u1ed1i \u0111a<\/th>\n<td>20 t\u1ea5n<\/td>\n<\/tr>\n<tr>\n<th>V\u1eadt li\u1ec7u th\u00e2n m\u00e1y<\/th>\n<td>Th\u00e9p b\u1ec1n<\/td>\n<\/tr>\n<tr>\n<th>Ngu\u1ed3n \u0111i\u1ec7n<\/th>\n<td>Th\u1ee7y l\u1ef1c<\/td>\n<\/tr>\n<tr>\n<th>C\u00e1c th\u00e0nh ph\u1ea7n c\u1ed1t l\u00f5i<\/th>\n<td>V\u00f2ng bi, xi lanh pitt\u00f4ng<\/td>\n<\/tr>\n<tr>\n<th>K\u1ebft c\u1ea5u<\/th>\n<td>Xi lanh piston ti\u00eau chu\u1ea9n<\/td>\n<\/tr>\n<tr>\n<th>Ch\u1ee9ng nh\u1eadn<\/th>\n<td>ISO9001:2000<\/td>\n<\/tr>\n<tr>\n<th>C\u00e1c ng\u00e0nh c\u00f4ng nghi\u1ec7p \u00e1p d\u1ee5ng<\/th>\n<td>Nh\u00e0 m\u00e1y s\u1ea3n xu\u1ea5t, X\u01b0\u1edfng s\u1eeda ch\u1eefa m\u00e1y m\u00f3c, Trang tr\u1ea1i, N\u0103ng l\u01b0\u1ee3ng, Khai th\u00e1c m\u1ecf, S\u1ea3n xu\u1ea5t m\u00e1y m\u00f3c<\/td>\n<\/tr>\n<tr>\n<th>\u0110\u1ea3m b\u1ea3o ch\u1ea5t l\u01b0\u1ee3ng<\/th>\n<td>B\u00e1o c\u00e1o ki\u1ec3m tra v\u00e0 th\u1eed nghi\u1ec7m m\u00e1y m\u00f3c \u0111\u1ea7u ra<\/td>\n<\/tr>\n<tr>\n<th>Hi\u1ec7u su\u1ea5t<\/th>\n<td>K\u1ef9 thu\u1eadt ch\u00ednh x\u00e1c, \u0111\u1ed9 b\u1ec1n v\u00e0 d\u1ec5 s\u1eed d\u1ee5ng<\/td>\n<\/tr>\n<\/tbody>\n<\/table>\n<p><img decoding=\"async\" src=\"https:\/\/hzpt.com\/wp-content\/uploads\/2023\/11\/Inverted-Telescopic-Cylinder-6.webp\" alt=\"\" title=\"\"><\/p>\n<h2>\u0110\u1eb7c \u0111i\u1ec3m c\u1ee7a Xi lanh th\u1ee7y l\u1ef1c r\u01a1 mo\u00f3c h\u00e0nh tr\u00ecnh d\u00e0i<\/h2>\n<p>Xi lanh th\u1ee7y l\u1ef1c r\u01a1 mo\u00f3c h\u00e0nh tr\u00ecnh d\u00e0i c\u00f3 nhi\u1ec1u t\u00ednh n\u0103ng:<\/p>\n<ul>\n<li><strong>C\u1ea5u tr\u00fac chu\u1ea9n:<\/strong> Xi lanh c\u00f3 c\u1ea5u tr\u00fac piston, \u0111\u01b0\u1ee3c cung c\u1ea5p n\u0103ng l\u01b0\u1ee3ng b\u1eb1ng th\u1ee7y l\u1ef1c.<\/li>\n<li><strong>V\u1eadt li\u1ec7u b\u1ec1n:<\/strong> Th\u00e2n m\u00e1y \u0111\u01b0\u1ee3c l\u00e0m b\u1eb1ng th\u00e9p ch\u1eafc ch\u1eafn, c\u00f3 th\u1ec3 ch\u1ecbu \u0111\u01b0\u1ee3c c\u01b0\u1eddng \u0111\u1ed9 s\u1eed d\u1ee5ng l\u1edbn.<\/li>\n<li><strong>C\u00f4ng su\u1ea5t cao:<\/strong> N\u00f3 c\u00f3 l\u1ef1c \u0111\u1ea9y t\u1ed1i \u0111a l\u00e0 3000 v\u00e0 c\u00f3 th\u1ec3 k\u00e9o t\u1edbi 20 t\u1ea5n.<\/li>\n<li><strong>\u0110\u00e3 \u0111\u01b0\u1ee3c ch\u1ee9ng nh\u1eadn:<\/strong> S\u1ea3n ph\u1ea9m n\u00e0y \u0111\u01b0\u1ee3c ch\u1ee9ng nh\u1eadn ISO9001:2000, \u0111\u1ea3m b\u1ea3o ch\u1ea5t l\u01b0\u1ee3ng v\u00e0 \u0111\u1ed9 tin c\u1eady.<\/li>\n<li><strong>Linh ho\u1ea1t:<\/strong> Ph\u00f9 h\u1ee3p v\u1edbi nhi\u1ec1u ng\u00e0nh c\u00f4ng nghi\u1ec7p, t\u1eeb s\u1ea3n xu\u1ea5t \u0111\u1ebfn n\u00f4ng nghi\u1ec7p.<\/li>\n<\/ul>\n<h2>\u1ee8ng d\u1ee5ng c\u1ee7a Xi lanh th\u1ee7y l\u1ef1c r\u01a1 mo\u00f3c h\u00e0nh tr\u00ecnh d\u00e0i<\/h2>\n<p>Xi lanh th\u1ee7y l\u1ef1c r\u01a1 mo\u00f3c h\u00e0nh tr\u00ecnh d\u00e0i \u0111\u01b0\u1ee3c s\u1eed d\u1ee5ng trong nhi\u1ec1u l\u0129nh v\u1ef1c kh\u00e1c nhau:<\/p>\n<ul>\n<li><strong>Nh\u00e0 m\u00e1y s\u1ea3n xu\u1ea5t:<\/strong> \u0110\u00e2y l\u00e0 th\u00e0nh ph\u1ea7n quan tr\u1ecdng trong m\u00e1y m\u00f3c h\u1ea1ng n\u1eb7ng \u0111\u01b0\u1ee3c s\u1eed d\u1ee5ng trong qu\u00e1 tr\u00ecnh s\u1ea3n xu\u1ea5t.<\/li>\n<li><strong>C\u1eeda h\u00e0ng s\u1eeda ch\u1eefa m\u00e1y m\u00f3c:<\/strong> Xi lanh l\u00e0 b\u1ed9 ph\u1eadn thi\u1ebft y\u1ebfu trong vi\u1ec7c s\u1eeda ch\u1eefa v\u00e0 b\u1ea3o d\u01b0\u1ee1ng nhi\u1ec1u lo\u1ea1i m\u00e1y m\u00f3c kh\u00e1c nhau.<\/li>\n<li><strong>Trang tr\u1ea1i:<\/strong> N\u00f3 h\u1ed7 tr\u1ee3 cho vi\u1ec7c v\u1eadn h\u00e0nh m\u00e1y m\u00f3c n\u00f4ng nghi\u1ec7p.<\/li>\n<li><strong>N\u0103ng l\u01b0\u1ee3ng v\u00e0 Khai kho\u00e1ng:<\/strong> Xi lanh \u0111\u01b0\u1ee3c s\u1eed d\u1ee5ng trong s\u1ea3n xu\u1ea5t n\u0103ng l\u01b0\u1ee3ng v\u00e0 thi\u1ebft b\u1ecb khai th\u00e1c.<\/li>\n<li><strong>S\u1ea3n xu\u1ea5t m\u00e1y m\u00f3c:<\/strong> \u0110\u00e2y l\u00e0 th\u00e0nh ph\u1ea7n quan tr\u1ecdng trong s\u1ea3n xu\u1ea5t m\u00e1y m\u00f3c c\u00f4ng nghi\u1ec7p.<\/li>\n<\/ul>\n<p><img decoding=\"async\" src=\"https:\/\/hzpt.com\/wp-content\/uploads\/2023\/11\/Inverted-Telescopic-Cylinder-Applications.webp\" alt=\"\u1ee8ng d\u1ee5ng c\u1ee7a xi lanh \u1ed1ng l\u1ed3ng ng\u01b0\u1ee3c\" title=\"\"><\/p>\n<h2>Nguy\u00ean l\u00fd ho\u1ea1t \u0111\u1ed9ng v\u00e0 b\u1ea3o d\u01b0\u1ee1ng xi lanh th\u1ee7y l\u1ef1c r\u01a1 mo\u00f3c h\u00e0nh tr\u00ecnh d\u00e0i<\/h2>\n<p>Xi lanh th\u1ee7y l\u1ef1c r\u01a1 mo\u00f3c h\u00e0nh tr\u00ecnh d\u00e0i ho\u1ea1t \u0111\u1ed9ng theo nguy\u00ean l\u00fd l\u1ef1c \u0111\u1ea7u v\u00e0o\/\u0111\u1ea7u ra c\u1ee7a ch\u1ea5t l\u1ecfng th\u1ee7y l\u1ef1c. C\u00f4ng su\u1ea5t c\u1ee7a n\u00f3 \u0111\u01b0\u1ee3c t\u1ea1o ra t\u1eeb n\u0103ng l\u01b0\u1ee3ng th\u1ee7y l\u1ef1c, v\u00e0 ho\u1ea1t \u0111\u1ed9ng b\u1eb1ng c\u00e1ch t\u1ea1o ra l\u1ef1c \u0111\u1ea7u ra cao m\u1eb7c d\u00f9 l\u1ef1c \u0111\u1ea7u v\u00e0o th\u1ea5p. T\u1ef7 l\u1ec7 c\u00f4ng su\u1ea5t\/l\u1ef1c cao n\u00e0y l\u00e0 l\u00fd do khi\u1ebfn n\u00f3 tr\u1edf th\u00e0nh m\u1ed9t ph\u1ea7n kh\u00f4ng th\u1ec3 thi\u1ebfu trong nhi\u1ec1u \u1ee9ng d\u1ee5ng h\u1ea1ng n\u1eb7ng.<\/p>\n<p>Xi lanh c\u1ea7n \u0111\u01b0\u1ee3c b\u1ea3o d\u01b0\u1ee1ng th\u01b0\u1eddng xuy\u00ean \u0111\u1ec3 \u0111\u1ea3m b\u1ea3o tu\u1ed5i th\u1ecd v\u00e0 hi\u1ec7u su\u1ea5t t\u1ed1i \u01b0u. C\u00e1c ph\u01b0\u01a1ng ph\u00e1p b\u1ea3o d\u01b0\u1ee1ng bao g\u1ed3m:<\/p>\n<ul>\n<li style=\"list-style-type: none;\">\n<ul>\n<li><strong>Ki\u1ec3m tra th\u01b0\u1eddng xuy\u00ean:<\/strong> Ki\u1ec3m tra th\u01b0\u1eddng xuy\u00ean gi\u00fap x\u00e1c \u0111\u1ecbnh v\u00e0 kh\u1eafc ph\u1ee5c m\u1ecdi v\u1ea5n \u0111\u1ec1 ti\u1ec1m \u1ea9n ngay t\u1eeb giai \u0111o\u1ea1n \u0111\u1ea7u.<\/li>\n<li><strong>V\u1ec7 sinh:<\/strong> Gi\u1eef cho xi lanh s\u1ea1ch s\u1ebd gi\u00fap ng\u0103n ng\u1eeba b\u1ee5i b\u1ea9n t\u00edch t\u1ee5 c\u00f3 th\u1ec3 l\u00e0m gi\u1ea3m ch\u1ee9c n\u0103ng c\u1ee7a xi lanh.<\/li>\n<li><strong>B\u00f4i tr\u01a1n:<\/strong> Vi\u1ec7c b\u00f4i tr\u01a1n th\u01b0\u1eddng xuy\u00ean \u0111\u1ea3m b\u1ea3o ho\u1ea1t \u0111\u1ed9ng tr\u01a1n tru v\u00e0 gi\u1ea3m thi\u1ec3u hao m\u00f2n.<\/li>\n<li><strong>Thay th\u1ebf ph\u1edbt:<\/strong> Ph\u1edbt b\u1ecb h\u1ecfng ph\u1ea3i \u0111\u01b0\u1ee3c thay th\u1ebf ngay \u0111\u1ec3 tr\u00e1nh r\u00f2 r\u1ec9 v\u00e0 duy tr\u00ec \u00e1p su\u1ea5t.<\/li>\n<\/ul>\n<\/li>\n<\/ul>\n<ul>\n<li><strong>Th\u1ef1c hi\u1ec7n theo H\u01b0\u1edbng d\u1eabn s\u1eed d\u1ee5ng:<\/strong> Tu\u00e2n th\u1ee7 c\u00e1c h\u01b0\u1edbng d\u1eabn v\u00e0 ch\u1ec9 d\u1eabn \u0111\u01b0\u1ee3c cung c\u1ea5p trong s\u00e1ch h\u01b0\u1edbng d\u1eabn s\u1eed d\u1ee5ng s\u1ebd \u0111\u1ea3m b\u1ea3o s\u1eed d\u1ee5ng b\u00ecnh an to\u00e0n v\u00e0 hi\u1ec7u qu\u1ea3.<\/li>\n<\/ul>\n<p><img decoding=\"async\" src=\"https:\/\/hzpt.com\/wp-content\/uploads\/2023\/11\/Inverted-Telescopic-Cylinder-20.webp\" alt=\"\" title=\"\"><\/p>\n<h2>H\u00ecnh tr\u1ee5 \u1ed1ng l\u1ed3ng ng\u01b0\u1ee3c<\/h2>\n<p>Xi lanh \u1ed1ng l\u1ed3ng l\u00e0 m\u1ed9t lo\u1ea1i xi lanh th\u1ee7y l\u1ef1c bao g\u1ed3m nhi\u1ec1u t\u1ea7ng l\u1ed3ng v\u00e0o nhau, cho ph\u00e9p h\u00e0nh tr\u00ecnh d\u00e0i h\u01a1n trong khi v\u1eabn duy tr\u00ec k\u00edch th\u01b0\u1edbc nh\u1ecf g\u1ecdn. Trong s\u1ed1 c\u00e1c lo\u1ea1i xi lanh \u1ed1ng l\u1ed3ng, xi lanh \u1ed1ng l\u1ed3ng ng\u01b0\u1ee3c n\u1ed5i b\u1eadt nh\u1edd thi\u1ebft k\u1ebf v\u00e0 ch\u1ee9c n\u0103ng \u0111\u1ed9c \u0111\u00e1o. Trong b\u00e0i vi\u1ebft n\u00e0y, ch\u00fang ta s\u1ebd \u0111i s\u00e2u v\u00e0o c\u00e1c t\u00ednh n\u0103ng v\u00e0 \u1ee9ng d\u1ee5ng c\u1ee7a xi lanh \u1ed1ng l\u1ed3ng ng\u01b0\u1ee3c, \u0111\u1ed3ng th\u1eddi l\u00e0m n\u1ed5i b\u1eadt nh\u1eefng \u01b0u \u0111i\u1ec3m c\u1ee7a n\u00f3 trong nhi\u1ec1u ng\u00e0nh c\u00f4ng nghi\u1ec7p kh\u00e1c nhau.<\/p>\n<h3>C\u00e1c t\u00ednh n\u0103ng ch\u00ednh:<\/h3>\n<p>1. Cung c\u1ea5p tr\u1ef1c ti\u1ebfp t\u1eeb nh\u00e0 m\u00e1y: Xi lanh \u1ed1ng l\u1ed3ng ng\u01b0\u1ee3c \u0111\u01b0\u1ee3c s\u1ea3n xu\u1ea5t v\u00e0 cung c\u1ea5p tr\u1ef1c ti\u1ebfp t\u1eeb nh\u00e0 m\u00e1y, \u0111\u1ea3m b\u1ea3o s\u1ea3n ph\u1ea9m ch\u1ea5t l\u01b0\u1ee3ng cao v\u00e0 gi\u00e1 c\u1ea3 c\u1ea1nh tranh. Chu\u1ed7i cung \u1ee9ng tr\u1ef1c ti\u1ebfp n\u00e0y lo\u1ea1i b\u1ecf c\u00e1c kh\u00e2u trung gian kh\u00f4ng c\u1ea7n thi\u1ebft, gi\u00fap ti\u1ebft ki\u1ec7m chi ph\u00ed cho kh\u00e1ch h\u00e0ng.<\/p>\n<p>2. H\u00e0nh tr\u00ecnh d\u00e0i: Xi lanh \u1ed1ng l\u1ed3ng ng\u01b0\u1ee3c \u0111\u01b0\u1ee3c thi\u1ebft k\u1ebf \u0111\u1eb7c bi\u1ec7t \u0111\u1ec3 c\u00f3 h\u00e0nh tr\u00ecnh d\u00e0i h\u01a1n so v\u1edbi xi lanh truy\u1ec1n th\u1ed1ng. V\u1edbi c\u00e1c t\u1ea7ng l\u1ed3ng nhau, n\u00f3 c\u00f3 th\u1ec3 \u0111\u1ea1t \u0111\u01b0\u1ee3c chi\u1ec1u d\u00e0i h\u00e0nh tr\u00ecnh \u0111\u01b0\u1ee3c m\u1edf r\u1ed9ng \u0111\u00e1ng k\u1ec3, cho ph\u00e9p \u1ee9ng d\u1ee5ng linh ho\u1ea1t h\u01a1n trong nhi\u1ec1u ng\u00e0nh c\u00f4ng nghi\u1ec7p kh\u00e1c nhau.<\/p>\n<p>3. Xi lanh th\u1ee7y l\u1ef1c r\u01a1 mo\u00f3c: M\u1ed9t trong nh\u1eefng \u1ee9ng d\u1ee5ng ch\u00ednh c\u1ee7a xi lanh \u1ed1ng l\u1ed3ng ng\u01b0\u1ee3c l\u00e0 trong h\u1ec7 th\u1ed1ng th\u1ee7y l\u1ef1c r\u01a1 mo\u00f3c. N\u00f3 th\u01b0\u1eddng \u0111\u01b0\u1ee3c s\u1eed d\u1ee5ng l\u00e0m xi lanh r\u01a1 mo\u00f3c, cho ph\u00e9p n\u00e2ng v\u00e0 l\u1eadt tr\u01a1n tru v\u00e0 hi\u1ec7u qu\u1ea3. Kh\u1ea3 n\u0103ng h\u00e0nh tr\u00ecnh d\u00e0i c\u1ee7a n\u00f3 \u0111\u1eb7c bi\u1ec7t c\u00f3 l\u1ee3i trong tr\u01b0\u1eddng h\u1ee3p n\u00e0y, v\u00ec n\u00f3 cho ph\u00e9p g\u00f3c \u0111\u1ed5 l\u1edbn h\u01a1n v\u00e0 kh\u1ea3 n\u0103ng ch\u1ecbu t\u1ea3i cao h\u01a1n.<\/p>\n<h3>\u1ee8ng d\u1ee5ng:<\/h3>\n<p>1. Xe ben: Trong ng\u00e0nh x\u00e2y d\u1ef1ng v\u00e0 khai th\u00e1c m\u1ecf, xe ben l\u00e0 thi\u1ebft b\u1ecb thi\u1ebft y\u1ebfu \u0111\u1ec3 v\u1eadn chuy\u1ec3n v\u00e0 d\u1ee1 v\u1eadt li\u1ec7u. Xi lanh \u1ed1ng l\u1ed3ng ng\u01b0\u1ee3c \u0111\u00f3ng vai tr\u00f2 quan tr\u1ecdng trong c\u01a1 c\u1ea5u n\u00e2ng v\u00e0 h\u1ea1 c\u1ee7a nh\u1eefng chi\u1ebfc xe n\u00e0y, \u0111\u1ea3m b\u1ea3o ho\u1ea1t \u0111\u1ed9ng hi\u1ec7u qu\u1ea3 v\u00e0 \u0111\u00e1ng tin c\u1eady. Kh\u1ea3 n\u0103ng h\u00e0nh tr\u00ecnh d\u00e0i c\u1ee7a n\u00f3 cho ph\u00e9p g\u00f3c n\u00e2ng cao h\u01a1n, cho ph\u00e9p x\u1ea3 v\u1eadt li\u1ec7u k\u1ef9 l\u01b0\u1ee1ng v\u00e0 ki\u1ec3m so\u00e1t.<\/p>\n<p>2. Thi\u1ebft b\u1ecb n\u00f4ng nghi\u1ec7p: Xi lanh \u1ed1ng l\u1ed3ng ng\u01b0\u1ee3c \u0111\u01b0\u1ee3c \u1ee9ng d\u1ee5ng trong nhi\u1ec1u lo\u1ea1i m\u00e1y m\u00f3c n\u00f4ng nghi\u1ec7p, ch\u1eb3ng h\u1ea1n nh\u01b0 xe k\u00e9o ng\u0169 c\u1ed1c v\u00e0 m\u00e1y r\u1ea3i ph\u00e2n b\u00f3n. N\u00f3 gi\u00fap vi\u1ec7c d\u1ee1 v\u1eadt li\u1ec7u \u0111\u01b0\u1ee3c ki\u1ec3m so\u00e1t, \u0111\u1ea3m b\u1ea3o ph\u00e2n ph\u1ed1i ch\u00ednh x\u00e1c v\u00e0 gi\u1ea3m thi\u1ec3u l\u00e3ng ph\u00ed. Kh\u1ea3 n\u0103ng h\u00e0nh tr\u00ecnh d\u00e0i c\u1ee7a xi lanh gi\u00fap t\u0103ng hi\u1ec7u qu\u1ea3 c\u1ee7a c\u00e1c ho\u1ea1t \u0111\u1ed9ng n\u00e0y, cho ph\u00e9p v\u1eadn chuy\u1ec3n kh\u1ed1i l\u01b0\u1ee3ng l\u1edbn h\u01a1n trong m\u1ed9t chu k\u1ef3.<\/p>\n<p>3. H\u1ec7 th\u1ed1ng Qu\u1ea3n l\u00fd Ch\u1ea5t th\u1ea3i: Trong c\u00e1c \u1ee9ng d\u1ee5ng qu\u1ea3n l\u00fd ch\u1ea5t th\u1ea3i, xi lanh \u1ed1ng l\u1ed3ng ng\u01b0\u1ee3c \u0111\u01b0\u1ee3c s\u1eed d\u1ee5ng trong xe ch\u1edf r\u00e1c \u0111\u1ec3 thu gom v\u00e0 x\u1eed l\u00fd r\u00e1c th\u1ea3i hi\u1ec7u qu\u1ea3. H\u00e0nh tr\u00ecnh d\u00e0i h\u01a1n cho ph\u00e9p t\u1ef7 l\u1ec7 n\u00e9n cao h\u01a1n, gi\u1ea3m t\u1ea7n su\u1ea5t di chuy\u1ec3n \u0111\u1ebfn b\u00e3i x\u1eed l\u00fd v\u00e0 t\u1ed1i \u01b0u h\u00f3a quy tr\u00ecnh qu\u1ea3n l\u00fd ch\u1ea5t th\u1ea3i.<\/p>\n<p>4. M\u00e1y m\u00f3c c\u00f4ng nghi\u1ec7p: Xy lanh \u1ed1ng l\u1ed3ng ng\u01b0\u1ee3c c\u0169ng \u0111\u01b0\u1ee3c s\u1eed d\u1ee5ng trong m\u00e1y m\u00f3c c\u00f4ng nghi\u1ec7p, bao g\u1ed3m thi\u1ebft b\u1ecb x\u00e2y d\u1ef1ng v\u00e0 h\u1ec7 th\u1ed1ng x\u1eed l\u00fd v\u1eadt li\u1ec7u. H\u00e0nh tr\u00ecnh d\u00e0i v\u00e0 thi\u1ebft k\u1ebf nh\u1ecf g\u1ecdn c\u1ee7a n\u00f3 ph\u00f9 h\u1ee3p cho nhi\u1ec1u nhi\u1ec7m v\u1ee5 n\u00e2ng v\u00e0 \u0111\u1ea9y kh\u00e1c nhau, n\u00e2ng cao hi\u1ec7u su\u1ea5t v\u00e0 n\u0103ng su\u1ea5t t\u1ed5ng th\u1ec3 c\u1ee7a c\u00e1c m\u00e1y m\u00f3c n\u00e0y.<\/p>\n<p>T\u00f3m l\u1ea1i, xi lanh \u1ed1ng l\u1ed3ng ng\u01b0\u1ee3c l\u00e0 m\u1ed9t xi lanh th\u1ee7y l\u1ef1c chuy\u00ean d\u1ee5ng mang l\u1ea1i nh\u1eefng \u01b0u \u0111i\u1ec3m \u0111\u1ed9c \u0111\u00e1o v\u1ec1 kh\u1ea3 n\u0103ng h\u00e0nh tr\u00ecnh d\u00e0i v\u00e0 thi\u1ebft k\u1ebf nh\u1ecf g\u1ecdn. V\u1edbi ngu\u1ed3n cung c\u1ea5p tr\u1ef1c ti\u1ebfp t\u1eeb nh\u00e0 m\u00e1y, s\u1ea3n ph\u1ea9m \u0111\u1ea3m b\u1ea3o ch\u1ea5t l\u01b0\u1ee3ng cao v\u1edbi gi\u00e1 c\u1ea3 c\u1ea1nh tranh. \u1ee8ng d\u1ee5ng c\u1ee7a xi lanh trong h\u1ec7 th\u1ed1ng th\u1ee7y l\u1ef1c r\u01a1 mo\u00f3c, xe ben, thi\u1ebft b\u1ecb n\u00f4ng nghi\u1ec7p, qu\u1ea3n l\u00fd ch\u1ea5t th\u1ea3i v\u00e0 m\u00e1y m\u00f3c c\u00f4ng nghi\u1ec7p th\u1ec3 hi\u1ec7n t\u00ednh linh ho\u1ea1t v\u00e0 hi\u1ec7u qu\u1ea3 trong nhi\u1ec1u ng\u00e0nh c\u00f4ng nghi\u1ec7p kh\u00e1c nhau. Cho d\u00f9 l\u00e0 \u0111\u1ec3 n\u00e2ng, l\u1eadt hay \u0111\u1ea9y, xi lanh \u1ed1ng l\u1ed3ng ng\u01b0\u1ee3c v\u1eabn ch\u1ee9ng t\u1ecf l\u00e0 m\u1ed9t th\u00e0nh ph\u1ea7n \u0111\u00e1ng tin c\u1eady v\u00e0 kh\u00f4ng th\u1ec3 thi\u1ebfu trong nhi\u1ec1u h\u1ec7 th\u1ed1ng th\u1ee7y l\u1ef1c.<\/p>\n<h3>Gi\u1edbi thi\u1ec7u v\u1ec1 xi lanh th\u1ee7y l\u1ef1c FMP<\/h3>\n<p>FMP l\u00e0 m\u1ed9t c\u00f4ng ty h\u00e0ng \u0111\u1ea7u t\u1ea1i \u00dd chuy\u00ean b\u00e1n v\u00e0 b\u1ea3o d\u01b0\u1ee1ng ph\u1ee5 t\u00f9ng m\u00e1y m\u00f3c x\u00e2y d\u1ef1ng v\u00e0 m\u00e1y m\u00f3c ho\u00e0n ch\u1ec9nh. Xi lanh th\u1ee7y l\u1ef1c c\u1ee7a ch\u00fang t\u00f4i l\u00e0 m\u1ed9t trong nh\u1eefng s\u1ea3n ph\u1ea9m b\u00e1n ch\u1ea1y nh\u1ea5t, v\u00e0 ch\u00fang t\u00f4i t\u1ef1 h\u00e0o v\u1ec1 ch\u1ea5t l\u01b0\u1ee3ng v\u01b0\u1ee3t tr\u1ed9i v\u00e0 t\u00ednh n\u0103ng v\u01b0\u1ee3t tr\u1ed9i c\u1ee7a n\u00f3. D\u01b0\u1edbi \u0111\u00e2y l\u00e0 n\u0103m l\u00fd do t\u1ea1i sao b\u1ea1n n\u00ean ch\u1ecdn Xi lanh th\u1ee7y l\u1ef1c FMP:<\/p>\n<ol>\n<li><strong>Ch\u1ea5t l\u01b0\u1ee3ng cao c\u1ea5p:<\/strong> Xi lanh th\u1ee7y l\u1ef1c FMP \u0111\u01b0\u1ee3c l\u00e0m t\u1eeb v\u1eadt li\u1ec7u ch\u1ea5t l\u01b0\u1ee3ng cao, \u0111\u1ea3m b\u1ea3o \u0111\u1ed9 b\u1ec1n v\u00e0 \u0111\u1ed9 tin c\u1eady. Ch\u00fang t\u00f4i nh\u1eadp v\u1eadt li\u1ec7u t\u1eeb c\u00e1c nh\u00e0 cung c\u1ea5p uy t\u00edn, \u0111\u00e1p \u1ee9ng c\u00e1c ti\u00eau chu\u1ea9n ch\u1ea5t l\u01b0\u1ee3ng nghi\u00eam ng\u1eb7t, \u0111\u1ea3m b\u1ea3o s\u1ea3n ph\u1ea9m c\u1ee7a ch\u00fang t\u00f4i \u0111\u1ea1t ch\u1ea5t l\u01b0\u1ee3ng cao nh\u1ea5t.<\/li>\n<li><strong>C\u00e1c th\u00f4ng s\u1ed1 k\u1ef9 thu\u1eadt kh\u00e1c nhau:<\/strong> Xi lanh th\u1ee7y l\u1ef1c c\u1ee7a ch\u00fang t\u00f4i c\u00f3 nhi\u1ec1u k\u00edch c\u1ee1 v\u00e0 th\u00f4ng s\u1ed1 k\u1ef9 thu\u1eadt kh\u00e1c nhau \u0111\u1ec3 ph\u00f9 h\u1ee3p v\u1edbi nhu c\u1ea7u c\u1ee5 th\u1ec3 c\u1ee7a b\u1ea1n. Ch\u00fang t\u00f4i cung c\u1ea5p \u0111a d\u1ea1ng s\u1ea3n ph\u1ea9m, bao g\u1ed3m xi lanh lo\u1ea1i ch\u1ed1t \u0111i\u1ec1u ch\u1ec9nh, xi lanh thanh gi\u1eb1ng v\u00e0 xi lanh th\u1ee7y l\u1ef1c h\u00e0n.<\/li>\n<li><strong>T\u01b0 v\u1ea5n chuy\u00ean m\u00f4n:<\/strong> \u0110\u1ed9i ng\u0169 b\u00e1n h\u00e0ng gi\u00e0u kinh nghi\u1ec7m c\u1ee7a ch\u00fang t\u00f4i am hi\u1ec3u v\u1ec1 ng\u00e0nh m\u00e1y m\u00f3c x\u00e2y d\u1ef1ng v\u00e0 c\u00f3 th\u1ec3 t\u01b0 v\u1ea5n s\u1ea3n ph\u1ea9m chuy\u00ean nghi\u1ec7p cho b\u1ea1n. Ch\u00fang t\u00f4i c\u00f3 th\u1ec3 gi\u00fap b\u1ea1n x\u00e1c \u0111\u1ecbnh lo\u1ea1i xi lanh th\u1ee7y l\u1ef1c n\u00e0o ph\u00f9 h\u1ee3p v\u1edbi d\u1ef1 \u00e1n c\u1ee7a b\u1ea1n, \u0111\u1ea3m b\u1ea3o b\u1ea1n \u0111\u01b0a ra quy\u1ebft \u0111\u1ecbnh s\u00e1ng su\u1ed1t.<\/li>\n<li><strong>H\u1eadu c\u1ea7n hi\u1ec7u qu\u1ea3:<\/strong> Ch\u00fang t\u00f4i hi\u1ec3u r\u1eb1ng th\u1eddi gian l\u00e0 y\u1ebfu t\u1ed1 then ch\u1ed1t, v\u00e0 \u0111\u00f3 l\u00e0 l\u00fd do t\u1ea1i sao ch\u00fang t\u00f4i c\u00f3 m\u1ed9t h\u1ec7 th\u1ed1ng ph\u00e2n ph\u1ed1i h\u1eadu c\u1ea7n hi\u1ec7u qu\u1ea3. Ch\u00fang t\u00f4i \u0111\u1ea3m b\u1ea3o Xi lanh th\u1ee7y l\u1ef1c c\u1ee7a b\u1ea1n \u0111\u01b0\u1ee3c giao \u0111\u1ebfn tay b\u1ea1n m\u1ed9t c\u00e1ch k\u1ecbp th\u1eddi v\u00e0 ch\u00ednh x\u00e1c.<\/li>\n<li><strong>D\u1ecbch v\u1ee5 kh\u00e1ch h\u00e0ng tuy\u1ec7t v\u1eddi:<\/strong> T\u1ea1i FMP, ch\u00fang t\u00f4i tr\u00e2n tr\u1ecdng kh\u00e1ch h\u00e0ng v\u00e0 lu\u00f4n n\u1ed7 l\u1ef1c cung c\u1ea5p d\u1ecbch v\u1ee5 kh\u00e1ch h\u00e0ng xu\u1ea5t s\u1eafc. Ch\u00fang t\u00f4i cam k\u1ebft \u0111\u00e1p \u1ee9ng v\u00e0 v\u01b0\u1ee3t tr\u00ean c\u1ea3 mong \u0111\u1ee3i c\u1ee7a b\u1ea1n, v\u00e0 lu\u00f4n s\u1eb5n s\u00e0ng h\u1ed7 tr\u1ee3 b\u1ea1n gi\u1ea3i \u0111\u00e1p m\u1ecdi th\u1eafc m\u1eafc ho\u1eb7c lo l\u1eafng.<\/li>\n<\/ol>\n<p>T\u1ea1i FMP, ch\u00fang t\u00f4i t\u1ef1 h\u00e0o cung c\u1ea5p cho kh\u00e1ch h\u00e0ng c\u00e1c gi\u1ea3i ph\u00e1p Xi lanh th\u1ee7y l\u1ef1c ch\u1ea5t l\u01b0\u1ee3ng cao v\u00e0 \u0111\u00e1ng tin c\u1eady. S\u1ea3n ph\u1ea9m v\u00e0 d\u1ecbch v\u1ee5 c\u1ee7a ch\u00fang t\u00f4i \u0111\u01b0\u1ee3c h\u1ed7 tr\u1ee3 b\u1edfi nhi\u1ec1u n\u0103m kinh nghi\u1ec7m trong ng\u00e0nh v\u00e0 \u0111\u1ed9i ng\u0169 chuy\u00ean nghi\u1ec7p. H\u00e3y ch\u1ecdn Xi lanh th\u1ee7y l\u1ef1c FMP cho d\u1ef1 \u00e1n ti\u1ebfp theo c\u1ee7a b\u1ea1n v\u00e0 tr\u1ea3i nghi\u1ec7m s\u1ef1 kh\u00e1c bi\u1ec7t.<\/p>\n<p><img decoding=\"async\" src=\"https:\/\/fmp-components.com\/wp-content\/uploads\/2024\/12\/Adjustable-Clevis-Type-Cylinders-6.webp\" alt=\"Xi lanh lo\u1ea1i Clevis c\u00f3 th\u1ec3 \u0111i\u1ec1u ch\u1ec9nh\" width=\"823\" title=\"\"><br \/>\nT\u00e1c gi\u1ea3: CX<\/p>","protected":false},"excerpt":{"rendered":"<p>Factory Direct Supply Long Stroke Trailer Hydraulic Ram Cylinder is a high-quality hydraulic cylinder designed for use in trailers. It has a long stroke, which ensures that it can handle heavy loads with ease and efficiency. The cylinder is made from top-grade materials, making it durable and able to withstand wear and tear. One of [&hellip;]<\/p>","protected":false},"featured_media":1644,"comment_status":"closed","ping_status":"closed","template":"","meta":{"_et_pb_use_builder":"","_et_pb_old_content":"","_et_gb_content_width":""},"product_brand":[],"product_cat":[45],"product_tag":[34,48],"class_list":{"0":"post-1643","1":"product","2":"type-product","3":"status-publish","4":"has-post-thumbnail","6":"product_cat-inverted-telescopic-cylinder","7":"product_tag-hydraulic-cylinder","8":"product_tag-inverted-telescopic-cylinder","10":"first","11":"instock","12":"product-type-simple"},"_links":{"self":[{"href":"https:\/\/fmp-components.com\/vi\/wp-json\/wp\/v2\/product\/1643","targetHints":{"allow":["GET"]}}],"collection":[{"href":"https:\/\/fmp-components.com\/vi\/wp-json\/wp\/v2\/product"}],"about":[{"href":"https:\/\/fmp-components.com\/vi\/wp-json\/wp\/v2\/types\/product"}],"replies":[{"embeddable":true,"href":"https:\/\/fmp-components.com\/vi\/wp-json\/wp\/v2\/comments?post=1643"}],"wp:featuredmedia":[{"embeddable":true,"href":"https:\/\/fmp-components.com\/vi\/wp-json\/wp\/v2\/media\/1644"}],"wp:attachment":[{"href":"https:\/\/fmp-components.com\/vi\/wp-json\/wp\/v2\/media?parent=1643"}],"wp:term":[{"taxonomy":"product_brand","embeddable":true,"href":"https:\/\/fmp-components.com\/vi\/wp-json\/wp\/v2\/product_brand?post=1643"},{"taxonomy":"product_cat","embeddable":true,"href":"https:\/\/fmp-components.com\/vi\/wp-json\/wp\/v2\/product_cat?post=1643"},{"taxonomy":"product_tag","embeddable":true,"href":"https:\/\/fmp-components.com\/vi\/wp-json\/wp\/v2\/product_tag?post=1643"}],"curies":[{"name":"wp","href":"https:\/\/api.w.org\/{rel}","templated":true}]}}