{"id":1641,"date":"2024-12-23T07:00:44","date_gmt":"2024-12-23T07:00:44","guid":{"rendered":"https:\/\/fmp-components.com\/product\/cost-effective-trailer-telescopic-cylinder-hydraulic\/"},"modified":"2025-03-11T05:47:29","modified_gmt":"2025-03-11T05:47:29","slug":"cost-effective-trailer-telescopic-cylinder-hydraulic","status":"publish","type":"product","link":"https:\/\/fmp-components.com\/vi\/product\/cost-effective-trailer-telescopic-cylinder-hydraulic\/","title":{"rendered":"Xi lanh th\u1ee7y l\u1ef1c \u1ed1ng l\u1ed3ng r\u01a1 mo\u00f3c ti\u1ebft ki\u1ec7m chi ph\u00ed"},"content":{"rendered":"<p>Xi lanh th\u1ee7y l\u1ef1c d\u1ea1ng \u1ed1ng l\u1ed3ng ti\u1ebft ki\u1ec7m chi ph\u00ed cho xe k\u00e9o l\u00e0 xi lanh th\u1ee7y l\u1ef1c ch\u1ea5t l\u01b0\u1ee3ng cao, \u0111\u01b0\u1ee3c thi\u1ebft k\u1ebf ch\u1ee7 y\u1ebfu \u0111\u1ec3 \u0111\u00e1p \u1ee9ng nhu c\u1ea7u c\u1ee7a ng\u00e0nh c\u00f4ng nghi\u1ec7p xe k\u00e9o. S\u1ea3n ph\u1ea9m n\u00e0y \u0111\u01b0\u1ee3c s\u1ea3n xu\u1ea5t b\u1eb1ng c\u00f4ng ngh\u1ec7 m\u1edbi nh\u1ea5t v\u00e0 v\u1eadt li\u1ec7u ch\u1ea5t l\u01b0\u1ee3ng cao, mang l\u1ea1i \u0111\u1ed9 b\u1ec1n, hi\u1ec7u qu\u1ea3 v\u00e0 \u0111\u1ed9 tin c\u1eady cao.<\/p>\n<p>Xi lanh th\u1ee7y l\u1ef1c ph\u00f9 h\u1ee3p v\u1edbi nhi\u1ec1u \u1ee9ng d\u1ee5ng kh\u00e1c nhau, bao g\u1ed3m r\u01a1 mo\u00f3c \u0111\u1ed5, thi\u1ebft b\u1ecb x\u1eed l\u00fd r\u00e1c th\u1ea3i v\u00e0 r\u01a1 mo\u00f3c s\u00e0n \u0111\u1ed9ng. S\u1ea3n ph\u1ea9m c\u00f3 thi\u1ebft k\u1ebf d\u1ea1ng \u1ed1ng l\u1ed3ng cho ph\u00e9p k\u00e9o d\u00e0i v\u00e0 thu g\u1ecdn, gi\u00fap t\u0103ng c\u01b0\u1eddng t\u00ednh linh ho\u1ea1t v\u00e0 hi\u1ec7u qu\u1ea3.<\/p>\n<p>M\u1ed9t trong nh\u1eefng t\u00ednh n\u0103ng \u0111\u1ed9c \u0111\u00e1o c\u1ee7a s\u1ea3n ph\u1ea9m n\u00e0y l\u00e0 t\u00ednh hi\u1ec7u qu\u1ea3 v\u1ec1 m\u1eb7t chi ph\u00ed. M\u1eb7c d\u00f9 l\u00e0 xi lanh th\u1ee7y l\u1ef1c ch\u1ea5t l\u01b0\u1ee3ng cao, nh\u01b0ng gi\u00e1 th\u00e0nh l\u1ea1i ph\u1ea3i ch\u0103ng, ph\u00f9 h\u1ee3p v\u1edbi nhi\u1ec1u doanh nghi\u1ec7p v\u00e0 c\u00e1 nh\u00e2n c\u00f3 nhu c\u1ea7u s\u1eed d\u1ee5ng.<\/p>\n<table style=\"width: 100%;\" border=\"1\" width=\"100%\" cellspacing=\"0\" cellpadding=\"0\">\n<tbody>\n<tr>\n<th>T\u00ean s\u1ea3n ph\u1ea9m<\/th>\n<td>Xi lanh th\u1ee7y l\u1ef1c \u1ed1ng l\u1ed3ng r\u01a1 mo\u00f3c ti\u1ebft ki\u1ec7m chi ph\u00ed<\/td>\n<\/tr>\n<tr>\n<th>T\u00ecnh tr\u1ea1ng<\/th>\n<td>M\u1edbi<\/td>\n<\/tr>\n<tr>\n<th>B\u1ea3o h\u00e0nh<\/th>\n<td>1 n\u0103m<\/td>\n<\/tr>\n<tr>\n<th>Thi\u1ebft k\u1ebf<\/th>\n<td>K\u00ednh thi\u00ean v\u0103n v\u1edbi c\u00f4ng ngh\u1ec7 ti\u00ean ti\u1ebfn<\/td>\n<\/tr>\n<tr>\n<th>Nguy\u00ean v\u1eadt li\u1ec7u<\/th>\n<td>V\u1eadt li\u1ec7u ch\u1ea5t l\u01b0\u1ee3ng cao<\/td>\n<\/tr>\n<tr>\n<th>Hi\u1ec7u su\u1ea5t<\/th>\n<td>\u0110\u00e1ng tin c\u1eady v\u00e0 hi\u1ec7u qu\u1ea3<\/td>\n<\/tr>\n<tr>\n<th>Kh\u1ea3 n\u0103ng chi tr\u1ea3<\/th>\n<td>Gi\u1ea3i ph\u00e1p ti\u1ebft ki\u1ec7m chi ph\u00ed<\/td>\n<\/tr>\n<tr>\n<th>C\u00e1c ng\u00e0nh c\u00f4ng nghi\u1ec7p \u00e1p d\u1ee5ng<\/th>\n<td>Nh\u00e0 m\u00e1y s\u1ea3n xu\u1ea5t, X\u01b0\u1edfng s\u1eeda ch\u1eefa m\u00e1y m\u00f3c, Trang tr\u1ea1i, N\u0103ng l\u01b0\u1ee3ng &amp; Khai th\u00e1c, S\u1ea3n xu\u1ea5t m\u00e1y m\u00f3c, Nh\u00e0 m\u00e1y m\u00e1y m\u00f3c<\/td>\n<\/tr>\n<tr>\n<th>S\u1ef1 \u0111\u1ed5i m\u1edbi<\/th>\n<td>Ti\u00eau chu\u1ea9n m\u1edbi trong c\u00f4ng ngh\u1ec7 xi lanh th\u1ee7y l\u1ef1c<\/td>\n<\/tr>\n<\/tbody>\n<\/table>\n<p><img decoding=\"async\" src=\"https:\/\/hzpt.com\/wp-content\/uploads\/2023\/11\/Inverted-Telescopic-Cylinder-18.webp\" alt=\"\" title=\"\"><\/p>\n<h2>\u0110\u1eb7c \u0111i\u1ec3m c\u1ee7a xi lanh th\u1ee7y l\u1ef1c \u1ed1ng l\u1ed3ng r\u01a1 mo\u00f3c<\/h2>\n<p>1. <strong>C\u1ea5u tr\u00fac chu\u1ea9n:<\/strong> Xi lanh th\u1ee7y l\u1ef1c n\u00e0y c\u00f3 c\u1ea5u tr\u00fac piston ti\u00eau chu\u1ea9n, \u0111\u1ea3m b\u1ea3o kh\u1ea3 n\u0103ng t\u01b0\u01a1ng th\u00edch v\u00e0 d\u1ec5 l\u1eafp \u0111\u1eb7t v\u00e0o nhi\u1ec1u lo\u1ea1i m\u00e1y m\u00f3c kh\u00e1c nhau.<\/p>\n<p>2. <strong>C\u00f4ng su\u1ea5t cao:<\/strong> N\u00f3 ho\u1ea1t \u0111\u1ed9ng b\u1eb1ng n\u0103ng l\u01b0\u1ee3ng th\u1ee7y l\u1ef1c, mang l\u1ea1i kh\u1ea3 n\u0103ng v\u1eadn h\u00e0nh m\u1ea1nh m\u1ebd v\u00e0 \u0111\u00e1ng tin c\u1eady.<\/p>\n<p>3. <strong>V\u1eadt li\u1ec7u b\u1ec1n:<\/strong> Th\u00e2n xi lanh \u0111\u01b0\u1ee3c l\u00e0m b\u1eb1ng th\u00e9p, \u0111\u1ea3m b\u1ea3o \u0111\u1ed9 b\u1ec1n v\u00e0 hi\u1ec7u su\u1ea5t l\u00e2u d\u00e0i.<\/p>\n<p>4. <strong>L\u1ef1c \u0111\u1ea9y v\u00e0 l\u1ef1c k\u00e9o cao:<\/strong> V\u1edbi l\u1ef1c \u0111\u1ea9y t\u1ed1i \u0111a l\u00e0 3000 v\u00e0 l\u1ef1c k\u00e9o t\u1ed1i \u0111a l\u00e0 20 t\u1ea5n, m\u00e1y bay n\u00e0y c\u00f3 kh\u1ea3 n\u0103ng v\u1eadn h\u00e0nh m\u1ea1nh m\u1ebd.<\/p>\n<p>5. <strong>\u0110\u01b0\u1ee3c ch\u1ee9ng nh\u1eadn ISO:<\/strong> S\u1ea3n ph\u1ea9m \u0111\u01b0\u1ee3c ch\u1ee9ng nh\u1eadn ISO9001:2000, \u0111\u1ea3m b\u1ea3o ch\u1ea5t l\u01b0\u1ee3ng v\u00e0 hi\u1ec7u su\u1ea5t.<\/p>\n<h2>\u1ee8ng d\u1ee5ng c\u1ee7a xi lanh th\u1ee7y l\u1ef1c \u1ed1ng l\u1ed3ng r\u01a1 mo\u00f3c<\/h2>\n<p>1. <strong>Nh\u00e0 m\u00e1y s\u1ea3n xu\u1ea5t:<\/strong> C\u00f3 th\u1ec3 s\u1eed d\u1ee5ng trong nhi\u1ec1u lo\u1ea1i m\u00e1y m\u00f3c c\u1ee7a nh\u00e0 m\u00e1y s\u1ea3n xu\u1ea5t.<\/p>\n<p>2. <strong>C\u1eeda h\u00e0ng s\u1eeda ch\u1eefa m\u00e1y m\u00f3c:<\/strong> Th\u00edch h\u1ee3p cho vi\u1ec7c s\u1eeda ch\u1eefa v\u00e0 n\u00e2ng c\u1ea5p m\u00e1y m\u00f3c.<\/p>\n<p>3. <strong>Trang tr\u1ea1i:<\/strong> N\u00f3 c\u00f3 th\u1ec3 \u0111\u01b0\u1ee3c s\u1eed d\u1ee5ng trong m\u00e1y m\u00f3c n\u00f4ng nghi\u1ec7p.<\/p>\n<p>4. <strong>N\u0103ng l\u01b0\u1ee3ng v\u00e0 Khai kho\u00e1ng:<\/strong> N\u00f3 c\u00f3 th\u1ec3 \u0111\u01b0\u1ee3c \u1ee9ng d\u1ee5ng trong m\u00e1y m\u00f3c n\u0103ng l\u01b0\u1ee3ng v\u00e0 khai th\u00e1c m\u1ecf.<\/p>\n<p>5. <strong>S\u1ea3n xu\u1ea5t m\u00e1y m\u00f3c:<\/strong> N\u00f3 ho\u00e0n h\u1ea3o \u0111\u1ec3 s\u1eed d\u1ee5ng trong qu\u00e1 tr\u00ecnh s\u1ea3n xu\u1ea5t m\u00e1y m\u00f3c.<\/p>\n<p><img decoding=\"async\" src=\"https:\/\/hzpt.com\/wp-content\/uploads\/2023\/11\/Inverted-Telescopic-Cylinder-Applications.webp\" alt=\"\u1ee8ng d\u1ee5ng c\u1ee7a xi lanh \u1ed1ng l\u1ed3ng ng\u01b0\u1ee3c\" title=\"\"><\/p>\n<h2>Nguy\u00ean l\u00fd ho\u1ea1t \u0111\u1ed9ng v\u00e0 b\u1ea3o d\u01b0\u1ee1ng xi lanh th\u1ee7y l\u1ef1c \u1ed1ng l\u1ed3ng r\u01a1 mo\u00f3c<\/h2>\n<p>Nguy\u00ean l\u00fd ho\u1ea1t \u0111\u1ed9ng c\u1ee7a xi lanh th\u1ee7y l\u1ef1c n\u00e0y li\u00ean quan \u0111\u1ebfn c\u1ea5u h\u00ecnh l\u1ef1c \u0111\u1ea7u v\u00e0o v\u00e0 \u0111\u1ea7u ra c\u1ee7a ch\u1ea5t l\u1ecfng th\u1ee7y l\u1ef1c ti\u00eau chu\u1ea9n. V\u1ec1 b\u1ea3o tr\u00ec, c\u1ea7n:<\/p>\n<p>1. <strong>Ki\u1ec3m tra th\u01b0\u1eddng xuy\u00ean:<\/strong> Ki\u1ec3m tra th\u01b0\u1eddng xuy\u00ean gi\u00fap ph\u00e1t hi\u1ec7n s\u1edbm m\u1ecdi v\u1ea5n \u0111\u1ec1 ti\u1ec1m \u1ea9n.<\/p>\n<p>2. <strong>V\u1ec7 sinh:<\/strong> Gi\u1eef cho xi lanh s\u1ea1ch s\u1ebd \u0111\u1ea3m b\u1ea3o xi lanh ho\u1ea1t \u0111\u1ed9ng tr\u01a1n tru.<\/p>\n<p>3. <strong>B\u00f4i tr\u01a1n:<\/strong> B\u00f4i tr\u01a1n th\u01b0\u1eddng xuy\u00ean gi\u00fap gi\u1ea3m ma s\u00e1t v\u00e0 k\u00e9o d\u00e0i tu\u1ed5i th\u1ecd c\u1ee7a xi lanh.<\/p>\n<p>4. <strong>Thay th\u1ebf ph\u1edbt:<\/strong> Thay th\u1ebf ph\u1edbt khi ch\u00fang c\u00f3 d\u1ea5u hi\u1ec7u m\u00f2n c\u00f3 th\u1ec3 ng\u0103n ng\u1eeba r\u00f2 r\u1ec9.<\/p>\n<p>5. <strong>Th\u1ef1c hi\u1ec7n theo H\u01b0\u1edbng d\u1eabn s\u1eed d\u1ee5ng:<\/strong> Lu\u00f4n tu\u00e2n theo h\u01b0\u1edbng d\u1eabn s\u1eed d\u1ee5ng \u0111\u1ec3 v\u1eadn h\u00e0nh an to\u00e0n v\u00e0 hi\u1ec7u qu\u1ea3.<\/p>\n<p><img decoding=\"async\" src=\"https:\/\/hzpt.com\/wp-content\/uploads\/2023\/11\/Inverted-Telescopic-Cylinder-4.webp\" alt=\"\" title=\"\"><\/p>\n<h2>H\u00ecnh tr\u1ee5 \u1ed1ng l\u1ed3ng ng\u01b0\u1ee3c<\/h2>\n<p>Xi lanh \u1ed1ng l\u1ed3ng ng\u01b0\u1ee3c l\u00e0 m\u1ed9t lo\u1ea1i xi lanh th\u1ee7y l\u1ef1c th\u01b0\u1eddng \u0111\u01b0\u1ee3c s\u1eed d\u1ee5ng trong nhi\u1ec1u ng\u00e0nh c\u00f4ng nghi\u1ec7p cho c\u00e1c \u1ee9ng d\u1ee5ng kh\u00e1c nhau. N\u00f3 \u0111\u01b0\u1ee3c thi\u1ebft k\u1ebf \u0111\u1ec3 cung c\u1ea5p gi\u1ea3i ph\u00e1p ti\u1ebft ki\u1ec7m chi ph\u00ed cho c\u00e1c h\u1ec7 th\u1ed1ng th\u1ee7y l\u1ef1c c\u1ee5 th\u1ec3, \u0111\u1eb7c bi\u1ec7t l\u00e0 trong l\u0129nh v\u1ef1c s\u1ea3n xu\u1ea5t r\u01a1 mo\u00f3c. B\u00e0i vi\u1ebft n\u00e0y s\u1ebd \u0111i s\u00e2u v\u00e0o c\u00e1c t\u00ednh n\u0103ng, l\u1ee3i \u00edch v\u00e0 \u1ee9ng d\u1ee5ng c\u1ee7a xi lanh \u1ed1ng l\u1ed3ng ng\u01b0\u1ee3c, \u0111\u1ed3ng th\u1eddi l\u00e0m n\u1ed5i b\u1eadt hi\u1ec7u qu\u1ea3 v\u1ec1 chi ph\u00ed v\u00e0 kh\u1ea3 n\u0103ng th\u1ee7y l\u1ef1c c\u1ee7a n\u00f3.<\/p>\n<h3>\u0110\u1eb7c tr\u01b0ng<\/h3>\n<p>Xi lanh \u1ed1ng l\u1ed3ng ng\u01b0\u1ee3c bao g\u1ed3m nhi\u1ec1u t\u1ea7ng ho\u1eb7c \u0111o\u1ea1n, m\u1ed7i t\u1ea7ng \u0111\u01b0\u1ee3c l\u1ed3ng v\u00e0o b\u00ean trong t\u1ea7ng tr\u00ean. Thi\u1ebft k\u1ebf \u0111\u1ed9c \u0111\u00e1o n\u00e0y cho ph\u00e9p l\u01b0u tr\u1eef g\u1ecdn g\u00e0ng v\u00e0 s\u1eed d\u1ee5ng kh\u00f4ng gian hi\u1ec7u qu\u1ea3. Xi lanh \u0111\u01b0\u1ee3c k\u00e9o d\u00e0i b\u1eb1ng \u00e1p su\u1ea5t th\u1ee7y l\u1ef1c, khi\u1ebfn c\u00e1c \u0111o\u1ea1n \u1ed1ng l\u1ed3ng ra ngo\u00e0i, t\u0103ng chi\u1ec1u d\u00e0i t\u1ed5ng th\u1ec3 c\u1ee7a xi lanh.<\/p>\n<p>Ch\u1ea5t l\u1ecfng th\u1ee7y l\u1ef1c, th\u01b0\u1eddng l\u00e0 d\u1ea7u, n\u1eb1m b\u00ean trong xi lanh v\u00e0 ch\u1ecbu tr\u00e1ch nhi\u1ec7m truy\u1ec1n l\u1ef1c k\u00e9o gi\u00e3n ho\u1eb7c co l\u1ea1i c\u00e1c ph\u1ea7n c\u1ee7a xi lanh. H\u1ec7 th\u1ed1ng th\u1ee7y l\u1ef1c n\u00e0y cho ph\u00e9p ki\u1ec3m so\u00e1t ch\u00ednh x\u00e1c v\u00e0 v\u1eadn h\u00e0nh tr\u01a1n tru xi lanh, ph\u00f9 h\u1ee3p v\u1edbi nhi\u1ec1u \u1ee9ng d\u1ee5ng ch\u1ecbu t\u1ea3i kh\u00e1c nhau.<\/p>\n<h3>Nh\u1eefng l\u1ee3i \u00edch<\/h3>\n<p>1. <strong>Hi\u1ec7u qu\u1ea3 v\u1ec1 chi ph\u00ed:<\/strong> Xi lanh \u1ed1ng l\u1ed3ng ng\u01b0\u1ee3c mang \u0111\u1ebfn gi\u1ea3i ph\u00e1p ti\u1ebft ki\u1ec7m chi ph\u00ed nh\u1edd thi\u1ebft k\u1ebf v\u00e0 ch\u1ee9c n\u0103ng \u01b0u vi\u1ec7t. C\u00e1c ph\u1ea7n l\u1ed3ng nhau gi\u00fap gi\u1ea3m chi ph\u00ed v\u1eadt li\u1ec7u v\u00e0 s\u1ea3n xu\u1ea5t, \u0111\u1ed3ng th\u1eddi v\u1eabn duy tr\u00ec t\u00ednh to\u00e0n v\u1eb9n c\u1ee7a k\u1ebft c\u1ea5u. H\u01a1n n\u1eefa, hi\u1ec7u su\u1ea5t c\u1ee7a h\u1ec7 th\u1ed1ng th\u1ee7y l\u1ef1c \u0111\u1ea3m b\u1ea3o s\u1eed d\u1ee5ng n\u0103ng l\u01b0\u1ee3ng t\u1ed1i \u01b0u, t\u1eeb \u0111\u00f3 gi\u1ea3m chi ph\u00ed v\u1eadn h\u00e0nh theo th\u1eddi gian.<\/p>\n<p>2. <strong>Thi\u1ebft k\u1ebf nh\u1ecf g\u1ecdn:<\/strong> Thi\u1ebft k\u1ebf d\u1ea1ng \u1ed1ng l\u1ed3ng c\u1ee7a xi lanh cho ph\u00e9p thi\u1ebft k\u1ebf nh\u1ecf g\u1ecdn, l\u00fd t\u01b0\u1edfng cho c\u00e1c \u1ee9ng d\u1ee5ng c\u00f3 kh\u00f4ng gian h\u1ea1n ch\u1ebf. B\u1eb1ng c\u00e1ch t\u1ef1 \u0111\u1ed9ng thu g\u1ecdn khi kh\u00f4ng s\u1eed d\u1ee5ng, xi lanh gi\u1ea3m thi\u1ec3u di\u1ec7n t\u00edch t\u1ed5ng th\u1ec3 v\u00e0 mang l\u1ea1i s\u1ef1 linh ho\u1ea1t trong l\u1eafp \u0111\u1eb7t.<\/p>\n<p>3. <strong>Kh\u1ea3 n\u0103ng ch\u1ecbu t\u1ea3i cao:<\/strong> Xi lanh \u1ed1ng l\u1ed3ng ng\u01b0\u1ee3c \u0111\u01b0\u1ee3c thi\u1ebft k\u1ebf \u0111\u1ec3 ch\u1ecbu t\u1ea3i tr\u1ecdng n\u1eb7ng. Nhi\u1ec1u t\u1ea7ng gi\u00fap t\u0103ng c\u01b0\u1eddng \u0111\u1ed9 \u1ed5n \u0111\u1ecbnh v\u00e0 kh\u1ea3 n\u0103ng ch\u1ecbu t\u1ea3i, ph\u00f9 h\u1ee3p cho c\u00e1c \u1ee9ng d\u1ee5ng \u0111\u00f2i h\u1ecfi kh\u1eaft khe nh\u01b0 n\u00e2ng v\u00e0 c\u00e2n b\u1eb1ng r\u01a1 mo\u00f3c.<\/p>\n<p>4. <strong>Ho\u1ea1t \u0111\u1ed9ng tr\u01a1n tru:<\/strong> H\u1ec7 th\u1ed1ng th\u1ee7y l\u1ef1c t\u00edch h\u1ee3p trong xi lanh \u1ed1ng l\u1ed3ng ng\u01b0\u1ee3c \u0111\u1ea3m b\u1ea3o v\u1eadn h\u00e0nh tr\u01a1n tru v\u00e0 ch\u00ednh x\u00e1c. Vi\u1ec7c k\u00e9o d\u00e0i v\u00e0 thu l\u1ea1i c\u00e1c \u0111o\u1ea1n xi lanh \u0111\u01b0\u1ee3c ki\u1ec3m so\u00e1t cho ph\u00e9p \u0111\u1ecbnh v\u1ecb ch\u00ednh x\u00e1c v\u00e0 qu\u1ea3n l\u00fd t\u1ea3i hi\u1ec7u qu\u1ea3, n\u00e2ng cao n\u0103ng su\u1ea5t v\u00e0 an to\u00e0n t\u1ed5ng th\u1ec3.<\/p>\n<h3>\u1ee8ng d\u1ee5ng<\/h3>\n<p>Xi lanh \u1ed1ng l\u1ed3ng ng\u01b0\u1ee3c \u0111\u01b0\u1ee3c \u1ee9ng d\u1ee5ng trong nhi\u1ec1u ng\u00e0nh c\u00f4ng nghi\u1ec7p kh\u00e1c nhau, \u0111\u1eb7c bi\u1ec7t l\u00e0 trong l\u0129nh v\u1ef1c s\u1ea3n xu\u1ea5t r\u01a1 mo\u00f3c. M\u1ed9t s\u1ed1 \u1ee9ng d\u1ee5ng ch\u00ednh bao g\u1ed3m:<\/p>\n<p>1. <strong>N\u00e2ng xe k\u00e9o:<\/strong> Xi lanh \u1ed1ng l\u1ed3ng ng\u01b0\u1ee3c \u0111\u01b0\u1ee3c s\u1eed d\u1ee5ng r\u1ed9ng r\u00e3i trong c\u01a1 c\u1ea5u n\u00e2ng c\u1ee7a r\u01a1 mo\u00f3c. Thi\u1ebft k\u1ebf ti\u1ebft ki\u1ec7m chi ph\u00ed v\u00e0 kh\u1ea3 n\u0103ng ch\u1ecbu t\u1ea3i cao khi\u1ebfn n\u00f3 tr\u1edf th\u00e0nh l\u1ef1a ch\u1ecdn l\u00fd t\u01b0\u1edfng cho c\u00e1c nh\u00e0 s\u1ea3n xu\u1ea5t r\u01a1 mo\u00f3c mu\u1ed1n t\u1ed1i \u01b0u h\u00f3a h\u1ec7 th\u1ed1ng n\u00e2ng c\u1ee7a m\u00ecnh.<\/p>\n<p>2. <strong>C\u00e2n b\u1eb1ng xe k\u00e9o:<\/strong> Xi lanh \u1ed1ng l\u1ed3ng ng\u01b0\u1ee3c c\u0169ng \u0111\u01b0\u1ee3c s\u1eed d\u1ee5ng trong h\u1ec7 th\u1ed1ng c\u00e2n b\u1eb1ng c\u1ee7a r\u01a1 mo\u00f3c. Kh\u1ea3 n\u0103ng \u0111i\u1ec1u khi\u1ec3n ch\u00ednh x\u00e1c v\u00e0 v\u1eadn h\u00e0nh tr\u01a1n tru c\u1ee7a ch\u00fang cho ph\u00e9p \u0111i\u1ec1u ch\u1ec9nh ch\u00ednh x\u00e1c \u0111\u1ed9 cao v\u00e0 \u0111\u1ed9 \u1ed5n \u0111\u1ecbnh c\u1ee7a r\u01a1 mo\u00f3c, \u0111\u1ea3m b\u1ea3o qu\u00e1 tr\u00ecnh x\u1ebfp d\u1ee1 an to\u00e0n v\u00e0 hi\u1ec7u qu\u1ea3.<\/p>\n<p>3. <strong>Thi\u1ebft b\u1ecb x\u1eed l\u00fd v\u1eadt li\u1ec7u:<\/strong> T\u00ednh n\u0103ng ti\u1ebft ki\u1ec7m chi ph\u00ed c\u1ee7a xi lanh \u1ed1ng l\u1ed3ng ng\u01b0\u1ee3c gi\u00fap n\u00f3 ph\u00f9 h\u1ee3p v\u1edbi nhi\u1ec1u thi\u1ebft b\u1ecb x\u1eed l\u00fd v\u1eadt li\u1ec7u kh\u00e1c nhau, ch\u1eb3ng h\u1ea1n nh\u01b0 xe n\u00e2ng v\u00e0 c\u1ea7n c\u1ea9u. Thi\u1ebft k\u1ebf nh\u1ecf g\u1ecdn v\u00e0 hi\u1ec7u su\u1ea5t \u0111\u00e1ng tin c\u1eady c\u1ee7a n\u00f3 g\u00f3p ph\u1ea7n n\u00e2ng cao n\u0103ng su\u1ea5t v\u00e0 hi\u1ec7u qu\u1ea3 v\u1eadn h\u00e0nh.<\/p>\n<p>Nh\u00ecn chung, xi lanh \u1ed1ng l\u1ed3ng ng\u01b0\u1ee3c mang \u0111\u1ebfn gi\u1ea3i ph\u00e1p ti\u1ebft ki\u1ec7m chi ph\u00ed v\u00e0 \u0111\u00e1ng tin c\u1eady cho c\u00e1c h\u1ec7 th\u1ed1ng th\u1ee7y l\u1ef1c trong ng\u00e0nh s\u1ea3n xu\u1ea5t r\u01a1 mo\u00f3c v\u00e0 h\u01a1n th\u1ebf n\u1eefa. Thi\u1ebft k\u1ebf \u0111\u1ed9c \u0111\u00e1o, c\u00f9ng v\u1edbi kh\u1ea3 n\u0103ng th\u1ee7y l\u1ef1c, khi\u1ebfn n\u00f3 tr\u1edf th\u00e0nh m\u1ed9t th\u00e0nh ph\u1ea7n linh ho\u1ea1t cho nhi\u1ec1u \u1ee9ng d\u1ee5ng ch\u1ecbu t\u1ea3i kh\u00e1c nhau. Cho d\u00f9 l\u00e0 n\u00e2ng h\u1ea1 r\u01a1 mo\u00f3c, c\u00e2n b\u1eb1ng hay v\u1eadn chuy\u1ec3n v\u1eadt li\u1ec7u, xi lanh \u1ed1ng l\u1ed3ng ng\u01b0\u1ee3c ch\u1ee9ng t\u1ecf l\u00e0 m\u1ed9t t\u00e0i s\u1ea3n gi\u00e1 tr\u1ecb gi\u00fap \u0111\u1ea1t \u0111\u01b0\u1ee3c c\u00e1c ho\u1ea1t \u0111\u1ed9ng hi\u1ec7u qu\u1ea3 v\u00e0 ti\u1ebft ki\u1ec7m chi ph\u00ed.<\/p>\n<h3>Gi\u1edbi thi\u1ec7u v\u1ec1 xi lanh th\u1ee7y l\u1ef1c FMP<\/h3>\n<p>FMP l\u00e0 nh\u00e0 cung c\u1ea5p h\u00e0ng \u0111\u1ea7u c\u00e1c lo\u1ea1i xi lanh th\u1ee7y l\u1ef1c ch\u1ea5t l\u01b0\u1ee3ng cao cho m\u00e1y m\u00f3c x\u00e2y d\u1ef1ng. S\u1ea3n ph\u1ea9m c\u1ee7a ch\u00fang t\u00f4i n\u1ed5i ti\u1ebfng v\u1edbi \u0111\u1ed9 b\u1ec1n, \u0111\u1ed9 tin c\u1eady v\u00e0 hi\u1ec7u su\u1ea5t v\u01b0\u1ee3t tr\u1ed9i. D\u01b0\u1edbi \u0111\u00e2y l\u00e0 m\u1ed9t s\u1ed1 l\u00fd do t\u1ea1i sao b\u1ea1n n\u00ean ch\u1ecdn xi lanh th\u1ee7y l\u1ef1c FMP cho nhu c\u1ea7u m\u00e1y m\u00f3c x\u00e2y d\u1ef1ng c\u1ee7a m\u00ecnh:<\/p>\n<p>1. Ch\u1ea5t l\u01b0\u1ee3ng: Xi lanh th\u1ee7y l\u1ef1c c\u1ee7a ch\u00fang t\u00f4i \u0111\u01b0\u1ee3c l\u00e0m t\u1eeb v\u1eadt li\u1ec7u ch\u1ea5t l\u01b0\u1ee3ng cao \u0111\u1ea3m b\u1ea3o \u0111\u1ed9 b\u1ec1n l\u00e2u d\u00e0i v\u00e0 hi\u1ec7u su\u1ea5t v\u01b0\u1ee3t tr\u1ed9i.<\/p>\n<p>2. Nhi\u1ec1u lo\u1ea1i s\u1ea3n ph\u1ea9m: FMP cung c\u1ea5p nhi\u1ec1u lo\u1ea1i xi lanh th\u1ee7y l\u1ef1c cho nhi\u1ec1u lo\u1ea1i m\u00e1y m\u00f3c x\u00e2y d\u1ef1ng kh\u00e1c nhau, bao g\u1ed3m Xi lanh lo\u1ea1i ch\u1ed1t c\u00f3 th\u1ec3 \u0111i\u1ec1u ch\u1ec9nh (xem h\u00ecnh \u1ea3nh b\u00ean d\u01b0\u1edbi), Xi lanh lo\u1ea1i thanh gi\u1eb1ng, Xi lanh lo\u1ea1i h\u00e0n v\u00e0 nhi\u1ec1u lo\u1ea1i kh\u00e1c n\u1eefa.<\/p>\n<p><img decoding=\"async\" src=\"https:\/\/fmp-components.com\/wp-content\/uploads\/2024\/12\/Adjustable-Clevis-Type-Cylinders-6.webp\" alt=\"Xi lanh lo\u1ea1i Clevis c\u00f3 th\u1ec3 \u0111i\u1ec1u ch\u1ec9nh\" width=\"822\" title=\"\"><\/p>\n<p>3. Gi\u00e1 c\u1ea3 c\u1ea1nh tranh: FMP cung c\u1ea5p s\u1ea3n ph\u1ea9m v\u1edbi m\u1ee9c gi\u00e1 r\u1ea5t c\u1ea1nh tranh, gi\u00fap nhi\u1ec1u kh\u00e1ch h\u00e0ng c\u00f3 th\u1ec3 ti\u1ebfp c\u1eadn \u0111\u01b0\u1ee3c.<\/p>\n<p>4. \u0110\u1ed9i ng\u0169 chuy\u00ean nghi\u1ec7p: \u0110\u1ed9i ng\u0169 b\u00e1n h\u00e0ng gi\u00e0u kinh nghi\u1ec7m c\u1ee7a ch\u00fang t\u00f4i c\u00f3 hi\u1ec3u bi\u1ebft v\u1ec1 ng\u00e0nh m\u00e1y m\u00f3c x\u00e2y d\u1ef1ng v\u00e0 c\u00f3 th\u1ec3 cung c\u1ea5p l\u1eddi khuy\u00ean v\u00e0 h\u1ed7 tr\u1ee3 chuy\u00ean m\u00f4n cho kh\u00e1ch h\u00e0ng.<\/p>\n<p>5. H\u1eadu c\u1ea7n hi\u1ec7u qu\u1ea3: Ch\u00fang t\u00f4i c\u00f3 h\u1ec7 th\u1ed1ng ph\u00e2n ph\u1ed1i h\u1eadu c\u1ea7n \u0111\u01b0\u1ee3c thi\u1ebft l\u1eadp t\u1ed1t, \u0111\u1ea3m b\u1ea3o giao h\u00e0ng \u0111\u00fang th\u1eddi h\u1ea1n v\u00e0 ch\u00ednh x\u00e1c cho kh\u00e1ch h\u00e0ng.<\/p>\n<p>T\u00f3m l\u1ea1i, Xi lanh th\u1ee7y l\u1ef1c FMP l\u00e0 s\u1ef1 l\u1ef1a ch\u1ecdn \u0111\u00e1ng tin c\u1eady cho m\u1ecdi nhu c\u1ea7u v\u1ec1 m\u00e1y m\u00f3c x\u00e2y d\u1ef1ng c\u1ee7a b\u1ea1n. H\u00e3y li\u00ean h\u1ec7 v\u1edbi ch\u00fang t\u00f4i ngay h\u00f4m nay \u0111\u1ec3 t\u00ecm hi\u1ec3u th\u00eam v\u1ec1 s\u1ea3n ph\u1ea9m v\u00e0 d\u1ecbch v\u1ee5 c\u1ee7a ch\u00fang t\u00f4i.<\/p>\n<p>T\u00e1c gi\u1ea3: CX<\/p>","protected":false},"excerpt":{"rendered":"<p>Cost Effective Trailer Telescopic Cylinder Hydraulic is a top-quality hydraulic cylinder that is primarily designed to meet the needs of the trailer industry. This product is manufactured using the latest technology and high-quality materials, making it durable, efficient, and reliable. The hydraulic cylinder is well-suited for various applications, including dump trailers, refuse equipment, and live [&hellip;]<\/p>","protected":false},"featured_media":1642,"comment_status":"closed","ping_status":"closed","template":"","meta":{"_et_pb_use_builder":"","_et_pb_old_content":"","_et_gb_content_width":""},"product_brand":[],"product_cat":[45],"product_tag":[34,48],"class_list":{"0":"post-1641","1":"product","2":"type-product","3":"status-publish","4":"has-post-thumbnail","6":"product_cat-inverted-telescopic-cylinder","7":"product_tag-hydraulic-cylinder","8":"product_tag-inverted-telescopic-cylinder","10":"first","11":"instock","12":"product-type-simple"},"_links":{"self":[{"href":"https:\/\/fmp-components.com\/vi\/wp-json\/wp\/v2\/product\/1641","targetHints":{"allow":["GET"]}}],"collection":[{"href":"https:\/\/fmp-components.com\/vi\/wp-json\/wp\/v2\/product"}],"about":[{"href":"https:\/\/fmp-components.com\/vi\/wp-json\/wp\/v2\/types\/product"}],"replies":[{"embeddable":true,"href":"https:\/\/fmp-components.com\/vi\/wp-json\/wp\/v2\/comments?post=1641"}],"wp:featuredmedia":[{"embeddable":true,"href":"https:\/\/fmp-components.com\/vi\/wp-json\/wp\/v2\/media\/1642"}],"wp:attachment":[{"href":"https:\/\/fmp-components.com\/vi\/wp-json\/wp\/v2\/media?parent=1641"}],"wp:term":[{"taxonomy":"product_brand","embeddable":true,"href":"https:\/\/fmp-components.com\/vi\/wp-json\/wp\/v2\/product_brand?post=1641"},{"taxonomy":"product_cat","embeddable":true,"href":"https:\/\/fmp-components.com\/vi\/wp-json\/wp\/v2\/product_cat?post=1641"},{"taxonomy":"product_tag","embeddable":true,"href":"https:\/\/fmp-components.com\/vi\/wp-json\/wp\/v2\/product_tag?post=1641"}],"curies":[{"name":"wp","href":"https:\/\/api.w.org\/{rel}","templated":true}]}}