{"id":1635,"date":"2024-12-23T06:59:20","date_gmt":"2024-12-23T06:59:20","guid":{"rendered":"https:\/\/fmp-components.com\/product\/professional-double-acting-dump-trailer-telescopic-hydraulic-cylinder\/"},"modified":"2024-12-23T08:40:15","modified_gmt":"2024-12-23T08:40:15","slug":"professional-double-acting-dump-trailer-telescopic-hydraulic-cylinder","status":"publish","type":"product","link":"https:\/\/fmp-components.com\/vi\/product\/professional-double-acting-dump-trailer-telescopic-hydraulic-cylinder\/","title":{"rendered":"Xi lanh th\u1ee7y l\u1ef1c d\u1ea1ng \u1ed1ng l\u1ed3ng cho xe mo\u00f3c \u0111\u1ed5 t\u00e1c \u0111\u1ed9ng k\u00e9p chuy\u00ean nghi\u1ec7p"},"content":{"rendered":"<p>Xi lanh th\u1ee7y l\u1ef1c d\u1ea1ng \u1ed1ng l\u1ed3ng t\u00e1c \u0111\u1ed9ng k\u00e9p chuy\u00ean nghi\u1ec7p d\u00e0nh cho xe mo\u00f3c ben l\u00e0 lo\u1ea1i xi lanh th\u1ee7y l\u1ef1c ch\u1ea5t l\u01b0\u1ee3ng cao \u0111\u01b0\u1ee3c thi\u1ebft k\u1ebf chuy\u00ean d\u1ee5ng cho xe mo\u00f3c ben. V\u1edbi k\u1ef9 thu\u1eadt ti\u00ean ti\u1ebfn v\u00e0 c\u1ea5u tr\u00fac b\u1ec1n b\u1ec9, xi lanh th\u1ee7y l\u1ef1c n\u00e0y mang l\u1ea1i kh\u1ea3 n\u0103ng v\u1eadn h\u00e0nh \u0111\u00e1ng tin c\u1eady v\u00e0 hi\u1ec7u qu\u1ea3 cho nhi\u1ec1u h\u1ec7 th\u1ed1ng th\u1ee7y l\u1ef1c kh\u00e1c nhau.<\/p>\n<p>M\u1ed9t trong nh\u1eefng t\u00ednh n\u0103ng ch\u00ednh c\u1ee7a s\u1ea3n ph\u1ea9m n\u00e0y l\u00e0 thi\u1ebft k\u1ebf t\u00e1c \u0111\u1ed9ng k\u00e9p. \u0110i\u1ec1u n\u00e0y c\u00f3 ngh\u0129a l\u00e0 n\u00f3 c\u00f3 th\u1ec3 t\u1ea1o ra l\u1ef1c theo c\u1ea3 hai h\u01b0\u1edbng, cho ph\u00e9p chuy\u1ec3n \u0111\u1ed9ng m\u01b0\u1ee3t m\u00e0 v\u00e0 c\u00f3 ki\u1ec3m so\u00e1t khi k\u00e9o d\u00e0i v\u00e0 thu g\u1ecdn xi lanh. T\u00ednh n\u0103ng n\u00e0y \u0111\u1eb7c bi\u1ec7t h\u1eefu \u00edch cho xe k\u00e9o ben, v\u00ec n\u00f3 cho ph\u00e9p ch\u00fang n\u00e2ng v\u00e0 h\u1ea1 t\u1ea3i n\u1eb7ng m\u1ed9t c\u00e1ch d\u1ec5 d\u00e0ng.<\/p>\n<p>Thi\u1ebft k\u1ebf d\u1ea1ng \u1ed1ng l\u1ed3ng c\u1ee7a xi lanh th\u1ee7y l\u1ef1c n\u00e0y c\u00e0ng n\u00e2ng cao ch\u1ee9c n\u0103ng c\u1ee7a n\u00f3. V\u1edbi nhi\u1ec1u t\u1ea7ng ho\u1eb7c \u0111o\u1ea1n, xi lanh c\u00f3 th\u1ec3 k\u00e9o d\u00e0i v\u00e0 thu l\u1ea1i theo nhi\u1ec1u \u0111\u1ed9 d\u00e0i kh\u00e1c nhau, mang l\u1ea1i kh\u1ea3 n\u0103ng n\u00e2ng \u0111a d\u1ea1ng. \u0110i\u1ec1u n\u00e0y l\u00e0m cho n\u00f3 ph\u00f9 h\u1ee3p v\u1edbi nhi\u1ec1u \u1ee9ng d\u1ee5ng, bao g\u1ed3m c\u1ea3 xe k\u00e9o ben v\u1edbi nhi\u1ec1u k\u00edch c\u1ee1 v\u00e0 t\u1ea3i tr\u1ecdng kh\u00e1c nhau.<\/p>\n<p>Xi lanh th\u1ee7y l\u1ef1c d\u1ea1ng \u1ed1ng l\u1ed3ng t\u00e1c \u0111\u1ed9ng k\u00e9p chuy\u00ean nghi\u1ec7p c\u1ee7a r\u01a1 mo\u00f3c \u0111\u1ed5 \u0111\u01b0\u1ee3c ch\u1ebf t\u1ea1o \u0111\u1ec3 ch\u1ecbu \u0111\u01b0\u1ee3c c\u00e1c \u0111i\u1ec1u ki\u1ec7n kh\u1eafc nghi\u1ec7t. \u0110\u01b0\u1ee3c l\u00e0m t\u1eeb v\u1eadt li\u1ec7u ch\u1ea5t l\u01b0\u1ee3ng cao, xi lanh c\u00f3 kh\u1ea3 n\u0103ng ch\u1ed1ng \u0103n m\u00f2n, m\u00e0i m\u00f2n v\u00e0 va \u0111\u1eadp tuy\u1ec7t v\u1eddi. \u0110i\u1ec1u n\u00e0y \u0111\u1ea3m b\u1ea3o tu\u1ed5i th\u1ecd v\u00e0 hi\u1ec7u su\u1ea5t \u0111\u00e1ng tin c\u1eady ngay c\u1ea3 trong m\u00f4i tr\u01b0\u1eddng kh\u1eafc nghi\u1ec7t.<\/p>\n<p>Vi\u1ec7c l\u1eafp \u0111\u1eb7t v\u00e0 b\u1ea3o tr\u00ec xi lanh th\u1ee7y l\u1ef1c n\u00e0y c\u0169ng r\u1ea5t d\u1ec5 d\u00e0ng. S\u1ea3n ph\u1ea9m \u0111i k\u00e8m h\u01b0\u1edbng d\u1eabn s\u1eed d\u1ee5ng d\u1ec5 hi\u1ec3u, cho ph\u00e9p l\u1eafp \u0111\u1eb7t nhanh ch\u00f3ng v\u00e0 hi\u1ec7u qu\u1ea3. Vi\u1ec7c b\u1ea3o tr\u00ec th\u01b0\u1eddng xuy\u00ean, ch\u1eb3ng h\u1ea1n nh\u01b0 b\u00f4i tr\u01a1n v\u00e0 ki\u1ec3m tra, s\u1ebd gi\u00fap \u0111\u1ea3m b\u1ea3o hi\u1ec7u su\u1ea5t t\u1ed1i \u01b0u v\u00e0 k\u00e9o d\u00e0i tu\u1ed5i th\u1ecd.<\/p>\n<p>T\u00f3m l\u1ea1i, Xi lanh th\u1ee7y l\u1ef1c d\u1ea1ng \u1ed1ng l\u1ed3ng t\u00e1c \u0111\u1ed9ng k\u00e9p chuy\u00ean nghi\u1ec7p d\u00e0nh cho xe mo\u00f3c \u0111\u1ed5 l\u00e0 m\u1ed9t gi\u1ea3i ph\u00e1p \u0111\u00e1ng tin c\u1eady v\u00e0 hi\u1ec7u qu\u1ea3 cho xe mo\u00f3c \u0111\u1ed5. V\u1edbi thi\u1ebft k\u1ebf t\u00e1c \u0111\u1ed9ng k\u00e9p, ch\u1ee9c n\u0103ng d\u1ea1ng \u1ed1ng l\u1ed3ng v\u00e0 k\u1ebft c\u1ea5u b\u1ec1n b\u1ec9, s\u1ea3n ph\u1ea9m mang \u0111\u1ebfn kh\u1ea3 n\u0103ng n\u00e2ng h\u1ea1 m\u01b0\u1ee3t m\u00e0 v\u00e0 ki\u1ec3m so\u00e1t t\u1ed1t. D\u00f9 s\u1eed d\u1ee5ng cho m\u1ee5c \u0111\u00edch th\u01b0\u01a1ng m\u1ea1i hay c\u00e1 nh\u00e2n, xi lanh th\u1ee7y l\u1ef1c n\u00e0y mang \u0111\u1ebfn hi\u1ec7u su\u1ea5t v\u00e0 \u0111\u1ed9 b\u1ec1n c\u1ea7n thi\u1ebft cho nhi\u1ec1u h\u1ec7 th\u1ed1ng th\u1ee7y l\u1ef1c kh\u00e1c nhau.<\/p>\n<h2>Gi\u1edbi thi\u1ec7u Xi lanh th\u1ee7y l\u1ef1c d\u1ea1ng \u1ed1ng l\u1ed3ng t\u00e1c \u0111\u1ed9ng k\u00e9p chuy\u00ean nghi\u1ec7p h\u00e0ng \u0111\u1ea7u c\u1ee7a ch\u00fang t\u00f4i<\/h2>\n<p>S\u1ea3n ph\u1ea9m ho\u00e0n to\u00e0n m\u1edbi n\u00e0y \u0111\u01b0\u1ee3c ch\u1ebf t\u00e1c ch\u00ednh x\u00e1c v\u00e0 \u0111\u01b0\u1ee3c thi\u1ebft k\u1ebf cho nhi\u1ec1u ng\u00e0nh c\u00f4ng nghi\u1ec7p. V\u1edbi tr\u1ecdng l\u01b0\u1ee3ng 78 kg v\u00e0 c\u00e1c th\u00e0nh ph\u1ea7n c\u1ed1t l\u00f5i bao g\u1ed3m V\u00f2ng bi v\u00e0 Xi lanh P\u00edt t\u00f4ng, s\u1ea3n ph\u1ea9m n\u00e0y \u0111\u1ea3m b\u1ea3o hi\u1ec7u su\u1ea5t v\u01b0\u1ee3t tr\u1ed9i. Xi lanh th\u1ee7y l\u1ef1c n\u00e0y l\u00e0 xi lanh \u1ed1ng l\u1ed3ng ng\u01b0\u1ee3c ti\u00eau chu\u1ea9n v\u1edbi th\u00e2n b\u1eb1ng th\u00e9p v\u00e0 h\u1ec7 th\u1ed1ng th\u1ee7y l\u1ef1c m\u1ea1nh m\u1ebd. N\u00f3 cung c\u1ea5p l\u1ef1c \u0111\u1ea9y t\u1ed1i \u0111a 3000 v\u00e0 l\u1ef1c k\u00e9o t\u1ed1i \u0111a 20 t\u1ea5n, khi\u1ebfn n\u00f3 tr\u1edf th\u00e0nh l\u1ef1a ch\u1ecdn \u0111\u00e1ng tin c\u1eady cho c\u00e1c \u1ee9ng d\u1ee5ng h\u1ea1ng n\u1eb7ng.<\/p>\n<h2>\u0110\u1eb7c \u0111i\u1ec3m c\u1ee7a xi lanh th\u1ee7y l\u1ef1c d\u1ea1ng \u1ed1ng l\u1ed3ng<\/h2>\n<ul>\n<li>B\u1ea3o h\u00e0nh 1 n\u0103m cho c\u00e1c linh ki\u1ec7n c\u1ed1t l\u00f5i<\/li>\n<li>Ch\u1ee9ng nh\u1eadn ISO9001:2000<\/li>\n<li>V\u1eadt li\u1ec7u th\u00e2n th\u00e9p cho \u0111\u1ed9 b\u1ec1n ch\u1eafc<\/li>\n<li>L\u1ef1c \u0111\u1ea9y t\u1ed1i \u0111a 3000 v\u00e0 l\u1ef1c k\u00e9o t\u1ed1i \u0111a 20 t\u1ea5n<\/li>\n<li>Ph\u1ea1m vi k\u00edch th\u01b0\u1edbc l\u1ed7 khoan t\u1eeb 2-6 inch v\u00e0 k\u00edch th\u01b0\u1edbc thanh t\u1eeb 1,125-4 inch<\/li>\n<\/ul>\n<p><img decoding=\"async\" src=\"https:\/\/hzpt.com\/wp-content\/uploads\/2023\/11\/Inverted-Telescopic-Cylinder-7.webp\" alt=\"\" title=\"\"><\/p>\n<h2>\u1ee8ng d\u1ee5ng c\u1ee7a xi lanh th\u1ee7y l\u1ef1c d\u1ea1ng \u1ed1ng l\u1ed3ng<\/h2>\n<ul>\n<li>Nh\u00e0 m\u00e1y s\u1ea3n xu\u1ea5t<\/li>\n<li>C\u1eeda h\u00e0ng s\u1eeda ch\u1eefa m\u00e1y m\u00f3c<\/li>\n<li>Trang tr\u1ea1i<\/li>\n<li>C\u00e1c c\u00f4ng ty n\u0103ng l\u01b0\u1ee3ng v\u00e0 khai th\u00e1c<\/li>\n<li>S\u1ea3n xu\u1ea5t m\u00e1y m\u00f3c v\u00e0 nh\u00e0 m\u00e1y m\u00e1y m\u00f3c<\/li>\n<\/ul>\n<p><img decoding=\"async\" src=\"https:\/\/hzpt.com\/wp-content\/uploads\/2023\/11\/Inverted-Telescopic-Cylinder-Applications.webp\" alt=\"\u1ee8ng d\u1ee5ng c\u1ee7a xi lanh \u1ed1ng l\u1ed3ng ng\u01b0\u1ee3c\" title=\"\"><\/p>\n<h2>Nguy\u00ean l\u00fd ho\u1ea1t \u0111\u1ed9ng v\u00e0 b\u1ea3o d\u01b0\u1ee1ng xi lanh th\u1ee7y l\u1ef1c<\/h2>\n<p>Xi lanh th\u1ee7y l\u1ef1c ho\u1ea1t \u0111\u1ed9ng d\u1ef1a tr\u00ean nguy\u00ean l\u00fd nh\u00e2n l\u1ef1c th\u00f4ng qua \u00e1p su\u1ea5t ch\u1ea5t l\u1ecfng th\u1ee7y l\u1ef1c. Ch\u1ea5t l\u1ecfng th\u1ee7y l\u1ef1c \u0111\u01b0\u1ee3c \u0111\u01b0a v\u00e0o, t\u1ea1o ra l\u1ef1c \u0111\u1ea7u ra. Vi\u1ec7c b\u1ea3o tr\u00ec c\u1ea7n \u0111\u01b0\u1ee3c ki\u1ec3m tra, v\u1ec7 sinh v\u00e0 b\u00f4i tr\u01a1n th\u01b0\u1eddng xuy\u00ean. Vi\u1ec7c ki\u1ec3m tra v\u00e0 s\u1eeda ch\u1eefa th\u01b0\u1eddng xuy\u00ean \u0111\u1ea3m b\u1ea3o tu\u1ed5i th\u1ecd c\u1ee7a s\u1ea3n ph\u1ea9m, trong khi vi\u1ec7c thay th\u1ebf ph\u1edbt l\u00e0m k\u00edn \u0111\u1ea3m b\u1ea3o t\u00ednh to\u00e0n v\u1eb9n c\u1ee7a h\u1ec7 th\u1ed1ng. Vi\u1ec7c tu\u00e2n th\u1ee7 h\u01b0\u1edbng d\u1eabn s\u1eed d\u1ee5ng l\u00e0 r\u1ea5t quan tr\u1ecdng \u0111\u1ec3 duy tr\u00ec hi\u1ec7u su\u1ea5t v\u00e0 tu\u1ed5i th\u1ecd c\u1ee7a s\u1ea3n ph\u1ea9m.<\/p>\n<p><img decoding=\"async\" src=\"https:\/\/hzpt.com\/wp-content\/uploads\/2023\/11\/Inverted-Telescopic-Cylinder-24.webp\" alt=\"\" title=\"\"><\/p>\n<h2>H\u00ecnh tr\u1ee5 \u1ed1ng l\u1ed3ng ng\u01b0\u1ee3c<\/h2>\n<p>Xi lanh th\u1ee7y l\u1ef1c l\u00e0 m\u1ed9t b\u1ed9 truy\u1ec1n \u0111\u1ed9ng c\u01a1 h\u1ecdc \u0111\u01b0\u1ee3c s\u1eed d\u1ee5ng \u0111\u1ec3 t\u1ea1o l\u1ef1c tuy\u1ebfn t\u00ednh th\u00f4ng qua vi\u1ec7c s\u1eed d\u1ee5ng ch\u1ea5t l\u1ecfng th\u1ee7y l\u1ef1c. M\u1ed9t lo\u1ea1i xi lanh th\u1ee7y l\u1ef1c l\u00e0 xi lanh \u1ed1ng l\u1ed3ng ng\u01b0\u1ee3c, th\u01b0\u1eddng \u0111\u01b0\u1ee3c s\u1eed d\u1ee5ng trong c\u00e1c \u1ee9ng d\u1ee5ng nh\u01b0 xe k\u00e9o t\u1ef1 \u0111\u1ed5. Trong b\u00e0i vi\u1ebft n\u00e0y, ch\u00fang ta s\u1ebd t\u00ecm hi\u1ec3u c\u00e1c t\u00ednh n\u0103ng v\u00e0 ch\u1ee9c n\u0103ng c\u1ee7a xi lanh \u1ed1ng l\u1ed3ng ng\u01b0\u1ee3c, \u0111\u1ed3ng th\u1eddi th\u1ea3o lu\u1eadn chi ti\u1ebft v\u1ec1 l\u1ee3i \u00edch v\u00e0 \u1ee9ng d\u1ee5ng c\u1ee7a n\u00f3.<\/p>\n<p><strong>\u0110\u1eb7c tr\u01b0ng:<\/strong><\/p>\n<ul>\n<li>Xi lanh \u1ed1ng l\u1ed3ng ng\u01b0\u1ee3c, c\u00f2n \u0111\u01b0\u1ee3c g\u1ecdi l\u00e0 xi lanh th\u1ee7y l\u1ef1c \u1ed1ng l\u1ed3ng t\u00e1c \u0111\u1ed9ng k\u00e9p, bao g\u1ed3m nhi\u1ec1u t\u1ea7ng ho\u1eb7c ph\u1ea7n tr\u01b0\u1ee3t v\u00e0o nhau.<\/li>\n<li>M\u1ed7i ph\u1ea7n c\u1ee7a xi lanh \u0111\u01b0\u1ee3c g\u1ecdi l\u00e0 m\u1ed9t t\u1ea7ng v\u00e0 ch\u00fang th\u01b0\u1eddng \u0111\u01b0\u1ee3c l\u00e0m b\u1eb1ng th\u00e9p ch\u1ea5t l\u01b0\u1ee3ng cao \u0111\u1ec3 \u0111\u1ea3m b\u1ea3o \u0111\u1ed9 b\u1ec1n v\u00e0 ch\u1eafc ch\u1eafn.<\/li>\n<li>Xi lanh \u0111\u01b0\u1ee3c thi\u1ebft k\u1ebf \u0111\u1ec3 c\u00f3 th\u1ec3 t\u1ef1 thu v\u00e0o b\u00ean trong, t\u1ea1o n\u00ean thi\u1ebft k\u1ebf nh\u1ecf g\u1ecdn v\u00e0 ti\u1ebft ki\u1ec7m kh\u00f4ng gian.<\/li>\n<li>N\u00f3 c\u00f3 kh\u1ea3 n\u0103ng \u0111\u1ea9y v\u00e0 k\u00e9o t\u1ea3i, khi\u1ebfn n\u00f3 tr\u1edf th\u00e0nh gi\u1ea3i ph\u00e1p linh ho\u1ea1t cho nhi\u1ec1u \u1ee9ng d\u1ee5ng kh\u00e1c nhau.<\/li>\n<\/ul>\n<p><strong>Ch\u1ee9c n\u0103ng:<\/strong><\/p>\n<p>Xy lanh \u1ed1ng l\u1ed3ng ng\u01b0\u1ee3c ho\u1ea1t \u0111\u1ed9ng b\u1eb1ng c\u00e1ch s\u1eed d\u1ee5ng \u00e1p su\u1ea5t th\u1ee7y l\u1ef1c \u0111\u1ec3 k\u00e9o d\u00e0i v\u00e0 thu g\u1ecdn c\u00e1c t\u1ea7ng. Khi ch\u1ea5t l\u1ecfng th\u1ee7y l\u1ef1c \u0111\u01b0\u1ee3c b\u01a1m v\u00e0o xi lanh, n\u00f3 t\u1ea1o ra \u00e1p su\u1ea5t \u0111\u1ea9y piston, khi\u1ebfn c\u00e1c t\u1ea7ng gi\u00e3n ra. Ng\u01b0\u1ee3c l\u1ea1i, khi ch\u1ea5t l\u1ecfng \u0111\u01b0\u1ee3c x\u1ea3 ho\u1eb7c b\u01a1m theo h\u01b0\u1edbng ng\u01b0\u1ee3c l\u1ea1i, c\u00e1c t\u1ea7ng s\u1ebd thu g\u1ecdn tr\u1edf l\u1ea1i v\u00e0o xi lanh. Chuy\u1ec3n \u0111\u1ed9ng qua l\u1ea1i n\u00e0y cho ph\u00e9p ki\u1ec3m so\u00e1t ch\u00ednh x\u00e1c v\u00e0 v\u1eadn h\u00e0nh xi lanh tr\u01a1n tru.<\/p>\n<p><strong>Nh\u1eefng l\u1ee3i \u00edch:<\/strong><\/p>\n<ul>\n<li>Xi lanh \u1ed1ng l\u1ed3ng ng\u01b0\u1ee3c cung c\u1ea5p t\u1ef7 l\u1ec7 c\u00f4ng su\u1ea5t tr\u00ean tr\u1ecdng l\u01b0\u1ee3ng cao, l\u00fd t\u01b0\u1edfng cho c\u00e1c \u1ee9ng d\u1ee5ng c\u00f3 tr\u1ecdng l\u01b0\u1ee3ng v\u00e0 kh\u00f4ng gian h\u1ea1n ch\u1ebf.<\/li>\n<li>N\u00f3 c\u00f3 kh\u1ea3 n\u0103ng ch\u1ecbu t\u1ea3i tuy\u1ec7t v\u1eddi, cho ph\u00e9p n\u00e2ng v\u00e0 h\u1ea1 t\u1ea3i tr\u1ecdng n\u1eb7ng m\u1ed9t c\u00e1ch hi\u1ec7u qu\u1ea3.<\/li>\n<li>Nh\u1edd thi\u1ebft k\u1ebf nh\u1ecf g\u1ecdn, s\u1ea3n ph\u1ea9m c\u00f3 th\u1ec3 d\u1ec5 d\u00e0ng l\u1eafp \u0111\u1eb7t v\u00e0 t\u00edch h\u1ee3p v\u00e0o nhi\u1ec1u h\u1ec7 th\u1ed1ng ho\u1eb7c thi\u1ebft b\u1ecb kh\u00e1c nhau.<\/li>\n<li>T\u00ednh n\u0103ng t\u00e1c \u0111\u1ed9ng k\u00e9p c\u1ee7a xi lanh cho ph\u00e9p n\u00f3 th\u1ef1c hi\u1ec7n nhi\u1ec7m v\u1ee5 theo c\u1ea3 hai h\u01b0\u1edbng, t\u0103ng hi\u1ec7u qu\u1ea3 v\u00e0 n\u0103ng su\u1ea5t t\u1ed5ng th\u1ec3.<\/li>\n<\/ul>\n<p><strong>\u1ee8ng d\u1ee5ng:<\/strong><\/p>\n<p>Xi lanh \u1ed1ng l\u1ed3ng ng\u01b0\u1ee3c \u0111\u01b0\u1ee3c s\u1eed d\u1ee5ng r\u1ed9ng r\u00e3i trong xe mo\u00f3c t\u1ef1 \u0111\u1ed5, n\u01a1i n\u00f3 c\u00f3 nhi\u1ec7m v\u1ee5 n\u00e2ng v\u00e0 h\u1ea1 s\u00e0n xe mo\u00f3c \u0111\u1ec3 d\u1ee1 v\u1eadt li\u1ec7u. Kh\u1ea3 n\u0103ng t\u1ea1o l\u1ef1c l\u1edbn v\u00e0 ch\u1ecbu \u0111\u01b0\u1ee3c t\u1ea3i tr\u1ecdng n\u1eb7ng khi\u1ebfn n\u00f3 tr\u1edf th\u00e0nh l\u1ef1a ch\u1ecdn l\u00fd t\u01b0\u1edfng cho \u1ee9ng d\u1ee5ng n\u00e0y. Ngo\u00e0i ra, n\u00f3 c\u00f2n \u0111\u01b0\u1ee3c s\u1eed d\u1ee5ng trong nhi\u1ec1u ng\u00e0nh c\u00f4ng nghi\u1ec7p kh\u00e1c, bao g\u1ed3m x\u00e2y d\u1ef1ng, n\u00f4ng nghi\u1ec7p v\u00e0 qu\u1ea3n l\u00fd ch\u1ea5t th\u1ea3i, n\u01a1i c\u1ea7n n\u00e2ng v\u00e0 \u0111\u1ecbnh v\u1ecb.<\/p>\n<p>T\u00f3m l\u1ea1i, xi lanh th\u1ee7y l\u1ef1c \u1ed1ng l\u1ed3ng ng\u01b0\u1ee3c, c\u00f2n \u0111\u01b0\u1ee3c g\u1ecdi l\u00e0 xi lanh th\u1ee7y l\u1ef1c \u1ed1ng l\u1ed3ng t\u00e1c \u0111\u1ed9ng k\u00e9p cho xe mo\u00f3c \u0111\u1ed5, c\u00f3 thi\u1ebft k\u1ebf nh\u1ecf g\u1ecdn, kh\u1ea3 n\u0103ng ch\u1ecbu t\u1ea3i tuy\u1ec7t v\u1eddi v\u00e0 ch\u1ee9c n\u0103ng \u0111a d\u1ea1ng. \u1ee8ng d\u1ee5ng c\u1ee7a n\u00f3 trong xe mo\u00f3c \u0111\u1ed5 v\u00e0 c\u00e1c ng\u00e0nh c\u00f4ng nghi\u1ec7p kh\u00e1c th\u1ec3 hi\u1ec7n r\u00f5 hi\u1ec7u qu\u1ea3 v\u00e0 \u0111\u1ed9 tin c\u1eady. Cho d\u00f9 l\u00e0 n\u00e2ng t\u1ea3i tr\u1ecdng n\u1eb7ng hay \u0111i\u1ec1u khi\u1ec3n ch\u00ednh x\u00e1c, xi lanh th\u1ee7y l\u1ef1c n\u00e0y \u0111\u00f3ng vai tr\u00f2 l\u00e0 m\u1ed9t th\u00e0nh ph\u1ea7n quan tr\u1ecdng trong nhi\u1ec1u h\u1ec7 th\u1ed1ng th\u1ee7y l\u1ef1c kh\u00e1c nhau.<\/p>\n<h3>Gi\u1edbi thi\u1ec7u v\u1ec1 FMP<\/h3>\n<p><img decoding=\"async\" src=\"https:\/\/fmp-components.com\/wp-content\/uploads\/2024\/12\/Adjustable-Clevis-Type-Cylinders-6.webp\" alt=\"Xi lanh lo\u1ea1i Clevis c\u00f3 th\u1ec3 \u0111i\u1ec1u ch\u1ec9nh\" width=\"819\" title=\"\"><\/p>\n<p>FMP l\u00e0 c\u00f4ng ty h\u00e0ng \u0111\u1ea7u chuy\u00ean s\u1ea3n xu\u1ea5t v\u00e0 kinh doanh xi lanh th\u1ee7y l\u1ef1c. V\u1edbi kinh nghi\u1ec7m d\u00e0y d\u1eb7n trong ng\u00e0nh v\u00e0 \u0111\u1ed9i ng\u0169 chuy\u00ean nghi\u1ec7p, ch\u00fang t\u00f4i cam k\u1ebft cung c\u1ea5p cho kh\u00e1ch h\u00e0ng nh\u1eefng xi lanh th\u1ee7y l\u1ef1c ch\u1ea5t l\u01b0\u1ee3ng cao v\u00e0 \u0111\u00e1ng tin c\u1eady cho nhi\u1ec1u \u1ee9ng d\u1ee5ng m\u00e1y m\u00f3c x\u00e2y d\u1ef1ng.<\/p>\n<p>1. Ph\u1ea1m vi s\u1ea3n ph\u1ea9m r\u1ed9ng:<br \/>\nCh\u00fang t\u00f4i cung c\u1ea5p \u0111a d\u1ea1ng c\u00e1c lo\u1ea1i xi lanh th\u1ee7y l\u1ef1c \u0111\u00e1p \u1ee9ng m\u1ecdi nhu c\u1ea7u v\u1ec1 m\u00e1y m\u00f3c x\u00e2y d\u1ef1ng. D\u00f2ng s\u1ea3n ph\u1ea9m c\u1ee7a ch\u00fang t\u00f4i bao g\u1ed3m xi lanh lo\u1ea1i ch\u1ed1t \u0111i\u1ec1u ch\u1ec9nh, xi lanh lo\u1ea1i h\u00e0n, xi lanh \u1ed1ng l\u1ed3ng, v.v. Danh m\u1ee5c s\u1ea3n ph\u1ea9m phong ph\u00fa n\u00e0y \u0111\u1ea3m b\u1ea3o ch\u00fang t\u00f4i c\u00f3 \u0111\u00fang lo\u1ea1i xi lanh th\u1ee7y l\u1ef1c \u0111\u00e1p \u1ee9ng m\u1ecdi y\u00eau c\u1ea7u c\u1ee5 th\u1ec3 c\u1ee7a b\u1ea1n.<\/p>\n<p>2. Ch\u1ea5t l\u01b0\u1ee3ng v\u01b0\u1ee3t tr\u1ed9i:<br \/>\nT\u1ea1i FMP, ch\u00fang t\u00f4i \u01b0u ti\u00ean ch\u1ea5t l\u01b0\u1ee3ng v\u00e0 \u0111\u1ea3m b\u1ea3o t\u1ea5t c\u1ea3 xi lanh th\u1ee7y l\u1ef1c c\u1ee7a ch\u00fang t\u00f4i \u0111\u1ec1u \u0111\u00e1p \u1ee9ng c\u00e1c ti\u00eau chu\u1ea9n ch\u1ea5t l\u01b0\u1ee3ng nghi\u00eam ng\u1eb7t. Ch\u00fang t\u00f4i \u0111\u00e3 thi\u1ebft l\u1eadp m\u1ed1i quan h\u1ec7 l\u00e2u d\u00e0i v\u00e0 \u1ed5n \u0111\u1ecbnh v\u1edbi c\u00e1c nh\u00e0 cung c\u1ea5p ch\u1ea5t l\u01b0\u1ee3ng cao trong v\u00e0 ngo\u00e0i n\u01b0\u1edbc. \u0110i\u1ec1u n\u00e0y cho ph\u00e9p ch\u00fang t\u00f4i t\u00ecm ngu\u1ed3n cung \u1ee9ng v\u1eadt li\u1ec7u v\u00e0 linh ki\u1ec7n t\u1ed1t nh\u1ea5t, t\u1ea1o ra nh\u1eefng xi lanh th\u1ee7y l\u1ef1c b\u1ec1n b\u1ec9, hi\u1ec7u qu\u1ea3 v\u00e0 \u0111\u00e1ng tin c\u1eady.<\/p>\n<p>3. \u0110\u1ed9i ng\u0169 b\u00e1n h\u00e0ng chuy\u00ean nghi\u1ec7p:<br \/>\n\u0110\u1ed9i ng\u0169 b\u00e1n h\u00e0ng gi\u00e0u kinh nghi\u1ec7m v\u00e0 k\u1ef9 n\u0103ng c\u1ee7a ch\u00fang t\u00f4i s\u1edf h\u1eefu ki\u1ebfn \u200b\u200bth\u1ee9c chuy\u00ean s\u00e2u v\u1ec1 ng\u00e0nh m\u00e1y m\u00f3c x\u00e2y d\u1ef1ng. H\u1ecd lu\u00f4n c\u1eadp nh\u1eadt nh\u1eefng xu h\u01b0\u1edbng m\u1edbi nh\u1ea5t c\u1ee7a ng\u00e0nh v\u00e0 th\u1ea5u hi\u1ec3u nhu c\u1ea7u c\u1ee5 th\u1ec3 c\u1ee7a kh\u00e1ch h\u00e0ng. V\u1edbi chuy\u00ean m\u00f4n s\u00e2u r\u1ed9ng, h\u1ecd cung c\u1ea5p d\u1ecbch v\u1ee5 t\u01b0 v\u1ea5n s\u1ea3n ph\u1ea9m chuy\u00ean nghi\u1ec7p, h\u01b0\u1edbng d\u1eabn b\u1ea1n l\u1ef1a ch\u1ecdn xi lanh th\u1ee7y l\u1ef1c ph\u00f9 h\u1ee3p nh\u1ea5t v\u1edbi nhu c\u1ea7u c\u1ee7a m\u00ecnh.<\/p>\n<p>4. G\u1ee3i \u00fd mua h\u00e0ng th\u00f4ng minh:<br \/>\nHi\u1ec3u r\u1eb1ng m\u1ed7i kh\u00e1ch h\u00e0ng \u0111\u1ec1u c\u00f3 nh\u1eefng nhu c\u1ea7u ri\u00eang, \u0111\u1ed9i ng\u0169 b\u00e1n h\u00e0ng c\u1ee7a ch\u00fang t\u00f4i lu\u00f4n n\u1ed7 l\u1ef1c h\u1ebft m\u00ecnh \u0111\u1ec3 \u0111\u01b0a ra nh\u1eefng g\u1ee3i \u00fd mua h\u00e0ng th\u00f4ng minh. H\u1ecd c\u00e2n nh\u1eafc c\u00e1c y\u1ebfu t\u1ed1 nh\u01b0 y\u00eau c\u1ea7u \u1ee9ng d\u1ee5ng, h\u1ea1n ch\u1ebf ng\u00e2n s\u00e1ch v\u00e0 nhu c\u1ea7u d\u1ef1 \u00e1n \u0111\u1ec3 \u0111\u1ec1 xu\u1ea5t lo\u1ea1i xi lanh th\u1ee7y l\u1ef1c ph\u00f9 h\u1ee3p nh\u1ea5t. Ph\u01b0\u01a1ng ph\u00e1p ti\u1ebfp c\u1eadn c\u00e1 nh\u00e2n h\u00f3a n\u00e0y \u0111\u1ea3m b\u1ea3o b\u1ea1n \u0111\u01b0a ra quy\u1ebft \u0111\u1ecbnh s\u00e1ng su\u1ed1t v\u00e0 t\u00ecm \u0111\u01b0\u1ee3c gi\u1ea3i ph\u00e1p xi lanh th\u1ee7y l\u1ef1c ph\u00f9 h\u1ee3p.<\/p>\n<p>5. Ph\u00e2n ph\u1ed1i h\u1eadu c\u1ea7n hi\u1ec7u qu\u1ea3:<br \/>\nCh\u00fang t\u00f4i t\u1ef1 h\u00e0o v\u1ec1 h\u1ec7 th\u1ed1ng ph\u00e2n ph\u1ed1i h\u1eadu c\u1ea7n hi\u1ec7u qu\u1ea3, \u0111\u1ea3m b\u1ea3o giao h\u00e0ng xi lanh th\u1ee7y l\u1ef1c \u0111\u1ebfn tay kh\u00e1ch h\u00e0ng \u0111\u00fang h\u1eb9n v\u00e0 ch\u00ednh x\u00e1c. V\u1edbi chu\u1ed7i cung \u1ee9ng \u0111\u01b0\u1ee3c t\u1ed5 ch\u1ee9c t\u1ed1t, ch\u00fang t\u00f4i \u0111\u1ea3m b\u1ea3o qu\u00fd kh\u00e1ch s\u1ebd nh\u1eadn \u0111\u01b0\u1ee3c xi lanh th\u1ee7y l\u1ef1c theo y\u00eau c\u1ea7u m\u1ed9t c\u00e1ch nhanh ch\u00f3ng, gi\u1ea3m thi\u1ec3u m\u1ecdi s\u1ef1 ch\u1eadm tr\u1ec5 ho\u1eb7c gi\u00e1n \u0111o\u1ea1n cho c\u00e1c d\u1ef1 \u00e1n x\u00e2y d\u1ef1ng c\u1ee7a qu\u00fd kh\u00e1ch.<\/p>\n<p>H\u00e3y h\u1ee3p t\u00e1c v\u1edbi FMP \u0111\u1ec3 c\u00f3 \u0111\u01b0\u1ee3c xi lanh th\u1ee7y l\u1ef1c ch\u1ea5t l\u01b0\u1ee3ng h\u00e0ng \u0111\u1ea7u, \u0111\u01b0\u1ee3c h\u1ed7 tr\u1ee3 b\u1edfi chuy\u00ean m\u00f4n trong ng\u00e0nh, ch\u1ea5t l\u01b0\u1ee3ng v\u01b0\u1ee3t tr\u1ed9i v\u00e0 d\u1ecbch v\u1ee5 hi\u1ec7u qu\u1ea3. Li\u00ean h\u1ec7 v\u1edbi ch\u00fang t\u00f4i ngay h\u00f4m nay \u0111\u1ec3 th\u1ea3o lu\u1eadn v\u1ec1 nhu c\u1ea7u m\u00e1y m\u00f3c x\u00e2y d\u1ef1ng c\u1ee7a b\u1ea1n v\u00e0 tr\u1ea3i nghi\u1ec7m s\u1ef1 kh\u00e1c bi\u1ec7t c\u1ee7a FMP.<\/p>\n<p>T\u00e1c gi\u1ea3: CX<\/p>","protected":false},"excerpt":{"rendered":"<p>The Professional Double Acting Dump Trailer Telescopic Hydraulic Cylinder is a high-quality hydraulic cylinder designed specifically for dump trailers. With its advanced engineering and durable construction, this hydraulic cylinder provides reliable and efficient operation for various hydraulic systems. One of the key features of this product is its double-acting design. This means that it can [&hellip;]<\/p>","protected":false},"featured_media":1636,"comment_status":"closed","ping_status":"closed","template":"","meta":{"_et_pb_use_builder":"","_et_pb_old_content":"","_et_gb_content_width":""},"product_brand":[],"product_cat":[45],"product_tag":[34,48],"class_list":{"0":"post-1635","1":"product","2":"type-product","3":"status-publish","4":"has-post-thumbnail","6":"product_cat-inverted-telescopic-cylinder","7":"product_tag-hydraulic-cylinder","8":"product_tag-inverted-telescopic-cylinder","10":"first","11":"instock","12":"product-type-simple"},"_links":{"self":[{"href":"https:\/\/fmp-components.com\/vi\/wp-json\/wp\/v2\/product\/1635","targetHints":{"allow":["GET"]}}],"collection":[{"href":"https:\/\/fmp-components.com\/vi\/wp-json\/wp\/v2\/product"}],"about":[{"href":"https:\/\/fmp-components.com\/vi\/wp-json\/wp\/v2\/types\/product"}],"replies":[{"embeddable":true,"href":"https:\/\/fmp-components.com\/vi\/wp-json\/wp\/v2\/comments?post=1635"}],"wp:featuredmedia":[{"embeddable":true,"href":"https:\/\/fmp-components.com\/vi\/wp-json\/wp\/v2\/media\/1636"}],"wp:attachment":[{"href":"https:\/\/fmp-components.com\/vi\/wp-json\/wp\/v2\/media?parent=1635"}],"wp:term":[{"taxonomy":"product_brand","embeddable":true,"href":"https:\/\/fmp-components.com\/vi\/wp-json\/wp\/v2\/product_brand?post=1635"},{"taxonomy":"product_cat","embeddable":true,"href":"https:\/\/fmp-components.com\/vi\/wp-json\/wp\/v2\/product_cat?post=1635"},{"taxonomy":"product_tag","embeddable":true,"href":"https:\/\/fmp-components.com\/vi\/wp-json\/wp\/v2\/product_tag?post=1635"}],"curies":[{"name":"wp","href":"https:\/\/api.w.org\/{rel}","templated":true}]}}