{"id":1633,"date":"2024-12-23T06:59:20","date_gmt":"2024-12-23T06:59:20","guid":{"rendered":"https:\/\/fmp-components.com\/product\/hot-sale-dump-truck-4-stage-hydraulic-cylinder-trailer-hydraulic-cylinder\/"},"modified":"2024-12-23T08:34:41","modified_gmt":"2024-12-23T08:34:41","slug":"hot-sale-dump-truck-4-stage-hydraulic-cylinder-trailer-hydraulic-cylinder","status":"publish","type":"product","link":"https:\/\/fmp-components.com\/vi\/product\/hot-sale-dump-truck-4-stage-hydraulic-cylinder-trailer-hydraulic-cylinder\/","title":{"rendered":"Xe ben b\u00e1n ch\u1ea1y Xe mo\u00f3c xi lanh th\u1ee7y l\u1ef1c 4 t\u1ea7ng Xi lanh th\u1ee7y l\u1ef1c"},"content":{"rendered":"<p>Xi lanh th\u1ee7y l\u1ef1c 4 c\u1ea5p cho xe ben v\u00e0 xe mo\u00f3c b\u00e1n ch\u1ea1y nh\u1ea5t l\u00e0 m\u1ed9t s\u1ea3n ph\u1ea9m v\u01b0\u1ee3t tr\u1ed9i \u0111\u01b0\u1ee3c thi\u1ebft k\u1ebf \u0111\u1ec3 cung c\u1ea5p s\u1ee9c m\u1ea1nh v\u00e0 hi\u1ec7u su\u1ea5t th\u1ee7y l\u1ef1c ch\u01b0a t\u1eebng c\u00f3. \u0110\u00e2y l\u00e0 m\u1ed9t xi lanh th\u1ee7y l\u1ef1c hi\u1ec7u qu\u1ea3 cao v\u00e0 \u0111\u00e1ng tin c\u1eady, ho\u00e0n h\u1ea3o \u0111\u1ec3 s\u1eed d\u1ee5ng trong xe ben, xe mo\u00f3c v\u00e0 c\u00e1c \u1ee9ng d\u1ee5ng h\u1ea1ng n\u1eb7ng kh\u00e1c.<\/p>\n<p>Xi lanh th\u1ee7y l\u1ef1c n\u00e0y c\u00f3 thi\u1ebft k\u1ebf 4 c\u1ea5p \u0111\u01b0\u1ee3c t\u1ed1i \u01b0u h\u00f3a \u0111\u1ec3 \u0111\u1ea1t c\u00f4ng su\u1ea5t v\u00e0 hi\u1ec7u qu\u1ea3 t\u1ed1i \u0111a. Xi lanh \u0111\u01b0\u1ee3c ch\u1ebf t\u1ea1o t\u1eeb v\u1eadt li\u1ec7u ch\u1ea5t l\u01b0\u1ee3ng cao, \u0111\u01b0\u1ee3c thi\u1ebft k\u1ebf \u0111\u1ec3 ch\u1ecbu \u0111\u01b0\u1ee3c \u00e1p su\u1ea5t c\u1ef1c cao v\u00e0 t\u1ea3i tr\u1ecdng n\u1eb7ng. N\u00f3 c\u0169ng \u0111\u01b0\u1ee3c trang b\u1ecb m\u1ed9t lo\u1ea1t c\u00e1c t\u00ednh n\u0103ng ti\u00ean ti\u1ebfn gi\u00fap d\u1ec5 s\u1eed d\u1ee5ng v\u00e0 b\u1ea3o tr\u00ec.<\/p>\n<p>M\u1ed9t trong nh\u1eefng l\u1ee3i \u00edch ch\u00ednh c\u1ee7a Xi lanh th\u1ee7y l\u1ef1c 4 c\u1ea5p cho xe ben v\u00e0 r\u01a1 mo\u00f3c b\u00e1n ch\u1ea1y nh\u1ea5t l\u00e0 \u0111\u1ed9 b\u1ec1n v\u01b0\u1ee3t tr\u1ed9i. Xi lanh \u0111\u01b0\u1ee3c ch\u1ebf t\u1ea1o \u0111\u1ec3 s\u1eed d\u1ee5ng l\u00e2u d\u00e0i, v\u1edbi thi\u1ebft k\u1ebf ch\u1eafc ch\u1eafn c\u00f3 th\u1ec3 ch\u1ecbu \u0111\u01b0\u1ee3c ngay c\u1ea3 nh\u1eefng \u0111i\u1ec1u ki\u1ec7n l\u00e0m vi\u1ec7c kh\u1eafc nghi\u1ec7t nh\u1ea5t. N\u00f3 c\u0169ng c\u00f3 kh\u1ea3 n\u0103ng ch\u1ed1ng m\u00e0i m\u00f2n cao, \u0111\u1ea3m b\u1ea3o hi\u1ec7u su\u1ea5t ho\u1ea1t \u0111\u1ed9ng \u0111\u00e1ng tin c\u1eady trong nhi\u1ec1u n\u0103m t\u1edbi.<\/p>\n<p>Ngo\u00e0i \u0111\u1ed9 b\u1ec1n cao, xi lanh th\u1ee7y l\u1ef1c n\u00e0y c\u00f2n v\u00f4 c\u00f9ng \u0111a n\u0103ng. N\u00f3 c\u00f3 th\u1ec3 \u0111\u01b0\u1ee3c s\u1eed d\u1ee5ng trong nhi\u1ec1u \u1ee9ng d\u1ee5ng kh\u00e1c nhau, t\u1eeb xe t\u1ea3i t\u1ef1 \u0111\u1ed5 v\u00e0 xe mo\u00f3c \u0111\u1ebfn c\u1ea7n c\u1ea9u v\u00e0 m\u00e1y m\u00f3c h\u1ea1ng n\u1eb7ng. Thi\u1ebft k\u1ebf ti\u00ean ti\u1ebfn v\u00e0 c\u00e1c t\u00ednh n\u0103ng c\u1ee7a n\u00f3 gi\u00fap d\u1ec5 d\u00e0ng t\u00f9y ch\u1ec9nh v\u00e0 th\u00edch \u1ee9ng v\u1edbi c\u00e1c m\u00f4i tr\u01b0\u1eddng v\u00e0 y\u00eau c\u1ea7u l\u00e0m vi\u1ec7c kh\u00e1c nhau.<\/p>\n<p>Nh\u00ecn chung, Xi lanh th\u1ee7y l\u1ef1c 4 c\u1ea5p cho xe ben v\u00e0 r\u01a1 mo\u00f3c b\u00e1n ch\u1ea1y nh\u1ea5t l\u00e0 m\u1ed9t s\u1ea3n ph\u1ea9m v\u01b0\u1ee3t tr\u1ed9i, cung c\u1ea5p s\u1ee9c m\u1ea1nh v\u00e0 hi\u1ec7u su\u1ea5t th\u1ee7y l\u1ef1c kh\u00f4ng g\u00ec s\u00e1nh b\u1eb1ng. N\u1ebfu b\u1ea1n \u0111ang t\u00ecm ki\u1ebfm m\u1ed9t xi lanh th\u1ee7y l\u1ef1c \u0111\u00e1ng tin c\u1eady v\u00e0 hi\u1ec7u qu\u1ea3 cho c\u00e1c \u1ee9ng d\u1ee5ng h\u1ea1ng n\u1eb7ng, s\u1ea3n ph\u1ea9m n\u00e0y l\u00e0 s\u1ef1 l\u1ef1a ch\u1ecdn ho\u00e0n h\u1ea3o.<\/p>\n<h2>Gi\u1edbi thi\u1ec7u Xi lanh th\u1ee7y l\u1ef1c 4 c\u1ea5p cho xe ben v\u00e0 r\u01a1 mo\u00f3c b\u00e1n ch\u1ea1y nh\u1ea5t hi\u1ec7n nay.<\/h2>\n<p>Kh\u00e1m ph\u00e1 s\u1ea3n ph\u1ea9m m\u1edbi nh\u1ea5t trong d\u00f2ng s\u1ea3n ph\u1ea9m c\u1ee7a ch\u00fang t\u00f4i \u2013 xi lanh th\u1ee7y l\u1ef1c 4 c\u1ea5p d\u00e0nh cho xe mo\u00f3c, ho\u00e0n h\u1ea3o cho xe t\u1ea3i t\u1ef1 \u0111\u1ed5. Xi lanh th\u1ee7y l\u1ef1c m\u1ea1nh m\u1ebd v\u00e0 ch\u1ea5t l\u01b0\u1ee3ng cao n\u00e0y \u0111\u01b0\u1ee3c b\u1ea3o h\u00e0nh m\u1ed9t n\u0103m, l\u00e0 l\u1ef1a ch\u1ecdn \u0111\u00e1ng tin c\u1eady cho c\u00e1c ng\u00e0nh c\u00f4ng nghi\u1ec7p nh\u01b0 s\u1ea3n xu\u1ea5t, s\u1eeda ch\u1eefa m\u00e1y m\u00f3c, n\u00f4ng nghi\u1ec7p, n\u0103ng l\u01b0\u1ee3ng v\u00e0 khai th\u00e1c m\u1ecf. \u0110\u00e2y l\u00e0 s\u1ea3n ph\u1ea9m m\u1edbi ra m\u1eaft n\u0103m 2023, \u0111\u01b0\u1ee3c trang b\u1ecb c\u00e1c b\u1ed9 ph\u1eadn c\u1ed1t l\u00f5i nh\u01b0 v\u00f2ng bi v\u00e0 xi lanh piston, t\u1ea5t c\u1ea3 \u0111\u01b0\u1ee3c bao b\u1ecdc trong th\u00e2n th\u00e9p ch\u1eafc ch\u1eafn. Thi\u1ebft b\u1ecb c\u00f3 t\u1ed5ng tr\u1ecdng l\u01b0\u1ee3ng 78kg v\u00e0 \u0111i k\u00e8m v\u1edbi video ki\u1ec3m tra xu\u1ea5t x\u01b0\u1edfng chi ti\u1ebft v\u00e0 b\u00e1o c\u00e1o th\u1eed nghi\u1ec7m m\u00e1y m\u00f3c, \u0111\u1ea3m b\u1ea3o \u0111\u00e1p \u1ee9ng c\u00e1c ti\u00eau chu\u1ea9n cao nh\u1ea5t.<\/p>\n<h2>\u0110\u1eb7c \u0111i\u1ec3m c\u1ee7a Xi lanh th\u1ee7y l\u1ef1c 4 c\u1ea5p d\u00e0nh cho xe mo\u00f3c<\/h2>\n<p><img decoding=\"async\" src=\"https:\/\/hzpt.com\/wp-content\/uploads\/2023\/11\/Inverted-Telescopic-Cylinder-6.webp\" alt=\"Xi lanh th\u1ee7y l\u1ef1c 4 c\u1ea5p Xi lanh th\u1ee7y l\u1ef1c cho r\u01a1 mo\u00f3c\" title=\"\"><\/p>\n<p>Xi lanh th\u1ee7y l\u1ef1c n\u00e0y c\u00f3 nhi\u1ec1u t\u00ednh n\u0103ng n\u1ed5i b\u1eadt:<\/p>\n<ul>\n<li>C\u1ea5u tr\u00fac xi lanh piston ti\u00eau chu\u1ea9n \u0111\u01b0\u1ee3c v\u1eadn h\u00e0nh b\u1eb1ng h\u1ec7 th\u1ed1ng th\u1ee7y l\u1ef1c.<\/li>\n<li>L\u1ef1c \u0111\u1ea9y t\u1ed1i \u0111a 3000<\/li>\n<li>C\u00e1c \u1ed1ng tr\u1ee5 l\u1ed3ng ng\u01b0\u1ee3c<\/li>\n<li>C\u00e1c lo\u1ea1i c\u1ed5ng k\u1ebft n\u1ed1i c\u00f3 s\u1eb5n: G\/SAE\/NPT\/M<\/li>\n<li>Kh\u1ea3 n\u0103ng ch\u1ecbu t\u1ea3i t\u1ed1i \u0111a 20 t\u1ea5n.<\/li>\n<\/ul>\n<h2>\u1ee8ng d\u1ee5ng c\u1ee7a xi lanh th\u1ee7y l\u1ef1c 4 c\u1ea5p trong xe mo\u00f3c. Xi lanh th\u1ee7y l\u1ef1c cho xe mo\u00f3c.<\/h2>\n<p><img decoding=\"async\" src=\"https:\/\/hzpt.com\/wp-content\/uploads\/2023\/11\/Inverted-Telescopic-Cylinder-Applications.webp\" alt=\"\u1ee8ng d\u1ee5ng c\u1ee7a xi lanh \u1ed1ng l\u1ed3ng ng\u01b0\u1ee3c\" title=\"\"><\/p>\n<p>Nh\u1edd thi\u1ebft k\u1ebf ch\u1eafc ch\u1eafn v\u00e0 nhi\u1ec1u t\u00ednh n\u0103ng, xi lanh th\u1ee7y l\u1ef1c 4 c\u1ea5p d\u00e0nh cho xe mo\u00f3c ph\u00f9 h\u1ee3p v\u1edbi nhi\u1ec1u l\u0129nh v\u1ef1c kh\u00e1c nhau, bao g\u1ed3m:<\/p>\n<ul>\n<li>Nh\u00e0 m\u00e1y s\u1ea3n xu\u1ea5t<\/li>\n<li>C\u1eeda h\u00e0ng s\u1eeda ch\u1eefa m\u00e1y m\u00f3c<\/li>\n<li>Trang tr\u1ea1i<\/li>\n<li>Ng\u00e0nh n\u0103ng l\u01b0\u1ee3ng v\u00e0 khai th\u00e1c m\u1ecf<\/li>\n<li>Nh\u00e0 m\u00e1y s\u1ea3n xu\u1ea5t m\u00e1y m\u00f3c<\/li>\n<\/ul>\n<p><img decoding=\"async\" src=\"https:\/\/hzpt.com\/wp-content\/uploads\/2023\/11\/Inverted-Telescopic-Cylinder-24.webp\" alt=\"M\u00e1y m\u00f3c th\u1ee7y l\u1ef1c c\u1ee7a HZPT\" title=\"\"><\/p>\n<h2>H\u00ecnh tr\u1ee5 \u1ed1ng l\u1ed3ng ng\u01b0\u1ee3c<\/h2>\n<p>Xi lanh th\u1ee7y l\u1ef1c d\u1ea1ng \u1ed1ng l\u1ed3ng ng\u01b0\u1ee3c, c\u00f2n \u0111\u01b0\u1ee3c g\u1ecdi l\u00e0 p\u00edt t\u00f4ng th\u1ee7y l\u1ef1c, l\u00e0 m\u1ed9t thi\u1ebft b\u1ecb truy\u1ec1n \u0111\u1ed9ng th\u1ee7y l\u1ef1c th\u01b0\u1eddng \u0111\u01b0\u1ee3c s\u1eed d\u1ee5ng trong nhi\u1ec1u ng\u00e0nh c\u00f4ng nghi\u1ec7p cho c\u00e1c \u1ee9ng d\u1ee5ng t\u1ea3i n\u1eb7ng. Lo\u1ea1i xi lanh n\u00e0y c\u00f3 thi\u1ebft k\u1ebf \u0111\u1ed9c \u0111\u00e1o cho ph\u00e9p c\u1ea3 vi\u1ec7c k\u00e9o d\u00e0i v\u00e0 thu ng\u1eafn, l\u00fd t\u01b0\u1edfng cho c\u00e1c nhi\u1ec7m v\u1ee5 \u0111\u00f2i h\u1ecfi s\u1ef1 \u0111i\u1ec1u khi\u1ec3n ch\u00ednh x\u00e1c v\u00e0 l\u1ef1c m\u1ea1nh.<\/p>\n<p>M\u1ed9t trong nh\u1eefng \u01b0u \u0111i\u1ec3m ch\u00ednh c\u1ee7a xi lanh l\u1ed3ng ng\u01b0\u1ee3c l\u00e0 kh\u1ea3 n\u0103ng t\u1ea1o ra l\u1ef1c l\u1edbn trong m\u1ed9t thi\u1ebft k\u1ebf nh\u1ecf g\u1ecdn. \u0110i\u1ec1u n\u00e0y \u0111\u1ea1t \u0111\u01b0\u1ee3c nh\u1edd s\u1eed d\u1ee5ng nhi\u1ec1u t\u1ea7ng, m\u1ed7i t\u1ea7ng bao g\u1ed3m m\u1ed9t piston v\u00e0 m\u1ed9t xi lanh. C\u00e1c t\u1ea7ng \u0111\u01b0\u1ee3c l\u1ed3ng v\u00e0o nhau, v\u1edbi t\u1ea7ng l\u1edbn nh\u1ea5t \u1edf d\u01b0\u1edbi c\u00f9ng v\u00e0 t\u1ea7ng nh\u1ecf nh\u1ea5t \u1edf tr\u00ean c\u00f9ng. Khi \u00e1p su\u1ea5t th\u1ee7y l\u1ef1c \u0111\u01b0\u1ee3c t\u00e1c d\u1ee5ng, c\u1ea7n piston s\u1ebd gi\u00e3n ra v\u00e0 c\u00e1c t\u1ea7ng s\u1ebd m\u1edf ra, t\u1ea1o ra chuy\u1ec3n \u0111\u1ed9ng l\u1ed3ng v\u00e0o nhau.<\/p>\n<p>Xi lanh th\u1ee7y l\u1ef1c 4 c\u1ea5p cho xe ben b\u00e1n ch\u1ea1y Xi lanh th\u1ee7y l\u1ef1c cho r\u01a1 mo\u00f3c th\u01b0\u1eddng \u0111\u01b0\u1ee3c s\u1eed d\u1ee5ng trong xe ben, n\u01a1i ch\u00fang \u0111\u00f3ng vai tr\u00f2 quan tr\u1ecdng trong c\u01a1 ch\u1ebf nghi\u00eang. Xi lanh \u0111\u01b0\u1ee3c l\u1eafp \u0111\u1eb7t n\u1eb1m ngang \u1edf b\u00ean h\u00f4ng th\u00f9ng xe v\u00e0 \u0111\u01b0\u1ee3c k\u1ebft n\u1ed1i v\u1edbi khung v\u00e0 th\u00f9ng xe. Khi d\u1ea7u th\u1ee7y l\u1ef1c \u0111\u01b0\u1ee3c c\u1ea5p v\u00e0o xi lanh, c\u1ea7n piston s\u1ebd gi\u00e3n ra, \u0111\u1ea9y th\u00f9ng xe l\u00ean tr\u00ean v\u00e0 cho ph\u00e9p d\u1ee1 h\u00e0ng.<\/p>\n<p>Ngo\u00e0i xe t\u1ea3i t\u1ef1 \u0111\u1ed5, xi lanh th\u1ee7y l\u1ef1c d\u1ea1ng \u1ed1ng l\u1ed3ng ng\u01b0\u1ee3c c\u00f2n \u0111\u01b0\u1ee3c s\u1eed d\u1ee5ng trong c\u00e1c \u1ee9ng d\u1ee5ng kh\u00e1c nh\u01b0 thi\u1ebft b\u1ecb x\u00e2y d\u1ef1ng v\u00e0 m\u00e1y m\u00f3c n\u00f4ng nghi\u1ec7p. T\u00ednh linh ho\u1ea1t v\u00e0 kh\u1ea3 n\u0103ng cung c\u1ea5p t\u1ef7 l\u1ec7 l\u1ef1c tr\u00ean k\u00edch th\u01b0\u1edbc cao khi\u1ebfn ch\u00fang ph\u00f9 h\u1ee3p v\u1edbi c\u00e1c nhi\u1ec7m v\u1ee5 y\u00eau c\u1ea7u n\u00e2ng, \u0111\u1ea9y ho\u1eb7c k\u00e9o t\u1ea3i tr\u1ecdng n\u1eb7ng.<\/p>\n<p>Thi\u1ebft k\u1ebf v\u00e0 c\u1ea5u t\u1ea1o c\u1ee7a xi lanh th\u1ee7y l\u1ef1c d\u1ea1ng \u1ed1ng l\u1ed3ng ng\u01b0\u1ee3c \u0111\u00f3ng vai tr\u00f2 r\u1ea5t quan tr\u1ecdng \u0111\u1ed1i v\u1edbi hi\u1ec7u su\u1ea5t v\u00e0 \u0111\u1ed9 tin c\u1eady c\u1ee7a n\u00f3. Xi lanh th\u01b0\u1eddng \u0111\u01b0\u1ee3c l\u00e0m t\u1eeb c\u00e1c v\u1eadt li\u1ec7u ch\u1ea5t l\u01b0\u1ee3ng cao nh\u01b0 th\u00e9p ho\u1eb7c nh\u00f4m \u0111\u1ec3 ch\u1ecbu \u0111\u01b0\u1ee3c c\u00e1c \u0111i\u1ec1u ki\u1ec7n ho\u1ea1t \u0111\u1ed9ng kh\u1eafc nghi\u1ec7t. Xi lanh \u0111\u01b0\u1ee3c b\u1ecbt k\u00edn \u0111\u1ec3 ng\u0103n r\u00f2 r\u1ec9 ch\u1ea5t l\u1ecfng th\u1ee7y l\u1ef1c v\u00e0 \u0111\u01b0\u1ee3c trang b\u1ecb c\u00e1c kh\u1edbp n\u1ed1i th\u1ee7y l\u1ef1c \u0111\u1ec3 d\u1ec5 d\u00e0ng t\u00edch h\u1ee3p v\u00e0o c\u00e1c h\u1ec7 th\u1ed1ng th\u1ee7y l\u1ef1c.<\/p>\n<p>Nh\u00ecn chung, xi lanh th\u1ee7y l\u1ef1c d\u1ea1ng \u1ed1ng l\u1ed3ng ng\u01b0\u1ee3c l\u00e0 m\u1ed9t thi\u1ebft b\u1ecb truy\u1ec1n \u0111\u1ed9ng th\u1ee7y l\u1ef1c m\u1ea1nh m\u1ebd, cung c\u1ea5p kh\u1ea3 n\u0103ng \u0111i\u1ec1u khi\u1ec3n ch\u00ednh x\u00e1c, l\u1ef1c m\u1ea1nh v\u00e0 thi\u1ebft k\u1ebf nh\u1ecf g\u1ecdn. Chuy\u1ec3n \u0111\u1ed9ng d\u1ea1ng \u1ed1ng l\u1ed3ng \u0111\u1ed9c \u0111\u00e1o c\u1ee7a n\u00f3 cho ph\u00e9p ho\u1ea1t \u0111\u1ed9ng hi\u1ec7u qu\u1ea3 trong nhi\u1ec1u \u1ee9ng d\u1ee5ng kh\u00e1c nhau. Cho d\u00f9 \u0111\u01b0\u1ee3c s\u1eed d\u1ee5ng trong xe t\u1ea3i t\u1ef1 \u0111\u1ed5, thi\u1ebft b\u1ecb x\u00e2y d\u1ef1ng hay m\u00e1y m\u00f3c n\u00f4ng nghi\u1ec7p, xi lanh th\u1ee7y l\u1ef1c d\u1ea1ng \u1ed1ng l\u1ed3ng ng\u01b0\u1ee3c l\u00e0 m\u1ed9t b\u1ed9 ph\u1eadn thi\u1ebft y\u1ebfu g\u00f3p ph\u1ea7n v\u00e0o ho\u1ea1t \u0111\u1ed9ng tr\u01a1n tru v\u00e0 hi\u1ec7u qu\u1ea3 c\u1ee7a c\u00e1c m\u00e1y m\u00f3c n\u00e0y.<\/p>\n<h3>Gi\u1edbi thi\u1ec7u v\u1ec1 FMP<\/h3>\n<p>FMP l\u00e0 m\u1ed9t c\u00f4ng ty chuy\u00ean s\u1ea3n xu\u1ea5t v\u00e0 kinh doanh Xi lanh th\u1ee7y l\u1ef1c. T\u1ecda l\u1ea1c t\u1ea1i \u00dd, ch\u00fang t\u00f4i c\u00f3 nhi\u1ec1u n\u0103m kinh nghi\u1ec7m trong ng\u00e0nh m\u00e1y m\u00f3c x\u00e2y d\u1ef1ng v\u00e0 s\u1edf h\u1eefu \u0111\u1ed9i ng\u0169 chuy\u00ean nghi\u1ec7p, t\u1eadn t\u00e2m cung c\u1ea5p c\u00e1c s\u1ea3n ph\u1ea9m v\u00e0 d\u1ecbch v\u1ee5 ch\u1ea5t l\u01b0\u1ee3ng cao v\u00e0 \u0111\u00e1ng tin c\u1eady.<\/p>\n<p><img decoding=\"async\" src=\"https:\/\/fmp-components.com\/wp-content\/uploads\/2024\/12\/Adjustable-Clevis-Type-Cylinders-6.webp\" alt=\"Xi lanh lo\u1ea1i Clevis c\u00f3 th\u1ec3 \u0111i\u1ec1u ch\u1ec9nh\" width=\"818\" title=\"\"><\/p>\n<p>Sau \u0111\u00e2y l\u00e0 n\u0103m l\u00fd do t\u1ea1i sao b\u1ea1n n\u00ean ch\u1ecdn FMP cho nhu c\u1ea7u Xi lanh th\u1ee7y l\u1ef1c c\u1ee7a m\u00ecnh:<\/p>\n<ol>\n<li>\u0110a d\u1ea1ng s\u1ea3n ph\u1ea9m: Ch\u00fang t\u00f4i cung c\u1ea5p \u0111\u1ea7y \u0111\u1ee7 c\u00e1c lo\u1ea1i xi lanh th\u1ee7y l\u1ef1c, bao g\u1ed3m xi lanh ki\u1ec3u ch\u1ed1t \u0111i\u1ec1u ch\u1ec9nh, xi lanh thanh gi\u1eb1ng, xi lanh h\u00e0n, v.v. D\u00f9 y\u00eau c\u1ea7u c\u1ee5 th\u1ec3 c\u1ee7a b\u1ea1n l\u00e0 g\u00ec, ch\u00fang t\u00f4i \u0111\u1ec1u c\u00f3 lo\u1ea1i xi lanh ph\u00f9 h\u1ee3p.<\/li>\n<li>Ch\u1ea5t l\u01b0\u1ee3ng v\u01b0\u1ee3t tr\u1ed9i: T\u1ea5t c\u1ea3 xi lanh th\u1ee7y l\u1ef1c c\u1ee7a ch\u00fang t\u00f4i \u0111\u1ec1u \u0111\u01b0\u1ee3c s\u1ea3n xu\u1ea5t b\u1eb1ng v\u1eadt li\u1ec7u cao c\u1ea5p v\u00e0 c\u00f4ng ngh\u1ec7 ti\u00ean ti\u1ebfn. Ch\u00fang t\u00f4i tu\u00e2n th\u1ee7 c\u00e1c ti\u00eau chu\u1ea9n ch\u1ea5t l\u01b0\u1ee3ng nghi\u00eam ng\u1eb7t \u0111\u1ec3 \u0111\u1ea3m b\u1ea3o s\u1ea3n ph\u1ea9m \u0111\u00e1p \u1ee9ng ho\u1eb7c v\u01b0\u1ee3t qu\u00e1 mong \u0111\u1ee3i c\u1ee7a kh\u00e1ch h\u00e0ng.<\/li>\n<li>Hi\u1ec7u su\u1ea5t \u0111\u00e1ng tin c\u1eady: Xi lanh th\u1ee7y l\u1ef1c c\u1ee7a ch\u00fang t\u00f4i \u0111\u01b0\u1ee3c thi\u1ebft k\u1ebf \u0111\u1ec3 mang l\u1ea1i hi\u1ec7u su\u1ea5t \u0111\u00e1ng tin c\u1eady v\u00e0 \u1ed5n \u0111\u1ecbnh ngay c\u1ea3 trong \u0111i\u1ec1u ki\u1ec7n kh\u1eafc nghi\u1ec7t. Ch\u00fang \u0111\u01b0\u1ee3c ch\u1ebf t\u1ea1o \u0111\u1ec3 ch\u1ecbu \u0111\u01b0\u1ee3c t\u1ea3i tr\u1ecdng l\u1edbn v\u00e0 \u0111\u1ea3m b\u1ea3o ho\u1ea1t \u0111\u1ed9ng tr\u01a1n tru, hi\u1ec7u qu\u1ea3.<\/li>\n<li>T\u01b0 v\u1ea5n chuy\u00ean m\u00f4n: \u0110\u1ed9i ng\u0169 b\u00e1n h\u00e0ng gi\u00e0u kinh nghi\u1ec7m c\u1ee7a ch\u00fang t\u00f4i am hi\u1ec3u s\u00e2u s\u1eafc v\u1ec1 ng\u00e0nh m\u00e1y m\u00f3c x\u00e2y d\u1ef1ng. H\u1ecd n\u1eafm b\u1eaft c\u00e1c xu h\u01b0\u1edbng m\u1edbi nh\u1ea5t v\u00e0 nhu c\u1ea7u c\u1ee7a kh\u00e1ch h\u00e0ng, \u0111\u1ed3ng th\u1eddi c\u00f3 th\u1ec3 t\u01b0 v\u1ea5n s\u1ea3n ph\u1ea9m chuy\u00ean nghi\u1ec7p \u0111\u1ec3 gi\u00fap b\u1ea1n \u0111\u01b0a ra l\u1ef1a ch\u1ecdn ph\u00f9 h\u1ee3p cho d\u1ef1 \u00e1n c\u1ee7a m\u00ecnh.<\/li>\n<li>Giao h\u00e0ng hi\u1ec7u qu\u1ea3: Ch\u00fang t\u00f4i hi\u1ec3u t\u1ea7m quan tr\u1ecdng c\u1ee7a vi\u1ec7c giao h\u00e0ng \u0111\u00fang h\u1ea1n. V\u1edbi h\u1ec7 th\u1ed1ng ph\u00e2n ph\u1ed1i h\u1eadu c\u1ea7n hi\u1ec7u qu\u1ea3, ch\u00fang t\u00f4i \u0111\u1ea3m b\u1ea3o Xi lanh th\u1ee7y l\u1ef1c theo y\u00eau c\u1ea7u c\u1ee7a b\u1ea1n \u0111\u01b0\u1ee3c giao \u0111\u1ebfn \u0111\u00fang th\u1eddi h\u1ea1n v\u00e0 ch\u00ednh x\u00e1c, gi\u1ea3m thi\u1ec3u th\u1eddi gian ng\u1eebng ho\u1ea1t \u0111\u1ed9ng v\u00e0 \u0111\u1ea3m b\u1ea3o d\u1ef1 \u00e1n c\u1ee7a b\u1ea1n \u0111\u00fang ti\u1ebfn \u0111\u1ed9.<\/li>\n<\/ol>\n<p>H\u00e3y h\u1ee3p t\u00e1c v\u1edbi FMP \u0111\u1ec3 \u0111\u00e1p \u1ee9ng nhu c\u1ea7u v\u1ec1 Xi lanh th\u1ee7y l\u1ef1c c\u1ee7a b\u1ea1n v\u00e0 tr\u1ea3i nghi\u1ec7m s\u1ef1 kh\u00e1c bi\u1ec7t. Li\u00ean h\u1ec7 v\u1edbi ch\u00fang t\u00f4i ngay h\u00f4m nay \u0111\u1ec3 th\u1ea3o lu\u1eadn v\u1ec1 nhu c\u1ea7u c\u1ee7a b\u1ea1n v\u00e0 t\u00ecm ra gi\u1ea3i ph\u00e1p ho\u00e0n h\u1ea3o cho m\u00e1y m\u00f3c x\u00e2y d\u1ef1ng c\u1ee7a b\u1ea1n.<\/p>\n<p>T\u00e1c gi\u1ea3: CX<\/p>","protected":false},"excerpt":{"rendered":"<p>Hot Sale Dump Truck 4 Stage Hydraulic Cylinder Trailer Hydraulic Cylinder is an exceptional product that is designed to offer unparalleled hydraulic power and performance. It is a highly efficient and reliable hydraulic cylinder that is perfect for use in dump trucks, trailers, and other heavy-duty applications. This hydraulic cylinder features a 4-stage design that [&hellip;]<\/p>","protected":false},"featured_media":1634,"comment_status":"closed","ping_status":"closed","template":"","meta":{"_et_pb_use_builder":"","_et_pb_old_content":"","_et_gb_content_width":""},"product_brand":[],"product_cat":[45],"product_tag":[34,48],"class_list":{"0":"post-1633","1":"product","2":"type-product","3":"status-publish","4":"has-post-thumbnail","6":"product_cat-inverted-telescopic-cylinder","7":"product_tag-hydraulic-cylinder","8":"product_tag-inverted-telescopic-cylinder","10":"first","11":"instock","12":"product-type-simple"},"_links":{"self":[{"href":"https:\/\/fmp-components.com\/vi\/wp-json\/wp\/v2\/product\/1633","targetHints":{"allow":["GET"]}}],"collection":[{"href":"https:\/\/fmp-components.com\/vi\/wp-json\/wp\/v2\/product"}],"about":[{"href":"https:\/\/fmp-components.com\/vi\/wp-json\/wp\/v2\/types\/product"}],"replies":[{"embeddable":true,"href":"https:\/\/fmp-components.com\/vi\/wp-json\/wp\/v2\/comments?post=1633"}],"wp:featuredmedia":[{"embeddable":true,"href":"https:\/\/fmp-components.com\/vi\/wp-json\/wp\/v2\/media\/1634"}],"wp:attachment":[{"href":"https:\/\/fmp-components.com\/vi\/wp-json\/wp\/v2\/media?parent=1633"}],"wp:term":[{"taxonomy":"product_brand","embeddable":true,"href":"https:\/\/fmp-components.com\/vi\/wp-json\/wp\/v2\/product_brand?post=1633"},{"taxonomy":"product_cat","embeddable":true,"href":"https:\/\/fmp-components.com\/vi\/wp-json\/wp\/v2\/product_cat?post=1633"},{"taxonomy":"product_tag","embeddable":true,"href":"https:\/\/fmp-components.com\/vi\/wp-json\/wp\/v2\/product_tag?post=1633"}],"curies":[{"name":"wp","href":"https:\/\/api.w.org\/{rel}","templated":true}]}}