{"id":1631,"date":"2024-12-23T06:59:20","date_gmt":"2024-12-23T06:59:20","guid":{"rendered":"https:\/\/fmp-components.com\/product\/durable-10-ton-hydraulic-telescopic-cylinder-for-trailer\/"},"modified":"2024-12-23T08:38:42","modified_gmt":"2024-12-23T08:38:42","slug":"durable-10-ton-hydraulic-telescopic-cylinder-for-trailer","status":"publish","type":"product","link":"https:\/\/fmp-components.com\/vi\/product\/durable-10-ton-hydraulic-telescopic-cylinder-for-trailer\/","title":{"rendered":"Xi lanh th\u1ee7y l\u1ef1c \u1ed1ng l\u1ed3ng 10 t\u1ea5n b\u1ec1n b\u1ec9 cho xe k\u00e9o"},"content":{"rendered":"<h2>Gi\u1edbi thi\u1ec7u Xi lanh th\u1ee7y l\u1ef1c \u1ed1ng l\u1ed3ng 10 t\u1ea5n b\u1ec1n b\u1ec9 cho xe k\u00e9o:<\/h2>\n<p>Xi lanh th\u1ee7y l\u1ef1c d\u1ea1ng \u1ed1ng l\u1ed3ng 10 t\u1ea5n b\u1ec1n b\u1ec9 d\u00e0nh cho xe k\u00e9o l\u00e0 s\u1ea3n ph\u1ea9m ch\u1ea5t l\u01b0\u1ee3ng cao v\u00e0 \u0111\u00e1ng tin c\u1eady, \u0111\u01b0\u1ee3c thi\u1ebft k\u1ebf \u0111\u1ec3 mang l\u1ea1i hi\u1ec7u su\u1ea5t v\u01b0\u1ee3t tr\u1ed9i trong nhi\u1ec1u \u1ee9ng d\u1ee5ng xe k\u00e9o kh\u00e1c nhau. V\u1edbi c\u1ea5u tr\u00fac ch\u1eafc ch\u1eafn v\u00e0 c\u00f4ng ngh\u1ec7 th\u1ee7y l\u1ef1c ti\u00ean ti\u1ebfn, xi lanh n\u00e0y mang l\u1ea1i kh\u1ea3 n\u0103ng n\u00e2ng v\u00e0 \u0111\u1ed9 \u1ed5n \u0111\u1ecbnh v\u01b0\u1ee3t tr\u1ed9i.<\/p>\n<p>C\u00e1c t\u00ednh n\u0103ng ch\u00ednh:<br \/>\n1. \u0110\u1ed9 b\u1ec1n v\u01b0\u1ee3t tr\u1ed9i: Xi lanh \u0111\u01b0\u1ee3c ch\u1ebf t\u1ea1o \u0111\u1ec3 ch\u1ecbu \u0111\u01b0\u1ee3c t\u1ea3i tr\u1ecdng l\u1edbn v\u1edbi s\u1ee9c n\u00e2ng t\u1ed1i \u0111a 10 t\u1ea5n. \u0110\u1ea3m b\u1ea3o hi\u1ec7u su\u1ea5t t\u1ed1i \u01b0u ngay c\u1ea3 trong \u0111i\u1ec1u ki\u1ec7n l\u00e0m vi\u1ec7c kh\u1eafc nghi\u1ec7t.<\/p>\n<p>2. Thi\u1ebft k\u1ebf d\u1ea1ng \u1ed1ng l\u1ed3ng: Thi\u1ebft k\u1ebf d\u1ea1ng \u1ed1ng l\u1ed3ng cho ph\u00e9p d\u1ec5 d\u00e0ng \u0111i\u1ec1u ch\u1ec9nh chi\u1ec1u d\u00e0i c\u1ee7a xi lanh, mang l\u1ea1i s\u1ef1 linh ho\u1ea1t v\u00e0 kh\u1ea3 n\u0103ng th\u00edch \u1ee9ng v\u1edbi c\u00e1c chi\u1ec1u cao r\u01a1 mo\u00f3c v\u00e0 y\u00eau c\u1ea7u t\u1ea3i tr\u1ecdng kh\u00e1c nhau.<\/p>\n<p>3. K\u1ef9 thu\u1eadt ch\u00ednh x\u00e1c: Xi lanh \u0111\u01b0\u1ee3c thi\u1ebft k\u1ebf ch\u00ednh x\u00e1c \u0111\u1ec3 \u0111\u1ea3m b\u1ea3o chuy\u1ec3n \u0111\u1ed9ng tr\u01a1n tru v\u00e0 c\u00f3 ki\u1ec3m so\u00e1t. N\u00f3 cung c\u1ea5p kh\u1ea3 n\u0103ng \u0111\u1ecbnh v\u1ecb ch\u00ednh x\u00e1c v\u00e0 n\u00e2ng h\u1ea1 c\u00f3 ki\u1ec3m so\u00e1t, n\u00e2ng cao hi\u1ec7u qu\u1ea3 v\u1eadn h\u00e0nh t\u1ed5ng th\u1ec3.<\/p>\n<p>4. K\u1ebft c\u1ea5u b\u1ec1n b\u1ec9: \u0110\u01b0\u1ee3c l\u00e0m t\u1eeb v\u1eadt li\u1ec7u ch\u1ea5t l\u01b0\u1ee3ng cao, xi lanh \u0111\u01b0\u1ee3c ch\u1ebf t\u1ea1o \u0111\u1ec3 ch\u1ecbu \u0111\u01b0\u1ee3c ho\u1ea1t \u0111\u1ed9ng kh\u1eafc nghi\u1ec7t v\u00e0 li\u00ean t\u1ee5c. Xi lanh c\u00f3 kh\u1ea3 n\u0103ng ch\u1ed1ng \u0103n m\u00f2n, m\u00e0i m\u00f2n v\u00e0 h\u01b0 h\u1ecfng, \u0111\u1ea3m b\u1ea3o \u0111\u1ed9 b\u1ec1n l\u00e2u d\u00e0i.<\/p>\n<p>5. L\u1eafp \u0111\u1eb7t d\u1ec5 d\u00e0ng: B\u00ecnh \u0111\u01b0\u1ee3c thi\u1ebft k\u1ebf \u0111\u1ec3 l\u1eafp \u0111\u1eb7t d\u1ec5 d\u00e0ng, ti\u1ebft ki\u1ec7m th\u1eddi gian v\u00e0 c\u00f4ng s\u1ee9c. B\u00ecnh \u0111i k\u00e8m v\u1edbi t\u1ea5t c\u1ea3 c\u00e1c ph\u1ee5 ki\u1ec7n l\u1eafp \u0111\u1eb7t c\u1ea7n thi\u1ebft v\u00e0 h\u01b0\u1edbng d\u1eabn r\u00f5 r\u00e0ng \u0111\u1ec3 l\u1eafp \u0111\u1eb7t d\u1ec5 d\u00e0ng.<\/p>\n<p>6. \u1ee8ng d\u1ee5ng \u0111a n\u0103ng: Th\u00edch h\u1ee3p cho nhi\u1ec1u lo\u1ea1i r\u01a1 mo\u00f3c kh\u00e1c nhau, bao g\u1ed3m r\u01a1 mo\u00f3c s\u00e0n ph\u1eb3ng, r\u01a1 mo\u00f3c ben v\u00e0 r\u01a1 mo\u00f3c ti\u1ec7n \u00edch, xi lanh \u0111\u01b0\u1ee3c thi\u1ebft k\u1ebf \u0111\u1ec3 \u0111\u00e1p \u1ee9ng nhi\u1ec1u nhu c\u1ea7u n\u00e2ng v\u00e0 v\u1eadn chuy\u1ec3n kh\u00e1c nhau trong c\u00e1c ng\u00e0nh c\u00f4ng nghi\u1ec7p nh\u01b0 x\u00e2y d\u1ef1ng, n\u00f4ng nghi\u1ec7p v\u00e0 v\u1eadn t\u1ea3i.<\/p>\n<p>7. Bi\u1ec7n ph\u00e1p an to\u00e0n: B\u00ecnh \u0111\u01b0\u1ee3c trang b\u1ecb c\u00e1c t\u00ednh n\u0103ng an to\u00e0n \u0111\u1ec3 \u0111\u1ea3m b\u1ea3o ho\u1ea1t \u0111\u1ed9ng an to\u00e0n v\u00e0 \u0111\u00e1ng tin c\u1eady. B\u00ecnh bao g\u1ed3m h\u1ec7 th\u1ed1ng b\u1ea3o v\u1ec7 qu\u00e1 t\u1ea3i, gio\u0103ng ch\u1ed1ng r\u00f2 r\u1ec9 v\u00e0 h\u1ec7 th\u1ed1ng kh\u00f3a an to\u00e0n t\u00edch h\u1ee3p gi\u00fap b\u1ea1n y\u00ean t\u00e2m h\u01a1n.<\/p>\n<table style=\"width: 100%;\" border=\"1\" width=\"100%\" cellspacing=\"0\" cellpadding=\"0\">\n<tbody>\n<tr>\n<th>T\u00ean s\u1ea3n ph\u1ea9m<\/th>\n<td>Xi lanh th\u1ee7y l\u1ef1c \u1ed1ng l\u1ed3ng 10 t\u1ea5n b\u1ec1n b\u1ec9 cho xe k\u00e9o<\/td>\n<\/tr>\n<tr>\n<th>T\u00ecnh tr\u1ea1ng<\/th>\n<td>M\u1edbi<\/td>\n<\/tr>\n<tr>\n<th>B\u1ea3o h\u00e0nh<\/th>\n<td>1 n\u0103m<\/td>\n<\/tr>\n<tr>\n<th>C\u00e2n n\u1eb7ng (KG)<\/th>\n<td>78<\/td>\n<\/tr>\n<tr>\n<th>L\u1ef1c \u0111\u1ea9y t\u1ed1i \u0111a<\/th>\n<td>3000<\/td>\n<\/tr>\n<tr>\n<th>L\u1ef1c k\u00e9o t\u1ed1i \u0111a<\/th>\n<td>20 t\u1ea5n<\/td>\n<\/tr>\n<tr>\n<th>Hi\u1ec7u su\u1ea5t<\/th>\n<td>Hi\u1ec7u su\u1ea5t v\u00e0 \u0111\u1ed9 b\u1ec1n v\u01b0\u1ee3t tr\u1ed9i<\/td>\n<\/tr>\n<tr>\n<th>T\u00ednh linh ho\u1ea1t<\/th>\n<td>L\u00fd t\u01b0\u1edfng cho c\u00e1c \u1ee9ng d\u1ee5ng h\u1ea1ng n\u1eb7ng<\/td>\n<\/tr>\n<tr>\n<th>C\u00e1c ng\u00e0nh c\u00f4ng nghi\u1ec7p \u00e1p d\u1ee5ng<\/th>\n<td>Nh\u00e0 m\u00e1y s\u1ea3n xu\u1ea5t, X\u01b0\u1edfng s\u1eeda ch\u1eefa m\u00e1y m\u00f3c, Trang tr\u1ea1i, N\u0103ng l\u01b0\u1ee3ng &amp; Khai th\u00e1c, S\u1ea3n xu\u1ea5t m\u00e1y m\u00f3c, Nh\u00e0 m\u00e1y m\u00e1y m\u00f3c<\/td>\n<\/tr>\n<\/tbody>\n<\/table>\n<h2>C\u00e1c t\u00ednh n\u0103ng ch\u00ednh c\u1ee7a xi lanh th\u1ee7y l\u1ef1c d\u1ea1ng \u1ed1ng l\u1ed3ng<\/h2>\n<p><img decoding=\"async\" src=\"https:\/\/hzpt.com\/wp-content\/uploads\/2023\/11\/Inverted-Telescopic-Cylinder-23.webp\" alt=\"\" title=\"\"><\/p>\n<ul>\n<li>C\u1ea5u tr\u00fac xi lanh piston ti\u00eau chu\u1ea9n v\u1edbi l\u1ef1c th\u1ee7y l\u1ef1c.<\/li>\n<li>\u0110\u01b0\u1ee3c ch\u1ebf t\u1ea1o b\u1eb1ng th\u00e2n th\u00e9p ch\u1ea5t l\u01b0\u1ee3ng cao \u0111\u1ec3 t\u0103ng \u0111\u1ed9 b\u1ec1n.<\/li>\n<li>C\u00f3 h\u00ecnh tr\u1ee5 \u1ed1ng l\u1ed3ng ng\u01b0\u1ee3c.<\/li>\n<li>C\u00f3 l\u1ef1c k\u00e9o t\u1ed1i \u0111a l\u00e0 20 t\u1ea5n v\u00e0 l\u1ef1c \u0111\u1ea9y t\u1ed1i \u0111a l\u00e0 3000.<\/li>\n<li>\u0110\u01b0\u1ee3c ch\u1ee9ng nh\u1eadn ISO9001:2000, \u0111\u1ea3m b\u1ea3o ch\u1ea5t l\u01b0\u1ee3ng v\u00e0 \u0111\u1ed9 tin c\u1eady.<\/li>\n<\/ul>\n<h2>\u1ee8ng d\u1ee5ng c\u1ee7a xi lanh th\u1ee7y l\u1ef1c d\u1ea1ng \u1ed1ng l\u1ed3ng<\/h2>\n<ul>\n<li>Ho\u00e0n h\u1ea3o \u0111\u1ec3 s\u1eed d\u1ee5ng trong c\u00e1c nh\u00e0 m\u00e1y s\u1ea3n xu\u1ea5t v\u00e0 nh\u00e0 m\u00e1y ch\u1ebf t\u1ea1o m\u00e1y m\u00f3c.<\/li>\n<li>C\u00f3 th\u1ec3 s\u1eed d\u1ee5ng trong c\u00e1c x\u01b0\u1edfng s\u1eeda ch\u1eefa m\u00e1y m\u00f3c \u0111\u1ec3 s\u1eeda ch\u1eefa nh\u1eefng c\u00f4ng vi\u1ec7c n\u1eb7ng.<\/li>\n<li>\u00c1p d\u1ee5ng trong c\u00e1c trang tr\u1ea1i cho nhi\u1ec1u lo\u1ea1i m\u00e1y m\u00f3c n\u00f4ng nghi\u1ec7p kh\u00e1c nhau.<\/li>\n<li>Ph\u00f9 h\u1ee3p cho ng\u00e0nh n\u0103ng l\u01b0\u1ee3ng v\u00e0 khai th\u00e1c m\u1ecf.<\/li>\n<li>C\u00f3 th\u1ec3 s\u1eed d\u1ee5ng trong s\u1ea3n xu\u1ea5t m\u00e1y m\u00f3c cho nhi\u1ec1u \u1ee9ng d\u1ee5ng kh\u00e1c nhau.<\/li>\n<\/ul>\n<p><img decoding=\"async\" src=\"https:\/\/hzpt.com\/wp-content\/uploads\/2023\/11\/Inverted-Telescopic-Cylinder-Applications.webp\" alt=\"\u1ee8ng d\u1ee5ng c\u1ee7a xi lanh \u1ed1ng l\u1ed3ng\" title=\"\"><\/p>\n<h2>Nguy\u00ean l\u00fd ho\u1ea1t \u0111\u1ed9ng v\u00e0 b\u1ea3o d\u01b0\u1ee1ng xi lanh th\u1ee7y l\u1ef1c d\u1ea1ng \u1ed1ng l\u1ed3ng<\/h2>\n<p>Xy lanh th\u1ee7y l\u1ef1c d\u1ea1ng \u1ed1ng l\u1ed3ng ho\u1ea1t \u0111\u1ed9ng theo nguy\u00ean l\u00fd \u0111\u01a1n gi\u1ea3n. Ch\u1ea5t l\u1ecfng th\u1ee7y l\u1ef1c \u0111\u01b0\u1ee3c b\u01a1m v\u00e0o xi lanh, \u0111\u1ea9y piston v\u00e0o, t\u1ea1o ra l\u1ef1c \u1edf \u0111\u1ea7u ra c\u1ee7a xi lanh. L\u1ef1c n\u00e0y c\u00f3 th\u1ec3 \u0111\u01b0\u1ee3c s\u1eed d\u1ee5ng \u0111\u1ec3 th\u1ef1c hi\u1ec7n nhi\u1ec1u nhi\u1ec7m v\u1ee5 kh\u00e1c nhau, ch\u1eb3ng h\u1ea1n nh\u01b0 n\u00e2ng v\u1eadt n\u1eb7ng ho\u1eb7c v\u1eadn h\u00e0nh m\u00e1y m\u00f3c.<\/p>\n<ul>\n<li>C\u1ea5u h\u00ecnh: Xi lanh \u0111\u01b0\u1ee3c c\u1ea5u h\u00ecnh theo c\u1ea5u tr\u00fac piston ti\u00eau chu\u1ea9n \u0111\u01b0\u1ee3c cung c\u1ea5p n\u0103ng l\u01b0\u1ee3ng b\u1edfi ch\u1ea5t l\u1ecfng th\u1ee7y l\u1ef1c.<\/li>\n<li>\u0110\u1ea7u v\u00e0o ch\u1ea5t l\u1ecfng th\u1ee7y l\u1ef1c: Xi lanh ho\u1ea1t \u0111\u1ed9ng b\u1eb1ng c\u00e1ch b\u01a1m ch\u1ea5t l\u1ecfng th\u1ee7y l\u1ef1c v\u00e0o bu\u1ed3ng piston.<\/li>\n<li>L\u1ef1c \u0111\u1ea7u ra: Ch\u1ea5t l\u1ecfng th\u1ee7y l\u1ef1c t\u1ea1o ra l\u1ef1c c\u00f3 th\u1ec3 \u0111\u01b0\u1ee3c s\u1eed d\u1ee5ng \u0111\u1ec3 th\u1ef1c hi\u1ec7n nhi\u1ec1u nhi\u1ec7m v\u1ee5 kh\u00e1c nhau.<\/li>\n<li>B\u1ea3o tr\u00ec: Ki\u1ec3m tra, v\u1ec7 sinh v\u00e0 b\u00f4i tr\u01a1n xi lanh th\u1ee7y l\u1ef1c th\u01b0\u1eddng xuy\u00ean l\u00e0 r\u1ea5t quan tr\u1ecdng \u0111\u1ec3 \u0111\u1ea3m b\u1ea3o hi\u1ec7u su\u1ea5t v\u00e0 tu\u1ed5i th\u1ecd t\u1ed1i \u01b0u.<\/li>\n<li>Thay th\u1ebf ph\u1edbt: Theo th\u1eddi gian, ph\u1edbt trong xi lanh c\u00f3 th\u1ec3 b\u1ecb m\u00f2n v\u00e0 c\u1ea7n ph\u1ea3i thay th\u1ebf \u0111\u1ec3 tr\u00e1nh r\u00f2 r\u1ec9 v\u00e0 duy tr\u00ec hi\u1ec7u qu\u1ea3.<\/li>\n<\/ul>\n<p><img decoding=\"async\" src=\"https:\/\/hzpt.com\/wp-content\/uploads\/2023\/11\/Inverted-Telescopic-Cylinder-18.webp\" alt=\"\" title=\"\"><\/p>\n<h2>H\u00ecnh tr\u1ee5 \u1ed1ng l\u1ed3ng ng\u01b0\u1ee3c<\/h2>\n<p>Xi lanh th\u1ee7y l\u1ef1c d\u1ea1ng \u1ed1ng l\u1ed3ng 10 t\u1ea5n b\u1ec1n b\u1ec9 d\u00e0nh cho xe k\u00e9o l\u00e0 m\u1ed9t b\u1ed9 ph\u1eadn quan tr\u1ecdng ch\u1ecbu tr\u00e1ch nhi\u1ec7m n\u00e2ng h\u1ea1 t\u1ea3i tr\u1ecdng n\u1eb7ng. Xi lanh d\u1ea1ng \u1ed1ng l\u1ed3ng ng\u01b0\u1ee3c l\u00e0 m\u1ed9t thi\u1ebft k\u1ebf c\u1ea3i ti\u1ebfn cho xi lanh d\u1ea1ng \u1ed1ng l\u1ed3ng, mang l\u1ea1i hi\u1ec7u su\u1ea5t v\u00e0 \u0111\u1ed9 b\u1ec1n v\u01b0\u1ee3t tr\u1ed9i so v\u1edbi c\u00e1c thi\u1ebft k\u1ebf kh\u00e1c. Trong b\u00e0i vi\u1ebft n\u00e0y, ch\u00fang ta s\u1ebd t\u00ecm hi\u1ec3u thi\u1ebft k\u1ebf v\u00e0 c\u00e1c t\u00ednh n\u0103ng c\u1ee7a xi lanh d\u1ea1ng \u1ed1ng l\u1ed3ng ng\u01b0\u1ee3c.<\/p>\n<h3>C\u00e1c t\u00ednh n\u0103ng thi\u1ebft k\u1ebf<\/h3>\n<p>Xy lanh \u1ed1ng l\u1ed3ng ng\u01b0\u1ee3c c\u00f3 thi\u1ebft k\u1ebf \u0111\u1ed9c \u0111\u00e1o, bao g\u1ed3m m\u1ed9t thanh piston \u0111\u01b0\u1ee3c g\u1eafn v\u00e0o \u0111\u00e1y xi lanh. \u0110\u00e1y xi lanh \u0111\u01b0\u1ee3c c\u1ed1 \u0111\u1ecbnh v\u00e0o r\u01a1-mo\u00f3c, v\u00e0 thanh piston k\u00e9o d\u00e0i l\u00ean tr\u00ean v\u00e0o trong xi lanh. Thanh piston \u0111\u01b0\u1ee3c k\u1ebft n\u1ed1i v\u1edbi m\u1ed9t piston, piston n\u00e0y di chuy\u1ec3n b\u00ean trong xi lanh. Xi lanh \u0111\u01b0\u1ee3c t\u1ea1o th\u00e0nh t\u1eeb nhi\u1ec1u t\u1ea7ng, cho ph\u00e9p xi lanh k\u00e9o d\u00e0i v\u00e0 thu l\u1ea1i theo nhi\u1ec1u \u0111\u1ed9 d\u00e0i kh\u00e1c nhau. C\u00e1c t\u1ea7ng \u0111\u01b0\u1ee3c k\u1ebft n\u1ed1i b\u1eb1ng c\u00e1c kh\u1edbp n\u1ed1i k\u00edn, gi\u00fap ng\u0103n r\u00f2 r\u1ec9 ch\u1ea5t l\u1ecfng v\u00e0 duy tr\u00ec \u00e1p su\u1ea5t.<\/p>\n<p>M\u1ed9t trong nh\u1eefng \u0111\u1eb7c \u0111i\u1ec3m thi\u1ebft k\u1ebf ch\u00ednh c\u1ee7a xi lanh \u1ed1ng l\u1ed3ng ng\u01b0\u1ee3c l\u00e0 vi\u1ec7c s\u1eed d\u1ee5ng h\u1ec7 th\u1ed1ng th\u1ee7y l\u1ef1c t\u00e1c \u0111\u1ed9ng \u0111\u01a1n. H\u1ec7 th\u1ed1ng n\u00e0y s\u1eed d\u1ee5ng \u00e1p su\u1ea5t ch\u1ea5t l\u1ecfng \u0111\u1ec3 k\u00e9o d\u00e0i xi lanh, nh\u01b0ng l\u1ea1i d\u1ef1a v\u00e0o tr\u1ecdng l\u1ef1c \u0111\u1ec3 thu xi lanh l\u1ea1i. Thi\u1ebft k\u1ebf n\u00e0y lo\u1ea1i b\u1ecf nhu c\u1ea7u s\u1eed d\u1ee5ng \u0111\u01b0\u1eddng h\u1ed3i, gi\u00fap \u0111\u01a1n gi\u1ea3n h\u00f3a h\u1ec7 th\u1ed1ng th\u1ee7y l\u1ef1c v\u00e0 gi\u1ea3m nguy c\u01a1 r\u00f2 r\u1ec9. Ngo\u00e0i ra, thi\u1ebft k\u1ebf ng\u01b0\u1ee3c c\u1ee7a xi lanh mang l\u1ea1i \u0111\u1ed9 \u1ed5n \u0111\u1ecbnh v\u01b0\u1ee3t tr\u1ed9i v\u00e0 gi\u1ea3m nguy c\u01a1 l\u1eadt \u0111\u1ed5, m\u1ed9t y\u1ebfu t\u1ed1 r\u1ea5t quan tr\u1ecdng khi n\u00e2ng v\u1eadt n\u1eb7ng.<\/p>\n<h3>L\u1ee3i \u00edch v\u1ec1 hi\u1ec7u su\u1ea5t<\/h3>\n<p>Xi lanh \u1ed1ng l\u1ed3ng ng\u01b0\u1ee3c mang l\u1ea1i nhi\u1ec1u l\u1ee3i \u00edch v\u1ec1 hi\u1ec7u su\u1ea5t so v\u1edbi c\u00e1c thi\u1ebft k\u1ebf kh\u00e1c. Vi\u1ec7c s\u1eed d\u1ee5ng h\u1ec7 th\u1ed1ng th\u1ee7y l\u1ef1c t\u00e1c \u0111\u1ed9ng \u0111\u01a1n gi\u00fap gi\u1ea3m thi\u1ec3u nguy c\u01a1 r\u00f2 r\u1ec9 v\u00e0 \u0111\u01a1n gi\u1ea3n h\u00f3a h\u1ec7 th\u1ed1ng, t\u1eeb \u0111\u00f3 c\u1ea3i thi\u1ec7n \u0111\u1ed9 tin c\u1eady v\u00e0 gi\u1ea3m chi ph\u00ed b\u1ea3o tr\u00ec. Thi\u1ebft k\u1ebf ng\u01b0\u1ee3c c\u1ee7a xi lanh mang l\u1ea1i \u0111\u1ed9 \u1ed5n \u0111\u1ecbnh v\u01b0\u1ee3t tr\u1ed9i v\u00e0 gi\u1ea3m nguy c\u01a1 l\u1eadt \u0111\u1ed5, m\u1ed9t y\u1ebfu t\u1ed1 quan tr\u1ecdng khi n\u00e2ng t\u1ea3i tr\u1ecdng n\u1eb7ng. Ngo\u00e0i ra, vi\u1ec7c s\u1eed d\u1ee5ng nhi\u1ec1u t\u1ea7ng cho ph\u00e9p xi lanh m\u1edf r\u1ed9ng v\u00e0 thu v\u00e0o v\u1edbi nhi\u1ec1u \u0111\u1ed9 d\u00e0i kh\u00e1c nhau, mang l\u1ea1i s\u1ef1 linh ho\u1ea1t trong vi\u1ec7c n\u00e2ng v\u00e0 v\u1eadn chuy\u1ec3n t\u1ea3i tr\u1ecdng.<\/p>\n<p>C\u00e1c kh\u1edbp n\u1ed1i k\u00edn trong xi lanh ng\u0103n ng\u1eeba r\u00f2 r\u1ec9 ch\u1ea5t l\u1ecfng v\u00e0 duy tr\u00ec \u00e1p su\u1ea5t, gi\u00fap c\u1ea3i thi\u1ec7n hi\u1ec7u su\u1ea5t t\u1ed5ng th\u1ec3 c\u1ee7a h\u1ec7 th\u1ed1ng th\u1ee7y l\u1ef1c. Vi\u1ec7c s\u1eed d\u1ee5ng v\u1eadt li\u1ec7u ch\u1ea5t l\u01b0\u1ee3ng cao v\u00e0 k\u1ef9 thu\u1eadt s\u1ea3n xu\u1ea5t ch\u00ednh x\u00e1c \u0111\u1ea3m b\u1ea3o xi lanh b\u1ec1n b\u1ec9 v\u00e0 c\u00f3 th\u1ec3 ch\u1ecbu \u0111\u01b0\u1ee3c c\u01b0\u1eddng \u0111\u1ed9 s\u1eed d\u1ee5ng cao trong th\u1eddi gian d\u00e0i. Xi lanh \u1ed1ng l\u1ed3ng ng\u01b0\u1ee3c \u0111\u01b0\u1ee3c thi\u1ebft k\u1ebf \u0111\u1ec3 mang l\u1ea1i hi\u1ec7u su\u1ea5t \u0111\u00e1ng tin c\u1eady trong m\u00f4i tr\u01b0\u1eddng kh\u1eafc nghi\u1ec7t, l\u00fd t\u01b0\u1edfng \u0111\u1ec3 s\u1eed d\u1ee5ng trong c\u00e1c ng\u00e0nh x\u00e2y d\u1ef1ng, khai th\u00e1c m\u1ecf v\u00e0 v\u1eadn t\u1ea3i.<\/p>\n<p>Xi lanh \u1ed1ng l\u1ed3ng ng\u01b0\u1ee3c l\u00e0 m\u1ed9t thi\u1ebft k\u1ebf c\u1ea3i ti\u1ebfn cho xi lanh \u1ed1ng l\u1ed3ng, mang l\u1ea1i hi\u1ec7u su\u1ea5t v\u00e0 \u0111\u1ed9 b\u1ec1n v\u01b0\u1ee3t tr\u1ed9i so v\u1edbi c\u00e1c thi\u1ebft k\u1ebf kh\u00e1c. Vi\u1ec7c s\u1eed d\u1ee5ng h\u1ec7 th\u1ed1ng th\u1ee7y l\u1ef1c t\u00e1c \u0111\u1ed9ng \u0111\u01a1n, kh\u1edbp n\u1ed1i k\u00edn v\u00e0 k\u1ef9 thu\u1eadt s\u1ea3n xu\u1ea5t ch\u00ednh x\u00e1c \u0111\u1ea3m b\u1ea3o xi lanh \u0111\u00e1ng tin c\u1eady v\u00e0 b\u1ec1n b\u1ec9. Ngo\u00e0i ra, thi\u1ebft k\u1ebf \u0111\u1ea3o ng\u01b0\u1ee3c c\u1ee7a xi lanh mang l\u1ea1i \u0111\u1ed9 \u1ed5n \u0111\u1ecbnh v\u01b0\u1ee3t tr\u1ed9i v\u00e0 gi\u1ea3m nguy c\u01a1 l\u1eadt \u0111\u1ed5, \u0111i\u1ec1u r\u1ea5t quan tr\u1ecdng khi n\u00e2ng t\u1ea3i tr\u1ecdng n\u1eb7ng. Xi lanh \u1ed1ng l\u1ed3ng ng\u01b0\u1ee3c l\u00e0 l\u1ef1a ch\u1ecdn l\u00fd t\u01b0\u1edfng cho b\u1ea5t k\u1ef3 ai c\u1ea7n m\u1ed9t xi lanh th\u1ee7y l\u1ef1c b\u1ec1n b\u1ec9, \u0111\u00e1ng tin c\u1eady \u0111\u1ec3 n\u00e2ng v\u00e0 v\u1eadn chuy\u1ec3n t\u1ea3i tr\u1ecdng n\u1eb7ng.<\/p>\n<h3>Gi\u1edbi thi\u1ec7u v\u1ec1 FMP<\/h3>\n<p>FMP l\u00e0 m\u1ed9t c\u00f4ng ty chuy\u00ean s\u1ea3n xu\u1ea5t v\u00e0 kinh doanh xi lanh th\u1ee7y l\u1ef1c. T\u1ecda l\u1ea1c t\u1ea1i \u00dd, ch\u00fang t\u00f4i cung c\u1ea5p xi lanh th\u1ee7y l\u1ef1c ch\u1ea5t l\u01b0\u1ee3ng cao v\u00e0 \u0111\u00e1ng tin c\u1eady v\u1edbi nhi\u1ec1u n\u0103m kinh nghi\u1ec7m trong ng\u00e0nh v\u00e0 \u0111\u1ed9i ng\u0169 chuy\u00ean nghi\u1ec7p.<\/p>\n<p><img decoding=\"async\" src=\"https:\/\/fmp-components.com\/wp-content\/uploads\/2024\/12\/Adjustable-Clevis-Type-Cylinders-6.webp\" alt=\"Xi lanh lo\u1ea1i Clevis c\u00f3 th\u1ec3 \u0111i\u1ec1u ch\u1ec9nh\" width=\"817\" title=\"\"><\/p>\n<ol>\n<li>Nhi\u1ec1u lo\u1ea1i s\u1ea3n ph\u1ea9m: Ch\u00fang t\u00f4i cung c\u1ea5p nhi\u1ec1u lo\u1ea1i xi lanh th\u1ee7y l\u1ef1c ph\u00f9 h\u1ee3p v\u1edbi nhi\u1ec1u \u1ee9ng d\u1ee5ng kh\u00e1c nhau trong ng\u00e0nh m\u00e1y m\u00f3c x\u00e2y d\u1ef1ng.<\/li>\n<li>Ch\u1ea5t l\u01b0\u1ee3ng v\u01b0\u1ee3t tr\u1ed9i: T\u1ea5t c\u1ea3 xi lanh th\u1ee7y l\u1ef1c c\u1ee7a ch\u00fang t\u00f4i \u0111\u1ec1u \u0111\u01b0\u1ee3c s\u1ea3n xu\u1ea5t b\u1eb1ng v\u1eadt li\u1ec7u cao c\u1ea5p v\u00e0 tr\u1ea3i qua qu\u00e1 tr\u00ecnh ki\u1ec3m tra ch\u1ea5t l\u01b0\u1ee3ng nghi\u00eam ng\u1eb7t \u0111\u1ec3 \u0111\u1ea3m b\u1ea3o \u0111\u1ed9 b\u1ec1n v\u00e0 hi\u1ec7u su\u1ea5t.<\/li>\n<li>T\u00f9y ch\u1ecdn t\u00f9y ch\u1ec9nh: Ch\u00fang t\u00f4i cung c\u1ea5p d\u1ecbch v\u1ee5 t\u00f9y ch\u1ec9nh \u0111\u1ec3 \u0111\u00e1p \u1ee9ng c\u00e1c y\u00eau c\u1ea7u c\u1ee5 th\u1ec3 c\u1ee7a kh\u00e1ch h\u00e0ng, cung c\u1ea5p c\u00e1c gi\u1ea3i ph\u00e1p ph\u00f9 h\u1ee3p v\u1edbi nhu c\u1ea7u m\u00e1y m\u00f3c x\u00e2y d\u1ef1ng c\u1ee7a h\u1ecd.<\/li>\n<li>\u0110\u1ed9i ng\u0169 b\u00e1n h\u00e0ng chuy\u00ean gia: \u0110\u1ed9i ng\u0169 b\u00e1n h\u00e0ng gi\u00e0u kinh nghi\u1ec7m c\u1ee7a ch\u00fang t\u00f4i s\u1edf h\u1eefu ki\u1ebfn \u200b\u200bth\u1ee9c s\u00e2u r\u1ed9ng v\u1ec1 ng\u00e0nh m\u00e1y m\u00f3c x\u00e2y d\u1ef1ng v\u00e0 c\u00f3 th\u1ec3 cung c\u1ea5p t\u01b0 v\u1ea5n s\u1ea3n ph\u1ea9m chuy\u00ean nghi\u1ec7p \u0111\u1ec3 h\u1ed7 tr\u1ee3 kh\u00e1ch h\u00e0ng \u0111\u01b0a ra quy\u1ebft \u0111\u1ecbnh mua h\u00e0ng s\u00e1ng su\u1ed1t.<\/li>\n<li>H\u1eadu c\u1ea7n hi\u1ec7u qu\u1ea3: V\u1edbi h\u1ec7 th\u1ed1ng ph\u00e2n ph\u1ed1i h\u1eadu c\u1ea7n hi\u1ec7u qu\u1ea3, ch\u00fang t\u00f4i \u0111\u1ea3m b\u1ea3o giao xi lanh th\u1ee7y l\u1ef1c \u0111\u00fang th\u1eddi h\u1ea1n v\u00e0 ch\u00ednh x\u00e1c cho kh\u00e1ch h\u00e0ng, \u0111\u1ea3m b\u1ea3o c\u00e1c d\u1ef1 \u00e1n c\u1ee7a h\u1ecd c\u00f3 th\u1ec3 ti\u1ebfn h\u00e0nh su\u00f4n s\u1ebb m\u00e0 kh\u00f4ng b\u1ecb ch\u1eadm tr\u1ec5.<\/li>\n<\/ol>\n<p>H\u00e3y h\u1ee3p t\u00e1c v\u1edbi FMP \u0111\u1ec3 \u0111\u00e1p \u1ee9ng m\u1ecdi nhu c\u1ea7u v\u1ec1 xi lanh th\u1ee7y l\u1ef1c c\u1ee7a b\u1ea1n v\u00e0 tr\u1ea3i nghi\u1ec7m \u0111\u1ed9 tin c\u1eady, ch\u1ea5t l\u01b0\u1ee3ng v\u00e0 t\u00ednh chuy\u00ean nghi\u1ec7p gi\u00fap ch\u00fang t\u00f4i tr\u1edf n\u00ean kh\u00e1c bi\u1ec7t trong ng\u00e0nh m\u00e1y m\u00f3c x\u00e2y d\u1ef1ng.<\/p>\n<p>T\u00e1c gi\u1ea3: CX<\/p>","protected":false},"excerpt":{"rendered":"<p>Introducing the Durable 10 Ton Hydraulic Telescopic Cylinder for Trailer: The Durable 10 Ton Hydraulic Telescopic Cylinder for Trailer is a high-quality and reliable product designed to provide superior performance in various trailer applications. With its sturdy construction and advanced hydraulic technology, this cylinder offers exceptional lifting capacity and stability. Key Features: 1. Superior Strength: [&hellip;]<\/p>","protected":false},"featured_media":1632,"comment_status":"closed","ping_status":"closed","template":"","meta":{"_et_pb_use_builder":"","_et_pb_old_content":"","_et_gb_content_width":""},"product_brand":[],"product_cat":[45],"product_tag":[34,48],"class_list":{"0":"post-1631","1":"product","2":"type-product","3":"status-publish","4":"has-post-thumbnail","6":"product_cat-inverted-telescopic-cylinder","7":"product_tag-hydraulic-cylinder","8":"product_tag-inverted-telescopic-cylinder","10":"first","11":"instock","12":"product-type-simple"},"_links":{"self":[{"href":"https:\/\/fmp-components.com\/vi\/wp-json\/wp\/v2\/product\/1631","targetHints":{"allow":["GET"]}}],"collection":[{"href":"https:\/\/fmp-components.com\/vi\/wp-json\/wp\/v2\/product"}],"about":[{"href":"https:\/\/fmp-components.com\/vi\/wp-json\/wp\/v2\/types\/product"}],"replies":[{"embeddable":true,"href":"https:\/\/fmp-components.com\/vi\/wp-json\/wp\/v2\/comments?post=1631"}],"wp:featuredmedia":[{"embeddable":true,"href":"https:\/\/fmp-components.com\/vi\/wp-json\/wp\/v2\/media\/1632"}],"wp:attachment":[{"href":"https:\/\/fmp-components.com\/vi\/wp-json\/wp\/v2\/media?parent=1631"}],"wp:term":[{"taxonomy":"product_brand","embeddable":true,"href":"https:\/\/fmp-components.com\/vi\/wp-json\/wp\/v2\/product_brand?post=1631"},{"taxonomy":"product_cat","embeddable":true,"href":"https:\/\/fmp-components.com\/vi\/wp-json\/wp\/v2\/product_cat?post=1631"},{"taxonomy":"product_tag","embeddable":true,"href":"https:\/\/fmp-components.com\/vi\/wp-json\/wp\/v2\/product_tag?post=1631"}],"curies":[{"name":"wp","href":"https:\/\/api.w.org\/{rel}","templated":true}]}}