{"id":1627,"date":"2024-12-23T06:59:20","date_gmt":"2024-12-23T06:59:20","guid":{"rendered":"https:\/\/fmp-components.com\/product\/dump-truck-4-stage-hydraulic-cylinder-long-stroke-telescopic-hydraulic-cylinder\/"},"modified":"2024-12-23T08:30:21","modified_gmt":"2024-12-23T08:30:21","slug":"dump-truck-4-stage-hydraulic-cylinder-long-stroke-telescopic-hydraulic-cylinder","status":"publish","type":"product","link":"https:\/\/fmp-components.com\/vi\/product\/dump-truck-4-stage-hydraulic-cylinder-long-stroke-telescopic-hydraulic-cylinder\/","title":{"rendered":"Xe ben 4 t\u1ea7ng xi lanh th\u1ee7y l\u1ef1c h\u00e0nh tr\u00ecnh d\u00e0i xi lanh th\u1ee7y l\u1ef1c \u1ed1ng l\u1ed3ng"},"content":{"rendered":"<h2>Gi\u1edbi thi\u1ec7u v\u1ec1 xi lanh th\u1ee7y l\u1ef1c 4 c\u1ea5p cho xe ben xi lanh th\u1ee7y l\u1ef1c d\u1ea1ng \u1ed1ng l\u1ed3ng h\u00e0nh tr\u00ecnh d\u00e0i<\/h2>\n<p>Xi lanh th\u1ee7y l\u1ef1c 4 c\u1ea5p ki\u1ec3u \u1ed1ng l\u1ed3ng h\u00e0nh tr\u00ecnh d\u00e0i cho xe ben l\u00e0 s\u1ea3n ph\u1ea9m \u0111a n\u0103ng v\u00e0 b\u1ec1n b\u1ec9, \u0111\u01b0\u1ee3c thi\u1ebft k\u1ebf cho c\u00e1c \u1ee9ng d\u1ee5ng h\u1ea1ng n\u1eb7ng. S\u1ea3n ph\u1ea9m th\u01b0\u1eddng \u0111\u01b0\u1ee3c s\u1eed d\u1ee5ng tr\u00ean xe ben v\u00e0 \u0111\u01b0\u1ee3c thi\u1ebft k\u1ebf \u0111\u1ec3 mang l\u1ea1i s\u1ee9c m\u1ea1nh v\u00e0 hi\u1ec7u su\u1ea5t t\u1ed1i \u0111a.<\/p>\n<p>Xi lanh th\u1ee7y l\u1ef1c n\u00e0y \u0111\u01b0\u1ee3c ch\u1ebf t\u1ea1o t\u1eeb v\u1eadt li\u1ec7u ch\u1ea5t l\u01b0\u1ee3ng cao, \u0111\u1ea3m b\u1ea3o \u0111\u1ed9 b\u1ec1n v\u00e0 \u0111\u1ed9 tin c\u1eady l\u00e2u d\u00e0i. S\u1ea3n ph\u1ea9m c\u00f3 thi\u1ebft k\u1ebf \u1ed1ng l\u1ed3ng 4 c\u1ea5p, cho ph\u00e9p h\u00e0nh tr\u00ecnh d\u00e0i h\u01a1n, n\u00e2ng v\u00e0 di chuy\u1ec3n c\u00e1c v\u1eadt n\u1eb7ng h\u01a1n. Ngo\u00e0i ra, xi lanh c\u00f3 k\u00edch th\u01b0\u1edbc l\u1ed7 l\u1edbn, cho ph\u00e9p t\u0103ng l\u01b0u l\u01b0\u1ee3ng th\u1ee7y l\u1ef1c v\u00e0 v\u1eadn h\u00e0nh nhanh h\u01a1n.<\/p>\n<p>Xy lanh th\u1ee7y l\u1ef1c 4 c\u1ea5p ki\u1ec3u \u1ed1ng l\u1ed3ng h\u00e0nh tr\u00ecnh d\u00e0i cho xe ben c\u0169ng \u0111\u01b0\u1ee3c thi\u1ebft k\u1ebf ch\u00fa tr\u1ecdng \u0111\u1ebfn an to\u00e0n. S\u1ea3n ph\u1ea9m \u0111\u01b0\u1ee3c trang b\u1ecb van an to\u00e0n t\u00edch h\u1ee3p, t\u1ef1 \u0111\u1ed9ng d\u1eebng xy lanh khi b\u1ecb k\u00e9o gi\u00e3n qu\u00e1 m\u1ee9c, ng\u0103n ng\u1eeba h\u01b0 h\u1ecfng thi\u1ebft b\u1ecb ho\u1eb7c nguy c\u01a1 g\u00e2y th\u01b0\u01a1ng t\u00edch cho ng\u01b0\u1eddi v\u1eadn h\u00e0nh.<\/p>\n<table style=\"width: 100%;\" border=\"1\" width=\"100%\" cellspacing=\"0\" cellpadding=\"0\">\n<tbody>\n<tr>\n<th>T\u00ean s\u1ea3n ph\u1ea9m<\/th>\n<td>Xe ben 4 t\u1ea7ng xi lanh th\u1ee7y l\u1ef1c h\u00e0nh tr\u00ecnh d\u00e0i xi lanh th\u1ee7y l\u1ef1c \u1ed1ng l\u1ed3ng<\/td>\n<\/tr>\n<tr>\n<th>T\u00ecnh tr\u1ea1ng<\/th>\n<td>M\u1edbi<\/td>\n<\/tr>\n<tr>\n<th>B\u1ea3o h\u00e0nh<\/th>\n<td>1 n\u0103m<\/td>\n<\/tr>\n<tr>\n<th>C\u00e2n n\u1eb7ng (KG)<\/th>\n<td>56<\/td>\n<\/tr>\n<tr>\n<th>L\u1ef1c \u0111\u1ea9y t\u1ed1i \u0111a<\/th>\n<td>3000<\/td>\n<\/tr>\n<tr>\n<th>L\u1ef1c k\u00e9o t\u1ed1i \u0111a<\/th>\n<td>20 t\u1ea5n<\/td>\n<\/tr>\n<tr>\n<th>Thi\u1ebft k\u1ebf<\/th>\n<td>Xi lanh \u1ed1ng l\u1ed3ng h\u00e0nh tr\u00ecnh d\u00e0i 4 giai \u0111o\u1ea1n<\/td>\n<\/tr>\n<tr>\n<th>Hi\u1ec7u su\u1ea5t<\/th>\n<td>Hi\u1ec7u su\u1ea5t, \u0111\u1ed9 b\u1ec1n v\u00e0 \u0111\u1ed9 an to\u00e0n v\u01b0\u1ee3t tr\u1ed9i<\/td>\n<\/tr>\n<tr>\n<th>C\u00e1c ng\u00e0nh c\u00f4ng nghi\u1ec7p \u00e1p d\u1ee5ng<\/th>\n<td>Nh\u00e0 m\u00e1y s\u1ea3n xu\u1ea5t, X\u01b0\u1edfng s\u1eeda ch\u1eefa m\u00e1y m\u00f3c, Trang tr\u1ea1i, N\u0103ng l\u01b0\u1ee3ng &amp; Khai th\u00e1c, Nh\u00e0 m\u00e1y s\u1ea3n xu\u1ea5t m\u00e1y m\u00f3c<\/td>\n<\/tr>\n<\/tbody>\n<\/table>\n<h2>\u0110\u1eb7c \u0111i\u1ec3m c\u1ee7a xi lanh th\u1ee7y l\u1ef1c 4 t\u1ea7ng<\/h2>\n<p>Xi lanh th\u1ee7y l\u1ef1c 4 t\u1ea7ng d\u00e0nh cho xe ben c\u00f3 nhi\u1ec1u t\u00ednh n\u0103ng \u0111\u1eb7c bi\u1ec7t:<br \/>\n<img decoding=\"async\" src=\"https:\/\/hzpt.com\/wp-content\/uploads\/2023\/11\/Inverted-Telescopic-Cylinder-2.webp\" alt=\"\" title=\"\"><\/p>\n<ol>\n<li>Ti\u00eau chu\u1ea9n, C\u1ea5u tr\u00fac xi lanh piston<\/li>\n<li>Th\u1ee7y l\u1ef1c<\/li>\n<li>V\u1eadt li\u1ec7u th\u00e2n th\u00e9p<\/li>\n<li>Lo\u1ea1i xi lanh \u1ed1ng l\u1ed3ng ng\u01b0\u1ee3c<\/li>\n<li>Ch\u1ee9ng nh\u1eadn ISO9001:2000<\/li>\n<\/ol>\n<h2>\u1ee8ng d\u1ee5ng c\u1ee7a Xi lanh th\u1ee7y l\u1ef1c 4 c\u1ea5p<\/h2>\n<p>Nh\u1edd thi\u1ebft k\u1ebf \u0111a n\u0103ng v\u00e0 ch\u1ee9c n\u0103ng hi\u1ec7u qu\u1ea3, Xi lanh th\u1ee7y l\u1ef1c 4 t\u1ea7ng c\u00f3 th\u1ec3 \u0111\u01b0\u1ee3c \u1ee9ng d\u1ee5ng trong v\u00f4 s\u1ed1 ng\u00e0nh c\u00f4ng nghi\u1ec7p:<\/p>\n<ol>\n<li>Nh\u00e0 m\u00e1y s\u1ea3n xu\u1ea5t<\/li>\n<li>C\u1eeda h\u00e0ng s\u1eeda ch\u1eefa m\u00e1y m\u00f3c<\/li>\n<li>Trang tr\u1ea1i<\/li>\n<li>N\u0103ng l\u01b0\u1ee3ng &amp; Khai th\u00e1c<\/li>\n<li>S\u1ea3n xu\u1ea5t m\u00e1y m\u00f3c<\/li>\n<\/ol>\n<p><img decoding=\"async\" src=\"https:\/\/hzpt.com\/wp-content\/uploads\/2023\/11\/Inverted-Telescopic-Cylinder-Applications.webp\" alt=\"\u1ee8ng d\u1ee5ng c\u1ee7a xi lanh \u1ed1ng l\u1ed3ng ng\u01b0\u1ee3c\" title=\"\"><\/p>\n<h2>Nguy\u00ean l\u00fd ho\u1ea1t \u0111\u1ed9ng v\u00e0 b\u1ea3o tr\u00ec c\u1ee7a xi lanh th\u1ee7y l\u1ef1c 4 t\u1ea7ng<\/h2>\n<p>Xi lanh th\u1ee7y l\u1ef1c 4 c\u1ea5p ho\u1ea1t \u0111\u1ed9ng b\u1eb1ng c\u00e1ch n\u1ea1p ch\u1ea5t l\u1ecfng th\u1ee7y l\u1ef1c \u0111\u1ec3 t\u1ea1o ra l\u1ef1c \u0111\u1ea9y. C\u00e1c ph\u01b0\u01a1ng ph\u00e1p b\u1ea3o d\u01b0\u1ee1ng th\u01b0\u1eddng xuy\u00ean \u0111\u1ec3 \u0111\u1ea3m b\u1ea3o hi\u1ec7u su\u1ea5t t\u1ed1i \u01b0u bao g\u1ed3m ki\u1ec3m tra, v\u1ec7 sinh, b\u00f4i tr\u01a1n, ki\u1ec3m tra v\u00e0 s\u1eeda ch\u1eefa \u0111\u1ecbnh k\u1ef3, thay th\u1ebf ph\u1edbt v\u00e0 tu\u00e2n th\u1ee7 h\u01b0\u1edbng d\u1eabn trong s\u00e1ch h\u01b0\u1edbng d\u1eabn v\u1eadn h\u00e0nh.<br \/>\n<img decoding=\"async\" src=\"https:\/\/hzpt.com\/wp-content\/uploads\/2023\/11\/Inverted-Telescopic-Cylinder-20.webp\" alt=\"\" title=\"\"><\/p>\n<h2>H\u00ecnh tr\u1ee5 \u1ed1ng l\u1ed3ng ng\u01b0\u1ee3c<\/h2>\n<h3>Gi\u1edbi thi\u1ec7u<\/h3>\n<p>Xi lanh \u1ed1ng l\u1ed3ng ng\u01b0\u1ee3c l\u00e0 m\u1ed9t lo\u1ea1i xi lanh th\u1ee7y l\u1ef1c \u0111\u01b0\u1ee3c s\u1eed d\u1ee5ng trong nhi\u1ec1u \u1ee9ng d\u1ee5ng kh\u00e1c nhau, bao g\u1ed3m c\u1ea3 xe ben. \u0110\u00e2y l\u00e0 lo\u1ea1i xi lanh c\u00f3 c\u1ea5u tr\u00fac v\u00e0 thi\u1ebft k\u1ebf \u0111\u1ed9c \u0111\u00e1o, l\u00fd t\u01b0\u1edfng \u0111\u1ec3 s\u1eed d\u1ee5ng trong c\u00e1c ng\u00e0nh c\u00f4ng nghi\u1ec7p \u0111\u00f2i h\u1ecfi h\u1ec7 th\u1ed1ng th\u1ee7y l\u1ef1c ch\u1ea5t l\u01b0\u1ee3ng cao. Xi lanh \u1ed1ng l\u1ed3ng ng\u01b0\u1ee3c c\u00f2n \u0111\u01b0\u1ee3c g\u1ecdi l\u00e0 xi lanh \u1ed1ng l\u1ed3ng t\u00e1c \u0111\u1ed9ng \u0111\u01a1n v\u00e0 \u0111\u01b0\u1ee3c bi\u1ebft \u0111\u1ebfn v\u1edbi \u0111\u1ed9 \u1ed5n \u0111\u1ecbnh v\u00e0 hi\u1ec7u qu\u1ea3 cao.<\/p>\n<h3>C\u1ea5u tr\u00fac c\u1ee7a m\u1ed9t h\u00ecnh tr\u1ee5 \u1ed1ng l\u1ed3ng ng\u01b0\u1ee3c<\/h3>\n<p>M\u1ed9t xi lanh \u1ed1ng l\u1ed3ng ng\u01b0\u1ee3c \u0111\u01b0\u1ee3c c\u1ea5u t\u1ea1o b\u1edfi m\u1ed9t s\u1ed1 t\u1ea7ng \u0111\u01b0\u1ee3c l\u1ed3ng v\u00e0o nhau. T\u1ea7ng ngo\u00e0i c\u00f9ng l\u00e0 t\u1ea7ng l\u1edbn nh\u1ea5t, v\u00e0 t\u1ea7ng trong c\u00f9ng l\u00e0 t\u1ea7ng nh\u1ecf nh\u1ea5t. C\u00e1c t\u1ea7ng \u0111\u01b0\u1ee3c k\u1ebft n\u1ed1i v\u1edbi nhau b\u1eb1ng m\u1ed9t piston, di chuy\u1ec3n l\u00ean xu\u1ed1ng b\u00ean trong xi lanh. Piston \u0111\u01b0\u1ee3c n\u1ed1i v\u1edbi m\u1ed9t thanh k\u00e9o d\u00e0i ra b\u00ean ngo\u00e0i xi lanh.<\/p>\n<p>Xy lanh \u1ed1ng l\u1ed3ng ng\u01b0\u1ee3c c\u00f3 thi\u1ebft k\u1ebf \u0111\u1ed9c \u0111\u00e1o v\u1edbi piston n\u1eb1m \u1edf \u0111\u00e1y xi lanh. Thanh truy\u1ec1n \u0111\u1ed9ng k\u00e9o d\u00e0i ra ngo\u00e0i xi lanh \u0111\u01b0\u1ee3c k\u1ebft n\u1ed1i v\u1edbi t\u1ea3i tr\u1ecdng, v\u00e0 tr\u1ecdng l\u01b0\u1ee3ng c\u1ee7a t\u1ea3i tr\u1ecdng \u0111\u01b0\u1ee3c s\u1eed d\u1ee5ng \u0111\u1ec3 k\u00e9o d\u00e0i xi lanh. Thi\u1ebft k\u1ebf n\u00e0y gi\u00fap xi lanh \u1ed1ng l\u1ed3ng ng\u01b0\u1ee3c \u1ed5n \u0111\u1ecbnh v\u00e0 hi\u1ec7u qu\u1ea3 h\u01a1n so v\u1edbi c\u00e1c lo\u1ea1i xi lanh th\u1ee7y l\u1ef1c kh\u00e1c.<\/p>\n<h3>\u1ee8ng d\u1ee5ng c\u1ee7a xi lanh \u1ed1ng l\u1ed3ng ng\u01b0\u1ee3c<\/h3>\n<p>Xi lanh \u1ed1ng l\u1ed3ng ng\u01b0\u1ee3c \u0111\u01b0\u1ee3c s\u1eed d\u1ee5ng r\u1ed9ng r\u00e3i trong nhi\u1ec1u ng\u00e0nh c\u00f4ng nghi\u1ec7p, bao g\u1ed3m xe ben, c\u1ea7n c\u1ea9u v\u00e0 c\u00e1c thi\u1ebft b\u1ecb h\u1ea1ng n\u1eb7ng kh\u00e1c. M\u1ed9t trong nh\u1eefng \u1ee9ng d\u1ee5ng ch\u00ednh c\u1ee7a xi lanh \u1ed1ng l\u1ed3ng ng\u01b0\u1ee3c l\u00e0 trong xe ben. Xi lanh \u0111\u01b0\u1ee3c s\u1eed d\u1ee5ng \u0111\u1ec3 n\u00e2ng v\u00e0 h\u1ea1 s\u00e0n ben, cho ph\u00e9p v\u1eadn chuy\u1ec3n kh\u1ed1i l\u01b0\u1ee3ng v\u1eadt li\u1ec7u l\u1edbn.<\/p>\n<h3>Xe ben xi lanh th\u1ee7y l\u1ef1c 4 c\u1ea5p<\/h3>\n<p>Xi lanh th\u1ee7y l\u1ef1c 4 c\u1ea5p cho xe ben l\u00e0 lo\u1ea1i xi lanh \u1ed1ng l\u1ed3ng ng\u01b0\u1ee3c \u0111\u01b0\u1ee3c thi\u1ebft k\u1ebf chuy\u00ean d\u1ee5ng cho xe ben. Xi lanh c\u00f3 b\u1ed1n c\u1ea5p, cho ph\u00e9p h\u00e0nh tr\u00ecnh d\u00e0i h\u01a1n v\u00e0 kh\u1ea3 n\u0103ng n\u00e2ng l\u1edbn h\u01a1n. Xi lanh th\u1ee7y l\u1ef1c 4 c\u1ea5p cho xe ben c\u0169ng \u0111\u01b0\u1ee3c bi\u1ebft \u0111\u1ebfn v\u1edbi \u0111\u1ed9 b\u1ec1n v\u00e0 \u0111\u1ed9 tin c\u1eady cao, l\u00fd t\u01b0\u1edfng \u0111\u1ec3 s\u1eed d\u1ee5ng trong m\u00f4i tr\u01b0\u1eddng kh\u1eafc nghi\u1ec7t.<\/p>\n<h3>Xi lanh th\u1ee7y l\u1ef1c d\u1ea1ng \u1ed1ng l\u1ed3ng h\u00e0nh tr\u00ecnh d\u00e0i<\/h3>\n<p>Xy lanh th\u1ee7y l\u1ef1c d\u1ea1ng \u1ed1ng l\u1ed3ng h\u00e0nh tr\u00ecnh d\u00e0i l\u00e0 m\u1ed9t lo\u1ea1i xi lanh \u1ed1ng l\u1ed3ng ng\u01b0\u1ee3c kh\u00e1c \u0111\u01b0\u1ee3c s\u1eed d\u1ee5ng trong nhi\u1ec1u ng\u00e0nh c\u00f4ng nghi\u1ec7p, bao g\u1ed3m c\u1ea3 xe ben. Thi\u1ebft k\u1ebf h\u00e0nh tr\u00ecnh d\u00e0i cho ph\u00e9p chi\u1ec1u d\u00e0i h\u00e0nh tr\u00ecnh d\u00e0i h\u01a1n, l\u00fd t\u01b0\u1edfng cho c\u00e1c \u1ee9ng d\u1ee5ng c\u1ea7n h\u00e0nh tr\u00ecnh d\u00e0i h\u01a1n. Xy lanh th\u1ee7y l\u1ef1c d\u1ea1ng \u1ed1ng l\u1ed3ng h\u00e0nh tr\u00ecnh d\u00e0i c\u0169ng \u0111\u01b0\u1ee3c bi\u1ebft \u0111\u1ebfn v\u1edbi hi\u1ec7u su\u1ea5t v\u00e0 \u0111\u1ed9 tin c\u1eady, khi\u1ebfn n\u00f3 tr\u1edf th\u00e0nh l\u1ef1a ch\u1ecdn ph\u1ed5 bi\u1ebfn trong nhi\u1ec1u ng\u00e0nh c\u00f4ng nghi\u1ec7p.<\/p>\n<p>T\u00f3m l\u1ea1i, xi lanh th\u1ee7y l\u1ef1c \u1ed1ng l\u1ed3ng ng\u01b0\u1ee3c l\u00e0 m\u1ed9t lo\u1ea1i xi lanh th\u1ee7y l\u1ef1c \u0111\u1ed9c \u0111\u00e1o \u0111\u01b0\u1ee3c s\u1eed d\u1ee5ng r\u1ed9ng r\u00e3i trong nhi\u1ec1u ng\u00e0nh c\u00f4ng nghi\u1ec7p, bao g\u1ed3m c\u1ea3 xe ben. Xi lanh c\u00f3 c\u1ea5u tr\u00fac v\u00e0 thi\u1ebft k\u1ebf \u0111\u1ed9c \u0111\u00e1o, gi\u00fap n\u00f3 \u1ed5n \u0111\u1ecbnh v\u00e0 hi\u1ec7u qu\u1ea3 h\u01a1n c\u00e1c lo\u1ea1i xi lanh th\u1ee7y l\u1ef1c kh\u00e1c. Xi lanh th\u1ee7y l\u1ef1c 4 c\u1ea5p cho xe ben v\u00e0 xi lanh th\u1ee7y l\u1ef1c \u1ed1ng l\u1ed3ng h\u00e0nh tr\u00ecnh d\u00e0i l\u00e0 hai v\u00ed d\u1ee5 v\u1ec1 xi lanh \u1ed1ng l\u1ed3ng ng\u01b0\u1ee3c \u0111\u01b0\u1ee3c thi\u1ebft k\u1ebf chuy\u00ean d\u1ee5ng cho xe ben v\u00e0 c\u00e1c thi\u1ebft b\u1ecb h\u1ea1ng n\u1eb7ng kh\u00e1c.<\/p>\n<h3>Gi\u1edbi thi\u1ec7u v\u1ec1 FMP<\/h3>\n<p>FMP l\u00e0 c\u00f4ng ty h\u00e0ng \u0111\u1ea7u chuy\u00ean s\u1ea3n xu\u1ea5t v\u00e0 kinh doanh xi lanh th\u1ee7y l\u1ef1c. V\u1edbi tr\u1ee5 s\u1edf ch\u00ednh t\u1ea1i \u00dd, ch\u00fang t\u00f4i cung c\u1ea5p cho kh\u00e1ch h\u00e0ng \u0111a d\u1ea1ng c\u00e1c gi\u1ea3i ph\u00e1p xi lanh th\u1ee7y l\u1ef1c ch\u1ea5t l\u01b0\u1ee3ng cao v\u00e0 \u0111\u00e1ng tin c\u1eady, \u0111\u01b0\u1ee3c h\u1ed7 tr\u1ee3 b\u1edfi kinh nghi\u1ec7m d\u00e0y d\u1eb7n trong ng\u00e0nh v\u00e0 \u0111\u1ed9i ng\u0169 chuy\u00ean nghi\u1ec7p.<\/p>\n<p><strong>1. \u0110a d\u1ea1ng s\u1ea3n ph\u1ea9m:<\/strong> D\u00f2ng s\u1ea3n ph\u1ea9m c\u1ee7a ch\u00fang t\u00f4i bao g\u1ed3m nhi\u1ec1u lo\u1ea1i xi lanh th\u1ee7y l\u1ef1c \u0111\u01b0\u1ee3c thi\u1ebft k\u1ebf cho c\u00e1c \u1ee9ng d\u1ee5ng kh\u00e1c nhau, \u0111\u1ea3m b\u1ea3o r\u1eb1ng ch\u00fang t\u00f4i c\u00f3 th\u1ec3 \u0111\u00e1p \u1ee9ng \u0111\u01b0\u1ee3c nhu c\u1ea7u c\u1ee5 th\u1ec3 c\u1ee7a kh\u00e1ch h\u00e0ng.<\/p>\n<p><strong>2. Ch\u1ea5t l\u01b0\u1ee3ng v\u01b0\u1ee3t tr\u1ed9i:<\/strong> T\u1ea1i FMP, ch\u00fang t\u00f4i \u01b0u ti\u00ean ch\u1ea5t l\u01b0\u1ee3ng v\u00e0 \u0111\u1ea3m b\u1ea3o t\u1ea5t c\u1ea3 xi lanh th\u1ee7y l\u1ef1c c\u1ee7a ch\u00fang t\u00f4i \u0111\u1ec1u \u0111\u00e1p \u1ee9ng c\u00e1c ti\u00eau chu\u1ea9n ch\u1ea5t l\u01b0\u1ee3ng nghi\u00eam ng\u1eb7t. Ch\u00fang t\u00f4i \u0111\u00e3 thi\u1ebft l\u1eadp m\u1ed1i quan h\u1ec7 l\u00e2u d\u00e0i v\u00e0 \u1ed5n \u0111\u1ecbnh v\u1edbi c\u00e1c nh\u00e0 cung c\u1ea5p ch\u1ea5t l\u01b0\u1ee3ng cao, c\u1ea3 trong n\u01b0\u1edbc v\u00e0 qu\u1ed1c t\u1ebf, \u0111\u1ec3 \u0111\u1ea3m b\u1ea3o ch\u1ea5t l\u01b0\u1ee3ng ho\u00e0n h\u1ea3o cho s\u1ea3n ph\u1ea9m c\u1ee7a m\u00ecnh.<\/p>\n<p><strong>3. \u0110\u1ed9i ng\u0169 b\u00e1n h\u00e0ng chuy\u00ean nghi\u1ec7p:<\/strong> \u0110\u1ed9i ng\u0169 b\u00e1n h\u00e0ng gi\u00e0u kinh nghi\u1ec7m v\u00e0 k\u1ef9 n\u0103ng c\u1ee7a ch\u00fang t\u00f4i s\u1edf h\u1eefu ki\u1ebfn th\u1ee9c chuy\u00ean s\u00e2u v\u1ec1 ng\u00e0nh m\u00e1y m\u00f3c x\u00e2y d\u1ef1ng. H\u1ecd lu\u00f4n c\u1eadp nh\u1eadt nh\u1eefng xu h\u01b0\u1edbng m\u1edbi nh\u1ea5t v\u00e0 th\u1ea5u hi\u1ec3u nhu c\u1ea7u c\u1ee7a kh\u00e1ch h\u00e0ng, cho ph\u00e9p h\u1ecd cung c\u1ea5p d\u1ecbch v\u1ee5 t\u01b0 v\u1ea5n s\u1ea3n ph\u1ea9m chuy\u00ean nghi\u1ec7p v\u00e0 \u0111\u1ec1 xu\u1ea5t mua h\u00e0ng th\u00f4ng minh.<\/p>\n<p><strong>4. Ph\u00e2n ph\u1ed1i h\u1eadu c\u1ea7n hi\u1ec7u qu\u1ea3:<\/strong> Ch\u00fang t\u00f4i \u0111\u00e3 tri\u1ec3n khai m\u1ed9t h\u1ec7 th\u1ed1ng ph\u00e2n ph\u1ed1i h\u1eadu c\u1ea7n hi\u1ec7u qu\u1ea3 \u0111\u1ec3 \u0111\u1ea3m b\u1ea3o giao h\u00e0ng \u0111\u00fang h\u1ea1n v\u00e0 ch\u00ednh x\u00e1c c\u00e1c xi lanh th\u1ee7y l\u1ef1c c\u1ea7n thi\u1ebft cho kh\u00e1ch h\u00e0ng, gi\u1ea3m th\u1eddi gian ch\u1ebft v\u00e0 n\u00e2ng cao n\u0103ng su\u1ea5t.<\/p>\n<p><strong>5. Cam k\u1ebft s\u1ef1 h\u00e0i l\u00f2ng c\u1ee7a kh\u00e1ch h\u00e0ng:<\/strong> T\u1ea1i FMP, ch\u00fang t\u00f4i \u0111\u1eb7t s\u1ef1 h\u00e0i l\u00f2ng c\u1ee7a kh\u00e1ch h\u00e0ng l\u00ean h\u00e0ng \u0111\u1ea7u. Ch\u00fang t\u00f4i n\u1ed7 l\u1ef1c x\u00e2y d\u1ef1ng m\u1ed1i quan h\u1ec7 l\u00e2u d\u00e0i v\u1edbi kh\u00e1ch h\u00e0ng b\u1eb1ng c\u00e1ch cung c\u1ea5p nh\u1eefng s\u1ea3n ph\u1ea9m v\u01b0\u1ee3t tr\u1ed9i v\u00e0 d\u1ecbch v\u1ee5 h\u1ed7 tr\u1ee3 sau b\u00e1n h\u00e0ng tuy\u1ec7t v\u1eddi.<\/p>\n<p><img decoding=\"async\" src=\"https:\/\/fmp-components.com\/wp-content\/uploads\/2024\/12\/Adjustable-Clevis-Type-Cylinders-6.webp\" alt=\"Xi lanh lo\u1ea1i Clevis c\u00f3 th\u1ec3 \u0111i\u1ec1u ch\u1ec9nh\" width=\"815\" title=\"\"><br \/>\nT\u00e1c gi\u1ea3: CX<\/p>","protected":false},"excerpt":{"rendered":"<p>Introducing Dump Truck 4 Stage Hydraulic Cylinder Long Stroke Telescopic Hydraulic Cylinder The Dump Truck 4 Stage Hydraulic Cylinder Long Stroke Telescopic Hydraulic Cylinder is a versatile and durable product designed for heavy-duty applications. It is commonly used in dump trucks, and is engineered to provide maximum strength and performance. This hydraulic cylinder is constructed [&hellip;]<\/p>","protected":false},"featured_media":1628,"comment_status":"closed","ping_status":"closed","template":"","meta":{"_et_pb_use_builder":"","_et_pb_old_content":"","_et_gb_content_width":""},"product_brand":[],"product_cat":[45],"product_tag":[34,48],"class_list":{"0":"post-1627","1":"product","2":"type-product","3":"status-publish","4":"has-post-thumbnail","6":"product_cat-inverted-telescopic-cylinder","7":"product_tag-hydraulic-cylinder","8":"product_tag-inverted-telescopic-cylinder","10":"first","11":"instock","12":"product-type-simple"},"_links":{"self":[{"href":"https:\/\/fmp-components.com\/vi\/wp-json\/wp\/v2\/product\/1627","targetHints":{"allow":["GET"]}}],"collection":[{"href":"https:\/\/fmp-components.com\/vi\/wp-json\/wp\/v2\/product"}],"about":[{"href":"https:\/\/fmp-components.com\/vi\/wp-json\/wp\/v2\/types\/product"}],"replies":[{"embeddable":true,"href":"https:\/\/fmp-components.com\/vi\/wp-json\/wp\/v2\/comments?post=1627"}],"wp:featuredmedia":[{"embeddable":true,"href":"https:\/\/fmp-components.com\/vi\/wp-json\/wp\/v2\/media\/1628"}],"wp:attachment":[{"href":"https:\/\/fmp-components.com\/vi\/wp-json\/wp\/v2\/media?parent=1627"}],"wp:term":[{"taxonomy":"product_brand","embeddable":true,"href":"https:\/\/fmp-components.com\/vi\/wp-json\/wp\/v2\/product_brand?post=1627"},{"taxonomy":"product_cat","embeddable":true,"href":"https:\/\/fmp-components.com\/vi\/wp-json\/wp\/v2\/product_cat?post=1627"},{"taxonomy":"product_tag","embeddable":true,"href":"https:\/\/fmp-components.com\/vi\/wp-json\/wp\/v2\/product_tag?post=1627"}],"curies":[{"name":"wp","href":"https:\/\/api.w.org\/{rel}","templated":true}]}}