{"id":1625,"date":"2024-12-23T06:59:20","date_gmt":"2024-12-23T06:59:20","guid":{"rendered":"https:\/\/fmp-components.com\/product\/professional-customized-hydraulic-cylinder-truck-hydraulic-cylinder-for-dump-truck\/"},"modified":"2024-12-23T08:22:35","modified_gmt":"2024-12-23T08:22:35","slug":"professional-customized-hydraulic-cylinder-truck-hydraulic-cylinder-for-dump-truck","status":"publish","type":"product","link":"https:\/\/fmp-components.com\/vi\/product\/professional-customized-hydraulic-cylinder-truck-hydraulic-cylinder-for-dump-truck\/","title":{"rendered":"Xi lanh th\u1ee7y l\u1ef1c chuy\u00ean nghi\u1ec7p t\u00f9y ch\u1ec9nh Xi lanh th\u1ee7y l\u1ef1c cho xe t\u1ea3i ben"},"content":{"rendered":"<h2>Gi\u1edbi thi\u1ec7u Xi lanh th\u1ee7y l\u1ef1c chuy\u00ean nghi\u1ec7p t\u00f9y ch\u1ec9nh cho xe ben<\/h2>\n<p>Xe ben l\u00e0 lo\u1ea1i xe h\u1ea1ng n\u1eb7ng thi\u1ebft y\u1ebfu \u0111\u01b0\u1ee3c s\u1eed d\u1ee5ng trong nhi\u1ec1u ng\u00e0nh c\u00f4ng nghi\u1ec7p, bao g\u1ed3m x\u00e2y d\u1ef1ng v\u00e0 khai th\u00e1c m\u1ecf. H\u1ec7 th\u1ed1ng th\u1ee7y l\u1ef1c l\u00e0 m\u1ed9t b\u1ed9 ph\u1eadn quan tr\u1ecdng c\u1ee7a xe ben, v\u00e0 xi lanh th\u1ee7y l\u1ef1c l\u00e0 m\u1ed9t trong nh\u1eefng b\u1ed9 ph\u1eadn quan tr\u1ecdng nh\u1ea5t c\u1ee7a h\u1ec7 th\u1ed1ng th\u1ee7y l\u1ef1c. Xi lanh th\u1ee7y l\u1ef1c ch\u1ecbu tr\u00e1ch nhi\u1ec7m cung c\u1ea5p n\u0103ng l\u01b0\u1ee3ng cho c\u01a1 c\u1ea5u n\u00e2ng c\u1ee7a xe ben, gi\u00fap n\u00e2ng v\u00e0 h\u1ea1 th\u00f9ng xe.<\/p>\n<p>Xi lanh th\u1ee7y l\u1ef1c t\u00f9y ch\u1ec9nh chuy\u00ean nghi\u1ec7p l\u00e0 xi lanh th\u1ee7y l\u1ef1c ch\u1ea5t l\u01b0\u1ee3ng cao \u0111\u01b0\u1ee3c thi\u1ebft k\u1ebf ri\u00eang cho xe ben. S\u1ea3n ph\u1ea9m \u0111\u01b0\u1ee3c l\u00e0m t\u1eeb v\u1eadt li\u1ec7u cao c\u1ea5p, \u0111\u1ea3m b\u1ea3o \u0111\u1ed9 b\u1ec1n v\u00e0 tu\u1ed5i th\u1ecd cao. Xi lanh \u0111\u01b0\u1ee3c ch\u1ebf t\u1ea1o \u0111\u1ec3 ch\u1ecbu \u0111\u01b0\u1ee3c \u0111i\u1ec1u ki\u1ec7n kh\u1eafc nghi\u1ec7t c\u1ee7a c\u00e1c ho\u1ea1t \u0111\u1ed9ng h\u1ea1ng n\u1eb7ng, l\u00e0 l\u1ef1a ch\u1ecdn ho\u00e0n h\u1ea3o cho xe ben s\u1eed d\u1ee5ng trong x\u00e2y d\u1ef1ng, khai th\u00e1c m\u1ecf v\u00e0 c\u00e1c ng\u00e0nh c\u00f4ng nghi\u1ec7p kh\u00e1c.<\/p>\n<p>M\u1ed9t trong nh\u1eefng \u01b0u \u0111i\u1ec3m ch\u00ednh c\u1ee7a Xi lanh th\u1ee7y l\u1ef1c t\u00f9y ch\u1ec9nh chuy\u00ean nghi\u1ec7p l\u00e0 thi\u1ebft k\u1ebf t\u00f9y ch\u1ec9nh. Xi lanh th\u1ee7y l\u1ef1c n\u00e0y c\u00f3 th\u1ec3 \u0111\u01b0\u1ee3c t\u00f9y ch\u1ec9nh \u0111\u1ec3 \u0111\u00e1p \u1ee9ng c\u00e1c y\u00eau c\u1ea7u c\u1ee5 th\u1ec3 c\u1ee7a c\u00e1c m\u1eabu xe ben kh\u00e1c nhau. C\u00e1c t\u00f9y ch\u1ecdn t\u00f9y ch\u1ec9nh bao g\u1ed3m chi\u1ec1u d\u00e0i v\u00e0 \u0111\u01b0\u1eddng k\u00ednh xi lanh, c\u0169ng nh\u01b0 h\u00e0nh tr\u00ecnh v\u00e0 c\u00e1c t\u00f9y ch\u1ecdn l\u1eafp \u0111\u1eb7t. M\u1ee9c \u0111\u1ed9 t\u00f9y ch\u1ec9nh n\u00e0y \u0111\u1ea3m b\u1ea3o xi lanh th\u1ee7y l\u1ef1c v\u1eeba v\u1eb7n ho\u00e0n h\u1ea3o v\u00e0 ho\u1ea1t \u0111\u1ed9ng t\u1ed1i \u01b0u v\u1edbi xe ben.<\/p>\n<p>Ngo\u00e0i thi\u1ebft k\u1ebf t\u00f9y ch\u1ec9nh, Xi lanh th\u1ee7y l\u1ef1c chuy\u00ean nghi\u1ec7p t\u00f9y ch\u1ec9nh c\u00f2n t\u1ef1 h\u00e0o v\u1ec1 hi\u1ec7u su\u1ea5t v\u01b0\u1ee3t tr\u1ed9i. N\u00f3 c\u00f3 kh\u1ea3 n\u0103ng n\u00e2ng cao v\u00e0 c\u00f3 th\u1ec3 n\u00e2ng th\u00f9ng xe t\u1ea3i m\u1ed9t c\u00e1ch nhanh ch\u00f3ng v\u00e0 tr\u01a1n tru. Xi lanh c\u0169ng \u0111\u01b0\u1ee3c thi\u1ebft k\u1ebf ch\u1ed1ng r\u00f2 r\u1ec9, \u0111\u1ea3m b\u1ea3o ho\u1ea1t \u0111\u1ed9ng hi\u1ec7u qu\u1ea3 m\u00e0 kh\u00f4ng g\u1eb7p b\u1ea5t k\u1ef3 s\u1ef1 c\u1ed1 n\u00e0o.<\/p>\n<p>T\u00f3m l\u1ea1i, Xi lanh th\u1ee7y l\u1ef1c t\u00f9y ch\u1ec9nh chuy\u00ean nghi\u1ec7p l\u00e0 xi lanh th\u1ee7y l\u1ef1c h\u00e0ng \u0111\u1ea7u \u0111\u01b0\u1ee3c thi\u1ebft k\u1ebf cho xe ben. Thi\u1ebft k\u1ebf t\u00f9y ch\u1ec9nh, \u0111\u1ed9 b\u1ec1n v\u00e0 hi\u1ec7u su\u1ea5t tuy\u1ec7t v\u1eddi khi\u1ebfn n\u00f3 tr\u1edf th\u00e0nh l\u1ef1a ch\u1ecdn l\u00fd t\u01b0\u1edfng cho xe ben \u0111\u01b0\u1ee3c s\u1eed d\u1ee5ng trong c\u00e1c ho\u1ea1t \u0111\u1ed9ng h\u1ea1ng n\u1eb7ng.<\/p>\n<div>\n<h2>Nh\u1eadn ngay xi lanh th\u1ee7y l\u1ef1c t\u00f9y ch\u1ec9nh cho xe ben ngay h\u00f4m nay!<\/h2>\n<p>Xin gi\u1edbi thi\u1ec7u s\u1ea3n ph\u1ea9m xi lanh th\u1ee7y l\u1ef1c ho\u00e0n to\u00e0n m\u1edbi, \u0111\u01b0\u1ee3c t\u00f9y ch\u1ec9nh chuy\u00ean nghi\u1ec7p d\u00e0nh cho xe ben, ho\u00e0n h\u1ea3o cho nhi\u1ec1u ng\u00e0nh c\u00f4ng nghi\u1ec7p kh\u00e1c nhau, bao g\u1ed3m nh\u00e0 m\u00e1y s\u1ea3n xu\u1ea5t, x\u01b0\u1edfng s\u1eeda ch\u1eefa m\u00e1y m\u00f3c, trang tr\u1ea1i, n\u0103ng l\u01b0\u1ee3ng &amp; khai th\u00e1c m\u1ecf, s\u1ea3n xu\u1ea5t m\u00e1y m\u00f3c v\u00e0 nh\u00e0 m\u00e1y c\u01a1 kh\u00ed. Xi lanh th\u1ee7y l\u1ef1c c\u1ee7a ch\u00fang t\u00f4i \u0111\u01b0\u1ee3c l\u00e0m b\u1eb1ng th\u00e9p b\u1ec1n b\u1ec9 v\u00e0 \u0111\u01b0\u1ee3c thi\u1ebft k\u1ebf theo th\u00f4ng s\u1ed1 k\u1ef9 thu\u1eadt ti\u00eau chu\u1ea9n, \u0111\u1ea3m b\u1ea3o hi\u1ec7u su\u1ea5t l\u00e2u d\u00e0i. S\u1ea3n ph\u1ea9m \u0111\u01b0\u1ee3c b\u1ea3o h\u00e0nh 1 n\u0103m v\u00e0 \u0111\u01b0\u1ee3c ch\u1ee9ng nh\u1eadn theo ti\u00eau chu\u1ea9n ISO9001:2000, \u0111\u1ea3m b\u1ea3o ch\u1ea5t l\u01b0\u1ee3ng h\u00e0ng \u0111\u1ea7u.<\/p>\n<ul>\n<li><b>C\u00e2n n\u1eb7ng:<\/b> 78 kg<\/li>\n<li><b>L\u1ef1c \u0111\u1ea9y t\u1ed1i \u0111a:<\/b> 3000<\/li>\n<li><b>S\u1ee9c k\u00e9o:<\/b> 20 t\u1ea5n<\/li>\n<\/ul>\n<p><img decoding=\"async\" src=\"https:\/\/hzpt.com\/wp-content\/uploads\/2023\/11\/Inverted-Telescopic-Cylinder-5.webp\" alt=\"H\u00ecnh tr\u1ee5 \u1ed1ng l\u1ed3ng ng\u01b0\u1ee3c\" title=\"\"><\/p>\n<h2>C\u00e1c t\u00ednh n\u0103ng c\u1ee7a xi lanh th\u1ee7y l\u1ef1c c\u1ee7a ch\u00fang t\u00f4i<\/h2>\n<ul>\n<li><b>Gi\u1ea3i ph\u00e1p t\u00f9y ch\u1ec9nh:<\/b> Xi lanh th\u1ee7y l\u1ef1c c\u1ee7a ch\u00fang t\u00f4i \u0111\u01b0\u1ee3c t\u00f9y ch\u1ec9nh chuy\u00ean nghi\u1ec7p \u0111\u1ec3 \u0111\u00e1p \u1ee9ng c\u00e1c y\u00eau c\u1ea7u c\u1ee5 th\u1ec3 c\u1ee7a b\u1ea1n.<\/li>\n<li><b>V\u1eadt li\u1ec7u ch\u1ea5t l\u01b0\u1ee3ng cao:<\/b> \u0110\u01b0\u1ee3c l\u00e0m b\u1eb1ng th\u00e9p ch\u1eafc ch\u1eafn, \u0111\u1ea3m b\u1ea3o \u0111\u1ed9 b\u1ec1n v\u00e0 tu\u1ed5i th\u1ecd cao.<\/li>\n<li><b>Hi\u1ec7u su\u1ea5t cao:<\/b> V\u1edbi l\u1ef1c \u0111\u1ea9y t\u1ed1i \u0111a l\u00e0 3000 v\u00e0 kh\u1ea3 n\u0103ng k\u00e9o l\u00ean t\u1edbi 20 t\u1ea5n, m\u00e1y bay n\u00e0y c\u00f3 hi\u1ec7u su\u1ea5t cao.<\/li>\n<li><b>\u0110\u01b0\u1ee3c ch\u1ee9ng nh\u1eadn ISO:<\/b> Xi lanh c\u1ee7a ch\u00fang t\u00f4i \u0111\u01b0\u1ee3c ch\u1ee9ng nh\u1eadn theo ti\u00eau chu\u1ea9n ISO9001:2000, \u0111\u1ea3m b\u1ea3o ch\u1ea5t l\u01b0\u1ee3ng h\u00e0ng \u0111\u1ea7u.<\/li>\n<li><b>B\u1ea3o h\u00e0nh 1 n\u0103m:<\/b> Ch\u00fang t\u00f4i cung c\u1ea5p ch\u1ebf \u0111\u1ed9 b\u1ea3o h\u00e0nh 1 n\u0103m cho xi lanh th\u1ee7y l\u1ef1c, \u0111\u1ea3m b\u1ea3o b\u1ea1n an t\u00e2m.<\/li>\n<\/ul>\n<h2>\u1ee8ng d\u1ee5ng c\u1ee7a xi lanh th\u1ee7y l\u1ef1c c\u1ee7a ch\u00fang t\u00f4i<\/h2>\n<p>Xi lanh th\u1ee7y l\u1ef1c c\u1ee7a ch\u00fang t\u00f4i ph\u00f9 h\u1ee3p v\u1edbi nhi\u1ec1u \u1ee9ng d\u1ee5ng kh\u00e1c nhau, bao g\u1ed3m:<\/p>\n<ul>\n<li><b>Xe t\u1ea3i ben:<\/b> Xi lanh c\u1ee7a ch\u00fang t\u00f4i ho\u00e0n h\u1ea3o cho xe ben, cung c\u1ea5p l\u1ef1c th\u1ee7y l\u1ef1c hi\u1ec7u qu\u1ea3 \u0111\u1ec3 n\u00e2ng.<\/li>\n<li><b>Nh\u00e0 m\u00e1y s\u1ea3n xu\u1ea5t:<\/b> C\u00e1c xi lanh n\u00e0y \u0111\u01b0\u1ee3c s\u1eed d\u1ee5ng trong c\u00e1c nh\u00e0 m\u00e1y s\u1ea3n xu\u1ea5t \u0111\u1ec3 th\u1ef1c hi\u1ec7n nhi\u1ec1u ho\u1ea1t \u0111\u1ed9ng m\u00e1y m\u00f3c kh\u00e1c nhau.<\/li>\n<li><b>C\u1eeda h\u00e0ng s\u1eeda ch\u1eefa m\u00e1y m\u00f3c:<\/b> Ch\u00fang \u0111\u00f3ng vai tr\u00f2 l\u00e0 th\u00e0nh ph\u1ea7n quan tr\u1ecdng trong vi\u1ec7c s\u1eeda ch\u1eefa v\u00e0 b\u1ea3o tr\u00ec m\u00e1y m\u00f3c.<\/li>\n<li><b>Trang tr\u1ea1i:<\/b> Ch\u00fang h\u1ed7 tr\u1ee3 nhi\u1ec1u ho\u1ea1t \u0111\u1ed9ng c\u1ee7a m\u00e1y m\u00f3c n\u00f4ng nghi\u1ec7p, c\u1ea3i thi\u1ec7n n\u0103ng su\u1ea5t.<\/li>\n<li><b>N\u0103ng l\u01b0\u1ee3ng v\u00e0 Khai kho\u00e1ng:<\/b> Xi lanh c\u1ee7a ch\u00fang t\u00f4i \u0111\u01b0\u1ee3c s\u1eed d\u1ee5ng trong ng\u00e0nh n\u0103ng l\u01b0\u1ee3ng v\u00e0 khai th\u00e1c m\u1ecf cho c\u00e1c ho\u1ea1t \u0111\u1ed9ng m\u00e1y m\u00f3c h\u1ea1ng n\u1eb7ng.<\/li>\n<\/ul>\n<p><img decoding=\"async\" src=\"https:\/\/hzpt.com\/wp-content\/uploads\/2023\/11\/Inverted-Telescopic-Cylinder-Applications.webp\" alt=\"\u1ee8ng d\u1ee5ng c\u1ee7a xi lanh \u1ed1ng l\u1ed3ng ng\u01b0\u1ee3c\" title=\"\"><\/p>\n<h2>Nguy\u00ean l\u00fd ho\u1ea1t \u0111\u1ed9ng v\u00e0 b\u1ea3o tr\u00ec xi lanh th\u1ee7y l\u1ef1c c\u1ee7a ch\u00fang t\u00f4i<\/h2>\n<p>Xi lanh th\u1ee7y l\u1ef1c c\u1ee7a ch\u00fang t\u00f4i ho\u1ea1t \u0111\u1ed9ng d\u1ef1a tr\u00ean nguy\u00ean l\u00fd l\u1ef1c \u0111\u1ea7u v\u00e0o v\u00e0 \u0111\u1ea7u ra c\u1ee7a ch\u1ea5t l\u1ecfng th\u1ee7y l\u1ef1c. C\u1ea5u h\u00ecnh bao g\u1ed3m m\u1ed9t piston v\u00e0 m\u1ed9t xi lanh. Khi ch\u1ea5t l\u1ecfng th\u1ee7y l\u1ef1c \u0111\u01b0\u1ee3c b\u01a1m v\u00e0o xi lanh, n\u00f3 s\u1ebd \u0111\u1ea9y piston, t\u1ea1o ra l\u1ef1c. L\u1ef1c n\u00e0y sau \u0111\u00f3 \u0111\u01b0\u1ee3c s\u1eed d\u1ee5ng \u0111\u1ec3 th\u1ef1c hi\u1ec7n c\u00e1c nhi\u1ec7m v\u1ee5 kh\u00e1c nhau nh\u01b0 n\u00e2ng ho\u1eb7c \u0111\u1ea9y v\u1eadt n\u1eb7ng.<\/p>\n<p>Vi\u1ec7c b\u1ea3o tr\u00ec xi lanh th\u1ee7y l\u1ef1c c\u1ee7a ch\u00fang t\u00f4i bao g\u1ed3m:<\/p>\n<ul>\n<li><b>Ki\u1ec3m tra th\u01b0\u1eddng xuy\u00ean:<\/b> C\u1ea7n ki\u1ec3m tra th\u01b0\u1eddng xuy\u00ean \u0111\u1ec3 \u0111\u1ea3m b\u1ea3o xi lanh ho\u1ea1t \u0111\u1ed9ng b\u00ecnh th\u01b0\u1eddng.<\/li>\n<li><b>V\u1ec7 sinh:<\/b> Vi\u1ec7c v\u1ec7 sinh xi lanh gi\u00fap duy tr\u00ec hi\u1ec7u su\u1ea5t v\u00e0 tu\u1ed5i th\u1ecd c\u1ee7a xi lanh.<\/li>\n<li><b>B\u00f4i tr\u01a1n:<\/b> B\u00f4i tr\u01a1n c\u00e1c b\u1ed9 ph\u1eadn chuy\u1ec3n \u0111\u1ed9ng c\u1ee7a xi lanh gi\u00fap gi\u1ea3m ma s\u00e1t v\u00e0 m\u00e0i m\u00f2n.<\/li>\n<li><b>Ki\u1ec3m tra v\u00e0 s\u1eeda ch\u1eefa th\u01b0\u1eddng xuy\u00ean:<\/b> Ki\u1ec3m tra v\u00e0 s\u1eeda ch\u1eefa th\u01b0\u1eddng xuy\u00ean c\u00f3 th\u1ec3 ng\u0103n ng\u1eeba s\u1ef1 c\u1ed1 nghi\u00eam tr\u1ecdng.<\/li>\n<li><b>Thay th\u1ebf ph\u1edbt:<\/b> Vi\u1ec7c thay th\u1ebf ph\u1edbt khi b\u1ecb m\u00f2n s\u1ebd \u0111\u1ea3m b\u1ea3o xi lanh lu\u00f4n k\u00edn kh\u00ed v\u00e0 ho\u1ea1t \u0111\u1ed9ng hi\u1ec7u qu\u1ea3.<\/li>\n<\/ul>\n<p><img decoding=\"async\" src=\"https:\/\/hzpt.com\/wp-content\/uploads\/2023\/11\/Inverted-Telescopic-Cylinder-17.webp\" alt=\"Nh\u00e0 s\u1ea3n xu\u1ea5t xi lanh \u1ed1ng l\u1ed3ng ng\u01b0\u1ee3c\" title=\"\"><\/p>\n<\/div>\n<h2>H\u00ecnh tr\u1ee5 \u1ed1ng l\u1ed3ng ng\u01b0\u1ee3c<\/h2>\n<p>Xi lanh th\u1ee7y l\u1ef1c l\u00e0 m\u1ed9t b\u1ed9 truy\u1ec1n \u0111\u1ed9ng c\u01a1 h\u1ecdc \u0111\u01b0\u1ee3c s\u1eed d\u1ee5ng \u0111\u1ec3 cung c\u1ea5p l\u1ef1c tuy\u1ebfn t\u00ednh trong nhi\u1ec1u \u1ee9ng d\u1ee5ng kh\u00e1c nhau. M\u1ed9t lo\u1ea1i xi lanh th\u1ee7y l\u1ef1c th\u01b0\u1eddng \u0111\u01b0\u1ee3c s\u1eed d\u1ee5ng trong ng\u00e0nh c\u00f4ng nghi\u1ec7p l\u00e0 xi lanh \u1ed1ng l\u1ed3ng ng\u01b0\u1ee3c. Trong b\u00e0i vi\u1ebft n\u00e0y, ch\u00fang ta s\u1ebd t\u00ecm hi\u1ec3u c\u00e1c t\u00ednh n\u0103ng, ch\u1ee9c n\u0103ng v\u00e0 \u1ee9ng d\u1ee5ng c\u1ee7a xi lanh \u1ed1ng l\u1ed3ng ng\u01b0\u1ee3c trong xe ben.<\/p>\n<h3>1. \u0110\u1eb7c \u0111i\u1ec3m c\u1ee7a xi lanh \u1ed1ng l\u1ed3ng ng\u01b0\u1ee3c<\/h3>\n<p>Xy lanh \u1ed1ng l\u1ed3ng ng\u01b0\u1ee3c, \u0111\u00fang nh\u01b0 t\u00ean g\u1ecdi, c\u00f3 thi\u1ebft k\u1ebf \u0111\u1ed9c \u0111\u00e1o v\u1edbi thanh piston \u0111\u01b0\u1eddng k\u00ednh nh\u1ecf h\u01a1n nh\u00f4 ra t\u1eeb n\u00f2ng c\u00f3 \u0111\u01b0\u1eddng k\u00ednh l\u1edbn h\u01a1n. Thi\u1ebft k\u1ebf n\u00e0y mang l\u1ea1i gi\u1ea3i ph\u00e1p nh\u1ecf g\u1ecdn v\u00e0 ti\u1ebft ki\u1ec7m kh\u00f4ng gian, l\u00fd t\u01b0\u1edfng cho c\u00e1c \u1ee9ng d\u1ee5ng c\u00f3 kh\u00f4ng gian h\u1ea1n ch\u1ebf. Xy lanh \u0111\u01b0\u1ee3c l\u00e0m t\u1eeb v\u1eadt li\u1ec7u ch\u1ea5t l\u01b0\u1ee3ng cao nh\u01b0 th\u00e9p, \u0111\u1ea3m b\u1ea3o \u0111\u1ed9 b\u1ec1n v\u00e0 hi\u1ec7u su\u1ea5t l\u00e2u d\u00e0i ngay c\u1ea3 trong \u0111i\u1ec1u ki\u1ec7n \u00e1p su\u1ea5t cao.<\/p>\n<p>Ngo\u00e0i ra, xi lanh \u1ed1ng l\u1ed3ng ng\u01b0\u1ee3c \u0111\u01b0\u1ee3c trang b\u1ecb c\u00f4ng ngh\u1ec7 l\u00e0m k\u00edn ti\u00ean ti\u1ebfn, gi\u00fap ng\u0103n ng\u1eeba r\u00f2 r\u1ec9 v\u00e0 \u0111\u1ea3m b\u1ea3o v\u1eadn h\u00e0nh tr\u01a1n tru. Xi lanh c\u0169ng \u0111\u01b0\u1ee3c thi\u1ebft k\u1ebf \u0111\u1ec3 ch\u1ecbu \u0111\u01b0\u1ee3c c\u00e1c \u0111i\u1ec1u ki\u1ec7n m\u00f4i tr\u01b0\u1eddng kh\u1eafc nghi\u1ec7t, ch\u1eb3ng h\u1ea1n nh\u01b0 nhi\u1ec7t \u0111\u1ed9 kh\u1eafc nghi\u1ec7t v\u00e0 c\u00e1c ch\u1ea5t \u0103n m\u00f2n, ph\u00f9 h\u1ee3p v\u1edbi nhi\u1ec1u m\u00f4i tr\u01b0\u1eddng c\u00f4ng nghi\u1ec7p kh\u00e1c nhau.<\/p>\n<h3>2. Ch\u1ee9c n\u0103ng c\u1ee7a xi lanh \u1ed1ng l\u1ed3ng ng\u01b0\u1ee3c<\/h3>\n<p>Ch\u1ee9c n\u0103ng ch\u00ednh c\u1ee7a xi lanh \u1ed1ng l\u1ed3ng ng\u01b0\u1ee3c l\u00e0 cung c\u1ea5p c\u01a1 c\u1ea5u n\u00e2ng v\u00e0 \u0111\u1ed5 cho xe ben. Khi ch\u1ea5t l\u1ecfng th\u1ee7y l\u1ef1c \u0111\u01b0\u1ee3c b\u01a1m v\u00e0o xi lanh, n\u00f3 t\u1ea1o ra \u00e1p su\u1ea5t, khi\u1ebfn c\u1ea7n piston k\u00e9o d\u00e0i v\u00e0 n\u00e2ng s\u00e0n \u0111\u1ed5. \u0110i\u1ec1u n\u00e0y cho ph\u00e9p d\u1ee1 v\u1eadt li\u1ec7u nh\u01b0 \u0111\u1ea5t, s\u1ecfi ho\u1eb7c m\u1ea3nh v\u1ee5n x\u00e2y d\u1ef1ng m\u1ed9t c\u00e1ch d\u1ec5 d\u00e0ng v\u00e0 hi\u1ec7u qu\u1ea3.<\/p>\n<p>H\u01a1n n\u1eefa, xi lanh \u1ed1ng l\u1ed3ng ng\u01b0\u1ee3c cho ph\u00e9p ki\u1ec3m so\u00e1t ch\u00ednh x\u00e1c qu\u00e1 tr\u00ecnh \u0111\u1ed5. Ng\u01b0\u1eddi v\u1eadn h\u00e0nh c\u00f3 th\u1ec3 \u0111i\u1ec1u ch\u1ec9nh t\u1ed1c \u0111\u1ed9 v\u00e0 l\u1ef1c c\u1ee7a xi lanh, \u0111\u1ea3m b\u1ea3o qu\u00e1 tr\u00ecnh \u0111\u1ed5 \u0111\u01b0\u1ee3c ki\u1ec3m so\u00e1t v\u00e0 an to\u00e0n. Xi lanh c\u0169ng mang l\u1ea1i s\u1ef1 \u1ed5n \u0111\u1ecbnh v\u00e0 c\u00e2n b\u1eb1ng cho xe ben, ng\u0103n ng\u1eeba l\u1eadt ho\u1eb7c nghi\u00eang trong qu\u00e1 tr\u00ecnh \u0111\u1ed5.<\/p>\n<h3>3. \u1ee8ng d\u1ee5ng c\u1ee7a xi lanh \u1ed1ng l\u1ed3ng ng\u01b0\u1ee3c<\/h3>\n<p>Xy lanh \u1ed1ng l\u1ed3ng ng\u01b0\u1ee3c \u0111\u01b0\u1ee3c s\u1eed d\u1ee5ng r\u1ed9ng r\u00e3i trong ng\u00e0nh x\u00e2y d\u1ef1ng v\u00e0 khai th\u00e1c m\u1ecf, \u0111\u1eb7c bi\u1ec7t l\u00e0 xe ben. Nh\u1eefng chi\u1ebfc xe n\u00e0y r\u1ea5t c\u1ea7n thi\u1ebft \u0111\u1ec3 v\u1eadn chuy\u1ec3n v\u1eadt li\u1ec7u v\u00e0 h\u00e0ng h\u00f3a n\u1eb7ng t\u1ea1i nhi\u1ec1u c\u00f4ng tr\u01b0\u1eddng x\u00e2y d\u1ef1ng v\u00e0 khai th\u00e1c m\u1ecf. Xy lanh \u1ed1ng l\u1ed3ng ng\u01b0\u1ee3c \u0111\u00f3ng vai tr\u00f2 quan tr\u1ecdng trong vi\u1ec7c v\u1eadn h\u00e0nh hi\u1ec7u qu\u1ea3 c\u1ee7a xe ben, cho ph\u00e9p d\u1ee1 v\u1eadt li\u1ec7u nhanh ch\u00f3ng v\u00e0 ki\u1ec3m so\u00e1t.<\/p>\n<p>H\u01a1n n\u1eefa, xi lanh \u1ed1ng l\u1ed3ng ng\u01b0\u1ee3c c\u00f2n \u0111\u01b0\u1ee3c s\u1eed d\u1ee5ng trong c\u00e1c \u1ee9ng d\u1ee5ng kh\u00e1c khi kh\u00f4ng gian h\u1ea1n ch\u1ebf nh\u01b0ng c\u1ea7n l\u1ef1c n\u00e2ng l\u1edbn. V\u00ed d\u1ee5, n\u00f3 c\u00f3 th\u1ec3 \u0111\u01b0\u1ee3c t\u00ecm th\u1ea5y trong thang m\u00e1y th\u1ee7y l\u1ef1c, thi\u1ebft b\u1ecb x\u1eed l\u00fd v\u1eadt li\u1ec7u v\u00e0 m\u00e1y m\u00f3c n\u00f4ng nghi\u1ec7p.<\/p>\n<p>T\u00f3m l\u1ea1i, xi lanh th\u1ee7y l\u1ef1c \u1ed1ng l\u1ed3ng ng\u01b0\u1ee3c l\u00e0 m\u1ed9t lo\u1ea1i xi lanh th\u1ee7y l\u1ef1c chuy\u00ean d\u1ee5ng, s\u1edf h\u1eefu c\u00e1c t\u00ednh n\u0103ng v\u00e0 ch\u1ee9c n\u0103ng \u0111\u1ed9c \u0111\u00e1o d\u00e0nh cho xe ben v\u00e0 nhi\u1ec1u \u1ee9ng d\u1ee5ng kh\u00e1c. Thi\u1ebft k\u1ebf nh\u1ecf g\u1ecdn, c\u00f4ng ngh\u1ec7 l\u00e0m k\u00edn ti\u00ean ti\u1ebfn v\u00e0 kh\u1ea3 n\u0103ng \u0111i\u1ec1u khi\u1ec3n ch\u00ednh x\u00e1c khi\u1ebfn n\u00f3 tr\u1edf th\u00e0nh l\u1ef1a ch\u1ecdn tuy\u1ec7t v\u1eddi cho c\u00e1c ng\u00e0nh c\u00f4ng nghi\u1ec7p \u0111\u00f2i h\u1ecfi c\u01a1 ch\u1ebf n\u00e2ng v\u00e0 \u0111\u1ed5 hi\u1ec7u qu\u1ea3. Xi lanh \u1ed1ng l\u1ed3ng ng\u01b0\u1ee3c \u0111\u1ea3m b\u1ea3o v\u1eadn h\u00e0nh tr\u01a1n tru v\u00e0 \u0111\u00e1ng tin c\u1eady, n\u00e2ng cao n\u0103ng su\u1ea5t v\u00e0 an to\u00e0n trong nhi\u1ec1u m\u00f4i tr\u01b0\u1eddng c\u00f4ng nghi\u1ec7p kh\u00e1c nhau.<\/p>\n<h3>Gi\u1edbi thi\u1ec7u v\u1ec1 xi lanh th\u1ee7y l\u1ef1c FMP<\/h3>\n<p>FMP l\u00e0 m\u1ed9t c\u00f4ng ty uy t\u00edn chuy\u00ean b\u00e1n v\u00e0 b\u1ea3o d\u01b0\u1ee1ng ph\u1ee5 t\u00f9ng m\u00e1y m\u00f3c x\u00e2y d\u1ef1ng v\u00e0 m\u00e1y m\u00f3c ho\u00e0n ch\u1ec9nh. Xi lanh th\u1ee7y l\u1ef1c c\u1ee7a ch\u00fang t\u00f4i \u0111\u01b0\u1ee3c thi\u1ebft k\u1ebf v\u00e0 s\u1ea3n xu\u1ea5t \u0111\u1ec3 \u0111\u00e1p \u1ee9ng nhu c\u1ea7u cao c\u1ee7a ng\u00e0nh x\u00e2y d\u1ef1ng. Ch\u00fang t\u00f4i c\u00f3 danh m\u1ee5c s\u1ea3n ph\u1ea9m \u0111a d\u1ea1ng, bao g\u1ed3m c\u00e1c lo\u1ea1i xi lanh th\u1ee7y l\u1ef1c kh\u00e1c nhau nh\u01b0 xi lanh ki\u1ec3u ch\u1ed1t \u0111i\u1ec1u ch\u1ec9nh, xi lanh ki\u1ec3u h\u00e0n, xi lanh \u1ed1ng l\u1ed3ng, v\u00e0 nhi\u1ec1u lo\u1ea1i kh\u00e1c n\u1eefa.<\/p>\n<p>Sau \u0111\u00e2y l\u00e0 m\u1ed9t s\u1ed1 l\u00fd do t\u1ea1i sao b\u1ea1n n\u00ean ch\u1ecdn Xi lanh th\u1ee7y l\u1ef1c FMP:<\/p>\n<ol>\n<li><strong>Linh ki\u1ec7n ch\u1ea5t l\u01b0\u1ee3ng cao:<\/strong> Xi lanh th\u1ee7y l\u1ef1c c\u1ee7a ch\u00fang t\u00f4i \u0111\u01b0\u1ee3c ch\u1ebf t\u1ea1o t\u1eeb c\u00e1c linh ki\u1ec7n ch\u1ea5t l\u01b0\u1ee3ng cao, \u0111\u00e1p \u1ee9ng c\u00e1c ti\u00eau chu\u1ea9n ch\u1ea5t l\u01b0\u1ee3ng nghi\u00eam ng\u1eb7t. Ch\u00fang t\u00f4i nh\u1eadp nguy\u00ean li\u1ec7u t\u1eeb c\u00e1c nh\u00e0 cung c\u1ea5p uy t\u00edn trong v\u00e0 ngo\u00e0i n\u01b0\u1edbc \u0111\u1ec3 \u0111\u1ea3m b\u1ea3o s\u1ea3n ph\u1ea9m \u0111\u1ea1t ch\u1ea5t l\u01b0\u1ee3ng cao nh\u1ea5t.<\/li>\n<li><strong>Hi\u1ec7u su\u1ea5t \u0111\u00e1ng tin c\u1eady:<\/strong> Ch\u00fang t\u00f4i s\u1eed d\u1ee5ng c\u00f4ng ngh\u1ec7 v\u00e0 k\u1ef9 thu\u1eadt s\u1ea3n xu\u1ea5t ti\u00ean ti\u1ebfn \u0111\u1ec3 \u0111\u1ea3m b\u1ea3o xi lanh th\u1ee7y l\u1ef1c c\u1ee7a ch\u00fang t\u00f4i mang l\u1ea1i hi\u1ec7u su\u1ea5t \u0111\u00e1ng tin c\u1eady ngay c\u1ea3 trong nh\u1eefng m\u00f4i tr\u01b0\u1eddng kh\u1eafc nghi\u1ec7t nh\u1ea5t.<\/li>\n<li><strong>T\u00f9y ch\u1ec9nh:<\/strong> Ch\u00fang t\u00f4i cung c\u1ea5p d\u1ecbch v\u1ee5 t\u00f9y ch\u1ec9nh \u0111\u1ec3 \u0111\u00e1p \u1ee9ng nhu c\u1ea7u c\u1ee5 th\u1ec3 c\u1ee7a kh\u00e1ch h\u00e0ng. \u0110\u1ed9i ng\u0169 k\u1ef9 s\u01b0 l\u00e0nh ngh\u1ec1 c\u1ee7a ch\u00fang t\u00f4i c\u00f3 th\u1ec3 thi\u1ebft k\u1ebf v\u00e0 s\u1ea3n xu\u1ea5t xi lanh th\u1ee7y l\u1ef1c \u0111\u00e1p \u1ee9ng ch\u00ednh x\u00e1c y\u00eau c\u1ea7u c\u1ee7a b\u1ea1n.<\/li>\n<li><strong>Gi\u00e1 c\u1ea3 c\u1ea1nh tranh:<\/strong> Ch\u00fang t\u00f4i cung c\u1ea5p s\u1ea3n ph\u1ea9m v\u1edbi gi\u00e1 c\u1ea3 c\u1ea1nh tranh m\u00e0 kh\u00f4ng \u1ea3nh h\u01b0\u1edfng \u0111\u1ebfn ch\u1ea5t l\u01b0\u1ee3ng. M\u1ee5c ti\u00eau c\u1ee7a ch\u00fang t\u00f4i l\u00e0 cung c\u1ea5p c\u00e1c gi\u1ea3i ph\u00e1p ti\u1ebft ki\u1ec7m chi ph\u00ed cho kh\u00e1ch h\u00e0ng.<\/li>\n<li><strong>D\u1ecbch v\u1ee5 kh\u00e1ch h\u00e0ng tuy\u1ec7t v\u1eddi:<\/strong> \u0110\u1ed9i ng\u0169 b\u00e1n h\u00e0ng c\u1ee7a ch\u00fang t\u00f4i am hi\u1ec3u v\u00e0 gi\u00e0u kinh nghi\u1ec7m trong ng\u00e0nh m\u00e1y m\u00f3c x\u00e2y d\u1ef1ng. H\u1ecd c\u00f3 th\u1ec3 t\u01b0 v\u1ea5n s\u1ea3n ph\u1ea9m chuy\u00ean nghi\u1ec7p v\u00e0 \u0111\u01b0a ra nh\u1eefng g\u1ee3i \u00fd mua h\u00e0ng th\u00f4ng minh. Ch\u00fang t\u00f4i c\u0169ng c\u00f3 h\u1ec7 th\u1ed1ng ph\u00e2n ph\u1ed1i h\u1eadu c\u1ea7n hi\u1ec7u qu\u1ea3, \u0111\u1ea3m b\u1ea3o kh\u00e1ch h\u00e0ng nh\u1eadn \u0111\u01b0\u1ee3c ph\u1ee5 t\u00f9ng c\u1ea7n thi\u1ebft m\u1ed9t c\u00e1ch k\u1ecbp th\u1eddi v\u00e0 ch\u00ednh x\u00e1c.<\/li>\n<\/ol>\n<p>H\u00e3y li\u00ean h\u1ec7 v\u1edbi ch\u00fang t\u00f4i ngay \u0111\u1ec3 t\u00ecm hi\u1ec3u th\u00eam v\u1ec1 c\u00e1c s\u1ea3n ph\u1ea9m xi lanh th\u1ee7y l\u1ef1c v\u00e0 c\u00e1ch ch\u00fang t\u00f4i c\u00f3 th\u1ec3 gi\u00fap b\u1ea1n \u0111\u00e1p \u1ee9ng nhu c\u1ea7u v\u1ec1 m\u00e1y m\u00f3c x\u00e2y d\u1ef1ng.<\/p>\n<p><img decoding=\"async\" src=\"https:\/\/fmp-components.com\/wp-content\/uploads\/2024\/12\/Adjustable-Clevis-Type-Cylinders-6.webp\" alt=\"Xi lanh lo\u1ea1i Clevis c\u00f3 th\u1ec3 \u0111i\u1ec1u ch\u1ec9nh\" width=\"814\" title=\"\"><\/p>\n<p>T\u00e1c gi\u1ea3: CX<\/p>","protected":false},"excerpt":{"rendered":"<p>Introducing the Professional Customized Hydraulic Cylinder for Dump Trucks Dump trucks are essential heavy-duty vehicles used in various industries, including construction and mining. The hydraulic system is a critical component of dump trucks, and the hydraulic cylinder is one of the most critical parts of the hydraulic system. The hydraulic cylinder is responsible for powering [&hellip;]<\/p>","protected":false},"featured_media":1626,"comment_status":"closed","ping_status":"closed","template":"","meta":{"_et_pb_use_builder":"","_et_pb_old_content":"","_et_gb_content_width":""},"product_brand":[],"product_cat":[45],"product_tag":[34,48],"class_list":{"0":"post-1625","1":"product","2":"type-product","3":"status-publish","4":"has-post-thumbnail","6":"product_cat-inverted-telescopic-cylinder","7":"product_tag-hydraulic-cylinder","8":"product_tag-inverted-telescopic-cylinder","10":"first","11":"instock","12":"product-type-simple"},"_links":{"self":[{"href":"https:\/\/fmp-components.com\/vi\/wp-json\/wp\/v2\/product\/1625","targetHints":{"allow":["GET"]}}],"collection":[{"href":"https:\/\/fmp-components.com\/vi\/wp-json\/wp\/v2\/product"}],"about":[{"href":"https:\/\/fmp-components.com\/vi\/wp-json\/wp\/v2\/types\/product"}],"replies":[{"embeddable":true,"href":"https:\/\/fmp-components.com\/vi\/wp-json\/wp\/v2\/comments?post=1625"}],"wp:featuredmedia":[{"embeddable":true,"href":"https:\/\/fmp-components.com\/vi\/wp-json\/wp\/v2\/media\/1626"}],"wp:attachment":[{"href":"https:\/\/fmp-components.com\/vi\/wp-json\/wp\/v2\/media?parent=1625"}],"wp:term":[{"taxonomy":"product_brand","embeddable":true,"href":"https:\/\/fmp-components.com\/vi\/wp-json\/wp\/v2\/product_brand?post=1625"},{"taxonomy":"product_cat","embeddable":true,"href":"https:\/\/fmp-components.com\/vi\/wp-json\/wp\/v2\/product_cat?post=1625"},{"taxonomy":"product_tag","embeddable":true,"href":"https:\/\/fmp-components.com\/vi\/wp-json\/wp\/v2\/product_tag?post=1625"}],"curies":[{"name":"wp","href":"https:\/\/api.w.org\/{rel}","templated":true}]}}