{"id":1621,"date":"2024-12-23T06:59:20","date_gmt":"2024-12-23T06:59:20","guid":{"rendered":"https:\/\/fmp-components.com\/product\/quality-assurance-double-acting-2-stage-hydraulic-cylinder-for-sale\/"},"modified":"2025-05-10T12:31:43","modified_gmt":"2025-05-10T12:31:43","slug":"quality-assurance-double-acting-2-stage-hydraulic-cylinder-for-sale","status":"publish","type":"product","link":"https:\/\/fmp-components.com\/vi\/product\/quality-assurance-double-acting-2-stage-hydraulic-cylinder-for-sale\/","title":{"rendered":"Xi lanh th\u1ee7y l\u1ef1c 2 c\u1ea5p t\u00e1c \u0111\u1ed9ng k\u00e9p \u0111\u1ea3m b\u1ea3o ch\u1ea5t l\u01b0\u1ee3ng \u0111\u1ec3 b\u00e1n"},"content":{"rendered":"<p>S\u1ea3n ph\u1ea9m hi\u1ec7n \u0111\u1ea1i n\u00e0y \u0111\u01b0\u1ee3c b\u1ea3o h\u00e0nh m\u1ed9t n\u0103m. S\u1ea3n ph\u1ea9m c\u00f3 th\u1ec3 \u1ee9ng d\u1ee5ng trong nhi\u1ec1u ng\u00e0nh c\u00f4ng nghi\u1ec7p, bao g\u1ed3m nh\u00e0 m\u00e1y s\u1ea3n xu\u1ea5t, x\u01b0\u1edfng s\u1eeda ch\u1eefa m\u00e1y m\u00f3c, n\u00f4ng tr\u1ea1i, n\u0103ng l\u01b0\u1ee3ng v\u00e0 khai th\u00e1c m\u1ecf, v\u00e0 s\u1ea3n xu\u1ea5t m\u00e1y m\u00f3c. V\u1edbi tr\u1ecdng l\u01b0\u1ee3ng 48 KG, s\u1ea3n ph\u1ea9m \u0111\u01b0\u1ee3c cung c\u1ea5p k\u00e8m theo video ki\u1ec3m tra tr\u01b0\u1edbc khi xu\u1ea5t x\u01b0\u1edfng v\u00e0 b\u00e1o c\u00e1o th\u1eed nghi\u1ec7m m\u00e1y m\u00f3c. C\u00e1c b\u1ed9 ph\u1eadn c\u1ed1t l\u00f5i c\u1ee7a s\u1ea3n ph\u1ea9m n\u00e0y l\u00e0 \u1ed5 bi v\u00e0 xi lanh piston. C\u1ea5u tr\u00fac ti\u00eau chu\u1ea9n l\u00e0 xi lanh piston s\u1eed d\u1ee5ng n\u0103ng l\u01b0\u1ee3ng th\u1ee7y l\u1ef1c. V\u1eadt li\u1ec7u th\u00e2n m\u00e1y l\u00e0 th\u00e9p v\u1edbi l\u1ef1c \u0111\u1ea9y t\u1ed1i \u0111a 3000, l\u00e0m cho n\u00f3 tr\u1edf th\u00e0nh l\u1ef1a ch\u1ecdn \u0111\u00e1ng tin c\u1eady cho nhu c\u1ea7u c\u00f4ng nghi\u1ec7p c\u1ee7a b\u1ea1n.<\/p>\n<h2>\u0110\u1eb7c \u0111i\u1ec3m c\u1ee7a xi lanh th\u1ee7y l\u1ef1c 2 c\u1ea5p<\/h2>\n<p>Xi lanh th\u1ee7y l\u1ef1c kh\u00f4ng ch\u1ec9 l\u00e0 m\u1ed9t s\u1ea3n ph\u1ea9m ti\u00eau chu\u1ea9n. N\u00f3 \u0111\u01b0\u1ee3c trang b\u1ecb m\u1ed9t s\u1ed1 t\u00ednh n\u0103ng \u0111\u1ed9c \u0111\u00e1o gi\u00fap n\u00f3 n\u1ed5i b\u1eadt tr\u00ean th\u1ecb tr\u01b0\u1eddng. Nh\u1eefng t\u00ednh n\u0103ng \u0111\u00f3 bao g\u1ed3m:<\/p>\n<ul>\n<li>C\u1ea5u tr\u00fac ti\u00eau chu\u1ea9n c\u1ee7a m\u1ed9t xi lanh piston v\u1eadn h\u00e0nh b\u1eb1ng th\u1ee7y l\u1ef1c.<\/li>\n<li>Th\u00e2n m\u00e1y l\u00e0m b\u1eb1ng th\u00e9p mang l\u1ea1i \u0111\u1ed9 b\u1ec1n ch\u1eafc v\u00e0 tu\u1ed5i th\u1ecd cao.<\/li>\n<li>L\u1ef1c \u0111\u1ea9y t\u1ed1i \u0111a 3000 \u0111\u1ea3m b\u1ea3o hi\u1ec7u su\u1ea5t cao.<\/li>\n<\/ul>\n<p><img decoding=\"async\" src=\"https:\/\/hzpt.com\/wp-content\/uploads\/2023\/11\/Inverted-Telescopic-Cylinder-1.webp\" alt=\"\" title=\"\"><\/p>\n<ul>\n<li>Lo\u1ea1i xi lanh l\u1ed3ng ng\u01b0\u1ee3c, mang l\u1ea1i t\u00ednh linh ho\u1ea1t trong \u1ee9ng d\u1ee5ng.<\/li>\n<li>\u0110\u1ea1t ch\u1ee9ng nh\u1eadn ISO9001:2000, \u0111\u1ea3m b\u1ea3o ch\u1ea5t l\u01b0\u1ee3ng v\u00e0 \u0111\u1ed9 tin c\u1eady.<\/li>\n<\/ul>\n<h2>\u1ee8ng d\u1ee5ng c\u1ee7a xi lanh th\u1ee7y l\u1ef1c hai c\u1ea5p<\/h2>\n<p>Xi lanh th\u1ee7y l\u1ef1c hai c\u1ea5p \u0111\u01b0\u1ee3c s\u1eed d\u1ee5ng r\u1ed9ng r\u00e3i trong nhi\u1ec1u ng\u00e0nh c\u00f4ng nghi\u1ec7p v\u00e0 \u1ee9ng d\u1ee5ng kh\u00e1c nhau, ch\u1eb3ng h\u1ea1n nh\u01b0:<\/p>\n<ul>\n<li>C\u00e1c nh\u00e0 m\u00e1y s\u1ea3n xu\u1ea5t nh\u1eb1m \u0111\u1ea3m b\u1ea3o v\u1eadn h\u00e0nh m\u00e1y m\u00f3c hi\u1ec7u qu\u1ea3.<\/li>\n<li>C\u00e1c x\u01b0\u1edfng s\u1eeda ch\u1eefa m\u00e1y m\u00f3c, chuy\u00ean b\u1ea3o tr\u00ec v\u00e0 s\u1eeda ch\u1eefa c\u00e1c lo\u1ea1i m\u00e1y m\u00f3c kh\u00e1c nhau.<\/li>\n<li>C\u00e1c trang tr\u1ea1i, n\u01a1i th\u01b0\u1eddng xuy\u00ean s\u1eed d\u1ee5ng m\u00e1y m\u00f3c h\u1ea1ng n\u1eb7ng.<\/li>\n<li>C\u00e1c ng\u00e0nh c\u00f4ng nghi\u1ec7p n\u0103ng l\u01b0\u1ee3ng v\u00e0 khai th\u00e1c m\u1ecf, n\u01a1i \u0111\u00f2i h\u1ecfi vi\u1ec7c n\u00e2ng v\u00e0 di chuy\u1ec3n v\u1eadt li\u1ec7u n\u1eb7ng.<\/li>\n<li>S\u1ea3n xu\u1ea5t m\u00e1y m\u00f3c, \u0111\u1eb7c bi\u1ec7t l\u00e0 s\u1ea3n xu\u1ea5t thi\u1ebft b\u1ecb c\u00f4ng nghi\u1ec7p h\u1ea1ng n\u1eb7ng.<\/li>\n<\/ul>\n<p><img decoding=\"async\" src=\"https:\/\/hzpt.com\/wp-content\/uploads\/2023\/11\/Inverted-Telescopic-Cylinder-Applications.webp\" alt=\"\u1ee8ng d\u1ee5ng c\u1ee7a xi lanh \u1ed1ng l\u1ed3ng ng\u01b0\u1ee3c\" title=\"\"><\/p>\n<h2>Nguy\u00ean l\u00fd ho\u1ea1t \u0111\u1ed9ng v\u00e0 b\u1ea3o d\u01b0\u1ee1ng xi lanh th\u1ee7y l\u1ef1c hai c\u1ea5p<\/h2>\n<p>Xi lanh th\u1ee7y l\u1ef1c hai c\u1ea5p ho\u1ea1t \u0111\u1ed9ng d\u1ef1a tr\u00ean nguy\u00ean l\u00fd n\u0103ng l\u01b0\u1ee3ng th\u1ee7y l\u1ef1c, trong \u0111\u00f3 \u00e1p su\u1ea5t ch\u1ea5t l\u1ecfng \u0111\u01b0\u1ee3c s\u1eed d\u1ee5ng \u0111\u1ec3 t\u1ea1o ra l\u1ef1c c\u01a1 h\u1ecdc. Vi\u1ec7c b\u1ea3o tr\u00ec xi lanh th\u1ee7y l\u1ef1c n\u00e0y bao g\u1ed3m:<\/p>\n<ul>\n<li>Ki\u1ec3m tra \u0111\u1ecbnh k\u1ef3 \u0111\u1ec3 ph\u00e1t hi\u1ec7n s\u1edbm m\u1ecdi v\u1ea5n \u0111\u1ec1 ti\u1ec1m \u1ea9n.<\/li>\n<li>V\u1ec7 sinh \u0111\u1ec3 \u0111\u1ea3m b\u1ea3o xi lanh ho\u1ea1t \u0111\u1ed9ng hi\u1ec7u qu\u1ea3 v\u00e0 ng\u0103n ng\u1eeba s\u1ef1 t\u00edch t\u1ee5 b\u1ee5i b\u1ea9n.<\/li>\n<li>B\u00f4i tr\u01a1n \u0111\u1ec3 gi\u1ea3m ma s\u00e1t v\u00e0 hao m\u00f2n c\u00e1c b\u1ed9 ph\u1eadn chuy\u1ec3n \u0111\u1ed9ng.<\/li>\n<li>Ki\u1ec3m tra v\u00e0 s\u1eeda ch\u1eefa \u0111\u1ecbnh k\u1ef3 b\u1edfi c\u00e1c k\u1ef9 thu\u1eadt vi\u00ean c\u00f3 tr\u00ecnh \u0111\u1ed9 chuy\u00ean m\u00f4n \u0111\u1ec3 \u0111\u1ea3m b\u1ea3o hi\u1ec7u su\u1ea5t t\u1ed1i \u01b0u.<\/li>\n<li>Thay th\u1ebf gio\u0103ng l\u00e0 m\u1ed9t ph\u1ea7n c\u1ee7a b\u1ea3o tr\u00ec \u0111\u1ecbnh k\u1ef3 \u0111\u1ec3 ng\u0103n ng\u1eeba r\u00f2 r\u1ec9 v\u00e0 \u0111\u1ea3m b\u1ea3o ho\u1ea1t \u0111\u1ed9ng hi\u1ec7u qu\u1ea3 c\u1ee7a xi lanh.<\/li>\n<\/ul>\n<p><img decoding=\"async\" src=\"https:\/\/hzpt.com\/wp-content\/uploads\/2023\/11\/Inverted-Telescopic-Cylinder-6.webp\" alt=\"\" title=\"\"><\/p>\n<h2>H\u00ecnh tr\u1ee5 \u1ed1ng l\u1ed3ng ng\u01b0\u1ee3c<\/h2>\n<p>Xi lanh th\u1ee7y l\u1ef1c l\u00e0 m\u1ed9t thi\u1ebft b\u1ecb truy\u1ec1n \u0111\u1ed9ng c\u01a1 kh\u00ed \u0111\u01b0\u1ee3c s\u1eed d\u1ee5ng \u0111\u1ec3 t\u1ea1o ra l\u1ef1c m\u1ed9t chi\u1ec1u th\u00f4ng qua chuy\u1ec3n \u0111\u1ed9ng m\u1ed9t chi\u1ec1u. Xi lanh l\u1ed3ng ng\u01b0\u1ee3c l\u00e0 m\u1ed9t lo\u1ea1i xi lanh th\u1ee7y l\u1ef1c \u0111\u01b0\u1ee3c s\u1eed d\u1ee5ng trong nhi\u1ec1u \u1ee9ng d\u1ee5ng c\u00f4ng nghi\u1ec7p \u0111\u1ec3 cung c\u1ea5p chuy\u1ec3n \u0111\u1ed9ng tuy\u1ebfn t\u00ednh m\u01b0\u1ee3t m\u00e0, ch\u00ednh x\u00e1c v\u00e0 m\u1ea1nh m\u1ebd. D\u01b0\u1edbi \u0111\u00e2y l\u00e0 m\u1ed9t s\u1ed1 \u0111i\u1ec3m quan tr\u1ecdng c\u1ea7n xem x\u00e9t v\u1ec1 xi lanh l\u1ed3ng ng\u01b0\u1ee3c:<\/p>\n<ul>\n<li><strong>Thi\u1ebft k\u1ebf:<\/strong> Xi lanh l\u1ed3ng ng\u01b0\u1ee3c \u0111\u01b0\u1ee3c thi\u1ebft k\u1ebf v\u1edbi c\u1ea7n piston k\u00e9o d\u00e0i t\u1eeb \u0111\u00e1y xi lanh, c\u00f9ng m\u1ed9t lo\u1ea1t c\u00e1c \u1ed1ng l\u1ed3ng v\u00e0o nhau, thu nh\u1ecf d\u1ea7n xu\u1ed1ng t\u1eeb \u0111\u1ea7u c\u1ea7n piston. Thi\u1ebft k\u1ebf \u0111\u1ed9c \u0111\u00e1o n\u00e0y cho ph\u00e9p xi lanh c\u00f3 chi\u1ec1u d\u00e0i h\u00e0nh tr\u00ecnh d\u00e0i h\u01a1n so v\u1edbi chi\u1ec1u d\u00e0i t\u1ed5ng th\u1ec3, l\u00fd t\u01b0\u1edfng cho c\u00e1c \u1ee9ng d\u1ee5ng c\u00f3 kh\u00f4ng gian h\u1ea1n ch\u1ebf. Xi lanh \u0111\u01b0\u1ee3c s\u1ea3n xu\u1ea5t \u0111\u00e1p \u1ee9ng c\u00e1c ti\u00eau chu\u1ea9n \u0111\u1ea3m b\u1ea3o ch\u1ea5t l\u01b0\u1ee3ng nghi\u00eam ng\u1eb7t v\u00e0 \u0111\u01b0\u1ee3c ki\u1ec3m tra k\u1ef9 l\u01b0\u1ee1ng tr\u01b0\u1edbc khi b\u00e1n ra th\u1ecb tr\u01b0\u1eddng.<\/li>\n<li><strong>Ch\u1ee9c n\u0103ng:<\/strong> Xi lanh th\u1ee7y l\u1ef1c d\u1ea1ng \u1ed1ng l\u1ed3ng ng\u01b0\u1ee3c th\u01b0\u1eddng \u0111\u01b0\u1ee3c s\u1eed d\u1ee5ng trong c\u00e1c \u1ee9ng d\u1ee5ng c\u1ea7n xi lanh t\u00e1c \u0111\u1ed9ng k\u00e9p. Xi lanh ho\u1ea1t \u0111\u1ed9ng b\u1eb1ng c\u00e1ch s\u1eed d\u1ee5ng \u00e1p su\u1ea5t th\u1ee7y l\u1ef1c \u0111\u1ec3 \u0111\u1ea9y c\u1ea7n piston xu\u1ed1ng d\u01b0\u1edbi, t\u1eeb \u0111\u00f3 l\u00e0m cho c\u00e1c \u1ed1ng l\u1ed3ng c\u0169ng gi\u00e3n ra xu\u1ed1ng d\u01b0\u1edbi. \u0110i\u1ec1u n\u00e0y t\u1ea1o ra m\u1ed9t l\u1ef1c m\u1ed9t chi\u1ec1u c\u00f3 th\u1ec3 \u0111\u01b0\u1ee3c s\u1eed d\u1ee5ng \u0111\u1ec3 n\u00e2ng, \u0111\u1ea9y ho\u1eb7c k\u00e9o v\u1eadt n\u1eb7ng. Xi lanh c\u00f3 kh\u1ea3 n\u0103ng t\u1ea1o ra chuy\u1ec3n \u0111\u1ed9ng ch\u00ednh x\u00e1c v\u00e0 m\u1ea1nh m\u1ebd, l\u00fd t\u01b0\u1edfng cho c\u00e1c \u1ee9ng d\u1ee5ng t\u1ea3i n\u1eb7ng.<\/li>\n<li><strong>\u1ee8ng d\u1ee5ng:<\/strong> Xi lanh th\u1ee7y l\u1ef1c d\u1ea1ng \u1ed1ng l\u1ed3ng ng\u01b0\u1ee3c th\u01b0\u1eddng \u0111\u01b0\u1ee3c s\u1eed d\u1ee5ng r\u1ed9ng r\u00e3i trong nhi\u1ec1u \u1ee9ng d\u1ee5ng c\u00f4ng nghi\u1ec7p, ch\u1eb3ng h\u1ea1n nh\u01b0 trong s\u1ea3n xu\u1ea5t v\u00e0 l\u1eafp r\u00e1p m\u00e1y m\u00f3c h\u1ea1ng n\u1eb7ng, thi\u1ebft b\u1ecb x\u00e2y d\u1ef1ng v\u00e0 m\u00e1y m\u00f3c n\u00f4ng nghi\u1ec7p. Ch\u00fang c\u0169ng th\u01b0\u1eddng \u0111\u01b0\u1ee3c s\u1eed d\u1ee5ng trong khai th\u00e1c m\u1ecf v\u00e0 khoan, n\u01a1i ch\u00fang \u0111\u01b0\u1ee3c d\u00f9ng \u0111\u1ec3 n\u00e2ng v\u00e0 di chuy\u1ec3n c\u00e1c v\u1eadt n\u1eb7ng trong \u0111i\u1ec1u ki\u1ec7n kh\u00f3 kh\u0103n. Xi lanh th\u1ee7y l\u1ef1c hai c\u1ea5p t\u00e1c \u0111\u1ed9ng k\u00e9p ch\u1ea5t l\u01b0\u1ee3ng cao \u0111ang \u0111\u01b0\u1ee3c b\u00e1n l\u00e0 l\u1ef1a ch\u1ecdn ph\u1ed5 bi\u1ebfn trong nhi\u1ec1u ng\u00e0nh c\u00f4ng nghi\u1ec7p nh\u1edd \u0111\u1ed9 tin c\u1eady v\u00e0 \u0111\u1ed9 b\u1ec1n c\u1ee7a n\u00f3.<\/li>\n<li><strong>B\u1ea2O TR\u00cc:<\/strong> Xi lanh l\u1ed3ng ng\u01b0\u1ee3c c\u1ea7n \u0111\u01b0\u1ee3c b\u1ea3o d\u01b0\u1ee1ng th\u01b0\u1eddng xuy\u00ean \u0111\u1ec3 \u0111\u1ea3m b\u1ea3o ho\u1ea1t \u0111\u1ed9ng \u1edf hi\u1ec7u su\u1ea5t cao nh\u1ea5t. C\u1ea7n ki\u1ec3m tra thanh piston v\u00e0 c\u00e1c \u1ed1ng l\u1ed3ng th\u01b0\u1eddng xuy\u00ean \u0111\u1ec3 ph\u00e1t hi\u1ec7n c\u00e1c d\u1ea5u hi\u1ec7u hao m\u00f2n, v\u00e0 b\u1ea5t k\u1ef3 b\u1ed9 ph\u1eadn n\u00e0o b\u1ecb h\u01b0 h\u1ecfng c\u1ea7n \u0111\u01b0\u1ee3c thay th\u1ebf ngay l\u1eadp t\u1ee9c. Xi lanh c\u0169ng c\u1ea7n \u0111\u01b0\u1ee3c l\u00e0m s\u1ea1ch th\u01b0\u1eddng xuy\u00ean \u0111\u1ec3 lo\u1ea1i b\u1ecf b\u1ea5t k\u1ef3 m\u1ea3nh v\u1ee5n ho\u1eb7c ch\u1ea5t g\u00e2y \u00f4 nhi\u1ec5m n\u00e0o c\u00f3 th\u1ec3 \u1ea3nh h\u01b0\u1edfng \u0111\u1ebfn hi\u1ec7u su\u1ea5t c\u1ee7a n\u00f3.<\/li>\n<li><strong>Nh\u1eefng l\u1ee3i \u00edch:<\/strong> Xi lanh th\u1ee7y l\u1ef1c d\u1ea1ng \u1ed1ng l\u1ed3ng ng\u01b0\u1ee3c mang l\u1ea1i nhi\u1ec1u l\u1ee3i \u00edch, bao g\u1ed3m kh\u1ea3 n\u0103ng cung c\u1ea5p chuy\u1ec3n \u0111\u1ed9ng tuy\u1ebfn t\u00ednh ch\u00ednh x\u00e1c v\u00e0 m\u1ea1nh m\u1ebd, thi\u1ebft k\u1ebf nh\u1ecf g\u1ecdn v\u00e0 kh\u1ea3 n\u0103ng ch\u1ecbu t\u1ea3i n\u1eb7ng. N\u00f3 c\u0169ng r\u1ea5t \u0111\u00e1ng tin c\u1eady v\u00e0 b\u1ec1n b\u1ec9, khi\u1ebfn n\u00f3 tr\u1edf th\u00e0nh m\u1ed9t kho\u1ea3n \u0111\u1ea7u t\u01b0 tuy\u1ec7t v\u1eddi cho b\u1ea5t k\u1ef3 \u1ee9ng d\u1ee5ng c\u00f4ng nghi\u1ec7p n\u00e0o. Xi lanh th\u1ee7y l\u1ef1c hai c\u1ea5p t\u00e1c \u0111\u1ed9ng k\u00e9p ch\u1ea5t l\u01b0\u1ee3ng cao \u0111ang \u0111\u01b0\u1ee3c b\u00e1n l\u00e0 m\u1ed9t l\u1ef1a ch\u1ecdn tuy\u1ec7t v\u1eddi cho nh\u1eefng ng\u01b0\u1eddi \u0111ang t\u00ecm ki\u1ebfm m\u1ed9t xi lanh ch\u1ea5t l\u01b0\u1ee3ng cao v\u00e0 b\u1ec1n l\u00e2u.<\/li>\n<\/ul>\n<p>Nh\u00ecn chung, xi lanh th\u1ee7y l\u1ef1c d\u1ea1ng \u1ed1ng l\u1ed3ng ng\u01b0\u1ee3c l\u00e0 m\u1ed9t lo\u1ea1i xi lanh th\u1ee7y l\u1ef1c r\u1ea5t linh ho\u1ea1t v\u00e0 \u0111\u00e1ng tin c\u1eady, c\u00f3 th\u1ec3 \u0111\u01b0\u1ee3c s\u1eed d\u1ee5ng trong nhi\u1ec1u \u1ee9ng d\u1ee5ng c\u00f4ng nghi\u1ec7p. Cho d\u00f9 b\u1ea1n \u0111ang t\u00ecm ki\u1ebfm m\u1ed9t xi lanh \u0111\u1ec3 n\u00e2ng v\u1eadt n\u1eb7ng hay gia c\u00f4ng ch\u00ednh x\u00e1c, Xi lanh th\u1ee7y l\u1ef1c hai c\u1ea5p t\u00e1c \u0111\u1ed9ng k\u00e9p ch\u1ea5t l\u01b0\u1ee3ng cao \u0111ang \u0111\u01b0\u1ee3c b\u00e1n l\u00e0 m\u1ed9t l\u1ef1a ch\u1ecdn tuy\u1ec7t v\u1eddi, s\u1ebd cung c\u1ea5p cho b\u1ea1n hi\u1ec7u su\u1ea5t v\u00e0 \u0111\u1ed9 b\u1ec1n c\u1ea7n thi\u1ebft.<\/p>\n<h3>Gi\u1edbi thi\u1ec7u v\u1ec1 FMP<\/h3>\n<p>FMP l\u00e0 c\u00f4ng ty chuy\u00ean s\u1ea3n xu\u1ea5t v\u00e0 kinh doanh xi lanh th\u1ee7y l\u1ef1c. V\u1edbi kinh nghi\u1ec7m d\u00e0y d\u1eb7n trong ng\u00e0nh v\u00e0 \u0111\u1ed9i ng\u0169 chuy\u00ean nghi\u1ec7p, ch\u00fang t\u00f4i cung c\u1ea5p cho kh\u00e1ch h\u00e0ng c\u00e1c lo\u1ea1i xi lanh th\u1ee7y l\u1ef1c ch\u1ea5t l\u01b0\u1ee3ng cao v\u00e0 \u0111\u00e1ng tin c\u1eady cho m\u00e1y m\u00f3c x\u00e2y d\u1ef1ng.<\/p>\n<p>1. Nhi\u1ec1u lo\u1ea1i s\u1ea3n ph\u1ea9m:<\/p>\n<p>D\u00f2ng s\u1ea3n ph\u1ea9m c\u1ee7a ch\u00fang t\u00f4i bao g\u1ed3m nhi\u1ec1u lo\u1ea1i xi lanh th\u1ee7y l\u1ef1c d\u00e0nh cho m\u00e1y m\u00f3c x\u00e2y d\u1ef1ng. Cho d\u00f9 b\u1ea1n c\u1ea7n xi lanh t\u00e1c \u0111\u1ed9ng \u0111\u01a1n hay t\u00e1c \u0111\u1ed9ng k\u00e9p, xi lanh d\u1ea1ng \u1ed1ng l\u1ed3ng, hay xi lanh \u0111\u01b0\u1ee3c thi\u1ebft k\u1ebf ri\u00eang, ch\u00fang t\u00f4i \u0111\u1ec1u c\u00f3 gi\u1ea3i ph\u00e1p ho\u00e0n h\u1ea3o \u0111\u00e1p \u1ee9ng y\u00eau c\u1ea7u c\u1ee5 th\u1ec3 c\u1ee7a b\u1ea1n.<\/p>\n<p>2. Linh ki\u1ec7n ch\u1ea5t l\u01b0\u1ee3ng cao:<\/p>\n<p>T\u1ea5t c\u1ea3 c\u00e1c xi lanh th\u1ee7y l\u1ef1c c\u1ee7a ch\u00fang t\u00f4i \u0111\u1ec1u \u0111\u01b0\u1ee3c s\u1ea3n xu\u1ea5t b\u1eb1ng c\u00e1c linh ki\u1ec7n ch\u1ea5t l\u01b0\u1ee3ng cao. Ch\u00fang t\u00f4i \u01b0u ti\u00ean ch\u1ea5t l\u01b0\u1ee3ng trong quy tr\u00ecnh s\u1ea3n xu\u1ea5t \u0111\u1ec3 \u0111\u1ea3m b\u1ea3o tu\u1ed5i th\u1ecd v\u00e0 hi\u1ec7u su\u1ea5t c\u1ee7a s\u1ea3n ph\u1ea9m.<\/p>\n<p>3. Chuy\u00ean m\u00f4n v\u00e0 T\u01b0 v\u1ea5n:<\/p>\n<p>\u0110\u1ed9i ng\u0169 b\u00e1n h\u00e0ng gi\u00e0u kinh nghi\u1ec7m c\u1ee7a ch\u00fang t\u00f4i am hi\u1ec3u s\u00e2u s\u1eafc v\u1ec1 xu h\u01b0\u1edbng ph\u00e1t tri\u1ec3n v\u00e0 nhu c\u1ea7u c\u1ee7a kh\u00e1ch h\u00e0ng trong ng\u00e0nh m\u00e1y m\u00f3c x\u00e2y d\u1ef1ng. H\u1ecd c\u00f3 th\u1ec3 cung c\u1ea5p t\u01b0 v\u1ea5n s\u1ea3n ph\u1ea9m chuy\u00ean nghi\u1ec7p, gi\u00fap b\u1ea1n l\u1ef1a ch\u1ecdn xi lanh th\u1ee7y l\u1ef1c ph\u00f9 h\u1ee3p cho m\u00e1y m\u00f3c c\u1ee7a m\u00ecnh.<\/p>\n<p>4. Chu\u1ed7i cung \u1ee9ng \u0111\u00e1ng tin c\u1eady:<\/p>\n<p>B\u1eb1ng c\u00e1ch thi\u1ebft l\u1eadp m\u1ed1i quan h\u1ec7 h\u1ee3p t\u00e1c l\u00e2u d\u00e0i v\u00e0 \u1ed5n \u0111\u1ecbnh v\u1edbi c\u00e1c nh\u00e0 cung c\u1ea5p ch\u1ea5t l\u01b0\u1ee3ng cao, ch\u00fang t\u00f4i \u0111\u1ea3m b\u1ea3o t\u1ea5t c\u1ea3 c\u00e1c b\u1ed9 ph\u1eadn \u0111\u01b0\u1ee3c cung c\u1ea5p \u0111\u1ec1u \u0111\u00e1p \u1ee9ng c\u00e1c ti\u00eau chu\u1ea9n ch\u1ea5t l\u01b0\u1ee3ng nghi\u00eam ng\u1eb7t. \u0110i\u1ec1u n\u00e0y \u0111\u1ea3m b\u1ea3o \u0111\u1ed9 tin c\u1eady v\u00e0 \u0111\u1ed9 b\u1ec1n c\u1ee7a c\u00e1c xi lanh th\u1ee7y l\u1ef1c c\u1ee7a ch\u00fang t\u00f4i.<\/p>\n<p>5. H\u1eadu c\u1ea7n hi\u1ec7u qu\u1ea3 v\u00e0 giao h\u00e0ng \u0111\u00fang th\u1eddi h\u1ea1n:<\/p>\n<p>Ch\u00fang t\u00f4i c\u00f3 h\u1ec7 th\u1ed1ng ph\u00e2n ph\u1ed1i h\u1eadu c\u1ea7n hi\u1ec7u qu\u1ea3 \u0111\u1ec3 \u0111\u1ea3m b\u1ea3o kh\u00e1ch h\u00e0ng nh\u1eadn \u0111\u01b0\u1ee3c c\u00e1c xi lanh th\u1ee7y l\u1ef1c c\u1ea7n thi\u1ebft m\u1ed9t c\u00e1ch k\u1ecbp th\u1eddi v\u00e0 ch\u00ednh x\u00e1c. Ch\u00fang t\u00f4i hi\u1ec3u t\u1ea7m quan tr\u1ecdng c\u1ee7a vi\u1ec7c gi\u1ea3m thi\u1ec3u th\u1eddi gian ng\u1eebng ho\u1ea1t \u0111\u1ed9ng v\u00e0 h\u01b0\u1edbng \u0111\u1ebfn vi\u1ec7c giao h\u00e0ng nhanh ch\u00f3ng.<\/p>\n<p><img loading=\"lazy\" decoding=\"async\" class=\"aligncenter\" src=\"https:\/\/fmp-components.com\/wp-content\/uploads\/2024\/12\/Adjustable-Clevis-Type-Cylinders-6.webp\" alt=\"Xi lanh lo\u1ea1i Clevis c\u00f3 th\u1ec3 \u0111i\u1ec1u ch\u1ec9nh\" width=\"1035\" height=\"878\" title=\"\"><\/p>\n<p>T\u00e1c gi\u1ea3: CX<\/p>","protected":false},"excerpt":{"rendered":"<p>This state-of-the-art product comes with a one-year warranty. It is applicable across numerous industries including manufacturing plants, machinery repair shops, farms, energy and mining, and machinery manufacturing. With a weight of 48 KG, video outgoing-inspection and machinery test report are provided. The core components of this product are its bearing and plunger cylinder. The standard [&hellip;]<\/p>","protected":false},"featured_media":1622,"comment_status":"closed","ping_status":"closed","template":"","meta":{"_et_pb_use_builder":"","_et_pb_old_content":"","_et_gb_content_width":""},"product_brand":[],"product_cat":[45],"product_tag":[34,48],"class_list":{"0":"post-1621","1":"product","2":"type-product","3":"status-publish","4":"has-post-thumbnail","6":"product_cat-inverted-telescopic-cylinder","7":"product_tag-hydraulic-cylinder","8":"product_tag-inverted-telescopic-cylinder","10":"first","11":"instock","12":"product-type-simple"},"_links":{"self":[{"href":"https:\/\/fmp-components.com\/vi\/wp-json\/wp\/v2\/product\/1621","targetHints":{"allow":["GET"]}}],"collection":[{"href":"https:\/\/fmp-components.com\/vi\/wp-json\/wp\/v2\/product"}],"about":[{"href":"https:\/\/fmp-components.com\/vi\/wp-json\/wp\/v2\/types\/product"}],"replies":[{"embeddable":true,"href":"https:\/\/fmp-components.com\/vi\/wp-json\/wp\/v2\/comments?post=1621"}],"wp:featuredmedia":[{"embeddable":true,"href":"https:\/\/fmp-components.com\/vi\/wp-json\/wp\/v2\/media\/1622"}],"wp:attachment":[{"href":"https:\/\/fmp-components.com\/vi\/wp-json\/wp\/v2\/media?parent=1621"}],"wp:term":[{"taxonomy":"product_brand","embeddable":true,"href":"https:\/\/fmp-components.com\/vi\/wp-json\/wp\/v2\/product_brand?post=1621"},{"taxonomy":"product_cat","embeddable":true,"href":"https:\/\/fmp-components.com\/vi\/wp-json\/wp\/v2\/product_cat?post=1621"},{"taxonomy":"product_tag","embeddable":true,"href":"https:\/\/fmp-components.com\/vi\/wp-json\/wp\/v2\/product_tag?post=1621"}],"curies":[{"name":"wp","href":"https:\/\/api.w.org\/{rel}","templated":true}]}}