{"id":1615,"date":"2024-12-23T06:59:20","date_gmt":"2024-12-23T06:59:20","guid":{"rendered":"https:\/\/fmp-components.com\/product\/factory-customized-hydraulic-cylinder-double-acting-telescopic-hydraulic-cylinder-for-sale\/"},"modified":"2024-12-23T08:41:39","modified_gmt":"2024-12-23T08:41:39","slug":"factory-customized-hydraulic-cylinder-double-acting-telescopic-hydraulic-cylinder-for-sale","status":"publish","type":"product","link":"https:\/\/fmp-components.com\/vi\/product\/factory-customized-hydraulic-cylinder-double-acting-telescopic-hydraulic-cylinder-for-sale\/","title":{"rendered":"Nh\u00e0 m\u00e1y t\u00f9y ch\u1ec9nh xi lanh th\u1ee7y l\u1ef1c t\u00e1c \u0111\u1ed9ng k\u00e9p xi lanh th\u1ee7y l\u1ef1c \u1ed1ng l\u1ed3ng \u0111\u1ec3 b\u00e1n"},"content":{"rendered":"<h2>Nh\u00e0 m\u00e1y t\u00f9y ch\u1ec9nh xi lanh th\u1ee7y l\u1ef1c t\u00e1c \u0111\u1ed9ng k\u00e9p xi lanh th\u1ee7y l\u1ef1c \u1ed1ng l\u1ed3ng \u0111\u1ec3 b\u00e1n<\/h2>\n<p>Xi lanh th\u1ee7y l\u1ef1c t\u00f9y ch\u1ec9nh t\u1ea1i nh\u00e0 m\u00e1y l\u00e0 s\u1ea3n ph\u1ea9m ch\u1ea5t l\u01b0\u1ee3ng cao \u0111\u01b0\u1ee3c thi\u1ebft k\u1ebf \u0111\u1ec3 \u0111\u00e1p \u1ee9ng nhu c\u1ea7u c\u1ee5 th\u1ec3 c\u1ee7a nhi\u1ec1u ng\u00e0nh c\u00f4ng nghi\u1ec7p kh\u00e1c nhau. \u0110\u00e2y l\u00e0 xi lanh th\u1ee7y l\u1ef1c d\u1ea1ng \u1ed1ng l\u1ed3ng t\u00e1c \u0111\u1ed9ng k\u00e9p, mang l\u1ea1i hi\u1ec7u su\u1ea5t v\u00e0 \u0111\u1ed9 tin c\u1eady v\u01b0\u1ee3t tr\u1ed9i.<\/p>\n<p>V\u1edbi thi\u1ebft k\u1ebf v\u00e0 c\u1ea5u tr\u00fac ti\u00ean ti\u1ebfn, xi lanh th\u1ee7y l\u1ef1c n\u00e0y mang l\u1ea1i chuy\u1ec3n \u0111\u1ed9ng m\u01b0\u1ee3t m\u00e0 v\u00e0 ch\u00ednh x\u00e1c \u1edf c\u1ea3 giai \u0111o\u1ea1n k\u00e9o d\u00e0i v\u00e0 thu l\u1ea1i. N\u00f3 \u0111\u01b0\u1ee3c ch\u1ebf t\u1ea1o \u0111\u1ec3 ch\u1ecbu \u0111\u01b0\u1ee3c t\u1ea3i tr\u1ecdng n\u1eb7ng v\u00e0 \u0111i\u1ec1u ki\u1ec7n v\u1eadn h\u00e0nh kh\u1eafc nghi\u1ec7t, ph\u00f9 h\u1ee3p v\u1edbi nhi\u1ec1u \u1ee9ng d\u1ee5ng kh\u00e1c nhau.<\/p>\n<p>Xi lanh th\u1ee7y l\u1ef1c t\u00f9y ch\u1ec9nh t\u1ea1i nh\u00e0 m\u00e1y \u0111\u01b0\u1ee3c s\u1ea3n xu\u1ea5t b\u1eb1ng v\u1eadt li\u1ec7u cao c\u1ea5p, \u0111\u1ea3m b\u1ea3o \u0111\u1ed9 b\u1ec1n v\u00e0 tu\u1ed5i th\u1ecd. S\u1ea3n ph\u1ea9m tr\u1ea3i qua qu\u00e1 tr\u00ecnh ki\u1ec3m tra nghi\u00eam ng\u1eb7t v\u00e0 c\u00e1c bi\u1ec7n ph\u00e1p ki\u1ec3m so\u00e1t ch\u1ea5t l\u01b0\u1ee3ng \u0111\u1ec3 \u0111\u00e1p \u1ee9ng c\u00e1c ti\u00eau chu\u1ea9n qu\u1ed1c t\u1ebf, \u0111\u1ea3m b\u1ea3o hi\u1ec7u su\u1ea5t v\u00e0 \u0111\u1ed9 an to\u00e0n v\u01b0\u1ee3t tr\u1ed9i.<\/p>\n<p>Xi lanh th\u1ee7y l\u1ef1c n\u00e0y c\u00f3 kh\u1ea3 n\u0103ng t\u00f9y ch\u1ec9nh cao, cho ph\u00e9p kh\u00e1ch h\u00e0ng t\u00f9y ch\u1ec9nh theo y\u00eau c\u1ea7u c\u1ee5 th\u1ec3 c\u1ee7a m\u00ecnh. Cho d\u00f9 \u0111\u00f3 l\u00e0 chi\u1ec1u d\u00e0i h\u00e0nh tr\u00ecnh, k\u00edch th\u01b0\u1edbc l\u1ed7, ki\u1ec3u l\u1eafp \u0111\u1eb7t hay c\u00e1c th\u00f4ng s\u1ed1 k\u1ef9 thu\u1eadt kh\u00e1c, Xi lanh th\u1ee7y l\u1ef1c t\u00f9y ch\u1ec9nh t\u1ea1i nh\u00e0 m\u00e1y \u0111\u1ec1u c\u00f3 th\u1ec3 \u0111\u01b0\u1ee3c t\u00f9y ch\u1ec9nh \u0111\u1ec3 ph\u00f9 h\u1ee3p ho\u00e0n h\u1ea3o v\u1edbi m\u1ecdi \u1ee9ng d\u1ee5ng.<\/p>\n<p>Ngo\u00e0i hi\u1ec7u su\u1ea5t v\u01b0\u1ee3t tr\u1ed9i, xi lanh th\u1ee7y l\u1ef1c n\u00e0y c\u00f2n n\u1ed5i ti\u1ebfng v\u1edbi vi\u1ec7c l\u1eafp \u0111\u1eb7t v\u00e0 b\u1ea3o tr\u00ec d\u1ec5 d\u00e0ng. N\u00f3 \u0111\u01b0\u1ee3c thi\u1ebft k\u1ebf \u0111\u1ec3 v\u1eadn h\u00e0nh tr\u01a1n tru, gi\u1ea3m thi\u1ec3u th\u1eddi gian ch\u1ebft v\u00e0 t\u1ed1i \u0111a h\u00f3a n\u0103ng su\u1ea5t.<\/p>\n<p>Khi n\u00f3i \u0111\u1ebfn \u0111\u1ed9 tin c\u1eady, hi\u1ec7u su\u1ea5t v\u00e0 c\u00e1c t\u00f9y ch\u1ecdn t\u00f9y ch\u1ec9nh, Xi lanh th\u1ee7y l\u1ef1c t\u00f9y ch\u1ec9nh t\u1ea1i nh\u00e0 m\u00e1y l\u00e0 l\u1ef1a ch\u1ecdn l\u00fd t\u01b0\u1edfng. V\u1edbi c\u00e1c t\u00ednh n\u0103ng v\u00e0 l\u1ee3i \u00edch v\u01b0\u1ee3t tr\u1ed9i, \u0111\u00e2y l\u00e0 m\u1ed9t t\u00e0i s\u1ea3n qu\u00fd gi\u00e1 cho c\u00e1c ng\u00e0nh c\u00f4ng nghi\u1ec7p \u0111\u00f2i h\u1ecfi n\u0103ng l\u01b0\u1ee3ng th\u1ee7y l\u1ef1c hi\u1ec7u qu\u1ea3 v\u00e0 ch\u00ednh x\u00e1c.<\/p>\n<p>\u0110\u1ec3 bi\u1ebft th\u00eam th\u00f4ng tin ho\u1eb7c th\u1eafc m\u1eafc v\u1ec1 Xi lanh th\u1ee7y l\u1ef1c t\u00e1c \u0111\u1ed9ng k\u00e9p d\u1ea1ng \u1ed1ng l\u1ed3ng t\u00f9y ch\u1ec9nh t\u1ea1i nh\u00e0 m\u00e1y, vui l\u00f2ng li\u00ean h\u1ec7 v\u1edbi ch\u00fang t\u00f4i. \u0110\u1ed9i ng\u0169 chuy\u00ean gia c\u1ee7a ch\u00fang t\u00f4i s\u1eb5n s\u00e0ng h\u1ed7 tr\u1ee3 v\u00e0 cung c\u1ea5p gi\u1ea3i ph\u00e1p t\u1ed1t nh\u1ea5t cho nhu c\u1ea7u th\u1ee7y l\u1ef1c c\u1ee7a b\u1ea1n.<\/p>\n<table style=\"width: 100%;\" border=\"1\" width=\"100%\" cellspacing=\"0\" cellpadding=\"0\">\n<tbody>\n<tr>\n<th>T\u00ean s\u1ea3n ph\u1ea9m<\/th>\n<td>Xi lanh th\u1ee7y l\u1ef1c d\u1ea1ng \u1ed1ng l\u1ed3ng t\u00e1c \u0111\u1ed9ng k\u00e9p t\u00f9y ch\u1ec9nh t\u1ea1i nh\u00e0 m\u00e1y<\/td>\n<\/tr>\n<tr>\n<th>T\u00ecnh tr\u1ea1ng<\/th>\n<td>M\u1edbi<\/td>\n<\/tr>\n<tr>\n<th>B\u1ea3o h\u00e0nh<\/th>\n<td>1 n\u0103m<\/td>\n<\/tr>\n<tr>\n<th>C\u00e2n n\u1eb7ng (KG)<\/th>\n<td>48<\/td>\n<\/tr>\n<tr>\n<th>Ngu\u1ed3n \u0111i\u1ec7n<\/th>\n<td>Th\u1ee7y l\u1ef1c<\/td>\n<\/tr>\n<tr>\n<th>V\u1eadt li\u1ec7u<\/th>\n<td>Th\u00e9p<\/td>\n<\/tr>\n<tr>\n<th>L\u1ef1c \u0111\u1ea9y t\u1ed1i \u0111a<\/th>\n<td>3000<\/td>\n<\/tr>\n<tr>\n<th>L\u1ef1c k\u00e9o t\u1ed1i \u0111a<\/th>\n<td>20 t\u1ea5n<\/td>\n<\/tr>\n<tr>\n<th>Lo\u1ea1i xi lanh<\/th>\n<td>H\u00ecnh tr\u1ee5 \u1ed1ng l\u1ed3ng ng\u01b0\u1ee3c<\/td>\n<\/tr>\n<tr>\n<th>C\u1ed5ng<\/th>\n<td>G\/SAE\/NPT\/M<\/td>\n<\/tr>\n<tr>\n<th>K\u00edch th\u01b0\u1edbc l\u1ed7 khoan<\/th>\n<td>2-6 inch<\/td>\n<\/tr>\n<tr>\n<th>K\u00edch th\u01b0\u1edbc thanh<\/th>\n<td>1,125-4 inch<\/td>\n<\/tr>\n<tr>\n<th>K\u00edch th\u01b0\u1edbc n\u00e9t v\u1ebd<\/th>\n<td>6-48 inch<\/td>\n<\/tr>\n<tr>\n<th>K\u00edch th\u01b0\u1edbc ch\u00e2n c\u1eafm<\/th>\n<td>0,5-2 inch<\/td>\n<\/tr>\n<tr>\n<th>M\u00e0u s\u1eafc<\/th>\n<td>\u0110en<\/td>\n<\/tr>\n<tr>\n<th>Ch\u1ee9ng nh\u1eadn<\/th>\n<td>ISO9001:2000<\/td>\n<\/tr>\n<tr>\n<th>Ki\u1ec3m tra<\/th>\n<td>Video xu\u1ea5t h\u00e0ng - B\u00e1o c\u00e1o ki\u1ec3m tra v\u00e0 th\u1eed nghi\u1ec7m m\u00e1y m\u00f3c k\u00e8m theo<\/td>\n<\/tr>\n<tr>\n<th>C\u00e1c ng\u00e0nh c\u00f4ng nghi\u1ec7p \u00e1p d\u1ee5ng<\/th>\n<td>Nh\u00e0 m\u00e1y s\u1ea3n xu\u1ea5t, X\u01b0\u1edfng s\u1eeda ch\u1eefa m\u00e1y m\u00f3c, Trang tr\u1ea1i, N\u0103ng l\u01b0\u1ee3ng &amp; Khai th\u00e1c, S\u1ea3n xu\u1ea5t m\u00e1y m\u00f3c<\/td>\n<\/tr>\n<\/tbody>\n<\/table>\n<h2>Gi\u1edbi thi\u1ec7u v\u1ec1 xi lanh th\u1ee7y l\u1ef1c \u0111\u01b0\u1ee3c t\u00f9y ch\u1ec9nh t\u1ea1i nh\u00e0 m\u00e1y c\u1ee7a ch\u00fang t\u00f4i<\/h2>\n<p>&nbsp;<\/p>\n<p><img decoding=\"async\" src=\"https:\/\/hzpt.com\/wp-content\/uploads\/2023\/11\/Inverted-Telescopic-Cylinder-19.webp\" alt=\"\" title=\"\"><\/p>\n<h2>\u0110\u1eb7c \u0111i\u1ec3m c\u1ee7a xi lanh th\u1ee7y l\u1ef1c d\u1ea1ng \u1ed1ng l\u1ed3ng<\/h2>\n<ul>\n<li>T\u00e1c \u0111\u1ed9ng k\u00e9p: C\u00f3 kh\u1ea3 n\u0103ng t\u00e1c d\u1ee5ng l\u1ef1c theo c\u1ea3 hai h\u01b0\u1edbng gi\u00fap t\u0103ng t\u00ednh linh ho\u1ea1t.<\/li>\n<li>C\u00f3 th\u1ec3 thu g\u1ecdn: Xi lanh c\u00f3 th\u1ec3 k\u00e9o d\u00e0i v\u00e0 thu g\u1ecdn theo nhi\u1ec1u \u0111\u1ed9 d\u00e0i kh\u00e1c nhau, mang l\u1ea1i t\u00ednh linh ho\u1ea1t h\u01a1n trong c\u00e1c \u1ee9ng d\u1ee5ng.<\/li>\n<li>Kh\u1ea3 n\u0103ng \u0111\u1ea9y v\u00e0 k\u00e9o cao: V\u1edbi l\u1ef1c \u0111\u1ea9y t\u1ed1i \u0111a l\u00e0 3000 v\u00e0 l\u1ef1c k\u00e9o t\u1ed1i \u0111a l\u00e0 20 t\u1ea5n, m\u00e1y c\u00f3 th\u1ec3 x\u1eed l\u00fd c\u00f4ng vi\u1ec7c n\u1eb7ng m\u1ed9t c\u00e1ch hi\u1ec7u qu\u1ea3.<\/li>\n<li>\u0110\u01b0\u1ee3c ch\u1ee9ng nh\u1eadn ISO9001:2000: S\u1ea3n ph\u1ea9m \u0111\u00e1p \u1ee9ng c\u00e1c ti\u00eau chu\u1ea9n qu\u1ed1c t\u1ebf, \u0111\u1ea3m b\u1ea3o ch\u1ea5t l\u01b0\u1ee3ng v\u00e0 an to\u00e0n.<\/li>\n<li>V\u1eadt li\u1ec7u b\u1ec1n: Th\u00e2n b\u00ecnh \u0111\u01b0\u1ee3c l\u00e0m b\u1eb1ng th\u00e9p, \u0111\u1ea3m b\u1ea3o \u0111\u1ed9 b\u1ec1n v\u00e0 tu\u1ed5i th\u1ecd cao.<\/li>\n<\/ul>\n<h2>\u1ee8ng d\u1ee5ng c\u1ee7a xi lanh th\u1ee7y l\u1ef1c d\u1ea1ng \u1ed1ng l\u1ed3ng<\/h2>\n<p><img decoding=\"async\" src=\"https:\/\/hzpt.com\/wp-content\/uploads\/2023\/11\/Inverted-Telescopic-Cylinder-Applications.webp\" alt=\"\u1ee8ng d\u1ee5ng c\u1ee7a xi lanh \u1ed1ng l\u1ed3ng ng\u01b0\u1ee3c\" title=\"\"><\/p>\n<h2>Nguy\u00ean l\u00fd ho\u1ea1t \u0111\u1ed9ng v\u00e0 ph\u01b0\u01a1ng ph\u00e1p b\u1ea3o tr\u00ec<\/h2>\n<p>Xi lanh th\u1ee7y l\u1ef1c d\u1ea1ng \u1ed1ng l\u1ed3ng ho\u1ea1t \u0111\u1ed9ng d\u1ef1a tr\u00ean nguy\u00ean l\u00fd \u00e1p su\u1ea5t th\u1ee7y l\u1ef1c. Ch\u1ea5t l\u1ecfng \u0111\u01b0\u1ee3c n\u00e9n b\u00ean trong xi lanh t\u1ea1o ra l\u1ef1c l\u00e0m piston di chuy\u1ec3n, t\u1eeb \u0111\u00f3 thay \u0111\u1ed5i chi\u1ec1u d\u00e0i c\u1ee7a xi lanh. \u0110\u1ec3 \u0111\u1ea3m b\u1ea3o tu\u1ed5i th\u1ecd c\u1ee7a xi lanh, h\u00e3y th\u1ef1c hi\u1ec7n c\u00e1c ph\u01b0\u01a1ng ph\u00e1p b\u1ea3o d\u01b0\u1ee1ng sau:<\/p>\n<ul>\n<li>Ki\u1ec3m tra th\u01b0\u1eddng xuy\u00ean: Ki\u1ec3m tra xi lanh th\u01b0\u1eddng xuy\u00ean \u0111\u1ec3 ph\u00e1t hi\u1ec7n b\u1ea5t k\u1ef3 d\u1ea5u hi\u1ec7u h\u01b0 h\u1ecfng ho\u1eb7c hao m\u00f2n n\u00e0o.<\/li>\n<li>V\u1ec7 sinh: Gi\u1eef b\u00ecnh s\u1ea1ch s\u1ebd \u0111\u1ec3 tr\u00e1nh b\u1ea5t k\u1ef3 m\u1ea3nh v\u1ee5n n\u00e0o c\u1ea3n tr\u1edf ho\u1ea1t \u0111\u1ed9ng c\u1ee7a b\u00ecnh.<\/li>\n<li>B\u00f4i tr\u01a1n: Th\u01b0\u1eddng xuy\u00ean b\u00f4i tr\u01a1n xi lanh \u0111\u1ec3 \u0111\u1ea3m b\u1ea3o ho\u1ea1t \u0111\u1ed9ng tr\u01a1n tru.<\/li>\n<li>Ki\u1ec3m tra v\u00e0 s\u1eeda ch\u1eefa th\u01b0\u1eddng xuy\u00ean: L\u00ean l\u1ecbch ki\u1ec3m tra th\u01b0\u1eddng xuy\u00ean v\u00e0 s\u1eeda ch\u1eefa ngay l\u1eadp t\u1ee9c \u0111\u1ec3 gi\u1eef cho xi lanh lu\u00f4n ho\u1ea1t \u0111\u1ed9ng t\u1ed1t nh\u1ea5t.<\/li>\n<li>Thay th\u1ebf ph\u1edbt: Thay th\u1ebf ph\u1edbt theo h\u01b0\u1edbng d\u1eabn s\u1eed d\u1ee5ng \u0111\u1ec3 tr\u00e1nh r\u00f2 r\u1ec9 v\u00e0 duy tr\u00ec ho\u1ea1t \u0111\u1ed9ng hi\u1ec7u qu\u1ea3.<\/li>\n<\/ul>\n<p><img decoding=\"async\" src=\"https:\/\/hzpt.com\/wp-content\/uploads\/2023\/11\/Inverted-Telescopic-Cylinder-16.webp\" alt=\"\" title=\"\"><\/p>\n<h2>H\u00ecnh tr\u1ee5 \u1ed1ng l\u1ed3ng ng\u01b0\u1ee3c<\/h2>\n<p>Xi lanh th\u1ee7y l\u1ef1c t\u00e1c \u0111\u1ed9ng k\u00e9p d\u1ea1ng \u1ed1ng l\u1ed3ng t\u00f9y ch\u1ec9nh t\u1ea1i nh\u00e0 m\u00e1y, \u0111ang \u0111\u01b0\u1ee3c b\u00e1n: Xi lanh \u1ed1ng l\u1ed3ng ng\u01b0\u1ee3c l\u00e0 m\u1ed9t lo\u1ea1i xi lanh th\u1ee7y l\u1ef1c \u0111\u01b0\u1ee3c s\u1eed d\u1ee5ng trong nhi\u1ec1u \u1ee9ng d\u1ee5ng c\u00f4ng nghi\u1ec7p kh\u00e1c nhau. \u0110\u00e2y l\u00e0 lo\u1ea1i xi lanh c\u00f3 thanh piston h\u01b0\u1edbng xu\u1ed1ng d\u01b0\u1edbi, thay v\u00ec h\u01b0\u1edbng l\u00ean tr\u00ean nh\u01b0 xi lanh \u1ed1ng l\u1ed3ng truy\u1ec1n th\u1ed1ng. Thi\u1ebft k\u1ebf \u0111\u1ed9c \u0111\u00e1o n\u00e0y cho ph\u00e9p s\u1eed d\u1ee5ng linh ho\u1ea1t h\u01a1n v\u00e0 c\u00f3 th\u1ec3 s\u1eed d\u1ee5ng xi lanh trong nhi\u1ec1u \u1ee9ng d\u1ee5ng kh\u00e1c nhau.<\/p>\n<h3>Thi\u1ebft k\u1ebf<\/h3>\n<p>Xy lanh \u1ed1ng l\u1ed3ng ng\u01b0\u1ee3c \u0111\u01b0\u1ee3c t\u1ea1o th\u00e0nh t\u1eeb m\u1ed9t lo\u1ea1t c\u00e1c \u1ed1ng l\u1ed3ng v\u00e0o nhau. \u1ed0ng trong c\u00f9ng \u0111\u01b0\u1ee3c g\u1eafn v\u00e0o c\u1ea7n piston v\u00e0 di chuy\u1ec3n l\u00ean xu\u1ed1ng trong qu\u00e1 tr\u00ecnh v\u1eadn h\u00e0nh. C\u00e1c \u1ed1ng ngo\u00e0i \u0111\u01b0\u1ee3c c\u1ed1 \u0111\u1ecbnh t\u1ea1i ch\u1ed7 v\u00e0 h\u1ed7 tr\u1ee3 \u1ed1ng trong. M\u1ed7i \u1ed1ng l\u1edbn h\u01a1n m\u1ed9t ch\u00fat so v\u1edbi \u1ed1ng bao quanh, cho ph\u00e9p ch\u00fang tr\u01b0\u1ee3t v\u00e0o nhau trong qu\u00e1 tr\u00ecnh v\u1eadn h\u00e0nh.<\/p>\n<p>Xy lanh \u0111\u01b0\u1ee3c thi\u1ebft k\u1ebf t\u00e1c \u0111\u1ed9ng k\u00e9p, ngh\u0129a l\u00e0 ch\u1ea5t l\u1ecfng th\u1ee7y l\u1ef1c \u0111\u01b0\u1ee3c s\u1eed d\u1ee5ng \u0111\u1ec3 \u0111\u1ea9y c\u1ea7n piston theo c\u1ea3 hai h\u01b0\u1edbng. \u0110i\u1ec1u n\u00e0y cho ph\u00e9p s\u1eed d\u1ee5ng xi lanh trong nhi\u1ec1u \u1ee9ng d\u1ee5ng kh\u00e1c nhau, bao g\u1ed3m n\u00e2ng v\u1eadt n\u1eb7ng, \u0111\u1ea9y v\u00e0 k\u00e9o v\u1eadt th\u1ec3, v.v.<\/p>\n<h3>\u1ee8ng d\u1ee5ng<\/h3>\n<p>\u1ed0ng tr\u1ee5 \u1ed1ng l\u1ed3ng ng\u01b0\u1ee3c \u0111\u01b0\u1ee3c s\u1eed d\u1ee5ng trong nhi\u1ec1u \u1ee9ng d\u1ee5ng c\u00f4ng nghi\u1ec7p, bao g\u1ed3m x\u00e2y d\u1ef1ng, n\u00f4ng nghi\u1ec7p v\u00e0 s\u1ea3n xu\u1ea5t. M\u1ed9t s\u1ed1 \u1ee9ng d\u1ee5ng ph\u1ed5 bi\u1ebfn bao g\u1ed3m:<\/p>\n<ul>\n<li>N\u00e2ng v\u00e0 h\u1ea1 v\u1eadt n\u1eb7ng<\/li>\n<li>Di chuy\u1ec3n c\u00e1c v\u1eadt th\u1ec3 l\u1edbn<\/li>\n<li>Thi\u1ebft b\u1ecb \u0111\u1ea9y v\u00e0 k\u00e9o<\/li>\n<li>Ki\u1ec3m so\u00e1t chuy\u1ec3n \u0111\u1ed9ng c\u1ee7a m\u00e1y m\u00f3c<\/li>\n<\/ul>\n<p>Nh\u1edd thi\u1ebft k\u1ebf \u0111\u1ed9c \u0111\u00e1o v\u00e0 t\u00ednh linh ho\u1ea1t, xi lanh \u1ed1ng l\u1ed3ng ng\u01b0\u1ee3c th\u01b0\u1eddng \u0111\u01b0\u1ee3c t\u00f9y ch\u1ec9nh \u0111\u1ec3 \u0111\u00e1p \u1ee9ng nhu c\u1ea7u c\u1ee5 th\u1ec3 c\u1ee7a t\u1eebng \u1ee9ng d\u1ee5ng. Vi\u1ec7c t\u00f9y ch\u1ec9nh n\u00e0y c\u00f3 th\u1ec3 bao g\u1ed3m \u0111i\u1ec1u ch\u1ec9nh k\u00edch th\u01b0\u1edbc, chi\u1ec1u d\u00e0i h\u00e0nh tr\u00ecnh v\u00e0 c\u00e1c th\u00f4ng s\u1ed1 quan tr\u1ecdng kh\u00e1c \u0111\u1ec3 \u0111\u1ea3m b\u1ea3o hi\u1ec7u su\u1ea5t t\u1ed1i \u01b0u trong t\u1eebng t\u00ecnh hu\u1ed1ng.<\/p>\n<h3>Thu\u1eadn l\u1ee3i<\/h3>\n<p>M\u1ed9t trong nh\u1eefng \u01b0u \u0111i\u1ec3m ch\u00ednh c\u1ee7a xi lanh \u1ed1ng l\u1ed3ng ng\u01b0\u1ee3c l\u00e0 thi\u1ebft k\u1ebf nh\u1ecf g\u1ecdn. Nh\u1edd kh\u1ea3 n\u0103ng t\u1ef1 thu g\u1ecdn, xi lanh chi\u1ebfm \u00edt kh\u00f4ng gian h\u01a1n so v\u1edbi xi lanh truy\u1ec1n th\u1ed1ng. \u0110i\u1ec1u n\u00e0y l\u00fd t\u01b0\u1edfng \u0111\u1ec3 s\u1eed d\u1ee5ng trong kh\u00f4ng gian ch\u1eadt h\u1eb9p ho\u1eb7c c\u00e1c \u1ee9ng d\u1ee5ng c\u00f3 kh\u00f4ng gian h\u1ea1n ch\u1ebf.<\/p>\n<p>Xi lanh \u1ed1ng l\u1ed3ng ng\u01b0\u1ee3c c\u0169ng c\u00f3 \u0111\u1ed9 b\u1ec1n cao v\u00e0 kh\u1ea3 n\u0103ng ch\u1ed1ng m\u00e0i m\u00f2n t\u1ed1t. \u0110i\u1ec1u n\u00e0y l\u00e0 do thi\u1ebft k\u1ebf \u0111\u1ed9c \u0111\u00e1o, cho ph\u00e9p ph\u00e2n b\u1ed5 t\u1ea3i tr\u1ecdng \u0111\u1ec1u kh\u1eafp xi lanh. \u0110i\u1ec1u n\u00e0y c\u00f3 ngh\u0129a l\u00e0 xi lanh \u00edt c\u00f3 kh\u1ea3 n\u0103ng b\u1ecb h\u1ecfng ho\u1eb7c h\u01b0 h\u1ecfng theo th\u1eddi gian, ngay c\u1ea3 khi \u0111\u01b0\u1ee3c s\u1eed d\u1ee5ng trong c\u00e1c \u1ee9ng d\u1ee5ng n\u1eb7ng.<\/p>\n<h3>Ph\u1ea7n k\u1ebft lu\u1eadn<\/h3>\n<p>Xi lanh th\u1ee7y l\u1ef1c d\u1ea1ng \u1ed1ng l\u1ed3ng ng\u01b0\u1ee3c l\u00e0 m\u1ed9t lo\u1ea1i xi lanh th\u1ee7y l\u1ef1c \u0111a n\u0103ng v\u00e0 hi\u1ec7u qu\u1ea3 cao, \u0111\u01b0\u1ee3c s\u1eed d\u1ee5ng trong nhi\u1ec1u \u1ee9ng d\u1ee5ng c\u00f4ng nghi\u1ec7p. V\u1edbi thi\u1ebft k\u1ebf \u0111\u1ed9c \u0111\u00e1o v\u00e0 kh\u1ea3 n\u0103ng t\u00f9y ch\u1ec9nh \u0111\u1ec3 \u0111\u00e1p \u1ee9ng c\u00e1c nhu c\u1ea7u c\u1ee5 th\u1ec3, \u0111\u00e2y l\u00e0 l\u1ef1a ch\u1ecdn l\u00fd t\u01b0\u1edfng cho nh\u1eefng ai \u0111ang t\u00ecm ki\u1ebfm m\u1ed9t gi\u1ea3i ph\u00e1p xi lanh th\u1ee7y l\u1ef1c \u0111\u00e1ng tin c\u1eady, b\u1ec1n b\u1ec9 v\u00e0 ti\u1ebft ki\u1ec7m chi ph\u00ed.<\/p>\n<h3>Gi\u1edbi thi\u1ec7u v\u1ec1 FMP \u2013 B\u00e1n v\u00e0 b\u1ea3o d\u01b0\u1ee1ng chuy\u00ean nghi\u1ec7p c\u00e1c b\u1ed9 ph\u1eadn m\u00e1y m\u00f3c x\u00e2y d\u1ef1ng v\u00e0 m\u00e1y m\u00f3c ho\u00e0n ch\u1ec9nh<\/h3>\n<p>FMP l\u00e0 m\u1ed9t c\u00f4ng ty h\u00e0ng \u0111\u1ea7u c\u00f3 tr\u1ee5 s\u1edf t\u1ea1i \u00dd, chuy\u00ean kinh doanh v\u00e0 b\u1ea3o tr\u00ec ph\u1ee5 t\u00f9ng m\u00e1y m\u00f3c x\u00e2y d\u1ef1ng v\u00e0 m\u00e1y m\u00f3c ho\u00e0n ch\u1ec9nh. V\u1edbi nhi\u1ec1u n\u0103m kinh nghi\u1ec7m trong ng\u00e0nh v\u00e0 \u0111\u1ed9i ng\u0169 chuy\u00ean nghi\u1ec7p, ch\u00fang t\u00f4i cung c\u1ea5p cho kh\u00e1ch h\u00e0ng c\u00e1c gi\u1ea3i ph\u00e1p ch\u1ea5t l\u01b0\u1ee3ng cao v\u00e0 \u0111\u00e1ng tin c\u1eady.<\/p>\n<h3>Xi lanh th\u1ee7y l\u1ef1c \u2013 S\u1ea3n ph\u1ea9m ch\u1ea5t l\u01b0\u1ee3ng h\u00e0ng \u0111\u1ea7u c\u1ee7a ch\u00fang t\u00f4i<\/h3>\n<p>M\u1ed9t trong nh\u1eefng s\u1ea3n ph\u1ea9m ch\u1ea5t l\u01b0\u1ee3ng h\u00e0ng \u0111\u1ea7u c\u1ee7a ch\u00fang t\u00f4i l\u00e0 Xi lanh th\u1ee7y l\u1ef1c. D\u01b0\u1edbi \u0111\u00e2y l\u00e0 m\u1ed9t s\u1ed1 l\u00fd do t\u1ea1i sao b\u1ea1n n\u00ean ch\u1ecdn FMP cho nhu c\u1ea7u xi lanh th\u1ee7y l\u1ef1c c\u1ee7a m\u00ecnh:<\/p>\n<ol>\n<li><strong>V\u1eadt li\u1ec7u ch\u1ea5t l\u01b0\u1ee3ng cao<\/strong>:Xi lanh th\u1ee7y l\u1ef1c c\u1ee7a ch\u00fang t\u00f4i \u0111\u01b0\u1ee3c l\u00e0m t\u1eeb v\u1eadt li\u1ec7u ch\u1ea5t l\u01b0\u1ee3ng cao \u0111\u1ec3 \u0111\u1ea3m b\u1ea3o \u0111\u1ed9 b\u1ec1n v\u00e0 \u0111\u1ed9 tin c\u1eady.<\/li>\n<li><strong>T\u00f9y ch\u1ecdn c\u00f3 th\u1ec3 t\u00f9y ch\u1ec9nh<\/strong>:Ch\u00fang t\u00f4i cung c\u1ea5p nhi\u1ec1u t\u00f9y ch\u1ecdn c\u00f3 th\u1ec3 t\u00f9y ch\u1ec9nh \u0111\u1ec3 \u0111\u00e1p \u1ee9ng nhu c\u1ea7u c\u1ee5 th\u1ec3 c\u1ee7a b\u1ea1n, bao g\u1ed3m c\u1ea3 xi lanh lo\u1ea1i ch\u1ed1t c\u00f3 th\u1ec3 \u0111i\u1ec1u ch\u1ec9nh nh\u01b0 b\u00ean d\u01b0\u1edbi.<\/li>\n<li><strong>T\u01b0 v\u1ea5n chuy\u00ean gia<\/strong>: \u0110\u1ed9i ng\u0169 b\u00e1n h\u00e0ng gi\u00e0u kinh nghi\u1ec7m c\u1ee7a ch\u00fang t\u00f4i am hi\u1ec3u xu h\u01b0\u1edbng ph\u00e1t tri\u1ec3n v\u00e0 nhu c\u1ea7u c\u1ee7a kh\u00e1ch h\u00e0ng trong ng\u00e0nh m\u00e1y m\u00f3c x\u00e2y d\u1ef1ng. H\u1ecd c\u00f3 th\u1ec3 t\u01b0 v\u1ea5n s\u1ea3n ph\u1ea9m chuy\u00ean nghi\u1ec7p v\u00e0 \u0111\u01b0a ra nh\u1eefng g\u1ee3i \u00fd mua h\u00e0ng th\u00f4ng minh.<\/li>\n<li><strong>H\u1ec7 th\u1ed1ng ph\u00e2n ph\u1ed1i h\u1eadu c\u1ea7n hi\u1ec7u qu\u1ea3<\/strong>:Ch\u00fang t\u00f4i c\u00f3 h\u1ec7 th\u1ed1ng ph\u00e2n ph\u1ed1i h\u1eadu c\u1ea7n hi\u1ec7u qu\u1ea3 \u0111\u1ec3 \u0111\u1ea3m b\u1ea3o kh\u00e1ch h\u00e0ng nh\u1eadn \u0111\u01b0\u1ee3c c\u00e1c b\u1ed9 ph\u1eadn c\u1ea7n thi\u1ebft m\u1ed9t c\u00e1ch k\u1ecbp th\u1eddi v\u00e0 ch\u00ednh x\u00e1c.<\/li>\n<li><strong>Ti\u00eau chu\u1ea9n ch\u1ea5t l\u01b0\u1ee3ng nghi\u00eam ng\u1eb7t<\/strong>:B\u1eb1ng c\u00e1ch thi\u1ebft l\u1eadp m\u1ed1i quan h\u1ec7 h\u1ee3p t\u00e1c l\u00e2u d\u00e0i v\u00e0 \u1ed5n \u0111\u1ecbnh v\u1edbi nhi\u1ec1u nh\u00e0 cung c\u1ea5p ch\u1ea5t l\u01b0\u1ee3ng cao trong v\u00e0 ngo\u00e0i n\u01b0\u1edbc, ch\u00fang t\u00f4i \u0111\u1ea3m b\u1ea3o r\u1eb1ng t\u1ea5t c\u1ea3 c\u00e1c b\u1ed9 ph\u1eadn \u0111\u01b0\u1ee3c cung c\u1ea5p \u0111\u1ec1u \u0111\u00e1p \u1ee9ng c\u00e1c ti\u00eau chu\u1ea9n ch\u1ea5t l\u01b0\u1ee3ng nghi\u00eam ng\u1eb7t.<\/li>\n<\/ol>\n<p>H\u00e3y ch\u1ecdn FMP cho nhu c\u1ea7u xi lanh th\u1ee7y l\u1ef1c c\u1ee7a b\u1ea1n v\u00e0 tr\u1ea3i nghi\u1ec7m s\u1ef1 kh\u00e1c bi\u1ec7t v\u1ec1 ch\u1ea5t l\u01b0\u1ee3ng v\u00e0 d\u1ecbch v\u1ee5.<\/p>\n<p><img decoding=\"async\" src=\"https:\/\/fmp-components.com\/wp-content\/uploads\/2024\/12\/Adjustable-Clevis-Type-Cylinders-6.webp\" alt=\"Xi lanh lo\u1ea1i Clevis c\u00f3 th\u1ec3 \u0111i\u1ec1u ch\u1ec9nh\" width=\"809\" title=\"\"><br \/>\nT\u00e1c gi\u1ea3: CX<\/p>","protected":false},"excerpt":{"rendered":"<p>Factory Customized Hydraulic Cylinder Double Acting Telescopic Hydraulic Cylinder For Sale The Factory Customized Hydraulic Cylinder is a high-quality product designed to meet the specific needs of various industries. It is a double-acting telescopic hydraulic cylinder that offers exceptional performance and reliability. With its advanced design and construction, this hydraulic cylinder provides smooth and precise [&hellip;]<\/p>","protected":false},"featured_media":1616,"comment_status":"closed","ping_status":"closed","template":"","meta":{"_et_pb_use_builder":"","_et_pb_old_content":"","_et_gb_content_width":""},"product_brand":[],"product_cat":[45],"product_tag":[34,48],"class_list":{"0":"post-1615","1":"product","2":"type-product","3":"status-publish","4":"has-post-thumbnail","6":"product_cat-inverted-telescopic-cylinder","7":"product_tag-hydraulic-cylinder","8":"product_tag-inverted-telescopic-cylinder","10":"first","11":"instock","12":"product-type-simple"},"_links":{"self":[{"href":"https:\/\/fmp-components.com\/vi\/wp-json\/wp\/v2\/product\/1615","targetHints":{"allow":["GET"]}}],"collection":[{"href":"https:\/\/fmp-components.com\/vi\/wp-json\/wp\/v2\/product"}],"about":[{"href":"https:\/\/fmp-components.com\/vi\/wp-json\/wp\/v2\/types\/product"}],"replies":[{"embeddable":true,"href":"https:\/\/fmp-components.com\/vi\/wp-json\/wp\/v2\/comments?post=1615"}],"wp:featuredmedia":[{"embeddable":true,"href":"https:\/\/fmp-components.com\/vi\/wp-json\/wp\/v2\/media\/1616"}],"wp:attachment":[{"href":"https:\/\/fmp-components.com\/vi\/wp-json\/wp\/v2\/media?parent=1615"}],"wp:term":[{"taxonomy":"product_brand","embeddable":true,"href":"https:\/\/fmp-components.com\/vi\/wp-json\/wp\/v2\/product_brand?post=1615"},{"taxonomy":"product_cat","embeddable":true,"href":"https:\/\/fmp-components.com\/vi\/wp-json\/wp\/v2\/product_cat?post=1615"},{"taxonomy":"product_tag","embeddable":true,"href":"https:\/\/fmp-components.com\/vi\/wp-json\/wp\/v2\/product_tag?post=1615"}],"curies":[{"name":"wp","href":"https:\/\/api.w.org\/{rel}","templated":true}]}}