{"id":1613,"date":"2024-12-23T06:59:20","date_gmt":"2024-12-23T06:59:20","guid":{"rendered":"https:\/\/fmp-components.com\/product\/factory-serving-small-dump-truck-double-acting-hydraulic-cylinder\/"},"modified":"2024-12-23T08:23:17","modified_gmt":"2024-12-23T08:23:17","slug":"factory-serving-small-dump-truck-double-acting-hydraulic-cylinder","status":"publish","type":"product","link":"https:\/\/fmp-components.com\/vi\/product\/factory-serving-small-dump-truck-double-acting-hydraulic-cylinder\/","title":{"rendered":"Nh\u00e0 m\u00e1y cung c\u1ea5p xi lanh th\u1ee7y l\u1ef1c t\u00e1c \u0111\u1ed9ng k\u00e9p cho xe ben nh\u1ecf"},"content":{"rendered":"<h2>Gi\u1edbi thi\u1ec7u v\u1ec1 Nh\u00e0 m\u00e1y ph\u1ee5c v\u1ee5 Xe ben nh\u1ecf Xi lanh th\u1ee7y l\u1ef1c t\u00e1c \u0111\u1ed9ng k\u00e9p<\/h2>\n<p>Xi lanh th\u1ee7y l\u1ef1c t\u00e1c \u0111\u1ed9ng k\u00e9p c\u1ee7a Factory Serving Small Bezel Truck l\u00e0 m\u1ed9t linh ki\u1ec7n ch\u1ea5t l\u01b0\u1ee3ng cao v\u00e0 \u0111a n\u0103ng \u0111\u01b0\u1ee3c thi\u1ebft k\u1ebf d\u00e0nh ri\u00eang cho xe ben c\u1ee1 nh\u1ecf. V\u1edbi c\u00e1c t\u00ednh n\u0103ng ti\u00ean ti\u1ebfn v\u00e0 hi\u1ec7u su\u1ea5t \u0111\u00e1ng tin c\u1eady, xi lanh th\u1ee7y l\u1ef1c n\u00e0y l\u00e0 m\u1ed9t b\u1ed9 ph\u1eadn thi\u1ebft y\u1ebfu c\u1ee7a b\u1ea5t k\u1ef3 h\u1ec7 th\u1ed1ng xe ben n\u00e0o.<\/p>\n<p>M\u1ed9t trong nh\u1eefng \u0111i\u1ec3m n\u1ed5i b\u1eadt c\u1ee7a xi lanh th\u1ee7y l\u1ef1c n\u00e0y l\u00e0 ch\u1ee9c n\u0103ng t\u00e1c \u0111\u1ed9ng k\u00e9p. \u0110i\u1ec1u n\u00e0y c\u00f3 ngh\u0129a l\u00e0 n\u00f3 c\u00f3 th\u1ec3 t\u1ea1o l\u1ef1c theo c\u1ea3 hai h\u01b0\u1edbng, cho ph\u00e9p ki\u1ec3m so\u00e1t chuy\u1ec3n \u0111\u1ed9ng c\u1ee7a xe ben m\u1ed9t c\u00e1ch hi\u1ec7u qu\u1ea3 v\u00e0 ch\u00ednh x\u00e1c. D\u00f9 n\u00e2ng hay h\u1ea1 th\u00f9ng xe, xi lanh n\u00e0y \u0111\u1ec1u \u0111\u1ea3m b\u1ea3o ho\u1ea1t \u0111\u1ed9ng tr\u01a1n tru v\u00e0 \u0111\u00e1ng tin c\u1eady.<\/p>\n<p>\u0110\u01b0\u1ee3c ch\u1ebf t\u1ea1o \u0111\u1ec3 ch\u1ecbu \u0111\u01b0\u1ee3c c\u00e1c \u0111i\u1ec1u ki\u1ec7n kh\u1eafc nghi\u1ec7t, xi lanh th\u1ee7y l\u1ef1c n\u00e0y \u0111\u01b0\u1ee3c l\u00e0m t\u1eeb v\u1eadt li\u1ec7u b\u1ec1n b\u1ec9 v\u00e0 tr\u1ea3i qua qu\u00e1 tr\u00ecnh ki\u1ec3m tra nghi\u00eam ng\u1eb7t \u0111\u1ec3 \u0111\u1ea3m b\u1ea3o \u0111\u1ed9 b\u1ec1n v\u00e0 tu\u1ed5i th\u1ecd. N\u00f3 c\u00f3 th\u1ec3 ch\u1ecbu \u0111\u01b0\u1ee3c t\u1ea3i tr\u1ecdng n\u1eb7ng v\u00e0 ho\u1ea1t \u0111\u1ed9ng ho\u00e0n h\u1ea3o ngay c\u1ea3 trong nh\u1eefng m\u00f4i tr\u01b0\u1eddng kh\u1eafc nghi\u1ec7t.<\/p>\n<p>Xy lanh th\u1ee7y l\u1ef1c t\u00e1c \u0111\u1ed9ng k\u00e9p d\u00e0nh cho xe ben c\u1ee1 nh\u1ecf c\u1ee7a Factory Serving \u0111\u01b0\u1ee3c thi\u1ebft k\u1ebf ch\u00fa tr\u1ecdng \u0111\u1ebfn an to\u00e0n. S\u1ea3n ph\u1ea9m t\u00edch h\u1ee3p c\u00e1c t\u00ednh n\u0103ng ti\u00ean ti\u1ebfn nh\u01b0 van gi\u1ea3m \u00e1p v\u00e0 ph\u1edbt ch\u1eb7n \u0111\u1ec3 ng\u0103n r\u00f2 r\u1ec9 v\u00e0 duy tr\u00ec hi\u1ec7u su\u1ea5t t\u1ed1i \u01b0u. C\u1ea5u tr\u00fac ch\u1eafc ch\u1eafn v\u00e0 c\u01a1 ch\u1ebf l\u00e0m k\u00edn \u0111\u00e1ng tin c\u1eady \u0111\u1ea3m b\u1ea3o gi\u1ea3m thi\u1ec3u th\u1eddi gian b\u1ea3o tr\u00ec v\u00e0 th\u1eddi gian ch\u1ebft, t\u1ed1i \u0111a h\u00f3a n\u0103ng su\u1ea5t.<\/p>\n<p>V\u1edbi k\u00edch th\u01b0\u1edbc nh\u1ecf g\u1ecdn, xi lanh th\u1ee7y l\u1ef1c n\u00e0y \u0111\u01b0\u1ee3c thi\u1ebft k\u1ebf ri\u00eang cho xe ben c\u1ee1 nh\u1ecf. T\u1ef7 l\u1ec7 c\u00f4ng su\u1ea5t\/k\u00edch th\u01b0\u1edbc tuy\u1ec7t v\u1eddi c\u1ee7a n\u00f3 cho ph\u00e9p t\u1eadn d\u1ee5ng kh\u00f4ng gian hi\u1ec7u qu\u1ea3 trong h\u1ec7 th\u1ed1ng th\u1ee7y l\u1ef1c c\u1ee7a xe. \u0110i\u1ec1u n\u00e0y kh\u00f4ng ch\u1ec9 n\u00e2ng cao hi\u1ec7u su\u1ea5t t\u1ed5ng th\u1ec3 c\u1ee7a xe ben m\u00e0 c\u00f2n g\u00f3p ph\u1ea7n ti\u1ebft ki\u1ec7m nhi\u00ean li\u1ec7u.<\/p>\n<p>T\u00f3m l\u1ea1i, Xy lanh th\u1ee7y l\u1ef1c t\u00e1c \u0111\u1ed9ng k\u00e9p d\u00e0nh cho xe ben c\u1ee1 nh\u1ecf Factory Serving l\u00e0 m\u1ed9t s\u1ea3n ph\u1ea9m h\u00e0ng \u0111\u1ea7u, mang l\u1ea1i hi\u1ec7u su\u1ea5t v\u01b0\u1ee3t tr\u1ed9i cho xe ben c\u1ee1 nh\u1ecf. Ch\u1ee9c n\u0103ng t\u00e1c \u0111\u1ed9ng k\u00e9p, \u0111\u1ed9 b\u1ec1n v\u00e0 c\u00e1c t\u00ednh n\u0103ng an to\u00e0n c\u1ee7a n\u00f3 khi\u1ebfn n\u00f3 tr\u1edf th\u00e0nh l\u1ef1a ch\u1ecdn l\u00fd t\u01b0\u1edfng \u0111\u1ec3 n\u00e2ng cao hi\u1ec7u qu\u1ea3 v\u00e0 n\u0103ng su\u1ea5t v\u1eadn h\u00e0nh xe ben.<\/p>\n<h2>\u0110\u1eb7c \u0111i\u1ec3m c\u1ee7a xi lanh th\u1ee7y l\u1ef1c t\u00e1c \u0111\u1ed9ng k\u00e9p<\/h2>\n<ul>\n<li>Xi lanh piston th\u1ee7y l\u1ef1c ti\u00eau chu\u1ea9n cho hi\u1ec7u su\u1ea5t t\u1ed1i \u01b0u<\/li>\n<li>V\u1eadt li\u1ec7u th\u00e2n th\u00e9p t\u0103ng c\u01b0\u1eddng \u0111\u1ed9 b\u1ec1n<\/li>\n<li>L\u1ef1c \u0111\u1ea9y t\u1ed1i \u0111a 3000 v\u00e0 l\u1ef1c k\u00e9o t\u1ed1i \u0111a 20 t\u1ea5n cho c\u00e1c ho\u1ea1t \u0111\u1ed9ng h\u1ea1ng n\u1eb7ng<\/li>\n<li>Nhi\u1ec1u k\u00edch c\u1ee1 kh\u00e1c nhau cho l\u1ed7 khoan, thanh truy\u1ec1n, h\u00e0nh tr\u00ecnh v\u00e0 ch\u1ed1t \u0111\u1ec3 ph\u00f9 h\u1ee3p v\u1edbi c\u00e1c y\u00eau c\u1ea7u kh\u00e1c nhau<\/li>\n<li>\u0110\u01b0\u1ee3c ch\u1ee9ng nh\u1eadn ISO9001:2000, \u0111\u1ea3m b\u1ea3o ch\u1ea5t l\u01b0\u1ee3ng v\u00e0 \u0111\u1ed9 tin c\u1eady<\/li>\n<\/ul>\n<p><img decoding=\"async\" src=\"https:\/\/hzpt.com\/wp-content\/uploads\/2023\/11\/Inverted-Telescopic-Cylinder-15.webp\" alt=\"\" title=\"\"><\/p>\n<h2>\u1ee8ng d\u1ee5ng c\u1ee7a xi lanh th\u1ee7y l\u1ef1c t\u00e1c \u0111\u1ed9ng k\u00e9p<\/h2>\n<p>Xi lanh th\u1ee7y l\u1ef1c t\u00e1c \u0111\u1ed9ng k\u00e9p l\u00e0 thi\u1ebft b\u1ecb \u0111a n\u0103ng th\u01b0\u1eddng \u0111\u01b0\u1ee3c s\u1eed d\u1ee5ng trong nhi\u1ec1u \u1ee9ng d\u1ee5ng kh\u00e1c nhau, \u0111\u00f2i h\u1ecfi chuy\u1ec3n \u0111\u1ed9ng tuy\u1ebfn t\u00ednh v\u00e0 l\u1ef1c \u0111\u01b0\u1ee3c ki\u1ec3m so\u00e1t. Ch\u00fang ho\u1ea1t \u0111\u1ed9ng b\u1eb1ng \u00e1p su\u1ea5t th\u1ee7y l\u1ef1c \u0111\u1ec3 di chuy\u1ec3n piston qua l\u1ea1i trong xi lanh, t\u1ea1o l\u1ef1c theo c\u1ea3 hai h\u01b0\u1edbng. D\u01b0\u1edbi \u0111\u00e2y l\u00e0 m\u1ed9t s\u1ed1 \u1ee9ng d\u1ee5ng th\u01b0\u1eddng xuy\u00ean s\u1eed d\u1ee5ng xi lanh th\u1ee7y l\u1ef1c t\u00e1c \u0111\u1ed9ng k\u00e9p:<\/p>\n<h3>Thi\u1ebft b\u1ecb x\u00e2y d\u1ef1ng<\/h3>\n<p>Xi lanh th\u1ee7y l\u1ef1c t\u00e1c \u0111\u1ed9ng k\u00e9p \u0111\u01b0\u1ee3c s\u1eed d\u1ee5ng r\u1ed9ng r\u00e3i trong c\u00e1c m\u00e1y m\u00f3c x\u00e2y d\u1ef1ng nh\u01b0 m\u00e1y \u0111\u00e0o, m\u00e1y x\u00fac, m\u00e1y \u1ee7i v\u00e0 c\u1ea7n c\u1ea9u. Ch\u00fang h\u1ed7 tr\u1ee3 c\u00e1c nhi\u1ec7m v\u1ee5 nh\u01b0 n\u00e2ng, \u0111\u1ea9y, \u0111\u00e0o v\u00e0 di chuy\u1ec3n v\u1eadt n\u1eb7ng, cung c\u1ea5p l\u1ef1c c\u1ea7n thi\u1ebft cho c\u00e1c ho\u1ea1t \u0111\u1ed9ng n\u00e0y.<\/p>\n<h3>M\u00e1y m\u00f3c c\u00f4ng nghi\u1ec7p<\/h3>\n<p>Xi lanh th\u1ee7y l\u1ef1c \u0111\u01b0\u1ee3c \u1ee9ng d\u1ee5ng trong nhi\u1ec1u lo\u1ea1i m\u00e1y m\u00f3c c\u00f4ng nghi\u1ec7p. Ch\u00fang \u0111\u01b0\u1ee3c s\u1eed d\u1ee5ng trong m\u00e1y \u00e9p, thi\u1ebft b\u1ecb ch\u1ebf t\u1ea1o kim lo\u1ea1i, h\u1ec7 th\u1ed1ng x\u1eed l\u00fd v\u1eadt li\u1ec7u v\u00e0 m\u00e1y c\u00f4ng c\u1ee5 \u0111\u1ec3 cung c\u1ea5p l\u1ef1c \u0111i\u1ec1u khi\u1ec3n cho c\u00e1c quy tr\u00ecnh u\u1ed1n, c\u1eaft, \u0111\u1ed9t, t\u1ea1o h\u00ecnh v\u00e0 c\u00e1c quy tr\u00ecnh s\u1ea3n xu\u1ea5t kh\u00e1c.<\/p>\n<h3>M\u00e1y m\u00f3c n\u00f4ng nghi\u1ec7p<\/h3>\n<p>Xi lanh th\u1ee7y l\u1ef1c \u0111\u00f3ng vai tr\u00f2 quan tr\u1ecdng trong c\u00e1c thi\u1ebft b\u1ecb n\u00f4ng nghi\u1ec7p nh\u01b0 m\u00e1y k\u00e9o, m\u00e1y g\u1eb7t v\u00e0 m\u00e1y phun thu\u1ed1c. C\u00e1c xi lanh n\u00e0y \u0111\u01b0\u1ee3c s\u1eed d\u1ee5ng cho nhi\u1ec1u ch\u1ee9c n\u0103ng kh\u00e1c nhau, bao g\u1ed3m v\u1eadn h\u00e0nh c\u00e1nh tay v\u00e0 c\u00e1c ph\u1ee5 ki\u1ec7n, \u0111i\u1ec1u khi\u1ec3n d\u1ee5ng c\u1ee5, \u0111i\u1ec1u ch\u1ec9nh \u0111\u1ed9 cao v\u00e0 g\u00f3c c\u1ee7a thi\u1ebft b\u1ecb, v\u00e0 h\u1ed7 tr\u1ee3 c\u01a1 c\u1ea5u l\u00e1i.<\/p>\n<p><img decoding=\"async\" src=\"https:\/\/hzpt.com\/wp-content\/uploads\/2023\/11\/Inverted-Telescopic-Cylinder-Applications.webp\" alt=\"\u1ee8ng d\u1ee5ng c\u1ee7a xi lanh \u1ed1ng l\u1ed3ng ng\u01b0\u1ee3c\" title=\"\"><\/p>\n<h2>Nguy\u00ean l\u00fd ho\u1ea1t \u0111\u1ed9ng v\u00e0 ph\u01b0\u01a1ng ph\u00e1p b\u1ea3o tr\u00ec<\/h2>\n<ul>\n<li>Ki\u1ec3m tra th\u01b0\u1eddng xuy\u00ean: Ki\u1ec3m tra th\u01b0\u1eddng xuy\u00ean \u0111\u1ea3m b\u1ea3o xi lanh ho\u1ea1t \u0111\u1ed9ng b\u00ecnh th\u01b0\u1eddng v\u00e0 gi\u00fap ph\u00e1t hi\u1ec7n s\u1edbm m\u1ecdi v\u1ea5n \u0111\u1ec1 ti\u1ec1m \u1ea9n.<\/li>\n<li>V\u1ec7 sinh: V\u1ec7 sinh th\u01b0\u1eddng xuy\u00ean gi\u00fap ng\u0103n ng\u1eeba b\u1ee5i b\u1ea9n t\u00edch t\u1ee5 c\u00f3 th\u1ec3 \u1ea3nh h\u01b0\u1edfng \u0111\u1ebfn hi\u1ec7u su\u1ea5t c\u1ee7a xi lanh.<\/li>\n<li>B\u00f4i tr\u01a1n: B\u00f4i tr\u01a1n \u0111\u00fang c\u00e1ch gi\u00fap ho\u1ea1t \u0111\u1ed9ng tr\u01a1n tru v\u00e0 gi\u1ea3m hao m\u00f2n.<\/li>\n<li>Ki\u1ec3m tra v\u00e0 s\u1eeda ch\u1eefa th\u01b0\u1eddng xuy\u00ean: B\u1ea3o tr\u00ec th\u01b0\u1eddng xuy\u00ean gi\u00fap k\u00e9o d\u00e0i tu\u1ed5i th\u1ecd c\u1ee7a xi lanh.<\/li>\n<li>Thay th\u1ebf ph\u1edbt: Thay th\u1ebf ph\u1edbt k\u1ecbp th\u1eddi gi\u00fap ng\u0103n ng\u1eeba r\u00f2 r\u1ec9 v\u00e0 duy tr\u00ec hi\u1ec7u su\u1ea5t c\u1ee7a xi lanh.<\/li>\n<\/ul>\n<p><img decoding=\"async\" src=\"https:\/\/hzpt.com\/wp-content\/uploads\/2023\/11\/Inverted-Telescopic-Cylinder-14.webp\" alt=\"\" title=\"\"><\/p>\n<h2>H\u00ecnh tr\u1ee5 \u1ed1ng l\u1ed3ng ng\u01b0\u1ee3c<\/h2>\n<h3>Gi\u1edbi thi\u1ec7u<\/h3>\n<p>Xi lanh th\u1ee7y l\u1ef1c \u1ed1ng l\u1ed3ng ng\u01b0\u1ee3c l\u00e0 m\u1ed9t lo\u1ea1i xi lanh th\u1ee7y l\u1ef1c \u0111\u01b0\u1ee3c s\u1eed d\u1ee5ng trong nhi\u1ec1u \u1ee9ng d\u1ee5ng c\u00f4ng nghi\u1ec7p kh\u00e1c nhau. \u0110\u00e2y l\u00e0 xi lanh th\u1ee7y l\u1ef1c t\u00e1c \u0111\u1ed9ng k\u00e9p \u0111\u01b0\u1ee3c thi\u1ebft k\u1ebf \u0111\u1ec3 s\u1eed d\u1ee5ng trong c\u00e1c \u1ee9ng d\u1ee5ng c\u00f3 kh\u00f4ng gian h\u1ea1n ch\u1ebf. Xi lanh \u0111\u01b0\u1ee3c c\u1ea5u t\u1ea1o t\u1eeb m\u1ed9t lo\u1ea1t c\u00e1c \u1ed1ng \u0111\u1ed3ng t\u00e2m l\u1ed3ng v\u00e0o nhau. \u1ed0ng ngo\u00e0i c\u1ed1 \u0111\u1ecbnh, trong khi \u1ed1ng trong di chuy\u1ec3n ra v\u00e0o \u1ed1ng ngo\u00e0i. Xi lanh th\u01b0\u1eddng \u0111\u01b0\u1ee3c s\u1eed d\u1ee5ng trong xe ben nh\u1ecf, thi\u1ebft b\u1ecb nh\u00e0 m\u00e1y v\u00e0 c\u00e1c lo\u1ea1i m\u00e1y m\u00f3c kh\u00e1c.<\/p>\n<h3>\u0110\u1eb7c \u0111i\u1ec3m c\u1ee7a xi lanh \u1ed1ng l\u1ed3ng ng\u01b0\u1ee3c<\/h3>\n<p>\u1ed0ng tr\u1ee5 \u1ed1ng l\u1ed3ng ng\u01b0\u1ee3c \u0111\u01b0\u1ee3c thi\u1ebft k\u1ebf v\u1edbi nhi\u1ec1u t\u00ednh n\u0103ng l\u00fd t\u01b0\u1edfng \u0111\u1ec3 s\u1eed d\u1ee5ng trong nhi\u1ec1u \u1ee9ng d\u1ee5ng c\u00f4ng nghi\u1ec7p kh\u00e1c nhau. M\u1ed9t s\u1ed1 t\u00ednh n\u0103ng bao g\u1ed3m:<\/p>\n<ul>\n<li>Thi\u1ebft k\u1ebf nh\u1ecf g\u1ecdn gi\u00fap d\u1ec5 d\u00e0ng l\u1eafp \u0111\u1eb7t \u1edf nh\u1eefng kh\u00f4ng gian ch\u1eadt h\u1eb9p<\/li>\n<li>Xi lanh t\u00e1c \u0111\u1ed9ng k\u00e9p cung c\u1ea5p chuy\u1ec3n \u0111\u1ed9ng tr\u01a1n tru v\u00e0 \u0111\u01b0\u1ee3c ki\u1ec3m so\u00e1t theo c\u1ea3 hai h\u01b0\u1edbng<\/li>\n<li>\u0110\u1ed9 b\u1ec1n cao v\u00e0 ch\u1ed1ng m\u00e0i m\u00f2n<\/li>\n<li>S\u1eed d\u1ee5ng ch\u1ea5t l\u1ecfng th\u1ee7y l\u1ef1c hi\u1ec7u qu\u1ea3, gi\u00fap gi\u1ea3m chi ph\u00ed v\u1eadn h\u00e0nh<\/li>\n<li>D\u1ec5 b\u1ea3o tr\u00ec v\u00e0 s\u1eeda ch\u1eefa, gi\u00fap gi\u1ea3m th\u1eddi gian ch\u1ebft v\u00e0 chi ph\u00ed s\u1eeda ch\u1eefa<\/li>\n<\/ul>\n<h3>\u1ee8ng d\u1ee5ng c\u1ee7a xi lanh \u1ed1ng l\u1ed3ng ng\u01b0\u1ee3c<\/h3>\n<p>Xi lanh \u1ed1ng l\u1ed3ng ng\u01b0\u1ee3c th\u01b0\u1eddng \u0111\u01b0\u1ee3c s\u1eed d\u1ee5ng trong nhi\u1ec1u \u1ee9ng d\u1ee5ng c\u00f4ng nghi\u1ec7p kh\u00e1c nhau. M\u1ed9t s\u1ed1 \u1ee9ng d\u1ee5ng ph\u1ed5 bi\u1ebfn nh\u1ea5t bao g\u1ed3m:<\/p>\n<ol>\n<li>Xe ben nh\u1ecf \u2013 Xi lanh \u0111\u01b0\u1ee3c s\u1eed d\u1ee5ng \u0111\u1ec3 n\u00e2ng v\u00e0 h\u1ea1 th\u00f9ng ben c\u1ee7a xe ben nh\u1ecf. Thi\u1ebft k\u1ebf nh\u1ecf g\u1ecdn c\u1ee7a xi lanh khi\u1ebfn n\u00f3 tr\u1edf n\u00ean l\u00fd t\u01b0\u1edfng \u0111\u1ec3 s\u1eed d\u1ee5ng tr\u00ean c\u00e1c lo\u1ea1i xe n\u00e0y.<\/li>\n<li>Thi\u1ebft b\u1ecb nh\u00e0 m\u00e1y \u2013 Xi lanh \u0111\u01b0\u1ee3c s\u1eed d\u1ee5ng trong nhi\u1ec1u thi\u1ebft b\u1ecb nh\u00e0 m\u00e1y, ch\u1eb3ng h\u1ea1n nh\u01b0 h\u1ec7 th\u1ed1ng b\u0103ng t\u1ea3i, b\u00e0n n\u00e2ng v\u00e0 m\u00e1y \u0111\u00f3ng g\u00f3i. Chuy\u1ec3n \u0111\u1ed9ng tr\u01a1n tru v\u00e0 c\u00f3 ki\u1ec3m so\u00e1t c\u1ee7a xi lanh khi\u1ebfn n\u00f3 tr\u1edf n\u00ean l\u00fd t\u01b0\u1edfng \u0111\u1ec3 s\u1eed d\u1ee5ng trong c\u00e1c \u1ee9ng d\u1ee5ng n\u00e0y.<\/li>\n<li>Thi\u1ebft b\u1ecb x\u00e2y d\u1ef1ng \u2013 Xi lanh \u0111\u01b0\u1ee3c s\u1eed d\u1ee5ng trong nhi\u1ec1u lo\u1ea1i thi\u1ebft b\u1ecb x\u00e2y d\u1ef1ng, ch\u1eb3ng h\u1ea1n nh\u01b0 m\u00e1y \u0111\u00e0o, m\u00e1y x\u00fac l\u1eadt v\u00e0 c\u1ea7n c\u1ea9u. \u0110\u1ed9 b\u1ec1n v\u00e0 kh\u1ea3 n\u0103ng ch\u1ed1ng m\u00e0i m\u00f2n c\u1ee7a xi lanh khi\u1ebfn n\u00f3 tr\u1edf n\u00ean l\u00fd t\u01b0\u1edfng \u0111\u1ec3 s\u1eed d\u1ee5ng trong c\u00e1c \u1ee9ng d\u1ee5ng n\u00e0y.<\/li>\n<li>Thi\u1ebft b\u1ecb x\u1eed l\u00fd v\u1eadt li\u1ec7u \u2013 Xi lanh \u0111\u01b0\u1ee3c s\u1eed d\u1ee5ng trong nhi\u1ec1u thi\u1ebft b\u1ecb x\u1eed l\u00fd v\u1eadt li\u1ec7u kh\u00e1c nhau, ch\u1eb3ng h\u1ea1n nh\u01b0 xe n\u00e2ng, xe n\u00e2ng pallet v\u00e0 xe n\u00e2ng c\u1eaft k\u00e9o. Kh\u1ea3 n\u0103ng s\u1eed d\u1ee5ng hi\u1ec7u qu\u1ea3 ch\u1ea5t l\u1ecfng th\u1ee7y l\u1ef1c c\u1ee7a xi lanh khi\u1ebfn n\u00f3 tr\u1edf n\u00ean l\u00fd t\u01b0\u1edfng \u0111\u1ec3 s\u1eed d\u1ee5ng trong c\u00e1c \u1ee9ng d\u1ee5ng n\u00e0y.<\/li>\n<\/ol>\n<p>Xi lanh th\u1ee7y l\u1ef1c d\u1ea1ng \u1ed1ng l\u1ed3ng \u0111\u1ea3o ng\u01b0\u1ee3c (IVF) l\u00e0 m\u1ed9t lo\u1ea1i xi lanh th\u1ee7y l\u1ef1c \u0111a n\u0103ng v\u00e0 hi\u1ec7u qu\u1ea3 cao, \u0111\u01b0\u1ee3c s\u1eed d\u1ee5ng trong nhi\u1ec1u \u1ee9ng d\u1ee5ng c\u00f4ng nghi\u1ec7p. Thi\u1ebft k\u1ebf nh\u1ecf g\u1ecdn, xi lanh t\u00e1c \u0111\u1ed9ng k\u00e9p, \u0111\u1ed9 b\u1ec1n cao v\u00e0 kh\u1ea3 n\u0103ng s\u1eed d\u1ee5ng d\u1ea7u th\u1ee7y l\u1ef1c hi\u1ec7u qu\u1ea3 khi\u1ebfn n\u00f3 tr\u1edf n\u00ean l\u00fd t\u01b0\u1edfng \u0111\u1ec3 s\u1eed d\u1ee5ng trong xe ben nh\u1ecf, thi\u1ebft b\u1ecb nh\u00e0 m\u00e1y, thi\u1ebft b\u1ecb x\u00e2y d\u1ef1ng v\u00e0 thi\u1ebft b\u1ecb x\u1eed l\u00fd v\u1eadt li\u1ec7u. N\u1ebfu b\u1ea1n \u0111ang t\u00ecm ki\u1ebfm m\u1ed9t lo\u1ea1i xi lanh th\u1ee7y l\u1ef1c \u0111\u00e1ng tin c\u1eady v\u00e0 hi\u1ec7u qu\u1ea3 cho \u1ee9ng d\u1ee5ng c\u00f4ng nghi\u1ec7p c\u1ee7a m\u00ecnh, Xi lanh th\u1ee7y l\u1ef1c d\u1ea1ng \u1ed1ng l\u1ed3ng \u0111\u1ea3o ng\u01b0\u1ee3c l\u00e0 m\u1ed9t l\u1ef1a ch\u1ecdn tuy\u1ec7t v\u1eddi. V\u1edbi c\u00e1c t\u00ednh n\u0103ng ti\u00ean ti\u1ebfn v\u00e0 hi\u1ec7u su\u1ea5t cao, s\u1ea3n ph\u1ea9m ch\u1eafc ch\u1eafn s\u1ebd \u0111\u00e1p \u1ee9ng nhu c\u1ea7u v\u00e0 y\u00eau c\u1ea7u c\u1ee5 th\u1ec3 c\u1ee7a b\u1ea1n.<\/p>\n<h3>Gi\u1edbi thi\u1ec7u v\u1ec1 FMP<\/h3>\n<p><img decoding=\"async\" src=\"https:\/\/fmp-components.com\/wp-content\/uploads\/2024\/12\/Adjustable-Clevis-Type-Cylinders-6.webp\" alt=\"Xi lanh lo\u1ea1i Clevis c\u00f3 th\u1ec3 \u0111i\u1ec1u ch\u1ec9nh\" width=\"808\" title=\"\"><\/p>\n<p>FMP l\u00e0 c\u00f4ng ty h\u00e0ng \u0111\u1ea7u chuy\u00ean s\u1ea3n xu\u1ea5t v\u00e0 kinh doanh xi lanh th\u1ee7y l\u1ef1c. V\u1edbi nhi\u1ec1u n\u0103m kinh nghi\u1ec7m trong ng\u00e0nh v\u00e0 \u0111\u1ed9i ng\u0169 chuy\u00ean nghi\u1ec7p, ch\u00fang t\u00f4i cam k\u1ebft cung c\u1ea5p cho kh\u00e1ch h\u00e0ng nh\u1eefng xi lanh th\u1ee7y l\u1ef1c ch\u1ea5t l\u01b0\u1ee3ng cao v\u00e0 \u0111\u00e1ng tin c\u1eady cho nhi\u1ec1u \u1ee9ng d\u1ee5ng kh\u00e1c nhau trong ng\u00e0nh m\u00e1y m\u00f3c x\u00e2y d\u1ef1ng.<\/p>\n<p>1. \u0110a d\u1ea1ng s\u1ea3n ph\u1ea9m: Ch\u00fang t\u00f4i cung c\u1ea5p \u0111a d\u1ea1ng c\u00e1c lo\u1ea1i xi lanh th\u1ee7y l\u1ef1c, bao g\u1ed3m xi lanh ki\u1ec3u ch\u1ed1t \u0111i\u1ec1u ch\u1ec9nh, xi lanh \u1ed1ng l\u1ed3ng, xi lanh h\u00e0n, xi lanh thanh gi\u1eb1ng, v.v. D\u00f9 nhu c\u1ea7u c\u1ee5 th\u1ec3 c\u1ee7a b\u1ea1n l\u00e0 g\u00ec, ch\u00fang t\u00f4i \u0111\u1ec1u c\u00f3 gi\u1ea3i ph\u00e1p xi lanh th\u1ee7y l\u1ef1c ph\u00f9 h\u1ee3p.<\/p>\n<p>2. Ch\u1ea5t l\u01b0\u1ee3ng v\u01b0\u1ee3t tr\u1ed9i: T\u1ea1i FMP, ch\u00fang t\u00f4i \u01b0u ti\u00ean ch\u1ea5t l\u01b0\u1ee3ng v\u00e0 \u0111\u1ea3m b\u1ea3o t\u1ea5t c\u1ea3 xi lanh th\u1ee7y l\u1ef1c c\u1ee7a ch\u00fang t\u00f4i \u0111\u1ec1u \u0111\u00e1p \u1ee9ng c\u00e1c ti\u00eau chu\u1ea9n ch\u1ea5t l\u01b0\u1ee3ng nghi\u00eam ng\u1eb7t. Ch\u00fang t\u00f4i \u0111\u00e3 thi\u1ebft l\u1eadp m\u1ed1i quan h\u1ec7 l\u00e2u d\u00e0i v\u00e0 \u1ed5n \u0111\u1ecbnh v\u1edbi c\u00e1c nh\u00e0 cung c\u1ea5p ch\u1ea5t l\u01b0\u1ee3ng cao, c\u1ea3 trong n\u01b0\u1edbc v\u00e0 qu\u1ed1c t\u1ebf, \u0111\u1ec3 \u0111\u1ea3m b\u1ea3o \u0111\u1ed9 b\u1ec1n v\u00e0 hi\u1ec7u su\u1ea5t c\u1ee7a s\u1ea3n ph\u1ea9m.<\/p>\n<p>3. \u0110\u1ed9i ng\u0169 b\u00e1n h\u00e0ng chuy\u00ean nghi\u1ec7p: \u0110\u1ed9i ng\u0169 b\u00e1n h\u00e0ng gi\u00e0u kinh nghi\u1ec7m v\u00e0 k\u1ef9 n\u0103ng c\u1ee7a ch\u00fang t\u00f4i am hi\u1ec3u c\u00e1c xu h\u01b0\u1edbng m\u1edbi nh\u1ea5t trong ng\u00e0nh v\u00e0 nhu c\u1ea7u c\u1ee7a kh\u00e1ch h\u00e0ng. H\u1ecd s\u1eb5n s\u00e0ng t\u01b0 v\u1ea5n s\u1ea3n ph\u1ea9m chuy\u00ean nghi\u1ec7p v\u00e0 \u0111\u01b0a ra nh\u1eefng g\u1ee3i \u00fd mua h\u00e0ng th\u00f4ng minh, \u0111\u1ea3m b\u1ea3o b\u1ea1n \u0111\u01b0a ra l\u1ef1a ch\u1ecdn t\u1ed1t nh\u1ea5t cho nhu c\u1ea7u m\u00e1y m\u00f3c x\u00e2y d\u1ef1ng c\u1ee7a m\u00ecnh.<\/p>\n<p>4. H\u1ec7 th\u1ed1ng ph\u00e2n ph\u1ed1i h\u1eadu c\u1ea7n hi\u1ec7u qu\u1ea3: Ch\u00fang t\u00f4i hi\u1ec3u t\u1ea7m quan tr\u1ecdng c\u1ee7a vi\u1ec7c giao h\u00e0ng \u0111\u00fang h\u1ea1n. V\u1edbi h\u1ec7 th\u1ed1ng ph\u00e2n ph\u1ed1i h\u1eadu c\u1ea7n hi\u1ec7u qu\u1ea3, ch\u00fang t\u00f4i \u0111\u1ea3m b\u1ea3o kh\u00e1ch h\u00e0ng nh\u1eadn \u0111\u01b0\u1ee3c xi lanh th\u1ee7y l\u1ef1c c\u1ea7n thi\u1ebft m\u1ed9t c\u00e1ch k\u1ecbp th\u1eddi v\u00e0 ch\u00ednh x\u00e1c. Qu\u00fd kh\u00e1ch c\u00f3 th\u1ec3 tin t\u01b0\u1edfng v\u00e0o d\u1ecbch v\u1ee5 nhanh ch\u00f3ng v\u00e0 \u0111\u00e1ng tin c\u1eady c\u1ee7a ch\u00fang t\u00f4i.<\/p>\n<p>5. Gi\u1ea3i ph\u00e1p t\u00f9y ch\u1ec9nh: Ch\u00fang t\u00f4i hi\u1ec3u r\u1eb1ng m\u1ed7i d\u1ef1 \u00e1n m\u00e1y m\u00f3c x\u00e2y d\u1ef1ng \u0111\u1ec1u c\u00f3 \u0111\u1eb7c th\u00f9 ri\u00eang. \u0110\u00f3 l\u00e0 l\u00fd do t\u1ea1i sao ch\u00fang t\u00f4i cung c\u1ea5p c\u00e1c gi\u1ea3i ph\u00e1p xi lanh th\u1ee7y l\u1ef1c t\u00f9y ch\u1ec9nh \u0111\u1ec3 \u0111\u00e1p \u1ee9ng c\u00e1c y\u00eau c\u1ea7u c\u1ee5 th\u1ec3 c\u1ee7a b\u1ea1n. Cho d\u00f9 b\u1ea1n c\u1ea7n m\u1ed9t xi lanh v\u1edbi chi\u1ec1u d\u00e0i h\u00e0nh tr\u00ecnh c\u1ee5 th\u1ec3, ki\u1ec3u l\u1eafp \u0111\u1eb7t, hay b\u1ea5t k\u1ef3 t\u00f9y ch\u1ec9nh n\u00e0o kh\u00e1c, ch\u00fang t\u00f4i \u0111\u1ec1u c\u00f3 th\u1ec3 cung c\u1ea5p cho b\u1ea1n c\u00e1c gi\u1ea3i ph\u00e1p ph\u00f9 h\u1ee3p.<\/p>\n<p>H\u1ee3p t\u00e1c v\u1edbi FMP \u0111\u1ed3ng ngh\u0129a v\u1edbi vi\u1ec7c b\u1ea1n \u0111\u01b0\u1ee3c ti\u1ebfp c\u1eadn v\u1edbi c\u00e1c lo\u1ea1i xi lanh th\u1ee7y l\u1ef1c ch\u1ea5t l\u01b0\u1ee3ng cao, \u0111\u1ed9i ng\u0169 b\u00e1n h\u00e0ng gi\u00e0u kinh nghi\u1ec7m, d\u1ecbch v\u1ee5 h\u1eadu c\u1ea7n hi\u1ec7u qu\u1ea3 v\u00e0 c\u00e1c gi\u1ea3i ph\u00e1p t\u00f9y ch\u1ec9nh. H\u00e3y tin t\u01b0\u1edfng ch\u00fang t\u00f4i s\u1ebd cung c\u1ea5p xi lanh th\u1ee7y l\u1ef1c \u0111\u00e1ng tin c\u1eady v\u00e0 b\u1ec1n b\u1ec9 m\u00e0 b\u1ea1n c\u1ea7n cho c\u00e1c d\u1ef1 \u00e1n m\u00e1y m\u00f3c x\u00e2y d\u1ef1ng c\u1ee7a m\u00ecnh.<br \/>\nT\u00e1c gi\u1ea3: CX<\/p>","protected":false},"excerpt":{"rendered":"<p>Introducing the Factory Serving Small Dump Truck Double Acting Hydraulic Cylinder The Factory Serving Small Dump Truck Double Acting Hydraulic Cylinder is a high-quality and versatile component designed specifically for small dump trucks. With its advanced features and reliable performance, this hydraulic cylinder is an essential part of any dump truck system. One of the [&hellip;]<\/p>","protected":false},"featured_media":1614,"comment_status":"closed","ping_status":"closed","template":"","meta":{"_et_pb_use_builder":"","_et_pb_old_content":"","_et_gb_content_width":""},"product_brand":[],"product_cat":[45],"product_tag":[34,48],"class_list":{"0":"post-1613","1":"product","2":"type-product","3":"status-publish","4":"has-post-thumbnail","6":"product_cat-inverted-telescopic-cylinder","7":"product_tag-hydraulic-cylinder","8":"product_tag-inverted-telescopic-cylinder","10":"first","11":"instock","12":"product-type-simple"},"_links":{"self":[{"href":"https:\/\/fmp-components.com\/vi\/wp-json\/wp\/v2\/product\/1613","targetHints":{"allow":["GET"]}}],"collection":[{"href":"https:\/\/fmp-components.com\/vi\/wp-json\/wp\/v2\/product"}],"about":[{"href":"https:\/\/fmp-components.com\/vi\/wp-json\/wp\/v2\/types\/product"}],"replies":[{"embeddable":true,"href":"https:\/\/fmp-components.com\/vi\/wp-json\/wp\/v2\/comments?post=1613"}],"wp:featuredmedia":[{"embeddable":true,"href":"https:\/\/fmp-components.com\/vi\/wp-json\/wp\/v2\/media\/1614"}],"wp:attachment":[{"href":"https:\/\/fmp-components.com\/vi\/wp-json\/wp\/v2\/media?parent=1613"}],"wp:term":[{"taxonomy":"product_brand","embeddable":true,"href":"https:\/\/fmp-components.com\/vi\/wp-json\/wp\/v2\/product_brand?post=1613"},{"taxonomy":"product_cat","embeddable":true,"href":"https:\/\/fmp-components.com\/vi\/wp-json\/wp\/v2\/product_cat?post=1613"},{"taxonomy":"product_tag","embeddable":true,"href":"https:\/\/fmp-components.com\/vi\/wp-json\/wp\/v2\/product_tag?post=1613"}],"curies":[{"name":"wp","href":"https:\/\/api.w.org\/{rel}","templated":true}]}}