{"id":1609,"date":"2024-12-23T06:59:20","date_gmt":"2024-12-23T06:59:20","guid":{"rendered":"https:\/\/fmp-components.com\/product\/factory-direct-sale-2-stage-hydraulic-cylinder-dump-truck-hydraulic-hoist-cylinder\/"},"modified":"2024-12-23T08:27:51","modified_gmt":"2024-12-23T08:27:51","slug":"factory-direct-sale-2-stage-hydraulic-cylinder-dump-truck-hydraulic-hoist-cylinder","status":"publish","type":"product","link":"https:\/\/fmp-components.com\/vi\/product\/factory-direct-sale-2-stage-hydraulic-cylinder-dump-truck-hydraulic-hoist-cylinder\/","title":{"rendered":"B\u00e1n tr\u1ef1c ti\u1ebfp t\u1eeb nh\u00e0 m\u00e1y Xi lanh th\u1ee7y l\u1ef1c 2 giai \u0111o\u1ea1n Xe ben Xi lanh t\u1eddi th\u1ee7y l\u1ef1c"},"content":{"rendered":"<p>Xi lanh th\u1ee7y l\u1ef1c 2 c\u1ea5p cho xe ben l\u00e0 lo\u1ea1i xi lanh th\u1ee7y l\u1ef1c ch\u1ea5t l\u01b0\u1ee3ng cao \u0111\u01b0\u1ee3c thi\u1ebft k\u1ebf chuy\u00ean d\u1ee5ng cho xe ben. S\u1ea3n ph\u1ea9m \u0111\u01b0\u1ee3c s\u1ea3n xu\u1ea5t b\u1eb1ng c\u00f4ng ngh\u1ec7 ti\u00ean ti\u1ebfn v\u00e0 v\u1eadt li\u1ec7u cao c\u1ea5p, \u0111\u1ea3m b\u1ea3o \u0111\u1ed9 b\u1ec1n v\u00e0 hi\u1ec7u su\u1ea5t.<\/p>\n<p>Xi lanh th\u1ee7y l\u1ef1c n\u00e0y c\u00f3 thi\u1ebft k\u1ebf hai t\u1ea7ng, cho ph\u00e9p n\u00e2ng h\u1ea1 th\u00f9ng xe ben m\u1ed9t c\u00e1ch hi\u1ec7u qu\u1ea3 v\u00e0 tr\u01a1n tru. N\u00f3 \u0111\u01b0\u1ee3c trang b\u1ecb h\u1ec7 th\u1ed1ng th\u1ee7y l\u1ef1c m\u1ea1nh m\u1ebd, mang l\u1ea1i kh\u1ea3 n\u0103ng ki\u1ec3m so\u00e1t ch\u00ednh x\u00e1c v\u00e0 \u1ed5n \u0111\u1ecbnh trong qu\u00e1 tr\u00ecnh v\u1eadn h\u00e0nh.<\/p>\n<p>Xi lanh th\u1ee7y l\u1ef1c 2 c\u1ea5p b\u00e1n tr\u1ef1c ti\u1ebfp t\u1eeb nh\u00e0 m\u00e1y \u0111\u01b0\u1ee3c ch\u1ebf t\u1ea1o \u0111\u1ec3 ch\u1ecbu \u0111\u01b0\u1ee3c t\u1ea3i tr\u1ecdng n\u1eb7ng v\u00e0 \u0111i\u1ec1u ki\u1ec7n l\u00e0m vi\u1ec7c kh\u1eafc nghi\u1ec7t. K\u1ebft c\u1ea5u ch\u1eafc ch\u1eafn v\u00e0 kh\u1ea3 n\u0103ng b\u1ecbt k\u00edn v\u01b0\u1ee3t tr\u1ed9i \u0111\u1ea3m b\u1ea3o gi\u1ea3m thi\u1ec3u r\u00f2 r\u1ec9 v\u00e0 t\u1ed1i \u0111a h\u00f3a hi\u1ec7u su\u1ea5t. Xi lanh n\u00e0y c\u0169ng \u0111\u01b0\u1ee3c thi\u1ebft k\u1ebf \u0111\u1ec3 gi\u1ea3m ma s\u00e1t v\u00e0 m\u00e0i m\u00f2n, \u0111\u1ea3m b\u1ea3o tu\u1ed5i th\u1ecd d\u00e0i h\u01a1n.<\/p>\n<p>V\u1edbi hi\u1ec7u su\u1ea5t \u0111\u00e1ng tin c\u1eady v\u00e0 ch\u1ee9c n\u0103ng tuy\u1ec7t v\u1eddi, xi lanh th\u1ee7y l\u1ef1c n\u00e0y l\u00e0 l\u1ef1a ch\u1ecdn ho\u00e0n h\u1ea3o cho ch\u1ee7 s\u1edf h\u1eefu v\u00e0 ng\u01b0\u1eddi v\u1eadn h\u00e0nh xe ben. N\u00f3 gi\u00fap n\u00e2ng cao n\u0103ng su\u1ea5t v\u00e0 hi\u1ec7u qu\u1ea3, gi\u00fap qu\u00e1 tr\u00ecnh \u0111\u1ed5 b\u00ea t\u00f4ng nhanh ch\u00f3ng v\u00e0 thu\u1eadn ti\u1ec7n h\u01a1n.<\/p>\n<table style=\"width: 100%;\" border=\"1\" width=\"100%\" cellspacing=\"0\" cellpadding=\"0\">\n<tbody>\n<tr>\n<th>T\u00ean s\u1ea3n ph\u1ea9m<\/th>\n<td>B\u00e1n tr\u1ef1c ti\u1ebfp t\u1eeb nh\u00e0 m\u00e1y Xi lanh th\u1ee7y l\u1ef1c 2 giai \u0111o\u1ea1n Xe ben Xi lanh t\u1eddi th\u1ee7y l\u1ef1c<\/td>\n<\/tr>\n<tr>\n<th>T\u00ecnh tr\u1ea1ng<\/th>\n<td>M\u1edbi<\/td>\n<\/tr>\n<tr>\n<th>B\u1ea3o h\u00e0nh<\/th>\n<td>1 n\u0103m<\/td>\n<\/tr>\n<tr>\n<th>C\u00e2n n\u1eb7ng (KG)<\/th>\n<td>48<\/td>\n<\/tr>\n<tr>\n<th>Thi\u1ebft k\u1ebf<\/th>\n<td>Xi lanh th\u1ee7y l\u1ef1c 2 t\u1ea7ng<\/td>\n<\/tr>\n<tr>\n<th>Hi\u1ec7u su\u1ea5t<\/th>\n<td>\u0110\u1ed9 b\u1ec1n v\u00e0 hi\u1ec7u qu\u1ea3 v\u01b0\u1ee3t tr\u1ed9i<\/td>\n<\/tr>\n<tr>\n<th>\u0110i\u1ec1u tra<\/th>\n<td>Ki\u1ec3m tra \u0111\u1ea7u ra nghi\u00eam ng\u1eb7t<\/td>\n<\/tr>\n<tr>\n<th>Ch\u1ee9ng nh\u1eadn<\/th>\n<td>ISO9001:2000<\/td>\n<\/tr>\n<tr>\n<th>C\u00e1c ng\u00e0nh c\u00f4ng nghi\u1ec7p \u00e1p d\u1ee5ng<\/th>\n<td>Nh\u00e0 m\u00e1y s\u1ea3n xu\u1ea5t, X\u01b0\u1edfng s\u1eeda ch\u1eefa m\u00e1y m\u00f3c, Trang tr\u1ea1i, N\u0103ng l\u01b0\u1ee3ng &amp; Khai th\u00e1c, S\u1ea3n xu\u1ea5t m\u00e1y m\u00f3c<\/td>\n<\/tr>\n<\/tbody>\n<\/table>\n<p><img decoding=\"async\" src=\"https:\/\/hzpt.com\/wp-content\/uploads\/2023\/11\/Inverted-Telescopic-Cylinder-17.webp\" alt=\"\" title=\"\"><\/p>\n<h2>C\u00e1c t\u00ednh n\u0103ng c\u1ee7a Xi lanh t\u1eddi th\u1ee7y l\u1ef1c<\/h2>\n<ul>\n<li><b>C\u1ea5u tr\u00fac chu\u1ea9n:<\/b> S\u1ea3n ph\u1ea9m n\u00e0y \u0111\u01b0\u1ee3c chu\u1ea9n h\u00f3a v\u1edbi c\u1ea5u tr\u00fac xi lanh piston \u0111\u1ec3 c\u00f3 hi\u1ec7u su\u1ea5t v\u01b0\u1ee3t tr\u1ed9i.<\/li>\n<li><b>C\u00f4ng su\u1ea5t th\u1ee7y l\u1ef1c:<\/b> M\u00e1y ho\u1ea1t \u0111\u1ed9ng b\u1eb1ng n\u0103ng l\u01b0\u1ee3ng th\u1ee7y l\u1ef1c v\u00e0 \u0111\u01b0\u1ee3c l\u00e0m b\u1eb1ng v\u1eadt li\u1ec7u th\u00e9p ch\u1eafc ch\u1eafn \u0111\u1ec3 c\u00f3 \u0111\u1ed9 b\u1ec1n cao.<\/li>\n<li><b>L\u1ef1c \u0111\u1ea9y v\u00e0 l\u1ef1c k\u00e9o t\u1ed1i \u0111a:<\/b> N\u00f3 c\u00f3 l\u1ef1c \u0111\u1ea9y t\u1ed1i \u0111a l\u00e0 3000 v\u00e0 l\u1ef1c k\u00e9o l\u00ean t\u1edbi 20 t\u1ea5n.<\/li>\n<li><b>Lo\u1ea1i v\u00e0 k\u00edch th\u01b0\u1edbc:<\/b> Xi lanh n\u00e2ng th\u1ee7y l\u1ef1c l\u00e0 lo\u1ea1i xi lanh \u1ed1ng l\u1ed3ng ng\u01b0\u1ee3c c\u00f3 k\u00edch th\u01b0\u1edbc l\u1ed7 t\u1eeb 2-6 inch, k\u00edch th\u01b0\u1edbc thanh t\u1eeb 1,125-4 inch, k\u00edch th\u01b0\u1edbc h\u00e0nh tr\u00ecnh t\u1eeb 6-48 inch v\u00e0 k\u00edch th\u01b0\u1edbc ch\u1ed1t t\u1eeb 0,5-2 inch.<\/li>\n<li><b>M\u00e0u s\u1eafc:<\/b> S\u1ea3n ph\u1ea9m c\u00f3 m\u00e0u \u0111en ti\u00eau chu\u1ea9n, mang \u0111\u1ebfn v\u1ebb ngo\u00e0i b\u00f3ng b\u1ea9y v\u00e0 chuy\u00ean nghi\u1ec7p cho m\u00e1y m\u00f3c c\u1ee7a b\u1ea1n.<\/li>\n<\/ul>\n<h2>\u1ee8ng d\u1ee5ng c\u1ee7a Xi lanh t\u1eddi th\u1ee7y l\u1ef1c<\/h2>\n<p><img decoding=\"async\" src=\"https:\/\/hzpt.com\/wp-content\/uploads\/2023\/11\/Inverted-Telescopic-Cylinder-Applications.webp\" alt=\"\u1ee8ng d\u1ee5ng xi lanh n\u00e2ng th\u1ee7y l\u1ef1c\" title=\"\"><\/p>\n<p>Xi lanh th\u1ee7y l\u1ef1c n\u00e2ng h\u1ea1 r\u1ea5t \u0111a n\u0103ng v\u00e0 \u0111\u01b0\u1ee3c \u1ee9ng d\u1ee5ng trong nhi\u1ec1u ng\u00e0nh c\u00f4ng nghi\u1ec7p. N\u00f3 \u0111\u01b0\u1ee3c s\u1eed d\u1ee5ng r\u1ed9ng r\u00e3i trong c\u00e1c nh\u00e0 m\u00e1y s\u1ea3n xu\u1ea5t, x\u01b0\u1edfng s\u1eeda ch\u1eefa m\u00e1y m\u00f3c, trang tr\u1ea1i, c\u0169ng nh\u01b0 trong c\u00e1c ng\u00e0nh n\u0103ng l\u01b0\u1ee3ng v\u00e0 khai th\u00e1c m\u1ecf. \u0110\u00e2y l\u00e0 m\u1ed9t b\u1ed9 ph\u1eadn v\u00f4 gi\u00e1 trong s\u1ea3n xu\u1ea5t m\u00e1y m\u00f3c, \u0111\u00f3ng vai tr\u00f2 quan tr\u1ecdng trong v\u1eadn h\u00e0nh xe ben v\u00e0 thi\u1ebft b\u1ecb n\u00e2ng h\u1ea1.<\/p>\n<h2>Nguy\u00ean l\u00fd ho\u1ea1t \u0111\u1ed9ng v\u00e0 b\u1ea3o tr\u00ec xi lanh t\u1eddi th\u1ee7y l\u1ef1c<\/h2>\n<ul>\n<li><b>Nguy\u00ean l\u00fd ho\u1ea1t \u0111\u1ed9ng:<\/b> Xi lanh n\u00e2ng th\u1ee7y l\u1ef1c ho\u1ea1t \u0111\u1ed9ng theo nguy\u00ean l\u00fd c\u01a1 h\u1ecdc ch\u1ea5t l\u01b0u, trong \u0111\u00f3 \u00e1p su\u1ea5t t\u00e1c d\u1ee5ng t\u1ea1i m\u1ed9t \u0111i\u1ec3m \u0111\u01b0\u1ee3c truy\u1ec1n \u0111\u1ebfn \u0111i\u1ec3m kh\u00e1c b\u1eb1ng ch\u1ea5t l\u1ecfng kh\u00f4ng n\u00e9n \u0111\u01b0\u1ee3c, th\u01b0\u1eddng l\u00e0 d\u1ea7u.<\/li>\n<li><b>Ki\u1ec3m tra th\u01b0\u1eddng xuy\u00ean:<\/b> Vi\u1ec7c ki\u1ec3m tra th\u01b0\u1eddng xuy\u00ean l\u00e0 r\u1ea5t quan tr\u1ecdng \u0111\u1ec3 duy tr\u00ec hi\u1ec7u su\u1ea5t t\u1ed1i \u01b0u c\u1ee7a xi lanh t\u1eddi th\u1ee7y l\u1ef1c. \u0110i\u1ec1u n\u00e0y bao g\u1ed3m ki\u1ec3m tra xem c\u00f3 r\u00f2 r\u1ec9 ho\u1eb7c h\u01b0 h\u1ecfng n\u00e0o kh\u00f4ng.<\/li>\n<li><b>V\u1ec7 sinh:<\/b> Vi\u1ec7c gi\u1eef cho xi lanh s\u1ea1ch s\u1ebd gi\u00fap xi lanh ho\u1ea1t \u0111\u1ed9ng tr\u01a1n tru v\u00e0 t\u0103ng tu\u1ed5i th\u1ecd c\u1ee7a xi lanh.<\/li>\n<li><b>B\u00f4i tr\u01a1n:<\/b> C\u1ea7n b\u00f4i tr\u01a1n th\u01b0\u1eddng xuy\u00ean \u0111\u1ec3 gi\u1ea3m ma s\u00e1t v\u00e0 ng\u0103n ng\u1eeba hao m\u00f2n c\u00e1c b\u1ed9 ph\u1eadn chuy\u1ec3n \u0111\u1ed9ng.<\/li>\n<li><b>Thay th\u1ebf ph\u1edbt:<\/b> Theo th\u1eddi gian, ph\u1edbt c\u1ee7a xi lanh c\u00f3 th\u1ec3 b\u1ecb m\u00f2n v\u00e0 c\u1ea7n thay th\u1ebf \u0111\u1ec3 tr\u00e1nh r\u00f2 r\u1ec9 v\u00e0 duy tr\u00ec hi\u1ec7u qu\u1ea3.<\/li>\n<\/ul>\n<p><img decoding=\"async\" src=\"https:\/\/hzpt.com\/wp-content\/uploads\/2023\/11\/Inverted-Telescopic-Cylinder-16.webp\" alt=\"\" title=\"\"><\/p>\n<h2>H\u00ecnh tr\u1ee5 \u1ed1ng l\u1ed3ng ng\u01b0\u1ee3c<\/h2>\n<p>Xi lanh th\u1ee7y l\u1ef1c l\u00e0 m\u1ed9t th\u00e0nh ph\u1ea7n thi\u1ebft y\u1ebfu trong nhi\u1ec1u \u1ee9ng d\u1ee5ng c\u00f4ng nghi\u1ec7p, cung c\u1ea5p l\u1ef1c v\u00e0 chuy\u1ec3n \u0111\u1ed9ng tuy\u1ebfn t\u00ednh. M\u1ed9t lo\u1ea1i xi lanh th\u1ee7y l\u1ef1c \u0111ang ng\u00e0y c\u00e0ng ph\u1ed5 bi\u1ebfn l\u00e0 xi lanh \u1ed1ng l\u1ed3ng ng\u01b0\u1ee3c. Trong b\u00e0i vi\u1ebft n\u00e0y, ch\u00fang ta s\u1ebd t\u00ecm hi\u1ec3u chi ti\u1ebft v\u1ec1 xi lanh \u1ed1ng l\u1ed3ng ng\u01b0\u1ee3c, c\u1ea5u t\u1ea1o, nguy\u00ean l\u00fd ho\u1ea1t \u0111\u1ed9ng v\u00e0 \u1ee9ng d\u1ee5ng c\u1ee7a n\u00f3.<\/p>\n<h3>S\u1ef1 thi c\u00f4ng<\/h3>\n<p>Xi lanh \u1ed1ng l\u1ed3ng ng\u01b0\u1ee3c, c\u00f2n \u0111\u01b0\u1ee3c g\u1ecdi l\u00e0 xi lanh \u1ed1ng l\u1ed3ng t\u00e1c \u0111\u1ed9ng k\u00e9p, bao g\u1ed3m nhi\u1ec1u t\u1ea7ng ho\u1eb7c \u0111o\u1ea1n \u1ed1ng m\u1edf r\u1ed9ng v\u00e0 thu v\u00e0o nhau. Xi lanh th\u01b0\u1eddng bao g\u1ed3m m\u1ed9t \u0111\u1ebf ho\u1eb7c \u1ed1ng ngo\u00e0i, ch\u1ee9a c\u00e1c t\u1ea7ng b\u00ean trong. M\u1ed7i t\u1ea7ng \u0111\u01b0\u1ee3c trang b\u1ecb c\u1ee5m piston v\u00e0 thanh truy\u1ec1n, cho ph\u00e9p xi lanh m\u1edf r\u1ed9ng v\u00e0 thu v\u00e0o.<\/p>\n<p>Vi\u1ec7c s\u1eed d\u1ee5ng nhi\u1ec1u t\u1ea7ng gi\u00fap xi lanh \u1ed1ng l\u1ed3ng ng\u01b0\u1ee3c c\u00f3 thi\u1ebft k\u1ebf nh\u1ecf g\u1ecdn, ph\u00f9 h\u1ee3p cho c\u00e1c \u1ee9ng d\u1ee5ng c\u00f3 kh\u00f4ng gian h\u1ea1n ch\u1ebf. Ngo\u00e0i ra, thi\u1ebft k\u1ebf nhi\u1ec1u t\u1ea7ng cho ph\u00e9p h\u00e0nh tr\u00ecnh d\u00e0i h\u01a1n trong khi v\u1eabn duy tr\u00ec chi\u1ec1u d\u00e0i thu l\u1ea1i t\u01b0\u01a1ng \u0111\u1ed1i ng\u1eafn.<\/p>\n<h3>Nguy\u00ean l\u00fd ho\u1ea1t \u0111\u1ed9ng<\/h3>\n<p>Nguy\u00ean l\u00fd ho\u1ea1t \u0111\u1ed9ng c\u1ee7a xi lanh \u1ed1ng l\u1ed3ng ng\u01b0\u1ee3c d\u1ef1a tr\u00ean \u00e1p su\u1ea5t th\u1ee7y l\u1ef1c \u0111\u1ec3 t\u1ea1o ra chuy\u1ec3n \u0111\u1ed9ng tuy\u1ebfn t\u00ednh. Khi ch\u1ea5t l\u1ecfng th\u1ee7y l\u1ef1c \u0111\u01b0\u1ee3c cung c\u1ea5p cho xi lanh, n\u00f3 s\u1ebd \u0111i v\u00e0o \u1ed1ng \u0111\u1ebf v\u00e0 t\u00e1c \u0111\u1ed9ng l\u00ean c\u00e1c piston c\u1ee7a c\u00e1c t\u1ea7ng b\u00ean trong. \u00c1p su\u1ea5t n\u00e0y khi\u1ebfn c\u00e1c t\u1ea7ng m\u1edf r\u1ed9ng ra ngo\u00e0i, do \u0111\u00f3 k\u00e9o d\u00e0i t\u1ed5ng chi\u1ec1u d\u00e0i c\u1ee7a xi lanh.<\/p>\n<p>Ng\u01b0\u1ee3c l\u1ea1i, khi ch\u1ea5t l\u1ecfng th\u1ee7y l\u1ef1c \u0111\u01b0\u1ee3c d\u1eabn v\u1ec1 ph\u00eda \u0111\u1ed1i di\u1ec7n c\u1ee7a piston, n\u00f3 t\u1ea1o ra m\u1ed9t l\u1ef1c k\u00e9o c\u00e1c t\u1ea7ng tr\u1edf l\u1ea1i \u1ed1ng c\u01a1 s\u1edf. S\u1ef1 co l\u1ea1i n\u00e0y cho ph\u00e9p xi-lanh tr\u1edf v\u1ec1 chi\u1ec1u d\u00e0i ban \u0111\u1ea7u ng\u1eafn h\u01a1n. T\u00ednh ch\u1ea5t t\u00e1c \u0111\u1ed9ng k\u00e9p c\u1ee7a xi-lanh \u1ed1ng l\u1ed3ng ng\u01b0\u1ee3c cho ph\u00e9p n\u00f3 th\u1ef1c hi\u1ec7n c\u1ea3 chuy\u1ec3n \u0111\u1ed9ng k\u00e9o d\u00e0i v\u00e0 thu ng\u1eafn v\u1edbi hi\u1ec7u su\u1ea5t nh\u01b0 nhau.<\/p>\n<h3>\u1ee8ng d\u1ee5ng<\/h3>\n<p>Xi lanh \u1ed1ng l\u1ed3ng ng\u01b0\u1ee3c \u0111\u01b0\u1ee3c s\u1eed d\u1ee5ng r\u1ed9ng r\u00e3i trong nhi\u1ec1u ng\u00e0nh c\u00f4ng nghi\u1ec7p nh\u1edd thi\u1ebft k\u1ebf v\u00e0 ch\u1ee9c n\u0103ng \u0111\u1ed9c \u0111\u00e1o. M\u1ed9t trong nh\u1eefng \u1ee9ng d\u1ee5ng ch\u00ednh c\u1ee7a n\u00f3 l\u00e0 tr\u00ean xe ben v\u00e0 xe k\u00e9o. Xi lanh \u0111\u01b0\u1ee3c s\u1eed d\u1ee5ng trong h\u1ec7 th\u1ed1ng n\u00e2ng th\u1ee7y l\u1ef1c \u0111\u1ec3 n\u00e2ng v\u00e0 h\u1ea1 th\u00f9ng xe t\u1ea3i, cho ph\u00e9p d\u1ec5 d\u00e0ng b\u1ed1c d\u1ee1 v\u1eadt li\u1ec7u.<\/p>\n<p>H\u01a1n n\u1eefa, xi lanh \u1ed1ng l\u1ed3ng ng\u01b0\u1ee3c \u0111\u01b0\u1ee3c s\u1eed d\u1ee5ng trong xi lanh th\u1ee7y l\u1ef1c 2 c\u1ea5p b\u00e1n tr\u1ef1c ti\u1ebfp t\u1ea1i nh\u00e0 m\u00e1y, th\u01b0\u1eddng \u0111\u01b0\u1ee3c s\u1eed d\u1ee5ng trong m\u00e1y m\u00f3c v\u00e0 thi\u1ebft b\u1ecb h\u1ea1ng n\u1eb7ng. Nh\u1eefng xi lanh n\u00e0y cung c\u1ea5p kh\u1ea3 n\u0103ng n\u00e2ng \u0111\u00e1ng tin c\u1eady v\u00e0 m\u1ea1nh m\u1ebd, khi\u1ebfn ch\u00fang tr\u1edf n\u00ean thi\u1ebft y\u1ebfu trong x\u00e2y d\u1ef1ng, khai th\u00e1c m\u1ecf, n\u00f4ng nghi\u1ec7p v\u00e0 c\u00e1c ng\u00e0nh c\u00f4ng nghi\u1ec7p t\u01b0\u01a1ng t\u1ef1 kh\u00e1c.<\/p>\n<p>Ngo\u00e0i ra, xi lanh \u1ed1ng l\u1ed3ng ng\u01b0\u1ee3c c\u00f2n \u0111\u01b0\u1ee3c s\u1eed d\u1ee5ng trong m\u00e1y \u00e9p th\u1ee7y l\u1ef1c, cung c\u1ea5p l\u1ef1c c\u1ea7n thi\u1ebft cho c\u00e1c ho\u1ea1t \u0111\u1ed9ng \u00e9p, \u0111\u1ed9t v\u00e0 t\u1ea1o h\u00ecnh. Thi\u1ebft k\u1ebf nh\u1ecf g\u1ecdn v\u00e0 kh\u1ea3 n\u0103ng ch\u1ecbu t\u1ea3i cao khi\u1ebfn n\u00f3 tr\u1edf th\u00e0nh l\u1ef1a ch\u1ecdn l\u00fd t\u01b0\u1edfng cho c\u00e1c \u1ee9ng d\u1ee5ng n\u00e0y.<\/p>\n<p>T\u00f3m l\u1ea1i, xi lanh th\u1ee7y l\u1ef1c \u1ed1ng l\u1ed3ng ng\u01b0\u1ee3c l\u00e0 m\u1ed9t thi\u1ebft b\u1ecb th\u1ee7y l\u1ef1c \u0111a n\u0103ng, mang l\u1ea1i s\u1ef1 nh\u1ecf g\u1ecdn, hi\u1ec7u qu\u1ea3 v\u00e0 \u0111\u1ed9 tin c\u1eady. C\u1ea5u tr\u00fac \u0111a t\u1ea7ng v\u00e0 ch\u1ee9c n\u0103ng t\u00e1c \u0111\u1ed9ng k\u00e9p gi\u00fap n\u00f3 ph\u00f9 h\u1ee3p v\u1edbi nhi\u1ec1u \u1ee9ng d\u1ee5ng, bao g\u1ed3m xe ben, m\u00e1y m\u00f3c h\u1ea1ng n\u1eb7ng v\u00e0 m\u00e1y \u00e9p th\u1ee7y l\u1ef1c. B\u1eb1ng c\u00e1ch hi\u1ec3u r\u00f5 c\u1ea5u tr\u00fac, nguy\u00ean l\u00fd ho\u1ea1t \u0111\u1ed9ng v\u00e0 \u1ee9ng d\u1ee5ng c\u1ee7a xi lanh \u1ed1ng l\u1ed3ng ng\u01b0\u1ee3c, ch\u00fang ta c\u00f3 th\u1ec3 \u0111\u00e1nh gi\u00e1 cao vai tr\u00f2 quan tr\u1ecdng c\u1ee7a n\u00f3 trong nhi\u1ec1u ng\u00e0nh c\u00f4ng nghi\u1ec7p kh\u00e1c nhau.<\/p>\n<h3>Gi\u1edbi thi\u1ec7u v\u1ec1 FMP \u2013 Gi\u1ea3i ph\u00e1p cho xi lanh th\u1ee7y l\u1ef1c ch\u1ea5t l\u01b0\u1ee3ng cao c\u1ee7a b\u1ea1n<\/h3>\n<p>B\u1ea1n \u0111ang t\u00ecm ki\u1ebfm xi lanh th\u1ee7y l\u1ef1c \u0111\u00e1ng tin c\u1eady v\u00e0 ch\u1ea5t l\u01b0\u1ee3ng cao, c\u00f3 th\u1ec3 ch\u1ecbu \u0111\u01b0\u1ee3c ngay c\u1ea3 nh\u1eefng c\u00f4ng tr\u01b0\u1eddng kh\u1eafc nghi\u1ec7t nh\u1ea5t? H\u00e3y \u0111\u1ebfn v\u1edbi FMP! L\u00e0 nh\u00e0 cung c\u1ea5p d\u1ecbch v\u1ee5 v\u00e0 b\u00e1n h\u00e0ng h\u00e0ng \u0111\u1ea7u v\u1ec1 ph\u1ee5 t\u00f9ng m\u00e1y m\u00f3c x\u00e2y d\u1ef1ng v\u00e0 m\u00e1y m\u00f3c ho\u00e0n ch\u1ec9nh, ch\u00fang t\u00f4i chuy\u00ean s\u1ea3n xu\u1ea5t xi lanh th\u1ee7y l\u1ef1c h\u00e0ng \u0111\u1ea7u, \u0111\u00e1p \u1ee9ng m\u1ecdi nhu c\u1ea7u x\u00e2y d\u1ef1ng c\u1ee7a b\u1ea1n.<\/p>\n<p>Sau \u0111\u00e2y l\u00e0 m\u1ed9t s\u1ed1 l\u00fd do t\u1ea1i sao b\u1ea1n n\u00ean ch\u1ecdn FMP cho nhu c\u1ea7u xi lanh th\u1ee7y l\u1ef1c c\u1ee7a m\u00ecnh:<\/p>\n<p>1. <strong>Ch\u1ea5t l\u01b0\u1ee3ng v\u00f4 song:<\/strong> T\u1ea1i FMP, ch\u00fang t\u00f4i r\u1ea5t coi tr\u1ecdng ch\u1ea5t l\u01b0\u1ee3ng. Ch\u00fang t\u00f4i ch\u1ec9 nh\u1eadp nguy\u00ean li\u1ec7u t\u1eeb nh\u1eefng nh\u00e0 cung c\u1ea5p uy t\u00edn nh\u1ea5t v\u00e0 \u0111\u1ea3m b\u1ea3o m\u1ed7i b\u00ecnh kh\u00ed r\u1eddi kh\u1ecfi kho \u0111\u1ec1u \u0111\u00e1p \u1ee9ng c\u00e1c ti\u00eau chu\u1ea9n ch\u1ea5t l\u01b0\u1ee3ng nghi\u00eam ng\u1eb7t c\u1ee7a ch\u00fang t\u00f4i.<\/p>\n<p>2. <strong>Ph\u1ea1m vi s\u1ea3n ph\u1ea9m m\u1edf r\u1ed9ng:<\/strong> D\u00f2ng s\u1ea3n ph\u1ea9m c\u1ee7a ch\u00fang t\u00f4i r\u1ea5t \u0111a d\u1ea1ng, bao g\u1ed3m xi lanh ki\u1ec3u ch\u1ed1t \u0111i\u1ec1u ch\u1ec9nh, xi lanh t\u00e1c \u0111\u1ed9ng \u0111\u01a1n, xi lanh \u1ed1ng l\u1ed3ng, v\u00e0 nhi\u1ec1u lo\u1ea1i kh\u00e1c n\u1eefa. D\u00f9 nhu c\u1ea7u c\u1ee5 th\u1ec3 c\u1ee7a b\u1ea1n l\u00e0 g\u00ec, ch\u00fang t\u00f4i \u0111\u1ec1u c\u00f3 xi lanh th\u1ee7y l\u1ef1c \u0111\u00e1p \u1ee9ng \u0111\u01b0\u1ee3c nhu c\u1ea7u \u0111\u00f3.<\/p>\n<p>3. <strong>\u0110\u1ed9i ng\u0169 chuy\u00ean nghi\u1ec7p:<\/strong> \u0110\u1ed9i ng\u0169 chuy\u00ean gia c\u1ee7a ch\u00fang t\u00f4i c\u00f3 nhi\u1ec1u kinh nghi\u1ec7m trong ng\u00e0nh m\u00e1y m\u00f3c x\u00e2y d\u1ef1ng v\u00e0 c\u00f3 th\u1ec3 cung c\u1ea5p t\u01b0 v\u1ea5n s\u1ea3n ph\u1ea9m ph\u00f9 h\u1ee3p c\u0169ng nh\u01b0 g\u1ee3i \u00fd mua h\u00e0ng \u0111\u1ec3 \u0111\u1ea3m b\u1ea3o b\u1ea1n c\u00f3 \u0111\u01b0\u1ee3c xi lanh th\u1ee7y l\u1ef1c ph\u00f9 h\u1ee3p cho d\u1ef1 \u00e1n c\u1ee7a m\u00ecnh.<\/p>\n<p>4. <strong>H\u1eadu c\u1ea7n hi\u1ec7u qu\u1ea3:<\/strong> Ch\u00fang t\u00f4i hi\u1ec3u r\u1eb1ng th\u1eddi gian l\u00e0 ti\u1ec1n b\u1ea1c trong ng\u00e0nh x\u00e2y d\u1ef1ng. \u0110\u00f3 l\u00e0 l\u00fd do t\u1ea1i sao ch\u00fang t\u00f4i c\u00f3 h\u1ec7 th\u1ed1ng ph\u00e2n ph\u1ed1i h\u1eadu c\u1ea7n hi\u1ec7u qu\u1ea3 \u0111\u1ec3 \u0111\u1ea3m b\u1ea3o b\u1ea1n nh\u1eadn \u0111\u01b0\u1ee3c xi lanh th\u1ee7y l\u1ef1c m\u1ed9t c\u00e1ch k\u1ecbp th\u1eddi v\u00e0 ch\u00ednh x\u00e1c.<\/p>\n<p>5. <strong>Gi\u00e1 c\u1ea3 c\u1ea1nh tranh:<\/strong> T\u1ea1i FMP, ch\u00fang t\u00f4i tin r\u1eb1ng ch\u1ea5t l\u01b0\u1ee3ng kh\u00f4ng n\u00ean \u0111i k\u00e8m v\u1edbi gi\u00e1 cao. Ch\u00fang t\u00f4i cung c\u1ea5p m\u1ee9c gi\u00e1 c\u1ea1nh tranh cho t\u1ea5t c\u1ea3 c\u00e1c lo\u1ea1i xi lanh th\u1ee7y l\u1ef1c m\u00e0 kh\u00f4ng \u1ea3nh h\u01b0\u1edfng \u0111\u1ebfn ch\u1ea5t l\u01b0\u1ee3ng ho\u1eb7c \u0111\u1ed9 tin c\u1eady.<\/p>\n<p>V\u00ec v\u1eady, d\u00f9 b\u1ea1n \u0111ang t\u00ecm ki\u1ebfm xi lanh lo\u1ea1i ch\u1ed1t \u0111i\u1ec1u ch\u1ec9nh hay b\u1ea5t k\u1ef3 lo\u1ea1i xi lanh th\u1ee7y l\u1ef1c n\u00e0o kh\u00e1c cho nhu c\u1ea7u x\u00e2y d\u1ef1ng c\u1ee7a m\u00ecnh, h\u00e3y tin t\u01b0\u1edfng FMP s\u1ebd cung c\u1ea5p s\u1ea3n ph\u1ea9m v\u00e0 d\u1ecbch v\u1ee5 t\u1ed1t nh\u1ea5t trong ng\u00e0nh. Li\u00ean h\u1ec7 v\u1edbi ch\u00fang t\u00f4i ngay h\u00f4m nay \u0111\u1ec3 t\u00ecm hi\u1ec3u th\u00eam v\u00e0 b\u1eaft \u0111\u1ea7u!<\/p>\n<p><img decoding=\"async\" src=\"https:\/\/fmp-components.com\/wp-content\/uploads\/2024\/12\/Adjustable-Clevis-Type-Cylinders-6.webp\" alt=\"Xi lanh lo\u1ea1i Clevis c\u00f3 th\u1ec3 \u0111i\u1ec1u ch\u1ec9nh\" width=\"806\" title=\"\"><br \/>\nT\u00e1c gi\u1ea3: CX<\/p>","protected":false},"excerpt":{"rendered":"<p>Factory Direct Sale 2 Stage Hydraulic Cylinder Dump Truck Hydraulic Hoist Cylinder is a high-quality hydraulic cylinder designed specifically for dump trucks. It is manufactured using advanced technology and top-grade materials to ensure durability and performance. This hydraulic cylinder features a two-stage design, allowing for efficient and smooth lifting and lowering of the dump truck [&hellip;]<\/p>","protected":false},"featured_media":1610,"comment_status":"closed","ping_status":"closed","template":"","meta":{"_et_pb_use_builder":"","_et_pb_old_content":"","_et_gb_content_width":""},"product_brand":[],"product_cat":[45],"product_tag":[34,48],"class_list":{"0":"post-1609","1":"product","2":"type-product","3":"status-publish","4":"has-post-thumbnail","6":"product_cat-inverted-telescopic-cylinder","7":"product_tag-hydraulic-cylinder","8":"product_tag-inverted-telescopic-cylinder","10":"first","11":"instock","12":"product-type-simple"},"_links":{"self":[{"href":"https:\/\/fmp-components.com\/vi\/wp-json\/wp\/v2\/product\/1609","targetHints":{"allow":["GET"]}}],"collection":[{"href":"https:\/\/fmp-components.com\/vi\/wp-json\/wp\/v2\/product"}],"about":[{"href":"https:\/\/fmp-components.com\/vi\/wp-json\/wp\/v2\/types\/product"}],"replies":[{"embeddable":true,"href":"https:\/\/fmp-components.com\/vi\/wp-json\/wp\/v2\/comments?post=1609"}],"wp:featuredmedia":[{"embeddable":true,"href":"https:\/\/fmp-components.com\/vi\/wp-json\/wp\/v2\/media\/1610"}],"wp:attachment":[{"href":"https:\/\/fmp-components.com\/vi\/wp-json\/wp\/v2\/media?parent=1609"}],"wp:term":[{"taxonomy":"product_brand","embeddable":true,"href":"https:\/\/fmp-components.com\/vi\/wp-json\/wp\/v2\/product_brand?post=1609"},{"taxonomy":"product_cat","embeddable":true,"href":"https:\/\/fmp-components.com\/vi\/wp-json\/wp\/v2\/product_cat?post=1609"},{"taxonomy":"product_tag","embeddable":true,"href":"https:\/\/fmp-components.com\/vi\/wp-json\/wp\/v2\/product_tag?post=1609"}],"curies":[{"name":"wp","href":"https:\/\/api.w.org\/{rel}","templated":true}]}}