{"id":1607,"date":"2024-12-23T06:59:20","date_gmt":"2024-12-23T06:59:20","guid":{"rendered":"https:\/\/fmp-components.com\/product\/guaranteed-quality-hydraulic-cylinder-double-acting-small-dump-truck-hydraulic-cylinder\/"},"modified":"2024-12-23T08:37:08","modified_gmt":"2024-12-23T08:37:08","slug":"guaranteed-quality-hydraulic-cylinder-double-acting-small-dump-truck-hydraulic-cylinder","status":"publish","type":"product","link":"https:\/\/fmp-components.com\/vi\/product\/guaranteed-quality-hydraulic-cylinder-double-acting-small-dump-truck-hydraulic-cylinder\/","title":{"rendered":"Xi lanh th\u1ee7y l\u1ef1c t\u00e1c \u0111\u1ed9ng k\u00e9p ch\u1ea5t l\u01b0\u1ee3ng \u0111\u1ea3m b\u1ea3o cho xe ben nh\u1ecf"},"content":{"rendered":"<h2>Gi\u1edbi thi\u1ec7u Xi lanh th\u1ee7y l\u1ef1c t\u00e1c \u0111\u1ed9ng k\u00e9p ch\u1ea5t l\u01b0\u1ee3ng \u0111\u1ea3m b\u1ea3o d\u00e0nh cho xe ben c\u1ee1 nh\u1ecf:<\/h2>\n<p>Xi lanh th\u1ee7y l\u1ef1c t\u00e1c \u0111\u1ed9ng k\u00e9p ch\u1ea5t l\u01b0\u1ee3ng \u0111\u1ea3m b\u1ea3o d\u00e0nh cho xe t\u1ea3i ben c\u1ee1 nh\u1ecf l\u00e0 s\u1ea3n ph\u1ea9m ch\u1ea5t l\u01b0\u1ee3ng cao \u0111\u01b0\u1ee3c thi\u1ebft k\u1ebf \u0111\u1eb7c bi\u1ec7t cho xe t\u1ea3i ben. V\u1edbi ch\u1ee9c n\u0103ng t\u00e1c \u0111\u1ed9ng k\u00e9p, xi lanh th\u1ee7y l\u1ef1c n\u00e0y mang l\u1ea1i hi\u1ec7u su\u1ea5t v\u00e0 \u0111\u1ed9 tin c\u1eady tuy\u1ec7t v\u1eddi.<\/p>\n<p>Xi lanh th\u1ee7y l\u1ef1c n\u00e0y \u0111\u01b0\u1ee3c s\u1ea3n xu\u1ea5t b\u1eb1ng v\u1eadt li\u1ec7u cao c\u1ea5p, \u0111\u1ea3m b\u1ea3o \u0111\u1ed9 b\u1ec1n v\u00e0 tu\u1ed5i th\u1ecd cao. N\u00f3 \u0111\u01b0\u1ee3c ch\u1ebf t\u1ea1o \u0111\u1ec3 ch\u1ecbu \u0111\u01b0\u1ee3c t\u1ea3i tr\u1ecdng n\u1eb7ng v\u00e0 \u0111i\u1ec1u ki\u1ec7n l\u00e0m vi\u1ec7c kh\u1eafc nghi\u1ec7t, l\u00fd t\u01b0\u1edfng \u0111\u1ec3 s\u1eed d\u1ee5ng trong c\u00e1c xe t\u1ea3i ben c\u1ee1 nh\u1ecf.<\/p>\n<p>Xi lanh th\u1ee7y l\u1ef1c t\u00e1c \u0111\u1ed9ng k\u00e9p ch\u1ea5t l\u01b0\u1ee3ng \u0111\u1ea3m b\u1ea3o d\u00e0nh cho xe ben c\u1ee1 nh\u1ecf \u0111\u01b0\u1ee3c thi\u1ebft k\u1ebf \u0111\u1ec3 mang l\u1ea1i hi\u1ec7u su\u1ea5t t\u1ed1i \u01b0u. N\u00f3 cung c\u1ea5p c\u00e1c chuy\u1ec3n \u0111\u1ed9ng m\u01b0\u1ee3t m\u00e0 v\u00e0 hi\u1ec7u qu\u1ea3, cho ph\u00e9p ki\u1ec3m so\u00e1t ch\u00ednh x\u00e1c trong qu\u00e1 tr\u00ecnh \u0111\u1ed5 h\u00e0ng. Xi lanh n\u00e0y \u0111\u1ea3m b\u1ea3o ho\u1ea1t \u0111\u1ed9ng \u0111\u00e1ng tin c\u1eady v\u00e0 \u1ed5n \u0111\u1ecbnh, gi\u1ea3m nguy c\u01a1 ng\u1eebng ho\u1ea1t \u0111\u1ed9ng v\u00e0 t\u0103ng n\u0103ng su\u1ea5t.<\/p>\n<p>V\u1edbi ch\u1ea5t l\u01b0\u1ee3ng \u0111\u01b0\u1ee3c \u0111\u1ea3m b\u1ea3o, xi lanh th\u1ee7y l\u1ef1c n\u00e0y mang l\u1ea1i s\u1ef1 an t\u00e2m cho ng\u01b0\u1eddi s\u1eed d\u1ee5ng. S\u1ea3n ph\u1ea9m tr\u1ea3i qua qu\u00e1 tr\u00ecnh ki\u1ec3m tra nghi\u00eam ng\u1eb7t v\u00e0 c\u00e1c bi\u1ec7n ph\u00e1p ki\u1ec3m so\u00e1t ch\u1ea5t l\u01b0\u1ee3ng \u0111\u1ec3 \u0111\u1ea3m b\u1ea3o \u0111\u00e1p \u1ee9ng c\u00e1c ti\u00eau chu\u1ea9n cao nh\u1ea5t c\u1ee7a ng\u00e0nh. Thi\u1ebft k\u1ebf v\u00e0 c\u1ea5u t\u1ea1o tu\u00e2n th\u1ee7 c\u00e1c h\u01b0\u1edbng d\u1eabn ch\u1ea5t l\u01b0\u1ee3ng nghi\u00eam ng\u1eb7t, l\u00e0m cho s\u1ea3n ph\u1ea9m tr\u1edf n\u00ean \u0111\u00e1ng tin c\u1eady v\u00e0 b\u1ec1n l\u00e2u.<\/p>\n<p>T\u00f3m l\u1ea1i, Xi lanh th\u1ee7y l\u1ef1c t\u00e1c \u0111\u1ed9ng k\u00e9p ch\u1ea5t l\u01b0\u1ee3ng \u0111\u1ea3m b\u1ea3o d\u00e0nh cho xe t\u1ea3i ben c\u1ee1 nh\u1ecf l\u00e0 m\u1ed9t s\u1ea3n ph\u1ea9m h\u00e0ng \u0111\u1ea7u. C\u1ea5u tr\u00fac b\u1ec1n b\u1ec9, hi\u1ec7u su\u1ea5t ho\u1ea1t \u0111\u1ed9ng hi\u1ec7u qu\u1ea3 v\u00e0 ch\u1ea5t l\u01b0\u1ee3ng \u0111\u01b0\u1ee3c \u0111\u1ea3m b\u1ea3o khi\u1ebfn n\u00f3 tr\u1edf th\u00e0nh l\u1ef1a ch\u1ecdn tuy\u1ec7t v\u1eddi cho nh\u1eefng ai c\u1ea7n m\u1ed9t xi lanh th\u1ee7y l\u1ef1c \u0111\u00e1ng tin c\u1eady.<\/p>\n<table style=\"width: 100%;\" border=\"1\" width=\"100%\" cellspacing=\"0\" cellpadding=\"0\">\n<tbody>\n<tr>\n<th>T\u00ean s\u1ea3n ph\u1ea9m<\/th>\n<td>Xi lanh th\u1ee7y l\u1ef1c t\u00e1c \u0111\u1ed9ng k\u00e9p ch\u1ea5t l\u01b0\u1ee3ng \u0111\u1ea3m b\u1ea3o cho xe ben nh\u1ecf<\/td>\n<\/tr>\n<tr>\n<th>T\u00ecnh tr\u1ea1ng<\/th>\n<td>M\u1edbi<\/td>\n<\/tr>\n<tr>\n<th>B\u1ea3o h\u00e0nh<\/th>\n<td>1 n\u0103m<\/td>\n<\/tr>\n<tr>\n<th>C\u00e2n n\u1eb7ng (KG)<\/th>\n<td>48<\/td>\n<\/tr>\n<tr>\n<th>C\u00e1c th\u00e0nh ph\u1ea7n c\u1ed1t l\u00f5i<\/th>\n<td>\u1ed4 tr\u1ee5c v\u00e0 Xi lanh p\u00edt t\u00f4ng<\/td>\n<\/tr>\n<tr>\n<th>K\u1ebft c\u1ea5u<\/th>\n<td>C\u1ea5u tr\u00fac Piston ti\u00eau chu\u1ea9n<\/td>\n<\/tr>\n<tr>\n<th>Ngu\u1ed3n \u0111i\u1ec7n<\/th>\n<td>Th\u1ee7y l\u1ef1c<\/td>\n<\/tr>\n<tr>\n<th>Ki\u1ec3m tra<\/th>\n<td>Video xu\u1ea5t h\u00e0ng - B\u00e1o c\u00e1o ki\u1ec3m tra v\u00e0 th\u1eed nghi\u1ec7m m\u00e1y m\u00f3c k\u00e8m theo<\/td>\n<\/tr>\n<tr>\n<th>Hi\u1ec7u su\u1ea5t<\/th>\n<td>M\u1ea1nh m\u1ebd v\u00e0 \u0111\u00e1ng tin c\u1eady<\/td>\n<\/tr>\n<tr>\n<th>C\u00e1c ng\u00e0nh c\u00f4ng nghi\u1ec7p \u00e1p d\u1ee5ng<\/th>\n<td>Nh\u00e0 m\u00e1y s\u1ea3n xu\u1ea5t, X\u01b0\u1edfng s\u1eeda ch\u1eefa m\u00e1y m\u00f3c, Trang tr\u1ea1i, N\u0103ng l\u01b0\u1ee3ng &amp; Khai th\u00e1c, Nh\u00e0 m\u00e1y m\u00e1y m\u00f3c<\/td>\n<\/tr>\n<tr>\n<th>N\u0103m ra m\u1eaft<\/th>\n<td>2024<\/td>\n<\/tr>\n<\/tbody>\n<\/table>\n<div><img decoding=\"async\" src=\"https:\/\/hzpt.com\/wp-content\/uploads\/2023\/11\/Inverted-Telescopic-Cylinder-21.webp\" alt=\"\" title=\"\"><\/div>\n<h2>C\u00e1c t\u00ednh n\u0103ng ch\u00ednh c\u1ee7a xi lanh th\u1ee7y l\u1ef1c xe ben c\u1ee1 nh\u1ecf<\/h2>\n<p>Xi lanh th\u1ee7y l\u1ef1c \u0111\u01b0\u1ee3c t\u00edch h\u1ee3p nhi\u1ec1u t\u00ednh n\u0103ng \u0111\u1ea3m b\u1ea3o hi\u1ec7u qu\u1ea3 v\u00e0 \u0111\u1ed9 b\u1ec1n:<\/p>\n<ul>\n<li>\n<ul>\n<li>V\u1eadt li\u1ec7u th\u00e2n: \u0110\u01b0\u1ee3c l\u00e0m t\u1eeb th\u00e9p ch\u1ea5t l\u01b0\u1ee3ng cao, xi lanh \u0111\u1ea3m b\u1ea3o \u0111\u1ed9 b\u1ec1n l\u00e2u d\u00e0i v\u00e0 hi\u1ec7u su\u1ea5t m\u1ea1nh m\u1ebd.<\/li>\n<li>L\u1ef1c \u0111\u1ea9y t\u1ed1i \u0111a: V\u1edbi l\u1ef1c \u0111\u1ea9y t\u1ed1i \u0111a 3000, xi lanh c\u00f3 th\u1ec3 d\u1ec5 d\u00e0ng x\u1eed l\u00fd c\u00e1c nhi\u1ec7m v\u1ee5 n\u1eb7ng nh\u1ecdc.<\/li>\n<li>Lo\u1ea1i: \u0110\u00e2y l\u00e0 m\u1ed9t xi lanh l\u1ed3ng ng\u01b0\u1ee3c, n\u1ed5i ti\u1ebfng v\u1edbi thi\u1ebft k\u1ebf nh\u1ecf g\u1ecdn v\u00e0 hi\u1ec7u su\u1ea5t cao.<\/li>\n<\/ul>\n<\/li>\n<\/ul>\n<ul>\n<li>L\u1ef1c k\u00e9o t\u1ed1i \u0111a: Xi lanh c\u00f3 kh\u1ea3 n\u0103ng k\u00e9o t\u1ed1i \u0111a 20 t\u1ea5n, th\u00edch h\u1ee3p cho c\u00e1c ho\u1ea1t \u0111\u1ed9ng t\u1ea3i n\u1eb7ng.<\/li>\n<li>K\u00edch th\u01b0\u1edbc ti\u00eau chu\u1ea9n: Xi lanh c\u00f3 \u0111\u01b0\u1eddng k\u00ednh l\u1ed7 t\u1eeb 2-6 inch, \u0111\u01b0\u1eddng k\u00ednh thanh truy\u1ec1n t\u1eeb 1,125-4 inch, h\u00e0nh tr\u00ecnh piston t\u1eeb 6-48 inch v\u00e0 \u0111\u01b0\u1eddng k\u00ednh ch\u1ed1t piston t\u1eeb 0,5-2 inch.<\/li>\n<\/ul>\n<h2>\u1ee8ng d\u1ee5ng c\u1ee7a xi lanh th\u1ee7y l\u1ef1c xe ben nh\u1ecf<\/h2>\n<div><img decoding=\"async\" src=\"https:\/\/hzpt.com\/wp-content\/uploads\/2023\/11\/Inverted-Telescopic-Cylinder-Applications.webp\" alt=\"\u1ee8ng d\u1ee5ng c\u1ee7a xi lanh th\u1ee7y l\u1ef1c\" title=\"\"><\/div>\n<div>Xi lanh th\u1ee7y l\u1ef1c l\u00fd t\u01b0\u1edfng cho nhi\u1ec1u \u1ee9ng d\u1ee5ng trong c\u00e1c ng\u00e0nh c\u00f4ng nghi\u1ec7p kh\u00e1c nhau nh\u01b0 s\u1ea3n xu\u1ea5t, s\u1eeda ch\u1eefa m\u00e1y m\u00f3c, n\u00f4ng nghi\u1ec7p, n\u0103ng l\u01b0\u1ee3ng &amp; khai th\u00e1c m\u1ecf v\u00e0 c\u00e1c nh\u00e0 m\u00e1y ch\u1ebf t\u1ea1o m\u00e1y m\u00f3c. N\u00f3 ho\u00e0n h\u1ea3o cho c\u00e1c c\u00f4ng vi\u1ec7c \u0111\u00f2i h\u1ecfi c\u00f4ng su\u1ea5t cao v\u00e0 \u0111\u1ed9 ch\u00ednh x\u00e1c.<\/div>\n<h2>Nguy\u00ean l\u00fd ho\u1ea1t \u0111\u1ed9ng v\u00e0 ph\u01b0\u01a1ng ph\u00e1p b\u1ea3o tr\u00ec<\/h2>\n<div>Xi lanh th\u1ee7y l\u1ef1c ho\u1ea1t \u0111\u1ed9ng d\u1ef1a tr\u00ean nguy\u00ean l\u00fd chuy\u1ec3n \u0111\u1ed5i \u00e1p su\u1ea5t th\u1ee7y l\u1ef1c th\u00e0nh l\u1ef1c c\u01a1 h\u1ecdc. \u0110i\u1ec1u n\u00e0y cho ph\u00e9p n\u00f3 x\u1eed l\u00fd c\u00e1c t\u1ea3i tr\u1ecdng n\u1eb7ng v\u1edbi n\u1ed7 l\u1ef1c t\u1ed1i thi\u1ec3u. \u0110\u1ec3 \u0111\u1ea1t hi\u1ec7u su\u1ea5t t\u1ed1i \u01b0u, xi lanh c\u1ea7n:<\/div>\n<ol>\n<li>Ki\u1ec3m tra \u0111\u1ecbnh k\u1ef3: Th\u01b0\u1eddng xuy\u00ean ki\u1ec3m tra xi lanh xem c\u00f3 d\u1ea5u hi\u1ec7u hao m\u00f2n ho\u1eb7c h\u01b0 h\u1ecfng n\u00e0o kh\u00f4ng.<\/li>\n<li>V\u1ec7 sinh: Gi\u1eef cho xi lanh lu\u00f4n s\u1ea1ch s\u1ebd \u0111\u1ec3 tr\u00e1nh t\u1eafc ngh\u1ebdn ho\u1eb7c tr\u1ee5c tr\u1eb7c.<\/li>\n<li>B\u00f4i tr\u01a1n: Vi\u1ec7c b\u00f4i tr\u01a1n th\u01b0\u1eddng xuy\u00ean \u0111\u1ea3m b\u1ea3o ho\u1ea1t \u0111\u1ed9ng tr\u01a1n tru v\u00e0 gi\u1ea3m hao m\u00f2n.<\/li>\n<li>Ki\u1ec3m tra v\u00e0 s\u1eeda ch\u1eefa \u0111\u1ecbnh k\u1ef3: Th\u01b0\u1eddng xuy\u00ean ki\u1ec3m tra b\u00ecnh gas v\u00e0 ti\u1ebfn h\u00e0nh s\u1eeda ch\u1eefa khi c\u1ea7n thi\u1ebft.<\/li>\n<li>Thay th\u1ebf gio\u0103ng: Thay th\u1ebf gio\u0103ng \u0111\u1ecbnh k\u1ef3 \u0111\u1ec3 duy tr\u00ec hi\u1ec7u qu\u1ea3 ho\u1ea1t \u0111\u1ed9ng c\u1ee7a xi lanh.<\/li>\n<\/ol>\n<div><img decoding=\"async\" src=\"https:\/\/hzpt.com\/wp-content\/uploads\/2023\/11\/Inverted-Telescopic-Cylinder-24.webp\" alt=\"\" title=\"\"><\/div>\n<h2>H\u00ecnh tr\u1ee5 \u1ed1ng l\u1ed3ng ng\u01b0\u1ee3c<\/h2>\n<p>Xi lanh th\u1ee7y l\u1ef1c d\u1ea1ng \u1ed1ng l\u1ed3ng ng\u01b0\u1ee3c, c\u00f2n \u0111\u01b0\u1ee3c g\u1ecdi l\u00e0 xi lanh p\u00edt t\u00f4ng, l\u00e0 m\u1ed9t lo\u1ea1i xi lanh th\u1ee7y l\u1ef1c th\u01b0\u1eddng \u0111\u01b0\u1ee3c s\u1eed d\u1ee5ng trong nhi\u1ec1u \u1ee9ng d\u1ee5ng c\u00f4ng nghi\u1ec7p v\u00e0 th\u01b0\u01a1ng m\u1ea1i. N\u00f3 \u0111\u01b0\u1ee3c thi\u1ebft k\u1ebf \u0111\u1ec3 cung c\u1ea5p chuy\u1ec3n \u0111\u1ed9ng tuy\u1ebfn t\u00ednh ch\u00ednh x\u00e1c v\u00e0 m\u1ea1nh m\u1ebd b\u1eb1ng c\u00e1ch chuy\u1ec3n \u0111\u1ed5i n\u0103ng l\u01b0\u1ee3ng th\u1ee7y l\u1ef1c th\u00e0nh l\u1ef1c c\u01a1 h\u1ecdc.<\/p>\n<h3>Xi lanh th\u1ee7y l\u1ef1c ch\u1ea5t l\u01b0\u1ee3ng \u0111\u01b0\u1ee3c \u0111\u1ea3m b\u1ea3o<\/h3>\n<p>\u0110\u1ed1i v\u1edbi xi lanh th\u1ee7y l\u1ef1c, vi\u1ec7c \u0111\u1ea3m b\u1ea3o ch\u1ea5t l\u01b0\u1ee3ng l\u00e0 v\u00f4 c\u00f9ng quan tr\u1ecdng. M\u1ed9t xi lanh th\u1ee7y l\u1ef1c ch\u1ea5t l\u01b0\u1ee3ng \u0111\u1ea3m b\u1ea3o, ch\u1eb3ng h\u1ea1n nh\u01b0 xi lanh l\u1ed3ng ng\u01b0\u1ee3c, tr\u1ea3i qua c\u00e1c quy tr\u00ecnh ki\u1ec3m tra v\u00e0 th\u1eed nghi\u1ec7m nghi\u00eam ng\u1eb7t \u0111\u1ec3 \u0111\u00e1p \u1ee9ng c\u00e1c ti\u00eau chu\u1ea9n cao nh\u1ea5t c\u1ee7a ng\u00e0nh. \u0110i\u1ec1u n\u00e0y \u0111\u1ea3m b\u1ea3o \u0111\u1ed9 tin c\u1eady, \u0111\u1ed9 b\u1ec1n v\u00e0 hi\u1ec7u su\u1ea5t t\u1ed5ng th\u1ec3 c\u1ee7a n\u00f3. Vi\u1ec7c s\u1eed d\u1ee5ng v\u1eadt li\u1ec7u ch\u1ea5t l\u01b0\u1ee3ng cao, k\u1ef9 thu\u1eadt s\u1ea3n xu\u1ea5t ti\u00ean ti\u1ebfn v\u00e0 c\u00e1c bi\u1ec7n ph\u00e1p ki\u1ec3m so\u00e1t ch\u1ea5t l\u01b0\u1ee3ng nghi\u00eam ng\u1eb7t g\u00f3p ph\u1ea7n v\u00e0o hi\u1ec7u su\u1ea5t v\u01b0\u1ee3t tr\u1ed9i v\u00e0 tu\u1ed5i th\u1ecd cao c\u1ee7a n\u00f3.<\/p>\n<h3>T\u00e1c \u0111\u1ed9ng k\u00e9p<\/h3>\n<p>T\u00ednh n\u0103ng t\u00e1c \u0111\u1ed9ng k\u00e9p c\u1ee7a xi lanh th\u1ee7y l\u1ef1c d\u1ea1ng \u1ed1ng l\u1ed3ng ng\u01b0\u1ee3c l\u00e0 \u0111i\u1ec3m kh\u00e1c bi\u1ec7t so v\u1edbi c\u00e1c lo\u1ea1i xi lanh th\u1ee7y l\u1ef1c kh\u00e1c. \u0110i\u1ec1u n\u00e0y c\u00f3 ngh\u0129a l\u00e0 n\u00f3 c\u00f3 th\u1ec3 t\u1ea1o ra l\u1ef1c theo c\u1ea3 hai h\u01b0\u1edbng, mang l\u1ea1i t\u00ednh linh ho\u1ea1t v\u00e0 hi\u1ec7u qu\u1ea3 cao h\u01a1n. Cho d\u00f9 l\u00e0 k\u00e9o d\u00e0i hay thu ng\u1eafn, xi lanh t\u00e1c \u0111\u1ed9ng k\u00e9p \u0111\u1ec1u cung c\u1ea5p c\u00f4ng su\u1ea5t v\u00e0 kh\u1ea3 n\u0103ng \u0111i\u1ec1u khi\u1ec3n \u1ed5n \u0111\u1ecbnh. \u0110i\u1ec1u n\u00e0y l\u00e0m cho n\u00f3 tr\u1edf n\u00ean l\u00fd t\u01b0\u1edfng cho c\u00e1c \u1ee9ng d\u1ee5ng y\u00eau c\u1ea7u chuy\u1ec3n \u0111\u1ed9ng tuy\u1ebfn t\u00ednh ch\u00ednh x\u00e1c v\u00e0 c\u00f3 th\u1ec3 \u0111\u1ea3o chi\u1ec1u, ch\u1eb3ng h\u1ea1n nh\u01b0 n\u00e2ng, \u0111\u1ea9y, k\u00e9o v\u00e0 nghi\u00eang.<\/p>\n<h3>Xi lanh th\u1ee7y l\u1ef1c xe ben nh\u1ecf<\/h3>\n<p>M\u1ed9t \u1ee9ng d\u1ee5ng c\u1ee5 th\u1ec3 m\u00e0 xi lanh th\u1ee7y l\u1ef1c d\u1ea1ng \u1ed1ng l\u1ed3ng ng\u01b0\u1ee3c th\u1ec3 hi\u1ec7n \u01b0u th\u1ebf v\u01b0\u1ee3t tr\u1ed9i l\u00e0 trong c\u00e1c xe t\u1ea3i ben c\u1ee1 nh\u1ecf. C\u00e1c xi lanh n\u00e0y \u0111\u01b0\u1ee3c thi\u1ebft k\u1ebf \u0111\u1ec3 cung c\u1ea5p l\u1ef1c c\u1ea7n thi\u1ebft \u0111\u1ec3 n\u00e2ng v\u00e0 h\u1ea1 th\u00f9ng xe, gi\u00fap vi\u1ec7c b\u1ed1c d\u1ee1 v\u1eadt li\u1ec7u hi\u1ec7u qu\u1ea3. V\u1edbi k\u00edch th\u01b0\u1edbc nh\u1ecf g\u1ecdn v\u00e0 kh\u1ea3 n\u0103ng n\u00e2ng cao, xi lanh th\u1ee7y l\u1ef1c cho xe t\u1ea3i ben c\u1ee1 nh\u1ecf mang l\u1ea1i hi\u1ec7u su\u1ea5t t\u1ed1i \u01b0u trong kh\u00f4ng gian h\u1ea1n ch\u1ebf. Vi\u1ec7c s\u1eed d\u1ee5ng c\u00f4ng ngh\u1ec7 l\u00e0m k\u00edn ti\u00ean ti\u1ebfn v\u00e0 v\u1eadt li\u1ec7u ch\u1ed1ng \u0103n m\u00f2n \u0111\u1ea3m b\u1ea3o \u0111\u1ed9 b\u1ec1n v\u00e0 tu\u1ed5i th\u1ecd c\u1ee7a ch\u00fang, ngay c\u1ea3 trong m\u00f4i tr\u01b0\u1eddng l\u00e0m vi\u1ec7c kh\u1eafc nghi\u1ec7t.<\/p>\n<h3>L\u1ee3i \u00edch v\u00e0 t\u00ednh n\u0103ng<\/h3>\n<p>\u1ed0ng tr\u1ee5 l\u1ed3ng ng\u01b0\u1ee3c mang l\u1ea1i m\u1ed9t s\u1ed1 l\u1ee3i \u00edch v\u00e0 t\u00ednh n\u0103ng quan tr\u1ecdng, khi\u1ebfn n\u00f3 tr\u1edf th\u00e0nh l\u1ef1a ch\u1ecdn \u01b0u ti\u00ean trong nhi\u1ec1u ng\u00e0nh c\u00f4ng nghi\u1ec7p. Nh\u1eefng l\u1ee3i \u00edch \u0111\u00f3 bao g\u1ed3m:<\/p>\n<ol>\n<li>\u0110\u1ed9 ch\u00ednh x\u00e1c v\u00e0 kh\u1ea3 n\u0103ng \u0111i\u1ec1u khi\u1ec3n cao: Thi\u1ebft k\u1ebf c\u1ee7a xi lanh cho ph\u00e9p \u0111i\u1ec1u khi\u1ec3n ch\u00ednh x\u00e1c chuy\u1ec3n \u0111\u1ed9ng tuy\u1ebfn t\u00ednh, \u0111\u1ea3m b\u1ea3o \u0111\u1ecbnh v\u1ecb ch\u00ednh x\u00e1c v\u00e0 v\u1eadn h\u00e0nh tr\u01a1n tru.<\/li>\n<li>\u0110\u1ed9 b\u1ec1n v\u00e0 tu\u1ed5i th\u1ecd v\u01b0\u1ee3t tr\u1ed9i: Vi\u1ec7c s\u1eed d\u1ee5ng v\u1eadt li\u1ec7u c\u00f3 \u0111\u1ed9 b\u1ec1n cao v\u00e0 c\u00e1c k\u1ef9 thu\u1eadt k\u1ef9 thu\u1eadt ti\u00ean ti\u1ebfn t\u1ea1o ra m\u1ed9t xi lanh c\u00f3 th\u1ec3 ch\u1ecbu \u0111\u01b0\u1ee3c t\u1ea3i tr\u1ecdng n\u1eb7ng v\u00e0 \u0111i\u1ec1u ki\u1ec7n ho\u1ea1t \u0111\u1ed9ng kh\u1eafc nghi\u1ec7t.<\/li>\n<li>T\u1eadn d\u1ee5ng kh\u00f4ng gian hi\u1ec7u qu\u1ea3: Thi\u1ebft k\u1ebf nh\u1ecf g\u1ecdn c\u1ee7a xi lanh cho ph\u00e9p t\u1ed1i \u01b0u h\u00f3a vi\u1ec7c s\u1eed d\u1ee5ng kh\u00f4ng gian, ph\u00f9 h\u1ee3p v\u1edbi c\u00e1c \u1ee9ng d\u1ee5ng c\u00f3 kh\u00f4ng gian l\u1eafp \u0111\u1eb7t h\u1ea1n ch\u1ebf.<\/li>\n<li>L\u1eafp \u0111\u1eb7t v\u00e0 b\u1ea3o tr\u00ec d\u1ec5 d\u00e0ng: Thi\u1ebft k\u1ebf v\u00e0 c\u1ea5u t\u1ea1o c\u1ee7a xi lanh gi\u00fap \u0111\u01a1n gi\u1ea3n h\u00f3a qu\u00e1 tr\u00ecnh l\u1eafp \u0111\u1eb7t v\u00e0 gi\u1ea3m thi\u1ec3u nhu c\u1ea7u b\u1ea3o tr\u00ec th\u01b0\u1eddng xuy\u00ean, gi\u1ea3m th\u1eddi gian ng\u1eebng ho\u1ea1t \u0111\u1ed9ng v\u00e0 t\u1ed1i \u0111a h\u00f3a n\u0103ng su\u1ea5t.<\/li>\n<\/ol>\n<p>T\u00f3m l\u1ea1i, xi lanh th\u1ee7y l\u1ef1c d\u1ea1ng \u1ed1ng l\u1ed3ng ng\u01b0\u1ee3c l\u00e0 m\u1ed9t lo\u1ea1i xi lanh th\u1ee7y l\u1ef1c \u0111\u00e1ng tin c\u1eady v\u00e0 \u0111a n\u0103ng, \u0111\u1ea3m b\u1ea3o ch\u1ea5t l\u01b0\u1ee3ng, ch\u1ee9c n\u0103ng t\u00e1c \u0111\u1ed9ng k\u00e9p v\u00e0 hi\u1ec7u su\u1ea5t tuy\u1ec7t v\u1eddi trong c\u00e1c \u1ee9ng d\u1ee5ng nh\u01b0 xe t\u1ea3i t\u1ef1 \u0111\u1ed5 c\u1ee1 nh\u1ecf. Nh\u1eefng t\u00ednh n\u0103ng v\u00e0 l\u1ee3i \u00edch \u0111\u1ed9c \u0111\u00e1o c\u1ee7a n\u00f3 l\u00e0m cho n\u00f3 tr\u1edf th\u00e0nh m\u1ed9t b\u1ed9 ph\u1eadn c\u00f3 gi\u00e1 tr\u1ecb trong nhi\u1ec1u m\u00f4i tr\u01b0\u1eddng c\u00f4ng nghi\u1ec7p v\u00e0 th\u01b0\u01a1ng m\u1ea1i kh\u00e1c nhau, cung c\u1ea5p chuy\u1ec3n \u0111\u1ed9ng tuy\u1ebfn t\u00ednh ch\u00ednh x\u00e1c v\u00e0 m\u1ea1nh m\u1ebd cho nhi\u1ec1u \u1ee9ng d\u1ee5ng.<\/p>\n<h3>Gi\u1edbi thi\u1ec7u v\u1ec1 FMP<\/h3>\n<p>FMP l\u00e0 c\u00f4ng ty chuy\u00ean s\u1ea3n xu\u1ea5t v\u00e0 kinh doanh xi lanh th\u1ee7y l\u1ef1c. V\u1edbi nhi\u1ec1u n\u0103m kinh nghi\u1ec7m trong ng\u00e0nh v\u00e0 \u0111\u1ed9i ng\u0169 chuy\u00ean nghi\u1ec7p, ch\u00fang t\u00f4i cam k\u1ebft cung c\u1ea5p xi lanh th\u1ee7y l\u1ef1c ch\u1ea5t l\u01b0\u1ee3ng cao v\u00e0 \u0111\u00e1ng tin c\u1eady cho kh\u00e1ch h\u00e0ng.<\/p>\n<p>Xi lanh th\u1ee7y l\u1ef1c c\u1ee7a ch\u00fang t\u00f4i \u0111\u01b0\u1ee3c thi\u1ebft k\u1ebf v\u00e0 s\u1ea3n xu\u1ea5t \u0111\u1ec3 \u0111\u00e1p \u1ee9ng c\u00e1c ti\u00eau chu\u1ea9n cao nh\u1ea5t c\u1ee7a ng\u00e0nh. D\u01b0\u1edbi \u0111\u00e2y l\u00e0 n\u0103m \u01b0u \u0111i\u1ec3m ch\u00ednh c\u1ee7a s\u1ea3n ph\u1ea9m v\u00e0 c\u00f4ng ty ch\u00fang t\u00f4i:<\/p>\n<p><strong>1. Nhi\u1ec1u l\u1ef1a ch\u1ecdn:<\/strong> Ch\u00fang t\u00f4i cung c\u1ea5p \u0111a d\u1ea1ng c\u00e1c lo\u1ea1i xi lanh th\u1ee7y l\u1ef1c \u0111\u1ec3 \u0111\u00e1p \u1ee9ng nhi\u1ec1u nhu c\u1ea7u kh\u00e1c nhau. Cho d\u00f9 b\u1ea1n c\u1ea7n xi lanh ti\u00eau chu\u1ea9n hay gi\u1ea3i ph\u00e1p t\u00f9y ch\u1ec9nh, ch\u00fang t\u00f4i \u0111\u1ec1u c\u00f3 chuy\u00ean m\u00f4n \u0111\u1ec3 mang \u0111\u1ebfn s\u1ef1 l\u1ef1a ch\u1ecdn ho\u00e0n h\u1ea3o cho \u1ee9ng d\u1ee5ng c\u1ee7a b\u1ea1n.<\/p>\n<p><strong>2. Ch\u1ea5t l\u01b0\u1ee3ng v\u01b0\u1ee3t tr\u1ed9i:<\/strong> T\u1ea1i FMP, ch\u00fang t\u00f4i \u01b0u ti\u00ean ch\u1ea5t l\u01b0\u1ee3ng trong m\u1ecdi kh\u00eda c\u1ea1nh c\u1ee7a quy tr\u00ecnh s\u1ea3n xu\u1ea5t. Xi lanh th\u1ee7y l\u1ef1c c\u1ee7a ch\u00fang t\u00f4i \u0111\u01b0\u1ee3c l\u00e0m t\u1eeb v\u1eadt li\u1ec7u cao c\u1ea5p v\u00e0 tr\u1ea3i qua qu\u00e1 tr\u00ecnh ki\u1ec3m tra nghi\u00eam ng\u1eb7t \u0111\u1ec3 \u0111\u1ea3m b\u1ea3o \u0111\u1ed9 b\u1ec1n v\u00e0 \u0111\u1ed9 tin c\u1eady.<\/p>\n<p><strong>3. C\u00f4ng ngh\u1ec7 ti\u00ean ti\u1ebfn:<\/strong> Ch\u00fang t\u00f4i t\u1eadn d\u1ee5ng nh\u1eefng ti\u1ebfn b\u1ed9 c\u00f4ng ngh\u1ec7 m\u1edbi nh\u1ea5t trong quy tr\u00ecnh s\u1ea3n xu\u1ea5t. \u0110i\u1ec1u n\u00e0y cho ph\u00e9p ch\u00fang t\u00f4i cung c\u1ea5p c\u00e1c xi lanh th\u1ee7y l\u1ef1c ti\u00ean ti\u1ebfn h\u00e0ng \u0111\u1ea7u, v\u1edbi hi\u1ec7u su\u1ea5t v\u00e0 hi\u1ec7u qu\u1ea3 \u0111\u01b0\u1ee3c c\u1ea3i thi\u1ec7n.<\/p>\n<p><strong>4. T\u01b0 v\u1ea5n chuy\u00ean gia:<\/strong> \u0110\u1ed9i ng\u0169 b\u00e1n h\u00e0ng gi\u00e0u kinh nghi\u1ec7m c\u1ee7a ch\u00fang t\u00f4i am hi\u1ec3u s\u00e2u s\u1eafc v\u1ec1 ng\u00e0nh m\u00e1y m\u00f3c x\u00e2y d\u1ef1ng. H\u1ecd c\u00f3 th\u1ec3 t\u01b0 v\u1ea5n s\u1ea3n ph\u1ea9m chuy\u00ean nghi\u1ec7p, gi\u00fap b\u1ea1n l\u1ef1a ch\u1ecdn xi lanh th\u1ee7y l\u1ef1c ph\u00f9 h\u1ee3p v\u1edbi nhu c\u1ea7u c\u1ee5 th\u1ec3 c\u1ee7a m\u00ecnh.<\/p>\n<p><strong>5. H\u1eadu c\u1ea7n hi\u1ec7u qu\u1ea3:<\/strong> Ch\u00fang t\u00f4i hi\u1ec3u t\u1ea7m quan tr\u1ecdng c\u1ee7a vi\u1ec7c giao h\u00e0ng \u0111\u00fang h\u1ea1n. H\u1ec7 th\u1ed1ng ph\u00e2n ph\u1ed1i h\u1eadu c\u1ea7n hi\u1ec7u qu\u1ea3 c\u1ee7a ch\u00fang t\u00f4i \u0111\u1ea3m b\u1ea3o b\u1ea1n nh\u1eadn \u0111\u01b0\u1ee3c xi lanh th\u1ee7y l\u1ef1c c\u1ea7n thi\u1ebft m\u1ed9t c\u00e1ch k\u1ecbp th\u1eddi v\u00e0 ch\u00ednh x\u00e1c, gi\u1ea3m thi\u1ec3u th\u1eddi gian ng\u1eebng ho\u1ea1t \u0111\u1ed9ng v\u00e0 t\u1ed1i \u0111a h\u00f3a n\u0103ng su\u1ea5t.<\/p>\n<p><img decoding=\"async\" src=\"https:\/\/fmp-components.com\/wp-content\/uploads\/2024\/12\/Adjustable-Clevis-Type-Cylinders-6.webp\" alt=\"Xi lanh lo\u1ea1i Clevis c\u00f3 th\u1ec3 \u0111i\u1ec1u ch\u1ec9nh\" width=\"805\" title=\"\"><\/p>\n<p>T\u00e1c gi\u1ea3: CX<\/p>","protected":false},"excerpt":{"rendered":"<p>Introducing the Guaranteed Quality Hydraulic Cylinder Double Acting Small Dump Truck Hydraulic Cylinder: The Guaranteed Quality Hydraulic Cylinder Double Acting Small Dump Truck Hydraulic Cylinder is a high-quality product that is specifically designed for dump trucks. With its double-acting functionality, this hydraulic cylinder offers excellent performance and reliability. This hydraulic cylinder is manufactured using top-grade [&hellip;]<\/p>","protected":false},"featured_media":1608,"comment_status":"closed","ping_status":"closed","template":"","meta":{"_et_pb_use_builder":"","_et_pb_old_content":"","_et_gb_content_width":""},"product_brand":[],"product_cat":[45],"product_tag":[34,48],"class_list":{"0":"post-1607","1":"product","2":"type-product","3":"status-publish","4":"has-post-thumbnail","6":"product_cat-inverted-telescopic-cylinder","7":"product_tag-hydraulic-cylinder","8":"product_tag-inverted-telescopic-cylinder","10":"first","11":"instock","12":"product-type-simple"},"_links":{"self":[{"href":"https:\/\/fmp-components.com\/vi\/wp-json\/wp\/v2\/product\/1607","targetHints":{"allow":["GET"]}}],"collection":[{"href":"https:\/\/fmp-components.com\/vi\/wp-json\/wp\/v2\/product"}],"about":[{"href":"https:\/\/fmp-components.com\/vi\/wp-json\/wp\/v2\/types\/product"}],"replies":[{"embeddable":true,"href":"https:\/\/fmp-components.com\/vi\/wp-json\/wp\/v2\/comments?post=1607"}],"wp:featuredmedia":[{"embeddable":true,"href":"https:\/\/fmp-components.com\/vi\/wp-json\/wp\/v2\/media\/1608"}],"wp:attachment":[{"href":"https:\/\/fmp-components.com\/vi\/wp-json\/wp\/v2\/media?parent=1607"}],"wp:term":[{"taxonomy":"product_brand","embeddable":true,"href":"https:\/\/fmp-components.com\/vi\/wp-json\/wp\/v2\/product_brand?post=1607"},{"taxonomy":"product_cat","embeddable":true,"href":"https:\/\/fmp-components.com\/vi\/wp-json\/wp\/v2\/product_cat?post=1607"},{"taxonomy":"product_tag","embeddable":true,"href":"https:\/\/fmp-components.com\/vi\/wp-json\/wp\/v2\/product_tag?post=1607"}],"curies":[{"name":"wp","href":"https:\/\/api.w.org\/{rel}","templated":true}]}}