{"id":1605,"date":"2024-12-23T06:59:20","date_gmt":"2024-12-23T06:59:20","guid":{"rendered":"https:\/\/fmp-components.com\/product\/durable-long-stroke-2-stage-hydraulic-cylinder-telescopic-hydraulic-cylinder\/"},"modified":"2024-12-23T08:24:34","modified_gmt":"2024-12-23T08:24:34","slug":"durable-long-stroke-2-stage-hydraulic-cylinder-telescopic-hydraulic-cylinder","status":"publish","type":"product","link":"https:\/\/fmp-components.com\/vi\/product\/durable-long-stroke-2-stage-hydraulic-cylinder-telescopic-hydraulic-cylinder\/","title":{"rendered":"Xi lanh th\u1ee7y l\u1ef1c 2 c\u1ea5p h\u00e0nh tr\u00ecnh d\u00e0i b\u1ec1n b\u1ec9 Xi lanh th\u1ee7y l\u1ef1c d\u1ea1ng \u1ed1ng l\u1ed3ng"},"content":{"rendered":"<p>Xi lanh th\u1ee7y l\u1ef1c 2 c\u1ea5p h\u00e0nh tr\u00ecnh d\u00e0i b\u1ec1n b\u1ec9 l\u00e0 s\u1ea3n ph\u1ea9m ch\u1ea5t l\u01b0\u1ee3ng cao \u0111\u01b0\u1ee3c thi\u1ebft k\u1ebf \u0111\u1ec3 mang l\u1ea1i hi\u1ec7u su\u1ea5t tuy\u1ec7t v\u1eddi trong nhi\u1ec1u \u1ee9ng d\u1ee5ng th\u1ee7y l\u1ef1c kh\u00e1c nhau. V\u1edbi c\u1ea5u tr\u00fac b\u1ec1n b\u1ec9 v\u00e0 thi\u1ebft k\u1ebf ti\u00ean ti\u1ebfn, xi lanh th\u1ee7y l\u1ef1c n\u00e0y mang \u0111\u1ebfn kh\u1ea3 n\u0103ng v\u1eadn h\u00e0nh \u0111\u00e1ng tin c\u1eady v\u00e0 \u0111\u1ed9 b\u1ec1n l\u00e2u d\u00e0i.<\/p>\n<p>M\u1ed9t trong nh\u1eefng t\u00ednh n\u0103ng ch\u00ednh c\u1ee7a xi lanh th\u1ee7y l\u1ef1c n\u00e0y l\u00e0 kh\u1ea3 n\u0103ng ho\u1ea1t \u0111\u1ed9ng trong ph\u1ea1m vi r\u1ed9ng. V\u1edbi thi\u1ebft k\u1ebf hai giai \u0111o\u1ea1n, xi lanh c\u00f3 kh\u1ea3 n\u0103ng m\u1edf r\u1ed9ng v\u00e0 thu h\u1eb9p ph\u1ea1m vi ho\u1ea1t \u0111\u1ed9ng l\u1edbn h\u01a1n, ph\u00f9 h\u1ee3p cho c\u00e1c \u1ee9ng d\u1ee5ng \u0111\u00f2i h\u1ecfi ph\u1ea1m vi chuy\u1ec3n \u0111\u1ed9ng l\u1edbn h\u01a1n. D\u00f9 \u0111\u01b0\u1ee3c s\u1eed d\u1ee5ng trong thi\u1ebft b\u1ecb x\u00e2y d\u1ef1ng, m\u00e1y m\u00f3c n\u00f4ng nghi\u1ec7p hay m\u00e1y m\u00f3c c\u00f4ng nghi\u1ec7p, xi lanh th\u1ee7y l\u1ef1c n\u00e0y \u0111\u1ec1u c\u00f3 th\u1ec3 cung c\u1ea5p c\u00f4ng su\u1ea5t v\u00e0 \u0111\u1ed9 ch\u00ednh x\u00e1c c\u1ea7n thi\u1ebft \u0111\u1ec3 ho\u00e0n th\u00e0nh c\u00f4ng vi\u1ec7c.<\/p>\n<p>Ngo\u00e0i kh\u1ea3 n\u0103ng h\u00e0nh tr\u00ecnh d\u00e0i, xi lanh th\u1ee7y l\u1ef1c n\u00e0y c\u00f2n mang l\u1ea1i s\u1ee9c m\u1ea1nh v\u00e0 \u0111\u1ed9 \u1ed5n \u0111\u1ecbnh v\u01b0\u1ee3t tr\u1ed9i. V\u1edbi thi\u1ebft k\u1ebf d\u1ea1ng \u1ed1ng l\u1ed3ng, xi lanh c\u00f3 th\u1ec3 ch\u1ecbu \u0111\u01b0\u1ee3c t\u1ea3i tr\u1ecdng n\u1eb7ng v\u00e0 ch\u1ecbu \u0111\u01b0\u1ee3c s\u1ef1 kh\u1eafc nghi\u1ec7t c\u1ee7a m\u00f4i tr\u01b0\u1eddng l\u00e0m vi\u1ec7c. V\u1eadt li\u1ec7u ch\u1ea5t l\u01b0\u1ee3ng cao \u0111\u01b0\u1ee3c s\u1eed d\u1ee5ng trong c\u1ea5u t\u1ea1o \u0111\u1ea3m b\u1ea3o xi lanh c\u00f3 th\u1ec3 ch\u1ecbu \u0111\u01b0\u1ee3c \u00e1p l\u1ef1c v\u00e0 \u1ee9ng su\u1ea5t trong qu\u00e1 tr\u00ecnh s\u1eed d\u1ee5ng h\u00e0ng ng\u00e0y m\u00e0 kh\u00f4ng \u1ea3nh h\u01b0\u1edfng \u0111\u1ebfn hi\u1ec7u su\u1ea5t.<\/p>\n<p>H\u01a1n n\u1eefa, xi lanh th\u1ee7y l\u1ef1c n\u00e0y mang l\u1ea1i kh\u1ea3 n\u0103ng v\u1eadn h\u00e0nh tr\u01a1n tru v\u00e0 ki\u1ec3m so\u00e1t ch\u00ednh x\u00e1c. H\u1ec7 th\u1ed1ng th\u1ee7y l\u1ef1c ti\u00ean ti\u1ebfn \u0111\u1ea3m b\u1ea3o xi lanh di chuy\u1ec3n tr\u01a1n tru v\u00e0 \u0111\u1ec1u \u0111\u1eb7n, cho ph\u00e9p \u0111\u1ecbnh v\u1ecb ch\u00ednh x\u00e1c v\u00e0 v\u1eadn h\u00e0nh hi\u1ec7u qu\u1ea3. V\u1edbi hi\u1ec7u su\u1ea5t \u0111\u00e1ng tin c\u1eady, n\u00f3 gi\u00fap c\u1ea3i thi\u1ec7n n\u0103ng su\u1ea5t v\u00e0 hi\u1ec7u qu\u1ea3 trong nhi\u1ec1u \u1ee9ng d\u1ee5ng kh\u00e1c nhau.<\/p>\n<p>Nh\u00ecn chung, Xi lanh th\u1ee7y l\u1ef1c 2 c\u1ea5p b\u1ec1n b\u1ec9 v\u1edbi h\u00e0nh tr\u00ecnh d\u00e0i l\u00e0 m\u1ed9t l\u1ef1a ch\u1ecdn tuy\u1ec7t v\u1eddi cho nh\u1eefng ai \u0111ang t\u00ecm ki\u1ebfm m\u1ed9t xi lanh th\u1ee7y l\u1ef1c ch\u1ea5t l\u01b0\u1ee3ng cao. V\u1edbi c\u1ea5u tr\u00fac b\u1ec1n b\u1ec9, kh\u1ea3 n\u0103ng h\u00e0nh tr\u00ecnh d\u00e0i v\u00e0 kh\u1ea3 n\u0103ng \u0111i\u1ec1u khi\u1ec3n ch\u00ednh x\u00e1c, s\u1ea3n ph\u1ea9m mang l\u1ea1i hi\u1ec7u su\u1ea5t \u0111\u00e1ng tin c\u1eady v\u00e0 \u0111\u1ed9 b\u1ec1n l\u00e2u d\u00e0i. D\u00f9 \u0111\u01b0\u1ee3c s\u1eed d\u1ee5ng trong x\u00e2y d\u1ef1ng, n\u00f4ng nghi\u1ec7p hay c\u00f4ng nghi\u1ec7p, xi lanh th\u1ee7y l\u1ef1c n\u00e0y ch\u1eafc ch\u1eafn s\u1ebd \u0111\u00e1p \u1ee9ng \u0111\u01b0\u1ee3c nhu c\u1ea7u c\u1ee7a ngay c\u1ea3 nh\u1eefng \u1ee9ng d\u1ee5ng kh\u00f3 kh\u0103n nh\u1ea5t.<\/p>\n<h2>Xi lanh th\u1ee7y l\u1ef1c 2 c\u1ea5p h\u00e0nh tr\u00ecnh d\u00e0i b\u1ec1n b\u1ec9 Xi lanh th\u1ee7y l\u1ef1c d\u1ea1ng \u1ed1ng l\u1ed3ng<\/h2>\n<p>S\u1ea3n ph\u1ea9m n\u00e0y \u0111\u01b0\u1ee3c thi\u1ebft k\u1ebf \u0111\u1ec3 \u0111\u00e1p \u1ee9ng c\u00e1c ti\u00eau chu\u1ea9n cao nh\u1ea5t v\u1ec1 \u0111\u1ed9 b\u1ec1n v\u00e0 \u0111\u1ed9 tin c\u1eady c\u1ee7a xi lanh th\u1ee7y l\u1ef1c. S\u1ea3n ph\u1ea9m \u0111\u01b0\u1ee3c ch\u1ebf t\u1ea1o v\u1edbi c\u1ea5u tr\u00fac xi lanh piston ti\u00eau chu\u1ea9n, cho ph\u00e9p t\u00edch h\u1ee3p d\u1ec5 d\u00e0ng v\u00e0 t\u01b0\u01a1ng th\u00edch v\u1edbi c\u00e1c h\u1ec7 th\u1ed1ng hi\u1ec7n c\u00f3. \u0110\u01b0\u1ee3c v\u1eadn h\u00e0nh b\u1eb1ng h\u1ec7 th\u1ed1ng th\u1ee7y l\u1ef1c, s\u1ea3n ph\u1ea9m \u0111\u1ea3m b\u1ea3o hi\u1ec7u su\u1ea5t v\u00e0 \u0111\u1ed9 tin c\u1eady cao trong nhi\u1ec1u \u1ee9ng d\u1ee5ng kh\u00e1c nhau. \u0110\u01b0\u1ee3c ch\u1ebf t\u1ea1o t\u1eeb th\u00e9p, xi lanh th\u1ee7y l\u1ef1c n\u00e0y c\u00f3 \u0111\u1ed9 b\u1ec1n cao v\u00e0 c\u00f3 th\u1ec3 ch\u1ecbu \u0111\u01b0\u1ee3c l\u1ef1c \u0111\u1ea9y t\u1ed1i \u0111a 3000 v\u00e0 l\u1ef1c k\u00e9o t\u1ed1i \u0111a 20 t\u1ea5n, mang l\u1ea1i hi\u1ec7u su\u1ea5t m\u1ea1nh m\u1ebd.<\/p>\n<p><img decoding=\"async\" src=\"https:\/\/hzpt.com\/wp-content\/uploads\/2023\/11\/Inverted-Telescopic-Cylinder-17.webp\" alt=\"\" title=\"\"><\/p>\n<h3>\u0110\u1eb7c tr\u01b0ng<\/h3>\n<ul>\n<li>C\u1ea5u tr\u00fac xi lanh piston ti\u00eau chu\u1ea9n gi\u00fap d\u1ec5 d\u00e0ng t\u00edch h\u1ee3p v\u00e0 t\u01b0\u01a1ng th\u00edch v\u1edbi c\u00e1c h\u1ec7 th\u1ed1ng hi\u1ec7n c\u00f3.<\/li>\n<li>N\u0103ng l\u01b0\u1ee3ng th\u1ee7y l\u1ef1c mang l\u1ea1i hi\u1ec7u su\u1ea5t v\u00e0 \u0111\u1ed9 tin c\u1eady cao trong nhi\u1ec1u \u1ee9ng d\u1ee5ng kh\u00e1c nhau.<\/li>\n<li>\u0110\u01b0\u1ee3c ch\u1ebf t\u1ea1o t\u1eeb th\u00e9p ch\u1eafc ch\u1eafn \u0111\u1ec3 t\u0103ng \u0111\u1ed9 b\u1ec1n v\u00e0 tu\u1ed5i th\u1ecd.<\/li>\n<li>C\u00f3 kh\u1ea3 n\u0103ng ch\u1ecbu l\u1ef1c \u0111\u1ea9y t\u1ed1i \u0111a 3000 v\u00e0 l\u1ef1c k\u00e9o t\u1ed1i \u0111a 20 t\u1ea5n, mang l\u1ea1i hi\u1ec7u su\u1ea5t m\u1ea1nh m\u1ebd.<\/li>\n<li>\u0110\u01b0\u1ee3c ch\u1ee9ng nh\u1eadn ISO9001:2000, \u0111\u1ea3m b\u1ea3o ch\u1ea5t l\u01b0\u1ee3ng v\u00e0 \u0111\u1ed9 tin c\u1eady c\u1ee7a s\u1ea3n ph\u1ea9m.<\/li>\n<\/ul>\n<h3>\u1ee8ng d\u1ee5ng<\/h3>\n<p>Xi lanh th\u1ee7y l\u1ef1c n\u00e0y l\u00fd t\u01b0\u1edfng cho c\u00e1c \u1ee9ng d\u1ee5ng h\u1ea1ng n\u1eb7ng trong nhi\u1ec1u ng\u00e0nh c\u00f4ng nghi\u1ec7p kh\u00e1c nhau nh\u01b0 nh\u00e0 m\u00e1y s\u1ea3n xu\u1ea5t, x\u01b0\u1edfng s\u1eeda ch\u1eefa m\u00e1y m\u00f3c, trang tr\u1ea1i, n\u0103ng l\u01b0\u1ee3ng &amp; khai th\u00e1c m\u1ecf, s\u1ea3n xu\u1ea5t m\u00e1y m\u00f3c v\u00e0 nh\u00e0 m\u00e1y s\u1ea3n xu\u1ea5t m\u00e1y m\u00f3c.<\/p>\n<p><img decoding=\"async\" src=\"https:\/\/hzpt.com\/wp-content\/uploads\/2023\/11\/Inverted-Telescopic-Cylinder-Applications.webp\" alt=\"\u1ee8ng d\u1ee5ng c\u1ee7a xi lanh \u1ed1ng l\u1ed3ng ng\u01b0\u1ee3c\" title=\"\"><\/p>\n<h3>Nguy\u00ean l\u00fd ho\u1ea1t \u0111\u1ed9ng v\u00e0 b\u1ea3o tr\u00ec<\/h3>\n<ul>\n<li>Xi lanh th\u1ee7y l\u1ef1c ho\u1ea1t \u0111\u1ed9ng theo nguy\u00ean l\u00fd s\u1eed d\u1ee5ng ch\u1ea5t l\u1ecfng c\u00f3 \u00e1p su\u1ea5t \u0111\u1ec3 t\u1ea1o ra l\u1ef1c.<\/li>\n<li>C\u1ea7n ph\u1ea3i ki\u1ec3m tra th\u01b0\u1eddng xuy\u00ean \u0111\u1ec3 \u0111\u1ea3m b\u1ea3o xi lanh ho\u1ea1t \u0111\u1ed9ng t\u1ed1i \u01b0u.<\/li>\n<li>C\u1ea7n v\u1ec7 sinh xi lanh th\u1ee7y l\u1ef1c \u0111\u00fang c\u00e1ch \u0111\u1ec3 tr\u00e1nh t\u00edch t\u1ee5 b\u1ee5i b\u1ea9n v\u00e0 m\u1ea3nh v\u1ee5n.<\/li>\n<li>Vi\u1ec7c b\u00f4i tr\u01a1n xi lanh th\u1ee7y l\u1ef1c l\u00e0 \u0111i\u1ec1u c\u1ea7n thi\u1ebft \u0111\u1ec3 v\u1eadn h\u00e0nh tr\u01a1n tru v\u00e0 ng\u0103n ng\u1eeba hao m\u00f2n.<\/li>\n<li>Vi\u1ec7c thay th\u1ebf ph\u1edbt ph\u1ea3i \u0111\u01b0\u1ee3c th\u1ef1c hi\u1ec7n th\u01b0\u1eddng xuy\u00ean \u0111\u1ec3 tr\u00e1nh r\u00f2 r\u1ec9.<\/li>\n<\/ul>\n<p><img decoding=\"async\" src=\"https:\/\/hzpt.com\/wp-content\/uploads\/2023\/11\/Inverted-Telescopic-Cylinder-25.webp\" alt=\"\" title=\"\"><\/p>\n<h2>H\u00ecnh tr\u1ee5 \u1ed1ng l\u1ed3ng ng\u01b0\u1ee3c<\/h2>\n<p>Xi lanh th\u1ee7y l\u1ef1c \u1ed1ng l\u1ed3ng ng\u01b0\u1ee3c l\u00e0 m\u1ed9t lo\u1ea1i xi lanh th\u1ee7y l\u1ef1c \u0111\u01b0\u1ee3c s\u1eed d\u1ee5ng trong nhi\u1ec1u \u1ee9ng d\u1ee5ng c\u00f4ng nghi\u1ec7p kh\u00e1c nhau cho m\u1ee5c \u0111\u00edch chuy\u1ec3n \u0111\u1ed9ng th\u1eb3ng. Xi lanh n\u00e0y \u0111\u01b0\u1ee3c thi\u1ebft k\u1ebf \u0111\u1eb7c bi\u1ec7t \u0111\u1ec3 cung c\u1ea5p h\u00e0nh tr\u00ecnh d\u00e0i b\u1ec1n b\u1ec9 v\u00e0 \u0111\u01b0\u1ee3c coi l\u00e0 xi lanh th\u1ee7y l\u1ef1c 2 c\u1ea5p. Trong b\u00e0i vi\u1ebft n\u00e0y, ch\u00fang ta s\u1ebd th\u1ea3o lu\u1eadn v\u1ec1 c\u00e1c t\u00ednh n\u0103ng v\u00e0 l\u1ee3i \u00edch c\u1ee7a xi lanh \u1ed1ng l\u1ed3ng ng\u01b0\u1ee3c.<\/p>\n<h3>\u0110\u1eb7c tr\u01b0ng:<\/h3>\n<ul>\n<li>Kh\u1ea3 n\u0103ng ch\u1ecbu t\u1ea3i cao<\/li>\n<li>\u0110\u1ed9 b\u1ec1n cao<\/li>\n<li>Thi\u1ebft k\u1ebf nh\u1ecf g\u1ecdn<\/li>\n<li>Kh\u1ea3 n\u0103ng ch\u1ed1ng m\u00e0i m\u00f2n cao<\/li>\n<li>B\u1ea3o tr\u00ec th\u1ea5p<\/li>\n<\/ul>\n<h3>Nh\u1eefng l\u1ee3i \u00edch:<\/h3>\n<p>M\u1ed9t trong nh\u1eefng l\u1ee3i \u00edch ch\u00ednh c\u1ee7a xi lanh \u1ed1ng l\u1ed3ng ng\u01b0\u1ee3c l\u00e0 kh\u1ea3 n\u0103ng cung c\u1ea5p h\u00e0nh tr\u00ecnh d\u00e0i b\u1ec1n b\u1ec9. \u0110i\u1ec1u n\u00e0y \u0111\u1ea1t \u0111\u01b0\u1ee3c nh\u1edd thi\u1ebft k\u1ebf \u0111\u1ed9c \u0111\u00e1o c\u1ee7a xi lanh, bao g\u1ed3m nhi\u1ec1u t\u1ea7ng \u0111\u01b0\u1ee3c l\u1ed3ng v\u00e0o nhau. Thi\u1ebft k\u1ebf n\u00e0y cho ph\u00e9p xi lanh m\u1edf r\u1ed9ng v\u00e0 thu v\u00e0o hi\u1ec7u qu\u1ea3 h\u01a1n, t\u1eeb \u0111\u00f3 gi\u00fap t\u0103ng tu\u1ed5i th\u1ecd t\u1ed5ng th\u1ec3 c\u1ee7a xi lanh.<\/p>\n<p>M\u1ed9t l\u1ee3i \u00edch kh\u00e1c c\u1ee7a xi lanh \u1ed1ng l\u1ed3ng ng\u01b0\u1ee3c l\u00e0 kh\u1ea3 n\u0103ng ch\u1ecbu t\u1ea3i cao. \u0110i\u1ec1u n\u00e0y l\u00e0 do xi lanh c\u00f3 th\u1ec3 ph\u00e2n b\u1ed5 t\u1ea3i \u0111\u1ec1u tr\u00ean t\u1ea5t c\u1ea3 c\u00e1c t\u1ea7ng, gi\u00fap ng\u0103n ng\u1eeba t\u00ecnh tr\u1ea1ng qu\u00e1 t\u1ea3i cho b\u1ea5t k\u1ef3 t\u1ea7ng n\u00e0o. H\u01a1n n\u1eefa, thi\u1ebft k\u1ebf nh\u1ecf g\u1ecdn c\u1ee7a xi lanh cho ph\u00e9p s\u1eed d\u1ee5ng trong c\u00e1c \u1ee9ng d\u1ee5ng c\u00f3 kh\u00f4ng gian h\u1ea1n ch\u1ebf, bi\u1ebfn n\u00f3 th\u00e0nh m\u1ed9t gi\u1ea3i ph\u00e1p linh ho\u1ea1t cho nhi\u1ec1u ng\u00e0nh c\u00f4ng nghi\u1ec7p.<\/p>\n<p>Xi lanh th\u1ee7y l\u1ef1c d\u1ea1ng \u1ed1ng l\u1ed3ng c\u00f2n \u0111\u01b0\u1ee3c bi\u1ebft \u0111\u1ebfn v\u1edbi kh\u1ea3 n\u0103ng ch\u1ed1ng m\u00e0i m\u00f2n cao. \u0110i\u1ec1u n\u00e0y \u0111\u1ea1t \u0111\u01b0\u1ee3c nh\u1edd s\u1eed d\u1ee5ng v\u1eadt li\u1ec7u ch\u1ea5t l\u01b0\u1ee3ng cao v\u00e0 quy tr\u00ecnh s\u1ea3n xu\u1ea5t ch\u00ednh x\u00e1c. Nh\u1edd \u0111\u00f3, c\u00e1c xi lanh n\u00e0y c\u00f3 th\u1ec3 ch\u1ecbu \u0111\u01b0\u1ee3c nh\u1eefng \u1ee9ng d\u1ee5ng c\u00f4ng nghi\u1ec7p kh\u1eaft khe nh\u1ea5t m\u00e0 kh\u00f4ng b\u1ecb h\u1ecfng s\u1edbm ho\u1eb7c gi\u1ea3m hi\u1ec7u su\u1ea5t theo th\u1eddi gian.<\/p>\n<p>T\u00f3m l\u1ea1i, xi lanh \u1ed1ng l\u1ed3ng ng\u01b0\u1ee3c l\u00e0 m\u1ed9t gi\u1ea3i ph\u00e1p linh ho\u1ea1t v\u00e0 hi\u1ec7u qu\u1ea3 cho c\u00e1c \u1ee9ng d\u1ee5ng chuy\u1ec3n \u0111\u1ed9ng tuy\u1ebfn t\u00ednh. Thi\u1ebft k\u1ebf \u0111\u1ed9c \u0111\u00e1o c\u1ee7a n\u00f3 mang l\u1ea1i h\u00e0nh tr\u00ecnh d\u00e0i b\u1ec1n b\u1ec9 v\u00e0 kh\u1ea3 n\u0103ng ch\u1ecbu t\u1ea3i cao, trong khi thi\u1ebft k\u1ebf nh\u1ecf g\u1ecdn cho ph\u00e9p s\u1eed d\u1ee5ng trong nhi\u1ec1u \u1ee9ng d\u1ee5ng c\u00f4ng nghi\u1ec7p. V\u1edbi kh\u1ea3 n\u0103ng ch\u1ed1ng m\u00e0i m\u00f2n cao v\u00e0 y\u00eau c\u1ea7u b\u1ea3o tr\u00ec th\u1ea5p, xi lanh n\u00e0y l\u00e0 m\u1ed9t l\u1ef1a ch\u1ecdn tuy\u1ec7t v\u1eddi cho c\u00e1c doanh nghi\u1ec7p y\u00eau c\u1ea7u c\u00e1c gi\u1ea3i ph\u00e1p th\u1ee7y l\u1ef1c \u0111\u00e1ng tin c\u1eady v\u00e0 hi\u1ec7u qu\u1ea3.<\/p>\n<h3>Gi\u1edbi thi\u1ec7u v\u1ec1 FMP \u2013 Nh\u00e0 cung c\u1ea5p xi lanh th\u1ee7y l\u1ef1c chuy\u00ean nghi\u1ec7p c\u1ee7a b\u1ea1n<\/h3>\n<p>B\u1ea1n \u0111ang t\u00ecm ki\u1ebfm xi lanh th\u1ee7y l\u1ef1c \u0111\u00e1ng tin c\u1eady v\u00e0 ch\u1ea5t l\u01b0\u1ee3ng cao cho m\u00e1y m\u00f3c x\u00e2y d\u1ef1ng c\u1ee7a m\u00ecnh? H\u00e3y \u0111\u1ebfn v\u1edbi FMP! L\u00e0 m\u1ed9t c\u00f4ng ty v\u1edbi nhi\u1ec1u n\u0103m kinh nghi\u1ec7m trong ng\u00e0nh v\u00e0 \u0111\u1ed9i ng\u0169 chuy\u00ean nghi\u1ec7p, ch\u00fang t\u00f4i chuy\u00ean b\u00e1n v\u00e0 b\u1ea3o tr\u00ec ph\u1ee5 t\u00f9ng m\u00e1y m\u00f3c x\u00e2y d\u1ef1ng v\u00e0 m\u00e1y m\u00f3c ho\u00e0n ch\u1ec9nh. Danh m\u1ee5c s\u1ea3n ph\u1ea9m \u0111a d\u1ea1ng c\u1ee7a ch\u00fang t\u00f4i bao g\u1ed3m h\u1ed9p s\u1ed1 m\u00e1y m\u00f3c n\u00f4ng nghi\u1ec7p, h\u1ed9p s\u1ed1 c\u00f4ng nghi\u1ec7p, h\u1ed9p s\u1ed1 h\u00e0nh tinh, ph\u1ee5 t\u00f9ng m\u00e1y m\u00f3c n\u00f4ng nghi\u1ec7p, v\u00e0 m\u1ed9t lo\u1ea1t c\u00e1c ph\u1ee5 ki\u1ec7n cao c\u1ea5p ph\u00f9 h\u1ee3p.<\/p>\n<p>Sau \u0111\u00e2y l\u00e0 m\u1ed9t s\u1ed1 l\u00fd do t\u1ea1i sao b\u1ea1n n\u00ean ch\u1ecdn FMP l\u00e0m nh\u00e0 cung c\u1ea5p xi lanh th\u1ee7y l\u1ef1c:<\/p>\n<p>1. S\u1ea3n ph\u1ea9m ch\u1ea5t l\u01b0\u1ee3ng cao \u2013 Ch\u00fang t\u00f4i h\u1ee3p t\u00e1c v\u1edbi nhi\u1ec1u nh\u00e0 cung c\u1ea5p ch\u1ea5t l\u01b0\u1ee3ng cao trong v\u00e0 ngo\u00e0i n\u01b0\u1edbc \u0111\u1ec3 \u0111\u1ea3m b\u1ea3o t\u1ea5t c\u1ea3 xi lanh th\u1ee7y l\u1ef1c c\u1ee7a ch\u00fang t\u00f4i \u0111\u1ec1u \u0111\u00e1p \u1ee9ng c\u00e1c ti\u00eau chu\u1ea9n ch\u1ea5t l\u01b0\u1ee3ng nghi\u00eam ng\u1eb7t. S\u1ea3n ph\u1ea9m c\u1ee7a ch\u00fang t\u00f4i b\u1ec1n b\u1ec9, \u0111\u00e1ng tin c\u1eady v\u00e0 \u0111\u01b0\u1ee3c ch\u1ebf t\u1ea1o \u0111\u1ec3 s\u1eed d\u1ee5ng l\u00e2u d\u00e0i.<\/p>\n<p>2. \u0110\u1ed9i ng\u0169 b\u00e1n h\u00e0ng chuy\u00ean nghi\u1ec7p \u2013 \u0110\u1ed9i ng\u0169 b\u00e1n h\u00e0ng gi\u00e0u kinh nghi\u1ec7m v\u00e0 k\u1ef9 n\u0103ng c\u1ee7a ch\u00fang t\u00f4i am hi\u1ec3u xu h\u01b0\u1edbng ph\u00e1t tri\u1ec3n v\u00e0 nhu c\u1ea7u c\u1ee7a kh\u00e1ch h\u00e0ng trong ng\u00e0nh m\u00e1y m\u00f3c x\u00e2y d\u1ef1ng. H\u1ecd c\u00f3 th\u1ec3 t\u01b0 v\u1ea5n s\u1ea3n ph\u1ea9m chuy\u00ean nghi\u1ec7p v\u00e0 \u0111\u01b0a ra nh\u1eefng g\u1ee3i \u00fd mua h\u00e0ng th\u00f4ng minh, gi\u00fap b\u1ea1n t\u00ecm \u0111\u01b0\u1ee3c xi lanh th\u1ee7y l\u1ef1c ph\u00f9 h\u1ee3p v\u1edbi nhu c\u1ea7u c\u1ee7a m\u00ecnh.<\/p>\n<p>3. H\u1ec7 th\u1ed1ng ph\u00e2n ph\u1ed1i h\u1eadu c\u1ea7n hi\u1ec7u qu\u1ea3 \u2013 Ch\u00fang t\u00f4i c\u00f3 h\u1ec7 th\u1ed1ng ph\u00e2n ph\u1ed1i h\u1eadu c\u1ea7n hi\u1ec7u qu\u1ea3 \u0111\u1ec3 \u0111\u1ea3m b\u1ea3o kh\u00e1ch h\u00e0ng nh\u1eadn \u0111\u01b0\u1ee3c c\u00e1c ph\u1ee5 t\u00f9ng c\u1ea7n thi\u1ebft m\u1ed9t c\u00e1ch k\u1ecbp th\u1eddi v\u00e0 ch\u00ednh x\u00e1c. B\u1ea1n c\u00f3 th\u1ec3 tin t\u01b0\u1edfng ch\u00fang t\u00f4i s\u1ebd giao xi lanh th\u1ee7y l\u1ef1c \u0111\u1ebfn t\u1eadn tay b\u1ea1n khi b\u1ea1n c\u1ea7n.<\/p>\n<p>4. T\u00f9y ch\u1ecdn t\u00f9y ch\u1ec9nh \u2013 T\u1ea1i FMP, ch\u00fang t\u00f4i hi\u1ec3u r\u1eb1ng m\u1ed7i kh\u00e1ch h\u00e0ng \u0111\u1ec1u c\u00f3 nhu c\u1ea7u ri\u00eang v\u1ec1 xi lanh th\u1ee7y l\u1ef1c. \u0110\u00f3 l\u00e0 l\u00fd do t\u1ea1i sao ch\u00fang t\u00f4i cung c\u1ea5p c\u00e1c t\u00f9y ch\u1ecdn t\u00f9y ch\u1ec9nh \u0111\u1ec3 \u0111\u00e1p \u1ee9ng c\u00e1c y\u00eau c\u1ea7u c\u1ee5 th\u1ec3 c\u1ee7a b\u1ea1n.<\/p>\n<p>5. \u0110a d\u1ea1ng s\u1ea3n ph\u1ea9m \u2013 Ch\u00fang t\u00f4i cung c\u1ea5p \u0111a d\u1ea1ng c\u00e1c lo\u1ea1i xi lanh th\u1ee7y l\u1ef1c \u0111\u1ec3 b\u1ea1n l\u1ef1a ch\u1ecdn, bao g\u1ed3m xi lanh lo\u1ea1i ch\u1ed1t \u0111i\u1ec1u ch\u1ec9nh, xi lanh h\u00e0n, xi lanh thanh gi\u1eb1ng, v.v. \u0110i\u1ec1u n\u00e0y c\u00f3 ngh\u0129a l\u00e0 b\u1ea1n c\u00f3 th\u1ec3 t\u00ecm th\u1ea5y lo\u1ea1i xi lanh th\u1ee7y l\u1ef1c ho\u00e0n h\u1ea3o ph\u00f9 h\u1ee3p v\u1edbi nhu c\u1ea7u m\u00e1y m\u00f3c x\u00e2y d\u1ef1ng c\u1ee7a m\u00ecnh.<\/p>\n<p>H\u01a1n n\u1eefa, v\u1edbi FMP, b\u1ea1n c\u00f3 th\u1ec3 t\u1eadn h\u01b0\u1edfng s\u1ef1 an t\u00e2m khi l\u00e0m vi\u1ec7c v\u1edbi m\u1ed9t nh\u00e0 cung c\u1ea5p uy t\u00edn v\u00e0 \u0111\u00e1ng tin c\u1eady. V\u1eady c\u00f2n ch\u1ea7n ch\u1eeb g\u00ec n\u1eefa? H\u00e3y li\u00ean h\u1ec7 v\u1edbi ch\u00fang t\u00f4i ngay h\u00f4m nay \u0111\u1ec3 t\u00ecm hi\u1ec3u th\u00eam v\u1ec1 xi lanh th\u1ee7y l\u1ef1c v\u00e0 c\u00e1ch ch\u00fang t\u00f4i c\u00f3 th\u1ec3 gi\u00fap b\u1ea1n \u0111\u00e1p \u1ee9ng nhu c\u1ea7u v\u1ec1 m\u00e1y m\u00f3c x\u00e2y d\u1ef1ng.<\/p>\n<p><img decoding=\"async\" src=\"https:\/\/fmp-components.com\/wp-content\/uploads\/2024\/12\/Adjustable-Clevis-Type-Cylinders-6.webp\" alt=\"Xi lanh lo\u1ea1i Clevis c\u00f3 th\u1ec3 \u0111i\u1ec1u ch\u1ec9nh\" width=\"804\" title=\"\"><br \/>\nT\u00e1c gi\u1ea3: CX<\/p>","protected":false},"excerpt":{"rendered":"<p>The Durable Long Stroke 2 Stage Hydraulic Cylinder Telescopic Hydraulic Cylinder is a high-quality product that is designed to provide excellent performance in various hydraulic applications. With its durable construction and advanced design, this hydraulic cylinder offers reliable operation and long-lasting durability. One of the key features of this hydraulic cylinder is its long stroke [&hellip;]<\/p>","protected":false},"featured_media":1606,"comment_status":"closed","ping_status":"closed","template":"","meta":{"_et_pb_use_builder":"","_et_pb_old_content":"","_et_gb_content_width":""},"product_brand":[],"product_cat":[45],"product_tag":[34,48],"class_list":{"0":"post-1605","1":"product","2":"type-product","3":"status-publish","4":"has-post-thumbnail","6":"product_cat-inverted-telescopic-cylinder","7":"product_tag-hydraulic-cylinder","8":"product_tag-inverted-telescopic-cylinder","10":"first","11":"instock","12":"product-type-simple"},"_links":{"self":[{"href":"https:\/\/fmp-components.com\/vi\/wp-json\/wp\/v2\/product\/1605","targetHints":{"allow":["GET"]}}],"collection":[{"href":"https:\/\/fmp-components.com\/vi\/wp-json\/wp\/v2\/product"}],"about":[{"href":"https:\/\/fmp-components.com\/vi\/wp-json\/wp\/v2\/types\/product"}],"replies":[{"embeddable":true,"href":"https:\/\/fmp-components.com\/vi\/wp-json\/wp\/v2\/comments?post=1605"}],"wp:featuredmedia":[{"embeddable":true,"href":"https:\/\/fmp-components.com\/vi\/wp-json\/wp\/v2\/media\/1606"}],"wp:attachment":[{"href":"https:\/\/fmp-components.com\/vi\/wp-json\/wp\/v2\/media?parent=1605"}],"wp:term":[{"taxonomy":"product_brand","embeddable":true,"href":"https:\/\/fmp-components.com\/vi\/wp-json\/wp\/v2\/product_brand?post=1605"},{"taxonomy":"product_cat","embeddable":true,"href":"https:\/\/fmp-components.com\/vi\/wp-json\/wp\/v2\/product_cat?post=1605"},{"taxonomy":"product_tag","embeddable":true,"href":"https:\/\/fmp-components.com\/vi\/wp-json\/wp\/v2\/product_tag?post=1605"}],"curies":[{"name":"wp","href":"https:\/\/api.w.org\/{rel}","templated":true}]}}