{"id":1601,"date":"2024-12-23T06:59:20","date_gmt":"2024-12-23T06:59:20","guid":{"rendered":"https:\/\/fmp-components.com\/product\/quality-manufacturing-dump-truck-hydraulic-hoist-cylinder-double-acting-telescopic-hydraulic-cylinder\/"},"modified":"2024-12-23T08:29:13","modified_gmt":"2024-12-23T08:29:13","slug":"quality-manufacturing-dump-truck-hydraulic-hoist-cylinder-double-acting-telescopic-hydraulic-cylinder","status":"publish","type":"product","link":"https:\/\/fmp-components.com\/vi\/product\/quality-manufacturing-dump-truck-hydraulic-hoist-cylinder-double-acting-telescopic-hydraulic-cylinder\/","title":{"rendered":"S\u1ea3n xu\u1ea5t ch\u1ea5t l\u01b0\u1ee3ng Xe t\u1ea3i ben Xi lanh th\u1ee7y l\u1ef1c n\u00e2ng xi lanh th\u1ee7y l\u1ef1c \u1ed1ng l\u1ed3ng t\u00e1c \u0111\u1ed9ng k\u00e9p"},"content":{"rendered":"<h2>Gi\u1edbi thi\u1ec7u Xi lanh th\u1ee7y l\u1ef1c k\u00e9p d\u1ea1ng \u1ed1ng l\u1ed3ng d\u00f9ng cho xe ben ch\u1ea5t l\u01b0\u1ee3ng cao c\u1ee7a Quality Manufacturing:<\/h2>\n<p>Xi lanh n\u00e2ng th\u1ee7y l\u1ef1c xe ben c\u1ee7a Quality Manufacturing l\u00e0 lo\u1ea1i xi lanh th\u1ee7y l\u1ef1c d\u1ea1ng \u1ed1ng l\u1ed3ng t\u00e1c \u0111\u1ed9ng k\u00e9p \u0111\u01b0\u1ee3c thi\u1ebft k\u1ebf \u0111\u1eb7c bi\u1ec7t cho xe ben. S\u1ea3n ph\u1ea9m \u0111\u01b0\u1ee3c s\u1ea3n xu\u1ea5t theo ti\u00eau chu\u1ea9n ch\u1ea5t l\u01b0\u1ee3ng v\u00e0 hi\u1ec7u su\u1ea5t cao nh\u1ea5t.<\/p>\n<p>Xi lanh th\u1ee7y l\u1ef1c n\u00e0y \u0111\u01b0\u1ee3c ch\u1ebf t\u1ea1o \u0111\u1ec3 ch\u1ecbu \u0111\u01b0\u1ee3c t\u1ea3i tr\u1ecdng n\u1eb7ng v\u00e0 ho\u1ea1t \u0111\u1ed9ng hi\u1ec7u qu\u1ea3 trong \u0111i\u1ec1u ki\u1ec7n kh\u1eafc nghi\u1ec7t. Thi\u1ebft k\u1ebf t\u00e1c \u0111\u1ed9ng k\u00e9p cho ph\u00e9p c\u1ea3 vi\u1ec7c k\u00e9o d\u00e0i v\u00e0 thu ng\u1eafn xi lanh, mang l\u1ea1i kh\u1ea3 n\u0103ng \u0111i\u1ec1u khi\u1ec3n ch\u00ednh x\u00e1c v\u00e0 t\u00ednh linh ho\u1ea1t trong c\u00e1c ho\u1ea1t \u0111\u1ed9ng n\u00e2ng v\u00e0 \u0111\u1ed5.<\/p>\n<p>Thi\u1ebft k\u1ebf d\u1ea1ng \u1ed1ng l\u1ed3ng c\u1ee7a xi lanh th\u1ee7y l\u1ef1c n\u00e0y cho ph\u00e9p t\u1ea1o ra m\u1ed9t gi\u1ea3i ph\u00e1p nh\u1ecf g\u1ecdn nh\u01b0ng m\u1ea1nh m\u1ebd. V\u1edbi nhi\u1ec1u c\u1ea5p \u0111\u1ed9, n\u00f3 c\u00f3 th\u1ec3 \u0111\u1ea1t \u0111\u01b0\u1ee3c h\u00e0nh tr\u00ecnh d\u00e0i h\u01a1n trong khi v\u1eabn duy tr\u00ec chi\u1ec1u d\u00e0i thu g\u1ecdn nh\u1ecf h\u01a1n, l\u00fd t\u01b0\u1edfng cho c\u00e1c \u1ee9ng d\u1ee5ng c\u00f3 kh\u00f4ng gian h\u1ea1n ch\u1ebf.<\/p>\n<p>Xi lanh n\u00e2ng th\u1ee7y l\u1ef1c xe ben c\u1ee7a Quality Manufacturing \u0111\u01b0\u1ee3c thi\u1ebft k\u1ebf \u0111\u1ec3 c\u00f3 \u0111\u1ed9 b\u1ec1n v\u00e0 \u0111\u1ed9 tin c\u1eady cao. N\u00f3 \u0111\u01b0\u1ee3c ch\u1ebf t\u1ea1o t\u1eeb v\u1eadt li\u1ec7u ch\u1ea5t l\u01b0\u1ee3ng cao v\u00e0 tr\u1ea3i qua qu\u00e1 tr\u00ecnh ki\u1ec3m tra nghi\u00eam ng\u1eb7t \u0111\u1ec3 \u0111\u1ea3m b\u1ea3o kh\u1ea3 n\u0103ng ch\u1ed1ng m\u00e0i m\u00f2n, \u0103n m\u00f2n v\u00e0 r\u00f2 r\u1ec9. \u0110i\u1ec1u n\u00e0y \u0111\u1ea3m b\u1ea3o tu\u1ed5i th\u1ecd s\u1eed d\u1ee5ng l\u00e2u d\u00e0i v\u00e0 gi\u1ea3m thi\u1ec3u y\u00eau c\u1ea7u b\u1ea3o tr\u00ec.<\/p>\n<p>V\u1edbi thi\u1ebft k\u1ebf th\u1ee7y l\u1ef1c ti\u00ean ti\u1ebfn, xi lanh n\u00e0y mang l\u1ea1i kh\u1ea3 n\u0103ng n\u00e2ng v\u00e0 \u0111\u1ed5 h\u00e0ng m\u01b0\u1ee3t m\u00e0 v\u00e0 \u1ed5n \u0111\u1ecbnh. N\u00f3 cung c\u1ea5p kh\u1ea3 n\u0103ng n\u00e2ng v\u00e0 \u0111i\u1ec1u khi\u1ec3n tuy\u1ec7t v\u1eddi, cho ph\u00e9p xe t\u1ea3i t\u1ef1 \u0111\u1ed5 v\u1eadn chuy\u1ec3n v\u00e0 d\u1ee1 h\u00e0ng n\u1eb7ng m\u1ed9t c\u00e1ch hi\u1ec7u qu\u1ea3.<\/p>\n<table style=\"width: 100%;\" border=\"1\" width=\"100%\" cellspacing=\"0\" cellpadding=\"0\">\n<tbody>\n<tr>\n<th>T\u00ean s\u1ea3n ph\u1ea9m<\/th>\n<td>S\u1ea3n xu\u1ea5t ch\u1ea5t l\u01b0\u1ee3ng Xe t\u1ea3i ben Xi lanh th\u1ee7y l\u1ef1c n\u00e2ng xi lanh th\u1ee7y l\u1ef1c \u1ed1ng l\u1ed3ng t\u00e1c \u0111\u1ed9ng k\u00e9p<\/td>\n<\/tr>\n<tr>\n<th>T\u00ecnh tr\u1ea1ng<\/th>\n<td>M\u1edbi<\/td>\n<\/tr>\n<tr>\n<th>B\u1ea3o h\u00e0nh<\/th>\n<td>1 n\u0103m<\/td>\n<\/tr>\n<tr>\n<th>C\u00e2n n\u1eb7ng (KG)<\/th>\n<td>48<\/td>\n<\/tr>\n<tr>\n<th>Thi\u1ebft k\u1ebf<\/th>\n<td>Xi lanh th\u1ee7y l\u1ef1c d\u1ea1ng \u1ed1ng l\u1ed3ng t\u00e1c \u0111\u1ed9ng k\u00e9p<\/td>\n<\/tr>\n<tr>\n<th>C\u00e1c th\u00e0nh ph\u1ea7n c\u1ed1t l\u00f5i<\/th>\n<td>V\u00f2ng bi v\u00e0 xi lanh pitt\u00f4ng<\/td>\n<\/tr>\n<tr>\n<th>K\u1ebft c\u1ea5u<\/th>\n<td>Xi lanh piston ti\u00eau chu\u1ea9n v\u1edbi h\u1ec7 th\u1ed1ng th\u1ee7y l\u1ef1c<\/td>\n<\/tr>\n<tr>\n<th>Hi\u1ec7u su\u1ea5t<\/th>\n<td>Thi\u1ebft k\u1ebf ch\u1eafc ch\u1eafn v\u00e0 kh\u1ea3 n\u0103ng \u0111i\u1ec1u khi\u1ec3n ch\u00ednh x\u00e1c<\/td>\n<\/tr>\n<tr>\n<th>C\u00e1c ng\u00e0nh c\u00f4ng nghi\u1ec7p \u00e1p d\u1ee5ng<\/th>\n<td>Nh\u00e0 m\u00e1y s\u1ea3n xu\u1ea5t, X\u01b0\u1edfng s\u1eeda ch\u1eefa m\u00e1y m\u00f3c, Trang tr\u1ea1i, N\u0103ng l\u01b0\u1ee3ng &amp; Khai th\u00e1c, Nh\u00e0 m\u00e1y m\u00e1y m\u00f3c<\/td>\n<\/tr>\n<\/tbody>\n<\/table>\n<p><img decoding=\"async\" src=\"https:\/\/hzpt.com\/wp-content\/uploads\/2023\/11\/Inverted-Telescopic-Cylinder-4.webp\" alt=\"\" title=\"\"><\/p>\n<h2>C\u00e1c t\u00ednh n\u0103ng c\u1ee7a Xi lanh t\u1eddi th\u1ee7y l\u1ef1c<\/h2>\n<p>Xi lanh n\u00e2ng th\u1ee7y l\u1ef1c n\u1ed5i b\u1eadt nh\u1edd nh\u1eefng \u0111\u1eb7c \u0111i\u1ec3m ri\u00eang bi\u1ec7t. D\u01b0\u1edbi \u0111\u00e2y l\u00e0 n\u0103m \u0111i\u1ec3m ch\u00ednh:<\/p>\n<ol>\n<li>S\u1ea3n ph\u1ea9m \u0111\u01b0\u1ee3c trang b\u1ecb th\u00e2n m\u00e1y b\u1eb1ng th\u00e9p, \u0111\u1ea3m b\u1ea3o \u0111\u1ed9 b\u1ec1n v\u00e0 kh\u1ea3 n\u0103ng ch\u1ed1ng ch\u1ecbu.<\/li>\n<li>Xi lanh th\u1ee7y l\u1ef1c c\u00f3 l\u1ef1c \u0111\u1ea9y t\u1ed1i \u0111a 3000 v\u00e0 c\u00f3 th\u1ec3 k\u00e9o l\u00ean \u0111\u1ebfn 20 t\u1ea5n.<\/li>\n<li>S\u1ea3n ph\u1ea9m n\u00e0y \u0111\u1ea1t ch\u1ee9ng nh\u1eadn ISO9001:2000, \u0111\u1ea3m b\u1ea3o ch\u1ea5t l\u01b0\u1ee3ng v\u00e0 \u0111\u1ed9 tin c\u1eady.<\/li>\n<li>Xi lanh n\u00e2ng th\u1ee7y l\u1ef1c c\u00f3 m\u00e0u \u0111en ti\u00eau chu\u1ea9n, ph\u00f9 h\u1ee3p ho\u00e0n h\u1ea3o v\u1edbi m\u1ecdi thi\u1ebft b\u1ecb c\u00f4ng nghi\u1ec7p.<\/li>\n<li>N\u00f3 c\u00f3 nhi\u1ec1u k\u00edch th\u01b0\u1edbc kh\u00e1c nhau v\u1ec1 \u0111\u01b0\u1eddng k\u00ednh xi lanh, thanh truy\u1ec1n, h\u00e0nh tr\u00ecnh piston v\u00e0 ch\u1ed1t piston \u0111\u1ec3 \u0111\u00e1p \u1ee9ng c\u00e1c nhu c\u1ea7u c\u00f4ng nghi\u1ec7p kh\u00e1c nhau.<\/li>\n<\/ol>\n<h2>\u1ee8ng d\u1ee5ng c\u1ee7a Xi lanh t\u1eddi th\u1ee7y l\u1ef1c<\/h2>\n<p>V\u1edbi thi\u1ebft k\u1ebf ch\u1eafc ch\u1eafn v\u00e0 c\u00e1c t\u00ednh n\u0103ng \u0111a d\u1ea1ng, xi lanh n\u00e2ng th\u1ee7y l\u1ef1c c\u00f3 th\u1ec3 \u0111\u01b0\u1ee3c s\u1eed d\u1ee5ng trong nhi\u1ec1u ng\u00e0nh c\u00f4ng nghi\u1ec7p. N\u00f3 \u0111\u1eb7c bi\u1ec7t h\u1eefu \u00edch trong c\u00e1c nh\u00e0 m\u00e1y s\u1ea3n xu\u1ea5t, x\u01b0\u1edfng s\u1eeda ch\u1eefa m\u00e1y m\u00f3c v\u00e0 trang tr\u1ea1i. H\u01a1n n\u1eefa, n\u00f3 c\u00f2n c\u00f3 l\u1ee3i th\u1ebf trong l\u0129nh v\u1ef1c n\u0103ng l\u01b0\u1ee3ng &amp; khai th\u00e1c m\u1ecf, s\u1ea3n xu\u1ea5t m\u00e1y m\u00f3c v\u00e0 c\u00e1c nh\u00e0 m\u00e1y ch\u1ebf t\u1ea1o m\u00e1y.<br \/>\n<img decoding=\"async\" src=\"https:\/\/hzpt.com\/wp-content\/uploads\/2023\/11\/Inverted-Telescopic-Cylinder-Applications.webp\" alt=\"\u1ee8ng d\u1ee5ng xi lanh th\u1ee7y l\u1ef1c\" title=\"\"><\/p>\n<h2>Nguy\u00ean l\u00fd ho\u1ea1t \u0111\u1ed9ng v\u00e0 ph\u01b0\u01a1ng ph\u00e1p b\u1ea3o tr\u00ec<\/h2>\n<p>Xi lanh n\u00e2ng th\u1ee7y l\u1ef1c ho\u1ea1t \u0111\u1ed9ng b\u1eb1ng c\u00e1ch cho ch\u1ea5t l\u1ecfng \u0111i v\u00e0o xi lanh v\u00e0 \u0111\u1ea9y p\u00edt t\u00f4ng di chuy\u1ec3n theo h\u01b0\u1edbng mong mu\u1ed1n. Thi\u1ebft k\u1ebf t\u00e1c \u0111\u1ed9ng k\u00e9p \u0111\u1ea3m b\u1ea3o ho\u1ea1t \u0111\u1ed9ng hi\u1ec7u qu\u1ea3 b\u1eb1ng c\u00e1ch cho ph\u00e9p ch\u1ea5t l\u1ecfng \u0111i v\u00e0o t\u1eeb c\u1ea3 hai ph\u00eda c\u1ee7a p\u00edt t\u00f4ng. V\u1ec1 b\u1ea3o tr\u00ec, n\u00f3 bao g\u1ed3m:<\/p>\n<ol>\n<li>Ki\u1ec3m tra \u0111\u1ecbnh k\u1ef3 \u0111\u1ec3 \u0111\u1ea3m b\u1ea3o xi lanh th\u1ee7y l\u1ef1c ho\u1ea1t \u0111\u1ed9ng t\u1ed1i \u01b0u.<\/li>\n<li>V\u1ec7 sinh xi lanh th\u1ee7y l\u1ef1c \u0111\u1ec3 ng\u0103n ng\u1eeba s\u1ef1 t\u00edch t\u1ee5 b\u1ee5i b\u1ea9n v\u00e0 m\u1ea3nh v\u1ee5n.<\/li>\n<li>B\u00f4i tr\u01a1n \u0111\u1ec3 gi\u1ea3m ma s\u00e1t v\u00e0 m\u00e0i m\u00f2n.<\/li>\n<li>Thay th\u1ebf c\u00e1c gio\u0103ng khi c\u1ea7n thi\u1ebft \u0111\u1ec3 ng\u0103n ng\u1eeba r\u00f2 r\u1ec9 ch\u1ea5t l\u1ecfng.<\/li>\n<li>H\u00e3y l\u00e0m theo h\u01b0\u1edbng d\u1eabn s\u1eed d\u1ee5ng trong s\u00e1ch h\u01b0\u1edbng d\u1eabn v\u1eadn h\u00e0nh \u0111\u1ec3 s\u1eed d\u1ee5ng v\u00e0 b\u1ea3o tr\u00ec \u0111\u00fang c\u00e1ch.<\/li>\n<\/ol>\n<p><img decoding=\"async\" src=\"https:\/\/hzpt.com\/wp-content\/uploads\/2023\/11\/Inverted-Telescopic-Cylinder-22.webp\" alt=\"\" title=\"\"><\/p>\n<h2>H\u00ecnh tr\u1ee5 \u1ed1ng l\u1ed3ng ng\u01b0\u1ee3c<\/h2>\n<p>Xi lanh th\u1ee7y l\u1ef1c d\u1ea1ng \u1ed1ng l\u1ed3ng ng\u01b0\u1ee3c, c\u00f2n \u0111\u01b0\u1ee3c g\u1ecdi l\u00e0 xi lanh th\u1ee7y l\u1ef1c d\u1ea1ng \u1ed1ng l\u1ed3ng t\u00e1c \u0111\u1ed9ng k\u00e9p, l\u00e0 m\u1ed9t b\u1ed9 ph\u1eadn thi\u1ebft y\u1ebfu trong vi\u1ec7c s\u1ea3n xu\u1ea5t h\u1ec7 th\u1ed1ng n\u00e2ng h\u1ea1 th\u1ee7y l\u1ef1c ch\u1ea5t l\u01b0\u1ee3ng cao cho xe ben. Thi\u1ebft k\u1ebf v\u00e0 ch\u1ee9c n\u0103ng \u0111\u1ed9c \u0111\u00e1o c\u1ee7a n\u00f3 l\u00e0m cho n\u00f3 tr\u1edf th\u00e0nh m\u1ed9t ph\u1ea7n kh\u00f4ng th\u1ec3 thi\u1ebfu c\u1ee7a h\u1ec7 th\u1ed1ng th\u1ee7y l\u1ef1c, mang l\u1ea1i hi\u1ec7u qu\u1ea3 v\u00e0 \u0111\u1ed9 tin c\u1eady trong nhi\u1ec1u \u1ee9ng d\u1ee5ng c\u00f4ng nghi\u1ec7p kh\u00e1c nhau.<\/p>\n<p>Xi lanh th\u1ee7y l\u1ef1c d\u1ea1ng \u1ed1ng l\u1ed3ng ng\u01b0\u1ee3c bao g\u1ed3m nhi\u1ec1u \u0111o\u1ea1n ho\u1eb7c ph\u1ea7n c\u00f3 th\u1ec3 thu v\u00e0o v\u00e0 k\u00e9o d\u00e0i, cung c\u1ea5p chi\u1ec1u d\u00e0i h\u00e0nh tr\u00ecnh t\u1ed1i \u0111a trong khi chi\u1ebfm \u00edt kh\u00f4ng gian. Thi\u1ebft k\u1ebf n\u00e0y cho ph\u00e9p t\u1ea1o ra m\u1ed9t h\u1ec7 th\u1ed1ng th\u1ee7y l\u1ef1c nh\u1ecf g\u1ecdn v\u00e0 hi\u1ec7u qu\u1ea3, ph\u00f9 h\u1ee3p v\u1edbi xe t\u1ea3i t\u1ef1 \u0111\u1ed5 v\u00e0 c\u00e1c lo\u1ea1i m\u00e1y m\u00f3c h\u1ea1ng n\u1eb7ng kh\u00e1c.<\/p>\n<p>M\u1ed9t trong nh\u1eefng l\u1ee3i \u00edch ch\u00ednh c\u1ee7a xi lanh th\u1ee7y l\u1ef1c d\u1ea1ng \u1ed1ng l\u1ed3ng ng\u01b0\u1ee3c l\u00e0 kh\u1ea3 n\u0103ng t\u1ea1o ra l\u1ef1c l\u1edbn trong khi v\u1eabn gi\u1eef \u0111\u01b0\u1ee3c chi\u1ec1u d\u00e0i thu g\u1ecdn nh\u1ecf. \u0110i\u1ec1u n\u00e0y l\u00e0m cho n\u00f3 tr\u1edf n\u00ean l\u00fd t\u01b0\u1edfng cho c\u00e1c h\u1ec7 th\u1ed1ng n\u00e2ng h\u1ea1 th\u1ee7y l\u1ef1c xe t\u1ea3i t\u1ef1 \u0111\u1ed5, n\u01a1i xi lanh c\u1ea7n ph\u1ea3i ph\u00f9 h\u1ee3p v\u1edbi kh\u00f4ng gian h\u1ea1n ch\u1ebf c\u00f3 s\u1eb5n trong khi v\u1eabn c\u00f3 kh\u1ea3 n\u0103ng n\u00e2ng t\u1ea3i tr\u1ecdng n\u1eb7ng.<\/p>\n<p>Xi lanh n\u00e2ng th\u1ee7y l\u1ef1c xe ben ch\u1ea5t l\u01b0\u1ee3ng cao \u0111\u01b0\u1ee3c ch\u1ebf t\u1ea1o b\u1eb1ng v\u1eadt li\u1ec7u cao c\u1ea5p nh\u01b0 th\u00e9p, \u0111\u1ea3m b\u1ea3o \u0111\u1ed9 b\u1ec1n v\u00e0 kh\u1ea3 n\u0103ng ch\u1ed1ng m\u00e0i m\u00f2n. Xi lanh \u0111\u01b0\u1ee3c thi\u1ebft k\u1ebf \u0111\u1ec3 ch\u1ecbu \u0111\u01b0\u1ee3c \u00e1p su\u1ea5t cao v\u00e0 ho\u1ea1t \u0111\u1ed9ng tr\u01a1n tru, ch\u00ednh x\u00e1c ngay c\u1ea3 trong \u0111i\u1ec1u ki\u1ec7n kh\u1eafc nghi\u1ec7t.<\/p>\n<p>Xi lanh th\u1ee7y l\u1ef1c d\u1ea1ng \u1ed1ng l\u1ed3ng t\u00e1c \u0111\u1ed9ng k\u00e9p mang l\u1ea1i nh\u1eefng \u01b0u \u0111i\u1ec3m v\u01b0\u1ee3t tr\u1ed9i so v\u1edbi c\u00e1c lo\u1ea1i xi lanh kh\u00e1c. V\u1edbi thi\u1ebft k\u1ebf t\u00e1c \u0111\u1ed9ng k\u00e9p, ch\u1ea5t l\u1ecfng th\u1ee7y l\u1ef1c \u0111\u01b0\u1ee3c s\u1eed d\u1ee5ng \u0111\u1ec3 k\u00e9o d\u00e0i v\u00e0 thu ng\u1eafn xi lanh, gi\u00fap ki\u1ec3m so\u00e1t v\u00e0 v\u1eadn h\u00e0nh linh ho\u1ea1t h\u01a1n. \u0110i\u1ec1u n\u00e0y cho ph\u00e9p \u0111\u1ecbnh v\u1ecb t\u1ea3i tr\u1ecdng ch\u00ednh x\u00e1c v\u00e0 v\u1eadn h\u00e0nh hi\u1ec7u qu\u1ea3 h\u1ec7 th\u1ed1ng n\u00e2ng h\u1ea1 th\u1ee7y l\u1ef1c c\u1ee7a xe ben.<\/p>\n<p>Thi\u1ebft k\u1ebf d\u1ea1ng \u1ed1ng l\u1ed3ng c\u1ee7a xi lanh cho ph\u00e9p chi\u1ec1u d\u00e0i h\u00e0nh tr\u00ecnh l\u1edbn h\u01a1n so v\u1edbi c\u00e1c xi lanh truy\u1ec1n th\u1ed1ng. M\u1ed7i giai \u0111o\u1ea1n c\u1ee7a xi lanh m\u1edf r\u1ed9ng v\u00e0 thu l\u1ea1i \u0111\u1ed9c l\u1eadp, t\u1ea1o ra h\u00e0nh tr\u00ecnh t\u1ed5ng th\u1ec3 d\u00e0i h\u01a1n. Chi\u1ec1u d\u00e0i h\u00e0nh tr\u00ecnh t\u0103ng l\u00ean n\u00e0y cho ph\u00e9p xe t\u1ea3i t\u1ef1 \u0111\u1ed5 n\u00e2ng t\u1ea3i tr\u1ecdng l\u00ean \u0111\u1ed9 cao l\u1edbn h\u01a1n, n\u00e2ng cao n\u0103ng su\u1ea5t v\u00e0 t\u00ednh linh ho\u1ea1t c\u1ee7a ch\u00fang t\u1ea1i c\u00e1c c\u00f4ng tr\u01b0\u1eddng x\u00e2y d\u1ef1ng v\u00e0 trong c\u00e1c m\u00f4i tr\u01b0\u1eddng c\u00f4ng nghi\u1ec7p kh\u00e1c.<\/p>\n<p>Xi lanh th\u1ee7y l\u1ef1c n\u00e2ng h\u1ea1 xe ben ch\u1ea5t l\u01b0\u1ee3ng cao \u0111\u01b0\u1ee3c s\u1ea3n xu\u1ea5t v\u1edbi \u0111\u1ed9 ch\u00ednh x\u00e1c cao \u0111\u1ec3 \u0111\u1ea3m b\u1ea3o hi\u1ec7u su\u1ea5t \u0111\u00e1ng tin c\u1eady v\u00e0 \u1ed5n \u0111\u1ecbnh. Ch\u00fang tr\u1ea3i qua qu\u00e1 tr\u00ecnh ki\u1ec3m tra nghi\u00eam ng\u1eb7t v\u00e0 c\u00e1c bi\u1ec7n ph\u00e1p ki\u1ec3m so\u00e1t ch\u1ea5t l\u01b0\u1ee3ng \u0111\u1ec3 \u0111\u00e1p \u1ee9ng c\u00e1c ti\u00eau chu\u1ea9n ng\u00e0nh v\u00e0 y\u00eau c\u1ea7u c\u1ee7a kh\u00e1ch h\u00e0ng. C\u00e1c xi lanh n\u00e0y \u0111\u01b0\u1ee3c thi\u1ebft k\u1ebf \u0111\u1ec3 ch\u1ecbu \u0111\u01b0\u1ee3c c\u00e1c \u0111i\u1ec1u ki\u1ec7n ho\u1ea1t \u0111\u1ed9ng kh\u1eafc nghi\u1ec7t v\u00e0 c\u00f3 tu\u1ed5i th\u1ecd cao, gi\u1ea3m thi\u1ec3u th\u1eddi gian ng\u1eebng ho\u1ea1t \u0111\u1ed9ng v\u00e0 chi ph\u00ed b\u1ea3o tr\u00ec.<\/p>\n<p>T\u00f3m l\u1ea1i, xi lanh th\u1ee7y l\u1ef1c d\u1ea1ng \u1ed1ng l\u1ed3ng ng\u01b0\u1ee3c, c\u00f2n \u0111\u01b0\u1ee3c g\u1ecdi l\u00e0 xi lanh th\u1ee7y l\u1ef1c d\u1ea1ng \u1ed1ng l\u1ed3ng t\u00e1c \u0111\u1ed9ng k\u00e9p, l\u00e0 m\u1ed9t b\u1ed9 ph\u1eadn quan tr\u1ecdng trong vi\u1ec7c s\u1ea3n xu\u1ea5t h\u1ec7 th\u1ed1ng n\u00e2ng h\u1ea1 th\u1ee7y l\u1ef1c xe t\u1ea3i t\u1ef1 \u0111\u1ed5 ch\u1ea5t l\u01b0\u1ee3ng cao. Thi\u1ebft k\u1ebf nh\u1ecf g\u1ecdn, kh\u1ea3 n\u0103ng t\u1ea1o ra l\u1ef1c l\u1edbn v\u00e0 ho\u1ea1t \u0111\u1ed9ng hi\u1ec7u qu\u1ea3 khi\u1ebfn n\u00f3 tr\u1edf th\u00e0nh m\u1ed9t y\u1ebfu t\u1ed1 thi\u1ebft y\u1ebfu trong nhi\u1ec1u \u1ee9ng d\u1ee5ng c\u00f4ng nghi\u1ec7p. V\u1edbi thi\u1ebft k\u1ebf d\u1ea1ng \u1ed1ng l\u1ed3ng v\u00e0 ch\u1ee9c n\u0103ng t\u00e1c \u0111\u1ed9ng k\u00e9p, n\u00f3 cung c\u1ea5p chi\u1ec1u d\u00e0i h\u00e0nh tr\u00ecnh v\u00e0 kh\u1ea3 n\u0103ng \u0111i\u1ec1u khi\u1ec3n v\u01b0\u1ee3t tr\u1ed9i, n\u00e2ng cao hi\u1ec7u su\u1ea5t v\u00e0 n\u0103ng su\u1ea5t c\u1ee7a xe t\u1ea3i t\u1ef1 \u0111\u1ed5. V\u1edbi quy tr\u00ecnh s\u1ea3n xu\u1ea5t ch\u1ea5t l\u01b0\u1ee3ng v\u00e0 k\u1ef9 thu\u1eadt ch\u00ednh x\u00e1c, c\u00e1c xi lanh n\u00e0y cung c\u1ea5p ho\u1ea1t \u0111\u1ed9ng \u0111\u00e1ng tin c\u1eady v\u00e0 b\u1ec1n b\u1ec9, \u0111\u1ea3m b\u1ea3o ho\u1ea1t \u0111\u1ed9ng tr\u01a1n tru c\u1ee7a h\u1ec7 th\u1ed1ng n\u00e2ng h\u1ea1 th\u1ee7y l\u1ef1c xe t\u1ea3i t\u1ef1 \u0111\u1ed5.<\/p>\n<h3>Gi\u1edbi thi\u1ec7u v\u1ec1 xi lanh th\u1ee7y l\u1ef1c FMP<\/h3>\n<p><img decoding=\"async\" src=\"https:\/\/fmp-components.com\/wp-content\/uploads\/2024\/12\/Adjustable-Clevis-Type-Cylinders-6.webp\" alt=\"Xi lanh lo\u1ea1i Clevis c\u00f3 th\u1ec3 \u0111i\u1ec1u ch\u1ec9nh\" width=\"802\" title=\"\"><\/p>\n<p>T\u1ea1i FMP, ch\u00fang t\u00f4i chuy\u00ean s\u1ea3n xu\u1ea5t v\u00e0 kinh doanh c\u00e1c lo\u1ea1i Xi lanh th\u1ee7y l\u1ef1c ch\u1ea5t l\u01b0\u1ee3ng cao. V\u1edbi kinh nghi\u1ec7m d\u00e0y d\u1eb7n trong ng\u00e0nh v\u00e0 \u0111\u1ed9i ng\u0169 chuy\u00ean nghi\u1ec7p, ch\u00fang t\u00f4i cam k\u1ebft cung c\u1ea5p cho kh\u00e1ch h\u00e0ng c\u00e1c gi\u1ea3i ph\u00e1p \u0111\u00e1ng tin c\u1eady v\u00e0 hi\u1ec7u qu\u1ea3 cho nhu c\u1ea7u m\u00e1y m\u00f3c x\u00e2y d\u1ef1ng c\u1ee7a h\u1ecd. D\u01b0\u1edbi \u0111\u00e2y l\u00e0 n\u0103m \u01b0u \u0111i\u1ec3m ch\u00ednh c\u1ee7a s\u1ea3n ph\u1ea9m v\u00e0 c\u00f4ng ty ch\u00fang t\u00f4i:<\/p>\n<p>1. \u0110a d\u1ea1ng v\u1ec1 Xi lanh Th\u1ee7y l\u1ef1c: Ch\u00fang t\u00f4i cung c\u1ea5p \u0111a d\u1ea1ng c\u00e1c lo\u1ea1i xi lanh th\u1ee7y l\u1ef1c ph\u00f9 h\u1ee3p v\u1edbi nhi\u1ec1u y\u00eau c\u1ea7u c\u1ee7a m\u00e1y m\u00f3c x\u00e2y d\u1ef1ng. T\u1eeb xi lanh ti\u00eau chu\u1ea9n \u0111\u1ebfn c\u00e1c gi\u1ea3i ph\u00e1p t\u00f9y ch\u1ec9nh, ch\u00fang t\u00f4i c\u00f3 chuy\u00ean m\u00f4n \u0111\u1ec3 \u0111\u00e1p \u1ee9ng nhu c\u1ea7u c\u1ee5 th\u1ec3 c\u1ee7a b\u1ea1n.<\/p>\n<p>2. Ch\u1ea5t l\u01b0\u1ee3ng v\u01b0\u1ee3t tr\u1ed9i: Xi lanh th\u1ee7y l\u1ef1c c\u1ee7a ch\u00fang t\u00f4i \u0111\u01b0\u1ee3c s\u1ea3n xu\u1ea5t b\u1eb1ng v\u1eadt li\u1ec7u cao c\u1ea5p v\u00e0 c\u00f4ng ngh\u1ec7 ti\u00ean ti\u1ebfn, \u0111\u1ea3m b\u1ea3o \u0111\u1ed9 b\u1ec1n v\u00e0 hi\u1ec7u su\u1ea5t v\u01b0\u1ee3t tr\u1ed9i. M\u1ed7i xi lanh \u0111\u1ec1u tr\u1ea3i qua qu\u00e1 tr\u00ecnh ki\u1ec3m tra ch\u1ea5t l\u01b0\u1ee3ng nghi\u00eam ng\u1eb7t \u0111\u1ec3 \u0111\u00e1p \u1ee9ng c\u00e1c ti\u00eau chu\u1ea9n cao nh\u1ea5t c\u1ee7a ng\u00e0nh.<\/p>\n<p>3. \u0110\u1ed9i ng\u0169 b\u00e1n h\u00e0ng chuy\u00ean nghi\u1ec7p: \u0110\u1ed9i ng\u0169 b\u00e1n h\u00e0ng gi\u00e0u kinh nghi\u1ec7m c\u1ee7a ch\u00fang t\u00f4i am hi\u1ec3u c\u00e1c xu h\u01b0\u1edbng m\u1edbi nh\u1ea5t v\u00e0 nhu c\u1ea7u c\u1ee7a kh\u00e1ch h\u00e0ng trong ng\u00e0nh m\u00e1y m\u00f3c x\u00e2y d\u1ef1ng. H\u1ecd cung c\u1ea5p d\u1ecbch v\u1ee5 t\u01b0 v\u1ea5n s\u1ea3n ph\u1ea9m chuy\u00ean nghi\u1ec7p v\u00e0 nh\u1eefng g\u1ee3i \u00fd mua h\u00e0ng gi\u00e1 tr\u1ecb, gi\u00fap b\u1ea1n \u0111\u01b0a ra quy\u1ebft \u0111\u1ecbnh s\u00e1ng su\u1ed1t.<\/p>\n<p>4. H\u1ec7 th\u1ed1ng ph\u00e2n ph\u1ed1i h\u1eadu c\u1ea7n hi\u1ec7u qu\u1ea3: Ch\u00fang t\u00f4i hi\u1ec3u t\u1ea7m quan tr\u1ecdng c\u1ee7a vi\u1ec7c giao h\u00e0ng \u0111\u00fang h\u1ea1n. H\u1ec7 th\u1ed1ng ph\u00e2n ph\u1ed1i h\u1eadu c\u1ea7n hi\u1ec7u qu\u1ea3 c\u1ee7a ch\u00fang t\u00f4i \u0111\u1ea3m b\u1ea3o b\u1ea1n nh\u1eadn \u0111\u01b0\u1ee3c xi lanh th\u1ee7y l\u1ef1c c\u1ea7n thi\u1ebft m\u1ed9t c\u00e1ch nhanh ch\u00f3ng v\u00e0 ch\u00ednh x\u00e1c, gi\u1ea3m thi\u1ec3u th\u1eddi gian ch\u1ebft v\u00e0 t\u1ed1i \u0111a h\u00f3a n\u0103ng su\u1ea5t.<\/p>\n<p>5. Quan h\u1ec7 \u0111\u1ed1i t\u00e1c nh\u00e0 cung c\u1ea5p v\u1eefng ch\u1eafc: Ch\u00fang t\u00f4i \u0111\u00e3 thi\u1ebft l\u1eadp m\u1ed1i quan h\u1ec7 l\u00e2u d\u00e0i v\u00e0 \u1ed5n \u0111\u1ecbnh v\u1edbi c\u00e1c nh\u00e0 cung c\u1ea5p ch\u1ea5t l\u01b0\u1ee3ng cao tr\u00ean to\u00e0n th\u1ebf gi\u1edbi. \u0110i\u1ec1u n\u00e0y cho ph\u00e9p ch\u00fang t\u00f4i t\u00ecm ngu\u1ed3n cung \u1ee9ng v\u00e0 cung c\u1ea5p c\u00e1c ph\u1ee5 t\u00f9ng m\u00e1y m\u00f3c x\u00e2y d\u1ef1ng \u0111\u00e1p \u1ee9ng c\u00e1c ti\u00eau chu\u1ea9n ch\u1ea5t l\u01b0\u1ee3ng nghi\u00eam ng\u1eb7t, \u0111\u1ea3m b\u1ea3o \u0111\u1ed9 tin c\u1eady v\u00e0 tu\u1ed5i th\u1ecd c\u1ee7a xi lanh th\u1ee7y l\u1ef1c.<\/p>\n<p>H\u00e3y ch\u1ecdn Xi lanh th\u1ee7y l\u1ef1c FMP \u0111\u1ec3 c\u00f3 ch\u1ea5t l\u01b0\u1ee3ng v\u01b0\u1ee3t tr\u1ed9i, hi\u1ec7u su\u1ea5t \u0111\u00e1ng tin c\u1eady v\u00e0 d\u1ecbch v\u1ee5 kh\u00e1ch h\u00e0ng tuy\u1ec7t v\u1eddi. H\u00e3y h\u1ee3p t\u00e1c v\u1edbi ch\u00fang t\u00f4i ngay h\u00f4m nay v\u00e0 tr\u1ea3i nghi\u1ec7m s\u1ef1 kh\u00e1c bi\u1ec7t trong ho\u1ea1t \u0111\u1ed9ng m\u00e1y m\u00f3c x\u00e2y d\u1ef1ng c\u1ee7a b\u1ea1n.<br \/>\nT\u00e1c gi\u1ea3: CX<\/p>","protected":false},"excerpt":{"rendered":"<p>Introducing the Quality Manufacturing Dump Truck Hydraulic Hoist Cylinder Double Acting Telescopic Hydraulic Cylinder: The Quality Manufacturing Dump Truck Hydraulic Hoist Cylinder is a double-acting telescopic hydraulic cylinder designed specifically for dump trucks. It is manufactured to the highest standards of quality and performance. This hydraulic cylinder is built to withstand heavy loads and operate [&hellip;]<\/p>","protected":false},"featured_media":1602,"comment_status":"closed","ping_status":"closed","template":"","meta":{"_et_pb_use_builder":"","_et_pb_old_content":"","_et_gb_content_width":""},"product_brand":[],"product_cat":[45],"product_tag":[34,48],"class_list":{"0":"post-1601","1":"product","2":"type-product","3":"status-publish","4":"has-post-thumbnail","6":"product_cat-inverted-telescopic-cylinder","7":"product_tag-hydraulic-cylinder","8":"product_tag-inverted-telescopic-cylinder","10":"first","11":"instock","12":"product-type-simple"},"_links":{"self":[{"href":"https:\/\/fmp-components.com\/vi\/wp-json\/wp\/v2\/product\/1601","targetHints":{"allow":["GET"]}}],"collection":[{"href":"https:\/\/fmp-components.com\/vi\/wp-json\/wp\/v2\/product"}],"about":[{"href":"https:\/\/fmp-components.com\/vi\/wp-json\/wp\/v2\/types\/product"}],"replies":[{"embeddable":true,"href":"https:\/\/fmp-components.com\/vi\/wp-json\/wp\/v2\/comments?post=1601"}],"wp:featuredmedia":[{"embeddable":true,"href":"https:\/\/fmp-components.com\/vi\/wp-json\/wp\/v2\/media\/1602"}],"wp:attachment":[{"href":"https:\/\/fmp-components.com\/vi\/wp-json\/wp\/v2\/media?parent=1601"}],"wp:term":[{"taxonomy":"product_brand","embeddable":true,"href":"https:\/\/fmp-components.com\/vi\/wp-json\/wp\/v2\/product_brand?post=1601"},{"taxonomy":"product_cat","embeddable":true,"href":"https:\/\/fmp-components.com\/vi\/wp-json\/wp\/v2\/product_cat?post=1601"},{"taxonomy":"product_tag","embeddable":true,"href":"https:\/\/fmp-components.com\/vi\/wp-json\/wp\/v2\/product_tag?post=1601"}],"curies":[{"name":"wp","href":"https:\/\/api.w.org\/{rel}","templated":true}]}}