{"id":1599,"date":"2024-12-23T06:59:20","date_gmt":"2024-12-23T06:59:20","guid":{"rendered":"https:\/\/fmp-components.com\/product\/customized-double-acting-telescopic-hydraulic-cylinder-for-dump-trailer\/"},"modified":"2024-12-23T08:26:07","modified_gmt":"2024-12-23T08:26:07","slug":"customized-double-acting-telescopic-hydraulic-cylinder-for-dump-trailer","status":"publish","type":"product","link":"https:\/\/fmp-components.com\/vi\/product\/customized-double-acting-telescopic-hydraulic-cylinder-for-dump-trailer\/","title":{"rendered":"Xi lanh th\u1ee7y l\u1ef1c \u1ed1ng l\u1ed3ng t\u00e1c \u0111\u1ed9ng k\u00e9p t\u00f9y ch\u1ec9nh cho r\u01a1 mo\u00f3c \u0111\u1ed5"},"content":{"rendered":"<h2>Gi\u1edbi thi\u1ec7u Xi lanh th\u1ee7y l\u1ef1c d\u1ea1ng \u1ed1ng l\u1ed3ng t\u00e1c \u0111\u1ed9ng k\u00e9p t\u00f9y ch\u1ec9nh d\u00e0nh cho xe mo\u00f3c ben:<\/h2>\n<p>Xi lanh th\u1ee7y l\u1ef1c d\u1ea1ng \u1ed1ng l\u1ed3ng t\u00e1c \u0111\u1ed9ng k\u00e9p t\u00f9y ch\u1ec9nh \u0111\u01b0\u1ee3c thi\u1ebft k\u1ebf \u0111\u1eb7c bi\u1ec7t cho xe mo\u00f3c ben, mang l\u1ea1i hi\u1ec7u su\u1ea5t v\u00e0 \u0111\u1ed9 b\u1ec1n tuy\u1ec7t v\u1eddi. Xi lanh th\u1ee7y l\u1ef1c ch\u1ea5t l\u01b0\u1ee3ng cao n\u00e0y \u0111\u01b0\u1ee3c ch\u1ebf t\u1ea1o \u0111\u1ec3 ch\u1ecbu \u0111\u01b0\u1ee3c t\u1ea3i tr\u1ecdng n\u1eb7ng v\u00e0 \u0111i\u1ec1u ki\u1ec7n l\u00e0m vi\u1ec7c kh\u1eafc nghi\u1ec7t.<\/p>\n<p>C\u00e1c t\u00ednh n\u0103ng ch\u00ednh:<\/p>\n<p>1. T\u00e1c \u0111\u1ed9ng k\u00e9p: Xi lanh \u0111\u01b0\u1ee3c thi\u1ebft k\u1ebf \u0111\u1ec3 ho\u1ea1t \u0111\u1ed9ng c\u1ea3 \u1edf ch\u1ebf \u0111\u1ed9 k\u00e9o d\u00e0i v\u00e0 thu ng\u1eafn, \u0111\u1ea3m b\u1ea3o v\u1eadn h\u00e0nh hi\u1ec7u qu\u1ea3 v\u00e0 linh ho\u1ea1t.<\/p>\n<p>2. Thi\u1ebft k\u1ebf d\u1ea1ng \u1ed1ng l\u1ed3ng: V\u1edbi c\u1ea5u tr\u00fac d\u1ea1ng \u1ed1ng l\u1ed3ng, xi lanh th\u1ee7y l\u1ef1c n\u00e0y cung c\u1ea5p nhi\u1ec1u giai \u0111o\u1ea1n m\u1edf r\u1ed9ng, cho ph\u00e9p t\u0103ng c\u01b0\u1eddng kh\u1ea3 n\u0103ng n\u00e2ng v\u00e0 c\u1ea3i thi\u1ec7n kh\u1ea3 n\u0103ng \u0111i\u1ec1u khi\u1ec3n.<\/p>\n<p>3. C\u00f3 th\u1ec3 t\u00f9y ch\u1ec9nh: Xi lanh c\u00f3 th\u1ec3 \u0111\u01b0\u1ee3c \u0111i\u1ec1u ch\u1ec9nh \u0111\u1ec3 \u0111\u00e1p \u1ee9ng c\u00e1c y\u00eau c\u1ea7u c\u1ee5 th\u1ec3, bao g\u1ed3m chi\u1ec1u d\u00e0i h\u00e0nh tr\u00ecnh, c\u00e1c t\u00f9y ch\u1ecdn l\u1eafp \u0111\u1eb7t v\u00e0 \u0111\u1ecbnh m\u1ee9c \u00e1p su\u1ea5t. T\u00ednh linh ho\u1ea1t n\u00e0y \u0111\u1ea3m b\u1ea3o t\u00edch h\u1ee3p li\u1ec1n m\u1ea1ch v\u00e0o nhi\u1ec1u \u1ee9ng d\u1ee5ng xe mo\u00f3c t\u1ef1 \u0111\u1ed5 kh\u00e1c nhau.<\/p>\n<p>4. \u0110\u1ed9 b\u1ec1n v\u01b0\u1ee3t tr\u1ed9i: \u0110\u01b0\u1ee3c ch\u1ebf t\u1ea1o t\u1eeb v\u1eadt li\u1ec7u cao c\u1ea5p, xi lanh c\u00f3 \u0111\u1ed9 b\u1ec1n v\u00e0 kh\u1ea3 n\u0103ng \u0111\u00e0n h\u1ed3i v\u01b0\u1ee3t tr\u1ed9i, mang l\u1ea1i hi\u1ec7u su\u1ea5t t\u1ed1i \u01b0u ngay c\u1ea3 d\u01b0\u1edbi t\u1ea3i tr\u1ecdng c\u1ef1c l\u1edbn.<\/p>\n<p>5. K\u1ef9 thu\u1eadt ch\u00ednh x\u00e1c: M\u1ed7i xi lanh \u0111\u01b0\u1ee3c ch\u1ebf t\u1ea1o t\u1ec9 m\u1ec9 \u0111\u1ec3 \u0111\u1ea3m b\u1ea3o chuy\u1ec3n \u0111\u1ed9ng ch\u00ednh x\u00e1c v\u00e0 v\u1eadn h\u00e0nh tr\u01a1n tru, \u0111\u1ea3m b\u1ea3o hi\u1ec7u su\u1ea5t \u0111\u00e1ng tin c\u1eady v\u00e0 \u1ed5n \u0111\u1ecbnh.<\/p>\n<p>6. L\u1eafp \u0111\u1eb7t d\u1ec5 d\u00e0ng: Xi lanh \u0111\u01b0\u1ee3c thi\u1ebft k\u1ebf \u0111\u1ec3 l\u1eafp \u0111\u1eb7t \u0111\u01a1n gi\u1ea3n, gi\u1ea3m thi\u1ec3u th\u1eddi gian ng\u1eebng ho\u1ea1t \u0111\u1ed9ng v\u00e0 t\u1ed1i \u0111a h\u00f3a n\u0103ng su\u1ea5t.<\/p>\n<p>\u1ee8ng d\u1ee5ng:<\/p>\n<p>Xi lanh th\u1ee7y l\u1ef1c d\u1ea1ng \u1ed1ng l\u1ed3ng t\u00e1c \u0111\u1ed9ng k\u00e9p t\u00f9y ch\u1ec9nh ph\u00f9 h\u1ee3p v\u1edbi nhi\u1ec1u \u1ee9ng d\u1ee5ng xe mo\u00f3c ben, bao g\u1ed3m c\u00f4ng tr\u01b0\u1eddng x\u00e2y d\u1ef1ng, khai th\u00e1c m\u1ecf, n\u00f4ng nghi\u1ec7p v\u00e0 v\u1eadn t\u1ea3i. Thi\u1ebft k\u1ebf ch\u1eafc ch\u1eafn v\u00e0 hi\u1ec7u su\u1ea5t \u0111\u00e1ng tin c\u1eady khi\u1ebfn n\u00f3 tr\u1edf th\u00e0nh l\u1ef1a ch\u1ecdn l\u00fd t\u01b0\u1edfng cho m\u00f4i tr\u01b0\u1eddng l\u00e0m vi\u1ec7c kh\u1eafc nghi\u1ec7t.<\/p>\n<table style=\"width: 100%;\" border=\"1\" width=\"100%\" cellspacing=\"0\" cellpadding=\"0\">\n<tbody>\n<tr>\n<th>T\u00ean s\u1ea3n ph\u1ea9m<\/th>\n<td>Xi lanh th\u1ee7y l\u1ef1c d\u1ea1ng \u1ed1ng l\u1ed3ng t\u00e1c \u0111\u1ed9ng k\u00e9p t\u00f9y ch\u1ec9nh d\u00e0nh cho xe mo\u00f3c ben<\/td>\n<\/tr>\n<tr>\n<th>T\u00ecnh tr\u1ea1ng<\/th>\n<td>M\u1edbi<\/td>\n<\/tr>\n<tr>\n<th>B\u1ea3o h\u00e0nh<\/th>\n<td>1 n\u0103m<\/td>\n<\/tr>\n<tr>\n<th>L\u1ef1c \u0111\u1ea9y t\u1ed1i \u0111a<\/th>\n<td>3000<\/td>\n<\/tr>\n<tr>\n<th>L\u1ef1c k\u00e9o t\u1ed1i \u0111a<\/th>\n<td>20 t\u1ea5n<\/td>\n<\/tr>\n<tr>\n<th>Thi\u1ebft k\u1ebf<\/th>\n<td>Xi lanh l\u1ed3ng k\u00e9p t\u00e1c \u0111\u1ed9ng k\u00e9p<\/td>\n<\/tr>\n<tr>\n<th>C\u00e1c th\u00e0nh ph\u1ea7n c\u1ed1t l\u00f5i<\/th>\n<td>V\u00f2ng bi v\u00e0 xi lanh pitt\u00f4ng<\/td>\n<\/tr>\n<tr>\n<th>V\u1eadt li\u1ec7u<\/th>\n<td>Th\u00e9p ch\u1eafc ch\u1eafn<\/td>\n<\/tr>\n<tr>\n<th>Ngu\u1ed3n \u0111i\u1ec7n<\/th>\n<td>Th\u1ee7y l\u1ef1c<\/td>\n<\/tr>\n<tr>\n<th>Ch\u1ee9ng nh\u1eadn<\/th>\n<td>ISO9001:2000<\/td>\n<\/tr>\n<tr>\n<th>Hi\u1ec7u su\u1ea5t<\/th>\n<td>\u0110\u1ed9 b\u1ec1n v\u00e0 t\u00ednh linh ho\u1ea1t v\u01b0\u1ee3t tr\u1ed9i<\/td>\n<\/tr>\n<tr>\n<th>C\u00e1c ng\u00e0nh c\u00f4ng nghi\u1ec7p \u00e1p d\u1ee5ng<\/th>\n<td>Nh\u00e0 m\u00e1y s\u1ea3n xu\u1ea5t, X\u01b0\u1edfng s\u1eeda ch\u1eefa m\u00e1y m\u00f3c, Trang tr\u1ea1i, N\u0103ng l\u01b0\u1ee3ng &amp; Khai th\u00e1c, S\u1ea3n xu\u1ea5t m\u00e1y m\u00f3c, Nh\u00e0 m\u00e1y m\u00e1y m\u00f3c<\/td>\n<\/tr>\n<\/tbody>\n<\/table>\n<p><img decoding=\"async\" src=\"https:\/\/hzpt.com\/wp-content\/uploads\/2023\/11\/Inverted-Telescopic-Cylinder-10.webp\" alt=\"\" title=\"\"><\/p>\n<h2>\u0110\u1eb7c \u0111i\u1ec3m c\u1ee7a xi lanh th\u1ee7y l\u1ef1c d\u1ea1ng \u1ed1ng l\u1ed3ng t\u00e1c \u0111\u1ed9ng k\u00e9p<\/h2>\n<p>Xi lanh th\u1ee7y l\u1ef1c c\u1ea3i ti\u1ebfn n\u00e0y \u0111\u01b0\u1ee3c t\u00edch h\u1ee3p nhi\u1ec1u t\u00ednh n\u0103ng h\u00e0ng \u0111\u1ea7u, khi\u1ebfn n\u00f3 tr\u1edf th\u00e0nh m\u1ed9t s\u1ea3n ph\u1ea9m n\u1ed5i b\u1eadt:<\/p>\n<ul>\n<li><b>C\u1ea5u tr\u00fac chu\u1ea9n:<\/b> S\u1ea3n ph\u1ea9m c\u00f3 c\u1ea5u tr\u00fac xi lanh piston ti\u00eau chu\u1ea9n, \u0111\u1ea3m b\u1ea3o hi\u1ec7u su\u1ea5t ho\u1ea1t \u0111\u1ed9ng \u0111\u00e1ng tin c\u1eady.<\/li>\n<li><b>L\u1ef1c \u0111\u1ea9y v\u00e0 l\u1ef1c k\u00e9o t\u1ed1i \u0111a:<\/b> N\u00f3 cung c\u1ea5p l\u1ef1c \u0111\u1ea9y t\u1ed1i \u0111a 3000 v\u00e0 l\u1ef1c k\u00e9o t\u1ed1i \u0111a 20 t\u1ea5n, mang l\u1ea1i hi\u1ec7u su\u1ea5t m\u1ea1nh m\u1ebd.<\/li>\n<li><b>V\u1eadt li\u1ec7u ch\u1ea5t l\u01b0\u1ee3ng:<\/b> \u0110\u01b0\u1ee3c ch\u1ebf t\u1ea1o t\u1eeb th\u00e9p ch\u1eafc ch\u1eafn, xi lanh n\u00e0y \u0111\u1ea3m b\u1ea3o \u0111\u1ed9 b\u1ec1n v\u00e0 s\u1eed d\u1ee5ng l\u00e2u d\u00e0i.<\/li>\n<li><b>T\u00f9y ch\u1ec9nh:<\/b> Xi lanh c\u00f3 m\u00e0u \u0111en, v\u1edbi c\u00e1c th\u00f4ng s\u1ed1 t\u00f9y ch\u1ec9nh v\u1ec1 \u0111\u01b0\u1eddng k\u00ednh trong, k\u00edch th\u01b0\u1edbc thanh truy\u1ec1n, h\u00e0nh tr\u00ecnh piston v\u00e0 k\u00edch th\u01b0\u1edbc ch\u1ed1t piston.<\/li>\n<li><b>\u0110\u00e3 \u0111\u01b0\u1ee3c ch\u1ee9ng nh\u1eadn:<\/b> B\u00ecnh kh\u00ed n\u00e0y \u0111\u1ea1t ch\u1ee9ng nh\u1eadn ISO9001:2000, \u0111\u1ea3m b\u1ea3o ch\u1ea5t l\u01b0\u1ee3ng v\u00e0 tu\u00e2n th\u1ee7 c\u00e1c ti\u00eau chu\u1ea9n ng\u00e0nh.<\/li>\n<\/ul>\n<h2>\u1ee8ng d\u1ee5ng c\u1ee7a xi lanh th\u1ee7y l\u1ef1c<\/h2>\n<p>Xi lanh th\u1ee7y l\u1ef1c d\u1ea1ng \u1ed1ng l\u1ed3ng t\u00e1c \u0111\u1ed9ng k\u00e9p l\u00fd t\u01b0\u1edfng cho nhi\u1ec1u ng\u00e0nh c\u00f4ng nghi\u1ec7p v\u00e0 \u1ee9ng d\u1ee5ng. N\u00f3 \u0111\u1eb7c bi\u1ec7t h\u1eefu \u00edch cho c\u00e1c nh\u00e0 m\u00e1y s\u1ea3n xu\u1ea5t, x\u01b0\u1edfng s\u1eeda ch\u1eefa m\u00e1y m\u00f3c, trang tr\u1ea1i, l\u0129nh v\u1ef1c n\u0103ng l\u01b0\u1ee3ng v\u00e0 khai th\u00e1c m\u1ecf, s\u1ea3n xu\u1ea5t m\u00e1y m\u00f3c v\u00e0 c\u00e1c nh\u00e0 m\u00e1y ch\u1ebf t\u1ea1o m\u00e1y m\u00f3c.<\/p>\n<p><img decoding=\"async\" src=\"https:\/\/hzpt.com\/wp-content\/uploads\/2023\/11\/Inverted-Telescopic-Cylinder-Applications.webp\" alt=\"\u1ee8ng d\u1ee5ng c\u1ee7a xi lanh \u1ed1ng l\u1ed3ng ng\u01b0\u1ee3c\" title=\"\"><\/p>\n<h2>Nguy\u00ean l\u00fd ho\u1ea1t \u0111\u1ed9ng v\u00e0 b\u1ea3o d\u01b0\u1ee1ng xi lanh th\u1ee7y l\u1ef1c<\/h2>\n<p>Xi lanh th\u1ee7y l\u1ef1c d\u1ea1ng \u1ed1ng l\u1ed3ng t\u00e1c \u0111\u1ed9ng k\u00e9p ho\u1ea1t \u0111\u1ed9ng d\u1ef1a tr\u00ean nguy\u00ean l\u00fd c\u01a1 h\u1ecdc ch\u1ea5t l\u1ecfng, trong \u0111\u00f3 \u00e1p su\u1ea5t th\u1ee7y l\u1ef1c t\u1ea1o ra l\u1ef1c \u0111\u1ea9y p\u00edt t\u00f4ng c\u1ee7a xi lanh. Ho\u1ea1t \u0111\u1ed9ng n\u00e0y c\u00f3 th\u1ec3 t\u1ea1o ra l\u1ef1c \u0111\u1ea9y ho\u1eb7c l\u1ef1c k\u00e9o m\u1ea1nh m\u1ebd, ph\u00f9 h\u1ee3p v\u1edbi nhi\u1ec1u \u1ee9ng d\u1ee5ng c\u00f4ng nghi\u1ec7p kh\u00e1c nhau. D\u01b0\u1edbi \u0111\u00e2y l\u00e0 m\u1ed9t s\u1ed1 m\u1eb9o b\u1ea3o tr\u00ec quan tr\u1ecdng \u0111\u1ec3 \u0111\u1ea3m b\u1ea3o tu\u1ed5i th\u1ecd c\u1ee7a xi lanh:<\/p>\n<p><img decoding=\"async\" src=\"https:\/\/hzpt.com\/wp-content\/uploads\/2023\/11\/Inverted-Telescopic-Cylinder-17.webp\" alt=\"\" title=\"\"><\/p>\n<ul>\n<li><b>Ki\u1ec3m tra \u0111\u1ecbnh k\u1ef3:<\/b> Th\u01b0\u1eddng xuy\u00ean ki\u1ec3m tra xi lanh xem c\u00f3 b\u1ecb m\u00f2n, r\u00e1ch ho\u1eb7c h\u01b0 h\u1ecfng g\u00ec kh\u00f4ng. Ph\u00e1t hi\u1ec7n s\u1edbm c\u00f3 th\u1ec3 ng\u0103n ng\u1eeba c\u00e1c s\u1ef1 c\u1ed1 nghi\u00eam tr\u1ecdng h\u01a1n.<\/li>\n<li><b>V\u1ec7 sinh:<\/b> H\u00e3y gi\u1eef cho xi lanh lu\u00f4n s\u1ea1ch s\u1ebd \u0111\u1ec3 tr\u00e1nh t\u00edch t\u1ee5 c\u1eb7n b\u1ea9n c\u00f3 th\u1ec3 \u1ea3nh h\u01b0\u1edfng \u0111\u1ebfn hi\u1ec7u su\u1ea5t ho\u1ea1t \u0111\u1ed9ng.<\/li>\n<li><b>B\u00f4i tr\u01a1n:<\/b> Th\u01b0\u1eddng xuy\u00ean b\u00f4i tr\u01a1n xi lanh \u0111\u1ec3 \u0111\u1ea3m b\u1ea3o ho\u1ea1t \u0111\u1ed9ng tr\u01a1n tru v\u00e0 gi\u1ea3m ma s\u00e1t.<\/li>\n<li><b>S\u1eeda ch\u1eefa v\u00e0 thay th\u1ebf:<\/b> Trong tr\u01b0\u1eddng h\u1ee3p x\u1ea3y ra h\u01b0 h\u1ecfng, h\u00e3y \u0111\u1ea3m b\u1ea3o s\u1eeda ch\u1eefa ho\u1eb7c thay th\u1ebf k\u1ecbp th\u1eddi \u0111\u1ec3 tr\u00e1nh gi\u00e1n \u0111o\u1ea1n ho\u1ea1t \u0111\u1ed9ng.<\/li>\n<li><b>H\u00e3y l\u00e0m theo h\u01b0\u1edbng d\u1eabn s\u1eed d\u1ee5ng:<\/b> Lu\u00f4n tu\u00e2n th\u1ee7 h\u01b0\u1edbng d\u1eabn s\u1eed d\u1ee5ng c\u1ee7a nh\u00e0 s\u1ea3n xu\u1ea5t \u0111\u1ec3 bi\u1ebft ch\u00ednh x\u00e1c c\u00e1c h\u01b0\u1edbng d\u1eabn v\u1eadn h\u00e0nh v\u00e0 b\u1ea3o tr\u00ec.<\/li>\n<\/ul>\n<h2>H\u00ecnh tr\u1ee5 \u1ed1ng l\u1ed3ng ng\u01b0\u1ee3c<\/h2>\n<p>Xi lanh th\u1ee7y l\u1ef1c d\u1ea1ng \u1ed1ng l\u1ed3ng t\u00e1c \u0111\u1ed9ng k\u00e9p t\u00f9y ch\u1ec9nh d\u00e0nh cho xe mo\u00f3c ben l\u00e0 m\u1ed9t lo\u1ea1i xi lanh th\u1ee7y l\u1ef1c \u0111\u1eb7c bi\u1ec7t \u0111\u01b0\u1ee3c s\u1eed d\u1ee5ng r\u1ed9ng r\u00e3i trong nhi\u1ec1u ng\u00e0nh c\u00f4ng nghi\u1ec7p, \u0111\u1eb7c bi\u1ec7t l\u00e0 trong l\u0129nh v\u1ef1c x\u00e2y d\u1ef1ng v\u00e0 v\u1eadn t\u1ea3i. Thi\u1ebft k\u1ebf xi lanh c\u1ea3i ti\u1ebfn n\u00e0y mang l\u1ea1i nhi\u1ec1u \u01b0u \u0111i\u1ec3m, bao g\u1ed3m t\u0103ng kh\u1ea3 n\u0103ng n\u00e2ng, c\u1ea3i thi\u1ec7n \u0111\u1ed9 \u1ed5n \u0111\u1ecbnh v\u00e0 t\u0103ng c\u01b0\u1eddng kh\u1ea3 n\u0103ng ki\u1ec3m so\u00e1t chuy\u1ec3n \u0111\u1ed9ng c\u1ee7a t\u1ea3i tr\u1ecdng n\u1eb7ng.<\/p>\n<p>M\u1ed9t trong nh\u1eefng \u0111\u1eb7c \u0111i\u1ec3m ch\u00ednh c\u1ee7a Xi lanh th\u1ee7y l\u1ef1c d\u1ea1ng \u1ed1ng l\u1ed3ng t\u00e1c \u0111\u1ed9ng k\u00e9p t\u00f9y ch\u1ec9nh d\u00e0nh cho xe mo\u00f3c ben l\u00e0 thi\u1ebft k\u1ebf \u1ed1ng l\u1ed3ng ng\u01b0\u1ee3c. \u0110i\u1ec1u n\u00e0y c\u00f3 ngh\u0129a l\u00e0 \u0111o\u1ea1n ngo\u00e0i c\u00f9ng c\u1ee7a xi lanh l\u00e0 l\u1edbn nh\u1ea5t v\u00e0 m\u1ed7i \u0111o\u1ea1n ti\u1ebfp theo nh\u1ecf d\u1ea7n \u0111i. S\u1ef1 s\u1eafp x\u1ebfp \u0111\u1ed9c \u0111\u00e1o n\u00e0y cho ph\u00e9p chi\u1ec1u d\u00e0i thu g\u1ecdn nh\u1ecf g\u1ecdn trong khi v\u1eabn cung c\u1ea5p chi\u1ec1u d\u00e0i h\u00e0nh tr\u00ecnh m\u1edf r\u1ed9ng khi c\u1ea7n thi\u1ebft. C\u1ea5u h\u00ecnh \u1ed1ng l\u1ed3ng ng\u01b0\u1ee3c c\u0169ng g\u00f3p ph\u1ea7n v\u00e0o s\u1ef1 \u1ed5n \u0111\u1ecbnh v\u00e0 \u0111\u1ed9 b\u1ec1n t\u1ed5ng th\u1ec3 c\u1ee7a xi lanh.<\/p>\n<p>Gi\u1edd ch\u00fang ta h\u00e3y c\u00f9ng t\u00ecm hi\u1ec3u nh\u1eefng \u01b0u \u0111i\u1ec3m c\u1ee7a Xi lanh th\u1ee7y l\u1ef1c d\u1ea1ng \u1ed1ng l\u1ed3ng t\u00e1c \u0111\u1ed9ng k\u00e9p t\u00f9y ch\u1ec9nh d\u00e0nh cho xe mo\u00f3c ben:<\/p>\n<ol>\n<li><strong>T\u0103ng kh\u1ea3 n\u0103ng n\u00e2ng:<\/strong> Thi\u1ebft k\u1ebf d\u1ea1ng \u1ed1ng l\u1ed3ng ng\u01b0\u1ee3c cho ph\u00e9p xi lanh ch\u1ecbu \u0111\u01b0\u1ee3c t\u1ea3i tr\u1ecdng n\u1eb7ng h\u01a1n so v\u1edbi c\u00e1c xi lanh th\u1ee7y l\u1ef1c th\u00f4ng th\u01b0\u1eddng. \u0110i\u1ec1u n\u00e0y l\u00e0 do di\u1ec7n t\u00edch b\u1ec1 m\u1eb7t c\u1ee7a ph\u1ea7n ngo\u00e0i l\u1edbn h\u01a1n \u0111\u01b0\u1ee3c t\u0103ng l\u00ean, gi\u00fap ph\u00e2n b\u1ed5 tr\u1ecdng l\u01b0\u1ee3ng t\u1ed1t h\u01a1n v\u00e0 t\u0103ng kh\u1ea3 n\u0103ng ch\u1ecbu t\u1ea3i.<\/li>\n<li><strong>Ki\u1ec3m so\u00e1t n\u00e2ng cao:<\/strong> Xi lanh th\u1ee7y l\u1ef1c d\u1ea1ng \u1ed1ng l\u1ed3ng t\u00e1c \u0111\u1ed9ng k\u00e9p t\u00f9y ch\u1ec9nh d\u00e0nh cho r\u01a1 mo\u00f3c t\u1ef1 \u0111\u1ed5 mang l\u1ea1i kh\u1ea3 n\u0103ng \u0111i\u1ec1u khi\u1ec3n v\u01b0\u1ee3t tr\u1ed9i \u0111\u1ed1i v\u1edbi chuy\u1ec3n \u0111\u1ed9ng c\u1ee7a r\u01a1 mo\u00f3c t\u1ef1 \u0111\u1ed5. Thi\u1ebft k\u1ebf nhi\u1ec1u t\u1ea7ng cho ph\u00e9p \u0111\u1ecbnh v\u1ecb ch\u00ednh x\u00e1c v\u00e0 v\u1eadn h\u00e0nh tr\u01a1n tru, \u0111\u1ea3m b\u1ea3o vi\u1ec7c b\u1ed1c d\u1ee1 v\u1eadt li\u1ec7u an to\u00e0n v\u00e0 hi\u1ec7u qu\u1ea3.<\/li>\n<li><strong>C\u1ea3i thi\u1ec7n \u0111\u1ed9 \u1ed5n \u0111\u1ecbnh:<\/strong> C\u1ea5u tr\u00fac d\u1ea1ng \u1ed1ng l\u1ed3ng ng\u01b0\u1ee3c gi\u00fap c\u1ea3i thi\u1ec7n \u0111\u1ed9 \u1ed5n \u0111\u1ecbnh trong qu\u00e1 tr\u00ecnh n\u00e2ng v\u00e0 h\u1ea1. Khung ngo\u00e0i l\u1edbn h\u01a1n t\u1ea1o ra m\u1ed9t \u0111\u1ebf \u0111\u1ee1 v\u1eefng ch\u1eafc, gi\u1ea3m thi\u1ec3u nguy c\u01a1 nghi\u00eang ho\u1eb7c \u0111\u1ed5 khi x\u1eed l\u00fd t\u1ea3i tr\u1ecdng n\u1eb7ng.<\/li>\n<li><strong>C\u00e1c t\u00f9y ch\u1ecdn t\u00f9y ch\u1ec9nh:<\/strong> Xi lanh th\u1ee7y l\u1ef1c d\u1ea1ng \u1ed1ng l\u1ed3ng t\u00e1c \u0111\u1ed9ng k\u00e9p t\u00f9y ch\u1ec9nh d\u00e0nh cho xe mo\u00f3c ben c\u00f3 th\u1ec3 \u0111\u01b0\u1ee3c thi\u1ebft k\u1ebf ri\u00eang \u0111\u1ec3 \u0111\u00e1p \u1ee9ng c\u00e1c y\u00eau c\u1ea7u c\u1ee5 th\u1ec3. \u0110i\u1ec1u n\u00e0y bao g\u1ed3m t\u00f9y ch\u1ec9nh chi\u1ec1u d\u00e0i h\u00e0nh tr\u00ecnh, \u0111\u01b0\u1eddng k\u00ednh l\u1ed7 v\u00e0 c\u1ea5u h\u00ecnh l\u1eafp \u0111\u1eb7t. C\u00e1c t\u00f9y ch\u1ecdn n\u00e0y \u0111\u1ea3m b\u1ea3o kh\u1ea3 n\u0103ng t\u01b0\u01a1ng th\u00edch v\u1edbi c\u00e1c thi\u1ebft k\u1ebf v\u00e0 \u1ee9ng d\u1ee5ng xe mo\u00f3c ben kh\u00e1c nhau.<\/li>\n<\/ol>\n<p>T\u00f3m l\u1ea1i, xi lanh th\u1ee7y l\u1ef1c d\u1ea1ng \u1ed1ng l\u1ed3ng t\u00e1c \u0111\u1ed9ng k\u00e9p t\u00f9y ch\u1ec9nh d\u00e0nh cho xe mo\u00f3c ben l\u00e0 m\u1ed9t gi\u1ea3i ph\u00e1p xi lanh th\u1ee7y l\u1ef1c \u0111a n\u0103ng v\u00e0 \u0111\u00e1ng tin c\u1eady. Thi\u1ebft k\u1ebf \u1ed1ng l\u1ed3ng ng\u01b0\u1ee3c, c\u00f9ng v\u1edbi kh\u1ea3 n\u0103ng n\u00e2ng t\u1ea3i t\u0103ng c\u01b0\u1eddng, kh\u1ea3 n\u0103ng \u0111i\u1ec1u khi\u1ec3n \u0111\u01b0\u1ee3c c\u1ea3i thi\u1ec7n, \u0111\u1ed9 \u1ed5n \u0111\u1ecbnh \u0111\u01b0\u1ee3c n\u00e2ng cao v\u00e0 c\u00e1c t\u00f9y ch\u1ecdn t\u00f9y ch\u1ec9nh, l\u00e0m cho n\u00f3 tr\u1edf th\u00e0nh l\u1ef1a ch\u1ecdn l\u00fd t\u01b0\u1edfng cho nhi\u1ec1u ng\u00e0nh c\u00f4ng nghi\u1ec7p kh\u00e1c nhau. Cho d\u00f9 trong l\u0129nh v\u1ef1c x\u00e2y d\u1ef1ng hay v\u1eadn t\u1ea3i, xi lanh n\u00e0y \u0111\u1ec1u mang l\u1ea1i hi\u1ec7u su\u1ea5t v\u00e0 hi\u1ec7u qu\u1ea3 v\u01b0\u1ee3t tr\u1ed9i, \u0111\u1ea3m b\u1ea3o n\u0103ng su\u1ea5t t\u1ed1i \u01b0u v\u00e0 an to\u00e0n trong ho\u1ea1t \u0111\u1ed9ng c\u1ee7a xe mo\u00f3c ben.<\/p>\n<h3>Gi\u1edbi thi\u1ec7u v\u1ec1 xi lanh th\u1ee7y l\u1ef1c FMP<\/h3>\n<p>FMP l\u00e0 c\u00f4ng ty h\u00e0ng \u0111\u1ea7u chuy\u00ean b\u00e1n v\u00e0 cung c\u1ea5p ph\u1ee5 t\u00f9ng m\u00e1y m\u00f3c x\u00e2y d\u1ef1ng ch\u1ea5t l\u01b0\u1ee3ng cao v\u00e0 m\u00e1y m\u00f3c ho\u00e0n ch\u1ec9nh. Xi lanh th\u1ee7y l\u1ef1c c\u1ee7a ch\u00fang t\u00f4i l\u00e0 m\u1ed9t trong nh\u1eefng s\u1ea3n ph\u1ea9m b\u00e1n ch\u1ea1y nh\u1ea5t, v\u00e0 ch\u00fang t\u00f4i t\u1ef1 h\u00e0o gi\u1edbi thi\u1ec7u c\u00e1c t\u00ednh n\u0103ng v\u00e0 \u01b0u \u0111i\u1ec3m c\u1ee7a s\u1ea3n ph\u1ea9m \u0111\u1ebfn kh\u00e1ch h\u00e0ng:<\/p>\n<ol>\n<li><strong>M\u1ea1nh m\u1ebd v\u00e0 b\u1ec1n b\u1ec9:<\/strong> Xi lanh th\u1ee7y l\u1ef1c c\u1ee7a ch\u00fang t\u00f4i \u0111\u01b0\u1ee3c l\u00e0m t\u1eeb v\u1eadt li\u1ec7u cao c\u1ea5p, \u0111\u1ea3m b\u1ea3o \u0111\u1ed9 b\u1ec1n v\u00e0 tu\u1ed5i th\u1ecd cao. S\u1ea3n ph\u1ea9m \u0111\u01b0\u1ee3c thi\u1ebft k\u1ebf \u0111\u1ec3 ch\u1ecbu \u0111\u01b0\u1ee3c m\u00f4i tr\u01b0\u1eddng kh\u1eafc nghi\u1ec7t v\u00e0 ho\u1ea1t \u0111\u1ed9ng n\u1eb7ng nh\u1ecdc, l\u00e0 l\u1ef1a ch\u1ecdn l\u00fd t\u01b0\u1edfng cho m\u00e1y m\u00f3c x\u00e2y d\u1ef1ng.<\/li>\n<li><strong>C\u00f3 th\u1ec3 t\u00f9y ch\u1ec9nh:<\/strong> Ch\u00fang t\u00f4i cung c\u1ea5p \u0111a d\u1ea1ng c\u00e1c lo\u1ea1i xi lanh th\u1ee7y l\u1ef1c, bao g\u1ed3m xi lanh ki\u1ec3u ch\u1ed1t \u0111i\u1ec1u ch\u1ec9nh, xi lanh thanh gi\u1eb1ng v\u00e0 xi lanh h\u00e0n. \u0110\u1ed9i ng\u0169 chuy\u00ean gia c\u1ee7a ch\u00fang t\u00f4i c\u0169ng c\u00f3 th\u1ec3 t\u00f9y ch\u1ec9nh xi lanh d\u1ef1a tr\u00ean y\u00eau c\u1ea7u v\u00e0 th\u00f4ng s\u1ed1 k\u1ef9 thu\u1eadt ri\u00eang c\u1ee7a b\u1ea1n.<\/li>\n<li><strong>M\u01b0\u1ee3t m\u00e0 v\u00e0 hi\u1ec7u qu\u1ea3:<\/strong> Xi lanh th\u1ee7y l\u1ef1c c\u1ee7a ch\u00fang t\u00f4i \u0111\u01b0\u1ee3c trang b\u1ecb ph\u1edbt piston v\u00e0 thanh truy\u1ec1n ch\u1ea5t l\u01b0\u1ee3ng cao, \u0111\u1ea3m b\u1ea3o v\u1eadn h\u00e0nh tr\u01a1n tru v\u00e0 hi\u1ec7u qu\u1ea3. Thi\u1ebft k\u1ebf nh\u1ecf g\u1ecdn gi\u00fap ti\u1ebft ki\u1ec7m kh\u00f4ng gian l\u1eafp \u0111\u1eb7t v\u00e0 gi\u1ea3m m\u1ee9c ti\u00eau th\u1ee5 n\u0103ng l\u01b0\u1ee3ng.<\/li>\n<li><strong>Ti\u1ebft ki\u1ec7m chi ph\u00ed:<\/strong> Xi lanh th\u1ee7y l\u1ef1c c\u1ee7a ch\u00fang t\u00f4i c\u00f3 gi\u00e1 c\u1ea3 c\u1ea1nh tranh nh\u01b0ng v\u1eabn \u0111\u1ea3m b\u1ea3o ti\u00eau chu\u1ea9n ch\u1ea5t l\u01b0\u1ee3ng cao. Y\u00eau c\u1ea7u b\u1ea3o tr\u00ec th\u1ea5p v\u00e0 tu\u1ed5i th\u1ecd cao c\u0169ng gi\u00fap gi\u1ea3m chi ph\u00ed v\u1eadn h\u00e0nh cho kh\u00e1ch h\u00e0ng.<\/li>\n<li><strong>D\u1ecbch v\u1ee5 kh\u00e1ch h\u00e0ng tuy\u1ec7t v\u1eddi:<\/strong> T\u1ea1i FMP, ch\u00fang t\u00f4i s\u1edf h\u1eefu \u0111\u1ed9i ng\u0169 \u0111\u1ea1i di\u1ec7n b\u00e1n h\u00e0ng gi\u00e0u kinh nghi\u1ec7m v\u00e0 chuy\u00ean nghi\u1ec7p, cung c\u1ea5p d\u1ecbch v\u1ee5 t\u01b0 v\u1ea5n s\u1ea3n ph\u1ea9m chuy\u00ean nghi\u1ec7p v\u00e0 g\u1ee3i \u00fd mua h\u00e0ng th\u00f4ng minh. Ch\u00fang t\u00f4i c\u0169ng s\u1edf h\u1eefu h\u1ec7 th\u1ed1ng ph\u00e2n ph\u1ed1i h\u1eadu c\u1ea7n hi\u1ec7u qu\u1ea3, \u0111\u1ea3m b\u1ea3o giao h\u00e0ng \u0111\u00fang h\u1eb9n v\u00e0 ch\u00ednh x\u00e1c \u0111\u1ebfn tay kh\u00e1ch h\u00e0ng.<\/li>\n<\/ol>\n<p>L\u00e0 m\u1ed9t c\u00f4ng ty ho\u1ea1t \u0111\u1ed9ng nhi\u1ec1u n\u0103m trong ng\u00e0nh, ch\u00fang t\u00f4i cam k\u1ebft mang \u0111\u1ebfn cho kh\u00e1ch h\u00e0ng nh\u1eefng s\u1ea3n ph\u1ea9m v\u00e0 d\u1ecbch v\u1ee5 t\u1ed1t nh\u1ea5t. V\u1edbi xi lanh th\u1ee7y l\u1ef1c FMP, b\u1ea1n ho\u00e0n to\u00e0n y\u00ean t\u00e2m v\u1ec1 m\u1ed9t h\u1ec7 th\u1ed1ng th\u1ee7y l\u1ef1c \u0111\u00e1ng tin c\u1eady v\u00e0 hi\u1ec7u su\u1ea5t cao, \u0111\u00e1p \u1ee9ng nhu c\u1ea7u m\u00e1y m\u00f3c x\u00e2y d\u1ef1ng c\u1ee7a m\u00ecnh.<\/p>\n<p><img decoding=\"async\" src=\"https:\/\/fmp-components.com\/wp-content\/uploads\/2024\/12\/Adjustable-Clevis-Type-Cylinders-6.webp\" alt=\"Xi lanh lo\u1ea1i Clevis c\u00f3 th\u1ec3 \u0111i\u1ec1u ch\u1ec9nh\" width=\"801\" title=\"\"><br \/>\nT\u00e1c gi\u1ea3: CX<\/p>","protected":false},"excerpt":{"rendered":"<p>Introducing the Customized Double Acting Telescopic Hydraulic Cylinder For Dump Trailer: The Customized Double Acting Telescopic Hydraulic Cylinder is specifically designed for dump trailers, providing excellent performance and durability. This high-quality hydraulic cylinder is engineered to withstand heavy loads and harsh working conditions. Key Features: 1. Double Acting: The cylinder is designed to function in [&hellip;]<\/p>","protected":false},"featured_media":1600,"comment_status":"closed","ping_status":"closed","template":"","meta":{"_et_pb_use_builder":"","_et_pb_old_content":"","_et_gb_content_width":""},"product_brand":[],"product_cat":[45],"product_tag":[34,48],"class_list":{"0":"post-1599","1":"product","2":"type-product","3":"status-publish","4":"has-post-thumbnail","6":"product_cat-inverted-telescopic-cylinder","7":"product_tag-hydraulic-cylinder","8":"product_tag-inverted-telescopic-cylinder","10":"first","11":"instock","12":"product-type-simple"},"_links":{"self":[{"href":"https:\/\/fmp-components.com\/vi\/wp-json\/wp\/v2\/product\/1599","targetHints":{"allow":["GET"]}}],"collection":[{"href":"https:\/\/fmp-components.com\/vi\/wp-json\/wp\/v2\/product"}],"about":[{"href":"https:\/\/fmp-components.com\/vi\/wp-json\/wp\/v2\/types\/product"}],"replies":[{"embeddable":true,"href":"https:\/\/fmp-components.com\/vi\/wp-json\/wp\/v2\/comments?post=1599"}],"wp:featuredmedia":[{"embeddable":true,"href":"https:\/\/fmp-components.com\/vi\/wp-json\/wp\/v2\/media\/1600"}],"wp:attachment":[{"href":"https:\/\/fmp-components.com\/vi\/wp-json\/wp\/v2\/media?parent=1599"}],"wp:term":[{"taxonomy":"product_brand","embeddable":true,"href":"https:\/\/fmp-components.com\/vi\/wp-json\/wp\/v2\/product_brand?post=1599"},{"taxonomy":"product_cat","embeddable":true,"href":"https:\/\/fmp-components.com\/vi\/wp-json\/wp\/v2\/product_cat?post=1599"},{"taxonomy":"product_tag","embeddable":true,"href":"https:\/\/fmp-components.com\/vi\/wp-json\/wp\/v2\/product_tag?post=1599"}],"curies":[{"name":"wp","href":"https:\/\/api.w.org\/{rel}","templated":true}]}}