{"id":1546,"date":"2024-12-23T05:51:36","date_gmt":"2024-12-23T05:51:36","guid":{"rendered":"https:\/\/fmp-components.com\/product\/quality-manufacturing-3-ton-hydraulic-cylinder-double-acting-hydraulic-cylinder-for-snow-plow\/"},"modified":"2024-12-23T05:56:53","modified_gmt":"2024-12-23T05:56:53","slug":"quality-manufacturing-3-ton-hydraulic-cylinder-double-acting-hydraulic-cylinder-for-snow-plow","status":"publish","type":"product","link":"https:\/\/fmp-components.com\/vi\/product\/quality-manufacturing-3-ton-hydraulic-cylinder-double-acting-hydraulic-cylinder-for-snow-plow\/","title":{"rendered":"S\u1ea3n xu\u1ea5t ch\u1ea5t l\u01b0\u1ee3ng Xi lanh th\u1ee7y l\u1ef1c 3 t\u1ea5n Xi lanh th\u1ee7y l\u1ef1c t\u00e1c \u0111\u1ed9ng k\u00e9p cho m\u00e1y c\u00e0y tuy\u1ebft"},"content":{"rendered":"<p>S\u1ea3n xu\u1ea5t ch\u1ea5t l\u01b0\u1ee3ng 3 t\u1ea5n xi lanh th\u1ee7y l\u1ef1c t\u00e1c \u0111\u1ed9ng k\u00e9p xi lanh th\u1ee7y l\u1ef1c cho m\u00e1y c\u00e0y tuy\u1ebftGi\u1edbi thi\u1ec7u s\u1ea3n xu\u1ea5t ch\u1ea5t l\u01b0\u1ee3ng 3 t\u1ea5n xi lanh th\u1ee7y l\u1ef1c t\u00e1c \u0111\u1ed9ng k\u00e9p xi lanh th\u1ee7y l\u1ef1c cho m\u00e1y c\u00e0y tuy\u1ebft:<\/p>\n<p>Xi lanh th\u1ee7y l\u1ef1c t\u00e1c \u0111\u1ed9ng k\u00e9p 3 t\u1ea5n Quality Manufacturing d\u00e0nh cho m\u00e1y c\u00e0y tuy\u1ebft l\u00e0 s\u1ea3n ph\u1ea9m hi\u1ec7u su\u1ea5t cao \u0111\u01b0\u1ee3c thi\u1ebft k\u1ebf \u0111\u1ec3 c\u00e0y tuy\u1ebft hi\u1ec7u qu\u1ea3. V\u1edbi c\u1ea5u tr\u00fac b\u1ec1n b\u1ec9 v\u00e0 c\u00f4ng ngh\u1ec7 th\u1ee7y l\u1ef1c ti\u00ean ti\u1ebfn, xi lanh th\u1ee7y l\u1ef1c n\u00e0y mang l\u1ea1i hi\u1ec7u su\u1ea5t v\u00e0 \u0111\u1ed9 tin c\u1eady v\u01b0\u1ee3t tr\u1ed9i.<\/p>\n<p>Xi lanh th\u1ee7y l\u1ef1c n\u00e0y c\u00f3 kh\u1ea3 n\u0103ng t\u1ea1o ra l\u1ef1c t\u1ed1i \u0111a 3 t\u1ea5n, l\u00fd t\u01b0\u1edfng cho c\u00e1c c\u00f4ng vi\u1ec7c c\u00e0y tuy\u1ebft h\u1ea1ng n\u1eb7ng. Thi\u1ebft k\u1ebf t\u00e1c \u0111\u1ed9ng k\u00e9p cho ph\u00e9p v\u1eeba k\u00e9o d\u00e0i v\u1eeba thu g\u1ecdn, mang l\u1ea1i kh\u1ea3 n\u0103ng \u0111i\u1ec1u khi\u1ec3n ch\u00ednh x\u00e1c v\u00e0 linh ho\u1ea1t khi v\u1eadn h\u00e0nh.<\/p>\n<p><img decoding=\"async\" title=\"Xi lanh th\u1ee7y l\u1ef1c m\u00e1y c\u00e0y tuy\u1ebft\" src=\"https:\/\/hzpt.com\/wp-content\/uploads\/2023\/11\/Snow-Plow-Hydraulic-Cylinder-2.webp\" alt=\"Xi lanh th\u1ee7y l\u1ef1c m\u00e1y c\u00e0y tuy\u1ebft\" \/><\/p>\n<p>Xi lanh th\u1ee7y l\u1ef1c 3 t\u1ea5n c\u1ee7a Quality Manufacturing c\u00f3 c\u1ea5u tr\u00fac ch\u1eafc ch\u1eafn, \u0111\u1ea3m b\u1ea3o \u0111\u1ed9 b\u1ec1n v\u00e0 tu\u1ed5i th\u1ecd ngay c\u1ea3 trong \u0111i\u1ec1u ki\u1ec7n th\u1eddi ti\u1ebft kh\u1eafc nghi\u1ec7t. S\u1ea3n ph\u1ea9m \u0111\u01b0\u1ee3c l\u00e0m t\u1eeb v\u1eadt li\u1ec7u ch\u1ea5t l\u01b0\u1ee3ng cao, c\u00f3 kh\u1ea3 n\u0103ng ch\u1ecbu \u0111\u01b0\u1ee3c nhi\u1ec7t \u0111\u1ed9 kh\u1eafc nghi\u1ec7t, \u0103n m\u00f2n v\u00e0 hao m\u00f2n.<\/p>\n<p>\u0110\u01b0\u1ee3c trang b\u1ecb c\u00e1c b\u1ed9 ph\u1eadn th\u1ee7y l\u1ef1c ti\u00ean ti\u1ebfn, xi lanh th\u1ee7y l\u1ef1c n\u00e0y \u0111\u1ea3m b\u1ea3o ho\u1ea1t \u0111\u1ed9ng tr\u01a1n tru v\u00e0 hi\u1ec7u qu\u1ea3. N\u00f3 cung c\u1ea5p l\u1ef1c \u0111\u1ea9y \u1ed5n \u0111\u1ecbnh v\u00e0 chuy\u1ec3n \u0111\u1ed9ng ch\u00ednh x\u00e1c, cho ph\u00e9p \u0111\u1ecbnh v\u1ecb m\u00e1y c\u00e0y tuy\u1ebft ch\u00ednh x\u00e1c v\u00e0 d\u1ecdn tuy\u1ebft hi\u1ec7u qu\u1ea3.<\/p>\n<p>H\u01a1n n\u1eefa, Xi lanh th\u1ee7y l\u1ef1c 3 t\u1ea5n Quality Manufacturing \u0111\u01b0\u1ee3c thi\u1ebft k\u1ebf ch\u00fa tr\u1ecdng \u0111\u1ebfn s\u1ef1 ti\u1ec7n l\u1ee3i cho ng\u01b0\u1eddi d\u00f9ng. S\u1ea3n ph\u1ea9m d\u1ec5 d\u00e0ng l\u1eafp \u0111\u1eb7t v\u00e0 b\u1ea3o tr\u00ec, cho ph\u00e9p v\u1eadn h\u00e0nh tr\u01a1n tru. K\u00edch th\u01b0\u1edbc nh\u1ecf g\u1ecdn \u0111\u1ea3m b\u1ea3o kh\u1ea3 n\u0103ng t\u01b0\u01a1ng th\u00edch v\u1edbi nhi\u1ec1u lo\u1ea1i m\u00e1y c\u00e0y tuy\u1ebft.<\/p>\n<p>T\u00f3m l\u1ea1i, xi lanh th\u1ee7y l\u1ef1c t\u00e1c \u0111\u1ed9ng k\u00e9p 3 t\u1ea5n c\u1ee7a Quality Manufacturing d\u00e0nh cho m\u00e1y c\u00e0y tuy\u1ebft l\u00e0 gi\u1ea3i ph\u00e1p \u0111\u00e1ng tin c\u1eady v\u00e0 hi\u1ec7u qu\u1ea3 cho c\u00e1c c\u00f4ng vi\u1ec7c c\u00e0y tuy\u1ebft. V\u1edbi c\u1ea5u tr\u00fac ch\u1eafc ch\u1eafn, c\u00f4ng ngh\u1ec7 th\u1ee7y l\u1ef1c ti\u00ean ti\u1ebfn v\u00e0 thi\u1ebft k\u1ebf th\u00e2n thi\u1ec7n v\u1edbi ng\u01b0\u1eddi d\u00f9ng, xi lanh th\u1ee7y l\u1ef1c n\u00e0y mang l\u1ea1i hi\u1ec7u su\u1ea5t v\u00e0 \u0111\u1ed9 b\u1ec1n v\u01b0\u1ee3t tr\u1ed9i.<\/p>\n<table style=\"width: 100%;\" border=\"1\" width=\"100%\" cellspacing=\"0\" cellpadding=\"0\">\n<tbody>\n<tr>\n<th>T\u00ean s\u1ea3n ph\u1ea9m<\/th>\n<td>S\u1ea3n xu\u1ea5t ch\u1ea5t l\u01b0\u1ee3ng xi lanh th\u1ee7y l\u1ef1c 3 t\u1ea5n cho m\u00e1y c\u00e0y tuy\u1ebft<\/td>\n<\/tr>\n<tr>\n<th>T\u00ecnh tr\u1ea1ng<\/th>\n<td>M\u1edbi<\/td>\n<\/tr>\n<tr>\n<th>Ki\u1ec3u<\/th>\n<td>Xi lanh th\u1ee7y l\u1ef1c t\u00e1c \u0111\u1ed9ng k\u00e9p<\/td>\n<\/tr>\n<tr>\n<th>B\u1ea3o h\u00e0nh<\/th>\n<td>1 n\u0103m<\/td>\n<\/tr>\n<tr>\n<th>Ch\u1ee9ng nh\u1eadn<\/th>\n<td>Ti\u00eau chu\u1ea9n ISO 9001:2000<\/td>\n<\/tr>\n<tr>\n<th>\u1ee8ng d\u1ee5ng<\/th>\n<td>\u1ee8ng d\u1ee5ng h\u1ea1ng n\u1eb7ng (M\u00e1y c\u00e0y tuy\u1ebft)<\/td>\n<\/tr>\n<tr>\n<th>Ng\u01b0\u1eddi m\u1eabu<\/th>\n<td>Xi lanh piston ti\u00eau chu\u1ea9n<\/td>\n<\/tr>\n<tr>\n<th>V\u1eadt li\u1ec7u th\u00e2n m\u00e1y<\/th>\n<td>Th\u00e9p<\/td>\n<\/tr>\n<tr>\n<th>L\u1ef1c \u0111\u1ea9y t\u1ed1i \u0111a<\/th>\n<td>3000<\/td>\n<\/tr>\n<tr>\n<th>Kh\u1ea3 n\u0103ng k\u00e9o t\u1ed1i \u0111a<\/th>\n<td>20 t\u1ea5n<\/td>\n<\/tr>\n<tr>\n<th>K\u00edch th\u01b0\u1edbc l\u1ed7 khoan<\/th>\n<td>2 \u2013 6 inch<\/td>\n<\/tr>\n<tr>\n<th>K\u00edch th\u01b0\u1edbc thanh<\/th>\n<td>1,125 \u2013 4 inch<\/td>\n<\/tr>\n<tr>\n<th>K\u00edch th\u01b0\u1edbc n\u00e9t v\u1ebd<\/th>\n<td>4 \u2013 100 inch<\/td>\n<\/tr>\n<tr>\n<th>K\u00edch th\u01b0\u1edbc ch\u00e2n c\u1eafm<\/th>\n<td>0,5 \u2013 2 inch<\/td>\n<\/tr>\n<\/tbody>\n<\/table>\n<p><img loading=\"lazy\" decoding=\"async\" class=\"\" title=\"Xi lanh th\u1ee7y l\u1ef1c m\u00e1y c\u00e0y tuy\u1ebft\" src=\"https:\/\/hzpt.com\/wp-content\/uploads\/2023\/11\/Snow-Plow-Hydraulic-Cylinder-1.webp\" alt=\"Xi lanh th\u1ee7y l\u1ef1c m\u00e1y c\u00e0y tuy\u1ebft\" width=\"962\" height=\"962\" \/><\/p>\n<h2>\u01afu \u0111i\u1ec3m c\u1ee7a xi lanh lo\u1ea1i ch\u1ed1t c\u00f3 th\u1ec3 \u0111i\u1ec1u ch\u1ec9nh<\/h2>\n<p>Xi lanh lo\u1ea1i ch\u1ed1t \u0111i\u1ec1u ch\u1ec9nh \u0111ang ng\u00e0y c\u00e0ng ph\u1ed5 bi\u1ebfn trong nhi\u1ec1u ng\u00e0nh c\u00f4ng nghi\u1ec7p nh\u1edd nh\u1eefng t\u00ednh n\u0103ng v\u00e0 l\u1ee3i \u00edch \u0111\u1ed9c \u0111\u00e1o c\u1ee7a ch\u00fang. D\u01b0\u1edbi \u0111\u00e2y l\u00e0 m\u1ed9t s\u1ed1 l\u1ee3i \u00edch c\u1ee7a vi\u1ec7c s\u1eed d\u1ee5ng xi lanh lo\u1ea1i ch\u1ed1t \u0111i\u1ec1u ch\u1ec9nh:<\/p>\n<ul>\n<li><b>T\u0103ng t\u00ednh linh ho\u1ea1t:<\/b> M\u1ed9t trong nh\u1eefng \u01b0u \u0111i\u1ec3m ch\u00ednh c\u1ee7a xi lanh lo\u1ea1i ch\u1ed1t \u0111i\u1ec1u ch\u1ec9nh l\u00e0 t\u00ednh linh ho\u1ea1t cao. V\u1edbi kh\u1ea3 n\u0103ng \u0111i\u1ec1u ch\u1ec9nh ch\u1ed1t tr\u00ean xi lanh, ng\u01b0\u1eddi d\u00f9ng c\u00f3 th\u1ec3 d\u1ec5 d\u00e0ng t\u00f9y ch\u1ec9nh xi lanh cho ph\u00f9 h\u1ee3p v\u1edbi nhu c\u1ea7u c\u1ee5 th\u1ec3. \u0110i\u1ec1u n\u00e0y l\u00e0m cho xi lanh linh ho\u1ea1t h\u01a1n v\u00e0 th\u00edch \u1ee9ng v\u1edbi nhi\u1ec1u \u1ee9ng d\u1ee5ng kh\u00e1c nhau.<\/li>\n<li><b>\u0110\u1ed9 ch\u00ednh x\u00e1c \u0111\u01b0\u1ee3c c\u1ea3i thi\u1ec7n:<\/b> Xi lanh lo\u1ea1i ch\u1ed1t \u0111i\u1ec1u ch\u1ec9nh c\u00f3 \u0111\u1ed9 ch\u00ednh x\u00e1c cao h\u01a1n so v\u1edbi xi lanh c\u00f3 chi\u1ec1u d\u00e0i c\u1ed1 \u0111\u1ecbnh. B\u1eb1ng c\u00e1ch cho ph\u00e9p ng\u01b0\u1eddi d\u00f9ng \u0111i\u1ec1u ch\u1ec9nh ch\u1ed1t, xi lanh c\u00f3 th\u1ec3 \u0111\u01b0\u1ee3c tinh ch\u1ec9nh \u0111\u1ec3 cung c\u1ea5p c\u00e1c chuy\u1ec3n \u0111\u1ed9ng v\u00e0 \u0111\u1ecbnh v\u1ecb ch\u00ednh x\u00e1c h\u01a1n. \u0110i\u1ec1u n\u00e0y \u0111\u1eb7c bi\u1ec7t quan tr\u1ecdng trong c\u00e1c \u1ee9ng d\u1ee5ng \u0111\u00f2i h\u1ecfi \u0111\u1ed9 ch\u00ednh x\u00e1c cao, ch\u1eb3ng h\u1ea1n nh\u01b0 trong robot ho\u1eb7c s\u1ea3n xu\u1ea5t.<\/li>\n<li><b>Ph\u00e2n ph\u1ed1i t\u1ea3i t\u1ed1t h\u01a1n:<\/b> M\u1ed9t \u01b0u \u0111i\u1ec3m kh\u00e1c c\u1ee7a xi lanh lo\u1ea1i ch\u1ed1t \u0111i\u1ec1u ch\u1ec9nh \u0111\u01b0\u1ee3c l\u00e0 ph\u00e2n b\u1ed5 t\u1ea3i tr\u1ecdng t\u1ed1t h\u01a1n. Nh\u1edd ch\u1ed1t \u0111i\u1ec1u ch\u1ec9nh \u0111\u01b0\u1ee3c, t\u1ea3i tr\u1ecdng c\u00f3 th\u1ec3 \u0111\u01b0\u1ee3c ph\u00e2n b\u1ed5 \u0111\u1ec1u h\u01a1n tr\u00ean to\u00e0n b\u1ed9 xi lanh, gi\u1ea3m \u1ee9ng su\u1ea5t v\u00e0 m\u00e0i m\u00f2n xi lanh. \u0110i\u1ec1u n\u00e0y c\u00f3 th\u1ec3 k\u00e9o d\u00e0i tu\u1ed5i th\u1ecd xi lanh v\u00e0 gi\u1ea3m chi ph\u00ed b\u1ea3o tr\u00ec.<\/li>\n<li><b>T\u0103ng hi\u1ec7u qu\u1ea3:<\/b> Xi lanh lo\u1ea1i ch\u1ed1t \u0111i\u1ec1u ch\u1ec9nh c\u0169ng c\u00f3 th\u1ec3 c\u1ea3i thi\u1ec7n hi\u1ec7u qu\u1ea3 trong m\u1ed9t s\u1ed1 \u1ee9ng d\u1ee5ng nh\u1ea5t \u0111\u1ecbnh. B\u1eb1ng c\u00e1ch tinh ch\u1ec9nh xi lanh \u0111\u1ec3 cung c\u1ea5p chuy\u1ec3n \u0111\u1ed9ng ch\u00ednh x\u00e1c h\u01a1n, ng\u01b0\u1eddi d\u00f9ng c\u00f3 th\u1ec3 gi\u1ea3m thi\u1ec3u l\u00e3ng ph\u00ed v\u00e0 c\u1ea3i thi\u1ec7n n\u0103ng su\u1ea5t. \u0110i\u1ec1u n\u00e0y c\u00f3 th\u1ec3 d\u1eabn \u0111\u1ebfn ti\u1ebft ki\u1ec7m chi ph\u00ed v\u00e0 t\u0103ng n\u0103ng su\u1ea5t.<\/li>\n<li><b>B\u1ea3o tr\u00ec d\u1ec5 d\u00e0ng:<\/b> Xi lanh lo\u1ea1i ch\u1ed1t \u0111i\u1ec1u ch\u1ec9nh th\u01b0\u1eddng d\u1ec5 b\u1ea3o tr\u00ec. V\u1edbi \u00edt b\u1ed9 ph\u1eadn h\u01a1n c\u00e1c lo\u1ea1i xi lanh kh\u00e1c, \u00edt b\u1ed9 ph\u1eadn c\u00f3 th\u1ec3 b\u1ecb m\u00f2n ho\u1eb7c h\u1ecfng h\u01a1n. \u0110i\u1ec1u n\u00e0y c\u00f3 th\u1ec3 gi\u00fap gi\u1ea3m chi ph\u00ed b\u1ea3o tr\u00ec v\u00e0 th\u1eddi gian ng\u1eebng ho\u1ea1t \u0111\u1ed9ng.<\/li>\n<\/ul>\n<p>Khi n\u00f3i \u0111\u1ebfn xi lanh lo\u1ea1i ch\u1ed1t \u0111i\u1ec1u ch\u1ec9nh, Quality Manufacturing l\u00e0 nh\u00e0 s\u1ea3n xu\u1ea5t v\u00e0 cung c\u1ea5p h\u00e0ng \u0111\u1ea7u trong ng\u00e0nh. Xi lanh th\u1ee7y l\u1ef1c 3 t\u1ea5n v\u00e0 xi lanh th\u1ee7y l\u1ef1c t\u00e1c \u0111\u1ed9ng k\u00e9p cho m\u00e1y c\u00e0y tuy\u1ebft c\u1ee7a h\u1ecd \u0111\u1ec1u l\u00e0 nh\u1eefng l\u1ef1a ch\u1ecdn ph\u1ed5 bi\u1ebfn nh\u1edd \u0111\u1ed9 b\u1ec1n v\u00e0 \u0111\u1ed9 tin c\u1eady. V\u1edbi cam k\u1ebft v\u1ec1 ch\u1ea5t l\u01b0\u1ee3ng v\u00e0 \u0111\u1ed5i m\u1edbi, Quality Manufacturing l\u00e0 \u0111\u1ed1i t\u00e1c \u0111\u00e1ng tin c\u1eady cho nh\u1eefng ai c\u1ea7n xi lanh lo\u1ea1i ch\u1ed1t \u0111i\u1ec1u ch\u1ec9nh.<\/p>\n<p>T\u00f3m l\u1ea1i, xi lanh lo\u1ea1i ch\u1ed1t \u0111i\u1ec1u ch\u1ec9nh mang l\u1ea1i nhi\u1ec1u l\u1ee3i th\u1ebf cho nhi\u1ec1u \u1ee9ng d\u1ee5ng c\u00f4ng nghi\u1ec7p kh\u00e1c nhau. T\u1eeb t\u00ednh linh ho\u1ea1t cao h\u01a1n \u0111\u1ebfn \u0111\u1ed9 ch\u00ednh x\u00e1c v\u00e0 ph\u00e2n b\u1ed5 t\u1ea3i tr\u1ecdng \u0111\u01b0\u1ee3c c\u1ea3i thi\u1ec7n, nh\u1eefng xi lanh n\u00e0y c\u00f3 th\u1ec3 gi\u00fap n\u00e2ng cao hi\u1ec7u qu\u1ea3 v\u00e0 gi\u1ea3m chi ph\u00ed b\u1ea3o tr\u00ec. \u0110\u1ed1i v\u1edbi nh\u1eefng ai c\u1ea7n xi lanh lo\u1ea1i ch\u1ed1t \u0111i\u1ec1u ch\u1ec9nh ch\u1ea5t l\u01b0\u1ee3ng cao, Quality Manufacturing l\u00e0 l\u1ef1a ch\u1ecdn h\u00e0ng \u0111\u1ea7u trong ng\u00e0nh.<\/p>\n<h3>Gi\u1edbi thi\u1ec7u v\u1ec1 xi lanh th\u1ee7y l\u1ef1c FMP<\/h3>\n<p><img decoding=\"async\" src=\"https:\/\/fmp-components.com\/wp-content\/uploads\/2024\/12\/Adjustable-Clevis-Type-Cylinders-6.webp\" alt=\"Xi lanh lo\u1ea1i Clevis c\u00f3 th\u1ec3 \u0111i\u1ec1u ch\u1ec9nh\" width=\"851\" title=\"\"><\/p>\n<p>FMP l\u00e0 nh\u00e0 cung c\u1ea5p h\u00e0ng \u0111\u1ea7u c\u00e1c lo\u1ea1i xi lanh th\u1ee7y l\u1ef1c ch\u1ea5t l\u01b0\u1ee3ng cao cho m\u00e1y m\u00f3c x\u00e2y d\u1ef1ng. V\u1edbi kinh nghi\u1ec7m d\u00e0y d\u1eb7n trong ng\u00e0nh v\u00e0 \u0111\u1ed9i ng\u0169 t\u1eadn t\u00e2m, ch\u00fang t\u00f4i cung c\u1ea5p \u0111a d\u1ea1ng c\u00e1c lo\u1ea1i xi lanh th\u1ee7y l\u1ef1c \u0111\u01b0\u1ee3c thi\u1ebft k\u1ebf \u0111\u1ec3 \u0111\u00e1p \u1ee9ng nhu c\u1ea7u \u0111a d\u1ea1ng c\u1ee7a kh\u00e1ch h\u00e0ng.<\/p>\n<p>Sau \u0111\u00e2y l\u00e0 n\u0103m l\u1ee3i th\u1ebf ch\u00ednh khi l\u1ef1a ch\u1ecdn Xi lanh th\u1ee7y l\u1ef1c FMP:<\/p>\n<ol>\n<li>Ch\u1ea5t l\u01b0\u1ee3ng v\u01b0\u1ee3t tr\u1ed9i: Xi lanh th\u1ee7y l\u1ef1c c\u1ee7a ch\u00fang t\u00f4i \u0111\u01b0\u1ee3c s\u1ea3n xu\u1ea5t b\u1eb1ng v\u1eadt li\u1ec7u t\u1ed1t nh\u1ea5t v\u00e0 tr\u1ea3i qua c\u00e1c bi\u1ec7n ph\u00e1p ki\u1ec3m so\u00e1t ch\u1ea5t l\u01b0\u1ee3ng nghi\u00eam ng\u1eb7t \u0111\u1ec3 \u0111\u1ea3m b\u1ea3o \u0111\u1ed9 b\u1ec1n v\u00e0 \u0111\u1ed9 tin c\u1eady trong m\u00f4i tr\u01b0\u1eddng x\u00e2y d\u1ef1ng kh\u1eaft khe nh\u1ea5t.<\/li>\n<li>L\u1ef1a ch\u1ecdn \u0111a d\u1ea1ng: Ch\u00fang t\u00f4i cung c\u1ea5p \u0111\u1ea7y \u0111\u1ee7 c\u00e1c lo\u1ea1i xi lanh th\u1ee7y l\u1ef1c, bao g\u1ed3m xi lanh ki\u1ec3u ch\u1ed1t \u0111i\u1ec1u ch\u1ec9nh, xi lanh thanh gi\u1eb1ng, xi lanh h\u00e0n, xi lanh \u1ed1ng l\u1ed3ng, v.v. \u0110i\u1ec1u n\u00e0y cho ph\u00e9p b\u1ea1n t\u00ecm th\u1ea5y gi\u1ea3i ph\u00e1p ho\u00e0n h\u1ea3o ph\u00f9 h\u1ee3p v\u1edbi y\u00eau c\u1ea7u c\u1ee5 th\u1ec3 c\u1ee7a m\u00ecnh.<\/li>\n<li>T\u01b0 v\u1ea5n chuy\u00ean m\u00f4n: \u0110\u1ed9i ng\u0169 b\u00e1n h\u00e0ng gi\u00e0u kinh nghi\u1ec7m c\u1ee7a ch\u00fang t\u00f4i am hi\u1ec3u nh\u1eefng ph\u00e1t tri\u1ec3n m\u1edbi nh\u1ea5t v\u00e0 nhu c\u1ea7u c\u1ee7a kh\u00e1ch h\u00e0ng trong ng\u00e0nh m\u00e1y m\u00f3c x\u00e2y d\u1ef1ng. H\u1ecd c\u00f3 th\u1ec3 cung c\u1ea5p t\u01b0 v\u1ea5n s\u1ea3n ph\u1ea9m chuy\u00ean nghi\u1ec7p \u0111\u1ec3 gi\u00fap b\u1ea1n \u0111\u01b0a ra quy\u1ebft \u0111\u1ecbnh s\u00e1ng su\u1ed1t.<\/li>\n<li>G\u1ee3i \u00fd mua h\u00e0ng th\u00f4ng minh: Ch\u00fang t\u00f4i hi\u1ec3u r\u1eb1ng m\u1ed7i d\u1ef1 \u00e1n \u0111\u1ec1u c\u00f3 \u0111\u1eb7c th\u00f9 ri\u00eang, v\u00e0 \u0111\u1ed9i ng\u0169 c\u1ee7a ch\u00fang t\u00f4i c\u00f3 th\u1ec3 \u0111\u01b0a ra c\u00e1c khuy\u1ebfn ngh\u1ecb ph\u00f9 h\u1ee3p \u0111\u1ec3 \u0111\u1ea3m b\u1ea3o b\u1ea1n ch\u1ecdn \u0111\u00fang xi lanh th\u1ee7y l\u1ef1c cho \u1ee9ng d\u1ee5ng c\u1ee7a m\u00ecnh. \u0110i\u1ec1u n\u00e0y gi\u00fap t\u1ed1i \u01b0u h\u00f3a hi\u1ec7u qu\u1ea3 v\u00e0 gi\u1ea3m thi\u1ec3u th\u1eddi gian ng\u1eebng ho\u1ea1t \u0111\u1ed9ng.<\/li>\n<li>H\u1eadu c\u1ea7n hi\u1ec7u qu\u1ea3: T\u1ea1i FMP, ch\u00fang t\u00f4i \u01b0u ti\u00ean giao h\u00e0ng \u0111\u00fang h\u1ea1n v\u00e0 ch\u00ednh x\u00e1c. H\u1ec7 th\u1ed1ng ph\u00e2n ph\u1ed1i h\u1eadu c\u1ea7n hi\u1ec7u qu\u1ea3 c\u1ee7a ch\u00fang t\u00f4i \u0111\u1ea3m b\u1ea3o b\u1ea1n nh\u1eadn \u0111\u01b0\u1ee3c xi lanh th\u1ee7y l\u1ef1c c\u1ea7n thi\u1ebft m\u1ed9t c\u00e1ch nhanh ch\u00f3ng, cho ph\u00e9p b\u1ea1n lu\u00f4n \u0111\u00fang ti\u1ebfn \u0111\u1ed9 v\u00e0 \u0111\u00e1p \u1ee9ng th\u1eddi h\u1ea1n d\u1ef1 \u00e1n.<\/li>\n<\/ol>\n<p>H\u00e3y ch\u1ecdn Xi lanh th\u1ee7y l\u1ef1c FMP \u0111\u1ec3 c\u00f3 hi\u1ec7u su\u1ea5t \u0111\u00e1ng tin c\u1eady, ch\u1ea5t l\u01b0\u1ee3ng v\u01b0\u1ee3t tr\u1ed9i v\u00e0 d\u1ecbch v\u1ee5 kh\u00e1ch h\u00e0ng tuy\u1ec7t v\u1eddi. Li\u00ean h\u1ec7 v\u1edbi ch\u00fang t\u00f4i ngay h\u00f4m nay \u0111\u1ec3 th\u1ea3o lu\u1eadn v\u1ec1 nhu c\u1ea7u xi lanh th\u1ee7y l\u1ef1c c\u1ee7a b\u1ea1n v\u00e0 tr\u1ea3i nghi\u1ec7m s\u1ef1 kh\u00e1c bi\u1ec7t c\u1ee7a FMP.<\/p>\n<h2>T\u1ea1i sao n\u00ean ch\u1ecdn s\u1ea3n ph\u1ea9m c\u1ee7a ch\u00fang t\u00f4i?<\/h2>\n<p>L\u1ef1a ch\u1ecdn xi lanh th\u1ee7y l\u1ef1c c\u1ee7a ch\u00fang t\u00f4i \u0111\u1ed3ng ngh\u0129a v\u1edbi vi\u1ec7c l\u1ef1a ch\u1ecdn ch\u1ea5t l\u01b0\u1ee3ng, \u0111\u1ed9 tin c\u1eady v\u00e0 hi\u1ec7u su\u1ea5t. Ch\u00fang t\u00f4i \u0111\u1ea3m b\u1ea3o gi\u00e1 c\u1ea3 c\u1ea1nh tranh, d\u1ecbch v\u1ee5 h\u00e0ng \u0111\u1ea7u v\u00e0 s\u1ea3n ph\u1ea9m \u0111\u01b0\u1ee3c s\u1ea3n xu\u1ea5t theo ti\u00eau chu\u1ea9n cao nh\u1ea5t.<\/p>\n<h2>Kh\u00e1m ph\u00e1 v\u00e0 mua ngay!<\/h2>\n<p>Ch\u00fang t\u00f4i m\u1eddi b\u1ea1n kh\u00e1m ph\u00e1 d\u00f2ng s\u1ea3n ph\u1ea9m c\u1ee7a ch\u00fang t\u00f4i v\u00e0 tr\u1ea3i nghi\u1ec7m s\u1ef1 kh\u00e1c bi\u1ec7t v\u1ec1 ch\u1ea5t l\u01b0\u1ee3ng s\u1ea3n xu\u1ea5t. \u0110\u1eebng ch\u1ea7n ch\u1eeb n\u1eefa, <strong>mua ngay<\/strong>v\u00e0 tr\u1ea3i nghi\u1ec7m hi\u1ec7u su\u1ea5t v\u01b0\u1ee3t tr\u1ed9i c\u1ee7a Xi lanh th\u1ee7y l\u1ef1c t\u00e1c \u0111\u1ed9ng k\u00e9p 3 t\u1ea5n ch\u1ea5t l\u01b0\u1ee3ng d\u00e0nh cho m\u00e1y c\u00e0y tuy\u1ebft.<\/p>\n<h2>Nh\u1eefng c\u00e2u h\u1ecfi th\u01b0\u1eddng g\u1eb7p<\/h2>\n<h3>Q: B\u1ea1n l\u00e0 c\u00f4ng ty th\u01b0\u01a1ng m\u1ea1i hay nh\u00e0 s\u1ea3n xu\u1ea5t?<\/h3>\n<p>A: Ch\u00fang t\u00f4i l\u00e0 m\u1ed9t nh\u00e0 m\u00e1y.<\/p>\n<h3>Q: Th\u1eddi gian giao h\u00e0ng c\u1ee7a b\u1ea1n l\u00e0 bao l\u00e2u?<\/h3>\n<p>A: Th\u00f4ng th\u01b0\u1eddng, ph\u1ea3i m\u1ea5t 25-35 ng\u00e0y.<\/p>\n<h3>Q: B\u1ea1n c\u00f3 cung c\u1ea5p m\u1eabu kh\u00f4ng?<\/h3>\n<p>A: C\u00f3, ch\u00fang t\u00f4i c\u00f3 th\u1ec3 cung c\u1ea5p m\u1eabu, nh\u01b0ng kh\u00f4ng mi\u1ec5n ph\u00ed.<\/p>\n<p>T\u00e1c gi\u1ea3: CX<\/p>","protected":false},"excerpt":{"rendered":"<p>Quality Manufacturing 3 Ton Hydraulic Cylinder Double Acting Hydraulic Cylinder for Snow PlowIntroducing the Quality Manufacturing 3 Ton Hydraulic Cylinder Double Acting Hydraulic Cylinder for Snow Plow: The Quality Manufacturing 3 Ton Hydraulic Cylinder Double Acting Hydraulic Cylinder for Snow Plow is a high-performance product designed for efficient snow plowing. With its durable construction and [&hellip;]<\/p>","protected":false},"featured_media":1547,"comment_status":"closed","ping_status":"closed","template":"","meta":{"_et_pb_use_builder":"","_et_pb_old_content":"","_et_gb_content_width":""},"product_brand":[],"product_cat":[42],"product_tag":[34,44],"class_list":{"0":"post-1546","1":"product","2":"type-product","3":"status-publish","4":"has-post-thumbnail","6":"product_cat-snow-plow-hydraulic-cylinder","7":"product_tag-hydraulic-cylinder","8":"product_tag-snow-plow-hydraulic-cylinder","10":"first","11":"instock","12":"product-type-simple"},"_links":{"self":[{"href":"https:\/\/fmp-components.com\/vi\/wp-json\/wp\/v2\/product\/1546","targetHints":{"allow":["GET"]}}],"collection":[{"href":"https:\/\/fmp-components.com\/vi\/wp-json\/wp\/v2\/product"}],"about":[{"href":"https:\/\/fmp-components.com\/vi\/wp-json\/wp\/v2\/types\/product"}],"replies":[{"embeddable":true,"href":"https:\/\/fmp-components.com\/vi\/wp-json\/wp\/v2\/comments?post=1546"}],"wp:featuredmedia":[{"embeddable":true,"href":"https:\/\/fmp-components.com\/vi\/wp-json\/wp\/v2\/media\/1547"}],"wp:attachment":[{"href":"https:\/\/fmp-components.com\/vi\/wp-json\/wp\/v2\/media?parent=1546"}],"wp:term":[{"taxonomy":"product_brand","embeddable":true,"href":"https:\/\/fmp-components.com\/vi\/wp-json\/wp\/v2\/product_brand?post=1546"},{"taxonomy":"product_cat","embeddable":true,"href":"https:\/\/fmp-components.com\/vi\/wp-json\/wp\/v2\/product_cat?post=1546"},{"taxonomy":"product_tag","embeddable":true,"href":"https:\/\/fmp-components.com\/vi\/wp-json\/wp\/v2\/product_tag?post=1546"}],"curies":[{"name":"wp","href":"https:\/\/api.w.org\/{rel}","templated":true}]}}