{"id":1544,"date":"2024-12-23T05:51:36","date_gmt":"2024-12-23T05:51:36","guid":{"rendered":"https:\/\/fmp-components.com\/product\/high-quality-double-acting-hydraulic-cylinder-hydraulic-ram-cylinder-snow-plow-hydraulic-cylinder\/"},"modified":"2025-03-18T02:08:49","modified_gmt":"2025-03-18T02:08:49","slug":"high-quality-double-acting-hydraulic-cylinder-hydraulic-ram-cylinder-snow-plow-hydraulic-cylinder","status":"publish","type":"product","link":"https:\/\/fmp-components.com\/vi\/product\/high-quality-double-acting-hydraulic-cylinder-hydraulic-ram-cylinder-snow-plow-hydraulic-cylinder\/","title":{"rendered":"Xi lanh th\u1ee7y l\u1ef1c t\u00e1c \u0111\u1ed9ng k\u00e9p ch\u1ea5t l\u01b0\u1ee3ng cao Xi lanh th\u1ee7y l\u1ef1c Ram Xi lanh th\u1ee7y l\u1ef1c c\u00e0y tuy\u1ebft"},"content":{"rendered":"<p>Xi lanh th\u1ee7y l\u1ef1c t\u00e1c \u0111\u1ed9ng k\u00e9p ch\u1ea5t l\u01b0\u1ee3ng cao Xi lanh th\u1ee7y l\u1ef1c Ram Xi lanh th\u1ee7y l\u1ef1c c\u00e0y tuy\u1ebft Gi\u1edbi thi\u1ec7u s\u1ea3n ph\u1ea9m: Xi lanh th\u1ee7y l\u1ef1c t\u00e1c \u0111\u1ed9ng k\u00e9p ch\u1ea5t l\u01b0\u1ee3ng cao Xi lanh th\u1ee7y l\u1ef1c Ram Xi lanh th\u1ee7y l\u1ef1c c\u00e0y tuy\u1ebft<\/p>\n<p>Xi lanh th\u1ee7y l\u1ef1c t\u00e1c \u0111\u1ed9ng k\u00e9p ch\u1ea5t l\u01b0\u1ee3ng cao Xi lanh th\u1ee7y l\u1ef1c m\u00e1y c\u00e0y tuy\u1ebft l\u00e0 s\u1ea3n ph\u1ea9m \u0111\u00e1ng tin c\u1eady v\u00e0 b\u1ec1n b\u1ec9, \u0111\u01b0\u1ee3c thi\u1ebft k\u1ebf cho c\u00e1c \u1ee9ng d\u1ee5ng h\u1ea1ng n\u1eb7ng. Xi lanh th\u1ee7y l\u1ef1c n\u00e0y \u0111\u01b0\u1ee3c l\u00e0m t\u1eeb v\u1eadt li\u1ec7u ch\u1ea5t l\u01b0\u1ee3ng cao, \u0111\u1ea3m b\u1ea3o \u0111\u1ed9 b\u1ec1n v\u00e0 kh\u1ea3 n\u0103ng ch\u1ecbu \u0111\u1ef1ng trong m\u00f4i tr\u01b0\u1eddng kh\u1eafc nghi\u1ec7t.<\/p>\n<p>M\u1ed9t trong nh\u1eefng t\u00ednh n\u0103ng ch\u00ednh c\u1ee7a s\u1ea3n ph\u1ea9m n\u00e0y l\u00e0 thi\u1ebft k\u1ebf t\u00e1c \u0111\u1ed9ng k\u00e9p, cho ph\u00e9p v\u1eadn h\u00e0nh hi\u1ec7u qu\u1ea3 theo c\u1ea3 hai h\u01b0\u1edbng. Xi lanh th\u1ee7y l\u1ef1c c\u0169ng \u0111\u01b0\u1ee3c trang b\u1ecb xi lanh th\u1ee7y l\u1ef1c gi\u00fap t\u0103ng l\u1ef1c v\u00e0 t\u1ed1c \u0111\u1ed9, ho\u00e0n h\u1ea3o cho c\u00e1c \u1ee9ng d\u1ee5ng quy m\u00f4 l\u1edbn nh\u01b0 m\u00e1y c\u00e0y tuy\u1ebft.<\/p>\n<p>Ngo\u00e0i ra, xi lanh th\u1ee7y l\u1ef1c n\u00e0y \u0111\u01b0\u1ee3c thi\u1ebft k\u1ebf \u0111\u1ec3 b\u1ea3o tr\u00ec th\u1ea5p, gi\u1ea3m th\u1eddi gian ch\u1ebft v\u00e0 t\u0103ng n\u0103ng su\u1ea5t. Thi\u1ebft k\u1ebf d\u1ec5 l\u1eafp \u0111\u1eb7t c\u0169ng gi\u00fap ti\u1ebft ki\u1ec7m th\u1eddi gian v\u00e0 c\u00f4ng s\u1ee9c trong qu\u00e1 tr\u00ecnh l\u1eafp r\u00e1p, khi\u1ebfn n\u00f3 tr\u1edf th\u00e0nh l\u1ef1a ch\u1ecdn l\u00fd t\u01b0\u1edfng cho c\u00e1c \u1ee9ng d\u1ee5ng c\u00f4ng nghi\u1ec7p v\u00e0 th\u01b0\u01a1ng m\u1ea1i.<\/p>\n<p>Nh\u00ecn chung, Xi lanh th\u1ee7y l\u1ef1c t\u00e1c \u0111\u1ed9ng k\u00e9p ch\u1ea5t l\u01b0\u1ee3ng cao, Xi lanh th\u1ee7y l\u1ef1c m\u00e1y c\u00e0y tuy\u1ebft l\u00e0 s\u1ea3n ph\u1ea9m h\u00e0ng \u0111\u1ea7u mang l\u1ea1i hi\u1ec7u su\u1ea5t v\u00e0 \u0111\u1ed9 b\u1ec1n \u0111\u00e1ng tin c\u1eady, khi\u1ebfn n\u00f3 tr\u1edf th\u00e0nh c\u00f4ng c\u1ee5 thi\u1ebft y\u1ebfu cho c\u00e1c \u1ee9ng d\u1ee5ng h\u1ea1ng n\u1eb7ng.<\/p>\n<div>\n<h2>T\u00ednh n\u0103ng s\u1ea3n ph\u1ea9m<\/h2>\n<ul>\n<li>L\u1ef1c \u0111\u1ea9y t\u1ed1i \u0111a: 3000<\/li>\n<li>L\u1ef1c k\u00e9o t\u1ed1i \u0111a: 20 t\u1ea5n<\/li>\n<li>K\u00edch th\u01b0\u1edbc l\u1ed7 khoan: 2-6 inch<\/li>\n<li>K\u00edch th\u01b0\u1edbc thanh: 1,125-4 inch<\/li>\n<li>K\u00edch th\u01b0\u1edbc n\u00e9t v\u1ebd: 4-100 inch<\/li>\n<li>K\u00edch th\u01b0\u1edbc ch\u1ed1t: 0,5-2 inch<\/li>\n<li>M\u00e0u s\u1eafc: \u0111en b\u00f3ng<\/li>\n<li>C\u1ed5ng: C\u00f3 s\u1eb5n c\u00e1c m\u1eabu G\/SAE\/NPT\/M<\/li>\n<li>\u0110\u01b0\u1ee3c ch\u1ee9ng nh\u1eadn theo ti\u00eau chu\u1ea9n ISO9001:2000 v\u1ec1 ch\u1ea5t l\u01b0\u1ee3ng v\u00e0 \u0111\u1ed9 tin c\u1eady cao<\/li>\n<\/ul>\n<h2>\u1ee8ng d\u1ee5ng v\u00e0 b\u1ea3o tr\u00ec<\/h2>\n<p>Xi lanh th\u1ee7y l\u1ef1c c\u00e0y tuy\u1ebft l\u00fd t\u01b0\u1edfng cho nhi\u1ec1u ng\u00e0nh c\u00f4ng nghi\u1ec7p kh\u00e1c nhau, ch\u1eb3ng h\u1ea1n nh\u01b0 x\u01b0\u1edfng s\u1eeda ch\u1eefa m\u00e1y m\u00f3c, trang tr\u1ea1i, ng\u00e0nh n\u0103ng l\u01b0\u1ee3ng v\u00e0 khai th\u00e1c m\u1ecf, s\u1ea3n xu\u1ea5t m\u00e1y m\u00f3c v\u00e0 nh\u00e0 m\u00e1y c\u01a1 kh\u00ed. S\u1ea3n ph\u1ea9m d\u1ec5 b\u1ea3o tr\u00ec v\u00e0 \u0111i k\u00e8m b\u00e1o c\u00e1o ki\u1ec3m tra m\u00e1y m\u00f3c to\u00e0n di\u1ec7n c\u00f9ng video ki\u1ec3m tra xu\u1ea5t x\u01b0\u1edfng. C\u00e1c th\u00e0nh ph\u1ea7n c\u1ed1t l\u00f5i c\u1ee7a xi lanh bao g\u1ed3m \u1ed5 tr\u1ee5c v\u00e0 xi lanh th\u1ee7y l\u1ef1c.<\/p>\n<p><img decoding=\"async\" src=\"https:\/\/hzpt.com\/wp-content\/uploads\/2023\/11\/Snow-Plow-Hydraulic-Cylinder-4Factory.webp\" alt=\"Nh\u00e0 m\u00e1y truy\u1ec1n \u0111\u1ed9ng Ever-Power\" title=\"\"><\/p>\n<\/div>\n<h2>\u01afu \u0111i\u1ec3m c\u1ee7a xi lanh lo\u1ea1i ch\u1ed1t c\u00f3 th\u1ec3 \u0111i\u1ec1u ch\u1ec9nh<\/h2>\n<p>Xi lanh th\u1ee7y l\u1ef1c lo\u1ea1i ch\u1ed1t \u0111i\u1ec1u ch\u1ec9nh, ch\u1eb3ng h\u1ea1n nh\u01b0 Xi lanh th\u1ee7y l\u1ef1c t\u00e1c \u0111\u1ed9ng k\u00e9p ch\u1ea5t l\u01b0\u1ee3ng cao, \u0111\u01b0\u1ee3c s\u1eed d\u1ee5ng r\u1ed9ng r\u00e3i trong nhi\u1ec1u ng\u00e0nh c\u00f4ng nghi\u1ec7p kh\u00e1c nhau nh\u1edd nhi\u1ec1u \u01b0u \u0111i\u1ec3m v\u01b0\u1ee3t tr\u1ed9i. Nh\u1eefng xi lanh th\u1ee7y l\u1ef1c n\u00e0y mang l\u1ea1i hi\u1ec7u su\u1ea5t v\u00e0 \u0111\u1ed9 tin c\u1eady v\u01b0\u1ee3t tr\u1ed9i, l\u00e0 l\u1ef1a ch\u1ecdn tuy\u1ec7t v\u1eddi cho c\u00e1c \u1ee9ng d\u1ee5ng nh\u01b0 xi lanh th\u1ee7y l\u1ef1c m\u00e1y c\u00e0y tuy\u1ebft. Trong b\u00e0i vi\u1ebft n\u00e0y, ch\u00fang ta s\u1ebd t\u00ecm hi\u1ec3u chi ti\u1ebft v\u1ec1 nh\u1eefng \u01b0u \u0111i\u1ec3m ch\u00ednh c\u1ee7a xi lanh lo\u1ea1i ch\u1ed1t \u0111i\u1ec1u ch\u1ec9nh.<\/p>\n<h3>1. T\u0103ng c\u01b0\u1eddng t\u00ednh linh ho\u1ea1t<\/h3>\n<p>M\u1ed9t trong nh\u1eefng \u01b0u \u0111i\u1ec3m ch\u00ednh c\u1ee7a xi lanh lo\u1ea1i ch\u1ed1t \u0111i\u1ec1u ch\u1ec9nh l\u00e0 kh\u1ea3 n\u0103ng mang l\u1ea1i t\u00ednh linh ho\u1ea1t cao trong nhi\u1ec1u \u1ee9ng d\u1ee5ng kh\u00e1c nhau. Nh\u1eefng xi lanh n\u00e0y cho ph\u00e9p \u0111i\u1ec1u ch\u1ec9nh ch\u00ednh x\u00e1c gi\u00e1 \u0111\u1ee1 ch\u1ed1t, cho ph\u00e9p ng\u01b0\u1eddi d\u00f9ng \u0111\u1ea1t \u0111\u01b0\u1ee3c chi\u1ec1u d\u00e0i h\u00e0nh tr\u00ecnh v\u00e0 v\u1ecb tr\u00ed l\u1eafp \u0111\u1eb7t mong mu\u1ed1n. T\u00ednh linh ho\u1ea1t n\u00e0y \u0111\u1ea3m b\u1ea3o hi\u1ec7u su\u1ea5t v\u00e0 kh\u1ea3 n\u0103ng th\u00edch \u1ee9ng t\u1ed1i \u01b0u, gi\u00fap ch\u00fang ph\u00f9 h\u1ee3p v\u1edbi nhi\u1ec1u h\u1ec7 th\u1ed1ng th\u1ee7y l\u1ef1c.<\/p>\n<h3>2. N\u00e2ng cao hi\u1ec7u qu\u1ea3<\/h3>\n<p>Xi lanh lo\u1ea1i ch\u1ed1t \u0111i\u1ec1u ch\u1ec9nh \u0111\u01b0\u1ee3c thi\u1ebft k\u1ebf \u0111\u1ec3 mang l\u1ea1i hi\u1ec7u su\u1ea5t cao h\u01a1n so v\u1edbi c\u00e1c lo\u1ea1i xi lanh kh\u00e1c. Gi\u00e1 \u0111\u1ee1 ch\u1ed1t \u0111i\u1ec1u ch\u1ec9nh cho ph\u00e9p c\u0103n ch\u1ec9nh ch\u00ednh x\u00e1c gi\u1eefa xi lanh v\u00e0 t\u1ea3i, gi\u1ea3m t\u1ed5n th\u1ea5t n\u0103ng l\u01b0\u1ee3ng v\u00e0 t\u1ed1i \u0111a h\u00f3a kh\u1ea3 n\u0103ng truy\u1ec1n t\u1ea3i c\u00f4ng su\u1ea5t. Ho\u1ea1t \u0111\u1ed9ng hi\u1ec7u qu\u1ea3 n\u00e0y gi\u00fap gi\u1ea3m m\u1ee9c ti\u00eau th\u1ee5 n\u0103ng l\u01b0\u1ee3ng v\u00e0 t\u0103ng n\u0103ng su\u1ea5t, khi\u1ebfn ch\u00fang tr\u1edf n\u00ean r\u1ea5t \u0111\u01b0\u1ee3c \u01b0a chu\u1ed9ng trong c\u00e1c h\u1ec7 th\u1ed1ng th\u1ee7y l\u1ef1c.<\/p>\n<h3>3. Ph\u00e2n ph\u1ed1i t\u1ea3i tr\u1ecdng t\u1ed1i \u01b0u<\/h3>\n<p>M\u1ed9t \u01b0u \u0111i\u1ec3m \u0111\u00e1ng k\u1ec3 kh\u00e1c c\u1ee7a xi lanh lo\u1ea1i ch\u1ed1t \u0111i\u1ec1u ch\u1ec9nh l\u00e0 kh\u1ea3 n\u0103ng ph\u00e2n b\u1ed5 t\u1ea3i tr\u1ecdng t\u1ed1i \u01b0u. C\u00e1c xi lanh n\u00e0y \u0111\u01b0\u1ee3c thi\u1ebft k\u1ebf \u0111\u1ec3 ph\u00e2n b\u1ed5 t\u1ea3i tr\u1ecdng \u0111\u1ec1u kh\u1eafp c\u00e1c \u0111i\u1ec3m l\u1eafp, gi\u1ea3m thi\u1ec3u s\u1ef1 t\u1eadp trung \u1ee9ng su\u1ea5t v\u00e0 \u0111\u1ea3m b\u1ea3o ph\u00e2n b\u1ed5 l\u1ef1c \u0111\u1ed3ng \u0111\u1ec1u. T\u00ednh n\u0103ng n\u00e0y kh\u00f4ng ch\u1ec9 n\u00e2ng cao tu\u1ed5i th\u1ecd c\u1ee7a xi lanh m\u00e0 c\u00f2n c\u1ea3i thi\u1ec7n hi\u1ec7u su\u1ea5t v\u00e0 \u0111\u1ed9 an to\u00e0n t\u1ed5ng th\u1ec3 c\u1ee7a h\u1ec7 th\u1ed1ng.<\/p>\n<h3>4. D\u1ec5 d\u00e0ng l\u1eafp \u0111\u1eb7t v\u00e0 b\u1ea3o tr\u00ec<\/h3>\n<p>Xi lanh lo\u1ea1i ch\u1ed1t \u0111i\u1ec1u ch\u1ec9nh \u0111\u01b0\u1ee3c thi\u1ebft k\u1ebf \u0111\u1ec3 l\u1eafp \u0111\u1eb7t v\u00e0 b\u1ea3o tr\u00ec d\u1ec5 d\u00e0ng. Gi\u00e1 \u0111\u1ee1 ch\u1ed1t cho ph\u00e9p l\u1eafp \u0111\u1eb7t nhanh ch\u00f3ng v\u00e0 d\u1ec5 d\u00e0ng v\u00e0o h\u1ec7 th\u1ed1ng th\u1ee7y l\u1ef1c, ti\u1ebft ki\u1ec7m th\u1eddi gian v\u00e0 c\u00f4ng s\u1ee9c. Ngo\u00e0i ra, c\u00e1c xi lanh n\u00e0y th\u01b0\u1eddng \u0111i k\u00e8m v\u1edbi c\u00e1c t\u00ednh n\u0103ng th\u00e2n thi\u1ec7n v\u1edbi ng\u01b0\u1eddi d\u00f9ng nh\u01b0 \u0111\u1ea7u n\u1ed1i m\u1ee1 v\u00e0 ph\u1edbt d\u1ec5 ti\u1ebfp c\u1eadn, gi\u00fap \u0111\u01a1n gi\u1ea3n h\u00f3a c\u00e1c c\u00f4ng vi\u1ec7c b\u1ea3o tr\u00ec \u0111\u1ecbnh k\u1ef3 v\u00e0 gi\u1ea3m th\u1eddi gian ng\u1eebng ho\u1ea1t \u0111\u1ed9ng.<\/p>\n<h3>5. \u0110\u1ed9 b\u1ec1n cao<\/h3>\n<p>Xi lanh th\u1ee7y l\u1ef1c t\u00e1c \u0111\u1ed9ng k\u00e9p ch\u1ea5t l\u01b0\u1ee3ng cao, bao g\u1ed3m c\u1ea3 xi lanh lo\u1ea1i ch\u1ed1t \u0111i\u1ec1u ch\u1ec9nh, n\u1ed5i ti\u1ebfng v\u1edbi \u0111\u1ed9 b\u1ec1n v\u01b0\u1ee3t tr\u1ed9i. Nh\u1eefng xi lanh n\u00e0y \u0111\u01b0\u1ee3c ch\u1ebf t\u1ea1o b\u1eb1ng v\u1eadt li\u1ec7u ch\u1ea5t l\u01b0\u1ee3ng cao, \u0111\u1ea3m b\u1ea3o kh\u1ea3 n\u0103ng ch\u1ecbu \u0111\u01b0\u1ee3c \u0111i\u1ec1u ki\u1ec7n v\u1eadn h\u00e0nh kh\u1eafc nghi\u1ec7t v\u00e0 t\u1ea3i tr\u1ecdng n\u1eb7ng. V\u1edbi vi\u1ec7c b\u1ea3o tr\u00ec \u0111\u00fang c\u00e1ch, c\u00e1c xi lanh n\u00e0y c\u00f3 th\u1ec3 mang l\u1ea1i hi\u1ec7u su\u1ea5t \u0111\u00e1ng tin c\u1eady v\u00e0 l\u00e2u d\u00e0i, gi\u1ea3m thi\u1ec3u nhu c\u1ea7u thay th\u1ebf th\u01b0\u1eddng xuy\u00ean v\u00e0 gi\u1ea3m chi ph\u00ed t\u1ed5ng th\u1ec3.<\/p>\n<p>T\u00f3m l\u1ea1i, xi lanh lo\u1ea1i ch\u1ed1t \u0111i\u1ec1u ch\u1ec9nh, ch\u1eb3ng h\u1ea1n nh\u01b0 Xi lanh th\u1ee7y l\u1ef1c t\u00e1c \u0111\u1ed9ng k\u00e9p ch\u1ea5t l\u01b0\u1ee3ng cao, mang l\u1ea1i nhi\u1ec1u l\u1ee3i th\u1ebf v\u1ec1 t\u00ednh linh ho\u1ea1t, hi\u1ec7u qu\u1ea3, ph\u00e2n b\u1ed5 t\u1ea3i tr\u1ecdng, l\u1eafp \u0111\u1eb7t v\u00e0 \u0111\u1ed9 b\u1ec1n. Nh\u1eefng xi lanh n\u00e0y l\u00e0 th\u00e0nh ph\u1ea7n thi\u1ebft y\u1ebfu trong nhi\u1ec1u h\u1ec7 th\u1ed1ng th\u1ee7y l\u1ef1c, bao g\u1ed3m c\u1ea3 xi lanh th\u1ee7y l\u1ef1c m\u00e1y c\u00e0y tuy\u1ebft, nh\u1edd kh\u1ea3 n\u0103ng mang l\u1ea1i hi\u1ec7u su\u1ea5t v\u00e0 \u0111\u1ed9 tin c\u1eady t\u1ed1i \u01b0u. Vi\u1ec7c t\u00edch h\u1ee3p ch\u00fang v\u00e0o h\u1ec7 th\u1ed1ng th\u1ee7y l\u1ef1c c\u1ee7a b\u1ea1n c\u00f3 th\u1ec3 c\u1ea3i thi\u1ec7n \u0111\u00e1ng k\u1ec3 hi\u1ec7u qu\u1ea3 v\u00e0 n\u0103ng su\u1ea5t t\u1ed5ng th\u1ec3 cho ho\u1ea1t \u0111\u1ed9ng c\u1ee7a b\u1ea1n.<\/p>\n<h3>Gi\u1edbi thi\u1ec7u v\u1ec1 FMP<\/h3>\n<p>FMP l\u00e0 m\u1ed9t c\u00f4ng ty uy t\u00edn chuy\u00ean s\u1ea3n xu\u1ea5t v\u00e0 kinh doanh xi lanh th\u1ee7y l\u1ef1c. Ch\u00fang t\u00f4i cam k\u1ebft cung c\u1ea5p cho kh\u00e1ch h\u00e0ng nh\u1eefng xi lanh th\u1ee7y l\u1ef1c ch\u1ea5t l\u01b0\u1ee3ng cao v\u00e0 \u0111\u00e1ng tin c\u1eady cho m\u00e1y m\u00f3c x\u00e2y d\u1ef1ng. V\u1edbi nhi\u1ec1u n\u0103m kinh nghi\u1ec7m trong ng\u00e0nh v\u00e0 \u0111\u1ed9i ng\u0169 chuy\u00ean nghi\u1ec7p, FMP l\u00e0 \u0111\u1ed1i t\u00e1c \u0111\u00e1ng tin c\u1eady cho m\u1ecdi nhu c\u1ea7u v\u1ec1 xi lanh th\u1ee7y l\u1ef1c c\u1ee7a b\u1ea1n.<\/p>\n<p><img decoding=\"async\" src=\"https:\/\/fmp-components.com\/wp-content\/uploads\/2024\/12\/Adjustable-Clevis-Type-Cylinders-6.webp\" alt=\"Xi lanh lo\u1ea1i Clevis c\u00f3 th\u1ec3 \u0111i\u1ec1u ch\u1ec9nh\" width=\"850\" title=\"\"><\/p>\n<p>Sau \u0111\u00e2y l\u00e0 5 l\u00fd do t\u1ea1i sao b\u1ea1n n\u00ean ch\u1ecdn FMP cho nhu c\u1ea7u v\u1ec1 xi lanh th\u1ee7y l\u1ef1c c\u1ee7a m\u00ecnh:<\/p>\n<p>1. \u0110a d\u1ea1ng s\u1ea3n ph\u1ea9m: FMP cung c\u1ea5p \u0111a d\u1ea1ng c\u00e1c lo\u1ea1i xi lanh th\u1ee7y l\u1ef1c \u0111\u00e1p \u1ee9ng m\u1ecdi nhu c\u1ea7u c\u1ee7a m\u00e1y m\u00f3c x\u00e2y d\u1ef1ng. T\u1eeb xi lanh ti\u00eau chu\u1ea9n \u0111\u1ebfn c\u00e1c gi\u1ea3i ph\u00e1p \u0111\u01b0\u1ee3c thi\u1ebft k\u1ebf ri\u00eang, ch\u00fang t\u00f4i c\u00f3 s\u1ea3n ph\u1ea9m ph\u00f9 h\u1ee3p \u0111\u1ec3 \u0111\u00e1p \u1ee9ng c\u00e1c y\u00eau c\u1ea7u c\u1ee5 th\u1ec3 c\u1ee7a b\u1ea1n.<\/p>\n<p>2. Ch\u1ea5t l\u01b0\u1ee3ng v\u01b0\u1ee3t tr\u1ed9i: Ch\u00fang t\u00f4i \u01b0u ti\u00ean ch\u1ea5t l\u01b0\u1ee3ng trong m\u1ecdi ho\u1ea1t \u0111\u1ed9ng. T\u1ea5t c\u1ea3 xi lanh th\u1ee7y l\u1ef1c c\u1ee7a ch\u00fang t\u00f4i \u0111\u1ec1u \u0111\u01b0\u1ee3c s\u1ea3n xu\u1ea5t b\u1eb1ng v\u1eadt li\u1ec7u cao c\u1ea5p v\u00e0 tu\u00e2n th\u1ee7 c\u00e1c ti\u00eau chu\u1ea9n ch\u1ea5t l\u01b0\u1ee3ng nghi\u00eam ng\u1eb7t. \u0110i\u1ec1u n\u00e0y \u0111\u1ea3m b\u1ea3o s\u1ea3n ph\u1ea9m c\u1ee7a ch\u00fang t\u00f4i b\u1ec1n b\u1ec9, \u0111\u00e1ng tin c\u1eady v\u00e0 ho\u1ea1t \u0111\u1ed9ng t\u1ed1i \u01b0u trong \u0111i\u1ec1u ki\u1ec7n kh\u1eafc nghi\u1ec7t.<\/p>\n<p>3. Chuy\u00ean m\u00f4n v\u00e0 Kinh nghi\u1ec7m: V\u1edbi ki\u1ebfn \u200b\u200bth\u1ee9c v\u00e0 kinh nghi\u1ec7m s\u00e2u r\u1ed9ng trong ng\u00e0nh, ch\u00fang t\u00f4i th\u1ea5u hi\u1ec3u nh\u1eefng th\u00e1ch th\u1ee9c v\u00e0 nhu c\u1ea7u \u0111\u1eb7c th\u00f9 c\u1ee7a ng\u00e0nh m\u00e1y m\u00f3c x\u00e2y d\u1ef1ng. \u0110\u1ed9i ng\u0169 chuy\u00ean gia c\u1ee7a ch\u00fang t\u00f4i \u0111\u01b0\u1ee3c trang b\u1ecb \u0111\u1ea7y \u0111\u1ee7 \u0111\u1ec3 cung c\u1ea5p h\u01b0\u1edbng d\u1eabn chuy\u00ean nghi\u1ec7p v\u00e0 c\u00e1c gi\u1ea3i ph\u00e1p ph\u00f9 h\u1ee3p, \u0111\u00e1p \u1ee9ng nhu c\u1ea7u c\u1ee5 th\u1ec3 c\u1ee7a b\u1ea1n.<\/p>\n<p>4. M\u1ed1i quan h\u1ec7 ch\u1eb7t ch\u1ebd v\u1edbi nh\u00e0 cung c\u1ea5p: FMP \u0111\u00e3 thi\u1ebft l\u1eadp m\u1ed1i quan h\u1ec7 \u0111\u1ed1i t\u00e1c l\u00e2u d\u00e0i v\u00e0 \u1ed5n \u0111\u1ecbnh v\u1edbi c\u00e1c nh\u00e0 cung c\u1ea5p uy t\u00edn trong v\u00e0 ngo\u00e0i n\u01b0\u1edbc. \u0110i\u1ec1u n\u00e0y cho ph\u00e9p ch\u00fang t\u00f4i t\u00ecm ngu\u1ed3n cung \u1ee9ng linh ki\u1ec7n v\u00e0 v\u1eadt li\u1ec7u ch\u1ea5t l\u01b0\u1ee3ng cao, \u0111\u1ea3m b\u1ea3o \u0111\u1ed9 tin c\u1eady v\u00e0 hi\u1ec7u su\u1ea5t c\u1ee7a xi lanh th\u1ee7y l\u1ef1c.<\/p>\n<p>5. H\u1eadu c\u1ea7n hi\u1ec7u qu\u1ea3 v\u00e0 giao h\u00e0ng \u0111\u00fang h\u1ea1n: Ch\u00fang t\u00f4i hi\u1ec3u r\u00f5 t\u1ea7m quan tr\u1ecdng c\u1ee7a vi\u1ec7c giao h\u00e0ng \u0111\u00fang h\u1ea1n \u0111\u1ec3 \u0111\u1ea3m b\u1ea3o d\u1ef1 \u00e1n c\u1ee7a b\u1ea1n di\u1ec5n ra su\u00f4n s\u1ebb. FMP c\u00f3 h\u1ec7 th\u1ed1ng ph\u00e2n ph\u1ed1i h\u1eadu c\u1ea7n hi\u1ec7u qu\u1ea3 \u0111\u1ec3 \u0111\u1ea3m b\u1ea3o b\u1ea1n nh\u1eadn \u0111\u01b0\u1ee3c xi lanh th\u1ee7y l\u1ef1c theo y\u00eau c\u1ea7u m\u1ed9t c\u00e1ch k\u1ecbp th\u1eddi v\u00e0 ch\u00ednh x\u00e1c, gi\u1ea3m thi\u1ec3u th\u1eddi gian ng\u1eebng ho\u1ea1t \u0111\u1ed9ng v\u00e0 t\u1ed1i \u0111a h\u00f3a n\u0103ng su\u1ea5t.<\/p>\n<p>H\u00e3y ch\u1ecdn FMP cho nhu c\u1ea7u xi lanh th\u1ee7y l\u1ef1c c\u1ee7a b\u1ea1n v\u00e0 tr\u1ea3i nghi\u1ec7m s\u1ef1 kh\u00e1c bi\u1ec7t v\u1ec1 ch\u1ea5t l\u01b0\u1ee3ng, \u0111\u1ed9 tin c\u1eady v\u00e0 s\u1ef1 h\u00e0i l\u00f2ng c\u1ee7a kh\u00e1ch h\u00e0ng. H\u00e3y h\u1ee3p t\u00e1c v\u1edbi ch\u00fang t\u00f4i ngay h\u00f4m nay \u0111\u1ec3 c\u00f3 tr\u1ea3i nghi\u1ec7m m\u00e1y m\u00f3c x\u00e2y d\u1ef1ng li\u1ec1n m\u1ea1ch.<\/p>\n<h2>Nh\u1eefng c\u00e2u h\u1ecfi th\u01b0\u1eddng g\u1eb7p<\/h2>\n<h3>Q: Th\u1eddi gian giao h\u00e0ng c\u1ee7a b\u1ea1n l\u00e0 bao l\u00e2u?<\/h3>\n<p>A: Th\u00f4ng th\u01b0\u1eddng, th\u1eddi gian giao h\u00e0ng c\u1ee7a ch\u00fang t\u00f4i l\u00e0 25-35 ng\u00e0y.<\/p>\n<h3>H: B\u1ea1n c\u00f3 cung c\u1ea5p m\u1eabu th\u1eed kh\u00f4ng? M\u1eabu mi\u1ec5n ph\u00ed hay th\u00eam?<\/h3>\n<p>A: C\u00f3, ch\u00fang t\u00f4i cung c\u1ea5p m\u1eabu, nh\u01b0ng ch\u00fang kh\u00f4ng mi\u1ec5n ph\u00ed.<\/p>\n<h3>Q: B\u1ea1n c\u00f3 th\u1ec3 s\u1ea3n xu\u1ea5t theo m\u1eabu kh\u00f4ng?<\/h3>\n<p>A: C\u00f3, ch\u00fang t\u00f4i c\u00f3 th\u1ec3 s\u1ea3n xu\u1ea5t theo m\u1eabu ho\u1eb7c b\u1ea3n v\u1ebd k\u1ef9 thu\u1eadt c\u1ee7a b\u1ea1n. Ch\u00fang t\u00f4i c\u0169ng c\u00f3 th\u1ec3 ch\u1ebf t\u1ea1o khu\u00f4n m\u1eabu v\u00e0 \u0111\u1ed3 g\u00e1.<\/p>\n<p><img decoding=\"async\" title=\"Xi lanh th\u1ee7y l\u1ef1c m\u00e1y c\u00e0y tuy\u1ebft\" src=\"https:\/\/hzpt.com\/wp-content\/uploads\/2023\/11\/Snow-Plow-Hydraulic-Cylinder-3.webp\" alt=\"Xi lanh th\u1ee7y l\u1ef1c m\u00e1y c\u00e0y tuy\u1ebft\" \/><\/p>\n<p>T\u00e1c gi\u1ea3: CX<\/p>","protected":false},"excerpt":{"rendered":"<p>High Quality Double Acting Hydraulic Cylinder Hydraulic Ram Cylinder Snow Plow Hydraulic CylinderProduct Introduction: High Quality Double Acting Hydraulic Cylinder Hydraulic Ram Cylinder Snow Plow Hydraulic Cylinder High Quality Double Acting Hydraulic Cylinder Hydraulic Ram Cylinder Snow Plow Hydraulic Cylinder is a reliable and durable product designed for heavy-duty applications. This hydraulic cylinder is made [&hellip;]<\/p>","protected":false},"featured_media":1545,"comment_status":"closed","ping_status":"closed","template":"","meta":{"_et_pb_use_builder":"","_et_pb_old_content":"","_et_gb_content_width":""},"product_brand":[],"product_cat":[42],"product_tag":[34,44],"class_list":{"0":"post-1544","1":"product","2":"type-product","3":"status-publish","4":"has-post-thumbnail","6":"product_cat-snow-plow-hydraulic-cylinder","7":"product_tag-hydraulic-cylinder","8":"product_tag-snow-plow-hydraulic-cylinder","10":"first","11":"instock","12":"product-type-simple"},"_links":{"self":[{"href":"https:\/\/fmp-components.com\/vi\/wp-json\/wp\/v2\/product\/1544","targetHints":{"allow":["GET"]}}],"collection":[{"href":"https:\/\/fmp-components.com\/vi\/wp-json\/wp\/v2\/product"}],"about":[{"href":"https:\/\/fmp-components.com\/vi\/wp-json\/wp\/v2\/types\/product"}],"replies":[{"embeddable":true,"href":"https:\/\/fmp-components.com\/vi\/wp-json\/wp\/v2\/comments?post=1544"}],"wp:featuredmedia":[{"embeddable":true,"href":"https:\/\/fmp-components.com\/vi\/wp-json\/wp\/v2\/media\/1545"}],"wp:attachment":[{"href":"https:\/\/fmp-components.com\/vi\/wp-json\/wp\/v2\/media?parent=1544"}],"wp:term":[{"taxonomy":"product_brand","embeddable":true,"href":"https:\/\/fmp-components.com\/vi\/wp-json\/wp\/v2\/product_brand?post=1544"},{"taxonomy":"product_cat","embeddable":true,"href":"https:\/\/fmp-components.com\/vi\/wp-json\/wp\/v2\/product_cat?post=1544"},{"taxonomy":"product_tag","embeddable":true,"href":"https:\/\/fmp-components.com\/vi\/wp-json\/wp\/v2\/product_tag?post=1544"}],"curies":[{"name":"wp","href":"https:\/\/api.w.org\/{rel}","templated":true}]}}