{"id":1534,"date":"2024-12-23T05:51:36","date_gmt":"2024-12-23T05:51:36","guid":{"rendered":"https:\/\/fmp-components.com\/product\/china-supplier-two-way-hydraulic-piston-cylinder-welded-hydraulic-cylinder\/"},"modified":"2024-12-23T08:46:15","modified_gmt":"2024-12-23T08:46:15","slug":"italy-supplier-two-way-hydraulic-piston-cylinder-welded-hydraulic-cylinder","status":"publish","type":"product","link":"https:\/\/fmp-components.com\/vi\/product\/italy-supplier-two-way-hydraulic-piston-cylinder-welded-hydraulic-cylinder\/","title":{"rendered":"Nh\u00e0 cung c\u1ea5p \u00dd Xi lanh th\u1ee7y l\u1ef1c hai chi\u1ec1u Xi lanh th\u1ee7y l\u1ef1c h\u00e0n"},"content":{"rendered":"<h2>Nh\u00e0 cung c\u1ea5p \u00dd Xi lanh th\u1ee7y l\u1ef1c hai chi\u1ec1u Xi lanh th\u1ee7y l\u1ef1c h\u00e0n<\/h2>\n<p>Xi lanh th\u1ee7y l\u1ef1c hai chi\u1ec1u h\u00e0n k\u00edn, do nh\u00e0 cung c\u1ea5p Italy s\u1ea3n xu\u1ea5t, l\u00e0 lo\u1ea1i xi lanh th\u1ee7y l\u1ef1c ch\u1ea5t l\u01b0\u1ee3ng cao \u0111\u01b0\u1ee3c thi\u1ebft k\u1ebf cho c\u00e1c \u1ee9ng d\u1ee5ng t\u1ea3i n\u1eb7ng. Xi lanh th\u1ee7y l\u1ef1c n\u00e0y \u0111\u01b0\u1ee3c thi\u1ebft k\u1ebf \u0111\u1eb7c bi\u1ec7t \u0111\u1ec3 ch\u1ecbu \u0111\u01b0\u1ee3c \u00e1p su\u1ea5t cao, nhi\u1ec7t \u0111\u1ed9 cao v\u00e0 c\u00e1c \u0111i\u1ec1u ki\u1ec7n m\u00f4i tr\u01b0\u1eddng kh\u1eafc nghi\u1ec7t.<\/p>\n<p>Xi lanh piston \u0111\u01b0\u1ee3c ch\u1ebf t\u1ea1o t\u1eeb v\u1eadt li\u1ec7u ch\u1ea5t l\u01b0\u1ee3ng cao, \u0111\u1ea3m b\u1ea3o \u0111\u1ed9 b\u1ec1n v\u00e0 ch\u1eafc ch\u1eafn. Xi lanh \u0111\u01b0\u1ee3c h\u00e0n b\u1eb1ng c\u00e1c k\u1ef9 thu\u1eadt ti\u00ean ti\u1ebfn, \u0111\u1ea3m b\u1ea3o \u0111\u1ed9 ch\u00ednh x\u00e1c v\u00e0 \u0111\u1ed9 tin c\u1eady. V\u1edbi thi\u1ebft k\u1ebf hai chi\u1ec1u, xi lanh th\u1ee7y l\u1ef1c n\u00e0y cung c\u1ea5p chuy\u1ec3n \u0111\u1ed9ng m\u01b0\u1ee3t m\u00e0 v\u00e0 \u1ed5n \u0111\u1ecbnh theo c\u1ea3 hai h\u01b0\u1edbng.<\/p>\n<p>Xi lanh piston th\u1ee7y l\u1ef1c n\u00e0y l\u00fd t\u01b0\u1edfng \u0111\u1ec3 s\u1eed d\u1ee5ng trong x\u00e2y d\u1ef1ng, khai th\u00e1c m\u1ecf, n\u00f4ng nghi\u1ec7p v\u00e0 c\u00e1c ng\u00e0nh c\u00f4ng nghi\u1ec7p n\u1eb7ng kh\u00e1c. N\u00f3 \u0111\u01b0\u1ee3c thi\u1ebft k\u1ebf \u0111\u1eb7c bi\u1ec7t \u0111\u1ec3 ho\u1ea1t \u0111\u1ed9ng trong \u0111i\u1ec1u ki\u1ec7n kh\u1eafc nghi\u1ec7t v\u00e0 c\u00f3 \u0111\u1ed9 b\u1ec1n cao.<\/p>\n<p><img decoding=\"async\" title=\"Xi lanh th\u1ee7y l\u1ef1c m\u00e1y c\u00e0y tuy\u1ebft\" src=\"https:\/\/hzpt.com\/wp-content\/uploads\/2023\/11\/Snow-Plow-Hydraulic-Cylinder-2.webp\" alt=\"Xi lanh th\u1ee7y l\u1ef1c m\u00e1y c\u00e0y tuy\u1ebft\" \/><\/p>\n<p>T\u00f3m l\u1ea1i, Xi lanh th\u1ee7y l\u1ef1c hai chi\u1ec1u h\u00e0n c\u1ee7a Italy Supplier l\u00e0 m\u1ed9t s\u1ea3n ph\u1ea9m xi lanh th\u1ee7y l\u1ef1c h\u00e0ng \u0111\u1ea7u, mang l\u1ea1i hi\u1ec7u su\u1ea5t v\u00e0 \u0111\u1ed9 tin c\u1eady v\u01b0\u1ee3t tr\u1ed9i. Cho d\u00f9 b\u1ea1n \u0111ang t\u00ecm ki\u1ebfm xi lanh th\u1ee7y l\u1ef1c cho m\u00e1y m\u00f3c ho\u1eb7c thi\u1ebft b\u1ecb h\u1ea1ng n\u1eb7ng, s\u1ea3n ph\u1ea9m n\u00e0y l\u00e0 m\u1ed9t l\u1ef1a ch\u1ecdn tuy\u1ec7t v\u1eddi.<\/p>\n<h2>Gi\u1edbi thi\u1ec7u v\u1ec1 s\u1ea3n ph\u1ea9m<\/h2>\n<p>L\u00e0 nh\u00e0 cung c\u1ea5p h\u00e0ng \u0111\u1ea7u \u0111\u1ebfn t\u1eeb \u00dd, ch\u00fang t\u00f4i t\u1ef1 h\u00e0o gi\u1edbi thi\u1ec7u xi lanh piston th\u1ee7y l\u1ef1c hai chi\u1ec1u ti\u00eau chu\u1ea9n m\u1edbi c\u1ee7a m\u00ecnh. Xi lanh th\u1ee7y l\u1ef1c h\u00e0n ch\u1ea5t l\u01b0\u1ee3ng cao n\u00e0y \u0111\u01b0\u1ee3c thi\u1ebft k\u1ebf \u0111\u1ec3 \u0111\u00e1p \u1ee9ng nhu c\u1ea7u c\u1ee7a c\u00e1c x\u01b0\u1edfng s\u1eeda ch\u1eefa m\u00e1y m\u00f3c, trang tr\u1ea1i, c\u00e1c c\u00f4ng ty n\u0103ng l\u01b0\u1ee3ng v\u00e0 khai th\u00e1c m\u1ecf, s\u1ea3n xu\u1ea5t m\u00e1y m\u00f3c, v\u00e0 nhi\u1ec1u h\u01a1n n\u1eefa. V\u1edbi tr\u1ecdng l\u01b0\u1ee3ng 6,4 KG, n\u00f3 v\u1eeba nh\u1eb9 v\u1eeba b\u1ec1n, \u0111\u1ea3m b\u1ea3o hi\u1ec7u su\u1ea5t \u0111\u00e1ng tin c\u1eady ngay c\u1ea3 trong c\u00e1c \u1ee9ng d\u1ee5ng t\u1ea3i n\u1eb7ng.<\/p>\n<h3>T\u00ednh n\u0103ng s\u1ea3n ph\u1ea9m<\/h3>\n<ul>\n<li>\n<ul>\n<li><strong>L\u1ef1c \u0111\u1ea9y v\u00e0 l\u1ef1c k\u00e9o m\u1ea1nh m\u1ebd:<\/strong> Xi lanh piston c\u1ee7a ch\u00fang t\u00f4i cung c\u1ea5p l\u1ef1c \u0111\u1ea9y t\u1ed1i \u0111a 3000 v\u00e0 l\u1ef1c k\u00e9o t\u1ed1i \u0111a 20 t\u1ea5n, \u0111\u1ea3m b\u1ea3o hi\u1ec7u su\u1ea5t v\u01b0\u1ee3t tr\u1ed9i trong nhi\u1ec1u \u1ee9ng d\u1ee5ng kh\u00e1c nhau.<\/li>\n<li><strong>Ch\u1ea5t li\u1ec7u ch\u1ea5t l\u01b0\u1ee3ng:<\/strong> Th\u00e2n xi lanh \u0111\u01b0\u1ee3c l\u00e0m b\u1eb1ng th\u00e9p, \u0111\u1ea3m b\u1ea3o \u0111\u1ed9 b\u1ec1n l\u00e2u d\u00e0i v\u00e0 kh\u1ea3 n\u0103ng ch\u1ed1ng m\u00e0i m\u00f2n.<\/li>\n<li><strong>Linh ho\u1ea1t:<\/strong> \u0110\u01b0\u1ee3c thi\u1ebft k\u1ebf \u0111\u1eb7c bi\u1ec7t cho xi lanh th\u1ee7y l\u1ef1c m\u00e1y c\u00e0y tuy\u1ebft, n\u00f3 c\u00f3 c\u00e1c c\u1ed5ng G\/SAE\/NPT\/M, ph\u00f9 h\u1ee3p v\u1edbi nhi\u1ec1u \u1ee9ng d\u1ee5ng kh\u00e1c nhau.<\/li>\n<li><strong>\u0110\u1ea3m b\u1ea3o ch\u1ea5t l\u01b0\u1ee3ng:<\/strong> S\u1ea3n ph\u1ea9m \u0111\u01b0\u1ee3c b\u1ea3o h\u00e0nh 1 n\u0103m v\u00e0 bao g\u1ed3m c\u00e1c b\u1ed9 ph\u1eadn c\u1ed1t l\u00f5i nh\u01b0 v\u00f2ng bi v\u00e0 xi lanh th\u1ee7y l\u1ef1c. Ngo\u00e0i ra, s\u1ea3n ph\u1ea9m \u0111\u1ea1t ch\u1ee9ng nh\u1eadn ISO9001:2000, \u0111\u1ea3m b\u1ea3o ch\u1ea5t l\u01b0\u1ee3ng v\u01b0\u1ee3t tr\u1ed9i.<\/li>\n<\/ul>\n<\/li>\n<\/ul>\n<p><img decoding=\"async\" src=\"https:\/\/hzpt.com\/wp-content\/uploads\/2023\/11\/Snow-Plow-Hydraulic-Cylinder-4Factory.webp\" alt=\"H\u00ecnh \u1ea3nh nh\u00e0 m\u00e1y\" title=\"\"><\/p>\n<h2>\u01afu \u0111i\u1ec3m c\u1ee7a xi lanh lo\u1ea1i ch\u1ed1t c\u00f3 th\u1ec3 \u0111i\u1ec1u ch\u1ec9nh<\/h2>\n<p>Xi lanh \u0111i\u1ec1u ch\u1ec9nh ki\u1ec3u c\u00e0ng cua l\u00e0 thi\u1ebft b\u1ecb th\u1ee7y l\u1ef1c \u0111\u01b0\u1ee3c s\u1eed d\u1ee5ng trong nhi\u1ec1u \u1ee9ng d\u1ee5ng c\u00f4ng nghi\u1ec7p kh\u00e1c nhau. Lo\u1ea1i xi lanh n\u00e0y mang l\u1ea1i nhi\u1ec1u \u01b0u \u0111i\u1ec3m so v\u1edbi c\u00e1c lo\u1ea1i xi lanh th\u1ee7y l\u1ef1c kh\u00e1c, khi\u1ebfn ch\u00fang tr\u1edf th\u00e0nh l\u1ef1a ch\u1ecdn \u01b0u ti\u00ean c\u1ee7a nhi\u1ec1u ng\u00e0nh c\u00f4ng nghi\u1ec7p. Trong b\u00e0i vi\u1ebft n\u00e0y, ch\u00fang ta s\u1ebd th\u1ea3o lu\u1eadn v\u1ec1 nh\u1eefng \u01b0u \u0111i\u1ec3m c\u1ee7a xi lanh \u0111i\u1ec1u ch\u1ec9nh ki\u1ec3u c\u00e0ng cua v\u00e0 l\u00fd do t\u1ea1i sao ch\u00fang l\u1ea1i c\u00f3 l\u1ee3i cho c\u00e1c \u1ee9ng d\u1ee5ng kh\u00e1c nhau.<\/p>\n<p>1. T\u0103ng c\u01b0\u1eddng t\u00ednh linh ho\u1ea1t:<br \/>\nXi lanh ki\u1ec3u c\u00e0ng n\u1ed1i \u0111i\u1ec1u ch\u1ec9nh mang l\u1ea1i s\u1ef1 linh ho\u1ea1t cao h\u01a1n trong vi\u1ec7c \u0111i\u1ec1u ch\u1ec9nh chi\u1ec1u d\u00e0i h\u00e0nh tr\u00ecnh. V\u1edbi c\u00e1c kh\u1edbp n\u1ed1i \u0111i\u1ec1u ch\u1ec9nh \u0111\u01b0\u1ee3c, c\u00e1c xi lanh n\u00e0y cho ph\u00e9p d\u1ec5 d\u00e0ng t\u00f9y ch\u1ec9nh v\u00e0 th\u00edch \u1ee9ng v\u1edbi c\u00e1c y\u00eau c\u1ea7u l\u1eafp \u0111\u1eb7t kh\u00e1c nhau. S\u1ef1 linh ho\u1ea1t n\u00e0y l\u00e0m cho ch\u00fang ph\u00f9 h\u1ee3p v\u1edbi nhi\u1ec1u \u1ee9ng d\u1ee5ng, bao g\u1ed3m c\u00e1c ng\u00e0nh x\u00e2y d\u1ef1ng, x\u1eed l\u00fd v\u1eadt li\u1ec7u v\u00e0 s\u1ea3n xu\u1ea5t.<\/p>\n<p>2. \u0110\u1ecbnh v\u1ecb ch\u00ednh x\u00e1c:<br \/>\nM\u1ed9t trong nh\u1eefng \u01b0u \u0111i\u1ec3m ch\u00ednh c\u1ee7a xi lanh ki\u1ec3u c\u00e0ng n\u1ed1i \u0111i\u1ec1u ch\u1ec9nh \u0111\u01b0\u1ee3c l\u00e0 kh\u1ea3 n\u0103ng \u0111\u1ecbnh v\u1ecb ch\u00ednh x\u00e1c. C\u00e1c c\u00e0ng n\u1ed1i \u0111i\u1ec1u ch\u1ec9nh cho ph\u00e9p tinh ch\u1ec9nh chi\u1ec1u d\u00e0i h\u00e0nh tr\u00ecnh c\u1ee7a xi lanh, cho ph\u00e9p ki\u1ec3m so\u00e1t ch\u00ednh x\u00e1c c\u00e1c chuy\u1ec3n \u0111\u1ed9ng m\u1edf r\u1ed9ng v\u00e0 thu h\u1ed3i c\u1ee7a xi lanh. Kh\u1ea3 n\u0103ng \u0111\u1ecbnh v\u1ecb ch\u00ednh x\u00e1c n\u00e0y r\u1ea5t c\u1ea7n thi\u1ebft trong c\u00e1c \u1ee9ng d\u1ee5ng m\u00e0 \u0111\u1ed9 ch\u00ednh x\u00e1c v\u00e0 kh\u1ea3 n\u0103ng ki\u1ec3m so\u00e1t l\u00e0 r\u1ea5t quan tr\u1ecdng, ch\u1eb3ng h\u1ea1n nh\u01b0 trong h\u1ec7 th\u1ed1ng robot v\u00e0 t\u1ef1 \u0111\u1ed9ng h\u00f3a.<\/p>\n<p>3. \u0110\u1ed9 b\u1ec1n v\u00e0 s\u1ee9c m\u1ea1nh:<br \/>\nC\u00e1c xi lanh ki\u1ec3u c\u00e0ng n\u1ed1i \u0111i\u1ec1u ch\u1ec9nh \u0111\u01b0\u1ee3c thi\u1ebft k\u1ebf \u0111\u1ec3 ch\u1ecbu \u0111\u01b0\u1ee3c t\u1ea3i tr\u1ecdng n\u1eb7ng v\u00e0 \u0111i\u1ec1u ki\u1ec7n ho\u1ea1t \u0111\u1ed9ng kh\u1eafc nghi\u1ec7t. C\u00e1c xi lanh n\u00e0y \u0111\u01b0\u1ee3c ch\u1ebf t\u1ea1o b\u1eb1ng v\u1eadt li\u1ec7u ch\u1ea5t l\u01b0\u1ee3ng cao v\u00e0 tr\u1ea3i qua qu\u00e1 tr\u00ecnh ki\u1ec3m tra nghi\u00eam ng\u1eb7t \u0111\u1ec3 \u0111\u1ea3m b\u1ea3o \u0111\u1ed9 b\u1ec1n v\u00e0 s\u1ee9c m\u1ea1nh. V\u1edbi c\u1ea5u tr\u00fac ch\u1eafc ch\u1eafn, ch\u00fang c\u00f3 th\u1ec3 ch\u1ecbu \u0111\u01b0\u1ee3c m\u00f4i tr\u01b0\u1eddng \u00e1p su\u1ea5t cao v\u00e0 s\u1eed d\u1ee5ng l\u1eb7p \u0111i l\u1eb7p l\u1ea1i m\u00e0 kh\u00f4ng \u1ea3nh h\u01b0\u1edfng \u0111\u1ebfn hi\u1ec7u su\u1ea5t, l\u00fd t\u01b0\u1edfng cho c\u00e1c \u1ee9ng d\u1ee5ng \u0111\u00f2i h\u1ecfi cao trong c\u00e1c ng\u00e0nh c\u00f4ng nghi\u1ec7p nh\u01b0 khai th\u00e1c m\u1ecf v\u00e0 n\u00f4ng nghi\u1ec7p.<\/p>\n<p>4. Chuy\u1ec3n \u0111\u1ed5i n\u0103ng l\u01b0\u1ee3ng hi\u1ec7u qu\u1ea3:<br \/>\nM\u1ed9t \u01b0u \u0111i\u1ec3m kh\u00e1c c\u1ee7a xi lanh ki\u1ec3u c\u00e0ng n\u1ed1i \u0111i\u1ec1u ch\u1ec9nh \u0111\u01b0\u1ee3c l\u00e0 kh\u1ea3 n\u0103ng chuy\u1ec3n \u0111\u1ed5i n\u0103ng l\u01b0\u1ee3ng hi\u1ec7u qu\u1ea3. C\u00e1c xi lanh n\u00e0y s\u1eed d\u1ee5ng \u00e1p su\u1ea5t th\u1ee7y l\u1ef1c \u0111\u1ec3 chuy\u1ec3n \u0111\u1ed5i n\u0103ng l\u01b0\u1ee3ng c\u01a1 h\u1ecdc th\u00e0nh chuy\u1ec3n \u0111\u1ed9ng tuy\u1ebfn t\u00ednh. B\u1eb1ng c\u00e1ch t\u1eadn d\u1ee5ng s\u1ee9c m\u1ea1nh c\u1ee7a ch\u1ea5t l\u1ecfng, c\u00e1c xi lanh c\u00f3 th\u1ec3 t\u1ea1o ra l\u1ef1c \u0111\u00e1ng k\u1ec3 v\u1edbi c\u00f4ng su\u1ea5t \u0111\u1ea7u v\u00e0o t\u01b0\u01a1ng \u0111\u1ed1i nh\u1ecf. Ho\u1ea1t \u0111\u1ed9ng ti\u1ebft ki\u1ec7m n\u0103ng l\u01b0\u1ee3ng n\u00e0y gi\u00fap gi\u1ea3m ti\u00eau th\u1ee5 \u0111i\u1ec7n n\u0103ng v\u00e0 g\u00f3p ph\u1ea7n ti\u1ebft ki\u1ec7m chi ph\u00ed v\u1eadn h\u00e0nh t\u1ed5ng th\u1ec3.<\/p>\n<p>5. D\u1ec5 d\u00e0ng b\u1ea3o tr\u00ec:<br \/>\nXi lanh ki\u1ec3u c\u00e0ng n\u1ed1i \u0111i\u1ec1u ch\u1ec9nh \u0111\u01b0\u1ee3c thi\u1ebft k\u1ebf \u0111\u1ec3 d\u1ec5 b\u1ea3o tr\u00ec v\u00e0 s\u1eeda ch\u1eefa. Ch\u00fang th\u01b0\u1eddng c\u00f3 c\u00e1c t\u00ednh n\u0103ng nh\u01b0 ch\u1ed1t c\u00e0ng n\u1ed1i c\u00f3 th\u1ec3 th\u00e1o r\u1eddi v\u00e0 b\u1ed9 gio\u0103ng, gi\u00fap thu\u1eadn ti\u1ec7n cho vi\u1ec7c th\u1ef1c hi\u1ec7n c\u00e1c c\u00f4ng vi\u1ec7c b\u1ea3o tr\u00ec \u0111\u1ecbnh k\u1ef3. Ngo\u00e0i ra, c\u00e1c xi lanh n\u00e0y c\u00f3 tu\u1ed5i th\u1ecd cao h\u01a1n so v\u1edbi c\u00e1c lo\u1ea1i kh\u00e1c, gi\u1ea3m t\u1ea7n su\u1ea5t thay th\u1ebf v\u00e0 th\u1eddi gian ng\u1eebng ho\u1ea1t \u0111\u1ed9ng li\u00ean quan.<\/p>\n<p>T\u00f3m l\u1ea1i, xi lanh ki\u1ec3u c\u00e0ng n\u1ed1i \u0111i\u1ec1u ch\u1ec9nh mang l\u1ea1i nhi\u1ec1u \u01b0u \u0111i\u1ec3m, khi\u1ebfn ch\u00fang tr\u1edf th\u00e0nh l\u1ef1a ch\u1ecdn \u0111\u00e1ng tin c\u1eady cho c\u00e1c \u1ee9ng d\u1ee5ng c\u00f4ng nghi\u1ec7p kh\u00e1c nhau. T\u00ednh linh ho\u1ea1t cao, kh\u1ea3 n\u0103ng \u0111\u1ecbnh v\u1ecb ch\u00ednh x\u00e1c, \u0111\u1ed9 b\u1ec1n v\u00e0 s\u1ee9c m\u1ea1nh, hi\u1ec7u qu\u1ea3 chuy\u1ec3n \u0111\u1ed5i n\u0103ng l\u01b0\u1ee3ng v\u00e0 d\u1ec5 b\u1ea3o tr\u00ec g\u00f3p ph\u1ea7n c\u1ea3i thi\u1ec7n hi\u1ec7u su\u1ea5t v\u00e0 ti\u1ebft ki\u1ec7m chi ph\u00ed. Cho d\u00f9 trong ng\u00e0nh x\u00e2y d\u1ef1ng, v\u1eadn chuy\u1ec3n v\u1eadt li\u1ec7u hay s\u1ea3n xu\u1ea5t, c\u00e1c xi lanh n\u00e0y \u0111\u1ec1u c\u00f3 th\u1ec3 cung c\u1ea5p c\u00f4ng su\u1ea5t v\u00e0 kh\u1ea3 n\u0103ng \u0111i\u1ec1u khi\u1ec3n c\u1ea7n thi\u1ebft \u0111\u1ec3 \u0111\u00e1p \u1ee9ng c\u00e1c y\u00eau c\u1ea7u \u1ee9ng d\u1ee5ng c\u1ee5 th\u1ec3. H\u00e3y c\u00e2n nh\u1eafc l\u1ef1a ch\u1ecdn nh\u00e0 cung c\u1ea5p t\u1ea1i \u00dd cho c\u00e1c lo\u1ea1i xi lanh ki\u1ec3u c\u00e0ng n\u1ed1i \u0111i\u1ec1u ch\u1ec9nh nh\u01b0 Xi lanh piston th\u1ee7y l\u1ef1c hai chi\u1ec1u ho\u1eb7c Xi lanh th\u1ee7y l\u1ef1c h\u00e0n \u0111\u1ec3 \u0111\u1ea3m b\u1ea3o s\u1ea3n ph\u1ea9m ch\u1ea5t l\u01b0\u1ee3ng cao v\u00e0 hi\u1ec7u su\u1ea5t \u0111\u00e1ng tin c\u1eady.<\/p>\n<h3>Gi\u1edbi thi\u1ec7u v\u1ec1 FMP<\/h3>\n<p>T\u1ea1i FMP, ch\u00fang t\u00f4i chuy\u00ean b\u00e1n v\u00e0 b\u1ea3o d\u01b0\u1ee1ng ph\u1ee5 t\u00f9ng m\u00e1y m\u00f3c x\u00e2y d\u1ef1ng v\u00e0 m\u00e1y m\u00f3c ho\u00e0n ch\u1ec9nh. Danh m\u1ee5c s\u1ea3n ph\u1ea9m c\u1ee7a ch\u00fang t\u00f4i r\u1ea5t \u0111a d\u1ea1ng, bao g\u1ed3m nhi\u1ec1u lo\u1ea1i m\u00e1y m\u00f3c x\u00e2y d\u1ef1ng nh\u01b0 h\u1ed9p s\u1ed1 m\u00e1y n\u00f4ng nghi\u1ec7p, xi lanh th\u1ee7y l\u1ef1c, h\u1ed9p s\u1ed1 h\u00e0nh tinh, h\u1ed9p s\u1ed1 c\u00f4ng nghi\u1ec7p, ph\u1ee5 t\u00f9ng m\u00e1y n\u00f4ng nghi\u1ec7p, c\u00f9ng h\u00e0ng lo\u1ea1t ph\u1ee5 ki\u1ec7n cao c\u1ea5p \u0111i k\u00e8m. M\u1ed9t trong nh\u1eefng s\u1ea3n ph\u1ea9m ph\u1ed5 bi\u1ebfn nh\u1ea5t c\u1ee7a ch\u00fang t\u00f4i l\u00e0 xi lanh th\u1ee7y l\u1ef1c.<\/p>\n<p>Sau \u0111\u00e2y l\u00e0 n\u0103m l\u00fd do t\u1ea1i sao Xi lanh th\u1ee7y l\u1ef1c c\u1ee7a FMP l\u00e0 l\u1ef1a ch\u1ecdn t\u1ed1t nh\u1ea5t cho m\u00e1y m\u00f3c c\u1ee7a b\u1ea1n:<\/p>\n<p>1. V\u1eadt li\u1ec7u ch\u1ea5t l\u01b0\u1ee3ng cao: Xi lanh th\u1ee7y l\u1ef1c c\u1ee7a ch\u00fang t\u00f4i \u0111\u01b0\u1ee3c s\u1ea3n xu\u1ea5t b\u1eb1ng v\u1eadt li\u1ec7u ch\u1ea5t l\u01b0\u1ee3ng cao, \u0111\u1ea3m b\u1ea3o \u0111\u1ed9 b\u1ec1n v\u00e0 \u0111\u1ed9 tin c\u1eady.<\/p>\n<p>2. Thi\u1ebft k\u1ebf c\u00f3 th\u1ec3 t\u00f9y ch\u1ec9nh: Ch\u00fang t\u00f4i cung c\u1ea5p c\u00e1c xi lanh lo\u1ea1i ch\u1ed1t c\u00f3 th\u1ec3 \u0111i\u1ec1u ch\u1ec9nh d\u1ec5 d\u00e0ng \u0111\u1ec3 \u0111\u00e1p \u1ee9ng nhu c\u1ea7u v\u00e0 y\u00eau c\u1ea7u c\u1ee5 th\u1ec3 c\u1ee7a b\u1ea1n.<\/p>\n<p>3. \u0110\u1ed9i ng\u0169 chuy\u00ean nghi\u1ec7p: \u0110\u1ed9i ng\u0169 b\u00e1n h\u00e0ng gi\u00e0u kinh nghi\u1ec7m v\u00e0 k\u1ef9 n\u0103ng c\u1ee7a ch\u00fang t\u00f4i c\u00f3 hi\u1ec3u bi\u1ebft v\u1ec1 ng\u00e0nh m\u00e1y m\u00f3c x\u00e2y d\u1ef1ng v\u00e0 c\u00f3 th\u1ec3 cung c\u1ea5p t\u01b0 v\u1ea5n s\u1ea3n ph\u1ea9m chuy\u00ean nghi\u1ec7p v\u00e0 \u0111\u1ec1 xu\u1ea5t mua h\u00e0ng th\u00f4ng minh.<\/p>\n<p>4. Ti\u00eau chu\u1ea9n ch\u1ea5t l\u01b0\u1ee3ng nghi\u00eam ng\u1eb7t: B\u1eb1ng c\u00e1ch thi\u1ebft l\u1eadp m\u1ed1i quan h\u1ec7 h\u1ee3p t\u00e1c l\u00e2u d\u00e0i v\u00e0 \u1ed5n \u0111\u1ecbnh v\u1edbi nhi\u1ec1u nh\u00e0 cung c\u1ea5p ch\u1ea5t l\u01b0\u1ee3ng cao trong v\u00e0 ngo\u00e0i n\u01b0\u1edbc, ch\u00fang t\u00f4i \u0111\u1ea3m b\u1ea3o r\u1eb1ng t\u1ea5t c\u1ea3 c\u00e1c b\u1ed9 ph\u1eadn \u0111\u01b0\u1ee3c cung c\u1ea5p \u0111\u1ec1u \u0111\u00e1p \u1ee9ng c\u00e1c ti\u00eau chu\u1ea9n ch\u1ea5t l\u01b0\u1ee3ng nghi\u00eam ng\u1eb7t.<\/p>\n<p>5. H\u1ec7 th\u1ed1ng ph\u00e2n ph\u1ed1i h\u1eadu c\u1ea7n hi\u1ec7u qu\u1ea3: Ch\u00fang t\u00f4i c\u00f3 h\u1ec7 th\u1ed1ng ph\u00e2n ph\u1ed1i h\u1eadu c\u1ea7n hi\u1ec7u qu\u1ea3 \u0111\u1ec3 \u0111\u1ea3m b\u1ea3o kh\u00e1ch h\u00e0ng nh\u1eadn \u0111\u01b0\u1ee3c c\u00e1c b\u1ed9 ph\u1eadn c\u1ea7n thi\u1ebft m\u1ed9t c\u00e1ch k\u1ecbp th\u1eddi v\u00e0 ch\u00ednh x\u00e1c.<\/p>\n<p>Xi lanh th\u1ee7y l\u1ef1c c\u1ee7a ch\u00fang t\u00f4i ho\u00e0n h\u1ea3o cho nhi\u1ec1u \u1ee9ng d\u1ee5ng, bao g\u1ed3m m\u00e1y m\u00f3c n\u00f4ng nghi\u1ec7p, m\u00e1y m\u00f3c x\u00e2y d\u1ef1ng v\u00e0 m\u00e1y m\u00f3c c\u00f4ng nghi\u1ec7p. V\u1edbi FMP, b\u1ea1n c\u00f3 th\u1ec3 tin t\u01b0\u1edfng r\u1eb1ng m\u00ecnh s\u1ebd nh\u1eadn \u0111\u01b0\u1ee3c nh\u1eefng s\u1ea3n ph\u1ea9m v\u00e0 d\u1ecbch v\u1ee5 ch\u1ea5t l\u01b0\u1ee3ng t\u1ed1t nh\u1ea5t, \u0111\u01b0\u1ee3c h\u1ed7 tr\u1ee3 b\u1edfi nhi\u1ec1u n\u0103m kinh nghi\u1ec7m trong ng\u00e0nh v\u00e0 \u0111\u1ed9i ng\u0169 chuy\u00ean nghi\u1ec7p. H\u00e3y t\u1ef1 m\u00ecnh kh\u00e1m ph\u00e1 l\u00fd do t\u1ea1i sao FMP l\u00e0 l\u1ef1a ch\u1ecdn h\u00e0ng \u0111\u1ea7u cho c\u00e1c ph\u1ee5 t\u00f9ng m\u00e1y m\u00f3c x\u00e2y d\u1ef1ng v\u00e0 gi\u1ea3i ph\u00e1p m\u00e1y m\u00f3c to\u00e0n di\u1ec7n.<\/p>\n<p><img decoding=\"async\" src=\"https:\/\/fmp-components.com\/wp-content\/uploads\/2024\/12\/Adjustable-Clevis-Type-Cylinders-6.webp\" alt=\"Xi lanh lo\u1ea1i Clevis c\u00f3 th\u1ec3 \u0111i\u1ec1u ch\u1ec9nh\" width=\"845\" title=\"\"><\/p>\n<h2>Nh\u1eefng c\u00e2u h\u1ecfi th\u01b0\u1eddng g\u1eb7p<\/h2>\n<ol>\n<li><strong>Q: B\u1ea1n l\u00e0 c\u00f4ng ty th\u01b0\u01a1ng m\u1ea1i hay nh\u00e0 s\u1ea3n xu\u1ea5t?<\/strong><br \/>\nA: Ch\u00fang t\u00f4i l\u00e0 nh\u00e0 s\u1ea3n xu\u1ea5t.<\/li>\n<li><strong>Q: Th\u1eddi gian giao h\u00e0ng c\u1ee7a b\u1ea1n l\u00e0 bao l\u00e2u?<\/strong><br \/>\nA: Th\u00f4ng th\u01b0\u1eddng, ph\u1ea3i m\u1ea5t 25-35 ng\u00e0y.<\/li>\n<li><strong>H: B\u1ea1n c\u00f3 cung c\u1ea5p m\u1eabu th\u1eed kh\u00f4ng? M\u1eabu mi\u1ec5n ph\u00ed hay t\u00ednh th\u00eam ph\u00ed?<\/strong><br \/>\nA: V\u00e2ng, ch\u00fang t\u00f4i c\u00f3 cung c\u1ea5p m\u1eabu th\u1eed, nh\u01b0ng kh\u00f4ng mi\u1ec5n ph\u00ed.<\/li>\n<\/ol>\n<p>T\u00e1c gi\u1ea3: CX<\/p>","protected":false},"excerpt":{"rendered":"<p>Italy Supplier Two Way Hydraulic Piston Cylinder Welded Hydraulic Cylinder Italy Supplier Two Way Hydraulic Piston Cylinder Welded Hydraulic Cylinder is a high-quality hydraulic cylinder designed for heavy-duty applications. This hydraulic cylinder is specifically designed to withstand high pressure, high temperature, and harsh environmental conditions. The piston cylinder is made of high-quality materials that ensure [&hellip;]<\/p>","protected":false},"featured_media":1535,"comment_status":"closed","ping_status":"closed","template":"","meta":{"_et_pb_use_builder":"","_et_pb_old_content":"","_et_gb_content_width":""},"product_brand":[],"product_cat":[42],"product_tag":[34,44],"class_list":{"0":"post-1534","1":"product","2":"type-product","3":"status-publish","4":"has-post-thumbnail","6":"product_cat-snow-plow-hydraulic-cylinder","7":"product_tag-hydraulic-cylinder","8":"product_tag-snow-plow-hydraulic-cylinder","10":"first","11":"instock","12":"product-type-simple"},"_links":{"self":[{"href":"https:\/\/fmp-components.com\/vi\/wp-json\/wp\/v2\/product\/1534","targetHints":{"allow":["GET"]}}],"collection":[{"href":"https:\/\/fmp-components.com\/vi\/wp-json\/wp\/v2\/product"}],"about":[{"href":"https:\/\/fmp-components.com\/vi\/wp-json\/wp\/v2\/types\/product"}],"replies":[{"embeddable":true,"href":"https:\/\/fmp-components.com\/vi\/wp-json\/wp\/v2\/comments?post=1534"}],"wp:featuredmedia":[{"embeddable":true,"href":"https:\/\/fmp-components.com\/vi\/wp-json\/wp\/v2\/media\/1535"}],"wp:attachment":[{"href":"https:\/\/fmp-components.com\/vi\/wp-json\/wp\/v2\/media?parent=1534"}],"wp:term":[{"taxonomy":"product_brand","embeddable":true,"href":"https:\/\/fmp-components.com\/vi\/wp-json\/wp\/v2\/product_brand?post=1534"},{"taxonomy":"product_cat","embeddable":true,"href":"https:\/\/fmp-components.com\/vi\/wp-json\/wp\/v2\/product_cat?post=1534"},{"taxonomy":"product_tag","embeddable":true,"href":"https:\/\/fmp-components.com\/vi\/wp-json\/wp\/v2\/product_tag?post=1534"}],"curies":[{"name":"wp","href":"https:\/\/api.w.org\/{rel}","templated":true}]}}