{"id":1532,"date":"2024-12-23T05:51:36","date_gmt":"2024-12-23T05:51:36","guid":{"rendered":"https:\/\/fmp-components.com\/product\/customized-two-way-double-effect-hydraulic-piston-cylinder\/"},"modified":"2024-12-23T06:02:52","modified_gmt":"2024-12-23T06:02:52","slug":"customized-two-way-double-effect-hydraulic-piston-cylinder","status":"publish","type":"product","link":"https:\/\/fmp-components.com\/vi\/product\/customized-two-way-double-effect-hydraulic-piston-cylinder\/","title":{"rendered":"Xi lanh piston th\u1ee7y l\u1ef1c hi\u1ec7u \u1ee9ng k\u00e9p hai chi\u1ec1u t\u00f9y ch\u1ec9nh"},"content":{"rendered":"<p>Xi lanh piston th\u1ee7y l\u1ef1c hi\u1ec7u \u1ee9ng k\u00e9p hai chi\u1ec1u t\u00f9y ch\u1ec9nhXi lanh piston th\u1ee7y l\u1ef1c hi\u1ec7u \u1ee9ng k\u00e9p hai chi\u1ec1u t\u00f9y ch\u1ec9nh l\u00e0 s\u1ea3n ph\u1ea9m ch\u1ea5t l\u01b0\u1ee3ng cao \u0111\u01b0\u1ee3c thi\u1ebft k\u1ebf \u0111\u1ec3 \u0111\u00e1p \u1ee9ng nhu c\u1ea7u c\u1ee7a nhi\u1ec1u \u1ee9ng d\u1ee5ng c\u00f4ng nghi\u1ec7p kh\u00e1c nhau. V\u1edbi c\u00f4ng ngh\u1ec7 th\u1ee7y l\u1ef1c ti\u00ean ti\u1ebfn, xi lanh piston n\u00e0y mang l\u1ea1i hi\u1ec7u su\u1ea5t v\u00e0 \u0111\u1ed9 tin c\u1eady v\u01b0\u1ee3t tr\u1ed9i.<\/p>\n<p>V\u1edbi thi\u1ebft k\u1ebf hai chi\u1ec1u, hi\u1ec7u \u1ee9ng k\u00e9p, xi lanh piston th\u1ee7y l\u1ef1c n\u00e0y cho ph\u00e9p \u0111i\u1ec1u khi\u1ec3n h\u1ec7 th\u1ed1ng th\u1ee7y l\u1ef1c hi\u1ec7u qu\u1ea3 v\u00e0 ch\u00ednh x\u00e1c. N\u00f3 cho ph\u00e9p piston m\u1edf r\u1ed9ng v\u00e0 thu v\u00e0o, \u0111\u1ea3m b\u1ea3o chuy\u1ec3n \u0111\u1ed9ng tr\u01a1n tru v\u00e0 ch\u00ednh x\u00e1c.<\/p>\n<p>Xi lanh \u0111\u01b0\u1ee3c l\u00e0m t\u1eeb v\u1eadt li\u1ec7u b\u1ec1n b\u1ec9, \u0111\u1ea3m b\u1ea3o tu\u1ed5i th\u1ecd v\u00e0 kh\u1ea3 n\u0103ng ch\u1ed1ng m\u00e0i m\u00f2n. S\u1ea3n ph\u1ea9m \u0111\u01b0\u1ee3c thi\u1ebft k\u1ebf \u0111\u1ec3 ch\u1ecbu \u0111\u01b0\u1ee3c \u00e1p su\u1ea5t cao v\u00e0 t\u1ea3i tr\u1ecdng n\u1eb7ng, ph\u00f9 h\u1ee3p v\u1edbi m\u00f4i tr\u01b0\u1eddng c\u00f4ng nghi\u1ec7p kh\u1eafc nghi\u1ec7t.<\/p>\n<p><img loading=\"lazy\" decoding=\"async\" class=\"\" title=\"Xi lanh th\u1ee7y l\u1ef1c m\u00e1y c\u00e0y tuy\u1ebft\" src=\"https:\/\/hzpt.com\/wp-content\/uploads\/2023\/11\/Snow-Plow-Hydraulic-Cylinder-3.webp\" alt=\"Xi lanh th\u1ee7y l\u1ef1c m\u00e1y c\u00e0y tuy\u1ebft\" width=\"922\" height=\"922\" \/><\/p>\n<p>Xi lanh piston th\u1ee7y l\u1ef1c hi\u1ec7u \u1ee9ng k\u00e9p hai chi\u1ec1u t\u00f9y ch\u1ec9nh c\u00f3 kh\u1ea3 n\u0103ng t\u00f9y ch\u1ec9nh cao \u0111\u1ec3 \u0111\u00e1p \u1ee9ng c\u00e1c y\u00eau c\u1ea7u c\u1ee5 th\u1ec3. N\u00f3 c\u00f3 th\u1ec3 \u0111\u01b0\u1ee3c \u0111i\u1ec1u ch\u1ec9nh theo c\u00e1c chi\u1ec1u d\u00e0i h\u00e0nh tr\u00ecnh, k\u00edch th\u01b0\u1edbc l\u1ed7 v\u00e0 t\u00f9y ch\u1ecdn l\u1eafp \u0111\u1eb7t kh\u00e1c nhau. T\u00ednh linh ho\u1ea1t n\u00e0y cho ph\u00e9p t\u00edch h\u1ee3p li\u1ec1n m\u1ea1ch v\u00e0o c\u00e1c h\u1ec7 th\u1ed1ng th\u1ee7y l\u1ef1c hi\u1ec7n c\u00f3 ho\u1eb7c t\u1ea1o ra c\u00e1c h\u1ec7 th\u1ed1ng m\u1edbi.<\/p>\n<p>Ngo\u00e0i hi\u1ec7u su\u1ea5t v\u01b0\u1ee3t tr\u1ed9i, xi lanh piston n\u00e0y c\u00f2n \u0111\u01b0\u1ee3c thi\u1ebft k\u1ebf ch\u00fa tr\u1ecdng \u0111\u1ebfn an to\u00e0n. S\u1ea3n ph\u1ea9m t\u00edch h\u1ee3p c\u00e1c t\u00ednh n\u0103ng nh\u01b0 ph\u1edbt v\u00e0 b\u1ed9 \u0111\u1ec7m \u0111\u1ec3 ng\u0103n r\u00f2 r\u1ec9 v\u00e0 gi\u1ea3m thi\u1ec3u rung \u0111\u1ed9ng, \u0111\u1ea3m b\u1ea3o ho\u1ea1t \u0111\u1ed9ng an to\u00e0n v\u00e0 \u1ed5n \u0111\u1ecbnh.<\/p>\n<p>Nh\u00ecn chung, Xi lanh piston th\u1ee7y l\u1ef1c hai chi\u1ec1u hi\u1ec7u \u1ee9ng k\u00e9p t\u00f9y ch\u1ec9nh l\u00e0 m\u1ed9t gi\u1ea3i ph\u00e1p \u0111\u00e1ng tin c\u1eady v\u00e0 hi\u1ec7u qu\u1ea3 cho nhi\u1ec1u \u1ee9ng d\u1ee5ng c\u00f4ng nghi\u1ec7p. Kh\u1ea3 n\u0103ng t\u00f9y ch\u1ec9nh, hi\u1ec7u su\u1ea5t v\u01b0\u1ee3t tr\u1ed9i v\u00e0 c\u00e1c t\u00ednh n\u0103ng an to\u00e0n khi\u1ebfn n\u00f3 tr\u1edf th\u00e0nh l\u1ef1a ch\u1ecdn l\u00fd t\u01b0\u1edfng cho c\u00e1c doanh nghi\u1ec7p mu\u1ed1n n\u00e2ng c\u1ea5p h\u1ec7 th\u1ed1ng th\u1ee7y l\u1ef1c c\u1ee7a m\u00ecnh.<\/p>\n<div>\n<p>N\u00e2ng c\u1ea5p m\u00e1y m\u00f3c c\u1ee7a b\u1ea1n v\u1edbi Xi lanh piston th\u1ee7y l\u1ef1c hi\u1ec7u \u1ee9ng k\u00e9p hai chi\u1ec1u \u0111\u1ec3 t\u1ed1i \u0111a h\u00f3a kh\u1ea3 n\u0103ng t\u00f9y ch\u1ec9nh v\u00e0 hi\u1ec7u su\u1ea5t. \u0110\u01b0\u1ee3c ch\u1ebf t\u1ea1o v\u1edbi \u0111\u1ed9 ch\u00ednh x\u00e1c v\u00e0 chuy\u00ean m\u00f4n cao, xi lanh piston th\u1ee7y l\u1ef1c n\u00e0y \u0111\u1ea3m b\u1ea3o hi\u1ec7u su\u1ea5t v\u00e0 \u0111\u1ed9 tin c\u1eady h\u00e0ng \u0111\u1ea7u.<\/p>\n<p><img decoding=\"async\" title=\"Xi lanh th\u1ee7y l\u1ef1c m\u00e1y c\u00e0y tuy\u1ebft\" src=\"https:\/\/hzpt.com\/wp-content\/uploads\/2023\/11\/Snow-Plow-Hydraulic-Cylinder-2.webp\" alt=\"Xi lanh th\u1ee7y l\u1ef1c m\u00e1y c\u00e0y tuy\u1ebft\" \/><\/p>\n<h2>T\u00ednh n\u0103ng s\u1ea3n ph\u1ea9m<\/h2>\n<table style=\"width: 100%;\" border=\"1\" width=\"100%\" cellspacing=\"0\" cellpadding=\"0\">\n<tbody>\n<tr>\n<th>T\u00ean s\u1ea3n ph\u1ea9m<\/th>\n<td>Xi lanh th\u1ee7y l\u1ef1c m\u00e1y c\u00e0y tuy\u1ebft<\/td>\n<\/tr>\n<tr>\n<th>T\u00ecnh tr\u1ea1ng<\/th>\n<td>M\u1edbi<\/td>\n<\/tr>\n<tr>\n<th>B\u1ea3o h\u00e0nh<\/th>\n<td>1 n\u0103m<\/td>\n<\/tr>\n<tr>\n<th>C\u00e1c ng\u00e0nh c\u00f4ng nghi\u1ec7p \u00e1p d\u1ee5ng<\/th>\n<td>X\u01b0\u1edfng s\u1eeda ch\u1eefa m\u00e1y m\u00f3c, trang tr\u1ea1i, n\u0103ng l\u01b0\u1ee3ng v\u00e0 khai th\u00e1c m\u1ecf, s\u1ea3n xu\u1ea5t m\u00e1y m\u00f3c, nh\u00e0 m\u00e1y m\u00e1y m\u00f3c<\/td>\n<\/tr>\n<tr>\n<th>C\u00e2n n\u1eb7ng (KG)<\/th>\n<td>6.4<\/td>\n<\/tr>\n<tr>\n<th>Lo\u1ea1i h\u00ecnh ti\u1ebfp th\u1ecb<\/th>\n<td>S\u1ea3n ph\u1ea9m m\u1edbi n\u0103m 2023<\/td>\n<\/tr>\n<tr>\n<th>C\u00e1c th\u00e0nh ph\u1ea7n c\u1ed1t l\u00f5i<\/th>\n<td>V\u00f2ng bi, xi lanh th\u1ee7y l\u1ef1c<\/td>\n<\/tr>\n<tr>\n<th>K\u1ebft c\u1ea5u<\/th>\n<td>Xi lanh piston<\/td>\n<\/tr>\n<tr>\n<th>Ngu\u1ed3n \u0111i\u1ec7n<\/th>\n<td>Th\u1ee7y l\u1ef1c<\/td>\n<\/tr>\n<\/tbody>\n<\/table>\n<h2>B\u1ea3o tr\u00ec v\u00e0 Ch\u0103m s\u00f3c<\/h2>\n<p>V\u1edbi ch\u1ebf \u0111\u1ed9 b\u1ea3o h\u00e0nh m\u1ed9t n\u0103m v\u00e0 th\u00e0nh ph\u1ea7n c\u1ed1t l\u00f5i l\u00e0 \u1ed5 tr\u1ee5c v\u00e0 xi lanh th\u1ee7y l\u1ef1c, xi lanh piston th\u1ee7y l\u1ef1c n\u00e0y \u0111\u01b0\u1ee3c thi\u1ebft k\u1ebf \u0111\u1ec3 b\u1ec1n b\u1ec9 theo th\u1eddi gian. Th\u00e2n th\u00e9p t\u0103ng c\u01b0\u1eddng \u0111\u1ed9 b\u1ec1n, cho ph\u00e9p n\u00f3 ch\u1ecbu \u0111\u01b0\u1ee3c ngay c\u1ea3 nh\u1eefng \u0111i\u1ec1u ki\u1ec7n kh\u1eafc nghi\u1ec7t nh\u1ea5t. V\u1edbi l\u1ef1c \u0111\u1ea9y t\u1ed1i \u0111a 3000 v\u00e0 l\u1ef1c k\u00e9o t\u1ed1i \u0111a 20 t\u1ea5n, \u0111\u00e2y th\u1ef1c s\u1ef1 l\u00e0 m\u1ed9t c\u1ed7 m\u00e1y hi\u1ec7u su\u1ea5t m\u1ea1nh m\u1ebd.<\/p>\n<h2>\u1ee8ng d\u1ee5ng<\/h2>\n<p>V\u1edbi k\u00edch th\u01b0\u1edbc nh\u1ecf g\u1ecdn v\u00e0 tr\u1ecdng l\u01b0\u1ee3ng nh\u1eb9 6,4 kg, xi lanh piston th\u1ee7y l\u1ef1c n\u00e0y ph\u00f9 h\u1ee3p \u0111\u1ec3 s\u1eed d\u1ee5ng trong c\u00e1c x\u01b0\u1edfng s\u1eeda ch\u1eefa m\u00e1y m\u00f3c, trang tr\u1ea1i, ng\u00e0nh n\u0103ng l\u01b0\u1ee3ng v\u00e0 khai th\u00e1c m\u1ecf, s\u1ea3n xu\u1ea5t m\u00e1y m\u00f3c v\u00e0 nh\u00e0 m\u00e1y c\u01a1 kh\u00ed. T\u00ednh linh ho\u1ea1t trong \u1ee9ng d\u1ee5ng c\u1ee7a n\u00f3 khi\u1ebfn n\u00f3 tr\u1edf th\u00e0nh l\u1ef1a ch\u1ecdn l\u00fd t\u01b0\u1edfng cho nhi\u1ec1u lo\u1ea1i thi\u1ebft b\u1ecb m\u00e1y m\u00f3c kh\u00e1c nhau.<\/p>\n<p><img decoding=\"async\" src=\"https:\/\/hzpt.com\/wp-content\/uploads\/2023\/11\/Snow-Plow-Hydraulic-Cylinder-4Factory.webp\" alt=\"H\u00ecnh \u1ea3nh nh\u00e0 m\u00e1y\" title=\"\"><\/p>\n<\/div>\n<h2>\u01afu \u0111i\u1ec3m c\u1ee7a xi lanh lo\u1ea1i ch\u1ed1t c\u00f3 th\u1ec3 \u0111i\u1ec1u ch\u1ec9nh<\/h2>\n<ul>\n<li style=\"list-style-type: none;\">\n<ul>\n<li>T\u0103ng t\u00ednh linh ho\u1ea1t<\/li>\n<\/ul>\n<\/li>\n<\/ul>\n<p>Xi lanh ki\u1ec3u ch\u1ed1t \u0111i\u1ec1u ch\u1ec9nh mang l\u1ea1i t\u00ednh linh ho\u1ea1t cao trong \u1ee9ng d\u1ee5ng v\u00ec c\u00f3 th\u1ec3 t\u00f9y ch\u1ec9nh \u0111\u1ec3 ph\u00f9 h\u1ee3p v\u1edbi c\u00e1c tr\u01b0\u1eddng h\u1ee3p s\u1eed d\u1ee5ng c\u1ee5 th\u1ec3. \u0110i\u1ec1u n\u00e0y \u0111\u1eb7c bi\u1ec7t \u0111\u00fang v\u1edbi Xi lanh piston th\u1ee7y l\u1ef1c hi\u1ec7u \u1ee9ng k\u00e9p hai chi\u1ec1u t\u00f9y ch\u1ec9nh. Kh\u1ea3 n\u0103ng \u0111i\u1ec1u ch\u1ec9nh \u0111i\u1ec3m l\u1eafp \u0111\u1eb7t cho ph\u00e9p l\u1eafp \u0111\u1eb7t v\u00e0 s\u1eed d\u1ee5ng d\u1ec5 d\u00e0ng h\u01a1n trong nhi\u1ec1u \u1ee9ng d\u1ee5ng kh\u00e1c nhau.<\/p>\n<ul>\n<li style=\"list-style-type: none;\">\n<ul>\n<li>Hi\u1ec7u qu\u1ea3 \u0111\u01b0\u1ee3c c\u1ea3i thi\u1ec7n<\/li>\n<\/ul>\n<\/li>\n<\/ul>\n<p>Vi\u1ec7c s\u1eed d\u1ee5ng xi lanh ki\u1ec3u ch\u1ed1t \u0111i\u1ec1u ch\u1ec9nh \u0111\u1ea3m b\u1ea3o xi lanh \u0111\u01b0\u1ee3c t\u1ed1i \u01b0u h\u00f3a cho m\u1ee5c \u0111\u00edch s\u1eed d\u1ee5ng d\u1ef1 ki\u1ebfn. \u0110i\u1ec1u n\u00e0y c\u00f3 ngh\u0129a l\u00e0 xi lanh kh\u00f4ng b\u1ecb s\u1eed d\u1ee5ng qu\u00e1 m\u1ee9c ho\u1eb7c kh\u00f4ng \u0111\u1ee7 c\u00f4ng su\u1ea5t, d\u1eabn \u0111\u1ebfn hi\u1ec7u su\u1ea5t \u0111\u01b0\u1ee3c c\u1ea3i thi\u1ec7n. \u0110i\u1ec1u n\u00e0y \u0111\u1eb7c bi\u1ec7t quan tr\u1ecdng \u0111\u1ed1i v\u1edbi Xi lanh th\u1ee7y l\u1ef1c piston hai chi\u1ec1u hi\u1ec7u \u1ee9ng k\u00e9p t\u00f9y ch\u1ec9nh v\u00ec n\u00f3 c\u00f3 th\u1ec3 \u0111\u01b0\u1ee3c t\u1ed1i \u01b0u h\u00f3a cho m\u1ee5c \u0111\u00edch s\u1eed d\u1ee5ng hai chi\u1ec1u, gi\u00fap ki\u1ec3m so\u00e1t t\u1ea3i t\u1ed1t h\u01a1n.<\/p>\n<ul>\n<li style=\"list-style-type: none;\">\n<ul>\n<li>T\u0103ng c\u01b0\u1eddng an to\u00e0n<\/li>\n<\/ul>\n<\/li>\n<\/ul>\n<p>Xi lanh ki\u1ec3u ch\u1ed1t \u0111i\u1ec1u ch\u1ec9nh \u0111\u01b0\u1ee3c thi\u1ebft k\u1ebf \u0111\u1ec3 d\u1ec5 d\u00e0ng \u0111i\u1ec1u ch\u1ec9nh, gi\u00fap gi\u1ea3m \u0111\u00e1ng k\u1ec3 nguy c\u01a1 tai n\u1ea1n. \u0110i\u1ec1u n\u00e0y \u0111\u1eb7c bi\u1ec7t quan tr\u1ecdng \u0111\u1ed1i v\u1edbi Xi lanh th\u1ee7y l\u1ef1c piston hai chi\u1ec1u hi\u1ec7u \u1ee9ng k\u00e9p t\u00f9y ch\u1ec9nh, c\u00f3 th\u1ec3 \u0111\u01b0\u1ee3c t\u1ed1i \u01b0u h\u00f3a \u0111\u1ec3 \u0111\u1ea3m b\u1ea3o an to\u00e0n trong c\u00e1c \u1ee9ng d\u1ee5ng hai chi\u1ec1u. Ngo\u00e0i ra, vi\u1ec7c s\u1eed d\u1ee5ng v\u1eadt li\u1ec7u ch\u1ea5t l\u01b0\u1ee3ng cao \u0111\u1ea3m b\u1ea3o r\u1eb1ng c\u00e1c xi lanh n\u00e0y \u0111\u00e1ng tin c\u1eady v\u00e0 an to\u00e0n khi s\u1eed d\u1ee5ng.<\/p>\n<ul>\n<li style=\"list-style-type: none;\">\n<ul>\n<li>\u0110\u1ed9 b\u1ec1n t\u0103ng l\u00ean<\/li>\n<\/ul>\n<\/li>\n<\/ul>\n<p>Xi lanh lo\u1ea1i ch\u1ed1t \u0111i\u1ec1u ch\u1ec9nh \u0111\u01b0\u1ee3c ch\u1ebf t\u1ea1o \u0111\u1ec3 b\u1ec1n b\u1ec9. Ch\u00fang \u0111\u01b0\u1ee3c l\u00e0m t\u1eeb v\u1eadt li\u1ec7u ch\u1ea5t l\u01b0\u1ee3ng cao, c\u00f3 th\u1ec3 ch\u1ecbu \u0111\u01b0\u1ee3c s\u1ef1 kh\u1eafc nghi\u1ec7t c\u1ee7a vi\u1ec7c s\u1eed d\u1ee5ng n\u1eb7ng nh\u1ecdc. \u0110i\u1ec1u n\u00e0y \u0111\u1eb7c bi\u1ec7t \u0111\u00fang v\u1edbi Xi lanh th\u1ee7y l\u1ef1c piston hai chi\u1ec1u hi\u1ec7u \u1ee9ng k\u00e9p t\u00f9y ch\u1ec9nh, \u0111\u01b0\u1ee3c thi\u1ebft k\u1ebf \u0111\u1ec3 ch\u1ecbu \u0111\u01b0\u1ee3c \u00e1p l\u1ef1c c\u1ee7a c\u00e1c \u1ee9ng d\u1ee5ng hai chi\u1ec1u. \u0110i\u1ec1u n\u00e0y \u0111\u1ea3m b\u1ea3o xi lanh s\u1ebd b\u1ec1n h\u01a1n v\u00e0 \u00edt c\u1ea7n thay th\u1ebf h\u01a1n, gi\u00fap ti\u1ebft ki\u1ec7m chi ph\u00ed theo th\u1eddi gian.<\/p>\n<ul>\n<li style=\"list-style-type: none;\">\n<ul>\n<li>Hi\u1ec7u su\u1ea5t \u0111\u01b0\u1ee3c c\u1ea3i thi\u1ec7n<\/li>\n<\/ul>\n<\/li>\n<\/ul>\n<p>Xi lanh ki\u1ec3u ch\u1ed1t \u0111i\u1ec1u ch\u1ec9nh \u0111\u01b0\u1ee3c thi\u1ebft k\u1ebf \u0111\u1ec3 t\u1ed1i \u01b0u h\u00f3a hi\u1ec7u su\u1ea5t. Kh\u1ea3 n\u0103ng \u0111i\u1ec1u ch\u1ec9nh \u0111i\u1ec3m l\u1eafp \u0111\u1eb7t cho ph\u00e9p ki\u1ec3m so\u00e1t t\u1ea3i tr\u1ecdng t\u1ed1t h\u01a1n, t\u1eeb \u0111\u00f3 c\u1ea3i thi\u1ec7n hi\u1ec7u su\u1ea5t. \u0110i\u1ec1u n\u00e0y \u0111\u1eb7c bi\u1ec7t quan tr\u1ecdng \u0111\u1ed1i v\u1edbi Xi lanh th\u1ee7y l\u1ef1c piston hai chi\u1ec1u hi\u1ec7u \u1ee9ng k\u00e9p t\u00f9y ch\u1ec9nh, c\u00f3 th\u1ec3 \u0111\u01b0\u1ee3c t\u1ed1i \u01b0u h\u00f3a \u0111\u1ec3 c\u1ea3i thi\u1ec7n hi\u1ec7u su\u1ea5t trong c\u00e1c \u1ee9ng d\u1ee5ng hai chi\u1ec1u. Ngo\u00e0i ra, vi\u1ec7c s\u1eed d\u1ee5ng v\u1eadt li\u1ec7u ch\u1ea5t l\u01b0\u1ee3ng cao \u0111\u1ea3m b\u1ea3o c\u00e1c xi lanh n\u00e0y ho\u1ea1t \u0111\u1ed9ng t\u1ed1t nh\u1ea5t trong th\u1eddi gian d\u00e0i h\u01a1n.<\/p>\n<p>T\u00f3m l\u1ea1i, vi\u1ec7c s\u1eed d\u1ee5ng Xi lanh th\u1ee7y l\u1ef1c ki\u1ec3u ch\u1ed1t \u0111i\u1ec1u ch\u1ec9nh, c\u1ee5 th\u1ec3 l\u00e0 Xi lanh th\u1ee7y l\u1ef1c piston hai chi\u1ec1u hi\u1ec7u \u1ee9ng k\u00e9p t\u00f9y ch\u1ec9nh, mang l\u1ea1i nhi\u1ec1u l\u1ee3i \u00edch. Nh\u1eefng xi lanh n\u00e0y linh ho\u1ea1t, hi\u1ec7u qu\u1ea3, an to\u00e0n, b\u1ec1n b\u1ec9 v\u00e0 c\u1ea3i thi\u1ec7n hi\u1ec7u su\u1ea5t. V\u1edbi kh\u1ea3 n\u0103ng t\u00f9y ch\u1ec9nh \u0111\u1ec3 ph\u00f9 h\u1ee3p v\u1edbi c\u00e1c tr\u01b0\u1eddng h\u1ee3p s\u1eed d\u1ee5ng c\u1ee5 th\u1ec3, nh\u1eefng xi lanh n\u00e0y l\u00e0 l\u1ef1a ch\u1ecdn tuy\u1ec7t v\u1eddi cho b\u1ea5t k\u1ef3 \u1ee9ng d\u1ee5ng h\u1ea1ng n\u1eb7ng n\u00e0o.<\/p>\n<h3>Gi\u1edbi thi\u1ec7u v\u1ec1 FMP \u2013 Nh\u00e0 cung c\u1ea5p xi lanh th\u1ee7y l\u1ef1c chuy\u00ean nghi\u1ec7p c\u1ee7a b\u1ea1n<\/h3>\n<p>T\u1ea1i FMP, ch\u00fang t\u00f4i chuy\u00ean b\u00e1n v\u00e0 b\u1ea3o d\u01b0\u1ee1ng ph\u1ee5 t\u00f9ng m\u00e1y m\u00f3c x\u00e2y d\u1ef1ng v\u00e0 m\u00e1y m\u00f3c ho\u00e0n ch\u1ec9nh, v\u00e0 t\u1ef1 h\u00e0o l\u00e0 nh\u00e0 cung c\u1ea5p h\u00e0ng \u0111\u1ea7u c\u00e1c lo\u1ea1i xi lanh th\u1ee7y l\u1ef1c ch\u1ea5t l\u01b0\u1ee3ng cao v\u00e0 \u0111\u00e1ng tin c\u1eady. D\u01b0\u1edbi \u0111\u00e2y l\u00e0 m\u1ed9t v\u00e0i l\u00fd do t\u1ea1i sao ch\u00fang t\u00f4i tin r\u1eb1ng xi lanh th\u1ee7y l\u1ef1c c\u1ee7a ch\u00fang t\u00f4i l\u00e0 t\u1ed1t nh\u1ea5t tr\u00ean th\u1ecb tr\u01b0\u1eddng:<\/p>\n<p>1. K\u1ef9 thu\u1eadt ch\u00ednh x\u00e1c \u2013 Xi lanh th\u1ee7y l\u1ef1c c\u1ee7a ch\u00fang t\u00f4i \u0111\u01b0\u1ee3c thi\u1ebft k\u1ebf v\u1edbi k\u1ef9 thu\u1eadt ch\u00ednh x\u00e1c, \u0111\u1ea3m b\u1ea3o \u0111\u1ed9 b\u1ec1n v\u00e0 \u0111\u1ed9 tin c\u1eady ngay c\u1ea3 trong nh\u1eefng \u0111i\u1ec1u ki\u1ec7n kh\u1eafc nghi\u1ec7t nh\u1ea5t.<\/p>\n<p>2. \u1ee8ng d\u1ee5ng r\u1ed9ng r\u00e3i \u2013 Xi lanh th\u1ee7y l\u1ef1c c\u1ee7a ch\u00fang t\u00f4i c\u00f3 th\u1ec3 \u0111\u01b0\u1ee3c s\u1eed d\u1ee5ng trong nhi\u1ec1u \u1ee9ng d\u1ee5ng, bao g\u1ed3m m\u00e1y m\u00f3c n\u00f4ng nghi\u1ec7p, thi\u1ebft b\u1ecb c\u00f4ng nghi\u1ec7p v\u00e0 m\u00e1y m\u00f3c x\u00e2y d\u1ef1ng.<\/p>\n<p>3. Thi\u1ebft k\u1ebf t\u00f9y ch\u1ec9nh \u2013 Ch\u00fang t\u00f4i c\u00f3 th\u1ec3 t\u00f9y ch\u1ec9nh thi\u1ebft k\u1ebf xi lanh th\u1ee7y l\u1ef1c \u0111\u1ec3 \u0111\u00e1p \u1ee9ng nhu c\u1ea7u c\u1ee5 th\u1ec3 c\u1ee7a kh\u00e1ch h\u00e0ng, \u0111\u1ea3m b\u1ea3o r\u1eb1ng h\u1ecd c\u00f3 \u0111\u01b0\u1ee3c hi\u1ec7u su\u1ea5t t\u1ed1t nh\u1ea5t c\u00f3 th\u1ec3 t\u1eeb s\u1ea3n ph\u1ea9m c\u1ee7a ch\u00fang t\u00f4i.<\/p>\n<p>4. V\u1eadt li\u1ec7u ch\u1ea5t l\u01b0\u1ee3ng cao \u2013 Ch\u00fang t\u00f4i ch\u1ec9 s\u1eed d\u1ee5ng nh\u1eefng v\u1eadt li\u1ec7u ch\u1ea5t l\u01b0\u1ee3ng cao nh\u1ea5t trong qu\u00e1 tr\u00ecnh s\u1ea3n xu\u1ea5t xi lanh th\u1ee7y l\u1ef1c, \u0111\u1ea3m b\u1ea3o ch\u00fang c\u00f3 th\u1ec3 ch\u1ecbu \u0111\u01b0\u1ee3c s\u1ef1 hao m\u00f2n theo th\u1eddi gian.<\/p>\n<p>5. H\u1ed7 tr\u1ee3 kh\u00e1ch h\u00e0ng xu\u1ea5t s\u1eafc \u2013 T\u1ea1i FMP, ch\u00fang t\u00f4i t\u1ef1 h\u00e0o cung c\u1ea5p d\u1ecbch v\u1ee5 h\u1ed7 tr\u1ee3 kh\u00e1ch h\u00e0ng xu\u1ea5t s\u1eafc cho t\u1ea5t c\u1ea3 kh\u00e1ch h\u00e0ng. T\u1eeb t\u01b0 v\u1ea5n s\u1ea3n ph\u1ea9m \u0111\u1ebfn g\u1ee3i \u00fd mua h\u00e0ng th\u00f4ng minh, \u0111\u1ed9i ng\u0169 b\u00e1n h\u00e0ng gi\u00e0u kinh nghi\u1ec7m c\u1ee7a ch\u00fang t\u00f4i lu\u00f4n s\u1eb5n s\u00e0ng h\u1ed7 tr\u1ee3.<\/p>\n<p>V\u00ec v\u1eady, n\u1ebfu b\u1ea1n \u0111ang t\u00ecm ki\u1ebfm m\u1ed9t nh\u00e0 cung c\u1ea5p xi lanh th\u1ee7y l\u1ef1c \u0111\u00e1ng tin c\u1eady v\u00e0 b\u1ec1n b\u1ec9, h\u00e3y \u0111\u1ebfn v\u1edbi FMP. Li\u00ean h\u1ec7 v\u1edbi ch\u00fang t\u00f4i ngay h\u00f4m nay \u0111\u1ec3 t\u00ecm hi\u1ec3u th\u00eam v\u1ec1 c\u00e1c s\u1ea3n ph\u1ea9m v\u00e0 d\u1ecbch v\u1ee5 c\u1ee7a ch\u00fang t\u00f4i, c\u0169ng nh\u01b0 c\u00e1ch ch\u00fang t\u00f4i c\u00f3 th\u1ec3 gi\u00fap b\u1ea1n \u0111\u00e1p \u1ee9ng nhu c\u1ea7u v\u1ec1 m\u00e1y m\u00f3c x\u00e2y d\u1ef1ng!<\/p>\n<p><img decoding=\"async\" src=\"https:\/\/fmp-components.com\/wp-content\/uploads\/2024\/12\/Adjustable-Clevis-Type-Cylinders-6.webp\" alt=\"Xi lanh lo\u1ea1i Clevis c\u00f3 th\u1ec3 \u0111i\u1ec1u ch\u1ec9nh\" width=\"844\" title=\"\"><\/p>\n<h2>C\u00e2u h\u1ecfi th\u01b0\u1eddng g\u1eb7p<\/h2>\n<ol>\n<li><strong>Q: B\u1ea1n l\u00e0 c\u00f4ng ty th\u01b0\u01a1ng m\u1ea1i hay nh\u00e0 s\u1ea3n xu\u1ea5t?<\/strong>A: Ch\u00fang t\u00f4i l\u00e0 m\u1ed9t nh\u00e0 m\u00e1y.<\/li>\n<li><strong>Q: Th\u1eddi gian giao h\u00e0ng c\u1ee7a b\u1ea1n l\u00e0 bao l\u00e2u?<\/strong>A: Th\u00f4ng th\u01b0\u1eddng, ph\u1ea3i m\u1ea5t 25-35 ng\u00e0y.<\/li>\n<li><strong>H: B\u1ea1n c\u00f3 cung c\u1ea5p m\u1eabu th\u1eed kh\u00f4ng? M\u1eabu mi\u1ec5n ph\u00ed hay t\u00ednh th\u00eam ph\u00ed?<\/strong>A: C\u00f3, ch\u00fang t\u00f4i c\u00f3 th\u1ec3 cung c\u1ea5p m\u1eabu nh\u01b0ng kh\u00f4ng mi\u1ec5n ph\u00ed.<\/li>\n<\/ol>\n<p>T\u00e1c gi\u1ea3: CX<\/p>","protected":false},"excerpt":{"rendered":"<p>Customized Two Way Double Effect Hydraulic Piston CylinderThe Customized Two Way Double Effect Hydraulic Piston Cylinder is a high-quality product designed to meet the demands of various industrial applications. With its advanced hydraulic technology, this piston cylinder offers superior performance and reliability. Featuring a two-way, double-effect design, this hydraulic piston cylinder allows for efficient and [&hellip;]<\/p>","protected":false},"featured_media":1533,"comment_status":"closed","ping_status":"closed","template":"","meta":{"_et_pb_use_builder":"","_et_pb_old_content":"","_et_gb_content_width":""},"product_brand":[],"product_cat":[42],"product_tag":[34,44],"class_list":{"0":"post-1532","1":"product","2":"type-product","3":"status-publish","4":"has-post-thumbnail","6":"product_cat-snow-plow-hydraulic-cylinder","7":"product_tag-hydraulic-cylinder","8":"product_tag-snow-plow-hydraulic-cylinder","10":"first","11":"instock","12":"product-type-simple"},"_links":{"self":[{"href":"https:\/\/fmp-components.com\/vi\/wp-json\/wp\/v2\/product\/1532","targetHints":{"allow":["GET"]}}],"collection":[{"href":"https:\/\/fmp-components.com\/vi\/wp-json\/wp\/v2\/product"}],"about":[{"href":"https:\/\/fmp-components.com\/vi\/wp-json\/wp\/v2\/types\/product"}],"replies":[{"embeddable":true,"href":"https:\/\/fmp-components.com\/vi\/wp-json\/wp\/v2\/comments?post=1532"}],"wp:featuredmedia":[{"embeddable":true,"href":"https:\/\/fmp-components.com\/vi\/wp-json\/wp\/v2\/media\/1533"}],"wp:attachment":[{"href":"https:\/\/fmp-components.com\/vi\/wp-json\/wp\/v2\/media?parent=1532"}],"wp:term":[{"taxonomy":"product_brand","embeddable":true,"href":"https:\/\/fmp-components.com\/vi\/wp-json\/wp\/v2\/product_brand?post=1532"},{"taxonomy":"product_cat","embeddable":true,"href":"https:\/\/fmp-components.com\/vi\/wp-json\/wp\/v2\/product_cat?post=1532"},{"taxonomy":"product_tag","embeddable":true,"href":"https:\/\/fmp-components.com\/vi\/wp-json\/wp\/v2\/product_tag?post=1532"}],"curies":[{"name":"wp","href":"https:\/\/api.w.org\/{rel}","templated":true}]}}