{"id":1526,"date":"2024-12-23T05:51:36","date_gmt":"2024-12-23T05:51:36","guid":{"rendered":"https:\/\/fmp-components.com\/product\/competitive-price-welded-double-effect-hydraulic-piston-cylinder\/"},"modified":"2024-12-23T06:03:51","modified_gmt":"2024-12-23T06:03:51","slug":"competitive-price-welded-double-effect-hydraulic-piston-cylinder","status":"publish","type":"product","link":"https:\/\/fmp-components.com\/vi\/product\/competitive-price-welded-double-effect-hydraulic-piston-cylinder\/","title":{"rendered":"Xi lanh piston th\u1ee7y l\u1ef1c hi\u1ec7u \u1ee9ng k\u00e9p h\u00e0n gi\u00e1 c\u1ea1nh tranh"},"content":{"rendered":"<p>Xi lanh th\u1ee7y l\u1ef1c piston hi\u1ec7u \u1ee9ng k\u00e9p h\u00e0n gi\u00e1 c\u1ea1nh tranhXi lanh th\u1ee7y l\u1ef1c piston hi\u1ec7u \u1ee9ng k\u00e9p h\u00e0n gi\u00e1 c\u1ea1nh tranh l\u00e0 xi lanh th\u1ee7y l\u1ef1c ch\u1ea5t l\u01b0\u1ee3ng cao \u0111\u01b0\u1ee3c thi\u1ebft k\u1ebf cho nhi\u1ec1u \u1ee9ng d\u1ee5ng c\u00f4ng nghi\u1ec7p kh\u00e1c nhau. Xi lanh piston th\u1ee7y l\u1ef1c n\u00e0y c\u00f3 thi\u1ebft k\u1ebf h\u00e0n v\u00e0 ho\u1ea1t \u0111\u1ed9ng t\u00e1c \u0111\u1ed9ng k\u00e9p, mang l\u1ea1i hi\u1ec7u su\u1ea5t v\u00e0 \u0111\u1ed9 tin c\u1eady t\u1ed1i \u01b0u.<\/p>\n<p>Xy lanh \u0111\u01b0\u1ee3c l\u00e0m t\u1eeb v\u1eadt li\u1ec7u ch\u1ea5t l\u01b0\u1ee3ng cao v\u00e0 \u0111\u01b0\u1ee3c thi\u1ebft k\u1ebf \u0111\u1ec3 ch\u1ecbu \u0111\u01b0\u1ee3c \u00e1p su\u1ea5t cao v\u00e0 t\u1ea3i tr\u1ecdng n\u1eb7ng, l\u00fd t\u01b0\u1edfng \u0111\u1ec3 s\u1eed d\u1ee5ng trong m\u00f4i tr\u01b0\u1eddng c\u00f4ng nghi\u1ec7p kh\u1eafc nghi\u1ec7t. P\u00edt-t\u00f4ng \u0111\u01b0\u1ee3c gia c\u00f4ng ch\u00ednh x\u00e1c v\u00e0 c\u00f3 c\u1ea5u tr\u00fac b\u1ec1n b\u1ec9, \u0111\u1ea3m b\u1ea3o ho\u1ea1t \u0111\u1ed9ng tr\u01a1n tru v\u00e0 \u1ed5n \u0111\u1ecbnh trong su\u1ed1t th\u1eddi gian s\u1eed d\u1ee5ng l\u00e2u d\u00e0i.<\/p>\n<p><img decoding=\"async\" title=\"Xi lanh th\u1ee7y l\u1ef1c m\u00e1y c\u00e0y tuy\u1ebft\" src=\"https:\/\/hzpt.com\/wp-content\/uploads\/2023\/11\/Snow-Plow-Hydraulic-Cylinder-3.webp\" alt=\"Xi lanh th\u1ee7y l\u1ef1c m\u00e1y c\u00e0y tuy\u1ebft\" \/><\/p>\n<p>Xi lanh th\u1ee7y l\u1ef1c n\u00e0y d\u1ec5 l\u1eafp \u0111\u1eb7t v\u00e0 b\u1ea3o tr\u00ec, t\u01b0\u01a1ng th\u00edch v\u1edbi nhi\u1ec1u h\u1ec7 th\u1ed1ng th\u1ee7y l\u1ef1c. S\u1ea3n ph\u1ea9m c\u0169ng c\u00f3 kh\u1ea3 n\u0103ng t\u00f9y ch\u1ec9nh cao, v\u1edbi nhi\u1ec1u t\u00f9y ch\u1ecdn l\u1eafp \u0111\u1eb7t v\u00e0 chi\u1ec1u d\u00e0i h\u00e0nh tr\u00ecnh kh\u00e1c nhau \u0111\u1ec3 ph\u00f9 h\u1ee3p v\u1edbi y\u00eau c\u1ea7u c\u1ee5 th\u1ec3 c\u1ee7a b\u1ea1n.<\/p>\n<p>Nh\u00ecn chung, Xi lanh th\u1ee7y l\u1ef1c piston hi\u1ec7u \u1ee9ng k\u00e9p h\u00e0n gi\u00e1 c\u1ea3 c\u1ea1nh tranh l\u00e0 m\u1ed9t xi lanh th\u1ee7y l\u1ef1c ch\u1ea5t l\u01b0\u1ee3ng h\u00e0ng \u0111\u1ea7u, mang l\u1ea1i hi\u1ec7u su\u1ea5t, \u0111\u1ed9 tin c\u1eady v\u00e0 gi\u00e1 tr\u1ecb v\u01b0\u1ee3t tr\u1ed9i. Cho d\u00f9 b\u1ea1n c\u1ea7n m\u1ed9t xi lanh th\u1ee7y l\u1ef1c cho c\u00e1c \u1ee9ng d\u1ee5ng c\u00f4ng nghi\u1ec7p, n\u00f4ng nghi\u1ec7p hay di \u0111\u1ed9ng, s\u1ea3n ph\u1ea9m n\u00e0y ch\u1eafc ch\u1eafn s\u1ebd \u0111\u00e1p \u1ee9ng nhu c\u1ea7u v\u00e0 v\u01b0\u1ee3t xa mong \u0111\u1ee3i c\u1ee7a b\u1ea1n.<\/p>\n<div>\n<h2>T\u00ednh n\u0103ng s\u1ea3n ph\u1ea9m<\/h2>\n<ul>\n<li>\u0110\u01b0\u1ee3c l\u00e0m b\u1eb1ng th\u00e9p ch\u1eafc ch\u1eafn cho hi\u1ec7u su\u1ea5t tuy\u1ec7t v\u1eddi<\/li>\n<li>C\u1ea5u tr\u00fac chu\u1ea9n<\/li>\n<li>L\u1ef1c \u0111\u1ea9y t\u1ed1i \u0111a 3000<\/li>\n<li>L\u1ef1c k\u00e9o t\u1ed1i \u0111a 20 t\u1ea5n<\/li>\n<li>B\u1ea3o h\u00e0nh 1 n\u0103m<\/li>\n<\/ul>\n<\/div>\n<div>\n<h3>Th\u00f4ng s\u1ed1 k\u1ef9 thu\u1eadt<\/h3>\n<ul>\n<li>K\u00edch th\u01b0\u1edbc l\u1ed7 khoan: 2-6 inch<\/li>\n<li>K\u00edch th\u01b0\u1edbc thanh: 1,125-4 inch<\/li>\n<li>K\u00edch th\u01b0\u1edbc n\u00e9t: 4-100 inch<\/li>\n<li>K\u00edch th\u01b0\u1edbc ch\u1ed1t: 0,5-2 inch<\/li>\n<li>C\u1ed5ng: G\/SAE\/NPT\/M<\/li>\n<\/ul>\n<\/div>\n<div style=\"text-align: center;\"><\/div>\n<div style=\"text-align: center;\"><img decoding=\"async\" title=\"Xi lanh th\u1ee7y l\u1ef1c m\u00e1y c\u00e0y tuy\u1ebft\" src=\"https:\/\/hzpt.com\/wp-content\/uploads\/2023\/11\/Snow-Plow-Hydraulic-Cylinder-2.webp\" alt=\"Xi lanh th\u1ee7y l\u1ef1c m\u00e1y c\u00e0y tuy\u1ebft\" \/><\/div>\n<div style=\"text-align: center;\"><\/div>\n<div>\n<p>&nbsp;<\/p>\n<\/div>\n<h2>\u01afu \u0111i\u1ec3m c\u1ee7a xi lanh lo\u1ea1i ch\u1ed1t c\u00f3 th\u1ec3 \u0111i\u1ec1u ch\u1ec9nh<\/h2>\n<ul>\n<li style=\"list-style-type: none;\">\n<ul>\n<li>T\u0103ng t\u00ednh linh ho\u1ea1t v\u00e0 \u0111\u1ed9 ch\u00ednh x\u00e1c trong v\u1eadn h\u00e0nh thi\u1ebft b\u1ecb<\/li>\n<\/ul>\n<\/li>\n<\/ul>\n<p>Xi lanh lo\u1ea1i ch\u1ed1t \u0111i\u1ec1u ch\u1ec9nh mang l\u1ea1i \u0111\u1ed9 linh ho\u1ea1t v\u00e0 \u0111\u1ed9 ch\u00ednh x\u00e1c cao trong v\u1eadn h\u00e0nh thi\u1ebft b\u1ecb, cho ph\u00e9p \u0111\u1ecbnh v\u1ecb v\u00e0 ki\u1ec3m so\u00e1t chuy\u1ec3n \u0111\u1ed9ng ch\u00ednh x\u00e1c h\u01a1n. \u0110i\u1ec1u n\u00e0y l\u00e0 do kh\u1ea3 n\u0103ng \u0111i\u1ec1u ch\u1ec9nh chi\u1ec1u d\u00e0i c\u1ee7a xi lanh, c\u00f3 th\u1ec3 th\u1ef1c hi\u1ec7n d\u1ec5 d\u00e0ng v\u00e0 nhanh ch\u00f3ng m\u00e0 kh\u00f4ng c\u1ea7n ph\u1ea3i th\u00e1o to\u00e0n b\u1ed9 xi lanh ra kh\u1ecfi thi\u1ebft b\u1ecb. T\u00ednh linh ho\u1ea1t v\u00e0 \u0111\u1ed9 ch\u00ednh x\u00e1c \u0111\u01b0\u1ee3c c\u1ea3i thi\u1ec7n n\u00e0y c\u00f3 th\u1ec3 d\u1eabn \u0111\u1ebfn t\u0103ng n\u0103ng su\u1ea5t v\u00e0 hi\u1ec7u qu\u1ea3 trong quy tr\u00ecnh s\u1ea3n xu\u1ea5t.<\/p>\n<ul>\n<li style=\"list-style-type: none;\">\n<ul>\n<li>\u0110\u1ed9 b\u1ec1n v\u00e0 hi\u1ec7u su\u1ea5t \u0111\u01b0\u1ee3c c\u1ea3i thi\u1ec7n<\/li>\n<\/ul>\n<\/li>\n<\/ul>\n<p>Xi lanh lo\u1ea1i ch\u1ed1t \u0111i\u1ec1u ch\u1ec9nh \u0111\u01b0\u1ee3c thi\u1ebft k\u1ebf \u0111\u1ec3 ch\u1ecbu \u0111\u01b0\u1ee3c t\u1ea3i tr\u1ecdng n\u1eb7ng v\u00e0 m\u00f4i tr\u01b0\u1eddng v\u1eadn h\u00e0nh kh\u1eafc nghi\u1ec7t. Ch\u00fang th\u01b0\u1eddng \u0111\u01b0\u1ee3c ch\u1ebf t\u1ea1o t\u1eeb v\u1eadt li\u1ec7u ch\u1ea5t l\u01b0\u1ee3ng cao nh\u01b0 th\u00e9p ho\u1eb7c nh\u00f4m, mang l\u1ea1i kh\u1ea3 n\u0103ng ch\u1ed1ng m\u00e0i m\u00f2n, m\u00e0i m\u00f2n v\u00e0 \u0103n m\u00f2n tuy\u1ec7t v\u1eddi. Ngo\u00e0i ra, c\u00e1c xi lanh n\u00e0y th\u01b0\u1eddng c\u00f3 t\u00e1c \u0111\u1ed9ng k\u00e9p, ngh\u0129a l\u00e0 ch\u00fang c\u00f3 th\u1ec3 t\u00e1c \u0111\u1ed9ng l\u1ef1c theo c\u1ea3 hai h\u01b0\u1edbng. T\u00ednh n\u0103ng n\u00e0y cho ph\u00e9p thi\u1ebft b\u1ecb di chuy\u1ec3n ch\u00ednh x\u00e1c v\u00e0 hi\u1ec7u qu\u1ea3 h\u01a1n, gi\u00fap c\u1ea3i thi\u1ec7n \u0111\u1ed9 b\u1ec1n v\u00e0 hi\u1ec7u su\u1ea5t t\u1ed5ng th\u1ec3.<\/p>\n<ul>\n<li style=\"list-style-type: none;\">\n<ul>\n<li>T\u0103ng c\u01b0\u1eddng an to\u00e0n v\u00e0 \u1ed5n \u0111\u1ecbnh<\/li>\n<\/ul>\n<\/li>\n<\/ul>\n<p>Xi lanh lo\u1ea1i ch\u1ed1t \u0111i\u1ec1u ch\u1ec9nh \u0111\u01b0\u1ee3c thi\u1ebft k\u1ebf ch\u00fa tr\u1ecdng \u0111\u1ebfn s\u1ef1 an to\u00e0n v\u00e0 \u1ed5n \u0111\u1ecbnh. Ch\u00fang th\u01b0\u1eddng \u0111\u01b0\u1ee3c trang b\u1ecb c\u00e1c t\u00ednh n\u0103ng an to\u00e0n nh\u01b0 \u0111ai \u1ed1c kh\u00f3a ho\u1eb7c c\u01a1 c\u1ea5u kh\u00f3a \u0111\u1ec3 ng\u0103n ng\u1eeba s\u1ef1 d\u1ecbch chuy\u1ec3n ho\u1eb7c ng\u1eaft k\u1ebft n\u1ed1i ng\u1eabu nhi\u00ean. Ngo\u00e0i ra, c\u00e1c xi lanh n\u00e0y th\u01b0\u1eddng \u0111\u01b0\u1ee3c s\u1eed d\u1ee5ng trong c\u00e1c \u1ee9ng d\u1ee5ng \u0111\u00f2i h\u1ecfi s\u1ef1 \u1ed5n \u0111\u1ecbnh cao, ch\u1eb3ng h\u1ea1n nh\u01b0 m\u00e1y m\u00f3c h\u1ea1ng n\u1eb7ng ho\u1eb7c thi\u1ebft b\u1ecb c\u00f4ng nghi\u1ec7p. T\u00ednh n\u0103ng \u0111i\u1ec1u ch\u1ec9nh cho ph\u00e9p \u0111\u1ecbnh v\u1ecb ch\u00ednh x\u00e1c, gi\u00fap ng\u0103n ng\u1eeba tai n\u1ea1n v\u00e0 th\u01b0\u01a1ng t\u00edch t\u1ea1i n\u01a1i l\u00e0m vi\u1ec7c.<\/p>\n<ul>\n<li style=\"list-style-type: none;\">\n<ul>\n<li>Gi\u00e1 c\u1ea3 c\u1ea1nh tranh v\u00e0 hi\u1ec7u qu\u1ea3 v\u1ec1 m\u1eb7t chi ph\u00ed<\/li>\n<\/ul>\n<\/li>\n<\/ul>\n<p>Xi lanh lo\u1ea1i ch\u1ed1t \u0111i\u1ec1u ch\u1ec9nh \u0111\u01b0\u1ee3c cung c\u1ea5p m\u1ed9t gi\u1ea3i ph\u00e1p ti\u1ebft ki\u1ec7m chi ph\u00ed cho c\u00e1c nh\u00e0 s\u1ea3n xu\u1ea5t v\u00e0 v\u1eadn h\u00e0nh thi\u1ebft b\u1ecb. Ch\u00fang th\u01b0\u1eddng c\u00f3 gi\u00e1 c\u1ea3 c\u1ea1nh tranh khi so s\u00e1nh v\u1edbi c\u00e1c lo\u1ea1i xi lanh kh\u00e1c, ch\u1eb3ng h\u1ea1n nh\u01b0 xi lanh piston th\u1ee7y l\u1ef1c hi\u1ec7u \u1ee9ng k\u00e9p h\u00e0n. \u0110i\u1ec1u n\u00e0y khi\u1ebfn ch\u00fang tr\u1edf th\u00e0nh m\u1ed9t l\u1ef1a ch\u1ecdn h\u1ea5p d\u1eabn cho nh\u1eefng ai mu\u1ed1n gi\u1ea3m chi ph\u00ed m\u00e0 kh\u00f4ng \u1ea3nh h\u01b0\u1edfng \u0111\u1ebfn hi\u1ec7u su\u1ea5t. Ngo\u00e0i ra, t\u00ednh n\u0103ng \u0111i\u1ec1u ch\u1ec9nh \u0111\u01b0\u1ee3c c\u1ee7a c\u00e1c xi lanh n\u00e0y c\u00f3 th\u1ec3 gi\u00fap gi\u1ea3m th\u1eddi gian ng\u1eebng ho\u1ea1t \u0111\u1ed9ng c\u1ee7a thi\u1ebft b\u1ecb v\u00e0 chi ph\u00ed b\u1ea3o tr\u00ec, t\u1eeb \u0111\u00f3 t\u0103ng th\u00eam hi\u1ec7u qu\u1ea3 chi ph\u00ed.<\/p>\n<p>Nh\u00ecn chung, nh\u1eefng \u01b0u \u0111i\u1ec3m c\u1ee7a xi lanh lo\u1ea1i ch\u1ed1t \u0111i\u1ec1u ch\u1ec9nh khi\u1ebfn ch\u00fang tr\u1edf th\u00e0nh l\u1ef1a ch\u1ecdn ph\u1ed5 bi\u1ebfn cho c\u00e1c nh\u00e0 s\u1ea3n xu\u1ea5t v\u00e0 v\u1eadn h\u00e0nh thi\u1ebft b\u1ecb. T\u00ednh linh ho\u1ea1t, \u0111\u1ed9 b\u1ec1n, t\u00ednh n\u0103ng an to\u00e0n v\u00e0 hi\u1ec7u qu\u1ea3 chi ph\u00ed c\u1ee7a ch\u00fang khi\u1ebfn ch\u00fang tr\u1edf th\u00e0nh m\u1ed9t l\u1ef1a ch\u1ecdn tuy\u1ec7t v\u1eddi cho nhi\u1ec1u \u1ee9ng d\u1ee5ng. V\u1edbi kh\u1ea3 n\u0103ng \u0111i\u1ec1u ch\u1ec9nh chi\u1ec1u d\u00e0i xi lanh, nh\u1eefng xi lanh n\u00e0y mang l\u1ea1i \u0111\u1ed9 ch\u00ednh x\u00e1c v\u00e0 kh\u1ea3 n\u0103ng ki\u1ec3m so\u00e1t chuy\u1ec3n \u0111\u1ed9ng c\u1ee7a thi\u1ebft b\u1ecb \u0111\u01b0\u1ee3c c\u1ea3i thi\u1ec7n, t\u1eeb \u0111\u00f3 n\u00e2ng cao n\u0103ng su\u1ea5t v\u00e0 hi\u1ec7u qu\u1ea3. Ngo\u00e0i ra, c\u00e1c t\u00ednh n\u0103ng an to\u00e0n v\u00e0 \u0111\u1ed9 \u1ed5n \u0111\u1ecbnh c\u1ee7a ch\u00fang khi\u1ebfn ch\u00fang tr\u1edf th\u00e0nh m\u1ed9t l\u1ef1a ch\u1ecdn \u0111\u00e1ng tin c\u1eady cho nh\u1eefng ng\u01b0\u1eddi l\u00e0m vi\u1ec7c tr\u00ean m\u00e1y m\u00f3c h\u1ea1ng n\u1eb7ng ho\u1eb7c thi\u1ebft b\u1ecb c\u00f4ng nghi\u1ec7p. V\u00e0 v\u1edbi gi\u00e1 c\u1ea3 c\u1ea1nh tranh, xi lanh lo\u1ea1i ch\u1ed1t \u0111i\u1ec1u ch\u1ec9nh mang \u0111\u1ebfn m\u1ed9t gi\u1ea3i ph\u00e1p ti\u1ebft ki\u1ec7m chi ph\u00ed cho nh\u1eefng ai mu\u1ed1n gi\u1ea3m chi ph\u00ed m\u00e0 kh\u00f4ng \u1ea3nh h\u01b0\u1edfng \u0111\u1ebfn hi\u1ec7u su\u1ea5t.<\/p>\n<h3>Gi\u1edbi thi\u1ec7u v\u1ec1 FMP<\/h3>\n<p>FMP l\u00e0 m\u1ed9t c\u00f4ng ty chuy\u00ean s\u1ea3n xu\u1ea5t v\u00e0 kinh doanh xi lanh th\u1ee7y l\u1ef1c. T\u1ecda l\u1ea1c t\u1ea1i \u00dd, ch\u00fang t\u00f4i c\u00f3 nhi\u1ec1u n\u0103m kinh nghi\u1ec7m trong ng\u00e0nh v\u00e0 \u0111\u1ed9i ng\u0169 chuy\u00ean nghi\u1ec7p, t\u1eadn t\u00e2m cung c\u1ea5p cho kh\u00e1ch h\u00e0ng nh\u1eefng xi lanh th\u1ee7y l\u1ef1c ch\u1ea5t l\u01b0\u1ee3ng cao v\u00e0 \u0111\u00e1ng tin c\u1eady.<\/p>\n<p><img decoding=\"async\" src=\"https:\/\/fmp-components.com\/wp-content\/uploads\/2024\/12\/Adjustable-Clevis-Type-Cylinders-6.webp\" alt=\"Xi lanh lo\u1ea1i Clevis c\u00f3 th\u1ec3 \u0111i\u1ec1u ch\u1ec9nh\" width=\"841\" title=\"\"><\/p>\n<p>Sau \u0111\u00e2y l\u00e0 n\u0103m l\u00fd do t\u1ea1i sao b\u1ea1n n\u00ean ch\u1ecdn xi lanh th\u1ee7y l\u1ef1c c\u1ee7a ch\u00fang t\u00f4i:<\/p>\n<ol>\n<li>Nhi\u1ec1u l\u1ef1a ch\u1ecdn: Ch\u00fang t\u00f4i cung c\u1ea5p nhi\u1ec1u lo\u1ea1i xi lanh th\u1ee7y l\u1ef1c, bao g\u1ed3m xi lanh lo\u1ea1i ch\u1ed1t c\u00f3 th\u1ec3 \u0111i\u1ec1u ch\u1ec9nh, mang l\u1ea1i s\u1ef1 linh ho\u1ea1t trong nhi\u1ec1u \u1ee9ng d\u1ee5ng kh\u00e1c nhau.<\/li>\n<li>Ch\u1ea5t l\u01b0\u1ee3ng v\u01b0\u1ee3t tr\u1ed9i: T\u1ea5t c\u1ea3 xi lanh th\u1ee7y l\u1ef1c c\u1ee7a ch\u00fang t\u00f4i \u0111\u1ec1u \u0111\u01b0\u1ee3c s\u1ea3n xu\u1ea5t theo ti\u00eau chu\u1ea9n ch\u1ea5t l\u01b0\u1ee3ng nghi\u00eam ng\u1eb7t, \u0111\u1ea3m b\u1ea3o \u0111\u1ed9 b\u1ec1n v\u00e0 hi\u1ec7u su\u1ea5t.<\/li>\n<li>T\u01b0 v\u1ea5n chuy\u00ean gia: \u0110\u1ed9i ng\u0169 b\u00e1n h\u00e0ng gi\u00e0u kinh nghi\u1ec7m c\u1ee7a ch\u00fang t\u00f4i c\u00f3 hi\u1ec3u bi\u1ebft v\u1ec1 ng\u00e0nh m\u00e1y m\u00f3c x\u00e2y d\u1ef1ng v\u00e0 c\u00f3 th\u1ec3 cung c\u1ea5p t\u01b0 v\u1ea5n s\u1ea3n ph\u1ea9m chuy\u00ean nghi\u1ec7p \u0111\u1ec3 \u0111\u00e1p \u1ee9ng nhu c\u1ea7u c\u1ee5 th\u1ec3 c\u1ee7a b\u1ea1n.<\/li>\n<li>G\u1ee3i \u00fd mua h\u00e0ng th\u00f4ng minh: Ch\u00fang t\u00f4i hi\u1ec3u nhu c\u1ea7u c\u1ee7a kh\u00e1ch h\u00e0ng v\u00e0 \u0111\u01b0a ra nh\u1eefng g\u1ee3i \u00fd mua h\u00e0ng th\u00f4ng minh \u0111\u1ec3 gi\u00fap b\u1ea1n \u0111\u01b0a ra quy\u1ebft \u0111\u1ecbnh s\u00e1ng su\u1ed1t.<\/li>\n<li>H\u1eadu c\u1ea7n hi\u1ec7u qu\u1ea3: V\u1edbi h\u1ec7 th\u1ed1ng ph\u00e2n ph\u1ed1i h\u1eadu c\u1ea7n hi\u1ec7u qu\u1ea3, ch\u00fang t\u00f4i \u0111\u1ea3m b\u1ea3o b\u1ea1n nh\u1eadn \u0111\u01b0\u1ee3c xi lanh th\u1ee7y l\u1ef1c c\u1ea7n thi\u1ebft m\u1ed9t c\u00e1ch k\u1ecbp th\u1eddi v\u00e0 ch\u00ednh x\u00e1c.<\/li>\n<\/ol>\n<p>T\u1ea1i FMP, ch\u00fang t\u00f4i lu\u00f4n n\u1ed7 l\u1ef1c v\u01b0\u1ee3t qua s\u1ef1 mong \u0111\u1ee3i c\u1ee7a kh\u00e1ch h\u00e0ng b\u1eb1ng nh\u1eefng xi lanh th\u1ee7y l\u1ef1c ch\u1ea5t l\u01b0\u1ee3ng h\u00e0ng \u0111\u1ea7u v\u00e0 d\u1ecbch v\u1ee5 xu\u1ea5t s\u1eafc. H\u00e3y li\u00ean h\u1ec7 v\u1edbi ch\u00fang t\u00f4i ngay h\u00f4m nay \u0111\u1ec3 \u0111\u01b0\u1ee3c \u0111\u00e1p \u1ee9ng m\u1ecdi nhu c\u1ea7u v\u1ec1 xi lanh th\u1ee7y l\u1ef1c c\u1ee7a b\u1ea1n!<\/p>\n<div style=\"text-align: center;\">\n<h2 style=\"text-align: left;\">C\u00e2u h\u1ecfi th\u01b0\u1eddng g\u1eb7p<\/h2>\n<\/div>\n<div>\n<h3>Q: B\u1ea1n l\u00e0 c\u00f4ng ty th\u01b0\u01a1ng m\u1ea1i hay nh\u00e0 s\u1ea3n xu\u1ea5t?<\/h3>\n<p>A: Ch\u00fang t\u00f4i l\u00e0 m\u1ed9t nh\u00e0 m\u00e1y.<\/p>\n<\/div>\n<div>\n<h3>Q: Th\u1eddi gian giao h\u00e0ng c\u1ee7a b\u1ea1n l\u00e0 bao l\u00e2u?<\/h3>\n<p>A: Th\u00f4ng th\u01b0\u1eddng l\u00e0 25-35 ng\u00e0y.<\/p>\n<\/div>\n<div>\n<h3>H: B\u1ea1n c\u00f3 cung c\u1ea5p m\u1eabu th\u1eed kh\u00f4ng? M\u1eabu mi\u1ec5n ph\u00ed hay t\u00ednh th\u00eam ph\u00ed?<\/h3>\n<p>A: C\u00f3, ch\u00fang t\u00f4i c\u00f3 th\u1ec3 cung c\u1ea5p m\u1eabu nh\u01b0ng kh\u00f4ng mi\u1ec5n ph\u00ed.<\/p>\n<\/div>\n<p>T\u00e1c gi\u1ea3: CX<\/p>","protected":false},"excerpt":{"rendered":"<p>Competitive Price Welded Double Effect Hydraulic Piston CylinderCompetitive Price Welded Double Effect Hydraulic Piston Cylinder is a high-quality hydraulic cylinder designed for various industrial applications. This hydraulic piston cylinder features a welded design and double-acting operation, providing optimal performance and reliability. The cylinder is made from premium quality materials and is designed to withstand high [&hellip;]<\/p>","protected":false},"featured_media":1527,"comment_status":"closed","ping_status":"closed","template":"","meta":{"_et_pb_use_builder":"","_et_pb_old_content":"","_et_gb_content_width":""},"product_brand":[],"product_cat":[42],"product_tag":[34,44],"class_list":{"0":"post-1526","1":"product","2":"type-product","3":"status-publish","4":"has-post-thumbnail","6":"product_cat-snow-plow-hydraulic-cylinder","7":"product_tag-hydraulic-cylinder","8":"product_tag-snow-plow-hydraulic-cylinder","10":"first","11":"instock","12":"product-type-simple"},"_links":{"self":[{"href":"https:\/\/fmp-components.com\/vi\/wp-json\/wp\/v2\/product\/1526","targetHints":{"allow":["GET"]}}],"collection":[{"href":"https:\/\/fmp-components.com\/vi\/wp-json\/wp\/v2\/product"}],"about":[{"href":"https:\/\/fmp-components.com\/vi\/wp-json\/wp\/v2\/types\/product"}],"replies":[{"embeddable":true,"href":"https:\/\/fmp-components.com\/vi\/wp-json\/wp\/v2\/comments?post=1526"}],"wp:featuredmedia":[{"embeddable":true,"href":"https:\/\/fmp-components.com\/vi\/wp-json\/wp\/v2\/media\/1527"}],"wp:attachment":[{"href":"https:\/\/fmp-components.com\/vi\/wp-json\/wp\/v2\/media?parent=1526"}],"wp:term":[{"taxonomy":"product_brand","embeddable":true,"href":"https:\/\/fmp-components.com\/vi\/wp-json\/wp\/v2\/product_brand?post=1526"},{"taxonomy":"product_cat","embeddable":true,"href":"https:\/\/fmp-components.com\/vi\/wp-json\/wp\/v2\/product_cat?post=1526"},{"taxonomy":"product_tag","embeddable":true,"href":"https:\/\/fmp-components.com\/vi\/wp-json\/wp\/v2\/product_tag?post=1526"}],"curies":[{"name":"wp","href":"https:\/\/api.w.org\/{rel}","templated":true}]}}