{"id":1522,"date":"2024-12-23T05:50:37","date_gmt":"2024-12-23T05:50:37","guid":{"rendered":"https:\/\/fmp-components.com\/product\/durable-snow-plow-piston-hydraulic-cylinder-double-acting-hydraulic-cylinder-your-ultimate-machinery-solution\/"},"modified":"2024-12-23T06:19:06","modified_gmt":"2024-12-23T06:19:06","slug":"durable-snow-plow-piston-hydraulic-cylinder-double-acting-hydraulic-cylinder-your-ultimate-machinery-solution","status":"publish","type":"product","link":"https:\/\/fmp-components.com\/vi\/product\/durable-snow-plow-piston-hydraulic-cylinder-double-acting-hydraulic-cylinder-your-ultimate-machinery-solution\/","title":{"rendered":"Xi lanh th\u1ee7y l\u1ef1c piston c\u00e0y tuy\u1ebft b\u1ec1n b\u1ec9 Xi lanh th\u1ee7y l\u1ef1c t\u00e1c \u0111\u1ed9ng k\u00e9p: Gi\u1ea3i ph\u00e1p m\u00e1y m\u00f3c t\u1ed1i \u01b0u c\u1ee7a b\u1ea1n"},"content":{"rendered":"<p>Xi lanh th\u1ee7y l\u1ef1c piston c\u00e0y tuy\u1ebft b\u1ec1n b\u1ec9, t\u00e1c \u0111\u1ed9ng k\u00e9p: Gi\u1ea3i ph\u00e1p m\u00e1y m\u00f3c t\u1ed1i \u01b0u c\u1ee7a b\u1ea1n. Xi lanh th\u1ee7y l\u1ef1c piston c\u00e0y tuy\u1ebft b\u1ec1n b\u1ec9, t\u00e1c \u0111\u1ed9ng k\u00e9p l\u00e0 gi\u1ea3i ph\u00e1p t\u1ed1i \u01b0u cho m\u1ecdi nhu c\u1ea7u m\u00e1y m\u00f3c c\u1ee7a b\u1ea1n. D\u00f9 b\u1ea1n \u0111ang c\u00e0y tuy\u1ebft hay l\u00e0m vi\u1ec7c t\u1ea1i c\u00f4ng tr\u01b0\u1eddng x\u00e2y d\u1ef1ng, xi lanh th\u1ee7y l\u1ef1c n\u00e0y \u0111\u01b0\u1ee3c thi\u1ebft k\u1ebf \u0111\u1ec3 mang l\u1ea1i hi\u1ec7u su\u1ea5t v\u00e0 \u0111\u1ed9 b\u1ec1n v\u01b0\u1ee3t tr\u1ed9i.<\/p>\n<p>\u0110\u01b0\u1ee3c ch\u1ebf t\u1ea1o t\u1eeb v\u1eadt li\u1ec7u ch\u1ea5t l\u01b0\u1ee3ng cao nh\u1ea5t, xi lanh th\u1ee7y l\u1ef1c n\u00e0y \u0111\u01b0\u1ee3c ch\u1ebf t\u1ea1o \u0111\u1ec3 b\u1ec1n b\u1ec9. Thi\u1ebft k\u1ebf t\u00e1c \u0111\u1ed9ng k\u00e9p \u0111\u1ea3m b\u1ea3o ho\u1ea1t \u0111\u1ed9ng tr\u01a1n tru v\u00e0 \u1ed5n \u0111\u1ecbnh, trong khi k\u1ebft c\u1ea5u piston \u0111\u1ea3m b\u1ea3o c\u00f4ng su\u1ea5t v\u00e0 hi\u1ec7u su\u1ea5t t\u1ed1i \u0111a. V\u1edbi \u00e1p su\u1ea5t l\u00e0m vi\u1ec7c t\u1ed1i \u0111a 3000 psi, xi lanh th\u1ee7y l\u1ef1c n\u00e0y c\u00f3 kh\u1ea3 n\u0103ng x\u1eed l\u00fd d\u1ec5 d\u00e0ng ngay c\u1ea3 nh\u1eefng c\u00f4ng vi\u1ec7c kh\u00f3 kh\u0103n nh\u1ea5t.<\/p>\n<p>Nh\u01b0ng \u0111\u00f3 ch\u01b0a ph\u1ea3i l\u00e0 t\u1ea5t c\u1ea3. Xi lanh th\u1ee7y l\u1ef1c piston m\u00e1y c\u00e0y tuy\u1ebft b\u1ec1n b\u1ec9, t\u00e1c \u0111\u1ed9ng k\u00e9p, xi lanh th\u1ee7y l\u1ef1c c\u00f2n c\u1ef1c k\u1ef3 linh ho\u1ea1t. Thi\u1ebft k\u1ebf nh\u1ecf g\u1ecdn gi\u00fap d\u1ec5 d\u00e0ng l\u1eafp \u0111\u1eb7t tr\u00ean nhi\u1ec1u lo\u1ea1i thi\u1ebft b\u1ecb kh\u00e1c nhau, trong khi c\u00e1c t\u00f9y ch\u1ecdn l\u1eafp \u0111\u1eb7t c\u00f3 th\u1ec3 \u0111i\u1ec1u ch\u1ec9nh cho ph\u00e9p d\u1ec5 d\u00e0ng t\u00f9y ch\u1ec9nh \u0111\u1ec3 \u0111\u00e1p \u1ee9ng nhu c\u1ea7u c\u1ee5 th\u1ec3 c\u1ee7a b\u1ea1n.<\/p>\n<p>V\u00ec v\u1eady, n\u1ebfu b\u1ea1n \u0111ang t\u00ecm ki\u1ebfm m\u1ed9t xi lanh th\u1ee7y l\u1ef1c \u0111\u00e1ng tin c\u1eady, hi\u1ec7u su\u1ea5t cao, c\u00f3 th\u1ec3 x\u1eed l\u00fd m\u1ecdi nhi\u1ec7m v\u1ee5, h\u00e3y t\u00ecm \u0111\u1ebfn Xi lanh th\u1ee7y l\u1ef1c piston m\u00e1y c\u00e0y tuy\u1ebft b\u1ec1n b\u1ec9, Xi lanh th\u1ee7y l\u1ef1c t\u00e1c \u0111\u1ed9ng k\u00e9p. \u0110\u00e2y l\u00e0 gi\u1ea3i ph\u00e1p m\u00e1y m\u00f3c t\u1ed1i \u01b0u cho b\u1ea5t k\u1ef3 ai mu\u1ed1n ho\u00e0n th\u00e0nh c\u00f4ng vi\u1ec7c m\u1ed9t c\u00e1ch ho\u00e0n h\u1ea3o, m\u1ecdi l\u00fac. Khi b\u1ea1n c\u1ea7n m\u1ed9t c\u00f4ng c\u1ee5 m\u1ea1nh m\u1ebd, \u0111\u00e1ng tin c\u1eady v\u00e0 hi\u1ec7u qu\u1ea3 cho c\u00f4ng vi\u1ec7c c\u00e0y tuy\u1ebft c\u1ee7a m\u00ecnh, h\u00e3y t\u00ecm \u0111\u1ebfn s\u1ea3n ph\u1ea9m c\u1ee7a ch\u00fang t\u00f4i. <strong>Xi lanh th\u1ee7y l\u1ef1c piston c\u00e0y tuy\u1ebft b\u1ec1n b\u1ec9 Xi lanh th\u1ee7y l\u1ef1c t\u00e1c \u0111\u1ed9ng k\u00e9p<\/strong>. B\u1ed9 ph\u1eadn m\u00e1y m\u00f3c ch\u1ea5t l\u01b0\u1ee3ng cao n\u00e0y \u0111\u01b0\u1ee3c thi\u1ebft k\u1ebf ch\u00fa tr\u1ecdng \u0111\u1ebfn \u0111\u1ed9 b\u1ec1n v\u00e0 hi\u1ec7u qu\u1ea3, l\u00e0 s\u1ef1 b\u1ed5 sung ho\u00e0n h\u1ea3o cho thi\u1ebft b\u1ecb h\u1ea1ng n\u1eb7ng c\u1ee7a b\u1ea1n.<br \/>\n<img decoding=\"async\" title=\"Xi lanh th\u1ee7y l\u1ef1c m\u00e1y c\u00e0y tuy\u1ebft\" src=\"https:\/\/hzpt.com\/wp-content\/uploads\/2023\/11\/Snow-Plow-Hydraulic-Cylinder-2.webp\" alt=\"Xi lanh th\u1ee7y l\u1ef1c m\u00e1y c\u00e0y tuy\u1ebft\" \/><\/p>\n<h2>T\u00ednh n\u0103ng s\u1ea3n ph\u1ea9m<\/h2>\n<p>Xi lanh th\u1ee7y l\u1ef1c ti\u00ean ti\u1ebfn n\u00e0y s\u1edf h\u1eefu nhi\u1ec1u t\u00ednh n\u0103ng v\u01b0\u1ee3t tr\u1ed9i so v\u1edbi c\u00e1c \u0111\u1ed1i th\u1ee7 c\u1ea1nh tranh. D\u01b0\u1edbi \u0111\u00e2y l\u00e0 m\u1ed9t v\u00e0i \u0111i\u1ec3m n\u1ed5i b\u1eadt ch\u00ednh:<\/p>\n<ul>\n<li style=\"list-style-type: none;\">\n<ul>\n<li>T\u00ecnh tr\u1ea1ng m\u1edbi v\u1edbi b\u1ea3o h\u00e0nh 1 n\u0103m<\/li>\n<\/ul>\n<\/li>\n<\/ul>\n<ul>\n<li style=\"list-style-type: none;\">\n<ul>\n<li>\u00c1p d\u1ee5ng trong nhi\u1ec1u ng\u00e0nh c\u00f4ng nghi\u1ec7p kh\u00e1c nhau bao g\u1ed3m X\u01b0\u1edfng s\u1eeda ch\u1eefa m\u00e1y m\u00f3c, Trang tr\u1ea1i, N\u0103ng l\u01b0\u1ee3ng &amp; Khai th\u00e1c, S\u1ea3n xu\u1ea5t m\u00e1y m\u00f3c v\u00e0 Nh\u00e0 m\u00e1y m\u00e1y m\u00f3c<\/li>\n<\/ul>\n<\/li>\n<\/ul>\n<ul>\n<li style=\"list-style-type: none;\">\n<ul>\n<li>C\u1ea5u tr\u00fac ti\u00eau chu\u1ea9n v\u1edbi thi\u1ebft k\u1ebf xi lanh piston<\/li>\n<\/ul>\n<\/li>\n<\/ul>\n<ul>\n<li style=\"list-style-type: none;\">\n<ul>\n<li>C\u00f4ng su\u1ea5t th\u1ee7y l\u1ef1c m\u1ea1nh m\u1ebd<\/li>\n<\/ul>\n<\/li>\n<\/ul>\n<ul>\n<li style=\"list-style-type: none;\">\n<ul>\n<li>V\u1eadt li\u1ec7u th\u00e2n th\u00e9p b\u1ec1n b\u1ec9<\/li>\n<\/ul>\n<\/li>\n<\/ul>\n<ul>\n<li style=\"list-style-type: none;\">\n<ul>\n<li>L\u1ef1c \u0111\u1ea9y t\u1ed1i \u0111a 3000 v\u00e0 l\u1ef1c k\u00e9o t\u1ed1i \u0111a 20 t\u1ea5n<\/li>\n<\/ul>\n<\/li>\n<\/ul>\n<ul>\n<li style=\"list-style-type: none;\">\n<ul>\n<li>Ch\u1ee9ng nh\u1eadn ISO9001:2000<\/li>\n<\/ul>\n<\/li>\n<\/ul>\n<h2>\u01afu \u0111i\u1ec3m c\u1ee7a xi lanh lo\u1ea1i ch\u1ed1t c\u00f3 th\u1ec3 \u0111i\u1ec1u ch\u1ec9nh<\/h2>\n<p>Xi lanh lo\u1ea1i ch\u1ed1t \u0111i\u1ec1u ch\u1ec9nh l\u00e0 m\u1ed9t th\u00e0nh ph\u1ea7n thi\u1ebft y\u1ebfu trong ng\u00e0nh c\u00f4ng nghi\u1ec7p m\u00e1y m\u00f3c th\u1ee7y l\u1ef1c. Ch\u00fang th\u01b0\u1eddng \u0111\u01b0\u1ee3c s\u1eed d\u1ee5ng trong nhi\u1ec1u lo\u1ea1i m\u00e1y m\u00f3c nh\u01b0 thi\u1ebft b\u1ecb x\u00e2y d\u1ef1ng, m\u00e1y m\u00f3c n\u00f4ng nghi\u1ec7p, m\u00e1y m\u00f3c khai th\u00e1c m\u1ecf v\u00e0 thi\u1ebft b\u1ecb d\u1ecdn tuy\u1ebft. C\u00e1c xi lanh n\u00e0y \u0111\u01b0\u1ee3c thi\u1ebft k\u1ebf \u0111\u1ec3 cung c\u1ea5p l\u1ef1c c\u1ea7n thi\u1ebft cho chuy\u1ec3n \u0111\u1ed9ng c\u1ee7a c\u00e1c m\u00e1y m\u00f3c n\u00e0y.<\/p>\n<p>Trong b\u00e0i vi\u1ebft n\u00e0y, ch\u00fang t\u00f4i s\u1ebd th\u1ea3o lu\u1eadn v\u1ec1 nh\u1eefng \u01b0u \u0111i\u1ec3m c\u1ee7a xi lanh lo\u1ea1i ch\u1ed1t c\u00f3 th\u1ec3 \u0111i\u1ec1u ch\u1ec9nh v\u00e0 l\u00fd do t\u1ea1i sao ch\u00fang l\u00e0 gi\u1ea3i ph\u00e1p m\u00e1y m\u00f3c t\u1ed1i \u01b0u.<\/p>\n<h3>B\u1ec1n b\u1ec9<\/h3>\n<p>M\u1ed9t trong nh\u1eefng \u01b0u \u0111i\u1ec3m ch\u00ednh c\u1ee7a xi lanh lo\u1ea1i ch\u1ed1t \u0111i\u1ec1u ch\u1ec9nh \u0111\u01b0\u1ee3c l\u00e0 \u0111\u1ed9 b\u1ec1n. Ch\u00fang \u0111\u01b0\u1ee3c l\u00e0m t\u1eeb v\u1eadt li\u1ec7u ch\u1ea5t l\u01b0\u1ee3ng cao, c\u00f3 th\u1ec3 ch\u1ecbu \u0111\u01b0\u1ee3c nhi\u1ec7t \u0111\u1ed9, \u00e1p su\u1ea5t v\u00e0 \u0111i\u1ec1u ki\u1ec7n th\u1eddi ti\u1ebft kh\u1eafc nghi\u1ec7t. \u0110i\u1ec1u n\u00e0y khi\u1ebfn ch\u00fang tr\u1edf n\u00ean l\u00fd t\u01b0\u1edfng \u0111\u1ec3 s\u1eed d\u1ee5ng trong m\u00f4i tr\u01b0\u1eddng kh\u1eafc nghi\u1ec7t, n\u01a1i c\u00e1c lo\u1ea1i xi lanh kh\u00e1c c\u00f3 th\u1ec3 b\u1ecb h\u1ecfng.<\/p>\n<p>\u0110\u1ed9 b\u1ec1n c\u1ee7a c\u00e1c xi lanh n\u00e0y c\u0169ng \u0111\u1ebfn t\u1eeb thi\u1ebft k\u1ebf t\u00e1c \u0111\u1ed9ng k\u00e9p. \u0110i\u1ec1u n\u00e0y c\u00f3 ngh\u0129a l\u00e0 ch\u00fang c\u00f3 th\u1ec3 t\u00e1c \u0111\u1ed9ng l\u1ef1c theo c\u1ea3 hai h\u01b0\u1edbng, gi\u00fap ch\u00fang hi\u1ec7u qu\u1ea3 h\u01a1n v\u00e0 gi\u1ea3m thi\u1ec3u hao m\u00f2n.<\/p>\n<h3>Ho\u1ea1t \u0111\u1ed9ng hi\u1ec7u qu\u1ea3<\/h3>\n<p>M\u1ed9t \u01b0u \u0111i\u1ec3m kh\u00e1c c\u1ee7a xi lanh lo\u1ea1i ch\u1ed1t \u0111i\u1ec1u ch\u1ec9nh l\u00e0 kh\u1ea3 n\u0103ng v\u1eadn h\u00e0nh hi\u1ec7u qu\u1ea3. C\u00e1c xi lanh n\u00e0y \u0111\u01b0\u1ee3c thi\u1ebft k\u1ebf \u0111\u1ec3 cung c\u1ea5p l\u1ef1c \u0111\u1ec1u \u0111\u1eb7n v\u00e0 m\u01b0\u1ee3t m\u00e0, y\u1ebfu t\u1ed1 thi\u1ebft y\u1ebfu cho ho\u1ea1t \u0111\u1ed9ng c\u1ee7a m\u00e1y m\u00f3c. \u0110i\u1ec1u n\u00e0y \u0111\u1ea3m b\u1ea3o m\u00e1y m\u00f3c v\u1eadn h\u00e0nh tr\u01a1n tru, gi\u1ea3m thi\u1ec3u nguy c\u01a1 h\u01b0 h\u1ecfng ho\u1eb7c tr\u1ee5c tr\u1eb7c.<\/p>\n<p>H\u01a1n n\u1eefa, thi\u1ebft k\u1ebf ch\u1ed1t \u0111i\u1ec1u ch\u1ec9nh cho ph\u00e9p \u0111i\u1ec1u ch\u1ec9nh ch\u00ednh x\u00e1c h\u00e0nh tr\u00ecnh xi lanh, gi\u00fap ki\u1ec3m so\u00e1t t\u1ed1c \u0111\u1ed9 v\u00e0 l\u1ef1c c\u1ee7a m\u00e1y d\u1ec5 d\u00e0ng h\u01a1n. \u0110i\u1ec1u n\u00e0y c\u00f3 th\u1ec3 gi\u00fap c\u1ea3i thi\u1ec7n hi\u1ec7u su\u1ea5t v\u00e0 \u0111\u1ed9 ch\u00ednh x\u00e1c trong nhi\u1ec1u \u1ee9ng d\u1ee5ng kh\u00e1c nhau.<\/p>\n<h3>T\u00ednh linh ho\u1ea1t<\/h3>\n<p>Xi lanh lo\u1ea1i ch\u1ed1t \u0111i\u1ec1u ch\u1ec9nh c\u0169ng r\u1ea5t linh ho\u1ea1t. Ch\u00fang c\u00f3 th\u1ec3 \u0111\u01b0\u1ee3c s\u1eed d\u1ee5ng trong nhi\u1ec1u \u1ee9ng d\u1ee5ng kh\u00e1c nhau, t\u1eeb m\u00e1y m\u00f3c nh\u1ecf \u0111\u1ebfn thi\u1ebft b\u1ecb c\u00f4ng nghi\u1ec7p l\u1edbn. Ch\u00fang c\u0169ng t\u01b0\u01a1ng th\u00edch v\u1edbi nhi\u1ec1u lo\u1ea1i ch\u1ea5t l\u1ecfng kh\u00e1c nhau, ph\u00f9 h\u1ee3p \u0111\u1ec3 s\u1eed d\u1ee5ng trong nhi\u1ec1u m\u00f4i tr\u01b0\u1eddng kh\u00e1c nhau.<\/p>\n<p>H\u01a1n n\u1eefa, thi\u1ebft k\u1ebf c\u00f3 th\u1ec3 \u0111i\u1ec1u ch\u1ec9nh c\u1ee7a ch\u00fang cho ph\u00e9p d\u1ec5 d\u00e0ng t\u00f9y ch\u1ec9nh \u0111\u1ec3 ph\u00f9 h\u1ee3p v\u1edbi c\u00e1c y\u00eau c\u1ea7u c\u1ee5 th\u1ec3. \u0110i\u1ec1u n\u00e0y c\u00f3 ngh\u0129a l\u00e0 ch\u00fang c\u00f3 th\u1ec3 \u0111\u01b0\u1ee3c thi\u1ebft k\u1ebf ri\u00eang \u0111\u1ec3 \u0111\u00e1p \u1ee9ng nhu c\u1ea7u c\u1ee7a c\u00e1c m\u00e1y m\u00f3c v\u00e0 \u1ee9ng d\u1ee5ng kh\u00e1c nhau.<\/p>\n<h3>Ti\u1ebft ki\u1ec7m chi ph\u00ed<\/h3>\n<p>Cu\u1ed1i c\u00f9ng, xi lanh lo\u1ea1i ch\u1ed1t \u0111i\u1ec1u ch\u1ec9nh c\u00f3 gi\u00e1 th\u00e0nh h\u1ee3p l\u00fd. Ch\u00fang \u0111\u01b0\u1ee3c thi\u1ebft k\u1ebf b\u1ec1n b\u1ec9 v\u00e0 hi\u1ec7u qu\u1ea3, gi\u00fap gi\u1ea3m nhu c\u1ea7u b\u1ea3o tr\u00ec ho\u1eb7c thay th\u1ebf th\u01b0\u1eddng xuy\u00ean. \u0110i\u1ec1u n\u00e0y c\u00f3 th\u1ec3 gi\u00fap ti\u1ebft ki\u1ec7m chi ph\u00ed \u0111\u00e1ng k\u1ec3 v\u1ec1 l\u00e2u d\u00e0i.<\/p>\n<p>Ngo\u00e0i ra, t\u00ednh linh ho\u1ea1t v\u00e0 kh\u1ea3 n\u0103ng t\u01b0\u01a1ng th\u00edch c\u1ee7a ch\u00fang v\u1edbi nhi\u1ec1u lo\u1ea1i m\u00e1y m\u00f3c v\u00e0 ch\u1ea5t l\u1ecfng kh\u00e1c nhau c\u00f3 th\u1ec3 l\u00e0m gi\u1ea3m nhu c\u1ea7u s\u1eed d\u1ee5ng thi\u1ebft b\u1ecb chuy\u00ean d\u1ee5ng, t\u1eeb \u0111\u00f3 gi\u00fap gi\u1ea3m chi ph\u00ed.<\/p>\n<p>T\u00f3m l\u1ea1i, xi lanh lo\u1ea1i ch\u1ed1t \u0111i\u1ec1u ch\u1ec9nh l\u00e0 m\u1ed9t th\u00e0nh ph\u1ea7n thi\u1ebft y\u1ebfu c\u1ee7a m\u00e1y m\u00f3c th\u1ee7y l\u1ef1c. \u0110\u1ed9 b\u1ec1n, v\u1eadn h\u00e0nh hi\u1ec7u qu\u1ea3, t\u00ednh linh ho\u1ea1t v\u00e0 hi\u1ec7u qu\u1ea3 chi ph\u00ed c\u1ee7a ch\u00fang khi\u1ebfn ch\u00fang tr\u1edf th\u00e0nh gi\u1ea3i ph\u00e1p m\u00e1y m\u00f3c t\u1ed1i \u01b0u. V\u00ec v\u1eady, n\u1ebfu b\u1ea1n \u0111ang t\u00ecm ki\u1ebfm m\u1ed9t xi lanh th\u1ee7y l\u1ef1c \u0111\u00e1ng tin c\u1eady v\u00e0 hi\u1ec7u qu\u1ea3 cho m\u00e1y m\u00f3c c\u1ee7a m\u00ecnh, h\u00e3y c\u00e2n nh\u1eafc xi lanh lo\u1ea1i ch\u1ed1t \u0111i\u1ec1u ch\u1ec9nh. V\u00e0 h\u00e3y nh\u1edb c\u00e1c t\u1eeb kh\u00f3a: Xi lanh th\u1ee7y l\u1ef1c piston m\u00e1y c\u00e0y tuy\u1ebft b\u1ec1n b\u1ec9 Xi lanh th\u1ee7y l\u1ef1c t\u00e1c \u0111\u1ed9ng k\u00e9p.<\/p>\n<h3>Gi\u1edbi thi\u1ec7u v\u1ec1 FMP \u2013 Xi lanh th\u1ee7y l\u1ef1c<\/h3>\n<p>FMP l\u00e0 c\u00f4ng ty h\u00e0ng \u0111\u1ea7u chuy\u00ean s\u1ea3n xu\u1ea5t v\u00e0 kinh doanh ph\u1ee5 t\u00f9ng m\u00e1y m\u00f3c x\u00e2y d\u1ef1ng v\u00e0 m\u00e1y m\u00f3c ho\u00e0n ch\u1ec9nh. V\u1edbi nhi\u1ec1u n\u0103m kinh nghi\u1ec7m trong ng\u00e0nh v\u00e0 \u0111\u1ed9i ng\u0169 chuy\u00ean nghi\u1ec7p, ch\u00fang t\u00f4i cung c\u1ea5p cho kh\u00e1ch h\u00e0ng c\u00e1c gi\u1ea3i ph\u00e1p m\u00e1y m\u00f3c x\u00e2y d\u1ef1ng ch\u1ea5t l\u01b0\u1ee3ng cao v\u00e0 \u0111\u00e1ng tin c\u1eady. T\u1ea1i FMP, ch\u00fang t\u00f4i cung c\u1ea5p \u0111a d\u1ea1ng c\u00e1c s\u1ea3n ph\u1ea9m, bao g\u1ed3m Xi lanh th\u1ee7y l\u1ef1c, h\u1ed9p s\u1ed1 m\u00e1y n\u00f4ng nghi\u1ec7p, h\u1ed9p s\u1ed1 h\u00e0nh tinh, h\u1ed9p s\u1ed1 c\u00f4ng nghi\u1ec7p, ph\u1ee5 t\u00f9ng m\u00e1y n\u00f4ng nghi\u1ec7p, v\u00e0 h\u00e0ng lo\u1ea1t ph\u1ee5 ki\u1ec7n cao c\u1ea5p ph\u00f9 h\u1ee3p.<\/p>\n<p>Sau \u0111\u00e2y l\u00e0 m\u1ed9t s\u1ed1 l\u00fd do t\u1ea1i sao b\u1ea1n n\u00ean ch\u1ecdn s\u1ea3n ph\u1ea9m Xi lanh th\u1ee7y l\u1ef1c m\u00e0 ch\u00fang t\u00f4i cung c\u1ea5p:<\/p>\n<p>1. Ch\u1ea5t l\u01b0\u1ee3ng cao: Ch\u00fang t\u00f4i h\u1ee3p t\u00e1c v\u1edbi c\u00e1c nh\u00e0 cung c\u1ea5p ch\u1ea5t l\u01b0\u1ee3ng cao trong v\u00e0 ngo\u00e0i n\u01b0\u1edbc \u0111\u1ec3 \u0111\u1ea3m b\u1ea3o ch\u1ec9 cung c\u1ea5p c\u00e1c linh ki\u1ec7n \u0111\u00e1p \u1ee9ng c\u00e1c ti\u00eau chu\u1ea9n ch\u1ea5t l\u01b0\u1ee3ng nghi\u00eam ng\u1eb7t. Xi lanh th\u1ee7y l\u1ef1c c\u1ee7a ch\u00fang t\u00f4i b\u1ec1n b\u1ec9, \u0111\u00e1ng tin c\u1eady v\u00e0 \u0111\u01b0\u1ee3c thi\u1ebft k\u1ebf \u0111\u1ec3 mang l\u1ea1i hi\u1ec7u su\u1ea5t t\u1ed1i \u01b0u trong nh\u1eefng \u0111i\u1ec1u ki\u1ec7n kh\u1eafc nghi\u1ec7t nh\u1ea5t.<\/p>\n<p>2. \u0110\u1ed9i ng\u0169 b\u00e1n h\u00e0ng chuy\u00ean nghi\u1ec7p: \u0110\u1ed9i ng\u0169 b\u00e1n h\u00e0ng c\u1ee7a ch\u00fang t\u00f4i bao g\u1ed3m c\u00e1c chuy\u00ean gia gi\u00e0u kinh nghi\u1ec7m v\u00e0 k\u1ef9 n\u0103ng, c\u00f3 ki\u1ebfn \u200b\u200bth\u1ee9c chuy\u00ean s\u00e2u v\u1ec1 ng\u00e0nh m\u00e1y m\u00f3c x\u00e2y d\u1ef1ng. H\u1ecd lu\u00f4n s\u1eb5n s\u00e0ng t\u01b0 v\u1ea5n s\u1ea3n ph\u1ea9m chuy\u00ean nghi\u1ec7p v\u00e0 \u0111\u01b0a ra nh\u1eefng g\u1ee3i \u00fd mua h\u00e0ng th\u00f4ng minh cho kh\u00e1ch h\u00e0ng.<\/p>\n<p>3. H\u1ec7 th\u1ed1ng ph\u00e2n ph\u1ed1i h\u1eadu c\u1ea7n hi\u1ec7u qu\u1ea3: Ch\u00fang t\u00f4i c\u00f3 h\u1ec7 th\u1ed1ng ph\u00e2n ph\u1ed1i h\u1eadu c\u1ea7n hi\u1ec7u qu\u1ea3, \u0111\u1ea3m b\u1ea3o kh\u00e1ch h\u00e0ng nh\u1eadn \u0111\u01b0\u1ee3c c\u00e1c b\u1ed9 ph\u1eadn c\u1ea7n thi\u1ebft m\u1ed9t c\u00e1ch k\u1ecbp th\u1eddi v\u00e0 ch\u00ednh x\u00e1c. Sau khi b\u1ea1n \u0111\u1eb7t h\u00e0ng v\u1edbi ch\u00fang t\u00f4i, ch\u00fang t\u00f4i s\u1ebd \u0111\u1ea3m b\u1ea3o h\u00e0ng \u0111\u01b0\u1ee3c giao \u0111\u1ebfn b\u1ea1n trong th\u1eddi gian nhanh nh\u1ea5t c\u00f3 th\u1ec3.<\/p>\n<p>4. C\u00f3 th\u1ec3 t\u00f9y ch\u1ec9nh: Xi lanh th\u1ee7y l\u1ef1c c\u1ee7a ch\u00fang t\u00f4i c\u00f3 kh\u1ea3 n\u0103ng t\u00f9y ch\u1ec9nh cao, v\u00e0 ch\u00fang t\u00f4i c\u00f3 th\u1ec3 t\u00f9y ch\u1ec9nh ch\u00fang \u0111\u1ec3 \u0111\u00e1p \u1ee9ng nhu c\u1ea7u v\u00e0 y\u00eau c\u1ea7u c\u1ee5 th\u1ec3 c\u1ee7a kh\u00e1ch h\u00e0ng. Ch\u00fang t\u00f4i cung c\u1ea5p nhi\u1ec1u l\u1ef1a ch\u1ecdn kh\u00e1c nhau nh\u01b0 xi lanh lo\u1ea1i ch\u1ed1t c\u00f3 th\u1ec3 \u0111i\u1ec1u ch\u1ec9nh, xi lanh thanh gi\u1eb1ng, xi lanh h\u00e0n, v.v.<\/p>\n<p>5. Gi\u00e1 c\u1ea3 c\u1ea1nh tranh: T\u1ea1i FMP, ch\u00fang t\u00f4i cung c\u1ea5p s\u1ea3n ph\u1ea9m v\u1edbi m\u1ee9c gi\u00e1 c\u1ea1nh tranh. Ch\u00fang t\u00f4i tin r\u1eb1ng s\u1ea3n ph\u1ea9m ch\u1ea5t l\u01b0\u1ee3ng cao kh\u00f4ng n\u00ean c\u00f3 gi\u00e1 c\u1eaft c\u1ed5. M\u1ee5c ti\u00eau c\u1ee7a ch\u00fang t\u00f4i l\u00e0 mang \u0111\u1ebfn cho kh\u00e1ch h\u00e0ng gi\u00e1 tr\u1ecb t\u1ed1t nh\u1ea5t so v\u1edbi s\u1ed1 ti\u1ec1n h\u1ecd b\u1ecf ra.<\/p>\n<p>T\u00f3m l\u1ea1i, n\u1ebfu b\u1ea1n \u0111ang t\u00ecm ki\u1ebfm xi lanh th\u1ee7y l\u1ef1c \u0111\u00e1ng tin c\u1eady v\u00e0 ch\u1ea5t l\u01b0\u1ee3ng cao, FMP l\u00e0 l\u1ef1a ch\u1ecdn t\u1ed1t nh\u1ea5t. S\u1ea3n ph\u1ea9m c\u1ee7a ch\u00fang t\u00f4i b\u1ec1n b\u1ec9, \u0111\u00e1ng tin c\u1eady v\u00e0 \u0111\u01b0\u1ee3c thi\u1ebft k\u1ebf \u0111\u1ec3 mang l\u1ea1i hi\u1ec7u su\u1ea5t t\u1ed1i \u01b0u trong nh\u1eefng \u0111i\u1ec1u ki\u1ec7n kh\u1eafc nghi\u1ec7t nh\u1ea5t. H\u00e3y li\u00ean h\u1ec7 v\u1edbi ch\u00fang t\u00f4i ngay h\u00f4m nay \u0111\u1ec3 t\u00ecm hi\u1ec3u th\u00eam v\u1ec1 s\u1ea3n ph\u1ea9m v\u00e0 d\u1ecbch v\u1ee5 c\u1ee7a ch\u00fang t\u00f4i.<\/p>\n<p><img decoding=\"async\" src=\"https:\/\/fmp-components.com\/wp-content\/uploads\/2024\/12\/Adjustable-Clevis-Type-Cylinders-6.webp\" alt=\"Xi lanh lo\u1ea1i Clevis c\u00f3 th\u1ec3 \u0111i\u1ec1u ch\u1ec9nh\" width=\"839\" title=\"\"><\/p>\n<h2>C\u00e2u h\u1ecfi th\u01b0\u1eddng g\u1eb7p<\/h2>\n<p><img decoding=\"async\" title=\"Xi lanh th\u1ee7y l\u1ef1c m\u00e1y c\u00e0y tuy\u1ebft\" src=\"https:\/\/hzpt.com\/wp-content\/uploads\/2023\/11\/Snow-Plow-Hydraulic-Cylinder-1.webp\" alt=\"Xi lanh th\u1ee7y l\u1ef1c m\u00e1y c\u00e0y tuy\u1ebft\" \/><\/p>\n<h3>Q: Th\u1eddi gian giao h\u00e0ng cho xi lanh th\u1ee7y l\u1ef1c c\u1ee7a b\u1ea1n l\u00e0 bao l\u00e2u?<\/h3>\n<p>A: Th\u1eddi gian giao h\u00e0ng chung l\u00e0 25-35 ng\u00e0y.<\/p>\n<h3>Q: T\u00f4i c\u00f3 th\u1ec3 y\u00eau c\u1ea7u m\u1eabu s\u1ea3n ph\u1ea9m c\u1ee7a b\u1ea1n kh\u00f4ng?<\/h3>\n<p>A: C\u00f3, ch\u00fang t\u00f4i cung c\u1ea5p m\u1eabu s\u1ea3n ph\u1ea9m nh\u01b0ng kh\u00f4ng mi\u1ec5n ph\u00ed.<\/p>\n<h3>Q: B\u1ea1n c\u00f3 th\u1ec3 s\u1ea3n xu\u1ea5t xi lanh th\u1ee7y l\u1ef1c theo m\u1eabu c\u1ee5 th\u1ec3 ho\u1eb7c b\u1ea3n v\u1ebd k\u1ef9 thu\u1eadt kh\u00f4ng?<\/h3>\n<p>A: C\u00f3, ch\u00fang t\u00f4i c\u00f3 th\u1ec3 s\u1ea3n xu\u1ea5t s\u1ea3n ph\u1ea9m theo m\u1eabu ho\u1eb7c b\u1ea3n v\u1ebd k\u1ef9 thu\u1eadt c\u1ee7a b\u1ea1n. Ch\u00fang t\u00f4i c\u0169ng c\u00f3 th\u1ec3 ch\u1ebf t\u1ea1o khu\u00f4n m\u1eabu v\u00e0 \u0111\u1ed3 g\u00e1.<br \/>\nT\u00e1c gi\u1ea3: CX<\/p>","protected":false},"excerpt":{"rendered":"<p>Durable Snow Plow Piston Hydraulic Cylinder Double Acting Hydraulic Cylinder: Your Ultimate Machinery SolutionThe Durable Snow Plow Piston Hydraulic Cylinder Double Acting Hydraulic Cylinder is the ultimate solution for all your machinery needs. Whether you&#8217;re plowing snow or working on a construction site, this hydraulic cylinder is designed to deliver exceptional performance and durability. Crafted [&hellip;]<\/p>","protected":false},"featured_media":1523,"comment_status":"closed","ping_status":"closed","template":"","meta":{"_et_pb_use_builder":"","_et_pb_old_content":"","_et_gb_content_width":""},"product_brand":[],"product_cat":[42],"product_tag":[34,44],"class_list":{"0":"post-1522","1":"product","2":"type-product","3":"status-publish","4":"has-post-thumbnail","6":"product_cat-snow-plow-hydraulic-cylinder","7":"product_tag-hydraulic-cylinder","8":"product_tag-snow-plow-hydraulic-cylinder","10":"first","11":"instock","12":"product-type-simple"},"_links":{"self":[{"href":"https:\/\/fmp-components.com\/vi\/wp-json\/wp\/v2\/product\/1522","targetHints":{"allow":["GET"]}}],"collection":[{"href":"https:\/\/fmp-components.com\/vi\/wp-json\/wp\/v2\/product"}],"about":[{"href":"https:\/\/fmp-components.com\/vi\/wp-json\/wp\/v2\/types\/product"}],"replies":[{"embeddable":true,"href":"https:\/\/fmp-components.com\/vi\/wp-json\/wp\/v2\/comments?post=1522"}],"wp:featuredmedia":[{"embeddable":true,"href":"https:\/\/fmp-components.com\/vi\/wp-json\/wp\/v2\/media\/1523"}],"wp:attachment":[{"href":"https:\/\/fmp-components.com\/vi\/wp-json\/wp\/v2\/media?parent=1522"}],"wp:term":[{"taxonomy":"product_brand","embeddable":true,"href":"https:\/\/fmp-components.com\/vi\/wp-json\/wp\/v2\/product_brand?post=1522"},{"taxonomy":"product_cat","embeddable":true,"href":"https:\/\/fmp-components.com\/vi\/wp-json\/wp\/v2\/product_cat?post=1522"},{"taxonomy":"product_tag","embeddable":true,"href":"https:\/\/fmp-components.com\/vi\/wp-json\/wp\/v2\/product_tag?post=1522"}],"curies":[{"name":"wp","href":"https:\/\/api.w.org\/{rel}","templated":true}]}}