{"id":1520,"date":"2024-12-23T05:50:37","date_gmt":"2024-12-23T05:50:37","guid":{"rendered":"https:\/\/fmp-components.com\/product\/high-quality-mini-customized-hydraulic-cylinder-for-snow-plow\/"},"modified":"2025-03-18T02:10:23","modified_gmt":"2025-03-18T02:10:23","slug":"high-quality-mini-customized-hydraulic-cylinder-for-snow-plow","status":"publish","type":"product","link":"https:\/\/fmp-components.com\/vi\/product\/high-quality-mini-customized-hydraulic-cylinder-for-snow-plow\/","title":{"rendered":"Xi lanh th\u1ee7y l\u1ef1c mini t\u00f9y ch\u1ec9nh ch\u1ea5t l\u01b0\u1ee3ng cao cho m\u00e1y c\u00e0y tuy\u1ebft"},"content":{"rendered":"<h2>Xi lanh th\u1ee7y l\u1ef1c mini t\u00f9y ch\u1ec9nh ch\u1ea5t l\u01b0\u1ee3ng cao cho m\u00e1y c\u00e0y tuy\u1ebft<\/h2>\n<p>Gi\u1edbi thi\u1ec7u Xi lanh th\u1ee7y l\u1ef1c mini t\u00f9y ch\u1ec9nh ch\u1ea5t l\u01b0\u1ee3ng cao d\u00e0nh cho m\u00e1y c\u00e0y tuy\u1ebft:<\/p>\n<p>Xi lanh th\u1ee7y l\u1ef1c mini t\u00f9y ch\u1ec9nh ch\u1ea5t l\u01b0\u1ee3ng cao d\u00e0nh cho m\u00e1y c\u00e0y tuy\u1ebft l\u00e0 s\u1ea3n ph\u1ea9m h\u00e0ng \u0111\u1ea7u \u0111\u01b0\u1ee3c thi\u1ebft k\u1ebf \u0111\u1ec3 \u0111\u00e1p \u1ee9ng c\u00e1c nhu c\u1ea7u c\u1ee5 th\u1ec3 c\u1ee7a vi\u1ec7c c\u00e0y tuy\u1ebft. Xi lanh th\u1ee7y l\u1ef1c n\u00e0y \u0111\u01b0\u1ee3c ch\u1ebf t\u1ea1o v\u1edbi \u0111\u1ed9 ch\u00ednh x\u00e1c v\u00e0 chuy\u00ean m\u00f4n cao \u0111\u1ec3 \u0111\u1ea3m b\u1ea3o hi\u1ec7u su\u1ea5t t\u1ed1i \u01b0u trong \u0111i\u1ec1u ki\u1ec7n m\u00f9a \u0111\u00f4ng kh\u1eafc nghi\u1ec7t nh\u1ea5t.<\/p>\n<p>V\u1edbi thi\u1ebft k\u1ebf nh\u1ecf g\u1ecdn, xi lanh th\u1ee7y l\u1ef1c n\u00e0y mang l\u1ea1i ch\u1ee9c n\u0103ng tuy\u1ec7t v\u1eddi m\u00e0 v\u1eabn chi\u1ebfm \u00edt kh\u00f4ng gian. K\u00edch th\u01b0\u1edbc nh\u1ecf g\u1ecdn cho ph\u00e9p d\u1ec5 d\u00e0ng l\u1eafp \u0111\u1eb7t v\u00e0 t\u00edch h\u1ee3p v\u00e0o c\u00e1c h\u1ec7 th\u1ed1ng c\u00e0y tuy\u1ebft hi\u1ec7n c\u00f3. M\u1eb7c d\u00f9 nh\u1ecf g\u1ecdn, n\u00f3 v\u1eabn mang l\u1ea1i c\u00f4ng su\u1ea5t v\u00e0 hi\u1ec7u su\u1ea5t v\u01b0\u1ee3t tr\u1ed9i, l\u00e0 l\u1ef1a ch\u1ecdn l\u00fd t\u01b0\u1edfng cho c\u00e1c \u1ee9ng d\u1ee5ng c\u00e0y tuy\u1ebft.<\/p>\n<p><img decoding=\"async\" title=\"Xi lanh th\u1ee7y l\u1ef1c m\u00e1y c\u00e0y tuy\u1ebft\" src=\"https:\/\/hzpt.com\/wp-content\/uploads\/2023\/11\/Snow-Plow-Hydraulic-Cylinder-3.webp\" alt=\"Xi lanh th\u1ee7y l\u1ef1c m\u00e1y c\u00e0y tuy\u1ebft\" \/><\/p>\n<p>\u0110\u01b0\u1ee3c ch\u1ebf t\u1ea1o t\u1eeb v\u1eadt li\u1ec7u ch\u1ea5t l\u01b0\u1ee3ng cao, xi lanh th\u1ee7y l\u1ef1c n\u00e0y \u0111\u01b0\u1ee3c thi\u1ebft k\u1ebf \u0111\u1ec3 ch\u1ecbu \u0111\u01b0\u1ee3c nhi\u1ec7t \u0111\u1ed9 kh\u1eafc nghi\u1ec7t v\u00e0 ho\u1ea1t \u0111\u1ed9ng n\u1eb7ng nh\u1ecdc. N\u00f3 \u0111\u01b0\u1ee3c thi\u1ebft k\u1ebf \u0111\u1ec3 mang l\u1ea1i \u0111\u1ed9 b\u1ec1n v\u00e0 tu\u1ed5i th\u1ecd t\u1ed1i \u0111a, \u0111\u1ea3m b\u1ea3o hi\u1ec7u su\u1ea5t \u0111\u00e1ng tin c\u1eady qua t\u1eebng m\u00f9a. V\u1edbi c\u1ea5u tr\u00fac ch\u1eafc ch\u1eafn, n\u00f3 c\u00f3 th\u1ec3 d\u1ec5 d\u00e0ng x\u1eed l\u00fd c\u00e1c nhi\u1ec7m v\u1ee5 kh\u00f3 kh\u0103n li\u00ean quan \u0111\u1ebfn vi\u1ec7c c\u00e0y tuy\u1ebft, ch\u1eb3ng h\u1ea1n nh\u01b0 \u0111\u1ea9y v\u00e0 n\u00e2ng v\u1eadt n\u1eb7ng.<\/p>\n<p>C\u00e1c t\u00f9y ch\u1ecdn t\u00f9y ch\u1ec9nh c\u00f3 s\u1eb5n v\u1edbi xi lanh th\u1ee7y l\u1ef1c n\u00e0y gi\u00fap n\u00f3 tr\u1edf th\u00e0nh m\u1ed9t l\u1ef1a ch\u1ecdn linh ho\u1ea1t cho c\u00e1c thi\u1ebft l\u1eadp m\u00e1y c\u00e0y tuy\u1ebft kh\u00e1c nhau. N\u00f3 c\u00f3 th\u1ec3 \u0111\u01b0\u1ee3c \u0111i\u1ec1u ch\u1ec9nh \u0111\u1ec3 \u0111\u00e1p \u1ee9ng c\u00e1c y\u00eau c\u1ea7u c\u1ee5 th\u1ec3, bao g\u1ed3m chi\u1ec1u d\u00e0i h\u00e0nh tr\u00ecnh, t\u00f9y ch\u1ecdn l\u1eafp \u0111\u1eb7t v\u00e0 m\u1ee9c \u00e1p su\u1ea5t. T\u00ednh linh ho\u1ea1t n\u00e0y \u0111\u1ea3m b\u1ea3o r\u1eb1ng n\u00f3 c\u00f3 th\u1ec3 t\u00edch h\u1ee3p li\u1ec1n m\u1ea1ch v\u1edbi nhi\u1ec1u h\u1ec7 th\u1ed1ng c\u00e0y tuy\u1ebft kh\u00e1c nhau, n\u00e2ng cao hi\u1ec7u qu\u1ea3 v\u00e0 hi\u1ec7u su\u1ea5t c\u1ee7a ch\u00fang.<\/p>\n<p>B\u00ean c\u1ea1nh ch\u1ee9c n\u0103ng \u1ea5n t\u01b0\u1ee3ng, xi lanh th\u1ee7y l\u1ef1c n\u00e0y c\u00f2n s\u1edf h\u1eefu c\u00e1c t\u00ednh n\u0103ng an to\u00e0n ti\u00ean ti\u1ebfn. N\u00f3 \u0111\u01b0\u1ee3c thi\u1ebft k\u1ebf v\u1edbi c\u00e1c c\u01a1 ch\u1ebf t\u00edch h\u1ee3p \u0111\u1ec3 ng\u0103n ng\u1eeba qu\u00e1 t\u1ea3i v\u00e0 \u0111\u1ea3m b\u1ea3o chuy\u1ec3n \u0111\u1ed9ng m\u01b0\u1ee3t m\u00e0, c\u00f3 ki\u1ec3m so\u00e1t. C\u00e1c t\u00ednh n\u0103ng an to\u00e0n n\u00e0y kh\u00f4ng ch\u1ec9 b\u1ea3o v\u1ec7 thi\u1ebft b\u1ecb m\u00e0 c\u00f2n \u0111\u1ea3m b\u1ea3o an to\u00e0n cho ng\u01b0\u1eddi v\u1eadn h\u00e0nh trong qu\u00e1 tr\u00ecnh c\u00e0y tuy\u1ebft.<\/p>\n<p>Nh\u00ecn chung, Xi lanh th\u1ee7y l\u1ef1c mini t\u00f9y ch\u1ec9nh ch\u1ea5t l\u01b0\u1ee3ng cao d\u00e0nh cho m\u00e1y c\u00e0y tuy\u1ebft l\u00e0 m\u1ed9t s\u1ea3n ph\u1ea9m \u0111\u00e1ng tin c\u1eady v\u00e0 hi\u1ec7u su\u1ea5t cao, thi\u1ebft y\u1ebfu cho vi\u1ec7c d\u1ecdn tuy\u1ebft hi\u1ec7u qu\u1ea3. V\u1edbi thi\u1ebft k\u1ebf nh\u1ecf g\u1ecdn, \u0111\u1ed9 b\u1ec1n cao, c\u00e1c t\u00f9y ch\u1ecdn t\u00f9y ch\u1ec9nh v\u00e0 c\u00e1c t\u00ednh n\u0103ng an to\u00e0n ti\u00ean ti\u1ebfn, \u0111\u00e2y l\u00e0 s\u1ef1 l\u1ef1a ch\u1ecdn ho\u00e0n h\u1ea3o cho b\u1ea5t k\u1ef3 \u1ee9ng d\u1ee5ng c\u00e0y tuy\u1ebft n\u00e0o. Tr\u1ea3i nghi\u1ec7m s\u1ee9c m\u1ea1nh v\u00e0 \u0111\u1ed9 tin c\u1eady c\u1ee7a xi lanh th\u1ee7y l\u1ef1c n\u00e0y v\u00e0 gi\u00fap c\u00f4ng vi\u1ec7c c\u00e0y tuy\u1ebft c\u1ee7a b\u1ea1n tr\u1edf n\u00ean d\u1ec5 d\u00e0ng v\u00e0 hi\u1ec7u qu\u1ea3. Kh\u00e1m ph\u00e1 s\u1ee9c m\u1ea1nh v\u00e0 hi\u1ec7u qu\u1ea3 c\u1ee7a Xi lanh th\u1ee7y l\u1ef1c mini t\u00f9y ch\u1ec9nh ch\u1ea5t l\u01b0\u1ee3ng cao d\u00e0nh cho m\u00e1y c\u00e0y tuy\u1ebft c\u1ee7a ch\u00fang t\u00f4i. S\u1ea3n ph\u1ea9m c\u1ee7a ch\u00fang t\u00f4i l\u00e0 minh ch\u1ee9ng cho c\u00f4ng ngh\u1ec7 ti\u00ean ti\u1ebfn v\u00e0 quy tr\u00ecnh ki\u1ec3m so\u00e1t ch\u1ea5t l\u01b0\u1ee3ng nghi\u00eam ng\u1eb7t m\u00e0 ch\u00fang t\u00f4i n\u1ed5i ti\u1ebfng. T\u1ea1i FMP Transmission, ch\u00fang t\u00f4i cam k\u1ebft mang \u0111\u1ebfn ch\u1ea5t l\u01b0\u1ee3ng v\u01b0\u1ee3t tr\u1ed9i v\u1edbi gi\u00e1 c\u1ea3 c\u1ea1nh tranh. Ch\u00fang t\u00f4i hi\u1ec3u t\u1ea7m quan tr\u1ecdng c\u1ee7a \u0111\u1ed9 b\u1ec1n v\u00e0 hi\u1ec7u su\u1ea5t, \u0111\u1eb7c bi\u1ec7t l\u00e0 trong c\u00e1c \u1ee9ng d\u1ee5ng h\u1ea1ng n\u1eb7ng nh\u01b0 c\u00e0y tuy\u1ebft. \u0110\u00e2y l\u00e0 l\u00fd do t\u1ea1i sao xi lanh th\u1ee7y l\u1ef1c c\u1ee7a ch\u00fang t\u00f4i n\u1ed5i b\u1eadt tr\u00ean th\u1ecb tr\u01b0\u1eddng.<\/p>\n<h2>T\u00ednh n\u0103ng s\u1ea3n ph\u1ea9m<\/h2>\n<p>Xi lanh th\u1ee7y l\u1ef1c mini t\u00f9y ch\u1ec9nh d\u00e0nh cho m\u00e1y c\u00e0y tuy\u1ebft c\u1ee7a ch\u00fang t\u00f4i kh\u00f4ng ch\u1ec9 l\u00e0 m\u1ed9t xi lanh th\u1ee7y l\u1ef1c th\u00f4ng th\u01b0\u1eddng. N\u00f3 \u0111\u01b0\u1ee3c thi\u1ebft k\u1ebf \u0111\u1eb7c bi\u1ec7t \u0111\u1ec3 \u0111\u1ea3m b\u1ea3o \u0111\u1ed9 b\u1ec1n, \u0111\u1ed9 tin c\u1eady v\u00e0 hi\u1ec7u qu\u1ea3. D\u01b0\u1edbi \u0111\u00e2y l\u00e0 m\u1ed9t s\u1ed1 t\u00ednh n\u0103ng n\u1ed5i b\u1eadt c\u1ee7a n\u00f3:<\/p>\n<ul>\n<li><b>T\u00ecnh tr\u1ea1ng:<\/b> \u0110\u1ea3m b\u1ea3o m\u1edbi v\u1edbi B\u1ea3o h\u00e0nh 1 n\u0103m<\/li>\n<li><b>C\u00e1c ng\u00e0nh c\u00f4ng nghi\u1ec7p \u00e1p d\u1ee5ng:<\/b> Th\u00edch h\u1ee3p l\u00fd t\u01b0\u1edfng cho c\u00e1c C\u1eeda h\u00e0ng s\u1eeda ch\u1eefa m\u00e1y m\u00f3c, Trang tr\u1ea1i, N\u0103ng l\u01b0\u1ee3ng &amp; Khai th\u00e1c, S\u1ea3n xu\u1ea5t m\u00e1y m\u00f3c, Nh\u00e0 m\u00e1y m\u00e1y m\u00f3c<\/li>\n<li><b>C\u00e1c th\u00e0nh ph\u1ea7n c\u1ed1t l\u00f5i:<\/b> V\u00f2ng bi, xi lanh th\u1ee7y l\u1ef1c<\/li>\n<li><b>Quy\u1ec1n l\u1ef1c v\u00e0 C\u1ea5u tr\u00fac:<\/b> Ho\u1ea1t \u0111\u1ed9ng b\u1eb1ng s\u1ee9c m\u1ea1nh th\u1ee7y l\u1ef1c v\u1edbi c\u1ea5u tr\u00fac xi lanh piston ch\u1eafc ch\u1eafn<\/li>\n<li><b>V\u1eadt li\u1ec7u th\u00e2n m\u00e1y:<\/b> \u0110\u01b0\u1ee3c ch\u1ebf t\u1ea1o b\u1eb1ng th\u00e9p ch\u1ea5t l\u01b0\u1ee3ng cao<\/li>\n<li><b>L\u1ef1c \u0111\u1ea9y v\u00e0 l\u1ef1c k\u00e9o t\u1ed1i \u0111a:<\/b> Cung c\u1ea5p l\u1ef1c \u0111\u1ea9y t\u1ed1i \u0111a 3000 v\u00e0 l\u1ef1c k\u00e9o t\u1ed1i \u0111a 20 t\u1ea5n<\/li>\n<\/ul>\n<h2>B\u1ea3o tr\u00ec v\u00e0 Ch\u0103m s\u00f3c<\/h2>\n<p>Vi\u1ec7c b\u1ea3o d\u01b0\u1ee1ng xi lanh th\u1ee7y l\u1ef1c l\u00e0 r\u1ea5t quan tr\u1ecdng \u0111\u1ec3 \u0111\u1ea3m b\u1ea3o tu\u1ed5i th\u1ecd c\u1ee7a n\u00f3. Ki\u1ec3m tra r\u00f2 r\u1ec9 th\u01b0\u1eddng xuy\u00ean, thay d\u1ea7u \u0111\u00fang h\u1ea1n v\u00e0 \u0111\u1ea3m b\u1ea3o h\u1ec7 th\u1ed1ng th\u1ee7y l\u1ef1c kh\u00f4ng b\u1ecb nhi\u1ec5m b\u1ea9n c\u00f3 th\u1ec3 gi\u00fap t\u0103ng \u0111\u00e1ng k\u1ec3 tu\u1ed5i th\u1ecd s\u1ea3n ph\u1ea9m c\u1ee7a b\u1ea1n.<\/p>\n<h2>\u01afu \u0111i\u1ec3m c\u1ee7a xi lanh lo\u1ea1i ch\u1ed1t c\u00f3 th\u1ec3 \u0111i\u1ec1u ch\u1ec9nh<\/h2>\n<ul>\n<li style=\"list-style-type: none;\">\n<ul>\n<li>T\u0103ng t\u00ednh linh ho\u1ea1t<\/li>\n<\/ul>\n<\/li>\n<\/ul>\n<p>Xi lanh lo\u1ea1i ch\u1ed1t \u0111i\u1ec1u ch\u1ec9nh l\u00e0 xi lanh th\u1ee7y l\u1ef1c \u0111a n\u0103ng, c\u00f3 th\u1ec3 \u0111i\u1ec1u ch\u1ec9nh \u0111\u1ec3 ph\u00f9 h\u1ee3p v\u1edbi nhi\u1ec1u \u1ee9ng d\u1ee5ng kh\u00e1c nhau. S\u1ea3n ph\u1ea9m \u0111\u01b0\u1ee3c thi\u1ebft k\u1ebf v\u1edbi \u0111\u1ea7u ch\u1ed1t c\u00f3 th\u1ec3 \u0111i\u1ec1u ch\u1ec9nh \u0111\u1ec3 ph\u00f9 h\u1ee3p v\u1edbi nhi\u1ec1u v\u1ecb tr\u00ed l\u1eafp \u0111\u1eb7t kh\u00e1c nhau. \u0110i\u1ec1u n\u00e0y l\u00e0m cho s\u1ea3n ph\u1ea9m l\u00fd t\u01b0\u1edfng \u0111\u1ec3 s\u1eed d\u1ee5ng trong nhi\u1ec1u lo\u1ea1i m\u00e1y m\u00f3c kh\u00e1c nhau, bao g\u1ed3m c\u1ea3 m\u00e1y c\u00e0y tuy\u1ebft.<\/p>\n<ul>\n<li style=\"list-style-type: none;\">\n<ul>\n<li>Hi\u1ec7u qu\u1ea3 \u0111\u01b0\u1ee3c c\u1ea3i thi\u1ec7n<\/li>\n<\/ul>\n<\/li>\n<\/ul>\n<p>Xi lanh th\u1ee7y l\u1ef1c mini t\u00f9y ch\u1ec9nh ch\u1ea5t l\u01b0\u1ee3ng cao d\u00e0nh cho m\u00e1y c\u00e0y tuy\u1ebft \u0111\u01b0\u1ee3c thi\u1ebft k\u1ebf \u0111\u1ec3 c\u1ea3i thi\u1ec7n hi\u1ec7u su\u1ea5t. S\u1ea3n ph\u1ea9m \u0111\u01b0\u1ee3c ch\u1ebf t\u1ea1o t\u1eeb v\u1eadt li\u1ec7u ch\u1ea5t l\u01b0\u1ee3ng cao v\u00e0 \u0111\u01b0\u1ee3c thi\u1ebft k\u1ebf \u0111\u1ec3 ch\u1ecbu \u0111\u01b0\u1ee3c nhi\u1ec7t \u0111\u1ed9 kh\u1eafc nghi\u1ec7t v\u00e0 \u0111i\u1ec1u ki\u1ec7n l\u00e0m vi\u1ec7c kh\u1eafc nghi\u1ec7t. \u0110i\u1ec1u n\u00e0y c\u00f3 ngh\u0129a l\u00e0 n\u00f3 c\u00f3 th\u1ec3 ho\u1ea1t \u0111\u1ed9ng hi\u1ec7u qu\u1ea3 trong nh\u1eefng m\u00f4i tr\u01b0\u1eddng kh\u1eafc nghi\u1ec7t nh\u1ea5t, l\u00e0 l\u1ef1a ch\u1ecdn l\u00fd t\u01b0\u1edfng \u0111\u1ec3 s\u1eed d\u1ee5ng trong m\u00e1y c\u00e0y tuy\u1ebft.<\/p>\n<ul>\n<li style=\"list-style-type: none;\">\n<ul>\n<li>\u0110\u1ed9 b\u1ec1n t\u0103ng l\u00ean<\/li>\n<\/ul>\n<\/li>\n<\/ul>\n<p>Xi lanh th\u1ee7y l\u1ef1c mini t\u00f9y ch\u1ec9nh ch\u1ea5t l\u01b0\u1ee3ng cao d\u00e0nh cho m\u00e1y c\u00e0y tuy\u1ebft \u0111\u01b0\u1ee3c ch\u1ebf t\u1ea1o t\u1eeb v\u1eadt li\u1ec7u ch\u1ea5t l\u01b0\u1ee3ng cao, b\u1ec1n b\u1ec9. S\u1ea3n ph\u1ea9m \u0111\u01b0\u1ee3c ch\u1ebf t\u1ea1o \u0111\u1ec3 ch\u1ecbu \u0111\u01b0\u1ee3c \u0111i\u1ec1u ki\u1ec7n kh\u1eafc nghi\u1ec7t v\u00e0 nhi\u1ec7t \u0111\u1ed9 kh\u1eafc nghi\u1ec7t, \u0111\u1ea3m b\u1ea3o ho\u1ea1t \u0111\u1ed9ng hi\u1ec7u qu\u1ea3 trong nh\u1eefng m\u00f4i tr\u01b0\u1eddng kh\u1eafc nghi\u1ec7t nh\u1ea5t. \u0110i\u1ec1u n\u00e0y khi\u1ebfn s\u1ea3n ph\u1ea9m tr\u1edf th\u00e0nh l\u1ef1a ch\u1ecdn l\u00fd t\u01b0\u1edfng cho m\u00e1y c\u00e0y tuy\u1ebft, n\u01a1i th\u01b0\u1eddng xuy\u00ean ti\u1ebfp x\u00fac v\u1edbi tuy\u1ebft, b\u0103ng v\u00e0 c\u00e1c \u0111i\u1ec1u ki\u1ec7n kh\u1eafc nghi\u1ec7t kh\u00e1c.<\/p>\n<ul>\n<li style=\"list-style-type: none;\">\n<ul>\n<li>Gi\u1ea3m chi ph\u00ed b\u1ea3o tr\u00ec<\/li>\n<\/ul>\n<\/li>\n<\/ul>\n<p>Xi lanh th\u1ee7y l\u1ef1c mini t\u00f9y ch\u1ec9nh ch\u1ea5t l\u01b0\u1ee3ng cao d\u00e0nh cho m\u00e1y c\u00e0y tuy\u1ebft \u0111\u01b0\u1ee3c thi\u1ebft k\u1ebf \u0111\u1ec3 gi\u1ea3m thi\u1ec3u chi ph\u00ed b\u1ea3o tr\u00ec. S\u1ea3n ph\u1ea9m \u0111\u01b0\u1ee3c l\u00e0m t\u1eeb v\u1eadt li\u1ec7u ch\u1ea5t l\u01b0\u1ee3ng cao, b\u1ec1n b\u1ec9, \u00edt ph\u1ea3i s\u1eeda ch\u1eefa v\u00e0 thay th\u1ebf. \u0110i\u1ec1u n\u00e0y gi\u00fap gi\u1ea3m t\u1ed5ng chi ph\u00ed b\u1ea3o tr\u00ec m\u00e1y c\u00e0y tuy\u1ebft v\u00e0 c\u00e1c lo\u1ea1i m\u00e1y m\u00f3c kh\u00e1c.<\/p>\n<ul>\n<li style=\"list-style-type: none;\">\n<ul>\n<li>Hi\u1ec7u su\u1ea5t \u0111\u01b0\u1ee3c c\u1ea3i thi\u1ec7n<\/li>\n<\/ul>\n<\/li>\n<\/ul>\n<p>Xi lanh th\u1ee7y l\u1ef1c mini t\u00f9y ch\u1ec9nh ch\u1ea5t l\u01b0\u1ee3ng cao d\u00e0nh cho m\u00e1y c\u00e0y tuy\u1ebft \u0111\u01b0\u1ee3c thi\u1ebft k\u1ebf \u0111\u1ec3 c\u1ea3i thi\u1ec7n hi\u1ec7u su\u1ea5t. S\u1ea3n ph\u1ea9m \u0111\u01b0\u1ee3c ch\u1ebf t\u1ea1o t\u1eeb v\u1eadt li\u1ec7u ch\u1ea5t l\u01b0\u1ee3ng cao v\u00e0 \u0111\u01b0\u1ee3c thi\u1ebft k\u1ebf \u0111\u1ec3 ho\u1ea1t \u0111\u1ed9ng hi\u1ec7u qu\u1ea3 trong nh\u1eefng m\u00f4i tr\u01b0\u1eddng kh\u1eafc nghi\u1ec7t nh\u1ea5t. \u0110i\u1ec1u n\u00e0y c\u00f3 ngh\u0129a l\u00e0 n\u00f3 c\u00f3 th\u1ec3 gi\u00fap c\u1ea3i thi\u1ec7n hi\u1ec7u su\u1ea5t c\u1ee7a m\u00e1y c\u00e0y tuy\u1ebft, gi\u00fap ch\u00fang hi\u1ec7u qu\u1ea3 h\u01a1n trong vi\u1ec7c d\u1ecdn tuy\u1ebft v\u00e0 b\u0103ng tr\u00ean \u0111\u01b0\u1eddng v\u00e0 c\u00e1c b\u1ec1 m\u1eb7t kh\u00e1c.<\/p>\n<p>T\u00f3m l\u1ea1i, Xi lanh th\u1ee7y l\u1ef1c mini t\u00f9y ch\u1ec9nh ch\u1ea5t l\u01b0\u1ee3ng cao d\u00e0nh cho m\u00e1y c\u00e0y tuy\u1ebft l\u00e0 l\u1ef1a ch\u1ecdn l\u00fd t\u01b0\u1edfng cho m\u00e1y c\u00e0y tuy\u1ebft. S\u1ea3n ph\u1ea9m \u0111\u01b0\u1ee3c thi\u1ebft k\u1ebf v\u1edbi \u0111\u1ea7u k\u1eb9p c\u00f3 th\u1ec3 \u0111i\u1ec1u ch\u1ec9nh \u0111\u1ec3 ph\u00f9 h\u1ee3p v\u1edbi nhi\u1ec1u v\u1ecb tr\u00ed l\u1eafp \u0111\u1eb7t kh\u00e1c nhau, bi\u1ebfn n\u00f3 th\u00e0nh m\u1ed9t xi lanh th\u1ee7y l\u1ef1c \u0111a n\u0103ng, c\u00f3 th\u1ec3 s\u1eed d\u1ee5ng trong nhi\u1ec1u lo\u1ea1i m\u00e1y m\u00f3c kh\u00e1c nhau. S\u1ea3n ph\u1ea9m c\u0169ng \u0111\u01b0\u1ee3c ch\u1ebf t\u1ea1o t\u1eeb v\u1eadt li\u1ec7u ch\u1ea5t l\u01b0\u1ee3ng cao, \u0111\u01b0\u1ee3c thi\u1ebft k\u1ebf \u0111\u1ec3 ch\u1ecbu \u0111\u01b0\u1ee3c \u0111i\u1ec1u ki\u1ec7n kh\u1eafc nghi\u1ec7t v\u00e0 nhi\u1ec7t \u0111\u1ed9 kh\u1eafc nghi\u1ec7t, mang l\u1ea1i \u0111\u1ed9 b\u1ec1n cao v\u00e0 \u00edt c\u1ea7n b\u1ea3o tr\u00ec. Ngo\u00e0i ra, s\u1ea3n ph\u1ea9m \u0111\u01b0\u1ee3c thi\u1ebft k\u1ebf \u0111\u1ec3 c\u1ea3i thi\u1ec7n hi\u1ec7u su\u1ea5t, tr\u1edf th\u00e0nh m\u1ed9t c\u00f4ng c\u1ee5 hi\u1ec7u qu\u1ea3 \u0111\u1ec3 d\u1ecdn tuy\u1ebft v\u00e0 b\u0103ng tr\u00ean \u0111\u01b0\u1eddng v\u00e0 c\u00e1c b\u1ec1 m\u1eb7t kh\u00e1c.<\/p>\n<h3>Gi\u1edbi thi\u1ec7u v\u1ec1 xi lanh th\u1ee7y l\u1ef1c FMP<\/h3>\n<p>FMP l\u00e0 m\u1ed9t c\u00f4ng ty n\u1ed5i ti\u1ebfng c\u00f3 tr\u1ee5 s\u1edf t\u1ea1i \u00dd, chuy\u00ean cung c\u1ea5p ph\u1ee5 t\u00f9ng m\u00e1y m\u00f3c x\u00e2y d\u1ef1ng ch\u1ea5t l\u01b0\u1ee3ng cao v\u00e0 m\u00e1y m\u00f3c ho\u00e0n ch\u1ec9nh. Ch\u00fang t\u00f4i cung c\u1ea5p cho kh\u00e1ch h\u00e0ng \u0111a d\u1ea1ng c\u00e1c lo\u1ea1i m\u00e1y m\u00f3c x\u00e2y d\u1ef1ng, bao g\u1ed3m h\u1ed9p s\u1ed1 m\u00e1y n\u00f4ng nghi\u1ec7p, h\u1ed9p s\u1ed1 h\u00e0nh tinh, h\u1ed9p s\u1ed1 c\u00f4ng nghi\u1ec7p, v\u00e0 h\u00e0ng lo\u1ea1t ph\u1ee5 ki\u1ec7n cao c\u1ea5p ph\u00f9 h\u1ee3p. Xi lanh th\u1ee7y l\u1ef1c c\u1ee7a ch\u00fang t\u00f4i l\u00e0 m\u1ed9t trong nh\u1eefng s\u1ea3n ph\u1ea9m h\u00e0ng \u0111\u1ea7u m\u00e0 ch\u00fang t\u00f4i t\u1ef1 h\u00e0o gi\u1edbi thi\u1ec7u \u0111\u1ebfn kh\u00e1ch h\u00e0ng. D\u01b0\u1edbi \u0111\u00e2y l\u00e0 m\u1ed9t s\u1ed1 l\u00fd do t\u1ea1i sao:<\/p>\n<ol>\n<li><strong>V\u1eadt li\u1ec7u ch\u1ea5t l\u01b0\u1ee3ng cao:<\/strong> Xi lanh th\u1ee7y l\u1ef1c c\u1ee7a ch\u00fang t\u00f4i \u0111\u01b0\u1ee3c l\u00e0m t\u1eeb v\u1eadt li\u1ec7u ch\u1ea5t l\u01b0\u1ee3ng cao, b\u1ec1n b\u1ec9 v\u00e0 c\u00f3 th\u1ec3 ch\u1ecbu \u0111\u01b0\u1ee3c \u0111i\u1ec1u ki\u1ec7n l\u00e0m vi\u1ec7c kh\u1eafc nghi\u1ec7t. \u0110i\u1ec1u n\u00e0y \u0111\u1ea3m b\u1ea3o tu\u1ed5i th\u1ecd cao h\u01a1n v\u00e0 chi ph\u00ed b\u1ea3o tr\u00ec th\u1ea5p h\u01a1n.<\/li>\n<li><strong>C\u00f3 th\u1ec3 t\u00f9y ch\u1ec9nh:<\/strong> Ch\u00fang t\u00f4i cung c\u1ea5p \u0111a d\u1ea1ng c\u00e1c lo\u1ea1i xi lanh th\u1ee7y l\u1ef1c, bao g\u1ed3m xi lanh ki\u1ec3u ch\u1ed1t \u0111i\u1ec1u ch\u1ec9nh, xi lanh thanh gi\u1eb1ng, xi lanh h\u00e0n v\u00e0 nhi\u1ec1u lo\u1ea1i kh\u00e1c. B\u1ea1n c\u00f3 th\u1ec3 ch\u1ecdn lo\u1ea1i ph\u00f9 h\u1ee3p nh\u1ea5t v\u1edbi nhu c\u1ea7u c\u1ee7a m\u00ecnh, v\u00e0 ch\u00fang t\u00f4i c\u0169ng c\u00f3 th\u1ec3 t\u00f9y ch\u1ec9nh thi\u1ebft k\u1ebf theo y\u00eau c\u1ea7u c\u1ee7a b\u1ea1n.<\/li>\n<li><strong>\u0110\u1ed9i ng\u0169 chuy\u00ean nghi\u1ec7p:<\/strong> \u0110\u1ed9i ng\u0169 chuy\u00ean gia c\u1ee7a ch\u00fang t\u00f4i c\u00f3 nhi\u1ec1u n\u0103m kinh nghi\u1ec7m trong ng\u00e0nh m\u00e1y m\u00f3c x\u00e2y d\u1ef1ng. H\u1ecd c\u00f3 th\u1ec3 t\u01b0 v\u1ea5n s\u1ea3n ph\u1ea9m chuy\u00ean nghi\u1ec7p v\u00e0 \u0111\u01b0a ra nh\u1eefng g\u1ee3i \u00fd mua h\u00e0ng th\u00f4ng minh, gi\u00fap b\u1ea1n \u0111\u01b0a ra quy\u1ebft \u0111\u1ecbnh s\u00e1ng su\u1ed1t.<\/li>\n<li><strong>Ti\u00eau chu\u1ea9n ch\u1ea5t l\u01b0\u1ee3ng nghi\u00eam ng\u1eb7t:<\/strong> Ch\u00fang t\u00f4i thi\u1ebft l\u1eadp m\u1ed1i quan h\u1ec7 h\u1ee3p t\u00e1c l\u00e2u d\u00e0i v\u00e0 \u1ed5n \u0111\u1ecbnh v\u1edbi nhi\u1ec1u nh\u00e0 cung c\u1ea5p ch\u1ea5t l\u01b0\u1ee3ng cao trong v\u00e0 ngo\u00e0i n\u01b0\u1edbc, \u0111\u1ea3m b\u1ea3o t\u1ea5t c\u1ea3 c\u00e1c b\u1ed9 ph\u1eadn \u0111\u01b0\u1ee3c cung c\u1ea5p \u0111\u1ec1u \u0111\u00e1p \u1ee9ng c\u00e1c ti\u00eau chu\u1ea9n ch\u1ea5t l\u01b0\u1ee3ng nghi\u00eam ng\u1eb7t.<\/li>\n<li><strong>Ph\u00e2n ph\u1ed1i h\u1eadu c\u1ea7n hi\u1ec7u qu\u1ea3:<\/strong> Ch\u00fang t\u00f4i c\u00f3 h\u1ec7 th\u1ed1ng ph\u00e2n ph\u1ed1i h\u1eadu c\u1ea7n hi\u1ec7u qu\u1ea3, \u0111\u1ea3m b\u1ea3o kh\u00e1ch h\u00e0ng nh\u1eadn \u0111\u01b0\u1ee3c ph\u1ee5 t\u00f9ng c\u1ea7n thi\u1ebft m\u1ed9t c\u00e1ch k\u1ecbp th\u1eddi v\u00e0 ch\u00ednh x\u00e1c. \u0110i\u1ec1u n\u00e0y gi\u00fap gi\u1ea3m thi\u1ec3u th\u1eddi gian ng\u1eebng ho\u1ea1t \u0111\u1ed9ng v\u00e0 c\u1ea3i thi\u1ec7n n\u0103ng su\u1ea5t t\u1ed5ng th\u1ec3.<\/li>\n<\/ol>\n<p>V\u1edbi Xi lanh th\u1ee7y l\u1ef1c FMP, b\u1ea1n c\u00f3 th\u1ec3 mong \u0111\u1ee3i hi\u1ec7u su\u1ea5t \u0111\u00e1ng tin c\u1eady v\u00e0 b\u1ec1n b\u1ec9, c\u00f3 th\u1ec3 ch\u1ecbu \u0111\u01b0\u1ee3c \u0111i\u1ec1u ki\u1ec7n l\u00e0m vi\u1ec7c kh\u1eafc nghi\u1ec7t. S\u1ea3n ph\u1ea9m c\u1ee7a ch\u00fang t\u00f4i \u0111\u01b0\u1ee3c l\u00e0m t\u1eeb v\u1eadt li\u1ec7u ch\u1ea5t l\u01b0\u1ee3ng cao v\u00e0 c\u00f3 th\u1ec3 t\u00f9y ch\u1ec9nh \u0111\u1ec3 \u0111\u00e1p \u1ee9ng c\u00e1c y\u00eau c\u1ea7u c\u1ee5 th\u1ec3 c\u1ee7a b\u1ea1n. Ch\u00fang t\u00f4i c\u00f3 \u0111\u1ed9i ng\u0169 chuy\u00ean gia gi\u00e0u kinh nghi\u1ec7m, s\u1eb5n s\u00e0ng t\u01b0 v\u1ea5n chuy\u00ean m\u00f4n v\u00e0 quy tr\u00ecnh ki\u1ec3m so\u00e1t ch\u1ea5t l\u01b0\u1ee3ng nghi\u00eam ng\u1eb7t \u0111\u1ec3 \u0111\u1ea3m b\u1ea3o b\u1ea1n ch\u1ec9 nh\u1eadn \u0111\u01b0\u1ee3c nh\u1eefng s\u1ea3n ph\u1ea9m t\u1ed1t nh\u1ea5t. V\u1edbi h\u1ec7 th\u1ed1ng ph\u00e2n ph\u1ed1i h\u1eadu c\u1ea7n hi\u1ec7u qu\u1ea3, b\u1ea1n c\u00f3 th\u1ec3 y\u00ean t\u00e2m r\u1eb1ng b\u1ea1n s\u1ebd nh\u1eadn \u0111\u01b0\u1ee3c ph\u1ee5 t\u00f9ng \u0111\u00fang h\u1ea1n v\u00e0 gi\u1ea3m thi\u1ec3u th\u1eddi gian ng\u1eebng ho\u1ea1t \u0111\u1ed9ng. Li\u00ean h\u1ec7 v\u1edbi ch\u00fang t\u00f4i ngay b\u00e2y gi\u1edd v\u00e0 t\u00ecm hi\u1ec3u c\u00e1ch ch\u00fang t\u00f4i c\u00f3 th\u1ec3 gi\u00fap c\u1ea3i thi\u1ec7n hi\u1ec7u su\u1ea5t m\u00e1y m\u00f3c x\u00e2y d\u1ef1ng c\u1ee7a b\u1ea1n!<\/p>\n<p><img decoding=\"async\" src=\"https:\/\/fmp-components.com\/wp-content\/uploads\/2024\/12\/Adjustable-Clevis-Type-Cylinders-6.webp\" alt=\"Xi lanh lo\u1ea1i Clevis c\u00f3 th\u1ec3 \u0111i\u1ec1u ch\u1ec9nh\" width=\"838\" title=\"\"><\/p>\n<h2>Nh\u1eefng c\u00e2u h\u1ecfi th\u01b0\u1eddng g\u1eb7p<\/h2>\n<dl>\n<dt><b>Q: B\u1ea1n l\u00e0 c\u00f4ng ty th\u01b0\u01a1ng m\u1ea1i hay nh\u00e0 s\u1ea3n xu\u1ea5t?<\/b><\/dt>\n<dd>A: Ch\u00fang t\u00f4i l\u00e0 nh\u00e0 s\u1ea3n xu\u1ea5t.<\/dd>\n<dt><b>Q: Th\u1eddi gian giao h\u00e0ng c\u1ee7a b\u1ea1n l\u00e0 bao l\u00e2u?<\/b><\/dt>\n<dd>A: Th\u00f4ng th\u01b0\u1eddng l\u00e0 25-35 ng\u00e0y.<\/dd>\n<dt><b>H: B\u1ea1n c\u00f3 cung c\u1ea5p m\u1eabu th\u1eed kh\u00f4ng? M\u1eabu mi\u1ec5n ph\u00ed hay t\u00ednh th\u00eam ph\u00ed?<\/b><\/dt>\n<dd>A: C\u00f3, ch\u00fang t\u00f4i c\u00f3 th\u1ec3 cung c\u1ea5p m\u1eabu, nh\u01b0ng kh\u00f4ng mi\u1ec5n ph\u00ed.<\/dd>\n<\/dl>\n<p>T\u00e1c gi\u1ea3: CX<\/p>","protected":false},"excerpt":{"rendered":"<p>High Quality Mini Customized Hydraulic Cylinder for Snow Plow Introducing the High Quality Mini Customized Hydraulic Cylinder for Snow Plow: The High Quality Mini Customized Hydraulic Cylinder for Snow Plow is a top-notch product designed to meet the specific needs of snow plowing. This hydraulic cylinder is engineered with precision and expertise to ensure optimal [&hellip;]<\/p>","protected":false},"featured_media":1521,"comment_status":"closed","ping_status":"closed","template":"","meta":{"_et_pb_use_builder":"","_et_pb_old_content":"","_et_gb_content_width":""},"product_brand":[],"product_cat":[42],"product_tag":[34,44],"class_list":{"0":"post-1520","1":"product","2":"type-product","3":"status-publish","4":"has-post-thumbnail","6":"product_cat-snow-plow-hydraulic-cylinder","7":"product_tag-hydraulic-cylinder","8":"product_tag-snow-plow-hydraulic-cylinder","10":"first","11":"instock","12":"product-type-simple"},"_links":{"self":[{"href":"https:\/\/fmp-components.com\/vi\/wp-json\/wp\/v2\/product\/1520","targetHints":{"allow":["GET"]}}],"collection":[{"href":"https:\/\/fmp-components.com\/vi\/wp-json\/wp\/v2\/product"}],"about":[{"href":"https:\/\/fmp-components.com\/vi\/wp-json\/wp\/v2\/types\/product"}],"replies":[{"embeddable":true,"href":"https:\/\/fmp-components.com\/vi\/wp-json\/wp\/v2\/comments?post=1520"}],"wp:featuredmedia":[{"embeddable":true,"href":"https:\/\/fmp-components.com\/vi\/wp-json\/wp\/v2\/media\/1521"}],"wp:attachment":[{"href":"https:\/\/fmp-components.com\/vi\/wp-json\/wp\/v2\/media?parent=1520"}],"wp:term":[{"taxonomy":"product_brand","embeddable":true,"href":"https:\/\/fmp-components.com\/vi\/wp-json\/wp\/v2\/product_brand?post=1520"},{"taxonomy":"product_cat","embeddable":true,"href":"https:\/\/fmp-components.com\/vi\/wp-json\/wp\/v2\/product_cat?post=1520"},{"taxonomy":"product_tag","embeddable":true,"href":"https:\/\/fmp-components.com\/vi\/wp-json\/wp\/v2\/product_tag?post=1520"}],"curies":[{"name":"wp","href":"https:\/\/api.w.org\/{rel}","templated":true}]}}