{"id":1518,"date":"2024-12-23T05:50:37","date_gmt":"2024-12-23T05:50:37","guid":{"rendered":"https:\/\/fmp-components.com\/product\/small-2-ton-hydraulic-piston-cylinder-hydraulic-cylinder-for-snow-plow\/"},"modified":"2025-05-10T13:02:44","modified_gmt":"2025-05-10T13:02:44","slug":"small-2-ton-hydraulic-piston-cylinder-hydraulic-cylinder-for-snow-plow","status":"publish","type":"product","link":"https:\/\/fmp-components.com\/vi\/product\/small-2-ton-hydraulic-piston-cylinder-hydraulic-cylinder-for-snow-plow\/","title":{"rendered":"Xi lanh th\u1ee7y l\u1ef1c piston 2 t\u1ea5n nh\u1ecf Xi lanh th\u1ee7y l\u1ef1c cho m\u00e1y c\u00e0y tuy\u1ebft"},"content":{"rendered":"<h2>Xi lanh th\u1ee7y l\u1ef1c piston 2 t\u1ea5n nh\u1ecf Xi lanh th\u1ee7y l\u1ef1c cho m\u00e1y c\u00e0y tuy\u1ebft<\/h2>\n<p>Xi lanh th\u1ee7y l\u1ef1c piston th\u1ee7y l\u1ef1c nh\u1ecf 2 t\u1ea5n c\u1ee7a ch\u00fang t\u00f4i d\u00e0nh cho m\u00e1y c\u00e0y tuy\u1ebft l\u00e0 m\u1ed9t xi lanh th\u1ee7y l\u1ef1c c\u1ea3i ti\u1ebfn v\u00e0 \u0111\u00e1ng tin c\u1eady, \u0111\u01b0\u1ee3c thi\u1ebft k\u1ebf v\u1edbi c\u1ea5u tr\u00fac xi lanh piston ti\u00eau chu\u1ea9n v\u00e0 h\u1ec7 th\u1ed1ng th\u1ee7y l\u1ef1c. \u0110\u00e2y l\u00e0 m\u1ed9t s\u1ef1 b\u1ed5 sung l\u00fd t\u01b0\u1edfng cho c\u00e1c x\u01b0\u1edfng s\u1eeda ch\u1eefa m\u00e1y m\u00f3c, trang tr\u1ea1i, ng\u00e0nh n\u0103ng l\u01b0\u1ee3ng &amp; khai th\u00e1c m\u1ecf, s\u1ea3n xu\u1ea5t m\u00e1y m\u00f3c v\u00e0 nh\u00e0 m\u00e1y. V\u1edbi th\u00e2n th\u00e9p ch\u1eafc ch\u1eafn, xi lanh \u0111\u01b0\u1ee3c ch\u1ebf t\u1ea1o \u0111\u1ec3 ch\u1ecbu \u0111\u01b0\u1ee3c \u0111i\u1ec1u ki\u1ec7n l\u00e0m vi\u1ec7c kh\u1eafc nghi\u1ec7t v\u00e0 cung c\u1ea5p l\u1ef1c \u0111\u1ea9y v\u00e0 l\u1ef1c k\u00e9o t\u1ed1i \u0111a cho hi\u1ec7u su\u1ea5t ho\u1ea1t \u0111\u1ed9ng hi\u1ec7u qu\u1ea3.<\/p>\n<h3>T\u00ednh n\u0103ng s\u1ea3n ph\u1ea9m<\/h3>\n<ul>\n<li>Nh\u1eb9: Ch\u1ec9 n\u1eb7ng 10 kg<\/li>\n<li>B\u1ea3o h\u00e0nh 1 n\u0103m<\/li>\n<li>\u0110\u01b0\u1ee3c ch\u1ee9ng nh\u1eadn ISO9001:2000 v\u1ec1 \u0111\u1ea3m b\u1ea3o ch\u1ea5t l\u01b0\u1ee3ng<\/li>\n<li>C\u00e1c th\u00e0nh ph\u1ea7n c\u1ed1t l\u00f5i bao g\u1ed3m \u1ed5 tr\u1ee5c v\u00e0 xi lanh th\u1ee7y l\u1ef1c<\/li>\n<li>C\u00f3 s\u1eb5n m\u00e0u \u0111en<\/li>\n<li>C\u00f3 th\u1ec3 t\u00f9y ch\u1ec9nh v\u1edbi c\u1ed5ng G\/SAE\/NPT\/M<\/li>\n<\/ul>\n<p><img decoding=\"async\" title=\"Xi lanh th\u1ee7y l\u1ef1c m\u00e1y c\u00e0y tuy\u1ebft\" src=\"https:\/\/hzpt.com\/wp-content\/uploads\/2023\/11\/Snow-Plow-Hydraulic-Cylinder-2.webp\" alt=\"Xi lanh th\u1ee7y l\u1ef1c m\u00e1y c\u00e0y tuy\u1ebft\" \/><\/p>\n<h3>K\u00edch th\u01b0\u1edbc<\/h3>\n<ul>\n<li>K\u00edch th\u01b0\u1edbc l\u1ed7 khoan: 2-6 inch<\/li>\n<li>K\u00edch th\u01b0\u1edbc thanh: 1,125-4 inch<\/li>\n<li>K\u00edch th\u01b0\u1edbc n\u00e9t: 4-100 inch<\/li>\n<li>K\u00edch th\u01b0\u1edbc ch\u1ed1t: 0,5-2 inch<\/li>\n<\/ul>\n<h3>C\u00f4ng su\u1ea5t v\u00e0 hi\u1ec7u su\u1ea5t<\/h3>\n<p>Xi lanh th\u1ee7y l\u1ef1c c\u00e0y tuy\u1ebft c\u1ee7a ch\u00fang t\u00f4i \u0111\u01b0\u1ee3c thi\u1ebft k\u1ebf \u0111\u1ec3 x\u1eed l\u00fd c\u00e1c c\u00f4ng vi\u1ec7c n\u1eb7ng m\u1ed9t c\u00e1ch d\u1ec5 d\u00e0ng, v\u1edbi l\u1ef1c \u0111\u1ea9y t\u1ed1i \u0111a 3000 v\u00e0 l\u1ef1c k\u00e9o t\u1ed1i \u0111a 20 t\u1ea5n. S\u1ea3n ph\u1ea9m ho\u00e0n h\u1ea3o cho c\u00e1c x\u01b0\u1edfng s\u1eeda ch\u1eefa m\u00e1y m\u00f3c, trang tr\u1ea1i, ng\u00e0nh n\u0103ng l\u01b0\u1ee3ng &amp; khai th\u00e1c m\u1ecf, s\u1ea3n xu\u1ea5t m\u00e1y m\u00f3c v\u00e0 nh\u00e0 m\u00e1y.<\/p>\n<h2>\u01afu \u0111i\u1ec3m c\u1ee7a xi lanh lo\u1ea1i ch\u1ed1t c\u00f3 th\u1ec3 \u0111i\u1ec1u ch\u1ec9nh<\/h2>\n<p>C\u00e1c lo\u1ea1i xi lanh ki\u1ec3u ch\u1ed1t \u0111i\u1ec1u ch\u1ec9nh, ch\u1eb3ng h\u1ea1n nh\u01b0 Xi lanh th\u1ee7y l\u1ef1c piston th\u1ee7y l\u1ef1c nh\u1ecf 2 t\u1ea5n d\u00f9ng cho m\u00e1y c\u00e0y tuy\u1ebft, mang l\u1ea1i nhi\u1ec1u l\u1ee3i \u00edch cho nhi\u1ec1u \u1ee9ng d\u1ee5ng kh\u00e1c nhau. Trong b\u00e0i vi\u1ebft n\u00e0y, ch\u00fang ta s\u1ebd t\u00ecm hi\u1ec3u chi ti\u1ebft v\u1ec1 nh\u1eefng \u01b0u \u0111i\u1ec3m c\u1ee7a c\u00e1c lo\u1ea1i xi lanh n\u00e0y.<\/p>\n<h3>1. T\u0103ng c\u01b0\u1eddng t\u00ednh linh ho\u1ea1t<\/h3>\n<p>M\u1ed9t trong nh\u1eefng \u01b0u \u0111i\u1ec3m ch\u00ednh c\u1ee7a xi lanh lo\u1ea1i ch\u1ed1t \u0111i\u1ec1u ch\u1ec9nh l\u00e0 t\u00ednh linh ho\u1ea1t \u0111\u01b0\u1ee3c c\u1ea3i thi\u1ec7n. C\u00e1c xi lanh n\u00e0y cho ph\u00e9p d\u1ec5 d\u00e0ng \u0111i\u1ec1u ch\u1ec9nh v\u00e0 t\u00f9y ch\u1ec9nh, cho ph\u00e9p ch\u00fang th\u00edch \u1ee9ng v\u1edbi c\u00e1c y\u00eau c\u1ea7u v\u00e0 th\u00f4ng s\u1ed1 k\u1ef9 thu\u1eadt kh\u00e1c nhau. Kh\u1ea3 n\u0103ng \u0111i\u1ec1u ch\u1ec9nh ch\u1ed1t mang l\u1ea1i s\u1ef1 linh ho\u1ea1t h\u01a1n trong vi\u1ec7c k\u1ebft n\u1ed1i xi lanh v\u1edbi c\u00e1c li\u00ean k\u1ebft kh\u00e1c nhau, cho ph\u00e9p ki\u1ec3m so\u00e1t ch\u00ednh x\u00e1c v\u00e0 hi\u1ec7u su\u1ea5t t\u1ed1i \u01b0u.<\/p>\n<h3>2. N\u00e2ng cao hi\u1ec7u qu\u1ea3<\/h3>\n<p>Xi lanh lo\u1ea1i ch\u1ed1t \u0111i\u1ec1u ch\u1ec9nh \u0111\u01b0\u1ee3c thi\u1ebft k\u1ebf \u0111\u1ec3 c\u1ea3i thi\u1ec7n hi\u1ec7u su\u1ea5t trong h\u1ec7 th\u1ed1ng th\u1ee7y l\u1ef1c. Nh\u1edd kh\u1ea3 n\u0103ng \u0111i\u1ec1u ch\u1ec9nh ch\u00ednh x\u00e1c, c\u00e1c xi lanh n\u00e0y \u0111\u1ea3m b\u1ea3o l\u1ef1c \u0111\u01b0\u1ee3c truy\u1ec1n \u0111i m\u1ed9t c\u00e1ch hi\u1ec7u qu\u1ea3 nh\u1ea5t, gi\u1ea3m thi\u1ec3u t\u1ed5n th\u1ea5t n\u0103ng l\u01b0\u1ee3ng v\u00e0 t\u1ed1i \u0111a h\u00f3a c\u00f4ng su\u1ea5t. Kh\u1ea3 n\u0103ng tinh ch\u1ec9nh v\u1ecb tr\u00ed ch\u1ed1t \u0111\u1ea3m b\u1ea3o xi lanh ho\u1ea1t \u0111\u1ed9ng \u1edf hi\u1ec7u su\u1ea5t t\u1ed1i \u01b0u, t\u1eeb \u0111\u00f3 c\u1ea3i thi\u1ec7n hi\u1ec7u su\u1ea5t t\u1ed5ng th\u1ec3.<\/p>\n<h3>3. \u0110\u1ed9 b\u1ec1n \u0111\u01b0\u1ee3c c\u1ea3i thi\u1ec7n<\/h3>\n<p>M\u1ed9t \u01b0u \u0111i\u1ec3m kh\u00e1c c\u1ee7a xi lanh lo\u1ea1i ch\u1ed1t \u0111i\u1ec1u ch\u1ec9nh \u0111\u01b0\u1ee3c l\u00e0 \u0111\u1ed9 b\u1ec1n \u0111\u01b0\u1ee3c c\u1ea3i thi\u1ec7n. Nh\u1eefng xi lanh n\u00e0y \u0111\u01b0\u1ee3c ch\u1ebf t\u1ea1o \u0111\u1ec3 ch\u1ecbu \u0111\u01b0\u1ee3c c\u00e1c \u1ee9ng d\u1ee5ng n\u1eb7ng v\u00e0 \u0111i\u1ec1u ki\u1ec7n v\u1eadn h\u00e0nh kh\u1eafc nghi\u1ec7t. Vi\u1ec7c s\u1eed d\u1ee5ng v\u1eadt li\u1ec7u ch\u1ea5t l\u01b0\u1ee3ng cao v\u00e0 k\u1ef9 thu\u1eadt s\u1ea3n xu\u1ea5t ti\u00ean ti\u1ebfn \u0111\u1ea3m b\u1ea3o r\u1eb1ng c\u00e1c xi lanh n\u00e0y c\u00f3 th\u1ec3 ch\u1ecbu \u0111\u01b0\u1ee3c \u00e1p su\u1ea5t cao, nhi\u1ec7t \u0111\u1ed9 kh\u1eafc nghi\u1ec7t v\u00e0 m\u00f4i tr\u01b0\u1eddng \u0103n m\u00f2n. \u0110\u1ed9 b\u1ec1n n\u00e0y \u0111\u1ed3ng ngh\u0129a v\u1edbi tu\u1ed5i th\u1ecd d\u00e0i h\u01a1n v\u00e0 gi\u1ea3m chi ph\u00ed b\u1ea3o tr\u00ec.<\/p>\n<h3>4. Ki\u1ec3m so\u00e1t ch\u00ednh x\u00e1c<\/h3>\n<p>Xi lanh lo\u1ea1i ch\u1ed1t \u0111i\u1ec1u ch\u1ec9nh cho ph\u00e9p ki\u1ec3m so\u00e1t ch\u00ednh x\u00e1c chuy\u1ec3n \u0111\u1ed9ng v\u00e0 v\u1ecb tr\u00ed c\u1ee7a c\u01a1 c\u1ea5u li\u00ean k\u1ebft. Kh\u1ea3 n\u0103ng \u0111i\u1ec1u ch\u1ec9nh v\u1ecb tr\u00ed ch\u1ed1t cho ph\u00e9p tinh ch\u1ec9nh \u0111\u1ed9 d\u00e0i h\u00e0nh tr\u00ecnh v\u00e0 l\u1ef1c t\u00e1c d\u1ee5ng c\u1ee7a xi lanh. Kh\u1ea3 n\u0103ng ki\u1ec3m so\u00e1t ch\u00ednh x\u00e1c n\u00e0y r\u1ea5t quan tr\u1ecdng trong c\u00e1c \u1ee9ng d\u1ee5ng y\u00eau c\u1ea7u \u0111\u1ecbnh v\u1ecb ch\u00ednh x\u00e1c, ch\u1eb3ng h\u1ea1n nh\u01b0 m\u00e1y c\u00e0y tuy\u1ebft. B\u1eb1ng c\u00e1ch s\u1eed d\u1ee5ng Xi lanh th\u1ee7y l\u1ef1c piston th\u1ee7y l\u1ef1c nh\u1ecf 2 t\u1ea5n cho m\u00e1y c\u00e0y tuy\u1ebft, ng\u01b0\u1eddi v\u1eadn h\u00e0nh c\u00f3 th\u1ec3 ki\u1ec3m so\u00e1t ch\u00ednh x\u00e1c chuy\u1ec3n \u0111\u1ed9ng c\u1ee7a m\u00e1y c\u00e0y, \u0111\u1ea3m b\u1ea3o vi\u1ec7c d\u1ecdn tuy\u1ebft hi\u1ec7u qu\u1ea3.<\/p>\n<h3>5. T\u00ednh linh ho\u1ea1t<\/h3>\n<p>Xi lanh lo\u1ea1i ch\u1ed1t \u0111i\u1ec1u ch\u1ec9nh mang l\u1ea1i t\u00ednh linh ho\u1ea1t trong \u1ee9ng d\u1ee5ng. Nh\u1eefng xi lanh n\u00e0y c\u00f3 th\u1ec3 \u0111\u01b0\u1ee3c s\u1eed d\u1ee5ng trong nhi\u1ec1u ng\u00e0nh c\u00f4ng nghi\u1ec7p v\u00e0 \u1ee9ng d\u1ee5ng, bao g\u1ed3m n\u00f4ng nghi\u1ec7p, x\u00e2y d\u1ef1ng, x\u1eed l\u00fd v\u1eadt li\u1ec7u, v.v. Thi\u1ebft k\u1ebf \u0111i\u1ec1u ch\u1ec9nh c\u1ee7a ch\u00fang cho ph\u00e9p d\u1ec5 d\u00e0ng t\u00edch h\u1ee3p v\u00e0o nhi\u1ec1u h\u1ec7 th\u1ed1ng v\u00e0 li\u00ean k\u1ebft kh\u00e1c nhau, khi\u1ebfn ch\u00fang tr\u1edf th\u00e0nh l\u1ef1a ch\u1ecdn linh ho\u1ea1t cho c\u00e1c thi\u1ebft l\u1eadp th\u1ee7y l\u1ef1c kh\u00e1c nhau.<\/p>\n<p>T\u00f3m l\u1ea1i, c\u00e1c xi lanh ki\u1ec3u ch\u1ed1t \u0111i\u1ec1u ch\u1ec9nh, ch\u1eb3ng h\u1ea1n nh\u01b0 Xi lanh th\u1ee7y l\u1ef1c piston th\u1ee7y l\u1ef1c nh\u1ecf 2 t\u1ea5n cho m\u00e1y c\u00e0y tuy\u1ebft, mang l\u1ea1i nhi\u1ec1u \u01b0u \u0111i\u1ec3m. T\u00ednh linh ho\u1ea1t \u0111\u01b0\u1ee3c c\u1ea3i thi\u1ec7n, hi\u1ec7u su\u1ea5t \u0111\u01b0\u1ee3c c\u1ea3i thi\u1ec7n, \u0111\u1ed9 b\u1ec1n \u0111\u01b0\u1ee3c n\u00e2ng cao, kh\u1ea3 n\u0103ng \u0111i\u1ec1u khi\u1ec3n ch\u00ednh x\u00e1c v\u00e0 t\u00ednh linh ho\u1ea1t cao khi\u1ebfn ch\u00fang tr\u1edf th\u00e0nh m\u1ed9t th\u00e0nh ph\u1ea7n quan tr\u1ecdng trong h\u1ec7 th\u1ed1ng th\u1ee7y l\u1ef1c. Cho d\u00f9 d\u00f9ng cho m\u00e1y c\u00e0y tuy\u1ebft hay c\u00e1c \u1ee9ng d\u1ee5ng kh\u00e1c, nh\u1eefng xi lanh n\u00e0y \u0111\u1ec1u mang l\u1ea1i hi\u1ec7u su\u1ea5t v\u00e0 \u0111\u1ed9 tin c\u1eady c\u1ea7n thi\u1ebft.<\/p>\n<h3>Gi\u1edbi thi\u1ec7u v\u1ec1 FMP<\/h3>\n<p>FMP l\u00e0 c\u00f4ng ty h\u00e0ng \u0111\u1ea7u chuy\u00ean s\u1ea3n xu\u1ea5t v\u00e0 kinh doanh Xi lanh th\u1ee7y l\u1ef1c. V\u1edbi nhi\u1ec1u n\u0103m kinh nghi\u1ec7m trong ng\u00e0nh v\u00e0 \u0111\u1ed9i ng\u0169 chuy\u00ean nghi\u1ec7p, ch\u00fang t\u00f4i cam k\u1ebft cung c\u1ea5p cho kh\u00e1ch h\u00e0ng nh\u1eefng xi lanh th\u1ee7y l\u1ef1c ch\u1ea5t l\u01b0\u1ee3ng cao, \u0111\u00e1ng tin c\u1eady v\u00e0 c\u00e1c gi\u1ea3i ph\u00e1p m\u00e1y m\u00f3c to\u00e0n di\u1ec7n.<\/p>\n<p><img decoding=\"async\" class=\"aligncenter\" src=\"https:\/\/fmp-components.com\/wp-content\/uploads\/2024\/12\/Adjustable-Clevis-Type-Cylinders-6.webp\" alt=\"Xi lanh lo\u1ea1i Clevis c\u00f3 th\u1ec3 \u0111i\u1ec1u ch\u1ec9nh\" width=\"837\" title=\"\"><\/p>\n<p>Sau \u0111\u00e2y l\u00e0 n\u0103m l\u1ee3i th\u1ebf ch\u00ednh c\u1ee7a s\u1ea3n ph\u1ea9m v\u00e0 c\u00f4ng ty ch\u00fang t\u00f4i:<\/p>\n<ol>\n<li>L\u1ef1a ch\u1ecdn \u0111a d\u1ea1ng: Ch\u00fang t\u00f4i cung c\u1ea5p \u0111\u1ea7y \u0111\u1ee7 c\u00e1c lo\u1ea1i xi lanh th\u1ee7y l\u1ef1c ph\u00f9 h\u1ee3p v\u1edbi nhi\u1ec1u \u1ee9ng d\u1ee5ng kh\u00e1c nhau trong ng\u00e0nh m\u00e1y m\u00f3c x\u00e2y d\u1ef1ng. T\u1eeb xi lanh lo\u1ea1i ch\u1ed1t \u0111i\u1ec1u ch\u1ec9nh \u0111\u1ebfn c\u00e1c lo\u1ea1i chuy\u00ean d\u1ee5ng kh\u00e1c, ch\u00fang t\u00f4i c\u00f3 gi\u1ea3i ph\u00e1p ho\u00e0n h\u1ea3o \u0111\u00e1p \u1ee9ng c\u00e1c y\u00eau c\u1ea7u c\u1ee5 th\u1ec3 c\u1ee7a b\u1ea1n.<\/li>\n<li>Ch\u1ea5t l\u01b0\u1ee3ng v\u01b0\u1ee3t tr\u1ed9i: T\u1ea1i FMP, ch\u00fang t\u00f4i \u01b0u ti\u00ean ch\u1ea5t l\u01b0\u1ee3ng v\u00e0 \u0111\u1ea3m b\u1ea3o t\u1ea5t c\u1ea3 xi lanh th\u1ee7y l\u1ef1c c\u1ee7a ch\u00fang t\u00f4i \u0111\u1ec1u \u0111\u00e1p \u1ee9ng c\u00e1c ti\u00eau chu\u1ea9n ch\u1ea5t l\u01b0\u1ee3ng nghi\u00eam ng\u1eb7t. S\u1ea3n ph\u1ea9m c\u1ee7a ch\u00fang t\u00f4i \u0111\u01b0\u1ee3c s\u1ea3n xu\u1ea5t b\u1eb1ng v\u1eadt li\u1ec7u cao c\u1ea5p v\u00e0 tr\u1ea3i qua qu\u00e1 tr\u00ecnh ki\u1ec3m tra nghi\u00eam ng\u1eb7t \u0111\u1ec3 \u0111\u1ea3m b\u1ea3o \u0111\u1ed9 b\u1ec1n v\u00e0 hi\u1ec7u su\u1ea5t.<\/li>\n<li>\u0110\u1ed9i ng\u0169 b\u00e1n h\u00e0ng chuy\u00ean nghi\u1ec7p: \u0110\u1ed9i ng\u0169 b\u00e1n h\u00e0ng gi\u00e0u kinh nghi\u1ec7m c\u1ee7a ch\u00fang t\u00f4i s\u1edf h\u1eefu ki\u1ebfn \u200b\u200bth\u1ee9c chuy\u00ean s\u00e2u v\u1ec1 ng\u00e0nh m\u00e1y m\u00f3c x\u00e2y d\u1ef1ng, lu\u00f4n c\u1eadp nh\u1eadt xu h\u01b0\u1edbng m\u1edbi nh\u1ea5t v\u00e0 th\u1ea5u hi\u1ec3u nhu c\u1ea7u c\u1ee7a kh\u00e1ch h\u00e0ng. H\u1ecd s\u1eb5n s\u00e0ng t\u01b0 v\u1ea5n s\u1ea3n ph\u1ea9m chuy\u00ean nghi\u1ec7p v\u00e0 \u0111\u01b0a ra nh\u1eefng g\u1ee3i \u00fd mua h\u00e0ng th\u00f4ng minh, gi\u00fap b\u1ea1n \u0111\u01b0a ra quy\u1ebft \u0111\u1ecbnh s\u00e1ng su\u1ed1t.<\/li>\n<li>H\u1eadu c\u1ea7n hi\u1ec7u qu\u1ea3: Ch\u00fang t\u00f4i hi\u1ec3u t\u1ea7m quan tr\u1ecdng c\u1ee7a vi\u1ec7c giao h\u00e0ng \u0111\u00fang h\u1ea1n, do \u0111\u00f3, ch\u00fang t\u00f4i \u0111\u00e3 thi\u1ebft l\u1eadp m\u1ed9t h\u1ec7 th\u1ed1ng ph\u00e2n ph\u1ed1i h\u1eadu c\u1ea7n hi\u1ec7u qu\u1ea3. \u0110i\u1ec1u n\u00e0y \u0111\u1ea3m b\u1ea3o kh\u00e1ch h\u00e0ng nh\u1eadn \u0111\u01b0\u1ee3c xi lanh th\u1ee7y l\u1ef1c c\u1ea7n thi\u1ebft m\u1ed9t c\u00e1ch nhanh ch\u00f3ng v\u00e0 ch\u00ednh x\u00e1c, gi\u1ea3m thi\u1ec3u m\u1ecdi s\u1ef1 ch\u1eadm tr\u1ec5 ho\u1eb7c gi\u00e1n \u0111o\u1ea1n ti\u1ec1m \u1ea9n.<\/li>\n<li>M\u1ed1i quan h\u1ec7 nh\u00e0 cung c\u1ea5p v\u1eefng ch\u1eafc: Th\u00f4ng qua m\u1ed1i quan h\u1ec7 h\u1ee3p t\u00e1c l\u00e2u d\u00e0i v\u00e0 \u1ed5n \u0111\u1ecbnh v\u1edbi c\u00e1c nh\u00e0 cung c\u1ea5p ch\u1ea5t l\u01b0\u1ee3ng cao, c\u1ea3 trong n\u01b0\u1edbc v\u00e0 qu\u1ed1c t\u1ebf, ch\u00fang t\u00f4i c\u00f3 th\u1ec3 t\u00ecm ngu\u1ed3n cung \u1ee9ng linh ki\u1ec7n v\u00e0 v\u1eadt li\u1ec7u t\u1ed1t nh\u1ea5t cho xi lanh th\u1ee7y l\u1ef1c c\u1ee7a m\u00ecnh. \u0110i\u1ec1u n\u00e0y cho ph\u00e9p ch\u00fang t\u00f4i duy tr\u00ec ch\u1ea5t l\u01b0\u1ee3ng v\u00e0 hi\u1ec7u su\u1ea5t \u0111\u1ed3ng \u0111\u1ec1u tr\u00ean to\u00e0n b\u1ed9 d\u00f2ng s\u1ea3n ph\u1ea9m.<\/li>\n<\/ol>\n<p>H\u00e3y ch\u1ecdn FMP cho nhu c\u1ea7u xi lanh th\u1ee7y l\u1ef1c c\u1ee7a b\u1ea1n v\u00e0 tr\u1ea3i nghi\u1ec7m \u0111\u1ed9 tin c\u1eady c\u00f9ng ch\u1ea5t l\u01b0\u1ee3ng v\u01b0\u1ee3t tr\u1ed9i m\u00e0 ch\u00fang t\u00f4i mang l\u1ea1i. Li\u00ean h\u1ec7 v\u1edbi ch\u00fang t\u00f4i ngay h\u00f4m nay \u0111\u1ec3 th\u1ea3o lu\u1eadn v\u1ec1 nhu c\u1ea7u c\u1ee7a b\u1ea1n v\u00e0 b\u1eaft \u0111\u1ea7u m\u1ed9t m\u1ed1i quan h\u1ec7 h\u1ee3p t\u00e1c th\u00e0nh c\u00f4ng.<\/p>\n<h2>C\u00e2u h\u1ecfi th\u01b0\u1eddng g\u1eb7p<\/h2>\n<ol>\n<li><strong>B\u1ea1n l\u00e0 c\u00f4ng ty th\u01b0\u01a1ng m\u1ea1i hay nh\u00e0 s\u1ea3n xu\u1ea5t?<\/strong><br \/>\nCh\u00fang t\u00f4i l\u00e0 m\u1ed9t nh\u00e0 m\u00e1y.<\/li>\n<li><strong>Th\u1eddi gian giao h\u00e0ng c\u1ee7a b\u1ea1n l\u00e0 bao l\u00e2u?<\/strong><br \/>\nTh\u00f4ng th\u01b0\u1eddng l\u00e0 25-35 ng\u00e0y.<\/li>\n<li><strong>B\u1ea1n c\u00f3 cung c\u1ea5p m\u1eabu kh\u00f4ng? M\u1eabu mi\u1ec5n ph\u00ed hay t\u00ednh th\u00eam ph\u00ed?<\/strong><br \/>\nC\u00f3, ch\u00fang t\u00f4i c\u00f3 th\u1ec3 cung c\u1ea5p m\u1eabu nh\u01b0ng kh\u00f4ng mi\u1ec5n ph\u00ed.<\/li>\n<\/ol>\n<p><img decoding=\"async\" class=\"aligncenter\" title=\"Xi lanh th\u1ee7y l\u1ef1c m\u00e1y c\u00e0y tuy\u1ebft\" src=\"https:\/\/hzpt.com\/wp-content\/uploads\/2023\/11\/Snow-Plow-Hydraulic-Cylinder-1.webp\" alt=\"Xi lanh th\u1ee7y l\u1ef1c m\u00e1y c\u00e0y tuy\u1ebft\" \/><\/p>\n<p>T\u00e1c gi\u1ea3: CX<\/p>","protected":false},"excerpt":{"rendered":"<p>Small 2 Ton Hydraulic Piston Cylinder Hydraulic Cylinder for Snow Plow Our Small 2 Ton Hydraulic Piston Cylinder Hydraulic Cylinder for Snow Plow is an innovative and reliable hydraulic cylinder designed with a standard piston cylinder structure and hydraulic power. It is an ideal addition for machinery repair shops, farms, energy &amp; mining industries, machinery [&hellip;]<\/p>","protected":false},"featured_media":1519,"comment_status":"closed","ping_status":"closed","template":"","meta":{"_et_pb_use_builder":"","_et_pb_old_content":"","_et_gb_content_width":""},"product_brand":[],"product_cat":[42],"product_tag":[34,44],"class_list":{"0":"post-1518","1":"product","2":"type-product","3":"status-publish","4":"has-post-thumbnail","6":"product_cat-snow-plow-hydraulic-cylinder","7":"product_tag-hydraulic-cylinder","8":"product_tag-snow-plow-hydraulic-cylinder","10":"first","11":"instock","12":"product-type-simple"},"_links":{"self":[{"href":"https:\/\/fmp-components.com\/vi\/wp-json\/wp\/v2\/product\/1518","targetHints":{"allow":["GET"]}}],"collection":[{"href":"https:\/\/fmp-components.com\/vi\/wp-json\/wp\/v2\/product"}],"about":[{"href":"https:\/\/fmp-components.com\/vi\/wp-json\/wp\/v2\/types\/product"}],"replies":[{"embeddable":true,"href":"https:\/\/fmp-components.com\/vi\/wp-json\/wp\/v2\/comments?post=1518"}],"wp:featuredmedia":[{"embeddable":true,"href":"https:\/\/fmp-components.com\/vi\/wp-json\/wp\/v2\/media\/1519"}],"wp:attachment":[{"href":"https:\/\/fmp-components.com\/vi\/wp-json\/wp\/v2\/media?parent=1518"}],"wp:term":[{"taxonomy":"product_brand","embeddable":true,"href":"https:\/\/fmp-components.com\/vi\/wp-json\/wp\/v2\/product_brand?post=1518"},{"taxonomy":"product_cat","embeddable":true,"href":"https:\/\/fmp-components.com\/vi\/wp-json\/wp\/v2\/product_cat?post=1518"},{"taxonomy":"product_tag","embeddable":true,"href":"https:\/\/fmp-components.com\/vi\/wp-json\/wp\/v2\/product_tag?post=1518"}],"curies":[{"name":"wp","href":"https:\/\/api.w.org\/{rel}","templated":true}]}}