{"id":1516,"date":"2024-12-23T05:50:37","date_gmt":"2024-12-23T05:50:37","guid":{"rendered":"https:\/\/fmp-components.com\/product\/professional-small-double-acting-snow-plow-hydraulic-cylinder\/"},"modified":"2024-12-23T06:10:51","modified_gmt":"2024-12-23T06:10:51","slug":"professional-small-double-acting-snow-plow-hydraulic-cylinder","status":"publish","type":"product","link":"https:\/\/fmp-components.com\/vi\/product\/professional-small-double-acting-snow-plow-hydraulic-cylinder\/","title":{"rendered":"Xi lanh th\u1ee7y l\u1ef1c m\u00e1y c\u00e0y tuy\u1ebft t\u00e1c \u0111\u1ed9ng k\u00e9p nh\u1ecf chuy\u00ean nghi\u1ec7p"},"content":{"rendered":"<h2>Xi lanh th\u1ee7y l\u1ef1c m\u00e1y c\u00e0y tuy\u1ebft t\u00e1c \u0111\u1ed9ng k\u00e9p nh\u1ecf chuy\u00ean nghi\u1ec7p<\/h2>\n<p>Gi\u1edbi thi\u1ec7u Xi lanh th\u1ee7y l\u1ef1c chuy\u00ean nghi\u1ec7p c\u1ee1 nh\u1ecf t\u00e1c \u0111\u1ed9ng k\u00e9p d\u00e0nh cho m\u00e1y c\u00e0y tuy\u1ebft:<\/p>\n<p>Xi lanh th\u1ee7y l\u1ef1c t\u00e1c \u0111\u1ed9ng k\u00e9p c\u1ee1 nh\u1ecf chuy\u00ean nghi\u1ec7p d\u00e0nh cho m\u00e1y c\u00e0y tuy\u1ebft l\u00e0 m\u1ed9t xi lanh th\u1ee7y l\u1ef1c ch\u1ea5t l\u01b0\u1ee3ng cao \u0111\u01b0\u1ee3c thi\u1ebft k\u1ebf \u0111\u1eb7c bi\u1ec7t cho c\u00e1c \u1ee9ng d\u1ee5ng m\u00e1y c\u00e0y tuy\u1ebft. Xi lanh n\u00e0y \u0111\u01b0\u1ee3c ch\u1ebf t\u1ea1o v\u1edbi \u0111\u1ed9 ch\u00ednh x\u00e1c v\u00e0 \u0111\u1ed9 b\u1ec1n cao, tr\u1edf th\u00e0nh s\u1ef1 l\u1ef1a ch\u1ecdn ho\u00e0n h\u1ea3o cho c\u00e1c chuy\u00ean gia trong ng\u00e0nh d\u1ecdn tuy\u1ebft.<\/p>\n<p>V\u1edbi thi\u1ebft k\u1ebf t\u00e1c \u0111\u1ed9ng k\u00e9p, xi lanh th\u1ee7y l\u1ef1c n\u00e0y cho ph\u00e9p c\u1ea3 vi\u1ec7c m\u1edf r\u1ed9ng v\u00e0 thu g\u1ecdn l\u01b0\u1ee1i c\u00e0y, gi\u00fap d\u1ecdn tuy\u1ebft hi\u1ec7u qu\u1ea3 v\u00e0 tri\u1ec7t \u0111\u1ec3. Xi lanh \u0111\u01b0\u1ee3c trang b\u1ecb c\u00f4ng ngh\u1ec7 th\u1ee7y l\u1ef1c ti\u00ean ti\u1ebfn, \u0111\u1ea3m b\u1ea3o ho\u1ea1t \u0111\u1ed9ng tr\u01a1n tru v\u00e0 \u0111\u00e1ng tin c\u1eady ngay c\u1ea3 trong \u0111i\u1ec1u ki\u1ec7n m\u00f9a \u0111\u00f4ng kh\u1eafc nghi\u1ec7t nh\u1ea5t.<\/p>\n<p>Xi lanh th\u1ee7y l\u1ef1c chuy\u00ean d\u1ee5ng c\u1ee1 nh\u1ecf t\u00e1c \u0111\u1ed9ng k\u00e9p d\u00e0nh cho m\u00e1y c\u00e0y tuy\u1ebft \u0111\u01b0\u1ee3c ch\u1ebf t\u1ea1o t\u1eeb c\u00e1c v\u1eadt li\u1ec7u cao c\u1ea5p, bao g\u1ed3m th\u00e9p c\u01b0\u1eddng \u0111\u1ed9 cao v\u00e0 l\u1edbp ph\u1ee7 ch\u1ed1ng \u0103n m\u00f2n. \u0110i\u1ec1u n\u00e0y \u0111\u1ea3m b\u1ea3o tu\u1ed5i th\u1ecd v\u00e0 kh\u1ea3 n\u0103ng ch\u1ecbu \u0111\u01b0\u1ee3c c\u01b0\u1eddng \u0111\u1ed9 s\u1eed d\u1ee5ng cao, gi\u00fap b\u1ea1n ti\u1ebft ki\u1ec7m th\u1eddi gian v\u00e0 ti\u1ec1n b\u1ea1c cho vi\u1ec7c b\u1ea3o tr\u00ec v\u00e0 thay th\u1ebf.<\/p>\n<p>V\u1edbi thi\u1ebft k\u1ebf nh\u1ecf g\u1ecdn v\u00e0 tinh t\u1ebf, xi lanh th\u1ee7y l\u1ef1c n\u00e0y d\u1ec5 d\u00e0ng l\u1eafp \u0111\u1eb7t v\u00e0 ph\u00f9 h\u1ee3p ho\u00e0n h\u1ea3o v\u1edbi nhi\u1ec1u h\u1ec7 th\u1ed1ng m\u00e1y c\u00e0y tuy\u1ebft kh\u00e1c nhau. C\u00e1c t\u00f9y ch\u1ecdn l\u1eafp \u0111\u1eb7t linh ho\u1ea1t cho ph\u00e9p t\u00f9y ch\u1ec9nh thu\u1eadn ti\u1ec7n, th\u00edch \u1ee9ng v\u1edbi c\u00e1c c\u1ea5u h\u00ecnh v\u00e0 y\u00eau c\u1ea7u m\u00e1y c\u00e0y kh\u00e1c nhau.<\/p>\n<p>An to\u00e0n l\u00e0 \u01b0u ti\u00ean h\u00e0ng \u0111\u1ea7u v\u1edbi Xi lanh th\u1ee7y l\u1ef1c m\u00e1y c\u00e0y tuy\u1ebft t\u00e1c \u0111\u1ed9ng k\u00e9p c\u1ee1 nh\u1ecf chuy\u00ean nghi\u1ec7p. N\u00f3 \u0111\u01b0\u1ee3c trang b\u1ecb c\u00e1c t\u00ednh n\u0103ng an to\u00e0n t\u00edch h\u1ee3p nh\u01b0 van gi\u1ea3m \u00e1p v\u00e0 gio\u0103ng \u0111\u1ec3 ng\u0103n ng\u1eeba r\u00f2 r\u1ec9 v\u00e0 duy tr\u00ec hi\u1ec7u su\u1ea5t t\u1ed1i \u01b0u. \u0110i\u1ec1u n\u00e0y \u0111\u1ea3m b\u1ea3o an to\u00e0n cho c\u1ea3 ng\u01b0\u1eddi v\u1eadn h\u00e0nh v\u00e0 thi\u1ebft b\u1ecb.<\/p>\n<p>T\u00f3m l\u1ea1i, Xi lanh th\u1ee7y l\u1ef1c chuy\u00ean nghi\u1ec7p c\u1ee1 nh\u1ecf t\u00e1c \u0111\u1ed9ng k\u00e9p d\u00e0nh cho m\u00e1y c\u00e0y tuy\u1ebft l\u00e0 m\u1ed9t s\u1ea3n ph\u1ea9m v\u01b0\u1ee3t tr\u1ed9i, mang l\u1ea1i hi\u1ec7u qu\u1ea3 xu\u1ea5t s\u1eafc. C\u1ea5u tr\u00fac ch\u1eafc ch\u1eafn, ho\u1ea1t \u0111\u1ed9ng hi\u1ec7u qu\u1ea3 v\u00e0 thi\u1ebft k\u1ebf th\u00e2n thi\u1ec7n v\u1edbi ng\u01b0\u1eddi d\u00f9ng khi\u1ebfn n\u00f3 tr\u1edf th\u00e0nh l\u1ef1a ch\u1ecdn h\u00e0ng \u0111\u1ea7u cho c\u00e1c chuy\u00ean gia \u0111ang t\u00ecm ki\u1ebfm m\u1ed9t xi lanh th\u1ee7y l\u1ef1c \u0111\u00e1ng tin c\u1eady v\u00e0 hi\u1ec7u su\u1ea5t cao cho c\u00e1c \u1ee9ng d\u1ee5ng m\u00e1y c\u00e0y tuy\u1ebft. Xi lanh th\u1ee7y l\u1ef1c chuy\u00ean nghi\u1ec7p c\u1ee1 nh\u1ecf t\u00e1c \u0111\u1ed9ng k\u00e9p d\u00e0nh cho m\u00e1y c\u00e0y tuy\u1ebft l\u00e0 m\u1ed9t c\u00f4ng c\u1ee5 ti\u00ean ti\u1ebfn \u0111\u01b0\u1ee3c thi\u1ebft k\u1ebf \u0111\u1ec3 \u0111\u1ea1t hi\u1ec7u su\u1ea5t v\u00e0 \u0111\u1ed9 b\u1ec1n cao. C\u00f4ng c\u1ee5 \u0111a n\u0103ng n\u00e0y \u0111\u01b0\u1ee3c thi\u1ebft k\u1ebf cho nhi\u1ec1u \u1ee9ng d\u1ee5ng kh\u00e1c nhau, bao g\u1ed3m c\u00e1c x\u01b0\u1edfng s\u1eeda ch\u1eefa m\u00e1y m\u00f3c, trang tr\u1ea1i, ng\u00e0nh n\u0103ng l\u01b0\u1ee3ng v\u00e0 khai th\u00e1c m\u1ecf, s\u1ea3n xu\u1ea5t m\u00e1y m\u00f3c v\u00e0 c\u00e1c nh\u00e0 m\u00e1y ch\u1ebf t\u1ea1o m\u00e1y m\u00f3c.<img decoding=\"async\" title=\"Xi lanh th\u1ee7y l\u1ef1c m\u00e1y c\u00e0y tuy\u1ebft\" src=\"https:\/\/hzpt.com\/wp-content\/uploads\/2023\/11\/Snow-Plow-Hydraulic-Cylinder-1.webp\" alt=\"Xi lanh th\u1ee7y l\u1ef1c m\u00e1y c\u00e0y tuy\u1ebft\" \/><\/p>\n<h2>T\u00ednh n\u0103ng s\u1ea3n ph\u1ea9m n\u1ed5i b\u1eadt<\/h2>\n<p>\u0110\u01b0\u1ee3c ch\u1ebf t\u1ea1o t\u1eeb th\u00e9p, xi lanh th\u1ee7y l\u1ef1c n\u00e0y \u0111\u01b0\u1ee3c thi\u1ebft k\u1ebf \u0111\u1ec3 s\u1eed d\u1ee5ng trong \u0111i\u1ec1u ki\u1ec7n t\u1ea3i n\u1eb7ng. N\u00f3 c\u00f3 k\u00edch th\u01b0\u1edbc ti\u00eau chu\u1ea9n, c\u1ea5u t\u1ea1o d\u1ea1ng xi lanh piston v\u00e0 ho\u1ea1t \u0111\u1ed9ng b\u1eb1ng n\u0103ng l\u01b0\u1ee3ng th\u1ee7y l\u1ef1c. Xi lanh th\u1ee7y l\u1ef1c n\u00e0y cung c\u1ea5p l\u1ef1c \u0111\u1ea9y t\u1ed1i \u0111a 3000 v\u00e0 l\u1ef1c k\u00e9o t\u1ed1i \u0111a 20 t\u1ea5n. V\u1edbi tr\u1ecdng l\u01b0\u1ee3ng ch\u1ec9 10kg, xi lanh n\u00e0y r\u1ea5t ph\u00f9 h\u1ee3p \u0111\u1ec3 x\u1eed l\u00fd c\u00e1c c\u00f4ng vi\u1ec7c n\u1eb7ng nh\u1ecdc m\u00e0 kh\u00f4ng \u1ea3nh h\u01b0\u1edfng \u0111\u1ebfn hi\u1ec7u su\u1ea5t ho\u1ea1t \u0111\u1ed9ng.<\/p>\n<h3>Th\u00f4ng s\u1ed1 k\u1ef9 thu\u1eadt<\/h3>\n<ul>\n<li>K\u00edch th\u01b0\u1edbc l\u1ed7 khoan: 2-6 inch<\/li>\n<li>K\u00edch th\u01b0\u1edbc thanh: 1,125-4 inch<\/li>\n<li>K\u00edch th\u01b0\u1edbc n\u00e9t: 4-100 inch<\/li>\n<li>K\u00edch th\u01b0\u1edbc ch\u1ed1t: 0,5-2 inch<\/li>\n<li>M\u00e0u s\u1eafc: \u0110en<\/li>\n<\/ul>\n<h2>\u0110\u00e1ng tin c\u1eady v\u00e0 trung th\u1ef1c<\/h2>\n<p>Xi lanh th\u1ee7y l\u1ef1c m\u00e1y c\u00e0y tuy\u1ebft t\u00e1c \u0111\u1ed9ng k\u00e9p c\u1ee1 nh\u1ecf chuy\u00ean nghi\u1ec7p c\u1ee7a ch\u00fang t\u00f4i \u0111\u1ea1t ch\u1ee9ng nh\u1eadn ISO9001:2000. \u0110\u00e2y l\u00e0 s\u1ea3n ph\u1ea9m m\u1edbi ra m\u1eaft n\u0103m 2023, \u0111\u1ea3m b\u1ea3o ch\u1ea5t l\u01b0\u1ee3ng nh\u1edd thi\u1ebft k\u1ebf v\u00e0 c\u00f4ng ngh\u1ec7 hi\u1ec7n \u0111\u1ea1i. S\u1ea3n ph\u1ea9m \u0111\u01b0\u1ee3c b\u1ea3o h\u00e0nh m\u1ed9t n\u0103m, \u0111\u1ea3m b\u1ea3o c\u00e1c b\u1ed9 ph\u1eadn c\u1ed1t l\u00f5i nh\u01b0 v\u00f2ng bi v\u00e0 xi lanh th\u1ee7y l\u1ef1c \u0111\u01b0\u1ee3c b\u1ea3o h\u00e0nh.<\/p>\n<h2>\u01afu \u0111i\u1ec3m c\u1ee7a xi lanh lo\u1ea1i ch\u1ed1t c\u00f3 th\u1ec3 \u0111i\u1ec1u ch\u1ec9nh<\/h2>\n<p>Xi lanh ki\u1ec3u c\u00e0ng n\u1ed1i \u0111i\u1ec1u ch\u1ec9nh \u0111\u01b0\u1ee3c, c\u00f2n \u0111\u01b0\u1ee3c g\u1ecdi l\u00e0 xi lanh g\u1eafn c\u00e0ng n\u1ed1i \u0111i\u1ec1u ch\u1ec9nh \u0111\u01b0\u1ee3c, l\u00e0 lo\u1ea1i xi lanh th\u1ee7y l\u1ef1c mang l\u1ea1i nhi\u1ec1u \u01b0u \u0111i\u1ec3m v\u00e0 c\u00f3 th\u1ec3 l\u00e0 m\u1ed9t b\u1ed9 ph\u1eadn quan tr\u1ecdng trong nhi\u1ec1u \u1ee9ng d\u1ee5ng. Trong b\u00e0i vi\u1ebft n\u00e0y, ch\u00fang ta s\u1ebd t\u00ecm hi\u1ec3u nh\u1eefng \u01b0u \u0111i\u1ec3m c\u1ee7a lo\u1ea1i xi lanh n\u00e0y v\u00e0 l\u00fd do t\u1ea1i sao ch\u00fang l\u1ea1i l\u00e0 l\u1ef1a ch\u1ecdn ph\u1ed5 bi\u1ebfn trong ng\u00e0nh c\u00f4ng nghi\u1ec7p.<\/p>\n<h3>1. T\u0103ng c\u01b0\u1eddng t\u00ednh linh ho\u1ea1t v\u00e0 kh\u1ea3 n\u0103ng th\u00edch \u1ee9ng<\/h3>\n<p>M\u1ed9t trong nh\u1eefng \u01b0u \u0111i\u1ec3m ch\u00ednh c\u1ee7a xi lanh ki\u1ec3u c\u00e0ng n\u1ed1i \u0111i\u1ec1u ch\u1ec9nh \u0111\u01b0\u1ee3c l\u00e0 t\u00ednh linh ho\u1ea1t v\u00e0 kh\u1ea3 n\u0103ng th\u00edch \u1ee9ng cao. C\u00e1c xi lanh n\u00e0y \u0111\u01b0\u1ee3c trang b\u1ecb c\u00e0ng n\u1ed1i, cho ph\u00e9p \u0111i\u1ec1u ch\u1ec9nh d\u1ec5 d\u00e0ng v\u00e0 tinh ch\u1ec9nh v\u1ecb tr\u00ed l\u1eafp \u0111\u1eb7t. Kh\u1ea3 n\u0103ng \u0111i\u1ec1u ch\u1ec9nh n\u00e0y gi\u00fap th\u00edch \u1ee9ng xi lanh v\u1edbi c\u00e1c \u1ee9ng d\u1ee5ng v\u00e0 c\u1ea5u h\u00ecnh l\u1eafp \u0111\u1eb7t kh\u00e1c nhau, mang l\u1ea1i s\u1ef1 linh ho\u1ea1t h\u01a1n trong qu\u00e1 tr\u00ecnh l\u1eafp \u0111\u1eb7t.<\/p>\n<p>Xi lanh th\u1ee7y l\u1ef1c m\u00e1y c\u00e0y tuy\u1ebft t\u00e1c \u0111\u1ed9ng k\u00e9p nh\u1ecf chuy\u00ean nghi\u1ec7p<\/p>\n<h3>2. C\u1ea3i thi\u1ec7n hi\u1ec7u su\u1ea5t v\u00e0 n\u0103ng su\u1ea5t<\/h3>\n<p>M\u1ed9t \u01b0u \u0111i\u1ec3m kh\u00e1c c\u1ee7a xi lanh ki\u1ec3u c\u00e0ng n\u1ed1i \u0111i\u1ec1u ch\u1ec9nh \u0111\u01b0\u1ee3c l\u00e0 kh\u1ea3 n\u0103ng c\u1ea3i thi\u1ec7n hi\u1ec7u su\u1ea5t v\u00e0 hi\u1ec7u qu\u1ea3. C\u00e1c xi lanh n\u00e0y \u0111\u01b0\u1ee3c thi\u1ebft k\u1ebf \u0111\u1ec3 cung c\u1ea5p kh\u1ea3 n\u0103ng ki\u1ec3m so\u00e1t ch\u00ednh x\u00e1c l\u1ef1c v\u00e0 t\u1ed1c \u0111\u1ed9 c\u1ee7a h\u1ec7 th\u1ed1ng th\u1ee7y l\u1ef1c. B\u1eb1ng c\u00e1ch \u0111i\u1ec1u ch\u1ec9nh v\u1ecb tr\u00ed l\u1eafp \u0111\u1eb7t v\u00e0 tinh ch\u1ec9nh chi\u1ec1u d\u00e0i h\u00e0nh tr\u00ecnh c\u1ee7a xi lanh, ng\u01b0\u1eddi v\u1eadn h\u00e0nh c\u00f3 th\u1ec3 t\u1ed1i \u01b0u h\u00f3a hi\u1ec7u su\u1ea5t c\u1ee7a h\u1ec7 th\u1ed1ng v\u00e0 \u0111\u1ea1t \u0111\u01b0\u1ee3c hi\u1ec7u qu\u1ea3 cao h\u01a1n trong nhi\u1ec1u \u1ee9ng d\u1ee5ng kh\u00e1c nhau.<\/p>\n<h3>3. S\u1ef1 c\u0103n ch\u1ec9nh t\u1ed1i \u01b0u v\u00e0 ph\u00e2n b\u1ed5 t\u1ea3i tr\u1ecdng<\/h3>\n<p>C\u00e1c xi lanh ki\u1ec3u c\u00e0ng n\u1ed1i \u0111i\u1ec1u ch\u1ec9nh \u0111\u01b0\u1ee3c \u0111\u1eb7c bi\u1ec7t c\u00f3 l\u1ee3i khi c\u1ea7n \u0111\u1ea1t \u0111\u01b0\u1ee3c s\u1ef1 c\u0103n ch\u1ec9nh t\u1ed1i \u01b0u v\u00e0 ph\u00e2n b\u1ed5 t\u1ea3i tr\u1ecdng. C\u00e0ng n\u1ed1i cho ph\u00e9p \u0111i\u1ec1u ch\u1ec9nh c\u0103n ch\u1ec9nh d\u1ec5 d\u00e0ng, \u0111\u1ea3m b\u1ea3o xi lanh \u0111\u01b0\u1ee3c c\u0103n ch\u1ec9nh ch\u00ednh x\u00e1c v\u1edbi t\u1ea3i tr\u1ecdng v\u00e0 c\u00e1c b\u1ed9 ph\u1eadn kh\u00e1c trong h\u1ec7 th\u1ed1ng. S\u1ef1 c\u0103n ch\u1ec9nh n\u00e0y gi\u00fap ph\u00e2n b\u1ed5 t\u1ea3i tr\u1ecdng \u0111\u1ed3ng \u0111\u1ec1u, gi\u1ea3m thi\u1ec3u nguy c\u01a1 m\u00e0i m\u00f2n s\u1edbm v\u00e0 t\u0103ng tu\u1ed5i th\u1ecd t\u1ed5ng th\u1ec3 c\u1ee7a xi lanh.<\/p>\n<h3>4. T\u0103ng c\u01b0\u1eddng an to\u00e0n v\u00e0 \u0111\u1ed9 tin c\u1eady<\/h3>\n<p>Khi n\u00f3i \u0111\u1ebfn an to\u00e0n v\u00e0 \u0111\u1ed9 tin c\u1eady, xi lanh ki\u1ec3u c\u00e0ng n\u1ed1i \u0111i\u1ec1u ch\u1ec9nh \u0111\u01b0\u1ee3c mang l\u1ea1i nhi\u1ec1u \u01b0u \u0111i\u1ec3m. Kh\u1ea3 n\u0103ng \u0111i\u1ec1u ch\u1ec9nh v\u1ecb tr\u00ed l\u1eafp \u0111\u1eb7t \u0111\u1ea3m b\u1ea3o xi lanh \u0111\u01b0\u1ee3c g\u1eafn ch\u1eafc ch\u1eafn, gi\u1ea3m nguy c\u01a1 di chuy\u1ec3n ho\u1eb7c bung ra ngo\u00e0i \u00fd mu\u1ed1n trong qu\u00e1 tr\u00ecnh v\u1eadn h\u00e0nh. Ngo\u00e0i ra, kh\u1ea3 n\u0103ng tinh ch\u1ec9nh c\u1ee7a c\u00e1c xi lanh n\u00e0y cho ph\u00e9p ki\u1ec3m so\u00e1t ch\u00ednh x\u00e1c h\u1ec7 th\u1ed1ng, gi\u1ea3m thi\u1ec3u nguy c\u01a1 qu\u00e1 t\u1ea3i ho\u1eb7c \u1ee9ng su\u1ea5t qu\u00e1 m\u1ee9c l\u00ean c\u00e1c b\u1ed9 ph\u1eadn, t\u1eeb \u0111\u00f3 n\u00e2ng cao an to\u00e0n v\u00e0 \u0111\u1ed9 tin c\u1eady t\u1ed5ng th\u1ec3.<\/p>\n<h3>5. Ph\u1ea1m vi \u1ee9ng d\u1ee5ng r\u1ed9ng r\u00e3i<\/h3>\n<p>Xi lanh kh\u1edbp n\u1ed1i \u0111i\u1ec1u ch\u1ec9nh \u0111\u01b0\u1ee3c \u1ee9ng d\u1ee5ng r\u1ed9ng r\u00e3i trong nhi\u1ec1u ng\u00e0nh c\u00f4ng nghi\u1ec7p v\u00e0 l\u0129nh v\u1ef1c. T\u00ednh linh ho\u1ea1t, kh\u1ea3 n\u0103ng th\u00edch \u1ee9ng v\u00e0 hi\u1ec7u su\u1ea5t c\u1ee7a ch\u00fang khi\u1ebfn ch\u00fang ph\u00f9 h\u1ee3p v\u1edbi nhi\u1ec1u nhi\u1ec7m v\u1ee5, bao g\u1ed3m nh\u01b0ng kh\u00f4ng gi\u1edbi h\u1ea1n \u1edf m\u00e1y m\u00f3c n\u00f4ng nghi\u1ec7p, thi\u1ebft b\u1ecb x\u00e2y d\u1ef1ng, h\u1ec7 th\u1ed1ng x\u1eed l\u00fd v\u1eadt li\u1ec7u v\u00e0 t\u1ef1 \u0111\u1ed9ng h\u00f3a c\u00f4ng nghi\u1ec7p. Cho d\u00f9 l\u00e0 \u0111\u1ea9y, k\u00e9o, n\u00e2ng hay gi\u1eef, c\u00e1c xi lanh n\u00e0y c\u00f3 th\u1ec3 \u0111\u01b0\u1ee3c t\u00f9y ch\u1ec9nh \u0111\u1ec3 \u0111\u00e1p \u1ee9ng c\u00e1c y\u00eau c\u1ea7u c\u1ee5 th\u1ec3 c\u1ee7a c\u00e1c \u1ee9ng d\u1ee5ng kh\u00e1c nhau.<\/p>\n<p>T\u00f3m l\u1ea1i, xi lanh ki\u1ec3u c\u00e0ng n\u1ed1i \u0111i\u1ec1u ch\u1ec9nh \u0111\u01b0\u1ee3c mang l\u1ea1i nhi\u1ec1u \u01b0u \u0111i\u1ec3m, khi\u1ebfn ch\u00fang tr\u1edf th\u00e0nh l\u1ef1a ch\u1ecdn \u01b0u ti\u00ean trong nhi\u1ec1u ng\u00e0nh c\u00f4ng nghi\u1ec7p. T\u00ednh linh ho\u1ea1t, hi\u1ec7u su\u1ea5t v\u00e0 kh\u1ea3 n\u0103ng th\u00edch \u1ee9ng, c\u00f9ng v\u1edbi kh\u1ea3 n\u0103ng \u0111\u1ea1t \u0111\u01b0\u1ee3c s\u1ef1 c\u0103n ch\u1ec9nh t\u1ed1i \u01b0u v\u00e0 ph\u00e2n b\u1ed5 t\u1ea3i tr\u1ecdng, g\u00f3p ph\u1ea7n n\u00e2ng cao an to\u00e0n, \u0111\u1ed9 tin c\u1eady v\u00e0 hi\u1ec7u qu\u1ea3. V\u1edbi ph\u1ea1m vi \u1ee9ng d\u1ee5ng r\u1ed9ng r\u00e3i v\u00e0 kh\u1ea3 n\u0103ng tinh ch\u1ec9nh v\u1ecb tr\u00ed l\u1eafp \u0111\u1eb7t, c\u00e1c xi lanh n\u00e0y cung c\u1ea5p m\u1ed9t gi\u1ea3i ph\u00e1p \u0111\u00e1ng tin c\u1eady v\u00e0 hi\u1ec7u qu\u1ea3 cho nhi\u1ec1u y\u00eau c\u1ea7u h\u1ec7 th\u1ed1ng th\u1ee7y l\u1ef1c kh\u00e1c nhau.<\/p>\n<h3>Gi\u1edbi thi\u1ec7u v\u1ec1 FMP<\/h3>\n<p>FMP l\u00e0 c\u00f4ng ty h\u00e0ng \u0111\u1ea7u chuy\u00ean s\u1ea3n xu\u1ea5t v\u00e0 kinh doanh Xi lanh th\u1ee7y l\u1ef1c. V\u1edbi tr\u1ee5 s\u1edf ch\u00ednh \u0111\u1eb7t t\u1ea1i \u00dd, ch\u00fang t\u00f4i \u0111\u00e3 t\u00edch l\u0169y \u0111\u01b0\u1ee3c kinh nghi\u1ec7m s\u00e2u r\u1ed9ng trong ng\u00e0nh v\u00e0 x\u00e2y d\u1ef1ng m\u1ed9t \u0111\u1ed9i ng\u0169 chuy\u00ean nghi\u1ec7p, t\u1eadn t\u00e2m cung c\u1ea5p cho kh\u00e1ch h\u00e0ng c\u00e1c ph\u1ee5 t\u00f9ng m\u00e1y m\u00f3c x\u00e2y d\u1ef1ng ch\u1ea5t l\u01b0\u1ee3ng cao, \u0111\u00e1ng tin c\u1eady v\u00e0 c\u00e1c gi\u1ea3i ph\u00e1p m\u00e1y m\u00f3c to\u00e0n di\u1ec7n.<\/p>\n<p><img decoding=\"async\" src=\"https:\/\/fmp-components.com\/wp-content\/uploads\/2024\/12\/Adjustable-Clevis-Type-Cylinders-6.webp\" alt=\"Xi lanh lo\u1ea1i Clevis c\u00f3 th\u1ec3 \u0111i\u1ec1u ch\u1ec9nh\" width=\"836\" title=\"\"><\/p>\n<p>Sau \u0111\u00e2y l\u00e0 n\u0103m l\u1ee3i th\u1ebf ch\u00ednh c\u1ee7a s\u1ea3n ph\u1ea9m v\u00e0 c\u00f4ng ty ch\u00fang t\u00f4i:<\/p>\n<ol>\n<li>Nhi\u1ec1u lo\u1ea1i s\u1ea3n ph\u1ea9m: Ch\u00fang t\u00f4i cung c\u1ea5p nhi\u1ec1u lo\u1ea1i xi lanh th\u1ee7y l\u1ef1c, bao g\u1ed3m xi lanh lo\u1ea1i ch\u1ed1t c\u00f3 th\u1ec3 \u0111i\u1ec1u ch\u1ec9nh, ph\u00f9 h\u1ee3p v\u1edbi nhi\u1ec1u \u1ee9ng d\u1ee5ng m\u00e1y m\u00f3c x\u00e2y d\u1ef1ng kh\u00e1c nhau.<\/li>\n<li>Ti\u00eau chu\u1ea9n ch\u1ea5t l\u01b0\u1ee3ng nghi\u00eam ng\u1eb7t: B\u1eb1ng c\u00e1ch thi\u1ebft l\u1eadp m\u1ed1i quan h\u1ec7 h\u1ee3p t\u00e1c l\u00e2u d\u00e0i v\u00e0 \u1ed5n \u0111\u1ecbnh v\u1edbi c\u00e1c nh\u00e0 cung c\u1ea5p ch\u1ea5t l\u01b0\u1ee3ng cao trong n\u01b0\u1edbc v\u00e0 qu\u1ed1c t\u1ebf, ch\u00fang t\u00f4i \u0111\u1ea3m b\u1ea3o r\u1eb1ng t\u1ea5t c\u1ea3 c\u00e1c b\u1ed9 ph\u1eadn \u0111\u01b0\u1ee3c cung c\u1ea5p \u0111\u1ec1u \u0111\u00e1p \u1ee9ng c\u00e1c ti\u00eau chu\u1ea9n ch\u1ea5t l\u01b0\u1ee3ng nghi\u00eam ng\u1eb7t.<\/li>\n<li>\u0110\u1ed9i ng\u0169 b\u00e1n h\u00e0ng gi\u00e0u kinh nghi\u1ec7m: \u0110\u1ed9i ng\u0169 b\u00e1n h\u00e0ng c\u1ee7a ch\u00fang t\u00f4i s\u1edf h\u1eefu ki\u1ebfn \u200b\u200bth\u1ee9c s\u00e2u r\u1ed9ng v\u1ec1 xu h\u01b0\u1edbng ph\u00e1t tri\u1ec3n c\u1ee7a ng\u00e0nh m\u00e1y m\u00f3c x\u00e2y d\u1ef1ng v\u00e0 nhu c\u1ea7u c\u1ee7a kh\u00e1ch h\u00e0ng. H\u1ecd c\u00f3 th\u1ec3 t\u01b0 v\u1ea5n s\u1ea3n ph\u1ea9m chuy\u00ean nghi\u1ec7p v\u00e0 \u0111\u01b0a ra nh\u1eefng g\u1ee3i \u00fd mua h\u00e0ng th\u00f4ng minh.<\/li>\n<li>Ph\u00e2n ph\u1ed1i h\u1eadu c\u1ea7n hi\u1ec7u qu\u1ea3: Ch\u00fang t\u00f4i \u0111\u00e3 tri\u1ec3n khai m\u1ed9t h\u1ec7 th\u1ed1ng ph\u00e2n ph\u1ed1i h\u1eadu c\u1ea7n hi\u1ec7u qu\u1ea3 \u0111\u1ec3 \u0111\u1ea3m b\u1ea3o kh\u00e1ch h\u00e0ng nh\u1eadn \u0111\u01b0\u1ee3c c\u00e1c b\u1ed9 ph\u1eadn c\u1ea7n thi\u1ebft m\u1ed9t c\u00e1ch k\u1ecbp th\u1eddi v\u00e0 ch\u00ednh x\u00e1c.<\/li>\n<li>Ph\u1ee5 ki\u1ec7n cao c\u1ea5p: Ngo\u00e0i xi lanh th\u1ee7y l\u1ef1c, ch\u00fang t\u00f4i c\u00f2n cung c\u1ea5p m\u1ed9t lo\u1ea1t ph\u1ee5 ki\u1ec7n cao c\u1ea5p \u0111\u01b0\u1ee3c thi\u1ebft k\u1ebf \u0111\u1ec3 b\u1ed5 sung ho\u00e0n h\u1ea3o cho s\u1ea3n ph\u1ea9m c\u1ee7a ch\u00fang t\u00f4i. Nh\u1eefng ph\u1ee5 ki\u1ec7n n\u00e0y gi\u00fap n\u00e2ng cao h\u01a1n n\u1eefa hi\u1ec7u su\u1ea5t v\u00e0 hi\u1ec7u qu\u1ea3 c\u1ee7a m\u00e1y m\u00f3c x\u00e2y d\u1ef1ng.<\/li>\n<\/ol>\n<p>H\u00e3y ch\u1ecdn FMP l\u00e0m \u0111\u1ed1i t\u00e1c \u0111\u00e1ng tin c\u1eady c\u1ee7a b\u1ea1n trong ng\u00e0nh m\u00e1y m\u00f3c x\u00e2y d\u1ef1ng. Li\u00ean h\u1ec7 v\u1edbi ch\u00fang t\u00f4i ngay h\u00f4m nay \u0111\u1ec3 t\u00ecm hi\u1ec3u c\u00e1ch c\u00e1c xi lanh th\u1ee7y l\u1ef1c ch\u1ea5t l\u01b0\u1ee3ng cao c\u1ee7a ch\u00fang t\u00f4i c\u00f3 th\u1ec3 \u0111\u00e1p \u1ee9ng c\u00e1c y\u00eau c\u1ea7u c\u1ee5 th\u1ec3 c\u1ee7a b\u1ea1n v\u00e0 g\u00f3p ph\u1ea7n v\u00e0o s\u1ef1 th\u00e0nh c\u00f4ng c\u1ee7a c\u00e1c d\u1ef1 \u00e1n.<\/p>\n<h2>Nh\u1eefng c\u00e2u h\u1ecfi th\u01b0\u1eddng g\u1eb7p<\/h2>\n<h3>Q: B\u1ea1n l\u00e0 c\u00f4ng ty th\u01b0\u01a1ng m\u1ea1i hay nh\u00e0 s\u1ea3n xu\u1ea5t?<\/h3>\n<p>A: Ch\u00fang t\u00f4i l\u00e0 nh\u00e0 s\u1ea3n xu\u1ea5t.<\/p>\n<h3>Q: Th\u1eddi gian giao h\u00e0ng c\u1ee7a b\u1ea1n l\u00e0 bao l\u00e2u?<\/h3>\n<p>A: Th\u00f4ng th\u01b0\u1eddng l\u00e0 25-35 ng\u00e0y.<\/p>\n<h3>H: B\u1ea1n c\u00f3 cung c\u1ea5p m\u1eabu th\u1eed kh\u00f4ng? M\u1eabu mi\u1ec5n ph\u00ed hay t\u00ednh th\u00eam ph\u00ed?<\/h3>\n<p>A: C\u00f3, ch\u00fang t\u00f4i c\u00f3 th\u1ec3 cung c\u1ea5p m\u1eabu nh\u01b0ng kh\u00f4ng mi\u1ec5n ph\u00ed.<\/p>\n<p>&nbsp;<\/p>\n<p>T\u00e1c gi\u1ea3: CX<\/p>","protected":false},"excerpt":{"rendered":"<p>Professional Small Double Acting Snow Plow Hydraulic Cylinder Introducing the Professional Small Double Acting Snow Plow Hydraulic Cylinder: The Professional Small Double Acting Snow Plow Hydraulic Cylinder is a high-quality hydraulic cylinder designed specifically for snow plow applications. This cylinder is built with precision and durability in mind, making it the perfect choice for professionals [&hellip;]<\/p>","protected":false},"featured_media":1517,"comment_status":"closed","ping_status":"closed","template":"","meta":{"_et_pb_use_builder":"","_et_pb_old_content":"","_et_gb_content_width":""},"product_brand":[],"product_cat":[42],"product_tag":[34,44],"class_list":{"0":"post-1516","1":"product","2":"type-product","3":"status-publish","4":"has-post-thumbnail","6":"product_cat-snow-plow-hydraulic-cylinder","7":"product_tag-hydraulic-cylinder","8":"product_tag-snow-plow-hydraulic-cylinder","10":"first","11":"instock","12":"product-type-simple"},"_links":{"self":[{"href":"https:\/\/fmp-components.com\/vi\/wp-json\/wp\/v2\/product\/1516","targetHints":{"allow":["GET"]}}],"collection":[{"href":"https:\/\/fmp-components.com\/vi\/wp-json\/wp\/v2\/product"}],"about":[{"href":"https:\/\/fmp-components.com\/vi\/wp-json\/wp\/v2\/types\/product"}],"replies":[{"embeddable":true,"href":"https:\/\/fmp-components.com\/vi\/wp-json\/wp\/v2\/comments?post=1516"}],"wp:featuredmedia":[{"embeddable":true,"href":"https:\/\/fmp-components.com\/vi\/wp-json\/wp\/v2\/media\/1517"}],"wp:attachment":[{"href":"https:\/\/fmp-components.com\/vi\/wp-json\/wp\/v2\/media?parent=1516"}],"wp:term":[{"taxonomy":"product_brand","embeddable":true,"href":"https:\/\/fmp-components.com\/vi\/wp-json\/wp\/v2\/product_brand?post=1516"},{"taxonomy":"product_cat","embeddable":true,"href":"https:\/\/fmp-components.com\/vi\/wp-json\/wp\/v2\/product_cat?post=1516"},{"taxonomy":"product_tag","embeddable":true,"href":"https:\/\/fmp-components.com\/vi\/wp-json\/wp\/v2\/product_tag?post=1516"}],"curies":[{"name":"wp","href":"https:\/\/api.w.org\/{rel}","templated":true}]}}