{"id":1514,"date":"2024-12-23T05:50:37","date_gmt":"2024-12-23T05:50:37","guid":{"rendered":"https:\/\/fmp-components.com\/product\/factory-direct-sale-2-ton-double-effect-small-snow-plow-hydraulic-cylinder\/"},"modified":"2025-05-10T13:02:11","modified_gmt":"2025-05-10T13:02:11","slug":"factory-direct-sale-2-ton-double-effect-small-snow-plow-hydraulic-cylinder","status":"publish","type":"product","link":"https:\/\/fmp-components.com\/vi\/product\/factory-direct-sale-2-ton-double-effect-small-snow-plow-hydraulic-cylinder\/","title":{"rendered":"B\u00e1n tr\u1ef1c ti\u1ebfp t\u1eeb nh\u00e0 m\u00e1y Xi lanh th\u1ee7y l\u1ef1c m\u00e1y c\u00e0y tuy\u1ebft nh\u1ecf hi\u1ec7u \u1ee9ng k\u00e9p 2 t\u1ea5n"},"content":{"rendered":"<h2>Gi\u1edbi thi\u1ec7u v\u1ec1 xi lanh th\u1ee7y l\u1ef1c m\u00e1y c\u00e0y tuy\u1ebft hi\u1ec7u \u1ee9ng k\u00e9p 2 t\u1ea5n b\u00e1n tr\u1ef1c ti\u1ebfp t\u1eeb nh\u00e0 m\u00e1y<\/h2>\n<p>N\u1ebfu b\u1ea1n \u0111ang c\u1ea7n m\u1ed9t d\u1ee5ng c\u1ee5 c\u00e0y tuy\u1ebft \u0111\u00e1ng tin c\u1eady v\u00e0 hi\u1ec7u qu\u1ea3, h\u00e3y t\u00ecm \u0111\u1ebfn Xi lanh th\u1ee7y l\u1ef1c c\u00e0y tuy\u1ebft c\u1ee7a ch\u00fang t\u00f4i. V\u1edbi c\u1ea5u tr\u00fac tuy\u1ec7t v\u1eddi v\u00e0 c\u00f4ng su\u1ea5t cao, \u0111\u00e2y l\u00e0 l\u1ef1a ch\u1ecdn l\u00fd t\u01b0\u1edfng cho nh\u1eefng ai \u0111ang t\u00ecm ki\u1ebfm m\u1ed9t gi\u1ea3i ph\u00e1p h\u00e0ng \u0111\u1ea7u cho nhu c\u1ea7u c\u00e0y tuy\u1ebft c\u1ee7a m\u00ecnh.<\/p>\n<h3>T\u00ednh n\u0103ng s\u1ea3n ph\u1ea9m<\/h3>\n<p>Xi lanh th\u1ee7y l\u1ef1c m\u00e1y c\u00e0y tuy\u1ebft c\u1ee7a ch\u00fang t\u00f4i l\u00e0 m\u1ed9t s\u1ea3n ph\u1ea9m ho\u00e0n to\u00e0n m\u1edbi v\u1edbi nhi\u1ec1u t\u00ednh n\u0103ng \u1ea5n t\u01b0\u1ee3ng, n\u1ed5i b\u1eadt so v\u1edbi c\u00e1c \u0111\u1ed1i th\u1ee7 c\u1ea1nh tranh. S\u1ea3n ph\u1ea9m \u0111\u01b0\u1ee3c b\u1ea3o h\u00e0nh m\u1ed9t n\u0103m v\u00e0 c\u00f3 l\u1ef1c \u0111\u1ea9y t\u1ed1i \u0111a 3000 v\u00f2ng\/ph\u00fat. Xi lanh piston ti\u00eau chu\u1ea9n n\u00e0y \u0111\u01b0\u1ee3c v\u1eadn h\u00e0nh b\u1eb1ng th\u1ee7y l\u1ef1c v\u00e0 \u0111\u01b0\u1ee3c l\u00e0m t\u1eeb th\u00e9p b\u1ec1n b\u1ec9, \u0111\u1ea3m b\u1ea3o tu\u1ed5i th\u1ecd l\u00e2u d\u00e0i.<\/p>\n<h3>Th\u00f4ng s\u1ed1 k\u1ef9 thu\u1eadt s\u1ea3n ph\u1ea9m<\/h3>\n<p>Xi lanh th\u1ee7y l\u1ef1c c\u00f3 k\u00edch th\u01b0\u1edbc l\u1ed7 t\u1eeb 2-6 inch, k\u00edch th\u01b0\u1edbc thanh truy\u1ec1n t\u1eeb 1,125-4 inch, v\u00e0 h\u00e0nh tr\u00ecnh t\u1eeb 4-100 inch. K\u00edch th\u01b0\u1edbc ch\u1ed1t t\u1eeb 0,5-2 inch, v\u00e0 kh\u1ea3 n\u0103ng k\u00e9o t\u1ed1i \u0111a l\u00e0 20 t\u1ea5n. S\u1ea3n ph\u1ea9m \u0111\u01b0\u1ee3c ch\u1ee9ng nh\u1eadn theo ti\u00eau chu\u1ea9n ISO9001:2000, \u0111\u1ea3m b\u1ea3o ch\u1ea5t l\u01b0\u1ee3ng cao v\u00e0 hi\u1ec7u su\u1ea5t \u0111\u00e1ng tin c\u1eady.<\/p>\n<h3>B\u1ea3o tr\u00ec s\u1ea3n ph\u1ea9m<\/h3>\n<p>Xi lanh th\u1ee7y l\u1ef1c m\u00e1y c\u00e0y tuy\u1ebft c\u1ee7a ch\u00fang t\u00f4i kh\u00f4ng ch\u1ec9 d\u1ec5 l\u1eafp \u0111\u1eb7t m\u00e0 c\u00f2n d\u1ec5 b\u1ea3o tr\u00ec. V\u1edbi tr\u1ecdng l\u01b0\u1ee3ng ch\u1ec9 10 kg, ch\u1ebf \u0111\u1ed9 b\u1ea3o h\u00e0nh bao g\u1ed3m c\u00e1c b\u1ed9 ph\u1eadn c\u1ed1t l\u00f5i, bao g\u1ed3m \u1ed5 tr\u1ee5c v\u00e0 xi lanh th\u1ee7y l\u1ef1c. Video ki\u1ec3m tra xu\u1ea5t x\u01b0\u1edfng v\u00e0 b\u00e1o c\u00e1o th\u1eed nghi\u1ec7m m\u00e1y m\u00f3c \u0111\u01b0\u1ee3c cung c\u1ea5p \u0111\u1ec3 thu\u1eadn ti\u1ec7n cho b\u1ea1n.<\/p>\n<h3>C\u00e1c ng\u00e0nh c\u00f4ng nghi\u1ec7p \u00e1p d\u1ee5ng<\/h3>\n<p>Xi lanh th\u1ee7y l\u1ef1c m\u00e1y c\u00e0y tuy\u1ebft c\u1ee7a ch\u00fang t\u00f4i r\u1ea5t \u0111a n\u0103ng, ph\u1ee5c v\u1ee5 nhi\u1ec1u ng\u00e0nh c\u00f4ng nghi\u1ec7p kh\u00e1c nhau, bao g\u1ed3m x\u01b0\u1edfng s\u1eeda ch\u1eefa m\u00e1y m\u00f3c, trang tr\u1ea1i, n\u0103ng l\u01b0\u1ee3ng v\u00e0 khai th\u00e1c m\u1ecf, s\u1ea3n xu\u1ea5t m\u00e1y m\u00f3c v\u00e0 nh\u00e0 m\u00e1y c\u01a1 kh\u00ed. Hi\u1ec7u su\u1ea5t cao v\u00e0 \u0111\u1ed9 b\u1ec1n b\u1ec9 c\u1ee7a n\u00f3 khi\u1ebfn n\u00f3 tr\u1edf th\u00e0nh m\u1ed9t b\u1ed5 sung gi\u00e1 tr\u1ecb cho b\u1ea5t k\u1ef3 kho v\u0169 kh\u00ed m\u00e1y m\u00f3c h\u1ea1ng n\u1eb7ng n\u00e0o.<\/p>\n<h2>\u01afu \u0111i\u1ec3m c\u1ee7a xi lanh lo\u1ea1i ch\u1ed1t c\u00f3 th\u1ec3 \u0111i\u1ec1u ch\u1ec9nh<\/h2>\n<p><strong>B\u00e1n tr\u1ef1c ti\u1ebfp t\u1eeb nh\u00e0 m\u00e1y Xi lanh th\u1ee7y l\u1ef1c m\u00e1y c\u00e0y tuy\u1ebft nh\u1ecf hi\u1ec7u \u1ee9ng k\u00e9p 2 t\u1ea5n<\/strong><\/p>\n<p>Xi lanh lo\u1ea1i ch\u1ed1t \u0111i\u1ec1u ch\u1ec9nh l\u00e0 m\u1ed9t thi\u1ebft b\u1ecb th\u1ee7y l\u1ef1c hi\u1ec7u qu\u1ea3 cao v\u00e0 \u0111a n\u0103ng, mang l\u1ea1i nhi\u1ec1u l\u1ee3i th\u1ebf trong nhi\u1ec1u \u1ee9ng d\u1ee5ng c\u00f4ng nghi\u1ec7p. Trong b\u00e0i vi\u1ebft n\u00e0y, ch\u00fang ta s\u1ebd t\u00ecm hi\u1ec3u nh\u1eefng l\u1ee3i \u00edch ch\u00ednh c\u1ee7a vi\u1ec7c s\u1eed d\u1ee5ng xi lanh lo\u1ea1i ch\u1ed1t \u0111i\u1ec1u ch\u1ec9nh v\u00e0 l\u00fd do t\u1ea1i sao ch\u00fang \u0111\u01b0\u1ee3c \u01b0a chu\u1ed9ng trong c\u00e1c h\u1ec7 th\u1ed1ng th\u1ee7y l\u1ef1c kh\u00e1c nhau.<\/p>\n<p><strong>1. T\u00ednh linh ho\u1ea1t \u0111\u01b0\u1ee3c n\u00e2ng cao<\/strong><\/p>\n<p>M\u1ed9t trong nh\u1eefng \u01b0u \u0111i\u1ec3m ch\u00ednh c\u1ee7a xi lanh lo\u1ea1i ch\u1ed1t \u0111i\u1ec1u ch\u1ec9nh l\u00e0 t\u00ednh linh ho\u1ea1t c\u1ee7a ch\u00fang. Nh\u1eefng xi lanh n\u00e0y \u0111\u01b0\u1ee3c thi\u1ebft k\u1ebf \u0111\u1ec3 c\u00f3 th\u1ec3 \u0111i\u1ec1u ch\u1ec9nh, cho ph\u00e9p d\u1ec5 d\u00e0ng t\u00f9y ch\u1ec9nh v\u00e0 th\u00edch \u1ee9ng v\u1edbi c\u00e1c y\u00eau c\u1ea7u v\u1eadn h\u00e0nh kh\u00e1c nhau. Ch\u1ec9 c\u1ea7n \u0111i\u1ec1u ch\u1ec9nh v\u1ecb tr\u00ed ch\u1ed1t, chi\u1ec1u d\u00e0i h\u00e0nh tr\u00ecnh xi lanh c\u00f3 th\u1ec3 \u0111\u01b0\u1ee3c \u0111i\u1ec1u ch\u1ec9nh, cho ph\u00e9p ki\u1ec3m so\u00e1t ch\u00ednh x\u00e1c hi\u1ec7u su\u1ea5t c\u1ee7a h\u1ec7 th\u1ed1ng th\u1ee7y l\u1ef1c. T\u00ednh linh ho\u1ea1t n\u00e0y l\u00e0m cho xi lanh lo\u1ea1i ch\u1ed1t \u0111i\u1ec1u ch\u1ec9nh ph\u00f9 h\u1ee3p v\u1edbi nhi\u1ec1u \u1ee9ng d\u1ee5ng, t\u1eeb h\u1ec7 th\u1ed1ng c\u00e0y tuy\u1ebft \u0111\u1ebfn thi\u1ebft b\u1ecb x\u1eed l\u00fd v\u1eadt li\u1ec7u.<\/p>\n<p><strong>2. Hi\u1ec7u su\u1ea5t t\u1ed1i \u01b0u<\/strong><\/p>\n<p>Xi lanh lo\u1ea1i ch\u1ed1t \u0111i\u1ec1u ch\u1ec9nh \u0111\u01b0\u1ee3c thi\u1ebft k\u1ebf \u0111\u1ec3 mang l\u1ea1i hi\u1ec7u su\u1ea5t t\u1ed1i \u01b0u trong h\u1ec7 th\u1ed1ng th\u1ee7y l\u1ef1c. V\u1edbi kh\u1ea3 n\u0103ng \u0111i\u1ec1u ch\u1ec9nh ch\u00ednh x\u00e1c, c\u00e1c xi lanh n\u00e0y cho ph\u00e9p ng\u01b0\u1eddi v\u1eadn h\u00e0nh tinh ch\u1ec9nh l\u1ef1c th\u1ee7y l\u1ef1c, t\u1ed1c \u0111\u1ed9 v\u00e0 h\u00e0nh tr\u00ecnh, t\u1eeb \u0111\u00f3 t\u1ed1i \u0111a h\u00f3a hi\u1ec7u su\u1ea5t v\u00e0 n\u0103ng su\u1ea5t. D\u00f9 l\u00e0 n\u00e2ng t\u1ea3i n\u1eb7ng hay \u0111\u1ea9y\/k\u00e9o, xi lanh lo\u1ea1i ch\u1ed1t \u0111i\u1ec1u ch\u1ec9nh \u0111\u1ec1u mang l\u1ea1i hi\u1ec7u su\u1ea5t v\u01b0\u1ee3t tr\u1ed9i, \u0111\u1ea3m b\u1ea3o truy\u1ec1n \u0111\u1ed9ng th\u1ee7y l\u1ef1c m\u01b0\u1ee3t m\u00e0 v\u00e0 \u0111\u00e1ng tin c\u1eady.<\/p>\n<p><strong>3. T\u0103ng \u0111\u1ed9 b\u1ec1n<\/strong><\/p>\n<p>M\u1ed9t \u01b0u \u0111i\u1ec3m \u0111\u00e1ng ch\u00fa \u00fd kh\u00e1c c\u1ee7a xi lanh lo\u1ea1i ch\u1ed1t \u0111i\u1ec1u ch\u1ec9nh l\u00e0 c\u1ea5u tr\u00fac ch\u1eafc ch\u1eafn v\u00e0 \u0111\u1ed9 b\u1ec1n cao. Nh\u1eefng xi lanh n\u00e0y \u0111\u01b0\u1ee3c ch\u1ebf t\u1ea1o \u0111\u1ec3 ch\u1ecbu \u0111\u01b0\u1ee3c m\u00f4i tr\u01b0\u1eddng \u00e1p su\u1ea5t cao v\u00e0 c\u00e1c \u1ee9ng d\u1ee5ng n\u1eb7ng. Vi\u1ec7c s\u1eed d\u1ee5ng v\u1eadt li\u1ec7u ch\u1ea5t l\u01b0\u1ee3ng cao, k\u1ef9 thu\u1eadt s\u1ea3n xu\u1ea5t ti\u00ean ti\u1ebfn v\u00e0 quy tr\u00ecnh ki\u1ec3m so\u00e1t ch\u1ea5t l\u01b0\u1ee3ng nghi\u00eam ng\u1eb7t \u0111\u1ea3m b\u1ea3o xi lanh c\u00f3 th\u1ec3 ch\u1ecbu \u0111\u01b0\u1ee3c \u0111i\u1ec1u ki\u1ec7n kh\u1eafc nghi\u1ec7t, ch\u1ed1ng m\u00e0i m\u00f2n v\u00e0 tu\u1ed5i th\u1ecd cao h\u01a1n. \u0110\u1ed9 b\u1ec1n n\u00e0y gi\u00fap xi lanh lo\u1ea1i ch\u1ed1t \u0111i\u1ec1u ch\u1ec9nh tr\u1edf th\u00e0nh m\u1ed9t gi\u1ea3i ph\u00e1p ti\u1ebft ki\u1ec7m chi ph\u00ed, gi\u1ea3m nhu c\u1ea7u thay th\u1ebf th\u01b0\u1eddng xuy\u00ean v\u00e0 gi\u1ea3m thi\u1ec3u th\u1eddi gian ng\u1eebng ho\u1ea1t \u0111\u1ed9ng.<\/p>\n<p><strong>4. Ki\u1ec3m so\u00e1t ch\u00ednh x\u00e1c<\/strong><\/p>\n<p>Xi lanh lo\u1ea1i ch\u1ed1t \u0111i\u1ec1u ch\u1ec9nh cung c\u1ea5p kh\u1ea3 n\u0103ng ki\u1ec3m so\u00e1t ch\u00ednh x\u00e1c c\u00e1c h\u1ec7 th\u1ed1ng th\u1ee7y l\u1ef1c, l\u00fd t\u01b0\u1edfng cho c\u00e1c \u1ee9ng d\u1ee5ng \u0111\u00f2i h\u1ecfi \u0111\u1ecbnh v\u1ecb v\u00e0 ki\u1ec3m so\u00e1t ch\u00ednh x\u00e1c. Kh\u1ea3 n\u0103ng \u0111i\u1ec1u ch\u1ec9nh \u0111\u1ed9 d\u00e0i h\u00e0nh tr\u00ecnh cho ph\u00e9p tinh ch\u1ec9nh chuy\u1ec3n \u0111\u1ed9ng c\u1ee7a xi lanh, \u0111\u1ea3m b\u1ea3o ho\u1ea1t \u0111\u1ed9ng ch\u00ednh x\u00e1c v\u00e0 l\u1eb7p l\u1ea1i. M\u1ee9c \u0111\u1ed9 ki\u1ec3m so\u00e1t n\u00e0y r\u1ea5t quan tr\u1ecdng trong c\u00e1c ng\u00e0nh c\u00f4ng nghi\u1ec7p nh\u01b0 x\u00e2y d\u1ef1ng, n\u00f4ng nghi\u1ec7p v\u00e0 s\u1ea3n xu\u1ea5t, n\u01a1i c\u1ea7n chuy\u1ec3n \u0111\u1ed9ng ch\u00ednh x\u00e1c \u0111\u1ec3 \u0111\u1ea1t \u0111\u01b0\u1ee3c k\u1ebft qu\u1ea3 t\u1ed1i \u01b0u.<\/p>\n<p><strong>5. D\u1ec5 d\u00e0ng l\u1eafp \u0111\u1eb7t v\u00e0 b\u1ea3o tr\u00ec<\/strong><\/p>\n<p>Vi\u1ec7c l\u1eafp \u0111\u1eb7t v\u00e0 b\u1ea3o tr\u00ec xi lanh lo\u1ea1i ch\u1ed1t \u0111i\u1ec1u ch\u1ec9nh t\u01b0\u01a1ng \u0111\u1ed1i \u0111\u01a1n gi\u1ea3n. C\u00e1c xi lanh n\u00e0y \u0111\u01b0\u1ee3c thi\u1ebft k\u1ebf \u0111\u1ec3 d\u1ec5 d\u00e0ng t\u00edch h\u1ee3p v\u00e0o h\u1ec7 th\u1ed1ng th\u1ee7y l\u1ef1c, v\u1edbi k\u00edch th\u01b0\u1edbc v\u00e0 t\u00f9y ch\u1ecdn l\u1eafp \u0111\u1eb7t ti\u00eau chu\u1ea9n. H\u01a1n n\u1eefa, ch\u00fang \u0111\u00f2i h\u1ecfi b\u1ea3o tr\u00ec t\u1ed1i thi\u1ec3u nh\u1edd c\u1ea5u tr\u00fac ch\u1eafc ch\u1eafn v\u00e0 c\u00e1c linh ki\u1ec7n ch\u1ea5t l\u01b0\u1ee3ng cao. Vi\u1ec7c ki\u1ec3m tra v\u00e0 b\u00f4i tr\u01a1n th\u01b0\u1eddng xuy\u00ean th\u01b0\u1eddng l\u00e0 \u0111\u1ee7 \u0111\u1ec3 gi\u1eef cho c\u00e1c xi lanh n\u00e0y ho\u1ea1t \u0111\u1ed9ng \u1edf \u0111i\u1ec1u ki\u1ec7n t\u1ed1i \u01b0u, gi\u1ea3m chi ph\u00ed b\u1ea3o tr\u00ec v\u00e0 th\u1eddi gian ng\u1eebng ho\u1ea1t \u0111\u1ed9ng.<\/p>\n<p>Nh\u00ecn chung, xi lanh lo\u1ea1i ch\u1ed1t \u0111i\u1ec1u ch\u1ec9nh mang l\u1ea1i nhi\u1ec1u \u01b0u \u0111i\u1ec3m v\u1ec1 t\u00ednh linh ho\u1ea1t, hi\u1ec7u su\u1ea5t, \u0111\u1ed9 b\u1ec1n, kh\u1ea3 n\u0103ng ki\u1ec3m so\u00e1t ch\u00ednh x\u00e1c, d\u1ec5 d\u00e0ng l\u1eafp \u0111\u1eb7t v\u00e0 b\u1ea3o tr\u00ec. T\u00ednh n\u0103ng \u0111i\u1ec1u ch\u1ec9nh v\u00e0 kh\u1ea3 n\u0103ng \u0111\u00e1p \u1ee9ng c\u00e1c y\u00eau c\u1ea7u v\u1eadn h\u00e0nh kh\u00e1c nhau khi\u1ebfn ch\u00fang tr\u1edf th\u00e0nh l\u1ef1a ch\u1ecdn ph\u1ed5 bi\u1ebfn trong nhi\u1ec1u \u1ee9ng d\u1ee5ng th\u1ee7y l\u1ef1c. Cho d\u00f9 l\u00e0 m\u00e1y c\u00e0y tuy\u1ebft nh\u1ecf hay h\u1ec7 th\u1ed1ng x\u1eed l\u00fd v\u1eadt li\u1ec7u h\u1ea1ng n\u1eb7ng, xi lanh lo\u1ea1i ch\u1ed1t \u0111i\u1ec1u ch\u1ec9nh mang l\u1ea1i \u0111\u1ed9 tin c\u1eady v\u00e0 hi\u1ec7u qu\u1ea3 c\u1ea7n thi\u1ebft cho hi\u1ec7u su\u1ea5t t\u1ed1i \u01b0u.<\/p>\n<h3>Gi\u1edbi thi\u1ec7u v\u1ec1 FMP<\/h3>\n<p>FMP l\u00e0 c\u00f4ng ty h\u00e0ng \u0111\u1ea7u chuy\u00ean s\u1ea3n xu\u1ea5t v\u00e0 kinh doanh xi lanh th\u1ee7y l\u1ef1c. V\u1edbi kinh nghi\u1ec7m d\u00e0y d\u1eb7n trong ng\u00e0nh v\u00e0 \u0111\u1ed9i ng\u0169 chuy\u00ean nghi\u1ec7p, ch\u00fang t\u00f4i cam k\u1ebft cung c\u1ea5p cho kh\u00e1ch h\u00e0ng nh\u1eefng xi lanh th\u1ee7y l\u1ef1c ch\u1ea5t l\u01b0\u1ee3ng cao v\u00e0 \u0111\u00e1ng tin c\u1eady cho nhi\u1ec1u \u1ee9ng d\u1ee5ng m\u00e1y m\u00f3c x\u00e2y d\u1ef1ng kh\u00e1c nhau.<\/p>\n<p><img decoding=\"async\" class=\"aligncenter\" src=\"https:\/\/fmp-components.com\/wp-content\/uploads\/2024\/12\/Adjustable-Clevis-Type-Cylinders-6.webp\" alt=\"Xi lanh lo\u1ea1i Clevis c\u00f3 th\u1ec3 \u0111i\u1ec1u ch\u1ec9nh\" width=\"835\" title=\"\"><\/p>\n<p>Sau \u0111\u00e2y l\u00e0 n\u0103m l\u00fd do t\u1ea1i sao l\u1ef1a ch\u1ecdn FMP cho nhu c\u1ea7u xi lanh th\u1ee7y l\u1ef1c c\u1ee7a b\u1ea1n l\u00e0 quy\u1ebft \u0111\u1ecbnh \u0111\u00fang \u0111\u1eafn:<\/p>\n<ol>\n<li><strong>Nhi\u1ec1u lo\u1ea1i s\u1ea3n ph\u1ea9m:<\/strong> Ch\u00fang t\u00f4i cung c\u1ea5p \u0111a d\u1ea1ng c\u00e1c lo\u1ea1i xi lanh th\u1ee7y l\u1ef1c ph\u00f9 h\u1ee3p v\u1edbi nhi\u1ec1u \u1ee9ng d\u1ee5ng kh\u00e1c nhau trong ng\u00e0nh m\u00e1y m\u00f3c x\u00e2y d\u1ef1ng. D\u00f9 b\u1ea1n c\u1ea7n xi lanh cho m\u00e1y m\u00f3c n\u00f4ng nghi\u1ec7p, h\u1ed9p s\u1ed1 c\u00f4ng nghi\u1ec7p hay h\u1ed9p s\u1ed1 h\u00e0nh tinh, ch\u00fang t\u00f4i \u0111\u1ec1u c\u00f3 th\u1ec3 \u0111\u00e1p \u1ee9ng.<\/li>\n<li><strong>Ti\u00eau chu\u1ea9n ch\u1ea5t l\u01b0\u1ee3ng nghi\u00eam ng\u1eb7t:<\/strong> T\u1ea1i FMP, ch\u00fang t\u00f4i \u01b0u ti\u00ean ch\u1ea5t l\u01b0\u1ee3ng v\u00e0 \u0111\u1ea3m b\u1ea3o t\u1ea5t c\u1ea3 xi lanh th\u1ee7y l\u1ef1c do ch\u00fang t\u00f4i cung c\u1ea5p \u0111\u1ec1u \u0111\u00e1p \u1ee9ng c\u00e1c ti\u00eau chu\u1ea9n ch\u1ea5t l\u01b0\u1ee3ng nghi\u00eam ng\u1eb7t. Th\u00f4ng qua m\u1ed1i quan h\u1ec7 \u0111\u1ed1i t\u00e1c l\u00e2u d\u00e0i v\u00e0 \u1ed5n \u0111\u1ecbnh v\u1edbi c\u00e1c nh\u00e0 cung c\u1ea5p ch\u1ea5t l\u01b0\u1ee3ng cao, ch\u00fang t\u00f4i \u0111\u1ea3m b\u1ea3o \u0111\u1ed9 tin c\u1eady v\u00e0 \u0111\u1ed9 b\u1ec1n c\u1ee7a s\u1ea3n ph\u1ea9m.<\/li>\n<li><strong>\u0110\u1ed9i ng\u0169 b\u00e1n h\u00e0ng gi\u00e0u kinh nghi\u1ec7m:<\/strong> \u0110\u1ed9i ng\u0169 b\u00e1n h\u00e0ng gi\u00e0u kinh nghi\u1ec7m c\u1ee7a ch\u00fang t\u00f4i am hi\u1ec3u s\u00e2u s\u1eafc c\u00e1c xu h\u01b0\u1edbng m\u1edbi nh\u1ea5t v\u00e0 nhu c\u1ea7u c\u1ee7a kh\u00e1ch h\u00e0ng trong ng\u00e0nh m\u00e1y m\u00f3c x\u00e2y d\u1ef1ng. H\u1ecd c\u00f3 th\u1ec3 t\u01b0 v\u1ea5n s\u1ea3n ph\u1ea9m chuy\u00ean nghi\u1ec7p, h\u1ed7 tr\u1ee3 b\u1ea1n \u0111\u01b0a ra quy\u1ebft \u0111\u1ecbnh s\u00e1ng su\u1ed1t v\u00e0 t\u00ecm ra xi lanh th\u1ee7y l\u1ef1c ho\u00e0n h\u1ea3o cho nhu c\u1ea7u c\u1ee5 th\u1ec3 c\u1ee7a b\u1ea1n.<\/li>\n<li><strong>Ph\u00e2n ph\u1ed1i h\u1eadu c\u1ea7n hi\u1ec7u qu\u1ea3:<\/strong> Ch\u00fang t\u00f4i hi\u1ec3u t\u1ea7m quan tr\u1ecdng c\u1ee7a vi\u1ec7c giao h\u00e0ng \u0111\u00fang h\u1ea1n. H\u1ec7 th\u1ed1ng ph\u00e2n ph\u1ed1i h\u1eadu c\u1ea7n hi\u1ec7u qu\u1ea3 c\u1ee7a ch\u00fang t\u00f4i \u0111\u1ea3m b\u1ea3o b\u1ea1n nh\u1eadn \u0111\u01b0\u1ee3c xi lanh th\u1ee7y l\u1ef1c c\u1ea7n thi\u1ebft m\u1ed9t c\u00e1ch nhanh ch\u00f3ng v\u00e0 ch\u00ednh x\u00e1c, gi\u1ea3m thi\u1ec3u th\u1eddi gian ng\u1eebng ho\u1ea1t \u0111\u1ed9ng v\u00e0 duy tr\u00ec ho\u1ea1t \u0111\u1ed9ng tr\u01a1n tru.<\/li>\n<li><strong>H\u1ed7 tr\u1ee3 to\u00e0n di\u1ec7n sau b\u00e1n h\u00e0ng:<\/strong> T\u1ea1i FMP, ch\u00fang t\u00f4i coi tr\u1ecdng s\u1ef1 h\u00e0i l\u00f2ng c\u1ee7a kh\u00e1ch h\u00e0ng. \u0110\u1ed9i ng\u0169 h\u1ed7 tr\u1ee3 t\u1eadn t\u00e2m c\u1ee7a ch\u00fang t\u00f4i lu\u00f4n s\u1eb5n s\u00e0ng gi\u1ea3i \u0111\u00e1p m\u1ecdi th\u1eafc m\u1eafc ho\u1eb7c lo ng\u1ea1i c\u1ee7a b\u1ea1n, cung c\u1ea5p d\u1ecbch v\u1ee5 h\u1ed7 tr\u1ee3 sau b\u00e1n h\u00e0ng to\u00e0n di\u1ec7n \u0111\u1ec3 \u0111\u1ea3m b\u1ea3o b\u1ea1n h\u00e0i l\u00f2ng t\u1ed1i \u0111a v\u1edbi xi lanh th\u1ee7y l\u1ef1c c\u1ee7a ch\u00fang t\u00f4i.<\/li>\n<\/ol>\n<p>H\u00e3y h\u1ee3p t\u00e1c v\u1edbi FMP ngay h\u00f4m nay v\u00e0 tr\u1ea3i nghi\u1ec7m ch\u1ea5t l\u01b0\u1ee3ng, \u0111\u1ed9 tin c\u1eady v\u00e0 hi\u1ec7u su\u1ea5t v\u01b0\u1ee3t tr\u1ed9i c\u1ee7a xi lanh th\u1ee7y l\u1ef1c c\u1ee7a ch\u00fang t\u00f4i. Li\u00ean h\u1ec7 v\u1edbi ch\u00fang t\u00f4i ngay \u0111\u1ec3 th\u1ea3o lu\u1eadn v\u1ec1 nhu c\u1ea7u c\u1ee5 th\u1ec3 c\u1ee7a b\u1ea1n v\u00e0 b\u1eaft \u0111\u1ea7u m\u1ed9t s\u1ef1 h\u1ee3p t\u00e1c hi\u1ec7u qu\u1ea3.<\/p>\n<h2>C\u00e2u h\u1ecfi th\u01b0\u1eddng g\u1eb7p<\/h2>\n<p><img decoding=\"async\" class=\"aligncenter\" title=\"Xi lanh th\u1ee7y l\u1ef1c m\u00e1y c\u00e0y tuy\u1ebft\" src=\"https:\/\/hzpt.com\/wp-content\/uploads\/2023\/11\/Snow-Plow-Hydraulic-Cylinder-1.webp\" alt=\"Xi lanh th\u1ee7y l\u1ef1c m\u00e1y c\u00e0y tuy\u1ebft\" \/><\/p>\n<h3>Q: Th\u1eddi gian giao h\u00e0ng cho xi lanh th\u1ee7y l\u1ef1c c\u1ee7a b\u1ea1n l\u00e0 bao l\u00e2u?<\/h3>\n<p>A: Th\u1eddi gian giao h\u00e0ng chung l\u00e0 25-35 ng\u00e0y.<\/p>\n<h3>Q: T\u00f4i c\u00f3 th\u1ec3 y\u00eau c\u1ea7u m\u1eabu s\u1ea3n ph\u1ea9m c\u1ee7a b\u1ea1n kh\u00f4ng?<\/h3>\n<p>A: C\u00f3, ch\u00fang t\u00f4i cung c\u1ea5p m\u1eabu s\u1ea3n ph\u1ea9m nh\u01b0ng kh\u00f4ng mi\u1ec5n ph\u00ed.<\/p>\n<h3>Q: B\u1ea1n c\u00f3 th\u1ec3 s\u1ea3n xu\u1ea5t xi lanh th\u1ee7y l\u1ef1c theo m\u1eabu c\u1ee5 th\u1ec3 ho\u1eb7c b\u1ea3n v\u1ebd k\u1ef9 thu\u1eadt kh\u00f4ng?<\/h3>\n<p>A: C\u00f3, ch\u00fang t\u00f4i c\u00f3 th\u1ec3 s\u1ea3n xu\u1ea5t s\u1ea3n ph\u1ea9m theo m\u1eabu ho\u1eb7c b\u1ea3n v\u1ebd k\u1ef9 thu\u1eadt c\u1ee7a b\u1ea1n. Ch\u00fang t\u00f4i c\u0169ng c\u00f3 th\u1ec3 ch\u1ebf t\u1ea1o khu\u00f4n m\u1eabu v\u00e0 \u0111\u1ed3 g\u00e1.<\/p>\n<p>T\u00e1c gi\u1ea3: CX<\/p>","protected":false},"excerpt":{"rendered":"<p>Introducing the Factory Direct Sale 2 Ton Double Effect Small Snow Plow Hydraulic Cylinder If you are in need of a reliable and efficient snow plowing tool, look no further than our Snow Plow Hydraulic Cylinder. With its excellent construction and high capacity, it is an ideal choice for those in need of a top-notch [&hellip;]<\/p>","protected":false},"featured_media":1515,"comment_status":"closed","ping_status":"closed","template":"","meta":{"_et_pb_use_builder":"","_et_pb_old_content":"","_et_gb_content_width":""},"product_brand":[],"product_cat":[42],"product_tag":[34,44],"class_list":{"0":"post-1514","1":"product","2":"type-product","3":"status-publish","4":"has-post-thumbnail","6":"product_cat-snow-plow-hydraulic-cylinder","7":"product_tag-hydraulic-cylinder","8":"product_tag-snow-plow-hydraulic-cylinder","10":"first","11":"instock","12":"product-type-simple"},"_links":{"self":[{"href":"https:\/\/fmp-components.com\/vi\/wp-json\/wp\/v2\/product\/1514","targetHints":{"allow":["GET"]}}],"collection":[{"href":"https:\/\/fmp-components.com\/vi\/wp-json\/wp\/v2\/product"}],"about":[{"href":"https:\/\/fmp-components.com\/vi\/wp-json\/wp\/v2\/types\/product"}],"replies":[{"embeddable":true,"href":"https:\/\/fmp-components.com\/vi\/wp-json\/wp\/v2\/comments?post=1514"}],"wp:featuredmedia":[{"embeddable":true,"href":"https:\/\/fmp-components.com\/vi\/wp-json\/wp\/v2\/media\/1515"}],"wp:attachment":[{"href":"https:\/\/fmp-components.com\/vi\/wp-json\/wp\/v2\/media?parent=1514"}],"wp:term":[{"taxonomy":"product_brand","embeddable":true,"href":"https:\/\/fmp-components.com\/vi\/wp-json\/wp\/v2\/product_brand?post=1514"},{"taxonomy":"product_cat","embeddable":true,"href":"https:\/\/fmp-components.com\/vi\/wp-json\/wp\/v2\/product_cat?post=1514"},{"taxonomy":"product_tag","embeddable":true,"href":"https:\/\/fmp-components.com\/vi\/wp-json\/wp\/v2\/product_tag?post=1514"}],"curies":[{"name":"wp","href":"https:\/\/api.w.org\/{rel}","templated":true}]}}