{"id":1512,"date":"2024-12-23T05:50:37","date_gmt":"2024-12-23T05:50:37","guid":{"rendered":"https:\/\/fmp-components.com\/product\/guaranteed-quality-small-hydraulic-cylinder-double-effect-hydraulic-cylinder-for-snow-plow\/"},"modified":"2024-12-23T06:24:04","modified_gmt":"2024-12-23T06:24:04","slug":"guaranteed-quality-small-hydraulic-cylinder-double-effect-hydraulic-cylinder-for-snow-plow","status":"publish","type":"product","link":"https:\/\/fmp-components.com\/vi\/product\/guaranteed-quality-small-hydraulic-cylinder-double-effect-hydraulic-cylinder-for-snow-plow\/","title":{"rendered":"Xi lanh th\u1ee7y l\u1ef1c nh\u1ecf ch\u1ea5t l\u01b0\u1ee3ng \u0111\u1ea3m b\u1ea3o Xi lanh th\u1ee7y l\u1ef1c hi\u1ec7u \u1ee9ng k\u00e9p cho m\u00e1y c\u00e0y tuy\u1ebft"},"content":{"rendered":"<p>Xi lanh th\u1ee7y l\u1ef1c nh\u1ecf, hi\u1ec7u \u1ee9ng k\u00e9p, ch\u1ea5t l\u01b0\u1ee3ng \u0111\u1ea3m b\u1ea3o d\u00e0nh cho m\u00e1y c\u00e0y tuy\u1ebft.<\/p>\n<p>\u0110\u01b0\u1ee3c thi\u1ebft k\u1ebf v\u1edbi \u0111\u1ed9 ch\u00ednh x\u00e1c v\u00e0 ch\u1ea5t l\u01b0\u1ee3ng cao, xi lanh th\u1ee7y l\u1ef1c n\u00e0y l\u00e0 s\u1ef1 b\u1ed5 sung ho\u00e0n h\u1ea3o cho b\u1ea5t k\u1ef3 m\u00e1y c\u00e0y tuy\u1ebft n\u00e0o. Kh\u1ea3 n\u0103ng t\u00e1c \u0111\u1ed9ng k\u00e9p c\u1ee7a n\u00f3 gi\u00fap t\u0103ng hi\u1ec7u qu\u1ea3 v\u00e0 s\u1ee9c m\u1ea1nh, gi\u00fap vi\u1ec7c d\u1ecdn s\u1ea1ch ngay c\u1ea3 nh\u1eefng tr\u1eadn tuy\u1ebft r\u01a1i d\u00e0y nh\u1ea5t tr\u1edf n\u00ean d\u1ec5 d\u00e0ng h\u01a1n bao gi\u1edd h\u1ebft.<\/p>\n<p>\u0110\u01b0\u1ee3c ch\u1ebf t\u1ea1o t\u1eeb nh\u1eefng v\u1eadt li\u1ec7u ch\u1ea5t l\u01b0\u1ee3ng cao nh\u1ea5t, xi lanh th\u1ee7y l\u1ef1c n\u00e0y \u0111\u01b0\u1ee3c thi\u1ebft k\u1ebf \u0111\u1ec3 ch\u1ecbu \u0111\u01b0\u1ee3c c\u1ea3 nh\u1eefng \u0111i\u1ec1u ki\u1ec7n kh\u1eafc nghi\u1ec7t nh\u1ea5t. K\u00edch th\u01b0\u1edbc nh\u1ecf g\u1ecdn gi\u00fap d\u1ec5 d\u00e0ng l\u1eafp \u0111\u1eb7t, bi\u1ebfn n\u00f3 tr\u1edf th\u00e0nh l\u1ef1a ch\u1ecdn l\u00fd t\u01b0\u1edfng cho b\u1ea5t k\u1ef3 ng\u01b0\u1eddi v\u1eadn h\u00e0nh m\u00e1y c\u00e0y tuy\u1ebft n\u00e0o mu\u1ed1n t\u1ed1i \u0111a h\u00f3a kh\u1ea3 n\u0103ng d\u1ecdn tuy\u1ebft c\u1ee7a m\u00ecnh.<\/p>\n<p><img decoding=\"async\" title=\"Xi lanh th\u1ee7y l\u1ef1c m\u00e1y c\u00e0y tuy\u1ebft\" src=\"https:\/\/hzpt.com\/wp-content\/uploads\/2023\/11\/Snow-Plow-Hydraulic-Cylinder-3.webp\" alt=\"Xi lanh th\u1ee7y l\u1ef1c m\u00e1y c\u00e0y tuy\u1ebft\" \/><\/p>\n<p>V\u1edbi ch\u1ea5t l\u01b0\u1ee3ng v\u00e0 \u0111\u1ed9 tin c\u1eady \u0111\u01b0\u1ee3c \u0111\u1ea3m b\u1ea3o, xi lanh th\u1ee7y l\u1ef1c nh\u1ecf n\u00e0y l\u00e0 kho\u1ea3n \u0111\u1ea7u t\u01b0 ho\u00e0n h\u1ea3o cho b\u1ea5t k\u1ef3 chuy\u00ean gia d\u1ecdn tuy\u1ebft n\u00e0o. \u0110\u1eebng \u0111\u1ec3 th\u1eddi ti\u1ebft m\u00f9a \u0111\u00f4ng l\u00e0m ch\u1eadm ti\u1ebfn \u0111\u1ed9 c\u00f4ng vi\u1ec7c c\u1ee7a b\u1ea1n \u2013 h\u00e3y ch\u1ecdn Xi lanh th\u1ee7y l\u1ef1c t\u00e1c \u0111\u1ed9ng k\u00e9p nh\u1ecf ch\u1ea5t l\u01b0\u1ee3ng \u0111\u01b0\u1ee3c \u0111\u1ea3m b\u1ea3o d\u00e0nh cho m\u00e1y c\u00e0y tuy\u1ebft v\u00e0 ho\u00e0n th\u00e0nh c\u00f4ng vi\u1ec7c m\u1ed9t c\u00e1ch hi\u1ec7u qu\u1ea3 m\u1ecdi l\u00fac.<\/p>\n<h2>\u01afu \u0111i\u1ec3m c\u1ee7a xi lanh lo\u1ea1i ch\u1ed1t c\u00f3 th\u1ec3 \u0111i\u1ec1u ch\u1ec9nh<\/h2>\n<p>C\u00e1c lo\u1ea1i xi lanh \u0111i\u1ec1u ch\u1ec9nh ki\u1ec3u c\u00e0ng cua, ch\u1eb3ng h\u1ea1n nh\u01b0 xi lanh th\u1ee7y l\u1ef1c nh\u1ecf ch\u1ea5t l\u01b0\u1ee3ng \u0111\u1ea3m b\u1ea3o v\u00e0 xi lanh th\u1ee7y l\u1ef1c t\u00e1c \u0111\u1ed9ng k\u00e9p d\u00e0nh cho m\u00e1y c\u00e0y tuy\u1ebft, mang l\u1ea1i nhi\u1ec1u l\u1ee3i \u00edch khi\u1ebfn ch\u00fang tr\u1edf th\u00e0nh l\u1ef1a ch\u1ecdn \u01b0u ti\u00ean trong nhi\u1ec1u \u1ee9ng d\u1ee5ng kh\u00e1c nhau. Trong b\u00e0i vi\u1ebft n\u00e0y, ch\u00fang ta s\u1ebd t\u00ecm hi\u1ec3u chi ti\u1ebft v\u1ec1 nh\u1eefng \u01b0u \u0111i\u1ec3m \u0111\u00f3.<\/p>\n<p>1. T\u0103ng c\u01b0\u1eddng t\u00ednh linh ho\u1ea1t:<br \/>\nC\u00e1c xi lanh ki\u1ec3u c\u00e0ng n\u1ed1i \u0111i\u1ec1u ch\u1ec9nh \u0111\u01b0\u1ee3c mang l\u1ea1i t\u00ednh linh ho\u1ea1t v\u01b0\u1ee3t tr\u1ed9i nh\u1edd v\u00e0o c\u00e1c gi\u00e1 \u0111\u1ee1 c\u00e0ng n\u1ed1i c\u00f3 th\u1ec3 \u0111i\u1ec1u ch\u1ec9nh. T\u00ednh n\u0103ng n\u00e0y cho ph\u00e9p d\u1ec5 d\u00e0ng l\u1eafp \u0111\u1eb7t v\u00e0 \u0111i\u1ec1u ch\u1ec9nh \u1edf c\u00e1c v\u1ecb tr\u00ed kh\u00e1c nhau, l\u00e0m cho ch\u00fang ph\u00f9 h\u1ee3p v\u1edbi nhi\u1ec1u \u1ee9ng d\u1ee5ng. Cho d\u00f9 \u0111\u00f3 l\u00e0 m\u00e1y c\u00e0y tuy\u1ebft hay b\u1ea5t k\u1ef3 thi\u1ebft b\u1ecb n\u00e0o kh\u00e1c, kh\u1ea3 n\u0103ng \u0111i\u1ec1u ch\u1ec9nh v\u1ecb tr\u00ed c\u1ee7a xi lanh \u0111\u1ea3m b\u1ea3o hi\u1ec7u su\u1ea5t t\u1ed1i \u01b0u.<\/p>\n<p>2. \u0110i\u1ec1u khi\u1ec3n ch\u00ednh x\u00e1c:<br \/>\nC\u00e1c xi lanh n\u00e0y cung c\u1ea5p kh\u1ea3 n\u0103ng \u0111i\u1ec1u khi\u1ec3n ch\u00ednh x\u00e1c chuy\u1ec3n \u0111\u1ed9ng v\u00e0 \u0111\u1ecbnh v\u1ecb c\u1ee7a nhi\u1ec1u thi\u1ebft b\u1ecb kh\u00e1c nhau. V\u1edbi chi\u1ec1u d\u00e0i h\u00e0nh tr\u00ecnh c\u00f3 th\u1ec3 \u0111i\u1ec1u ch\u1ec9nh v\u00e0 kh\u1ea3 n\u0103ng \u0111\u1ecbnh v\u1ecb ch\u00ednh x\u00e1c, ch\u00fang cho ph\u00e9p tinh ch\u1ec9nh ho\u1ea1t \u0111\u1ed9ng theo c\u00e1c y\u00eau c\u1ea7u c\u1ee5 th\u1ec3. M\u1ee9c \u0111\u1ed9 \u0111i\u1ec1u khi\u1ec3n n\u00e0y r\u1ea5t quan tr\u1ecdng trong c\u00e1c \u1ee9ng d\u1ee5ng m\u00e0 \u0111\u1ed9 ch\u00ednh x\u00e1c l\u00e0 t\u1ed1i quan tr\u1ecdng, ch\u1eb3ng h\u1ea1n nh\u01b0 m\u00e1y m\u00f3c x\u00e2y d\u1ef1ng ho\u1eb7c c\u00f4ng nghi\u1ec7p.<\/p>\n<p>3. \u0110\u1ed9 b\u1ec1n v\u00e0 \u0111\u1ed9 tin c\u1eady:<br \/>\nC\u00e1c xi lanh th\u1ee7y l\u1ef1c nh\u1ecf v\u00e0 xi lanh th\u1ee7y l\u1ef1c t\u00e1c \u0111\u1ed9ng k\u00e9p ch\u1ea5t l\u01b0\u1ee3ng cao d\u00e0nh cho m\u00e1y c\u00e0y tuy\u1ebft \u0111\u01b0\u1ee3c ch\u1ebf t\u1ea1o \u0111\u1ec3 ch\u1ecbu \u0111\u01b0\u1ee3c c\u00e1c \u0111i\u1ec1u ki\u1ec7n kh\u1eafc nghi\u1ec7t. \u0110\u01b0\u1ee3c c\u1ea5u t\u1ea1o t\u1eeb v\u1eadt li\u1ec7u ch\u1ea5t l\u01b0\u1ee3ng cao v\u00e0 \u0111\u01b0\u1ee3c thi\u1ebft k\u1ebf \u0111\u1ec3 ch\u1ecbu \u0111\u01b0\u1ee3c t\u1ea3i tr\u1ecdng n\u1eb7ng, c\u00e1c xi lanh n\u00e0y mang l\u1ea1i \u0111\u1ed9 b\u1ec1n v\u00e0 \u0111\u1ed9 tin c\u1eady v\u01b0\u1ee3t tr\u1ed9i. \u0110i\u1ec1u n\u00e0y \u0111\u1ea3m b\u1ea3o ch\u00fang c\u00f3 th\u1ec3 x\u1eed l\u00fd nh\u1eefng nhi\u1ec7m v\u1ee5 kh\u00f3 kh\u0103n nh\u1ea5t m\u00e0 kh\u00f4ng \u1ea3nh h\u01b0\u1edfng \u0111\u1ebfn hi\u1ec7u su\u1ea5t.<\/p>\n<p>4. Truy\u1ec1n t\u1ea3i \u0111i\u1ec7n n\u0103ng hi\u1ec7u qu\u1ea3:<br \/>\nThi\u1ebft k\u1ebf xi lanh ki\u1ec3u c\u00e0ng cua \u0111i\u1ec1u ch\u1ec9nh \u0111\u01b0\u1ee3c t\u1ed1i \u01b0u h\u00f3a vi\u1ec7c truy\u1ec1n t\u1ea3i n\u0103ng l\u01b0\u1ee3ng, d\u1eabn \u0111\u1ebfn ho\u1ea1t \u0111\u1ed9ng hi\u1ec7u qu\u1ea3. Vi\u1ec7c s\u1eed d\u1ee5ng c\u00f4ng ngh\u1ec7 th\u1ee7y l\u1ef1c ti\u00ean ti\u1ebfn cho ph\u00e9p chuy\u1ec3n \u0111\u1ed9ng m\u01b0\u1ee3t m\u00e0 v\u00e0 \u1ed5n \u0111\u1ecbnh, gi\u1ea3m thi\u1ec3u t\u1ed5n th\u1ea5t n\u0103ng l\u01b0\u1ee3ng. Hi\u1ec7u qu\u1ea3 n\u00e0y kh\u00f4ng ch\u1ec9 n\u00e2ng cao hi\u1ec7u su\u1ea5t t\u1ed5ng th\u1ec3 m\u00e0 c\u00f2n g\u00f3p ph\u1ea7n ti\u1ebft ki\u1ec7m chi ph\u00ed v\u1ec1 l\u00e2u d\u00e0i.<\/p>\n<p>5. \u1ee8ng d\u1ee5ng \u0111a d\u1ea1ng:<br \/>\nNh\u1edd thi\u1ebft k\u1ebf \u0111a n\u0103ng, xi lanh ki\u1ec3u c\u00e0ng n\u1ed1i \u0111i\u1ec1u ch\u1ec9nh \u0111\u01b0\u1ee3c \u1ee9ng d\u1ee5ng r\u1ed9ng r\u00e3i trong nhi\u1ec1u ng\u00e0nh c\u00f4ng nghi\u1ec7p. T\u1eeb n\u00f4ng nghi\u1ec7p \u0111\u1ebfn x\u00e2y d\u1ef1ng, t\u1eeb v\u1eadn chuy\u1ec3n v\u1eadt li\u1ec7u \u0111\u1ebfn v\u1eadn t\u1ea3i, c\u00e1c xi lanh n\u00e0y c\u00f3 th\u1ec3 \u0111\u01b0\u1ee3c t\u00edch h\u1ee3p v\u00e0o nhi\u1ec1u thi\u1ebft b\u1ecb v\u00e0 m\u00e1y m\u00f3c kh\u00e1c nhau. Kh\u1ea3 n\u0103ng th\u00edch \u1ee9ng cao khi\u1ebfn ch\u00fang tr\u1edf th\u00e0nh gi\u1ea3i ph\u00e1p ti\u1ebft ki\u1ec7m chi ph\u00ed cho c\u00e1c nhu c\u1ea7u v\u1eadn h\u00e0nh kh\u00e1c nhau.<\/p>\n<p>T\u00f3m l\u1ea1i, c\u00e1c xi lanh ki\u1ec3u c\u00e0ng n\u1ed1i \u0111i\u1ec1u ch\u1ec9nh \u0111\u01b0\u1ee3c, bao g\u1ed3m c\u1ea3 xi lanh th\u1ee7y l\u1ef1c nh\u1ecf ch\u1ea5t l\u01b0\u1ee3ng \u0111\u1ea3m b\u1ea3o v\u00e0 xi lanh th\u1ee7y l\u1ef1c t\u00e1c \u0111\u1ed9ng k\u00e9p cho m\u00e1y c\u00e0y tuy\u1ebft, mang l\u1ea1i nhi\u1ec1u \u01b0u \u0111i\u1ec3m. T\u00ednh linh ho\u1ea1t, kh\u1ea3 n\u0103ng \u0111i\u1ec1u khi\u1ec3n ch\u00ednh x\u00e1c, \u0111\u1ed9 b\u1ec1n, truy\u1ec1n t\u1ea3i \u0111i\u1ec7n n\u0103ng hi\u1ec7u qu\u1ea3 v\u00e0 t\u00ednh \u0111a d\u1ee5ng khi\u1ebfn ch\u00fang tr\u1edf th\u00e0nh l\u1ef1a ch\u1ecdn tuy\u1ec7t v\u1eddi cho nhi\u1ec1u \u1ee9ng d\u1ee5ng kh\u00e1c nhau. B\u1eb1ng c\u00e1ch t\u00edch h\u1ee3p c\u00e1c xi lanh n\u00e0y v\u00e0o thi\u1ebft b\u1ecb ho\u1eb7c m\u00e1y m\u00f3c, doanh nghi\u1ec7p c\u00f3 th\u1ec3 t\u1ed1i \u01b0u h\u00f3a hi\u1ec7u su\u1ea5t, t\u0103ng n\u0103ng su\u1ea5t v\u00e0 \u0111\u1ea1t \u0111\u01b0\u1ee3c m\u1ee5c ti\u00eau ho\u1ea1t \u0111\u1ed9ng m\u1ed9t c\u00e1ch hi\u1ec7u qu\u1ea3.<\/p>\n<h3>Gi\u1edbi thi\u1ec7u v\u1ec1 FMP<\/h3>\n<p>FMP l\u00e0 m\u1ed9t c\u00f4ng ty h\u00e0ng \u0111\u1ea7u t\u1ea1i \u00dd chuy\u00ean kinh doanh v\u00e0 b\u1ea3o d\u01b0\u1ee1ng ph\u1ee5 t\u00f9ng m\u00e1y m\u00f3c x\u00e2y d\u1ef1ng v\u00e0 m\u00e1y m\u00f3c ho\u00e0n ch\u1ec9nh. V\u1edbi nhi\u1ec1u n\u0103m kinh nghi\u1ec7m trong ng\u00e0nh v\u00e0 \u0111\u1ed9i ng\u0169 chuy\u00ean gia, ch\u00fang t\u00f4i cung c\u1ea5p c\u00e1c gi\u1ea3i ph\u00e1p ch\u1ea5t l\u01b0\u1ee3ng cao v\u00e0 \u0111\u00e1ng tin c\u1eady cho kh\u00e1ch h\u00e0ng.<\/p>\n<h3>Xi lanh th\u1ee7y l\u1ef1c<\/h3>\n<p>M\u1ed9t trong nh\u1eefng s\u1ea3n ph\u1ea9m ch\u00ednh c\u1ee7a ch\u00fang t\u00f4i l\u00e0 Xi lanh th\u1ee7y l\u1ef1c. Xi lanh c\u1ee7a ch\u00fang t\u00f4i \u0111\u01b0\u1ee3c l\u00e0m t\u1eeb v\u1eadt li\u1ec7u ch\u1ea5t l\u01b0\u1ee3ng cao v\u00e0 \u0111\u01b0\u1ee3c thi\u1ebft k\u1ebf \u0111\u1ec3 ch\u1ecbu \u0111\u01b0\u1ee3c \u00e1p su\u1ea5t c\u1ef1c l\u1edbn v\u00e0 t\u1ea3i tr\u1ecdng n\u1eb7ng. D\u01b0\u1edbi \u0111\u00e2y l\u00e0 n\u0103m l\u00fd do t\u1ea1i sao b\u1ea1n n\u00ean ch\u1ecdn Xi lanh th\u1ee7y l\u1ef1c FMP:<\/p>\n<ol>\n<li><strong>V\u1eadt li\u1ec7u ch\u1ea5t l\u01b0\u1ee3ng cao:<\/strong> Xi lanh th\u1ee7y l\u1ef1c c\u1ee7a ch\u00fang t\u00f4i \u0111\u01b0\u1ee3c l\u00e0m t\u1eeb v\u1eadt li\u1ec7u ch\u1ea5t l\u01b0\u1ee3ng cao, \u0111\u1ea3m b\u1ea3o \u0111\u1ed9 b\u1ec1n v\u00e0 hi\u1ec7u su\u1ea5t l\u00e2u d\u00e0i. Ch\u00fang t\u00f4i ch\u1ec9 s\u1eed d\u1ee5ng nh\u1eefng v\u1eadt li\u1ec7u t\u1ed1t nh\u1ea5t \u0111\u1ec3 \u0111\u1ea3m b\u1ea3o xi lanh c\u00f3 th\u1ec3 ch\u1ecbu \u0111\u01b0\u1ee3c nh\u1eefng \u0111i\u1ec1u ki\u1ec7n kh\u1eafc nghi\u1ec7t nh\u1ea5t.<\/li>\n<li><strong>C\u00f3 th\u1ec3 t\u00f9y ch\u1ec9nh:<\/strong> Ch\u00fang t\u00f4i cung c\u1ea5p nhi\u1ec1u lo\u1ea1i xi lanh th\u1ee7y l\u1ef1c c\u00f3 th\u1ec3 t\u00f9y ch\u1ec9nh \u0111\u1ec3 \u0111\u00e1p \u1ee9ng nhu c\u1ea7u c\u1ee5 th\u1ec3 c\u1ee7a b\u1ea1n. Xi lanh c\u1ee7a ch\u00fang t\u00f4i c\u00f3 nhi\u1ec1u k\u00edch c\u1ee1, h\u00ecnh d\u1ea1ng v\u00e0 thi\u1ebft k\u1ebf kh\u00e1c nhau, v\u00e0 ch\u00fang t\u00f4i c\u00f3 th\u1ec3 gi\u00fap b\u1ea1n ch\u1ecdn lo\u1ea1i xi lanh ho\u00e0n h\u1ea3o cho \u1ee9ng d\u1ee5ng c\u1ee7a m\u00ecnh.<\/li>\n<li><strong>\u0110\u1ed9 tin c\u1eady:<\/strong> Xi lanh th\u1ee7y l\u1ef1c c\u1ee7a ch\u00fang t\u00f4i \u0111\u01b0\u1ee3c thi\u1ebft k\u1ebf \u0111\u1ec3 mang l\u1ea1i hi\u1ec7u su\u1ea5t \u0111\u00e1ng tin c\u1eady ngay c\u1ea3 trong nh\u1eefng \u0111i\u1ec1u ki\u1ec7n kh\u1eafc nghi\u1ec7t nh\u1ea5t. Ch\u00fang t\u00f4i hi\u1ec3u t\u1ea7m quan tr\u1ecdng c\u1ee7a \u0111\u1ed9 tin c\u1eady v\u00e0 th\u1ef1c hi\u1ec7n m\u1ecdi bi\u1ec7n ph\u00e1p c\u1ea7n thi\u1ebft \u0111\u1ec3 \u0111\u1ea3m b\u1ea3o xi lanh c\u1ee7a ch\u00fang t\u00f4i c\u00f3 th\u1ec3 \u0111\u00e1p \u1ee9ng \u0111\u01b0\u1ee3c nhi\u1ec7m v\u1ee5.<\/li>\n<li><strong>T\u01b0 v\u1ea5n chuy\u00ean gia:<\/strong> \u0110\u1ed9i ng\u0169 b\u00e1n h\u00e0ng c\u1ee7a ch\u00fang t\u00f4i g\u1ed3m c\u00e1c chuy\u00ean gia trong ng\u00e0nh m\u00e1y m\u00f3c x\u00e2y d\u1ef1ng. H\u1ecd am hi\u1ec3u c\u00e1c xu h\u01b0\u1edbng m\u1edbi nh\u1ea5t v\u00e0 c\u00f3 th\u1ec3 t\u01b0 v\u1ea5n chuy\u00ean nghi\u1ec7p v\u1ec1 lo\u1ea1i xi lanh th\u1ee7y l\u1ef1c ph\u00f9 h\u1ee3p nh\u1ea5t v\u1edbi b\u1ea1n.<\/li>\n<li><strong>H\u1eadu c\u1ea7n hi\u1ec7u qu\u1ea3:<\/strong> Ch\u00fang t\u00f4i c\u00f3 h\u1ec7 th\u1ed1ng ph\u00e2n ph\u1ed1i h\u1eadu c\u1ea7n hi\u1ec7u qu\u1ea3, \u0111\u1ea3m b\u1ea3o b\u1ea1n nh\u1eadn \u0111\u01b0\u1ee3c xi lanh th\u1ee7y l\u1ef1c \u0111\u00fang th\u1eddi h\u1ea1n v\u00e0 ch\u00ednh x\u00e1c. Ch\u00fang t\u00f4i hi\u1ec3u t\u1ea7m quan tr\u1ecdng c\u1ee7a vi\u1ec7c giao h\u00e0ng \u0111\u00fang h\u1ea1n v\u00e0 th\u1ef1c hi\u1ec7n m\u1ecdi bi\u1ec7n ph\u00e1p c\u1ea7n thi\u1ebft \u0111\u1ec3 \u0111\u1ea3m b\u1ea3o \u0111\u01a1n h\u00e0ng c\u1ee7a b\u1ea1n \u0111\u01b0\u1ee3c giao \u0111\u00fang h\u1eb9n.<\/li>\n<\/ol>\n<p>N\u1ebfu b\u1ea1n \u0111ang t\u00ecm ki\u1ebfm m\u1ed9t xi lanh th\u1ee7y l\u1ef1c \u0111\u00e1ng tin c\u1eady v\u00e0 ch\u1ea5t l\u01b0\u1ee3ng cao, h\u00e3y \u0111\u1ebfn v\u1edbi FMP. Ch\u00fang t\u00f4i c\u00f3 kinh nghi\u1ec7m v\u00e0 chuy\u00ean m\u00f4n \u0111\u1ec3 cung c\u1ea5p gi\u1ea3i ph\u00e1p ho\u00e0n h\u1ea3o cho nhu c\u1ea7u c\u1ee7a b\u1ea1n.<\/p>\n<p><img decoding=\"async\" src=\"https:\/\/fmp-components.com\/wp-content\/uploads\/2024\/12\/Adjustable-Clevis-Type-Cylinders-6.webp\" alt=\"Xi lanh lo\u1ea1i Clevis c\u00f3 th\u1ec3 \u0111i\u1ec1u ch\u1ec9nh\" width=\"834\" title=\"\"><\/p>\n<h2>C\u00e2u h\u1ecfi th\u01b0\u1eddng g\u1eb7p<\/h2>\n<h3>B\u1ea1n l\u00e0 c\u00f4ng ty th\u01b0\u01a1ng m\u1ea1i hay nh\u00e0 s\u1ea3n xu\u1ea5t?<\/h3>\n<p>Ch\u00fang t\u00f4i l\u00e0 nh\u00e0 s\u1ea3n xu\u1ea5t c\u00f3 nh\u00e0 m\u00e1y ri\u00eang.<\/p>\n<h3>Th\u1eddi gian giao h\u00e0ng c\u1ee7a b\u1ea1n l\u00e0 bao l\u00e2u?<\/h3>\n<p>Th\u1eddi gian giao h\u00e0ng c\u1ee7a ch\u00fang t\u00f4i th\u01b0\u1eddng l\u00e0 25-35 ng\u00e0y.<\/p>\n<h3>B\u1ea1n c\u00f3 cung c\u1ea5p m\u1eabu kh\u00f4ng? M\u1eabu mi\u1ec5n ph\u00ed hay t\u00ednh th\u00eam ph\u00ed?<\/h3>\n<p>M\u1eb7c d\u00f9 ch\u00fang t\u00f4i c\u00f3 cung c\u1ea5p m\u1eabu th\u1eed, nh\u01b0ng ch\u00fang kh\u00f4ng mi\u1ec5n ph\u00ed.<\/p>\n<p><img decoding=\"async\" title=\"Xi lanh th\u1ee7y l\u1ef1c m\u00e1y c\u00e0y tuy\u1ebft\" src=\"https:\/\/hzpt.com\/wp-content\/uploads\/2023\/11\/Snow-Plow-Hydraulic-Cylinder-1.webp\" alt=\"Xi lanh th\u1ee7y l\u1ef1c m\u00e1y c\u00e0y tuy\u1ebft\" \/><\/p>\n<p>T\u00e1c gi\u1ea3: CX<\/p>","protected":false},"excerpt":{"rendered":"<p>Guaranteed Quality Small Hydraulic Cylinder Double Effect Hydraulic Cylinder For Snow PlowIntroducing the Guaranteed Quality Small Hydraulic Cylinder Double Effect Hydraulic Cylinder for Snow Plow! Designed with precision and quality in mind, this hydraulic cylinder is the perfect addition to any snow plow. Its double effect capability means increased efficiency and power, making it easier [&hellip;]<\/p>","protected":false},"featured_media":1513,"comment_status":"closed","ping_status":"closed","template":"","meta":{"_et_pb_use_builder":"","_et_pb_old_content":"","_et_gb_content_width":""},"product_brand":[],"product_cat":[42],"product_tag":[34,44],"class_list":{"0":"post-1512","1":"product","2":"type-product","3":"status-publish","4":"has-post-thumbnail","6":"product_cat-snow-plow-hydraulic-cylinder","7":"product_tag-hydraulic-cylinder","8":"product_tag-snow-plow-hydraulic-cylinder","10":"first","11":"instock","12":"product-type-simple"},"_links":{"self":[{"href":"https:\/\/fmp-components.com\/vi\/wp-json\/wp\/v2\/product\/1512","targetHints":{"allow":["GET"]}}],"collection":[{"href":"https:\/\/fmp-components.com\/vi\/wp-json\/wp\/v2\/product"}],"about":[{"href":"https:\/\/fmp-components.com\/vi\/wp-json\/wp\/v2\/types\/product"}],"replies":[{"embeddable":true,"href":"https:\/\/fmp-components.com\/vi\/wp-json\/wp\/v2\/comments?post=1512"}],"wp:featuredmedia":[{"embeddable":true,"href":"https:\/\/fmp-components.com\/vi\/wp-json\/wp\/v2\/media\/1513"}],"wp:attachment":[{"href":"https:\/\/fmp-components.com\/vi\/wp-json\/wp\/v2\/media?parent=1512"}],"wp:term":[{"taxonomy":"product_brand","embeddable":true,"href":"https:\/\/fmp-components.com\/vi\/wp-json\/wp\/v2\/product_brand?post=1512"},{"taxonomy":"product_cat","embeddable":true,"href":"https:\/\/fmp-components.com\/vi\/wp-json\/wp\/v2\/product_cat?post=1512"},{"taxonomy":"product_tag","embeddable":true,"href":"https:\/\/fmp-components.com\/vi\/wp-json\/wp\/v2\/product_tag?post=1512"}],"curies":[{"name":"wp","href":"https:\/\/api.w.org\/{rel}","templated":true}]}}