{"id":1510,"date":"2024-12-23T05:50:37","date_gmt":"2024-12-23T05:50:37","guid":{"rendered":"https:\/\/fmp-components.com\/product\/2-ton-small-hydraulic-oil-cylinder-hydraulic-cylinder-for-snow-plow\/"},"modified":"2024-12-23T06:25:59","modified_gmt":"2024-12-23T06:25:59","slug":"2-ton-small-hydraulic-oil-cylinder-hydraulic-cylinder-for-snow-plow","status":"publish","type":"product","link":"https:\/\/fmp-components.com\/vi\/product\/2-ton-small-hydraulic-oil-cylinder-hydraulic-cylinder-for-snow-plow\/","title":{"rendered":"Xi lanh d\u1ea7u th\u1ee7y l\u1ef1c nh\u1ecf 2 t\u1ea5n Xi lanh th\u1ee7y l\u1ef1c cho m\u00e1y c\u00e0y tuy\u1ebft"},"content":{"rendered":"<h2>Xi lanh d\u1ea7u th\u1ee7y l\u1ef1c nh\u1ecf 2 t\u1ea5n Xi lanh th\u1ee7y l\u1ef1c cho m\u00e1y c\u00e0y tuy\u1ebft<\/h2>\n<p>Xi lanh th\u1ee7y l\u1ef1c d\u1ea7u th\u1ee7y l\u1ef1c nh\u1ecf 2 t\u1ea5n d\u00e0nh cho m\u00e1y c\u00e0y tuy\u1ebft l\u00e0 xi lanh th\u1ee7y l\u1ef1c ch\u1ea5t l\u01b0\u1ee3ng cao v\u00e0 b\u1ec1n b\u1ec9, \u0111\u01b0\u1ee3c thi\u1ebft k\u1ebf chuy\u00ean d\u1ee5ng cho m\u00e1y c\u00e0y tuy\u1ebft. V\u1edbi k\u00edch th\u01b0\u1edbc nh\u1ecf g\u1ecdn v\u00e0 s\u1ee9c m\u1ea1nh \u1ea5n t\u01b0\u1ee3ng, xi lanh th\u1ee7y l\u1ef1c n\u00e0y c\u00f3 kh\u1ea3 n\u0103ng n\u00e2ng t\u1ea3i tr\u1ecdng n\u1eb7ng v\u00e0 v\u1eadn h\u00e0nh tr\u01a1n tru, hi\u1ec7u qu\u1ea3.<\/p>\n<p>V\u1edbi c\u1ea5u tr\u00fac ch\u1eafc ch\u1eafn, xi lanh d\u1ea7u th\u1ee7y l\u1ef1c nh\u1ecf 2 t\u1ea5n \u0111\u01b0\u1ee3c ch\u1ebf t\u1ea1o \u0111\u1ec3 ch\u1ecbu \u0111\u01b0\u1ee3c \u0111i\u1ec1u ki\u1ec7n kh\u1eafc nghi\u1ec7t th\u01b0\u1eddng g\u1eb7p trong qu\u00e1 tr\u00ecnh c\u00e0y tuy\u1ebft. S\u1ea3n ph\u1ea9m \u0111\u01b0\u1ee3c l\u00e0m t\u1eeb v\u1eadt li\u1ec7u cao c\u1ea5p, \u0111\u1ea3m b\u1ea3o \u0111\u1ed9 b\u1ec1n v\u00e0 \u0111\u1ed9 tin c\u1eady ngay c\u1ea3 trong \u0111i\u1ec1u ki\u1ec7n nhi\u1ec7t \u0111\u1ed9 kh\u1eafc nghi\u1ec7t.<\/p>\n<p>Xi lanh th\u1ee7y l\u1ef1c n\u00e0y \u0111\u01b0\u1ee3c trang b\u1ecb c\u00f4ng ngh\u1ec7 th\u1ee7y l\u1ef1c ti\u00ean ti\u1ebfn, cho ph\u00e9p \u0111i\u1ec1u khi\u1ec3n v\u00e0 \u0111i\u1ec1u ch\u1ec9nh ch\u00ednh x\u00e1c l\u01b0\u1ee1i c\u00e0y. N\u00f3 mang l\u1ea1i c\u00f4ng su\u1ea5t v\u00e0 hi\u1ec7u su\u1ea5t tuy\u1ec7t v\u1eddi, \u0111\u1ea3m b\u1ea3o hi\u1ec7u su\u1ea5t t\u1ed1i \u01b0u trong vi\u1ec7c d\u1ecdn tuy\u1ebft v\u00e0 d\u1ecdn \u0111\u01b0\u1eddng.<\/p>\n<p>Xi lanh th\u1ee7y l\u1ef1c d\u1ea7u th\u1ee7y l\u1ef1c nh\u1ecf 2 t\u1ea5n d\u00e0nh cho m\u00e1y c\u00e0y tuy\u1ebft d\u1ec5 l\u1eafp \u0111\u1eb7t v\u00e0 t\u01b0\u01a1ng th\u00edch v\u1edbi nhi\u1ec1u m\u1eabu m\u00e1y c\u00e0y tuy\u1ebft. Thi\u1ebft k\u1ebf nh\u1ecf g\u1ecdn cho ph\u00e9p l\u1eafp \u0111\u1eb7t linh ho\u1ea1t v\u00e0 \u0111\u1ea3m b\u1ea3o kh\u00f4ng \u1ea3nh h\u01b0\u1edfng \u0111\u1ebfn ch\u1ee9c n\u0103ng t\u1ed5ng th\u1ec3 c\u1ee7a m\u00e1y c\u00e0y tuy\u1ebft.<\/p>\n<p>T\u00f3m l\u1ea1i, Xi lanh th\u1ee7y l\u1ef1c d\u1ea7u th\u1ee7y l\u1ef1c nh\u1ecf 2 t\u1ea5n cho m\u00e1y c\u00e0y tuy\u1ebft l\u00e0 m\u1ed9t xi lanh th\u1ee7y l\u1ef1c h\u00e0ng \u0111\u1ea7u, \u0111\u1ea3m b\u1ea3o hi\u1ec7u su\u1ea5t v\u01b0\u1ee3t tr\u1ed9i trong ho\u1ea1t \u0111\u1ed9ng c\u00e0y tuy\u1ebft. \u0110\u1ed9 tin c\u1eady, \u0111\u1ed9 b\u1ec1n v\u00e0 thi\u1ebft k\u1ebf hi\u1ec7u qu\u1ea3 c\u1ee7a n\u00f3 khi\u1ebfn n\u00f3 tr\u1edf th\u00e0nh l\u1ef1a ch\u1ecdn l\u00fd t\u01b0\u1edfng cho nh\u1eefng ai c\u1ea7n m\u1ed9t xi lanh th\u1ee7y l\u1ef1c m\u1ea1nh m\u1ebd cho m\u00e1y c\u00e0y tuy\u1ebft c\u1ee7a m\u00ecnh.<\/p>\n<p>Xin gi\u1edbi thi\u1ec7u Xi lanh th\u1ee7y l\u1ef1c nh\u1ecf g\u1ecdn 2 t\u1ea5n ch\u1ea5t l\u01b0\u1ee3ng cao, m\u1ea1nh m\u1ebd d\u00e0nh cho m\u00e1y c\u00e0y tuy\u1ebft. S\u1ea3n ph\u1ea9m m\u1edbi n\u00e0y, d\u1ef1 ki\u1ebfn \u200b\u200bra m\u1eaft v\u00e0o n\u0103m 2023, \u0111\u01b0\u1ee3c thi\u1ebft k\u1ebf \u0111\u1eb7c bi\u1ec7t cho c\u00e1c \u1ee9ng d\u1ee5ng kh\u1eafc nghi\u1ec7t trong nhi\u1ec1u ng\u00e0nh c\u00f4ng nghi\u1ec7p kh\u00e1c nhau, bao g\u1ed3m x\u01b0\u1edfng s\u1eeda ch\u1eefa m\u00e1y m\u00f3c, trang tr\u1ea1i, n\u0103ng l\u01b0\u1ee3ng &amp; khai th\u00e1c m\u1ecf, s\u1ea3n xu\u1ea5t m\u00e1y m\u00f3c v\u00e0 nh\u00e0 m\u00e1y c\u01a1 kh\u00ed.<\/p>\n<h2>T\u00ednh n\u0103ng s\u1ea3n ph\u1ea9m<\/h2>\n<p>Xi lanh th\u1ee7y l\u1ef1c \u0111\u01b0\u1ee3c b\u1ea3o h\u00e0nh m\u1ed9t n\u0103m v\u00e0 \u0111\u01b0\u1ee3c l\u00e0m b\u1eb1ng th\u00e9p b\u1ec1n, ch\u1ea5t l\u01b0\u1ee3ng cao, \u0111\u1ea3m b\u1ea3o hi\u1ec7u su\u1ea5t l\u00e2u d\u00e0i. \u0110\u00e2y l\u00e0 xi lanh piston ti\u00eau chu\u1ea9n v\u1edbi c\u00f4ng su\u1ea5t th\u1ee7y l\u1ef1c, cung c\u1ea5p l\u1ef1c \u0111\u1ea9y t\u1ed1i \u0111a 3000 v\u00e0 l\u1ef1c k\u00e9o t\u1ed1i \u0111a 20 t\u1ea5n.<\/p>\n<h3>K\u00edch th\u01b0\u1edbc v\u00e0 th\u00f4ng s\u1ed1 k\u1ef9 thu\u1eadt<\/h3>\n<ul>\n<li>K\u00edch th\u01b0\u1edbc l\u1ed7 khoan: 2-6 inch<\/li>\n<li>K\u00edch th\u01b0\u1edbc thanh: 1,125-4 inch<\/li>\n<li>K\u00edch th\u01b0\u1edbc n\u00e9t: 4-100 inch<\/li>\n<li>K\u00edch th\u01b0\u1edbc ch\u1ed1t: 0,5-2 inch<\/li>\n<\/ul>\n<p>Xi lanh th\u1ee7y l\u1ef1c c\u00f3 m\u00e0u \u0111en b\u00f3ng b\u1ea9y, mang l\u1ea1i v\u1ebb ngo\u00e0i chuy\u00ean nghi\u1ec7p v\u00e0 ch\u1eafc ch\u1eafn. S\u1ea3n ph\u1ea9m ph\u00f9 h\u1ee3p v\u1edbi xi lanh th\u1ee7y l\u1ef1c c\u1ee7a m\u00e1y c\u00e0y tuy\u1ebft v\u00e0 \u0111\u01b0\u1ee3c ch\u1ee9ng nh\u1eadn ISO9001:2000.<\/p>\n<p><img decoding=\"async\" title=\"Xi lanh th\u1ee7y l\u1ef1c m\u00e1y c\u00e0y tuy\u1ebft\" src=\"https:\/\/hzpt.com\/wp-content\/uploads\/2023\/11\/Snow-Plow-Hydraulic-Cylinder-2.webp\" alt=\"Xi lanh th\u1ee7y l\u1ef1c m\u00e1y c\u00e0y tuy\u1ebft\" \/><\/p>\n<h2>\u01afu \u0111i\u1ec3m c\u1ee7a xi lanh lo\u1ea1i ch\u1ed1t c\u00f3 th\u1ec3 \u0111i\u1ec1u ch\u1ec9nh<\/h2>\n<p>Xi lanh lo\u1ea1i ch\u1ed1t \u0111i\u1ec1u ch\u1ec9nh, ch\u1eb3ng h\u1ea1n nh\u01b0 Xi lanh d\u1ea7u th\u1ee7y l\u1ef1c nh\u1ecf 2 t\u1ea5n d\u00f9ng cho m\u00e1y c\u00e0y tuy\u1ebft, mang l\u1ea1i nhi\u1ec1u l\u1ee3i th\u1ebf trong nhi\u1ec1u \u1ee9ng d\u1ee5ng kh\u00e1c nhau. Nh\u1eefng xi lanh n\u00e0y, \u0111\u01b0\u1ee3c thi\u1ebft k\u1ebf v\u1edbi \u0111\u1ea7u n\u1ed1i ch\u1ed1t, mang l\u1ea1i t\u00ednh linh ho\u1ea1t, \u0111\u1ed9 b\u1ec1n v\u00e0 \u0111\u1ed9 tin c\u1eady cho nhi\u1ec1u ho\u1ea1t \u0111\u1ed9ng c\u00f4ng nghi\u1ec7p v\u00e0 c\u01a1 kh\u00ed. Trong b\u00e0i vi\u1ebft n\u00e0y, ch\u00fang ta s\u1ebd t\u00ecm hi\u1ec3u nh\u1eefng \u01b0u \u0111i\u1ec3m ch\u00ednh c\u1ee7a xi lanh lo\u1ea1i ch\u1ed1t \u0111i\u1ec1u ch\u1ec9nh.<\/p>\n<h3>1. T\u0103ng c\u01b0\u1eddng t\u00ednh linh ho\u1ea1t<\/h3>\n<p>M\u1ed9t trong nh\u1eefng \u01b0u \u0111i\u1ec3m ch\u00ednh c\u1ee7a xi lanh lo\u1ea1i ch\u1ed1t \u0111i\u1ec1u ch\u1ec9nh \u0111\u01b0\u1ee3c l\u00e0 t\u00ednh linh ho\u1ea1t \u0111\u01b0\u1ee3c c\u1ea3i thi\u1ec7n. C\u00e1c xi lanh n\u00e0y \u0111\u01b0\u1ee3c thi\u1ebft k\u1ebf \u0111\u1ec3 cho ph\u00e9p \u0111i\u1ec1u ch\u1ec9nh v\u1ecb tr\u00ed l\u1eafp \u0111\u1eb7t, mang l\u1ea1i t\u00ednh linh ho\u1ea1t cao h\u01a1n trong c\u00e1c \u1ee9ng d\u1ee5ng kh\u00e1c nhau. V\u1edbi kh\u1ea3 n\u0103ng \u0111i\u1ec1u ch\u1ec9nh kh\u1edbp n\u1ed1i ch\u1ed1t, xi lanh c\u00f3 th\u1ec3 d\u1ec5 d\u00e0ng c\u0103n ch\u1ec9nh v\u00e0 k\u1ebft n\u1ed1i v\u1edbi nhi\u1ec1u b\u1ed9 ph\u1eadn kh\u00e1c nhau, th\u00edch \u1ee9ng v\u1edbi nhi\u1ec1u c\u1ea5u h\u00ecnh c\u01a1 kh\u00ed kh\u00e1c nhau. T\u00ednh linh ho\u1ea1t n\u00e0y \u0111\u1ea3m b\u1ea3o hi\u1ec7u su\u1ea5t v\u00e0 hi\u1ec7u qu\u1ea3 t\u1ed1i \u01b0u trong c\u00e1c \u0111i\u1ec1u ki\u1ec7n v\u1eadn h\u00e0nh \u0111a d\u1ea1ng.<\/p>\n<h3>2. \u0110\u1ecbnh v\u1ecb ch\u00ednh x\u00e1c<\/h3>\n<p>M\u1ed9t \u01b0u \u0111i\u1ec3m \u0111\u00e1ng k\u1ec3 kh\u00e1c c\u1ee7a xi lanh lo\u1ea1i ch\u1ed1t \u0111i\u1ec1u ch\u1ec9nh l\u00e0 kh\u1ea3 n\u0103ng \u0111\u1ecbnh v\u1ecb ch\u00ednh x\u00e1c. \u0110\u1ea7u n\u1ed1i ch\u1ed1t cho ph\u00e9p tinh ch\u1ec9nh v\u00e0 c\u0103n ch\u1ec9nh ch\u00ednh x\u00e1c xi lanh so v\u1edbi c\u00e1c b\u1ed9 ph\u1eadn c\u01a1 kh\u00ed kh\u00e1c. V\u1ecb tr\u00ed ch\u00ednh x\u00e1c n\u00e0y cho ph\u00e9p ki\u1ec3m so\u00e1t v\u00e0 \u0111i\u1ec1u khi\u1ec3n l\u1ef1c t\u1ed1t h\u01a1n, \u0111\u1ea3m b\u1ea3o chuy\u1ec3n \u0111\u1ed9ng tr\u01a1n tru v\u00e0 ch\u00ednh x\u00e1c trong c\u00e1c thao t\u00e1c quan tr\u1ecdng. Cho d\u00f9 l\u00e0 n\u00e2ng v\u1eadt n\u1eb7ng hay \u0111i\u1ec1u khi\u1ec3n chuy\u1ec3n \u0111\u1ed9ng c\u1ee7a thi\u1ebft b\u1ecb, xi lanh lo\u1ea1i ch\u1ed1t \u0111i\u1ec1u ch\u1ec9nh \u0111\u1ec1u mang l\u1ea1i \u0111\u1ed9 ch\u00ednh x\u00e1c c\u1ea7n thi\u1ebft cho hi\u1ec7u su\u1ea5t t\u1ed1i \u01b0u.<\/p>\n<h3>3. T\u0103ng \u0111\u1ed9 b\u1ec1n<\/h3>\n<p>Xi lanh lo\u1ea1i ch\u1ed1t \u0111i\u1ec1u ch\u1ec9nh \u0111\u01b0\u1ee3c ch\u1ebf t\u1ea1o t\u1eeb v\u1eadt li\u1ec7u ch\u1ea5t l\u01b0\u1ee3ng cao, mang l\u1ea1i \u0111\u1ed9 b\u1ec1n cao v\u00e0 tu\u1ed5i th\u1ecd l\u00e2u d\u00e0i. Nh\u1eefng xi lanh n\u00e0y \u0111\u01b0\u1ee3c thi\u1ebft k\u1ebf \u0111\u1ec3 ch\u1ecbu \u0111\u01b0\u1ee3c c\u00e1c \u0111i\u1ec1u ki\u1ec7n v\u1eadn h\u00e0nh kh\u1eafc nghi\u1ec7t, bao g\u1ed3m t\u1ea3i tr\u1ecdng n\u1eb7ng, nhi\u1ec7t \u0111\u1ed9 kh\u1eafc nghi\u1ec7t v\u00e0 m\u00f4i tr\u01b0\u1eddng kh\u1eafc nghi\u1ec7t. K\u1ebft c\u1ea5u ch\u1eafc ch\u1eafn v\u00e0 c\u01a1 ch\u1ebf l\u00e0m k\u00edn \u0111\u00e1ng tin c\u1eady \u0111\u1ea3m b\u1ea3o xi lanh c\u00f3 th\u1ec3 ch\u1ecbu \u0111\u01b0\u1ee3c c\u00e1c \u1ee9ng d\u1ee5ng n\u1eb7ng m\u00e0 kh\u00f4ng \u1ea3nh h\u01b0\u1edfng \u0111\u1ebfn hi\u1ec7u su\u1ea5t ho\u1eb7c t\u00ednh to\u00e0n v\u1eb9n c\u1ee7a c\u1ea5u tr\u00fac. \u0110\u1ed9 b\u1ec1n t\u0103ng l\u00ean n\u00e0y \u0111\u1ed3ng ngh\u0129a v\u1edbi vi\u1ec7c gi\u1ea3m chi ph\u00ed b\u1ea3o tr\u00ec v\u00e0 thay th\u1ebf, khi\u1ebfn xi lanh lo\u1ea1i ch\u1ed1t \u0111i\u1ec1u ch\u1ec9nh tr\u1edf th\u00e0nh m\u1ed9t l\u1ef1a ch\u1ecdn ti\u1ebft ki\u1ec7m chi ph\u00ed v\u1ec1 l\u00e2u d\u00e0i.<\/p>\n<h3>4. N\u00e2ng cao hi\u1ec7u qu\u1ea3<\/h3>\n<p>Khi n\u00f3i \u0111\u1ebfn h\u1ec7 th\u1ed1ng th\u1ee7y l\u1ef1c, hi\u1ec7u qu\u1ea3 l\u00e0 y\u1ebfu t\u1ed1 t\u1ed1i quan tr\u1ecdng. Xi lanh lo\u1ea1i ch\u1ed1t \u0111i\u1ec1u ch\u1ec9nh v\u01b0\u1ee3t tr\u1ed9i v\u1ec1 m\u1eb7t n\u00e0y nh\u1edd mang l\u1ea1i hi\u1ec7u su\u1ea5t \u0111\u01b0\u1ee3c c\u1ea3i thi\u1ec7n trong nhi\u1ec1u \u1ee9ng d\u1ee5ng kh\u00e1c nhau. V\u1ecb tr\u00ed ch\u00ednh x\u00e1c v\u00e0 t\u00ednh linh ho\u1ea1t c\u1ee7a c\u00e1c xi lanh n\u00e0y gi\u00fap gi\u1ea3m thi\u1ec3u t\u1ed5n th\u1ea5t n\u0103ng l\u01b0\u1ee3ng, \u0111\u1ea3m b\u1ea3o n\u0103ng l\u01b0\u1ee3ng th\u1ee7y l\u1ef1c \u0111\u01b0\u1ee3c s\u1eed d\u1ee5ng hi\u1ec7u qu\u1ea3. B\u1eb1ng c\u00e1ch t\u1ed1i \u01b0u h\u00f3a vi\u1ec7c truy\u1ec1n l\u1ef1c v\u00e0 gi\u1ea3m ma s\u00e1t kh\u00f4ng c\u1ea7n thi\u1ebft, xi lanh lo\u1ea1i ch\u1ed1t \u0111i\u1ec1u ch\u1ec9nh g\u00f3p ph\u1ea7n n\u00e2ng cao hi\u1ec7u su\u1ea5t t\u1ed5ng th\u1ec3 c\u1ee7a h\u1ec7 th\u1ed1ng, t\u1eeb \u0111\u00f3 n\u00e2ng cao n\u0103ng su\u1ea5t v\u00e0 gi\u1ea3m m\u1ee9c ti\u00eau th\u1ee5 n\u0103ng l\u01b0\u1ee3ng.<\/p>\n<h3>5. \u1ee8ng d\u1ee5ng \u0111a n\u0103ng<\/h3>\n<p>T\u00ednh linh ho\u1ea1t c\u1ee7a xi lanh lo\u1ea1i ch\u1ed1t \u0111i\u1ec1u ch\u1ec9nh \u0111\u01b0\u1ee3c gi\u00fap ch\u00fang ph\u00f9 h\u1ee3p v\u1edbi nhi\u1ec1u \u1ee9ng d\u1ee5ng trong nhi\u1ec1u ng\u00e0nh c\u00f4ng nghi\u1ec7p kh\u00e1c nhau. D\u00f9 l\u00e0 trong x\u00e2y d\u1ef1ng, s\u1ea3n xu\u1ea5t, n\u00f4ng nghi\u1ec7p hay v\u1eadn t\u1ea3i, nh\u1eefng xi lanh n\u00e0y c\u00f3 th\u1ec3 \u0111\u01b0\u1ee3c s\u1eed d\u1ee5ng trong nhi\u1ec1u thi\u1ebft b\u1ecb v\u00e0 m\u00e1y m\u00f3c kh\u00e1c nhau. T\u1eeb m\u00e1y c\u00e0y tuy\u1ebft \u0111\u1ebfn d\u1ee5ng c\u1ee5 n\u00f4ng nghi\u1ec7p, xi lanh lo\u1ea1i ch\u1ed1t \u0111i\u1ec1u ch\u1ec9nh \u0111\u01b0\u1ee3c mang l\u1ea1i hi\u1ec7u su\u1ea5t \u0111\u00e1ng tin c\u1eady v\u00e0 kh\u1ea3 n\u0103ng th\u00edch \u1ee9ng trong nhi\u1ec1u t\u00ecnh hu\u1ed1ng v\u1eadn h\u00e0nh kh\u00e1c nhau.<\/p>\n<p>T\u00f3m l\u1ea1i, xi lanh ki\u1ec3u ch\u1ed1t \u0111i\u1ec1u ch\u1ec9nh, \u0111i\u1ec3n h\u00ecnh l\u00e0 Xi lanh d\u1ea7u th\u1ee7y l\u1ef1c nh\u1ecf 2 t\u1ea5n d\u00f9ng cho m\u00e1y c\u00e0y tuy\u1ebft, mang l\u1ea1i nhi\u1ec1u \u01b0u \u0111i\u1ec3m v\u1ec1 t\u00ednh linh ho\u1ea1t, \u0111\u1ecbnh v\u1ecb ch\u00ednh x\u00e1c, \u0111\u1ed9 b\u1ec1n, hi\u1ec7u qu\u1ea3 v\u00e0 t\u00ednh \u0111a d\u1ee5ng. V\u1edbi thi\u1ebft k\u1ebf \u0111\u1ed9c \u0111\u00e1o v\u00e0 c\u1ea5u tr\u00fac ch\u1eafc ch\u1eafn, c\u00e1c xi lanh n\u00e0y mang l\u1ea1i hi\u1ec7u su\u1ea5t \u0111\u00e1ng tin c\u1eady v\u00e0 g\u00f3p ph\u1ea7n v\u00e0o ho\u1ea1t \u0111\u1ed9ng tr\u01a1n tru c\u1ee7a c\u00e1c h\u1ec7 th\u1ed1ng c\u00f4ng nghi\u1ec7p v\u00e0 c\u01a1 kh\u00ed.<\/p>\n<h3>Gi\u1edbi thi\u1ec7u v\u1ec1 FMP \u2013 Nh\u00e0 s\u1ea3n xu\u1ea5t v\u00e0 ph\u00e2n ph\u1ed1i xi lanh th\u1ee7y l\u1ef1c chuy\u00ean nghi\u1ec7p<\/h3>\n<p>B\u1ea1n \u0111ang t\u00ecm ki\u1ebfm m\u1ed9t lo\u1ea1i xi lanh th\u1ee7y l\u1ef1c \u0111\u00e1ng tin c\u1eady v\u00e0 ch\u1ea5t l\u01b0\u1ee3ng cao cho m\u00e1y m\u00f3c x\u00e2y d\u1ef1ng c\u1ee7a m\u00ecnh? H\u00e3y \u0111\u1ebfn v\u1edbi FMP! L\u00e0 nh\u00e0 s\u1ea3n xu\u1ea5t v\u00e0 ph\u00e2n ph\u1ed1i chuy\u00ean nghi\u1ec7p c\u00e1c lo\u1ea1i ph\u1ee5 t\u00f9ng v\u00e0 m\u00e1y m\u00f3c x\u00e2y d\u1ef1ng ho\u00e0n ch\u1ec9nh, ch\u00fang t\u00f4i cung c\u1ea5p \u0111a d\u1ea1ng c\u00e1c lo\u1ea1i xi lanh th\u1ee7y l\u1ef1c \u0111\u01b0\u1ee3c thi\u1ebft k\u1ebf \u0111\u1ec3 \u0111\u00e1p \u1ee9ng nhu c\u1ea7u c\u1ee7a nhi\u1ec1u \u1ee9ng d\u1ee5ng kh\u00e1c nhau.<\/p>\n<p>Sau \u0111\u00e2y l\u00e0 m\u1ed9t s\u1ed1 l\u00fd do t\u1ea1i sao b\u1ea1n n\u00ean ch\u1ecdn xi lanh th\u1ee7y l\u1ef1c c\u1ee7a FMP:<\/p>\n<p>1. V\u1eadt li\u1ec7u ch\u1ea5t l\u01b0\u1ee3ng cao \u2013 Xi lanh th\u1ee7y l\u1ef1c c\u1ee7a ch\u00fang t\u00f4i \u0111\u01b0\u1ee3c l\u00e0m t\u1eeb v\u1eadt li\u1ec7u ch\u1ea5t l\u01b0\u1ee3ng cao, \u0111\u1ea3m b\u1ea3o \u0111\u1ed9 b\u1ec1n, \u0111\u1ed9 tin c\u1eady v\u00e0 tu\u1ed5i th\u1ecd l\u00e2u d\u00e0i. Ch\u00fang t\u00f4i nh\u1eadp kh\u1ea9u v\u1eadt li\u1ec7u t\u1eeb c\u00e1c nh\u00e0 cung c\u1ea5p ch\u1ea5t l\u01b0\u1ee3ng cao trong v\u00e0 ngo\u00e0i n\u01b0\u1edbc, tu\u00e2n th\u1ee7 c\u00e1c ti\u00eau chu\u1ea9n ki\u1ec3m so\u00e1t ch\u1ea5t l\u01b0\u1ee3ng nghi\u00eam ng\u1eb7t.<\/p>\n<p>2. Thi\u1ebft k\u1ebf t\u00f9y ch\u1ec9nh \u2013 Ch\u00fang t\u00f4i cung c\u1ea5p \u0111a d\u1ea1ng c\u00e1c m\u1eabu xi lanh th\u1ee7y l\u1ef1c v\u00e0 c\u0169ng c\u00f3 th\u1ec3 t\u00f9y ch\u1ec9nh thi\u1ebft k\u1ebf theo nhu c\u1ea7u v\u00e0 th\u00f4ng s\u1ed1 k\u1ef9 thu\u1eadt c\u1ee7a kh\u00e1ch h\u00e0ng. Cho d\u00f9 b\u1ea1n c\u1ea7n xi lanh ti\u00eau chu\u1ea9n hay gi\u1ea3i ph\u00e1p t\u00f9y ch\u1ec9nh, ch\u00fang t\u00f4i \u0111\u1ec1u c\u00f3 th\u1ec3 gi\u00fap b\u1ea1n t\u00ecm \u0111\u01b0\u1ee3c s\u1ea3n ph\u1ea9m ph\u00f9 h\u1ee3p.<\/p>\n<p>3. Ph\u1ea1m vi \u1ee9ng d\u1ee5ng r\u1ed9ng r\u00e3i \u2013 Xi lanh th\u1ee7y l\u1ef1c c\u1ee7a ch\u00fang t\u00f4i ph\u00f9 h\u1ee3p v\u1edbi nhi\u1ec1u lo\u1ea1i m\u00e1y m\u00f3c x\u00e2y d\u1ef1ng, bao g\u1ed3m m\u00e1y m\u00f3c n\u00f4ng nghi\u1ec7p, thi\u1ebft b\u1ecb c\u00f4ng nghi\u1ec7p, v.v. T\u1eeb xi lanh m\u00e1y tr\u1ed3ng tr\u1ecdt \u0111\u1ebfn xi lanh m\u00e1y \u0111\u00e0o, ch\u00fang t\u00f4i c\u00f3 s\u1ea3n ph\u1ea9m ph\u00f9 h\u1ee3p v\u1edbi nhu c\u1ea7u c\u1ee7a b\u1ea1n.<\/p>\n<p>4. T\u01b0 v\u1ea5n chuy\u00ean nghi\u1ec7p \u2013 \u0110\u1ed9i ng\u0169 b\u00e1n h\u00e0ng gi\u00e0u kinh nghi\u1ec7m c\u1ee7a ch\u00fang t\u00f4i lu\u00f4n s\u1eb5n s\u00e0ng t\u01b0 v\u1ea5n s\u1ea3n ph\u1ea9m chuy\u00ean nghi\u1ec7p v\u00e0 \u0111\u01b0a ra nh\u1eefng g\u1ee3i \u00fd mua h\u00e0ng th\u00f4ng minh. Ch\u00fang t\u00f4i lu\u00f4n c\u1eadp nh\u1eadt nh\u1eefng xu h\u01b0\u1edbng m\u1edbi nh\u1ea5t v\u00e0 nhu c\u1ea7u c\u1ee7a kh\u00e1ch h\u00e0ng trong ng\u00e0nh m\u00e1y m\u00f3c x\u00e2y d\u1ef1ng \u0111\u1ec3 \u0111\u1ea3m b\u1ea3o cung c\u1ea5p d\u1ecbch v\u1ee5 t\u1ed1t nh\u1ea5t cho kh\u00e1ch h\u00e0ng.<\/p>\n<p>5. H\u1eadu c\u1ea7n hi\u1ec7u qu\u1ea3 \u2013 Ch\u00fang t\u00f4i c\u00f3 h\u1ec7 th\u1ed1ng ph\u00e2n ph\u1ed1i h\u1eadu c\u1ea7n hi\u1ec7u qu\u1ea3 \u0111\u1ec3 \u0111\u1ea3m b\u1ea3o kh\u00e1ch h\u00e0ng nh\u1eadn \u0111\u01b0\u1ee3c c\u00e1c ph\u1ee5 t\u00f9ng c\u1ea7n thi\u1ebft m\u1ed9t c\u00e1ch k\u1ecbp th\u1eddi v\u00e0 ch\u00ednh x\u00e1c. Ch\u00fang t\u00f4i hi\u1ec3u t\u1ea7m quan tr\u1ecdng c\u1ee7a vi\u1ec7c gi\u1ea3m thi\u1ec3u th\u1eddi gian ch\u1ebft v\u00e0 \u0111\u1ea3m b\u1ea3o m\u00e1y m\u00f3c c\u1ee7a b\u1ea1n ho\u1ea1t \u0111\u1ed9ng tr\u01a1n tru.<\/p>\n<p>V\u1edbi xi lanh th\u1ee7y l\u1ef1c FMP, b\u1ea1n c\u00f3 th\u1ec3 ho\u00e0n to\u00e0n y\u00ean t\u00e2m v\u1ec1 ch\u1ea5t l\u01b0\u1ee3ng v\u00e0 \u0111\u1ed9 tin c\u1eady c\u1ee7a m\u00e1y m\u00f3c x\u00e2y d\u1ef1ng. H\u00e3y li\u00ean h\u1ec7 v\u1edbi ch\u00fang t\u00f4i ngay h\u00f4m nay \u0111\u1ec3 t\u00ecm hi\u1ec3u th\u00eam v\u1ec1 s\u1ea3n ph\u1ea9m v\u00e0 c\u00e1ch ch\u00fang t\u00f4i c\u00f3 th\u1ec3 gi\u00fap b\u1ea1n t\u00ecm ra gi\u1ea3i ph\u00e1p ph\u00f9 h\u1ee3p v\u1edbi nhu c\u1ea7u c\u1ee7a m\u00ecnh.<\/p>\n<p><img decoding=\"async\" src=\"https:\/\/fmp-components.com\/wp-content\/uploads\/2024\/12\/Adjustable-Clevis-Type-Cylinders-6.webp\" alt=\"Xi lanh lo\u1ea1i Clevis c\u00f3 th\u1ec3 \u0111i\u1ec1u ch\u1ec9nh\" width=\"833\" title=\"\"><\/p>\n<p>T\u00e1c gi\u1ea3: CX<\/p>","protected":false},"excerpt":{"rendered":"<p>2 Ton Small Hydraulic Oil Cylinder Hydraulic Cylinder For Snow Plow The 2 Ton Small Hydraulic Oil Cylinder Hydraulic Cylinder For Snow Plow is a high-quality and durable hydraulic cylinder designed specifically for snow plows. With its compact size and impressive strength, this hydraulic cylinder is capable of lifting heavy loads and providing smooth and [&hellip;]<\/p>","protected":false},"featured_media":1511,"comment_status":"closed","ping_status":"closed","template":"","meta":{"_et_pb_use_builder":"","_et_pb_old_content":"","_et_gb_content_width":""},"product_brand":[],"product_cat":[42],"product_tag":[34,44],"class_list":{"0":"post-1510","1":"product","2":"type-product","3":"status-publish","4":"has-post-thumbnail","6":"product_cat-snow-plow-hydraulic-cylinder","7":"product_tag-hydraulic-cylinder","8":"product_tag-snow-plow-hydraulic-cylinder","10":"first","11":"instock","12":"product-type-simple"},"_links":{"self":[{"href":"https:\/\/fmp-components.com\/vi\/wp-json\/wp\/v2\/product\/1510","targetHints":{"allow":["GET"]}}],"collection":[{"href":"https:\/\/fmp-components.com\/vi\/wp-json\/wp\/v2\/product"}],"about":[{"href":"https:\/\/fmp-components.com\/vi\/wp-json\/wp\/v2\/types\/product"}],"replies":[{"embeddable":true,"href":"https:\/\/fmp-components.com\/vi\/wp-json\/wp\/v2\/comments?post=1510"}],"wp:featuredmedia":[{"embeddable":true,"href":"https:\/\/fmp-components.com\/vi\/wp-json\/wp\/v2\/media\/1511"}],"wp:attachment":[{"href":"https:\/\/fmp-components.com\/vi\/wp-json\/wp\/v2\/media?parent=1510"}],"wp:term":[{"taxonomy":"product_brand","embeddable":true,"href":"https:\/\/fmp-components.com\/vi\/wp-json\/wp\/v2\/product_brand?post=1510"},{"taxonomy":"product_cat","embeddable":true,"href":"https:\/\/fmp-components.com\/vi\/wp-json\/wp\/v2\/product_cat?post=1510"},{"taxonomy":"product_tag","embeddable":true,"href":"https:\/\/fmp-components.com\/vi\/wp-json\/wp\/v2\/product_tag?post=1510"}],"curies":[{"name":"wp","href":"https:\/\/api.w.org\/{rel}","templated":true}]}}