{"id":1504,"date":"2024-12-23T05:50:37","date_gmt":"2024-12-23T05:50:37","guid":{"rendered":"https:\/\/fmp-components.com\/product\/professional-craftsmanship-small-2-ton-double-acting-snow-plow-hydraulic-cylinder\/"},"modified":"2024-12-23T06:13:08","modified_gmt":"2024-12-23T06:13:08","slug":"professional-craftsmanship-small-2-ton-double-acting-snow-plow-hydraulic-cylinder","status":"publish","type":"product","link":"https:\/\/fmp-components.com\/vi\/product\/professional-craftsmanship-small-2-ton-double-acting-snow-plow-hydraulic-cylinder\/","title":{"rendered":"Tay ngh\u1ec1 chuy\u00ean nghi\u1ec7p Xi lanh th\u1ee7y l\u1ef1c m\u00e1y c\u00e0y tuy\u1ebft t\u00e1c \u0111\u1ed9ng k\u00e9p 2 t\u1ea5n nh\u1ecf"},"content":{"rendered":"<h2>Tay ngh\u1ec1 chuy\u00ean nghi\u1ec7p Xi lanh th\u1ee7y l\u1ef1c m\u00e1y c\u00e0y tuy\u1ebft t\u00e1c \u0111\u1ed9ng k\u00e9p 2 t\u1ea5n nh\u1ecf<\/h2>\n<p>Gi\u1edbi thi\u1ec7u Xi lanh th\u1ee7y l\u1ef1c chuy\u00ean d\u1ee5ng cho m\u00e1y c\u00e0y tuy\u1ebft c\u1ee1 nh\u1ecf 2 t\u1ea5n, t\u00e1c \u0111\u1ed9ng k\u00e9p \u2013 s\u1ef1 b\u1ed5 sung ho\u00e0n h\u1ea3o cho thi\u1ebft b\u1ecb m\u00e1y c\u00e0y tuy\u1ebft c\u1ee7a b\u1ea1n. \u0110\u01b0\u1ee3c ch\u1ebf t\u1ea1o t\u1eeb v\u1eadt li\u1ec7u cao c\u1ea5p v\u00e0 tay ngh\u1ec1 chuy\u00ean nghi\u1ec7p, xi lanh th\u1ee7y l\u1ef1c n\u00e0y \u0111\u01b0\u1ee3c thi\u1ebft k\u1ebf \u0111\u1ec3 ch\u1ecbu \u0111\u01b0\u1ee3c c\u1ea3 nh\u1eefng \u0111i\u1ec1u ki\u1ec7n m\u00f9a \u0111\u00f4ng kh\u1eafc nghi\u1ec7t nh\u1ea5t.<\/p>\n<p>V\u1edbi kh\u1ea3 n\u0103ng n\u00e2ng 2 t\u1ea5n v\u00e0 ch\u1ee9c n\u0103ng t\u00e1c \u0111\u1ed9ng k\u00e9p, xi lanh n\u00e0y mang l\u1ea1i hi\u1ec7u su\u1ea5t m\u1ea1nh m\u1ebd v\u00e0 hi\u1ec7u qu\u1ea3, gi\u00fap b\u1ea1n d\u1ec5 d\u00e0ng d\u1ecdn s\u1ea1ch tuy\u1ebft. Xi lanh c\u0169ng c\u00f3 \u0111\u1ed9 b\u1ec1n cao, v\u1edbi l\u1edbp ph\u1ee7 ch\u1ed1ng \u0103n m\u00f2n v\u00e0 c\u1ea5u tr\u00fac ch\u1eafc ch\u1eafn, \u0111\u1ea3m b\u1ea3o s\u1eed d\u1ee5ng \u0111\u01b0\u1ee3c trong nhi\u1ec1u n\u0103m.<\/p>\n<p>Nh\u01b0ng \u0111i\u1ec1u th\u1ef1c s\u1ef1 l\u00e0m n\u00ean s\u1ef1 kh\u00e1c bi\u1ec7t c\u1ee7a xi lanh th\u1ee7y l\u1ef1c n\u00e0y ch\u00ednh l\u00e0 tay ngh\u1ec1 ch\u1ebf t\u1ea1o chuy\u00ean nghi\u1ec7p. M\u1ecdi chi ti\u1ebft \u0111\u1ec1u \u0111\u01b0\u1ee3c c\u00e2n nh\u1eafc v\u00e0 th\u1ef1c hi\u1ec7n c\u1ea9n th\u1eadn \u0111\u1ec3 \u0111\u1ea3m b\u1ea3o ch\u1ea5t l\u01b0\u1ee3ng cao nh\u1ea5t c\u00f3 th\u1ec3. T\u1eeb k\u1ef9 thu\u1eadt ch\u00ednh x\u00e1c \u0111\u1ebfn l\u1edbp ho\u00e0n thi\u1ec7n ho\u00e0n h\u1ea3o, xi lanh n\u00e0y l\u00e0 minh ch\u1ee9ng cho chuy\u00ean m\u00f4n v\u00e0 s\u1ef1 t\u1eadn t\u00e2m c\u1ee7a nh\u1eefng ng\u01b0\u1eddi ch\u1ebf t\u1ea1o ra n\u00f3.<\/p>\n<p><img decoding=\"async\" title=\"Xi lanh th\u1ee7y l\u1ef1c m\u00e1y c\u00e0y tuy\u1ebft\" src=\"https:\/\/hzpt.com\/wp-content\/uploads\/2023\/11\/Snow-Plow-Hydraulic-Cylinder-3.webp\" alt=\"Xi lanh th\u1ee7y l\u1ef1c m\u00e1y c\u00e0y tuy\u1ebft\" \/><\/p>\n<p>V\u00ec v\u1eady, n\u1ebfu b\u1ea1n \u0111ang t\u00ecm ki\u1ebfm m\u1ed9t xi lanh th\u1ee7y l\u1ef1c \u0111\u00e1ng tin c\u1eady v\u00e0 hi\u1ec7u su\u1ea5t cao cho m\u00e1y c\u00e0y tuy\u1ebft c\u1ee7a m\u00ecnh, th\u00ec kh\u00f4ng c\u1ea7n t\u00ecm \u0111\u00e2u xa h\u01a1n Xi lanh th\u1ee7y l\u1ef1c t\u00e1c \u0111\u1ed9ng k\u00e9p 2 t\u1ea5n nh\u1ecf chuy\u00ean nghi\u1ec7p d\u00e0nh cho m\u00e1y c\u00e0y tuy\u1ebft. V\u1edbi c\u1ea5u t\u1ea1o v\u01b0\u1ee3t tr\u1ed9i v\u00e0 hi\u1ec7u su\u1ea5t kh\u00f4ng g\u00ec s\u00e1nh b\u1eb1ng, ch\u1eafc ch\u1eafn n\u00f3 s\u1ebd tr\u1edf th\u00e0nh m\u1ed9t c\u00f4ng c\u1ee5 thi\u1ebft y\u1ebfu trong b\u1ed9 d\u1ee5ng c\u1ee5 m\u00f9a \u0111\u00f4ng c\u1ee7a b\u1ea1n. Xin gi\u1edbi thi\u1ec7u Xi lanh th\u1ee7y l\u1ef1c t\u00e1c \u0111\u1ed9ng k\u00e9p 2 t\u1ea5n nh\u1ecf chuy\u00ean nghi\u1ec7p d\u00e0nh cho m\u00e1y c\u00e0y tuy\u1ebft, \u0111\u1ec9nh cao c\u1ee7a s\u1ef1 chuy\u00ean nghi\u1ec7p trong th\u1ebf gi\u1edbi xi lanh th\u1ee7y l\u1ef1c. S\u1ea3n ph\u1ea9m m\u1edbi v\u00e0 s\u00e1ng t\u1ea1o n\u00e0y \u0111\u01b0\u1ee3c thi\u1ebft k\u1ebf \u0111\u1ec3 \u0111\u00e1p \u1ee9ng nhu c\u1ea7u c\u1ee7a nhi\u1ec1u ng\u00e0nh c\u00f4ng nghi\u1ec7p kh\u00e1c nhau nh\u01b0 x\u01b0\u1edfng s\u1eeda ch\u1eefa m\u00e1y m\u00f3c, n\u00f4ng tr\u1ea1i, n\u0103ng l\u01b0\u1ee3ng v\u00e0 khai th\u00e1c m\u1ecf, s\u1ea3n xu\u1ea5t m\u00e1y m\u00f3c v\u00e0 nh\u00e0 m\u00e1y ch\u1ebf t\u1ea1o m\u00e1y m\u00f3c.<\/p>\n<h2>T\u00ednh n\u0103ng v\u00e0 th\u00f4ng s\u1ed1 k\u1ef9 thu\u1eadt<\/h2>\n<table style=\"width: 100%;\" border=\"1\" width=\"100%\" cellspacing=\"0\" cellpadding=\"0\">\n<tbody>\n<tr>\n<th>T\u00ean s\u1ea3n ph\u1ea9m<\/th>\n<td>Xi lanh th\u1ee7y l\u1ef1c m\u00e1y c\u00e0y tuy\u1ebft<\/td>\n<\/tr>\n<tr>\n<th>Ki\u1ec3u<\/th>\n<td>Xi lanh piston ti\u00eau chu\u1ea9n<\/td>\n<\/tr>\n<tr>\n<th>Ngu\u1ed3n \u0111i\u1ec7n<\/th>\n<td>N\u0103ng l\u01b0\u1ee3ng th\u1ee7y l\u1ef1c<\/td>\n<\/tr>\n<tr>\n<th>V\u1eadt li\u1ec7u th\u00e2n m\u00e1y<\/th>\n<td>Th\u00e9p b\u1ec1n<\/td>\n<\/tr>\n<tr>\n<th>L\u1ef1c \u0111\u1ea9y t\u1ed1i \u0111a<\/th>\n<td>3000<\/td>\n<\/tr>\n<tr>\n<th>L\u1ef1c k\u00e9o t\u1ed1i \u0111a<\/th>\n<td>20 t\u1ea5n<\/td>\n<\/tr>\n<tr>\n<th>K\u00edch th\u01b0\u1edbc l\u1ed7 khoan<\/th>\n<td>2 \u2013 6 inch<\/td>\n<\/tr>\n<tr>\n<th>K\u00edch th\u01b0\u1edbc thanh<\/th>\n<td>1,125 \u2013 4 inch<\/td>\n<\/tr>\n<tr>\n<th>K\u00edch th\u01b0\u1edbc n\u00e9t v\u1ebd<\/th>\n<td>4 \u2013 100 inch<\/td>\n<\/tr>\n<tr>\n<th>K\u00edch th\u01b0\u1edbc ch\u00e2n c\u1eafm<\/th>\n<td>0,5 \u2013 2 inch<\/td>\n<\/tr>\n<tr>\n<th>Ch\u1ee9ng nh\u1eadn<\/th>\n<td>Ti\u00eau chu\u1ea9n ISO 9001:2000<\/td>\n<\/tr>\n<tr>\n<th>\u0110\u1ea3m b\u1ea3o ch\u1ea5t l\u01b0\u1ee3ng<\/th>\n<td>\u0110\u00e1ng tin c\u1eady v\u00e0 ch\u1ea5t l\u01b0\u1ee3ng cao<\/td>\n<\/tr>\n<\/tbody>\n<\/table>\n<h2>\u01afu \u0111i\u1ec3m c\u1ee7a xi lanh lo\u1ea1i ch\u1ed1t c\u00f3 th\u1ec3 \u0111i\u1ec1u ch\u1ec9nh<\/h2>\n<p>Xi lanh ki\u1ec3u c\u00e0ng n\u1ed1i \u0111i\u1ec1u ch\u1ec9nh \u0111\u01b0\u1ee3c, c\u00f2n \u0111\u01b0\u1ee3c g\u1ecdi l\u00e0 xi lanh th\u1ee7y l\u1ef1c m\u00e1y c\u00e0y tuy\u1ebft, l\u00e0 m\u1ed9t b\u1ed9 ph\u1eadn quan tr\u1ecdng trong nhi\u1ec1u lo\u1ea1i m\u00e1y m\u00f3c v\u00e0 thi\u1ebft b\u1ecb h\u1ea1ng n\u1eb7ng. Ch\u00fang mang l\u1ea1i m\u1ed9t s\u1ed1 \u01b0u \u0111i\u1ec3m khi\u1ebfn ch\u00fang \u0111\u01b0\u1ee3c \u01b0a chu\u1ed9ng trong ng\u00e0nh. Trong b\u00e0i vi\u1ebft n\u00e0y, ch\u00fang ta s\u1ebd t\u00ecm hi\u1ec3u chi ti\u1ebft v\u1ec1 nh\u1eefng l\u1ee3i \u00edch c\u1ee7a c\u00e1c xi lanh n\u00e0y, nh\u1ea5n m\u1ea1nh v\u00e0o ch\u1ea5t l\u01b0\u1ee3ng ch\u1ebf t\u1ea1o chuy\u00ean nghi\u1ec7p, hi\u1ec7u su\u1ea5t tuy\u1ec7t v\u1eddi v\u00e0 kh\u1ea3 n\u0103ng ho\u1ea1t \u0111\u1ed9ng k\u00e9p t\u1ea3i tr\u1ecdng nh\u1ecf 2 t\u1ea5n.<\/p>\n<p>1. Tay ngh\u1ec1 chuy\u00ean nghi\u1ec7p:<br \/>\nC\u00e1c xi lanh ki\u1ec3u c\u00e0ng n\u1ed1i \u0111i\u1ec1u ch\u1ec9nh \u0111\u01b0\u1ee3c ch\u1ebf t\u1ea1o t\u1ec9 m\u1ec9 b\u1eb1ng v\u1eadt li\u1ec7u ch\u1ea5t l\u01b0\u1ee3ng cao v\u00e0 k\u1ef9 thu\u1eadt s\u1ea3n xu\u1ea5t ti\u00ean ti\u1ebfn. Nh\u1eefng xi lanh n\u00e0y \u0111\u01b0\u1ee3c thi\u1ebft k\u1ebf \u0111\u1ec3 ch\u1ecbu \u0111\u01b0\u1ee3c c\u00e1c \u0111i\u1ec1u ki\u1ec7n kh\u1eafc nghi\u1ec7t v\u00e0 t\u1ea3i tr\u1ecdng n\u1eb7ng, \u0111\u1ea3m b\u1ea3o hi\u1ec7u su\u1ea5t t\u1ed1i \u01b0u v\u00e0 \u0111\u1ed9 b\u1ec1n. S\u1ef1 ch\u00fa tr\u1ecdng \u0111\u1ebfn t\u1eebng chi ti\u1ebft trong c\u1ea5u t\u1ea1o \u0111\u1ea3m b\u1ea3o ho\u1ea1t \u0111\u1ed9ng \u0111\u00e1ng tin c\u1eady v\u00e0 l\u00e2u d\u00e0i, khi\u1ebfn ch\u00fang tr\u1edf th\u00e0nh l\u1ef1a ch\u1ecdn \u01b0u ti\u00ean c\u1ee7a c\u00e1c chuy\u00ean gia trong l\u0129nh v\u1ef1c n\u00e0y.<\/p>\n<p>2. Kh\u1ea3 n\u0103ng v\u1eadn h\u00e0nh k\u00e9p nh\u1ecf g\u1ecdn 2 t\u1ea5n:<br \/>\nM\u1ed9t trong nh\u1eefng \u01b0u \u0111i\u1ec3m ch\u00ednh c\u1ee7a xi lanh ki\u1ec3u c\u00e0ng n\u1ed1i \u0111i\u1ec1u ch\u1ec9nh \u0111\u01b0\u1ee3c l\u00e0 k\u00edch th\u01b0\u1edbc nh\u1ecf g\u1ecdn k\u1ebft h\u1ee3p v\u1edbi kh\u1ea3 n\u0103ng t\u00e1c \u0111\u1ed9ng k\u00e9p l\u00ean \u0111\u1ebfn 2 t\u1ea5n. Thi\u1ebft k\u1ebf nh\u1ecf g\u1ecdn n\u00e0y cho ph\u00e9p d\u1ec5 d\u00e0ng l\u1eafp \u0111\u1eb7t v\u00e0 t\u00edch h\u1ee3p v\u00e0o c\u00e1c h\u1ec7 th\u1ed1ng th\u1ee7y l\u1ef1c kh\u00e1c nhau, \u0111\u1eb7c bi\u1ec7t l\u00e0 nh\u1eefng n\u01a1i c\u00f3 kh\u00f4ng gian h\u1ea1n ch\u1ebf. M\u1eb7c d\u00f9 k\u00edch th\u01b0\u1edbc nh\u1ecf, c\u00e1c xi lanh n\u00e0y s\u1edf h\u1eefu s\u1ee9c m\u1ea1nh v\u00e0 c\u00f4ng su\u1ea5t v\u01b0\u1ee3t tr\u1ed9i, cho ph\u00e9p ch\u00fang x\u1eed l\u00fd t\u1ea3i tr\u1ecdng n\u1eb7ng m\u1ed9t c\u00e1ch hi\u1ec7u qu\u1ea3. V\u1edbi t\u00ednh n\u0103ng t\u00e1c \u0111\u1ed9ng k\u00e9p, ch\u00fang cung c\u1ea5p c\u1ea3 l\u1ef1c \u0111\u1ea9y v\u00e0 l\u1ef1c k\u00e9o, t\u0103ng t\u00ednh linh ho\u1ea1t v\u00e0 n\u0103ng su\u1ea5t trong nhi\u1ec1u \u1ee9ng d\u1ee5ng kh\u00e1c nhau.<\/p>\n<p>3. Hi\u1ec7u n\u0103ng \u0111\u01b0\u1ee3c n\u00e2ng cao:<br \/>\nC\u00e1c xi lanh ki\u1ec3u c\u00e0ng n\u1ed1i \u0111i\u1ec1u ch\u1ec9nh \u0111\u01b0\u1ee3c mang l\u1ea1i hi\u1ec7u su\u1ea5t v\u01b0\u1ee3t tr\u1ed9i nh\u1edd k\u1ef9 thu\u1eadt ch\u00ednh x\u00e1c v\u00e0 thi\u1ebft k\u1ebf s\u00e1ng t\u1ea1o. C\u00e1c xi lanh n\u00e0y \u0111\u01b0\u1ee3c thi\u1ebft k\u1ebf \u0111\u1ec3 cung c\u1ea5p chuy\u1ec3n \u0111\u1ed9ng m\u01b0\u1ee3t m\u00e0 v\u00e0 \u0111\u01b0\u1ee3c ki\u1ec3m so\u00e1t, \u0111\u1ea3m b\u1ea3o \u0111\u1ecbnh v\u1ecb ch\u00ednh x\u00e1c c\u00e1c ph\u1ee5 ki\u1ec7n ho\u1eb7c thi\u1ebft b\u1ecb. Kh\u1ea3 n\u0103ng \u0111i\u1ec1u ch\u1ec9nh gi\u00e1 \u0111\u1ee1 c\u00e0ng n\u1ed1i cho ph\u00e9p tinh ch\u1ec9nh v\u00e0 t\u00f9y ch\u1ec9nh theo y\u00eau c\u1ea7u c\u1ee5 th\u1ec3, c\u1ea3i thi\u1ec7n hi\u1ec7u qu\u1ea3 v\u00e0 n\u0103ng su\u1ea5t t\u1ed5ng th\u1ec3. Cho d\u00f9 l\u00e0 n\u00e2ng, \u0111\u1ea9y hay k\u00e9o, c\u00e1c xi lanh n\u00e0y \u0111\u1ec1u cung c\u1ea5p kh\u1ea3 n\u0103ng truy\u1ec1n l\u1ef1c t\u1ed1i \u01b0u v\u00e0 hi\u1ec7u su\u1ea5t \u1ed5n \u0111\u1ecbnh.<\/p>\n<p>4. T\u0103ng t\u00ednh linh ho\u1ea1t:<br \/>\nNg\u00e0m k\u1eb9p \u0111i\u1ec1u ch\u1ec9nh \u0111\u01b0\u1ee3c tr\u00ean c\u00e1c xi lanh n\u00e0y cho ph\u00e9p d\u1ec5 d\u00e0ng g\u1eafn v\u00e0 th\u00e1o c\u00e1c thi\u1ebft b\u1ecb kh\u00e1c nhau, l\u00e0m cho ch\u00fang r\u1ea5t linh ho\u1ea1t. Ch\u00fang c\u00f3 th\u1ec3 \u0111\u01b0\u1ee3c s\u1eed d\u1ee5ng trong c\u00e1c \u1ee9ng d\u1ee5ng nh\u01b0 m\u00e1y c\u00e0y tuy\u1ebft, m\u00e1y x\u00fac l\u1eadt, thi\u1ebft b\u1ecb n\u00f4ng nghi\u1ec7p, v\u00e0 nhi\u1ec1u h\u01a1n n\u1eefa. T\u00ednh linh ho\u1ea1t m\u00e0 c\u00e1c xi lanh n\u00e0y mang l\u1ea1i cho ph\u00e9p ng\u01b0\u1eddi v\u1eadn h\u00e0nh th\u00edch \u1ee9ng v\u1edbi c\u00e1c nhi\u1ec7m v\u1ee5 v\u00e0 \u0111i\u1ec1u ki\u1ec7n kh\u00e1c nhau, n\u00e2ng cao n\u0103ng su\u1ea5t t\u1ed5ng th\u1ec3 v\u00e0 gi\u1ea3m th\u1eddi gian ng\u1eebng ho\u1ea1t \u0111\u1ed9ng. V\u1edbi kh\u1ea3 n\u0103ng x\u1eed l\u00fd c\u00e1c t\u1ea3i tr\u1ecdng kh\u00e1c nhau v\u00e0 ho\u1ea1t \u0111\u1ed9ng trong nhi\u1ec1u m\u00f4i tr\u01b0\u1eddng, xi lanh ki\u1ec3u ng\u00e0m k\u1eb9p \u0111i\u1ec1u ch\u1ec9nh l\u00e0 m\u1ed9t t\u00e0i s\u1ea3n v\u00f4 gi\u00e1 \u0111\u1ed1i v\u1edbi c\u00e1c chuy\u00ean gia trong nhi\u1ec1u ng\u00e0nh c\u00f4ng nghi\u1ec7p.<\/p>\n<p>T\u00f3m l\u1ea1i, xi lanh ki\u1ec3u c\u00e0ng n\u1ed1i \u0111i\u1ec1u ch\u1ec9nh mang l\u1ea1i nhi\u1ec1u \u01b0u \u0111i\u1ec3m, khi\u1ebfn ch\u00fang tr\u1edf th\u00e0nh l\u1ef1a ch\u1ecdn \u01b0u ti\u00ean c\u1ee7a c\u00e1c chuy\u00ean gia. S\u1ef1 ch\u1ebf t\u1ea1o chuy\u00ean nghi\u1ec7p, kh\u1ea3 n\u0103ng ho\u1ea1t \u0111\u1ed9ng k\u00e9p t\u1ea3i tr\u1ecdng nh\u1ecf 2 t\u1ea5n, hi\u1ec7u su\u1ea5t \u0111\u01b0\u1ee3c n\u00e2ng cao v\u00e0 t\u00ednh linh ho\u1ea1t t\u0103ng l\u00ean khi\u1ebfn ch\u00fang tr\u1edf th\u00e0nh gi\u1ea3i ph\u00e1p \u0111\u00e1ng tin c\u1eady v\u00e0 hi\u1ec7u qu\u1ea3 cho c\u00e1c \u1ee9ng d\u1ee5ng t\u1ea3i n\u1eb7ng. Cho d\u00f9 \u0111\u00f3 l\u00e0 chuy\u1ec3n \u0111\u1ed9ng ch\u00ednh x\u00e1c, kh\u1ea3 n\u0103ng ch\u1ecbu \u0111\u01b0\u1ee3c \u0111i\u1ec1u ki\u1ec7n kh\u1eafc nghi\u1ec7t hay s\u1ef1 d\u1ec5 d\u00e0ng t\u00edch h\u1ee3p v\u00e0o h\u1ec7 th\u1ed1ng th\u1ee7y l\u1ef1c, c\u00e1c xi lanh n\u00e0y \u0111\u1ec1u v\u01b0\u1ee3t tr\u1ed9i trong vi\u1ec7c mang l\u1ea1i hi\u1ec7u su\u1ea5t t\u1ed1i \u01b0u.<\/p>\n<h3>Gi\u1edbi thi\u1ec7u v\u1ec1 xi lanh th\u1ee7y l\u1ef1c FMP<\/h3>\n<p>FMP l\u00e0 c\u00f4ng ty chuy\u00ean cung c\u1ea5p ph\u1ee5 t\u00f9ng m\u00e1y m\u00f3c x\u00e2y d\u1ef1ng ch\u1ea5t l\u01b0\u1ee3ng cao v\u00e0 m\u00e1y m\u00f3c ho\u00e0n ch\u1ec9nh. Ch\u00fang t\u00f4i t\u1ef1 h\u00e0o cung c\u1ea5p nhi\u1ec1u lo\u1ea1i s\u1ea3n ph\u1ea9m, bao g\u1ed3m c\u1ea3 xi lanh th\u1ee7y l\u1ef1c \u0111\u01b0\u1ee3c thi\u1ebft k\u1ebf \u0111\u1ec3 \u0111\u00e1p \u1ee9ng nhu c\u1ea7u c\u1ee7a kh\u00e1ch h\u00e0ng. V\u1edbi nhi\u1ec1u n\u0103m kinh nghi\u1ec7m trong ng\u00e0nh v\u00e0 \u0111\u1ed9i ng\u0169 chuy\u00ean nghi\u1ec7p, ch\u00fang t\u00f4i t\u1ef1 tin c\u00f3 th\u1ec3 cung c\u1ea5p cho b\u1ea1n nh\u1eefng s\u1ea3n ph\u1ea9m v\u00e0 d\u1ecbch v\u1ee5 t\u1ed1t nh\u1ea5t.<\/p>\n<p>Sau \u0111\u00e2y l\u00e0 m\u1ed9t s\u1ed1 l\u00fd do t\u1ea1i sao b\u1ea1n n\u00ean ch\u1ecdn Xi lanh th\u1ee7y l\u1ef1c FMP:<\/p>\n<ol>\n<li><strong>V\u1eadt li\u1ec7u ch\u1ea5t l\u01b0\u1ee3ng cao:<\/strong> Ch\u00fang t\u00f4i s\u1eed d\u1ee5ng v\u1eadt li\u1ec7u ch\u1ea5t l\u01b0\u1ee3ng cao \u0111\u1ec3 s\u1ea3n xu\u1ea5t c\u00e1c xi lanh th\u1ee7y l\u1ef1c, \u0111\u1ea3m b\u1ea3o ch\u00fang b\u1ec1n b\u1ec9 v\u00e0 c\u00f3 tu\u1ed5i th\u1ecd cao.<\/li>\n<li><strong>Gi\u1ea3i ph\u00e1p t\u00f9y ch\u1ec9nh:<\/strong> Ch\u00fang t\u00f4i cung c\u1ea5p c\u00e1c gi\u1ea3i ph\u00e1p t\u00f9y ch\u1ec9nh \u0111\u1ec3 \u0111\u00e1p \u1ee9ng nhu c\u1ea7u ri\u00eang bi\u1ec7t c\u1ee7a kh\u00e1ch h\u00e0ng. Xi lanh th\u1ee7y l\u1ef1c c\u1ee7a ch\u00fang t\u00f4i c\u00f3 nhi\u1ec1u k\u00edch c\u1ee1 v\u00e0 c\u1ea5u h\u00ecnh kh\u00e1c nhau.<\/li>\n<li><strong>T\u01b0 v\u1ea5n chuy\u00ean gia:<\/strong> \u0110\u1ed9i ng\u0169 b\u00e1n h\u00e0ng gi\u00e0u kinh nghi\u1ec7m c\u1ee7a ch\u00fang t\u00f4i lu\u00f4n s\u1eb5n s\u00e0ng cung c\u1ea5p cho b\u1ea1n nh\u1eefng t\u01b0 v\u1ea5n chuy\u00ean nghi\u1ec7p v\u00e0 nh\u1eefng g\u1ee3i \u00fd mua h\u00e0ng th\u00f4ng minh. Ch\u00fang t\u00f4i hi\u1ec3u r\u00f5 xu h\u01b0\u1edbng ph\u00e1t tri\u1ec3n v\u00e0 nhu c\u1ea7u c\u1ee7a kh\u00e1ch h\u00e0ng trong ng\u00e0nh m\u00e1y m\u00f3c x\u00e2y d\u1ef1ng, v\u00e0 c\u00f3 th\u1ec3 gi\u00fap b\u1ea1n \u0111\u01b0a ra nh\u1eefng quy\u1ebft \u0111\u1ecbnh s\u00e1ng su\u1ed1t.<\/li>\n<li><strong>H\u1eadu c\u1ea7n hi\u1ec7u qu\u1ea3:<\/strong> Ch\u00fang t\u00f4i c\u00f3 h\u1ec7 th\u1ed1ng ph\u00e2n ph\u1ed1i h\u1eadu c\u1ea7n hi\u1ec7u qu\u1ea3, \u0111\u1ea3m b\u1ea3o b\u1ea1n nh\u1eadn \u0111\u01b0\u1ee3c c\u00e1c b\u1ed9 ph\u1eadn c\u1ea7n thi\u1ebft m\u1ed9t c\u00e1ch k\u1ecbp th\u1eddi v\u00e0 ch\u00ednh x\u00e1c.<\/li>\n<li><strong>Nhi\u1ec1u lo\u1ea1i s\u1ea3n ph\u1ea9m:<\/strong> Ngo\u00e0i xi lanh th\u1ee7y l\u1ef1c, ch\u00fang t\u00f4i c\u00f2n cung c\u1ea5p nhi\u1ec1u lo\u1ea1i ph\u1ee5 t\u00f9ng m\u00e1y m\u00f3c x\u00e2y d\u1ef1ng nh\u01b0 h\u1ed9p s\u1ed1 m\u00e1y n\u00f4ng nghi\u1ec7p, h\u1ed9p s\u1ed1 h\u00e0nh tinh v\u00e0 h\u1ed9p s\u1ed1 c\u00f4ng nghi\u1ec7p, c\u0169ng nh\u01b0 c\u00e1c ph\u1ee5 ki\u1ec7n ch\u1ea5t l\u01b0\u1ee3ng cao \u0111i k\u00e8m.<\/li>\n<\/ol>\n<p>T\u1ea1i FMP, ch\u00fang t\u00f4i cam k\u1ebft cung c\u1ea5p cho kh\u00e1ch h\u00e0ng nh\u1eefng s\u1ea3n ph\u1ea9m v\u00e0 d\u1ecbch v\u1ee5 t\u1ed1t nh\u1ea5t. Xi lanh th\u1ee7y l\u1ef1c c\u1ee7a ch\u00fang t\u00f4i \u0111\u01b0\u1ee3c thi\u1ebft k\u1ebf \u0111\u1ec3 \u0111\u00e1p \u1ee9ng c\u00e1c ti\u00eau chu\u1ea9n ch\u1ea5t l\u01b0\u1ee3ng cao nh\u1ea5t, v\u00e0 ch\u00fang t\u00f4i t\u1ef1 h\u00e0o \u0111\u1ea3m b\u1ea3o r\u1eb1ng t\u1ea5t c\u1ea3 c\u00e1c b\u1ed9 ph\u1eadn do ch\u00fang t\u00f4i cung c\u1ea5p \u0111\u1ec1u \u0111\u00e1p \u1ee9ng c\u00e1c ti\u00eau chu\u1ea9n ch\u1ea5t l\u01b0\u1ee3ng nghi\u00eam ng\u1eb7t. Ch\u00fang t\u00f4i tin r\u1eb1ng chuy\u00ean m\u00f4n v\u00e0 s\u1ef1 t\u1eadn t\u00e2m v\u1edbi ch\u1ea5t l\u01b0\u1ee3ng c\u1ee7a ch\u00fang t\u00f4i bi\u1ebfn ch\u00fang t\u00f4i tr\u1edf th\u00e0nh \u0111\u1ed1i t\u00e1c l\u00fd t\u01b0\u1edfng cho nhu c\u1ea7u m\u00e1y m\u00f3c x\u00e2y d\u1ef1ng c\u1ee7a b\u1ea1n.<\/p>\n<p><img decoding=\"async\" src=\"https:\/\/fmp-components.com\/wp-content\/uploads\/2024\/12\/Adjustable-Clevis-Type-Cylinders-6.webp\" alt=\"Xi lanh lo\u1ea1i Clevis c\u00f3 th\u1ec3 \u0111i\u1ec1u ch\u1ec9nh\" width=\"830\" title=\"\"><\/p>\n<h2>C\u00e2u h\u1ecfi th\u01b0\u1eddng g\u1eb7p<\/h2>\n<p><strong>Q: B\u1ea1n l\u00e0 c\u00f4ng ty th\u01b0\u01a1ng m\u1ea1i hay nh\u00e0 s\u1ea3n xu\u1ea5t?<\/strong><\/p>\n<p>A: Ch\u00fang t\u00f4i l\u00e0 m\u1ed9t nh\u00e0 m\u00e1y s\u1ea3n xu\u1ea5t xi lanh th\u1ee7y l\u1ef1c ch\u1ea5t l\u01b0\u1ee3ng cao v\u00e0 c\u00e1c ph\u1ee5 t\u00f9ng m\u00e1y m\u00f3c n\u00f4ng nghi\u1ec7p kh\u00e1c.<\/p>\n<p><strong>Q: Th\u1eddi gian giao h\u00e0ng cho Xi lanh th\u1ee7y l\u1ef1c m\u00e1y c\u00e0y tuy\u1ebft l\u00e0 bao l\u00e2u?<\/strong><\/p>\n<p>A: Th\u00f4ng th\u01b0\u1eddng, th\u1eddi gian giao h\u00e0ng kho\u1ea3ng 25-35 ng\u00e0y.<\/p>\n<p><strong>Q: B\u1ea1n c\u00f3 th\u1ec3 s\u1ea3n xu\u1ea5t theo m\u1eabu kh\u00f4ng?<\/strong><\/p>\n<p>A: C\u00f3, ch\u00fang t\u00f4i c\u00f3 th\u1ec3 s\u1ea3n xu\u1ea5t theo m\u1eabu ho\u1eb7c b\u1ea3n v\u1ebd k\u1ef9 thu\u1eadt c\u1ee7a b\u1ea1n. Ch\u00fang t\u00f4i c\u00f3 th\u1ec3 ch\u1ebf t\u1ea1o khu\u00f4n m\u1eabu v\u00e0 \u0111\u1ed3 g\u00e1.<\/p>\n<p><img decoding=\"async\" src=\"https:\/\/hzpt.com\/wp-content\/uploads\/2023\/11\/Snow-Plow-Hydraulic-Cylinder-4Factory.webp\" alt=\"Nh\u00e0 m\u00e1y xi lanh th\u1ee7y l\u1ef1c m\u00e1y c\u00e0y tuy\u1ebft\" title=\"\"><\/p>\n<p>T\u00e1c gi\u1ea3: CX<\/p>","protected":false},"excerpt":{"rendered":"<p>Professional Craftsmanship Small 2 Ton Double Acting Snow Plow Hydraulic Cylinder Introducing the Professional Craftsmanship Small 2 Ton Double Acting Snow Plow Hydraulic Cylinder &#8211; the perfect addition to your snow plow equipment. Built with superior materials and expert craftsmanship, this hydraulic cylinder is designed to withstand even the toughest winter conditions. With a 2 [&hellip;]<\/p>","protected":false},"featured_media":1505,"comment_status":"closed","ping_status":"closed","template":"","meta":{"_et_pb_use_builder":"","_et_pb_old_content":"","_et_gb_content_width":""},"product_brand":[],"product_cat":[42],"product_tag":[34,44],"class_list":{"0":"post-1504","1":"product","2":"type-product","3":"status-publish","4":"has-post-thumbnail","6":"product_cat-snow-plow-hydraulic-cylinder","7":"product_tag-hydraulic-cylinder","8":"product_tag-snow-plow-hydraulic-cylinder","10":"first","11":"instock","12":"product-type-simple"},"_links":{"self":[{"href":"https:\/\/fmp-components.com\/vi\/wp-json\/wp\/v2\/product\/1504","targetHints":{"allow":["GET"]}}],"collection":[{"href":"https:\/\/fmp-components.com\/vi\/wp-json\/wp\/v2\/product"}],"about":[{"href":"https:\/\/fmp-components.com\/vi\/wp-json\/wp\/v2\/types\/product"}],"replies":[{"embeddable":true,"href":"https:\/\/fmp-components.com\/vi\/wp-json\/wp\/v2\/comments?post=1504"}],"wp:featuredmedia":[{"embeddable":true,"href":"https:\/\/fmp-components.com\/vi\/wp-json\/wp\/v2\/media\/1505"}],"wp:attachment":[{"href":"https:\/\/fmp-components.com\/vi\/wp-json\/wp\/v2\/media?parent=1504"}],"wp:term":[{"taxonomy":"product_brand","embeddable":true,"href":"https:\/\/fmp-components.com\/vi\/wp-json\/wp\/v2\/product_brand?post=1504"},{"taxonomy":"product_cat","embeddable":true,"href":"https:\/\/fmp-components.com\/vi\/wp-json\/wp\/v2\/product_cat?post=1504"},{"taxonomy":"product_tag","embeddable":true,"href":"https:\/\/fmp-components.com\/vi\/wp-json\/wp\/v2\/product_tag?post=1504"}],"curies":[{"name":"wp","href":"https:\/\/api.w.org\/{rel}","templated":true}]}}