{"id":1502,"date":"2024-12-23T05:50:37","date_gmt":"2024-12-23T05:50:37","guid":{"rendered":"https:\/\/fmp-components.com\/product\/high-quality-customized-snow-plow-hydraulic-piston-cylinder\/"},"modified":"2024-12-23T06:26:31","modified_gmt":"2024-12-23T06:26:31","slug":"high-quality-customized-snow-plow-hydraulic-piston-cylinder","status":"publish","type":"product","link":"https:\/\/fmp-components.com\/vi\/product\/high-quality-customized-snow-plow-hydraulic-piston-cylinder\/","title":{"rendered":"Xi lanh piston th\u1ee7y l\u1ef1c m\u00e1y c\u00e0y tuy\u1ebft t\u00f9y ch\u1ec9nh ch\u1ea5t l\u01b0\u1ee3ng cao"},"content":{"rendered":"<p>Xi lanh th\u1ee7y l\u1ef1c m\u00e1y c\u00e0y tuy\u1ebft t\u00f9y ch\u1ec9nh ch\u1ea5t l\u01b0\u1ee3ng caoXi lanh th\u1ee7y l\u1ef1c m\u00e1y c\u00e0y tuy\u1ebft t\u00f9y ch\u1ec9nh ch\u1ea5t l\u01b0\u1ee3ng cao l\u00e0 s\u1ea3n ph\u1ea9m kh\u00f4ng th\u1ec3 thi\u1ebfu cho b\u1ea5t k\u1ef3 ai mu\u1ed1n \u0111\u1ea3m b\u1ea3o tr\u1ea3i nghi\u1ec7m c\u00e0y tuy\u1ebft m\u01b0\u1ee3t m\u00e0 v\u00e0 hi\u1ec7u qu\u1ea3. S\u1ea3n ph\u1ea9m n\u00e0y \u0111\u01b0\u1ee3c thi\u1ebft k\u1ebf \u0111\u1ec3 mang l\u1ea1i hi\u1ec7u su\u1ea5t v\u00e0 \u0111\u1ed9 tin c\u1eady cao nh\u1ea5t ngay c\u1ea3 trong nh\u1eefng \u0111i\u1ec1u ki\u1ec7n kh\u1eafc nghi\u1ec7t nh\u1ea5t.<\/p>\n<p>\u0110\u01b0\u1ee3c ch\u1ebf t\u1ea1o t\u1eeb nh\u1eefng v\u1eadt li\u1ec7u t\u1ed1t nh\u1ea5t v\u00e0 b\u1ec1n b\u1ec9, xi lanh piston th\u1ee7y l\u1ef1c n\u00e0y v\u1eeba b\u1ec1n b\u1ec9 v\u1eeba \u0111\u00e1ng tin c\u1eady. N\u00f3 c\u00f3 kh\u1ea3 n\u0103ng ch\u1ecbu t\u1ea3i tr\u1ecdng n\u1eb7ng v\u00e0 d\u1ec5 d\u00e0ng ch\u1ecbu \u0111\u01b0\u1ee3c nhi\u1ec7t \u0111\u1ed9 kh\u1eafc nghi\u1ec7t, l\u00e0 l\u1ef1a ch\u1ecdn ho\u00e0n h\u1ea3o cho b\u1ea5t k\u1ef3 ai c\u1ea7n m\u1ed9t xi lanh piston th\u1ee7y l\u1ef1c cho m\u00e1y c\u00e0y tuy\u1ebft ch\u1ea5t l\u01b0\u1ee3ng cao, b\u1ec1n b\u1ec9.<\/p>\n<p>Ngo\u00e0i ra, s\u1ea3n ph\u1ea9m n\u00e0y c\u00f3 th\u1ec3 \u0111\u01b0\u1ee3c t\u00f9y ch\u1ec9nh \u0111\u1ec3 \u0111\u00e1p \u1ee9ng nhu c\u1ea7u ri\u00eang bi\u1ec7t c\u1ee7a t\u1eebng kh\u00e1ch h\u00e0ng, \u0111\u1ea3m b\u1ea3o s\u1ea3n ph\u1ea9m \u0111\u01b0\u1ee3c thi\u1ebft k\u1ebf ho\u00e0n h\u1ea3o theo y\u00eau c\u1ea7u c\u1ee5 th\u1ec3 c\u1ee7a h\u1ecd. Cho d\u00f9 b\u1ea1n c\u1ea7n xi lanh piston l\u1edbn h\u01a1n hay nh\u1ecf h\u01a1n, hay xi lanh \u0111\u01b0\u1ee3c thi\u1ebft k\u1ebf ri\u00eang cho m\u1ed9t lo\u1ea1i m\u00e1y c\u00e0y tuy\u1ebft c\u1ee5 th\u1ec3, s\u1ea3n ph\u1ea9m n\u00e0y \u0111\u1ec1u c\u00f3 th\u1ec3 \u0111\u01b0\u1ee3c t\u00f9y ch\u1ec9nh \u0111\u1ec3 \u0111\u00e1p \u1ee9ng nhu c\u1ea7u c\u1ee7a b\u1ea1n.<\/p>\n<p>Nh\u00ecn chung, n\u1ebfu b\u1ea1n \u0111ang c\u1ea7n m\u1ed9t xi lanh piston th\u1ee7y l\u1ef1c cho m\u00e1y c\u00e0y tuy\u1ebft ch\u1ea5t l\u01b0\u1ee3ng cao, b\u1ec1n b\u1ec9 v\u00e0 \u0111\u00e1ng tin c\u1eady, th\u00ec kh\u00f4ng \u0111\u00e2u kh\u00e1c ch\u00ednh l\u00e0 Xi lanh piston th\u1ee7y l\u1ef1c cho m\u00e1y c\u00e0y tuy\u1ebft t\u00f9y ch\u1ec9nh ch\u1ea5t l\u01b0\u1ee3ng cao. V\u1edbi hi\u1ec7u su\u1ea5t v\u01b0\u1ee3t tr\u1ed9i v\u00e0 thi\u1ebft k\u1ebf t\u00f9y ch\u1ec9nh, s\u1ea3n ph\u1ea9m n\u00e0y ch\u1eafc ch\u1eafn s\u1ebd mang \u0111\u1ebfn cho b\u1ea1n k\u1ebft qu\u1ea3 mong mu\u1ed1n. Xin gi\u1edbi thi\u1ec7u Xi lanh piston th\u1ee7y l\u1ef1c cho m\u00e1y c\u00e0y tuy\u1ebft t\u00f9y ch\u1ec9nh ch\u1ea5t l\u01b0\u1ee3ng cao c\u1ee7a ch\u00fang t\u00f4i, m\u1ed9t s\u1ea3n ph\u1ea9m m\u1edbi, ti\u00ean ti\u1ebfn \u0111\u01b0\u1ee3c thi\u1ebft k\u1ebf \u0111\u1ec3 c\u00e1ch m\u1ea1ng h\u00f3a c\u00e1c x\u01b0\u1edfng s\u1eeda ch\u1eefa m\u00e1y m\u00f3c, trang tr\u1ea1i, ho\u1ea1t \u0111\u1ed9ng n\u0103ng l\u01b0\u1ee3ng &amp; khai th\u00e1c m\u1ecf, s\u1ea3n xu\u1ea5t m\u00e1y m\u00f3c v\u00e0 c\u00e1c ng\u00e0nh c\u00f4ng nghi\u1ec7p \u1ee9ng d\u1ee5ng kh\u00e1c. \u0110\u01b0\u1ee3c ch\u1ebf t\u1ea1o ch\u00ednh x\u00e1c, Xi lanh piston th\u1ee7y l\u1ef1c cho m\u00e1y c\u00e0y tuy\u1ebft \u0111\u1ea3m b\u1ea3o \u0111\u1ed9 b\u1ec1n b\u1ec9, \u0111\u1ed9 tin c\u1eady v\u00e0 hi\u1ec7u su\u1ea5t v\u01b0\u1ee3t tr\u1ed9i.<\/p>\n<p><img decoding=\"async\" title=\"Xi lanh th\u1ee7y l\u1ef1c m\u00e1y c\u00e0y tuy\u1ebft\" src=\"https:\/\/hzpt.com\/wp-content\/uploads\/2023\/11\/Snow-Plow-Hydraulic-Cylinder-1.webp\" alt=\"Xi lanh th\u1ee7y l\u1ef1c m\u00e1y c\u00e0y tuy\u1ebft\" \/><\/p>\n<h2>\u0110\u1eb7c \u0111i\u1ec3m c\u1ee7a xi lanh piston th\u1ee7y l\u1ef1c<\/h2>\n<p>Xi lanh piston th\u1ee7y l\u1ef1c m\u00e1y c\u00e0y tuy\u1ebft c\u1ee7a ch\u00fang t\u00f4i c\u00f3 nhi\u1ec1u t\u00ednh n\u0103ng \u0111\u1eb7c bi\u1ec7t, bao g\u1ed3m:<\/p>\n<ul>\n<li>B\u1ea3o h\u00e0nh m\u1ed9t n\u0103m \u0111\u1ea3m b\u1ea3o ch\u1ea5t l\u01b0\u1ee3ng v\u00e0 \u0111\u1ed9 b\u1ec1n c\u1ee7a s\u1ea3n ph\u1ea9m.<\/li>\n<li>Ch\u1ee9ng nh\u1eadn ISO 9001:2000, minh ch\u1ee9ng cho ti\u00eau chu\u1ea9n s\u1ea3n xu\u1ea5t cao.<\/li>\n<li>Thi\u1ebft k\u1ebf ti\u00eau chu\u1ea9n v\u00e0 c\u1ea5u tr\u00fac xi lanh piston, \u0111\u1ea3m b\u1ea3o kh\u1ea3 n\u0103ng t\u01b0\u01a1ng th\u00edch v\u1edbi h\u1ea7u h\u1ebft c\u00e1c m\u00e1y m\u00f3c.<\/li>\n<li>\u0110\u01b0\u1ee3c ch\u1ebf t\u1ea1o b\u1eb1ng th\u00e9p, \u0111\u1ea3m b\u1ea3o \u0111\u1ed9 b\u1ec1n v\u00e0 tu\u1ed5i th\u1ecd cao.<\/li>\n<li>L\u1ef1c \u0111\u1ea9y t\u1ed1i \u0111a l\u00e0 3000 v\u00e0 l\u1ef1c k\u00e9o t\u1ed1i \u0111a l\u00e0 20 t\u1ea5n, \u0111\u1ea3m b\u1ea3o hi\u1ec7u su\u1ea5t m\u1ea1nh m\u1ebd.<\/li>\n<li>Nhi\u1ec1u t\u00f9y ch\u1ecdn k\u00edch th\u01b0\u1edbc cho l\u1ed7 khoan, thanh truy\u1ec1n, h\u00e0nh tr\u00ecnh v\u00e0 ch\u1ed1t \u0111\u1ec3 ph\u00f9 h\u1ee3p v\u1edbi nhu c\u1ea7u c\u1ee5 th\u1ec3 c\u1ee7a b\u1ea1n.<\/li>\n<li>C\u00f3 s\u1eb5n c\u1ed5ng G\/SAE\/NPT\/M.<\/li>\n<li>M\u00e0u \u0111en b\u00f3ng b\u1ea9y l\u00e0m t\u0103ng th\u00eam v\u1ebb chuy\u00ean nghi\u1ec7p.<\/li>\n<\/ul>\n<h2>B\u1ea3o tr\u00ec v\u00e0 \u1ee9ng d\u1ee5ng c\u1ee7a xi lanh piston th\u1ee7y l\u1ef1c<\/h2>\n<p>Vi\u1ec7c b\u1ea3o tr\u00ec Xi lanh th\u1ee7y l\u1ef1c m\u00e1y c\u00e0y tuy\u1ebft c\u1ee7a ch\u00fang t\u00f4i r\u1ea5t \u0111\u01a1n gi\u1ea3n v\u00e0 d\u1ec5 d\u00e0ng, \u0111\u1ea3m b\u1ea3o tu\u1ed5i th\u1ecd v\u00e0 hi\u1ec7u su\u1ea5t t\u1ed1i \u01b0u c\u1ee7a s\u1ea3n ph\u1ea9m. V\u1edbi ch\u1ebf \u0111\u1ed9 b\u1ea3o h\u00e0nh m\u1ed9t n\u0103m cho c\u00e1c linh ki\u1ec7n c\u1ed1t l\u00f5i, bao g\u1ed3m \u1ed5 tr\u1ee5c v\u00e0 xi lanh th\u1ee7y l\u1ef1c, s\u1ea3n ph\u1ea9m c\u1ee7a ch\u00fang t\u00f4i cam k\u1ebft \u0111\u1ed9 tin c\u1eady v\u00e0 b\u1ec1n b\u1ec9. \u1ee8ng d\u1ee5ng c\u1ee7a s\u1ea3n ph\u1ea9m r\u1ea5t r\u1ed9ng r\u00e3i v\u00e0 \u0111a d\u1ea1ng, t\u1eeb x\u01b0\u1edfng s\u1eeda ch\u1eefa m\u00e1y m\u00f3c, trang tr\u1ea1i, n\u0103ng l\u01b0\u1ee3ng &amp; khai th\u00e1c m\u1ecf, s\u1ea3n xu\u1ea5t m\u00e1y m\u00f3c, v.v., khi\u1ebfn n\u00f3 tr\u1edf th\u00e0nh m\u1ed9t c\u00f4ng c\u1ee5 \u0111a n\u0103ng v\u00e0 kh\u00f4ng th\u1ec3 thi\u1ebfu trong nhi\u1ec1u ng\u00e0nh c\u00f4ng nghi\u1ec7p.<img decoding=\"async\" title=\"Xi lanh th\u1ee7y l\u1ef1c m\u00e1y c\u00e0y tuy\u1ebft\" src=\"https:\/\/hzpt.com\/wp-content\/uploads\/2023\/11\/Snow-Plow-Hydraulic-Cylinder-3.webp\" alt=\"Xi lanh th\u1ee7y l\u1ef1c m\u00e1y c\u00e0y tuy\u1ebft\" \/><\/p>\n<h2>\u01afu \u0111i\u1ec3m c\u1ee7a xi lanh lo\u1ea1i ch\u1ed1t c\u00f3 th\u1ec3 \u0111i\u1ec1u ch\u1ec9nh<\/h2>\n<p>Xi lanh lo\u1ea1i ch\u1ed1t \u0111i\u1ec1u ch\u1ec9nh, ch\u1eb3ng h\u1ea1n nh\u01b0 xi lanh piston th\u1ee7y l\u1ef1c t\u00f9y ch\u1ec9nh ch\u1ea5t l\u01b0\u1ee3ng cao cho m\u00e1y c\u00e0y tuy\u1ebft, mang l\u1ea1i nhi\u1ec1u l\u1ee3i th\u1ebf n\u1ed5i b\u1eadt trong nhi\u1ec1u \u1ee9ng d\u1ee5ng kh\u00e1c nhau. Nh\u1eefng xi lanh n\u00e0y \u0111\u01b0\u1ee3c thi\u1ebft k\u1ebf v\u1edbi c\u00e1c t\u00ednh n\u0103ng chuy\u00ean bi\u1ec7t gi\u00fap n\u00e2ng cao ch\u1ee9c n\u0103ng v\u00e0 hi\u1ec7u su\u1ea5t, khi\u1ebfn ch\u00fang tr\u1edf th\u00e0nh l\u1ef1a ch\u1ecdn ph\u1ed5 bi\u1ebfn trong nhi\u1ec1u ng\u00e0nh c\u00f4ng nghi\u1ec7p. D\u01b0\u1edbi \u0111\u00e2y l\u00e0 m\u1ed9t s\u1ed1 \u01b0u \u0111i\u1ec3m ch\u00ednh c\u1ee7a xi lanh lo\u1ea1i ch\u1ed1t \u0111i\u1ec1u ch\u1ec9nh:<\/p>\n<p>1. T\u00ednh linh ho\u1ea1t cao: Xi lanh lo\u1ea1i ch\u1ed1t c\u00f3 th\u1ec3 \u0111i\u1ec1u ch\u1ec9nh mang l\u1ea1i t\u00ednh linh ho\u1ea1t cao v\u1ec1 c\u00e1c t\u00f9y ch\u1ecdn l\u1eafp \u0111\u1eb7t. Thi\u1ebft k\u1ebf ch\u1ed1t c\u00f3 th\u1ec3 \u0111i\u1ec1u ch\u1ec9nh cho ph\u00e9p d\u1ec5 d\u00e0ng g\u1eafn v\u00e0o c\u00e1c thi\u1ebft b\u1ecb ho\u1eb7c m\u00e1y m\u00f3c kh\u00e1c nhau, mang \u0111\u1ebfn gi\u1ea3i ph\u00e1p linh ho\u1ea1t cho nhi\u1ec1u \u1ee9ng d\u1ee5ng kh\u00e1c nhau. T\u00ednh linh ho\u1ea1t n\u00e0y lo\u1ea1i b\u1ecf nhu c\u1ea7u s\u1eed d\u1ee5ng gi\u00e1 \u0111\u1ee1 t\u00f9y ch\u1ec9nh, gi\u00fap ti\u1ebft ki\u1ec7m th\u1eddi gian v\u00e0 chi ph\u00ed l\u1eafp \u0111\u1eb7t.<\/p>\n<p>2. \u0110i\u1ec1u ch\u1ec9nh \u0111\u1ed9 d\u00e0i ch\u00ednh x\u00e1c: M\u1ed9t trong nh\u1eefng \u01b0u \u0111i\u1ec3m n\u1ed5i b\u1eadt c\u1ee7a xi lanh lo\u1ea1i ch\u1ed1t \u0111i\u1ec1u ch\u1ec9nh l\u00e0 kh\u1ea3 n\u0103ng \u0111i\u1ec1u ch\u1ec9nh \u0111\u1ed9 d\u00e0i xi lanh theo y\u00eau c\u1ea7u c\u1ee5 th\u1ec3. T\u00ednh n\u0103ng n\u00e0y cho ph\u00e9p \u0111\u1ecbnh v\u1ecb ch\u00ednh x\u00e1c, \u0111\u1ea3m b\u1ea3o hi\u1ec7u su\u1ea5t v\u00e0 ch\u1ee9c n\u0103ng t\u1ed1i \u01b0u. B\u1eb1ng c\u00e1ch \u0111i\u1ec1u ch\u1ec9nh \u0111\u1ed9 d\u00e0i d\u1ec5 d\u00e0ng, xi lanh c\u00f3 th\u1ec3 th\u00edch \u1ee9ng v\u1edbi c\u00e1c \u0111\u1ed9 d\u00e0i h\u00e0nh tr\u00ecnh kh\u00e1c nhau, ph\u00f9 h\u1ee3p v\u1edbi nhi\u1ec1u c\u00f4ng vi\u1ec7c kh\u00e1c nhau.<\/p>\n<p>3. Hi\u1ec7u su\u1ea5t t\u1ed1i \u01b0u: Xi lanh lo\u1ea1i ch\u1ed1t \u0111i\u1ec1u ch\u1ec9nh \u0111\u01b0\u1ee3c thi\u1ebft k\u1ebf \u0111\u1ec3 mang l\u1ea1i hi\u1ec7u su\u1ea5t ch\u1ea5t l\u01b0\u1ee3ng cao trong \u0111i\u1ec1u ki\u1ec7n kh\u1eafc nghi\u1ec7t. C\u00e1c xi lanh n\u00e0y \u0111\u01b0\u1ee3c ch\u1ebf t\u1ea1o v\u1edbi c\u00f4ng ngh\u1ec7 l\u00e0m k\u00edn ti\u00ean ti\u1ebfn, \u0111\u1ea3m b\u1ea3o ho\u1ea1t \u0111\u1ed9ng \u0111\u00e1ng tin c\u1eady v\u00e0 hi\u1ec7u qu\u1ea3 ngay c\u1ea3 trong m\u00f4i tr\u01b0\u1eddng kh\u1eafc nghi\u1ec7t. Vi\u1ec7c s\u1ea3n xu\u1ea5t ch\u00ednh x\u00e1c v\u00e0 s\u1eed d\u1ee5ng v\u1eadt li\u1ec7u ch\u1ea5t l\u01b0\u1ee3ng cao g\u00f3p ph\u1ea7n v\u00e0o \u0111\u1ed9 b\u1ec1n v\u00e0 tu\u1ed5i th\u1ecd c\u1ee7a c\u00e1c xi lanh n\u00e0y.<\/p>\n<p>4. T\u0103ng kh\u1ea3 n\u0103ng ch\u1ecbu t\u1ea3i: M\u1ed9t l\u1ee3i th\u1ebf kh\u00e1c c\u1ee7a vi\u1ec7c s\u1eed d\u1ee5ng xi lanh lo\u1ea1i ch\u1ed1t \u0111i\u1ec1u ch\u1ec9nh \u0111\u01b0\u1ee3c l\u00e0 kh\u1ea3 n\u0103ng ch\u1ecbu t\u1ea3i tr\u1ecdng n\u1eb7ng. Nh\u1eefng xi lanh n\u00e0y \u0111\u01b0\u1ee3c thi\u1ebft k\u1ebf \u0111\u1ec3 cung c\u1ea5p kh\u1ea3 n\u0103ng n\u00e2ng v\u00e0 \u0111\u1ea9y m\u1ea1nh m\u1ebd, ph\u00f9 h\u1ee3p cho c\u00e1c \u1ee9ng d\u1ee5ng \u0111\u00f2i h\u1ecfi l\u1ef1c l\u1edbn. K\u1ebft c\u1ea5u ch\u1eafc ch\u1eafn v\u00e0 k\u1ef9 thu\u1eadt ch\u00ednh x\u00e1c cho ph\u00e9p xi lanh ch\u1ecbu \u0111\u01b0\u1ee3c t\u1ea3i tr\u1ecdng n\u1eb7ng m\u00e0 kh\u00f4ng \u1ea3nh h\u01b0\u1edfng \u0111\u1ebfn hi\u1ec7u su\u1ea5t ho\u1eb7c \u0111\u1ed9 an to\u00e0n.<\/p>\n<p>5. C\u00e1c t\u00ednh n\u0103ng an to\u00e0n \u0111\u01b0\u1ee3c c\u1ea3i ti\u1ebfn: Xi lanh lo\u1ea1i ch\u1ed1t \u0111i\u1ec1u ch\u1ec9nh \u01b0u ti\u00ean an to\u00e0n b\u1eb1ng c\u00e1ch t\u00edch h\u1ee3p nhi\u1ec1u t\u00ednh n\u0103ng kh\u00e1c nhau \u0111\u1ec3 ng\u0103n ng\u1eeba tai n\u1ea1n ho\u1eb7c h\u01b0 h\u1ecfng. C\u00e1c xi lanh n\u00e0y th\u01b0\u1eddng \u0111\u01b0\u1ee3c t\u00edch h\u1ee3p kh\u00f3a an to\u00e0n ho\u1eb7c c\u01a1 ch\u1ebf \u0111\u1ec3 \u0111\u1ea3m b\u1ea3o l\u1eafp \u0111\u1eb7t ch\u1eafc ch\u1eafn v\u00e0 ng\u0103n ng\u1eeba chuy\u1ec3n \u0111\u1ed9ng ngo\u00e0i \u00fd mu\u1ed1n. Ngo\u00e0i ra, m\u1ed9t s\u1ed1 m\u1eabu c\u00f3 th\u1ec3 c\u00f3 h\u1ec7 th\u1ed1ng b\u1ea3o v\u1ec7 qu\u00e1 t\u1ea3i ho\u1eb7c van gi\u1ea3m \u00e1p \u0111\u1ec3 b\u1ea3o v\u1ec7 ch\u1ed1ng l\u1ea1i l\u1ef1c ho\u1eb7c \u00e1p su\u1ea5t qu\u00e1 m\u1ee9c.<\/p>\n<p>T\u00f3m l\u1ea1i, xi lanh lo\u1ea1i ch\u1ed1t \u0111i\u1ec1u ch\u1ec9nh, ch\u1eb3ng h\u1ea1n nh\u01b0 xi lanh piston th\u1ee7y l\u1ef1c m\u00e1y c\u00e0y tuy\u1ebft t\u00f9y ch\u1ec9nh ch\u1ea5t l\u01b0\u1ee3ng cao, mang l\u1ea1i nhi\u1ec1u \u01b0u \u0111i\u1ec3m khi\u1ebfn ch\u00fang tr\u1edf th\u00e0nh l\u1ef1a ch\u1ecdn \u01b0u ti\u00ean trong nhi\u1ec1u \u1ee9ng d\u1ee5ng. T\u00ednh linh ho\u1ea1t trong c\u00e1c t\u00f9y ch\u1ecdn l\u1eafp \u0111\u1eb7t, kh\u1ea3 n\u0103ng \u0111i\u1ec1u ch\u1ec9nh chi\u1ec1u d\u00e0i ch\u00ednh x\u00e1c, hi\u1ec7u su\u1ea5t t\u1ed1i \u01b0u, kh\u1ea3 n\u0103ng ch\u1ecbu t\u1ea3i t\u0103ng v\u00e0 c\u00e1c t\u00ednh n\u0103ng an to\u00e0n \u0111\u01b0\u1ee3c c\u1ea3i thi\u1ec7n g\u00f3p ph\u1ea7n v\u00e0o s\u1ef1 ph\u1ed5 bi\u1ebfn c\u1ee7a ch\u00fang. Cho d\u00f9 \u0111\u01b0\u1ee3c s\u1eed d\u1ee5ng trong m\u00e1y c\u00e0y tuy\u1ebft, thi\u1ebft b\u1ecb x\u00e2y d\u1ef1ng hay m\u00e1y m\u00f3c c\u00f4ng nghi\u1ec7p kh\u00e1c, nh\u1eefng xi lanh n\u00e0y cung c\u1ea5p n\u0103ng l\u01b0\u1ee3ng th\u1ee7y l\u1ef1c \u0111\u00e1ng tin c\u1eady v\u00e0 hi\u1ec7u qu\u1ea3 cho nhi\u1ec1u nhi\u1ec7m v\u1ee5 kh\u00e1c nhau.<\/p>\n<h3>Gi\u1edbi thi\u1ec7u v\u1ec1 xi lanh th\u1ee7y l\u1ef1c FMP<\/h3>\n<p>FMP l\u00e0 c\u00f4ng ty cung c\u1ea5p cho kh\u00e1ch h\u00e0ng c\u00e1c lo\u1ea1i xi lanh th\u1ee7y l\u1ef1c ch\u1ea5t l\u01b0\u1ee3ng cao, \u0111\u00e1ng tin c\u1eady v\u00e0 c\u00e1c gi\u1ea3i ph\u00e1p m\u00e1y m\u00f3c to\u00e0n di\u1ec7n. Xi lanh th\u1ee7y l\u1ef1c c\u1ee7a ch\u00fang t\u00f4i \u0111\u01b0\u1ee3c s\u1eed d\u1ee5ng r\u1ed9ng r\u00e3i trong nhi\u1ec1u lo\u1ea1i m\u00e1y m\u00f3c x\u00e2y d\u1ef1ng, bao g\u1ed3m h\u1ed9p s\u1ed1 m\u00e1y n\u00f4ng nghi\u1ec7p, h\u1ed9p s\u1ed1 h\u00e0nh tinh, h\u1ed9p s\u1ed1 c\u00f4ng nghi\u1ec7p v\u00e0 ph\u1ee5 t\u00f9ng m\u00e1y n\u00f4ng nghi\u1ec7p. D\u01b0\u1edbi \u0111\u00e2y l\u00e0 5 l\u00fd do t\u1ea1i sao b\u1ea1n n\u00ean ch\u1ecdn FMP:<\/p>\n<p>1. Ti\u00eau chu\u1ea9n ch\u1ea5t l\u01b0\u1ee3ng cao: T\u1ea1i FMP, ch\u00fang t\u00f4i thi\u1ebft l\u1eadp m\u1ed1i quan h\u1ec7 h\u1ee3p t\u00e1c l\u00e2u d\u00e0i v\u00e0 \u1ed5n \u0111\u1ecbnh v\u1edbi nhi\u1ec1u nh\u00e0 cung c\u1ea5p ch\u1ea5t l\u01b0\u1ee3ng cao trong v\u00e0 ngo\u00e0i n\u01b0\u1edbc, \u0111\u1ea3m b\u1ea3o t\u1ea5t c\u1ea3 xi lanh th\u1ee7y l\u1ef1c cung c\u1ea5p \u0111\u1ec1u \u0111\u00e1p \u1ee9ng c\u00e1c ti\u00eau chu\u1ea9n ch\u1ea5t l\u01b0\u1ee3ng nghi\u00eam ng\u1eb7t. Xi lanh th\u1ee7y l\u1ef1c c\u1ee7a ch\u00fang t\u00f4i b\u1ec1n b\u1ec9, hi\u1ec7u qu\u1ea3 v\u00e0 c\u00f3 tu\u1ed5i th\u1ecd cao, gi\u00fap kh\u00e1ch h\u00e0ng ti\u1ebft ki\u1ec7m chi ph\u00ed b\u1ea3o tr\u00ec v\u00e0 s\u1eeda ch\u1eefa.<\/p>\n<p>2. \u0110\u1ed9i ng\u0169 chuy\u00ean nghi\u1ec7p: FMP s\u1edf h\u1eefu \u0111\u1ed9i ng\u0169 b\u00e1n h\u00e0ng gi\u00e0u kinh nghi\u1ec7m v\u00e0 k\u1ef9 n\u0103ng, am hi\u1ec3u xu h\u01b0\u1edbng ph\u00e1t tri\u1ec3n v\u00e0 nhu c\u1ea7u c\u1ee7a kh\u00e1ch h\u00e0ng trong ng\u00e0nh m\u00e1y m\u00f3c x\u00e2y d\u1ef1ng. H\u1ecd c\u00f3 th\u1ec3 t\u01b0 v\u1ea5n s\u1ea3n ph\u1ea9m chuy\u00ean nghi\u1ec7p v\u00e0 \u0111\u01b0a ra nh\u1eefng g\u1ee3i \u00fd mua h\u00e0ng th\u00f4ng minh, gi\u00fap kh\u00e1ch h\u00e0ng l\u1ef1a ch\u1ecdn xi lanh th\u1ee7y l\u1ef1c ph\u00f9 h\u1ee3p nh\u1ea5t v\u1edbi m\u00e1y m\u00f3c c\u1ee7a m\u00ecnh.<\/p>\n<p>3. Ph\u1ea1m vi s\u1ea3n ph\u1ea9m r\u1ed9ng: Ph\u1ea1m vi s\u1ea3n ph\u1ea9m c\u1ee7a FMP r\u1ea5t \u0111a d\u1ea1ng, bao g\u1ed3m nhi\u1ec1u lo\u1ea1i xi lanh th\u1ee7y l\u1ef1c kh\u00e1c nhau nh\u01b0 xi lanh ki\u1ec3u ch\u1ed1t \u0111i\u1ec1u ch\u1ec9nh, xi lanh \u1ed1ng l\u1ed3ng v\u00e0 xi lanh th\u1ee7y l\u1ef1c h\u00e0n. Ch\u00fang t\u00f4i c\u0169ng cung c\u1ea5p m\u1ed9t lo\u1ea1t c\u00e1c ph\u1ee5 ki\u1ec7n cao c\u1ea5p ph\u00f9 h\u1ee3p v\u1edbi ch\u00fang, ch\u1eb3ng h\u1ea1n nh\u01b0 b\u01a1m th\u1ee7y l\u1ef1c, van v\u00e0 b\u1ed9 l\u1ecdc, \u0111\u1ec3 \u0111\u00e1p \u1ee9ng c\u00e1c nhu c\u1ea7u kh\u00e1c nhau c\u1ee7a kh\u00e1ch h\u00e0ng.<\/p>\n<p>4. Ph\u00e2n ph\u1ed1i h\u1eadu c\u1ea7n hi\u1ec7u qu\u1ea3: FMP s\u1edf h\u1eefu h\u1ec7 th\u1ed1ng ph\u00e2n ph\u1ed1i h\u1eadu c\u1ea7n hi\u1ec7u qu\u1ea3, \u0111\u1ea3m b\u1ea3o kh\u00e1ch h\u00e0ng nh\u1eadn \u0111\u01b0\u1ee3c xi lanh th\u1ee7y l\u1ef1c c\u1ea7n thi\u1ebft m\u1ed9t c\u00e1ch k\u1ecbp th\u1eddi v\u00e0 ch\u00ednh x\u00e1c. Ch\u00fang t\u00f4i cung c\u1ea5p d\u1ecbch v\u1ee5 v\u1eadn chuy\u1ec3n nhanh ch\u00f3ng v\u00e0 \u0111\u00e1ng tin c\u1eady, gi\u00fap ti\u1ebft ki\u1ec7m th\u1eddi gian v\u00e0 tr\u00e1nh t\u1ed5n th\u1ea5t do ch\u1eadm tr\u1ec5.<\/p>\n<p>5. D\u1ecbch v\u1ee5 h\u1eadu m\u00e3i chuy\u00ean nghi\u1ec7p: FMP cam k\u1ebft cung c\u1ea5p cho kh\u00e1ch h\u00e0ng d\u1ecbch v\u1ee5 h\u1eadu m\u00e3i chuy\u00ean nghi\u1ec7p. N\u1ebfu kh\u00e1ch h\u00e0ng c\u00f3 b\u1ea5t k\u1ef3 th\u1eafc m\u1eafc ho\u1eb7c v\u1ea5n \u0111\u1ec1 n\u00e0o trong qu\u00e1 tr\u00ecnh s\u1eed d\u1ee5ng xi lanh th\u1ee7y l\u1ef1c c\u1ee7a ch\u00fang t\u00f4i, \u0111\u1ed9i ng\u0169 h\u1eadu m\u00e3i c\u1ee7a ch\u00fang t\u00f4i s\u1ebd cung c\u1ea5p gi\u1ea3i ph\u00e1p k\u1ecbp th\u1eddi v\u00e0 hi\u1ec7u qu\u1ea3 \u0111\u1ec3 \u0111\u1ea3m b\u1ea3o m\u00e1y m\u00f3c c\u1ee7a kh\u00e1ch h\u00e0ng ho\u1ea1t \u0111\u1ed9ng tr\u01a1n tru.<\/p>\n<p><img decoding=\"async\" src=\"https:\/\/fmp-components.com\/wp-content\/uploads\/2024\/12\/Adjustable-Clevis-Type-Cylinders-6.webp\" alt=\"Xi lanh lo\u1ea1i Clevis c\u00f3 th\u1ec3 \u0111i\u1ec1u ch\u1ec9nh\" width=\"829\" title=\"\"><\/p>\n<p>Ch\u1ecdn FMP, ch\u1ecdn xi lanh th\u1ee7y l\u1ef1c ch\u1ea5t l\u01b0\u1ee3ng cao v\u00e0 \u0111\u00e1ng tin c\u1eady cho m\u00e1y m\u00f3c x\u00e2y d\u1ef1ng c\u1ee7a b\u1ea1n.<\/p>\n<h2>C\u00e2u h\u1ecfi th\u01b0\u1eddng g\u1eb7p<\/h2>\n<h3>Q: B\u1ea1n l\u00e0 c\u00f4ng ty th\u01b0\u01a1ng m\u1ea1i hay nh\u00e0 s\u1ea3n xu\u1ea5t?<\/h3>\n<p>A: Ch\u00fang t\u00f4i l\u00e0 nh\u00e0 s\u1ea3n xu\u1ea5t.<\/p>\n<h3>Q: Th\u1eddi gian giao h\u00e0ng c\u1ee7a b\u1ea1n l\u00e0 bao l\u00e2u?<\/h3>\n<p>A: Th\u00f4ng th\u01b0\u1eddng, th\u1eddi gian giao h\u00e0ng c\u1ee7a ch\u00fang t\u00f4i l\u00e0 25-35 ng\u00e0y.<\/p>\n<h3>H: B\u1ea1n c\u00f3 cung c\u1ea5p m\u1eabu th\u1eed kh\u00f4ng? M\u1eabu mi\u1ec5n ph\u00ed hay t\u00ednh th\u00eam ph\u00ed?<\/h3>\n<p>A: C\u00f3, ch\u00fang t\u00f4i cung c\u1ea5p m\u1eabu nh\u01b0ng kh\u00f4ng mi\u1ec5n ph\u00ed.<\/p>\n<p>T\u00e1c gi\u1ea3: CX<\/p>","protected":false},"excerpt":{"rendered":"<p>High Quality Customized Snow Plow Hydraulic Piston CylinderHigh Quality Customized Snow Plow Hydraulic Piston Cylinder is a must-have for anyone who wants to ensure a smooth and efficient snow plowing experience. This product is designed to provide the highest level of performance and reliability in even the harshest conditions. Crafted from the finest materials and [&hellip;]<\/p>","protected":false},"featured_media":1503,"comment_status":"closed","ping_status":"closed","template":"","meta":{"_et_pb_use_builder":"","_et_pb_old_content":"","_et_gb_content_width":""},"product_brand":[],"product_cat":[42],"product_tag":[34,44],"class_list":{"0":"post-1502","1":"product","2":"type-product","3":"status-publish","4":"has-post-thumbnail","6":"product_cat-snow-plow-hydraulic-cylinder","7":"product_tag-hydraulic-cylinder","8":"product_tag-snow-plow-hydraulic-cylinder","10":"first","11":"instock","12":"product-type-simple"},"_links":{"self":[{"href":"https:\/\/fmp-components.com\/vi\/wp-json\/wp\/v2\/product\/1502","targetHints":{"allow":["GET"]}}],"collection":[{"href":"https:\/\/fmp-components.com\/vi\/wp-json\/wp\/v2\/product"}],"about":[{"href":"https:\/\/fmp-components.com\/vi\/wp-json\/wp\/v2\/types\/product"}],"replies":[{"embeddable":true,"href":"https:\/\/fmp-components.com\/vi\/wp-json\/wp\/v2\/comments?post=1502"}],"wp:featuredmedia":[{"embeddable":true,"href":"https:\/\/fmp-components.com\/vi\/wp-json\/wp\/v2\/media\/1503"}],"wp:attachment":[{"href":"https:\/\/fmp-components.com\/vi\/wp-json\/wp\/v2\/media?parent=1502"}],"wp:term":[{"taxonomy":"product_brand","embeddable":true,"href":"https:\/\/fmp-components.com\/vi\/wp-json\/wp\/v2\/product_brand?post=1502"},{"taxonomy":"product_cat","embeddable":true,"href":"https:\/\/fmp-components.com\/vi\/wp-json\/wp\/v2\/product_cat?post=1502"},{"taxonomy":"product_tag","embeddable":true,"href":"https:\/\/fmp-components.com\/vi\/wp-json\/wp\/v2\/product_tag?post=1502"}],"curies":[{"name":"wp","href":"https:\/\/api.w.org\/{rel}","templated":true}]}}