{"id":1500,"date":"2024-12-23T05:50:37","date_gmt":"2024-12-23T05:50:37","guid":{"rendered":"https:\/\/fmp-components.com\/product\/new-model-snow-plow-stainless-steel-hydraulic-cylinder-double-acting\/"},"modified":"2024-12-23T06:22:27","modified_gmt":"2024-12-23T06:22:27","slug":"new-model-snow-plow-stainless-steel-hydraulic-cylinder-double-acting","status":"publish","type":"product","link":"https:\/\/fmp-components.com\/vi\/product\/new-model-snow-plow-stainless-steel-hydraulic-cylinder-double-acting\/","title":{"rendered":"M\u00e1y c\u00e0y tuy\u1ebft m\u1eabu m\u1edbi b\u1eb1ng th\u00e9p kh\u00f4ng g\u1ec9 xi lanh th\u1ee7y l\u1ef1c t\u00e1c \u0111\u1ed9ng k\u00e9p"},"content":{"rendered":"<h2>M\u00e1y c\u00e0y tuy\u1ebft m\u1eabu m\u1edbi b\u1eb1ng th\u00e9p kh\u00f4ng g\u1ec9 xi lanh th\u1ee7y l\u1ef1c t\u00e1c \u0111\u1ed9ng k\u00e9p<\/h2>\n<p>Gi\u1edbi thi\u1ec7u m\u1eabu m\u00e1y c\u00e0y tuy\u1ebft m\u1edbi b\u1eb1ng xi lanh th\u1ee7y l\u1ef1c th\u00e9p kh\u00f4ng g\u1ec9 t\u00e1c \u0111\u1ed9ng k\u00e9p:<\/p>\n<p>Xi lanh th\u1ee7y l\u1ef1c hai t\u00e1c \u0111\u1ed9ng b\u1eb1ng th\u00e9p kh\u00f4ng g\u1ec9 ki\u1ec3u m\u1edbi c\u1ee7a m\u00e1y c\u00e0y tuy\u1ebft l\u00e0 s\u1ea3n ph\u1ea9m ch\u1ea5t l\u01b0\u1ee3ng cao \u0111\u01b0\u1ee3c thi\u1ebft k\u1ebf chuy\u00ean d\u1ee5ng cho m\u00e1y c\u00e0y tuy\u1ebft. Xi lanh n\u00e0y \u0111\u01b0\u1ee3c l\u00e0m b\u1eb1ng th\u00e9p kh\u00f4ng g\u1ec9, \u0111\u1ea3m b\u1ea3o \u0111\u1ed9 b\u1ec1n v\u00e0 kh\u1ea3 n\u0103ng ch\u1ed1ng \u0103n m\u00f2n ngay c\u1ea3 trong \u0111i\u1ec1u ki\u1ec7n th\u1eddi ti\u1ebft kh\u1eafc nghi\u1ec7t.<\/p>\n<p>V\u1edbi thi\u1ebft k\u1ebf t\u00e1c \u0111\u1ed9ng k\u00e9p, xi lanh th\u1ee7y l\u1ef1c n\u00e0y mang l\u1ea1i hi\u1ec7u qu\u1ea3 v\u00e0 hi\u1ec7u su\u1ea5t v\u01b0\u1ee3t tr\u1ed9i. N\u00f3 c\u00f3 kh\u1ea3 n\u0103ng v\u1eeba \u0111\u1ea9y v\u1eeba k\u00e9o, cung c\u1ea5p l\u1ef1c c\u1ea7n thi\u1ebft \u0111\u1ec3 di chuy\u1ec3n tuy\u1ebft v\u00e0 c\u00e1c m\u1ea3nh v\u1ee5n kh\u00e1c m\u1ed9t c\u00e1ch hi\u1ec7u qu\u1ea3. T\u00ednh n\u0103ng t\u00e1c \u0111\u1ed9ng k\u00e9p cho ph\u00e9p \u0111i\u1ec1u ch\u1ec9nh nhanh h\u01a1n v\u00e0 ch\u00ednh x\u00e1c h\u01a1n, l\u00fd t\u01b0\u1edfng cho ng\u01b0\u1eddi v\u1eadn h\u00e0nh m\u00e1y c\u00e0y tuy\u1ebft c\u1ea7n l\u00e0m vi\u1ec7c hi\u1ec7u qu\u1ea3 trong m\u00f4i tr\u01b0\u1eddng kh\u1eafc nghi\u1ec7t.<\/p>\n<p>Xi lanh th\u1ee7y l\u1ef1c n\u00e0y \u0111\u01b0\u1ee3c thi\u1ebft k\u1ebf \u0111\u1ec3 mang l\u1ea1i hi\u1ec7u su\u1ea5t v\u00e0 \u0111\u1ed9 tin c\u1eady v\u01b0\u1ee3t tr\u1ed9i. S\u1ea3n ph\u1ea9m \u0111\u01b0\u1ee3c trang b\u1ecb c\u00f4ng ngh\u1ec7 l\u00e0m k\u00edn ti\u00ean ti\u1ebfn, \u0111\u1ea3m b\u1ea3o ho\u1ea1t \u0111\u1ed9ng kh\u00f4ng r\u00f2 r\u1ec9 v\u00e0 k\u00e9o d\u00e0i tu\u1ed5i th\u1ecd c\u1ee7a xi lanh. K\u1ebft c\u1ea5u th\u00e9p kh\u00f4ng g\u1ec9 t\u0103ng c\u01b0\u1eddng \u0111\u1ed9 b\u1ec1n, gi\u00fap xi lanh c\u00f3 th\u1ec3 ch\u1ecbu \u0111\u01b0\u1ee3c t\u1ea3i tr\u1ecdng l\u1edbn trong th\u1eddi gian d\u00e0i.<\/p>\n<p>Xi lanh th\u1ee7y l\u1ef1c hai t\u00e1c \u0111\u1ed9ng b\u1eb1ng th\u00e9p kh\u00f4ng g\u1ec9 ki\u1ec3u m\u1edbi c\u1ee7a m\u00e1y c\u00e0y tuy\u1ebft d\u1ec5 l\u1eafp \u0111\u1eb7t v\u00e0 t\u01b0\u01a1ng th\u00edch v\u1edbi nhi\u1ec1u h\u1ec7 th\u1ed1ng c\u00e0y tuy\u1ebft kh\u00e1c nhau. Thi\u1ebft k\u1ebf nh\u1ecf g\u1ecdn cho ph\u00e9p t\u00edch h\u1ee3p li\u1ec1n m\u1ea1ch, \u0111\u1ea3m b\u1ea3o v\u1eadn h\u00e0nh tr\u01a1n tru v\u00e0 gi\u1ea3m thi\u1ec3u th\u1eddi gian ch\u1ebft. Cho d\u00f9 b\u1ea1n l\u00e0 ng\u01b0\u1eddi v\u1eadn h\u00e0nh m\u00e1y c\u00e0y tuy\u1ebft chuy\u00ean nghi\u1ec7p hay ch\u1ee7 nh\u00e0 \u0111ang d\u1ecdn d\u1eb9p \u0111\u01b0\u1eddng l\u00e1i xe, xi lanh th\u1ee7y l\u1ef1c n\u00e0y l\u00e0 m\u1ed9t l\u1ef1a ch\u1ecdn \u0111\u00e1ng tin c\u1eady.<\/p>\n<p><img decoding=\"async\" title=\"Xi lanh th\u1ee7y l\u1ef1c m\u00e1y c\u00e0y tuy\u1ebft\" src=\"https:\/\/hzpt.com\/wp-content\/uploads\/2023\/11\/Snow-Plow-Hydraulic-Cylinder-2.webp\" alt=\"Xi lanh th\u1ee7y l\u1ef1c m\u00e1y c\u00e0y tuy\u1ebft\" \/><\/p>\n<p>C\u00e1c t\u00ednh n\u0103ng ch\u00ednh:<br \/>\n\u2013 \u0110\u01b0\u1ee3c l\u00e0m b\u1eb1ng th\u00e9p kh\u00f4ng g\u1ec9 c\u00f3 \u0111\u1ed9 b\u1ec1n v\u00e0 kh\u1ea3 n\u0103ng ch\u1ed1ng \u0103n m\u00f2n<br \/>\n\u2013 Thi\u1ebft k\u1ebf t\u00e1c \u0111\u1ed9ng k\u00e9p gi\u00fap t\u0103ng c\u01b0\u1eddng hi\u1ec7u qu\u1ea3 v\u00e0 hi\u1ec7u su\u1ea5t<br \/>\n\u2013 C\u00f4ng ngh\u1ec7 ni\u00eam phong ti\u00ean ti\u1ebfn gi\u00fap ho\u1ea1t \u0111\u1ed9ng kh\u00f4ng b\u1ecb r\u00f2 r\u1ec9<br \/>\n\u2013 D\u1ec5 d\u00e0ng l\u1eafp \u0111\u1eb7t v\u00e0 t\u01b0\u01a1ng th\u00edch v\u1edbi nhi\u1ec1u h\u1ec7 th\u1ed1ng c\u00e0y tuy\u1ebft kh\u00e1c nhau<br \/>\n\u2013 Thi\u1ebft k\u1ebf nh\u1ecf g\u1ecdn, t\u00edch h\u1ee3p li\u1ec1n m\u1ea1ch v\u00e0 v\u1eadn h\u00e0nh tr\u01a1n tru<\/p>\n<p>T\u00f3m l\u1ea1i, Xi lanh th\u1ee7y l\u1ef1c t\u00e1c \u0111\u1ed9ng k\u00e9p b\u1eb1ng th\u00e9p kh\u00f4ng g\u1ec9 ki\u1ec3u m\u1edbi c\u1ee7a m\u00e1y c\u00e0y tuy\u1ebft l\u00e0 s\u1ea3n ph\u1ea9m h\u00e0ng \u0111\u1ea7u, mang l\u1ea1i hi\u1ec7u su\u1ea5t v\u00e0 \u0111\u1ed9 tin c\u1eady v\u01b0\u1ee3t tr\u1ed9i. K\u1ebft c\u1ea5u th\u00e9p kh\u00f4ng g\u1ec9, thi\u1ebft k\u1ebf t\u00e1c \u0111\u1ed9ng k\u00e9p v\u00e0 c\u00f4ng ngh\u1ec7 l\u00e0m k\u00edn ti\u00ean ti\u1ebfn gi\u00fap s\u1ea3n ph\u1ea9m tr\u1edf th\u00e0nh l\u1ef1a ch\u1ecdn \u0111\u00e1ng tin c\u1eady cho c\u00e1c \u1ee9ng d\u1ee5ng c\u00e0y tuy\u1ebft. H\u00e3y \u0111\u1ea7u t\u01b0 v\u00e0o xi lanh th\u1ee7y l\u1ef1c n\u00e0y \u0111\u1ec3 c\u1ea3i thi\u1ec7n hi\u1ec7u qu\u1ea3 c\u00e0y tuy\u1ebft v\u00e0 d\u1ec5 d\u00e0ng v\u01b0\u1ee3t qua nh\u1eefng \u0111i\u1ec1u ki\u1ec7n m\u00f9a \u0111\u00f4ng kh\u1eafc nghi\u1ec7t. Gi\u1edbi thi\u1ec7u s\u1ea3n ph\u1ea9m m\u1edbi nh\u1ea5t c\u1ee7a ch\u00fang t\u00f4i v\u1ec1 c\u00f4ng ngh\u1ec7 th\u1ee7y l\u1ef1c \u2013 Xi lanh th\u1ee7y l\u1ef1c t\u00e1c \u0111\u1ed9ng k\u00e9p b\u1eb1ng th\u00e9p kh\u00f4ng g\u1ec9 ki\u1ec3u m\u1edbi c\u1ee7a m\u00e1y c\u00e0y tuy\u1ebft. Xi lanh th\u1ee7y l\u1ef1c ho\u00e0n to\u00e0n m\u1edbi, ti\u00ean ti\u1ebfn n\u00e0y kh\u00f4ng ch\u1ec9 m\u1ea1nh m\u1ebd v\u00e0 b\u1ec1n b\u1ec9 m\u00e0 c\u00f2n \u0111\u01b0\u1ee3c trang b\u1ecb c\u01a1 ch\u1ebf t\u00e1c \u0111\u1ed9ng k\u00e9p, n\u00e2ng cao t\u00ednh linh ho\u1ea1t v\u00e0 hi\u1ec7u su\u1ea5t trong nhi\u1ec1u \u1ee9ng d\u1ee5ng c\u00f4ng nghi\u1ec7p kh\u00e1c nhau.<\/p>\n<h2>T\u00ednh n\u0103ng s\u1ea3n ph\u1ea9m<\/h2>\n<p>M\u1eabu xi lanh th\u1ee7y l\u1ef1c m\u1edbi n\u00e0y \u0111\u01b0\u1ee3c thi\u1ebft k\u1ebf \u0111\u1ec3 cung c\u1ea5p l\u1ef1c \u0111\u1ea9y t\u1ed1i \u0111a 3000 v\u00e0 l\u1ef1c k\u00e9o t\u1ed1i \u0111a 20 t\u1ea5n. N\u00f3 c\u00f3 c\u1ea5u tr\u00fac xi lanh piston ti\u00eau chu\u1ea9n v\u00e0 ho\u1ea1t \u0111\u1ed9ng b\u1eb1ng th\u1ee7y l\u1ef1c. V\u1edbi th\u00e2n l\u00e0m b\u1eb1ng th\u00e9p, xi lanh n\u00e0y \u0111\u1ea3m b\u1ea3o \u0111\u1ed9 b\u1ec1n v\u00e0 kh\u1ea3 n\u0103ng ch\u1ed1ng m\u00e0i m\u00f2n.<\/p>\n<h3>Th\u00f4ng s\u1ed1 k\u1ef9 thu\u1eadt<\/h3>\n<ol>\n<li>K\u00edch th\u01b0\u1edbc l\u1ed7 khoan: 2-6 inch<\/li>\n<li>K\u00edch th\u01b0\u1edbc thanh: 1,125-4 inch<\/li>\n<li>K\u00edch th\u01b0\u1edbc n\u00e9t: 4-100 inch<\/li>\n<li>K\u00edch th\u01b0\u1edbc ch\u1ed1t: 0,5-2 inch<\/li>\n<li>C\u1ed5ng: G\/SAE\/NPT\/M<\/li>\n<\/ol>\n<h2>B\u1ea3o tr\u00ec v\u00e0 Ch\u0103m s\u00f3c<\/h2>\n<p>Xi lanh th\u1ee7y l\u1ef1c n\u00e0y \u0111\u01b0\u1ee3c ch\u1ebf t\u1ea1o \u0111\u1ec3 ch\u1ecbu \u0111\u01b0\u1ee3c \u0111i\u1ec1u ki\u1ec7n kh\u1eafc nghi\u1ec7t, tuy nhi\u00ean, vi\u1ec7c b\u1ea3o tr\u00ec th\u01b0\u1eddng xuy\u00ean l\u00e0 ch\u00eca kh\u00f3a \u0111\u1ec3 \u0111\u1ea3m b\u1ea3o n\u00f3 ho\u1ea1t \u0111\u1ed9ng t\u1ed1t nh\u1ea5t. Ch\u00fang t\u00f4i khuy\u1ebfn ngh\u1ecb b\u1ea1n n\u00ean ki\u1ec3m tra v\u00e0 v\u1ec7 sinh th\u01b0\u1eddng xuy\u00ean \u0111\u1ec3 ng\u0103n ng\u1eeba m\u1ecdi h\u01b0 h\u1ecfng ti\u1ec1m \u1ea9n ho\u1eb7c c\u00e1c v\u1ea5n \u0111\u1ec1 v\u1ec1 hi\u1ec7u su\u1ea5t. Ngo\u00e0i ra, v\u1edbi ch\u1ebf \u0111\u1ed9 b\u1ea3o h\u00e0nh 1 n\u0103m cho c\u00e1c linh ki\u1ec7n c\u1ed1t l\u00f5i, b\u1ea1n c\u00f3 th\u1ec3 ho\u00e0n to\u00e0n y\u00ean t\u00e2m v\u1ec1 cam k\u1ebft c\u1ee7a ch\u00fang t\u00f4i v\u1ec1 ch\u1ea5t l\u01b0\u1ee3ng v\u00e0 s\u1ef1 h\u00e0i l\u00f2ng c\u1ee7a kh\u00e1ch h\u00e0ng.<\/p>\n<h2>\u01afu \u0111i\u1ec3m c\u1ee7a xi lanh lo\u1ea1i ch\u1ed1t c\u00f3 th\u1ec3 \u0111i\u1ec1u ch\u1ec9nh<\/h2>\n<p>Xi lanh lo\u1ea1i ch\u1ed1t \u0111i\u1ec1u ch\u1ec9nh l\u00e0 m\u1ed9t lo\u1ea1i xi lanh th\u1ee7y l\u1ef1c mang l\u1ea1i nhi\u1ec1u \u01b0u \u0111i\u1ec3m trong nhi\u1ec1u \u1ee9ng d\u1ee5ng kh\u00e1c nhau. Nh\u1eefng xi lanh n\u00e0y \u0111\u01b0\u1ee3c thi\u1ebft k\u1ebf v\u1edbi \u0111\u1ea7u n\u1ed1i ch\u1ed1t \u0111\u1ed9c \u0111\u00e1o, cho ph\u00e9p \u0111i\u1ec1u ch\u1ec9nh d\u1ec5 d\u00e0ng v\u00e0 linh ho\u1ea1t. Trong b\u00e0i vi\u1ebft n\u00e0y, ch\u00fang ta s\u1ebd t\u00ecm hi\u1ec3u chi ti\u1ebft v\u1ec1 nh\u1eefng \u01b0u \u0111i\u1ec3m c\u1ee7a xi lanh lo\u1ea1i ch\u1ed1t \u0111i\u1ec1u ch\u1ec9nh.<\/p>\n<h3>1. T\u00f9y ch\u1ec9nh n\u00e2ng cao<\/h3>\n<p>M\u1ed9t trong nh\u1eefng \u01b0u \u0111i\u1ec3m n\u1ed5i b\u1eadt c\u1ee7a xi lanh lo\u1ea1i ch\u1ed1t \u0111i\u1ec1u ch\u1ec9nh l\u00e0 kh\u1ea3 n\u0103ng t\u00f9y ch\u1ec9nh theo y\u00eau c\u1ea7u c\u1ee5 th\u1ec3. \u0110\u1ea7u n\u1ed1i ch\u1ed1t \u0111i\u1ec1u ch\u1ec9nh cho ph\u00e9p d\u1ec5 d\u00e0ng \u0111i\u1ec1u ch\u1ec9nh chi\u1ec1u d\u00e0i h\u00e0nh tr\u00ecnh xi lanh, cho ph\u00e9p ki\u1ec3m so\u00e1t ch\u00ednh x\u00e1c chuy\u1ec3n \u0111\u1ed9ng c\u1ee7a h\u1ec7 th\u1ed1ng th\u1ee7y l\u1ef1c. Kh\u1ea3 n\u0103ng t\u00f9y ch\u1ec9nh n\u00e2ng cao n\u00e0y \u0111\u1ea3m b\u1ea3o hi\u1ec7u su\u1ea5t v\u00e0 hi\u1ec7u qu\u1ea3 t\u1ed1i \u01b0u trong nhi\u1ec1u \u1ee9ng d\u1ee5ng kh\u00e1c nhau.<\/p>\n<h3>2. \u0110\u1ed9 b\u1ec1n \u0111\u01b0\u1ee3c c\u1ea3i thi\u1ec7n<\/h3>\n<p>Xi lanh lo\u1ea1i ch\u1ed1t \u0111i\u1ec1u ch\u1ec9nh \u0111\u01b0\u1ee3c ch\u1ebf t\u1ea1o \u0111\u1ec3 ch\u1ecbu \u0111\u01b0\u1ee3c c\u00e1c \u0111i\u1ec1u ki\u1ec7n kh\u1eafc nghi\u1ec7t v\u00e0 \u1ee9ng d\u1ee5ng n\u1eb7ng. Nh\u1eefng xi lanh n\u00e0y \u0111\u01b0\u1ee3c ch\u1ebf t\u1ea1o b\u1eb1ng v\u1eadt li\u1ec7u ch\u1ea5t l\u01b0\u1ee3ng cao, ch\u1eb3ng h\u1ea1n nh\u01b0 th\u00e9p kh\u00f4ng g\u1ec9, c\u00f3 kh\u1ea3 n\u0103ng ch\u1ed1ng \u0103n m\u00f2n v\u00e0 m\u00e0i m\u00f2n tuy\u1ec7t v\u1eddi. Vi\u1ec7c s\u1eed d\u1ee5ng th\u00e9p kh\u00f4ng g\u1ec9 trong ch\u1ebf t\u1ea1o xi lanh \u0111\u1ea3m b\u1ea3o tu\u1ed5i th\u1ecd v\u00e0 \u0111\u1ed9 b\u1ec1n c\u1ee7a ch\u00fang, khi\u1ebfn ch\u00fang tr\u1edf n\u00ean l\u00fd t\u01b0\u1edfng cho c\u00e1c m\u00f4i tr\u01b0\u1eddng kh\u1eafc nghi\u1ec7t.<\/p>\n<h3>3. T\u0103ng hi\u1ec7u qu\u1ea3<\/h3>\n<p>M\u1ed9t \u01b0u \u0111i\u1ec3m kh\u00e1c c\u1ee7a xi lanh lo\u1ea1i ch\u1ed1t \u0111i\u1ec1u ch\u1ec9nh \u0111\u01b0\u1ee3c l\u00e0 kh\u1ea3 n\u0103ng n\u00e2ng cao hi\u1ec7u su\u1ea5t t\u1ed5ng th\u1ec3 c\u1ee7a h\u1ec7 th\u1ed1ng th\u1ee7y l\u1ef1c. \u0110\u1ea7u n\u1ed1i ch\u1ed1t \u0111i\u1ec1u ch\u1ec9nh \u0111\u01b0\u1ee3c cho ph\u00e9p \u0111\u1ecbnh v\u1ecb ch\u00ednh x\u00e1c xi lanh, cho ph\u00e9p truy\u1ec1n l\u1ef1c t\u1ed1i \u01b0u v\u00e0 c\u1ea3i thi\u1ec7n kh\u1ea3 n\u0103ng x\u1eed l\u00fd t\u1ea3i. Hi\u1ec7u su\u1ea5t t\u0103ng l\u00ean n\u00e0y d\u1eabn \u0111\u1ebfn gi\u1ea3m ti\u00eau th\u1ee5 n\u0103ng l\u01b0\u1ee3ng v\u00e0 c\u1ea3i thi\u1ec7n n\u0103ng su\u1ea5t trong nhi\u1ec1u quy tr\u00ecnh c\u00f4ng nghi\u1ec7p kh\u00e1c nhau.<\/p>\n<h3>4. \u1ee8ng d\u1ee5ng \u0111a n\u0103ng<\/h3>\n<p>Xi lanh lo\u1ea1i ch\u1ed1t \u0111i\u1ec1u ch\u1ec9nh \u0111\u01b0\u1ee3c \u1ee9ng d\u1ee5ng trong nhi\u1ec1u ng\u00e0nh c\u00f4ng nghi\u1ec7p v\u00e0 l\u0129nh v\u1ef1c. T\u00ednh linh ho\u1ea1t c\u1ee7a ch\u00fang gi\u00fap ch\u00fang ph\u00f9 h\u1ee3p v\u1edbi nhi\u1ec1u nhi\u1ec7m v\u1ee5 kh\u00e1c nhau, bao g\u1ed3m x\u1eed l\u00fd v\u1eadt li\u1ec7u, thi\u1ebft b\u1ecb x\u00e2y d\u1ef1ng, h\u1ec7 th\u1ed1ng c\u00e0y tuy\u1ebft, v.v. C\u00e1c xi lanh n\u00e0y c\u00f3 th\u1ec3 d\u1ec5 d\u00e0ng t\u00edch h\u1ee3p v\u00e0o c\u00e1c h\u1ec7 th\u1ed1ng th\u1ee7y l\u1ef1c hi\u1ec7n c\u00f3, mang l\u1ea1i kh\u1ea3 n\u0103ng v\u1eadn h\u00e0nh li\u1ec1n m\u1ea1ch v\u00e0 t\u01b0\u01a1ng th\u00edch.<\/p>\n<h3>5. Kh\u1ea3 n\u0103ng t\u00e1c \u0111\u1ed9ng k\u00e9p<\/h3>\n<p>M\u1ed9t trong nh\u1eefng \u0111\u1eb7c \u0111i\u1ec3m ch\u00ednh c\u1ee7a xi lanh ki\u1ec3u ch\u1ed1t \u0111i\u1ec1u ch\u1ec9nh l\u00e0 kh\u1ea3 n\u0103ng t\u00e1c \u0111\u1ed9ng k\u00e9p. \u0110i\u1ec1u n\u00e0y c\u00f3 ngh\u0129a l\u00e0 c\u00e1c xi lanh n\u00e0y c\u00f3 th\u1ec3 t\u00e1c \u0111\u1ed9ng l\u1ef1c theo c\u1ea3 hai h\u01b0\u1edbng, cho ph\u00e9p thi\u1ebft k\u1ebf h\u1ec7 th\u1ed1ng th\u1ee7y l\u1ef1c linh ho\u1ea1t h\u01a1n. Kh\u1ea3 n\u0103ng t\u00e1c \u0111\u1ed9ng k\u00e9p c\u1ee7a c\u00e1c xi lanh n\u00e0y cho ph\u00e9p ki\u1ec3m so\u00e1t ch\u00ednh x\u00e1c chuy\u1ec3n \u0111\u1ed9ng v\u00e0 v\u1ecb tr\u00ed c\u1ee7a c\u00e1c b\u1ed9 ph\u1eadn th\u1ee7y l\u1ef1c, \u0111\u1ea3m b\u1ea3o hi\u1ec7u su\u1ea5t v\u00e0 \u0111\u1ed9 ch\u00ednh x\u00e1c t\u1ed1i \u01b0u.<\/p>\n<p>Xi lanh lo\u1ea1i ch\u1ed1t \u0111i\u1ec1u ch\u1ec9nh mang l\u1ea1i nhi\u1ec1u \u01b0u \u0111i\u1ec3m v\u1ec1 kh\u1ea3 n\u0103ng t\u00f9y ch\u1ec9nh, \u0111\u1ed9 b\u1ec1n, hi\u1ec7u qu\u1ea3, t\u00ednh linh ho\u1ea1t v\u00e0 kh\u1ea3 n\u0103ng t\u00e1c \u0111\u1ed9ng k\u00e9p. Nh\u1eefng xi lanh n\u00e0y l\u00e0 m\u1ed9t b\u1ed5 sung gi\u00e1 tr\u1ecb cho h\u1ec7 th\u1ed1ng th\u1ee7y l\u1ef1c trong nhi\u1ec1u ng\u00e0nh c\u00f4ng nghi\u1ec7p, mang l\u1ea1i hi\u1ec7u su\u1ea5t v\u00e0 \u0111\u1ed9 tin c\u1eady cao h\u01a1n. V\u1edbi c\u00e1c t\u00ednh n\u0103ng v\u00e0 l\u1ee3i \u00edch \u0111\u1ed9c \u0111\u00e1o, xi lanh lo\u1ea1i ch\u1ed1t \u0111i\u1ec1u ch\u1ec9nh ti\u1ebfp t\u1ee5c l\u00e0 l\u1ef1a ch\u1ecdn \u01b0u ti\u00ean cho c\u00e1c \u1ee9ng d\u1ee5ng \u0111\u00f2i h\u1ecfi kh\u1ea3 n\u0103ng ki\u1ec3m so\u00e1t ch\u00ednh x\u00e1c v\u00e0 t\u00ednh linh ho\u1ea1t.<\/p>\n<h3>Gi\u1edbi thi\u1ec7u v\u1ec1 FMP \u2013 B\u00e1n v\u00e0 b\u1ea3o d\u01b0\u1ee1ng xi lanh th\u1ee7y l\u1ef1c chuy\u00ean nghi\u1ec7p<\/h3>\n<p>FMP l\u00e0 m\u1ed9t c\u00f4ng ty l\u00e2u \u0111\u1eddi c\u00f3 tr\u1ee5 s\u1edf t\u1ea1i \u00dd, chuy\u00ean kinh doanh v\u00e0 b\u1ea3o d\u01b0\u1ee1ng ph\u1ee5 t\u00f9ng m\u00e1y m\u00f3c x\u00e2y d\u1ef1ng v\u00e0 m\u00e1y m\u00f3c ho\u00e0n ch\u1ec9nh. V\u1edbi nhi\u1ec1u n\u0103m kinh nghi\u1ec7m trong ng\u00e0nh v\u00e0 \u0111\u1ed9i ng\u0169 chuy\u00ean gia l\u00e0nh ngh\u1ec1, ch\u00fang t\u00f4i cung c\u1ea5p cho kh\u00e1ch h\u00e0ng c\u00e1c xi lanh th\u1ee7y l\u1ef1c ch\u1ea5t l\u01b0\u1ee3ng cao, \u0111\u00e1ng tin c\u1eady v\u00e0 c\u00e1c gi\u1ea3i ph\u00e1p m\u00e1y m\u00f3c ho\u00e0n ch\u1ec9nh.<\/p>\n<p>Sau \u0111\u00e2y l\u00e0 n\u0103m l\u00fd do t\u1ea1i sao b\u1ea1n n\u00ean ch\u1ecdn FMP cho nhu c\u1ea7u xi lanh th\u1ee7y l\u1ef1c c\u1ee7a m\u00ecnh:<\/p>\n<p>1. Nhi\u1ec1u lo\u1ea1i s\u1ea3n ph\u1ea9m: FMP cung c\u1ea5p nhi\u1ec1u lo\u1ea1i xi lanh th\u1ee7y l\u1ef1c, bao g\u1ed3m c\u1ea3 xi lanh lo\u1ea1i ch\u1ed1t c\u00f3 th\u1ec3 \u0111i\u1ec1u ch\u1ec9nh nh\u01b0 <img decoding=\"async\" src=\"https:\/\/fmp-components.com\/wp-content\/uploads\/2024\/12\/Adjustable-Clevis-Type-Cylinders-6.webp\" alt=\"Xi lanh lo\u1ea1i Clevis c\u00f3 th\u1ec3 \u0111i\u1ec1u ch\u1ec9nh\" width=\"828\" title=\"\">c\u0169ng nh\u01b0 thanh gi\u1eb1ng v\u00e0 xi lanh h\u00e0n. Ch\u00fang t\u00f4i c\u0169ng cung c\u1ea5p d\u1ecbch v\u1ee5 t\u00f9y ch\u1ec9nh \u0111\u1ec3 \u0111\u00e1p \u1ee9ng nhu c\u1ea7u c\u1ee5 th\u1ec3 c\u1ee7a kh\u00e1ch h\u00e0ng.<\/p>\n<p>2. Linh ki\u1ec7n ch\u1ea5t l\u01b0\u1ee3ng cao: Ch\u00fang t\u00f4i \u0111\u00e3 thi\u1ebft l\u1eadp m\u1ed1i quan h\u1ec7 h\u1ee3p t\u00e1c l\u00e2u d\u00e0i v\u00e0 \u1ed5n \u0111\u1ecbnh v\u1edbi nhi\u1ec1u nh\u00e0 cung c\u1ea5p ch\u1ea5t l\u01b0\u1ee3ng cao trong n\u01b0\u1edbc v\u00e0 qu\u1ed1c t\u1ebf, \u0111\u1ea3m b\u1ea3o r\u1eb1ng t\u1ea5t c\u1ea3 linh ki\u1ec7n \u0111\u01b0\u1ee3c cung c\u1ea5p \u0111\u1ec1u \u0111\u00e1p \u1ee9ng c\u00e1c ti\u00eau chu\u1ea9n ch\u1ea5t l\u01b0\u1ee3ng nghi\u00eam ng\u1eb7t.<\/p>\n<p>3. \u0110\u1ed9i ng\u0169 b\u00e1n h\u00e0ng gi\u00e0u kinh nghi\u1ec7m: \u0110\u1ed9i ng\u0169 b\u00e1n h\u00e0ng c\u1ee7a ch\u00fang t\u00f4i am hi\u1ec3u xu h\u01b0\u1edbng ph\u00e1t tri\u1ec3n v\u00e0 nhu c\u1ea7u c\u1ee7a kh\u00e1ch h\u00e0ng trong ng\u00e0nh m\u00e1y m\u00f3c x\u00e2y d\u1ef1ng. H\u1ecd c\u00f3 th\u1ec3 t\u01b0 v\u1ea5n s\u1ea3n ph\u1ea9m chuy\u00ean nghi\u1ec7p v\u00e0 \u0111\u01b0a ra nh\u1eefng g\u1ee3i \u00fd mua h\u00e0ng th\u00f4ng minh, gi\u00fap b\u1ea1n \u0111\u01b0a ra l\u1ef1a ch\u1ecdn t\u1ed1t nh\u1ea5t.<\/p>\n<p>4. Ph\u00e2n ph\u1ed1i h\u1eadu c\u1ea7n hi\u1ec7u qu\u1ea3: Ch\u00fang t\u00f4i c\u00f3 h\u1ec7 th\u1ed1ng ph\u00e2n ph\u1ed1i h\u1eadu c\u1ea7n hi\u1ec7u qu\u1ea3 \u0111\u1ea3m b\u1ea3o kh\u00e1ch h\u00e0ng nh\u1eadn \u0111\u01b0\u1ee3c c\u00e1c b\u1ed9 ph\u1eadn c\u1ea7n thi\u1ebft m\u1ed9t c\u00e1ch k\u1ecbp th\u1eddi v\u00e0 ch\u00ednh x\u00e1c.<\/p>\n<p>5. D\u1ecbch v\u1ee5 sau b\u00e1n h\u00e0ng chuy\u00ean nghi\u1ec7p: FMP cung c\u1ea5p d\u1ecbch v\u1ee5 sau b\u00e1n h\u00e0ng chuy\u00ean nghi\u1ec7p \u0111\u1ec3 \u0111\u1ea3m b\u1ea3o kh\u00e1ch h\u00e0ng c\u00f3 tr\u1ea3i nghi\u1ec7m kh\u00f4ng ph\u1ea3i lo l\u1eafng khi s\u1eed d\u1ee5ng s\u1ea3n ph\u1ea9m c\u1ee7a ch\u00fang t\u00f4i.<\/p>\n<p>Khi ch\u1ecdn FMP l\u00e0m nh\u00e0 cung c\u1ea5p xi lanh th\u1ee7y l\u1ef1c, b\u1ea1n c\u00f3 th\u1ec3 y\u00ean t\u00e2m v\u1ec1 ch\u1ea5t l\u01b0\u1ee3ng s\u1ea3n ph\u1ea9m, d\u1ecbch v\u1ee5 chuy\u00ean nghi\u1ec7p v\u00e0 l\u00e0 \u0111\u1ed1i t\u00e1c \u0111\u00e1ng tin c\u1eady cho s\u1ef1 th\u00e0nh c\u00f4ng c\u1ee7a b\u1ea1n. H\u00e3y li\u00ean h\u1ec7 v\u1edbi ch\u00fang t\u00f4i ngay h\u00f4m nay \u0111\u1ec3 t\u00ecm hi\u1ec3u th\u00eam v\u1ec1 c\u00e1ch ch\u00fang t\u00f4i c\u00f3 th\u1ec3 \u0111\u00e1p \u1ee9ng nhu c\u1ea7u xi lanh th\u1ee7y l\u1ef1c c\u1ee7a b\u1ea1n.<\/p>\n<h2>Nh\u1eefng c\u00e2u h\u1ecfi th\u01b0\u1eddng g\u1eb7p<\/h2>\n<ol>\n<li>Q: B\u1ea1n l\u00e0 c\u00f4ng ty th\u01b0\u01a1ng m\u1ea1i hay nh\u00e0 s\u1ea3n xu\u1ea5t?<br \/>\nA: Ch\u00fang t\u00f4i l\u00e0 m\u1ed9t nh\u00e0 m\u00e1y.<\/li>\n<li>Q: Th\u1eddi gian giao h\u00e0ng c\u1ee7a b\u1ea1n l\u00e0 bao l\u00e2u?<br \/>\nA: Th\u00f4ng th\u01b0\u1eddng l\u00e0 25-35 ng\u00e0y.<\/li>\n<li>H: B\u1ea1n c\u00f3 cung c\u1ea5p m\u1eabu th\u1eed kh\u00f4ng? M\u1eabu mi\u1ec5n ph\u00ed hay t\u00ednh th\u00eam ph\u00ed?<br \/>\nA: C\u00f3, ch\u00fang t\u00f4i c\u00f3 th\u1ec3 cung c\u1ea5p m\u1eabu nh\u01b0ng kh\u00f4ng mi\u1ec5n ph\u00ed.<\/li>\n<\/ol>\n<p>T\u00e1c gi\u1ea3: CX<\/p>","protected":false},"excerpt":{"rendered":"<p>New Model Snow Plow Stainless Steel Hydraulic Cylinder Double Acting Introducing the New Model Snow Plow Stainless Steel Hydraulic Cylinder Double Acting: The New Model Snow Plow Stainless Steel Hydraulic Cylinder Double Acting is a high-quality product designed specifically for snow plow applications. This cylinder is made from stainless steel, ensuring durability and resistance to [&hellip;]<\/p>","protected":false},"featured_media":1501,"comment_status":"closed","ping_status":"closed","template":"","meta":{"_et_pb_use_builder":"","_et_pb_old_content":"","_et_gb_content_width":""},"product_brand":[],"product_cat":[42],"product_tag":[34,44],"class_list":{"0":"post-1500","1":"product","2":"type-product","3":"status-publish","4":"has-post-thumbnail","6":"product_cat-snow-plow-hydraulic-cylinder","7":"product_tag-hydraulic-cylinder","8":"product_tag-snow-plow-hydraulic-cylinder","10":"first","11":"instock","12":"product-type-simple"},"_links":{"self":[{"href":"https:\/\/fmp-components.com\/vi\/wp-json\/wp\/v2\/product\/1500","targetHints":{"allow":["GET"]}}],"collection":[{"href":"https:\/\/fmp-components.com\/vi\/wp-json\/wp\/v2\/product"}],"about":[{"href":"https:\/\/fmp-components.com\/vi\/wp-json\/wp\/v2\/types\/product"}],"replies":[{"embeddable":true,"href":"https:\/\/fmp-components.com\/vi\/wp-json\/wp\/v2\/comments?post=1500"}],"wp:featuredmedia":[{"embeddable":true,"href":"https:\/\/fmp-components.com\/vi\/wp-json\/wp\/v2\/media\/1501"}],"wp:attachment":[{"href":"https:\/\/fmp-components.com\/vi\/wp-json\/wp\/v2\/media?parent=1500"}],"wp:term":[{"taxonomy":"product_brand","embeddable":true,"href":"https:\/\/fmp-components.com\/vi\/wp-json\/wp\/v2\/product_brand?post=1500"},{"taxonomy":"product_cat","embeddable":true,"href":"https:\/\/fmp-components.com\/vi\/wp-json\/wp\/v2\/product_cat?post=1500"},{"taxonomy":"product_tag","embeddable":true,"href":"https:\/\/fmp-components.com\/vi\/wp-json\/wp\/v2\/product_tag?post=1500"}],"curies":[{"name":"wp","href":"https:\/\/api.w.org\/{rel}","templated":true}]}}