{"id":1492,"date":"2024-12-23T05:50:37","date_gmt":"2024-12-23T05:50:37","guid":{"rendered":"https:\/\/fmp-components.com\/product\/new-arrival-snow-plow-stainless-steel-hydraulic-oil-cylinder\/"},"modified":"2024-12-23T06:27:49","modified_gmt":"2024-12-23T06:27:49","slug":"new-arrival-snow-plow-stainless-steel-hydraulic-oil-cylinder","status":"publish","type":"product","link":"https:\/\/fmp-components.com\/vi\/product\/new-arrival-snow-plow-stainless-steel-hydraulic-oil-cylinder\/","title":{"rendered":"M\u1edbi \u0111\u1ebfn Xi lanh d\u1ea7u th\u1ee7y l\u1ef1c b\u1eb1ng th\u00e9p kh\u00f4ng g\u1ec9 cho m\u00e1y c\u00e0y tuy\u1ebft"},"content":{"rendered":"<h2>M\u1edbi \u0111\u1ebfn Xi lanh d\u1ea7u th\u1ee7y l\u1ef1c b\u1eb1ng th\u00e9p kh\u00f4ng g\u1ec9 cho m\u00e1y c\u00e0y tuy\u1ebft<\/h2>\n<p>Xi lanh d\u1ea7u th\u1ee7y l\u1ef1c b\u1eb1ng th\u00e9p kh\u00f4ng g\u1ec9 cho m\u00e1y c\u00e0y tuy\u1ebft m\u1edbi l\u00e0 s\u1ea3n ph\u1ea9m ti\u00ean ti\u1ebfn \u0111\u01b0\u1ee3c thi\u1ebft k\u1ebf d\u00e0nh ri\u00eang cho m\u00e1y c\u00e0y tuy\u1ebft. \u0110\u01b0\u1ee3c l\u00e0m t\u1eeb th\u00e9p kh\u00f4ng g\u1ec9 ch\u1ea5t l\u01b0\u1ee3ng cao, xi lanh d\u1ea7u th\u1ee7y l\u1ef1c n\u00e0y c\u00f3 \u0111\u1ed9 b\u1ec1n v\u00e0 tu\u1ed5i th\u1ecd v\u01b0\u1ee3t tr\u1ed9i, \u0111\u1ea3m b\u1ea3o ch\u1ecbu \u0111\u01b0\u1ee3c ngay c\u1ea3 nh\u1eefng \u0111i\u1ec1u ki\u1ec7n m\u00f9a \u0111\u00f4ng kh\u1eafc nghi\u1ec7t nh\u1ea5t.<\/p>\n<p>\u0110\u01b0\u1ee3c trang b\u1ecb c\u00f4ng ngh\u1ec7 th\u1ee7y l\u1ef1c ti\u00ean ti\u1ebfn, xi lanh d\u1ea7u n\u00e0y mang l\u1ea1i hi\u1ec7u su\u1ea5t m\u1ea1nh m\u1ebd v\u00e0 \u0111\u00e1ng tin c\u1eady, cho ph\u00e9p c\u00e0y tuy\u1ebft hi\u1ec7u qu\u1ea3 v\u00e0 hi\u1ec7u su\u1ea5t cao. H\u1ec7 th\u1ed1ng th\u1ee7y l\u1ef1c c\u1ee7a n\u00f3 cho ph\u00e9p v\u1eadn h\u00e0nh tr\u01a1n tru v\u00e0 ch\u00ednh x\u00e1c, gi\u00fap ng\u01b0\u1eddi d\u00f9ng \u0111i\u1ec1u khi\u1ec3n m\u00e1y c\u00e0y d\u1ec5 d\u00e0ng v\u00e0 ch\u00ednh x\u00e1c.<\/p>\n<p>K\u1ebft c\u1ea5u th\u00e9p kh\u00f4ng g\u1ec9 c\u1ee7a b\u00ecnh d\u1ea7u n\u00e0y mang l\u1ea1i kh\u1ea3 n\u0103ng ch\u1ed1ng \u0103n m\u00f2n, g\u1ec9 s\u00e9t v\u00e0 m\u00e0i m\u00f2n tuy\u1ec7t v\u1eddi, l\u00fd t\u01b0\u1edfng \u0111\u1ec3 s\u1eed d\u1ee5ng trong m\u00f4i tr\u01b0\u1eddng tuy\u1ebft v\u00e0 b\u0103ng gi\u00e1. \u0110i\u1ec1u n\u00e0y \u0111\u1ea3m b\u1ea3o b\u00ecnh lu\u00f4n \u1edf trong t\u00ecnh tr\u1ea1ng t\u1ed1i \u01b0u trong su\u1ed1t v\u00f2ng \u0111\u1eddi, mang l\u1ea1i hi\u1ec7u su\u1ea5t \u1ed5n \u0111\u1ecbnh v\u00e0 \u0111\u00e1ng tin c\u1eady qua t\u1eebng n\u0103m.<\/p>\n<p>\u0110\u01b0\u1ee3c thi\u1ebft k\u1ebf h\u01b0\u1edbng \u0111\u1ebfn ng\u01b0\u1eddi d\u00f9ng, Xi lanh d\u1ea7u th\u1ee7y l\u1ef1c b\u1eb1ng th\u00e9p kh\u00f4ng g\u1ec9 m\u1edbi c\u1ee7a m\u00e1y c\u00e0y tuy\u1ebft d\u1ec5 d\u00e0ng l\u1eafp \u0111\u1eb7t v\u00e0 v\u1eadn h\u00e0nh. Thi\u1ebft k\u1ebf nh\u1ecf g\u1ecdn v\u00e0 nh\u1eb9 gi\u00fap vi\u1ec7c l\u1eafp \u0111\u1eb7t d\u1ec5 d\u00e0ng, c\u00f9ng v\u1edbi c\u00e1c n\u00fat \u0111i\u1ec1u khi\u1ec3n th\u00e2n thi\u1ec7n v\u1edbi ng\u01b0\u1eddi d\u00f9ng gi\u00fap vi\u1ec7c v\u1eadn h\u00e0nh tr\u1edf n\u00ean \u0111\u01a1n gi\u1ea3n v\u00e0 d\u1ec5 d\u00e0ng.<\/p>\n<p>V\u1edbi ch\u1ea5t l\u01b0\u1ee3ng v\u00e0 hi\u1ec7u su\u1ea5t v\u01b0\u1ee3t tr\u1ed9i, Xi lanh d\u1ea7u th\u1ee7y l\u1ef1c th\u00e9p kh\u00f4ng g\u1ec9 m\u1edbi c\u1ee7a m\u00e1y c\u00e0y tuy\u1ebft l\u00e0 v\u1eadt d\u1ee5ng kh\u00f4ng th\u1ec3 thi\u1ebfu cho b\u1ea5t k\u1ef3 ng\u01b0\u1eddi v\u1eadn h\u00e0nh m\u00e1y c\u00e0y tuy\u1ebft n\u00e0o. D\u00f9 b\u1ea1n l\u00e0 chuy\u00ean gia hay ch\u1ee7 nh\u00e0 \u0111ang mu\u1ed1n d\u1ecdn tuy\u1ebft tr\u00ean \u0111\u01b0\u1eddng l\u00e1i xe, s\u1ea3n ph\u1ea9m n\u00e0y s\u1ebd v\u01b0\u1ee3t qu\u00e1 mong \u0111\u1ee3i c\u1ee7a b\u1ea1n v\u00e0 gi\u00fap vi\u1ec7c c\u00e0y tuy\u1ebft tr\u1edf n\u00ean d\u1ec5 d\u00e0ng.<\/p>\n<p>H\u00e3y \u0111\u1ea7u t\u01b0 ngay h\u00f4m nay v\u00e0o Xi lanh d\u1ea7u th\u1ee7y l\u1ef1c th\u00e9p kh\u00f4ng g\u1ec9 m\u1edbi c\u1ee7a m\u00e1y c\u00e0y tuy\u1ebft v\u00e0 tr\u1ea3i nghi\u1ec7m s\u1ef1 kh\u00e1c bi\u1ec7t m\u00e0 n\u00f3 mang l\u1ea1i cho c\u00f4ng vi\u1ec7c c\u00e0y tuy\u1ebft c\u1ee7a b\u1ea1n. H\u00e3y \u0111\u00f3n \u0111\u1ea7u th\u1eddi ti\u1ebft m\u00f9a \u0111\u00f4ng v\u00e0 gi\u1eef cho m\u00f4i tr\u01b0\u1eddng xung quanh b\u1ea1n lu\u00f4n s\u1ea1ch s\u1ebd v\u00e0 an to\u00e0n v\u1edbi xi lanh d\u1ea7u th\u1ee7y l\u1ef1c h\u00e0ng \u0111\u1ea7u n\u00e0y.<\/p>\n<div>\n<h2>Gi\u1edbi thi\u1ec7u v\u1ec1 xi lanh d\u1ea7u th\u1ee7y l\u1ef1c b\u1eb1ng th\u00e9p kh\u00f4ng g\u1ec9 c\u1ee7a m\u00e1y c\u00e0y tuy\u1ebft<\/h2>\n<p>Xi lanh d\u1ea7u th\u1ee7y l\u1ef1c b\u1eb1ng th\u00e9p kh\u00f4ng g\u1ec9 Snow Plow l\u00e0 m\u1ed9t thi\u1ebft b\u1ecb ti\u00ean ti\u1ebfn s\u1ebd thay \u0111\u1ed5i c\u00e1ch b\u1ea1n qu\u1ea3n l\u00fd c\u00f4ng vi\u1ec7c c\u00e0y tuy\u1ebft. \u0110\u00e2y l\u00e0 xi lanh d\u1ea7u th\u1ee7y l\u1ef1c h\u00e0ng \u0111\u1ea7u \u0111\u01b0\u1ee3c thi\u1ebft k\u1ebf \u0111\u1ec3 mang l\u1ea1i hi\u1ec7u qu\u1ea3, \u0111\u1ed9 b\u1ec1n v\u00e0 hi\u1ec7u su\u1ea5t v\u01b0\u1ee3t tr\u1ed9i. Thi\u1ebft b\u1ecb n\u00e0y kh\u00f4ng ch\u1ec9 l\u00e0 m\u1ed9t thi\u1ebft b\u1ecb ph\u1ee5 tr\u1ee3, m\u00e0 c\u00f2n l\u00e0 m\u1ed9t kho\u1ea3n \u0111\u1ea7u t\u01b0 gi\u00fap c\u00f4ng vi\u1ec7c c\u00e0y tuy\u1ebft c\u1ee7a b\u1ea1n tr\u1edf n\u00ean d\u1ec5 d\u00e0ng v\u00e0 hi\u1ec7u qu\u1ea3 h\u01a1n.<\/p>\n<h2>T\u00ednh n\u0103ng s\u1ea3n ph\u1ea9m<\/h2>\n<ul>\n<li>Xi lanh piston k\u00edch th\u01b0\u1edbc ti\u00eau chu\u1ea9n, cao c\u1ea5p ho\u1ea1t \u0111\u1ed9ng b\u1eb1ng s\u1ee9c m\u1ea1nh th\u1ee7y l\u1ef1c<\/li>\n<li>V\u1eadt li\u1ec7u th\u00e2n th\u00e9p cho \u0111\u1ed9 b\u1ec1n v\u00e0 hi\u1ec7u su\u1ea5t l\u00e2u d\u00e0i<\/li>\n<li>L\u1ef1c \u0111\u1ea9y t\u1ed1i \u0111a 3000 v\u00e0 l\u1ef1c k\u00e9o t\u1ed1i \u0111a 20 t\u1ea5n \u0111\u1ec3 x\u1eed l\u00fd c\u00e1c nhi\u1ec7m v\u1ee5 c\u00e0y tuy\u1ebft kh\u00f3 kh\u0103n nh\u1ea5t<\/li>\n<li>K\u00edch th\u01b0\u1edbc l\u1ed7 khoan t\u1eeb 2-6 inch, k\u00edch th\u01b0\u1edbc thanh t\u1eeb 1,125-4 inch v\u00e0 k\u00edch th\u01b0\u1edbc h\u00e0nh tr\u00ecnh t\u1eeb 4-100 inch<\/li>\n<li>K\u00edch th\u01b0\u1edbc ch\u1ed1t t\u1eeb 0,5-2 inch \u0111\u1ec3 d\u1ec5 d\u00e0ng l\u1eafp \u0111\u1eb7t, s\u1eed d\u1ee5ng v\u00e0 b\u1ea3o tr\u00ec<\/li>\n<li>L\u00f5i c\u00f3 \u1ed5 tr\u1ee5c v\u00e0 xi lanh th\u1ee7y l\u1ef1c, c\u1ea3 hai \u0111\u1ec1u \u0111\u01b0\u1ee3c b\u1ea3o h\u00e0nh 1 n\u0103m<\/li>\n<\/ul>\n<\/div>\n<h2>\u01afu \u0111i\u1ec3m c\u1ee7a xi lanh lo\u1ea1i ch\u1ed1t c\u00f3 th\u1ec3 \u0111i\u1ec1u ch\u1ec9nh<\/h2>\n<ul>\n<li style=\"list-style-type: none;\">\n<ul>\n<li><strong>T\u00f9y ch\u1ec9nh:<\/strong> M\u1ed9t trong nh\u1eefng \u01b0u \u0111i\u1ec3m ch\u00ednh c\u1ee7a xi lanh lo\u1ea1i ch\u1ed1t \u0111i\u1ec1u ch\u1ec9nh \u0111\u01b0\u1ee3c l\u00e0 kh\u1ea3 n\u0103ng t\u00f9y ch\u1ec9nh \u0111\u1ec3 ph\u00f9 h\u1ee3p v\u1edbi c\u00e1c \u1ee9ng d\u1ee5ng th\u1ee7y l\u1ef1c c\u1ee5 th\u1ec3. V\u1edbi thi\u1ebft k\u1ebf ch\u1ed1t \u0111i\u1ec1u ch\u1ec9nh \u0111\u01b0\u1ee3c, ch\u00fang c\u00f3 th\u1ec3 d\u1ec5 d\u00e0ng th\u00edch \u1ee9ng v\u1edbi nhi\u1ec1u c\u1ea5u h\u00ecnh l\u1eafp \u0111\u1eb7t kh\u00e1c nhau, gi\u00fap ch\u00fang linh ho\u1ea1t v\u00e0 ph\u00f9 h\u1ee3p v\u1edbi nhi\u1ec1u \u1ee9ng d\u1ee5ng kh\u00e1c nhau.<\/li>\n<\/ul>\n<\/li>\n<\/ul>\n<p>V\u00ed d\u1ee5, Xi lanh d\u1ea7u th\u1ee7y l\u1ef1c b\u1eb1ng th\u00e9p kh\u00f4ng g\u1ec9 New Arrival Snow Plough l\u00e0 m\u1ed9t v\u00ed d\u1ee5 tuy\u1ec7t v\u1eddi v\u1ec1 xi lanh lo\u1ea1i ch\u1ed1t \u0111i\u1ec1u ch\u1ec9nh \u0111\u01b0\u1ee3c t\u00f9y ch\u1ec9nh \u0111\u1ec3 s\u1eed d\u1ee5ng trong m\u00e1y c\u00e0y tuy\u1ebft. V\u1edbi c\u1ea5u tr\u00fac b\u1eb1ng th\u00e9p kh\u00f4ng g\u1ec9, xi lanh n\u00e0y c\u00f3 kh\u1ea3 n\u0103ng ch\u1ed1ng \u0103n m\u00f2n cao v\u00e0 \u0111\u01b0\u1ee3c thi\u1ebft k\u1ebf \u0111\u1ec3 ch\u1ecbu \u0111\u01b0\u1ee3c \u0111i\u1ec1u ki\u1ec7n m\u00f9a \u0111\u00f4ng kh\u1eafc nghi\u1ec7t. Thi\u1ebft k\u1ebf ch\u1ed1t \u0111i\u1ec1u ch\u1ec9nh c\u0169ng cho ph\u00e9p d\u1ec5 d\u00e0ng l\u1eafp \u0111\u1eb7t tr\u00ean nhi\u1ec1u lo\u1ea1i m\u00e1y c\u00e0y tuy\u1ebft kh\u00e1c nhau, bi\u1ebfn n\u00f3 th\u00e0nh m\u1ed9t gi\u1ea3i ph\u00e1p \u0111a n\u0103ng cho vi\u1ec7c d\u1ecdn tuy\u1ebft.<\/p>\n<ul>\n<li style=\"list-style-type: none;\">\n<ul>\n<li><strong>Hi\u1ec7u qu\u1ea3 cao:<\/strong> M\u1ed9t \u01b0u \u0111i\u1ec3m kh\u00e1c c\u1ee7a xi lanh ki\u1ec3u ch\u1ed1t \u0111i\u1ec1u ch\u1ec9nh l\u00e0 hi\u1ec7u su\u1ea5t cao. Nh\u1edd thi\u1ebft k\u1ebf ch\u00ednh x\u00e1c v\u00e0 v\u1eadt li\u1ec7u ch\u1ea5t l\u01b0\u1ee3ng cao, ch\u00fang c\u00f3 th\u1ec3 mang l\u1ea1i hi\u1ec7u su\u1ea5t \u1ed5n \u0111\u1ecbnh v\u00e0 \u0111\u00e1ng tin c\u1eady, ngay c\u1ea3 trong c\u00e1c \u1ee9ng d\u1ee5ng kh\u1eaft khe.<\/li>\n<\/ul>\n<\/li>\n<\/ul>\n<p>V\u00ed d\u1ee5, xi lanh d\u1ea7u th\u1ee7y l\u1ef1c th\u00e9p kh\u00f4ng g\u1ec9 m\u1edbi c\u1ee7a m\u00e1y c\u00e0y tuy\u1ebft \u0111\u01b0\u1ee3c thi\u1ebft k\u1ebf \u0111\u1ec3 cung c\u1ea5p l\u1ef1c n\u00e2ng t\u1ed1i \u0111a v\u1edbi l\u1ef1c t\u1ed1i thi\u1ec3u. H\u1ec7 th\u1ed1ng th\u1ee7y l\u1ef1c \u00e1p su\u1ea5t cao \u0111\u1ea3m b\u1ea3o m\u00e1y c\u00f3 th\u1ec3 d\u1ec5 d\u00e0ng n\u00e2ng nh\u1eefng chi\u1ebfc m\u00e1y c\u00e0y tuy\u1ebft n\u1eb7ng, trong khi thi\u1ebft k\u1ebf ch\u1ed1t \u0111i\u1ec1u ch\u1ec9nh cho ph\u00e9p ki\u1ec3m so\u00e1t ch\u00ednh x\u00e1c g\u00f3c v\u00e0 v\u1ecb tr\u00ed c\u1ee7a l\u01b0\u1ee1i c\u00e0y, \u0111\u1ea3m b\u1ea3o hi\u1ec7u su\u1ea5t d\u1ecdn tuy\u1ebft t\u1ed1i \u01b0u.<\/p>\n<ul>\n<li style=\"list-style-type: none;\">\n<ul>\n<li><strong>B\u1ec1n b\u1ec9:<\/strong> Xi lanh lo\u1ea1i ch\u1ed1t \u0111i\u1ec1u ch\u1ec9nh c\u0169ng \u0111\u01b0\u1ee3c bi\u1ebft \u0111\u1ebfn v\u1edbi \u0111\u1ed9 b\u1ec1n v\u00e0 tu\u1ed5i th\u1ecd cao. Ch\u00fang \u0111\u01b0\u1ee3c ch\u1ebf t\u1ea1o \u0111\u1ec3 ch\u1ecbu \u0111\u01b0\u1ee3c \u0111i\u1ec1u ki\u1ec7n m\u00f4i tr\u01b0\u1eddng kh\u1eafc nghi\u1ec7t, nhi\u1ec7t \u0111\u1ed9 kh\u1eafc nghi\u1ec7t v\u00e0 t\u1ea3i tr\u1ecdng n\u1eb7ng, l\u00fd t\u01b0\u1edfng \u0111\u1ec3 s\u1eed d\u1ee5ng trong nhi\u1ec1u \u1ee9ng d\u1ee5ng c\u00f4ng nghi\u1ec7p.<\/li>\n<\/ul>\n<\/li>\n<\/ul>\n<p>Xi lanh d\u1ea7u th\u1ee7y l\u1ef1c b\u1eb1ng th\u00e9p kh\u00f4ng g\u1ec9 m\u1edbi c\u1ee7a m\u00e1y c\u00e0y tuy\u1ebft \u0111\u01b0\u1ee3c l\u00e0m t\u1eeb th\u00e9p kh\u00f4ng g\u1ec9 ch\u1ea5t l\u01b0\u1ee3ng cao, kh\u00f4ng ch\u1ec9 c\u00f3 kh\u1ea3 n\u0103ng ch\u1ed1ng \u0103n m\u00f2n cao m\u00e0 c\u00f2n mang l\u1ea1i \u0111\u1ed9 b\u1ec1n v\u00e0 \u0111\u1ed9 c\u1ee9ng tuy\u1ec7t v\u1eddi. H\u01a1n n\u1eefa, nh\u1edd thi\u1ebft k\u1ebf ch\u00ednh x\u00e1c v\u00e0 v\u1eadt li\u1ec7u ch\u1ea5t l\u01b0\u1ee3ng cao, s\u1ea3n ph\u1ea9m c\u00f3 th\u1ec3 ch\u1ecbu \u0111\u01b0\u1ee3c nhi\u1ec7t \u0111\u1ed9 kh\u1eafc nghi\u1ec7t v\u00e0 t\u1ea3i tr\u1ecdng n\u1eb7ng, mang \u0111\u1ebfn gi\u1ea3i ph\u00e1p \u0111\u00e1ng tin c\u1eady v\u00e0 b\u1ec1n b\u1ec9 cho vi\u1ec7c d\u1ecdn tuy\u1ebft.<\/p>\n<ul>\n<li style=\"list-style-type: none;\">\n<ul>\n<li><strong>D\u1ec5 b\u1ea3o tr\u00ec:<\/strong> Cu\u1ed1i c\u00f9ng, xi lanh lo\u1ea1i ch\u1ed1t \u0111i\u1ec1u ch\u1ec9nh \u0111\u01b0\u1ee3c thi\u1ebft k\u1ebf \u0111\u1ec3 d\u1ec5 d\u00e0ng b\u1ea3o tr\u00ec. V\u1edbi thi\u1ebft k\u1ebf \u0111\u01a1n gi\u1ea3n nh\u01b0ng ch\u1eafc ch\u1eafn, ch\u00fang c\u00f3 th\u1ec3 d\u1ec5 d\u00e0ng th\u00e1o r\u1eddi v\u00e0 b\u1ea3o d\u01b0\u1ee1ng, cho ph\u00e9p s\u1eeda ch\u1eefa v\u00e0 b\u1ea3o tr\u00ec nhanh ch\u00f3ng v\u00e0 hi\u1ec7u qu\u1ea3.<\/li>\n<\/ul>\n<\/li>\n<\/ul>\n<p>V\u00ed d\u1ee5, xi lanh d\u1ea7u th\u1ee7y l\u1ef1c b\u1eb1ng th\u00e9p kh\u00f4ng g\u1ec9 m\u1edbi c\u1ee7a m\u00e1y c\u00e0y tuy\u1ebft \u0111\u01b0\u1ee3c thi\u1ebft k\u1ebf theo c\u1ea5u tr\u00fac m\u00f4-\u0111un, gi\u00fap d\u1ec5 d\u00e0ng th\u00e1o r\u1eddi v\u00e0 thay th\u1ebf c\u00e1c b\u1ed9 ph\u1eadn ri\u00eang l\u1ebb. V\u1eadt li\u1ec7u ch\u1ea5t l\u01b0\u1ee3ng cao c\u0169ng \u0111\u1ea3m b\u1ea3o nhu c\u1ea7u b\u1ea3o tr\u00ec t\u1ed1i thi\u1ec3u, gi\u00fap \u0111\u00e2y tr\u1edf th\u00e0nh m\u1ed9t gi\u1ea3i ph\u00e1p ti\u1ebft ki\u1ec7m chi ph\u00ed cho vi\u1ec7c d\u1ecdn tuy\u1ebft.<\/p>\n<p>T\u00f3m l\u1ea1i, xi lanh lo\u1ea1i ch\u1ed1t \u0111i\u1ec1u ch\u1ec9nh mang l\u1ea1i nhi\u1ec1u \u01b0u \u0111i\u1ec3m, bao g\u1ed3m kh\u1ea3 n\u0103ng t\u00f9y ch\u1ec9nh, hi\u1ec7u qu\u1ea3, \u0111\u1ed9 b\u1ec1n v\u00e0 d\u1ec5 b\u1ea3o tr\u00ec. Xi lanh d\u1ea7u th\u1ee7y l\u1ef1c b\u1eb1ng th\u00e9p kh\u00f4ng g\u1ec9 cho m\u00e1y c\u00e0y tuy\u1ebft m\u1edbi ra m\u1eaft l\u00e0 m\u1ed9t v\u00ed d\u1ee5 tuy\u1ec7t v\u1eddi v\u1ec1 xi lanh lo\u1ea1i ch\u1ed1t \u0111i\u1ec1u ch\u1ec9nh \u0111\u01b0\u1ee3c t\u00f9y ch\u1ec9nh \u0111\u1ec3 s\u1eed d\u1ee5ng trong m\u00e1y c\u00e0y tuy\u1ebft, mang l\u1ea1i hi\u1ec7u su\u1ea5t v\u00e0 \u0111\u1ed9 tin c\u1eady v\u01b0\u1ee3t tr\u1ed9i trong \u0111i\u1ec1u ki\u1ec7n m\u00f9a \u0111\u00f4ng kh\u1eafc nghi\u1ec7t.<\/p>\n<h3>Gi\u1edbi thi\u1ec7u v\u1ec1 FMP \u2013 Nh\u00e0 s\u1ea3n xu\u1ea5t v\u00e0 cung c\u1ea5p xi lanh th\u1ee7y l\u1ef1c chuy\u00ean nghi\u1ec7p<\/h3>\n<p>FMP l\u00e0 c\u00f4ng ty chuy\u00ean s\u1ea3n xu\u1ea5t v\u00e0 kinh doanh ph\u1ee5 t\u00f9ng m\u00e1y m\u00f3c x\u00e2y d\u1ef1ng v\u00e0 m\u00e1y m\u00f3c ho\u00e0n ch\u1ec9nh ch\u1ea5t l\u01b0\u1ee3ng cao, \u0111\u00e1ng tin c\u1eady. Ch\u00fang t\u00f4i c\u00f3 nhi\u1ec1u n\u0103m kinh nghi\u1ec7m trong ng\u00e0nh v\u00e0 \u0111\u1ed9i ng\u0169 chuy\u00ean nghi\u1ec7p, \u0111\u1ea3m b\u1ea3o kh\u00e1ch h\u00e0ng nh\u1eadn \u0111\u01b0\u1ee3c s\u1ea3n ph\u1ea9m v\u00e0 d\u1ecbch v\u1ee5 t\u1ed1t nh\u1ea5t.<\/p>\n<p>Xi lanh th\u1ee7y l\u1ef1c c\u1ee7a ch\u00fang t\u00f4i l\u00e0 m\u1ed9t trong nh\u1eefng s\u1ea3n ph\u1ea9m ph\u1ed5 bi\u1ebfn nh\u1ea5t c\u1ee7a ch\u00fang t\u00f4i, v\u00e0 c\u00f3 l\u00fd do ch\u00ednh \u0111\u00e1ng. D\u01b0\u1edbi \u0111\u00e2y l\u00e0 m\u1ed9t v\u00e0i l\u00fd do t\u1ea1i sao b\u1ea1n n\u00ean ch\u1ecdn FMP l\u00e0m nh\u00e0 cung c\u1ea5p xi lanh th\u1ee7y l\u1ef1c c\u1ee7a m\u00ecnh:<\/p>\n<p>1. V\u1eadt li\u1ec7u ch\u1ea5t l\u01b0\u1ee3ng cao \u2013 Ch\u00fang t\u00f4i ch\u1ec9 s\u1eed d\u1ee5ng v\u1eadt li\u1ec7u ch\u1ea5t l\u01b0\u1ee3ng cao nh\u1ea5t \u0111\u1ec3 s\u1ea3n xu\u1ea5t xi lanh th\u1ee7y l\u1ef1c. \u0110i\u1ec1u n\u00e0y \u0111\u1ea3m b\u1ea3o \u0111\u1ed9 b\u1ec1n, \u0111\u1ed9 tin c\u1eady v\u00e0 tu\u1ed5i th\u1ecd l\u00e2u d\u00e0i.<\/p>\n<p>2. \u0110a d\u1ea1ng l\u1ef1a ch\u1ecdn \u2013 Ch\u00fang t\u00f4i cung c\u1ea5p nhi\u1ec1u lo\u1ea1i xi lanh th\u1ee7y l\u1ef1c \u0111\u1ec3 kh\u00e1ch h\u00e0ng l\u1ef1a ch\u1ecdn, bao g\u1ed3m xi lanh lo\u1ea1i ch\u1ed1t \u0111i\u1ec1u ch\u1ec9nh, xi lanh th\u1ee7y l\u1ef1c t\u00e1c \u0111\u1ed9ng k\u00e9p v\u00e0 xi lanh th\u1ee7y l\u1ef1c h\u00e0n. \u0110i\u1ec1u n\u00e0y cho ph\u00e9p kh\u00e1ch h\u00e0ng l\u1ef1a ch\u1ecdn lo\u1ea1i xi lanh ph\u00f9 h\u1ee3p nh\u1ea5t v\u1edbi nhu c\u1ea7u c\u1ee7a m\u00ecnh.<\/p>\n<p>3. T\u00f9y ch\u1ec9nh \u2013 Ch\u00fang t\u00f4i hi\u1ec3u r\u1eb1ng m\u1ed7i kh\u00e1ch h\u00e0ng \u0111\u1ec1u c\u00f3 nh\u1eefng y\u00eau c\u1ea7u ri\u00eang, \u0111\u00f3 l\u00e0 l\u00fd do t\u1ea1i sao ch\u00fang t\u00f4i cung c\u1ea5p xi lanh th\u1ee7y l\u1ef1c t\u00f9y ch\u1ec9nh \u0111\u1ec3 \u0111\u00e1p \u1ee9ng c\u00e1c nhu c\u1ea7u c\u1ee5 th\u1ec3.<\/p>\n<p>4. \u0110\u1ed9i ng\u0169 b\u00e1n h\u00e0ng chuy\u00ean nghi\u1ec7p \u2013 \u0110\u1ed9i ng\u0169 b\u00e1n h\u00e0ng gi\u00e0u kinh nghi\u1ec7m v\u00e0 k\u1ef9 n\u0103ng c\u1ee7a ch\u00fang t\u00f4i lu\u00f4n s\u1eb5n s\u00e0ng t\u01b0 v\u1ea5n s\u1ea3n ph\u1ea9m chuy\u00ean nghi\u1ec7p v\u00e0 \u0111\u01b0a ra nh\u1eefng g\u1ee3i \u00fd mua h\u00e0ng th\u00f4ng minh cho kh\u00e1ch h\u00e0ng.<\/p>\n<p>5. H\u1ec7 th\u1ed1ng ph\u00e2n ph\u1ed1i h\u1eadu c\u1ea7n hi\u1ec7u qu\u1ea3 \u2013 Ch\u00fang t\u00f4i c\u00f3 h\u1ec7 th\u1ed1ng ph\u00e2n ph\u1ed1i h\u1eadu c\u1ea7n hi\u1ec7u qu\u1ea3 \u0111\u1ea3m b\u1ea3o kh\u00e1ch h\u00e0ng nh\u1eadn \u0111\u01b0\u1ee3c xi lanh th\u1ee7y l\u1ef1c theo y\u00eau c\u1ea7u m\u1ed9t c\u00e1ch k\u1ecbp th\u1eddi v\u00e0 ch\u00ednh x\u00e1c.<\/p>\n<p><img decoding=\"async\" src=\"https:\/\/fmp-components.com\/wp-content\/uploads\/2024\/12\/Adjustable-Clevis-Type-Cylinders-6.webp\" alt=\"Xi lanh lo\u1ea1i Clevis c\u00f3 th\u1ec3 \u0111i\u1ec1u ch\u1ec9nh\" width=\"824\" title=\"\"><\/p>\n<p>B\u00ean c\u1ea1nh nh\u1eefng l\u1ee3i th\u1ebf n\u00e0y, FMP cam k\u1ebft x\u00e2y d\u1ef1ng m\u1ed1i quan h\u1ec7 h\u1ee3p t\u00e1c l\u00e2u d\u00e0i v\u00e0 \u1ed5n \u0111\u1ecbnh v\u1edbi c\u00e1c nh\u00e0 cung c\u1ea5p ch\u1ea5t l\u01b0\u1ee3ng cao trong v\u00e0 ngo\u00e0i n\u01b0\u1edbc \u0111\u1ec3 \u0111\u1ea3m b\u1ea3o t\u1ea5t c\u1ea3 c\u00e1c linh ki\u1ec7n cung c\u1ea5p \u0111\u1ec1u \u0111\u00e1p \u1ee9ng c\u00e1c ti\u00eau chu\u1ea9n ch\u1ea5t l\u01b0\u1ee3ng nghi\u00eam ng\u1eb7t. Do \u0111\u00f3, ch\u00fang t\u00f4i cam k\u1ebft xi lanh th\u1ee7y l\u1ef1c c\u1ee7a ch\u00fang t\u00f4i c\u00f3 ch\u1ea5t l\u01b0\u1ee3ng cao nh\u1ea5t v\u00e0 s\u1ebd \u0111\u00e1p \u1ee9ng nhu c\u1ea7u c\u1ee7a b\u1ea1n.<\/p>\n<p>H\u00e3y ch\u1ecdn FMP l\u00e0m nh\u00e0 s\u1ea3n xu\u1ea5t v\u00e0 cung c\u1ea5p xi lanh th\u1ee7y l\u1ef1c c\u1ee7a b\u1ea1n. Li\u00ean h\u1ec7 v\u1edbi ch\u00fang t\u00f4i ngay h\u00f4m nay \u0111\u1ec3 t\u00ecm hi\u1ec3u th\u00eam v\u1ec1 s\u1ea3n ph\u1ea9m v\u00e0 d\u1ecbch v\u1ee5 c\u1ee7a ch\u00fang t\u00f4i.<\/p>\n<h2>C\u00e2u h\u1ecfi th\u01b0\u1eddng g\u1eb7p<\/h2>\n<h3>Q: B\u1ea1n l\u00e0 c\u00f4ng ty th\u01b0\u01a1ng m\u1ea1i hay nh\u00e0 s\u1ea3n xu\u1ea5t?<\/h3>\n<p>A: Ch\u00fang t\u00f4i l\u00e0 m\u1ed9t nh\u00e0 m\u00e1y s\u1ea3n xu\u1ea5t s\u1ea3n ph\u1ea9m.<\/p>\n<h3>Q: Th\u1eddi gian giao h\u00e0ng c\u1ee7a b\u1ea1n l\u00e0 bao l\u00e2u?<\/h3>\n<p>A: Th\u00f4ng th\u01b0\u1eddng, th\u1eddi gian giao h\u00e0ng c\u1ee7a ch\u00fang t\u00f4i l\u00e0 25-35 ng\u00e0y.<\/p>\n<h3>Q: B\u1ea1n c\u00f3 cung c\u1ea5p m\u1eabu kh\u00f4ng?<\/h3>\n<p>A: C\u00f3, ch\u00fang t\u00f4i cung c\u1ea5p m\u1eabu, nh\u01b0ng ch\u00fang kh\u00f4ng mi\u1ec5n ph\u00ed.<\/p>\n<p><img decoding=\"async\" title=\"Xi lanh th\u1ee7y l\u1ef1c m\u00e1y c\u00e0y tuy\u1ebft\" src=\"https:\/\/hzpt.com\/wp-content\/uploads\/2023\/11\/Snow-Plow-Hydraulic-Cylinder-3.webp\" alt=\"Xi lanh th\u1ee7y l\u1ef1c m\u00e1y c\u00e0y tuy\u1ebft\" \/><\/p>\n<p>T\u00e1c gi\u1ea3: CX<\/p>","protected":false},"excerpt":{"rendered":"<p>New Arrival Snow Plow Stainless Steel Hydraulic Oil Cylinder The New Arrival Snow Plow Stainless Steel Hydraulic Oil Cylinder is a cutting-edge product designed specifically for snow plows. Made from high-quality stainless steel, this hydraulic oil cylinder offers exceptional durability and longevity, ensuring it can withstand even the harshest winter conditions. Equipped with advanced hydraulic [&hellip;]<\/p>","protected":false},"featured_media":1493,"comment_status":"closed","ping_status":"closed","template":"","meta":{"_et_pb_use_builder":"","_et_pb_old_content":"","_et_gb_content_width":""},"product_brand":[],"product_cat":[42],"product_tag":[34,44],"class_list":{"0":"post-1492","1":"product","2":"type-product","3":"status-publish","4":"has-post-thumbnail","6":"product_cat-snow-plow-hydraulic-cylinder","7":"product_tag-hydraulic-cylinder","8":"product_tag-snow-plow-hydraulic-cylinder","10":"first","11":"instock","12":"product-type-simple"},"_links":{"self":[{"href":"https:\/\/fmp-components.com\/vi\/wp-json\/wp\/v2\/product\/1492","targetHints":{"allow":["GET"]}}],"collection":[{"href":"https:\/\/fmp-components.com\/vi\/wp-json\/wp\/v2\/product"}],"about":[{"href":"https:\/\/fmp-components.com\/vi\/wp-json\/wp\/v2\/types\/product"}],"replies":[{"embeddable":true,"href":"https:\/\/fmp-components.com\/vi\/wp-json\/wp\/v2\/comments?post=1492"}],"wp:featuredmedia":[{"embeddable":true,"href":"https:\/\/fmp-components.com\/vi\/wp-json\/wp\/v2\/media\/1493"}],"wp:attachment":[{"href":"https:\/\/fmp-components.com\/vi\/wp-json\/wp\/v2\/media?parent=1492"}],"wp:term":[{"taxonomy":"product_brand","embeddable":true,"href":"https:\/\/fmp-components.com\/vi\/wp-json\/wp\/v2\/product_brand?post=1492"},{"taxonomy":"product_cat","embeddable":true,"href":"https:\/\/fmp-components.com\/vi\/wp-json\/wp\/v2\/product_cat?post=1492"},{"taxonomy":"product_tag","embeddable":true,"href":"https:\/\/fmp-components.com\/vi\/wp-json\/wp\/v2\/product_tag?post=1492"}],"curies":[{"name":"wp","href":"https:\/\/api.w.org\/{rel}","templated":true}]}}