{"id":1490,"date":"2024-12-23T05:50:37","date_gmt":"2024-12-23T05:50:37","guid":{"rendered":"https:\/\/fmp-components.com\/product\/competitive-price-piston-hydraulic-cylinder-double-acting\/"},"modified":"2024-12-23T06:14:10","modified_gmt":"2024-12-23T06:14:10","slug":"competitive-price-piston-hydraulic-cylinder-double-acting","status":"publish","type":"product","link":"https:\/\/fmp-components.com\/vi\/product\/competitive-price-piston-hydraulic-cylinder-double-acting\/","title":{"rendered":"Gi\u00e1 c\u1ea3 c\u1ea1nh tranh Xi lanh th\u1ee7y l\u1ef1c piston t\u00e1c \u0111\u1ed9ng k\u00e9p"},"content":{"rendered":"<h2>Gi\u1edbi thi\u1ec7u Xi lanh th\u1ee7y l\u1ef1c piston t\u00e1c \u0111\u1ed9ng k\u00e9p gi\u00e1 c\u1ea1nh tranh:<\/h2>\n<p>Xi lanh th\u1ee7y l\u1ef1c piston t\u00e1c \u0111\u1ed9ng k\u00e9p gi\u00e1 c\u1ea3 c\u1ea1nh tranh l\u00e0 s\u1ea3n ph\u1ea9m ch\u1ea5t l\u01b0\u1ee3ng cao \u0111\u01b0\u1ee3c thi\u1ebft k\u1ebf cho nhi\u1ec1u \u1ee9ng d\u1ee5ng c\u00f4ng nghi\u1ec7p kh\u00e1c nhau. Xi lanh th\u1ee7y l\u1ef1c n\u00e0y \u0111\u01b0\u1ee3c s\u1ea3n xu\u1ea5t b\u1eb1ng c\u00f4ng ngh\u1ec7 ti\u00ean ti\u1ebfn v\u00e0 v\u1eadt li\u1ec7u cao c\u1ea5p, \u0111\u1ea3m b\u1ea3o \u0111\u1ed9 b\u1ec1n v\u00e0 \u0111\u1ed9 tin c\u1eady.<\/p>\n<p>V\u1edbi thi\u1ebft k\u1ebf piston, xi lanh th\u1ee7y l\u1ef1c n\u00e0y mang l\u1ea1i chuy\u1ec3n \u0111\u1ed9ng m\u01b0\u1ee3t m\u00e0 v\u00e0 ch\u00ednh x\u00e1c, cho ph\u00e9p v\u1eadn h\u00e0nh hi\u1ec7u qu\u1ea3. N\u00f3 \u0111\u01b0\u1ee3c thi\u1ebft k\u1ebf \u0111\u1ec3 ho\u1ea1t \u0111\u1ed9ng k\u00e9p, cho ph\u00e9p t\u00e1c \u0111\u1ed9ng l\u1ef1c theo c\u1ea3 hai h\u01b0\u1edbng, t\u0103ng n\u0103ng su\u1ea5t v\u00e0 t\u00ednh linh ho\u1ea1t.<\/p>\n<p>V\u1edbi m\u1ee9c gi\u00e1 c\u1ea1nh tranh, xi lanh th\u1ee7y l\u1ef1c n\u00e0y mang l\u1ea1i gi\u00e1 tr\u1ecb v\u01b0\u1ee3t tr\u1ed9i. S\u1ea3n ph\u1ea9m s\u1edf h\u1eefu hi\u1ec7u su\u1ea5t v\u00e0 \u0111\u1ed9 b\u1ec1n v\u01b0\u1ee3t tr\u1ed9i, l\u00e0 l\u1ef1a ch\u1ecdn ti\u1ebft ki\u1ec7m chi ph\u00ed cho c\u00e1c doanh nghi\u1ec7p thu\u1ed9c m\u1ecdi quy m\u00f4. D\u00f9 \u0111\u01b0\u1ee3c s\u1eed d\u1ee5ng trong x\u00e2y d\u1ef1ng, n\u00f4ng nghi\u1ec7p hay s\u1ea3n xu\u1ea5t, xi lanh th\u1ee7y l\u1ef1c n\u00e0y \u0111\u01b0\u1ee3c ch\u1ebf t\u1ea1o \u0111\u1ec3 ch\u1ecbu \u0111\u01b0\u1ee3c c\u00e1c \u0111i\u1ec1u ki\u1ec7n kh\u1eafc nghi\u1ec7t v\u00e0 mang l\u1ea1i k\u1ebft qu\u1ea3 v\u01b0\u1ee3t tr\u1ed9i.<\/p>\n<p><img decoding=\"async\" title=\"Xi lanh th\u1ee7y l\u1ef1c m\u00e1y c\u00e0y tuy\u1ebft\" src=\"https:\/\/hzpt.com\/wp-content\/uploads\/2023\/11\/Snow-Plow-Hydraulic-Cylinder-2.webp\" alt=\"Xi lanh th\u1ee7y l\u1ef1c m\u00e1y c\u00e0y tuy\u1ebft\" \/><\/p>\n<p>Xy lanh th\u1ee7y l\u1ef1c piston t\u00e1c \u0111\u1ed9ng k\u00e9p gi\u00e1 c\u1ea3 c\u1ea1nh tranh, d\u1ec5 l\u1eafp \u0111\u1eb7t v\u00e0 b\u1ea3o tr\u00ec, gi\u1ea3m thi\u1ec3u th\u1eddi gian ch\u1ebft v\u00e0 t\u1ed1i \u0111a h\u00f3a n\u0103ng su\u1ea5t. S\u1ea3n ph\u1ea9m t\u01b0\u01a1ng th\u00edch v\u1edbi nhi\u1ec1u h\u1ec7 th\u1ed1ng th\u1ee7y l\u1ef1c kh\u00e1c nhau v\u00e0 c\u00f3 th\u1ec3 t\u00edch h\u1ee3p li\u1ec1n m\u1ea1ch v\u00e0o c\u00e1c thi\u1ebft b\u1ecb hi\u1ec7n c\u00f3.<\/p>\n<p>T\u00f3m l\u1ea1i, Xi lanh th\u1ee7y l\u1ef1c piston t\u00e1c \u0111\u1ed9ng k\u00e9p gi\u00e1 c\u1ea3 c\u1ea1nh tranh l\u00e0 gi\u1ea3i ph\u00e1p \u0111\u00e1ng tin c\u1eady v\u00e0 hi\u1ec7u qu\u1ea3 cho nhu c\u1ea7u th\u1ee7y l\u1ef1c c\u1ee7a b\u1ea1n. Gi\u00e1 c\u1ea3 c\u1ea1nh tranh, k\u1ebft h\u1ee3p v\u1edbi ch\u1ea5t l\u01b0\u1ee3ng c\u1ea5u t\u1ea1o v\u00e0 hi\u1ec7u su\u1ea5t cao, khi\u1ebfn n\u00f3 tr\u1edf th\u00e0nh l\u1ef1a ch\u1ecdn tuy\u1ec7t v\u1eddi cho c\u00e1c doanh nghi\u1ec7p mu\u1ed1n n\u00e2ng cao ho\u1ea1t \u0111\u1ed9ng. H\u00e3y \u0111\u1ea7u t\u01b0 v\u00e0o xi lanh th\u1ee7y l\u1ef1c n\u00e0y ngay h\u00f4m nay v\u00e0 tr\u1ea3i nghi\u1ec7m n\u0103ng su\u1ea5t v\u00e0 hi\u1ec7u qu\u1ea3 chi ph\u00ed \u0111\u01b0\u1ee3c c\u1ea3i thi\u1ec7n. N\u1ebfu b\u1ea1n \u0111ang t\u00ecm ki\u1ebfm m\u1ed9t xi lanh th\u1ee7y l\u1ef1c piston b\u1ec1n b\u1ec9 v\u00e0 hi\u1ec7u qu\u1ea3, \u0111\u1eebng t\u00ecm \u0111\u00e2u xa. Xi lanh t\u00e1c \u0111\u1ed9ng k\u00e9p n\u00e0y \u0111\u01b0\u1ee3c cung c\u1ea5p v\u1edbi m\u1ee9c gi\u00e1 c\u1ea1nh tranh, \u0111\u1ea3m b\u1ea3o b\u1ea1n nh\u1eadn \u0111\u01b0\u1ee3c gi\u00e1 tr\u1ecb t\u1ed1t nh\u1ea5t cho s\u1ed1 ti\u1ec1n b\u1ecf ra. Thi\u1ebft k\u1ebf v\u00e0 c\u1ea5u t\u1ea1o \u0111\u1ed9c \u0111\u00e1o c\u1ee7a n\u00f3 ph\u00f9 h\u1ee3p v\u1edbi nhi\u1ec1u l\u0129nh v\u1ef1c kh\u00e1c nhau, bao g\u1ed3m X\u01b0\u1edfng s\u1eeda ch\u1eefa m\u00e1y m\u00f3c, N\u00f4ng tr\u1ea1i, N\u0103ng l\u01b0\u1ee3ng &amp; Khai th\u00e1c m\u1ecf, v\u00e0 S\u1ea3n xu\u1ea5t m\u00e1y m\u00f3c v\u00e0 Nh\u00e0 m\u00e1y.<\/p>\n<h2>Th\u00f4ng s\u1ed1 k\u1ef9 thu\u1eadt s\u1ea3n ph\u1ea9m<\/h2>\n<p>Xi lanh th\u1ee7y l\u1ef1c piston m\u1edbi n\u00e0y \u0111\u01b0\u1ee3c b\u1ea3o h\u00e0nh m\u1ed9t n\u0103m, cam k\u1ebft hi\u1ec7u su\u1ea5t \u0111\u00e1ng tin c\u1eady v\u00e0 \u0111\u1ed9 b\u1ec1n cao. Xi lanh c\u00f3 c\u1ea5u tr\u00fac ti\u00eau chu\u1ea9n, \u0111\u01b0\u1ee3c v\u1eadn h\u00e0nh b\u1eb1ng th\u1ee7y l\u1ef1c v\u00e0 \u0111\u01b0\u1ee3c ch\u1ebf t\u1ea1o b\u1eb1ng th\u00e2n th\u00e9p ch\u1eafc ch\u1eafn. \u0110i\u1ec1u n\u00e0y \u0111\u1ea3m b\u1ea3o xi lanh c\u00f3 th\u1ec3 ch\u1ecbu \u0111\u01b0\u1ee3c c\u01b0\u1eddng \u0111\u1ed9 s\u1eed d\u1ee5ng cao m\u00e0 kh\u00f4ng \u1ea3nh h\u01b0\u1edfng \u0111\u1ebfn hi\u1ec7u su\u1ea5t v\u00e0 tu\u1ed5i th\u1ecd.<\/p>\n<h3>C\u00e1c th\u00e0nh ph\u1ea7n c\u1ed1t l\u00f5i<\/h3>\n<p>C\u00e1c th\u00e0nh ph\u1ea7n c\u1ed1t l\u00f5i c\u1ee7a xi lanh th\u1ee7y l\u1ef1c n\u00e0y bao g\u1ed3m \u1ed5 tr\u1ee5c v\u00e0 xi lanh th\u1ee7y l\u1ef1c. \u0110\u00e2y l\u00e0 nh\u1eefng b\u1ed9 ph\u1eadn quan tr\u1ecdng \u0111\u00f3ng vai tr\u00f2 quan tr\u1ecdng trong ch\u1ee9c n\u0103ng v\u00e0 hi\u1ec7u su\u1ea5t t\u1ed5ng th\u1ec3 c\u1ee7a thi\u1ebft b\u1ecb.<\/p>\n<h3>C\u00f4ng su\u1ea5t v\u00e0 dung l\u01b0\u1ee3ng<\/h3>\n<p>Xi lanh th\u1ee7y l\u1ef1c c\u00f3 l\u1ef1c \u0111\u1ea9y t\u1ed1i \u0111a 3000 v\u00e0 kh\u1ea3 n\u0103ng k\u00e9o t\u1ed1i \u0111a 20 t\u1ea5n, \u0111\u1ea3m b\u1ea3o c\u00f3 th\u1ec3 d\u1ec5 d\u00e0ng x\u1eed l\u00fd t\u1ea3i tr\u1ecdng n\u1eb7ng. S\u1ea3n ph\u1ea9m ph\u00f9 h\u1ee3p \u0111\u1ec3 s\u1eed d\u1ee5ng nh\u01b0 xi lanh th\u1ee7y l\u1ef1c c\u00e0y tuy\u1ebft, bi\u1ebfn n\u00f3 th\u00e0nh m\u1ed9t c\u00f4ng c\u1ee5 \u0111a n\u0103ng cho nhi\u1ec1u \u1ee9ng d\u1ee5ng.<\/p>\n<h3>K\u00edch th\u01b0\u1edbc v\u00e0 thi\u1ebft k\u1ebf<\/h3>\n<p>Xi lanh c\u00f3 \u0111\u01b0\u1eddng k\u00ednh l\u1ed7 t\u1eeb 2-6 inch v\u00e0 k\u00edch th\u01b0\u1edbc thanh t\u1eeb 1,125-4 inch, v\u1edbi h\u00e0nh tr\u00ecnh t\u1eeb 4-100 inch v\u00e0 k\u00edch th\u01b0\u1edbc ch\u1ed1t t\u1eeb 0,5-2 inch. S\u1ea3n ph\u1ea9m \u0111\u01b0\u1ee3c thi\u1ebft k\u1ebf v\u1edbi c\u00e1c c\u1ed5ng G\/SAE\/NPT\/M v\u00e0 c\u00f3 m\u00e0u \u0111en b\u00f3ng b\u1ea9y.<\/p>\n<h2>\u01afu \u0111i\u1ec3m c\u1ee7a xi lanh lo\u1ea1i ch\u1ed1t c\u00f3 th\u1ec3 \u0111i\u1ec1u ch\u1ec9nh<\/h2>\n<p>Xi lanh lo\u1ea1i ch\u1ed1t \u0111i\u1ec1u ch\u1ec9nh, ch\u1eb3ng h\u1ea1n nh\u01b0 xi lanh th\u1ee7y l\u1ef1c piston t\u00e1c \u0111\u1ed9ng k\u00e9p gi\u00e1 c\u1ea3 c\u1ea1nh tranh, mang l\u1ea1i nhi\u1ec1u l\u1ee3i th\u1ebf n\u1ed5i b\u1eadt trong nhi\u1ec1u \u1ee9ng d\u1ee5ng kh\u00e1c nhau. C\u00e1c xi lanh n\u00e0y \u0111\u01b0\u1ee3c thi\u1ebft k\u1ebf ch\u00fa tr\u1ecdng \u0111\u1ebfn \u0111\u1ed9 ch\u00ednh x\u00e1c v\u00e0 hi\u1ec7u qu\u1ea3, cho ph\u00e9p \u0111\u1ea1t hi\u1ec7u su\u1ea5t v\u00e0 t\u00ednh linh ho\u1ea1t t\u1ed1i \u01b0u. D\u01b0\u1edbi \u0111\u00e2y l\u00e0 m\u1ed9t s\u1ed1 l\u1ee3i th\u1ebf ch\u00ednh c\u1ee7a vi\u1ec7c s\u1eed d\u1ee5ng xi lanh lo\u1ea1i ch\u1ed1t \u0111i\u1ec1u ch\u1ec9nh:<\/p>\n<h3>1. T\u0103ng c\u01b0\u1eddng t\u00ednh linh ho\u1ea1t<\/h3>\n<p>M\u1ed9t trong nh\u1eefng \u01b0u \u0111i\u1ec3m ch\u00ednh c\u1ee7a xi lanh lo\u1ea1i ch\u1ed1t \u0111i\u1ec1u ch\u1ec9nh \u0111\u01b0\u1ee3c l\u00e0 kh\u1ea3 n\u0103ng mang l\u1ea1i t\u00ednh linh ho\u1ea1t cao trong c\u00e1c \u0111i\u1ec1u ki\u1ec7n v\u1eadn h\u00e0nh kh\u00e1c nhau. Thi\u1ebft k\u1ebf ch\u1ed1t \u0111i\u1ec1u ch\u1ec9nh \u0111\u01b0\u1ee3c cho ph\u00e9p d\u1ec5 d\u00e0ng t\u00f9y ch\u1ec9nh v\u00e0 \u0111i\u1ec1u ch\u1ec9nh chi\u1ec1u d\u00e0i h\u00e0nh tr\u00ecnh, cho ph\u00e9p xi lanh th\u00edch \u1ee9ng v\u1edbi c\u00e1c y\u00eau c\u1ea7u c\u1ee5 th\u1ec3. T\u00ednh linh ho\u1ea1t n\u00e0y \u0111\u1ea3m b\u1ea3o xi lanh c\u00f3 th\u1ec3 \u0111\u01b0\u1ee3c s\u1eed d\u1ee5ng trong nhi\u1ec1u \u1ee9ng d\u1ee5ng kh\u00e1c nhau, khi\u1ebfn n\u00f3 tr\u1edf th\u00e0nh l\u1ef1a ch\u1ecdn linh ho\u1ea1t cho nhi\u1ec1u ng\u00e0nh c\u00f4ng nghi\u1ec7p.<\/p>\n<h3>2. Kh\u1ea3 n\u0103ng ch\u1ecbu t\u1ea3i v\u01b0\u1ee3t tr\u1ed9i<\/h3>\n<p>M\u1ed9t \u01b0u \u0111i\u1ec3m \u0111\u00e1ng ch\u00fa \u00fd kh\u00e1c c\u1ee7a xi lanh lo\u1ea1i ch\u1ed1t \u0111i\u1ec1u ch\u1ec9nh l\u00e0 kh\u1ea3 n\u0103ng ch\u1ecbu t\u1ea3i v\u01b0\u1ee3t tr\u1ed9i. C\u00e1c xi lanh n\u00e0y \u0111\u01b0\u1ee3c thi\u1ebft k\u1ebf \u0111\u1ec3 ch\u1ecbu t\u1ea3i tr\u1ecdng n\u1eb7ng v\u00e0 cung c\u1ea5p l\u1ef1c \u0111\u1ea7u ra v\u01b0\u1ee3t tr\u1ed9i. \u0110\u1eb7c bi\u1ec7t, xi lanh th\u1ee7y l\u1ef1c piston t\u00e1c \u0111\u1ed9ng k\u00e9p c\u00f3 gi\u00e1 c\u1ea3 c\u1ea1nh tranh, c\u00f3 kh\u1ea3 n\u0103ng t\u1ea1o ra l\u1ef1c l\u1edbn \u1edf c\u1ea3 h\u00e0nh tr\u00ecnh k\u00e9o d\u00e0i v\u00e0 thu ng\u1eafn, l\u00fd t\u01b0\u1edfng cho c\u00e1c \u1ee9ng d\u1ee5ng \u0111\u00f2i h\u1ecfi c\u00f4ng su\u1ea5t v\u00e0 hi\u1ec7u su\u1ea5t cao.<\/p>\n<h3>3. \u0110\u1ecbnh v\u1ecb ch\u00ednh x\u00e1c<\/h3>\n<p>Xi lanh lo\u1ea1i ch\u1ed1t \u0111i\u1ec1u ch\u1ec9nh \u0111\u01b0\u1ee3c bi\u1ebft \u0111\u1ebfn v\u1edbi kh\u1ea3 n\u0103ng \u0111\u1ecbnh v\u1ecb ch\u00ednh x\u00e1c. Vi\u1ec7c s\u1eed d\u1ee5ng c\u00f4ng ngh\u1ec7 th\u1ee7y l\u1ef1c ti\u00ean ti\u1ebfn cho ph\u00e9p chuy\u1ec3n \u0111\u1ed9ng ch\u00ednh x\u00e1c v\u00e0 \u0111\u01b0\u1ee3c ki\u1ec3m so\u00e1t, \u0111\u1ea3m b\u1ea3o xi lanh c\u00f3 th\u1ec3 \u0111\u1ea1t \u0111\u01b0\u1ee3c chuy\u1ec3n \u0111\u1ed9ng tuy\u1ebfn t\u00ednh ch\u00ednh x\u00e1c. M\u1ee9c \u0111\u1ed9 ch\u00ednh x\u00e1c n\u00e0y r\u1ea5t quan tr\u1ecdng trong c\u00e1c \u1ee9ng d\u1ee5ng y\u00eau c\u1ea7u \u0111\u1ecbnh v\u1ecb ch\u00ednh x\u00e1c, ch\u1eb3ng h\u1ea1n nh\u01b0 trong robot, t\u1ef1 \u0111\u1ed9ng h\u00f3a v\u00e0 h\u1ec7 th\u1ed1ng x\u1eed l\u00fd v\u1eadt li\u1ec7u.<\/p>\n<h3>4. \u0110\u1ed9 b\u1ec1n v\u00e0 tu\u1ed5i th\u1ecd<\/h3>\n<p>Xi lanh th\u1ee7y l\u1ef1c piston t\u00e1c \u0111\u1ed9ng k\u00e9p c\u00f3 th\u1ec3 \u0111i\u1ec1u ch\u1ec9nh \u0111\u01b0\u1ee3c ch\u1ebf t\u1ea1o t\u1eeb v\u1eadt li\u1ec7u ch\u1ea5t l\u01b0\u1ee3ng cao v\u00e0 tr\u1ea3i qua qu\u00e1 tr\u00ecnh ki\u1ec3m tra nghi\u00eam ng\u1eb7t \u0111\u1ec3 \u0111\u1ea3m b\u1ea3o \u0111\u1ed9 b\u1ec1n v\u00e0 tu\u1ed5i th\u1ecd. Xi lanh th\u1ee7y l\u1ef1c piston t\u00e1c \u0111\u1ed9ng k\u00e9p gi\u00e1 c\u1ea3 c\u1ea1nh tranh \u0111\u01b0\u1ee3c ch\u1ebf t\u1ea1o \u0111\u1ec3 ch\u1ecbu \u0111\u01b0\u1ee3c \u0111i\u1ec1u ki\u1ec7n v\u1eadn h\u00e0nh kh\u1eafc nghi\u1ec7t v\u00e0 c\u00e1c \u1ee9ng d\u1ee5ng h\u1ea1ng n\u1eb7ng. K\u1ebft c\u1ea5u ch\u1eafc ch\u1eafn v\u00e0 h\u1ec7 th\u1ed1ng l\u00e0m k\u00edn \u0111\u00e1ng tin c\u1eady c\u1ee7a xi lanh g\u00f3p ph\u1ea7n k\u00e9o d\u00e0i tu\u1ed5i th\u1ecd, gi\u1ea3m nhu c\u1ea7u b\u1ea3o tr\u00ec v\u00e0 chi ph\u00ed t\u1ed5ng th\u1ec3.<\/p>\n<h3>5. Ti\u00eau th\u1ee5 n\u0103ng l\u01b0\u1ee3ng hi\u1ec7u qu\u1ea3<\/h3>\n<p>Ti\u00eau th\u1ee5 n\u0103ng l\u01b0\u1ee3ng hi\u1ec7u qu\u1ea3 l\u00e0 m\u1ed9t l\u1ee3i th\u1ebf quan tr\u1ecdng c\u1ee7a xi lanh lo\u1ea1i ch\u1ed1t \u0111i\u1ec1u ch\u1ec9nh. C\u00e1c xi lanh n\u00e0y \u0111\u01b0\u1ee3c thi\u1ebft k\u1ebf \u0111\u1ec3 gi\u1ea3m thi\u1ec3u t\u1ed5n th\u1ea5t n\u0103ng l\u01b0\u1ee3ng v\u00e0 t\u1ed1i \u01b0u h\u00f3a vi\u1ec7c s\u1eed d\u1ee5ng n\u0103ng l\u01b0\u1ee3ng, mang l\u1ea1i hi\u1ec7u su\u1ea5t t\u1ed5ng th\u1ec3 \u0111\u01b0\u1ee3c c\u1ea3i thi\u1ec7n. Thi\u1ebft k\u1ebf th\u1ee7y l\u1ef1c ti\u00ean ti\u1ebfn v\u00e0 c\u01a1 ch\u1ebf \u0111i\u1ec1u khi\u1ec3n ch\u00ednh x\u00e1c c\u1ee7a xi lanh th\u1ee7y l\u1ef1c piston t\u00e1c \u0111\u1ed9ng k\u00e9p gi\u00e1 c\u1ea3 c\u1ea1nh tranh g\u00f3p ph\u1ea7n v\u00e0o kh\u1ea3 n\u0103ng ti\u1ebft ki\u1ec7m n\u0103ng l\u01b0\u1ee3ng, bi\u1ebfn n\u00f3 th\u00e0nh m\u1ed9t l\u1ef1a ch\u1ecdn ti\u1ebft ki\u1ec7m chi ph\u00ed cho m\u1ee5c \u0111\u00edch s\u1eed d\u1ee5ng l\u00e2u d\u00e0i.<\/p>\n<h3>6. D\u1ec5 d\u00e0ng l\u1eafp \u0111\u1eb7t v\u00e0 b\u1ea3o tr\u00ec<\/h3>\n<p>Xi lanh lo\u1ea1i ch\u1ed1t \u0111i\u1ec1u ch\u1ec9nh \u0111\u01b0\u1ee3c thi\u1ebft k\u1ebf \u0111\u1ec3 d\u1ec5 d\u00e0ng l\u1eafp \u0111\u1eb7t v\u00e0 b\u1ea3o tr\u00ec. Thi\u1ebft k\u1ebf nh\u1ecf g\u1ecdn v\u00e0 c\u00e1c t\u00f9y ch\u1ecdn l\u1eafp \u0111\u1eb7t ti\u00eau chu\u1ea9n gi\u00fap \u0111\u01a1n gi\u1ea3n h\u00f3a quy tr\u00ecnh l\u1eafp \u0111\u1eb7t v\u00e0 gi\u1ea3m th\u1eddi gian ng\u1eebng ho\u1ea1t \u0111\u1ed9ng. Ngo\u00e0i ra, c\u1ea5u tr\u00fac m\u00f4-\u0111un c\u1ee7a xi lanh cho ph\u00e9p d\u1ec5 d\u00e0ng ti\u1ebfp c\u1eadn c\u00e1c b\u1ed9 ph\u1eadn b\u00ean trong, gi\u00fap b\u1ea3o tr\u00ec nhanh ch\u00f3ng v\u00e0 d\u1ec5 d\u00e0ng.<\/p>\n<p>T\u00f3m l\u1ea1i, xi lanh ki\u1ec3u ch\u1ed1t \u0111i\u1ec1u ch\u1ec9nh, ch\u1eb3ng h\u1ea1n nh\u01b0 xi lanh th\u1ee7y l\u1ef1c piston t\u00e1c \u0111\u1ed9ng k\u00e9p gi\u00e1 c\u1ea3 c\u1ea1nh tranh, mang l\u1ea1i nhi\u1ec1u l\u1ee3i th\u1ebf trong nhi\u1ec1u \u1ee9ng d\u1ee5ng. T\u00ednh linh ho\u1ea1t \u0111\u01b0\u1ee3c c\u1ea3i thi\u1ec7n, kh\u1ea3 n\u0103ng ch\u1ecbu t\u1ea3i v\u01b0\u1ee3t tr\u1ed9i, kh\u1ea3 n\u0103ng \u0111\u1ecbnh v\u1ecb ch\u00ednh x\u00e1c, \u0111\u1ed9 b\u1ec1n cao, ti\u00eau th\u1ee5 n\u0103ng l\u01b0\u1ee3ng hi\u1ec7u qu\u1ea3, c\u00f9ng v\u1edbi vi\u1ec7c d\u1ec5 d\u00e0ng l\u1eafp \u0111\u1eb7t v\u00e0 b\u1ea3o tr\u00ec khi\u1ebfn ch\u00fang tr\u1edf th\u00e0nh l\u1ef1a ch\u1ecdn l\u00fd t\u01b0\u1edfng cho c\u00e1c ng\u00e0nh c\u00f4ng nghi\u1ec7p \u0111ang t\u00ecm ki\u1ebfm c\u00e1c gi\u1ea3i ph\u00e1p th\u1ee7y l\u1ef1c \u0111\u00e1ng tin c\u1eady v\u00e0 hi\u1ec7u su\u1ea5t cao.<\/p>\n<h3>Gi\u1edbi thi\u1ec7u v\u1ec1 xi lanh th\u1ee7y l\u1ef1c FMP<\/h3>\n<p>FMP l\u00e0 m\u1ed9t c\u00f4ng ty h\u00e0ng \u0111\u1ea7u t\u1ea1i \u00dd chuy\u00ean b\u00e1n v\u00e0 b\u1ea3o d\u01b0\u1ee1ng ph\u1ee5 t\u00f9ng m\u00e1y m\u00f3c x\u00e2y d\u1ef1ng v\u00e0 m\u00e1y m\u00f3c ho\u00e0n ch\u1ec9nh. Xi lanh th\u1ee7y l\u1ef1c c\u1ee7a ch\u00fang t\u00f4i l\u00e0 m\u1ed9t trong nh\u1eefng s\u1ea3n ph\u1ea9m b\u00e1n ch\u1ea1y nh\u1ea5t, v\u00e0 ch\u00fang t\u00f4i t\u1ef1 h\u00e0o v\u1ec1 ch\u1ea5t l\u01b0\u1ee3ng v\u01b0\u1ee3t tr\u1ed9i v\u00e0 t\u00ednh n\u0103ng v\u01b0\u1ee3t tr\u1ed9i c\u1ee7a n\u00f3. D\u01b0\u1edbi \u0111\u00e2y l\u00e0 n\u0103m l\u00fd do t\u1ea1i sao b\u1ea1n n\u00ean ch\u1ecdn Xi lanh th\u1ee7y l\u1ef1c FMP:<\/p>\n<ol>\n<li><strong>Ch\u1ea5t l\u01b0\u1ee3ng cao c\u1ea5p:<\/strong> Xi lanh th\u1ee7y l\u1ef1c FMP \u0111\u01b0\u1ee3c l\u00e0m t\u1eeb v\u1eadt li\u1ec7u ch\u1ea5t l\u01b0\u1ee3ng cao, \u0111\u1ea3m b\u1ea3o \u0111\u1ed9 b\u1ec1n v\u00e0 \u0111\u1ed9 tin c\u1eady. Ch\u00fang t\u00f4i nh\u1eadp v\u1eadt li\u1ec7u t\u1eeb c\u00e1c nh\u00e0 cung c\u1ea5p uy t\u00edn, \u0111\u00e1p \u1ee9ng c\u00e1c ti\u00eau chu\u1ea9n ch\u1ea5t l\u01b0\u1ee3ng nghi\u00eam ng\u1eb7t, \u0111\u1ea3m b\u1ea3o s\u1ea3n ph\u1ea9m c\u1ee7a ch\u00fang t\u00f4i \u0111\u1ea1t ch\u1ea5t l\u01b0\u1ee3ng cao nh\u1ea5t.<\/li>\n<li><strong>C\u00e1c th\u00f4ng s\u1ed1 k\u1ef9 thu\u1eadt kh\u00e1c nhau:<\/strong> Xi lanh th\u1ee7y l\u1ef1c c\u1ee7a ch\u00fang t\u00f4i c\u00f3 nhi\u1ec1u k\u00edch c\u1ee1 v\u00e0 th\u00f4ng s\u1ed1 k\u1ef9 thu\u1eadt kh\u00e1c nhau \u0111\u1ec3 ph\u00f9 h\u1ee3p v\u1edbi nhu c\u1ea7u c\u1ee5 th\u1ec3 c\u1ee7a b\u1ea1n. Ch\u00fang t\u00f4i cung c\u1ea5p \u0111a d\u1ea1ng s\u1ea3n ph\u1ea9m, bao g\u1ed3m xi lanh lo\u1ea1i ch\u1ed1t \u0111i\u1ec1u ch\u1ec9nh, xi lanh thanh gi\u1eb1ng v\u00e0 xi lanh th\u1ee7y l\u1ef1c h\u00e0n.<\/li>\n<li><strong>T\u01b0 v\u1ea5n chuy\u00ean m\u00f4n:<\/strong> \u0110\u1ed9i ng\u0169 b\u00e1n h\u00e0ng gi\u00e0u kinh nghi\u1ec7m c\u1ee7a ch\u00fang t\u00f4i am hi\u1ec3u v\u1ec1 ng\u00e0nh m\u00e1y m\u00f3c x\u00e2y d\u1ef1ng v\u00e0 c\u00f3 th\u1ec3 t\u01b0 v\u1ea5n s\u1ea3n ph\u1ea9m chuy\u00ean nghi\u1ec7p cho b\u1ea1n. Ch\u00fang t\u00f4i c\u00f3 th\u1ec3 gi\u00fap b\u1ea1n x\u00e1c \u0111\u1ecbnh lo\u1ea1i xi lanh th\u1ee7y l\u1ef1c n\u00e0o ph\u00f9 h\u1ee3p v\u1edbi d\u1ef1 \u00e1n c\u1ee7a b\u1ea1n, \u0111\u1ea3m b\u1ea3o b\u1ea1n \u0111\u01b0a ra quy\u1ebft \u0111\u1ecbnh s\u00e1ng su\u1ed1t.<\/li>\n<li><strong>H\u1eadu c\u1ea7n hi\u1ec7u qu\u1ea3:<\/strong> Ch\u00fang t\u00f4i hi\u1ec3u r\u1eb1ng th\u1eddi gian l\u00e0 y\u1ebfu t\u1ed1 then ch\u1ed1t, v\u00e0 \u0111\u00f3 l\u00e0 l\u00fd do t\u1ea1i sao ch\u00fang t\u00f4i c\u00f3 m\u1ed9t h\u1ec7 th\u1ed1ng ph\u00e2n ph\u1ed1i h\u1eadu c\u1ea7n hi\u1ec7u qu\u1ea3. Ch\u00fang t\u00f4i \u0111\u1ea3m b\u1ea3o Xi lanh th\u1ee7y l\u1ef1c c\u1ee7a b\u1ea1n \u0111\u01b0\u1ee3c giao \u0111\u1ebfn tay b\u1ea1n m\u1ed9t c\u00e1ch k\u1ecbp th\u1eddi v\u00e0 ch\u00ednh x\u00e1c.<\/li>\n<li><strong>D\u1ecbch v\u1ee5 kh\u00e1ch h\u00e0ng tuy\u1ec7t v\u1eddi:<\/strong> T\u1ea1i FMP, ch\u00fang t\u00f4i tr\u00e2n tr\u1ecdng kh\u00e1ch h\u00e0ng v\u00e0 lu\u00f4n n\u1ed7 l\u1ef1c cung c\u1ea5p d\u1ecbch v\u1ee5 kh\u00e1ch h\u00e0ng xu\u1ea5t s\u1eafc. Ch\u00fang t\u00f4i cam k\u1ebft \u0111\u00e1p \u1ee9ng v\u00e0 v\u01b0\u1ee3t tr\u00ean c\u1ea3 mong \u0111\u1ee3i c\u1ee7a b\u1ea1n, v\u00e0 lu\u00f4n s\u1eb5n s\u00e0ng h\u1ed7 tr\u1ee3 b\u1ea1n gi\u1ea3i \u0111\u00e1p m\u1ecdi th\u1eafc m\u1eafc ho\u1eb7c lo l\u1eafng.<\/li>\n<\/ol>\n<p>T\u1ea1i FMP, ch\u00fang t\u00f4i t\u1ef1 h\u00e0o cung c\u1ea5p cho kh\u00e1ch h\u00e0ng c\u00e1c gi\u1ea3i ph\u00e1p Xi lanh th\u1ee7y l\u1ef1c ch\u1ea5t l\u01b0\u1ee3ng cao v\u00e0 \u0111\u00e1ng tin c\u1eady. S\u1ea3n ph\u1ea9m v\u00e0 d\u1ecbch v\u1ee5 c\u1ee7a ch\u00fang t\u00f4i \u0111\u01b0\u1ee3c h\u1ed7 tr\u1ee3 b\u1edfi nhi\u1ec1u n\u0103m kinh nghi\u1ec7m trong ng\u00e0nh v\u00e0 \u0111\u1ed9i ng\u0169 chuy\u00ean nghi\u1ec7p. H\u00e3y ch\u1ecdn Xi lanh th\u1ee7y l\u1ef1c FMP cho d\u1ef1 \u00e1n ti\u1ebfp theo c\u1ee7a b\u1ea1n v\u00e0 tr\u1ea3i nghi\u1ec7m s\u1ef1 kh\u00e1c bi\u1ec7t.<\/p>\n<p><img decoding=\"async\" src=\"https:\/\/fmp-components.com\/wp-content\/uploads\/2024\/12\/Adjustable-Clevis-Type-Cylinders-6.webp\" alt=\"Xi lanh lo\u1ea1i Clevis c\u00f3 th\u1ec3 \u0111i\u1ec1u ch\u1ec9nh\" width=\"823\" title=\"\"><\/p>\n<h2>T\u1ea1i sao n\u00ean ch\u1ecdn xi lanh th\u1ee7y l\u1ef1c piston c\u1ee7a ch\u00fang t\u00f4i?<\/h2>\n<p>Xy lanh th\u1ee7y l\u1ef1c piston t\u00e1c \u0111\u1ed9ng k\u00e9p c\u1ee7a ch\u00fang t\u00f4i c\u00f3 m\u1ee9c gi\u00e1 c\u1ea1nh tranh m\u00e0 kh\u00f4ng \u1ea3nh h\u01b0\u1edfng \u0111\u1ebfn ch\u1ea5t l\u01b0\u1ee3ng v\u00e0 \u0111\u1ed9 tin c\u1eady c\u1ee7a s\u1ea3n ph\u1ea9m. Ch\u00fang t\u00f4i cam k\u1ebft \u0111\u00e1p \u1ee9ng nhu c\u1ea7u c\u1ee7a kh\u00e1ch h\u00e0ng, cung c\u1ea5p cho h\u1ecd nh\u1eefng s\u1ea3n ph\u1ea9m b\u1ec1n b\u1ec9, hi\u1ec7u qu\u1ea3 v\u00e0 \u0111\u00e1ng tin c\u1eady.<\/p>\n<p>Ch\u00fang t\u00f4i khuy\u1ebfn kh\u00edch b\u1ea1n kh\u00e1m ph\u00e1 s\u1ea3n ph\u1ea9m c\u1ee7a ch\u00fang t\u00f4i v\u00e0 t\u1ef1 m\u00ecnh tr\u1ea3i nghi\u1ec7m s\u1ef1 kh\u00e1c bi\u1ec7t m\u00e0 n\u00f3 c\u00f3 th\u1ec3 mang l\u1ea1i cho ho\u1ea1t \u0111\u1ed9ng c\u1ee7a b\u1ea1n. V\u1edbi gi\u00e1 c\u1ea3 c\u1ea1nh tranh v\u00e0 s\u1ea3n ph\u1ea9m ch\u1ea5t l\u01b0\u1ee3ng cao, ch\u00fang t\u00f4i tin r\u1eb1ng b\u1ea1n s\u1ebd t\u00ecm th\u1ea5y gi\u00e1 tr\u1ecb v\u00e0 hi\u1ec7u su\u1ea5t m\u00e0 b\u1ea1n \u0111ang t\u00ecm ki\u1ebfm.<\/p>\n<h2>Nh\u1eefng c\u00e2u h\u1ecfi th\u01b0\u1eddng g\u1eb7p<\/h2>\n<h3>Q: Th\u1eddi gian giao h\u00e0ng l\u00e0 bao l\u00e2u?<\/h3>\n<p>A: Th\u1eddi gian giao h\u00e0ng th\u00f4ng th\u01b0\u1eddng l\u00e0 25-35 ng\u00e0y.<\/p>\n<h3>H: B\u1ea1n c\u00f3 cung c\u1ea5p m\u1eabu th\u1eed kh\u00f4ng? M\u1eabu mi\u1ec5n ph\u00ed hay t\u00ednh th\u00eam ph\u00ed?<\/h3>\n<p>A: C\u00f3, ch\u00fang t\u00f4i cung c\u1ea5p m\u1eabu nh\u01b0ng kh\u00f4ng mi\u1ec5n ph\u00ed.<\/p>\n<h3>Q: B\u1ea1n c\u00f3 th\u1ec3 s\u1ea3n xu\u1ea5t theo m\u1eabu kh\u00f4ng?<\/h3>\n<p>A: C\u00f3, ch\u00fang t\u00f4i c\u00f3 th\u1ec3 s\u1ea3n xu\u1ea5t theo m\u1eabu ho\u1eb7c b\u1ea3n v\u1ebd k\u1ef9 thu\u1eadt c\u1ee7a b\u1ea1n. Ch\u00fang t\u00f4i c\u0169ng c\u00f3 kh\u1ea3 n\u0103ng ch\u1ebf t\u1ea1o khu\u00f4n m\u1eabu v\u00e0 \u0111\u1ed3 g\u00e1.<\/p>\n<p><img decoding=\"async\" title=\"Xi lanh th\u1ee7y l\u1ef1c m\u00e1y c\u00e0y tuy\u1ebft\" src=\"https:\/\/hzpt.com\/wp-content\/uploads\/2023\/11\/Snow-Plow-Hydraulic-Cylinder-3.webp\" alt=\"Xi lanh th\u1ee7y l\u1ef1c m\u00e1y c\u00e0y tuy\u1ebft\" \/><\/p>\n<p>T\u00e1c gi\u1ea3: CX<\/p>","protected":false},"excerpt":{"rendered":"<p>Introducing Competitive Price Piston Hydraulic Cylinder Double Acting: The Competitive Price Piston Hydraulic Cylinder Double Acting is a high-quality product designed for various industrial applications. This hydraulic cylinder is manufactured using advanced technology and premium materials, ensuring durability and reliability. Featuring a piston design, this hydraulic cylinder offers smooth and precise movement, allowing for efficient [&hellip;]<\/p>","protected":false},"featured_media":1491,"comment_status":"closed","ping_status":"closed","template":"","meta":{"_et_pb_use_builder":"","_et_pb_old_content":"","_et_gb_content_width":""},"product_brand":[],"product_cat":[42],"product_tag":[34,44],"class_list":{"0":"post-1490","1":"product","2":"type-product","3":"status-publish","4":"has-post-thumbnail","6":"product_cat-snow-plow-hydraulic-cylinder","7":"product_tag-hydraulic-cylinder","8":"product_tag-snow-plow-hydraulic-cylinder","10":"first","11":"instock","12":"product-type-simple"},"_links":{"self":[{"href":"https:\/\/fmp-components.com\/vi\/wp-json\/wp\/v2\/product\/1490","targetHints":{"allow":["GET"]}}],"collection":[{"href":"https:\/\/fmp-components.com\/vi\/wp-json\/wp\/v2\/product"}],"about":[{"href":"https:\/\/fmp-components.com\/vi\/wp-json\/wp\/v2\/types\/product"}],"replies":[{"embeddable":true,"href":"https:\/\/fmp-components.com\/vi\/wp-json\/wp\/v2\/comments?post=1490"}],"wp:featuredmedia":[{"embeddable":true,"href":"https:\/\/fmp-components.com\/vi\/wp-json\/wp\/v2\/media\/1491"}],"wp:attachment":[{"href":"https:\/\/fmp-components.com\/vi\/wp-json\/wp\/v2\/media?parent=1490"}],"wp:term":[{"taxonomy":"product_brand","embeddable":true,"href":"https:\/\/fmp-components.com\/vi\/wp-json\/wp\/v2\/product_brand?post=1490"},{"taxonomy":"product_cat","embeddable":true,"href":"https:\/\/fmp-components.com\/vi\/wp-json\/wp\/v2\/product_cat?post=1490"},{"taxonomy":"product_tag","embeddable":true,"href":"https:\/\/fmp-components.com\/vi\/wp-json\/wp\/v2\/product_tag?post=1490"}],"curies":[{"name":"wp","href":"https:\/\/api.w.org\/{rel}","templated":true}]}}