{"id":1486,"date":"2024-12-23T05:50:37","date_gmt":"2024-12-23T05:50:37","guid":{"rendered":"https:\/\/fmp-components.com\/product\/good-quality-snow-plow-customized-double-acting-hydraulic-cylinder\/"},"modified":"2024-12-23T06:15:03","modified_gmt":"2024-12-23T06:15:03","slug":"good-quality-snow-plow-customized-double-acting-hydraulic-cylinder","status":"publish","type":"product","link":"https:\/\/fmp-components.com\/vi\/product\/good-quality-snow-plow-customized-double-acting-hydraulic-cylinder\/","title":{"rendered":"M\u00e1y c\u00e0y tuy\u1ebft ch\u1ea5t l\u01b0\u1ee3ng t\u1ed1t, xi lanh th\u1ee7y l\u1ef1c t\u00e1c \u0111\u1ed9ng k\u00e9p t\u00f9y ch\u1ec9nh"},"content":{"rendered":"<p>Xi lanh th\u1ee7y l\u1ef1c t\u00e1c \u0111\u1ed9ng k\u00e9p t\u00f9y ch\u1ec9nh ch\u1ea5t l\u01b0\u1ee3ng cao cho m\u00e1y c\u00e0y tuy\u1ebft. Xi lanh th\u1ee7y l\u1ef1c t\u00e1c \u0111\u1ed9ng k\u00e9p t\u00f9y ch\u1ec9nh ch\u1ea5t l\u01b0\u1ee3ng cao cho m\u00e1y c\u00e0y tuy\u1ebft.<\/p>\n<p>N\u1ebfu b\u1ea1n \u0111ang t\u00ecm ki\u1ebfm m\u1ed9t xi lanh th\u1ee7y l\u1ef1c \u0111\u00e1ng tin c\u1eady v\u00e0 hi\u1ec7u qu\u1ea3 cho m\u00e1y c\u00e0y tuy\u1ebft c\u1ee7a m\u00ecnh, th\u00ec kh\u00f4ng c\u1ea7n t\u00ecm \u0111\u00e2u xa ngo\u00e0i Xi lanh th\u1ee7y l\u1ef1c t\u00e1c \u0111\u1ed9ng k\u00e9p t\u00f9y ch\u1ec9nh ch\u1ea5t l\u01b0\u1ee3ng cao d\u00e0nh cho m\u00e1y c\u00e0y tuy\u1ebft c\u1ee7a ch\u00fang t\u00f4i. Xi lanh ch\u1ea5t l\u01b0\u1ee3ng cao n\u00e0y \u0111\u01b0\u1ee3c thi\u1ebft k\u1ebf v\u00e0 ch\u1ebf t\u1ea1o ri\u00eang \u0111\u1ec3 \u0111\u00e1p \u1ee9ng c\u00e1c nhu c\u1ea7u v\u00e0 th\u00f4ng s\u1ed1 k\u1ef9 thu\u1eadt \u0111\u1ed9c \u0111\u00e1o c\u1ee7a m\u00e1y c\u00e0y tuy\u1ebft c\u1ee7a b\u1ea1n, \u0111\u1ea3m b\u1ea3o hi\u1ec7u su\u1ea5t t\u1ed1i \u01b0u v\u00e0 tu\u1ed5i th\u1ecd cao.<\/p>\n<p>V\u1edbi thi\u1ebft k\u1ebf t\u00e1c \u0111\u1ed9ng k\u00e9p, xi lanh th\u1ee7y l\u1ef1c c\u1ee7a ch\u00fang t\u00f4i mang l\u1ea1i ho\u1ea1t \u0111\u1ed9ng \u00eam \u00e1i v\u00e0 \u1ed5n \u0111\u1ecbnh, cho ph\u00e9p b\u1ea1n d\u1ec5 d\u00e0ng v\u01b0\u1ee3t qua c\u1ea3 nh\u1eefng l\u1edbp tuy\u1ebft d\u00e0y nh\u1ea5t. \u0110\u01b0\u1ee3c ch\u1ebf t\u1ea1o t\u1eeb v\u1eadt li\u1ec7u b\u1ec1n b\u1ec9 v\u00e0 ch\u1ea5t l\u01b0\u1ee3ng cao, xi lanh c\u1ee7a ch\u00fang t\u00f4i \u0111\u01b0\u1ee3c thi\u1ebft k\u1ebf \u0111\u1ec3 ch\u1ecbu \u0111\u01b0\u1ee3c \u0111i\u1ec1u ki\u1ec7n th\u1eddi ti\u1ebft kh\u1eafc nghi\u1ec7t v\u00e0 s\u1eed d\u1ee5ng nhi\u1ec1u, \u0111\u1ea3m b\u1ea3o hi\u1ec7u su\u1ea5t \u0111\u00e1ng tin c\u1eady qua t\u1eebng m\u00f9a.<\/p>\n<p><img decoding=\"async\" title=\"Xi lanh th\u1ee7y l\u1ef1c m\u00e1y c\u00e0y tuy\u1ebft\" src=\"https:\/\/hzpt.com\/wp-content\/uploads\/2023\/11\/Snow-Plow-Hydraulic-Cylinder-3.webp\" alt=\"Xi lanh th\u1ee7y l\u1ef1c m\u00e1y c\u00e0y tuy\u1ebft\" \/><\/p>\n<p>Ngo\u00e0i ra, xi lanh th\u1ee7y l\u1ef1c t\u00e1c \u0111\u1ed9ng k\u00e9p t\u00f9y ch\u1ec9nh ch\u1ea5t l\u01b0\u1ee3ng cao d\u00e0nh cho m\u00e1y c\u00e0y tuy\u1ebft c\u1ee7a ch\u00fang t\u00f4i r\u1ea5t d\u1ec5 l\u1eafp \u0111\u1eb7t v\u00e0 b\u1ea3o tr\u00ec, tr\u1edf th\u00e0nh l\u1ef1a ch\u1ecdn h\u00e0ng \u0111\u1ea7u cho c\u1ea3 ng\u01b0\u1eddi v\u1eadn h\u00e0nh m\u00e1y c\u00e0y tuy\u1ebft v\u00e0 c\u00e1c chuy\u00ean gia b\u1ea3o tr\u00ec. V\u00ec v\u1eady, n\u1ebfu b\u1ea1n c\u1ea7n m\u1ed9t xi lanh th\u1ee7y l\u1ef1c ch\u1ea5t l\u01b0\u1ee3ng cao cho m\u00e1y c\u00e0y tuy\u1ebft c\u1ee7a m\u00ecnh, h\u00e3y tin t\u01b0\u1edfng \u0111\u1ed9i ng\u0169 c\u1ee7a ch\u00fang t\u00f4i s\u1ebd mang \u0111\u1ebfn hi\u1ec7u su\u1ea5t v\u00e0 \u0111\u1ed9 tin c\u1eady m\u00e0 b\u1ea1n c\u1ea7n \u0111\u1ec3 ho\u00e0n th\u00e0nh c\u00f4ng vi\u1ec7c m\u1ed9t c\u00e1ch hi\u1ec7u qu\u1ea3. Gi\u1edbi thi\u1ec7u m\u1ed9t xi lanh th\u1ee7y l\u1ef1c t\u00e1c \u0111\u1ed9ng k\u00e9p t\u00f9y ch\u1ec9nh h\u00e0ng \u0111\u1ea7u \u0111\u01b0\u1ee3c thi\u1ebft k\u1ebf \u0111\u1eb7c bi\u1ec7t cho m\u00e1y c\u00e0y tuy\u1ebft. S\u1ea3n ph\u1ea9m n\u00e0y \u0111\u1ea3m b\u1ea3o hi\u1ec7u su\u1ea5t, \u0111\u1ed9 b\u1ec1n v\u00e0 k\u1ebft qu\u1ea3 v\u01b0\u1ee3t tr\u1ed9i ngay c\u1ea3 trong \u0111i\u1ec1u ki\u1ec7n th\u1eddi ti\u1ebft kh\u1eafc nghi\u1ec7t nh\u1ea5t. \u0110\u00e2y kh\u00f4ng ch\u1ec9 l\u00e0 m\u1ed9t s\u1ea3n ph\u1ea9m, m\u00e0 l\u00e0 m\u1ed9t kho\u1ea3n \u0111\u1ea7u t\u01b0 v\u00e0o ch\u1ea5t l\u01b0\u1ee3ng v\u00e0 hi\u1ec7u qu\u1ea3.<\/p>\n<h2>T\u1ed5ng quan v\u1ec1 s\u1ea3n ph\u1ea9m<\/h2>\n<p>Xi lanh th\u1ee7y l\u1ef1c cho m\u00e1y c\u00e0y tuy\u1ebft c\u1ee7a ch\u00fang t\u00f4i l\u00e0 s\u1ea3n ph\u1ea9m m\u1edbi \u0111\u01b0\u1ee3c c\u1ea3i ti\u1ebfn, phi\u00ean b\u1ea3n n\u0103m 2023, mang \u0111\u1ebfn \u0111\u1ed9 b\u1ec1n c\u1ee7a th\u00e2n th\u00e9p v\u00e0 s\u1ee9c m\u1ea1nh c\u1ee7a ch\u1ee9c n\u0103ng th\u1ee7y l\u1ef1c. N\u00f3 c\u00f3 c\u1ea5u tr\u00fac xi lanh piston ti\u00eau chu\u1ea9n v\u1edbi l\u1ef1c \u0111\u1ea9y t\u1ed1i \u0111a 3000 v\u00e0 l\u1ef1c k\u00e9o t\u1ed1i \u0111a 20 t\u1ea5n. \u0110\u01b0\u1eddng k\u00ednh l\u1ed7 xi \u200b\u200blanh t\u1eeb 2-6 inch, \u0111\u01b0\u1eddng k\u00ednh c\u1ea7n piston t\u1eeb 1.125-4 inch, v\u00e0 h\u00e0nh tr\u00ecnh piston t\u1eeb 4-100 inch. \u0110\u01b0\u1eddng k\u00ednh ch\u1ed1t piston t\u1eeb 0.5-2 inch, v\u00e0 s\u1ea3n ph\u1ea9m c\u00f3 m\u00e0u \u0111en b\u00f3ng b\u1ea9y.<\/p>\n<h3>Kh\u1ea3 n\u0103ng t\u00f9y ch\u1ec9nh v\u00e0 t\u00ednh linh ho\u1ea1t<\/h3>\n<p>Xi lanh n\u00e0y c\u00f3 th\u1ec3 t\u00f9y ch\u1ec9nh v\u1edbi c\u00e1c c\u1ed5ng G\/SAE\/NPT\/M, gi\u00fap n\u00f3 tr\u1edf n\u00ean linh ho\u1ea1t v\u00e0 th\u00edch \u1ee9ng v\u1edbi nhi\u1ec1u m\u1eabu m\u00e3 v\u00e0 th\u01b0\u01a1ng hi\u1ec7u m\u00e1y c\u00e0y tuy\u1ebft kh\u00e1c nhau. \u0110\u00e2y kh\u00f4ng ch\u1ec9 l\u00e0 m\u1ed9t xi lanh, m\u00e0 l\u00e0 m\u1ed9t gi\u1ea3i ph\u00e1p \u0111\u01b0\u1ee3c thi\u1ebft k\u1ebf ri\u00eang cho nhu c\u1ea7u c\u1ee5 th\u1ec3 c\u1ee7a b\u1ea1n.<\/p>\n<h3>B\u1ea3o tr\u00ec v\u00e0 B\u1ea3o h\u00e0nh<\/h3>\n<p>Ch\u00fang t\u00f4i cam k\u1ebft v\u1ec1 ch\u1ea5t l\u01b0\u1ee3ng s\u1ea3n ph\u1ea9m c\u1ee7a m\u00ecnh. \u0110\u00f3 l\u00e0 l\u00fd do t\u1ea1i sao ch\u00fang t\u00f4i cung c\u1ea5p b\u1ea3o h\u00e0nh m\u1ed9t n\u0103m kh\u00f4ng ch\u1ec9 cho s\u1ea3n ph\u1ea9m m\u00e0 c\u00f2n cho c\u00e1c b\u1ed9 ph\u1eadn c\u1ed1t l\u00f5i c\u1ee7a n\u00f3 \u2013 v\u00f2ng bi v\u00e0 xi lanh th\u1ee7y l\u1ef1c. Ch\u00fang t\u00f4i c\u0169ng cung c\u1ea5p video ki\u1ec3m tra tr\u01b0\u1edbc khi xu\u1ea5t x\u01b0\u1edfng v\u00e0 b\u00e1o c\u00e1o th\u1eed nghi\u1ec7m m\u00e1y m\u00f3c \u0111\u1ec3 b\u1ea1n y\u00ean t\u00e2m.<\/p>\n<h2>\u01afu \u0111i\u1ec3m c\u1ee7a xi lanh lo\u1ea1i ch\u1ed1t c\u00f3 th\u1ec3 \u0111i\u1ec1u ch\u1ec9nh<\/h2>\n<p>Xi lanh ki\u1ec3u c\u00e0ng n\u1ed1i \u0111i\u1ec1u ch\u1ec9nh \u0111\u01b0\u1ee3c mang l\u1ea1i nhi\u1ec1u \u01b0u \u0111i\u1ec3m so v\u1edbi c\u00e1c thi\u1ebft k\u1ebf xi lanh th\u1ee7y l\u1ef1c kh\u00e1c. Lo\u1ea1i xi lanh n\u00e0y \u0111\u01b0\u1ee3c s\u1eed d\u1ee5ng r\u1ed9ng r\u00e3i trong nhi\u1ec1u ng\u00e0nh c\u00f4ng nghi\u1ec7p nh\u1edd t\u00ednh linh ho\u1ea1t v\u00e0 hi\u1ec7u su\u1ea5t cao. Trong b\u00e0i vi\u1ebft n\u00e0y, ch\u00fang ta s\u1ebd th\u1ea3o lu\u1eadn chi ti\u1ebft v\u1ec1 nh\u1eefng \u01b0u \u0111i\u1ec3m ch\u00ednh c\u1ee7a xi lanh ki\u1ec3u c\u00e0ng n\u1ed1i \u0111i\u1ec1u ch\u1ec9nh \u0111\u01b0\u1ee3c.<\/p>\n<p>1. T\u00ednh linh ho\u1ea1t \u0111\u01b0\u1ee3c n\u00e2ng cao: Xi lanh ki\u1ec3u c\u00e0ng cua \u0111i\u1ec1u ch\u1ec9nh \u0111\u01b0\u1ee3c mang l\u1ea1i t\u00ednh linh ho\u1ea1t cao h\u01a1n v\u1ec1 c\u00e1c t\u00f9y ch\u1ecdn l\u1eafp \u0111\u1eb7t. C\u00e0ng cua cho ph\u00e9p k\u1ebft n\u1ed1i d\u1ec5 d\u00e0ng v\u00e0 c\u00f3 th\u1ec3 \u0111i\u1ec1u ch\u1ec9nh v\u1edbi c\u00e1c lo\u1ea1i thi\u1ebft b\u1ecb ho\u1eb7c m\u00e1y m\u00f3c kh\u00e1c nhau. T\u00ednh linh ho\u1ea1t n\u00e0y cho ph\u00e9p c\u00e1c xi lanh d\u1ec5 d\u00e0ng \u0111\u01b0\u1ee3c t\u00edch h\u1ee3p v\u00e0o nhi\u1ec1u \u1ee9ng d\u1ee5ng kh\u00e1c nhau, l\u00e0m cho ch\u00fang c\u00f3 t\u00ednh \u0111a d\u1ee5ng cao.<\/p>\n<p>2. \u0110\u1ed9 b\u1ec1n v\u00e0 \u0111\u1ed9 c\u1ee9ng v\u01b0\u1ee3t tr\u1ed9i: C\u00e1c xi lanh n\u00e0y \u0111\u01b0\u1ee3c thi\u1ebft k\u1ebf \u0111\u1ec3 c\u00f3 \u0111\u1ed9 b\u1ec1n v\u00e0 \u0111\u1ed9 c\u1ee9ng v\u01b0\u1ee3t tr\u1ed9i. \u0110i\u1ec1u n\u00e0y cho ph\u00e9p ch\u00fang ch\u1ecbu \u0111\u01b0\u1ee3c t\u1ea3i tr\u1ecdng n\u1eb7ng v\u00e0 ho\u1ea1t \u0111\u1ed9ng hi\u1ec7u qu\u1ea3 trong \u0111i\u1ec1u ki\u1ec7n kh\u1eafc nghi\u1ec7t. Gi\u00e1 \u0111\u1ee1 c\u00e0ng cua c\u00f3 th\u1ec3 \u0111i\u1ec1u ch\u1ec9nh gi\u00fap t\u0103ng th\u00eam \u0111\u1ed9 b\u1ec1n v\u00e0 \u0111\u1ed9 \u1ed5n \u0111\u1ecbnh t\u1ed5ng th\u1ec3 c\u1ee7a xi lanh, \u0111\u1ea3m b\u1ea3o hi\u1ec7u su\u1ea5t \u0111\u00e1ng tin c\u1eady ngay c\u1ea3 trong m\u00f4i tr\u01b0\u1eddng kh\u1eafc nghi\u1ec7t.<\/p>\n<p>3. \u0110\u1ecbnh v\u1ecb ch\u00ednh x\u00e1c: Xi lanh ki\u1ec3u c\u00e0ng n\u1ed1i \u0111i\u1ec1u ch\u1ec9nh \u0111\u01b0\u1ee3c cung c\u1ea5p kh\u1ea3 n\u0103ng \u0111\u1ecbnh v\u1ecb ch\u00ednh x\u00e1c. C\u00e0ng n\u1ed1i \u0111i\u1ec1u ch\u1ec9nh cho ph\u00e9p c\u0103n ch\u1ec9nh v\u00e0 \u0111\u1ecbnh v\u1ecb xi lanh m\u1ed9t c\u00e1ch ch\u00ednh x\u00e1c, \u0111\u1ea3m b\u1ea3o hi\u1ec7u su\u1ea5t v\u00e0 hi\u1ec7u qu\u1ea3 t\u1ed1i \u01b0u. T\u00ednh n\u0103ng n\u00e0y \u0111\u1eb7c bi\u1ec7t h\u1eefu \u00edch trong c\u00e1c \u1ee9ng d\u1ee5ng m\u00e0 vi\u1ec7c \u0111i\u1ec1u khi\u1ec3n v\u00e0 \u0111\u1ecbnh v\u1ecb ch\u00ednh x\u00e1c l\u00e0 r\u1ea5t quan tr\u1ecdng, ch\u1eb3ng h\u1ea1n nh\u01b0 trong thi\u1ebft b\u1ecb x\u1eed l\u00fd v\u1eadt li\u1ec7u ho\u1eb7c thi\u1ebft b\u1ecb x\u00e2y d\u1ef1ng.<\/p>\n<p>4. C\u00e1c t\u00f9y ch\u1ecdn t\u00f9y ch\u1ec9nh: Xi lanh ki\u1ec3u c\u00e0ng n\u1ed1i \u0111i\u1ec1u ch\u1ec9nh \u0111\u01b0\u1ee3c c\u00f3 th\u1ec3 \u0111\u01b0\u1ee3c t\u00f9y ch\u1ec9nh \u0111\u1ec3 \u0111\u00e1p \u1ee9ng c\u00e1c y\u00eau c\u1ea7u c\u1ee5 th\u1ec3. Vi\u1ec7c t\u00f9y ch\u1ec9nh n\u00e0y bao g\u1ed3m c\u00e1c t\u00f9y ch\u1ecdn v\u1ec1 chi\u1ec1u d\u00e0i h\u00e0nh tr\u00ecnh, \u0111\u01b0\u1eddng k\u00ednh l\u1ed7 v\u00e0 ki\u1ec3u l\u1eafp \u0111\u1eb7t. B\u1eb1ng c\u00e1ch \u0111i\u1ec1u ch\u1ec9nh xi lanh cho ph\u00f9 h\u1ee3p v\u1edbi nhu c\u1ea7u \u1ee9ng d\u1ee5ng, hi\u1ec7u su\u1ea5t t\u1ed1i \u01b0u c\u00f3 th\u1ec3 \u0111\u1ea1t \u0111\u01b0\u1ee3c, d\u1eabn \u0111\u1ebfn n\u0103ng su\u1ea5t v\u00e0 hi\u1ec7u qu\u1ea3 \u0111\u01b0\u1ee3c c\u1ea3i thi\u1ec7n.<\/p>\n<p>5. Ch\u1ee9c n\u0103ng t\u00e1c \u0111\u1ed9ng k\u00e9p: C\u00e1c xi lanh n\u00e0y ho\u1ea1t \u0111\u1ed9ng theo nguy\u00ean l\u00fd t\u00e1c \u0111\u1ed9ng k\u00e9p, ngh\u0129a l\u00e0 ch\u00fang t\u1ea1o ra l\u1ef1c theo c\u1ea3 hai h\u01b0\u1edbng chuy\u1ec3n \u0111\u1ed9ng. \u0110i\u1ec1u n\u00e0y cho ph\u00e9p v\u1eadn h\u00e0nh v\u00e0 \u0111i\u1ec1u khi\u1ec3n thi\u1ebft b\u1ecb hi\u1ec7u qu\u1ea3, v\u00ec xi lanh c\u00f3 th\u1ec3 m\u1edf r\u1ed9ng v\u00e0 thu l\u1ea1i m\u1ed9t c\u00e1ch tr\u01a1n tru v\u00e0 ch\u00ednh x\u00e1c. Ch\u1ee9c n\u0103ng t\u00e1c \u0111\u1ed9ng k\u00e9p l\u00e0m cho c\u00e1c xi lanh ki\u1ec3u c\u00e0ng n\u1ed1i \u0111i\u1ec1u ch\u1ec9nh ph\u00f9 h\u1ee3p v\u1edbi nhi\u1ec1u \u1ee9ng d\u1ee5ng, bao g\u1ed3m c\u1ea3 m\u00e1y c\u00e0y tuy\u1ebft.<\/p>\n<p>6. \u1ee8ng d\u1ee5ng m\u00e1y c\u00e0y tuy\u1ebft ch\u1ea5t l\u01b0\u1ee3ng cao: Xi lanh ki\u1ec3u c\u00e0ng n\u1ed1i \u0111i\u1ec1u ch\u1ec9nh \u0111\u01b0\u1ee3c th\u01b0\u1eddng \u0111\u01b0\u1ee3c s\u1eed d\u1ee5ng trong m\u00e1y c\u00e0y tuy\u1ebft nh\u1edd kh\u1ea3 n\u0103ng ch\u1ecbu \u0111\u01b0\u1ee3c c\u00e1c \u0111i\u1ec1u ki\u1ec7n kh\u1eafc nghi\u1ec7t v\u00e0 \u0111\u00f2i h\u1ecfi cao. C\u00e1c xi lanh n\u00e0y cung c\u1ea5p l\u1ef1c v\u00e0 kh\u1ea3 n\u0103ng \u0111i\u1ec1u khi\u1ec3n c\u1ea7n thi\u1ebft cho ho\u1ea1t \u0111\u1ed9ng c\u00e0y tuy\u1ebft hi\u1ec7u qu\u1ea3. \u0110\u1ed9 b\u1ec1n v\u00e0 \u0111\u1ed9 tin c\u1eady c\u1ee7a ch\u00fang khi\u1ebfn ch\u00fang tr\u1edf th\u00e0nh l\u1ef1a ch\u1ecdn \u01b0u ti\u00ean cho c\u00e1c \u1ee9ng d\u1ee5ng m\u00e1y c\u00e0y tuy\u1ebft.<\/p>\n<p>T\u00f3m l\u1ea1i, xi lanh ki\u1ec3u c\u00e0ng n\u1ed1i \u0111i\u1ec1u ch\u1ec9nh mang l\u1ea1i nhi\u1ec1u \u01b0u \u0111i\u1ec3m, khi\u1ebfn ch\u00fang tr\u1edf th\u00e0nh l\u1ef1a ch\u1ecdn ph\u1ed5 bi\u1ebfn trong nhi\u1ec1u ng\u00e0nh c\u00f4ng nghi\u1ec7p. T\u00ednh linh ho\u1ea1t, \u0111\u1ed9 b\u1ec1n, kh\u1ea3 n\u0103ng \u0111\u1ecbnh v\u1ecb ch\u00ednh x\u00e1c, c\u00e1c t\u00f9y ch\u1ecdn t\u00f9y ch\u1ec9nh, ch\u1ee9c n\u0103ng t\u00e1c \u0111\u1ed9ng k\u00e9p v\u00e0 s\u1ef1 ph\u00f9 h\u1ee3p cho c\u00e1c \u1ee9ng d\u1ee5ng m\u00e1y c\u00e0y tuy\u1ebft khi\u1ebfn ch\u00fang tr\u1edf th\u00e0nh gi\u1ea3i ph\u00e1p xi lanh th\u1ee7y l\u1ef1c l\u00fd t\u01b0\u1edfng. Khi l\u1ef1a ch\u1ecdn xi lanh cho d\u1ef1 \u00e1n ti\u1ebfp theo c\u1ee7a b\u1ea1n, h\u00e3y c\u00e2n nh\u1eafc nh\u1eefng \u01b0u \u0111i\u1ec3m v\u00e0 l\u1ee3i \u00edch m\u00e0 xi lanh ki\u1ec3u c\u00e0ng n\u1ed1i \u0111i\u1ec1u ch\u1ec9nh mang l\u1ea1i.<\/p>\n<p>L\u01b0u \u00fd: Xi lanh th\u1ee7y l\u1ef1c t\u00e1c \u0111\u1ed9ng k\u00e9p ch\u1ea5t l\u01b0\u1ee3ng cao d\u00e0nh ri\u00eang cho m\u00e1y c\u00e0y tuy\u1ebft.<\/p>\n<h3>Gi\u1edbi thi\u1ec7u v\u1ec1 FMP<\/h3>\n<p>FMP l\u00e0 ngu\u1ed3n cung c\u1ea5p xi lanh th\u1ee7y l\u1ef1c ch\u1ea5t l\u01b0\u1ee3ng cao \u0111\u00e1ng tin c\u1eady trong ng\u00e0nh m\u00e1y m\u00f3c x\u00e2y d\u1ef1ng. V\u1edbi nhi\u1ec1u n\u0103m kinh nghi\u1ec7m trong ng\u00e0nh v\u00e0 \u0111\u1ed9i ng\u0169 chuy\u00ean nghi\u1ec7p, ch\u00fang t\u00f4i cam k\u1ebft cung c\u1ea5p ph\u1ee5 t\u00f9ng m\u00e1y m\u00f3c x\u00e2y d\u1ef1ng h\u00e0ng \u0111\u1ea7u v\u00e0 gi\u1ea3i ph\u00e1p m\u00e1y m\u00f3c to\u00e0n di\u1ec7n cho kh\u00e1ch h\u00e0ng th\u00e2n thi\u1ebft.<\/p>\n<p>Sau \u0111\u00e2y l\u00e0 n\u0103m l\u00fd do t\u1ea1i sao b\u1ea1n n\u00ean ch\u1ecdn FMP cho nhu c\u1ea7u Xi lanh th\u1ee7y l\u1ef1c c\u1ee7a m\u00ecnh:<\/p>\n<ol>\n<li><strong>Nhi\u1ec1u l\u1ef1a ch\u1ecdn:<\/strong> D\u00f2ng s\u1ea3n ph\u1ea9m c\u1ee7a ch\u00fang t\u00f4i bao g\u1ed3m nhi\u1ec1u lo\u1ea1i Xi lanh th\u1ee7y l\u1ef1c ph\u00f9 h\u1ee3p v\u1edbi nhi\u1ec1u lo\u1ea1i m\u00e1y m\u00f3c x\u00e2y d\u1ef1ng kh\u00e1c nhau. Cho d\u00f9 b\u1ea1n c\u1ea7n xi lanh t\u00e1c \u0111\u1ed9ng \u0111\u01a1n hay t\u00e1c \u0111\u1ed9ng k\u00e9p, xi lanh \u1ed1ng l\u1ed3ng hay xi lanh thanh gi\u1eb1ng, ch\u00fang t\u00f4i \u0111\u1ec1u c\u00f3 gi\u1ea3i ph\u00e1p ph\u00f9 h\u1ee3p \u0111\u1ec3 \u0111\u00e1p \u1ee9ng nhu c\u1ea7u c\u1ee7a b\u1ea1n.<\/li>\n<li><strong>Ch\u1ea5t l\u01b0\u1ee3ng v\u01b0\u1ee3t tr\u1ed9i:<\/strong> Ch\u00fang t\u00f4i \u0111\u00e3 thi\u1ebft l\u1eadp m\u1ed1i quan h\u1ec7 l\u00e2u d\u00e0i v\u00e0 \u1ed5n \u0111\u1ecbnh v\u1edbi c\u00e1c nh\u00e0 cung c\u1ea5p ch\u1ea5t l\u01b0\u1ee3ng cao, c\u1ea3 trong n\u01b0\u1edbc v\u00e0 qu\u1ed1c t\u1ebf. \u0110i\u1ec1u n\u00e0y \u0111\u1ea3m b\u1ea3o t\u1ea5t c\u1ea3 c\u00e1c xi lanh th\u1ee7y l\u1ef1c c\u1ee7a ch\u00fang t\u00f4i \u0111\u1ec1u \u0111\u00e1p \u1ee9ng c\u00e1c ti\u00eau chu\u1ea9n ch\u1ea5t l\u01b0\u1ee3ng nghi\u00eam ng\u1eb7t, mang \u0111\u1ebfn cho b\u1ea1n nh\u1eefng linh ki\u1ec7n \u0111\u00e1ng tin c\u1eady v\u00e0 b\u1ec1n b\u1ec9, \u0111\u00e1p \u1ee9ng m\u1ecdi y\u00eau c\u1ea7u c\u1ee7a d\u1ef1 \u00e1n.<\/li>\n<li><strong>\u0110\u1ed9i ng\u0169 b\u00e1n h\u00e0ng chuy\u00ean gia:<\/strong> \u0110\u1ed9i ng\u0169 b\u00e1n h\u00e0ng gi\u00e0u kinh nghi\u1ec7m v\u00e0 am hi\u1ec3u c\u1ee7a ch\u00fang t\u00f4i lu\u00f4n s\u1eb5n s\u00e0ng t\u01b0 v\u1ea5n s\u1ea3n ph\u1ea9m chuy\u00ean nghi\u1ec7p v\u00e0 \u0111\u01b0a ra nh\u1eefng g\u1ee3i \u00fd mua h\u00e0ng th\u00f4ng minh, gi\u00fap b\u1ea1n \u0111\u01b0a ra quy\u1ebft \u0111\u1ecbnh s\u00e1ng su\u1ed1t.<\/li>\n<li><strong>H\u1eadu c\u1ea7n hi\u1ec7u qu\u1ea3:<\/strong> Ch\u00fang t\u00f4i hi\u1ec3u t\u1ea7m quan tr\u1ecdng c\u1ee7a vi\u1ec7c giao h\u00e0ng \u0111\u00fang h\u1ea1n. V\u1edbi h\u1ec7 th\u1ed1ng ph\u00e2n ph\u1ed1i h\u1eadu c\u1ea7n hi\u1ec7u qu\u1ea3, ch\u00fang t\u00f4i \u0111\u1ea3m b\u1ea3o b\u1ea1n nh\u1eadn \u0111\u01b0\u1ee3c Xi lanh th\u1ee7y l\u1ef1c theo y\u00eau c\u1ea7u m\u1ed9t c\u00e1ch k\u1ecbp th\u1eddi v\u00e0 ch\u00ednh x\u00e1c. B\u1ea1n c\u00f3 th\u1ec3 tin t\u01b0\u1edfng ch\u00fang t\u00f4i s\u1ebd \u0111\u1ea3m b\u1ea3o d\u1ef1 \u00e1n c\u1ee7a b\u1ea1n \u0111\u00fang ti\u1ebfn \u0111\u1ed9.<\/li>\n<li><strong>D\u1ecbch v\u1ee5 kh\u00e1ch h\u00e0ng \u0111\u1eb7c bi\u1ec7t:<\/strong> T\u1ea1i FMP, ch\u00fang t\u00f4i tr\u00e2n tr\u1ecdng kh\u00e1ch h\u00e0ng v\u00e0 lu\u00f4n n\u1ed7 l\u1ef1c cung c\u1ea5p d\u1ecbch v\u1ee5 xu\u1ea5t s\u1eafc. \u0110\u1ed9i ng\u0169 t\u1eadn t\u00e2m c\u1ee7a ch\u00fang t\u00f4i cam k\u1ebft gi\u1ea3i quy\u1ebft nhanh ch\u00f3ng c\u00e1c th\u1eafc m\u1eafc v\u00e0 lo l\u1eafng c\u1ee7a b\u1ea1n, \u0111\u1ea3m b\u1ea3o tr\u1ea3i nghi\u1ec7m h\u1ee3p t\u00e1c su\u00f4n s\u1ebb v\u00e0 h\u00e0i l\u00f2ng.<\/li>\n<\/ol>\n<p>H\u00e3y xem k\u1ef9 h\u01a1n v\u1ec1 Xi lanh lo\u1ea1i ch\u1ed1t c\u00f3 th\u1ec3 \u0111i\u1ec1u ch\u1ec9nh c\u1ee7a ch\u00fang t\u00f4i b\u00ean d\u01b0\u1edbi:<\/p>\n<p><img decoding=\"async\" src=\"https:\/\/fmp-components.com\/wp-content\/uploads\/2024\/12\/Adjustable-Clevis-Type-Cylinders-6.webp\" alt=\"Xi lanh lo\u1ea1i Clevis c\u00f3 th\u1ec3 \u0111i\u1ec1u ch\u1ec9nh\" width=\"821\" title=\"\"><\/p>\n<h2>Nh\u1eefng c\u00e2u h\u1ecfi th\u01b0\u1eddng g\u1eb7p<\/h2>\n<h3>Q: B\u1ea1n l\u00e0 c\u00f4ng ty th\u01b0\u01a1ng m\u1ea1i hay nh\u00e0 s\u1ea3n xu\u1ea5t?<\/h3>\n<p>A: Ch\u00fang t\u00f4i l\u00e0 m\u1ed9t nh\u00e0 m\u00e1y s\u1ea3n xu\u1ea5t xi lanh th\u1ee7y l\u1ef1c v\u00e0 c\u00e1c b\u1ed9 ph\u1eadn m\u00e1y m\u00f3c kh\u00e1c ch\u1ea5t l\u01b0\u1ee3ng cao.<\/p>\n<h3>Q: Th\u1eddi gian giao h\u00e0ng c\u1ee7a b\u1ea1n l\u00e0 bao l\u00e2u?<\/h3>\n<p>A: Th\u00f4ng th\u01b0\u1eddng l\u00e0 25-35 ng\u00e0y.<\/p>\n<h3>H: B\u1ea1n c\u00f3 cung c\u1ea5p m\u1eabu th\u1eed kh\u00f4ng? M\u1eabu mi\u1ec5n ph\u00ed hay t\u00ednh th\u00eam ph\u00ed?<\/h3>\n<p>A: C\u00f3, ch\u00fang t\u00f4i c\u00f3 th\u1ec3 cung c\u1ea5p m\u1eabu nh\u01b0ng kh\u00f4ng mi\u1ec5n ph\u00ed.<\/p>\n<p><img decoding=\"async\" title=\"Xi lanh th\u1ee7y l\u1ef1c m\u00e1y c\u00e0y tuy\u1ebft\" src=\"https:\/\/hzpt.com\/wp-content\/uploads\/2023\/11\/Snow-Plow-Hydraulic-Cylinder-1.webp\" alt=\"Xi lanh th\u1ee7y l\u1ef1c m\u00e1y c\u00e0y tuy\u1ebft\" \/><\/p>\n<p>T\u00e1c gi\u1ea3: CX<\/p>","protected":false},"excerpt":{"rendered":"<p>Good Quality Snow Plow Customized Double Acting Hydraulic CylinderGood Quality Snow Plow Customized Double Acting Hydraulic Cylinder If you&#8217;re looking for a reliable and efficient hydraulic cylinder for your snow plow, look no further than our Good Quality Snow Plow Customized Double Acting Hydraulic Cylinder. This high-quality cylinder is custom designed and tailored to meet [&hellip;]<\/p>","protected":false},"featured_media":1487,"comment_status":"closed","ping_status":"closed","template":"","meta":{"_et_pb_use_builder":"","_et_pb_old_content":"","_et_gb_content_width":""},"product_brand":[],"product_cat":[42],"product_tag":[34,44],"class_list":{"0":"post-1486","1":"product","2":"type-product","3":"status-publish","4":"has-post-thumbnail","6":"product_cat-snow-plow-hydraulic-cylinder","7":"product_tag-hydraulic-cylinder","8":"product_tag-snow-plow-hydraulic-cylinder","10":"first","11":"instock","12":"product-type-simple"},"_links":{"self":[{"href":"https:\/\/fmp-components.com\/vi\/wp-json\/wp\/v2\/product\/1486","targetHints":{"allow":["GET"]}}],"collection":[{"href":"https:\/\/fmp-components.com\/vi\/wp-json\/wp\/v2\/product"}],"about":[{"href":"https:\/\/fmp-components.com\/vi\/wp-json\/wp\/v2\/types\/product"}],"replies":[{"embeddable":true,"href":"https:\/\/fmp-components.com\/vi\/wp-json\/wp\/v2\/comments?post=1486"}],"wp:featuredmedia":[{"embeddable":true,"href":"https:\/\/fmp-components.com\/vi\/wp-json\/wp\/v2\/media\/1487"}],"wp:attachment":[{"href":"https:\/\/fmp-components.com\/vi\/wp-json\/wp\/v2\/media?parent=1486"}],"wp:term":[{"taxonomy":"product_brand","embeddable":true,"href":"https:\/\/fmp-components.com\/vi\/wp-json\/wp\/v2\/product_brand?post=1486"},{"taxonomy":"product_cat","embeddable":true,"href":"https:\/\/fmp-components.com\/vi\/wp-json\/wp\/v2\/product_cat?post=1486"},{"taxonomy":"product_tag","embeddable":true,"href":"https:\/\/fmp-components.com\/vi\/wp-json\/wp\/v2\/product_tag?post=1486"}],"curies":[{"name":"wp","href":"https:\/\/api.w.org\/{rel}","templated":true}]}}