{"id":1484,"date":"2024-12-23T05:50:37","date_gmt":"2024-12-23T05:50:37","guid":{"rendered":"https:\/\/fmp-components.com\/product\/factory-price-2-ton-small-double-acting-hydraulic-cylinder\/"},"modified":"2025-03-18T02:09:32","modified_gmt":"2025-03-18T02:09:32","slug":"factory-price-2-ton-small-double-acting-hydraulic-cylinder","status":"publish","type":"product","link":"https:\/\/fmp-components.com\/vi\/product\/factory-price-2-ton-small-double-acting-hydraulic-cylinder\/","title":{"rendered":"Gi\u00e1 xu\u1ea5t x\u01b0\u1edfng Xi lanh th\u1ee7y l\u1ef1c t\u00e1c \u0111\u1ed9ng k\u00e9p nh\u1ecf 2 t\u1ea5n"},"content":{"rendered":"<h2>Gi\u00e1 xu\u1ea5t x\u01b0\u1edfng Xi lanh th\u1ee7y l\u1ef1c t\u00e1c \u0111\u1ed9ng k\u00e9p nh\u1ecf 2 t\u1ea5n<\/h2>\n<p>Xi lanh th\u1ee7y l\u1ef1c t\u00e1c \u0111\u1ed9ng k\u00e9p nh\u1ecf 2 t\u1ea5n gi\u00e1 xu\u1ea5t x\u01b0\u1edfng l\u00e0 s\u1ea3n ph\u1ea9m ch\u1ea5t l\u01b0\u1ee3ng cao \u0111\u01b0\u1ee3c thi\u1ebft k\u1ebf \u0111\u1ec3 \u0111\u00e1p \u1ee9ng nhu c\u1ea7u c\u1ee7a nhi\u1ec1u ng\u00e0nh c\u00f4ng nghi\u1ec7p kh\u00e1c nhau. V\u1edbi k\u00edch th\u01b0\u1edbc nh\u1ecf g\u1ecdn v\u00e0 thi\u1ebft k\u1ebf hi\u1ec7u qu\u1ea3, xi lanh th\u1ee7y l\u1ef1c n\u00e0y \u0111\u1ea3m b\u1ea3o hi\u1ec7u su\u1ea5t v\u00e0 \u0111\u1ed9 tin c\u1eady t\u1ed1i \u01b0u.<\/p>\n<p>V\u1edbi c\u01a1 ch\u1ebf t\u00e1c \u0111\u1ed9ng k\u00e9p, xi lanh th\u1ee7y l\u1ef1c n\u00e0y cho ph\u00e9p piston v\u1eeba k\u00e9o ra v\u1eeba r\u00fat v\u00e0o, mang l\u1ea1i kh\u1ea3 n\u0103ng \u0111i\u1ec1u khi\u1ec3n ch\u00ednh x\u00e1c v\u00e0 v\u1eadn h\u00e0nh tr\u01a1n tru. D\u00f9 n\u00e2ng v\u1eadt n\u1eb7ng, \u0111\u1ea9y hay k\u00e9o, xi lanh n\u00e0y \u0111\u1ec1u t\u1ea1o ra l\u1ef1c m\u1ea1nh m\u1ebd v\u00e0 \u1ed5n \u0111\u1ecbnh.<\/p>\n<p>\u0110\u01b0\u1ee3c ch\u1ebf t\u1ea1o t\u1eeb v\u1eadt li\u1ec7u b\u1ec1n b\u1ec9, xi lanh th\u1ee7y l\u1ef1c n\u00e0y mang l\u1ea1i \u0111\u1ed9 b\u1ec1n v\u00e0 tu\u1ed5i th\u1ecd v\u01b0\u1ee3t tr\u1ed9i. S\u1ea3n ph\u1ea9m \u0111\u01b0\u1ee3c thi\u1ebft k\u1ebf \u0111\u1ec3 ch\u1ecbu \u0111\u01b0\u1ee3c c\u01b0\u1eddng \u0111\u1ed9 s\u1eed d\u1ee5ng cao v\u00e0 \u0111i\u1ec1u ki\u1ec7n l\u00e0m vi\u1ec7c kh\u1eafc nghi\u1ec7t, \u0111\u1ea3m b\u1ea3o hi\u1ec7u su\u1ea5t \u0111\u00e1ng tin c\u1eady ngay c\u1ea3 trong nh\u1eefng \u1ee9ng d\u1ee5ng kh\u1eaft khe.<\/p>\n<p>Xi lanh th\u1ee7y l\u1ef1c t\u00e1c \u0111\u1ed9ng k\u00e9p nh\u1ecf 2 t\u1ea5n gi\u00e1 xu\u1ea5t x\u01b0\u1edfng d\u1ec5 l\u1eafp \u0111\u1eb7t v\u00e0 b\u1ea3o tr\u00ec. S\u1ea3n ph\u1ea9m \u0111\u01b0\u1ee3c thi\u1ebft k\u1ebf \u0111\u1ec3 v\u1eadn h\u00e0nh tr\u01a1n tru, gi\u1ea3m th\u1eddi gian ch\u1ebft v\u00e0 t\u0103ng n\u0103ng su\u1ea5t. K\u00edch th\u01b0\u1edbc nh\u1ecf g\u1ecdn ph\u00f9 h\u1ee3p v\u1edbi kh\u00f4ng gian ch\u1eadt h\u1eb9p, cho ph\u00e9p linh ho\u1ea1t l\u1ef1a ch\u1ecdn l\u1eafp \u0111\u1eb7t.<\/p>\n<p>V\u1edbi gi\u00e1 xu\u1ea5t x\u01b0\u1edfng c\u1ea1nh tranh, xi lanh th\u1ee7y l\u1ef1c n\u00e0y mang l\u1ea1i gi\u00e1 tr\u1ecb tuy\u1ec7t v\u1eddi. N\u00f3 cung c\u1ea5p m\u1ed9t gi\u1ea3i ph\u00e1p ti\u1ebft ki\u1ec7m chi ph\u00ed m\u00e0 kh\u00f4ng \u1ea3nh h\u01b0\u1edfng \u0111\u1ebfn ch\u1ea5t l\u01b0\u1ee3ng ho\u1eb7c hi\u1ec7u su\u1ea5t.<\/p>\n<p>T\u00f3m l\u1ea1i, Xi lanh th\u1ee7y l\u1ef1c t\u00e1c \u0111\u1ed9ng k\u00e9p nh\u1ecf 2 t\u1ea5n gi\u00e1 xu\u1ea5t x\u01b0\u1edfng l\u00e0 l\u1ef1a ch\u1ecdn l\u00fd t\u01b0\u1edfng cho c\u00e1c ng\u00e0nh c\u00f4ng nghi\u1ec7p \u0111\u00f2i h\u1ecfi h\u1ec7 th\u1ed1ng th\u1ee7y l\u1ef1c hi\u1ec7u qu\u1ea3 v\u00e0 \u0111\u00e1ng tin c\u1eady. K\u00edch th\u01b0\u1edbc nh\u1ecf g\u1ecdn, \u0111\u1ed9 b\u1ec1n cao v\u00e0 gi\u00e1 c\u1ea3 c\u1ea1nh tranh khi\u1ebfn s\u1ea3n ph\u1ea9m tr\u1edf th\u00e0nh m\u1ed9t t\u00e0i s\u1ea3n gi\u00e1 tr\u1ecb trong nhi\u1ec1u \u1ee9ng d\u1ee5ng kh\u00e1c nhau.<img decoding=\"async\" title=\"Xi lanh th\u1ee7y l\u1ef1c m\u00e1y c\u00e0y tuy\u1ebft\" src=\"https:\/\/hzpt.com\/wp-content\/uploads\/2023\/11\/Snow-Plow-Hydraulic-Cylinder-1.webp\" alt=\"Xi lanh th\u1ee7y l\u1ef1c m\u00e1y c\u00e0y tuy\u1ebft\" \/><\/p>\n<h2>T\u00ednh n\u0103ng s\u1ea3n ph\u1ea9m v\u00e0 b\u1ea3o tr\u00ec<\/h2>\n<p>\u0110\u01b0\u1ee3c ch\u1ebf t\u1ea1o b\u1eb1ng th\u00e2n th\u00e9p, xi lanh th\u1ee7y l\u1ef1c c\u1ee7a ch\u00fang t\u00f4i \u0111\u1ea3m b\u1ea3o \u0111\u1ed9 b\u1ec1n v\u00e0 ch\u1eafc ch\u1eafn. Ho\u1ea1t \u0111\u1ed9ng theo h\u1ec7 th\u1ed1ng th\u1ee7y l\u1ef1c v\u00e0 \u0111\u01b0\u1ee3c thi\u1ebft k\u1ebf v\u1edbi c\u1ea5u tr\u00fac xi lanh piston ti\u00eau chu\u1ea9n. Xi lanh \u0111\u00e3 \u0111\u01b0\u1ee3c ch\u1ee9ng nh\u1eadn ISO9001:2000, \u0111\u1ea3m b\u1ea3o \u0111\u00e1p \u1ee9ng c\u00e1c ti\u00eau chu\u1ea9n ch\u1ea5t l\u01b0\u1ee3ng qu\u1ed1c t\u1ebf. N\u00f3 c\u0169ng \u0111\u01b0\u1ee3c thi\u1ebft k\u1ebf \u0111\u1ec3 ch\u1ecbu \u0111\u01b0\u1ee3c l\u1ef1c \u0111\u1ea9y t\u1ed1i \u0111a 3000 v\u00e0 l\u1ef1c k\u00e9o t\u1ed1i \u0111a 20 t\u1ea5n.<\/p>\n<p>Xi lanh th\u1ee7y l\u1ef1c c\u1ee7a ch\u00fang t\u00f4i d\u1ec5 b\u1ea3o tr\u00ec v\u00e0 \u0111\u01b0\u1ee3c b\u1ea3o h\u00e0nh 1 n\u0103m, \u0111\u1ea3m b\u1ea3o b\u1ea1n nh\u1eadn \u0111\u01b0\u1ee3c gi\u00e1 tr\u1ecb t\u1ed1t nh\u1ea5t cho s\u1ed1 ti\u1ec1n b\u1ecf ra. C\u00e1c b\u1ed9 ph\u1eadn c\u1ed1t l\u00f5i, bao g\u1ed3m \u1ed5 tr\u1ee5c v\u00e0 xi lanh th\u1ee7y l\u1ef1c, c\u0169ng \u0111\u01b0\u1ee3c b\u1ea3o h\u00e0nh.<\/p>\n<h3>\u1ee8ng d\u1ee5ng ph\u1ed5 bi\u1ebfn<\/h3>\n<p>Xi lanh th\u1ee7y l\u1ef1c n\u00e0y r\u1ea5t linh ho\u1ea1t v\u00e0 c\u00f3 th\u1ec3 \u0111\u01b0\u1ee3c s\u1eed d\u1ee5ng trong nhi\u1ec1u \u1ee9ng d\u1ee5ng kh\u00e1c nhau. N\u00f3 th\u01b0\u1eddng \u0111\u01b0\u1ee3c s\u1eed d\u1ee5ng trong c\u00e1c h\u1ec7 th\u1ed1ng th\u1ee7y l\u1ef1c c\u00e0y tuy\u1ebft, khi\u1ebfn n\u00f3 tr\u1edf th\u00e0nh m\u1ed9t th\u00e0nh ph\u1ea7n quan tr\u1ecdng trong nh\u1eefng th\u00e1ng m\u00f9a \u0111\u00f4ng. C\u00e1c c\u1ed5ng c\u1ee7a n\u00f3 t\u01b0\u01a1ng th\u00edch v\u1edbi G\/SAE\/NPT\/M, gi\u00fap n\u00f3 c\u00f3 kh\u1ea3 n\u0103ng th\u00edch \u1ee9ng cao v\u1edbi nhi\u1ec1u h\u1ec7 th\u1ed1ng kh\u00e1c nhau.<\/p>\n<h2>\u01afu \u0111i\u1ec3m c\u1ee7a xi lanh lo\u1ea1i ch\u1ed1t c\u00f3 th\u1ec3 \u0111i\u1ec1u ch\u1ec9nh<\/h2>\n<p>Xi lanh th\u1ee7y l\u1ef1c lo\u1ea1i ch\u1ed1t \u0111i\u1ec1u ch\u1ec9nh, c\u00f2n \u0111\u01b0\u1ee3c g\u1ecdi l\u00e0 xi lanh th\u1ee7y l\u1ef1c, l\u00e0 m\u1ed9t th\u00e0nh ph\u1ea7n quan tr\u1ecdng trong nhi\u1ec1u ng\u00e0nh c\u00f4ng nghi\u1ec7p nh\u1edd ch\u1ee9c n\u0103ng \u0111a d\u1ea1ng v\u00e0 nhi\u1ec1u \u01b0u \u0111i\u1ec3m. Trong b\u00e0i vi\u1ebft n\u00e0y, ch\u00fang ta s\u1ebd kh\u00e1m ph\u00e1 nh\u1eefng l\u1ee3i \u00edch ch\u00ednh c\u1ee7a lo\u1ea1i xi lanh n\u00e0y v\u00e0 c\u00e1ch ch\u00fang c\u00f3 th\u1ec3 n\u00e2ng cao hi\u1ec7u qu\u1ea3 v\u00e0 n\u0103ng su\u1ea5t trong c\u00e1c \u1ee9ng d\u1ee5ng kh\u00e1c nhau.<\/p>\n<h3>1. T\u0103ng c\u01b0\u1eddng t\u00ednh linh ho\u1ea1t<\/h3>\n<p>M\u1ed9t trong nh\u1eefng \u01b0u \u0111i\u1ec3m ch\u00ednh c\u1ee7a xi lanh lo\u1ea1i ch\u1ed1t \u0111i\u1ec1u ch\u1ec9nh l\u00e0 kh\u1ea3 n\u0103ng mang l\u1ea1i t\u00ednh linh ho\u1ea1t cao h\u01a1n trong nhi\u1ec1u h\u1ec7 th\u1ed1ng th\u1ee7y l\u1ef1c kh\u00e1c nhau. C\u00e1c xi lanh n\u00e0y \u0111\u01b0\u1ee3c thi\u1ebft k\u1ebf \u0111\u1ec3 c\u00f3 th\u1ec3 \u0111i\u1ec1u ch\u1ec9nh, cho ph\u00e9p ng\u01b0\u1eddi d\u00f9ng thay \u0111\u1ed5i chi\u1ec1u d\u00e0i, h\u00e0nh tr\u00ecnh v\u00e0 v\u1ecb tr\u00ed l\u1eafp \u0111\u1eb7t theo y\u00eau c\u1ea7u c\u1ee5 th\u1ec3. T\u00ednh linh ho\u1ea1t n\u00e0y cho ph\u00e9p ch\u00fang th\u00edch \u1ee9ng v\u1edbi c\u00e1c \u0111i\u1ec1u ki\u1ec7n v\u1eadn h\u00e0nh kh\u00e1c nhau v\u00e0 t\u1ed1i \u01b0u h\u00f3a hi\u1ec7u su\u1ea5t trong c\u00e1c \u1ee9ng d\u1ee5ng \u0111a d\u1ea1ng, n\u00e2ng cao t\u00ednh linh ho\u1ea1t t\u1ed5ng th\u1ec3 c\u1ee7a h\u1ec7 th\u1ed1ng.<\/p>\n<h3>2. C\u1ea3i thi\u1ec7n kh\u1ea3 n\u0103ng x\u1eed l\u00fd t\u1ea3i<\/h3>\n<p>Xi lanh lo\u1ea1i ch\u1ed1t \u0111i\u1ec1u ch\u1ec9nh \u0111\u01b0\u1ee3c thi\u1ebft k\u1ebf \u0111\u1ec3 ch\u1ecbu \u0111\u01b0\u1ee3c t\u1ea3i tr\u1ecdng n\u1eb7ng v\u00e0 mang l\u1ea1i kh\u1ea3 n\u0103ng x\u1eed l\u00fd t\u1ea3i tr\u1ecdng hi\u1ec7u qu\u1ea3. V\u1edbi ch\u1ee9c n\u0103ng t\u00e1c \u0111\u1ed9ng k\u00e9p, c\u00e1c xi lanh n\u00e0y c\u00f3 th\u1ec3 t\u1ea1o l\u1ef1c \u1edf c\u1ea3 h\u00e0nh tr\u00ecnh k\u00e9o d\u00e0i v\u00e0 thu l\u1ea1i, gi\u00fap ch\u00fang c\u1ef1c k\u1ef3 hi\u1ec7u qu\u1ea3 trong vi\u1ec7c di chuy\u1ec3n v\u00e0 thao t\u00e1c c\u00e1c v\u1eadt n\u1eb7ng. Kh\u1ea3 n\u0103ng x\u1eed l\u00fd t\u1ea3i tr\u1ecdng v\u01b0\u1ee3t tr\u1ed9i n\u00e0y \u0111\u1ea3m b\u1ea3o ho\u1ea1t \u0111\u1ed9ng tr\u01a1n tru v\u00e0 ch\u00ednh x\u00e1c, gi\u1ea3m thi\u1ec3u th\u1eddi gian ch\u1ebft v\u00e0 t\u1ed1i \u0111a h\u00f3a n\u0103ng su\u1ea5t.<\/p>\n<h3>3. Ki\u1ec3m so\u00e1t ch\u00ednh x\u00e1c<\/h3>\n<p>\u0110\u1ed9 ch\u00ednh x\u00e1c v\u00e0 kh\u1ea3 n\u0103ng ki\u1ec3m so\u00e1t ch\u00ednh x\u00e1c l\u00e0 nh\u1eefng y\u1ebfu t\u1ed1 then ch\u1ed1t trong nhi\u1ec1u quy tr\u00ecnh c\u00f4ng nghi\u1ec7p. Xi lanh lo\u1ea1i ch\u1ed1t \u0111i\u1ec1u ch\u1ec9nh v\u01b0\u1ee3t tr\u1ed9i v\u1ec1 m\u1eb7t n\u00e0y, mang l\u1ea1i kh\u1ea3 n\u0103ng ki\u1ec3m so\u00e1t ch\u00ednh x\u00e1c chuy\u1ec3n \u0111\u1ed9ng v\u00e0 v\u1ecb tr\u00ed c\u1ee7a t\u1ea3i. Nh\u1eefng xi lanh n\u00e0y c\u00f3 th\u1ec3 \u0111\u01b0\u1ee3c \u0111i\u1ec1u ch\u1ec9nh ch\u00ednh x\u00e1c \u0111\u1ec3 \u0111\u1ea1t \u0111\u01b0\u1ee3c t\u1ed1c \u0111\u1ed9, l\u1ef1c v\u00e0 v\u1ecb tr\u00ed mong mu\u1ed1n, \u0111\u1ea3m b\u1ea3o hi\u1ec7u su\u1ea5t t\u1ed1i \u01b0u trong nhi\u1ec1u \u1ee9ng d\u1ee5ng. M\u1ee9c \u0111\u1ed9 ki\u1ec3m so\u00e1t n\u00e0y kh\u00f4ng ch\u1ec9 c\u1ea3i thi\u1ec7n n\u0103ng su\u1ea5t m\u00e0 c\u00f2n n\u00e2ng cao an to\u00e0n v\u00e0 gi\u1ea3m thi\u1ec3u nguy c\u01a1 sai s\u00f3t ho\u1eb7c tai n\u1ea1n.<\/p>\n<h3>4. \u0110\u1ed9 b\u1ec1n v\u00e0 \u0111\u1ed9 tin c\u1eady<\/h3>\n<p>Xi lanh lo\u1ea1i ch\u1ed1t \u0111i\u1ec1u ch\u1ec9nh \u0111\u01b0\u1ee3c ch\u1ebf t\u1ea1o \u0111\u1ec3 ch\u1ecbu \u0111\u01b0\u1ee3c c\u00e1c \u0111i\u1ec1u ki\u1ec7n v\u1eadn h\u00e0nh kh\u1eafc nghi\u1ec7t v\u00e0 mang l\u1ea1i \u0111\u1ed9 b\u1ec1n l\u00e2u d\u00e0i. Ch\u00fang \u0111\u01b0\u1ee3c ch\u1ebf t\u1ea1o b\u1eb1ng v\u1eadt li\u1ec7u ch\u1ea5t l\u01b0\u1ee3ng cao v\u00e0 tr\u1ea3i qua qu\u00e1 tr\u00ecnh ki\u1ec3m tra nghi\u00eam ng\u1eb7t \u0111\u1ec3 \u0111\u1ea3m b\u1ea3o \u0111\u1ed9 tin c\u1eady v\u00e0 hi\u1ec7u su\u1ea5t. C\u00e1c xi lanh n\u00e0y \u0111\u01b0\u1ee3c thi\u1ebft k\u1ebf \u0111\u1ec3 ch\u1ecbu \u0111\u01b0\u1ee3c \u00e1p su\u1ea5t cao, nhi\u1ec7t \u0111\u1ed9 kh\u1eafc nghi\u1ec7t v\u00e0 m\u00f4i tr\u01b0\u1eddng kh\u1eafc nghi\u1ec7t, ph\u00f9 h\u1ee3p \u0111\u1ec3 s\u1eed d\u1ee5ng trong c\u00e1c \u1ee9ng d\u1ee5ng \u0111\u00f2i h\u1ecfi kh\u1eaft khe trong nhi\u1ec1u ng\u00e0nh c\u00f4ng nghi\u1ec7p kh\u00e1c nhau.<\/p>\n<h3>5. Hi\u1ec7u qu\u1ea3 v\u1ec1 chi ph\u00ed<\/h3>\n<p>M\u1ed9t l\u1ee3i th\u1ebf \u0111\u00e1ng k\u1ec3 kh\u00e1c c\u1ee7a xi lanh lo\u1ea1i ch\u1ed1t \u0111i\u1ec1u ch\u1ec9nh \u0111\u01b0\u1ee3c l\u00e0 t\u00ednh hi\u1ec7u qu\u1ea3 v\u1ec1 m\u1eb7t chi ph\u00ed. Nh\u1eefng xi lanh n\u00e0y cung c\u1ea5p gi\u1ea3i ph\u00e1p \u0111\u00e1ng tin c\u1eady v\u00e0 hi\u1ec7u qu\u1ea3 cho nhi\u1ec1u nhi\u1ec7m v\u1ee5 kh\u00e1c nhau, gi\u1ea3m nhu c\u1ea7u lao \u0111\u1ed9ng th\u1ee7 c\u00f4ng v\u00e0 h\u1ee3p l\u00fd h\u00f3a ho\u1ea1t \u0111\u1ed9ng. B\u1eb1ng c\u00e1ch t\u1ed1i \u0111a h\u00f3a n\u0103ng su\u1ea5t v\u00e0 gi\u1ea3m thi\u1ec3u th\u1eddi gian ch\u1ebft, ch\u00fang c\u00f3 th\u1ec3 g\u00f3p ph\u1ea7n ti\u1ebft ki\u1ec7m chi ph\u00ed \u0111\u00e1ng k\u1ec3 v\u1ec1 l\u00e2u d\u00e0i. Ngo\u00e0i ra, \u0111\u1ed9 b\u1ec1n v\u00e0 y\u00eau c\u1ea7u b\u1ea3o tr\u00ec th\u1ea5p c\u00e0ng l\u00e0m t\u0103ng th\u00eam hi\u1ec7u qu\u1ea3 v\u1ec1 m\u1eb7t chi ph\u00ed, khi\u1ebfn ch\u00fang tr\u1edf th\u00e0nh m\u1ed9t kho\u1ea3n \u0111\u1ea7u t\u01b0 tuy\u1ec7t v\u1eddi cho doanh nghi\u1ec7p.<\/p>\n<p>Xi lanh lo\u1ea1i ch\u1ed1t \u0111i\u1ec1u ch\u1ec9nh mang l\u1ea1i nhi\u1ec1u l\u1ee3i \u00edch to l\u1edbn cho nhi\u1ec1u ng\u00e0nh c\u00f4ng nghi\u1ec7p kh\u00e1c nhau. V\u1edbi t\u00ednh linh ho\u1ea1t \u0111\u01b0\u1ee3c c\u1ea3i thi\u1ec7n, kh\u1ea3 n\u0103ng ch\u1ecbu t\u1ea3i \u0111\u01b0\u1ee3c c\u1ea3i thi\u1ec7n, kh\u1ea3 n\u0103ng \u0111i\u1ec1u khi\u1ec3n ch\u00ednh x\u00e1c, \u0111\u1ed9 b\u1ec1n v\u00e0 hi\u1ec7u qu\u1ea3 chi ph\u00ed, nh\u1eefng xi lanh n\u00e0y \u0111\u00e3 tr\u1edf th\u00e0nh m\u1ed9t th\u00e0nh ph\u1ea7n kh\u00f4ng th\u1ec3 thi\u1ebfu trong c\u00e1c h\u1ec7 th\u1ed1ng th\u1ee7y l\u1ef1c. D\u00f9 trong s\u1ea3n xu\u1ea5t, x\u00e2y d\u1ef1ng hay b\u1ea5t k\u1ef3 ng\u00e0nh c\u00f4ng nghi\u1ec7p n\u00e0o kh\u00e1c ph\u1ee5 thu\u1ed9c v\u00e0o n\u0103ng l\u01b0\u1ee3ng th\u1ee7y l\u1ef1c, xi lanh lo\u1ea1i ch\u1ed1t \u0111i\u1ec1u ch\u1ec9nh mang \u0111\u1ebfn m\u1ed9t gi\u1ea3i ph\u00e1p \u0111\u00e1ng tin c\u1eady v\u00e0 hi\u1ec7u qu\u1ea3, gi\u00fap n\u00e2ng cao n\u0103ng su\u1ea5t v\u00e0 t\u1ed1i \u01b0u h\u00f3a ho\u1ea1t \u0111\u1ed9ng.<\/p>\n<h3>Gi\u1edbi thi\u1ec7u v\u1ec1 FMP \u2013 Xi lanh th\u1ee7y l\u1ef1c<\/h3>\n<p>FMP l\u00e0 c\u00f4ng ty h\u00e0ng \u0111\u1ea7u chuy\u00ean kinh doanh v\u00e0 d\u1ecbch v\u1ee5 ph\u1ee5 t\u00f9ng m\u00e1y m\u00f3c x\u00e2y d\u1ef1ng v\u00e0 m\u00e1y m\u00f3c ho\u00e0n ch\u1ec9nh. V\u1edbi nhi\u1ec1u n\u0103m kinh nghi\u1ec7m trong ng\u00e0nh v\u00e0 \u0111\u1ed9i ng\u0169 chuy\u00ean nghi\u1ec7p t\u1ea1i \u00dd, ch\u00fang t\u00f4i cung c\u1ea5p ph\u1ee5 t\u00f9ng m\u00e1y m\u00f3c x\u00e2y d\u1ef1ng ch\u1ea5t l\u01b0\u1ee3ng cao v\u00e0 \u0111\u00e1ng tin c\u1eady c\u00f9ng c\u00e1c gi\u1ea3i ph\u00e1p m\u00e1y m\u00f3c ho\u00e0n ch\u1ec9nh. C\u00f4ng ty ch\u00fang t\u00f4i cung c\u1ea5p \u0111a d\u1ea1ng c\u00e1c s\u1ea3n ph\u1ea9m, bao g\u1ed3m h\u1ed9p s\u1ed1 m\u00e1y m\u00f3c n\u00f4ng nghi\u1ec7p, h\u1ed9p s\u1ed1 h\u00e0nh tinh, h\u1ed9p s\u1ed1 c\u00f4ng nghi\u1ec7p, v\u00e0 nhi\u1ec1u lo\u1ea1i ph\u1ee5 t\u00f9ng m\u00e1y m\u00f3c x\u00e2y d\u1ef1ng kh\u00e1c.<\/p>\n<p>Sau \u0111\u00e2y l\u00e0 m\u1ed9t s\u1ed1 \u01b0u \u0111i\u1ec3m v\u00e0 t\u00ednh n\u0103ng c\u1ee7a Xi lanh th\u1ee7y l\u1ef1c c\u1ee7a ch\u00fang t\u00f4i:<\/p>\n<p>1. V\u1eadt li\u1ec7u ch\u1ea5t l\u01b0\u1ee3ng cao: Xi lanh th\u1ee7y l\u1ef1c c\u1ee7a ch\u00fang t\u00f4i \u0111\u01b0\u1ee3c s\u1ea3n xu\u1ea5t b\u1eb1ng v\u1eadt li\u1ec7u ch\u1ea5t l\u01b0\u1ee3ng cao, b\u1ec1n b\u1ec9 v\u00e0 l\u00e2u d\u00e0i. Ch\u00fang t\u00f4i \u0111\u1ea3m b\u1ea3o s\u1ea3n ph\u1ea9m c\u1ee7a m\u00ecnh \u0111\u00e1p \u1ee9ng c\u00e1c ti\u00eau chu\u1ea9n ch\u1ea5t l\u01b0\u1ee3ng nghi\u00eam ng\u1eb7t v\u00e0 \u0111\u01b0\u1ee3c thi\u1ebft k\u1ebf \u0111\u1ec3 mang \u0111\u1ebfn cho kh\u00e1ch h\u00e0ng hi\u1ec7u su\u1ea5t t\u1ed1i \u01b0u.<\/p>\n<p>2. C\u00f3 th\u1ec3 t\u00f9y ch\u1ec9nh: Ch\u00fang t\u00f4i cung c\u1ea5p xi lanh th\u1ee7y l\u1ef1c c\u00f3 th\u1ec3 t\u00f9y ch\u1ec9nh \u0111\u1ec3 \u0111\u00e1p \u1ee9ng nhu c\u1ea7u c\u1ee5 th\u1ec3 c\u1ee7a kh\u00e1ch h\u00e0ng. B\u1ea1n c\u00f3 th\u1ec3 ch\u1ecdn k\u00edch th\u01b0\u1edbc, h\u00e0nh tr\u00ecnh v\u00e0 \u0111\u01b0\u1eddng k\u00ednh l\u1ed7 ph\u00f9 h\u1ee3p cho \u1ee9ng d\u1ee5ng c\u1ee7a m\u00ecnh.<\/p>\n<p>3. \u1ee8ng d\u1ee5ng r\u1ed9ng r\u00e3i: Xi lanh th\u1ee7y l\u1ef1c c\u1ee7a ch\u00fang t\u00f4i c\u00f3 th\u1ec3 \u0111\u01b0\u1ee3c s\u1eed d\u1ee5ng trong nhi\u1ec1u \u1ee9ng d\u1ee5ng kh\u00e1c nhau, bao g\u1ed3m m\u00e1y m\u00f3c n\u00f4ng nghi\u1ec7p, m\u00e1y m\u00f3c x\u00e2y d\u1ef1ng v\u00e0 m\u00e1y m\u00f3c c\u00f4ng nghi\u1ec7p.<\/p>\n<p>4. G\u1ee3i \u00fd mua h\u00e0ng th\u00f4ng minh: \u0110\u1ed9i ng\u0169 b\u00e1n h\u00e0ng gi\u00e0u kinh nghi\u1ec7m c\u1ee7a ch\u00fang t\u00f4i am hi\u1ec3u xu h\u01b0\u1edbng ph\u00e1t tri\u1ec3n v\u00e0 nhu c\u1ea7u c\u1ee7a kh\u00e1ch h\u00e0ng trong ng\u00e0nh m\u00e1y m\u00f3c x\u00e2y d\u1ef1ng. H\u1ecd c\u00f3 th\u1ec3 cung c\u1ea5p t\u01b0 v\u1ea5n s\u1ea3n ph\u1ea9m chuy\u00ean nghi\u1ec7p v\u00e0 g\u1ee3i \u00fd mua h\u00e0ng th\u00f4ng minh.<\/p>\n<p>5. H\u1eadu c\u1ea7n hi\u1ec7u qu\u1ea3: Ch\u00fang t\u00f4i c\u00f3 h\u1ec7 th\u1ed1ng ph\u00e2n ph\u1ed1i h\u1eadu c\u1ea7n hi\u1ec7u qu\u1ea3 \u0111\u1ec3 \u0111\u1ea3m b\u1ea3o kh\u00e1ch h\u00e0ng nh\u1eadn \u0111\u01b0\u1ee3c c\u00e1c b\u1ed9 ph\u1eadn c\u1ea7n thi\u1ebft m\u1ed9t c\u00e1ch k\u1ecbp th\u1eddi v\u00e0 ch\u00ednh x\u00e1c.<\/p>\n<p>T\u1ea1i FMP, ch\u00fang t\u00f4i cam k\u1ebft cung c\u1ea5p xi lanh th\u1ee7y l\u1ef1c ch\u1ea5t l\u01b0\u1ee3ng cao, \u0111\u00e1ng tin c\u1eady v\u00e0 \u0111\u01b0\u1ee3c t\u00f9y ch\u1ec9nh, \u0111\u00e1p \u1ee9ng nhu c\u1ea7u c\u1ee5 th\u1ec3 c\u1ee7a kh\u00e1ch h\u00e0ng. \u0110\u1ed9i ng\u0169 c\u1ee7a ch\u00fang t\u00f4i lu\u00f4n s\u1eb5n s\u00e0ng cung c\u1ea5p cho b\u1ea1n d\u1ecbch v\u1ee5 chuy\u00ean nghi\u1ec7p v\u00e0 hi\u1ec7u qu\u1ea3. H\u00e3y ch\u1ecdn FMP l\u00e0m nh\u00e0 cung c\u1ea5p xi lanh th\u1ee7y l\u1ef1c c\u1ee7a b\u1ea1n, v\u00e0 ch\u00fang t\u00f4i s\u1ebd cung c\u1ea5p cho b\u1ea1n nh\u1eefng s\u1ea3n ph\u1ea9m v\u00e0 d\u1ecbch v\u1ee5 t\u1ed1t nh\u1ea5t.<\/p>\n<p><img decoding=\"async\" src=\"https:\/\/fmp-components.com\/wp-content\/uploads\/2024\/12\/Adjustable-Clevis-Type-Cylinders-6.webp\" alt=\"Xi lanh lo\u1ea1i Clevis c\u00f3 th\u1ec3 \u0111i\u1ec1u ch\u1ec9nh\" width=\"820\" title=\"\"><\/p>\n<h2>Nh\u1eefng c\u00e2u h\u1ecfi th\u01b0\u1eddng g\u1eb7p<\/h2>\n<h3>Q: B\u1ea1n l\u00e0 c\u00f4ng ty th\u01b0\u01a1ng m\u1ea1i hay nh\u00e0 s\u1ea3n xu\u1ea5t?<\/h3>\n<p>A: Ch\u00fang t\u00f4i l\u00e0 m\u1ed9t nh\u00e0 m\u00e1y.<\/p>\n<h3>Q: Th\u1eddi gian giao h\u00e0ng c\u1ee7a b\u1ea1n l\u00e0 bao l\u00e2u?<\/h3>\n<p>A: Th\u00f4ng th\u01b0\u1eddng l\u00e0 25-35 ng\u00e0y.<\/p>\n<h3>H: B\u1ea1n c\u00f3 cung c\u1ea5p m\u1eabu th\u1eed kh\u00f4ng? M\u1eabu mi\u1ec5n ph\u00ed hay t\u00ednh th\u00eam ph\u00ed?<\/h3>\n<p>A: C\u00f3, ch\u00fang t\u00f4i c\u00f3 th\u1ec3 cung c\u1ea5p m\u1eabu nh\u01b0ng kh\u00f4ng mi\u1ec5n ph\u00ed.<\/p>\n<p>T\u00e1c gi\u1ea3: CX<\/p>","protected":false},"excerpt":{"rendered":"<p>Factory Price 2 Ton Small Double Acting Hydraulic Cylinder The Factory Price 2 Ton Small Double Acting Hydraulic Cylinder is a high-quality product designed to meet the needs of various industries. With its compact size and efficient design, this hydraulic cylinder ensures optimal performance and reliability. Featuring a double-acting mechanism, this hydraulic cylinder allows for [&hellip;]<\/p>","protected":false},"featured_media":1485,"comment_status":"closed","ping_status":"closed","template":"","meta":{"_et_pb_use_builder":"","_et_pb_old_content":"","_et_gb_content_width":""},"product_brand":[],"product_cat":[42],"product_tag":[34,44],"class_list":{"0":"post-1484","1":"product","2":"type-product","3":"status-publish","4":"has-post-thumbnail","6":"product_cat-snow-plow-hydraulic-cylinder","7":"product_tag-hydraulic-cylinder","8":"product_tag-snow-plow-hydraulic-cylinder","10":"first","11":"instock","12":"product-type-simple"},"_links":{"self":[{"href":"https:\/\/fmp-components.com\/vi\/wp-json\/wp\/v2\/product\/1484","targetHints":{"allow":["GET"]}}],"collection":[{"href":"https:\/\/fmp-components.com\/vi\/wp-json\/wp\/v2\/product"}],"about":[{"href":"https:\/\/fmp-components.com\/vi\/wp-json\/wp\/v2\/types\/product"}],"replies":[{"embeddable":true,"href":"https:\/\/fmp-components.com\/vi\/wp-json\/wp\/v2\/comments?post=1484"}],"wp:featuredmedia":[{"embeddable":true,"href":"https:\/\/fmp-components.com\/vi\/wp-json\/wp\/v2\/media\/1485"}],"wp:attachment":[{"href":"https:\/\/fmp-components.com\/vi\/wp-json\/wp\/v2\/media?parent=1484"}],"wp:term":[{"taxonomy":"product_brand","embeddable":true,"href":"https:\/\/fmp-components.com\/vi\/wp-json\/wp\/v2\/product_brand?post=1484"},{"taxonomy":"product_cat","embeddable":true,"href":"https:\/\/fmp-components.com\/vi\/wp-json\/wp\/v2\/product_cat?post=1484"},{"taxonomy":"product_tag","embeddable":true,"href":"https:\/\/fmp-components.com\/vi\/wp-json\/wp\/v2\/product_tag?post=1484"}],"curies":[{"name":"wp","href":"https:\/\/api.w.org\/{rel}","templated":true}]}}