{"id":1482,"date":"2024-12-23T05:49:26","date_gmt":"2024-12-23T05:49:26","guid":{"rendered":"https:\/\/fmp-components.com\/product\/high-quality-mini-customized-welded-hydraulic-cylinder\/"},"modified":"2025-05-10T13:04:29","modified_gmt":"2025-05-10T13:04:29","slug":"high-quality-mini-customized-welded-hydraulic-cylinder","status":"publish","type":"product","link":"https:\/\/fmp-components.com\/vi\/product\/high-quality-mini-customized-welded-hydraulic-cylinder\/","title":{"rendered":"Xi lanh th\u1ee7y l\u1ef1c h\u00e0n mini t\u00f9y ch\u1ec9nh ch\u1ea5t l\u01b0\u1ee3ng cao"},"content":{"rendered":"<h2><span style=\"color: #333333; font-size: 30px;\">N\u00e2ng c\u1ea5p m\u00e1y m\u00f3c c\u1ee7a b\u1ea1n v\u1edbi xi lanh th\u1ee7y l\u1ef1c h\u00e0n t\u00f9y ch\u1ec9nh c\u1ee7a ch\u00fang t\u00f4i<\/span><\/h2>\n<div>\n<p>Tr\u1ea3i nghi\u1ec7m s\u1ee9c m\u1ea1nh c\u1ee7a Xi lanh th\u1ee7y l\u1ef1c h\u00e0n mini t\u00f9y ch\u1ec9nh ch\u1ea5t l\u01b0\u1ee3ng cao c\u1ee7a ch\u00fang t\u00f4i, ti\u00eau chu\u1ea9n m\u1edbi v\u1ec1 hi\u1ec7u su\u1ea5t m\u00e1y m\u00f3c. Ho\u00e0n h\u1ea3o cho c\u00e1c X\u01b0\u1edfng s\u1eeda ch\u1eefa m\u00e1y m\u00f3c, N\u00f4ng tr\u1ea1i, N\u0103ng l\u01b0\u1ee3ng &amp; Khai th\u00e1c m\u1ecf, S\u1ea3n xu\u1ea5t m\u00e1y m\u00f3c v\u00e0 Nh\u00e0 m\u00e1y c\u01a1 kh\u00ed, xi lanh th\u1ee7y l\u1ef1c c\u1ee7a ch\u00fang t\u00f4i \u0111\u01b0\u1ee3c thi\u1ebft k\u1ebf \u0111\u1ec3 mang l\u1ea1i hi\u1ec7u su\u1ea5t t\u1ed1i \u01b0u v\u1edbi c\u1ea5u tr\u00fac nh\u1ecf g\u1ecdn v\u00e0 thi\u1ebft k\u1ebf m\u1ea1nh m\u1ebd.<\/p>\n<h3>\u0110i\u1ec3m n\u1ed5i b\u1eadt c\u1ee7a s\u1ea3n ph\u1ea9m<\/h3>\n<ul>\n<li>S\u1ee9c m\u1ea1nh th\u1ee7y l\u1ef1c: Xi lanh th\u1ee7y l\u1ef1c ho\u1ea1t \u0111\u1ed9ng d\u1ef1a tr\u00ean s\u1ee9c m\u1ea1nh th\u1ee7y l\u1ef1c, cung c\u1ea5p l\u1ef1c m\u1ea1nh m\u1ebd cho nhi\u1ec1u \u1ee9ng d\u1ee5ng kh\u00e1c nhau.<\/li>\n<li>\u0110\u1ed9 b\u1ec1n: Th\u00e2n b\u00ecnh \u0111\u01b0\u1ee3c l\u00e0m t\u1eeb th\u00e9p ch\u1ea5t l\u01b0\u1ee3ng cao \u0111\u1ea3m b\u1ea3o b\u00ecnh b\u1ec1n v\u00e0 s\u1eed d\u1ee5ng l\u00e2u d\u00e0i.<\/li>\n<li>Th\u00f4ng s\u1ed1 k\u1ef9 thu\u1eadt: V\u1edbi l\u1ef1c \u0111\u1ea9y t\u1ed1i \u0111a l\u00e0 3000 v\u00e0 l\u1ef1c k\u00e9o t\u1ed1i \u0111a l\u00e0 20 t\u1ea5n, xi lanh th\u1ee7y l\u1ef1c n\u00e0y \u0111\u01b0\u1ee3c thi\u1ebft k\u1ebf cho c\u00e1c ho\u1ea1t \u0111\u1ed9ng n\u1eb7ng.<\/li>\n<li>C\u00f3 th\u1ec3 t\u00f9y ch\u1ec9nh: K\u00edch th\u01b0\u1edbc l\u1ed7 khoan, k\u00edch th\u01b0\u1edbc thanh, k\u00edch th\u01b0\u1edbc h\u00e0nh tr\u00ecnh v\u00e0 k\u00edch th\u01b0\u1edbc ch\u1ed1t c\u00f3 th\u1ec3 t\u00f9y ch\u1ec9nh theo nhu c\u1ea7u c\u1ee7a b\u1ea1n.<\/li>\n<li>B\u1ea3o h\u00e0nh: S\u1ea3n ph\u1ea9m \u0111\u01b0\u1ee3c b\u1ea3o h\u00e0nh m\u1ed9t n\u0103m, \u0111\u1ea3m b\u1ea3o s\u1ef1 an t\u00e2m cho kh\u00e1ch h\u00e0ng.<\/li>\n<\/ul>\n<\/div>\n<h2>\u01afu \u0111i\u1ec3m c\u1ee7a xi lanh lo\u1ea1i ch\u1ed1t c\u00f3 th\u1ec3 \u0111i\u1ec1u ch\u1ec9nh<\/h2>\n<p>Xi lanh th\u1ee7y l\u1ef1c l\u00e0 m\u1ed9t th\u00e0nh ph\u1ea7n thi\u1ebft y\u1ebfu c\u1ee7a nhi\u1ec1u m\u00e1y m\u00f3c v\u00e0 thi\u1ebft b\u1ecb \u0111\u01b0\u1ee3c s\u1eed d\u1ee5ng trong nhi\u1ec1u ng\u00e0nh c\u00f4ng nghi\u1ec7p. M\u1ed9t lo\u1ea1i xi lanh th\u1ee7y l\u1ef1c n\u1ed5i b\u1eadt nh\u1edd thi\u1ebft k\u1ebf v\u00e0 ch\u1ee9c n\u0103ng \u0111\u1ed9c \u0111\u00e1o l\u00e0 xi lanh lo\u1ea1i ch\u1ed1t \u0111i\u1ec1u ch\u1ec9nh. Trong b\u00e0i vi\u1ebft n\u00e0y, ch\u00fang ta s\u1ebd t\u00ecm hi\u1ec3u nh\u1eefng \u01b0u \u0111i\u1ec3m c\u1ee7a xi lanh lo\u1ea1i ch\u1ed1t \u0111i\u1ec1u ch\u1ec9nh v\u00e0 l\u00fd do t\u1ea1i sao ch\u00fang \u0111\u01b0\u1ee3c l\u1ef1a ch\u1ecdn ph\u1ed5 bi\u1ebfn trong nhi\u1ec1u \u1ee9ng d\u1ee5ng.<\/p>\n<h3>1. T\u00ednh linh ho\u1ea1t<\/h3>\n<p>M\u1ed9t trong nh\u1eefng \u01b0u \u0111i\u1ec3m ch\u00ednh c\u1ee7a xi lanh th\u1ee7y l\u1ef1c ki\u1ec3u ch\u1ed1t \u0111i\u1ec1u ch\u1ec9nh l\u00e0 t\u00ednh linh ho\u1ea1t c\u1ee7a ch\u00fang. Nh\u1eefng xi lanh n\u00e0y c\u00f3 th\u1ec3 \u0111\u01b0\u1ee3c s\u1eed d\u1ee5ng trong nhi\u1ec1u \u1ee9ng d\u1ee5ng kh\u00e1c nhau nh\u1edd kh\u1ea3 n\u0103ng \u0111i\u1ec1u ch\u1ec9nh \u0111\u1ec3 ph\u00f9 h\u1ee3p v\u1edbi nhu c\u1ea7u c\u1ee5 th\u1ec3. \u0110i\u1ec1u n\u00e0y khi\u1ebfn ch\u00fang tr\u1edf th\u00e0nh l\u1ef1a ch\u1ecdn l\u00fd t\u01b0\u1edfng cho c\u00e1c \u1ee9ng d\u1ee5ng y\u00eau c\u1ea7u xi lanh th\u1ee7y l\u1ef1c \u0111\u01b0\u1ee3c thi\u1ebft k\u1ebf ri\u00eang. Ngo\u00e0i ra, ch\u00fang c\u00f3 th\u1ec3 \u0111\u01b0\u1ee3c s\u1eed d\u1ee5ng cho c\u1ea3 \u1ee9ng d\u1ee5ng \u0111\u1ea9y v\u00e0 k\u00e9o, \u0111i\u1ec1u n\u00e0y c\u00e0ng l\u00e0m t\u0103ng th\u00eam t\u00ednh linh ho\u1ea1t c\u1ee7a ch\u00fang.<\/p>\n<h3>2. \u0110\u1ecbnh v\u1ecb ch\u00ednh x\u00e1c<\/h3>\n<p>Xi lanh lo\u1ea1i ch\u1ed1t \u0111i\u1ec1u ch\u1ec9nh \u0111\u01b0\u1ee3c thi\u1ebft k\u1ebf \u0111\u1ec3 \u0111\u1ecbnh v\u1ecb ch\u00ednh x\u00e1c, \u0111i\u1ec1u n\u00e0y r\u1ea5t quan tr\u1ecdng trong nhi\u1ec1u \u1ee9ng d\u1ee5ng. V\u1edbi nh\u1eefng xi lanh n\u00e0y, b\u1ea1n c\u00f3 th\u1ec3 \u0111i\u1ec1u ch\u1ec9nh \u0111\u1ed9 d\u00e0i h\u00e0nh tr\u00ecnh xi lanh \u0111\u1ec3 \u0111\u1ea1t \u0111\u01b0\u1ee3c v\u1ecb tr\u00ed ch\u00ednh x\u00e1c c\u1ea7n thi\u1ebft cho \u1ee9ng d\u1ee5ng c\u1ee7a m\u00ecnh. \u0110i\u1ec1u n\u00e0y khi\u1ebfn ch\u00fang tr\u1edf th\u00e0nh l\u1ef1a ch\u1ecdn l\u00fd t\u01b0\u1edfng cho c\u00e1c \u1ee9ng d\u1ee5ng \u0111\u00f2i h\u1ecfi \u0111\u1ecbnh v\u1ecb ch\u00ednh x\u00e1c, ch\u1eb3ng h\u1ea1n nh\u01b0 trong ng\u00e0nh s\u1ea3n xu\u1ea5t.<\/p>\n<h3>3. Ch\u1ea5t l\u01b0\u1ee3ng cao<\/h3>\n<p>Xi lanh th\u1ee7y l\u1ef1c lo\u1ea1i ch\u1ed1t \u0111i\u1ec1u ch\u1ec9nh \u0111\u01b0\u1ee3c l\u00e0m t\u1eeb v\u1eadt li\u1ec7u ch\u1ea5t l\u01b0\u1ee3ng cao, \u0111\u1ea3m b\u1ea3o \u0111\u1ed9 b\u1ec1n v\u00e0 tu\u1ed5i th\u1ecd cao. Ch\u00fang \u0111\u01b0\u1ee3c thi\u1ebft k\u1ebf \u0111\u1ec3 ch\u1ecbu \u0111\u01b0\u1ee3c m\u00f4i tr\u01b0\u1eddng kh\u1eafc nghi\u1ec7t v\u00e0 c\u00e1c \u1ee9ng d\u1ee5ng n\u1eb7ng, khi\u1ebfn ch\u00fang tr\u1edf th\u00e0nh l\u1ef1a ch\u1ecdn ph\u1ed5 bi\u1ebfn trong c\u00e1c ng\u00e0nh c\u00f4ng nghi\u1ec7p nh\u01b0 x\u00e2y d\u1ef1ng v\u00e0 khai th\u00e1c m\u1ecf. H\u01a1n n\u1eefa, c\u00e1c nh\u00e0 s\u1ea3n xu\u1ea5t nh\u01b0 Xi lanh th\u1ee7y l\u1ef1c h\u00e0n mini t\u00f9y ch\u1ec9nh ch\u1ea5t l\u01b0\u1ee3ng cao s\u1ea3n xu\u1ea5t xi lanh lo\u1ea1i ch\u1ed1t \u0111i\u1ec1u ch\u1ec9nh \u0111\u01b0\u1ee3c ki\u1ec3m tra \u0111\u00e1p \u1ee9ng c\u00e1c ti\u00eau chu\u1ea9n qu\u1ed1c t\u1ebf, \u0111\u1ea3m b\u1ea3o ch\u1ea5t l\u01b0\u1ee3ng.<\/p>\n<h3>4. C\u00f3 th\u1ec3 t\u00f9y ch\u1ec9nh<\/h3>\n<p>Xi lanh lo\u1ea1i ch\u1ed1t \u0111i\u1ec1u ch\u1ec9nh c\u00f3 th\u1ec3 \u0111\u01b0\u1ee3c t\u00f9y ch\u1ec9nh \u0111\u1ec3 \u0111\u00e1p \u1ee9ng c\u00e1c nhu c\u1ea7u v\u00e0 \u1ee9ng d\u1ee5ng c\u1ee5 th\u1ec3. Vi\u1ec7c t\u00f9y ch\u1ec9nh n\u00e0y c\u00f3 th\u1ec3 bao g\u1ed3m c\u00e1c t\u00f9y ch\u1ecdn l\u1eafp \u0111\u1eb7t, c\u1ea5u h\u00ecnh \u0111\u1ea7u thanh truy\u1ec1n v\u00e0 chi\u1ec1u d\u00e0i h\u00e0nh tr\u00ecnh kh\u00e1c nhau. \u0110i\u1ec1u n\u00e0y khi\u1ebfn ch\u00fang tr\u1edf th\u00e0nh l\u1ef1a ch\u1ecdn l\u00fd t\u01b0\u1edfng cho c\u00e1c \u1ee9ng d\u1ee5ng y\u00eau c\u1ea7u xi lanh th\u1ee7y l\u1ef1c \u0111\u1ed9c \u0111\u00e1o kh\u00f4ng c\u00f3 trong c\u00e1c xi lanh ti\u00eau chu\u1ea9n.<\/p>\n<h3>5. Hi\u1ec7u qu\u1ea3 v\u1ec1 chi ph\u00ed<\/h3>\n<p>Xi lanh lo\u1ea1i ch\u1ed1t \u0111i\u1ec1u ch\u1ec9nh l\u00e0 m\u1ed9t l\u1ef1a ch\u1ecdn ti\u1ebft ki\u1ec7m chi ph\u00ed cho c\u00e1c \u1ee9ng d\u1ee5ng y\u00eau c\u1ea7u xi lanh th\u1ee7y l\u1ef1c t\u00f9y ch\u1ec9nh. Thay v\u00ec \u0111\u1ea7u t\u01b0 v\u00e0o m\u1ed9t xi lanh ho\u00e0n to\u00e0n t\u00f9y ch\u1ec9nh, xi lanh lo\u1ea1i ch\u1ed1t \u0111i\u1ec1u ch\u1ec9nh c\u00f3 th\u1ec3 \u0111\u01b0\u1ee3c \u0111i\u1ec1u ch\u1ec9nh \u0111\u1ec3 ph\u00f9 h\u1ee3p v\u1edbi nhu c\u1ea7u c\u1ee5 th\u1ec3, gi\u00fap gi\u1ea3m chi ph\u00ed v\u00e0 th\u1eddi gian giao h\u00e0ng. Ngo\u00e0i ra, ch\u1ea5t l\u01b0\u1ee3ng cao v\u00e0 \u0111\u1ed9 b\u1ec1n c\u1ee7a ch\u00fang \u0111\u1ea3m b\u1ea3o hi\u1ec7u su\u1ea5t l\u00e2u d\u00e0i, gi\u1ea3m t\u1ed5ng chi ph\u00ed b\u1ea3o tr\u00ec v\u00e0 thay th\u1ebf.<\/p>\n<p>T\u00f3m l\u1ea1i, xi lanh th\u1ee7y l\u1ef1c lo\u1ea1i ch\u1ed1t \u0111i\u1ec1u ch\u1ec9nh c\u00f3 nhi\u1ec1u \u01b0u \u0111i\u1ec3m h\u01a1n so v\u1edbi xi lanh th\u1ee7y l\u1ef1c ti\u00eau chu\u1ea9n. T\u00ednh linh ho\u1ea1t, \u0111\u1ecbnh v\u1ecb ch\u00ednh x\u00e1c, ch\u1ea5t l\u01b0\u1ee3ng cao, kh\u1ea3 n\u0103ng t\u00f9y ch\u1ec9nh v\u00e0 hi\u1ec7u qu\u1ea3 chi ph\u00ed khi\u1ebfn ch\u00fang tr\u1edf th\u00e0nh l\u1ef1a ch\u1ecdn ph\u1ed5 bi\u1ebfn trong nhi\u1ec1u ng\u00e0nh c\u00f4ng nghi\u1ec7p. Cho d\u00f9 b\u1ea1n c\u1ea7n xi lanh th\u1ee7y l\u1ef1c cho \u1ee9ng d\u1ee5ng ti\u00eau chu\u1ea9n hay t\u00f9y ch\u1ec9nh, xi lanh lo\u1ea1i ch\u1ed1t \u0111i\u1ec1u ch\u1ec9nh \u0111\u1ec1u \u0111\u00e1ng \u0111\u1ec3 c\u00e2n nh\u1eafc.<\/p>\n<h3>Gi\u1edbi thi\u1ec7u v\u1ec1 FMP<\/h3>\n<p><img decoding=\"async\" class=\"aligncenter\" src=\"https:\/\/fmp-components.com\/wp-content\/uploads\/2024\/12\/Adjustable-Clevis-Type-Cylinders-6.webp\" alt=\"Xi lanh lo\u1ea1i Clevis c\u00f3 th\u1ec3 \u0111i\u1ec1u ch\u1ec9nh\" width=\"819\" title=\"\"><\/p>\n<p>FMP l\u00e0 c\u00f4ng ty h\u00e0ng \u0111\u1ea7u chuy\u00ean s\u1ea3n xu\u1ea5t v\u00e0 kinh doanh xi lanh th\u1ee7y l\u1ef1c. V\u1edbi kinh nghi\u1ec7m d\u00e0y d\u1eb7n trong ng\u00e0nh v\u00e0 \u0111\u1ed9i ng\u0169 chuy\u00ean nghi\u1ec7p, ch\u00fang t\u00f4i cam k\u1ebft cung c\u1ea5p cho kh\u00e1ch h\u00e0ng nh\u1eefng xi lanh th\u1ee7y l\u1ef1c ch\u1ea5t l\u01b0\u1ee3ng cao v\u00e0 \u0111\u00e1ng tin c\u1eady cho nhi\u1ec1u \u1ee9ng d\u1ee5ng m\u00e1y m\u00f3c x\u00e2y d\u1ef1ng.<\/p>\n<p>1. Ph\u1ea1m vi s\u1ea3n ph\u1ea9m r\u1ed9ng:<br \/>\nCh\u00fang t\u00f4i cung c\u1ea5p \u0111a d\u1ea1ng c\u00e1c lo\u1ea1i xi lanh th\u1ee7y l\u1ef1c \u0111\u00e1p \u1ee9ng m\u1ecdi nhu c\u1ea7u v\u1ec1 m\u00e1y m\u00f3c x\u00e2y d\u1ef1ng. D\u00f2ng s\u1ea3n ph\u1ea9m c\u1ee7a ch\u00fang t\u00f4i bao g\u1ed3m xi lanh lo\u1ea1i ch\u1ed1t \u0111i\u1ec1u ch\u1ec9nh, xi lanh lo\u1ea1i h\u00e0n, xi lanh \u1ed1ng l\u1ed3ng, v.v. Danh m\u1ee5c s\u1ea3n ph\u1ea9m phong ph\u00fa n\u00e0y \u0111\u1ea3m b\u1ea3o ch\u00fang t\u00f4i c\u00f3 \u0111\u00fang lo\u1ea1i xi lanh th\u1ee7y l\u1ef1c \u0111\u00e1p \u1ee9ng m\u1ecdi y\u00eau c\u1ea7u c\u1ee5 th\u1ec3 c\u1ee7a b\u1ea1n.<\/p>\n<p>2. Ch\u1ea5t l\u01b0\u1ee3ng v\u01b0\u1ee3t tr\u1ed9i:<br \/>\nT\u1ea1i FMP, ch\u00fang t\u00f4i \u01b0u ti\u00ean ch\u1ea5t l\u01b0\u1ee3ng v\u00e0 \u0111\u1ea3m b\u1ea3o t\u1ea5t c\u1ea3 xi lanh th\u1ee7y l\u1ef1c c\u1ee7a ch\u00fang t\u00f4i \u0111\u1ec1u \u0111\u00e1p \u1ee9ng c\u00e1c ti\u00eau chu\u1ea9n ch\u1ea5t l\u01b0\u1ee3ng nghi\u00eam ng\u1eb7t. Ch\u00fang t\u00f4i \u0111\u00e3 thi\u1ebft l\u1eadp m\u1ed1i quan h\u1ec7 l\u00e2u d\u00e0i v\u00e0 \u1ed5n \u0111\u1ecbnh v\u1edbi c\u00e1c nh\u00e0 cung c\u1ea5p ch\u1ea5t l\u01b0\u1ee3ng cao trong v\u00e0 ngo\u00e0i n\u01b0\u1edbc. \u0110i\u1ec1u n\u00e0y cho ph\u00e9p ch\u00fang t\u00f4i t\u00ecm ngu\u1ed3n cung \u1ee9ng v\u1eadt li\u1ec7u v\u00e0 linh ki\u1ec7n t\u1ed1t nh\u1ea5t, t\u1ea1o ra nh\u1eefng xi lanh th\u1ee7y l\u1ef1c b\u1ec1n b\u1ec9, hi\u1ec7u qu\u1ea3 v\u00e0 \u0111\u00e1ng tin c\u1eady.<\/p>\n<p>3. \u0110\u1ed9i ng\u0169 b\u00e1n h\u00e0ng chuy\u00ean nghi\u1ec7p:<br \/>\n\u0110\u1ed9i ng\u0169 b\u00e1n h\u00e0ng gi\u00e0u kinh nghi\u1ec7m v\u00e0 k\u1ef9 n\u0103ng c\u1ee7a ch\u00fang t\u00f4i s\u1edf h\u1eefu ki\u1ebfn \u200b\u200bth\u1ee9c chuy\u00ean s\u00e2u v\u1ec1 ng\u00e0nh m\u00e1y m\u00f3c x\u00e2y d\u1ef1ng. H\u1ecd lu\u00f4n c\u1eadp nh\u1eadt nh\u1eefng xu h\u01b0\u1edbng m\u1edbi nh\u1ea5t c\u1ee7a ng\u00e0nh v\u00e0 th\u1ea5u hi\u1ec3u nhu c\u1ea7u c\u1ee5 th\u1ec3 c\u1ee7a kh\u00e1ch h\u00e0ng. V\u1edbi chuy\u00ean m\u00f4n s\u00e2u r\u1ed9ng, h\u1ecd cung c\u1ea5p d\u1ecbch v\u1ee5 t\u01b0 v\u1ea5n s\u1ea3n ph\u1ea9m chuy\u00ean nghi\u1ec7p, h\u01b0\u1edbng d\u1eabn b\u1ea1n l\u1ef1a ch\u1ecdn xi lanh th\u1ee7y l\u1ef1c ph\u00f9 h\u1ee3p nh\u1ea5t v\u1edbi nhu c\u1ea7u c\u1ee7a m\u00ecnh.<\/p>\n<p>4. G\u1ee3i \u00fd mua h\u00e0ng th\u00f4ng minh:<br \/>\nHi\u1ec3u r\u1eb1ng m\u1ed7i kh\u00e1ch h\u00e0ng \u0111\u1ec1u c\u00f3 nh\u1eefng nhu c\u1ea7u ri\u00eang, \u0111\u1ed9i ng\u0169 b\u00e1n h\u00e0ng c\u1ee7a ch\u00fang t\u00f4i lu\u00f4n n\u1ed7 l\u1ef1c h\u1ebft m\u00ecnh \u0111\u1ec3 \u0111\u01b0a ra nh\u1eefng g\u1ee3i \u00fd mua h\u00e0ng th\u00f4ng minh. H\u1ecd c\u00e2n nh\u1eafc c\u00e1c y\u1ebfu t\u1ed1 nh\u01b0 y\u00eau c\u1ea7u \u1ee9ng d\u1ee5ng, h\u1ea1n ch\u1ebf ng\u00e2n s\u00e1ch v\u00e0 nhu c\u1ea7u d\u1ef1 \u00e1n \u0111\u1ec3 \u0111\u1ec1 xu\u1ea5t lo\u1ea1i xi lanh th\u1ee7y l\u1ef1c ph\u00f9 h\u1ee3p nh\u1ea5t. Ph\u01b0\u01a1ng ph\u00e1p ti\u1ebfp c\u1eadn c\u00e1 nh\u00e2n h\u00f3a n\u00e0y \u0111\u1ea3m b\u1ea3o b\u1ea1n \u0111\u01b0a ra quy\u1ebft \u0111\u1ecbnh s\u00e1ng su\u1ed1t v\u00e0 t\u00ecm \u0111\u01b0\u1ee3c gi\u1ea3i ph\u00e1p xi lanh th\u1ee7y l\u1ef1c ph\u00f9 h\u1ee3p.<\/p>\n<p>5. Ph\u00e2n ph\u1ed1i h\u1eadu c\u1ea7n hi\u1ec7u qu\u1ea3:<br \/>\nCh\u00fang t\u00f4i t\u1ef1 h\u00e0o v\u1ec1 h\u1ec7 th\u1ed1ng ph\u00e2n ph\u1ed1i h\u1eadu c\u1ea7n hi\u1ec7u qu\u1ea3, \u0111\u1ea3m b\u1ea3o giao h\u00e0ng xi lanh th\u1ee7y l\u1ef1c \u0111\u1ebfn tay kh\u00e1ch h\u00e0ng \u0111\u00fang h\u1eb9n v\u00e0 ch\u00ednh x\u00e1c. V\u1edbi chu\u1ed7i cung \u1ee9ng \u0111\u01b0\u1ee3c t\u1ed5 ch\u1ee9c t\u1ed1t, ch\u00fang t\u00f4i \u0111\u1ea3m b\u1ea3o qu\u00fd kh\u00e1ch s\u1ebd nh\u1eadn \u0111\u01b0\u1ee3c xi lanh th\u1ee7y l\u1ef1c theo y\u00eau c\u1ea7u m\u1ed9t c\u00e1ch nhanh ch\u00f3ng, gi\u1ea3m thi\u1ec3u m\u1ecdi s\u1ef1 ch\u1eadm tr\u1ec5 ho\u1eb7c gi\u00e1n \u0111o\u1ea1n cho c\u00e1c d\u1ef1 \u00e1n x\u00e2y d\u1ef1ng c\u1ee7a qu\u00fd kh\u00e1ch.<\/p>\n<p>H\u00e3y h\u1ee3p t\u00e1c v\u1edbi FMP \u0111\u1ec3 c\u00f3 \u0111\u01b0\u1ee3c xi lanh th\u1ee7y l\u1ef1c ch\u1ea5t l\u01b0\u1ee3ng h\u00e0ng \u0111\u1ea7u, \u0111\u01b0\u1ee3c h\u1ed7 tr\u1ee3 b\u1edfi chuy\u00ean m\u00f4n trong ng\u00e0nh, ch\u1ea5t l\u01b0\u1ee3ng v\u01b0\u1ee3t tr\u1ed9i v\u00e0 d\u1ecbch v\u1ee5 hi\u1ec7u qu\u1ea3. Li\u00ean h\u1ec7 v\u1edbi ch\u00fang t\u00f4i ngay h\u00f4m nay \u0111\u1ec3 th\u1ea3o lu\u1eadn v\u1ec1 nhu c\u1ea7u m\u00e1y m\u00f3c x\u00e2y d\u1ef1ng c\u1ee7a b\u1ea1n v\u00e0 tr\u1ea3i nghi\u1ec7m s\u1ef1 kh\u00e1c bi\u1ec7t c\u1ee7a FMP.<\/p>\n<h2>Nh\u1eefng c\u00e2u h\u1ecfi th\u01b0\u1eddng g\u1eb7p<\/h2>\n<h3>Q: B\u1ea1n l\u00e0 c\u00f4ng ty th\u01b0\u01a1ng m\u1ea1i hay nh\u00e0 s\u1ea3n xu\u1ea5t?<\/h3>\n<p>A: Ch\u00fang t\u00f4i l\u00e0 nh\u00e0 m\u00e1y s\u1ea3n xu\u1ea5t c\u00e1c s\u1ea3n ph\u1ea9m.<\/p>\n<h3>Q: Th\u1eddi gian giao h\u00e0ng c\u1ee7a b\u1ea1n l\u00e0 bao l\u00e2u?<\/h3>\n<p>A: Th\u1eddi gian giao h\u00e0ng chung c\u1ee7a ch\u00fang t\u00f4i l\u00e0 25-35 ng\u00e0y.<\/p>\n<h3>H: B\u1ea1n c\u00f3 cung c\u1ea5p m\u1eabu th\u1eed kh\u00f4ng? M\u1eabu mi\u1ec5n ph\u00ed hay th\u00eam?<\/h3>\n<p>A: C\u00f3, ch\u00fang t\u00f4i cung c\u1ea5p m\u1eabu nh\u01b0ng kh\u00f4ng mi\u1ec5n ph\u00ed.<\/p>\n<p><img decoding=\"async\" class=\"aligncenter\" title=\"Xi lanh th\u1ee7y l\u1ef1c m\u00e1y c\u00e0y tuy\u1ebft\" src=\"https:\/\/hzpt.com\/wp-content\/uploads\/2023\/11\/Snow-Plow-Hydraulic-Cylinder-3.webp\" alt=\"Xi lanh th\u1ee7y l\u1ef1c m\u00e1y c\u00e0y tuy\u1ebft\" \/><\/p>\n<p>T\u00e1c gi\u1ea3: CX<\/p>","protected":false},"excerpt":{"rendered":"<p>Upgrade Your Machinery with Our Customized Welded Hydraulic Cylinder Experience the power of our High Quality Mini Customized Welded Hydraulic Cylinder, the new standard in machinery efficiency. Perfect for Machinery Repair Shops, Farms, Energy &amp; Mining, Machinery Manufacturing, and Machinery Factory, our hydraulic cylinder is designed to deliver optimal performance with a compact structure and [&hellip;]<\/p>","protected":false},"featured_media":1483,"comment_status":"closed","ping_status":"closed","template":"","meta":{"_et_pb_use_builder":"","_et_pb_old_content":"","_et_gb_content_width":""},"product_brand":[],"product_cat":[42],"product_tag":[34,44],"class_list":{"0":"post-1482","1":"product","2":"type-product","3":"status-publish","4":"has-post-thumbnail","6":"product_cat-snow-plow-hydraulic-cylinder","7":"product_tag-hydraulic-cylinder","8":"product_tag-snow-plow-hydraulic-cylinder","10":"first","11":"instock","12":"product-type-simple"},"_links":{"self":[{"href":"https:\/\/fmp-components.com\/vi\/wp-json\/wp\/v2\/product\/1482","targetHints":{"allow":["GET"]}}],"collection":[{"href":"https:\/\/fmp-components.com\/vi\/wp-json\/wp\/v2\/product"}],"about":[{"href":"https:\/\/fmp-components.com\/vi\/wp-json\/wp\/v2\/types\/product"}],"replies":[{"embeddable":true,"href":"https:\/\/fmp-components.com\/vi\/wp-json\/wp\/v2\/comments?post=1482"}],"wp:featuredmedia":[{"embeddable":true,"href":"https:\/\/fmp-components.com\/vi\/wp-json\/wp\/v2\/media\/1483"}],"wp:attachment":[{"href":"https:\/\/fmp-components.com\/vi\/wp-json\/wp\/v2\/media?parent=1482"}],"wp:term":[{"taxonomy":"product_brand","embeddable":true,"href":"https:\/\/fmp-components.com\/vi\/wp-json\/wp\/v2\/product_brand?post=1482"},{"taxonomy":"product_cat","embeddable":true,"href":"https:\/\/fmp-components.com\/vi\/wp-json\/wp\/v2\/product_cat?post=1482"},{"taxonomy":"product_tag","embeddable":true,"href":"https:\/\/fmp-components.com\/vi\/wp-json\/wp\/v2\/product_tag?post=1482"}],"curies":[{"name":"wp","href":"https:\/\/api.w.org\/{rel}","templated":true}]}}