{"id":1480,"date":"2024-12-23T05:49:26","date_gmt":"2024-12-23T05:49:26","guid":{"rendered":"https:\/\/fmp-components.com\/product\/premium-quality-stainless-steel-hydraulic-oil-cylinder-hydraulic-piston-cylinder\/"},"modified":"2024-12-23T06:45:09","modified_gmt":"2024-12-23T06:45:09","slug":"premium-quality-stainless-steel-hydraulic-oil-cylinder-hydraulic-piston-cylinder","status":"publish","type":"product","link":"https:\/\/fmp-components.com\/vi\/product\/premium-quality-stainless-steel-hydraulic-oil-cylinder-hydraulic-piston-cylinder\/","title":{"rendered":"Xi lanh d\u1ea7u th\u1ee7y l\u1ef1c b\u1eb1ng th\u00e9p kh\u00f4ng g\u1ec9 ch\u1ea5t l\u01b0\u1ee3ng cao Xi lanh piston th\u1ee7y l\u1ef1c"},"content":{"rendered":"<h2>Xi lanh d\u1ea7u th\u1ee7y l\u1ef1c b\u1eb1ng th\u00e9p kh\u00f4ng g\u1ec9 ch\u1ea5t l\u01b0\u1ee3ng cao Xi lanh piston th\u1ee7y l\u1ef1c<\/h2>\n<p>Xi lanh d\u1ea7u th\u1ee7y l\u1ef1c b\u1eb1ng th\u00e9p kh\u00f4ng g\u1ec9 ch\u1ea5t l\u01b0\u1ee3ng cao l\u00e0 m\u1ed9t lo\u1ea1i xi lanh th\u1ee7y l\u1ef1c hi\u1ec7u su\u1ea5t cao \u0111\u01b0\u1ee3c thi\u1ebft k\u1ebf cho nhi\u1ec1u \u1ee9ng d\u1ee5ng c\u00f4ng nghi\u1ec7p kh\u00e1c nhau. Xi lanh n\u00e0y \u0111\u01b0\u1ee3c l\u00e0m t\u1eeb th\u00e9p kh\u00f4ng g\u1ec9 ch\u1ea5t l\u01b0\u1ee3ng cao, gi\u00fap t\u0103ng c\u01b0\u1eddng \u0111\u1ed9 b\u1ec1n v\u00e0 kh\u1ea3 n\u0103ng ch\u1ed1ng \u0103n m\u00f2n.<\/p>\n<p>V\u1edbi thi\u1ebft k\u1ebf piston th\u1ee7y l\u1ef1c ti\u00ean ti\u1ebfn, xi lanh n\u00e0y \u0111\u1ea3m b\u1ea3o ho\u1ea1t \u0111\u1ed9ng tr\u01a1n tru v\u00e0 hi\u1ec7u qu\u1ea3. N\u00f3 c\u00f3 kh\u1ea3 n\u0103ng t\u1ea1o ra l\u1ef1c th\u1ee7y l\u1ef1c m\u1ea1nh m\u1ebd, ph\u00f9 h\u1ee3p cho c\u00e1c c\u00f4ng vi\u1ec7c n\u1eb7ng nh\u1ecdc. Cho d\u00f9 l\u00e0 n\u00e2ng, \u0111\u1ea9y hay k\u00e9o, xi lanh th\u1ee7y l\u1ef1c n\u00e0y \u0111\u1ec1u mang l\u1ea1i hi\u1ec7u su\u1ea5t \u0111\u00e1ng tin c\u1eady v\u00e0 \u1ed5n \u0111\u1ecbnh.<\/p>\n<p>C\u1ea5u t\u1ea1o b\u1eb1ng th\u00e9p kh\u00f4ng g\u1ec9 c\u1ee7a b\u00ecnh kh\u00ed n\u00e0y l\u00e0m cho n\u00f3 l\u00fd t\u01b0\u1edfng \u0111\u1ec3 s\u1eed d\u1ee5ng trong c\u00e1c m\u00f4i tr\u01b0\u1eddng kh\u1eafc nghi\u1ec7t, bao g\u1ed3m c\u1ea3 nh\u1eefng m\u00f4i tr\u01b0\u1eddng ti\u1ebfp x\u00fac v\u1edbi h\u00f3a ch\u1ea5t m\u1ea1nh ho\u1eb7c nhi\u1ec7t \u0111\u1ed9 c\u1ef1c cao. N\u00f3 cung c\u1ea5p kh\u1ea3 n\u0103ng ch\u1ed1ng \u0103n m\u00f2n tuy\u1ec7t v\u1eddi, \u0111\u1ea3m b\u1ea3o tu\u1ed5i th\u1ecd cao h\u01a1n v\u00e0 gi\u1ea3m y\u00eau c\u1ea7u b\u1ea3o tr\u00ec.<\/p>\n<p>\u0110\u01b0\u1ee3c trang b\u1ecb c\u00f4ng ngh\u1ec7 l\u00e0m k\u00edn ti\u00ean ti\u1ebfn, xi lanh th\u1ee7y l\u1ef1c n\u00e0y gi\u1ea3m thi\u1ec3u nguy c\u01a1 r\u00f2 r\u1ec9 v\u00e0 n\u00e2ng cao hi\u1ec7u qu\u1ea3 t\u1ed5ng th\u1ec3. S\u1ea3n ph\u1ea9m c\u00f3 \u0111\u1ed9 ch\u00ednh x\u00e1c cao v\u00e0 kh\u1ea3 n\u0103ng l\u00e0m k\u00edn t\u1ed1t, \u0111\u1ea3m b\u1ea3o ho\u1ea1t \u0111\u1ed9ng \u0111\u00e1ng tin c\u1eady v\u00e0 kh\u00f4ng r\u00f2 r\u1ec9 ngay c\u1ea3 trong \u0111i\u1ec1u ki\u1ec7n \u00e1p su\u1ea5t cao.<\/p>\n<p>H\u01a1n n\u1eefa, xi lanh th\u1ee7y l\u1ef1c n\u00e0y c\u00f3 th\u1ec3 \u0111\u01b0\u1ee3c t\u00f9y ch\u1ec9nh \u0111\u1ec3 \u0111\u00e1p \u1ee9ng c\u00e1c y\u00eau c\u1ea7u c\u1ee5 th\u1ec3. N\u00f3 c\u00f3 nhi\u1ec1u k\u00edch th\u01b0\u1edbc, chi\u1ec1u d\u00e0i h\u00e0nh tr\u00ecnh v\u00e0 t\u00f9y ch\u1ecdn l\u1eafp \u0111\u1eb7t kh\u00e1c nhau, cho ph\u00e9p d\u1ec5 d\u00e0ng t\u00edch h\u1ee3p v\u00e0o c\u00e1c h\u1ec7 th\u1ed1ng th\u1ee7y l\u1ef1c kh\u00e1c nhau. T\u00ednh linh ho\u1ea1t c\u1ee7a xi lanh n\u00e0y l\u00e0m cho n\u00f3 ph\u00f9 h\u1ee3p v\u1edbi nhi\u1ec1u ng\u00e0nh c\u00f4ng nghi\u1ec7p, bao g\u1ed3m x\u00e2y d\u1ef1ng, s\u1ea3n xu\u1ea5t, n\u00f4ng nghi\u1ec7p v\u00e0 nhi\u1ec1u ng\u00e0nh kh\u00e1c.<\/p>\n<p>T\u00f3m l\u1ea1i, Xi lanh d\u1ea7u th\u1ee7y l\u1ef1c b\u1eb1ng th\u00e9p kh\u00f4ng g\u1ec9 ch\u1ea5t l\u01b0\u1ee3ng cao l\u00e0 m\u1ed9t s\u1ea3n ph\u1ea9m xi lanh th\u1ee7y l\u1ef1c ch\u1ea5t l\u01b0\u1ee3ng h\u00e0ng \u0111\u1ea7u, mang l\u1ea1i hi\u1ec7u su\u1ea5t v\u00e0 \u0111\u1ed9 b\u1ec1n v\u01b0\u1ee3t tr\u1ed9i. C\u1ea5u t\u1ea1o b\u1eb1ng th\u00e9p kh\u00f4ng g\u1ec9, thi\u1ebft k\u1ebf th\u1ee7y l\u1ef1c ti\u00ean ti\u1ebfn v\u00e0 c\u00e1c t\u00f9y ch\u1ecdn t\u00f9y ch\u1ec9nh khi\u1ebfn n\u00f3 tr\u1edf th\u00e0nh l\u1ef1a ch\u1ecdn tuy\u1ec7t v\u1eddi cho nhi\u1ec1u \u1ee9ng d\u1ee5ng c\u00f4ng nghi\u1ec7p kh\u00e1c nhau.<\/p>\n<h2>N\u00e2ng c\u1ea5p m\u00e1y m\u00f3c c\u1ee7a b\u1ea1n v\u1edbi xi lanh d\u1ea7u th\u1ee7y l\u1ef1c v\u00e0 xi lanh piston th\u1ee7y l\u1ef1c b\u1eb1ng th\u00e9p kh\u00f4ng g\u1ec9 ch\u1ea5t l\u01b0\u1ee3ng cao.<\/h2>\n<p>N\u00e2ng cao s\u1ee9c m\u1ea1nh v\u00e0 hi\u1ec7u su\u1ea5t m\u00e1y m\u00f3c c\u1ee7a b\u1ea1n v\u1edbi xi lanh d\u1ea7u th\u1ee7y l\u1ef1c v\u00e0 xi lanh piston th\u1ee7y l\u1ef1c b\u1eb1ng th\u00e9p kh\u00f4ng g\u1ec9 ch\u1ea5t l\u01b0\u1ee3ng cao c\u1ee7a ch\u00fang t\u00f4i. \u0110\u01b0\u1ee3c ch\u1ebf t\u1ea1o \u0111\u1ec3 ch\u1ecbu \u0111\u01b0\u1ee3c vi\u1ec7c s\u1eed d\u1ee5ng c\u01b0\u1eddng \u0111\u1ed9 cao, xi lanh th\u1ee7y l\u1ef1c n\u00e0y \u0111\u1ea3m b\u1ea3o ho\u1ea1t \u0111\u1ed9ng \u0111\u00e1ng tin c\u1eady v\u00e0 hi\u1ec7u qu\u1ea3 ngay c\u1ea3 trong nh\u1eefng \u0111i\u1ec1u ki\u1ec7n kh\u1eafc nghi\u1ec7t nh\u1ea5t.<\/p>\n<p><img decoding=\"async\" title=\"Xi lanh th\u1ee7y l\u1ef1c m\u00e1y c\u00e0y tuy\u1ebft\" src=\"https:\/\/hzpt.com\/wp-content\/uploads\/2023\/11\/Snow-Plow-Hydraulic-Cylinder-3.webp\" alt=\"Xi lanh th\u1ee7y l\u1ef1c m\u00e1y c\u00e0y tuy\u1ebft\" \/><\/p>\n<h2>T\u00ednh n\u0103ng s\u1ea3n ph\u1ea9m<\/h2>\n<p>\u0110\u01b0\u1ee3c l\u00e0m t\u1eeb th\u00e9p kh\u00f4ng g\u1ec9 cao c\u1ea5p, xi lanh d\u1ea7u th\u1ee7y l\u1ef1c v\u00e0 xi lanh piston th\u1ee7y l\u1ef1c c\u1ee7a ch\u00fang t\u00f4i \u0111\u1ea3m b\u1ea3o \u0111\u1ed9 b\u1ec1n v\u00e0 tu\u1ed5i th\u1ecd cao. S\u1ea3n ph\u1ea9m \u0111\u01b0\u1ee3c b\u1ea3o h\u00e0nh m\u1ed9t n\u0103m v\u00e0 ph\u00f9 h\u1ee3p s\u1eed d\u1ee5ng trong nhi\u1ec1u ng\u00e0nh c\u00f4ng nghi\u1ec7p kh\u00e1c nhau, ch\u1eb3ng h\u1ea1n nh\u01b0 x\u01b0\u1edfng s\u1eeda ch\u1eefa m\u00e1y m\u00f3c, n\u00f4ng tr\u1ea1i, n\u0103ng l\u01b0\u1ee3ng &amp; khai th\u00e1c m\u1ecf, s\u1ea3n xu\u1ea5t m\u00e1y m\u00f3c, v\u00e0 nhi\u1ec1u h\u01a1n n\u1eefa.<\/p>\n<ul>\n<li style=\"list-style-type: none;\">\n<ul>\n<li>T\u00ecnh tr\u1ea1ng: M\u1edbi<\/li>\n<li>B\u1ea3o h\u00e0nh: 1 n\u0103m<\/li>\n<li>Tr\u1ecdng l\u01b0\u1ee3ng (KG): 6<\/li>\n<\/ul>\n<\/li>\n<\/ul>\n<ul>\n<li>Ti\u00eau chu\u1ea9n: Ti\u00eau chu\u1ea9n<\/li>\n<li>C\u1ea5u tr\u00fac: Piston xi lanh<\/li>\n<li>C\u00f4ng su\u1ea5t: Th\u1ee7y l\u1ef1c<\/li>\n<li>V\u1eadt li\u1ec7u th\u00e2n m\u00e1y: Th\u00e9p<\/li>\n<li>L\u1ef1c \u0111\u1ea9y t\u1ed1i \u0111a: 3000<\/li>\n<li>Lo\u1ea1i: Xi lanh th\u1ee7y l\u1ef1c m\u00e1y c\u00e0y tuy\u1ebft<\/li>\n<li>L\u1ef1c k\u00e9o t\u1ed1i \u0111a: 20 t\u1ea5n<\/li>\n<li>Ch\u1ee9ng nh\u1eadn: ISO9001:2000<\/li>\n<\/ul>\n<h2>B\u1ea3o tr\u00ec v\u00e0 Ch\u0103m s\u00f3c<\/h2>\n<p>Xi lanh d\u1ea7u th\u1ee7y l\u1ef1c b\u1eb1ng th\u00e9p kh\u00f4ng g\u1ec9 c\u1ee7a ch\u00fang t\u00f4i \u0111\u01b0\u1ee3c thi\u1ebft k\u1ebf \u0111\u1ec3 \u00edt c\u1ea7n b\u1ea3o tr\u00ec v\u00e0 d\u1ec5 b\u1ea3o d\u01b0\u1ee1ng. Vi\u1ec7c v\u1ec7 sinh th\u01b0\u1eddng xuy\u00ean v\u00e0 ki\u1ec3m tra c\u00e1c d\u1ea5u hi\u1ec7u hao m\u00f2n c\u00f3 th\u1ec3 gi\u00fap s\u1ea3n ph\u1ea9m ho\u1ea1t \u0111\u1ed9ng t\u1ed1i \u01b0u. \u0110i\u1ec1u quan tr\u1ecdng n\u1eefa l\u00e0 s\u1eed d\u1ee5ng d\u1ea7u th\u1ee7y l\u1ef1c do nh\u00e0 s\u1ea3n xu\u1ea5t khuy\u1ebfn ngh\u1ecb \u0111\u1ec3 \u0111\u1ea3m b\u1ea3o ho\u1ea1t \u0111\u1ed9ng tr\u01a1n tru v\u00e0 tu\u1ed5i th\u1ecd l\u00e2u d\u00e0i.<\/p>\n<h2>\u1ee8ng d\u1ee5ng ph\u1ed5 bi\u1ebfn<\/h2>\n<p>Xi lanh th\u1ee7y l\u1ef1c c\u1ee7a ch\u00fang t\u00f4i \u0111\u01b0\u1ee3c s\u1eed d\u1ee5ng r\u1ed9ng r\u00e3i trong c\u00e1c b\u1ed9 ph\u1eadn m\u00e1y m\u00f3c n\u00f4ng nghi\u1ec7p, ch\u1eb3ng h\u1ea1n nh\u01b0 tr\u1ee5c PTO, h\u1ed9p s\u1ed1 PTO n\u00f4ng nghi\u1ec7p, r\u00f2ng r\u1ecdc n\u00f4ng nghi\u1ec7p, v.v. Ch\u00fang c\u0169ng \u0111\u01b0\u1ee3c s\u1eed d\u1ee5ng r\u1ed9ng r\u00e3i trong xi lanh th\u1ee7y l\u1ef1c m\u00e1y c\u00e0y tuy\u1ebft, mang l\u1ea1i ho\u1ea1t \u0111\u1ed9ng \u0111\u00e1ng tin c\u1eady v\u00e0 tr\u01a1n tru.<\/p>\n<h2>\u01afu \u0111i\u1ec3m c\u1ee7a xi lanh lo\u1ea1i ch\u1ed1t c\u00f3 th\u1ec3 \u0111i\u1ec1u ch\u1ec9nh<\/h2>\n<p>Xi lanh ki\u1ec3u c\u00e0ng n\u1ed1i \u0111i\u1ec1u ch\u1ec9nh l\u00e0 m\u1ed9t lo\u1ea1i xi lanh piston th\u1ee7y l\u1ef1c mang l\u1ea1i m\u1ed9t s\u1ed1 \u01b0u \u0111i\u1ec3m ch\u00ednh so v\u1edbi c\u00e1c thi\u1ebft k\u1ebf xi lanh kh\u00e1c. Nh\u1eefng xi lanh n\u00e0y \u0111\u01b0\u1ee3c l\u00e0m t\u1eeb th\u00e9p kh\u00f4ng g\u1ec9 ch\u1ea5t l\u01b0\u1ee3ng cao, \u0111\u1ea3m b\u1ea3o \u0111\u1ed9 b\u1ec1n v\u00e0 \u0111\u1ed9 tin c\u1eady trong nhi\u1ec1u \u1ee9ng d\u1ee5ng kh\u00e1c nhau. Trong b\u00e0i vi\u1ebft n\u00e0y, ch\u00fang ta s\u1ebd t\u00ecm hi\u1ec3u s\u00e2u h\u01a1n v\u1ec1 nh\u1eefng \u01b0u \u0111i\u1ec3m c\u1ee7a xi lanh ki\u1ec3u c\u00e0ng n\u1ed1i \u0111i\u1ec1u ch\u1ec9nh.<\/p>\n<h3>1. T\u0103ng c\u01b0\u1eddng t\u00ednh linh ho\u1ea1t<\/h3>\n<p>M\u1ed9t trong nh\u1eefng \u01b0u \u0111i\u1ec3m ch\u00ednh c\u1ee7a xi lanh ki\u1ec3u c\u00e0ng n\u1ed1i \u0111i\u1ec1u ch\u1ec9nh \u0111\u01b0\u1ee3c l\u00e0 t\u00ednh linh ho\u1ea1t cao. C\u00e1c xi lanh n\u00e0y c\u00f3 gi\u00e1 \u0111\u1ee1 c\u00e0ng n\u1ed1i, cho ph\u00e9p d\u1ec5 d\u00e0ng \u0111i\u1ec1u ch\u1ec9nh v\u1ecb tr\u00ed c\u1ea7n piston. T\u00ednh linh ho\u1ea1t n\u00e0y cho ph\u00e9p xi lanh th\u00edch \u1ee9ng v\u1edbi c\u00e1c c\u1ea5u h\u00ecnh l\u1eafp \u0111\u1eb7t kh\u00e1c nhau, l\u00e0m cho n\u00f3 ph\u00f9 h\u1ee3p v\u1edbi nhi\u1ec1u \u1ee9ng d\u1ee5ng.<\/p>\n<h3>2. \u0110\u1ecbnh v\u1ecb ch\u00ednh x\u00e1c<\/h3>\n<p>Xi lanh ki\u1ec3u c\u00e0ng n\u1ed1i \u0111i\u1ec1u ch\u1ec9nh \u0111\u01b0\u1ee3c r\u1ea5t hi\u1ec7u qu\u1ea3 trong c\u00e1c \u1ee9ng d\u1ee5ng \u0111\u00f2i h\u1ecfi \u0111\u1ecbnh v\u1ecb ch\u00ednh x\u00e1c. Kh\u1ea3 n\u0103ng \u0111i\u1ec1u ch\u1ec9nh v\u1ecb tr\u00ed c\u1ea7n piston cho ph\u00e9p tinh ch\u1ec9nh v\u00e0 ki\u1ec3m so\u00e1t ch\u00ednh x\u00e1c qu\u00e1 tr\u00ecnh gi\u00e3n n\u1edf v\u00e0 thu h\u1ed3i c\u1ee7a xi lanh. \u0110\u1ed9 ch\u00ednh x\u00e1c n\u00e0y r\u1ea5t quan tr\u1ecdng trong c\u00e1c \u1ee9ng d\u1ee5ng nh\u01b0 t\u1ef1 \u0111\u1ed9ng h\u00f3a c\u00f4ng nghi\u1ec7p, n\u01a1i c\u1ea7n c\u00f3 c\u00e1c chuy\u1ec3n \u0111\u1ed9ng ch\u00ednh x\u00e1c.<\/p>\n<p><img decoding=\"async\" title=\"Xi lanh th\u1ee7y l\u1ef1c m\u00e1y c\u00e0y tuy\u1ebft\" src=\"https:\/\/hzpt.com\/wp-content\/uploads\/2023\/11\/Snow-Plow-Hydraulic-Cylinder-1.webp\" alt=\"Xi lanh th\u1ee7y l\u1ef1c m\u00e1y c\u00e0y tuy\u1ebft\" \/><\/p>\n<h3>3. T\u0103ng chi\u1ec1u d\u00e0i nh\u1ecbp tim<\/h3>\n<p>So v\u1edbi c\u00e1c thi\u1ebft k\u1ebf xi lanh kh\u00e1c, xi lanh ki\u1ec3u c\u00e0ng n\u1ed1i \u0111i\u1ec1u ch\u1ec9nh \u0111\u01b0\u1ee3c cung c\u1ea5p chi\u1ec1u d\u00e0i h\u00e0nh tr\u00ecnh l\u1edbn h\u01a1n. C\u00e0ng n\u1ed1i \u0111i\u1ec1u ch\u1ec9nh cho ph\u00e9p ph\u1ea1m vi chuy\u1ec3n \u0111\u1ed9ng l\u1edbn h\u01a1n, cho ph\u00e9p c\u1ea7n piston k\u00e9o d\u00e0i v\u00e0 thu l\u1ea1i tr\u00ean m\u1ed9t qu\u00e3ng \u0111\u01b0\u1eddng d\u00e0i h\u01a1n. Chi\u1ec1u d\u00e0i h\u00e0nh tr\u00ecnh m\u1edf r\u1ed9ng n\u00e0y r\u1ea5t c\u00f3 l\u1ee3i trong c\u00e1c \u1ee9ng d\u1ee5ng y\u00eau c\u1ea7u ph\u1ea1m vi l\u00e0m vi\u1ec7c l\u1edbn h\u01a1n.<\/p>\n<h3>4. Ph\u00e2n b\u1ed5 t\u1ea3i t\u1ed1i \u01b0u<\/h3>\n<p>M\u1ed9t \u01b0u \u0111i\u1ec3m kh\u00e1c c\u1ee7a xi lanh ki\u1ec3u c\u00e0ng n\u1ed1i \u0111i\u1ec1u ch\u1ec9nh \u0111\u01b0\u1ee3c l\u00e0 kh\u1ea3 n\u0103ng ph\u00e2n b\u1ed5 t\u1ea3i tr\u1ecdng \u0111\u1ed3ng \u0111\u1ec1u h\u01a1n. C\u00e0ng n\u1ed1i t\u1ea1o ra k\u1ebft n\u1ed1i \u1ed5n \u0111\u1ecbnh v\u00e0 ch\u1eafc ch\u1eafn gi\u1eefa xi lanh v\u00e0 t\u1ea3i tr\u1ecdng, \u0111\u1ea3m b\u1ea3o l\u1ef1c \u0111\u01b0\u1ee3c ph\u00e2n b\u1ed5 \u0111\u1ec1u. S\u1ef1 ph\u00e2n b\u1ed5 t\u1ea3i tr\u1ecdng \u0111\u1ed3ng \u0111\u1ec1u n\u00e0y gi\u00fap gi\u1ea3m thi\u1ec3u \u1ee9ng su\u1ea5t v\u00e0 bi\u1ebfn d\u1ea1ng tr\u00ean xi lanh, d\u1eabn \u0111\u1ebfn hi\u1ec7u su\u1ea5t v\u00e0 tu\u1ed5i th\u1ecd \u0111\u01b0\u1ee3c c\u1ea3i thi\u1ec7n.<\/p>\n<h3>5. D\u1ec5 d\u00e0ng b\u1ea3o tr\u00ec<\/h3>\n<p>C\u00e1c xi lanh ki\u1ec3u c\u00e0ng cua \u0111i\u1ec1u ch\u1ec9nh \u0111\u01b0\u1ee3c thi\u1ebft k\u1ebf \u0111\u1ec3 d\u1ec5 b\u1ea3o tr\u00ec. C\u01a1 c\u1ea5u c\u00e0ng cua cho ph\u00e9p th\u00e1o l\u1eafp xi lanh nhanh ch\u00f3ng v\u00e0 d\u1ec5 d\u00e0ng. S\u1ef1 d\u1ec5 d\u00e0ng trong b\u1ea3o tr\u00ec n\u00e0y gi\u00fap gi\u1ea3m th\u1eddi gian ng\u1eebng ho\u1ea1t \u0111\u1ed9ng v\u00e0 n\u00e2ng cao hi\u1ec7u qu\u1ea3 t\u1ed5ng th\u1ec3 c\u1ee7a h\u1ec7 th\u1ed1ng.<\/p>\n<p>T\u00f3m l\u1ea1i, xi lanh ki\u1ec3u c\u00e0ng n\u1ed1i \u0111i\u1ec1u ch\u1ec9nh mang l\u1ea1i nhi\u1ec1u \u01b0u \u0111i\u1ec3m, khi\u1ebfn ch\u00fang tr\u1edf th\u00e0nh l\u1ef1a ch\u1ecdn \u01b0u ti\u00ean trong nhi\u1ec1u \u1ee9ng d\u1ee5ng. T\u00ednh linh ho\u1ea1t \u0111\u01b0\u1ee3c n\u00e2ng cao, kh\u1ea3 n\u0103ng \u0111\u1ecbnh v\u1ecb ch\u00ednh x\u00e1c, chi\u1ec1u d\u00e0i h\u00e0nh tr\u00ecnh t\u0103ng l\u00ean, ph\u00e2n b\u1ed1 t\u1ea3i tr\u1ecdng t\u1ed1i \u01b0u v\u00e0 b\u1ea3o tr\u00ec d\u1ec5 d\u00e0ng khi\u1ebfn ch\u00fang tr\u1edf th\u00e0nh m\u1ed9t l\u1ef1a ch\u1ecdn xi lanh piston th\u1ee7y l\u1ef1c \u0111\u00e1ng tin c\u1eady v\u00e0 hi\u1ec7u qu\u1ea3. B\u1eb1ng c\u00e1ch s\u1eed d\u1ee5ng th\u00e9p kh\u00f4ng g\u1ec9 ch\u1ea5t l\u01b0\u1ee3ng cao, c\u00e1c xi lanh n\u00e0y \u0111\u1ea3m b\u1ea3o hi\u1ec7u su\u1ea5t v\u00e0 \u0111\u1ed9 b\u1ec1n l\u00e2u d\u00e0i. Cho d\u00f9 trong t\u1ef1 \u0111\u1ed9ng h\u00f3a c\u00f4ng nghi\u1ec7p, x\u00e2y d\u1ef1ng hay b\u1ea5t k\u1ef3 l\u0129nh v\u1ef1c n\u00e0o kh\u00e1c c\u1ea7n n\u0103ng l\u01b0\u1ee3ng th\u1ee7y l\u1ef1c, xi lanh ki\u1ec3u c\u00e0ng n\u1ed1i \u0111i\u1ec1u ch\u1ec9nh \u0111\u1ec1u cung c\u1ea5p t\u00ednh linh ho\u1ea1t v\u00e0 hi\u1ec7u su\u1ea5t c\u1ea7n thi\u1ebft \u0111\u1ec3 \u0111\u00e1p \u1ee9ng nhu c\u1ea7u c\u1ee7a c\u00e1c \u1ee9ng d\u1ee5ng \u0111a d\u1ea1ng.<\/p>\n<h3>Gi\u1edbi thi\u1ec7u v\u1ec1 FMP<\/h3>\n<p>FMP l\u00e0 m\u1ed9t c\u00f4ng ty chuy\u00ean s\u1ea3n xu\u1ea5t v\u00e0 kinh doanh Xi lanh th\u1ee7y l\u1ef1c. T\u1ecda l\u1ea1c t\u1ea1i \u00dd, ch\u00fang t\u00f4i c\u00f3 nhi\u1ec1u n\u0103m kinh nghi\u1ec7m trong ng\u00e0nh m\u00e1y m\u00f3c x\u00e2y d\u1ef1ng v\u00e0 s\u1edf h\u1eefu \u0111\u1ed9i ng\u0169 chuy\u00ean nghi\u1ec7p, t\u1eadn t\u00e2m cung c\u1ea5p c\u00e1c s\u1ea3n ph\u1ea9m v\u00e0 d\u1ecbch v\u1ee5 ch\u1ea5t l\u01b0\u1ee3ng cao v\u00e0 \u0111\u00e1ng tin c\u1eady.<\/p>\n<p><img decoding=\"async\" src=\"https:\/\/fmp-components.com\/wp-content\/uploads\/2024\/12\/Adjustable-Clevis-Type-Cylinders-6.webp\" alt=\"Xi lanh lo\u1ea1i Clevis c\u00f3 th\u1ec3 \u0111i\u1ec1u ch\u1ec9nh\" width=\"818\" title=\"\"><\/p>\n<p>Sau \u0111\u00e2y l\u00e0 n\u0103m l\u00fd do t\u1ea1i sao b\u1ea1n n\u00ean ch\u1ecdn FMP cho nhu c\u1ea7u Xi lanh th\u1ee7y l\u1ef1c c\u1ee7a m\u00ecnh:<\/p>\n<ol>\n<li>\u0110a d\u1ea1ng s\u1ea3n ph\u1ea9m: Ch\u00fang t\u00f4i cung c\u1ea5p \u0111\u1ea7y \u0111\u1ee7 c\u00e1c lo\u1ea1i xi lanh th\u1ee7y l\u1ef1c, bao g\u1ed3m xi lanh ki\u1ec3u ch\u1ed1t \u0111i\u1ec1u ch\u1ec9nh, xi lanh thanh gi\u1eb1ng, xi lanh h\u00e0n, v.v. D\u00f9 y\u00eau c\u1ea7u c\u1ee5 th\u1ec3 c\u1ee7a b\u1ea1n l\u00e0 g\u00ec, ch\u00fang t\u00f4i \u0111\u1ec1u c\u00f3 lo\u1ea1i xi lanh ph\u00f9 h\u1ee3p.<\/li>\n<li>Ch\u1ea5t l\u01b0\u1ee3ng v\u01b0\u1ee3t tr\u1ed9i: T\u1ea5t c\u1ea3 xi lanh th\u1ee7y l\u1ef1c c\u1ee7a ch\u00fang t\u00f4i \u0111\u1ec1u \u0111\u01b0\u1ee3c s\u1ea3n xu\u1ea5t b\u1eb1ng v\u1eadt li\u1ec7u cao c\u1ea5p v\u00e0 c\u00f4ng ngh\u1ec7 ti\u00ean ti\u1ebfn. Ch\u00fang t\u00f4i tu\u00e2n th\u1ee7 c\u00e1c ti\u00eau chu\u1ea9n ch\u1ea5t l\u01b0\u1ee3ng nghi\u00eam ng\u1eb7t \u0111\u1ec3 \u0111\u1ea3m b\u1ea3o s\u1ea3n ph\u1ea9m \u0111\u00e1p \u1ee9ng ho\u1eb7c v\u01b0\u1ee3t qu\u00e1 mong \u0111\u1ee3i c\u1ee7a kh\u00e1ch h\u00e0ng.<\/li>\n<li>Hi\u1ec7u su\u1ea5t \u0111\u00e1ng tin c\u1eady: Xi lanh th\u1ee7y l\u1ef1c c\u1ee7a ch\u00fang t\u00f4i \u0111\u01b0\u1ee3c thi\u1ebft k\u1ebf \u0111\u1ec3 mang l\u1ea1i hi\u1ec7u su\u1ea5t \u0111\u00e1ng tin c\u1eady v\u00e0 \u1ed5n \u0111\u1ecbnh ngay c\u1ea3 trong \u0111i\u1ec1u ki\u1ec7n kh\u1eafc nghi\u1ec7t. Ch\u00fang \u0111\u01b0\u1ee3c ch\u1ebf t\u1ea1o \u0111\u1ec3 ch\u1ecbu \u0111\u01b0\u1ee3c t\u1ea3i tr\u1ecdng l\u1edbn v\u00e0 \u0111\u1ea3m b\u1ea3o ho\u1ea1t \u0111\u1ed9ng tr\u01a1n tru, hi\u1ec7u qu\u1ea3.<\/li>\n<li>T\u01b0 v\u1ea5n chuy\u00ean m\u00f4n: \u0110\u1ed9i ng\u0169 b\u00e1n h\u00e0ng gi\u00e0u kinh nghi\u1ec7m c\u1ee7a ch\u00fang t\u00f4i am hi\u1ec3u s\u00e2u s\u1eafc v\u1ec1 ng\u00e0nh m\u00e1y m\u00f3c x\u00e2y d\u1ef1ng. H\u1ecd n\u1eafm b\u1eaft c\u00e1c xu h\u01b0\u1edbng m\u1edbi nh\u1ea5t v\u00e0 nhu c\u1ea7u c\u1ee7a kh\u00e1ch h\u00e0ng, \u0111\u1ed3ng th\u1eddi c\u00f3 th\u1ec3 t\u01b0 v\u1ea5n s\u1ea3n ph\u1ea9m chuy\u00ean nghi\u1ec7p \u0111\u1ec3 gi\u00fap b\u1ea1n \u0111\u01b0a ra l\u1ef1a ch\u1ecdn ph\u00f9 h\u1ee3p cho d\u1ef1 \u00e1n c\u1ee7a m\u00ecnh.<\/li>\n<li>Giao h\u00e0ng hi\u1ec7u qu\u1ea3: Ch\u00fang t\u00f4i hi\u1ec3u t\u1ea7m quan tr\u1ecdng c\u1ee7a vi\u1ec7c giao h\u00e0ng \u0111\u00fang h\u1ea1n. V\u1edbi h\u1ec7 th\u1ed1ng ph\u00e2n ph\u1ed1i h\u1eadu c\u1ea7n hi\u1ec7u qu\u1ea3, ch\u00fang t\u00f4i \u0111\u1ea3m b\u1ea3o Xi lanh th\u1ee7y l\u1ef1c theo y\u00eau c\u1ea7u c\u1ee7a b\u1ea1n \u0111\u01b0\u1ee3c giao \u0111\u1ebfn \u0111\u00fang th\u1eddi h\u1ea1n v\u00e0 ch\u00ednh x\u00e1c, gi\u1ea3m thi\u1ec3u th\u1eddi gian ng\u1eebng ho\u1ea1t \u0111\u1ed9ng v\u00e0 \u0111\u1ea3m b\u1ea3o d\u1ef1 \u00e1n c\u1ee7a b\u1ea1n \u0111\u00fang ti\u1ebfn \u0111\u1ed9.<\/li>\n<\/ol>\n<p>H\u00e3y h\u1ee3p t\u00e1c v\u1edbi FMP \u0111\u1ec3 \u0111\u00e1p \u1ee9ng nhu c\u1ea7u v\u1ec1 Xi lanh th\u1ee7y l\u1ef1c c\u1ee7a b\u1ea1n v\u00e0 tr\u1ea3i nghi\u1ec7m s\u1ef1 kh\u00e1c bi\u1ec7t. Li\u00ean h\u1ec7 v\u1edbi ch\u00fang t\u00f4i ngay h\u00f4m nay \u0111\u1ec3 th\u1ea3o lu\u1eadn v\u1ec1 nhu c\u1ea7u c\u1ee7a b\u1ea1n v\u00e0 t\u00ecm ra gi\u1ea3i ph\u00e1p ho\u00e0n h\u1ea3o cho m\u00e1y m\u00f3c x\u00e2y d\u1ef1ng c\u1ee7a b\u1ea1n.<\/p>\n<p>T\u00e1c gi\u1ea3: CX<\/p>","protected":false},"excerpt":{"rendered":"<p>Premium Quality Stainless Steel Hydraulic Oil Cylinder Hydraulic Piston Cylinder The Premium Quality Stainless Steel Hydraulic Oil Cylinder Hydraulic Piston Cylinder is a high-performance hydraulic cylinder designed for various industrial applications. This cylinder is made from premium quality stainless steel, which enhances its durability and resistance to corrosion. With its advanced hydraulic piston design, this [&hellip;]<\/p>","protected":false},"featured_media":1481,"comment_status":"closed","ping_status":"closed","template":"","meta":{"_et_pb_use_builder":"","_et_pb_old_content":"","_et_gb_content_width":""},"product_brand":[],"product_cat":[42],"product_tag":[34,44],"class_list":{"0":"post-1480","1":"product","2":"type-product","3":"status-publish","4":"has-post-thumbnail","6":"product_cat-snow-plow-hydraulic-cylinder","7":"product_tag-hydraulic-cylinder","8":"product_tag-snow-plow-hydraulic-cylinder","10":"first","11":"instock","12":"product-type-simple"},"_links":{"self":[{"href":"https:\/\/fmp-components.com\/vi\/wp-json\/wp\/v2\/product\/1480","targetHints":{"allow":["GET"]}}],"collection":[{"href":"https:\/\/fmp-components.com\/vi\/wp-json\/wp\/v2\/product"}],"about":[{"href":"https:\/\/fmp-components.com\/vi\/wp-json\/wp\/v2\/types\/product"}],"replies":[{"embeddable":true,"href":"https:\/\/fmp-components.com\/vi\/wp-json\/wp\/v2\/comments?post=1480"}],"wp:featuredmedia":[{"embeddable":true,"href":"https:\/\/fmp-components.com\/vi\/wp-json\/wp\/v2\/media\/1481"}],"wp:attachment":[{"href":"https:\/\/fmp-components.com\/vi\/wp-json\/wp\/v2\/media?parent=1480"}],"wp:term":[{"taxonomy":"product_brand","embeddable":true,"href":"https:\/\/fmp-components.com\/vi\/wp-json\/wp\/v2\/product_brand?post=1480"},{"taxonomy":"product_cat","embeddable":true,"href":"https:\/\/fmp-components.com\/vi\/wp-json\/wp\/v2\/product_cat?post=1480"},{"taxonomy":"product_tag","embeddable":true,"href":"https:\/\/fmp-components.com\/vi\/wp-json\/wp\/v2\/product_tag?post=1480"}],"curies":[{"name":"wp","href":"https:\/\/api.w.org\/{rel}","templated":true}]}}