{"id":1478,"date":"2024-12-23T05:49:26","date_gmt":"2024-12-23T05:49:26","guid":{"rendered":"https:\/\/fmp-components.com\/product\/competitive-price-2-ton-double-effect-small-hydraulic-cylinder\/"},"modified":"2024-12-23T06:39:58","modified_gmt":"2024-12-23T06:39:58","slug":"competitive-price-2-ton-double-effect-small-hydraulic-cylinder","status":"publish","type":"product","link":"https:\/\/fmp-components.com\/vi\/product\/competitive-price-2-ton-double-effect-small-hydraulic-cylinder\/","title":{"rendered":"Gi\u00e1 c\u1ea3 c\u1ea1nh tranh 2 t\u1ea5n xi lanh th\u1ee7y l\u1ef1c nh\u1ecf hi\u1ec7u \u1ee9ng k\u00e9p"},"content":{"rendered":"<h2>Gi\u00e1 c\u1ea3 c\u1ea1nh tranh 2 t\u1ea5n xi lanh th\u1ee7y l\u1ef1c nh\u1ecf hi\u1ec7u \u1ee9ng k\u00e9p<\/h2>\n<p>Gi\u1edbi thi\u1ec7u s\u1ea3n ph\u1ea9m: Xi lanh th\u1ee7y l\u1ef1c nh\u1ecf hi\u1ec7u \u1ee9ng k\u00e9p 2 t\u1ea5n gi\u00e1 c\u1ea3 c\u1ea1nh tranh<\/p>\n<p>Xi lanh th\u1ee7y l\u1ef1c nh\u1ecf 2 t\u1ea5n hi\u1ec7u \u1ee9ng k\u00e9p gi\u00e1 c\u1ea3 c\u1ea1nh tranh l\u00e0 m\u1ed9t xi lanh th\u1ee7y l\u1ef1c hi\u1ec7u qu\u1ea3 v\u00e0 \u0111\u00e1ng tin c\u1eady cao, \u0111\u01b0\u1ee3c thi\u1ebft k\u1ebf \u0111\u1ec3 mang l\u1ea1i hi\u1ec7u su\u1ea5t v\u01b0\u1ee3t tr\u1ed9i cho nhi\u1ec1u \u1ee9ng d\u1ee5ng c\u00f4ng nghi\u1ec7p. Xi lanh th\u1ee7y l\u1ef1c n\u00e0y c\u00f3 thi\u1ebft k\u1ebf t\u00e1c \u0111\u1ed9ng k\u00e9p, mang l\u1ea1i chuy\u1ec3n \u0111\u1ed9ng m\u01b0\u1ee3t m\u00e0 v\u00e0 ch\u00ednh x\u00e1c, l\u00fd t\u01b0\u1edfng \u0111\u1ec3 s\u1eed d\u1ee5ng trong c\u00e1c \u1ee9ng d\u1ee5ng \u0111\u00f2i h\u1ecfi \u0111\u1ed9 ch\u00ednh x\u00e1c cao.<\/p>\n<p>Xi lanh th\u1ee7y l\u1ef1c n\u00e0y \u0111\u01b0\u1ee3c l\u00e0m t\u1eeb v\u1eadt li\u1ec7u ch\u1ea5t l\u01b0\u1ee3ng cao v\u00e0 \u0111\u01b0\u1ee3c thi\u1ebft k\u1ebf \u0111\u1ec3 ch\u1ecbu \u0111\u01b0\u1ee3c nh\u1eefng m\u00f4i tr\u01b0\u1eddng c\u00f4ng nghi\u1ec7p kh\u1eafc nghi\u1ec7t nh\u1ea5t. S\u1ea3n ph\u1ea9m c\u00f3 thi\u1ebft k\u1ebf nh\u1ecf g\u1ecdn v\u00e0 nh\u1eb9, d\u1ec5 d\u00e0ng l\u1eafp \u0111\u1eb7t v\u00e0 v\u1eadn h\u00e0nh, \u0111\u1ed3ng th\u1eddi \u0111\u1ea3m b\u1ea3o chi\u1ebfm \u00edt kh\u00f4ng gian nh\u1ea5t c\u00f3 th\u1ec3.<\/p>\n<p>Xi lanh th\u1ee7y l\u1ef1c nh\u1ecf hi\u1ec7u \u1ee9ng k\u00e9p 2 t\u1ea5n gi\u00e1 c\u1ea3 c\u1ea1nh tranh c\u0169ng \u0111\u01b0\u1ee3c thi\u1ebft k\u1ebf \u0111\u1ec3 c\u00f3 \u0111\u1ed9 b\u1ec1n cao v\u00e0 tu\u1ed5i th\u1ecd l\u00e2u d\u00e0i. S\u1ea3n ph\u1ea9m c\u00f3 c\u1ea5u tr\u00fac ch\u1eafc ch\u1eafn, ch\u1ed1ng m\u00e0i m\u00f2n, \u0111\u1ea3m b\u1ea3o c\u00f3 th\u1ec3 ch\u1ecbu \u0111\u01b0\u1ee3c nhi\u1ec1u n\u0103m s\u1eed d\u1ee5ng li\u00ean t\u1ee5c m\u00e0 kh\u00f4ng c\u1ea7n b\u1ea3o tr\u00ec ho\u1eb7c s\u1eeda ch\u1eefa th\u01b0\u1eddng xuy\u00ean.<\/p>\n<p>Cho d\u00f9 b\u1ea1n \u0111ang t\u00ecm ki\u1ebfm m\u1ed9t xi lanh th\u1ee7y l\u1ef1c \u0111\u1ec3 s\u1eed d\u1ee5ng trong s\u1ea3n xu\u1ea5t, x\u00e2y d\u1ef1ng hay b\u1ea5t k\u1ef3 \u1ee9ng d\u1ee5ng c\u00f4ng nghi\u1ec7p n\u00e0o kh\u00e1c, Xi lanh th\u1ee7y l\u1ef1c nh\u1ecf 2 t\u1ea5n hi\u1ec7u \u1ee9ng k\u00e9p gi\u00e1 c\u1ea3 c\u1ea1nh tranh l\u00e0 l\u1ef1a ch\u1ecdn l\u00fd t\u01b0\u1edfng. V\u1edbi hi\u1ec7u su\u1ea5t, \u0111\u1ed9 tin c\u1eady v\u00e0 \u0111\u1ed9 b\u1ec1n v\u01b0\u1ee3t tr\u1ed9i, xi lanh th\u1ee7y l\u1ef1c n\u00e0y ch\u1eafc ch\u1eafn s\u1ebd mang l\u1ea1i k\u1ebft qu\u1ea3 b\u1ea1n c\u1ea7n \u0111\u1ec3 v\u1eadn h\u00e0nh tr\u01a1n tru v\u00e0 hi\u1ec7u qu\u1ea3.<\/p>\n<p>Xin gi\u1edbi thi\u1ec7u xi lanh th\u1ee7y l\u1ef1c nh\u1ecf g\u1ecdn, hi\u1ec7u \u1ee9ng k\u00e9p, gi\u00e1 c\u1ea3 c\u1ea1nh tranh v\u1edbi c\u00f4ng su\u1ea5t 2 t\u1ea5n. Xi lanh piston ti\u00eau chu\u1ea9n m\u1edbi n\u00e0y mang \u0111\u1ebfn kh\u1ea3 n\u0103ng v\u1eadn h\u00e0nh th\u1ee7y l\u1ef1c m\u1ea1nh m\u1ebd, l\u00fd t\u01b0\u1edfng cho nhi\u1ec1u ng\u00e0nh c\u00f4ng nghi\u1ec7p kh\u00e1c nhau, bao g\u1ed3m x\u01b0\u1edfng s\u1eeda ch\u1eefa m\u00e1y m\u00f3c, trang tr\u1ea1i, n\u0103ng l\u01b0\u1ee3ng v\u00e0 khai th\u00e1c m\u1ecf, s\u1ea3n xu\u1ea5t m\u00e1y m\u00f3c v\u00e0 nh\u00e0 m\u00e1y c\u01a1 kh\u00ed.<\/p>\n<h2>T\u00ednh n\u0103ng v\u00e0 th\u00f4ng s\u1ed1 k\u1ef9 thu\u1eadt c\u1ee7a s\u1ea3n ph\u1ea9m<\/h2>\n<p>Xi lanh th\u1ee7y l\u1ef1c c\u1ee7a ch\u00fang t\u00f4i n\u1ed5i ti\u1ebfng v\u1edbi \u0111\u1ed9 b\u1ec1n v\u00e0 ch\u1eafc ch\u1eafn, v\u1edbi th\u00e2n l\u00e0m b\u1eb1ng th\u00e9p ch\u1ecbu \u0111\u01b0\u1ee3c nh\u1eefng m\u00f4i tr\u01b0\u1eddng kh\u1eafc nghi\u1ec7t nh\u1ea5t. N\u00f3 c\u00f3 l\u1ef1c \u0111\u1ea9y t\u1ed1i \u0111a 3000 v\u00e0 l\u1ef1c k\u00e9o t\u1ed1i \u0111a 20 t\u1ea5n, mang l\u1ea1i c\u00f4ng su\u1ea5t \u1ea5n t\u01b0\u1ee3ng so v\u1edbi k\u00edch th\u01b0\u1edbc. Xi lanh th\u1ee7y l\u1ef1c n\u00e0y \u0111\u01b0\u1ee3c thi\u1ebft k\u1ebf \u0111\u1ec3 s\u1eed d\u1ee5ng v\u1edbi h\u1ec7 th\u1ed1ng th\u1ee7y l\u1ef1c m\u00e1y c\u00e0y tuy\u1ebft, nh\u01b0ng c\u0169ng c\u00f3 th\u1ec3 \u0111\u01b0\u1ee3c s\u1eed d\u1ee5ng trong nhi\u1ec1u \u1ee9ng d\u1ee5ng kh\u00e1c.<\/p>\n<ul>\n<li><b>V\u1eadt li\u1ec7u:<\/b> Th\u00e9p<\/li>\n<li><b>Ki\u1ec3u:<\/b> Xi lanh th\u1ee7y l\u1ef1c m\u00e1y c\u00e0y tuy\u1ebft<\/li>\n<li><b>L\u1ef1c \u0111\u1ea9y t\u1ed1i \u0111a:<\/b> 3000<\/li>\n<li><b>L\u1ef1c k\u00e9o t\u1ed1i \u0111a:<\/b> 20 t\u1ea5n<\/li>\n<li><b>K\u00edch th\u01b0\u1edbc l\u1ed7 khoan:<\/b> 2-6 inch<\/li>\n<li><b>K\u00edch th\u01b0\u1edbc thanh:<\/b> 1,125-4 inch<\/li>\n<li><b>K\u00edch th\u01b0\u1edbc n\u00e9t v\u1ebd:<\/b> 4-100 inch<\/li>\n<li><b>K\u00edch th\u01b0\u1edbc ch\u00e2n:<\/b> 0,5-2 inch<\/li>\n<li><b>M\u00e0u s\u1eafc:<\/b> \u0110en<\/li>\n<\/ul>\n<p><img decoding=\"async\" title=\"Xi lanh th\u1ee7y l\u1ef1c m\u00e1y c\u00e0y tuy\u1ebft\" src=\"https:\/\/hzpt.com\/wp-content\/uploads\/2023\/11\/Snow-Plow-Hydraulic-Cylinder-2.webp\" alt=\"Xi lanh th\u1ee7y l\u1ef1c m\u00e1y c\u00e0y tuy\u1ebft\" \/><\/p>\n<h2>\u01afu \u0111i\u1ec3m c\u1ee7a xi lanh lo\u1ea1i ch\u1ed1t c\u00f3 th\u1ec3 \u0111i\u1ec1u ch\u1ec9nh<\/h2>\n<ul>\n<li><b>T\u0103ng t\u00ednh linh ho\u1ea1t:<\/b> Xi lanh lo\u1ea1i ch\u1ed1t \u0111i\u1ec1u ch\u1ec9nh c\u00f3 ph\u1ea1m vi chuy\u1ec3n \u0111\u1ed9ng v\u00e0 t\u00ednh linh ho\u1ea1t cao h\u01a1n so v\u1edbi xi lanh c\u1ed1 \u0111\u1ecbnh. Ch\u00fang c\u00f3 th\u1ec3 \u0111\u01b0\u1ee3c \u0111i\u1ec1u ch\u1ec9nh \u0111\u1ec3 ph\u00f9 h\u1ee3p v\u1edbi nhi\u1ec1u \u1ee9ng d\u1ee5ng kh\u00e1c nhau, khi\u1ebfn ch\u00fang tr\u1edf th\u00e0nh l\u1ef1a ch\u1ecdn ph\u1ed5 bi\u1ebfn trong c\u00e1c ng\u00e0nh c\u00f4ng nghi\u1ec7p t\u1eeb x\u00e2y d\u1ef1ng \u0111\u1ebfn s\u1ea3n xu\u1ea5t. T\u00ednh linh ho\u1ea1t c\u1ee7a nh\u1eefng xi lanh n\u00e0y c\u00f3 th\u1ec3 gi\u00fap gi\u1ea3m nhu c\u1ea7u s\u1eed d\u1ee5ng nhi\u1ec1u xi lanh v\u00e0 ti\u1ebft ki\u1ec7m chi ph\u00ed.<\/li>\n<li><b>Ki\u1ec3m so\u00e1t t\u1ea3i t\u1ed1t h\u01a1n:<\/b> Xi lanh ki\u1ec3u ch\u1ed1t \u0111i\u1ec1u ch\u1ec9nh gi\u00fap ki\u1ec3m so\u00e1t t\u1ea3i tr\u1ecdng t\u1ed1t h\u01a1n, cho ph\u00e9p di chuy\u1ec3n v\u00e0 \u0111\u1ecbnh v\u1ecb ch\u00ednh x\u00e1c thi\u1ebft b\u1ecb ho\u1eb7c v\u1eadt li\u1ec7u n\u1eb7ng. \u0110i\u1ec1u n\u00e0y \u0111\u1eb7c bi\u1ec7t quan tr\u1ecdng trong c\u00e1c \u1ee9ng d\u1ee5ng y\u00eau c\u1ea7u chuy\u1ec3n \u0111\u1ed9ng ch\u00ednh x\u00e1c v\u00e0 \u0111\u01b0\u1ee3c ki\u1ec3m so\u00e1t, ch\u1eb3ng h\u1ea1n nh\u01b0 trong d\u00e2y chuy\u1ec1n s\u1ea3n xu\u1ea5t ho\u1eb7c l\u1eafp r\u00e1p. Kh\u1ea3 n\u0103ng ki\u1ec3m so\u00e1t chuy\u1ec3n \u0111\u1ed9ng c\u1ee7a t\u1ea3i tr\u1ecdng c\u0169ng \u0111\u1ea3m b\u1ea3o an to\u00e0n cho ng\u01b0\u1eddi lao \u0111\u1ed9ng v\u00e0 gi\u1ea3m nguy c\u01a1 tai n\u1ea1n ho\u1eb7c h\u01b0 h\u1ecfng thi\u1ebft b\u1ecb.<\/li>\n<li><b>Hi\u1ec7u qu\u1ea3 \u0111\u01b0\u1ee3c c\u1ea3i thi\u1ec7n:<\/b> V\u1edbi kh\u1ea3 n\u0103ng \u0111i\u1ec1u ch\u1ec9nh v\u00e0 tinh ch\u1ec9nh \u0111\u1ed9 d\u00e0i h\u00e0nh tr\u00ecnh c\u1ee7a xi lanh, xi lanh lo\u1ea1i ch\u1ed1t c\u00f3 th\u1ec3 \u0111i\u1ec1u ch\u1ec9nh c\u00f3 th\u1ec3 c\u1ea3i thi\u1ec7n hi\u1ec7u su\u1ea5t t\u1ed5ng th\u1ec3. B\u1eb1ng c\u00e1ch gi\u1ea3m l\u01b0\u1ee3ng chuy\u1ec3n \u0111\u1ed9ng l\u00e3ng ph\u00ed, c\u00e1c xi lanh n\u00e0y c\u00f3 th\u1ec3 gi\u00fap t\u0103ng n\u0103ng su\u1ea5t v\u00e0 gi\u1ea3m chi ph\u00ed v\u1eadn h\u00e0nh. \u0110i\u1ec1u n\u00e0y \u0111\u1eb7c bi\u1ec7t c\u00f3 l\u1ee3i trong c\u00e1c \u1ee9ng d\u1ee5ng \u0111\u00f2i h\u1ecfi \u0111\u1ed9 ch\u00ednh x\u00e1c v\u00e0 kh\u1ea3 n\u0103ng l\u1eb7p l\u1ea1i cao.<\/li>\n<li><b>Tu\u1ed5i th\u1ecd d\u00e0i h\u01a1n:<\/b> Xi lanh th\u1ee7y l\u1ef1c lo\u1ea1i ch\u1ed1t \u0111i\u1ec1u ch\u1ec9nh \u0111\u01b0\u1ee3c ch\u1ebf t\u1ea1o \u0111\u1ec3 ch\u1ecbu \u0111\u01b0\u1ee3c c\u01b0\u1eddng \u0111\u1ed9 s\u1eed d\u1ee5ng cao v\u00e0 m\u00f4i tr\u01b0\u1eddng kh\u1eafc nghi\u1ec7t. Ch\u00fang \u0111\u01b0\u1ee3c ch\u1ebf t\u1ea1o b\u1eb1ng v\u1eadt li\u1ec7u ch\u1ea5t l\u01b0\u1ee3ng cao v\u00e0 \u0111\u01b0\u1ee3c thi\u1ebft k\u1ebf \u0111\u1ec3 ch\u1ed1ng m\u00e0i m\u00f2n. V\u1edbi vi\u1ec7c b\u1ea3o tr\u00ec v\u00e0 ch\u0103m s\u00f3c \u0111\u00fang c\u00e1ch, nh\u1eefng xi lanh n\u00e0y c\u00f3 th\u1ec3 s\u1eed d\u1ee5ng trong nhi\u1ec1u n\u0103m, mang \u0111\u1ebfn gi\u1ea3i ph\u00e1p \u0111\u00e1ng tin c\u1eady v\u00e0 ti\u1ebft ki\u1ec7m chi ph\u00ed cho nhi\u1ec1u \u1ee9ng d\u1ee5ng. M\u1ee9c gi\u00e1 c\u1ea1nh tranh c\u1ee7a xi lanh th\u1ee7y l\u1ef1c nh\u1ecf hi\u1ec7u \u1ee9ng k\u00e9p 2 t\u1ea5n khi\u1ebfn n\u00f3 tr\u1edf th\u00e0nh l\u1ef1a ch\u1ecdn ph\u1ed5 bi\u1ebfn cho nh\u1eefng ai \u0111ang t\u00ecm ki\u1ebfm m\u1ed9t gi\u1ea3i ph\u00e1p \u0111\u00e1ng tin c\u1eady v\u00e0 ti\u1ebft ki\u1ec7m chi ph\u00ed.<\/li>\n<li><b>Gi\u1ea3m th\u1eddi gian ch\u1ebft:<\/b> Trong tr\u01b0\u1eddng h\u1ee3p tr\u1ee5c tr\u1eb7c ho\u1eb7c h\u1ecfng h\u00f3c, xi lanh lo\u1ea1i ch\u1ed1t \u0111i\u1ec1u ch\u1ec9nh c\u00f3 th\u1ec3 d\u1ec5 d\u00e0ng s\u1eeda ch\u1eefa ho\u1eb7c thay th\u1ebf. Thi\u1ebft k\u1ebf m\u00f4-\u0111un c\u1ee7a c\u00e1c xi lanh n\u00e0y cho ph\u00e9p b\u1ea3o tr\u00ec nhanh ch\u00f3ng v\u00e0 d\u1ec5 d\u00e0ng, gi\u1ea3m th\u1eddi gian ng\u1eebng ho\u1ea1t \u0111\u1ed9ng v\u00e0 \u0111\u1ea3m b\u1ea3o thi\u1ebft b\u1ecb ho\u1ea1t \u0111\u1ed9ng tr\u1edf l\u1ea1i c\u00e0ng s\u1edbm c\u00e0ng t\u1ed1t. \u0110i\u1ec1u n\u00e0y \u0111\u1eb7c bi\u1ec7t quan tr\u1ecdng trong c\u00e1c ng\u00e0nh c\u00f4ng nghi\u1ec7p m\u00e0 th\u1eddi gian ng\u1eebng ho\u1ea1t \u0111\u1ed9ng c\u00f3 th\u1ec3 d\u1eabn \u0111\u1ebfn t\u1ed5n th\u1ea5t t\u00e0i ch\u00ednh \u0111\u00e1ng k\u1ec3.<\/li>\n<\/ul>\n<p>Nh\u00ecn chung, xi lanh ki\u1ec3u ch\u1ed1t \u0111i\u1ec1u ch\u1ec9nh mang l\u1ea1i nhi\u1ec1u \u01b0u \u0111i\u1ec3m h\u01a1n so v\u1edbi xi lanh c\u1ed1 \u0111\u1ecbnh. Ch\u00fang linh ho\u1ea1t h\u01a1n, ki\u1ec3m so\u00e1t t\u1ea3i t\u1ed1t h\u01a1n, hi\u1ec7u su\u1ea5t \u0111\u01b0\u1ee3c c\u1ea3i thi\u1ec7n, tu\u1ed5i th\u1ecd cao h\u01a1n v\u00e0 gi\u1ea3m th\u1eddi gian ng\u1eebng ho\u1ea1t \u0111\u1ed9ng. Gi\u00e1 c\u1ea3 c\u1ea1nh tranh c\u1ee7a xi lanh th\u1ee7y l\u1ef1c nh\u1ecf hi\u1ec7u \u1ee9ng k\u00e9p 2 t\u1ea5n c\u0169ng khi\u1ebfn n\u00f3 tr\u1edf th\u00e0nh l\u1ef1a ch\u1ecdn ph\u1ed5 bi\u1ebfn cho nh\u1eefng ai \u0111ang t\u00ecm ki\u1ebfm m\u1ed9t gi\u1ea3i ph\u00e1p \u0111\u00e1ng tin c\u1eady v\u00e0 ti\u1ebft ki\u1ec7m chi ph\u00ed.<\/p>\n<h3>Gi\u1edbi thi\u1ec7u v\u1ec1 FMP<\/h3>\n<p>FMP l\u00e0 m\u1ed9t c\u00f4ng ty chuy\u00ean s\u1ea3n xu\u1ea5t v\u00e0 kinh doanh xi lanh th\u1ee7y l\u1ef1c. T\u1ecda l\u1ea1c t\u1ea1i \u00dd, ch\u00fang t\u00f4i cung c\u1ea5p xi lanh th\u1ee7y l\u1ef1c ch\u1ea5t l\u01b0\u1ee3ng cao v\u00e0 \u0111\u00e1ng tin c\u1eady v\u1edbi nhi\u1ec1u n\u0103m kinh nghi\u1ec7m trong ng\u00e0nh v\u00e0 \u0111\u1ed9i ng\u0169 chuy\u00ean nghi\u1ec7p.<\/p>\n<p><img decoding=\"async\" src=\"https:\/\/fmp-components.com\/wp-content\/uploads\/2024\/12\/Adjustable-Clevis-Type-Cylinders-6.webp\" alt=\"Xi lanh lo\u1ea1i Clevis c\u00f3 th\u1ec3 \u0111i\u1ec1u ch\u1ec9nh\" width=\"817\" title=\"\"><\/p>\n<ol>\n<li>Nhi\u1ec1u lo\u1ea1i s\u1ea3n ph\u1ea9m: Ch\u00fang t\u00f4i cung c\u1ea5p nhi\u1ec1u lo\u1ea1i xi lanh th\u1ee7y l\u1ef1c ph\u00f9 h\u1ee3p v\u1edbi nhi\u1ec1u \u1ee9ng d\u1ee5ng kh\u00e1c nhau trong ng\u00e0nh m\u00e1y m\u00f3c x\u00e2y d\u1ef1ng.<\/li>\n<li>Ch\u1ea5t l\u01b0\u1ee3ng v\u01b0\u1ee3t tr\u1ed9i: T\u1ea5t c\u1ea3 xi lanh th\u1ee7y l\u1ef1c c\u1ee7a ch\u00fang t\u00f4i \u0111\u1ec1u \u0111\u01b0\u1ee3c s\u1ea3n xu\u1ea5t b\u1eb1ng v\u1eadt li\u1ec7u cao c\u1ea5p v\u00e0 tr\u1ea3i qua qu\u00e1 tr\u00ecnh ki\u1ec3m tra ch\u1ea5t l\u01b0\u1ee3ng nghi\u00eam ng\u1eb7t \u0111\u1ec3 \u0111\u1ea3m b\u1ea3o \u0111\u1ed9 b\u1ec1n v\u00e0 hi\u1ec7u su\u1ea5t.<\/li>\n<li>T\u00f9y ch\u1ecdn t\u00f9y ch\u1ec9nh: Ch\u00fang t\u00f4i cung c\u1ea5p d\u1ecbch v\u1ee5 t\u00f9y ch\u1ec9nh \u0111\u1ec3 \u0111\u00e1p \u1ee9ng c\u00e1c y\u00eau c\u1ea7u c\u1ee5 th\u1ec3 c\u1ee7a kh\u00e1ch h\u00e0ng, cung c\u1ea5p c\u00e1c gi\u1ea3i ph\u00e1p ph\u00f9 h\u1ee3p v\u1edbi nhu c\u1ea7u m\u00e1y m\u00f3c x\u00e2y d\u1ef1ng c\u1ee7a h\u1ecd.<\/li>\n<li>\u0110\u1ed9i ng\u0169 b\u00e1n h\u00e0ng chuy\u00ean gia: \u0110\u1ed9i ng\u0169 b\u00e1n h\u00e0ng gi\u00e0u kinh nghi\u1ec7m c\u1ee7a ch\u00fang t\u00f4i s\u1edf h\u1eefu ki\u1ebfn \u200b\u200bth\u1ee9c s\u00e2u r\u1ed9ng v\u1ec1 ng\u00e0nh m\u00e1y m\u00f3c x\u00e2y d\u1ef1ng v\u00e0 c\u00f3 th\u1ec3 cung c\u1ea5p t\u01b0 v\u1ea5n s\u1ea3n ph\u1ea9m chuy\u00ean nghi\u1ec7p \u0111\u1ec3 h\u1ed7 tr\u1ee3 kh\u00e1ch h\u00e0ng \u0111\u01b0a ra quy\u1ebft \u0111\u1ecbnh mua h\u00e0ng s\u00e1ng su\u1ed1t.<\/li>\n<li>H\u1eadu c\u1ea7n hi\u1ec7u qu\u1ea3: V\u1edbi h\u1ec7 th\u1ed1ng ph\u00e2n ph\u1ed1i h\u1eadu c\u1ea7n hi\u1ec7u qu\u1ea3, ch\u00fang t\u00f4i \u0111\u1ea3m b\u1ea3o giao xi lanh th\u1ee7y l\u1ef1c \u0111\u00fang th\u1eddi h\u1ea1n v\u00e0 ch\u00ednh x\u00e1c cho kh\u00e1ch h\u00e0ng, \u0111\u1ea3m b\u1ea3o c\u00e1c d\u1ef1 \u00e1n c\u1ee7a h\u1ecd c\u00f3 th\u1ec3 ti\u1ebfn h\u00e0nh su\u00f4n s\u1ebb m\u00e0 kh\u00f4ng b\u1ecb ch\u1eadm tr\u1ec5.<\/li>\n<\/ol>\n<p>H\u00e3y h\u1ee3p t\u00e1c v\u1edbi FMP \u0111\u1ec3 \u0111\u00e1p \u1ee9ng m\u1ecdi nhu c\u1ea7u v\u1ec1 xi lanh th\u1ee7y l\u1ef1c c\u1ee7a b\u1ea1n v\u00e0 tr\u1ea3i nghi\u1ec7m \u0111\u1ed9 tin c\u1eady, ch\u1ea5t l\u01b0\u1ee3ng v\u00e0 t\u00ednh chuy\u00ean nghi\u1ec7p gi\u00fap ch\u00fang t\u00f4i tr\u1edf n\u00ean kh\u00e1c bi\u1ec7t trong ng\u00e0nh m\u00e1y m\u00f3c x\u00e2y d\u1ef1ng.<\/p>\n<p>T\u00e1c gi\u1ea3: CX<\/p>","protected":false},"excerpt":{"rendered":"<p>Competitive Price 2 Ton Double Effect Small Hydraulic Cylinder Product Introduction: Competitive Price 2 Ton Double Effect Small Hydraulic Cylinder The Competitive Price 2 Ton Double Effect Small Hydraulic Cylinder is a highly efficient and reliable hydraulic cylinder that is designed to deliver superior performance for a wide range of industrial applications. This hydraulic cylinder [&hellip;]<\/p>","protected":false},"featured_media":1479,"comment_status":"closed","ping_status":"closed","template":"","meta":{"_et_pb_use_builder":"","_et_pb_old_content":"","_et_gb_content_width":""},"product_brand":[],"product_cat":[42],"product_tag":[34,44],"class_list":{"0":"post-1478","1":"product","2":"type-product","3":"status-publish","4":"has-post-thumbnail","6":"product_cat-snow-plow-hydraulic-cylinder","7":"product_tag-hydraulic-cylinder","8":"product_tag-snow-plow-hydraulic-cylinder","10":"first","11":"instock","12":"product-type-simple"},"_links":{"self":[{"href":"https:\/\/fmp-components.com\/vi\/wp-json\/wp\/v2\/product\/1478","targetHints":{"allow":["GET"]}}],"collection":[{"href":"https:\/\/fmp-components.com\/vi\/wp-json\/wp\/v2\/product"}],"about":[{"href":"https:\/\/fmp-components.com\/vi\/wp-json\/wp\/v2\/types\/product"}],"replies":[{"embeddable":true,"href":"https:\/\/fmp-components.com\/vi\/wp-json\/wp\/v2\/comments?post=1478"}],"wp:featuredmedia":[{"embeddable":true,"href":"https:\/\/fmp-components.com\/vi\/wp-json\/wp\/v2\/media\/1479"}],"wp:attachment":[{"href":"https:\/\/fmp-components.com\/vi\/wp-json\/wp\/v2\/media?parent=1478"}],"wp:term":[{"taxonomy":"product_brand","embeddable":true,"href":"https:\/\/fmp-components.com\/vi\/wp-json\/wp\/v2\/product_brand?post=1478"},{"taxonomy":"product_cat","embeddable":true,"href":"https:\/\/fmp-components.com\/vi\/wp-json\/wp\/v2\/product_cat?post=1478"},{"taxonomy":"product_tag","embeddable":true,"href":"https:\/\/fmp-components.com\/vi\/wp-json\/wp\/v2\/product_tag?post=1478"}],"curies":[{"name":"wp","href":"https:\/\/api.w.org\/{rel}","templated":true}]}}