{"id":1476,"date":"2024-12-23T05:49:26","date_gmt":"2024-12-23T05:49:26","guid":{"rendered":"https:\/\/fmp-components.com\/product\/superior-quality-small-welded-hydraulic-oil-cylinder\/"},"modified":"2024-12-23T06:35:24","modified_gmt":"2024-12-23T06:35:24","slug":"superior-quality-small-welded-hydraulic-oil-cylinder","status":"publish","type":"product","link":"https:\/\/fmp-components.com\/vi\/product\/superior-quality-small-welded-hydraulic-oil-cylinder\/","title":{"rendered":"Xi lanh d\u1ea7u th\u1ee7y l\u1ef1c h\u00e0n nh\u1ecf ch\u1ea5t l\u01b0\u1ee3ng cao"},"content":{"rendered":"<h2>Xi lanh d\u1ea7u th\u1ee7y l\u1ef1c h\u00e0n nh\u1ecf ch\u1ea5t l\u01b0\u1ee3ng cao<\/h2>\n<p>Gi\u1edbi thi\u1ec7u Xi lanh d\u1ea7u th\u1ee7y l\u1ef1c h\u00e0n nh\u1ecf ch\u1ea5t l\u01b0\u1ee3ng cao:<\/p>\n<p>Xi lanh d\u1ea7u th\u1ee7y l\u1ef1c h\u00e0n nh\u1ecf ch\u1ea5t l\u01b0\u1ee3ng cao l\u00e0 s\u1ea3n ph\u1ea9m c\u00f3 \u0111\u1ed9 tin c\u1eady v\u00e0 hi\u1ec7u qu\u1ea3 cao, \u0111\u01b0\u1ee3c thi\u1ebft k\u1ebf cho nhi\u1ec1u \u1ee9ng d\u1ee5ng c\u00f4ng nghi\u1ec7p kh\u00e1c nhau. V\u1edbi c\u00f4ng ngh\u1ec7 ti\u00ean ti\u1ebfn v\u00e0 tay ngh\u1ec1 th\u1ee7 c\u00f4ng \u0111\u1ec9nh cao, xi lanh th\u1ee7y l\u1ef1c n\u00e0y \u0111\u01b0\u1ee3c ch\u1ebf t\u1ea1o \u0111\u1ec3 mang l\u1ea1i hi\u1ec7u su\u1ea5t v\u00e0 \u0111\u1ed9 b\u1ec1n v\u01b0\u1ee3t tr\u1ed9i.<\/p>\n<p>Xi lanh d\u1ea7u th\u1ee7y l\u1ef1c n\u00e0y \u0111\u01b0\u1ee3c ch\u1ebf t\u1ea1o chuy\u00ean nghi\u1ec7p b\u1eb1ng v\u1eadt li\u1ec7u ch\u1ea5t l\u01b0\u1ee3ng cao, \u0111\u1ea3m b\u1ea3o \u0111\u1ed9 b\u1ec1n v\u00e0 kh\u1ea3 n\u0103ng ch\u1ed1ng m\u00e0i m\u00f2n. Thi\u1ebft k\u1ebf h\u00e0n c\u1ee7a n\u00f3 mang l\u1ea1i \u0111\u1ed9 b\u1ec1n v\u00e0 \u0111\u1ed9 \u1ed5n \u0111\u1ecbnh v\u01b0\u1ee3t tr\u1ed9i, ph\u00f9 h\u1ee3p v\u1edbi c\u1ea3 nh\u1eefng h\u1ec7 th\u1ed1ng th\u1ee7y l\u1ef1c kh\u1eaft khe nh\u1ea5t.<\/p>\n<p>\u0110\u01b0\u1ee3c trang b\u1ecb c\u00f4ng ngh\u1ec7 th\u1ee7y l\u1ef1c ti\u00ean ti\u1ebfn, xi lanh n\u00e0y mang l\u1ea1i kh\u1ea3 n\u0103ng \u0111i\u1ec1u khi\u1ec3n ch\u00ednh x\u00e1c v\u00e0 v\u1eadn h\u00e0nh tr\u01a1n tru. N\u00f3 cung c\u1ea5p kh\u1ea3 n\u0103ng truy\u1ec1n l\u1ef1c hi\u1ec7u qu\u1ea3, cho ph\u00e9p chuy\u1ec3n \u0111\u1ed9ng li\u1ec1n m\u1ea1ch v\u00e0 hi\u1ec7u su\u1ea5t t\u1ed1i \u01b0u trong m\u00e1y m\u00f3c th\u1ee7y l\u1ef1c.<\/p>\n<p>Xi lanh d\u1ea7u th\u1ee7y l\u1ef1c h\u00e0n nh\u1ecf ch\u1ea5t l\u01b0\u1ee3ng cao \u0111\u01b0\u1ee3c bi\u1ebft \u0111\u1ebfn v\u1edbi kh\u1ea3 n\u0103ng ch\u1ecbu t\u1ea3i \u1ea5n t\u01b0\u1ee3ng v\u00e0 kh\u1ea3 n\u0103ng ch\u1ecbu \u00e1p su\u1ea5t cao. \u0110i\u1ec1u n\u00e0y l\u00e0m cho s\u1ea3n ph\u1ea9m tr\u1edf n\u00ean l\u00fd t\u01b0\u1edfng cho c\u00e1c \u1ee9ng d\u1ee5ng h\u1ea1ng n\u1eb7ng \u0111\u00f2i h\u1ecfi h\u1ec7 th\u1ed1ng th\u1ee7y l\u1ef1c \u0111\u00e1ng tin c\u1eady v\u00e0 m\u1ea1nh m\u1ebd.<\/p>\n<p>H\u01a1n n\u1eefa, xi lanh th\u1ee7y l\u1ef1c n\u00e0y \u0111\u01b0\u1ee3c ki\u1ec3m tra v\u00e0 gi\u00e1m \u0111\u1ecbnh k\u1ef9 l\u01b0\u1ee1ng \u0111\u1ec3 \u0111\u00e1p \u1ee9ng c\u00e1c ti\u00eau chu\u1ea9n ch\u1ea5t l\u01b0\u1ee3ng cao nh\u1ea5t. S\u1ea3n ph\u1ea9m tr\u1ea3i qua c\u00e1c \u0111\u00e1nh gi\u00e1 hi\u1ec7u su\u1ea5t nghi\u00eam ng\u1eb7t \u0111\u1ec3 \u0111\u1ea3m b\u1ea3o ch\u1ee9c n\u0103ng v\u00e0 \u0111\u1ed9 tin c\u1eady trong nhi\u1ec1u \u0111i\u1ec1u ki\u1ec7n v\u1eadn h\u00e0nh kh\u00e1c nhau.<\/p>\n<p>T\u00f3m l\u1ea1i, Xi lanh d\u1ea7u th\u1ee7y l\u1ef1c h\u00e0n nh\u1ecf ch\u1ea5t l\u01b0\u1ee3ng cao l\u00e0 s\u1ea3n ph\u1ea9m h\u00e0ng \u0111\u1ea7u \u0111\u01b0\u1ee3c thi\u1ebft k\u1ebf \u0111\u1ec3 mang l\u1ea1i hi\u1ec7u su\u1ea5t v\u00e0 \u0111\u1ed9 b\u1ec1n v\u01b0\u1ee3t tr\u1ed9i. V\u1edbi c\u00f4ng ngh\u1ec7 ti\u00ean ti\u1ebfn, kh\u1ea3 n\u0103ng \u0111i\u1ec1u khi\u1ec3n ch\u00ednh x\u00e1c v\u00e0 \u0111\u1ed9 b\u1ec1n v\u01b0\u1ee3t tr\u1ed9i, \u0111\u00e2y l\u00e0 l\u1ef1a ch\u1ecdn tuy\u1ec7t v\u1eddi cho c\u00e1c \u1ee9ng d\u1ee5ng c\u00f4ng nghi\u1ec7p \u0111\u00f2i h\u1ecfi h\u1ec7 th\u1ed1ng th\u1ee7y l\u1ef1c \u0111\u00e1ng tin c\u1eady.<\/p>\n<p><img decoding=\"async\" title=\"Xi lanh th\u1ee7y l\u1ef1c m\u00e1y c\u00e0y tuy\u1ebft\" src=\"https:\/\/hzpt.com\/wp-content\/uploads\/2023\/11\/Snow-Plow-Hydraulic-Cylinder-3.webp\" alt=\"Xi lanh th\u1ee7y l\u1ef1c m\u00e1y c\u00e0y tuy\u1ebft\" \/><\/p>\n<h2>Gi\u1edbi thi\u1ec7u Xi lanh d\u1ea7u th\u1ee7y l\u1ef1c h\u00e0n nh\u1ecf ch\u1ea5t l\u01b0\u1ee3ng cao<\/h2>\n<p>Xin gi\u1edbi thi\u1ec7u Xi lanh d\u1ea7u th\u1ee7y l\u1ef1c h\u00e0n nh\u1ecf ch\u1ea5t l\u01b0\u1ee3ng cao, m\u1ed9t linh ki\u1ec7n m\u00e1y m\u00f3c h\u00e0ng \u0111\u1ea7u \u0111\u01b0\u1ee3c thi\u1ebft k\u1ebf \u0111\u1ec3 \u0111\u00e1p \u1ee9ng nhu c\u1ea7u kh\u1eaft khe c\u1ee7a nhi\u1ec1u ng\u00e0nh c\u00f4ng nghi\u1ec7p. Xi lanh th\u1ee7y l\u1ef1c n\u00e0y m\u1edbi, c\u00f3 \u0111\u1ed9 tin c\u1eady cao v\u00e0 \u0111\u01b0\u1ee3c b\u1ea3o h\u00e0nh m\u1ed9t n\u0103m, minh ch\u1ee9ng cho cam k\u1ebft c\u1ee7a ch\u00fang t\u00f4i v\u1ec1 ch\u1ea5t l\u01b0\u1ee3ng v\u00e0 \u0111\u1ed9 tin c\u1eady.<\/p>\n<h2>T\u00ednh n\u0103ng s\u1ea3n ph\u1ea9m<\/h2>\n<p>Xi lanh d\u1ea7u th\u1ee7y l\u1ef1c \u0111\u01b0\u1ee3c l\u00e0m b\u1eb1ng th\u00e9p ch\u1eafc ch\u1eafn v\u00e0 thi\u1ebft k\u1ebf theo c\u1ea5u tr\u00fac xi lanh piston ti\u00eau chu\u1ea9n, l\u00fd t\u01b0\u1edfng cho c\u00e1c x\u01b0\u1edfng s\u1eeda ch\u1eefa m\u00e1y m\u00f3c, trang tr\u1ea1i, n\u0103ng l\u01b0\u1ee3ng &amp; khai th\u00e1c m\u1ecf, s\u1ea3n xu\u1ea5t m\u00e1y m\u00f3c v\u00e0 nh\u00e0 m\u00e1y. V\u1edbi tr\u1ecdng l\u01b0\u1ee3ng 12 kg, xi lanh th\u1ee7y l\u1ef1c n\u00e0y r\u1ea5t d\u1ec5 v\u1eadn h\u00e0nh. C\u00e1c b\u1ed9 ph\u1eadn c\u1ed1t l\u00f5i bao g\u1ed3m \u1ed5 tr\u1ee5c v\u00e0 xi lanh th\u1ee7y l\u1ef1c, \u0111\u01b0\u1ee3c b\u1ea3o h\u00e0nh m\u1ed9t n\u0103m. Xi lanh ho\u1ea1t \u0111\u1ed9ng b\u1eb1ng th\u1ee7y l\u1ef1c v\u00e0 c\u00f3 th\u1ec3 ch\u1ecbu \u0111\u01b0\u1ee3c l\u1ef1c \u0111\u1ea9y t\u1ed1i \u0111a 3000 v\u00e0 l\u1ef1c k\u00e9o t\u1ed1i \u0111a 20 t\u1ea5n, khi\u1ebfn n\u00f3 tr\u1edf th\u00e0nh m\u1ed9t l\u1ef1a ch\u1ecdn m\u1ea1nh m\u1ebd v\u00e0 \u0111\u00e1ng tin c\u1eady cho c\u00e1c ng\u00e0nh c\u00f4ng nghi\u1ec7p ho\u1ea1t \u0111\u1ed9ng d\u01b0\u1edbi \u00e1p su\u1ea5t cao.<\/p>\n<h2>Th\u00f4ng s\u1ed1 k\u1ef9 thu\u1eadt<\/h2>\n<ul>\n<li>Ti\u00eau chu\u1ea9n ho\u1eb7c Kh\u00f4ng ti\u00eau chu\u1ea9n: Ti\u00eau chu\u1ea9n<\/li>\n<li>C\u1ea5u tr\u00fac: Piston xi lanh<\/li>\n<li>C\u00f4ng su\u1ea5t: Th\u1ee7y l\u1ef1c<\/li>\n<li>V\u1eadt li\u1ec7u th\u00e2n m\u00e1y: Th\u00e9p<\/li>\n<li>L\u1ef1c \u0111\u1ea9y t\u1ed1i \u0111a: 3000<\/li>\n<li>L\u1ef1c k\u00e9o t\u1ed1i \u0111a: 20 t\u1ea5n<\/li>\n<li>\u01afu \u0111i\u1ec3m: G\/SAE\/NPT\/M<\/li>\n<li>K\u00edch th\u01b0\u1edbc l\u1ed7 khoan: 2-6 inch<\/li>\n<li>K\u00edch th\u01b0\u1edbc thanh: 1,125-4 inch<\/li>\n<li>K\u00edch th\u01b0\u1edbc n\u00e9t: 4-100 inch<\/li>\n<li>K\u00edch th\u01b0\u1edbc ch\u1ed1t: 0,5-2 inch<\/li>\n<\/ul>\n<h2>\u01afu \u0111i\u1ec3m c\u1ee7a xi lanh lo\u1ea1i ch\u1ed1t c\u00f3 th\u1ec3 \u0111i\u1ec1u ch\u1ec9nh<\/h2>\n<p>Xi lanh th\u1ee7y l\u1ef1c ki\u1ec3u ch\u1ed1t \u0111i\u1ec1u ch\u1ec9nh \u0111ang ng\u00e0y c\u00e0ng ph\u1ed5 bi\u1ebfn trong nhi\u1ec1u \u1ee9ng d\u1ee5ng c\u00f4ng nghi\u1ec7p nh\u1edd nhi\u1ec1u \u01b0u \u0111i\u1ec3m c\u1ee7a ch\u00fang. Trong b\u00e0i vi\u1ebft n\u00e0y, ch\u00fang ta s\u1ebd t\u00ecm hi\u1ec3u nh\u1eefng l\u1ee3i \u00edch c\u1ee7a lo\u1ea1i xi lanh n\u00e0y v\u00e0 l\u00fd do t\u1ea1i sao ch\u00fang v\u01b0\u1ee3t tr\u1ed9i h\u01a1n c\u00e1c lo\u1ea1i xi lanh th\u1ee7y l\u1ef1c kh\u00e1c.<\/p>\n<h3>1. T\u00ednh linh ho\u1ea1t<\/h3>\n<p>M\u1ed9t trong nh\u1eefng \u01b0u \u0111i\u1ec3m ch\u00ednh c\u1ee7a xi lanh lo\u1ea1i ch\u1ed1t \u0111i\u1ec1u ch\u1ec9nh l\u00e0 t\u00ednh linh ho\u1ea1t c\u1ee7a ch\u00fang. Nh\u1eefng xi lanh n\u00e0y c\u00f3 th\u1ec3 \u0111\u01b0\u1ee3c s\u1eed d\u1ee5ng trong nhi\u1ec1u \u1ee9ng d\u1ee5ng kh\u00e1c nhau, t\u1eeb thi\u1ebft b\u1ecb x\u00e2y d\u1ef1ng \u0111\u1ebfn m\u00e1y m\u00f3c n\u00f4ng nghi\u1ec7p. T\u00ednh linh ho\u1ea1t n\u00e0y l\u00e0 do kh\u1ea3 n\u0103ng d\u1ec5 d\u00e0ng \u0111i\u1ec1u ch\u1ec9nh \u0111\u1ec3 ph\u00f9 h\u1ee3p v\u1edbi c\u00e1c y\u00eau c\u1ea7u c\u1ee5 th\u1ec3, khi\u1ebfn ch\u00fang tr\u1edf th\u00e0nh l\u1ef1a ch\u1ecdn l\u00fd t\u01b0\u1edfng cho c\u00e1c \u1ee9ng d\u1ee5ng \u0111\u00f2i h\u1ecfi t\u00ednh linh ho\u1ea1t cao.<\/p>\n<h3>2. \u0110\u1ed9 ch\u00ednh x\u00e1c<\/h3>\n<p>M\u1ed9t \u01b0u \u0111i\u1ec3m kh\u00e1c c\u1ee7a xi lanh lo\u1ea1i ch\u1ed1t \u0111i\u1ec1u ch\u1ec9nh l\u00e0 \u0111\u1ed9 ch\u00ednh x\u00e1c. Nh\u1eefng xi lanh n\u00e0y \u0111\u01b0\u1ee3c thi\u1ebft k\u1ebf \u0111\u1ec3 cung c\u1ea5p kh\u1ea3 n\u0103ng \u0111i\u1ec1u khi\u1ec3n ch\u00ednh x\u00e1c v\u00e0 \u0111\u00e1ng tin c\u1eady, l\u00fd t\u01b0\u1edfng cho c\u00e1c \u1ee9ng d\u1ee5ng \u0111\u00f2i h\u1ecfi chuy\u1ec3n \u0111\u1ed9ng ch\u00ednh x\u00e1c. \u0110\u1ed9 ch\u00ednh x\u00e1c n\u00e0y \u0111\u1ea1t \u0111\u01b0\u1ee3c nh\u1edd s\u1eed d\u1ee5ng v\u1eadt li\u1ec7u ch\u1ea5t l\u01b0\u1ee3ng cao v\u00e0 k\u1ef9 thu\u1eadt s\u1ea3n xu\u1ea5t ti\u00ean ti\u1ebfn, t\u1ea1o ra xi lanh d\u1ea7u th\u1ee7y l\u1ef1c h\u00e0n nh\u1ecf ch\u1ea5t l\u01b0\u1ee3ng v\u01b0\u1ee3t tr\u1ed9i.<\/p>\n<h3>3. \u0110\u1ed9 b\u1ec1n<\/h3>\n<p>Xi lanh lo\u1ea1i ch\u1ed1t \u0111i\u1ec1u ch\u1ec9nh c\u0169ng n\u1ed5i ti\u1ebfng v\u1ec1 \u0111\u1ed9 b\u1ec1n. Nh\u1eefng xi lanh n\u00e0y \u0111\u01b0\u1ee3c thi\u1ebft k\u1ebf \u0111\u1ec3 ch\u1ecbu \u0111\u01b0\u1ee3c ngay c\u1ea3 nh\u1eefng m\u00f4i tr\u01b0\u1eddng v\u00e0 \u0111i\u1ec1u ki\u1ec7n kh\u1eafc nghi\u1ec7t nh\u1ea5t, l\u00fd t\u01b0\u1edfng cho c\u00e1c \u1ee9ng d\u1ee5ng h\u1ea1ng n\u1eb7ng. \u0110\u1ed9 b\u1ec1n n\u00e0y l\u00e0 nh\u1edd s\u1eed d\u1ee5ng v\u1eadt li\u1ec7u ch\u1ea5t l\u01b0\u1ee3ng cao v\u00e0 k\u1ef9 thu\u1eadt s\u1ea3n xu\u1ea5t ti\u00ean ti\u1ebfn, \u0111\u1ea3m b\u1ea3o xi lanh \u0111\u01b0\u1ee3c ch\u1ebf t\u1ea1o b\u1ec1n b\u1ec9.<\/p>\n<h3>4. Hi\u1ec7u qu\u1ea3<\/h3>\n<p>Hi\u1ec7u qu\u1ea3 l\u00e0 m\u1ed9t \u01b0u \u0111i\u1ec3m kh\u00e1c c\u1ee7a xi lanh lo\u1ea1i ch\u1ed1t \u0111i\u1ec1u ch\u1ec9nh. C\u00e1c xi lanh n\u00e0y \u0111\u01b0\u1ee3c thi\u1ebft k\u1ebf \u0111\u1ec3 cung c\u1ea5p c\u00f4ng su\u1ea5t t\u1ed1i \u0111a v\u1edbi m\u1ee9c ti\u00eau th\u1ee5 n\u0103ng l\u01b0\u1ee3ng t\u1ed1i thi\u1ec3u, khi\u1ebfn ch\u00fang tr\u1edf th\u00e0nh m\u1ed9t l\u1ef1a ch\u1ecdn ti\u1ebft ki\u1ec7m n\u0103ng l\u01b0\u1ee3ng cho nhi\u1ec1u \u1ee9ng d\u1ee5ng. Hi\u1ec7u qu\u1ea3 n\u00e0y \u0111\u1ea1t \u0111\u01b0\u1ee3c nh\u1edd vi\u1ec7c s\u1eed d\u1ee5ng h\u1ec7 th\u1ed1ng th\u1ee7y l\u1ef1c ti\u00ean ti\u1ebfn v\u00e0 c\u00e1c t\u00ednh n\u0103ng thi\u1ebft k\u1ebf kh\u00e1c gi\u00fap t\u1ed1i \u01b0u h\u00f3a hi\u1ec7u su\u1ea5t v\u00e0 gi\u1ea3m thi\u1ec3u l\u00e3ng ph\u00ed n\u0103ng l\u01b0\u1ee3ng.<\/p>\n<h3>5. T\u00f9y ch\u1ec9nh<\/h3>\n<p>Cu\u1ed1i c\u00f9ng, xi lanh lo\u1ea1i ch\u1ed1t \u0111i\u1ec1u ch\u1ec9nh c\u00f3 kh\u1ea3 n\u0103ng t\u00f9y ch\u1ec9nh cao. Nh\u1eefng xi lanh n\u00e0y c\u00f3 th\u1ec3 d\u1ec5 d\u00e0ng \u0111\u01b0\u1ee3c \u0111i\u1ec1u ch\u1ec9nh \u0111\u1ec3 ph\u00f9 h\u1ee3p v\u1edbi c\u00e1c y\u00eau c\u1ea7u c\u1ee5 th\u1ec3, khi\u1ebfn ch\u00fang tr\u1edf th\u00e0nh l\u1ef1a ch\u1ecdn l\u00fd t\u01b0\u1edfng cho c\u00e1c \u1ee9ng d\u1ee5ng c\u1ea7n t\u00f9y ch\u1ec9nh. Vi\u1ec7c t\u00f9y ch\u1ec9nh n\u00e0y c\u00f3 th\u1ec3 bao g\u1ed3m c\u00e1c thay \u0111\u1ed5i v\u1ec1 \u0111\u01b0\u1eddng k\u00ednh xi lanh, chi\u1ec1u d\u00e0i h\u00e0nh tr\u00ecnh v\u00e0 c\u00e1c t\u00f9y ch\u1ecdn l\u1eafp \u0111\u1eb7t, c\u00f9ng nhi\u1ec1u t\u00ednh n\u0103ng kh\u00e1c, \u0111\u1ea3m b\u1ea3o xi lanh \u0111\u00e1p \u1ee9ng ch\u00ednh x\u00e1c nhu c\u1ea7u c\u1ee7a \u1ee9ng d\u1ee5ng.<\/p>\n<p>T\u00f3m l\u1ea1i, xi lanh lo\u1ea1i ch\u1ed1t \u0111i\u1ec1u ch\u1ec9nh mang l\u1ea1i nhi\u1ec1u \u01b0u \u0111i\u1ec3m, khi\u1ebfn ch\u00fang tr\u1edf th\u00e0nh l\u1ef1a ch\u1ecdn l\u00fd t\u01b0\u1edfng cho nhi\u1ec1u \u1ee9ng d\u1ee5ng c\u00f4ng nghi\u1ec7p. T\u1eeb t\u00ednh linh ho\u1ea1t v\u00e0 \u0111\u1ed9 ch\u00ednh x\u00e1c \u0111\u1ebfn \u0111\u1ed9 b\u1ec1n, hi\u1ec7u qu\u1ea3 v\u00e0 c\u00e1c t\u00f9y ch\u1ecdn t\u00f9y ch\u1ec9nh, nh\u1eefng xi lanh n\u00e0y mang l\u1ea1i hi\u1ec7u su\u1ea5t v\u00e0 \u0111\u1ed9 tin c\u1eady v\u01b0\u1ee3t tr\u1ed9i, khi\u1ebfn ch\u00fang tr\u1edf th\u00e0nh l\u1ef1a ch\u1ecdn \u01b0u ti\u00ean trong ng\u00e0nh.<\/p>\n<h3>Gi\u1edbi thi\u1ec7u v\u1ec1 FMP<\/h3>\n<p>FMP l\u00e0 c\u00f4ng ty chuy\u00ean s\u1ea3n xu\u1ea5t v\u00e0 kinh doanh xi lanh th\u1ee7y l\u1ef1c. V\u1edbi nhi\u1ec1u n\u0103m kinh nghi\u1ec7m trong ng\u00e0nh v\u00e0 \u0111\u1ed9i ng\u0169 chuy\u00ean nghi\u1ec7p, ch\u00fang t\u00f4i cung c\u1ea5p cho kh\u00e1ch h\u00e0ng xi lanh th\u1ee7y l\u1ef1c ch\u1ea5t l\u01b0\u1ee3ng cao v\u00e0 \u0111\u00e1ng tin c\u1eady cho m\u00e1y m\u00f3c x\u00e2y d\u1ef1ng.<\/p>\n<p><img decoding=\"async\" src=\"https:\/\/fmp-components.com\/wp-content\/uploads\/2024\/12\/Adjustable-Clevis-Type-Cylinders-6.webp\" alt=\"Xi lanh lo\u1ea1i Clevis c\u00f3 th\u1ec3 \u0111i\u1ec1u ch\u1ec9nh\" width=\"816\" title=\"\"><\/p>\n<p>Sau \u0111\u00e2y l\u00e0 n\u0103m l\u00fd do t\u1ea1i sao b\u1ea1n n\u00ean ch\u1ecdn xi lanh th\u1ee7y l\u1ef1c c\u1ee7a ch\u00fang t\u00f4i:<\/p>\n<ol>\n<li>Nhi\u1ec1u l\u1ef1a ch\u1ecdn: Ch\u00fang t\u00f4i cung c\u1ea5p \u0111\u1ea7y \u0111\u1ee7 c\u00e1c lo\u1ea1i xi lanh th\u1ee7y l\u1ef1c, bao g\u1ed3m xi lanh ki\u1ec3u ch\u1ed1t \u0111i\u1ec1u ch\u1ec9nh, xi lanh thanh gi\u1eb1ng, xi lanh h\u00e0n, xi lanh \u1ed1ng l\u1ed3ng v\u00e0 xi lanh nh\u1ecf g\u1ecdn. D\u00f9 nhu c\u1ea7u m\u00e1y m\u00f3c x\u00e2y d\u1ef1ng c\u1ee7a b\u1ea1n l\u00e0 g\u00ec, ch\u00fang t\u00f4i \u0111\u1ec1u c\u00f3 lo\u1ea1i xi lanh ho\u00e0n h\u1ea3o d\u00e0nh cho b\u1ea1n.<\/li>\n<li>Ch\u1ea5t l\u01b0\u1ee3ng v\u01b0\u1ee3t tr\u1ed9i: T\u1ea5t c\u1ea3 xi lanh th\u1ee7y l\u1ef1c c\u1ee7a ch\u00fang t\u00f4i \u0111\u1ec1u \u0111\u01b0\u1ee3c s\u1ea3n xu\u1ea5t b\u1eb1ng v\u1eadt li\u1ec7u ch\u1ea5t l\u01b0\u1ee3ng cao v\u00e0 tr\u1ea3i qua quy tr\u00ecnh ki\u1ec3m tra ch\u1ea5t l\u01b0\u1ee3ng nghi\u00eam ng\u1eb7t. Ch\u00fang t\u00f4i \u0111\u1ea3m b\u1ea3o m\u1ed7i xi lanh \u0111\u1ec1u \u0111\u00e1p \u1ee9ng c\u00e1c ti\u00eau chu\u1ea9n nghi\u00eam ng\u1eb7t c\u1ee7a ng\u00e0nh, mang \u0111\u1ebfn cho b\u1ea1n hi\u1ec7u su\u1ea5t \u0111\u00e1ng tin c\u1eady v\u00e0 b\u1ec1n b\u1ec9.<\/li>\n<li>T\u00f9y ch\u1ec9nh: Ch\u00fang t\u00f4i hi\u1ec3u r\u1eb1ng m\u1ed7i d\u1ef1 \u00e1n x\u00e2y d\u1ef1ng \u0111\u1ec1u c\u00f3 nh\u1eefng y\u00eau c\u1ea7u ri\u00eang. \u0110\u00f3 l\u00e0 l\u00fd do t\u1ea1i sao ch\u00fang t\u00f4i cung c\u1ea5p c\u00e1c t\u00f9y ch\u1ecdn t\u00f9y ch\u1ec9nh cho xi lanh th\u1ee7y l\u1ef1c. Cho d\u00f9 \u0111\u00f3 l\u00e0 k\u00edch th\u01b0\u1edbc, ki\u1ec3u l\u1eafp \u0111\u1eb7t hay \u0111\u1ecbnh m\u1ee9c \u00e1p su\u1ea5t, ch\u00fang t\u00f4i \u0111\u1ec1u c\u00f3 th\u1ec3 t\u00f9y ch\u1ec9nh xi lanh theo nhu c\u1ea7u c\u1ee5 th\u1ec3 c\u1ee7a b\u1ea1n.<\/li>\n<li>T\u01b0 v\u1ea5n chuy\u00ean m\u00f4n: \u0110\u1ed9i ng\u0169 b\u00e1n h\u00e0ng gi\u00e0u kinh nghi\u1ec7m c\u1ee7a ch\u00fang t\u00f4i am hi\u1ec3u s\u00e2u s\u1eafc v\u1ec1 ng\u00e0nh m\u00e1y m\u00f3c x\u00e2y d\u1ef1ng. H\u1ecd c\u00f3 th\u1ec3 t\u01b0 v\u1ea5n s\u1ea3n ph\u1ea9m chuy\u00ean nghi\u1ec7p, gi\u00fap b\u1ea1n l\u1ef1a ch\u1ecdn xi lanh th\u1ee7y l\u1ef1c ph\u00f9 h\u1ee3p v\u1edbi thi\u1ebft b\u1ecb c\u1ee7a m\u00ecnh. Ch\u00fang t\u00f4i cam k\u1ebft t\u00ecm ra gi\u1ea3i ph\u00e1p t\u1ed1t nh\u1ea5t cho kh\u00e1ch h\u00e0ng.<\/li>\n<li>Ph\u00e2n ph\u1ed1i hi\u1ec7u qu\u1ea3: Ch\u00fang t\u00f4i c\u00f3 h\u1ec7 th\u1ed1ng ph\u00e2n ph\u1ed1i h\u1eadu c\u1ea7n hi\u1ec7u qu\u1ea3 \u0111\u1ec3 \u0111\u1ea3m b\u1ea3o b\u1ea1n nh\u1eadn \u0111\u01b0\u1ee3c xi lanh th\u1ee7y l\u1ef1c \u0111\u00fang th\u1eddi h\u1ea1n v\u00e0 ch\u00ednh x\u00e1c. B\u1ea1n c\u00f3 th\u1ec3 tin t\u01b0\u1edfng ch\u00fang t\u00f4i s\u1ebd giao ph\u1ee5 t\u00f9ng \u0111\u00fang l\u00fac, gi\u1ea3m thi\u1ec3u th\u1eddi gian ng\u1eebng ho\u1ea1t \u0111\u1ed9ng c\u1ee7a m\u00e1y m\u00f3c.<\/li>\n<\/ol>\n<p>H\u00e3y ch\u1ecdn FMP cho nhu c\u1ea7u xi lanh th\u1ee7y l\u1ef1c c\u1ee7a b\u1ea1n v\u00e0 tr\u1ea3i nghi\u1ec7m s\u1ef1 kh\u00e1c bi\u1ec7t. Li\u00ean h\u1ec7 v\u1edbi ch\u00fang t\u00f4i ngay h\u00f4m nay \u0111\u1ec3 th\u1ea3o lu\u1eadn v\u1ec1 c\u00e1ch ch\u00fang t\u00f4i c\u00f3 th\u1ec3 \u0111\u00e1p \u1ee9ng c\u00e1c y\u00eau c\u1ea7u v\u1ec1 m\u00e1y m\u00f3c x\u00e2y d\u1ef1ng c\u1ee7a b\u1ea1n.<\/p>\n<h2>C\u00e2u h\u1ecfi th\u01b0\u1eddng g\u1eb7p<\/h2>\n<h3>Q: B\u1ea1n l\u00e0 c\u00f4ng ty th\u01b0\u01a1ng m\u1ea1i hay nh\u00e0 s\u1ea3n xu\u1ea5t?<\/h3>\n<p>A: Ch\u00fang t\u00f4i l\u00e0 m\u1ed9t nh\u00e0 m\u00e1y v\u00e0 ch\u00fang t\u00f4i s\u1ea3n xu\u1ea5t s\u1ea3n ph\u1ea9m c\u1ee7a m\u00ecnh.<\/p>\n<h3>Q: Th\u1eddi gian giao h\u00e0ng c\u1ee7a b\u1ea1n l\u00e0 bao l\u00e2u?<\/h3>\n<p>A: Th\u00f4ng th\u01b0\u1eddng, th\u1eddi gian giao h\u00e0ng c\u1ee7a ch\u00fang t\u00f4i l\u00e0 25-35 ng\u00e0y.<\/p>\n<h3>Q: B\u1ea1n c\u00f3 th\u1ec3 s\u1ea3n xu\u1ea5t theo m\u1eabu kh\u00f4ng?<\/h3>\n<p>A: C\u00f3, ch\u00fang t\u00f4i c\u00f3 th\u1ec3 s\u1ea3n xu\u1ea5t theo m\u1eabu ho\u1eb7c b\u1ea3n v\u1ebd k\u1ef9 thu\u1eadt c\u1ee7a b\u1ea1n. Ch\u00fang t\u00f4i c\u00f3 th\u1ec3 ch\u1ebf t\u1ea1o khu\u00f4n m\u1eabu v\u00e0 \u0111\u1ed3 g\u00e1.<\/p>\n<p><img decoding=\"async\" src=\"https:\/\/hzpt.com\/wp-content\/uploads\/2023\/11\/Snow-Plow-Hydraulic-Cylinder-4Factory.webp\" alt=\"Nh\u00e0 m\u00e1y truy\u1ec1n \u0111\u1ed9ng Ever-Power\" title=\"\"><\/p>\n<p>T\u00e1c gi\u1ea3: CX<\/p>","protected":false},"excerpt":{"rendered":"<p>Superior Quality Small Welded Hydraulic Oil Cylinder Introducing the Superior Quality Small Welded Hydraulic Oil Cylinder: The Superior Quality Small Welded Hydraulic Oil Cylinder is a highly reliable and efficient product designed for various industrial applications. With its advanced technology and top-notch craftsmanship, this hydraulic cylinder is built to deliver exceptional performance and longevity. This [&hellip;]<\/p>","protected":false},"featured_media":1477,"comment_status":"closed","ping_status":"closed","template":"","meta":{"_et_pb_use_builder":"","_et_pb_old_content":"","_et_gb_content_width":""},"product_brand":[],"product_cat":[42],"product_tag":[34,44],"class_list":{"0":"post-1476","1":"product","2":"type-product","3":"status-publish","4":"has-post-thumbnail","6":"product_cat-snow-plow-hydraulic-cylinder","7":"product_tag-hydraulic-cylinder","8":"product_tag-snow-plow-hydraulic-cylinder","10":"first","11":"instock","12":"product-type-simple"},"_links":{"self":[{"href":"https:\/\/fmp-components.com\/vi\/wp-json\/wp\/v2\/product\/1476","targetHints":{"allow":["GET"]}}],"collection":[{"href":"https:\/\/fmp-components.com\/vi\/wp-json\/wp\/v2\/product"}],"about":[{"href":"https:\/\/fmp-components.com\/vi\/wp-json\/wp\/v2\/types\/product"}],"replies":[{"embeddable":true,"href":"https:\/\/fmp-components.com\/vi\/wp-json\/wp\/v2\/comments?post=1476"}],"wp:featuredmedia":[{"embeddable":true,"href":"https:\/\/fmp-components.com\/vi\/wp-json\/wp\/v2\/media\/1477"}],"wp:attachment":[{"href":"https:\/\/fmp-components.com\/vi\/wp-json\/wp\/v2\/media?parent=1476"}],"wp:term":[{"taxonomy":"product_brand","embeddable":true,"href":"https:\/\/fmp-components.com\/vi\/wp-json\/wp\/v2\/product_brand?post=1476"},{"taxonomy":"product_cat","embeddable":true,"href":"https:\/\/fmp-components.com\/vi\/wp-json\/wp\/v2\/product_cat?post=1476"},{"taxonomy":"product_tag","embeddable":true,"href":"https:\/\/fmp-components.com\/vi\/wp-json\/wp\/v2\/product_tag?post=1476"}],"curies":[{"name":"wp","href":"https:\/\/api.w.org\/{rel}","templated":true}]}}