{"id":1474,"date":"2024-12-23T05:49:26","date_gmt":"2024-12-23T05:49:26","guid":{"rendered":"https:\/\/fmp-components.com\/product\/new-model-double-acting-small-hydraulic-piston-cylinder\/"},"modified":"2024-12-23T06:33:50","modified_gmt":"2024-12-23T06:33:50","slug":"new-model-double-acting-small-hydraulic-piston-cylinder","status":"publish","type":"product","link":"https:\/\/fmp-components.com\/vi\/product\/new-model-double-acting-small-hydraulic-piston-cylinder\/","title":{"rendered":"Xi lanh piston th\u1ee7y l\u1ef1c nh\u1ecf t\u00e1c \u0111\u1ed9ng k\u00e9p m\u1eabu m\u1edbi"},"content":{"rendered":"<h2>Xi lanh piston th\u1ee7y l\u1ef1c nh\u1ecf t\u00e1c \u0111\u1ed9ng k\u00e9p m\u1eabu m\u1edbi<\/h2>\n<p>Gi\u1edbi thi\u1ec7u m\u1eabu xi lanh piston th\u1ee7y l\u1ef1c nh\u1ecf t\u00e1c \u0111\u1ed9ng k\u00e9p m\u1edbi:<\/p>\n<p>Xi lanh th\u1ee7y l\u1ef1c piston nh\u1ecf t\u00e1c \u0111\u1ed9ng k\u00e9p ki\u1ec3u m\u1edbi l\u00e0 m\u1ed9t s\u1ea3n ph\u1ea9m \u0111\u1ed9t ph\u00e1 \u0111\u01b0\u1ee3c thi\u1ebft k\u1ebf \u0111\u1ec3 cung c\u1ea5p n\u0103ng l\u01b0\u1ee3ng th\u1ee7y l\u1ef1c hi\u1ec7u qu\u1ea3 v\u00e0 \u0111\u00e1ng tin c\u1eady. V\u1edbi k\u00edch th\u01b0\u1edbc nh\u1ecf g\u1ecdn v\u00e0 hi\u1ec7u su\u1ea5t v\u01b0\u1ee3t tr\u1ed9i, xi lanh n\u00e0y ho\u00e0n h\u1ea3o cho nhi\u1ec1u \u1ee9ng d\u1ee5ng c\u00f4ng nghi\u1ec7p.<\/p>\n<p>V\u1edbi thi\u1ebft k\u1ebf t\u00e1c \u0111\u1ed9ng k\u00e9p, xi lanh piston th\u1ee7y l\u1ef1c n\u00e0y c\u00f3 kh\u1ea3 n\u0103ng v\u1eeba k\u00e9o d\u00e0i v\u1eeba thu l\u1ea1i, cho ph\u00e9p \u0111i\u1ec1u khi\u1ec3n ch\u00ednh x\u00e1c v\u00e0 linh ho\u1ea1t trong nhi\u1ec1u thao t\u00e1c kh\u00e1c nhau. K\u00edch th\u01b0\u1edbc nh\u1ecf g\u1ecdn c\u1ee7a n\u00f3 l\u00fd t\u01b0\u1edfng \u0111\u1ec3 s\u1eed d\u1ee5ng trong kh\u00f4ng gian ch\u1eadt h\u1eb9p, n\u01a1i c\u00e1c xi lanh l\u1edbn h\u01a1n c\u00f3 th\u1ec3 kh\u00f4ng ph\u00f9 h\u1ee3p.<\/p>\n<p>\u0110\u01b0\u1ee3c ch\u1ebf t\u1ea1o t\u1eeb v\u1eadt li\u1ec7u ch\u1ea5t l\u01b0\u1ee3ng cao nh\u1ea5t, xi lanh piston n\u00e0y \u0111\u01b0\u1ee3c thi\u1ebft k\u1ebf \u0111\u1ec3 ch\u1ecbu \u0111\u01b0\u1ee3c c\u01b0\u1eddng \u0111\u1ed9 s\u1eed d\u1ee5ng cao v\u00e0 mang l\u1ea1i hi\u1ec7u su\u1ea5t \u1ed5n \u0111\u1ecbnh. K\u1ebft c\u1ea5u ch\u1eafc ch\u1eafn \u0111\u1ea3m b\u1ea3o \u0111\u1ed9 b\u1ec1n l\u00e2u d\u00e0i, gi\u1ea3m thi\u1ec3u th\u1eddi gian b\u1ea3o tr\u00ec v\u00e0 ng\u1eebng ho\u1ea1t \u0111\u1ed9ng.<\/p>\n<p>\u0110\u01b0\u1ee3c trang b\u1ecb c\u00f4ng ngh\u1ec7 th\u1ee7y l\u1ef1c ti\u00ean ti\u1ebfn, xi lanh n\u00e0y mang l\u1ea1i kh\u1ea3 n\u0103ng v\u1eadn h\u00e0nh tr\u01a1n tru v\u00e0 \u0111\u00e1ng tin c\u1eady, v\u1edbi kh\u1ea3 n\u0103ng ki\u1ec3m so\u00e1t ch\u00ednh x\u00e1c t\u1ed1c \u0111\u1ed9 v\u00e0 l\u1ef1c. \u0110i\u1ec1u n\u00e0y \u0111\u1ea3m b\u1ea3o hi\u1ec7u su\u1ea5t t\u1ed1i \u01b0u v\u00e0 t\u0103ng n\u0103ng su\u1ea5t trong m\u1ecdi \u1ee9ng d\u1ee5ng.<\/p>\n<p>Xi lanh piston th\u1ee7y l\u1ef1c nh\u1ecf t\u00e1c \u0111\u1ed9ng k\u00e9p ki\u1ec3u m\u1edbi d\u1ec5 l\u1eafp \u0111\u1eb7t v\u00e0 t\u01b0\u01a1ng th\u00edch v\u1edbi h\u1ea7u h\u1ebft c\u00e1c h\u1ec7 th\u1ed1ng th\u1ee7y l\u1ef1c. Thi\u1ebft k\u1ebf linh ho\u1ea1t cho ph\u00e9p t\u00edch h\u1ee3p li\u1ec1n m\u1ea1ch v\u00e0o c\u00e1c h\u1ec7 th\u1ed1ng hi\u1ec7n c\u00f3, mang \u0111\u1ebfn gi\u1ea3i ph\u00e1p ti\u1ebft ki\u1ec7m chi ph\u00ed \u0111\u1ec3 n\u00e2ng c\u1ea5p ho\u1eb7c m\u1edf r\u1ed9ng kh\u1ea3 n\u0103ng th\u1ee7y l\u1ef1c.<\/p>\n<p>Cho d\u00f9 b\u1ea1n c\u1ea7n cung c\u1ea5p n\u0103ng l\u01b0\u1ee3ng cho m\u00e1y m\u00f3c, \u0111i\u1ec1u khi\u1ec3n t\u1ea3i tr\u1ecdng n\u1eb7ng hay th\u1ef1c hi\u1ec7n c\u00e1c chuy\u1ec3n \u0111\u1ed9ng ch\u00ednh x\u00e1c, Xi lanh th\u1ee7y l\u1ef1c piston nh\u1ecf t\u00e1c \u0111\u1ed9ng k\u00e9p ki\u1ec3u m\u1edbi ch\u00ednh l\u00e0 l\u1ef1a ch\u1ecdn t\u1ed1i \u01b0u. H\u00e3y tin t\u01b0\u1edfng v\u00e0o hi\u1ec7u su\u1ea5t v\u00e0 \u0111\u1ed9 b\u1ec1n v\u01b0\u1ee3t tr\u1ed9i c\u1ee7a n\u00f3 \u0111\u1ec3 d\u1ec5 d\u00e0ng \u0111\u00e1p \u1ee9ng nhu c\u1ea7u th\u1ee7y l\u1ef1c c\u1ee7a b\u1ea1n.<\/p>\n<p>H\u00e3y ch\u1ecdn Xi lanh th\u1ee7y l\u1ef1c piston nh\u1ecf t\u00e1c \u0111\u1ed9ng k\u00e9p m\u1eabu m\u1edbi v\u00e0 tr\u1ea3i nghi\u1ec7m s\u1ee9c m\u1ea1nh c\u1ee7a c\u00f4ng ngh\u1ec7 th\u1ee7y l\u1ef1c \u0111\u1ec9nh cao. N\u00e2ng c\u1ea5p thi\u1ebft b\u1ecb c\u1ee7a b\u1ea1n v\u00e0 m\u1edf ra nh\u1eefng kh\u1ea3 n\u0103ng m\u1edbi v\u1edbi s\u1ea3n ph\u1ea9m ti\u00ean ti\u1ebfn n\u00e0y. Xin gi\u1edbi thi\u1ec7u xi lanh th\u1ee7y l\u1ef1c piston nh\u1ecf t\u00e1c \u0111\u1ed9ng k\u00e9p m\u1eabu m\u1edbi, m\u1ed9t k\u1ef3 quan c\u1ee7a k\u1ef9 thu\u1eadt m\u00e1y m\u00f3c hi\u1ec7n \u0111\u1ea1i. S\u1ea3n ph\u1ea9m n\u00e0y \u0111\u01b0\u1ee3c ch\u1ebf t\u00e1c v\u1edbi c\u00f4ng ngh\u1ec7 ti\u00ean ti\u1ebfn v\u00e0 v\u1eadt li\u1ec7u cao c\u1ea5p, mang l\u1ea1i hi\u1ec7u su\u1ea5t v\u00e0 \u0111\u1ed9 b\u1ec1n t\u1ed1i \u01b0u. Ho\u00e0n h\u1ea3o cho c\u00e1c x\u01b0\u1edfng s\u1eeda ch\u1eefa m\u00e1y m\u00f3c, trang tr\u1ea1i, ng\u00e0nh n\u0103ng l\u01b0\u1ee3ng v\u00e0 khai th\u00e1c m\u1ecf, c\u0169ng nh\u01b0 nh\u00e0 m\u00e1y s\u1ea3n xu\u1ea5t m\u00e1y m\u00f3c, xi lanh th\u1ee7y l\u1ef1c piston n\u00e0y l\u00e0 thi\u1ebft b\u1ecb kh\u00f4ng th\u1ec3 thi\u1ebfu cho c\u00e1c c\u00f4ng vi\u1ec7c n\u1eb7ng nh\u1ecdc c\u1ee7a b\u1ea1n.<\/p>\n<p><img decoding=\"async\" title=\"Xi lanh th\u1ee7y l\u1ef1c m\u00e1y c\u00e0y tuy\u1ebft\" src=\"https:\/\/hzpt.com\/wp-content\/uploads\/2023\/11\/Snow-Plow-Hydraulic-Cylinder-2.webp\" alt=\"Xi lanh th\u1ee7y l\u1ef1c m\u00e1y c\u00e0y tuy\u1ebft\" \/><\/p>\n<h2>C\u00e1c t\u00ednh n\u0103ng n\u1ed5i b\u1eadt<\/h2>\n<p>Xi lanh piston th\u1ee7y l\u1ef1c \u0111\u01b0\u1ee3c b\u1ea3o h\u00e0nh m\u1ed9t n\u0103m, mang \u0111\u1ebfn s\u1ef1 an t\u00e2m cho kh\u00e1ch h\u00e0ng. S\u1ea3n ph\u1ea9m c\u00f3 c\u1ea5u tr\u00fac ti\u00eau chu\u1ea9n v\u00e0 v\u1eadn h\u00e0nh b\u1eb1ng n\u0103ng l\u01b0\u1ee3ng th\u1ee7y l\u1ef1c. V\u1eadt li\u1ec7u th\u00e2n m\u00e1y l\u00e0 th\u00e9p ch\u1eafc ch\u1eafn, c\u00f3 kh\u1ea3 n\u0103ng ch\u1ecbu \u0111\u01b0\u1ee3c \u0111i\u1ec1u ki\u1ec7n kh\u1eafc nghi\u1ec7t. V\u1edbi l\u1ef1c \u0111\u1ea9y t\u1ed1i \u0111a 3000 v\u00e0 l\u1ef1c k\u00e9o t\u1ed1i \u0111a 20 t\u1ea5n, \u0111\u00e2y th\u1ef1c s\u1ef1 l\u00e0 m\u1ed9t c\u1ed7 m\u00e1y m\u1ea1nh m\u1ebd. \u0110\u00e2y l\u00e0 m\u1ed9t lo\u1ea1i xi lanh th\u1ee7y l\u1ef1c d\u00f9ng cho m\u00e1y c\u00e0y tuy\u1ebft v\u1edbi c\u00e1c c\u1ed5ng G\/SAE\/NPT\/M. S\u1ea3n ph\u1ea9m \u0111\u1ea1t ch\u1ee9ng nh\u1eadn ISO9001:2000, \u0111\u1ea3m b\u1ea3o ch\u1ea5t l\u01b0\u1ee3ng v\u00e0 \u0111\u1ed9 tin c\u1eady.<\/p>\n<p><img decoding=\"async\" title=\"Xi lanh th\u1ee7y l\u1ef1c m\u00e1y c\u00e0y tuy\u1ebft\" src=\"https:\/\/hzpt.com\/wp-content\/uploads\/2023\/11\/Snow-Plow-Hydraulic-Cylinder-3.webp\" alt=\"Xi lanh th\u1ee7y l\u1ef1c m\u00e1y c\u00e0y tuy\u1ebft\" \/><\/p>\n<h3>Th\u00f4ng s\u1ed1 k\u1ef9 thu\u1eadt b\u1ed5 sung<\/h3>\n<ul>\n<li>K\u00edch th\u01b0\u1edbc l\u1ed7 khoan: 2-6 inch<\/li>\n<li>K\u00edch th\u01b0\u1edbc thanh: 1,125-4 inch<\/li>\n<li>K\u00edch th\u01b0\u1edbc n\u00e9t: 4-100 inch<\/li>\n<li>K\u00edch th\u01b0\u1edbc ch\u1ed1t: 0,5-2 inch<\/li>\n<li>M\u00e0u s\u1eafc: \u0110en<\/li>\n<\/ul>\n<p><img decoding=\"async\" src=\"https:\/\/hzpt.com\/wp-content\/uploads\/2023\/11\/Snow-Plow-Hydraulic-Cylinder-4Factory.webp\" alt=\"H\u00ecnh \u1ea3nh nh\u00e0 m\u00e1y\" title=\"\"><\/p>\n<h2>\u01afu \u0111i\u1ec3m c\u1ee7a xi lanh lo\u1ea1i ch\u1ed1t c\u00f3 th\u1ec3 \u0111i\u1ec1u ch\u1ec9nh<\/h2>\n<p>Xi lanh lo\u1ea1i ch\u1ed1t \u0111i\u1ec1u ch\u1ec9nh l\u00e0 l\u1ef1a ch\u1ecdn ph\u1ed5 bi\u1ebfn cho nhi\u1ec1u \u1ee9ng d\u1ee5ng c\u00f4ng nghi\u1ec7p v\u00e0 x\u00e2y d\u1ef1ng. Lo\u1ea1i xi lanh n\u00e0y c\u00f3 nhi\u1ec1u \u01b0u \u0111i\u1ec3m so v\u1edbi c\u00e1c lo\u1ea1i xi lanh kh\u00e1c. Trong b\u00e0i vi\u1ebft n\u00e0y, ch\u00fang ta s\u1ebd th\u1ea3o lu\u1eadn v\u1ec1 m\u1ed9t s\u1ed1 \u01b0u \u0111i\u1ec3m c\u1ee7a xi lanh lo\u1ea1i ch\u1ed1t \u0111i\u1ec1u ch\u1ec9nh, bao g\u1ed3m \u0111\u1ed9 b\u1ec1n, t\u00ednh linh ho\u1ea1t v\u00e0 hi\u1ec7u qu\u1ea3 c\u1ee7a ch\u00fang.<\/p>\n<h3>\u0110\u1ed9 b\u1ec1n<\/h3>\n<p>M\u1ed9t trong nh\u1eefng \u01b0u \u0111i\u1ec3m ch\u00ednh c\u1ee7a xi lanh lo\u1ea1i ch\u1ed1t \u0111i\u1ec1u ch\u1ec9nh \u0111\u01b0\u1ee3c l\u00e0 \u0111\u1ed9 b\u1ec1n. Nh\u1eefng xi lanh n\u00e0y \u0111\u01b0\u1ee3c thi\u1ebft k\u1ebf \u0111\u1ec3 ch\u1ecbu \u0111\u01b0\u1ee3c t\u1ea3i tr\u1ecdng n\u1eb7ng v\u00e0 \u0111i\u1ec1u ki\u1ec7n v\u1eadn h\u00e0nh kh\u1eafc nghi\u1ec7t. Vi\u1ec7c s\u1eed d\u1ee5ng v\u1eadt li\u1ec7u ch\u1ea5t l\u01b0\u1ee3ng cao, ch\u1eb3ng h\u1ea1n nh\u01b0 th\u00e9p v\u00e0 h\u1ee3p kim nh\u00f4m, \u0111\u1ea3m b\u1ea3o r\u1eb1ng nh\u1eefng xi lanh n\u00e0y c\u00f3 th\u1ec3 ch\u1ecbu \u0111\u01b0\u1ee3c s\u1ef1 hao m\u00f2n trong qu\u00e1 tr\u00ecnh s\u1eed d\u1ee5ng h\u00e0ng ng\u00e0y.<\/p>\n<p>Ngo\u00e0i ra, xi lanh lo\u1ea1i ch\u1ed1t \u0111i\u1ec1u ch\u1ec9nh \u0111\u01b0\u1ee3c thi\u1ebft k\u1ebf \u0111\u1ec3 ch\u1ed1ng \u0103n m\u00f2n v\u00e0 c\u00e1c lo\u1ea1i h\u01b0 h\u1ecfng kh\u00e1c c\u00f3 th\u1ec3 x\u1ea3y ra do ti\u1ebfp x\u00fac v\u1edbi m\u00f4i tr\u01b0\u1eddng kh\u1eafc nghi\u1ec7t. \u0110i\u1ec1u n\u00e0y khi\u1ebfn ch\u00fang tr\u1edf th\u00e0nh l\u1ef1a ch\u1ecdn l\u00fd t\u01b0\u1edfng cho c\u00e1c \u1ee9ng d\u1ee5ng ngo\u00e0i tr\u1eddi, n\u01a1i xi lanh c\u00f3 th\u1ec3 ti\u1ebfp x\u00fac v\u1edbi \u0111\u1ed9 \u1ea9m, mu\u1ed1i v\u00e0 c\u00e1c ch\u1ea5t \u0103n m\u00f2n kh\u00e1c.<\/p>\n<h3>T\u00ednh linh ho\u1ea1t<\/h3>\n<p>M\u1ed9t \u01b0u \u0111i\u1ec3m kh\u00e1c c\u1ee7a xi lanh lo\u1ea1i ch\u1ed1t \u0111i\u1ec1u ch\u1ec9nh l\u00e0 t\u00ednh linh ho\u1ea1t c\u1ee7a ch\u00fang. Nh\u1eefng xi lanh n\u00e0y c\u00f3 th\u1ec3 \u0111\u01b0\u1ee3c s\u1eed d\u1ee5ng trong nhi\u1ec1u \u1ee9ng d\u1ee5ng, bao g\u1ed3m n\u00f4ng nghi\u1ec7p, x\u00e2y d\u1ef1ng, khai th\u00e1c m\u1ecf v\u00e0 s\u1ea3n xu\u1ea5t. Ch\u00fang c\u00f3 th\u1ec3 \u0111\u01b0\u1ee3c \u0111i\u1ec1u ch\u1ec9nh cho nhi\u1ec1u lo\u1ea1i m\u00e1y m\u00f3c v\u00e0 thi\u1ebft b\u1ecb kh\u00e1c nhau, khi\u1ebfn ch\u00fang tr\u1edf th\u00e0nh m\u1ed9t l\u1ef1a ch\u1ecdn c\u1ef1c k\u1ef3 linh ho\u1ea1t.<\/p>\n<p>Thi\u1ebft k\u1ebf ch\u1ed1t \u0111i\u1ec1u ch\u1ec9nh c\u1ee7a c\u00e1c xi lanh n\u00e0y cho ph\u00e9p l\u1eafp \u0111\u1eb7t v\u00e0 \u0111i\u1ec1u ch\u1ec9nh d\u1ec5 d\u00e0ng, khi\u1ebfn ch\u00fang tr\u1edf th\u00e0nh l\u1ef1a ch\u1ecdn thu\u1eadn ti\u1ec7n cho nhi\u1ec1u \u1ee9ng d\u1ee5ng. Ngo\u00e0i ra, kh\u1ea3 n\u0103ng \u0111i\u1ec1u ch\u1ec9nh chi\u1ec1u d\u00e0i c\u1ee7a xi lanh mang l\u1ea1i s\u1ef1 linh ho\u1ea1t h\u01a1n trong thi\u1ebft k\u1ebf v\u00e0 v\u1eadn h\u00e0nh thi\u1ebft b\u1ecb.<\/p>\n<h3>Hi\u1ec7u qu\u1ea3<\/h3>\n<p>Xi lanh lo\u1ea1i ch\u1ed1t \u0111i\u1ec1u ch\u1ec9nh c\u0169ng c\u00f3 hi\u1ec7u su\u1ea5t cao. Vi\u1ec7c s\u1eed d\u1ee5ng h\u1ec7 th\u1ed1ng th\u1ee7y l\u1ef1c ti\u00ean ti\u1ebfn, ch\u1eb3ng h\u1ea1n nh\u01b0 Xi lanh th\u1ee7y l\u1ef1c piston nh\u1ecf t\u00e1c \u0111\u1ed9ng k\u00e9p ki\u1ec3u m\u1edbi, \u0111\u1ea3m b\u1ea3o c\u00e1c xi lanh n\u00e0y c\u00f3 th\u1ec3 ho\u1ea1t \u0111\u1ed9ng v\u1edbi hi\u1ec7u su\u1ea5t t\u1ed1i \u0111a.<\/p>\n<p>Thi\u1ebft k\u1ebf t\u00e1c \u0111\u1ed9ng k\u00e9p c\u1ee7a c\u00e1c xi lanh n\u00e0y cho ph\u00e9p ki\u1ec3m so\u00e1t t\u1ed1t h\u01a1n chuy\u1ec3n \u0111\u1ed9ng c\u1ee7a thi\u1ebft b\u1ecb, mang l\u1ea1i ho\u1ea1t \u0111\u1ed9ng m\u01b0\u1ee3t m\u00e0 v\u00e0 ch\u00ednh x\u00e1c h\u01a1n. Ngo\u00e0i ra, thi\u1ebft k\u1ebf ch\u1ed1t \u0111i\u1ec1u ch\u1ec9nh c\u1ee7a c\u00e1c xi lanh n\u00e0y cho ph\u00e9p ki\u1ec3m so\u00e1t t\u1ed1t h\u01a1n t\u1ed1c \u0111\u1ed9 c\u1ee7a thi\u1ebft b\u1ecb, mang l\u1ea1i hi\u1ec7u qu\u1ea3 v\u00e0 n\u0103ng su\u1ea5t cao h\u01a1n.<\/p>\n<p>T\u00f3m l\u1ea1i, xi lanh ki\u1ec3u ch\u1ed1t \u0111i\u1ec1u ch\u1ec9nh c\u00f3 nhi\u1ec1u \u01b0u \u0111i\u1ec3m so v\u1edbi c\u00e1c lo\u1ea1i xi lanh kh\u00e1c. \u0110\u1ed9 b\u1ec1n, t\u00ednh linh ho\u1ea1t v\u00e0 hi\u1ec7u su\u1ea5t cao khi\u1ebfn ch\u00fang tr\u1edf th\u00e0nh l\u1ef1a ch\u1ecdn l\u00fd t\u01b0\u1edfng cho nhi\u1ec1u \u1ee9ng d\u1ee5ng c\u00f4ng nghi\u1ec7p v\u00e0 x\u00e2y d\u1ef1ng. V\u1edbi h\u1ec7 th\u1ed1ng th\u1ee7y l\u1ef1c ti\u00ean ti\u1ebfn v\u00e0 thi\u1ebft k\u1ebf s\u00e1ng t\u1ea1o, nh\u1eefng xi lanh n\u00e0y ch\u1eafc ch\u1eafn s\u1ebd ti\u1ebfp t\u1ee5c \u0111\u00f3ng vai tr\u00f2 quan tr\u1ecdng trong v\u1eadn h\u00e0nh m\u00e1y m\u00f3c v\u00e0 thi\u1ebft b\u1ecb trong nhi\u1ec1u n\u0103m t\u1edbi.<\/p>\n<h3>Gi\u1edbi thi\u1ec7u v\u1ec1 FMP<\/h3>\n<p>FMP l\u00e0 c\u00f4ng ty h\u00e0ng \u0111\u1ea7u chuy\u00ean s\u1ea3n xu\u1ea5t v\u00e0 kinh doanh xi lanh th\u1ee7y l\u1ef1c. V\u1edbi tr\u1ee5 s\u1edf ch\u00ednh t\u1ea1i \u00dd, ch\u00fang t\u00f4i cung c\u1ea5p cho kh\u00e1ch h\u00e0ng \u0111a d\u1ea1ng c\u00e1c gi\u1ea3i ph\u00e1p xi lanh th\u1ee7y l\u1ef1c ch\u1ea5t l\u01b0\u1ee3ng cao v\u00e0 \u0111\u00e1ng tin c\u1eady, \u0111\u01b0\u1ee3c h\u1ed7 tr\u1ee3 b\u1edfi kinh nghi\u1ec7m d\u00e0y d\u1eb7n trong ng\u00e0nh v\u00e0 \u0111\u1ed9i ng\u0169 chuy\u00ean nghi\u1ec7p.<\/p>\n<p><strong>1. \u0110a d\u1ea1ng s\u1ea3n ph\u1ea9m:<\/strong> D\u00f2ng s\u1ea3n ph\u1ea9m c\u1ee7a ch\u00fang t\u00f4i bao g\u1ed3m nhi\u1ec1u lo\u1ea1i xi lanh th\u1ee7y l\u1ef1c \u0111\u01b0\u1ee3c thi\u1ebft k\u1ebf cho c\u00e1c \u1ee9ng d\u1ee5ng kh\u00e1c nhau, \u0111\u1ea3m b\u1ea3o r\u1eb1ng ch\u00fang t\u00f4i c\u00f3 th\u1ec3 \u0111\u00e1p \u1ee9ng \u0111\u01b0\u1ee3c nhu c\u1ea7u c\u1ee5 th\u1ec3 c\u1ee7a kh\u00e1ch h\u00e0ng.<\/p>\n<p><strong>2. Ch\u1ea5t l\u01b0\u1ee3ng v\u01b0\u1ee3t tr\u1ed9i:<\/strong> T\u1ea1i FMP, ch\u00fang t\u00f4i \u01b0u ti\u00ean ch\u1ea5t l\u01b0\u1ee3ng v\u00e0 \u0111\u1ea3m b\u1ea3o t\u1ea5t c\u1ea3 xi lanh th\u1ee7y l\u1ef1c c\u1ee7a ch\u00fang t\u00f4i \u0111\u1ec1u \u0111\u00e1p \u1ee9ng c\u00e1c ti\u00eau chu\u1ea9n ch\u1ea5t l\u01b0\u1ee3ng nghi\u00eam ng\u1eb7t. Ch\u00fang t\u00f4i \u0111\u00e3 thi\u1ebft l\u1eadp m\u1ed1i quan h\u1ec7 l\u00e2u d\u00e0i v\u00e0 \u1ed5n \u0111\u1ecbnh v\u1edbi c\u00e1c nh\u00e0 cung c\u1ea5p ch\u1ea5t l\u01b0\u1ee3ng cao, c\u1ea3 trong n\u01b0\u1edbc v\u00e0 qu\u1ed1c t\u1ebf, \u0111\u1ec3 \u0111\u1ea3m b\u1ea3o ch\u1ea5t l\u01b0\u1ee3ng ho\u00e0n h\u1ea3o cho s\u1ea3n ph\u1ea9m c\u1ee7a m\u00ecnh.<\/p>\n<p><strong>3. \u0110\u1ed9i ng\u0169 b\u00e1n h\u00e0ng chuy\u00ean nghi\u1ec7p:<\/strong> \u0110\u1ed9i ng\u0169 b\u00e1n h\u00e0ng gi\u00e0u kinh nghi\u1ec7m v\u00e0 k\u1ef9 n\u0103ng c\u1ee7a ch\u00fang t\u00f4i s\u1edf h\u1eefu ki\u1ebfn th\u1ee9c chuy\u00ean s\u00e2u v\u1ec1 ng\u00e0nh m\u00e1y m\u00f3c x\u00e2y d\u1ef1ng. H\u1ecd lu\u00f4n c\u1eadp nh\u1eadt nh\u1eefng xu h\u01b0\u1edbng m\u1edbi nh\u1ea5t v\u00e0 th\u1ea5u hi\u1ec3u nhu c\u1ea7u c\u1ee7a kh\u00e1ch h\u00e0ng, cho ph\u00e9p h\u1ecd cung c\u1ea5p d\u1ecbch v\u1ee5 t\u01b0 v\u1ea5n s\u1ea3n ph\u1ea9m chuy\u00ean nghi\u1ec7p v\u00e0 \u0111\u1ec1 xu\u1ea5t mua h\u00e0ng th\u00f4ng minh.<\/p>\n<p><strong>4. Ph\u00e2n ph\u1ed1i h\u1eadu c\u1ea7n hi\u1ec7u qu\u1ea3:<\/strong> Ch\u00fang t\u00f4i \u0111\u00e3 tri\u1ec3n khai m\u1ed9t h\u1ec7 th\u1ed1ng ph\u00e2n ph\u1ed1i h\u1eadu c\u1ea7n hi\u1ec7u qu\u1ea3 \u0111\u1ec3 \u0111\u1ea3m b\u1ea3o giao h\u00e0ng \u0111\u00fang h\u1ea1n v\u00e0 ch\u00ednh x\u00e1c c\u00e1c xi lanh th\u1ee7y l\u1ef1c c\u1ea7n thi\u1ebft cho kh\u00e1ch h\u00e0ng, gi\u1ea3m th\u1eddi gian ch\u1ebft v\u00e0 n\u00e2ng cao n\u0103ng su\u1ea5t.<\/p>\n<p><strong>5. Cam k\u1ebft s\u1ef1 h\u00e0i l\u00f2ng c\u1ee7a kh\u00e1ch h\u00e0ng:<\/strong> T\u1ea1i FMP, ch\u00fang t\u00f4i \u0111\u1eb7t s\u1ef1 h\u00e0i l\u00f2ng c\u1ee7a kh\u00e1ch h\u00e0ng l\u00ean h\u00e0ng \u0111\u1ea7u. Ch\u00fang t\u00f4i n\u1ed7 l\u1ef1c x\u00e2y d\u1ef1ng m\u1ed1i quan h\u1ec7 l\u00e2u d\u00e0i v\u1edbi kh\u00e1ch h\u00e0ng b\u1eb1ng c\u00e1ch cung c\u1ea5p nh\u1eefng s\u1ea3n ph\u1ea9m v\u01b0\u1ee3t tr\u1ed9i v\u00e0 d\u1ecbch v\u1ee5 h\u1ed7 tr\u1ee3 sau b\u00e1n h\u00e0ng tuy\u1ec7t v\u1eddi.<\/p>\n<p><img decoding=\"async\" src=\"https:\/\/fmp-components.com\/wp-content\/uploads\/2024\/12\/Adjustable-Clevis-Type-Cylinders-6.webp\" alt=\"Xi lanh lo\u1ea1i Clevis c\u00f3 th\u1ec3 \u0111i\u1ec1u ch\u1ec9nh\" width=\"815\" title=\"\"><\/p>\n<h2>C\u00e2u h\u1ecfi th\u01b0\u1eddng g\u1eb7p<\/h2>\n<ol>\n<li style=\"list-style-type: none;\">\n<ol>\n<li>H: B\u1ea1n l\u00e0 c\u00f4ng ty th\u01b0\u01a1ng m\u1ea1i hay nh\u00e0 s\u1ea3n xu\u1ea5t? \u0110\u00e1p: Ch\u00fang t\u00f4i l\u00e0 nh\u00e0 m\u00e1y.<\/li>\n<li>H: Th\u1eddi gian giao h\u00e0ng c\u1ee7a b\u1ea1n l\u00e0 bao l\u00e2u? \u0110: Th\u00f4ng th\u01b0\u1eddng l\u00e0 25-35 ng\u00e0y.<\/li>\n<li>H: B\u1ea1n c\u00f3 cung c\u1ea5p m\u1eabu kh\u00f4ng? M\u1eabu mi\u1ec5n ph\u00ed hay c\u00f3 t\u00ednh ph\u00ed? \u0110: C\u00f3, ch\u00fang t\u00f4i c\u00f3 th\u1ec3 cung c\u1ea5p m\u1eabu nh\u01b0ng kh\u00f4ng mi\u1ec5n ph\u00ed.<\/li>\n<\/ol>\n<\/li>\n<\/ol>\n<p>T\u00e1c gi\u1ea3: CX<\/p>","protected":false},"excerpt":{"rendered":"<p>New Model Double Acting Small Hydraulic Piston Cylinder Introducing the New Model Double Acting Small Hydraulic Piston Cylinder: The New Model Double Acting Small Hydraulic Piston Cylinder is a revolutionary product designed to provide efficient and reliable hydraulic power. With its compact size and exceptional performance, this cylinder is perfect for a wide range of [&hellip;]<\/p>","protected":false},"featured_media":1475,"comment_status":"closed","ping_status":"closed","template":"","meta":{"_et_pb_use_builder":"","_et_pb_old_content":"","_et_gb_content_width":""},"product_brand":[],"product_cat":[42],"product_tag":[34,44],"class_list":{"0":"post-1474","1":"product","2":"type-product","3":"status-publish","4":"has-post-thumbnail","6":"product_cat-snow-plow-hydraulic-cylinder","7":"product_tag-hydraulic-cylinder","8":"product_tag-snow-plow-hydraulic-cylinder","10":"first","11":"instock","12":"product-type-simple"},"_links":{"self":[{"href":"https:\/\/fmp-components.com\/vi\/wp-json\/wp\/v2\/product\/1474","targetHints":{"allow":["GET"]}}],"collection":[{"href":"https:\/\/fmp-components.com\/vi\/wp-json\/wp\/v2\/product"}],"about":[{"href":"https:\/\/fmp-components.com\/vi\/wp-json\/wp\/v2\/types\/product"}],"replies":[{"embeddable":true,"href":"https:\/\/fmp-components.com\/vi\/wp-json\/wp\/v2\/comments?post=1474"}],"wp:featuredmedia":[{"embeddable":true,"href":"https:\/\/fmp-components.com\/vi\/wp-json\/wp\/v2\/media\/1475"}],"wp:attachment":[{"href":"https:\/\/fmp-components.com\/vi\/wp-json\/wp\/v2\/media?parent=1474"}],"wp:term":[{"taxonomy":"product_brand","embeddable":true,"href":"https:\/\/fmp-components.com\/vi\/wp-json\/wp\/v2\/product_brand?post=1474"},{"taxonomy":"product_cat","embeddable":true,"href":"https:\/\/fmp-components.com\/vi\/wp-json\/wp\/v2\/product_cat?post=1474"},{"taxonomy":"product_tag","embeddable":true,"href":"https:\/\/fmp-components.com\/vi\/wp-json\/wp\/v2\/product_tag?post=1474"}],"curies":[{"name":"wp","href":"https:\/\/api.w.org\/{rel}","templated":true}]}}