{"id":1472,"date":"2024-12-23T05:49:26","date_gmt":"2024-12-23T05:49:26","guid":{"rendered":"https:\/\/fmp-components.com\/product\/quality-assurance-small-welded-snow-plow-hydraulic-cylinder\/"},"modified":"2024-12-23T06:44:32","modified_gmt":"2024-12-23T06:44:32","slug":"quality-assurance-small-welded-snow-plow-hydraulic-cylinder","status":"publish","type":"product","link":"https:\/\/fmp-components.com\/vi\/product\/quality-assurance-small-welded-snow-plow-hydraulic-cylinder\/","title":{"rendered":"Xi lanh th\u1ee7y l\u1ef1c m\u00e1y c\u00e0y tuy\u1ebft h\u00e0n nh\u1ecf \u0111\u1ea3m b\u1ea3o ch\u1ea5t l\u01b0\u1ee3ng"},"content":{"rendered":"<h2>Xi lanh th\u1ee7y l\u1ef1c m\u00e1y c\u00e0y tuy\u1ebft h\u00e0n nh\u1ecf \u0111\u1ea3m b\u1ea3o ch\u1ea5t l\u01b0\u1ee3ng<\/h2>\n<p>Xi lanh th\u1ee7y l\u1ef1c c\u00e0y tuy\u1ebft nh\u1ecf h\u00e0n \u0111\u1ea3m b\u1ea3o ch\u1ea5t l\u01b0\u1ee3ng l\u00e0 s\u1ea3n ph\u1ea9m hi\u1ec7u su\u1ea5t cao \u0111\u01b0\u1ee3c thi\u1ebft k\u1ebf cho ho\u1ea1t \u0111\u1ed9ng c\u00e0y tuy\u1ebft hi\u1ec7u qu\u1ea3. V\u1edbi k\u00edch th\u01b0\u1edbc nh\u1ecf g\u1ecdn v\u00e0 c\u1ea5u tr\u00fac h\u00e0n, xi lanh th\u1ee7y l\u1ef1c n\u00e0y mang l\u1ea1i \u0111\u1ed9 b\u1ec1n v\u00e0 \u0111\u1ed9 tin c\u1eady cao trong nh\u1eefng m\u00f4i tr\u01b0\u1eddng kh\u1eafc nghi\u1ec7t.<\/p>\n<p>\u0110\u01b0\u1ee3c trang b\u1ecb c\u00f4ng ngh\u1ec7 \u0111\u1ea3m b\u1ea3o ch\u1ea5t l\u01b0\u1ee3ng ti\u00ean ti\u1ebfn, xi lanh n\u00e0y tr\u1ea3i qua qu\u00e1 tr\u00ecnh ki\u1ec3m tra nghi\u00eam ng\u1eb7t \u0111\u1ec3 \u0111\u1ea3m b\u1ea3o hi\u1ec7u su\u1ea5t \u0111\u00e1p \u1ee9ng c\u00e1c ti\u00eau chu\u1ea9n cao nh\u1ea5t. K\u00edch th\u01b0\u1edbc xi lanh nh\u1ecf g\u1ecdn ph\u00f9 h\u1ee3p v\u1edbi nhi\u1ec1u \u1ee9ng d\u1ee5ng c\u00e0y tuy\u1ebft kh\u00e1c nhau, mang l\u1ea1i kh\u1ea3 n\u0103ng ki\u1ec3m so\u00e1t v\u00e0 \u0111\u1ed9 ch\u00ednh x\u00e1c tuy\u1ec7t v\u1eddi.<\/p>\n<p>H\u1ec7 th\u1ed1ng th\u1ee7y l\u1ef1c c\u1ee7a xi lanh n\u00e0y cho ph\u00e9p v\u1eadn h\u00e0nh tr\u01a1n tru v\u00e0 hi\u1ec7u qu\u1ea3, d\u1ec5 d\u00e0ng \u0111i\u1ec1u khi\u1ec3n v\u00e0 n\u00e2ng cao n\u0103ng su\u1ea5t. C\u1ea5u tr\u00fac ch\u1eafc ch\u1eafn \u0111\u1ea3m b\u1ea3o hi\u1ec7u su\u1ea5t l\u00e2u d\u00e0i, ngay c\u1ea3 trong \u0111i\u1ec1u ki\u1ec7n th\u1eddi ti\u1ebft kh\u1eafc nghi\u1ec7t.<\/p>\n<p><img decoding=\"async\" title=\"Xi lanh th\u1ee7y l\u1ef1c m\u00e1y c\u00e0y tuy\u1ebft\" src=\"https:\/\/hzpt.com\/wp-content\/uploads\/2023\/11\/Snow-Plow-Hydraulic-Cylinder-3.webp\" alt=\"Xi lanh th\u1ee7y l\u1ef1c m\u00e1y c\u00e0y tuy\u1ebft\" \/><\/p>\n<p>V\u1edbi ch\u1ea5t l\u01b0\u1ee3ng v\u01b0\u1ee3t tr\u1ed9i v\u00e0 hi\u1ec7u su\u1ea5t \u0111\u00e1ng tin c\u1eady, Xi lanh th\u1ee7y l\u1ef1c c\u00e0y tuy\u1ebft h\u00e0n nh\u1ecf Quality Assurance l\u00e0 l\u1ef1a ch\u1ecdn l\u00fd t\u01b0\u1edfng cho c\u00e1c chuy\u00ean gia trong ng\u00e0nh d\u1ecdn tuy\u1ebft. S\u1ea3n ph\u1ea9m mang l\u1ea1i gi\u00e1 tr\u1ecb v\u01b0\u1ee3t tr\u1ed9i so v\u1edbi chi ph\u00ed b\u1ecf ra, cung c\u1ea5p gi\u1ea3i ph\u00e1p \u0111\u00e1ng tin c\u1eady cho m\u1ecdi nhu c\u1ea7u c\u00e0y tuy\u1ebft c\u1ee7a b\u1ea1n.<\/p>\n<h2>Gi\u1edbi thi\u1ec7u v\u1ec1 Xi lanh th\u1ee7y l\u1ef1c m\u00e1y c\u00e0y tuy\u1ebft h\u00e0n nh\u1ecf \u0111\u1ea3m b\u1ea3o ch\u1ea5t l\u01b0\u1ee3ng c\u1ee7a ch\u00fang t\u00f4i<\/h2>\n<p>Xi lanh th\u1ee7y l\u1ef1c c\u00e0y tuy\u1ebft ho\u00e0n to\u00e0n m\u1edbi c\u1ee7a ch\u00fang t\u00f4i l\u00e0 xi lanh piston ti\u00eau chu\u1ea9n \u0111\u01b0\u1ee3c thi\u1ebft k\u1ebf chuy\u00ean d\u1ee5ng cho c\u00e1c \u1ee9ng d\u1ee5ng c\u00e0y tuy\u1ebft h\u1ea1ng n\u1eb7ng. \u0110\u01b0\u1ee3c ch\u1ebf t\u1ea1o b\u1eb1ng th\u00e9p c\u1ee9ng, s\u1ea3n ph\u1ea9m v\u1eeba ch\u1eafc ch\u1eafn v\u1eeba hi\u1ec7u qu\u1ea3 cao.<\/p>\n<h2>T\u00ednh n\u0103ng v\u00e0 th\u00f4ng s\u1ed1 k\u1ef9 thu\u1eadt c\u1ee7a s\u1ea3n ph\u1ea9m<\/h2>\n<p>Xi lanh th\u1ee7y l\u1ef1c m\u00e1y c\u00e0y tuy\u1ebft c\u1ee7a ch\u00fang t\u00f4i \u0111\u01b0\u1ee3c b\u1ea3o h\u00e0nh 1 n\u0103m v\u00e0 c\u00f3 tr\u1ecdng l\u01b0\u1ee3ng ch\u1ec9 5 kg, d\u1ec5 d\u00e0ng l\u1eafp \u0111\u1eb7t v\u00e0 v\u1eadn h\u00e0nh. S\u1ea3n ph\u1ea9m l\u00fd t\u01b0\u1edfng cho nhi\u1ec1u ng\u00e0nh c\u00f4ng nghi\u1ec7p kh\u00e1c nhau, bao g\u1ed3m x\u01b0\u1edfng s\u1eeda ch\u1eefa m\u00e1y m\u00f3c, trang tr\u1ea1i, n\u0103ng l\u01b0\u1ee3ng, khai th\u00e1c m\u1ecf, s\u1ea3n xu\u1ea5t m\u00e1y m\u00f3c v\u00e0 nh\u00e0 m\u00e1y c\u01a1 kh\u00ed. C\u00e1c th\u00e0nh ph\u1ea7n c\u1ed1t l\u00f5i c\u1ee7a xi lanh th\u1ee7y l\u1ef1c n\u00e0y bao g\u1ed3m \u1ed5 tr\u1ee5c v\u00e0 xi lanh th\u1ee7y l\u1ef1c. V\u1eadt li\u1ec7u th\u00e2n m\u00e1y \u0111\u01b0\u1ee3c l\u00e0m b\u1eb1ng th\u00e9p ch\u1eafc ch\u1eafn, \u0111\u1ea3m b\u1ea3o hi\u1ec7u su\u1ea5t v\u00e0 \u0111\u1ed9 b\u1ec1n l\u00e2u d\u00e0i.<\/p>\n<ul>\n<li>L\u1ef1c \u0111\u1ea9y t\u1ed1i \u0111a: 3000<\/li>\n<li>L\u1ef1c k\u00e9o t\u1ed1i \u0111a: 20 t\u1ea5n<\/li>\n<li>K\u00edch th\u01b0\u1edbc l\u1ed7 khoan: 2-6 inch<\/li>\n<li>K\u00edch th\u01b0\u1edbc thanh: 1,125-4 inch<\/li>\n<li>K\u00edch th\u01b0\u1edbc n\u00e9t: 4-100 inch<\/li>\n<li>K\u00edch th\u01b0\u1edbc ch\u1ed1t: 0,5-2 inch<\/li>\n<li>M\u00e0u s\u1eafc: \u0110en<\/li>\n<\/ul>\n<h2>B\u1ea3o tr\u00ec v\u00e0 Ch\u0103m s\u00f3c<\/h2>\n<p>\u0110\u1ec3 \u0111\u1ea3m b\u1ea3o hi\u1ec7u su\u1ea5t v\u00e0 tu\u1ed5i th\u1ecd t\u1ed1i \u01b0u, vi\u1ec7c b\u1ea3o tr\u00ec v\u00e0 ch\u0103m s\u00f3c xi lanh th\u1ee7y l\u1ef1c \u0111\u00fang c\u00e1ch l\u00e0 \u0111i\u1ec1u c\u1ea7n thi\u1ebft. Vi\u1ec7c ki\u1ec3m tra, v\u1ec7 sinh v\u00e0 b\u00f4i tr\u01a1n th\u01b0\u1eddng xuy\u00ean c\u00f3 th\u1ec3 k\u00e9o d\u00e0i \u0111\u00e1ng k\u1ec3 tu\u1ed5i th\u1ecd c\u1ee7a s\u1ea3n ph\u1ea9m v\u00e0 duy tr\u00ec ho\u1ea1t \u0111\u1ed9ng t\u1ed1t nh\u1ea5t.<\/p>\n<h2>C\u00e1c t\u00ecnh hu\u1ed1ng \u1ee9ng d\u1ee5ng<\/h2>\n<p>Xi lanh th\u1ee7y l\u1ef1c c\u00e0y tuy\u1ebft \u0111\u01b0\u1ee3c s\u1eed d\u1ee5ng r\u1ed9ng r\u00e3i trong nhi\u1ec1u ng\u00e0nh c\u00f4ng nghi\u1ec7p, bao g\u1ed3m x\u01b0\u1edfng s\u1eeda ch\u1eefa m\u00e1y m\u00f3c, trang tr\u1ea1i, n\u0103ng l\u01b0\u1ee3ng &amp; khai th\u00e1c m\u1ecf, s\u1ea3n xu\u1ea5t m\u00e1y m\u00f3c v\u00e0 nh\u00e0 m\u00e1y c\u01a1 kh\u00ed. K\u00edch th\u01b0\u1edbc nh\u1ecf g\u1ecdn, c\u00f4ng su\u1ea5t v\u00e0 \u0111\u1ed9 b\u1ec1n cao khi\u1ebfn n\u00f3 tr\u1edf th\u00e0nh l\u1ef1a ch\u1ecdn l\u00fd t\u01b0\u1edfng cho c\u00e1c ho\u1ea1t \u0111\u1ed9ng d\u1ecdn tuy\u1ebft h\u1ea1ng n\u1eb7ng.<\/p>\n<p><img decoding=\"async\" title=\"Xi lanh th\u1ee7y l\u1ef1c m\u00e1y c\u00e0y tuy\u1ebft\" src=\"https:\/\/hzpt.com\/wp-content\/uploads\/2023\/11\/Snow-Plow-Hydraulic-Cylinder-1.webp\" alt=\"Xi lanh th\u1ee7y l\u1ef1c m\u00e1y c\u00e0y tuy\u1ebft\" \/><\/p>\n<h2>\u01afu \u0111i\u1ec3m c\u1ee7a xi lanh lo\u1ea1i ch\u1ed1t c\u00f3 th\u1ec3 \u0111i\u1ec1u ch\u1ec9nh<\/h2>\n<p>Xi lanh th\u1ee7y l\u1ef1c lo\u1ea1i ch\u1ed1t \u0111i\u1ec1u ch\u1ec9nh c\u00f3 nhi\u1ec1u \u01b0u \u0111i\u1ec3m so v\u1edbi xi lanh th\u1ee7y l\u1ef1c truy\u1ec1n th\u1ed1ng. Nh\u1eefng xi lanh c\u1ea3i ti\u1ebfn n\u00e0y \u0111\u01b0\u1ee3c thi\u1ebft k\u1ebf ch\u00ednh x\u00e1c v\u00e0 t\u00edch h\u1ee3p c\u00e1c t\u00ednh n\u0103ng ti\u00ean ti\u1ebfn gi\u00fap n\u00e2ng cao hi\u1ec7u su\u1ea5t v\u00e0 t\u00ednh linh ho\u1ea1t. Trong b\u00e0i vi\u1ebft n\u00e0y, ch\u00fang ta s\u1ebd t\u00ecm hi\u1ec3u chi ti\u1ebft v\u1ec1 nh\u1eefng \u01b0u \u0111i\u1ec3m c\u1ee7a xi lanh th\u1ee7y l\u1ef1c lo\u1ea1i ch\u1ed1t \u0111i\u1ec1u ch\u1ec9nh.<\/p>\n<h3>T\u00ednh linh ho\u1ea1t \u0111\u01b0\u1ee3c n\u00e2ng cao<\/h3>\n<p>M\u1ed9t trong nh\u1eefng \u01b0u \u0111i\u1ec3m ch\u00ednh c\u1ee7a xi lanh lo\u1ea1i ch\u1ed1t \u0111i\u1ec1u ch\u1ec9nh \u0111\u01b0\u1ee3c l\u00e0 t\u00ednh linh ho\u1ea1t \u0111\u01b0\u1ee3c c\u1ea3i thi\u1ec7n. C\u00e1c xi lanh n\u00e0y \u0111\u01b0\u1ee3c thi\u1ebft k\u1ebf \u0111\u1ec3 cung c\u1ea5p c\u00e1c t\u00f9y ch\u1ecdn l\u1eafp \u0111\u1eb7t c\u00f3 th\u1ec3 \u0111i\u1ec1u ch\u1ec9nh, cho ph\u00e9p d\u1ec5 d\u00e0ng t\u00f9y ch\u1ec9nh v\u00e0 th\u00edch \u1ee9ng v\u1edbi c\u00e1c \u1ee9ng d\u1ee5ng kh\u00e1c nhau. T\u00ednh n\u0103ng ch\u1ed1t \u0111i\u1ec1u ch\u1ec9nh \u0111\u01b0\u1ee3c cho ph\u00e9p xi lanh \u0111\u01b0\u1ee3c l\u1eafp \u0111\u1eb7t \u1edf nhi\u1ec1u g\u00f3c \u0111\u1ed9 kh\u00e1c nhau, mang l\u1ea1i s\u1ef1 linh ho\u1ea1t h\u01a1n trong l\u1eafp \u0111\u1eb7t v\u00e0 v\u1eadn h\u00e0nh. T\u00ednh linh ho\u1ea1t n\u00e0y cho ph\u00e9p xi lanh \u0111\u01b0\u1ee3c s\u1eed d\u1ee5ng trong nhi\u1ec1u ng\u00e0nh c\u00f4ng nghi\u1ec7p, ch\u1eb3ng h\u1ea1n nh\u01b0 n\u00f4ng nghi\u1ec7p, x\u00e2y d\u1ef1ng v\u00e0 s\u1ea3n xu\u1ea5t.<\/p>\n<h3>Hi\u1ec7u qu\u1ea3 \u0111\u01b0\u1ee3c c\u1ea3i thi\u1ec7n<\/h3>\n<p>Xi lanh lo\u1ea1i ch\u1ed1t \u0111i\u1ec1u ch\u1ec9nh \u0111\u01b0\u1ee3c thi\u1ebft k\u1ebf \u0111\u1ec3 mang l\u1ea1i hi\u1ec7u su\u1ea5t cao h\u01a1n so v\u1edbi xi lanh th\u00f4ng th\u01b0\u1eddng. Vi\u1ec7c s\u1eed d\u1ee5ng c\u00f4ng ngh\u1ec7 th\u1ee7y l\u1ef1c ti\u00ean ti\u1ebfn \u0111\u1ea3m b\u1ea3o truy\u1ec1n l\u1ef1c hi\u1ec7u qu\u1ea3, gi\u00fap t\u0103ng n\u0103ng su\u1ea5t v\u00e0 gi\u1ea3m m\u1ee9c ti\u00eau th\u1ee5 n\u0103ng l\u01b0\u1ee3ng. C\u00e1c xi lanh n\u00e0y \u0111\u01b0\u1ee3c thi\u1ebft k\u1ebf \u0111\u1ec3 ki\u1ec3m so\u00e1t ch\u00ednh x\u00e1c chuy\u1ec3n \u0111\u1ed9ng v\u00e0 l\u1ef1c, cho ph\u00e9p ng\u01b0\u1eddi v\u1eadn h\u00e0nh \u0111\u1ea1t \u0111\u01b0\u1ee3c hi\u1ec7u su\u1ea5t t\u1ed1i \u01b0u trong nhi\u1ec1u \u1ee9ng d\u1ee5ng kh\u00e1c nhau. Thi\u1ebft k\u1ebf ch\u1ed1t \u0111i\u1ec1u ch\u1ec9nh c\u0169ng gi\u00fap gi\u1ea3m thi\u1ec3u hao m\u00f2n, k\u00e9o d\u00e0i tu\u1ed5i th\u1ecd c\u1ee7a xi lanh v\u00e0 gi\u1ea3m chi ph\u00ed b\u1ea3o tr\u00ec.<\/p>\n<h3>\u0110\u1ed9 b\u1ec1n \u0111\u01b0\u1ee3c c\u1ea3i thi\u1ec7n<\/h3>\n<p>\u0110\u1ea3m b\u1ea3o ch\u1ea5t l\u01b0\u1ee3ng l\u00e0 y\u1ebfu t\u1ed1 then ch\u1ed1t trong qu\u00e1 tr\u00ecnh s\u1ea3n xu\u1ea5t xi lanh ki\u1ec3u ch\u1ed1t \u0111i\u1ec1u ch\u1ec9nh. Nh\u1eefng xi lanh n\u00e0y \u0111\u01b0\u1ee3c ch\u1ebf t\u1ea1o \u0111\u1ec3 ch\u1ecbu \u0111\u01b0\u1ee3c \u0111i\u1ec1u ki\u1ec7n v\u1eadn h\u00e0nh kh\u1eafc nghi\u1ec7t v\u00e0 mang l\u1ea1i hi\u1ec7u su\u1ea5t l\u00e2u d\u00e0i. Vi\u1ec7c s\u1eed d\u1ee5ng v\u1eadt li\u1ec7u ch\u1ea5t l\u01b0\u1ee3ng cao, ch\u1eb3ng h\u1ea1n nh\u01b0 th\u00e9p c\u1ee9ng v\u00e0 ph\u1edbt b\u1ec1n, \u0111\u1ea3m b\u1ea3o xi lanh c\u00f3 th\u1ec3 ch\u1ecbu \u0111\u01b0\u1ee3c t\u1ea3i tr\u1ecdng l\u1edbn, nhi\u1ec7t \u0111\u1ed9 kh\u1eafc nghi\u1ec7t v\u00e0 m\u00f4i tr\u01b0\u1eddng kh\u1eafc nghi\u1ec7t. Ngo\u00e0i ra, xi lanh th\u1ee7y l\u1ef1c m\u00e1y c\u00e0y tuy\u1ebft h\u00e0n nh\u1ecf \u0111\u01b0\u1ee3c thi\u1ebft k\u1ebf \u0111\u1ec3 ch\u1ed1ng \u0103n m\u00f2n, l\u00fd t\u01b0\u1edfng cho c\u00e1c \u1ee9ng d\u1ee5ng ngo\u00e0i tr\u1eddi, n\u01a1i th\u01b0\u1eddng xuy\u00ean ti\u1ebfp x\u00fac v\u1edbi \u0111\u1ed9 \u1ea9m v\u00e0 c\u00e1c y\u1ebfu t\u1ed1 m\u00f4i tr\u01b0\u1eddng kh\u00e1c.<\/p>\n<h3>T\u0103ng c\u01b0\u1eddng an to\u00e0n<\/h3>\n<p>Xi lanh lo\u1ea1i ch\u1ed1t \u0111i\u1ec1u ch\u1ec9nh \u0111\u01b0\u1ee3c \u01b0u ti\u00ean v\u1ec1 m\u1eb7t an to\u00e0n trong thi\u1ebft k\u1ebf. C\u00e1c xi lanh n\u00e0y \u0111\u01b0\u1ee3c trang b\u1ecb c\u00e1c t\u00ednh n\u0103ng an to\u00e0n ti\u00ean ti\u1ebfn, ch\u1eb3ng h\u1ea1n nh\u01b0 van gi\u1ea3m \u00e1p v\u00e0 h\u1ec7 th\u1ed1ng b\u1ea3o v\u1ec7 qu\u00e1 t\u1ea3i, nh\u1eb1m ng\u0103n ng\u1eeba tai n\u1ea1n v\u00e0 h\u01b0 h\u1ecfng thi\u1ebft b\u1ecb. C\u00e1c t\u00f9y ch\u1ecdn l\u1eafp \u0111\u1eb7t c\u00f3 th\u1ec3 \u0111i\u1ec1u ch\u1ec9nh c\u0169ng cho ph\u00e9p \u0111\u1ecbnh v\u1ecb ch\u00ednh x\u00e1c, gi\u1ea3m thi\u1ec3u nguy c\u01a1 l\u1ec7ch t\u00e2m ho\u1eb7c l\u1eafp \u0111\u1eb7t kh\u00f4ng \u0111\u00fang c\u00e1ch. H\u01a1n n\u1eefa, xi lanh \u0111\u01b0\u1ee3c ki\u1ec3m tra nghi\u00eam ng\u1eb7t v\u00e0 ki\u1ec3m so\u00e1t ch\u1ea5t l\u01b0\u1ee3ng \u0111\u1ec3 \u0111\u1ea3m b\u1ea3o \u0111\u00e1p \u1ee9ng c\u00e1c ti\u00eau chu\u1ea9n v\u00e0 quy \u0111\u1ecbnh c\u1ee7a ng\u00e0nh, mang l\u1ea1i s\u1ef1 an t\u00e2m cho ng\u01b0\u1eddi v\u1eadn h\u00e0nh.<\/p>\n<h3>\u1ee8ng d\u1ee5ng \u0111a n\u0103ng<\/h3>\n<p>Nh\u1edd c\u00e1c t\u00f9y ch\u1ecdn l\u1eafp \u0111\u1eb7t c\u00f3 th\u1ec3 \u0111i\u1ec1u ch\u1ec9nh v\u00e0 c\u00e1c t\u00ednh n\u0103ng ti\u00ean ti\u1ebfn, xi lanh lo\u1ea1i ch\u1ed1t \u0111i\u1ec1u ch\u1ec9nh \u0111\u01b0\u1ee3c \u1ee9ng d\u1ee5ng trong nhi\u1ec1u ng\u00e0nh c\u00f4ng nghi\u1ec7p kh\u00e1c nhau. Nh\u1eefng xi lanh n\u00e0y th\u01b0\u1eddng \u0111\u01b0\u1ee3c s\u1eed d\u1ee5ng trong m\u00e1y m\u00f3c n\u00f4ng nghi\u1ec7p cho c\u00e1c nhi\u1ec7m v\u1ee5 nh\u01b0 n\u00e2ng v\u00e0 nghi\u00eang v\u1eadt n\u1eb7ng. Ch\u00fang c\u0169ng \u0111\u01b0\u1ee3c s\u1eed d\u1ee5ng trong thi\u1ebft b\u1ecb x\u00e2y d\u1ef1ng cho c\u00e1c nhi\u1ec7m v\u1ee5 nh\u01b0 san l\u1ea5p m\u1eb7t b\u1eb1ng v\u00e0 v\u1eadn chuy\u1ec3n v\u1eadt li\u1ec7u. H\u01a1n n\u1eefa, xi lanh lo\u1ea1i ch\u1ed1t \u0111i\u1ec1u ch\u1ec9nh \u0111\u01b0\u1ee3c s\u1eed d\u1ee5ng trong c\u00e1c quy tr\u00ecnh s\u1ea3n xu\u1ea5t \u0111\u00f2i h\u1ecfi kh\u1ea3 n\u0103ng ki\u1ec3m so\u00e1t ch\u00ednh x\u00e1c l\u1ef1c v\u00e0 chuy\u1ec3n \u0111\u1ed9ng. T\u00ednh linh ho\u1ea1t c\u1ee7a nh\u1eefng xi lanh n\u00e0y khi\u1ebfn ch\u00fang tr\u1edf th\u00e0nh m\u1ed9t t\u00e0i s\u1ea3n qu\u00fd gi\u00e1 trong nhi\u1ec1u \u1ee9ng d\u1ee5ng, gi\u00fap n\u00e2ng cao n\u0103ng su\u1ea5t v\u00e0 hi\u1ec7u qu\u1ea3.<\/p>\n<p>T\u00f3m l\u1ea1i, xi lanh lo\u1ea1i ch\u1ed1t \u0111i\u1ec1u ch\u1ec9nh mang l\u1ea1i nhi\u1ec1u \u01b0u \u0111i\u1ec3m khi\u1ebfn ch\u00fang tr\u1edf th\u00e0nh l\u1ef1a ch\u1ecdn \u01b0u ti\u00ean trong nhi\u1ec1u ng\u00e0nh c\u00f4ng nghi\u1ec7p. T\u00ednh linh ho\u1ea1t \u0111\u01b0\u1ee3c c\u1ea3i thi\u1ec7n, hi\u1ec7u su\u1ea5t \u0111\u01b0\u1ee3c c\u1ea3i thi\u1ec7n, \u0111\u1ed9 b\u1ec1n, t\u00ednh n\u0103ng an to\u00e0n v\u00e0 \u1ee9ng d\u1ee5ng \u0111a d\u1ea1ng gi\u00fap ch\u00fang kh\u00e1c bi\u1ec7t so v\u1edbi xi lanh th\u1ee7y l\u1ef1c th\u00f4ng th\u01b0\u1eddng. Vi\u1ec7c s\u1eed d\u1ee5ng c\u00f4ng ngh\u1ec7 ti\u00ean ti\u1ebfn v\u00e0 c\u00e1c bi\u1ec7n ph\u00e1p \u0111\u1ea3m b\u1ea3o ch\u1ea5t l\u01b0\u1ee3ng \u0111\u1ea3m b\u1ea3o hi\u1ec7u su\u1ea5t \u0111\u00e1ng tin c\u1eady v\u00e0 tu\u1ed5i th\u1ecd c\u1ee7a c\u00e1c xi lanh n\u00e0y. Nh\u00ecn chung, xi lanh lo\u1ea1i ch\u1ed1t \u0111i\u1ec1u ch\u1ec9nh l\u00e0 m\u1ed9t b\u1ed5 sung gi\u00e1 tr\u1ecb cho b\u1ea5t k\u1ef3 h\u1ec7 th\u1ed1ng th\u1ee7y l\u1ef1c n\u00e0o, mang l\u1ea1i hi\u1ec7u su\u1ea5t v\u00e0 kh\u1ea3 n\u0103ng th\u00edch \u1ee9ng t\u1ed1i \u01b0u.<\/p>\n<h3>Gi\u1edbi thi\u1ec7u v\u1ec1 xi lanh th\u1ee7y l\u1ef1c FMP<\/h3>\n<p>FMP l\u00e0 m\u1ed9t c\u00f4ng ty uy t\u00edn chuy\u00ean b\u00e1n v\u00e0 b\u1ea3o d\u01b0\u1ee1ng ph\u1ee5 t\u00f9ng m\u00e1y m\u00f3c x\u00e2y d\u1ef1ng v\u00e0 m\u00e1y m\u00f3c ho\u00e0n ch\u1ec9nh. Xi lanh th\u1ee7y l\u1ef1c c\u1ee7a ch\u00fang t\u00f4i \u0111\u01b0\u1ee3c thi\u1ebft k\u1ebf v\u00e0 s\u1ea3n xu\u1ea5t \u0111\u1ec3 \u0111\u00e1p \u1ee9ng nhu c\u1ea7u cao c\u1ee7a ng\u00e0nh x\u00e2y d\u1ef1ng. Ch\u00fang t\u00f4i c\u00f3 danh m\u1ee5c s\u1ea3n ph\u1ea9m \u0111a d\u1ea1ng, bao g\u1ed3m c\u00e1c lo\u1ea1i xi lanh th\u1ee7y l\u1ef1c kh\u00e1c nhau nh\u01b0 xi lanh ki\u1ec3u ch\u1ed1t \u0111i\u1ec1u ch\u1ec9nh, xi lanh ki\u1ec3u h\u00e0n, xi lanh \u1ed1ng l\u1ed3ng, v\u00e0 nhi\u1ec1u lo\u1ea1i kh\u00e1c n\u1eefa.<\/p>\n<p>Sau \u0111\u00e2y l\u00e0 m\u1ed9t s\u1ed1 l\u00fd do t\u1ea1i sao b\u1ea1n n\u00ean ch\u1ecdn Xi lanh th\u1ee7y l\u1ef1c FMP:<\/p>\n<ol>\n<li><strong>Linh ki\u1ec7n ch\u1ea5t l\u01b0\u1ee3ng cao:<\/strong> Xi lanh th\u1ee7y l\u1ef1c c\u1ee7a ch\u00fang t\u00f4i \u0111\u01b0\u1ee3c ch\u1ebf t\u1ea1o t\u1eeb c\u00e1c linh ki\u1ec7n ch\u1ea5t l\u01b0\u1ee3ng cao, \u0111\u00e1p \u1ee9ng c\u00e1c ti\u00eau chu\u1ea9n ch\u1ea5t l\u01b0\u1ee3ng nghi\u00eam ng\u1eb7t. Ch\u00fang t\u00f4i nh\u1eadp nguy\u00ean li\u1ec7u t\u1eeb c\u00e1c nh\u00e0 cung c\u1ea5p uy t\u00edn trong v\u00e0 ngo\u00e0i n\u01b0\u1edbc \u0111\u1ec3 \u0111\u1ea3m b\u1ea3o s\u1ea3n ph\u1ea9m \u0111\u1ea1t ch\u1ea5t l\u01b0\u1ee3ng cao nh\u1ea5t.<\/li>\n<li><strong>Hi\u1ec7u su\u1ea5t \u0111\u00e1ng tin c\u1eady:<\/strong> Ch\u00fang t\u00f4i s\u1eed d\u1ee5ng c\u00f4ng ngh\u1ec7 v\u00e0 k\u1ef9 thu\u1eadt s\u1ea3n xu\u1ea5t ti\u00ean ti\u1ebfn \u0111\u1ec3 \u0111\u1ea3m b\u1ea3o xi lanh th\u1ee7y l\u1ef1c c\u1ee7a ch\u00fang t\u00f4i mang l\u1ea1i hi\u1ec7u su\u1ea5t \u0111\u00e1ng tin c\u1eady ngay c\u1ea3 trong nh\u1eefng m\u00f4i tr\u01b0\u1eddng kh\u1eafc nghi\u1ec7t nh\u1ea5t.<\/li>\n<li><strong>T\u00f9y ch\u1ec9nh:<\/strong> Ch\u00fang t\u00f4i cung c\u1ea5p d\u1ecbch v\u1ee5 t\u00f9y ch\u1ec9nh \u0111\u1ec3 \u0111\u00e1p \u1ee9ng nhu c\u1ea7u c\u1ee5 th\u1ec3 c\u1ee7a kh\u00e1ch h\u00e0ng. \u0110\u1ed9i ng\u0169 k\u1ef9 s\u01b0 l\u00e0nh ngh\u1ec1 c\u1ee7a ch\u00fang t\u00f4i c\u00f3 th\u1ec3 thi\u1ebft k\u1ebf v\u00e0 s\u1ea3n xu\u1ea5t xi lanh th\u1ee7y l\u1ef1c \u0111\u00e1p \u1ee9ng ch\u00ednh x\u00e1c y\u00eau c\u1ea7u c\u1ee7a b\u1ea1n.<\/li>\n<li><strong>Gi\u00e1 c\u1ea3 c\u1ea1nh tranh:<\/strong> Ch\u00fang t\u00f4i cung c\u1ea5p s\u1ea3n ph\u1ea9m v\u1edbi gi\u00e1 c\u1ea3 c\u1ea1nh tranh m\u00e0 kh\u00f4ng \u1ea3nh h\u01b0\u1edfng \u0111\u1ebfn ch\u1ea5t l\u01b0\u1ee3ng. M\u1ee5c ti\u00eau c\u1ee7a ch\u00fang t\u00f4i l\u00e0 cung c\u1ea5p c\u00e1c gi\u1ea3i ph\u00e1p ti\u1ebft ki\u1ec7m chi ph\u00ed cho kh\u00e1ch h\u00e0ng.<\/li>\n<li><strong>D\u1ecbch v\u1ee5 kh\u00e1ch h\u00e0ng tuy\u1ec7t v\u1eddi:<\/strong> \u0110\u1ed9i ng\u0169 b\u00e1n h\u00e0ng c\u1ee7a ch\u00fang t\u00f4i am hi\u1ec3u v\u00e0 gi\u00e0u kinh nghi\u1ec7m trong ng\u00e0nh m\u00e1y m\u00f3c x\u00e2y d\u1ef1ng. H\u1ecd c\u00f3 th\u1ec3 t\u01b0 v\u1ea5n s\u1ea3n ph\u1ea9m chuy\u00ean nghi\u1ec7p v\u00e0 \u0111\u01b0a ra nh\u1eefng g\u1ee3i \u00fd mua h\u00e0ng th\u00f4ng minh. Ch\u00fang t\u00f4i c\u0169ng c\u00f3 h\u1ec7 th\u1ed1ng ph\u00e2n ph\u1ed1i h\u1eadu c\u1ea7n hi\u1ec7u qu\u1ea3, \u0111\u1ea3m b\u1ea3o kh\u00e1ch h\u00e0ng nh\u1eadn \u0111\u01b0\u1ee3c ph\u1ee5 t\u00f9ng c\u1ea7n thi\u1ebft m\u1ed9t c\u00e1ch k\u1ecbp th\u1eddi v\u00e0 ch\u00ednh x\u00e1c.<\/li>\n<\/ol>\n<p>H\u00e3y li\u00ean h\u1ec7 v\u1edbi ch\u00fang t\u00f4i ngay \u0111\u1ec3 t\u00ecm hi\u1ec3u th\u00eam v\u1ec1 c\u00e1c s\u1ea3n ph\u1ea9m xi lanh th\u1ee7y l\u1ef1c v\u00e0 c\u00e1ch ch\u00fang t\u00f4i c\u00f3 th\u1ec3 gi\u00fap b\u1ea1n \u0111\u00e1p \u1ee9ng nhu c\u1ea7u v\u1ec1 m\u00e1y m\u00f3c x\u00e2y d\u1ef1ng.<\/p>\n<p><img decoding=\"async\" src=\"https:\/\/fmp-components.com\/wp-content\/uploads\/2024\/12\/Adjustable-Clevis-Type-Cylinders-6.webp\" alt=\"Xi lanh lo\u1ea1i Clevis c\u00f3 th\u1ec3 \u0111i\u1ec1u ch\u1ec9nh\" width=\"814\" title=\"\"><\/p>\n<p>T\u00e1c gi\u1ea3: CX<\/p>","protected":false},"excerpt":{"rendered":"<p>Quality Assurance Small Welded Snow Plow Hydraulic Cylinder The Quality Assurance Small Welded Snow Plow Hydraulic Cylinder is a high-performance product designed for efficient snow plowing operations. With its compact size and welded construction, this hydraulic cylinder offers durability and reliability in demanding environments. Equipped with advanced quality assurance technologies, this cylinder undergoes rigorous testing [&hellip;]<\/p>","protected":false},"featured_media":1473,"comment_status":"closed","ping_status":"closed","template":"","meta":{"_et_pb_use_builder":"","_et_pb_old_content":"","_et_gb_content_width":""},"product_brand":[],"product_cat":[42],"product_tag":[34,44],"class_list":{"0":"post-1472","1":"product","2":"type-product","3":"status-publish","4":"has-post-thumbnail","6":"product_cat-snow-plow-hydraulic-cylinder","7":"product_tag-hydraulic-cylinder","8":"product_tag-snow-plow-hydraulic-cylinder","10":"first","11":"instock","12":"product-type-simple"},"_links":{"self":[{"href":"https:\/\/fmp-components.com\/vi\/wp-json\/wp\/v2\/product\/1472","targetHints":{"allow":["GET"]}}],"collection":[{"href":"https:\/\/fmp-components.com\/vi\/wp-json\/wp\/v2\/product"}],"about":[{"href":"https:\/\/fmp-components.com\/vi\/wp-json\/wp\/v2\/types\/product"}],"replies":[{"embeddable":true,"href":"https:\/\/fmp-components.com\/vi\/wp-json\/wp\/v2\/comments?post=1472"}],"wp:featuredmedia":[{"embeddable":true,"href":"https:\/\/fmp-components.com\/vi\/wp-json\/wp\/v2\/media\/1473"}],"wp:attachment":[{"href":"https:\/\/fmp-components.com\/vi\/wp-json\/wp\/v2\/media?parent=1472"}],"wp:term":[{"taxonomy":"product_brand","embeddable":true,"href":"https:\/\/fmp-components.com\/vi\/wp-json\/wp\/v2\/product_brand?post=1472"},{"taxonomy":"product_cat","embeddable":true,"href":"https:\/\/fmp-components.com\/vi\/wp-json\/wp\/v2\/product_cat?post=1472"},{"taxonomy":"product_tag","embeddable":true,"href":"https:\/\/fmp-components.com\/vi\/wp-json\/wp\/v2\/product_tag?post=1472"}],"curies":[{"name":"wp","href":"https:\/\/api.w.org\/{rel}","templated":true}]}}