{"id":1466,"date":"2024-12-23T05:49:26","date_gmt":"2024-12-23T05:49:26","guid":{"rendered":"https:\/\/fmp-components.com\/product\/customized-mini-two-way-hydraulic-piston-cylinder-for-snow-plow\/"},"modified":"2024-12-23T06:31:54","modified_gmt":"2024-12-23T06:31:54","slug":"customized-mini-two-way-hydraulic-piston-cylinder-for-snow-plow","status":"publish","type":"product","link":"https:\/\/fmp-components.com\/vi\/product\/customized-mini-two-way-hydraulic-piston-cylinder-for-snow-plow\/","title":{"rendered":"Xi lanh piston th\u1ee7y l\u1ef1c hai chi\u1ec1u mini t\u00f9y ch\u1ec9nh cho m\u00e1y c\u00e0y tuy\u1ebft"},"content":{"rendered":"<h2>Xi lanh piston th\u1ee7y l\u1ef1c hai chi\u1ec1u mini t\u00f9y ch\u1ec9nh cho m\u00e1y c\u00e0y tuy\u1ebft<\/h2>\n<p>Xi lanh piston th\u1ee7y l\u1ef1c hai chi\u1ec1u mini t\u00f9y ch\u1ec9nh d\u00e0nh cho m\u00e1y c\u00e0y tuy\u1ebft l\u00e0 s\u1ea3n ph\u1ea9m h\u00e0ng \u0111\u1ea7u \u0111\u01b0\u1ee3c thi\u1ebft k\u1ebf cho c\u00e1c ho\u1ea1t \u0111\u1ed9ng c\u00e0y tuy\u1ebft hi\u1ec7u qu\u1ea3. Xi lanh piston th\u1ee7y l\u1ef1c ch\u1ea5t l\u01b0\u1ee3ng cao n\u00e0y mang l\u1ea1i hi\u1ec7u su\u1ea5t v\u00e0 \u0111\u1ed9 tin c\u1eady v\u01b0\u1ee3t tr\u1ed9i, tr\u1edf th\u00e0nh l\u1ef1a ch\u1ecdn l\u00fd t\u01b0\u1edfng cho c\u00e1c \u1ee9ng d\u1ee5ng m\u00e1y c\u00e0y tuy\u1ebft.<\/p>\n<p>V\u1edbi k\u00edch th\u01b0\u1edbc nh\u1ecf g\u1ecdn v\u00e0 c\u00e1c t\u00ednh n\u0103ng t\u00f9y ch\u1ec9nh, xi lanh piston th\u1ee7y l\u1ef1c n\u00e0y \u0111\u01b0\u1ee3c thi\u1ebft k\u1ebf \u0111\u1eb7c bi\u1ec7t \u0111\u1ec3 \u0111\u00e1p \u1ee9ng c\u00e1c y\u00eau c\u1ea7u ri\u00eang bi\u1ec7t c\u1ee7a h\u1ec7 th\u1ed1ng m\u00e1y c\u00e0y tuy\u1ebft. N\u00f3 \u0111\u01b0\u1ee3c ch\u1ebf t\u1ea1o ch\u00ednh x\u00e1c \u0111\u1ec3 cung c\u1ea5p hi\u1ec7u su\u1ea5t th\u1ee7y l\u1ef1c m\u1ea1nh m\u1ebd v\u00e0 nh\u1ea1y b\u00e9n, \u0111\u1ea3m b\u1ea3o ho\u1ea1t \u0111\u1ed9ng tr\u01a1n tru v\u00e0 hi\u1ec7u qu\u1ea3 trong \u0111i\u1ec1u ki\u1ec7n c\u00e0y tuy\u1ebft kh\u00f3 kh\u0103n.<\/p>\n<p>Ch\u1ee9c n\u0103ng hai chi\u1ec1u c\u1ee7a xi lanh piston n\u00e0y cho ph\u00e9p chuy\u1ec3n \u0111\u1ed9ng m\u01b0\u1ee3t m\u00e0 theo c\u1ea3 hai h\u01b0\u1edbng, gi\u00fap \u0111i\u1ec1u khi\u1ec3n l\u01b0\u1ee1i c\u00e0y tuy\u1ebft hi\u1ec7u qu\u1ea3. Cho d\u00f9 b\u1ea1n c\u1ea7n \u0111\u1ea9y tuy\u1ebft v\u1ec1 ph\u00eda tr\u01b0\u1edbc hay nghi\u00eang l\u01b0\u1ee1i c\u00e0y \u0111\u1ec3 \u0111i\u1ec1u khi\u1ec3n ch\u00ednh x\u00e1c, xi lanh th\u1ee7y l\u1ef1c n\u00e0y \u0111\u1ec1u mang l\u1ea1i kh\u1ea3 n\u0103ng \u0111i\u1ec1u khi\u1ec3n v\u00e0 s\u1ee9c m\u1ea1nh v\u01b0\u1ee3t tr\u1ed9i.<\/p>\n<p>\u0110\u01b0\u1ee3c ch\u1ebf t\u1ea1o \u0111\u1ec3 ch\u1ecbu \u0111\u01b0\u1ee3c \u0111i\u1ec1u ki\u1ec7n m\u00f9a \u0111\u00f4ng kh\u1eafc nghi\u1ec7t, Xi lanh piston th\u1ee7y l\u1ef1c hai chi\u1ec1u mini t\u00f9y ch\u1ec9nh d\u00e0nh cho m\u00e1y c\u00e0y tuy\u1ebft \u0111\u01b0\u1ee3c l\u00e0m t\u1eeb v\u1eadt li\u1ec7u b\u1ec1n ch\u1eafc, mang l\u1ea1i hi\u1ec7u su\u1ea5t l\u00e2u d\u00e0i. Thi\u1ebft k\u1ebf m\u1ea1nh m\u1ebd c\u1ee7a n\u00f3 \u0111\u1ea3m b\u1ea3o \u0111\u1ed9 tin c\u1eady v\u00e0 \u0111\u1ed9 b\u1ec1n, gi\u1ea3m thi\u1ec3u th\u1eddi gian ng\u1eebng ho\u1ea1t \u0111\u1ed9ng v\u00e0 t\u1ed1i \u0111a h\u00f3a n\u0103ng su\u1ea5t trong c\u00e1c ho\u1ea1t \u0111\u1ed9ng c\u00e0y tuy\u1ebft.<\/p>\n<p>Ngo\u00e0i ch\u1ee9c n\u0103ng v\u01b0\u1ee3t tr\u1ed9i, xi lanh piston th\u1ee7y l\u1ef1c n\u00e0y c\u00f2n cung c\u1ea5p c\u00e1c t\u00f9y ch\u1ecdn t\u00f9y ch\u1ec9nh d\u1ec5 d\u00e0ng. N\u00f3 c\u00f3 th\u1ec3 \u0111\u01b0\u1ee3c \u0111i\u1ec1u ch\u1ec9nh \u0111\u1ec3 ph\u00f9 h\u1ee3p v\u1edbi c\u00e1c y\u00eau c\u1ea7u c\u1ee5 th\u1ec3 c\u1ee7a m\u00e1y c\u00e0y tuy\u1ebft, bao g\u1ed3m chi\u1ec1u d\u00e0i h\u00e0nh tr\u00ecnh, t\u00f9y ch\u1ecdn l\u1eafp \u0111\u1eb7t v\u00e0 \u0111\u1ecbnh m\u1ee9c \u00e1p su\u1ea5t. \u0110i\u1ec1u n\u00e0y cho ph\u00e9p t\u00edch h\u1ee3p li\u1ec1n m\u1ea1ch v\u00e0o c\u00e1c h\u1ec7 th\u1ed1ng m\u00e1y c\u00e0y tuy\u1ebft kh\u00e1c nhau, n\u00e2ng cao hi\u1ec7u qu\u1ea3 v\u00e0 hi\u1ec7u su\u1ea5t t\u1ed5ng th\u1ec3.<\/p>\n<p>T\u00f3m l\u1ea1i, Xi lanh piston th\u1ee7y l\u1ef1c hai chi\u1ec1u mini t\u00f9y ch\u1ec9nh d\u00e0nh cho m\u00e1y c\u00e0y tuy\u1ebft l\u00e0 m\u1ed9t s\u1ea3n ph\u1ea9m hi\u1ec7u su\u1ea5t cao, mang l\u1ea1i ch\u1ee9c n\u0103ng v\u01b0\u1ee3t tr\u1ed9i, \u0111\u1ed9 b\u1ec1n cao v\u00e0 nhi\u1ec1u t\u00f9y ch\u1ecdn t\u00f9y ch\u1ec9nh. V\u1edbi hi\u1ec7u su\u1ea5t th\u1ee7y l\u1ef1c \u0111\u00e1ng tin c\u1eady v\u00e0 c\u1ea5u tr\u00fac ch\u1eafc ch\u1eafn, \u0111\u00e2y l\u00e0 l\u1ef1a ch\u1ecdn tuy\u1ec7t v\u1eddi cho c\u00e1c \u1ee9ng d\u1ee5ng m\u00e1y c\u00e0y tuy\u1ebft, cung c\u1ea5p kh\u1ea3 n\u0103ng \u0111i\u1ec1u khi\u1ec3n v\u00e0 hi\u1ec7u qu\u1ea3 t\u1ed1i \u01b0u trong \u0111i\u1ec1u ki\u1ec7n m\u00f9a \u0111\u00f4ng kh\u1eafc nghi\u1ec7t.<\/p>\n<p>Th\u1ebf gi\u1edbi m\u00e1y m\u00f3c r\u1ea5t r\u1ed9ng l\u1edbn v\u00e0 \u0111a d\u1ea1ng, v\u00e0 m\u1ed9t trong nh\u1eefng b\u1ed9 ph\u1eadn quan tr\u1ecdng \u0111\u1ea3m b\u1ea3o s\u1ef1 v\u1eadn h\u00e0nh tr\u01a1n tru c\u1ee7a nhi\u1ec1u lo\u1ea1i m\u00e1y m\u00f3c ch\u00ednh l\u00e0... <strong>Xi lanh piston th\u1ee7y l\u1ef1c hai chi\u1ec1u mini t\u00f9y ch\u1ec9nh<\/strong> \u0110\u01b0\u1ee3c thi\u1ebft k\u1ebf \u0111\u1eb7c bi\u1ec7t cho xe d\u1ecdn tuy\u1ebft.<\/p>\n<h2>T\u00ednh n\u0103ng s\u1ea3n ph\u1ea9m<\/h2>\n<p>Xi lanh piston th\u1ee7y l\u1ef1c hai chi\u1ec1u mini kh\u00f4ng ph\u1ea3i l\u00e0 m\u1ed9t linh ki\u1ec7n th\u00f4ng th\u01b0\u1eddng. N\u00f3 \u0111\u01b0\u1ee3c thi\u1ebft k\u1ebf v\u00e0 s\u1ea3n xu\u1ea5t v\u1edbi \u0111\u1ed9 ch\u00ednh x\u00e1c v\u00e0 s\u1ef1 ch\u00fa \u00fd \u0111\u1ebfn t\u1eebng chi ti\u1ebft. S\u1ea3n ph\u1ea9m l\u00e0 h\u00e0ng m\u1edbi v\u00e0 \u0111\u01b0\u1ee3c b\u1ea3o h\u00e0nh 1 n\u0103m. C\u00e1c b\u1ed9 ph\u1eadn c\u1ed1t l\u00f5i c\u1ee7a n\u00f3 bao g\u1ed3m \u1ed5 bi v\u00e0 xi lanh th\u1ee7y l\u1ef1c, c\u1ea3 hai \u0111\u1ec1u c\u00f3 ch\u1ea5t l\u01b0\u1ee3ng cao nh\u1ea5t.<\/p>\n<p>Xi lanh c\u00f3 thi\u1ebft k\u1ebf ti\u00eau chu\u1ea9n v\u00e0 l\u1ef1c \u0111\u1ea9y t\u1ed1i \u0111a \u1ea5n t\u01b0\u1ee3ng l\u00ean \u0111\u1ebfn 3000. Tr\u1ecdng l\u01b0\u1ee3ng ch\u1ec9 5,9 KG, r\u1ea5t nh\u1eb9 v\u00e0 d\u1ec5 l\u1eafp \u0111\u1eb7t. S\u1ea3n ph\u1ea9m c\u0169ng \u0111\u1ea1t ch\u1ee9ng nh\u1eadn ISO9001:2000, \u0111\u1ea3m b\u1ea3o ch\u1ea5t l\u01b0\u1ee3ng v\u00e0 \u0111\u1ed9 tin c\u1eady.<\/p>\n<p><img decoding=\"async\" title=\"Xi lanh th\u1ee7y l\u1ef1c m\u00e1y c\u00e0y tuy\u1ebft\" src=\"https:\/\/hzpt.com\/wp-content\/uploads\/2023\/11\/Snow-Plow-Hydraulic-Cylinder-3.webp\" alt=\"Xi lanh th\u1ee7y l\u1ef1c m\u00e1y c\u00e0y tuy\u1ebft\" \/><\/p>\n<h2>C\u00e1c ng\u00e0nh c\u00f4ng nghi\u1ec7p v\u00e0 \u1ee9ng d\u1ee5ng \u00e1p d\u1ee5ng<\/h2>\n<p>Xi lanh piston th\u1ee7y l\u1ef1c n\u00e0y kh\u00f4ng ch\u1ec9 gi\u1edbi h\u1ea1n \u1edf m\u1ed9t ng\u00e0nh c\u00f4ng nghi\u1ec7p duy nh\u1ea5t. N\u00f3 \u0111\u01b0\u1ee3c s\u1eed d\u1ee5ng trong nhi\u1ec1u ng\u00e0nh c\u00f4ng nghi\u1ec7p kh\u00e1c nhau nh\u01b0 c\u00e1c x\u01b0\u1edfng s\u1eeda ch\u1eefa m\u00e1y m\u00f3c, n\u00f4ng tr\u1ea1i, n\u0103ng l\u01b0\u1ee3ng v\u00e0 khai th\u00e1c m\u1ecf, v\u00e0 s\u1ea3n xu\u1ea5t m\u00e1y m\u00f3c. T\u00ednh linh ho\u1ea1t v\u00e0 hi\u1ec7u su\u1ea5t cao c\u1ee7a n\u00f3 l\u00e0m cho n\u00f3 tr\u1edf th\u00e0nh l\u1ef1a ch\u1ecdn l\u00fd t\u01b0\u1edfng cho nhi\u1ec1u \u1ee9ng d\u1ee5ng kh\u00e1c nhau.<\/p>\n<h2>B\u1ea3o tr\u00ec v\u00e0 Ch\u0103m s\u00f3c<\/h2>\n<p>C\u0169ng gi\u1ed1ng nh\u01b0 b\u1ea5t k\u1ef3 b\u1ed9 ph\u1eadn c\u01a1 kh\u00ed n\u00e0o kh\u00e1c, xi lanh piston th\u1ee7y l\u1ef1c hai chi\u1ec1u mini c\u1ea7n \u0111\u01b0\u1ee3c b\u1ea3o d\u01b0\u1ee1ng th\u01b0\u1eddng xuy\u00ean \u0111\u1ec3 \u0111\u1ea3m b\u1ea3o tu\u1ed5i th\u1ecd. N\u00ean ki\u1ec3m tra xi lanh \u0111\u1ecbnh k\u1ef3 \u0111\u1ec3 ph\u00e1t hi\u1ec7n b\u1ea5t k\u1ef3 d\u1ea5u hi\u1ec7u hao m\u00f2n n\u00e0o v\u00e0 thay th\u1ebf ngay l\u1eadp t\u1ee9c b\u1ea5t k\u1ef3 b\u1ed9 ph\u1eadn n\u00e0o b\u1ecb h\u01b0 h\u1ecfng \u0111\u1ec3 tr\u00e1nh nh\u1eefng s\u1ef1 c\u1ed1 l\u1edbn.<\/p>\n<h2>\u01afu \u0111i\u1ec3m c\u1ee7a xi lanh lo\u1ea1i ch\u1ed1t c\u00f3 th\u1ec3 \u0111i\u1ec1u ch\u1ec9nh<\/h2>\n<p>C\u00e1c lo\u1ea1i xi lanh \u0111i\u1ec1u ch\u1ec9nh ki\u1ec3u c\u00e0ng cua, ch\u1eb3ng h\u1ea1n nh\u01b0 xi lanh piston th\u1ee7y l\u1ef1c hai chi\u1ec1u mini t\u00f9y ch\u1ec9nh d\u00e0nh cho m\u00e1y c\u00e0y tuy\u1ebft, mang l\u1ea1i nhi\u1ec1u l\u1ee3i \u00edch v\u00e0 t\u00ednh n\u0103ng khi\u1ebfn ch\u00fang r\u1ea5t ph\u00f9 h\u1ee3p cho nhi\u1ec1u \u1ee9ng d\u1ee5ng kh\u00e1c nhau. Trong b\u00e0i \u0111\u0103ng n\u00e0y, ch\u00fang ta s\u1ebd t\u00ecm hi\u1ec3u chi ti\u1ebft v\u1ec1 nh\u1eefng \u01b0u \u0111i\u1ec3m c\u1ee7a c\u00e1c lo\u1ea1i xi lanh n\u00e0y.<\/p>\n<h3>1. T\u0103ng c\u01b0\u1eddng t\u00ednh linh ho\u1ea1t v\u00e0 kh\u1ea3 n\u0103ng th\u00edch \u1ee9ng<\/h3>\n<p>C\u00e1c xi lanh ki\u1ec3u c\u00e0ng n\u1ed1i \u0111i\u1ec1u ch\u1ec9nh \u0111\u01b0\u1ee3c mang l\u1ea1i t\u00ednh linh ho\u1ea1t v\u00e0 kh\u1ea3 n\u0103ng th\u00edch \u1ee9ng cao h\u01a1n nh\u1edd v\u00e0o c\u00e1c gi\u00e1 \u0111\u1ee1 c\u00e0ng n\u1ed1i c\u00f3 th\u1ec3 \u0111i\u1ec1u ch\u1ec9nh. T\u00ednh n\u0103ng n\u00e0y cho ph\u00e9p d\u1ec5 d\u00e0ng t\u00f9y ch\u1ec9nh v\u00e0 tinh ch\u1ec9nh v\u1ecb tr\u00ed l\u1eafp \u0111\u1eb7t c\u1ee7a xi lanh \u0111\u1ec3 ph\u00f9 h\u1ee3p v\u1edbi c\u00e1c y\u00eau c\u1ea7u c\u1ee5 th\u1ec3. B\u1eb1ng c\u00e1ch \u0111i\u1ec1u ch\u1ec9nh c\u00e0ng n\u1ed1i, xi lanh c\u00f3 th\u1ec3 \u0111\u01b0\u1ee3c c\u0103n ch\u1ec9nh ch\u00ednh x\u00e1c, \u0111\u1ea3m b\u1ea3o hi\u1ec7u su\u1ea5t v\u00e0 hi\u1ec7u qu\u1ea3 t\u1ed1i \u01b0u trong nhi\u1ec1u \u1ee9ng d\u1ee5ng kh\u00e1c nhau.<\/p>\n<h3>2. Kh\u1ea3 n\u0103ng x\u1eed l\u00fd t\u1ea3i \u0111\u01b0\u1ee3c c\u1ea3i thi\u1ec7n<\/h3>\n<p>Nh\u1eefng xi lanh n\u00e0y mang l\u1ea1i kh\u1ea3 n\u0103ng x\u1eed l\u00fd t\u1ea3i tr\u1ecdng tuy\u1ec7t v\u1eddi, nh\u1edd thi\u1ebft k\u1ebf piston ti\u00ean ti\u1ebfn v\u00e0 h\u1ec7 th\u1ed1ng th\u1ee7y l\u1ef1c m\u1ea1nh m\u1ebd. K\u1ef9 thu\u1eadt ch\u1ebf t\u1ea1o ch\u00ednh x\u00e1c c\u1ee7a piston cho ph\u00e9p chuy\u1ec3n \u0111\u1ed9ng tr\u01a1n tru v\u00e0 \u0111\u01b0\u1ee3c ki\u1ec3m so\u00e1t, \u0111\u1ea3m b\u1ea3o x\u1eed l\u00fd hi\u1ec7u qu\u1ea3 c\u00e1c t\u1ea3i tr\u1ecdng n\u1eb7ng. H\u1ec7 th\u1ed1ng th\u1ee7y l\u1ef1c c\u00f2n t\u0103ng c\u01b0\u1eddng th\u00eam s\u1ee9c m\u1ea1nh c\u1ee7a xi lanh, cho ph\u00e9p n\u00f3 d\u1ec5 d\u00e0ng x\u1eed l\u00fd c\u00e1c nhi\u1ec7m v\u1ee5 \u0111\u00f2i h\u1ecfi cao.<\/p>\n<h3>3. \u0110\u1ed9 b\u1ec1n v\u00e0 tu\u1ed5i th\u1ecd v\u01b0\u1ee3t tr\u1ed9i<\/h3>\n<p>\u0110\u01b0\u1ee3c thi\u1ebft k\u1ebf v\u1edbi v\u1eadt li\u1ec7u ch\u1ea5t l\u01b0\u1ee3ng cao v\u00e0 k\u1ef9 thu\u1eadt s\u1ea3n xu\u1ea5t ch\u00ednh x\u00e1c, c\u00e1c xi lanh ki\u1ec3u c\u00e0ng n\u1ed1i \u0111i\u1ec1u ch\u1ec9nh \u0111\u01b0\u1ee3c n\u1ed5i ti\u1ebfng v\u1ec1 \u0111\u1ed9 b\u1ec1n v\u00e0 tu\u1ed5i th\u1ecd v\u01b0\u1ee3t tr\u1ed9i. C\u00e1c xi lanh n\u00e0y \u0111\u01b0\u1ee3c ch\u1ebf t\u1ea1o \u0111\u1ec3 ch\u1ecbu \u0111\u01b0\u1ee3c c\u00e1c \u0111i\u1ec1u ki\u1ec7n ho\u1ea1t \u0111\u1ed9ng kh\u1eafc nghi\u1ec7t, ch\u1eb3ng h\u1ea1n nh\u01b0 nhi\u1ec7t \u0111\u1ed9 c\u1ef1c cao, rung \u0111\u1ed9ng m\u1ea1nh v\u00e0 m\u00f4i tr\u01b0\u1eddng \u0103n m\u00f2n. C\u1ea5u tr\u00fac ch\u1eafc ch\u1eafn c\u1ee7a ch\u00fang \u0111\u1ea3m b\u1ea3o hi\u1ec7u su\u1ea5t \u0111\u00e1ng tin c\u1eady v\u00e0 gi\u1ea3m thi\u1ec3u nhu c\u1ea7u b\u1ea3o tr\u00ec ho\u1eb7c thay th\u1ebf th\u01b0\u1eddng xuy\u00ean.<\/p>\n<h3>4. Ki\u1ec3m so\u00e1t v\u00e0 \u0111\u1ed9 ch\u00ednh x\u00e1c t\u1ed1i \u01b0u<\/h3>\n<p>M\u1ed9t trong nh\u1eefng \u01b0u \u0111i\u1ec3m n\u1ed5i b\u1eadt c\u1ee7a xi lanh ki\u1ec3u c\u00e0ng n\u1ed1i \u0111i\u1ec1u ch\u1ec9nh \u0111\u01b0\u1ee3c l\u00e0 kh\u1ea3 n\u0103ng cung c\u1ea5p kh\u1ea3 n\u0103ng \u0111i\u1ec1u khi\u1ec3n v\u00e0 \u0111\u1ed9 ch\u00ednh x\u00e1c t\u1ed1i \u01b0u. V\u1edbi c\u00e1c b\u1ed9 ph\u1eadn v\u00e0 h\u1ec7 th\u1ed1ng th\u1ee7y l\u1ef1c \u0111\u01b0\u1ee3c thi\u1ebft k\u1ebf tinh x\u1ea3o, c\u00e1c xi lanh n\u00e0y cho ph\u00e9p \u0111i\u1ec1u khi\u1ec3n ch\u00ednh x\u00e1c chuy\u1ec3n \u0111\u1ed9ng v\u00e0 \u0111\u1ecbnh v\u1ecb c\u1ee7a t\u1ea3i tr\u1ecdng. M\u1ee9c \u0111\u1ed9 \u0111i\u1ec1u khi\u1ec3n n\u00e0y cho ph\u00e9p v\u1eadn h\u00e0nh ch\u00ednh x\u00e1c v\u00e0 hi\u1ec7u qu\u1ea3, khi\u1ebfn ch\u00fang tr\u1edf n\u00ean l\u00fd t\u01b0\u1edfng cho c\u00e1c \u1ee9ng d\u1ee5ng y\u00eau c\u1ea7u chuy\u1ec3n \u0111\u1ed9ng ch\u00ednh x\u00e1c, ch\u1eb3ng h\u1ea1n nh\u01b0 m\u00e1y c\u00e0y tuy\u1ebft.<\/p>\n<h3>5. T\u0103ng n\u0103ng su\u1ea5t v\u00e0 hi\u1ec7u qu\u1ea3<\/h3>\n<p>B\u1eb1ng c\u00e1ch t\u00edch h\u1ee3p c\u00e1c xi lanh ki\u1ec3u c\u00e0ng n\u1ed1i \u0111i\u1ec1u ch\u1ec9nh \u0111\u01b0\u1ee3c v\u00e0o thi\u1ebft b\u1ecb ho\u1eb7c m\u00e1y m\u00f3c c\u1ee7a b\u1ea1n, b\u1ea1n c\u00f3 th\u1ec3 n\u00e2ng cao \u0111\u00e1ng k\u1ec3 n\u0103ng su\u1ea5t v\u00e0 hi\u1ec7u qu\u1ea3. C\u00e1c xi lanh n\u00e0y cho ph\u00e9p v\u1eadn h\u00e0nh tr\u01a1n tru v\u00e0 hi\u1ec7u qu\u1ea3, gi\u1ea3m th\u1eddi gian ng\u1eebng ho\u1ea1t \u0111\u1ed9ng v\u00e0 t\u0103ng n\u0103ng su\u1ea5t t\u1ed5ng th\u1ec3. V\u1edbi kh\u1ea3 n\u0103ng x\u1eed l\u00fd t\u1ea3i tr\u1ecdng l\u1edbn v\u00e0 cung c\u1ea5p kh\u1ea3 n\u0103ng \u0111i\u1ec1u khi\u1ec3n ch\u00ednh x\u00e1c, ch\u00fang g\u00f3p ph\u1ea7n ho\u00e0n th\u00e0nh c\u00f4ng vi\u1ec7c nhanh h\u01a1n v\u00e0 c\u1ea3i thi\u1ec7n hi\u1ec7u qu\u1ea3 ho\u1ea1t \u0111\u1ed9ng.<\/p>\n<h3>6. \u1ee8ng d\u1ee5ng \u0111a d\u1ea1ng<\/h3>\n<p>Xi lanh ki\u1ec3u c\u00e0ng n\u1ed1i \u0111i\u1ec1u ch\u1ec9nh \u0111\u01b0\u1ee3c \u1ee9ng d\u1ee5ng r\u1ed9ng r\u00e3i trong nhi\u1ec1u ng\u00e0nh c\u00f4ng nghi\u1ec7p v\u00e0 l\u0129nh v\u1ef1c. T\u00ednh linh ho\u1ea1t c\u1ee7a ch\u00fang gi\u00fap ch\u00fang ph\u00f9 h\u1ee3p v\u1edbi nhi\u1ec1u nhi\u1ec7m v\u1ee5 kh\u00e1c nhau, bao g\u1ed3m nh\u01b0ng kh\u00f4ng gi\u1edbi h\u1ea1n \u1edf m\u00e1y c\u00e0y tuy\u1ebft, thi\u1ebft b\u1ecb n\u00f4ng nghi\u1ec7p, m\u00e1y m\u00f3c x\u00e2y d\u1ef1ng, h\u1ec7 th\u1ed1ng x\u1eed l\u00fd v\u1eadt li\u1ec7u, v\u00e0 nhi\u1ec1u h\u01a1n n\u1eefa. B\u1ea5t k\u1ec3 \u1ee9ng d\u1ee5ng c\u1ee5 th\u1ec3 n\u00e0o, c\u00e1c xi lanh n\u00e0y \u0111\u1ec1u mang l\u1ea1i hi\u1ec7u su\u1ea5t v\u00e0 \u0111\u1ed9 tin c\u1eady v\u01b0\u1ee3t tr\u1ed9i.<\/p>\n<h3>Ph\u1ea7n k\u1ebft lu\u1eadn<\/h3>\n<p>T\u00f3m l\u1ea1i, xi lanh ki\u1ec3u c\u00e0ng n\u1ed1i \u0111i\u1ec1u ch\u1ec9nh \u0111\u01b0\u1ee3c, nh\u01b0 xi lanh piston th\u1ee7y l\u1ef1c hai chi\u1ec1u mini t\u00f9y ch\u1ec9nh cho m\u00e1y c\u00e0y tuy\u1ebft, c\u00f3 r\u1ea5t nhi\u1ec1u \u01b0u \u0111i\u1ec3m. T\u00ednh linh ho\u1ea1t \u0111\u01b0\u1ee3c n\u00e2ng cao, kh\u1ea3 n\u0103ng x\u1eed l\u00fd t\u1ea3i \u0111\u01b0\u1ee3c c\u1ea3i thi\u1ec7n, \u0111\u1ed9 b\u1ec1n v\u01b0\u1ee3t tr\u1ed9i, kh\u1ea3 n\u0103ng \u0111i\u1ec1u khi\u1ec3n t\u1ed1i \u01b0u, n\u0103ng su\u1ea5t t\u0103ng cao v\u00e0 \u1ee9ng d\u1ee5ng \u0111a d\u1ea1ng khi\u1ebfn c\u00e1c xi lanh n\u00e0y tr\u1edf th\u00e0nh l\u1ef1a ch\u1ecdn c\u00f3 gi\u00e1 tr\u1ecb cho nhi\u1ec1u ng\u00e0nh c\u00f4ng nghi\u1ec7p kh\u00e1c nhau. \u0110\u1ea7u t\u01b0 v\u00e0o xi lanh ki\u1ec3u c\u00e0ng n\u1ed1i \u0111i\u1ec1u ch\u1ec9nh \u0111\u01b0\u1ee3c c\u00f3 th\u1ec3 mang l\u1ea1i l\u1ee3i \u00edch l\u1edbn cho thi\u1ebft b\u1ecb ho\u1eb7c m\u00e1y m\u00f3c c\u1ee7a b\u1ea1n, cung c\u1ea5p hi\u1ec7u su\u1ea5t v\u00e0 hi\u1ec7u qu\u1ea3 \u0111\u00e1ng tin c\u1eady.<\/p>\n<h3>Gi\u1edbi thi\u1ec7u v\u1ec1 FMP<\/h3>\n<p>FMP l\u00e0 c\u00f4ng ty chuy\u00ean s\u1ea3n xu\u1ea5t v\u00e0 kinh doanh xi lanh th\u1ee7y l\u1ef1c. Ch\u00fang t\u00f4i cam k\u1ebft cung c\u1ea5p cho kh\u00e1ch h\u00e0ng xi lanh th\u1ee7y l\u1ef1c ch\u1ea5t l\u01b0\u1ee3ng cao v\u00e0 \u0111\u00e1ng tin c\u1eady cho nhi\u1ec1u lo\u1ea1i m\u00e1y m\u00f3c x\u00e2y d\u1ef1ng. V\u1edbi nhi\u1ec1u n\u0103m kinh nghi\u1ec7m trong ng\u00e0nh v\u00e0 \u0111\u1ed9i ng\u0169 chuy\u00ean nghi\u1ec7p, ch\u00fang t\u00f4i cung c\u1ea5p c\u00e1c s\u1ea3n ph\u1ea9m v\u00e0 d\u1ecbch v\u1ee5 v\u01b0\u1ee3t tr\u1ed9i \u0111\u1ec3 \u0111\u00e1p \u1ee9ng nhu c\u1ea7u c\u1ee7a kh\u00e1ch h\u00e0ng.<\/p>\n<p><strong>1. Nhi\u1ec1u lo\u1ea1i xi lanh th\u1ee7y l\u1ef1c:<\/strong> D\u00f2ng s\u1ea3n ph\u1ea9m c\u1ee7a ch\u00fang t\u00f4i bao g\u1ed3m nhi\u1ec1u lo\u1ea1i xi lanh th\u1ee7y l\u1ef1c, ch\u1eb3ng h\u1ea1n nh\u01b0 xi lanh ki\u1ec3u ch\u1ed1t \u0111i\u1ec1u ch\u1ec9nh, xi lanh d\u1ea1ng \u1ed1ng l\u1ed3ng v\u00e0 xi lanh t\u00e1c \u0111\u1ed9ng k\u00e9p. Ch\u00fang t\u00f4i cung c\u1ea5p c\u00e1c gi\u1ea3i ph\u00e1p cho nhi\u1ec1u lo\u1ea1i m\u00e1y m\u00f3c x\u00e2y d\u1ef1ng kh\u00e1c nhau, \u0111\u1ea3m b\u1ea3o t\u00ednh t\u01b0\u01a1ng th\u00edch v\u00e0 hi\u1ec7u qu\u1ea3 trong nhi\u1ec1u \u1ee9ng d\u1ee5ng kh\u00e1c nhau.<\/p>\n<p><strong>2. Ch\u1ea5t l\u01b0\u1ee3ng v\u01b0\u1ee3t tr\u1ed9i:<\/strong> T\u1ea1i FMP, ch\u00fang t\u00f4i \u01b0u ti\u00ean ch\u1ea5t l\u01b0\u1ee3ng s\u1ea3n ph\u1ea9m. Ch\u00fang t\u00f4i thi\u1ebft l\u1eadp m\u1ed1i quan h\u1ec7 h\u1ee3p t\u00e1c l\u00e2u d\u00e0i v\u00e0 \u1ed5n \u0111\u1ecbnh v\u1edbi c\u00e1c nh\u00e0 cung c\u1ea5p ch\u1ea5t l\u01b0\u1ee3ng cao \u0111\u1ec3 \u0111\u1ea3m b\u1ea3o t\u1ea5t c\u1ea3 xi lanh th\u1ee7y l\u1ef1c ch\u00fang t\u00f4i cung c\u1ea5p \u0111\u1ec1u \u0111\u00e1p \u1ee9ng c\u00e1c ti\u00eau chu\u1ea9n ch\u1ea5t l\u01b0\u1ee3ng nghi\u00eam ng\u1eb7t. Cam k\u1ebft v\u1ec1 ch\u1ea5t l\u01b0\u1ee3ng c\u1ee7a ch\u00fang t\u00f4i \u0111\u1ea3m b\u1ea3o \u0111\u1ed9 b\u1ec1n, \u0111\u1ed9 tin c\u1eady v\u00e0 hi\u1ec7u su\u1ea5t t\u1ed1i \u01b0u.<\/p>\n<p><strong>3. \u0110\u1ed9i ng\u0169 b\u00e1n h\u00e0ng chuy\u00ean nghi\u1ec7p:<\/strong> Ch\u00fang t\u00f4i s\u1edf h\u1eefu \u0111\u1ed9i ng\u0169 b\u00e1n h\u00e0ng gi\u00e0u kinh nghi\u1ec7m v\u00e0 k\u1ef9 n\u0103ng, am hi\u1ec3u s\u00e2u s\u1eafc xu h\u01b0\u1edbng ph\u00e1t tri\u1ec3n v\u00e0 nhu c\u1ea7u c\u1ee7a kh\u00e1ch h\u00e0ng trong ng\u00e0nh m\u00e1y m\u00f3c x\u00e2y d\u1ef1ng. H\u1ecd c\u00f3 th\u1ec3 t\u01b0 v\u1ea5n s\u1ea3n ph\u1ea9m chuy\u00ean nghi\u1ec7p v\u00e0 \u0111\u01b0a ra nh\u1eefng g\u1ee3i \u00fd mua h\u00e0ng th\u00f4ng minh, gi\u00fap kh\u00e1ch h\u00e0ng \u0111\u01b0a ra quy\u1ebft \u0111\u1ecbnh s\u00e1ng su\u1ed1t.<\/p>\n<p><strong>4. Ph\u00e2n ph\u1ed1i h\u1eadu c\u1ea7n hi\u1ec7u qu\u1ea3:<\/strong> Ch\u00fang t\u00f4i hi\u1ec3u t\u1ea7m quan tr\u1ecdng c\u1ee7a vi\u1ec7c giao h\u00e0ng \u0111\u00fang h\u1ea1n. FMP c\u00f3 h\u1ec7 th\u1ed1ng ph\u00e2n ph\u1ed1i h\u1eadu c\u1ea7n hi\u1ec7u qu\u1ea3 \u0111\u1ec3 \u0111\u1ea3m b\u1ea3o kh\u00e1ch h\u00e0ng nh\u1eadn \u0111\u01b0\u1ee3c xi lanh th\u1ee7y l\u1ef1c theo y\u00eau c\u1ea7u m\u1ed9t c\u00e1ch k\u1ecbp th\u1eddi v\u00e0 ch\u00ednh x\u00e1c. Ch\u00fang t\u00f4i lu\u00f4n \u0111\u1eb7t s\u1ef1 h\u00e0i l\u00f2ng c\u1ee7a kh\u00e1ch h\u00e0ng l\u00ean h\u00e0ng \u0111\u1ea7u v\u00e0 n\u1ed7 l\u1ef1c \u0111\u00e1p \u1ee9ng k\u1ef3 v\u1ecdng giao h\u00e0ng c\u1ee7a h\u1ecd.<\/p>\n<p><strong>5. Cam k\u1ebft mang l\u1ea1i th\u00e0nh c\u00f4ng cho kh\u00e1ch h\u00e0ng:<\/strong> T\u1ea1i FMP, ch\u00fang t\u00f4i tin t\u01b0\u1edfng v\u00e0o vi\u1ec7c x\u00e2y d\u1ef1ng m\u1ed1i quan h\u1ec7 \u0111\u1ed1i t\u00e1c l\u00e2u d\u00e0i v\u1edbi kh\u00e1ch h\u00e0ng. Ch\u00fang t\u00f4i t\u1eadn t\u00e2m v\u00ec s\u1ef1 th\u00e0nh c\u00f4ng v\u00e0 h\u00e0i l\u00f2ng c\u1ee7a kh\u00e1ch h\u00e0ng. \u0110\u1ed9i ng\u0169 c\u1ee7a ch\u00fang t\u00f4i cam k\u1ebft cung c\u1ea5p d\u1ecbch v\u1ee5 kh\u00e1ch h\u00e0ng xu\u1ea5t s\u1eafc, gi\u1ea3i quy\u1ebft m\u1ecdi th\u1eafc m\u1eafc ho\u1eb7c y\u00eau c\u1ea7u m\u1ed9t c\u00e1ch nhanh ch\u00f3ng, v\u00e0 \u0111\u1ea3m b\u1ea3o tr\u1ea3i nghi\u1ec7m mua s\u1eafm su\u00f4n s\u1ebb v\u00e0 th\u00fa v\u1ecb trong su\u1ed1t qu\u00e1 tr\u00ecnh.<\/p>\n<p><img decoding=\"async\" src=\"https:\/\/fmp-components.com\/wp-content\/uploads\/2024\/12\/Adjustable-Clevis-Type-Cylinders-6.webp\" alt=\"Xi lanh lo\u1ea1i Clevis c\u00f3 th\u1ec3 \u0111i\u1ec1u ch\u1ec9nh\" width=\"811\" title=\"\"><\/p>\n<h2>C\u00e2u h\u1ecfi th\u01b0\u1eddng g\u1eb7p<\/h2>\n<h3>Q: B\u1ea1n l\u00e0 c\u00f4ng ty th\u01b0\u01a1ng m\u1ea1i hay nh\u00e0 s\u1ea3n xu\u1ea5t?<\/h3>\n<p>A: Ch\u00fang t\u00f4i l\u00e0 m\u1ed9t nh\u00e0 m\u00e1y.<\/p>\n<h3>Q: Th\u1eddi gian giao h\u00e0ng c\u1ee7a b\u1ea1n l\u00e0 bao l\u00e2u?<\/h3>\n<p>A: Th\u00f4ng th\u01b0\u1eddng l\u00e0 25-35 ng\u00e0y.<\/p>\n<h3>H: B\u1ea1n c\u00f3 cung c\u1ea5p m\u1eabu th\u1eed kh\u00f4ng? M\u1eabu mi\u1ec5n ph\u00ed hay th\u00eam?<\/h3>\n<p>A: C\u00f3, ch\u00fang t\u00f4i c\u00f3 th\u1ec3 cung c\u1ea5p m\u1eabu nh\u01b0ng kh\u00f4ng mi\u1ec5n ph\u00ed.<\/p>\n<p>T\u00e1c gi\u1ea3: CX<\/p>","protected":false},"excerpt":{"rendered":"<p>Customized Mini Two Way Hydraulic Piston Cylinder for Snow Plow The Customized Mini Two Way Hydraulic Piston Cylinder for Snow Plow is a top-of-the-line product designed for efficient snow plowing operations. This high-quality hydraulic piston cylinder offers exceptional performance and reliability, making it an ideal choice for snow plow applications. With its compact size and [&hellip;]<\/p>","protected":false},"featured_media":1467,"comment_status":"closed","ping_status":"closed","template":"","meta":{"_et_pb_use_builder":"","_et_pb_old_content":"","_et_gb_content_width":""},"product_brand":[],"product_cat":[42],"product_tag":[34,44],"class_list":{"0":"post-1466","1":"product","2":"type-product","3":"status-publish","4":"has-post-thumbnail","6":"product_cat-snow-plow-hydraulic-cylinder","7":"product_tag-hydraulic-cylinder","8":"product_tag-snow-plow-hydraulic-cylinder","10":"first","11":"instock","12":"product-type-simple"},"_links":{"self":[{"href":"https:\/\/fmp-components.com\/vi\/wp-json\/wp\/v2\/product\/1466","targetHints":{"allow":["GET"]}}],"collection":[{"href":"https:\/\/fmp-components.com\/vi\/wp-json\/wp\/v2\/product"}],"about":[{"href":"https:\/\/fmp-components.com\/vi\/wp-json\/wp\/v2\/types\/product"}],"replies":[{"embeddable":true,"href":"https:\/\/fmp-components.com\/vi\/wp-json\/wp\/v2\/comments?post=1466"}],"wp:featuredmedia":[{"embeddable":true,"href":"https:\/\/fmp-components.com\/vi\/wp-json\/wp\/v2\/media\/1467"}],"wp:attachment":[{"href":"https:\/\/fmp-components.com\/vi\/wp-json\/wp\/v2\/media?parent=1466"}],"wp:term":[{"taxonomy":"product_brand","embeddable":true,"href":"https:\/\/fmp-components.com\/vi\/wp-json\/wp\/v2\/product_brand?post=1466"},{"taxonomy":"product_cat","embeddable":true,"href":"https:\/\/fmp-components.com\/vi\/wp-json\/wp\/v2\/product_cat?post=1466"},{"taxonomy":"product_tag","embeddable":true,"href":"https:\/\/fmp-components.com\/vi\/wp-json\/wp\/v2\/product_tag?post=1466"}],"curies":[{"name":"wp","href":"https:\/\/api.w.org\/{rel}","templated":true}]}}