{"id":1464,"date":"2024-12-23T05:49:26","date_gmt":"2024-12-23T05:49:26","guid":{"rendered":"https:\/\/fmp-components.com\/product\/superior-quality-mini-two-way-hydraulic-piston-cylinder\/"},"modified":"2024-12-23T06:29:50","modified_gmt":"2024-12-23T06:29:50","slug":"superior-quality-mini-two-way-hydraulic-piston-cylinder","status":"publish","type":"product","link":"https:\/\/fmp-components.com\/vi\/product\/superior-quality-mini-two-way-hydraulic-piston-cylinder\/","title":{"rendered":"Xi lanh piston th\u1ee7y l\u1ef1c hai chi\u1ec1u mini ch\u1ea5t l\u01b0\u1ee3ng cao"},"content":{"rendered":"<p>Xi lanh th\u1ee7y l\u1ef1c hai chi\u1ec1u mini ch\u1ea5t l\u01b0\u1ee3ng cao Xi lanh th\u1ee7y l\u1ef1c hai chi\u1ec1u mini ch\u1ea5t l\u01b0\u1ee3ng cao l\u00e0 s\u1ea3n ph\u1ea9m h\u00e0ng \u0111\u1ea7u \u0111\u01b0\u1ee3c thi\u1ebft k\u1ebf \u0111\u1ec3 \u0111\u1ea1t hi\u1ec7u su\u1ea5t v\u00e0 \u0111\u1ed9 b\u1ec1n t\u1ed1i \u01b0u. Xi lanh th\u1ee7y l\u1ef1c n\u00e0y \u0111\u01b0\u1ee3c ch\u1ebf t\u1ea1o b\u1eb1ng v\u1eadt li\u1ec7u ch\u1ea5t l\u01b0\u1ee3ng cao v\u00e0 k\u1ef9 thu\u1eadt ch\u00ednh x\u00e1c \u0111\u1ec3 \u0111\u1ea3m b\u1ea3o ho\u1ea1t \u0111\u1ed9ng \u0111\u00e1ng tin c\u1eady v\u00e0 nh\u1ea5t qu\u00e1n ngay c\u1ea3 trong nh\u1eefng \u1ee9ng d\u1ee5ng kh\u1eaft khe nh\u1ea5t.<\/p>\n<p>Xy lanh piston c\u00f3 thi\u1ebft k\u1ebf nh\u1ecf g\u1ecdn, d\u1ec5 l\u1eafp \u0111\u1eb7t v\u00e0 s\u1eed d\u1ee5ng kh\u00f4ng gian hi\u1ec7u qu\u1ea3. C\u01a1 ch\u1ebf ho\u1ea1t \u0111\u1ed9ng hai chi\u1ec1u mang l\u1ea1i kh\u1ea3 n\u0103ng ki\u1ec3m so\u00e1t v\u00e0 \u0111\u1ed9 ch\u00ednh x\u00e1c v\u01b0\u1ee3t tr\u1ed9i, l\u00fd t\u01b0\u1edfng cho nhi\u1ec1u \u1ee9ng d\u1ee5ng c\u00f4ng nghi\u1ec7p v\u00e0 th\u01b0\u01a1ng m\u1ea1i.<\/p>\n<p>B\u00ean c\u1ea1nh hi\u1ec7u su\u1ea5t v\u01b0\u1ee3t tr\u1ed9i, Xy lanh th\u1ee7y l\u1ef1c hai chi\u1ec1u Mini Superior Quality c\u00f2n \u0111\u01b0\u1ee3c thi\u1ebft k\u1ebf ch\u00fa tr\u1ecdng \u0111\u1ebfn an to\u00e0n. C\u00e1c t\u00ednh n\u0103ng ti\u00ean ti\u1ebfn v\u00e0 c\u1ea5u tr\u00fac ch\u1eafc ch\u1eafn \u0111\u1ea3m b\u1ea3o s\u1ea3n ph\u1ea9m c\u00f3 th\u1ec3 ch\u1ecbu \u0111\u01b0\u1ee3c ngay c\u1ea3 nh\u1eefng \u0111i\u1ec1u ki\u1ec7n kh\u1eafc nghi\u1ec7t nh\u1ea5t v\u00e0 duy tr\u00ec hi\u1ec7u su\u1ea5t t\u1ed1i \u01b0u trong th\u1eddi gian d\u00e0i.<\/p>\n<p>Nh\u00ecn chung, Xi lanh th\u1ee7y l\u1ef1c piston hai chi\u1ec1u Mini ch\u1ea5t l\u01b0\u1ee3ng cao mang l\u1ea1i gi\u00e1 tr\u1ecb v\u00e0 hi\u1ec7u su\u1ea5t v\u01b0\u1ee3t tr\u1ed9i cho b\u1ea5t k\u1ef3 \u1ee9ng d\u1ee5ng n\u00e0o \u0111\u00f2i h\u1ecfi ngu\u1ed3n th\u1ee7y l\u1ef1c \u0111\u00e1ng tin c\u1eady v\u00e0 hi\u1ec7u qu\u1ea3. Cho d\u00f9 b\u1ea1n \u0111ang l\u00e0m vi\u1ec7c trong l\u0129nh v\u1ef1c s\u1ea3n xu\u1ea5t, x\u00e2y d\u1ef1ng hay b\u1ea5t k\u1ef3 ng\u00e0nh c\u00f4ng nghi\u1ec7p n\u00e0o kh\u00e1c \u0111\u00f2i h\u1ecfi thi\u1ebft b\u1ecb th\u1ee7y l\u1ef1c ch\u1ea5t l\u01b0\u1ee3ng cao, xi lanh piston n\u00e0y l\u00e0 l\u1ef1a ch\u1ecdn ho\u00e0n h\u1ea3o d\u00e0nh cho b\u1ea1n. Tr\u1ea3i nghi\u1ec7m hi\u1ec7u su\u1ea5t v\u01b0\u1ee3t tr\u1ed9i v\u1edbi Xi lanh th\u1ee7y l\u1ef1c piston hai chi\u1ec1u Mini m\u1edbi c\u1ee7a ch\u00fang t\u00f4i. S\u1ea3n ph\u1ea9m h\u00e0ng \u0111\u1ea7u n\u00e0y mang \u0111\u1ebfn ch\u1ea5t l\u01b0\u1ee3ng v\u01b0\u1ee3t tr\u1ed9i v\u00e0 \u0111\u01b0\u1ee3c thi\u1ebft k\u1ebf \u0111\u1ec3 \u0111\u00e1p \u1ee9ng c\u00e1c y\u00eau c\u1ea7u c\u00f4ng nghi\u1ec7p kh\u00e1c nhau. Xi lanh piston th\u1ee7y l\u1ef1c c\u1ee7a ch\u00fang t\u00f4i \u0111\u01b0\u1ee3c thi\u1ebft k\u1ebf \u0111\u1ec3 cung c\u1ea5p d\u1ecbch v\u1ee5 \u0111\u00e1ng tin c\u1eady v\u00e0 \u0111\u1ed9 b\u1ec1n v\u01b0\u1ee3t tr\u1ed9i, khi\u1ebfn n\u00f3 tr\u1edf th\u00e0nh m\u1ed9t th\u00e0nh ph\u1ea7n thi\u1ebft y\u1ebfu cho c\u00e1c x\u01b0\u1edfng s\u1eeda ch\u1eefa m\u00e1y m\u00f3c, trang tr\u1ea1i, ng\u00e0nh n\u0103ng l\u01b0\u1ee3ng &amp; khai th\u00e1c m\u1ecf, s\u1ea3n xu\u1ea5t m\u00e1y m\u00f3c v\u00e0 nh\u00e0 m\u00e1y c\u01a1 kh\u00ed.<\/p>\n<h2>T\u00ednh n\u0103ng s\u1ea3n ph\u1ea9m<\/h2>\n<h3>Ch\u1ea5t l\u01b0\u1ee3ng cao v\u00e0 b\u1ec1n b\u1ec9<\/h3>\n<p>Xy lanh piston th\u1ee7y l\u1ef1c c\u1ee7a ch\u00fang t\u00f4i \u0111\u01b0\u1ee3c ch\u1ebf t\u1ea1o b\u1eb1ng v\u1eadt li\u1ec7u th\u00e2n th\u00e9p cao c\u1ea5p, \u0111\u1ea3m b\u1ea3o \u0111\u1ed9 b\u1ec1n v\u00e0 hi\u1ec7u su\u1ea5t m\u1ea1nh m\u1ebd. S\u1ea3n ph\u1ea9m c\u00f3 kh\u1ea3 n\u0103ng \u0111\u1ea9y v\u00e0 k\u00e9o t\u1ed1i \u0111a l\u1ea7n l\u01b0\u1ee3t l\u00e0 3000 v\u00e0 20 t\u1ea5n, l\u00e0 m\u1ed9t c\u00f4ng c\u1ee5 hi\u1ec7u qu\u1ea3 v\u00e0 m\u1ea1nh m\u1ebd cho c\u00e1c ho\u1ea1t \u0111\u1ed9ng h\u1ea1ng n\u1eb7ng.<\/p>\n<h3>Th\u00f4ng s\u1ed1 k\u1ef9 thu\u1eadt ti\u00eau chu\u1ea9n<\/h3>\n<p>S\u1ea3n ph\u1ea9m \u0111\u01b0\u1ee3c thi\u1ebft k\u1ebf theo th\u00f4ng s\u1ed1 k\u1ef9 thu\u1eadt ti\u00eau chu\u1ea9n, \u0111\u1ea3m b\u1ea3o kh\u1ea3 n\u0103ng t\u01b0\u01a1ng th\u00edch d\u1ec5 d\u00e0ng v\u1edbi nhi\u1ec1u \u1ee9ng d\u1ee5ng kh\u00e1c nhau. S\u1ea3n ph\u1ea9m c\u00f3 k\u00edch th\u01b0\u1edbc l\u1ed7 khoan t\u1eeb 2 \u0111\u1ebfn 6 inch, k\u00edch th\u01b0\u1edbc thanh t\u1eeb 1,125 \u0111\u1ebfn 4 inch, h\u00e0nh tr\u00ecnh t\u1eeb 4 \u0111\u1ebfn 100 inch v\u00e0 k\u00edch th\u01b0\u1edbc ch\u1ed1t t\u1eeb 0,5 \u0111\u1ebfn 2 inch. S\u1ea3n ph\u1ea9m c\u00f2n c\u00f3 m\u00e0u \u0111en b\u00f3ng b\u1ea9y, t\u1ea1o n\u00ean v\u1ebb ngo\u00e0i b\u1eaft m\u1eaft b\u00ean c\u1ea1nh ch\u1ee9c n\u0103ng v\u01b0\u1ee3t tr\u1ed9i.<\/p>\n<h3>\u0110\u1ea3m b\u1ea3o ch\u1ea5t l\u01b0\u1ee3ng<\/h3>\n<p>Xi lanh piston th\u1ee7y l\u1ef1c c\u1ee7a ch\u00fang t\u00f4i \u0111\u01b0\u1ee3c ch\u1ee9ng nh\u1eadn ISO9001:2000, \u0111\u1ea3m b\u1ea3o ch\u1ea5t l\u01b0\u1ee3ng v\u01b0\u1ee3t tr\u1ed9i v\u00e0 \u0111\u1ed9 tin c\u1eady cao. Ch\u00fang t\u00f4i cung c\u1ea5p ch\u1ebf \u0111\u1ed9 b\u1ea3o h\u00e0nh 1 n\u0103m cho s\u1ea3n ph\u1ea9m v\u00e0 c\u00e1c linh ki\u1ec7n c\u1ed1t l\u00f5i, mang \u0111\u1ebfn s\u1ef1 an t\u00e2m cho kh\u00e1ch h\u00e0ng.<\/p>\n<p><img decoding=\"async\" title=\"Xi lanh th\u1ee7y l\u1ef1c m\u00e1y c\u00e0y tuy\u1ebft\" src=\"https:\/\/hzpt.com\/wp-content\/uploads\/2023\/11\/Snow-Plow-Hydraulic-Cylinder-2.webp\" alt=\"Xi lanh th\u1ee7y l\u1ef1c m\u00e1y c\u00e0y tuy\u1ebft\" \/><\/p>\n<h2>\u01afu \u0111i\u1ec3m c\u1ee7a xi lanh lo\u1ea1i ch\u1ed1t c\u00f3 th\u1ec3 \u0111i\u1ec1u ch\u1ec9nh<\/h2>\n<p>Xi lanh lo\u1ea1i ch\u1ed1t \u0111i\u1ec1u ch\u1ec9nh, ch\u1eb3ng h\u1ea1n nh\u01b0 Xi lanh th\u1ee7y l\u1ef1c hai chi\u1ec1u Mini ch\u1ea5t l\u01b0\u1ee3ng cao, mang l\u1ea1i nhi\u1ec1u \u01b0u \u0111i\u1ec3m n\u1ed5i b\u1eadt trong nhi\u1ec1u \u1ee9ng d\u1ee5ng kh\u00e1c nhau. Nh\u1eefng xi lanh n\u00e0y c\u00f3 thi\u1ebft k\u1ebf v\u00e0 ch\u1ee9c n\u0103ng \u0111\u1ed9c \u0111\u00e1o, t\u1ea1o n\u00ean s\u1ef1 kh\u00e1c bi\u1ec7t so v\u1edbi xi lanh th\u1ee7y l\u1ef1c th\u00f4ng th\u01b0\u1eddng. Trong b\u00e0i vi\u1ebft n\u00e0y, ch\u00fang ta s\u1ebd t\u00ecm hi\u1ec3u chi ti\u1ebft v\u1ec1 nh\u1eefng \u01b0u \u0111i\u1ec3m n\u00e0y, \u0111\u1ed3ng th\u1eddi l\u00e0m n\u1ed5i b\u1eadt nh\u1eefng l\u1ee3i \u00edch m\u00e0 ch\u00fang mang l\u1ea1i cho c\u00e1c ng\u00e0nh c\u00f4ng nghi\u1ec7p v\u00e0 \u1ee9ng d\u1ee5ng kh\u00e1c nhau.<\/p>\n<h3>1. T\u00ednh linh ho\u1ea1t v\u00e0 kh\u1ea3 n\u0103ng t\u00f9y ch\u1ec9nh \u0111\u01b0\u1ee3c n\u00e2ng cao<\/h3>\n<p>M\u1ed9t trong nh\u1eefng \u01b0u \u0111i\u1ec3m ch\u00ednh c\u1ee7a xi lanh lo\u1ea1i ch\u1ed1t \u0111i\u1ec1u ch\u1ec9nh \u0111\u01b0\u1ee3c l\u00e0 t\u00ednh linh ho\u1ea1t v\u00e0 kh\u1ea3 n\u0103ng t\u00f9y ch\u1ec9nh \u0111\u01b0\u1ee3c c\u1ea3i thi\u1ec7n. Kh\u00f4ng gi\u1ed1ng nh\u01b0 xi lanh ti\u00eau chu\u1ea9n, c\u00e1c xi lanh n\u00e0y c\u00f3 gi\u00e1 \u0111\u1ee1 ch\u1ed1t \u0111i\u1ec1u ch\u1ec9nh \u0111\u01b0\u1ee3c, cho ph\u00e9p l\u1eafp \u0111\u1eb7t v\u00e0 th\u00e1o r\u1eddi d\u1ec5 d\u00e0ng. T\u00ednh n\u0103ng n\u00e0y cho ph\u00e9p \u0111i\u1ec1u ch\u1ec9nh nhanh ch\u00f3ng v\u00e0 d\u1ec5 d\u00e0ng v\u1ecb tr\u00ed, chi\u1ec1u d\u00e0i v\u00e0 h\u01b0\u1edbng c\u1ee7a xi lanh, mang l\u1ea1i t\u00ednh linh ho\u1ea1t cao h\u01a1n trong c\u00e1c \u1ee9ng d\u1ee5ng kh\u00e1c nhau.<\/p>\n<p>V\u1edbi Xi lanh th\u1ee7y l\u1ef1c hai chi\u1ec1u mini ch\u1ea5t l\u01b0\u1ee3ng cao, ng\u01b0\u1eddi d\u00f9ng c\u00f3 th\u1ec3 d\u1ec5 d\u00e0ng \u0111i\u1ec1u ch\u1ec9nh gi\u00e1 \u0111\u1ee1 ch\u1ed1t \u0111\u1ec3 ph\u00f9 h\u1ee3p v\u1edbi c\u00e1c y\u00eau c\u1ea7u c\u1ee5 th\u1ec3. T\u00ednh linh ho\u1ea1t n\u00e0y gi\u00fap xi lanh ph\u00f9 h\u1ee3p v\u1edbi nhi\u1ec1u \u1ee9ng d\u1ee5ng, bao g\u1ed3m m\u00e1y m\u00f3c c\u00f4ng nghi\u1ec7p, thi\u1ebft b\u1ecb n\u00f4ng nghi\u1ec7p v\u00e0 xe x\u00e2y d\u1ef1ng.<\/p>\n<h3>2. Kh\u1ea3 n\u0103ng x\u1eed l\u00fd t\u1ea3i \u0111\u01b0\u1ee3c c\u1ea3i thi\u1ec7n<\/h3>\n<p>Xi lanh lo\u1ea1i ch\u1ed1t \u0111i\u1ec1u ch\u1ec9nh c\u0169ng mang l\u1ea1i kh\u1ea3 n\u0103ng x\u1eed l\u00fd t\u1ea3i t\u1ed1t h\u01a1n so v\u1edbi xi lanh truy\u1ec1n th\u1ed1ng. Thi\u1ebft k\u1ebf c\u1ee7a c\u00e1c xi lanh n\u00e0y \u0111\u1ea3m b\u1ea3o truy\u1ec1n l\u1ef1c hi\u1ec7u qu\u1ea3, cho ph\u00e9p x\u1eed l\u00fd t\u1ea3i tr\u1ecdng n\u1eb7ng m\u1ed9t c\u00e1ch hi\u1ec7u qu\u1ea3. Piston b\u00ean trong xi lanh mang l\u1ea1i chuy\u1ec3n \u0111\u1ed9ng m\u01b0\u1ee3t m\u00e0, \u0111\u1ea3m b\u1ea3o ki\u1ec3m so\u00e1t ch\u00ednh x\u00e1c v\u00e0 \u1ed5n \u0111\u1ecbnh trong qu\u00e1 tr\u00ecnh v\u1eadn h\u00e0nh.<\/p>\n<p>Xi lanh th\u1ee7y l\u1ef1c piston hai chi\u1ec1u mini ch\u1ea5t l\u01b0\u1ee3ng cao \u0111\u01b0\u1ee3c thi\u1ebft k\u1ebf v\u1edbi v\u1eadt li\u1ec7u ch\u1ea5t l\u01b0\u1ee3ng cao v\u00e0 k\u1ef9 thu\u1eadt ch\u1ebf t\u1ea1o ti\u00ean ti\u1ebfn, t\u1ea1o n\u00ean m\u1ed9t xi lanh ch\u1eafc ch\u1eafn v\u00e0 b\u1ec1n b\u1ec9, c\u00f3 kh\u1ea3 n\u0103ng ch\u1ecbu t\u1ea3i tr\u1ecdng n\u1eb7ng m\u1ed9t c\u00e1ch d\u1ec5 d\u00e0ng. \u0110i\u1ec1u n\u00e0y khi\u1ebfn n\u00f3 tr\u1edf th\u00e0nh l\u1ef1a ch\u1ecdn l\u00fd t\u01b0\u1edfng cho c\u00e1c \u1ee9ng d\u1ee5ng \u0111\u00f2i h\u1ecfi kh\u1ea3 n\u0103ng x\u1eed l\u00fd t\u1ea3i tr\u1ecdng \u0111\u00e1ng tin c\u1eady v\u00e0 hi\u1ec7u qu\u1ea3, ch\u1eb3ng h\u1ea1n nh\u01b0 thi\u1ebft b\u1ecb x\u1eed l\u00fd v\u1eadt li\u1ec7u v\u00e0 h\u1ec7 th\u1ed1ng n\u00e2ng h\u1ea1.<\/p>\n<h3>3. Hi\u1ec7u su\u1ea5t v\u00e0 hi\u1ec7u qu\u1ea3 t\u1ed1i \u01b0u<\/h3>\n<p>M\u1ed9t \u01b0u \u0111i\u1ec3m \u0111\u00e1ng k\u1ec3 kh\u00e1c c\u1ee7a xi lanh lo\u1ea1i ch\u1ed1t \u0111i\u1ec1u ch\u1ec9nh l\u00e0 kh\u1ea3 n\u0103ng mang l\u1ea1i hi\u1ec7u su\u1ea5t v\u00e0 hi\u1ec7u qu\u1ea3 t\u1ed1i \u01b0u. C\u00e1c xi lanh n\u00e0y \u0111\u01b0\u1ee3c thi\u1ebft k\u1ebf \u0111\u1ec3 gi\u1ea3m thi\u1ec3u t\u1ed5n th\u1ea5t n\u0103ng l\u01b0\u1ee3ng v\u00e0 t\u1ed1i \u0111a h\u00f3a c\u00f4ng su\u1ea5t \u0111\u1ea7u ra, \u0111\u1ea3m b\u1ea3o v\u1eadn h\u00e0nh hi\u1ec7u qu\u1ea3 v\u00e0 gi\u1ea3m chi ph\u00ed v\u1eadn h\u00e0nh.<\/p>\n<p>Xi lanh th\u1ee7y l\u1ef1c piston hai chi\u1ec1u mini ch\u1ea5t l\u01b0\u1ee3ng cao t\u00edch h\u1ee3p c\u00f4ng ngh\u1ec7 th\u1ee7y l\u1ef1c ti\u00ean ti\u1ebfn, bao g\u1ed3m \u0111i\u1ec1u khi\u1ec3n van ch\u00ednh x\u00e1c v\u00e0 qu\u1ea3n l\u00fd l\u01b0u l\u01b0\u1ee3ng ch\u1ea5t l\u1ecfng hi\u1ec7u qu\u1ea3. \u0110i\u1ec1u n\u00e0y gi\u00fap c\u1ea3i thi\u1ec7n hi\u1ec7u su\u1ea5t t\u1ed5ng th\u1ec3 c\u1ee7a h\u1ec7 th\u1ed1ng, gi\u1ea3m ma s\u00e1t v\u00e0 n\u00e2ng cao hi\u1ec7u su\u1ea5t n\u0103ng l\u01b0\u1ee3ng. Nh\u1edd \u0111\u00f3, c\u00e1c xi lanh n\u00e0y \u0111\u01b0\u1ee3c s\u1eed d\u1ee5ng r\u1ed9ng r\u00e3i trong c\u00e1c \u1ee9ng d\u1ee5ng \u0111\u00f2i h\u1ecfi h\u1ec7 th\u1ed1ng th\u1ee7y l\u1ef1c hi\u1ec7u su\u1ea5t cao v\u00e0 ti\u1ebft ki\u1ec7m n\u0103ng l\u01b0\u1ee3ng, ch\u1eb3ng h\u1ea1n nh\u01b0 t\u1ef1 \u0111\u1ed9ng h\u00f3a s\u1ea3n xu\u1ea5t v\u00e0 m\u00e1y m\u00f3c c\u00f4ng nghi\u1ec7p.<\/p>\n<h3>4. T\u00ednh linh ho\u1ea1t trong c\u00e1c t\u00f9y ch\u1ecdn l\u1eafp \u0111\u1eb7t<\/h3>\n<p>Xi lanh lo\u1ea1i ch\u1ed1t \u0111i\u1ec1u ch\u1ec9nh mang l\u1ea1i s\u1ef1 linh ho\u1ea1t trong c\u00e1c t\u00f9y ch\u1ecdn l\u1eafp \u0111\u1eb7t, cho ph\u00e9p t\u00edch h\u1ee3p li\u1ec1n m\u1ea1ch v\u00e0o nhi\u1ec1u h\u1ec7 th\u1ed1ng v\u00e0 c\u1ea5u tr\u00fac kh\u00e1c nhau. C\u00e1c xi lanh n\u00e0y c\u00f3 th\u1ec3 \u0111\u01b0\u1ee3c l\u1eafp theo chi\u1ec1u d\u1ecdc, chi\u1ec1u ngang ho\u1eb7c b\u1ea5t k\u1ef3 g\u00f3c mong mu\u1ed1n n\u00e0o, t\u00f9y thu\u1ed9c v\u00e0o y\u00eau c\u1ea7u \u1ee9ng d\u1ee5ng c\u1ee5 th\u1ec3.<\/p>\n<p>Xi lanh th\u1ee7y l\u1ef1c piston hai chi\u1ec1u mini ch\u1ea5t l\u01b0\u1ee3ng cao \u0111i k\u00e8m v\u1edbi nhi\u1ec1u ph\u1ee5 ki\u1ec7n v\u00e0 t\u00f9y ch\u1ecdn l\u1eafp \u0111\u1eb7t, \u0111\u1ea3m b\u1ea3o d\u1ec5 d\u00e0ng l\u1eafp \u0111\u1eb7t v\u00e0 t\u01b0\u01a1ng th\u00edch v\u1edbi nhi\u1ec1u h\u1ec7 th\u1ed1ng kh\u00e1c nhau. T\u00ednh linh ho\u1ea1t n\u00e0y gi\u00fap xi lanh ph\u00f9 h\u1ee3p v\u1edbi nhi\u1ec1u ng\u00e0nh c\u00f4ng nghi\u1ec7p, bao g\u1ed3m \u00f4 t\u00f4, h\u00e0ng kh\u00f4ng v\u0169 tr\u1ee5 v\u00e0 h\u00e0ng h\u1ea3i.<\/p>\n<p>T\u00f3m l\u1ea1i, xi lanh ki\u1ec3u ch\u1ed1t \u0111i\u1ec1u ch\u1ec9nh, \u0111i\u1ec3n h\u00ecnh l\u00e0 Xi lanh th\u1ee7y l\u1ef1c hai chi\u1ec1u Mini ch\u1ea5t l\u01b0\u1ee3ng cao, mang l\u1ea1i nhi\u1ec1u \u01b0u \u0111i\u1ec3m v\u1ec1 t\u00ednh linh ho\u1ea1t, kh\u1ea3 n\u0103ng ch\u1ecbu t\u1ea3i, hi\u1ec7u su\u1ea5t v\u00e0 t\u00ednh \u0111a d\u1ee5ng. Nh\u1eefng xi lanh n\u00e0y r\u1ea5t \u0111\u01b0\u1ee3c \u01b0a chu\u1ed9ng trong nhi\u1ec1u ng\u00e0nh c\u00f4ng nghi\u1ec7p nh\u1edd thi\u1ebft k\u1ebf v\u00e0 ch\u1ee9c n\u0103ng \u0111\u1ed9c \u0111\u00e1o. Cho d\u00f9 l\u00e0 m\u00e1y m\u00f3c c\u00f4ng nghi\u1ec7p, thi\u1ebft b\u1ecb x\u1eed l\u00fd v\u1eadt li\u1ec7u hay b\u1ea5t k\u1ef3 \u1ee9ng d\u1ee5ng n\u00e0o kh\u00e1c \u0111\u00f2i h\u1ecfi h\u1ec7 th\u1ed1ng th\u1ee7y l\u1ef1c \u0111\u00e1ng tin c\u1eady v\u00e0 hi\u1ec7u qu\u1ea3, xi lanh ki\u1ec3u ch\u1ed1t \u0111i\u1ec1u ch\u1ec9nh \u0111\u1ec1u l\u00e0 m\u1ed9t l\u1ef1a ch\u1ecdn tuy\u1ec7t v\u1eddi.<\/p>\n<h3>Gi\u1edbi thi\u1ec7u v\u1ec1 FMP \u2013 Xi lanh th\u1ee7y l\u1ef1c ch\u1ea5t l\u01b0\u1ee3ng cao d\u00e0nh cho m\u00e1y m\u00f3c x\u00e2y d\u1ef1ng<\/h3>\n<p>B\u1ea1n \u0111ang t\u00ecm ki\u1ebfm xi lanh th\u1ee7y l\u1ef1c ch\u1ea5t l\u01b0\u1ee3ng cao cho m\u00e1y m\u00f3c x\u00e2y d\u1ef1ng c\u1ee7a m\u00ecnh? H\u00e3y \u0111\u1ebfn v\u1edbi FMP, m\u1ed9t c\u00f4ng ty h\u00e0ng \u0111\u1ea7u c\u00f3 tr\u1ee5 s\u1edf t\u1ea1i \u00dd chuy\u00ean b\u00e1n v\u00e0 b\u1ea3o d\u01b0\u1ee1ng ph\u1ee5 t\u00f9ng m\u00e1y m\u00f3c x\u00e2y d\u1ef1ng v\u00e0 m\u00e1y m\u00f3c ho\u00e0n ch\u1ec9nh.<\/p>\n<p>T\u1ea1i FMP, ch\u00fang t\u00f4i cam k\u1ebft cung c\u1ea5p cho kh\u00e1ch h\u00e0ng c\u00e1c gi\u1ea3i ph\u00e1p \u0111\u00e1ng tin c\u1eady v\u00e0 hi\u1ec7u qu\u1ea3 cho nhu c\u1ea7u m\u00e1y m\u00f3c x\u00e2y d\u1ef1ng c\u1ee7a h\u1ecd. Danh m\u1ee5c s\u1ea3n ph\u1ea9m c\u1ee7a ch\u00fang t\u00f4i bao g\u1ed3m \u0111a d\u1ea1ng c\u00e1c lo\u1ea1i m\u00e1y m\u00f3c x\u00e2y d\u1ef1ng, h\u1ed9p s\u1ed1 m\u00e1y n\u00f4ng nghi\u1ec7p, h\u1ed9p s\u1ed1 h\u00e0nh tinh, h\u1ed9p s\u1ed1 c\u00f4ng nghi\u1ec7p v\u00e0 c\u00e1c ph\u1ee5 ki\u1ec7n cao c\u1ea5p ph\u00f9 h\u1ee3p.<\/p>\n<p>Sau \u0111\u00e2y l\u00e0 m\u1ed9t s\u1ed1 l\u1ee3i \u00edch khi l\u1ef1a ch\u1ecdn FMP cho nhu c\u1ea7u xi lanh th\u1ee7y l\u1ef1c c\u1ee7a b\u1ea1n:<\/p>\n<p>1. S\u1ea3n ph\u1ea9m ch\u1ea5t l\u01b0\u1ee3ng cao: T\u1ea5t c\u1ea3 s\u1ea3n ph\u1ea9m c\u1ee7a ch\u00fang t\u00f4i \u0111\u1ec1u c\u00f3 ngu\u1ed3n g\u1ed1c t\u1eeb c\u00e1c nh\u00e0 cung c\u1ea5p ch\u1ea5t l\u01b0\u1ee3ng cao, \u0111\u1ea3m b\u1ea3o r\u1eb1ng kh\u00e1ch h\u00e0ng c\u1ee7a ch\u00fang t\u00f4i ch\u1ec9 nh\u1eadn \u0111\u01b0\u1ee3c nh\u1eefng s\u1ea3n ph\u1ea9m ch\u1ea5t l\u01b0\u1ee3ng t\u1ed1t nh\u1ea5t \u0111\u00e1p \u1ee9ng c\u00e1c ti\u00eau chu\u1ea9n ch\u1ea5t l\u01b0\u1ee3ng nghi\u00eam ng\u1eb7t.<\/p>\n<p>2. \u0110\u1ed9i ng\u0169 chuy\u00ean nghi\u1ec7p: \u0110\u1ed9i ng\u0169 b\u00e1n h\u00e0ng gi\u00e0u kinh nghi\u1ec7m v\u00e0 chuy\u00ean nghi\u1ec7p c\u1ee7a ch\u00fang t\u00f4i am hi\u1ec3u xu h\u01b0\u1edbng ph\u00e1t tri\u1ec3n v\u00e0 nhu c\u1ea7u c\u1ee7a kh\u00e1ch h\u00e0ng trong ng\u00e0nh m\u00e1y m\u00f3c x\u00e2y d\u1ef1ng, c\u00f3 th\u1ec3 cung c\u1ea5p t\u01b0 v\u1ea5n s\u1ea3n ph\u1ea9m to\u00e0n di\u1ec7n v\u00e0 \u0111\u1ec1 xu\u1ea5t mua h\u00e0ng th\u00f4ng minh.<\/p>\n<p>3. H\u1ec7 th\u1ed1ng ph\u00e2n ph\u1ed1i h\u1eadu c\u1ea7n hi\u1ec7u qu\u1ea3: Ch\u00fang t\u00f4i c\u00f3 h\u1ec7 th\u1ed1ng ph\u00e2n ph\u1ed1i h\u1eadu c\u1ea7n hi\u1ec7u qu\u1ea3 \u0111\u1ea3m b\u1ea3o giao h\u00e0ng \u0111\u00fang th\u1eddi h\u1ea1n v\u00e0 ch\u00ednh x\u00e1c cho kh\u00e1ch h\u00e0ng.<\/p>\n<p>4. Gi\u00e1 c\u1ea3 c\u1ea1nh tranh: Ch\u00fang t\u00f4i cung c\u1ea5p gi\u00e1 c\u1ea3 c\u1ea1nh tranh cho s\u1ea3n ph\u1ea9m m\u00e0 kh\u00f4ng \u1ea3nh h\u01b0\u1edfng \u0111\u1ebfn ch\u1ea5t l\u01b0\u1ee3ng.<\/p>\n<p>5. T\u00f9y ch\u1ec9nh: Ch\u00fang t\u00f4i cung c\u1ea5p c\u00e1c t\u00f9y ch\u1ecdn t\u00f9y ch\u1ec9nh cho xi lanh th\u1ee7y l\u1ef1c \u0111\u1ec3 \u0111\u00e1p \u1ee9ng nhu c\u1ea7u ri\u00eang bi\u1ec7t c\u1ee7a kh\u00e1ch h\u00e0ng.<\/p>\n<p>C\u00e1c lo\u1ea1i xi lanh th\u1ee7y l\u1ef1c c\u1ee7a ch\u00fang t\u00f4i, ch\u1eb3ng h\u1ea1n nh\u01b0 Xi lanh lo\u1ea1i Clevis \u0111i\u1ec1u ch\u1ec9nh (h\u00ecnh b\u00ean d\u01b0\u1edbi), ho\u00e0n h\u1ea3o cho nhi\u1ec1u \u1ee9ng d\u1ee5ng m\u00e1y m\u00f3c x\u00e2y d\u1ef1ng. V\u1edbi cam k\u1ebft v\u1ec1 ch\u1ea5t l\u01b0\u1ee3ng v\u00e0 s\u1ef1 h\u00e0i l\u00f2ng c\u1ee7a kh\u00e1ch h\u00e0ng, b\u1ea1n c\u00f3 th\u1ec3 tin t\u01b0\u1edfng FMP cho m\u1ecdi nhu c\u1ea7u v\u1ec1 xi lanh th\u1ee7y l\u1ef1c c\u1ee7a m\u00ecnh.<\/p>\n<p><img decoding=\"async\" src=\"https:\/\/fmp-components.com\/wp-content\/uploads\/2024\/12\/Adjustable-Clevis-Type-Cylinders-6.webp\" alt=\"Xi lanh lo\u1ea1i Clevis c\u00f3 th\u1ec3 \u0111i\u1ec1u ch\u1ec9nh\" width=\"810\" title=\"\"><\/p>\n<h2>C\u00e2u h\u1ecfi th\u01b0\u1eddng g\u1eb7p<\/h2>\n<ol>\n<li style=\"list-style-type: none;\">\n<ol>\n<li>H: B\u1ea1n l\u00e0 c\u00f4ng ty th\u01b0\u01a1ng m\u1ea1i hay nh\u00e0 s\u1ea3n xu\u1ea5t? \u0110\u00e1p: Ch\u00fang t\u00f4i l\u00e0 nh\u00e0 m\u00e1y.<\/li>\n<li>H: Th\u1eddi gian giao h\u00e0ng c\u1ee7a b\u1ea1n l\u00e0 bao l\u00e2u? \u0110: Th\u00f4ng th\u01b0\u1eddng l\u00e0 25-35 ng\u00e0y.<\/li>\n<li>H: B\u1ea1n c\u00f3 cung c\u1ea5p m\u1eabu kh\u00f4ng? M\u1eabu mi\u1ec5n ph\u00ed hay c\u00f3 t\u00ednh ph\u00ed? \u0110: C\u00f3, ch\u00fang t\u00f4i c\u00f3 th\u1ec3 cung c\u1ea5p m\u1eabu nh\u01b0ng kh\u00f4ng mi\u1ec5n ph\u00ed.<\/li>\n<\/ol>\n<\/li>\n<\/ol>\n<ol>\n<li><img decoding=\"async\" title=\"Xi lanh th\u1ee7y l\u1ef1c m\u00e1y c\u00e0y tuy\u1ebft\" src=\"https:\/\/hzpt.com\/wp-content\/uploads\/2023\/11\/Snow-Plow-Hydraulic-Cylinder-1.webp\" alt=\"Xi lanh th\u1ee7y l\u1ef1c m\u00e1y c\u00e0y tuy\u1ebft\" \/><\/li>\n<\/ol>\n<p>T\u00e1c gi\u1ea3: CX<\/p>","protected":false},"excerpt":{"rendered":"<p>Superior Quality Mini Two Way Hydraulic Piston CylinderThe Superior Quality Mini Two Way Hydraulic Piston Cylinder is a top-of-the-line product designed for optimal performance and durability. This hydraulic cylinder is built with high-quality materials and precision engineering to ensure reliable and consistent operation in even the most demanding applications. The piston cylinder features a compact [&hellip;]<\/p>","protected":false},"featured_media":1465,"comment_status":"closed","ping_status":"closed","template":"","meta":{"_et_pb_use_builder":"","_et_pb_old_content":"","_et_gb_content_width":""},"product_brand":[],"product_cat":[42],"product_tag":[34,44],"class_list":{"0":"post-1464","1":"product","2":"type-product","3":"status-publish","4":"has-post-thumbnail","6":"product_cat-snow-plow-hydraulic-cylinder","7":"product_tag-hydraulic-cylinder","8":"product_tag-snow-plow-hydraulic-cylinder","10":"first","11":"instock","12":"product-type-simple"},"_links":{"self":[{"href":"https:\/\/fmp-components.com\/vi\/wp-json\/wp\/v2\/product\/1464","targetHints":{"allow":["GET"]}}],"collection":[{"href":"https:\/\/fmp-components.com\/vi\/wp-json\/wp\/v2\/product"}],"about":[{"href":"https:\/\/fmp-components.com\/vi\/wp-json\/wp\/v2\/types\/product"}],"replies":[{"embeddable":true,"href":"https:\/\/fmp-components.com\/vi\/wp-json\/wp\/v2\/comments?post=1464"}],"wp:featuredmedia":[{"embeddable":true,"href":"https:\/\/fmp-components.com\/vi\/wp-json\/wp\/v2\/media\/1465"}],"wp:attachment":[{"href":"https:\/\/fmp-components.com\/vi\/wp-json\/wp\/v2\/media?parent=1464"}],"wp:term":[{"taxonomy":"product_brand","embeddable":true,"href":"https:\/\/fmp-components.com\/vi\/wp-json\/wp\/v2\/product_brand?post=1464"},{"taxonomy":"product_cat","embeddable":true,"href":"https:\/\/fmp-components.com\/vi\/wp-json\/wp\/v2\/product_cat?post=1464"},{"taxonomy":"product_tag","embeddable":true,"href":"https:\/\/fmp-components.com\/vi\/wp-json\/wp\/v2\/product_tag?post=1464"}],"curies":[{"name":"wp","href":"https:\/\/api.w.org\/{rel}","templated":true}]}}