{"id":1462,"date":"2024-12-23T05:49:26","date_gmt":"2024-12-23T05:49:26","guid":{"rendered":"https:\/\/fmp-components.com\/product\/premium-quality-mini-two-way-hydraulic-piston-cylinder-for-snow-plow\/"},"modified":"2024-12-23T06:45:59","modified_gmt":"2024-12-23T06:45:59","slug":"premium-quality-mini-two-way-hydraulic-piston-cylinder-for-snow-plow","status":"publish","type":"product","link":"https:\/\/fmp-components.com\/vi\/product\/premium-quality-mini-two-way-hydraulic-piston-cylinder-for-snow-plow\/","title":{"rendered":"Xi lanh piston th\u1ee7y l\u1ef1c hai chi\u1ec1u mini ch\u1ea5t l\u01b0\u1ee3ng cao d\u00e0nh cho m\u00e1y c\u00e0y tuy\u1ebft"},"content":{"rendered":"<h2>Xi lanh piston th\u1ee7y l\u1ef1c hai chi\u1ec1u mini ch\u1ea5t l\u01b0\u1ee3ng cao d\u00e0nh cho m\u00e1y c\u00e0y tuy\u1ebft<\/h2>\n<p>Xi lanh th\u1ee7y l\u1ef1c hai chi\u1ec1u mini ch\u1ea5t l\u01b0\u1ee3ng cao d\u00e0nh cho m\u00e1y c\u00e0y tuy\u1ebft l\u00e0 d\u1ee5ng c\u1ee5 thi\u1ebft y\u1ebfu cho m\u1ecdi nhu c\u1ea7u c\u00e0y tuy\u1ebft. Xi lanh th\u1ee7y l\u1ef1c ch\u1ea5t l\u01b0\u1ee3ng cao n\u00e0y \u0111\u01b0\u1ee3c thi\u1ebft k\u1ebf \u0111\u1eb7c bi\u1ec7t \u0111\u1ec3 mang l\u1ea1i hi\u1ec7u su\u1ea5t tuy\u1ec7t v\u1eddi trong \u0111i\u1ec1u ki\u1ec7n m\u00f9a \u0111\u00f4ng kh\u1eafc nghi\u1ec7t.<\/p>\n<p>\u0110\u01b0\u1ee3c l\u00e0m t\u1eeb v\u1eadt li\u1ec7u ch\u1ea5t l\u01b0\u1ee3ng cao, xi lanh th\u1ee7y l\u1ef1c n\u00e0y \u0111\u01b0\u1ee3c ch\u1ebf t\u1ea1o \u0111\u1ec3 ch\u1ecbu \u0111\u01b0\u1ee3c nh\u1eefng \u0111i\u1ec1u ki\u1ec7n th\u1eddi ti\u1ebft kh\u1eafc nghi\u1ec7t nh\u1ea5t, \u0111\u1ea3m b\u1ea3o \u0111\u1ed9 b\u1ec1n v\u00e0 \u0111\u1ed9 tin c\u1eady t\u1ed1i \u0111a. Thi\u1ebft k\u1ebf hai chi\u1ec1u c\u1ee7a xi lanh cho ph\u00e9p v\u1eadn h\u00e0nh tr\u01a1n tru v\u00e0 hi\u1ec7u qu\u1ea3, d\u1ec5 s\u1eed d\u1ee5ng cho c\u1ea3 m\u1ee5c \u0111\u00edch c\u00e0y tuy\u1ebft th\u01b0\u01a1ng m\u1ea1i v\u00e0 d\u00e2n d\u1ee5ng.<\/p>\n<p>Xi lanh piston c\u0169ng \u0111\u01b0\u1ee3c thi\u1ebft k\u1ebf \u0111\u1ec3 cung c\u1ea5p c\u00f4ng su\u1ea5t v\u00e0 hi\u1ec7u su\u1ea5t t\u1ed1i \u0111a, cho ph\u00e9p b\u1ea1n d\u1ecdn tuy\u1ebft nhanh ch\u00f3ng v\u00e0 hi\u1ec7u qu\u1ea3. V\u1edbi k\u00edch th\u01b0\u1edbc nh\u1ecf g\u1ecdn v\u00e0 thi\u1ebft k\u1ebf nh\u1eb9, s\u1ea3n ph\u1ea9m d\u1ec5 d\u00e0ng v\u1eadn chuy\u1ec3n v\u00e0 c\u1ea5t gi\u1eef, tr\u1edf th\u00e0nh m\u1ed9t c\u00f4ng c\u1ee5 ti\u1ec7n l\u1ee3i \u0111\u1ec3 b\u1ea1n mang theo b\u1ea5t c\u1ee9 khi n\u00e0o c\u1ea7n.<\/p>\n<p>Nh\u00ecn chung, Xi lanh th\u1ee7y l\u1ef1c hai chi\u1ec1u mini ch\u1ea5t l\u01b0\u1ee3ng cao d\u00e0nh cho m\u00e1y c\u00e0y tuy\u1ebft l\u00e0 m\u1ed9t kho\u1ea3n \u0111\u1ea7u t\u01b0 tuy\u1ec7t v\u1eddi cho b\u1ea5t k\u1ef3 ai c\u1ea7n m\u1ed9t d\u1ee5ng c\u1ee5 c\u00e0y tuy\u1ebft \u0111\u00e1ng tin c\u1eady v\u00e0 b\u1ec1n b\u1ec9. C\u1ea5u tr\u00fac ch\u1ea5t l\u01b0\u1ee3ng cao, v\u1eadn h\u00e0nh hi\u1ec7u qu\u1ea3 v\u00e0 hi\u1ec7u su\u1ea5t v\u01b0\u1ee3t tr\u1ed9i khi\u1ebfn n\u00f3 tr\u1edf th\u00e0nh l\u1ef1a ch\u1ecdn ho\u00e0n h\u1ea3o cho m\u1ecdi nhu c\u1ea7u c\u00e0y tuy\u1ebft.<\/p>\n<h2>Gi\u1edbi thi\u1ec7u Xi lanh piston th\u1ee7y l\u1ef1c hai chi\u1ec1u mini d\u00e0nh cho m\u00e1y c\u00e0y tuy\u1ebft<\/h2>\n<p>Xin gi\u1edbi thi\u1ec7u xi lanh piston th\u1ee7y l\u1ef1c hai chi\u1ec1u mini \u0111\u01b0\u1ee3c thi\u1ebft k\u1ebf tuy\u1ec7t v\u1eddi d\u00e0nh cho m\u00e1y c\u00e0y tuy\u1ebft. S\u1ea3n ph\u1ea9m ch\u1ea5t l\u01b0\u1ee3ng cao n\u00e0y \u0111\u01b0\u1ee3c thi\u1ebft k\u1ebf v\u00e0 ph\u00e1t tri\u1ec3n v\u1edbi \u0111\u1ed9 ch\u00ednh x\u00e1c cao nh\u1ea5t \u0111\u1ec3 \u0111\u1ea3m b\u1ea3o \u0111\u1ed9 tin c\u1eady cao v\u00e0 hi\u1ec7u su\u1ea5t v\u01b0\u1ee3t tr\u1ed9i. V\u1edbi thi\u1ebft k\u1ebf m\u1ea1nh m\u1ebd v\u00e0 h\u1ec7 th\u1ed1ng th\u1ee7y l\u1ef1c, xi lanh piston n\u00e0y ho\u00e0n h\u1ea3o cho c\u00e1c ho\u1ea1t \u0111\u1ed9ng c\u00e0y tuy\u1ebft h\u1ea1ng n\u1eb7ng trong \u0111i\u1ec1u ki\u1ec7n kh\u00ed h\u1eadu kh\u1eafc nghi\u1ec7t nh\u1ea5t.<\/p>\n<h2>T\u00ednh n\u0103ng s\u1ea3n ph\u1ea9m<\/h2>\n<p>Xy lanh piston th\u1ee7y l\u1ef1c hai chi\u1ec1u mini c\u00f3 th\u00e2n b\u1eb1ng th\u00e9p v\u00e0 c\u1ea5u tr\u00fac ti\u00eau chu\u1ea9n, cung c\u1ea5p l\u1ef1c \u0111\u1ea9y t\u1ed1i \u0111a 3000 v\u00e0 l\u1ef1c k\u00e9o t\u1ed1i \u0111a 20 t\u1ea5n. S\u1ea3n ph\u1ea9m c\u00f3 \u0111\u01b0\u1eddng k\u00ednh l\u1ed7 t\u1eeb 5 \u0111\u1ebfn 15 cm, \u0111\u01b0\u1eddng k\u00ednh c\u1ea7n t\u1eeb 2,125 \u0111\u1ebfn 10 cm, h\u00e0nh tr\u00ecnh t\u1eeb 10 \u0111\u1ebfn 25 cm v\u00e0 ch\u1ed1t t\u1eeb 0,5 \u0111\u1ebfn 5 cm. S\u1ea3n ph\u1ea9m n\u00e0y \u0111\u01b0\u1ee3c ch\u1ee9ng nh\u1eadn ISO 9001:2000, \u0111\u1ea3m b\u1ea3o ch\u1ea5t l\u01b0\u1ee3ng v\u00e0 \u0111\u1ed9 tin c\u1eady. \u0110\u00e2y l\u00e0 s\u1ea3n ph\u1ea9m m\u1edbi d\u1ef1 ki\u1ebfn \u200b\u200bra m\u1eaft v\u00e0o n\u0103m 2023.<\/p>\n<h2>B\u1ea3o tr\u00ec v\u00e0 Ch\u0103m s\u00f3c<\/h2>\n<p>Xi lanh piston th\u1ee7y l\u1ef1c n\u00e0y \u0111\u01b0\u1ee3c thi\u1ebft k\u1ebf \u0111\u1ec3 gi\u1ea3m thi\u1ec3u b\u1ea3o tr\u00ec. Tuy nhi\u00ean, khuy\u1ebfn ngh\u1ecb ki\u1ec3m tra th\u01b0\u1eddng xuy\u00ean \u0111\u1ec3 \u0111\u1ea3m b\u1ea3o hi\u1ec7u su\u1ea5t t\u1ed1i \u01b0u. C\u00e1c b\u1ed9 ph\u1eadn c\u1ed1t l\u00f5i c\u1ee7a s\u1ea3n ph\u1ea9m, bao g\u1ed3m \u1ed5 tr\u1ee5c v\u00e0 xi lanh th\u1ee7y l\u1ef1c, \u0111\u01b0\u1ee3c b\u1ea3o h\u00e0nh 1 n\u0103m. S\u1ea3n ph\u1ea9m c\u0169ng \u0111i k\u00e8m b\u00e1o c\u00e1o th\u1eed nghi\u1ec7m m\u00e1y m\u00f3c v\u00e0 video ki\u1ec3m tra xu\u1ea5t x\u01b0\u1edfng \u0111\u1ec3 \u0111\u1ea3m b\u1ea3o ch\u1ea5t l\u01b0\u1ee3ng.<\/p>\n<h2>\u01afu \u0111i\u1ec3m c\u1ee7a xi lanh lo\u1ea1i ch\u1ed1t c\u00f3 th\u1ec3 \u0111i\u1ec1u ch\u1ec9nh<\/h2>\n<p>Xi lanh lo\u1ea1i ch\u1ed1t \u0111i\u1ec1u ch\u1ec9nh, ch\u1eb3ng h\u1ea1n nh\u01b0 Xi lanh th\u1ee7y l\u1ef1c hai chi\u1ec1u mini ch\u1ea5t l\u01b0\u1ee3ng cao d\u00e0nh cho m\u00e1y c\u00e0y tuy\u1ebft, mang l\u1ea1i nhi\u1ec1u \u01b0u \u0111i\u1ec3m \u0111\u00e1ng ch\u00fa \u00fd trong nhi\u1ec1u \u1ee9ng d\u1ee5ng kh\u00e1c nhau. Nh\u1eefng xi lanh n\u00e0y \u0111\u01b0\u1ee3c thi\u1ebft k\u1ebf ch\u00ednh x\u00e1c v\u00e0 c\u00f4ng ngh\u1ec7 ti\u00ean ti\u1ebfn \u0111\u1ec3 mang l\u1ea1i hi\u1ec7u su\u1ea5t v\u00e0 tu\u1ed5i th\u1ecd v\u01b0\u1ee3t tr\u1ed9i. Trong b\u00e0i vi\u1ebft n\u00e0y, ch\u00fang ta s\u1ebd t\u00ecm hi\u1ec3u nh\u1eefng \u01b0u \u0111i\u1ec3m c\u1ee7a xi lanh lo\u1ea1i ch\u1ed1t \u0111i\u1ec1u ch\u1ec9nh v\u00e0 th\u1ea3o lu\u1eadn v\u1ec1 c\u00e1c t\u00ednh n\u0103ng \u0111\u1ed9c \u0111\u00e1o khi\u1ebfn ch\u00fang tr\u1edf th\u00e0nh l\u1ef1a ch\u1ecdn \u01b0u ti\u00ean cho nhi\u1ec1u ng\u00e0nh c\u00f4ng nghi\u1ec7p.<\/p>\n<h3>1. T\u0103ng c\u01b0\u1eddng t\u00ednh linh ho\u1ea1t v\u00e0 kh\u1ea3 n\u0103ng th\u00edch \u1ee9ng<\/h3>\n<p>M\u1ed9t trong nh\u1eefng \u01b0u \u0111i\u1ec3m n\u1ed5i b\u1eadt c\u1ee7a xi lanh lo\u1ea1i ch\u1ed1t \u0111i\u1ec1u ch\u1ec9nh l\u00e0 kh\u1ea3 n\u0103ng linh ho\u1ea1t v\u00e0 th\u00edch \u1ee9ng cao. C\u00e1c xi lanh n\u00e0y c\u00f3 gi\u00e1 \u0111\u1ee1 ch\u1ed1t, cho ph\u00e9p d\u1ec5 d\u00e0ng \u0111i\u1ec1u ch\u1ec9nh v\u00e0 g\u1eafn v\u00e0o c\u00e1c thi\u1ebft b\u1ecb ho\u1eb7c m\u00e1y m\u00f3c kh\u00e1c nhau. T\u00ednh linh ho\u1ea1t n\u00e0y cho ph\u00e9p ch\u00fang \u0111\u01b0\u1ee3c s\u1eed d\u1ee5ng trong nhi\u1ec1u \u1ee9ng d\u1ee5ng kh\u00e1c nhau, ch\u1eb3ng h\u1ea1n nh\u01b0 m\u00e1y c\u00e0y tuy\u1ebft, m\u00e1y m\u00f3c n\u00f4ng nghi\u1ec7p, thi\u1ebft b\u1ecb x\u00e2y d\u1ef1ng, v.v.<\/p>\n<h3>2. Ki\u1ec3m so\u00e1t ch\u00ednh x\u00e1c v\u00e0 \u0111\u00e1ng tin c\u1eady<\/h3>\n<p>Xi lanh lo\u1ea1i ch\u1ed1t \u0111i\u1ec1u ch\u1ec9nh \u0111\u01b0\u1ee3c bi\u1ebft \u0111\u1ebfn v\u1edbi kh\u1ea3 n\u0103ng ki\u1ec3m so\u00e1t v\u00e0 \u0111\u1ed9 ch\u00ednh x\u00e1c v\u01b0\u1ee3t tr\u1ed9i. V\u1edbi h\u1ec7 th\u1ed1ng th\u1ee7y l\u1ef1c ti\u00ean ti\u1ebfn v\u00e0 k\u1ef9 thu\u1eadt ch\u00ednh x\u00e1c, nh\u1eefng xi lanh n\u00e0y mang l\u1ea1i kh\u1ea3 n\u0103ng ki\u1ec3m so\u00e1t \u0111\u00e1ng tin c\u1eady v\u00e0 ch\u00ednh x\u00e1c \u0111\u1ed1i v\u1edbi chuy\u1ec3n \u0111\u1ed9ng v\u00e0 l\u1ef1c t\u00e1c d\u1ee5ng. M\u1ee9c \u0111\u1ed9 ki\u1ec3m so\u00e1t n\u00e0y r\u1ea5t quan tr\u1ecdng trong c\u00e1c \u1ee9ng d\u1ee5ng \u0111\u00f2i h\u1ecfi \u0111\u1ed9 ch\u00ednh x\u00e1c, ch\u1eb3ng h\u1ea1n nh\u01b0 trong c\u00e1c nhi\u1ec7m v\u1ee5 n\u00f4ng nghi\u1ec7p nh\u01b0 tr\u1ed3ng tr\u1ecdt ho\u1eb7c thu ho\u1ea1ch, n\u01a1i c\u1ea7n ki\u1ec3m so\u00e1t ch\u00ednh x\u00e1c \u0111\u1ed9 s\u00e2u v\u00e0 v\u1ecb tr\u00ed.<\/p>\n<h3>3. \u0110\u1ed9 b\u1ec1n v\u00e0 tu\u1ed5i th\u1ecd cao<\/h3>\n<p>\u0110\u01b0\u1ee3c thi\u1ebft k\u1ebf v\u1edbi v\u1eadt li\u1ec7u ch\u1ea5t l\u01b0\u1ee3ng cao v\u00e0 k\u1ef9 thu\u1eadt s\u1ea3n xu\u1ea5t ti\u00ean ti\u1ebfn, xi lanh lo\u1ea1i ch\u1ed1t \u0111i\u1ec1u ch\u1ec9nh c\u00f3 \u0111\u1ed9 b\u1ec1n v\u00e0 tu\u1ed5i th\u1ecd v\u01b0\u1ee3t tr\u1ed9i. Nh\u1eefng xi lanh n\u00e0y c\u00f3 th\u1ec3 ch\u1ecbu \u0111\u01b0\u1ee3c t\u1ea3i tr\u1ecdng n\u1eb7ng, nhi\u1ec7t \u0111\u1ed9 kh\u1eafc nghi\u1ec7t v\u00e0 \u0111i\u1ec1u ki\u1ec7n l\u00e0m vi\u1ec7c kh\u1eafc nghi\u1ec7t m\u00e0 kh\u00f4ng \u1ea3nh h\u01b0\u1edfng \u0111\u1ebfn hi\u1ec7u su\u1ea5t. Vi\u1ec7c s\u1eed d\u1ee5ng ph\u1edbt v\u00e0 linh ki\u1ec7n ch\u1ea5t l\u01b0\u1ee3ng cao \u0111\u1ea3m b\u1ea3o gi\u1ea3m thi\u1ec3u hao m\u00f2n, gi\u1ea3m nhu c\u1ea7u b\u1ea3o tr\u00ec ho\u1eb7c thay th\u1ebf th\u01b0\u1eddng xuy\u00ean.<\/p>\n<p><img decoding=\"async\" title=\"Xi lanh th\u1ee7y l\u1ef1c m\u00e1y c\u00e0y tuy\u1ebft\" src=\"https:\/\/hzpt.com\/wp-content\/uploads\/2023\/11\/Snow-Plow-Hydraulic-Cylinder-1.webp\" alt=\"Xi lanh th\u1ee7y l\u1ef1c m\u00e1y c\u00e0y tuy\u1ebft\" \/><\/p>\n<h3>4. Hi\u1ec7u su\u1ea5t v\u00e0 hi\u1ec7u qu\u1ea3 t\u1ed1i \u01b0u<\/h3>\n<p>Xi lanh lo\u1ea1i ch\u1ed1t \u0111i\u1ec1u ch\u1ec9nh \u0111\u01b0\u1ee3c thi\u1ebft k\u1ebf \u0111\u1ec3 mang l\u1ea1i hi\u1ec7u su\u1ea5t v\u00e0 hi\u1ec7u qu\u1ea3 t\u1ed1i \u01b0u. H\u1ec7 th\u1ed1ng th\u1ee7y l\u1ef1c \u0111\u1ea3m b\u1ea3o v\u1eadn h\u00e0nh tr\u01a1n tru v\u00e0 hi\u1ec7u qu\u1ea3, gi\u1ea3m thi\u1ec3u l\u00e3ng ph\u00ed n\u0103ng l\u01b0\u1ee3ng v\u00e0 t\u1ed1i \u0111a h\u00f3a n\u0103ng su\u1ea5t. Kh\u1ea3 n\u0103ng ki\u1ec3m so\u00e1t ch\u00ednh x\u00e1c chuy\u1ec3n \u0111\u1ed9ng v\u00e0 l\u1ef1c t\u00e1c \u0111\u1ed9ng c\u1ee7a c\u00e1c xi lanh n\u00e0y cho ph\u00e9p s\u1eed d\u1ee5ng hi\u1ec7u qu\u1ea3 ngu\u1ed3n l\u1ef1c, ti\u1ebft ki\u1ec7m chi ph\u00ed v\u00e0 c\u1ea3i thi\u1ec7n hi\u1ec7u su\u1ea5t t\u1ed5ng th\u1ec3.<\/p>\n<h3>5. An to\u00e0n v\u00e0 \u0111\u1ed9 tin c\u1eady<\/h3>\n<p>\u0110\u1ea3m b\u1ea3o an to\u00e0n v\u00e0 \u0111\u1ed9 tin c\u1eady l\u00e0 \u0111i\u1ec1u t\u1ed1i quan tr\u1ecdng trong b\u1ea5t k\u1ef3 \u1ee9ng d\u1ee5ng c\u00f4ng nghi\u1ec7p n\u00e0o. Xi lanh lo\u1ea1i ch\u1ed1t \u0111i\u1ec1u ch\u1ec9nh \u0111\u01b0\u1ee3c thi\u1ebft k\u1ebf v\u1edbi c\u00e1c t\u00ednh n\u0103ng an to\u00e0n nh\u01b0 van gi\u1ea3m \u00e1p v\u00e0 c\u01a1 ch\u1ebf b\u1ea3o v\u1ec7 qu\u00e1 t\u1ea3i. Nh\u1eefng xi lanh n\u00e0y tr\u1ea3i qua qu\u00e1 tr\u00ecnh ki\u1ec3m tra ch\u1ea5t l\u01b0\u1ee3ng v\u00e0 th\u1eed nghi\u1ec7m nghi\u00eam ng\u1eb7t \u0111\u1ec3 \u0111\u1ea3m b\u1ea3o \u0111\u1ed9 tin c\u1eady v\u00e0 tu\u00e2n th\u1ee7 c\u00e1c ti\u00eau chu\u1ea9n c\u00f4ng nghi\u1ec7p, mang l\u1ea1i s\u1ef1 an t\u00e2m cho ng\u01b0\u1eddi s\u1eed d\u1ee5ng.<\/p>\n<p>T\u00f3m l\u1ea1i, c\u00e1c lo\u1ea1i xi lanh ki\u1ec3u ch\u1ed1t \u0111i\u1ec1u ch\u1ec9nh, ch\u1eb3ng h\u1ea1n nh\u01b0 Xi lanh th\u1ee7y l\u1ef1c hai chi\u1ec1u mini ch\u1ea5t l\u01b0\u1ee3ng cao d\u00e0nh cho m\u00e1y c\u00e0y tuy\u1ebft, mang l\u1ea1i nhi\u1ec1u \u01b0u \u0111i\u1ec3m v\u1ec1 t\u00ednh linh ho\u1ea1t, kh\u1ea3 n\u0103ng ki\u1ec3m so\u00e1t, \u0111\u1ed9 b\u1ec1n, hi\u1ec7u su\u1ea5t v\u00e0 \u0111\u1ed9 an to\u00e0n. Thi\u1ebft k\u1ebf \u0111\u1ed9c \u0111\u00e1o v\u00e0 c\u00e1c t\u00ednh n\u0103ng ti\u00ean ti\u1ebfn gi\u00fap ch\u00fang tr\u1edf th\u00e0nh l\u1ef1a ch\u1ecdn \u01b0u ti\u00ean cho nhi\u1ec1u ng\u00e0nh c\u00f4ng nghi\u1ec7p kh\u00e1c nhau. D\u00f9 l\u00e0 m\u00e1y c\u00e0y tuy\u1ebft, m\u00e1y m\u00f3c n\u00f4ng nghi\u1ec7p hay thi\u1ebft b\u1ecb x\u00e2y d\u1ef1ng, nh\u1eefng xi lanh n\u00e0y \u0111\u1ec1u mang l\u1ea1i hi\u1ec7u su\u1ea5t, tu\u1ed5i th\u1ecd v\u00e0 kh\u1ea3 n\u0103ng th\u00edch \u1ee9ng v\u01b0\u1ee3t tr\u1ed9i, l\u00fd t\u01b0\u1edfng cho c\u00e1c \u1ee9ng d\u1ee5ng \u0111\u00f2i h\u1ecfi kh\u1eaft khe.<\/p>\n<h3>Gi\u1edbi thi\u1ec7u v\u1ec1 FMP \u2013 B\u00e1n v\u00e0 b\u1ea3o d\u01b0\u1ee1ng chuy\u00ean nghi\u1ec7p c\u00e1c b\u1ed9 ph\u1eadn m\u00e1y m\u00f3c x\u00e2y d\u1ef1ng v\u00e0 m\u00e1y m\u00f3c ho\u00e0n ch\u1ec9nh<\/h3>\n<p>FMP l\u00e0 m\u1ed9t c\u00f4ng ty h\u00e0ng \u0111\u1ea7u c\u00f3 tr\u1ee5 s\u1edf t\u1ea1i \u00dd, chuy\u00ean kinh doanh v\u00e0 b\u1ea3o tr\u00ec ph\u1ee5 t\u00f9ng m\u00e1y m\u00f3c x\u00e2y d\u1ef1ng v\u00e0 m\u00e1y m\u00f3c ho\u00e0n ch\u1ec9nh. V\u1edbi nhi\u1ec1u n\u0103m kinh nghi\u1ec7m trong ng\u00e0nh v\u00e0 \u0111\u1ed9i ng\u0169 chuy\u00ean nghi\u1ec7p, ch\u00fang t\u00f4i cung c\u1ea5p cho kh\u00e1ch h\u00e0ng c\u00e1c gi\u1ea3i ph\u00e1p ch\u1ea5t l\u01b0\u1ee3ng cao v\u00e0 \u0111\u00e1ng tin c\u1eady.<\/p>\n<h3>Xi lanh th\u1ee7y l\u1ef1c \u2013 S\u1ea3n ph\u1ea9m ch\u1ea5t l\u01b0\u1ee3ng h\u00e0ng \u0111\u1ea7u c\u1ee7a ch\u00fang t\u00f4i<\/h3>\n<p>M\u1ed9t trong nh\u1eefng s\u1ea3n ph\u1ea9m ch\u1ea5t l\u01b0\u1ee3ng h\u00e0ng \u0111\u1ea7u c\u1ee7a ch\u00fang t\u00f4i l\u00e0 Xi lanh th\u1ee7y l\u1ef1c. D\u01b0\u1edbi \u0111\u00e2y l\u00e0 m\u1ed9t s\u1ed1 l\u00fd do t\u1ea1i sao b\u1ea1n n\u00ean ch\u1ecdn FMP cho nhu c\u1ea7u xi lanh th\u1ee7y l\u1ef1c c\u1ee7a m\u00ecnh:<\/p>\n<ol>\n<li><strong>V\u1eadt li\u1ec7u ch\u1ea5t l\u01b0\u1ee3ng cao<\/strong>:Xi lanh th\u1ee7y l\u1ef1c c\u1ee7a ch\u00fang t\u00f4i \u0111\u01b0\u1ee3c l\u00e0m t\u1eeb v\u1eadt li\u1ec7u ch\u1ea5t l\u01b0\u1ee3ng cao \u0111\u1ec3 \u0111\u1ea3m b\u1ea3o \u0111\u1ed9 b\u1ec1n v\u00e0 \u0111\u1ed9 tin c\u1eady.<\/li>\n<li><strong>T\u00f9y ch\u1ecdn c\u00f3 th\u1ec3 t\u00f9y ch\u1ec9nh<\/strong>:Ch\u00fang t\u00f4i cung c\u1ea5p nhi\u1ec1u t\u00f9y ch\u1ecdn c\u00f3 th\u1ec3 t\u00f9y ch\u1ec9nh \u0111\u1ec3 \u0111\u00e1p \u1ee9ng nhu c\u1ea7u c\u1ee5 th\u1ec3 c\u1ee7a b\u1ea1n, bao g\u1ed3m c\u1ea3 xi lanh lo\u1ea1i ch\u1ed1t c\u00f3 th\u1ec3 \u0111i\u1ec1u ch\u1ec9nh nh\u01b0 b\u00ean d\u01b0\u1edbi.<\/li>\n<li><strong>T\u01b0 v\u1ea5n chuy\u00ean gia<\/strong>: \u0110\u1ed9i ng\u0169 b\u00e1n h\u00e0ng gi\u00e0u kinh nghi\u1ec7m c\u1ee7a ch\u00fang t\u00f4i am hi\u1ec3u xu h\u01b0\u1edbng ph\u00e1t tri\u1ec3n v\u00e0 nhu c\u1ea7u c\u1ee7a kh\u00e1ch h\u00e0ng trong ng\u00e0nh m\u00e1y m\u00f3c x\u00e2y d\u1ef1ng. H\u1ecd c\u00f3 th\u1ec3 t\u01b0 v\u1ea5n s\u1ea3n ph\u1ea9m chuy\u00ean nghi\u1ec7p v\u00e0 \u0111\u01b0a ra nh\u1eefng g\u1ee3i \u00fd mua h\u00e0ng th\u00f4ng minh.<\/li>\n<li><strong>H\u1ec7 th\u1ed1ng ph\u00e2n ph\u1ed1i h\u1eadu c\u1ea7n hi\u1ec7u qu\u1ea3<\/strong>:Ch\u00fang t\u00f4i c\u00f3 h\u1ec7 th\u1ed1ng ph\u00e2n ph\u1ed1i h\u1eadu c\u1ea7n hi\u1ec7u qu\u1ea3 \u0111\u1ec3 \u0111\u1ea3m b\u1ea3o kh\u00e1ch h\u00e0ng nh\u1eadn \u0111\u01b0\u1ee3c c\u00e1c b\u1ed9 ph\u1eadn c\u1ea7n thi\u1ebft m\u1ed9t c\u00e1ch k\u1ecbp th\u1eddi v\u00e0 ch\u00ednh x\u00e1c.<\/li>\n<li><strong>Ti\u00eau chu\u1ea9n ch\u1ea5t l\u01b0\u1ee3ng nghi\u00eam ng\u1eb7t<\/strong>:B\u1eb1ng c\u00e1ch thi\u1ebft l\u1eadp m\u1ed1i quan h\u1ec7 h\u1ee3p t\u00e1c l\u00e2u d\u00e0i v\u00e0 \u1ed5n \u0111\u1ecbnh v\u1edbi nhi\u1ec1u nh\u00e0 cung c\u1ea5p ch\u1ea5t l\u01b0\u1ee3ng cao trong v\u00e0 ngo\u00e0i n\u01b0\u1edbc, ch\u00fang t\u00f4i \u0111\u1ea3m b\u1ea3o r\u1eb1ng t\u1ea5t c\u1ea3 c\u00e1c b\u1ed9 ph\u1eadn \u0111\u01b0\u1ee3c cung c\u1ea5p \u0111\u1ec1u \u0111\u00e1p \u1ee9ng c\u00e1c ti\u00eau chu\u1ea9n ch\u1ea5t l\u01b0\u1ee3ng nghi\u00eam ng\u1eb7t.<\/li>\n<\/ol>\n<p>H\u00e3y ch\u1ecdn FMP cho nhu c\u1ea7u xi lanh th\u1ee7y l\u1ef1c c\u1ee7a b\u1ea1n v\u00e0 tr\u1ea3i nghi\u1ec7m s\u1ef1 kh\u00e1c bi\u1ec7t v\u1ec1 ch\u1ea5t l\u01b0\u1ee3ng v\u00e0 d\u1ecbch v\u1ee5.<\/p>\n<p><img decoding=\"async\" src=\"https:\/\/fmp-components.com\/wp-content\/uploads\/2024\/12\/Adjustable-Clevis-Type-Cylinders-6.webp\" alt=\"Xi lanh lo\u1ea1i Clevis c\u00f3 th\u1ec3 \u0111i\u1ec1u ch\u1ec9nh\" width=\"809\" title=\"\"><\/p>\n<h2>Nh\u1eefng c\u00e2u h\u1ecfi th\u01b0\u1eddng g\u1eb7p<\/h2>\n<h3>Q: B\u1ea1n l\u00e0 c\u00f4ng ty th\u01b0\u01a1ng m\u1ea1i hay nh\u00e0 s\u1ea3n xu\u1ea5t?<\/h3>\n<p>A: Ch\u00fang t\u00f4i l\u00e0 m\u1ed9t nh\u00e0 m\u00e1y. T\u1ea5t c\u1ea3 s\u1ea3n ph\u1ea9m c\u1ee7a ch\u00fang t\u00f4i \u0111\u1ec1u \u0111\u01b0\u1ee3c s\u1ea3n xu\u1ea5t t\u1ea1i ch\u1ed7, \u0111\u1ea3m b\u1ea3o ch\u1ea5t l\u01b0\u1ee3ng v\u00e0 \u0111\u1ed9 tin c\u1eady.<\/p>\n<h3>Q: Th\u1eddi gian giao h\u00e0ng c\u1ee7a b\u1ea1n l\u00e0 bao l\u00e2u?<\/h3>\n<p>A: Th\u1eddi gian giao h\u00e0ng ti\u00eau chu\u1ea9n c\u1ee7a ch\u00fang t\u00f4i l\u00e0 25-35 ng\u00e0y. Tuy nhi\u00ean, th\u1eddi gian n\u00e0y c\u00f3 th\u1ec3 thay \u0111\u1ed5i t\u00f9y theo s\u1ea3n ph\u1ea9m v\u00e0 s\u1ed1 l\u01b0\u1ee3ng \u0111\u1eb7t h\u00e0ng.<\/p>\n<h3>Q: B\u1ea1n c\u00f3 cung c\u1ea5p m\u1eabu kh\u00f4ng?<\/h3>\n<p>A: C\u00f3, ch\u00fang t\u00f4i c\u00f3 cung c\u1ea5p m\u1eabu d\u00f9ng th\u1eed, nh\u01b0ng kh\u00f4ng mi\u1ec5n ph\u00ed. Ch\u00fang t\u00f4i tin t\u01b0\u1edfng v\u00e0o ch\u1ea5t l\u01b0\u1ee3ng s\u1ea3n ph\u1ea9m c\u1ee7a m\u00ecnh v\u00e0 ch\u1eafc ch\u1eafn b\u1ea1n c\u0169ng s\u1ebd tin t\u01b0\u1edfng sau khi d\u00f9ng th\u1eed.<\/p>\n<p>T\u00e1c gi\u1ea3: CX<\/p>","protected":false},"excerpt":{"rendered":"<p>Premium Quality Mini Two Way Hydraulic Piston Cylinder for Snow Plow The Premium Quality Mini Two Way Hydraulic Piston Cylinder for Snow Plow is an essential tool for all snow plowing needs. This high-quality hydraulic cylinder is specially designed to provide excellent performance in harsh winter conditions. Made from premium quality materials, this hydraulic cylinder [&hellip;]<\/p>","protected":false},"featured_media":1463,"comment_status":"closed","ping_status":"closed","template":"","meta":{"_et_pb_use_builder":"","_et_pb_old_content":"","_et_gb_content_width":""},"product_brand":[],"product_cat":[42],"product_tag":[34,44],"class_list":{"0":"post-1462","1":"product","2":"type-product","3":"status-publish","4":"has-post-thumbnail","6":"product_cat-snow-plow-hydraulic-cylinder","7":"product_tag-hydraulic-cylinder","8":"product_tag-snow-plow-hydraulic-cylinder","10":"first","11":"instock","12":"product-type-simple"},"_links":{"self":[{"href":"https:\/\/fmp-components.com\/vi\/wp-json\/wp\/v2\/product\/1462","targetHints":{"allow":["GET"]}}],"collection":[{"href":"https:\/\/fmp-components.com\/vi\/wp-json\/wp\/v2\/product"}],"about":[{"href":"https:\/\/fmp-components.com\/vi\/wp-json\/wp\/v2\/types\/product"}],"replies":[{"embeddable":true,"href":"https:\/\/fmp-components.com\/vi\/wp-json\/wp\/v2\/comments?post=1462"}],"wp:featuredmedia":[{"embeddable":true,"href":"https:\/\/fmp-components.com\/vi\/wp-json\/wp\/v2\/media\/1463"}],"wp:attachment":[{"href":"https:\/\/fmp-components.com\/vi\/wp-json\/wp\/v2\/media?parent=1462"}],"wp:term":[{"taxonomy":"product_brand","embeddable":true,"href":"https:\/\/fmp-components.com\/vi\/wp-json\/wp\/v2\/product_brand?post=1462"},{"taxonomy":"product_cat","embeddable":true,"href":"https:\/\/fmp-components.com\/vi\/wp-json\/wp\/v2\/product_cat?post=1462"},{"taxonomy":"product_tag","embeddable":true,"href":"https:\/\/fmp-components.com\/vi\/wp-json\/wp\/v2\/product_tag?post=1462"}],"curies":[{"name":"wp","href":"https:\/\/api.w.org\/{rel}","templated":true}]}}