{"id":1460,"date":"2024-12-23T05:49:26","date_gmt":"2024-12-23T05:49:26","guid":{"rendered":"https:\/\/fmp-components.com\/product\/guaranteed-quality-hydraulic-piston-cylinder-welded-snow-plow-hydraulic-cylinder\/"},"modified":"2024-12-23T06:43:05","modified_gmt":"2024-12-23T06:43:05","slug":"guaranteed-quality-hydraulic-piston-cylinder-welded-snow-plow-hydraulic-cylinder","status":"publish","type":"product","link":"https:\/\/fmp-components.com\/vi\/product\/guaranteed-quality-hydraulic-piston-cylinder-welded-snow-plow-hydraulic-cylinder\/","title":{"rendered":"Xi lanh th\u1ee7y l\u1ef1c piston h\u00e0n ch\u1ea5t l\u01b0\u1ee3ng \u0111\u1ea3m b\u1ea3o xi lanh th\u1ee7y l\u1ef1c c\u00e0y tuy\u1ebft"},"content":{"rendered":"<h2>Xi lanh th\u1ee7y l\u1ef1c piston h\u00e0n ch\u1ea5t l\u01b0\u1ee3ng \u0111\u1ea3m b\u1ea3o xi lanh th\u1ee7y l\u1ef1c c\u00e0y tuy\u1ebft<\/h2>\n<p>Gi\u1edbi thi\u1ec7u Xi lanh th\u1ee7y l\u1ef1c h\u00e0n ch\u1ea5t l\u01b0\u1ee3ng \u0111\u1ea3m b\u1ea3o d\u00e0nh cho m\u00e1y c\u00e0y tuy\u1ebft:<\/p>\n<p>Xi lanh th\u1ee7y l\u1ef1c h\u00e0n ch\u1ea5t l\u01b0\u1ee3ng \u0111\u1ea3m b\u1ea3o d\u00e0nh cho m\u00e1y c\u00e0y tuy\u1ebft l\u00e0 s\u1ea3n ph\u1ea9m hi\u1ec7u su\u1ea5t cao \u0111\u01b0\u1ee3c thi\u1ebft k\u1ebf \u0111\u1eb7c bi\u1ec7t cho m\u00e1y c\u00e0y tuy\u1ebft. \u0110\u01b0\u1ee3c ch\u1ebf t\u1ea1o ch\u00ednh x\u00e1c, xi lanh th\u1ee7y l\u1ef1c n\u00e0y \u0111\u1ea3m b\u1ea3o \u0111\u1ed9 b\u1ec1n v\u00e0 \u0111\u1ed9 tin c\u1eady v\u01b0\u1ee3t tr\u1ed9i.<\/p>\n<p>V\u1edbi k\u1ebft c\u1ea5u h\u00e0n ch\u1eafc ch\u1eafn, xi lanh n\u00e0y c\u00f3 \u0111\u1ed9 b\u1ec1n v\u00e0 kh\u1ea3 n\u0103ng ch\u1ed1ng ch\u1ecbu v\u01b0\u1ee3t tr\u1ed9i tr\u01b0\u1edbc t\u1ea3i tr\u1ecdng n\u1eb7ng v\u00e0 \u0111i\u1ec1u ki\u1ec7n th\u1eddi ti\u1ebft kh\u1eafc nghi\u1ec7t. N\u00f3 \u0111\u1ea3m b\u1ea3o ho\u1ea1t \u0111\u1ed9ng tr\u01a1n tru v\u00e0 \u0111i\u1ec1u khi\u1ec3n ch\u00ednh x\u00e1c, cho ph\u00e9p lo\u1ea1i b\u1ecf tuy\u1ebft m\u1ed9t c\u00e1ch hi\u1ec7u qu\u1ea3 v\u00e0 tri\u1ec7t \u0111\u1ec3.<\/p>\n<p>Piston th\u1ee7y l\u1ef1c trong xi lanh n\u00e0y t\u1ea1o ra l\u1ef1c m\u1ea1nh m\u1ebd, cho ph\u00e9p m\u00e1y c\u00e0y tuy\u1ebft x\u1eed l\u00fd ngay c\u1ea3 nh\u1eefng \u0111i\u1ec1u ki\u1ec7n kh\u00f3 kh\u0103n nh\u1ea5t. Thi\u1ebft k\u1ebf ti\u00ean ti\u1ebfn c\u1ee7a n\u00f3 \u0111\u1ea3m b\u1ea3o hi\u1ec7u su\u1ea5t t\u1ed1i \u01b0u v\u00e0 tu\u1ed5i th\u1ecd cao, khi\u1ebfn n\u00f3 tr\u1edf th\u00e0nh l\u1ef1a ch\u1ecdn \u0111\u00e1ng tin c\u1eady cho c\u00e1c chuy\u00ean gia d\u1ecdn tuy\u1ebft.<\/p>\n<p><img decoding=\"async\" title=\"Xi lanh th\u1ee7y l\u1ef1c m\u00e1y c\u00e0y tuy\u1ebft\" src=\"https:\/\/hzpt.com\/wp-content\/uploads\/2023\/11\/Snow-Plow-Hydraulic-Cylinder-2.webp\" alt=\"Xi lanh th\u1ee7y l\u1ef1c m\u00e1y c\u00e0y tuy\u1ebft\" \/><\/p>\n<p>Xi lanh th\u1ee7y l\u1ef1c n\u00e0y kh\u00f4ng ch\u1ec9 v\u01b0\u1ee3t tr\u1ed9i v\u1ec1 hi\u1ec7u su\u1ea5t m\u00e0 c\u00f2n \u01b0u ti\u00ean s\u1ef1 an to\u00e0n. N\u00f3 \u0111\u01b0\u1ee3c ch\u1ebf t\u1ea1o theo c\u00e1c ti\u00eau chu\u1ea9n ch\u1ea5t l\u01b0\u1ee3ng nghi\u00eam ng\u1eb7t \u0111\u1ec3 \u0111\u1ea3m b\u1ea3o ho\u1ea1t \u0111\u1ed9ng \u0111\u00e1ng tin c\u1eady v\u00e0 ng\u0103n ng\u1eeba m\u1ecdi nguy hi\u1ec3m ti\u1ec1m \u1ea9n.<\/p>\n<p>Xi lanh th\u1ee7y l\u1ef1c h\u00e0n ch\u1ea5t l\u01b0\u1ee3ng \u0111\u1ea3m b\u1ea3o d\u00e0nh cho m\u00e1y c\u00e0y tuy\u1ebft l\u00e0 s\u1ef1 l\u1ef1a ch\u1ecdn h\u00e0ng \u0111\u1ea7u cho nh\u1eefng ai \u0111ang t\u00ecm ki\u1ebfm gi\u1ea3i ph\u00e1p \u0111\u00e1ng tin c\u1eady v\u00e0 ch\u1ea5t l\u01b0\u1ee3ng cao cho thi\u1ebft b\u1ecb c\u00e0y tuy\u1ebft c\u1ee7a h\u1ecd. Hi\u1ec7u su\u1ea5t v\u00e0 \u0111\u1ed9 b\u1ec1n v\u01b0\u1ee3t tr\u1ed9i c\u1ee7a n\u00f3 l\u00e0m cho n\u00f3 tr\u1edf th\u00e0nh m\u1ed9t b\u1ed9 ph\u1eadn thi\u1ebft y\u1ebfu cho c\u00e1c ho\u1ea1t \u0111\u1ed9ng d\u1ecdn tuy\u1ebft hi\u1ec7u qu\u1ea3 v\u00e0 th\u00e0nh c\u00f4ng.<\/p>\n<h2>Gi\u1edbi thi\u1ec7u Xi lanh th\u1ee7y l\u1ef1c piston h\u00e0n cho m\u00e1y c\u00e0y tuy\u1ebft<\/h2>\n<p>Gi\u1edbi thi\u1ec7u Xi lanh th\u1ee7y l\u1ef1c h\u00e0n cho m\u00e1y c\u00e0y tuy\u1ebft \u2013 s\u1ea3n ph\u1ea9m m\u1edbi nh\u1ea5t trong th\u1ebf gi\u1edbi h\u1ec7 th\u1ed1ng th\u1ee7y l\u1ef1c. S\u1ea3n ph\u1ea9m cao c\u1ea5p n\u00e0y \u0111\u1ea3m b\u1ea3o ch\u1ea5t l\u01b0\u1ee3ng, \u0111\u1ed9 b\u1ec1n v\u00e0 hi\u1ec7u qu\u1ea3, t\u1ea1o n\u00ean b\u01b0\u1edbc \u0111\u1ed9t ph\u00e1 trong ng\u00e0nh c\u00f4ng nghi\u1ec7p xi lanh th\u1ee7y l\u1ef1c.<\/p>\n<h2>T\u00ednh n\u0103ng s\u1ea3n ph\u1ea9m v\u00e0 b\u1ea3o tr\u00ec<\/h2>\n<p>Xi lanh piston th\u1ee7y l\u1ef1c \u0111\u01b0\u1ee3c thi\u1ebft k\u1ebf v\u1edbi ch\u1ea5t l\u01b0\u1ee3ng v\u01b0\u1ee3t tr\u1ed9i. \u0110\u00e2y l\u00e0 lo\u1ea1i xi lanh piston ti\u00eau chu\u1ea9n v\u1edbi th\u00e2n l\u00e0m b\u1eb1ng th\u00e9p, c\u00f3 kh\u1ea3 n\u0103ng ch\u1ed1ng m\u00e0i m\u00f2n cao, \u0111\u1ea3m b\u1ea3o tu\u1ed5i th\u1ecd l\u00e2u d\u00e0i. N\u00f3 cung c\u1ea5p l\u1ef1c \u0111\u1ea9y t\u1ed1i \u0111a 3000 v\u00e0 l\u1ef1c k\u00e9o t\u1ed1i \u0111a 20 t\u1ea5n, r\u1ea5t ph\u00f9 h\u1ee3p cho c\u00e1c c\u00f4ng vi\u1ec7c n\u1eb7ng nh\u1ecdc nh\u01b0 d\u1ecdn tuy\u1ebft.<\/p>\n<p>Xi lanh th\u1ee7y l\u1ef1c m\u1ea1nh m\u1ebd n\u00e0y r\u1ea5t \u0111a n\u0103ng v\u00e0 c\u00f3 th\u1ec3 th\u00edch \u1ee9ng v\u1edbi nhi\u1ec1u \u1ee9ng d\u1ee5ng kh\u00e1c nhau, v\u1edbi \u0111\u01b0\u1eddng k\u00ednh l\u1ed7 t\u1eeb 2-6 inch, \u0111\u01b0\u1eddng k\u00ednh c\u1ea7n piston t\u1eeb 1,125-4 inch, h\u00e0nh tr\u00ecnh t\u1eeb 4-100 inch v\u00e0 \u0111\u01b0\u1eddng k\u00ednh ch\u1ed1t t\u1eeb 0,5-2 inch. M\u00e0u \u0111en c\u1ee7a n\u00f3 mang l\u1ea1i v\u1ebb ngo\u00e0i b\u00f3ng b\u1ea9y v\u00e0 chuy\u00ean nghi\u1ec7p.<\/p>\n<p>Vi\u1ec7c b\u1ea3o tr\u00ec xi lanh th\u1ee7y l\u1ef1c n\u00e0y kh\u00e1 \u0111\u01a1n gi\u1ea3n. S\u1ea3n ph\u1ea9m \u0111\u01b0\u1ee3c b\u1ea3o h\u00e0nh 1 n\u0103m cho c\u00e1c b\u1ed9 ph\u1eadn c\u1ed1t l\u00f5i nh\u01b0 v\u00f2ng bi v\u00e0 ch\u00ednh xi lanh th\u1ee7y l\u1ef1c. Vi\u1ec7c ki\u1ec3m tra th\u01b0\u1eddng xuy\u00ean v\u00e0 thay th\u1ebf k\u1ecbp th\u1eddi c\u00e1c b\u1ed9 ph\u1eadn c\u1ed1t l\u00f5i n\u00e0y s\u1ebd \u0111\u1ea3m b\u1ea3o hi\u1ec7u su\u1ea5t ho\u1ea1t \u0111\u1ed9ng t\u1ed1i \u01b0u c\u1ee7a s\u1ea3n ph\u1ea9m theo th\u1eddi gian.<\/p>\n<p><img decoding=\"async\" src=\"https:\/\/hzpt.com\/wp-content\/uploads\/2023\/11\/Snow-Plow-Hydraulic-Cylinder-4Factory.webp\" alt=\"H\u00ecnh \u1ea3nh nh\u00e0 m\u00e1y\" title=\"\"><\/p>\n<h2>\u01afu \u0111i\u1ec3m c\u1ee7a xi lanh lo\u1ea1i ch\u1ed1t c\u00f3 th\u1ec3 \u0111i\u1ec1u ch\u1ec9nh<\/h2>\n<p>C\u00e1c lo\u1ea1i xi lanh \u0111i\u1ec1u ch\u1ec9nh ki\u1ec3u c\u00e0ng cua, ch\u1eb3ng h\u1ea1n nh\u01b0 Xi lanh th\u1ee7y l\u1ef1c piston h\u00e0n ch\u1ea5t l\u01b0\u1ee3ng \u0111\u1ea3m b\u1ea3o d\u00f9ng cho m\u00e1y c\u00e0y tuy\u1ebft, mang l\u1ea1i m\u1ed9t s\u1ed1 \u01b0u \u0111i\u1ec3m ri\u00eang bi\u1ec7t trong nhi\u1ec1u \u1ee9ng d\u1ee5ng kh\u00e1c nhau. Nh\u1eefng xi lanh n\u00e0y \u0111\u01b0\u1ee3c thi\u1ebft k\u1ebf v\u1edbi \u0111\u1ed9 ch\u00ednh x\u00e1c v\u00e0 chuy\u00ean m\u00f4n cao \u0111\u1ec3 mang l\u1ea1i hi\u1ec7u su\u1ea5t v\u00e0 \u0111\u1ed9 tin c\u1eady t\u1ed1i \u01b0u. Trong b\u00e0i vi\u1ebft n\u00e0y, ch\u00fang ta s\u1ebd t\u00ecm hi\u1ec3u chi ti\u1ebft v\u1ec1 c\u00e1c t\u00ednh n\u0103ng v\u00e0 l\u1ee3i \u00edch \u0111\u1ed9c \u0111\u00e1o c\u1ee7a xi lanh \u0111i\u1ec1u ch\u1ec9nh ki\u1ec3u c\u00e0ng cua.<\/p>\n<p><strong>1. T\u0103ng c\u01b0\u1eddng t\u00ednh linh ho\u1ea1t v\u00e0 kh\u1ea3 n\u0103ng th\u00edch \u1ee9ng<\/strong><\/p>\n<p>M\u1ed9t trong nh\u1eefng \u01b0u \u0111i\u1ec3m ch\u00ednh c\u1ee7a xi lanh ki\u1ec3u c\u00e0ng n\u1ed1i \u0111i\u1ec1u ch\u1ec9nh \u0111\u01b0\u1ee3c l\u00e0 kh\u1ea3 n\u0103ng mang l\u1ea1i s\u1ef1 linh ho\u1ea1t v\u00e0 kh\u1ea3 n\u0103ng th\u00edch \u1ee9ng cao trong c\u00e1c \u0111i\u1ec1u ki\u1ec7n v\u1eadn h\u00e0nh kh\u00e1c nhau. C\u00e1c xi lanh n\u00e0y \u0111\u01b0\u1ee3c thi\u1ebft k\u1ebf v\u1edbi c\u00e1c gi\u00e1 \u0111\u1ee1 c\u00e0ng n\u1ed1i \u0111i\u1ec1u ch\u1ec9nh \u0111\u01b0\u1ee3c, cho ph\u00e9p d\u1ec5 d\u00e0ng t\u00f9y ch\u1ec9nh v\u00e0 \u0111i\u1ec1u ch\u1ec9nh theo c\u00e1c y\u00eau c\u1ea7u c\u1ee5 th\u1ec3. T\u00ednh n\u0103ng n\u00e0y cho ph\u00e9p c\u00e1c xi lanh d\u1ec5 d\u00e0ng t\u00edch h\u1ee3p v\u00e0o nhi\u1ec1u h\u1ec7 th\u1ed1ng kh\u00e1c nhau, l\u00e0m cho ch\u00fang tr\u1edf n\u00ean r\u1ea5t \u0111a n\u0103ng v\u00e0 hi\u1ec7u qu\u1ea3.<\/p>\n<p><strong>2. Kh\u1ea3 n\u0103ng ch\u1ecbu t\u1ea3i t\u1ed1i \u01b0u<\/strong><\/p>\n<p>Xi lanh th\u1ee7y l\u1ef1c h\u00e0n ch\u1ea5t l\u01b0\u1ee3ng \u0111\u1ea3m b\u1ea3o d\u00e0nh cho m\u00e1y c\u00e0y tuy\u1ebft \u0111\u01b0\u1ee3c thi\u1ebft k\u1ebf \u0111\u1ec3 mang l\u1ea1i kh\u1ea3 n\u0103ng ch\u1ecbu t\u1ea3i v\u01b0\u1ee3t tr\u1ed9i. V\u1edbi c\u1ea5u tr\u00fac ch\u1eafc ch\u1eafn v\u00e0 c\u00f4ng ngh\u1ec7 th\u1ee7y l\u1ef1c ti\u00ean ti\u1ebfn, xi lanh n\u00e0y c\u00f3 th\u1ec3 x\u1eed l\u00fd hi\u1ec7u qu\u1ea3 c\u00e1c t\u1ea3i tr\u1ecdng n\u1eb7ng m\u1ed9t c\u00e1ch d\u1ec5 d\u00e0ng. Cho d\u00f9 \u0111\u01b0\u1ee3c s\u1eed d\u1ee5ng trong m\u00e1y c\u00e0y tuy\u1ebft hay c\u00e1c lo\u1ea1i m\u00e1y m\u00f3c h\u1ea1ng n\u1eb7ng kh\u00e1c, xi lanh n\u00e0y \u0111\u01b0\u1ee3c thi\u1ebft k\u1ebf \u0111\u1ec3 ch\u1ecbu \u0111\u01b0\u1ee3c \u00e1p su\u1ea5t cao v\u00e0 mang l\u1ea1i hi\u1ec7u su\u1ea5t \u0111\u00e1ng tin c\u1eady ngay c\u1ea3 trong \u0111i\u1ec1u ki\u1ec7n kh\u1eafc nghi\u1ec7t.<\/p>\n<p><img decoding=\"async\" title=\"Xi lanh th\u1ee7y l\u1ef1c m\u00e1y c\u00e0y tuy\u1ebft\" src=\"https:\/\/hzpt.com\/wp-content\/uploads\/2023\/11\/Snow-Plow-Hydraulic-Cylinder-1.webp\" alt=\"Xi lanh th\u1ee7y l\u1ef1c m\u00e1y c\u00e0y tuy\u1ebft\" \/><\/p>\n<p><strong>3. \u0110i\u1ec1u khi\u1ec3n ch\u00ednh x\u00e1c v\u00e0 v\u1eadn h\u00e0nh m\u01b0\u1ee3t m\u00e0<\/strong><\/p>\n<p>Xi lanh ki\u1ec3u c\u00e0ng n\u1ed1i \u0111i\u1ec1u ch\u1ec9nh \u0111\u01b0\u1ee3c n\u1ed5i ti\u1ebfng v\u1edbi kh\u1ea3 n\u0103ng \u0111i\u1ec1u khi\u1ec3n ch\u00ednh x\u00e1c v\u00e0 v\u1eadn h\u00e0nh tr\u01a1n tru. C\u00e1c xi lanh n\u00e0y \u0111\u01b0\u1ee3c trang b\u1ecb h\u1ec7 th\u1ed1ng th\u1ee7y l\u1ef1c ti\u00ean ti\u1ebfn, \u0111\u1ea3m b\u1ea3o \u0111\u1ecbnh v\u1ecb ch\u00ednh x\u00e1c v\u00e0 chuy\u1ec3n \u0111\u1ed9ng \u0111\u01b0\u1ee3c ki\u1ec3m so\u00e1t. Vi\u1ec7c s\u1eed d\u1ee5ng v\u1eadt li\u1ec7u ch\u1ea5t l\u01b0\u1ee3ng cao v\u00e0 k\u1ef9 thu\u1eadt s\u1ea3n xu\u1ea5t ch\u00ednh x\u00e1c c\u00e0ng n\u00e2ng cao hi\u1ec7u su\u1ea5t t\u1ed5ng th\u1ec3, mang l\u1ea1i ho\u1ea1t \u0111\u1ed9ng tr\u01a1n tru v\u00e0 hi\u1ec7u qu\u1ea3 trong nhi\u1ec1u \u1ee9ng d\u1ee5ng kh\u00e1c nhau.<\/p>\n<p><strong>4. T\u0103ng n\u0103ng su\u1ea5t v\u00e0 hi\u1ec7u qu\u1ea3<\/strong><\/p>\n<p>B\u1eb1ng c\u00e1ch t\u00edch h\u1ee3p c\u00e1c xi lanh ki\u1ec3u c\u00e0ng n\u1ed1i \u0111i\u1ec1u ch\u1ec9nh \u0111\u01b0\u1ee3c, c\u00e1c ng\u00e0nh c\u00f4ng nghi\u1ec7p c\u00f3 th\u1ec3 c\u1ea3i thi\u1ec7n \u0111\u00e1ng k\u1ec3 n\u0103ng su\u1ea5t v\u00e0 hi\u1ec7u qu\u1ea3. C\u00e1c xi lanh n\u00e0y cho ph\u00e9p l\u1eafp \u0111\u1eb7t nhanh ch\u00f3ng v\u00e0 d\u1ec5 d\u00e0ng, gi\u1ea3m th\u1eddi gian ng\u1eebng ho\u1ea1t \u0111\u1ed9ng v\u00e0 t\u1ed1i \u0111a h\u00f3a th\u1eddi gian v\u1eadn h\u00e0nh. Hi\u1ec7u su\u1ea5t \u0111\u00e1ng tin c\u1eady v\u00e0 kh\u1ea3 n\u0103ng th\u00edch \u1ee9ng c\u1ee7a ch\u00fang c\u0169ng g\u00f3p ph\u1ea7n t\u0103ng hi\u1ec7u qu\u1ea3 trong nhi\u1ec1u ho\u1ea1t \u0111\u1ed9ng kh\u00e1c nhau, d\u1eabn \u0111\u1ebfn n\u0103ng su\u1ea5t \u0111\u01b0\u1ee3c c\u1ea3i thi\u1ec7n v\u00e0 ti\u1ebft ki\u1ec7m chi ph\u00ed.<\/p>\n<p><strong>5. \u0110\u1ed9 b\u1ec1n v\u00e0 tu\u1ed5i th\u1ecd<\/strong><\/p>\n<p>Xi lanh th\u1ee7y l\u1ef1c h\u00e0n ch\u1ea5t l\u01b0\u1ee3ng cao d\u00e0nh cho m\u00e1y c\u00e0y tuy\u1ebft \u0111\u01b0\u1ee3c ch\u1ebf t\u1ea1o t\u1eeb v\u1eadt li\u1ec7u ch\u1ea5t l\u01b0\u1ee3ng cao v\u00e0 tr\u1ea3i qua qu\u00e1 tr\u00ecnh ki\u1ec3m tra nghi\u00eam ng\u1eb7t \u0111\u1ec3 \u0111\u1ea3m b\u1ea3o \u0111\u1ed9 b\u1ec1n v\u00e0 tu\u1ed5i th\u1ecd. C\u00e1c xi lanh n\u00e0y \u0111\u01b0\u1ee3c thi\u1ebft k\u1ebf \u0111\u1ec3 ch\u1ecbu \u0111\u01b0\u1ee3c \u0111i\u1ec1u ki\u1ec7n l\u00e0m vi\u1ec7c kh\u1eafc nghi\u1ec7t v\u00e0 t\u1ea3i tr\u1ecdng n\u1eb7ng, gi\u00fap ch\u00fang c\u00f3 \u0111\u1ed9 tin c\u1eady cao v\u00e0 tu\u1ed5i th\u1ecd l\u00e2u d\u00e0i. \u0110\u1ed9 b\u1ec1n n\u00e0y gi\u00fap lo\u1ea1i b\u1ecf nhu c\u1ea7u thay th\u1ebf th\u01b0\u1eddng xuy\u00ean, gi\u1ea3m chi ph\u00ed b\u1ea3o tr\u00ec v\u00e0 t\u0103ng l\u1ee3i nhu\u1eadn t\u1ed5ng th\u1ec3.<\/p>\n<p>T\u00f3m l\u1ea1i, xi lanh ki\u1ec3u c\u00e0ng n\u1ed1i \u0111i\u1ec1u ch\u1ec9nh \u0111\u01b0\u1ee3c, \u0111i\u1ec3n h\u00ecnh l\u00e0 xi lanh th\u1ee7y l\u1ef1c piston h\u00e0n ch\u1ea5t l\u01b0\u1ee3ng \u0111\u1ea3m b\u1ea3o d\u00f9ng cho m\u00e1y c\u00e0y tuy\u1ebft, c\u00f3 r\u1ea5t nhi\u1ec1u \u01b0u \u0111i\u1ec3m. T\u00ednh linh ho\u1ea1t \u0111\u01b0\u1ee3c n\u00e2ng cao, kh\u1ea3 n\u0103ng ch\u1ecbu t\u1ea3i t\u1ed1i \u01b0u, \u0111i\u1ec1u khi\u1ec3n ch\u00ednh x\u00e1c, n\u0103ng su\u1ea5t t\u0103ng cao v\u00e0 \u0111\u1ed9 b\u1ec1n b\u1ec9 khi\u1ebfn ch\u00fang tr\u1edf th\u00e0nh l\u1ef1a ch\u1ecdn l\u00fd t\u01b0\u1edfng cho nhi\u1ec1u ng\u00e0nh c\u00f4ng nghi\u1ec7p. Vi\u1ec7c t\u00edch h\u1ee3p c\u00e1c xi lanh n\u00e0y v\u00e0o c\u00e1c h\u1ec7 th\u1ed1ng kh\u00e1c nhau c\u00f3 th\u1ec3 d\u1eabn \u0111\u1ebfn hi\u1ec7u su\u1ea5t, hi\u1ec7u qu\u1ea3 v\u00e0 ti\u1ebft ki\u1ec7m chi ph\u00ed \u0111\u01b0\u1ee3c c\u1ea3i thi\u1ec7n. H\u00e3y ch\u1ecdn xi lanh ki\u1ec3u c\u00e0ng n\u1ed1i \u0111i\u1ec1u ch\u1ec9nh \u0111\u01b0\u1ee3c cho nhu c\u1ea7u th\u1ee7y l\u1ef1c c\u1ee7a b\u1ea1n v\u00e0 tr\u1ea3i nghi\u1ec7m nh\u1eefng l\u1ee3i \u00edch tr\u1ef1c ti\u1ebfp.<\/p>\n<h3>Gi\u1edbi thi\u1ec7u v\u1ec1 FMP<\/h3>\n<p><img decoding=\"async\" src=\"https:\/\/fmp-components.com\/wp-content\/uploads\/2024\/12\/Adjustable-Clevis-Type-Cylinders-6.webp\" alt=\"Xi lanh lo\u1ea1i Clevis c\u00f3 th\u1ec3 \u0111i\u1ec1u ch\u1ec9nh\" width=\"808\" title=\"\"><\/p>\n<p>FMP l\u00e0 c\u00f4ng ty h\u00e0ng \u0111\u1ea7u chuy\u00ean s\u1ea3n xu\u1ea5t v\u00e0 kinh doanh xi lanh th\u1ee7y l\u1ef1c. V\u1edbi nhi\u1ec1u n\u0103m kinh nghi\u1ec7m trong ng\u00e0nh v\u00e0 \u0111\u1ed9i ng\u0169 chuy\u00ean nghi\u1ec7p, ch\u00fang t\u00f4i cam k\u1ebft cung c\u1ea5p cho kh\u00e1ch h\u00e0ng nh\u1eefng xi lanh th\u1ee7y l\u1ef1c ch\u1ea5t l\u01b0\u1ee3ng cao v\u00e0 \u0111\u00e1ng tin c\u1eady cho nhi\u1ec1u \u1ee9ng d\u1ee5ng kh\u00e1c nhau trong ng\u00e0nh m\u00e1y m\u00f3c x\u00e2y d\u1ef1ng.<\/p>\n<p>1. \u0110a d\u1ea1ng s\u1ea3n ph\u1ea9m: Ch\u00fang t\u00f4i cung c\u1ea5p \u0111a d\u1ea1ng c\u00e1c lo\u1ea1i xi lanh th\u1ee7y l\u1ef1c, bao g\u1ed3m xi lanh ki\u1ec3u ch\u1ed1t \u0111i\u1ec1u ch\u1ec9nh, xi lanh \u1ed1ng l\u1ed3ng, xi lanh h\u00e0n, xi lanh thanh gi\u1eb1ng, v.v. D\u00f9 nhu c\u1ea7u c\u1ee5 th\u1ec3 c\u1ee7a b\u1ea1n l\u00e0 g\u00ec, ch\u00fang t\u00f4i \u0111\u1ec1u c\u00f3 gi\u1ea3i ph\u00e1p xi lanh th\u1ee7y l\u1ef1c ph\u00f9 h\u1ee3p.<\/p>\n<p>2. Ch\u1ea5t l\u01b0\u1ee3ng v\u01b0\u1ee3t tr\u1ed9i: T\u1ea1i FMP, ch\u00fang t\u00f4i \u01b0u ti\u00ean ch\u1ea5t l\u01b0\u1ee3ng v\u00e0 \u0111\u1ea3m b\u1ea3o t\u1ea5t c\u1ea3 xi lanh th\u1ee7y l\u1ef1c c\u1ee7a ch\u00fang t\u00f4i \u0111\u1ec1u \u0111\u00e1p \u1ee9ng c\u00e1c ti\u00eau chu\u1ea9n ch\u1ea5t l\u01b0\u1ee3ng nghi\u00eam ng\u1eb7t. Ch\u00fang t\u00f4i \u0111\u00e3 thi\u1ebft l\u1eadp m\u1ed1i quan h\u1ec7 l\u00e2u d\u00e0i v\u00e0 \u1ed5n \u0111\u1ecbnh v\u1edbi c\u00e1c nh\u00e0 cung c\u1ea5p ch\u1ea5t l\u01b0\u1ee3ng cao, c\u1ea3 trong n\u01b0\u1edbc v\u00e0 qu\u1ed1c t\u1ebf, \u0111\u1ec3 \u0111\u1ea3m b\u1ea3o \u0111\u1ed9 b\u1ec1n v\u00e0 hi\u1ec7u su\u1ea5t c\u1ee7a s\u1ea3n ph\u1ea9m.<\/p>\n<p>3. \u0110\u1ed9i ng\u0169 b\u00e1n h\u00e0ng chuy\u00ean nghi\u1ec7p: \u0110\u1ed9i ng\u0169 b\u00e1n h\u00e0ng gi\u00e0u kinh nghi\u1ec7m v\u00e0 k\u1ef9 n\u0103ng c\u1ee7a ch\u00fang t\u00f4i am hi\u1ec3u c\u00e1c xu h\u01b0\u1edbng m\u1edbi nh\u1ea5t trong ng\u00e0nh v\u00e0 nhu c\u1ea7u c\u1ee7a kh\u00e1ch h\u00e0ng. H\u1ecd s\u1eb5n s\u00e0ng t\u01b0 v\u1ea5n s\u1ea3n ph\u1ea9m chuy\u00ean nghi\u1ec7p v\u00e0 \u0111\u01b0a ra nh\u1eefng g\u1ee3i \u00fd mua h\u00e0ng th\u00f4ng minh, \u0111\u1ea3m b\u1ea3o b\u1ea1n \u0111\u01b0a ra l\u1ef1a ch\u1ecdn t\u1ed1t nh\u1ea5t cho nhu c\u1ea7u m\u00e1y m\u00f3c x\u00e2y d\u1ef1ng c\u1ee7a m\u00ecnh.<\/p>\n<p>4. H\u1ec7 th\u1ed1ng ph\u00e2n ph\u1ed1i h\u1eadu c\u1ea7n hi\u1ec7u qu\u1ea3: Ch\u00fang t\u00f4i hi\u1ec3u t\u1ea7m quan tr\u1ecdng c\u1ee7a vi\u1ec7c giao h\u00e0ng \u0111\u00fang h\u1ea1n. V\u1edbi h\u1ec7 th\u1ed1ng ph\u00e2n ph\u1ed1i h\u1eadu c\u1ea7n hi\u1ec7u qu\u1ea3, ch\u00fang t\u00f4i \u0111\u1ea3m b\u1ea3o kh\u00e1ch h\u00e0ng nh\u1eadn \u0111\u01b0\u1ee3c xi lanh th\u1ee7y l\u1ef1c c\u1ea7n thi\u1ebft m\u1ed9t c\u00e1ch k\u1ecbp th\u1eddi v\u00e0 ch\u00ednh x\u00e1c. Qu\u00fd kh\u00e1ch c\u00f3 th\u1ec3 tin t\u01b0\u1edfng v\u00e0o d\u1ecbch v\u1ee5 nhanh ch\u00f3ng v\u00e0 \u0111\u00e1ng tin c\u1eady c\u1ee7a ch\u00fang t\u00f4i.<\/p>\n<p>5. Gi\u1ea3i ph\u00e1p t\u00f9y ch\u1ec9nh: Ch\u00fang t\u00f4i hi\u1ec3u r\u1eb1ng m\u1ed7i d\u1ef1 \u00e1n m\u00e1y m\u00f3c x\u00e2y d\u1ef1ng \u0111\u1ec1u c\u00f3 \u0111\u1eb7c th\u00f9 ri\u00eang. \u0110\u00f3 l\u00e0 l\u00fd do t\u1ea1i sao ch\u00fang t\u00f4i cung c\u1ea5p c\u00e1c gi\u1ea3i ph\u00e1p xi lanh th\u1ee7y l\u1ef1c t\u00f9y ch\u1ec9nh \u0111\u1ec3 \u0111\u00e1p \u1ee9ng c\u00e1c y\u00eau c\u1ea7u c\u1ee5 th\u1ec3 c\u1ee7a b\u1ea1n. Cho d\u00f9 b\u1ea1n c\u1ea7n m\u1ed9t xi lanh v\u1edbi chi\u1ec1u d\u00e0i h\u00e0nh tr\u00ecnh c\u1ee5 th\u1ec3, ki\u1ec3u l\u1eafp \u0111\u1eb7t, hay b\u1ea5t k\u1ef3 t\u00f9y ch\u1ec9nh n\u00e0o kh\u00e1c, ch\u00fang t\u00f4i \u0111\u1ec1u c\u00f3 th\u1ec3 cung c\u1ea5p cho b\u1ea1n c\u00e1c gi\u1ea3i ph\u00e1p ph\u00f9 h\u1ee3p.<\/p>\n<p>H\u1ee3p t\u00e1c v\u1edbi FMP \u0111\u1ed3ng ngh\u0129a v\u1edbi vi\u1ec7c b\u1ea1n c\u00f3 \u0111\u01b0\u1ee3c quy\u1ec1n truy c\u1eadp v\u00e0o c\u00e1c xi lanh th\u1ee7y l\u1ef1c ch\u1ea5t l\u01b0\u1ee3ng cao, \u0111\u1ed9i ng\u0169 b\u00e1n h\u00e0ng gi\u00e0u kinh nghi\u1ec7m, h\u1ec7 th\u1ed1ng h\u1eadu c\u1ea7n hi\u1ec7u qu\u1ea3 v\u00e0 c\u00e1c gi\u1ea3i ph\u00e1p t\u00f9y ch\u1ec9nh. H\u00e3y tin t\u01b0\u1edfng ch\u00fang t\u00f4i s\u1ebd cung c\u1ea5p cho b\u1ea1n nh\u1eefng xi lanh th\u1ee7y l\u1ef1c \u0111\u00e1ng tin c\u1eady v\u00e0 b\u1ec1n b\u1ec9 m\u00e0 b\u1ea1n c\u1ea7n cho c\u00e1c d\u1ef1 \u00e1n m\u00e1y m\u00f3c x\u00e2y d\u1ef1ng c\u1ee7a m\u00ecnh. T\u00e1c gi\u1ea3: CX<\/p>","protected":false},"excerpt":{"rendered":"<p>Guaranteed Quality Hydraulic Piston Cylinder Welded Snow Plow Hydraulic Cylinder Introducing Guaranteed Quality Hydraulic Piston Cylinder Welded Snow Plow Hydraulic Cylinder: The Guaranteed Quality Hydraulic Piston Cylinder Welded Snow Plow Hydraulic Cylinder is a high-performance product designed specifically for snow plows. Crafted with precision, this hydraulic cylinder ensures superior durability and reliability. With its welded [&hellip;]<\/p>","protected":false},"featured_media":1461,"comment_status":"closed","ping_status":"closed","template":"","meta":{"_et_pb_use_builder":"","_et_pb_old_content":"","_et_gb_content_width":""},"product_brand":[],"product_cat":[42],"product_tag":[34,44],"class_list":{"0":"post-1460","1":"product","2":"type-product","3":"status-publish","4":"has-post-thumbnail","6":"product_cat-snow-plow-hydraulic-cylinder","7":"product_tag-hydraulic-cylinder","8":"product_tag-snow-plow-hydraulic-cylinder","10":"first","11":"instock","12":"product-type-simple"},"_links":{"self":[{"href":"https:\/\/fmp-components.com\/vi\/wp-json\/wp\/v2\/product\/1460","targetHints":{"allow":["GET"]}}],"collection":[{"href":"https:\/\/fmp-components.com\/vi\/wp-json\/wp\/v2\/product"}],"about":[{"href":"https:\/\/fmp-components.com\/vi\/wp-json\/wp\/v2\/types\/product"}],"replies":[{"embeddable":true,"href":"https:\/\/fmp-components.com\/vi\/wp-json\/wp\/v2\/comments?post=1460"}],"wp:featuredmedia":[{"embeddable":true,"href":"https:\/\/fmp-components.com\/vi\/wp-json\/wp\/v2\/media\/1461"}],"wp:attachment":[{"href":"https:\/\/fmp-components.com\/vi\/wp-json\/wp\/v2\/media?parent=1460"}],"wp:term":[{"taxonomy":"product_brand","embeddable":true,"href":"https:\/\/fmp-components.com\/vi\/wp-json\/wp\/v2\/product_brand?post=1460"},{"taxonomy":"product_cat","embeddable":true,"href":"https:\/\/fmp-components.com\/vi\/wp-json\/wp\/v2\/product_cat?post=1460"},{"taxonomy":"product_tag","embeddable":true,"href":"https:\/\/fmp-components.com\/vi\/wp-json\/wp\/v2\/product_tag?post=1460"}],"curies":[{"name":"wp","href":"https:\/\/api.w.org\/{rel}","templated":true}]}}